{"id":25421,"date":"2020-10-07T04:36:23","date_gmt":"2020-10-22T23:28:22","guid":{"rendered":"https:\/\/landioustravel.com\/?post_type=product&#038;p=25421"},"modified":"2024-06-27T09:08:21","modified_gmt":"2024-06-27T06:08:21","slug":"delfinshow-reise-sharm-sheikh","status":"publish","type":"product","link":"https:\/\/landioustravel.com\/de\/shop\/delfinshow-reise-sharm-sheikh\/","title":{"rendered":"Delfinshow Reise Sharm El Sheikh"},"content":{"rendered":"<p>Es ist ein beliebter Unterhaltungsausflug zum Dolphinarium in <a href=\"https:\/\/landioustravel.com\/de\/sharm-sheikh-stadt\/\">Sharm El Sheikh<\/a>, <a href=\"https:\/\/landioustravel.com\/de\/agypten\/\">\u00c4gypten<\/a>! Wir empfehlen die Reise, da Touristen jeden Alters die gr\u00f6\u00dfte Sammlung von Meerestieren sehen k\u00f6nnen. Es ist eine perfekte Wahl f\u00fcr Kinder und Erwachsene, sich diesen sch\u00f6nen Meerestieren zu n\u00e4hern und zu beobachten, wie schlau sie sind. Es gibt auch die M\u00f6glichkeit, ein Foto mit ihnen zu machen. ONLINE BUCHUNG DELFINSHOW REISE SHARM EL SHEIKH UND BESTER PREIS!<\/p>\n<h2>H\u00f6hepunkte der Delfinshow Reise Sharm El Sheikh<\/h2>\n<ul>\n<li>Meerestiershow.<\/li>\n<li>Auch ein Foto mit diesen Tieren zur Erinnerung als kostenpflichtige Option.<\/li>\n<\/ul>\n<h3>Programm des Ausfluges zum Delphinarium<\/h3>\n<ul>\n<li>Der Vertreter von <a href=\"https:\/\/landioustravel.com\/de\/kontakte\/\">Landious Travel<\/a> holt Sie gegen 13:00 Uhr von Ihrem Hotel in Sharm El Sheikh ab.<\/li>\n<li>Nachdem alle Ank\u00f6mmlinge abgeholt wurden, f\u00e4hrt der Bus zum Delphinarium. Es dauert ungef\u00e4hr 30 Minuten, um zu einem sch\u00f6nen Ort zu gelangen.<\/li>\n<li>Zu Beginn des Ausflugsprogramms zeigt Ihnen Ihr Reiseleiter, wo und wo Sie im Auditorium sitzen k\u00f6nnen.<\/li>\n<li>Sobald sich alle versammelt haben, beginnt die Show f\u00fcr ungef\u00e4hr eine Stunde. Sie werden eine fantastische S\u00e4ugetiershow genie\u00dfen: Schwarzmeerdelphine, Nordpelzrobben, s\u00fcdamerikanische Seel\u00f6wen und pazifisches Walross.<\/li>\n<li>Mit dem Ende dieser fantastischen Delfinshow beginnt eine Bild-CD-Einweisung. Ihr Trainer bietet Ihnen an, einige Bilder zu machen, um sich diese sch\u00f6nen Momente zu merken. Anschlie\u00dfend erhalten Sie diese Bilder gegen Aufpreis. Der Preis variiert je nach Gr\u00f6\u00dfe. Es wird etwas Optionales sein, es zu haben. Das CD-Briefing dauert 30 Minuten.<\/li>\n<li>Schlie\u00dflich f\u00e4hrt unser Bus nach einer so erstaunlichen Reise zum Delphinarium zur\u00fcck zu Ihren Hotels.<\/li>\n<li>Diese Mammal Family Show in <a href=\"https:\/\/www.google.de\/maps\/place\/Scharm+El-Scheich,+Qesm+Sharm+Ash+Sheikh,+Dschanub+Sina\/@27.946844,34.2787122,12z\/data=!3m1!4b1!4m5!3m4!1s0x14533bca3624d2e3:0xdd987e9c1945fd9c!8m2!3d27.9654198!4d34.3617769\" target=\"_blank\" rel=\"noopener\">Sharm El Sheikh<\/a> endet gegen 15:00 Uhr.<\/li>\n<\/ul>\n<h4>Was beinhaltet der Delfinshow Sharm El Sheikh Preis?<\/h4>\n<ul>\n<li>Transfer zur Dolphin World und zur\u00fcck zum Hotel.<\/li>\n<li>Auch Eintrittskarten.<\/li>\n<\/ul>\n<h5>Was beinhaltet das Dolphin Show Sharm El Sheikh Programm nicht?<\/h5>\n<ul>\n<li>Video DVD.<\/li>\n<li>Auch die Foto-CD.<\/li>\n<\/ul>\n<h6>Was nehmen Sie f\u00fcr die Reise mit?<\/h6>\n<ul>\n<li>Sonnenbrille.<\/li>\n<\/ul>\n<h6>Delfinshow\u00a0 Sharm El Sheikh Buchungstage<\/h6>\n<ul>\n<li>T\u00e4glich von 13:00 bis 15:00 Uhr.<\/li>\n<\/ul>\n","protected":false},"excerpt":{"rendered":"<p>Erleben Sie die umfangreichste Sammlung von Meeress\u00e4ugetieren in \u00c4gypten bei einem Ausflug zum Delphinarium in Sharm El Sheikh. Die Show bietet einen aufregenden Auftritt von Schwarzmeerdelfinen, n\u00f6rdlichen Pelzrobben, s\u00fcdamerikanischen Seel\u00f6wen und pazifischen Walrossen. Im Reisepreis sind Eintrittskarten und Transfers enthalten, was es zu einem stressfreien Abenteuer macht.<\/p>\n<p>Jeder, vom Kind bis zum Erwachsenen, kann eine unvergessliche Stunde lang die gut trainierte Delfinshow genie\u00dfen. Sie werden von den freundlichen und akrobatischen Delfinen im Nahen Osten begeistert sein. Es ist ein Erlebnis, das Ihnen ein L\u00e4cheln ins Gesicht zaubert.<\/p>\n<p>Sobald Sie Ihre Reise best\u00e4tigt haben, erhalten Sie eine Best\u00e4tigungs-E-Mail mit allen Details, einschlie\u00dflich Abholzeit und -ort. Die Abholzeit ist je nach Standort Ihres Hotels gegen 14:00 Uhr. Von Nabq Bay aus sind es nur 30 Minuten und von El Hadaba aus 5 Minuten, um zum Dolphin Park zu gelangen.<\/p>\n<p>Bei Ihrer Ankunft im Dolphin Park wird Sie unser Vertreter herumf\u00fchren und Ihnen die Tickets f\u00fcr die Show geben. Die Show beginnt um 15:00 Uhr und endet um 16:00 Uhr. Nach der Show bietet Ihnen der Delfintrainer die M\u00f6glichkeit, Fotos mit den Delfinen zu machen. Sie k\u00f6nnen die Bilder wahlweise in verschiedenen Gr\u00f6\u00dfen kaufen oder sich die Bilder w\u00e4hrend der gesamten Show kostenlos ansehen. Die Bildanzeige dauert etwa 25 Minuten.<\/p>\n<p>Unser Vertreter erwartet Sie, um Sie nach Ende der Show zur\u00fcck zu Ihrem Hotel zu begleiten. Der Ausflug beinhaltet einen klimatisierten Transport und Eintrittskarten f\u00fcr die Delphinshow. Machen Sie sich bereit f\u00fcr ein unvergessliches Abenteuer!<\/p>\n","protected":false},"featured_media":1374,"comment_status":"open","ping_status":"closed","template":"","meta":{"_coblocks_attr":"","_coblocks_dimensions":"","_coblocks_responsive_height":"","_coblocks_accordion_ie_support":"","_uag_custom_page_level_css":"","jetpack_post_was_ever_published":false,"jetpack_publicize_message":"","jetpack_publicize_feature_enabled":true,"jetpack_social_post_already_shared":true,"jetpack_social_options":{"image_generator_settings":{"template":"highway","default_image_id":0,"font":"","enabled":false},"version":2},"_wpas_customize_per_network":false},"product_brand":[],"product_cat":[1604,19127,23606],"product_tag":[1653,2222,1657],"class_list":{"0":"post-25421","1":"product","2":"type-product","3":"status-publish","4":"has-post-thumbnail","6":"product_cat-ausfluge-sharm-sheikh","7":"product_cat-unterhaltsame-ausfluege-sharm-sheikh","8":"product_cat-tagesausfluege-sharm-sheikh","9":"product_tag-ausflug","10":"product_tag-delphinarium-de","11":"product_tag-sharm-el-sheikh-de","12":"pa_age-erwachsene","13":"pa_age-kind","15":"first","16":"instock","17":"sale","18":"taxable","19":"shipping-taxable","20":"purchasable","21":"product-type-variable"},"yoast_head":"<!-- This site is optimized with the Yoast SEO Premium plugin v26.9 (Yoast SEO v27.3) - https:\/\/yoast.com\/product\/yoast-seo-premium-wordpress\/ -->\n<title>Delfinshow Reise Sharm El Sheikh<\/title>\n<meta name=\"description\" content=\"Delfinshow Reise Sharm El Sheikh Der Ausflug zu \u201eDelfinshow-Reise in Sharm El Sheikh\u201c erm\u00f6glicht es Ihnen, Meeress\u00e4ugetiere zu sehen\" \/>\n<meta name=\"robots\" content=\"index, follow, max-snippet:-1, max-image-preview:large, max-video-preview:-1\" \/>\n<link rel=\"canonical\" href=\"https:\/\/landioustravel.com\/de\/shop\/delfinshow-reise-sharm-sheikh\/\" \/>\n<meta property=\"og:locale\" content=\"de_DE\" \/>\n<meta property=\"og:type\" content=\"article\" \/>\n<meta property=\"og:title\" content=\"Delfinshow Reise Sharm El Sheikh\" \/>\n<meta property=\"og:description\" content=\"Landious Travel\" \/>\n<meta property=\"og:url\" content=\"https:\/\/landioustravel.com\/de\/shop\/delfinshow-reise-sharm-sheikh\/\" \/>\n<meta property=\"og:site_name\" content=\"Landious Travel\" \/>\n<meta property=\"article:publisher\" content=\"https:\/\/web.facebook.com\/landiousEgypt\" \/>\n<meta property=\"article:modified_time\" content=\"2024-06-27T06:08:21+00:00\" \/>\n<meta property=\"og:image\" content=\"https:\/\/i0.wp.com\/landioustravel.com\/wp-content\/uploads\/2019\/01\/Unterhaltungsausfl\u00fcge_in_Hurghada-e1618006977593.jpg?fit=1200%2C675&ssl=1\" \/>\n\t<meta property=\"og:image:width\" content=\"1200\" \/>\n\t<meta property=\"og:image:height\" content=\"675\" \/>\n\t<meta property=\"og:image:type\" content=\"image\/jpeg\" \/>\n<meta name=\"twitter:card\" content=\"summary_large_image\" \/>\n<meta name=\"twitter:site\" content=\"@LandiousTours\" \/>\n<meta name=\"twitter:label1\" content=\"Gesch\u00e4tzte Lesezeit\" \/>\n\t<meta name=\"twitter:data1\" content=\"2\u00a0Minuten\" \/>\n<script type=\"application\/ld+json\" class=\"yoast-schema-graph\">{\"@context\":\"https:\\\/\\\/schema.org\",\"@graph\":[{\"@type\":\"WebPage\",\"@id\":\"https:\\\/\\\/landioustravel.com\\\/de\\\/shop\\\/delfinshow-reise-sharm-sheikh\\\/\",\"url\":\"https:\\\/\\\/landioustravel.com\\\/de\\\/shop\\\/delfinshow-reise-sharm-sheikh\\\/\",\"name\":\"Delfinshow Reise Sharm El Sheikh\",\"isPartOf\":{\"@id\":\"https:\\\/\\\/landioustravel.com\\\/de\\\/#website\"},\"primaryImageOfPage\":{\"@id\":\"https:\\\/\\\/landioustravel.com\\\/de\\\/shop\\\/delfinshow-reise-sharm-sheikh\\\/#primaryimage\"},\"image\":{\"@id\":\"https:\\\/\\\/landioustravel.com\\\/de\\\/shop\\\/delfinshow-reise-sharm-sheikh\\\/#primaryimage\"},\"thumbnailUrl\":\"https:\\\/\\\/i0.wp.com\\\/landioustravel.com\\\/wp-content\\\/uploads\\\/2019\\\/01\\\/Unterhaltungsausfl%C3%BCge_in_Hurghada-e1618006977593.jpg?fit=1200%2C675&ssl=1\",\"datePublished\":\"2020-10-22T23:28:22+00:00\",\"dateModified\":\"2024-06-27T06:08:21+00:00\",\"description\":\"Delfinshow Reise Sharm El Sheikh Der Ausflug zu \u201eDelfinshow-Reise in Sharm El Sheikh\u201c erm\u00f6glicht es Ihnen, Meeress\u00e4ugetiere zu sehen\",\"breadcrumb\":{\"@id\":\"https:\\\/\\\/landioustravel.com\\\/de\\\/shop\\\/delfinshow-reise-sharm-sheikh\\\/#breadcrumb\"},\"inLanguage\":\"de\",\"potentialAction\":[{\"@type\":\"ReadAction\",\"target\":[\"https:\\\/\\\/landioustravel.com\\\/de\\\/shop\\\/delfinshow-reise-sharm-sheikh\\\/\"]}]},{\"@type\":\"ImageObject\",\"inLanguage\":\"de\",\"@id\":\"https:\\\/\\\/landioustravel.com\\\/de\\\/shop\\\/delfinshow-reise-sharm-sheikh\\\/#primaryimage\",\"url\":\"https:\\\/\\\/i0.wp.com\\\/landioustravel.com\\\/wp-content\\\/uploads\\\/2019\\\/01\\\/Unterhaltungsausfl%C3%BCge_in_Hurghada-e1618006977593.jpg?fit=1200%2C675&ssl=1\",\"contentUrl\":\"https:\\\/\\\/i0.wp.com\\\/landioustravel.com\\\/wp-content\\\/uploads\\\/2019\\\/01\\\/Unterhaltungsausfl%C3%BCge_in_Hurghada-e1618006977593.jpg?fit=1200%2C675&ssl=1\",\"width\":1200,\"height\":675,\"caption\":\"Unterhaltungsausfl\u00fcge in Hurghada\"},{\"@type\":\"BreadcrumbList\",\"@id\":\"https:\\\/\\\/landioustravel.com\\\/de\\\/shop\\\/delfinshow-reise-sharm-sheikh\\\/#breadcrumb\",\"itemListElement\":[{\"@type\":\"ListItem\",\"position\":1,\"name\":\"Home\",\"item\":\"https:\\\/\\\/landioustravel.com\\\/de\\\/\"},{\"@type\":\"ListItem\",\"position\":2,\"name\":\"\u00c4gypten Touren\",\"item\":\"https:\\\/\\\/landioustravel.com\\\/de\\\/\"},{\"@type\":\"ListItem\",\"position\":3,\"name\":\"Delfinshow Reise Sharm El Sheikh\"}]},{\"@type\":\"WebSite\",\"@id\":\"https:\\\/\\\/landioustravel.com\\\/de\\\/#website\",\"url\":\"https:\\\/\\\/landioustravel.com\\\/de\\\/\",\"name\":\"Landious Travel\",\"description\":\"Excursions, trips and cruises in Egypt\",\"publisher\":{\"@id\":\"https:\\\/\\\/landioustravel.com\\\/de\\\/#organization\"},\"potentialAction\":[{\"@type\":\"SearchAction\",\"target\":{\"@type\":\"EntryPoint\",\"urlTemplate\":\"https:\\\/\\\/landioustravel.com\\\/de\\\/?s={search_term_string}\"},\"query-input\":{\"@type\":\"PropertyValueSpecification\",\"valueRequired\":true,\"valueName\":\"search_term_string\"}}],\"inLanguage\":\"de\"},{\"@type\":[\"Organization\",\"Place\"],\"@id\":\"https:\\\/\\\/landioustravel.com\\\/de\\\/#organization\",\"name\":\"Landious Travel\",\"alternateName\":\"Landious Travel\",\"url\":\"https:\\\/\\\/landioustravel.com\\\/de\\\/\",\"logo\":{\"@id\":\"https:\\\/\\\/landioustravel.com\\\/de\\\/shop\\\/delfinshow-reise-sharm-sheikh\\\/#local-main-organization-logo\"},\"image\":{\"@id\":\"https:\\\/\\\/landioustravel.com\\\/de\\\/shop\\\/delfinshow-reise-sharm-sheikh\\\/#local-main-organization-logo\"},\"sameAs\":[\"https:\\\/\\\/web.facebook.com\\\/landiousEgypt\",\"https:\\\/\\\/x.com\\\/LandiousTours\",\"https:\\\/\\\/mastodon.social\\\/@landious\"],\"legalName\":\"Landious Travel\",\"telephone\":[],\"openingHoursSpecification\":[{\"@type\":\"OpeningHoursSpecification\",\"dayOfWeek\":[\"Monday\",\"Tuesday\",\"Wednesday\",\"Thursday\",\"Friday\",\"Saturday\",\"Sunday\"],\"opens\":\"09:00\",\"closes\":\"17:00\"}]},{\"@type\":\"ImageObject\",\"inLanguage\":\"de\",\"@id\":\"https:\\\/\\\/landioustravel.com\\\/de\\\/shop\\\/delfinshow-reise-sharm-sheikh\\\/#local-main-organization-logo\",\"url\":\"https:\\\/\\\/i0.wp.com\\\/landioustravel.com\\\/wp-content\\\/uploads\\\/2021\\\/06\\\/Landious-T.png?fit=500%2C500&ssl=1\",\"contentUrl\":\"https:\\\/\\\/i0.wp.com\\\/landioustravel.com\\\/wp-content\\\/uploads\\\/2021\\\/06\\\/Landious-T.png?fit=500%2C500&ssl=1\",\"width\":500,\"height\":500,\"caption\":\"Landious Travel\"}]}<\/script>\n<!-- \/ Yoast SEO Premium plugin. -->","yoast_head_json":{"title":"Delfinshow Reise Sharm El Sheikh","description":"Delfinshow Reise Sharm El Sheikh Der Ausflug zu \u201eDelfinshow-Reise in Sharm El Sheikh\u201c erm\u00f6glicht es Ihnen, Meeress\u00e4ugetiere zu sehen","robots":{"index":"index","follow":"follow","max-snippet":"max-snippet:-1","max-image-preview":"max-image-preview:large","max-video-preview":"max-video-preview:-1"},"canonical":"https:\/\/landioustravel.com\/de\/shop\/delfinshow-reise-sharm-sheikh\/","og_locale":"de_DE","og_type":"article","og_title":"Delfinshow Reise Sharm El Sheikh","og_description":"Landious Travel","og_url":"https:\/\/landioustravel.com\/de\/shop\/delfinshow-reise-sharm-sheikh\/","og_site_name":"Landious Travel","article_publisher":"https:\/\/web.facebook.com\/landiousEgypt","article_modified_time":"2024-06-27T06:08:21+00:00","og_image":[{"width":1200,"height":675,"url":"https:\/\/i0.wp.com\/landioustravel.com\/wp-content\/uploads\/2019\/01\/Unterhaltungsausfl\u00fcge_in_Hurghada-e1618006977593.jpg?fit=1200%2C675&ssl=1","type":"image\/jpeg"}],"twitter_card":"summary_large_image","twitter_site":"@LandiousTours","twitter_misc":{"Gesch\u00e4tzte Lesezeit":"2\u00a0Minuten"},"schema":{"@context":"https:\/\/schema.org","@graph":[{"@type":"WebPage","@id":"https:\/\/landioustravel.com\/de\/shop\/delfinshow-reise-sharm-sheikh\/","url":"https:\/\/landioustravel.com\/de\/shop\/delfinshow-reise-sharm-sheikh\/","name":"Delfinshow Reise Sharm El Sheikh","isPartOf":{"@id":"https:\/\/landioustravel.com\/de\/#website"},"primaryImageOfPage":{"@id":"https:\/\/landioustravel.com\/de\/shop\/delfinshow-reise-sharm-sheikh\/#primaryimage"},"image":{"@id":"https:\/\/landioustravel.com\/de\/shop\/delfinshow-reise-sharm-sheikh\/#primaryimage"},"thumbnailUrl":"https:\/\/i0.wp.com\/landioustravel.com\/wp-content\/uploads\/2019\/01\/Unterhaltungsausfl%C3%BCge_in_Hurghada-e1618006977593.jpg?fit=1200%2C675&ssl=1","datePublished":"2020-10-22T23:28:22+00:00","dateModified":"2024-06-27T06:08:21+00:00","description":"Delfinshow Reise Sharm El Sheikh Der Ausflug zu \u201eDelfinshow-Reise in Sharm El Sheikh\u201c erm\u00f6glicht es Ihnen, Meeress\u00e4ugetiere zu sehen","breadcrumb":{"@id":"https:\/\/landioustravel.com\/de\/shop\/delfinshow-reise-sharm-sheikh\/#breadcrumb"},"inLanguage":"de","potentialAction":[{"@type":"ReadAction","target":["https:\/\/landioustravel.com\/de\/shop\/delfinshow-reise-sharm-sheikh\/"]}]},{"@type":"ImageObject","inLanguage":"de","@id":"https:\/\/landioustravel.com\/de\/shop\/delfinshow-reise-sharm-sheikh\/#primaryimage","url":"https:\/\/i0.wp.com\/landioustravel.com\/wp-content\/uploads\/2019\/01\/Unterhaltungsausfl%C3%BCge_in_Hurghada-e1618006977593.jpg?fit=1200%2C675&ssl=1","contentUrl":"https:\/\/i0.wp.com\/landioustravel.com\/wp-content\/uploads\/2019\/01\/Unterhaltungsausfl%C3%BCge_in_Hurghada-e1618006977593.jpg?fit=1200%2C675&ssl=1","width":1200,"height":675,"caption":"Unterhaltungsausfl\u00fcge in Hurghada"},{"@type":"BreadcrumbList","@id":"https:\/\/landioustravel.com\/de\/shop\/delfinshow-reise-sharm-sheikh\/#breadcrumb","itemListElement":[{"@type":"ListItem","position":1,"name":"Home","item":"https:\/\/landioustravel.com\/de\/"},{"@type":"ListItem","position":2,"name":"\u00c4gypten Touren","item":"https:\/\/landioustravel.com\/de\/"},{"@type":"ListItem","position":3,"name":"Delfinshow Reise Sharm El Sheikh"}]},{"@type":"WebSite","@id":"https:\/\/landioustravel.com\/de\/#website","url":"https:\/\/landioustravel.com\/de\/","name":"Landious Travel","description":"Excursions, trips and cruises in Egypt","publisher":{"@id":"https:\/\/landioustravel.com\/de\/#organization"},"potentialAction":[{"@type":"SearchAction","target":{"@type":"EntryPoint","urlTemplate":"https:\/\/landioustravel.com\/de\/?s={search_term_string}"},"query-input":{"@type":"PropertyValueSpecification","valueRequired":true,"valueName":"search_term_string"}}],"inLanguage":"de"},{"@type":["Organization","Place"],"@id":"https:\/\/landioustravel.com\/de\/#organization","name":"Landious Travel","alternateName":"Landious Travel","url":"https:\/\/landioustravel.com\/de\/","logo":{"@id":"https:\/\/landioustravel.com\/de\/shop\/delfinshow-reise-sharm-sheikh\/#local-main-organization-logo"},"image":{"@id":"https:\/\/landioustravel.com\/de\/shop\/delfinshow-reise-sharm-sheikh\/#local-main-organization-logo"},"sameAs":["https:\/\/web.facebook.com\/landiousEgypt","https:\/\/x.com\/LandiousTours","https:\/\/mastodon.social\/@landious"],"legalName":"Landious Travel","telephone":[],"openingHoursSpecification":[{"@type":"OpeningHoursSpecification","dayOfWeek":["Monday","Tuesday","Wednesday","Thursday","Friday","Saturday","Sunday"],"opens":"09:00","closes":"17:00"}]},{"@type":"ImageObject","inLanguage":"de","@id":"https:\/\/landioustravel.com\/de\/shop\/delfinshow-reise-sharm-sheikh\/#local-main-organization-logo","url":"https:\/\/i0.wp.com\/landioustravel.com\/wp-content\/uploads\/2021\/06\/Landious-T.png?fit=500%2C500&ssl=1","contentUrl":"https:\/\/i0.wp.com\/landioustravel.com\/wp-content\/uploads\/2021\/06\/Landious-T.png?fit=500%2C500&ssl=1","width":500,"height":500,"caption":"Landious Travel"}]}},"jetpack_publicize_connections":[],"uagb_featured_image_src":{"full":["https:\/\/i0.wp.com\/landioustravel.com\/wp-content\/uploads\/2019\/01\/Unterhaltungsausfl%C3%BCge_in_Hurghada-e1618006977593.jpg?fit=1200%2C675&ssl=1",1200,675,false],"thumbnail":["https:\/\/i0.wp.com\/landioustravel.com\/wp-content\/uploads\/2019\/01\/Unterhaltungsausfl%C3%BCge_in_Hurghada-e1618006977593.jpg?resize=150%2C150&ssl=1",150,150,true],"medium":["https:\/\/i0.wp.com\/landioustravel.com\/wp-content\/uploads\/2019\/01\/Unterhaltungsausfl%C3%BCge_in_Hurghada-e1618006977593.jpg?fit=300%2C169&ssl=1",300,169,true],"medium_large":["https:\/\/i0.wp.com\/landioustravel.com\/wp-content\/uploads\/2019\/01\/Unterhaltungsausfl%C3%BCge_in_Hurghada-e1618006977593.jpg?fit=768%2C432&ssl=1",768,432,true],"large":["https:\/\/i0.wp.com\/landioustravel.com\/wp-content\/uploads\/2019\/01\/Unterhaltungsausfl%C3%BCge_in_Hurghada-e1618006977593.jpg?fit=980%2C551&ssl=1",980,551,true],"1536x1536":["https:\/\/i0.wp.com\/landioustravel.com\/wp-content\/uploads\/2019\/01\/Unterhaltungsausfl%C3%BCge_in_Hurghada-e1618006977593.jpg?fit=1536%2C864&ssl=1",1536,864,true],"2048x2048":["https:\/\/i0.wp.com\/landioustravel.com\/wp-content\/uploads\/2019\/01\/Unterhaltungsausfl%C3%BCge_in_Hurghada-e1618006977593.jpg?fit=2048%2C1151&ssl=1",2048,1151,true],"newspack-article-block-landscape-large":["https:\/\/i0.wp.com\/landioustravel.com\/wp-content\/uploads\/2019\/01\/Unterhaltungsausfl%C3%BCge_in_Hurghada-e1618006977593.jpg?resize=1200%2C675&ssl=1",1200,900,true],"newspack-article-block-portrait-large":["https:\/\/i0.wp.com\/landioustravel.com\/wp-content\/uploads\/2019\/01\/Unterhaltungsausfl%C3%BCge_in_Hurghada-e1618006977593.jpg?resize=900%2C675&ssl=1",900,1200,true],"newspack-article-block-square-large":["https:\/\/i0.wp.com\/landioustravel.com\/wp-content\/uploads\/2019\/01\/Unterhaltungsausfl%C3%BCge_in_Hurghada-e1618006977593.jpg?resize=1200%2C675&ssl=1",1200,1200,true],"newspack-article-block-landscape-medium":["https:\/\/i0.wp.com\/landioustravel.com\/wp-content\/uploads\/2019\/01\/Unterhaltungsausfl%C3%BCge_in_Hurghada-e1618006977593.jpg?resize=800%2C600&ssl=1",800,600,true],"newspack-article-block-portrait-medium":["https:\/\/i0.wp.com\/landioustravel.com\/wp-content\/uploads\/2019\/01\/Unterhaltungsausfl%C3%BCge_in_Hurghada-e1618006977593.jpg?resize=600%2C675&ssl=1",600,800,true],"newspack-article-block-square-medium":["https:\/\/i0.wp.com\/landioustravel.com\/wp-content\/uploads\/2019\/01\/Unterhaltungsausfl%C3%BCge_in_Hurghada-e1618006977593.jpg?resize=800%2C675&ssl=1",800,800,true],"newspack-article-block-landscape-intermediate":["https:\/\/i0.wp.com\/landioustravel.com\/wp-content\/uploads\/2019\/01\/Unterhaltungsausfl%C3%BCge_in_Hurghada-e1618006977593.jpg?resize=600%2C450&ssl=1",600,450,true],"newspack-article-block-portrait-intermediate":["https:\/\/i0.wp.com\/landioustravel.com\/wp-content\/uploads\/2019\/01\/Unterhaltungsausfl%C3%BCge_in_Hurghada-e1618006977593.jpg?resize=450%2C600&ssl=1",450,600,true],"newspack-article-block-square-intermediate":["https:\/\/i0.wp.com\/landioustravel.com\/wp-content\/uploads\/2019\/01\/Unterhaltungsausfl%C3%BCge_in_Hurghada-e1618006977593.jpg?resize=600%2C600&ssl=1",600,600,true],"newspack-article-block-landscape-small":["https:\/\/i0.wp.com\/landioustravel.com\/wp-content\/uploads\/2019\/01\/Unterhaltungsausfl%C3%BCge_in_Hurghada-e1618006977593.jpg?resize=400%2C300&ssl=1",400,300,true],"newspack-article-block-portrait-small":["https:\/\/i0.wp.com\/landioustravel.com\/wp-content\/uploads\/2019\/01\/Unterhaltungsausfl%C3%BCge_in_Hurghada-e1618006977593.jpg?resize=300%2C400&ssl=1",300,400,true],"newspack-article-block-square-small":["https:\/\/i0.wp.com\/landioustravel.com\/wp-content\/uploads\/2019\/01\/Unterhaltungsausfl%C3%BCge_in_Hurghada-e1618006977593.jpg?resize=400%2C400&ssl=1",400,400,true],"newspack-article-block-landscape-tiny":["https:\/\/i0.wp.com\/landioustravel.com\/wp-content\/uploads\/2019\/01\/Unterhaltungsausfl%C3%BCge_in_Hurghada-e1618006977593.jpg?resize=200%2C150&ssl=1",200,150,true],"newspack-article-block-portrait-tiny":["https:\/\/i0.wp.com\/landioustravel.com\/wp-content\/uploads\/2019\/01\/Unterhaltungsausfl%C3%BCge_in_Hurghada-e1618006977593.jpg?resize=150%2C200&ssl=1",150,200,true],"newspack-article-block-square-tiny":["https:\/\/i0.wp.com\/landioustravel.com\/wp-content\/uploads\/2019\/01\/Unterhaltungsausfl%C3%BCge_in_Hurghada-e1618006977593.jpg?resize=200%2C200&ssl=1",200,200,true],"newspack-article-block-uncropped":["https:\/\/i0.wp.com\/landioustravel.com\/wp-content\/uploads\/2019\/01\/Unterhaltungsausfl%C3%BCge_in_Hurghada-e1618006977593.jpg?fit=1200%2C675&ssl=1",1200,675,true],"woocommerce_thumbnail":["https:\/\/i0.wp.com\/landioustravel.com\/wp-content\/uploads\/2019\/01\/Unterhaltungsausfl%C3%BCge_in_Hurghada-e1618006977593.jpg?resize=324%2C324&ssl=1",324,324,true],"woocommerce_single":["https:\/\/i0.wp.com\/landioustravel.com\/wp-content\/uploads\/2019\/01\/Unterhaltungsausfl%C3%BCge_in_Hurghada-e1618006977593.jpg?fit=416%2C234&ssl=1",416,234,true],"woocommerce_gallery_thumbnail":["https:\/\/i0.wp.com\/landioustravel.com\/wp-content\/uploads\/2019\/01\/Unterhaltungsausfl%C3%BCge_in_Hurghada-e1618006977593.jpg?resize=100%2C100&ssl=1",100,100,true]},"uagb_author_info":{"display_name":"Mofreh Landious","author_link":"https:\/\/landioustravel.com\/de\/author\/"},"uagb_comment_info":1,"uagb_excerpt":"Erleben Sie die umfangreichste Sammlung von Meeress\u00e4ugetieren in \u00c4gypten bei einem Ausflug zum Delphinarium in Sharm El Sheikh. Die Show bietet einen aufregenden Auftritt von Schwarzmeerdelfinen, n\u00f6rdlichen Pelzrobben, s\u00fcdamerikanischen Seel\u00f6wen und pazifischen Walrossen. Im Reisepreis sind Eintrittskarten und Transfers enthalten, was es zu einem stressfreien Abenteuer macht. Jeder, vom Kind bis zum Erwachsenen, kann eine&hellip;","jetpack_sharing_enabled":true,"jetpack_likes_enabled":true,"amp_enabled":true,"_links":{"self":[{"href":"https:\/\/landioustravel.com\/de\/wp-json\/wp\/v2\/product\/25421","targetHints":{"allow":["GET"]}}],"collection":[{"href":"https:\/\/landioustravel.com\/de\/wp-json\/wp\/v2\/product"}],"about":[{"href":"https:\/\/landioustravel.com\/de\/wp-json\/wp\/v2\/types\/product"}],"replies":[{"embeddable":true,"href":"https:\/\/landioustravel.com\/de\/wp-json\/wp\/v2\/comments?post=25421"}],"wp:featuredmedia":[{"embeddable":true,"href":"https:\/\/landioustravel.com\/de\/wp-json\/wp\/v2\/media\/1374"}],"wp:attachment":[{"href":"https:\/\/landioustravel.com\/de\/wp-json\/wp\/v2\/media?parent=25421"}],"wp:term":[{"taxonomy":"product_brand","embeddable":true,"href":"https:\/\/landioustravel.com\/de\/wp-json\/wp\/v2\/product_brand?post=25421"},{"taxonomy":"product_cat","embeddable":true,"href":"https:\/\/landioustravel.com\/de\/wp-json\/wp\/v2\/product_cat?post=25421"},{"taxonomy":"product_tag","embeddable":true,"href":"https:\/\/landioustravel.com\/de\/wp-json\/wp\/v2\/product_tag?post=25421"}],"curies":[{"name":"wp","href":"https:\/\/api.w.org\/{rel}","templated":true}]}}