{"id":25717,"date":"2020-11-05T15:45:22","date_gmt":"2020-11-06T19:47:01","guid":{"rendered":"https:\/\/landioustravel.com\/?post_type=product&#038;p=25717"},"modified":"2024-09-30T20:14:32","modified_gmt":"2024-09-30T17:14:32","slug":"reise-aegyptischen-museum-alten-kairo","status":"publish","type":"product","link":"https:\/\/landioustravel.com\/de\/shop\/reise-aegyptischen-museum-alten-kairo\/","title":{"rendered":"\u00c4gyptisches Museum &#038; Alte Kairo Reise"},"content":{"rendered":"<p>Es ist eine wunderbare Reise f\u00fcr den Besuch des \u00c4gyptischen Museums, der Zitadelle von Saladin und des alten Kairo aus <a href=\"https:\/\/landioustravel.com\/de\/agypten\/aegyptische-staedte\/gouvernement-kairo\/\">Kairo<\/a>, <a href=\"https:\/\/landioustravel.com\/de\/agypten\/\">\u00c4gypten<\/a>! Wir empfehlen den Ausflug, da Touristen die beeindruckendsten Sehensw\u00fcrdigkeiten des alten \u00c4gypten und die Altstadt von Kairo sehen k\u00f6nnen. Sie k\u00f6nnen viel \u00fcber die Geschichte \u00c4gyptens wissen. Sicherlich werden Sie Ausstellungen und Orte aus drei verschiedenen Epochen sehen: das alte \u00c4gypten, das koptische \u00c4gypten und das islamische \u00c4gypten. Es ist eine erstaunliche Erfahrung und informative Tour durch die Geschichte! ONLINE BUCHUNG \u00c4GYPTISCHES MUSEUM &amp; ALTE KAIRO REISE UND BESTER PREIS!<\/p>\n<h2>H\u00f6hepunkte des \u00c4gyptischen Museums und der alten Kairo-Reise in Kairo<\/h2>\n<ul>\n<li>Besuchen Sie das \u00c4gyptische Museum in Kairo.<\/li>\n<li>Mittagessen.<\/li>\n<li>Besuch der Altstadt von Kairo mit einem Zwischenstopp in Khan El-Khalili.<\/li>\n<li>Auch die Zitadelle von Saladin.<\/li>\n<\/ul>\n<h3>Programm des \u00e4gyptischen Museumsausfluges<\/h3>\n<ul>\n<li>Der Vertreter von <a href=\"https:\/\/landioustravel.com\/de\/kontakte\/\">Landious Travel<\/a> holt Sie gegen 08:00 Uhr morgens vom Hotel in Kairo ab.<\/li>\n<li>Sobald wir alle abgeholt haben, f\u00e4hrt Ihr privates Fahrzeug (Limousine oder Kleinbus) zum \u00c4gyptischen Museum am Tahrir-Platz. In diesem riesigen Museum gibt es ungef\u00e4hr 100 Ausstellungshallen im Museum, in denen es eine einzigartige Sammlung gibt, die aus ungef\u00e4hr 150.000 Gegenst\u00e4nden besteht. Ihr F\u00fchrer hat die Aufgabe, die wunderbaren Ausstellungen dieses Museums zu zeigen und Zeit zum Fotografieren zu geben.<\/li>\n<li>Nach dem Besuch des \u00c4gyptischen Museums in Kairo fahren Sie in die Altstadt von Kairo.<\/li>\n<li>Die erste Station ist die Zitadelle von Saladin. In dieser gro\u00dfen Zitadelle k\u00f6nnen Sie die ber\u00fchmte Moschee \u201eMohamed Ali Moschee\u201c besuchen und die Befestigungen dieses Ortes besichtigen. Wenn Sie sich in dieser Zitadelle befinden, k\u00f6nnen Sie einen Panoramablick \u00fcber die gesamte Altstadt genie\u00dfen.<\/li>\n<li>Das Mittagessen kommt nach dieser islamischen St\u00e4tte.<\/li>\n<li>Die n\u00e4chste Station ist der Bezirk Khan El-Khalili und der alte Basar von Kairo.<\/li>\n<li>Mit dem Ende dieser Stadtrundfahrt in Khan El-Khalili fahren Sie in den christlichen Teil der Stadt &#8211; das koptische Kairo. An diesem Ort besuchen Sie die H\u00e4ngende Kirche, die Ben-Ezra-Synagoge, die Kirche St. Barbara und die Kirche Abu Serga.<\/li>\n<li>Schlie\u00dflich begleiten wir Sie nach einem solchen Programm in die wundersch\u00f6nen St\u00e4dte Kairo und Gizeh zur\u00fcck zu Ihren Hotels.<\/li>\n<li>Diese Reise zum \u00c4gyptischen Museum und zum alten Kairo in <a href=\"https:\/\/www.google.de\/maps\/place\/Kairo,+Gouvernement+Al-Qahira\/@30.0596185,31.1884234,12z\/data=!3m1!4b1!4m5!3m4!1s0x14583fa60b21beeb:0x79dfb296e8423bba!8m2!3d30.0444196!4d31.2357116\" target=\"_blank\" rel=\"noopener\">Kairo<\/a> kommt am n\u00e4chsten Tag gegen 17:00 Uhr in den Hotels an.<\/li>\n<\/ul>\n<h4>Was beinhaltet der Preis f\u00fcr das \u00c4gyptische Museum und das alte Kairo?<\/h4>\n<ul>\n<li>Tickets f\u00fcr Tempelbesuche.<\/li>\n<li>Mittagessen.<\/li>\n<li>Getr\u00e4nke.<\/li>\n<li>Leiten.<\/li>\n<li>Hotel Check-in in Kairo.<\/li>\n<li>Transfer nach Kairo und zur\u00fcck zu den Hotels.<\/li>\n<\/ul>\n<h5>Was macht das \u00c4gyptische Museum &amp; Altes Kairo nicht?<\/h5>\n<ul>\n<li>Zus\u00e4tzliche Programme, falls nicht im obigen Programm enthalten.<\/li>\n<li>Auch Getr\u00e4nke.<\/li>\n<\/ul>\n<h6>Was nehmen Sie f\u00fcr die Reise mit?<\/h6>\n<ul>\n<li>Reisepass.<\/li>\n<li>Zus\u00e4tzliches Geld.<\/li>\n<li>Auch Kleidung f\u00fcr die Saison.<\/li>\n<\/ul>\n<h6>Buchungstage f\u00fcr das \u00c4gyptisches Museum &amp; Alte Kairo Reise<\/h6>\n<ul>\n<li>T\u00e4glich von 08:00 bis 16:00 Uhr.<\/li>\n<\/ul>\n","protected":false},"excerpt":{"rendered":"<p>Begeben Sie sich auf eine Stadtrundfahrt durch Kairo und erleben Sie eine Reihe historischer Wahrzeichen und Attraktionen. Genie\u00dfen Sie die alt\u00e4gyptischen Ausstellungen im \u00c4gyptischen Museum und bewundern Sie islamische Denkm\u00e4ler wie die Saladin-Zitadelle und die Mohamed-Ali-Moschee. Ganz zu schweigen von der Erkundung der christlichen und j\u00fcdischen Denkm\u00e4ler, darunter die zahlreichen koptischen Kirchen und Synagogen. Werfen Sie au\u00dferdem einen Blick auf einige r\u00f6mische Sehensw\u00fcrdigkeiten. Entscheiden Sie sich f\u00fcr eine private Besichtigungstour, um in k\u00fcrzerer Zeit weitere wichtige Sehensw\u00fcrdigkeiten Kairos wie das \u00c4gyptische Museum, das koptische Kairo und den alten Markt der Stadt zu besichtigen. Mit klimatisierten Transportmitteln haben Sie die M\u00f6glichkeit, Zeuge der antiken, christlichen und j\u00fcdischen Geschichte der Stadt zu werden, begleitet von einem privaten Reiseleiter, der Ihnen ungeteilte Aufmerksamkeit schenkt. Eine ganzt\u00e4gige Tour durch das historische Kairo ist eine Erfahrung wert, inklusive Mittagessen, Eintritt und Transport.<\/p>\n<p>Erwarten Sie einen Besuch im Museum f\u00fcr \u00c4gyptische Antiquit\u00e4ten, das \u00fcber eine umfangreiche Sammlung antiker \u00e4gyptischer Antiquit\u00e4ten mit 120.000 Exponaten und einer repr\u00e4sentativen Ausstellungsmenge verf\u00fcgt. Der Rest wird in Lagerr\u00e4umen gelagert. Das 1901 erbaute Museum ist eines der gr\u00f6\u00dften in der Region und kann seit M\u00e4rz 2019 von Besuchern besichtigt werden, bevor es 2020 durch das neue Gro\u00dfe \u00c4gyptische Museum in Gizeh abgel\u00f6st wurde.<\/p>\n<p>Das koptische Kairo ist ein au\u00dfergew\u00f6hnlicher Teil des alten Kairo, der die Babylon-Festung, die H\u00e4ngende Kirche, die griechische St.-Georgs-Kirche und viele andere koptische Kirchen und historische St\u00e4tten umfasst. Gem\u00e4\u00df der christlichen Tradition besuchte die Heilige Familie dieses Gebiet und \u00fcbernachtete an der St\u00e4tte der Kirche des Heiligen Sergius und Bacchus (Abu Serga). Das koptische Kairo war bis zur islamischen \u00c4ra eine Hochburg des Christentums in \u00c4gypten. Allerdings wurden die meisten der heutigen Kirchengeb\u00e4ude im koptischen Kairo nach der muslimischen Eroberung \u00c4gyptens im 7. Jahrhundert erbaut.<\/p>\n","protected":false},"featured_media":45524,"comment_status":"open","ping_status":"closed","template":"","meta":{"_coblocks_attr":"","_coblocks_dimensions":"","_coblocks_responsive_height":"","_coblocks_accordion_ie_support":"","_uag_custom_page_level_css":"","jetpack_post_was_ever_published":false,"jetpack_publicize_message":"","jetpack_publicize_feature_enabled":true,"jetpack_social_post_already_shared":true,"jetpack_social_options":{"image_generator_settings":{"template":"highway","default_image_id":0,"font":"","enabled":false},"version":2},"_wpas_customize_per_network":false},"product_brand":[],"product_cat":[9850],"product_tag":[1653,9906,1652,1654,1655],"class_list":{"0":"post-25717","1":"product","2":"type-product","3":"status-publish","4":"has-post-thumbnail","6":"product_cat-ausfluege-kairo","7":"product_tag-ausflug","8":"product_tag-besichtigung","9":"product_tag-kairo","10":"product_tag-pyramiden","11":"product_tag-sphinx-de","13":"first","14":"instock","15":"sale","16":"taxable","17":"shipping-taxable","18":"purchasable","19":"product-type-variable"},"yoast_head":"<!-- This site is optimized with the Yoast SEO Premium plugin v26.9 (Yoast SEO v27.3) - https:\/\/yoast.com\/product\/yoast-seo-premium-wordpress\/ -->\n<title>\u00c4gyptisches Museum &amp; Alte Kairo Reise<\/title>\n<meta name=\"description\" content=\"\u00c4gyptisches Museum &amp; Alte Kairo Reise Diese Tour bietet die M\u00f6glichkeit, viele Denkm\u00e4ler und Sehensw\u00fcrdigkeiten in Kairo zu sehen\" \/>\n<meta name=\"robots\" content=\"index, follow, max-snippet:-1, max-image-preview:large, max-video-preview:-1\" \/>\n<link rel=\"canonical\" href=\"https:\/\/landioustravel.com\/de\/shop\/reise-aegyptischen-museum-alten-kairo\/\" \/>\n<meta property=\"og:locale\" content=\"de_DE\" \/>\n<meta property=\"og:type\" content=\"article\" \/>\n<meta property=\"og:title\" content=\"\u00c4gyptisches Museum &amp; Alte Kairo Reise\" \/>\n<meta property=\"og:description\" content=\"Landious Travel\" \/>\n<meta property=\"og:url\" content=\"https:\/\/landioustravel.com\/de\/shop\/reise-aegyptischen-museum-alten-kairo\/\" \/>\n<meta property=\"og:site_name\" content=\"Landious Travel\" \/>\n<meta property=\"article:publisher\" content=\"https:\/\/web.facebook.com\/landiousEgypt\" \/>\n<meta property=\"article:modified_time\" content=\"2024-09-30T17:14:32+00:00\" \/>\n<meta property=\"og:image\" content=\"https:\/\/i0.wp.com\/landioustravel.com\/wp-content\/uploads\/2020\/11\/Egyptian-Museum-Old-Cairo-Trip-e1617540920597.jpg?fit=1200%2C675&ssl=1\" \/>\n\t<meta property=\"og:image:width\" content=\"1200\" \/>\n\t<meta property=\"og:image:height\" content=\"675\" \/>\n\t<meta property=\"og:image:type\" content=\"image\/jpeg\" \/>\n<meta name=\"twitter:card\" content=\"summary_large_image\" \/>\n<meta name=\"twitter:site\" content=\"@LandiousTours\" \/>\n<meta name=\"twitter:label1\" content=\"Gesch\u00e4tzte Lesezeit\" \/>\n\t<meta name=\"twitter:data1\" content=\"2\u00a0Minuten\" \/>\n<script type=\"application\/ld+json\" class=\"yoast-schema-graph\">{\"@context\":\"https:\\\/\\\/schema.org\",\"@graph\":[{\"@type\":\"WebPage\",\"@id\":\"https:\\\/\\\/landioustravel.com\\\/de\\\/shop\\\/reise-aegyptischen-museum-alten-kairo\\\/\",\"url\":\"https:\\\/\\\/landioustravel.com\\\/de\\\/shop\\\/reise-aegyptischen-museum-alten-kairo\\\/\",\"name\":\"\u00c4gyptisches Museum & Alte Kairo Reise\",\"isPartOf\":{\"@id\":\"https:\\\/\\\/landioustravel.com\\\/de\\\/#website\"},\"primaryImageOfPage\":{\"@id\":\"https:\\\/\\\/landioustravel.com\\\/de\\\/shop\\\/reise-aegyptischen-museum-alten-kairo\\\/#primaryimage\"},\"image\":{\"@id\":\"https:\\\/\\\/landioustravel.com\\\/de\\\/shop\\\/reise-aegyptischen-museum-alten-kairo\\\/#primaryimage\"},\"thumbnailUrl\":\"https:\\\/\\\/i0.wp.com\\\/landioustravel.com\\\/wp-content\\\/uploads\\\/2020\\\/11\\\/Egyptian-Museum-Old-Cairo-Trip-e1617540920597.jpg?fit=1200%2C675&ssl=1\",\"datePublished\":\"2020-11-06T19:47:01+00:00\",\"dateModified\":\"2024-09-30T17:14:32+00:00\",\"description\":\"\u00c4gyptisches Museum & Alte Kairo Reise Diese Tour bietet die M\u00f6glichkeit, viele Denkm\u00e4ler und Sehensw\u00fcrdigkeiten in Kairo zu sehen\",\"breadcrumb\":{\"@id\":\"https:\\\/\\\/landioustravel.com\\\/de\\\/shop\\\/reise-aegyptischen-museum-alten-kairo\\\/#breadcrumb\"},\"inLanguage\":\"de\",\"potentialAction\":[{\"@type\":\"ReadAction\",\"target\":[\"https:\\\/\\\/landioustravel.com\\\/de\\\/shop\\\/reise-aegyptischen-museum-alten-kairo\\\/\"]}]},{\"@type\":\"ImageObject\",\"inLanguage\":\"de\",\"@id\":\"https:\\\/\\\/landioustravel.com\\\/de\\\/shop\\\/reise-aegyptischen-museum-alten-kairo\\\/#primaryimage\",\"url\":\"https:\\\/\\\/i0.wp.com\\\/landioustravel.com\\\/wp-content\\\/uploads\\\/2020\\\/11\\\/Egyptian-Museum-Old-Cairo-Trip-e1617540920597.jpg?fit=1200%2C675&ssl=1\",\"contentUrl\":\"https:\\\/\\\/i0.wp.com\\\/landioustravel.com\\\/wp-content\\\/uploads\\\/2020\\\/11\\\/Egyptian-Museum-Old-Cairo-Trip-e1617540920597.jpg?fit=1200%2C675&ssl=1\",\"width\":1200,\"height\":675,\"caption\":\"Egyptian Museum Old Cairo Trip\"},{\"@type\":\"BreadcrumbList\",\"@id\":\"https:\\\/\\\/landioustravel.com\\\/de\\\/shop\\\/reise-aegyptischen-museum-alten-kairo\\\/#breadcrumb\",\"itemListElement\":[{\"@type\":\"ListItem\",\"position\":1,\"name\":\"Home\",\"item\":\"https:\\\/\\\/landioustravel.com\\\/de\\\/\"},{\"@type\":\"ListItem\",\"position\":2,\"name\":\"\u00c4gypten Touren\",\"item\":\"https:\\\/\\\/landioustravel.com\\\/de\\\/\"},{\"@type\":\"ListItem\",\"position\":3,\"name\":\"\u00c4gyptisches Museum &#038; Alte Kairo Reise\"}]},{\"@type\":\"WebSite\",\"@id\":\"https:\\\/\\\/landioustravel.com\\\/de\\\/#website\",\"url\":\"https:\\\/\\\/landioustravel.com\\\/de\\\/\",\"name\":\"Landious Travel\",\"description\":\"Excursions, trips and cruises in Egypt\",\"publisher\":{\"@id\":\"https:\\\/\\\/landioustravel.com\\\/de\\\/#organization\"},\"potentialAction\":[{\"@type\":\"SearchAction\",\"target\":{\"@type\":\"EntryPoint\",\"urlTemplate\":\"https:\\\/\\\/landioustravel.com\\\/de\\\/?s={search_term_string}\"},\"query-input\":{\"@type\":\"PropertyValueSpecification\",\"valueRequired\":true,\"valueName\":\"search_term_string\"}}],\"inLanguage\":\"de\"},{\"@type\":[\"Organization\",\"Place\"],\"@id\":\"https:\\\/\\\/landioustravel.com\\\/de\\\/#organization\",\"name\":\"Landious Travel\",\"alternateName\":\"Landious Travel\",\"url\":\"https:\\\/\\\/landioustravel.com\\\/de\\\/\",\"logo\":{\"@id\":\"https:\\\/\\\/landioustravel.com\\\/de\\\/shop\\\/reise-aegyptischen-museum-alten-kairo\\\/#local-main-organization-logo\"},\"image\":{\"@id\":\"https:\\\/\\\/landioustravel.com\\\/de\\\/shop\\\/reise-aegyptischen-museum-alten-kairo\\\/#local-main-organization-logo\"},\"sameAs\":[\"https:\\\/\\\/web.facebook.com\\\/landiousEgypt\",\"https:\\\/\\\/x.com\\\/LandiousTours\",\"https:\\\/\\\/mastodon.social\\\/@landious\"],\"legalName\":\"Landious Travel\",\"telephone\":[],\"openingHoursSpecification\":[{\"@type\":\"OpeningHoursSpecification\",\"dayOfWeek\":[\"Monday\",\"Tuesday\",\"Wednesday\",\"Thursday\",\"Friday\",\"Saturday\",\"Sunday\"],\"opens\":\"09:00\",\"closes\":\"17:00\"}]},{\"@type\":\"ImageObject\",\"inLanguage\":\"de\",\"@id\":\"https:\\\/\\\/landioustravel.com\\\/de\\\/shop\\\/reise-aegyptischen-museum-alten-kairo\\\/#local-main-organization-logo\",\"url\":\"https:\\\/\\\/i0.wp.com\\\/landioustravel.com\\\/wp-content\\\/uploads\\\/2021\\\/06\\\/Landious-T.png?fit=500%2C500&ssl=1\",\"contentUrl\":\"https:\\\/\\\/i0.wp.com\\\/landioustravel.com\\\/wp-content\\\/uploads\\\/2021\\\/06\\\/Landious-T.png?fit=500%2C500&ssl=1\",\"width\":500,\"height\":500,\"caption\":\"Landious Travel\"}]}<\/script>\n<!-- \/ Yoast SEO Premium plugin. -->","yoast_head_json":{"title":"\u00c4gyptisches Museum & Alte Kairo Reise","description":"\u00c4gyptisches Museum & Alte Kairo Reise Diese Tour bietet die M\u00f6glichkeit, viele Denkm\u00e4ler und Sehensw\u00fcrdigkeiten in Kairo zu sehen","robots":{"index":"index","follow":"follow","max-snippet":"max-snippet:-1","max-image-preview":"max-image-preview:large","max-video-preview":"max-video-preview:-1"},"canonical":"https:\/\/landioustravel.com\/de\/shop\/reise-aegyptischen-museum-alten-kairo\/","og_locale":"de_DE","og_type":"article","og_title":"\u00c4gyptisches Museum & Alte Kairo Reise","og_description":"Landious Travel","og_url":"https:\/\/landioustravel.com\/de\/shop\/reise-aegyptischen-museum-alten-kairo\/","og_site_name":"Landious Travel","article_publisher":"https:\/\/web.facebook.com\/landiousEgypt","article_modified_time":"2024-09-30T17:14:32+00:00","og_image":[{"width":1200,"height":675,"url":"https:\/\/i0.wp.com\/landioustravel.com\/wp-content\/uploads\/2020\/11\/Egyptian-Museum-Old-Cairo-Trip-e1617540920597.jpg?fit=1200%2C675&ssl=1","type":"image\/jpeg"}],"twitter_card":"summary_large_image","twitter_site":"@LandiousTours","twitter_misc":{"Gesch\u00e4tzte Lesezeit":"2\u00a0Minuten"},"schema":{"@context":"https:\/\/schema.org","@graph":[{"@type":"WebPage","@id":"https:\/\/landioustravel.com\/de\/shop\/reise-aegyptischen-museum-alten-kairo\/","url":"https:\/\/landioustravel.com\/de\/shop\/reise-aegyptischen-museum-alten-kairo\/","name":"\u00c4gyptisches Museum & Alte Kairo Reise","isPartOf":{"@id":"https:\/\/landioustravel.com\/de\/#website"},"primaryImageOfPage":{"@id":"https:\/\/landioustravel.com\/de\/shop\/reise-aegyptischen-museum-alten-kairo\/#primaryimage"},"image":{"@id":"https:\/\/landioustravel.com\/de\/shop\/reise-aegyptischen-museum-alten-kairo\/#primaryimage"},"thumbnailUrl":"https:\/\/i0.wp.com\/landioustravel.com\/wp-content\/uploads\/2020\/11\/Egyptian-Museum-Old-Cairo-Trip-e1617540920597.jpg?fit=1200%2C675&ssl=1","datePublished":"2020-11-06T19:47:01+00:00","dateModified":"2024-09-30T17:14:32+00:00","description":"\u00c4gyptisches Museum & Alte Kairo Reise Diese Tour bietet die M\u00f6glichkeit, viele Denkm\u00e4ler und Sehensw\u00fcrdigkeiten in Kairo zu sehen","breadcrumb":{"@id":"https:\/\/landioustravel.com\/de\/shop\/reise-aegyptischen-museum-alten-kairo\/#breadcrumb"},"inLanguage":"de","potentialAction":[{"@type":"ReadAction","target":["https:\/\/landioustravel.com\/de\/shop\/reise-aegyptischen-museum-alten-kairo\/"]}]},{"@type":"ImageObject","inLanguage":"de","@id":"https:\/\/landioustravel.com\/de\/shop\/reise-aegyptischen-museum-alten-kairo\/#primaryimage","url":"https:\/\/i0.wp.com\/landioustravel.com\/wp-content\/uploads\/2020\/11\/Egyptian-Museum-Old-Cairo-Trip-e1617540920597.jpg?fit=1200%2C675&ssl=1","contentUrl":"https:\/\/i0.wp.com\/landioustravel.com\/wp-content\/uploads\/2020\/11\/Egyptian-Museum-Old-Cairo-Trip-e1617540920597.jpg?fit=1200%2C675&ssl=1","width":1200,"height":675,"caption":"Egyptian Museum Old Cairo Trip"},{"@type":"BreadcrumbList","@id":"https:\/\/landioustravel.com\/de\/shop\/reise-aegyptischen-museum-alten-kairo\/#breadcrumb","itemListElement":[{"@type":"ListItem","position":1,"name":"Home","item":"https:\/\/landioustravel.com\/de\/"},{"@type":"ListItem","position":2,"name":"\u00c4gypten Touren","item":"https:\/\/landioustravel.com\/de\/"},{"@type":"ListItem","position":3,"name":"\u00c4gyptisches Museum &#038; Alte Kairo Reise"}]},{"@type":"WebSite","@id":"https:\/\/landioustravel.com\/de\/#website","url":"https:\/\/landioustravel.com\/de\/","name":"Landious Travel","description":"Excursions, trips and cruises in Egypt","publisher":{"@id":"https:\/\/landioustravel.com\/de\/#organization"},"potentialAction":[{"@type":"SearchAction","target":{"@type":"EntryPoint","urlTemplate":"https:\/\/landioustravel.com\/de\/?s={search_term_string}"},"query-input":{"@type":"PropertyValueSpecification","valueRequired":true,"valueName":"search_term_string"}}],"inLanguage":"de"},{"@type":["Organization","Place"],"@id":"https:\/\/landioustravel.com\/de\/#organization","name":"Landious Travel","alternateName":"Landious Travel","url":"https:\/\/landioustravel.com\/de\/","logo":{"@id":"https:\/\/landioustravel.com\/de\/shop\/reise-aegyptischen-museum-alten-kairo\/#local-main-organization-logo"},"image":{"@id":"https:\/\/landioustravel.com\/de\/shop\/reise-aegyptischen-museum-alten-kairo\/#local-main-organization-logo"},"sameAs":["https:\/\/web.facebook.com\/landiousEgypt","https:\/\/x.com\/LandiousTours","https:\/\/mastodon.social\/@landious"],"legalName":"Landious Travel","telephone":[],"openingHoursSpecification":[{"@type":"OpeningHoursSpecification","dayOfWeek":["Monday","Tuesday","Wednesday","Thursday","Friday","Saturday","Sunday"],"opens":"09:00","closes":"17:00"}]},{"@type":"ImageObject","inLanguage":"de","@id":"https:\/\/landioustravel.com\/de\/shop\/reise-aegyptischen-museum-alten-kairo\/#local-main-organization-logo","url":"https:\/\/i0.wp.com\/landioustravel.com\/wp-content\/uploads\/2021\/06\/Landious-T.png?fit=500%2C500&ssl=1","contentUrl":"https:\/\/i0.wp.com\/landioustravel.com\/wp-content\/uploads\/2021\/06\/Landious-T.png?fit=500%2C500&ssl=1","width":500,"height":500,"caption":"Landious Travel"}]}},"jetpack_publicize_connections":[],"uagb_featured_image_src":{"full":["https:\/\/i0.wp.com\/landioustravel.com\/wp-content\/uploads\/2020\/11\/Egyptian-Museum-Old-Cairo-Trip-e1617540920597.jpg?fit=1200%2C675&ssl=1",1200,675,false],"thumbnail":["https:\/\/i0.wp.com\/landioustravel.com\/wp-content\/uploads\/2020\/11\/Egyptian-Museum-Old-Cairo-Trip-e1617540920597.jpg?resize=150%2C150&ssl=1",150,150,true],"medium":["https:\/\/i0.wp.com\/landioustravel.com\/wp-content\/uploads\/2020\/11\/Egyptian-Museum-Old-Cairo-Trip-e1617540920597.jpg?fit=300%2C169&ssl=1",300,169,true],"medium_large":["https:\/\/i0.wp.com\/landioustravel.com\/wp-content\/uploads\/2020\/11\/Egyptian-Museum-Old-Cairo-Trip-e1617540920597.jpg?fit=768%2C432&ssl=1",768,432,true],"large":["https:\/\/i0.wp.com\/landioustravel.com\/wp-content\/uploads\/2020\/11\/Egyptian-Museum-Old-Cairo-Trip-e1617540920597.jpg?fit=980%2C551&ssl=1",980,551,true],"1536x1536":["https:\/\/i0.wp.com\/landioustravel.com\/wp-content\/uploads\/2020\/11\/Egyptian-Museum-Old-Cairo-Trip-e1617540920597.jpg?fit=1536%2C864&ssl=1",1536,864,true],"2048x2048":["https:\/\/i0.wp.com\/landioustravel.com\/wp-content\/uploads\/2020\/11\/Egyptian-Museum-Old-Cairo-Trip-e1617540920597.jpg?fit=2048%2C1152&ssl=1",2048,1152,true],"newspack-article-block-landscape-large":["https:\/\/i0.wp.com\/landioustravel.com\/wp-content\/uploads\/2020\/11\/Egyptian-Museum-Old-Cairo-Trip-e1617540920597.jpg?resize=1200%2C675&ssl=1",1200,900,true],"newspack-article-block-portrait-large":["https:\/\/i0.wp.com\/landioustravel.com\/wp-content\/uploads\/2020\/11\/Egyptian-Museum-Old-Cairo-Trip-e1617540920597.jpg?resize=900%2C675&ssl=1",900,1200,true],"newspack-article-block-square-large":["https:\/\/i0.wp.com\/landioustravel.com\/wp-content\/uploads\/2020\/11\/Egyptian-Museum-Old-Cairo-Trip-e1617540920597.jpg?resize=1200%2C675&ssl=1",1200,1200,true],"newspack-article-block-landscape-medium":["https:\/\/i0.wp.com\/landioustravel.com\/wp-content\/uploads\/2020\/11\/Egyptian-Museum-Old-Cairo-Trip-e1617540920597.jpg?resize=800%2C600&ssl=1",800,600,true],"newspack-article-block-portrait-medium":["https:\/\/i0.wp.com\/landioustravel.com\/wp-content\/uploads\/2020\/11\/Egyptian-Museum-Old-Cairo-Trip-e1617540920597.jpg?resize=600%2C675&ssl=1",600,800,true],"newspack-article-block-square-medium":["https:\/\/i0.wp.com\/landioustravel.com\/wp-content\/uploads\/2020\/11\/Egyptian-Museum-Old-Cairo-Trip-e1617540920597.jpg?resize=800%2C675&ssl=1",800,800,true],"newspack-article-block-landscape-intermediate":["https:\/\/i0.wp.com\/landioustravel.com\/wp-content\/uploads\/2020\/11\/Egyptian-Museum-Old-Cairo-Trip-e1617540920597.jpg?resize=600%2C450&ssl=1",600,450,true],"newspack-article-block-portrait-intermediate":["https:\/\/i0.wp.com\/landioustravel.com\/wp-content\/uploads\/2020\/11\/Egyptian-Museum-Old-Cairo-Trip-e1617540920597.jpg?resize=450%2C600&ssl=1",450,600,true],"newspack-article-block-square-intermediate":["https:\/\/i0.wp.com\/landioustravel.com\/wp-content\/uploads\/2020\/11\/Egyptian-Museum-Old-Cairo-Trip-e1617540920597.jpg?resize=600%2C600&ssl=1",600,600,true],"newspack-article-block-landscape-small":["https:\/\/i0.wp.com\/landioustravel.com\/wp-content\/uploads\/2020\/11\/Egyptian-Museum-Old-Cairo-Trip-e1617540920597.jpg?resize=400%2C300&ssl=1",400,300,true],"newspack-article-block-portrait-small":["https:\/\/i0.wp.com\/landioustravel.com\/wp-content\/uploads\/2020\/11\/Egyptian-Museum-Old-Cairo-Trip-e1617540920597.jpg?resize=300%2C400&ssl=1",300,400,true],"newspack-article-block-square-small":["https:\/\/i0.wp.com\/landioustravel.com\/wp-content\/uploads\/2020\/11\/Egyptian-Museum-Old-Cairo-Trip-e1617540920597.jpg?resize=400%2C400&ssl=1",400,400,true],"newspack-article-block-landscape-tiny":["https:\/\/i0.wp.com\/landioustravel.com\/wp-content\/uploads\/2020\/11\/Egyptian-Museum-Old-Cairo-Trip-e1617540920597.jpg?resize=200%2C150&ssl=1",200,150,true],"newspack-article-block-portrait-tiny":["https:\/\/i0.wp.com\/landioustravel.com\/wp-content\/uploads\/2020\/11\/Egyptian-Museum-Old-Cairo-Trip-e1617540920597.jpg?resize=150%2C200&ssl=1",150,200,true],"newspack-article-block-square-tiny":["https:\/\/i0.wp.com\/landioustravel.com\/wp-content\/uploads\/2020\/11\/Egyptian-Museum-Old-Cairo-Trip-e1617540920597.jpg?resize=200%2C200&ssl=1",200,200,true],"newspack-article-block-uncropped":["https:\/\/i0.wp.com\/landioustravel.com\/wp-content\/uploads\/2020\/11\/Egyptian-Museum-Old-Cairo-Trip-e1617540920597.jpg?fit=1200%2C675&ssl=1",1200,675,true],"woocommerce_thumbnail":["https:\/\/i0.wp.com\/landioustravel.com\/wp-content\/uploads\/2020\/11\/Egyptian-Museum-Old-Cairo-Trip-e1617540920597.jpg?resize=324%2C324&ssl=1",324,324,true],"woocommerce_single":["https:\/\/i0.wp.com\/landioustravel.com\/wp-content\/uploads\/2020\/11\/Egyptian-Museum-Old-Cairo-Trip-e1617540920597.jpg?fit=416%2C234&ssl=1",416,234,true],"woocommerce_gallery_thumbnail":["https:\/\/i0.wp.com\/landioustravel.com\/wp-content\/uploads\/2020\/11\/Egyptian-Museum-Old-Cairo-Trip-e1617540920597.jpg?resize=100%2C100&ssl=1",100,100,true]},"uagb_author_info":{"display_name":"Mofreh Landious","author_link":"https:\/\/landioustravel.com\/de\/author\/"},"uagb_comment_info":3,"uagb_excerpt":"Begeben Sie sich auf eine Stadtrundfahrt durch Kairo und erleben Sie eine Reihe historischer Wahrzeichen und Attraktionen. Genie\u00dfen Sie die alt\u00e4gyptischen Ausstellungen im \u00c4gyptischen Museum und bewundern Sie islamische Denkm\u00e4ler wie die Saladin-Zitadelle und die Mohamed-Ali-Moschee. Ganz zu schweigen von der Erkundung der christlichen und j\u00fcdischen Denkm\u00e4ler, darunter die zahlreichen koptischen Kirchen und Synagogen. Werfen&hellip;","jetpack_sharing_enabled":true,"jetpack_likes_enabled":true,"amp_enabled":true,"_links":{"self":[{"href":"https:\/\/landioustravel.com\/de\/wp-json\/wp\/v2\/product\/25717","targetHints":{"allow":["GET"]}}],"collection":[{"href":"https:\/\/landioustravel.com\/de\/wp-json\/wp\/v2\/product"}],"about":[{"href":"https:\/\/landioustravel.com\/de\/wp-json\/wp\/v2\/types\/product"}],"replies":[{"embeddable":true,"href":"https:\/\/landioustravel.com\/de\/wp-json\/wp\/v2\/comments?post=25717"}],"wp:featuredmedia":[{"embeddable":true,"href":"https:\/\/landioustravel.com\/de\/wp-json\/wp\/v2\/media\/45524"}],"wp:attachment":[{"href":"https:\/\/landioustravel.com\/de\/wp-json\/wp\/v2\/media?parent=25717"}],"wp:term":[{"taxonomy":"product_brand","embeddable":true,"href":"https:\/\/landioustravel.com\/de\/wp-json\/wp\/v2\/product_brand?post=25717"},{"taxonomy":"product_cat","embeddable":true,"href":"https:\/\/landioustravel.com\/de\/wp-json\/wp\/v2\/product_cat?post=25717"},{"taxonomy":"product_tag","embeddable":true,"href":"https:\/\/landioustravel.com\/de\/wp-json\/wp\/v2\/product_tag?post=25717"}],"curies":[{"name":"wp","href":"https:\/\/api.w.org\/{rel}","templated":true}]}}