{"id":25783,"date":"2020-11-08T05:27:27","date_gmt":"2020-11-12T01:01:19","guid":{"rendered":"https:\/\/landioustravel.com\/?post_type=product&#038;p=25783"},"modified":"2024-09-30T20:13:31","modified_gmt":"2024-09-30T17:13:31","slug":"reise-assuan-abu-simbel-safaga","status":"publish","type":"product","link":"https:\/\/landioustravel.com\/de\/shop\/reise-assuan-abu-simbel-safaga\/","title":{"rendered":"Assuan &#038; Abu Simbel Reise Safaga"},"content":{"rendered":"<p>Es ist ein wunderbarer Ausflug nach <a href=\"https:\/\/landioustravel.com\/de\/agypten\/aegyptische-staedte\/assuan-gouvernement\/\">Assuan<\/a> und Abu Simbel aus <a href=\"https:\/\/landioustravel.com\/de\/safaga-stadt\/\">Safaga<\/a>, <a href=\"https:\/\/landioustravel.com\/de\/agypten\/\">\u00c4gypten<\/a>! In der Tat empfehlen wir einen Ausflug, da Touristen eine gro\u00dfe Anzahl alt\u00e4gyptischer Sehensw\u00fcrdigkeiten sehen und mehr \u00fcber die Geschichte des Landes erfahren k\u00f6nnen. Besonders empfehlen wir es allen, die Sightseeing-Aktivit\u00e4ten in \u00c4gypten m\u00f6gen. ONLINE BUCHUNG ASWAN &amp; ABU SIMBEL TRIP SAFAGA UND BESTER PREIS!<\/p>\n<h2>H\u00f6hepunkte auf der Reise nach Assuan und Abu Simbel von Safaga<\/h2>\n<ul>\n<li>Hoher Damm.<\/li>\n<li>Philae Tempel.<\/li>\n<li>Unvollendeter Obelisk.<\/li>\n<li>Nilpicknick mit \u00e4gyptischer Feluke.<\/li>\n<li>Auch die Tempel von Abu Simbel.<\/li>\n<\/ul>\n<h3>Programm der Assuan &amp; Abu-Simbel Tour<\/h3>\n<ul>\n<li>Der Vertreter von <a href=\"https:\/\/landioustravel.com\/de\/kontakte\/\">Landious Travel<\/a> holt Sie gegen 00:30 Uhr morgens vom Hotel in Safaga ab.<\/li>\n<li>Nachdem alle Ank\u00f6mmlinge abgeholt wurden, f\u00e4hrt der Bus in Richtung Assuan an den K\u00fcstenst\u00e4dten Safaga, Al-Quseir und Marsa Alam vorbei. und auf dem Weg zu den Talst\u00e4dten Edfu und Kom Ombo. Die Stadt Edfu liegt 120 Kilometer s\u00fcdlich von Marsa Alam am Nil. W\u00e4hrend die Stadt Kom Ombo 220 km entfernt im Niltal liegt. Der Weg vom Zentrum von Safaga nach Assuan dauert ungef\u00e4hr 9 Stunden.<\/li>\n<\/ul>\n<h4 style=\"text-align: center;\">Ersttagsprogramm in Assuan<\/h4>\n<ul>\n<li>Sobald Sie in Assuan ankommen, zeigen wir Ihnen den Tempel der G\u00f6ttin Isis auf der Insel Philae.<\/li>\n<li>Dann gehen wir weiter zum High Dam, nachdem wir die komplexen Tempel in Philae besucht haben.<\/li>\n<li>Danach k\u00f6nnen Sie den unvollendeten Obelisken der K\u00f6nigin Hatschepsut besuchen.<\/li>\n<li>Schlie\u00dflich k\u00f6nnen Sie Ihr Mittagessen genie\u00dfen, bevor Sie zu Ihrem Hotel in Assuan zur\u00fcckgebracht werden.<\/li>\n<\/ul>\n<h5 style=\"text-align: center;\">Zweites Tagesprogramm in Abu Simbel<\/h5>\n<ul>\n<li>Am Morgen Ihres zweiten Aufenthalts in Assuan holen wir Sie um 04:00 Uhr von Ihrem Hotel ab, um nach Abu Simbel zu reisen. Bemerkenswert ist, dass die Fahrt zu den Tempeln von Abu Simbel 3 Stunden dauert.<\/li>\n<li>Sobald Sie in Abu Simbel angekommen sind, zeigen wir Ihnen die erstaunlichen Tempel von Ramses II.<\/li>\n<li>Am Ende dieses Besuchs fahren Sie zur\u00fcck nach Assuan.<\/li>\n<li>Anschlie\u00dfend genie\u00dfen Sie in Assuan Ihr Mittagessen.<\/li>\n<\/ul>\n<h6 style=\"text-align: center;\">Abfahrt nach Safaga<\/h6>\n<ul>\n<li>Schlie\u00dflich f\u00e4hrt unser Bus nach einem solchen Programm in der wundersch\u00f6nen Stadt Assuan zur\u00fcck nach Safaga.<\/li>\n<li>Diese Reise von <a href=\"https:\/\/www.google.de\/maps\/place\/Safaga,+Al-Bahr+al-ahmar\/@26.7530335,33.900568,13z\/data=!3m1!4b1!4m5!3m4!1s0x144d0d2c5606c925:0x67d911822e470041!8m2!3d26.7500171!4d33.9359756\" target=\"_blank\" rel=\"noopener\">Safaga<\/a> nach Assuan und Abu Simbel endet gegen 24:00 Uhr.<\/li>\n<\/ul>\n<h4>Was beinhaltet der Preis f\u00fcr Assuan &amp; Abu Simbel Safaga?<\/h4>\n<ul>\n<li>Tickets f\u00fcr Tempelbesuche.<\/li>\n<li>Mittagessen.<\/li>\n<li>Leiten.<\/li>\n<li>Transfer nach Assuan &#8211; Abu Simbel und zur\u00fcck zum Hotel.<\/li>\n<\/ul>\n<h5>Was beinhaltet das Assuan &amp; Abu Simbel Trip Safaga Programm nicht?<\/h5>\n<ul>\n<li>Zus\u00e4tzliche Ausflugsprogramme, falls nicht im Hauptprogramm enthalten.<\/li>\n<li>Auch Getr\u00e4nke.<\/li>\n<\/ul>\n<h6>Was nehmen Sie f\u00fcr die Reise mit?<\/h6>\n<ul>\n<li>Fr\u00fchst\u00fccksbox.<\/li>\n<li>Reisepass.<\/li>\n<\/ul>\n<h6>Auch Kleidung f\u00fcr die Saison.<\/h6>\n<ul>\n<li>Assuan &amp; Abu Simbel Trip Safaga Buchungstage<\/li>\n<li>T\u00e4glich von 00:30 bis 24:00 Uhr am n\u00e4chsten Tag.<\/li>\n<\/ul>\n<h3>Was wird w\u00e4hrend der Reise von Safaga nach Assuan und Abu Simbel erwartet?<\/h3>\n<ul>\n<li><strong>Tempel von Ramses II in Abu Simbel<\/strong>: Die Tempel von Abu Simbel sind zwei massive Felsentempel im nubischen Dorf Abu Simbel, Gouvernement Assuan, \u00c4gypten. Mit anderen Worten, diese Tempel stehen am westlichen Ufer des Nassersees, etwa 230 km s\u00fcdwestlich von Assuan. Die alten \u00c4gypter bauten diese Tempel w\u00e4hrend der Herrschaft von Ramses II.<\/li>\n<li><strong>Philae-Tempel<\/strong>: Dieser erstaunliche Tempelkomplex befindet sich auf einer der Inseln im Nil. Sein urspr\u00fcnglicher Ort war auf der Insel Philae in Assuan. Nach dem Bau des Hochdamms in Assuan musste dieser Komplex auf die n\u00e4chste Insel, Agilika, verlegt werden. Mit Hilfe der UNESCO wurde es auf der 12 km s\u00fcdlich des Hochdamms gelegenen Insel Agilika wieder aufgebaut.<\/li>\n<\/ul>\n","protected":false},"excerpt":{"rendered":"<p>W\u00e4hrend der Reise haben Sie die M\u00f6glichkeit, verschiedene Sehensw\u00fcrdigkeiten zu erkunden und an Besichtigungsaktivit\u00e4ten teilzunehmen. Sie k\u00f6nnen die Sehensw\u00fcrdigkeiten von Assuan besichtigen und sogar weiter nach Nubien reisen, um die Tempel von Abu Simbel zu besichtigen. Die Tour beinhaltet Besuche verschiedener Sehensw\u00fcrdigkeiten wie des Staudamms, des Tempels der G\u00f6ttin Isis auf der Insel Philae, des unvollendeten Obelisken der Hatschepsut und der Tempel von Ramses II. Auf der Feluke k\u00f6nnen Sie auch ein sch\u00f6nes Nilpicknick genie\u00dfen. Im Reisepreis sind sowohl Verpflegung als auch Unterkunft enthalten.<\/p>\n<p>Wenn Sie daran interessiert sind, die antike Tempelanlage von Abu Simbel eingehend zu erkunden, k\u00f6nnen Sie sich f\u00fcr eine private Ganztagestour entscheiden. Sie werden sich w\u00e4hrend der Reise wohlf\u00fchlen, da Sie in einem klimatisierten Auto reisen und an Ihrem Hotel abgeholt und wieder zur\u00fcckgebracht werden. W\u00e4hrend der Tour wird Sie ein von einem \u00c4gyptologen ausgebildeter Reisef\u00fchrer begleiten, der Ihnen faszinierende Geschichten und Informationen \u00fcber die jahrtausendealten Bauwerke, wie zum Beispiel den Tempel von Ramses II., erz\u00e4hlt. Am Ende der Tour werden Sie direkt vor Ihrem Hotel in Assuan abgesetzt. Dieses personalisierte Erlebnis ist eine hervorragende Alternative zu Gruppenreisen, da Sie ohne Hektik vollst\u00e4ndig in das Erlebnis eintauchen k\u00f6nnen.<\/p>\n","protected":false},"featured_media":45428,"comment_status":"open","ping_status":"closed","template":"","meta":{"_coblocks_attr":"","_coblocks_dimensions":"","_coblocks_responsive_height":"","_coblocks_accordion_ie_support":"","_uag_custom_page_level_css":"","jetpack_post_was_ever_published":false,"jetpack_publicize_message":"","jetpack_publicize_feature_enabled":true,"jetpack_social_post_already_shared":true,"jetpack_social_options":{"image_generator_settings":{"template":"highway","default_image_id":0,"font":"","enabled":false},"version":2},"_wpas_customize_per_network":false},"product_brand":[],"product_cat":[20139,22089,22086],"product_tag":[1653,9906],"class_list":{"0":"post-25783","1":"product","2":"type-product","3":"status-publish","4":"has-post-thumbnail","6":"product_cat-safaga-private-ausfluege","7":"product_cat-safaga-private-besichtigungstouren","8":"product_cat-safaga-privatetouren-luxor","9":"product_tag-ausflug","10":"product_tag-besichtigung","12":"first","13":"instock","14":"sale","15":"taxable","16":"shipping-taxable","17":"purchasable","18":"product-type-variable"},"yoast_head":"<!-- This site is optimized with the Yoast SEO Premium plugin v26.9 (Yoast SEO v27.3) - https:\/\/yoast.com\/product\/yoast-seo-premium-wordpress\/ -->\n<title>Assuan &amp; Abu Simbel Reise Safaga<\/title>\n<meta name=\"description\" content=\"Assuan &amp; Abu Simbel Reise Safaga Die Reise gibt Ihnen die M\u00f6glichkeit, einige Sightseeing-Aktivit\u00e4ten zu machen. Sicherlich k\u00f6nnen Sie\" \/>\n<meta name=\"robots\" content=\"index, follow, max-snippet:-1, max-image-preview:large, max-video-preview:-1\" \/>\n<link rel=\"canonical\" href=\"https:\/\/landioustravel.com\/de\/shop\/reise-assuan-abu-simbel-safaga\/\" \/>\n<meta property=\"og:locale\" content=\"de_DE\" \/>\n<meta property=\"og:type\" content=\"article\" \/>\n<meta property=\"og:title\" content=\"Assuan &amp; Abu Simbel Reise Safaga\" \/>\n<meta property=\"og:description\" content=\"Landious Travel\" \/>\n<meta property=\"og:url\" content=\"https:\/\/landioustravel.com\/de\/shop\/reise-assuan-abu-simbel-safaga\/\" \/>\n<meta property=\"og:site_name\" content=\"Landious Travel\" \/>\n<meta property=\"article:publisher\" content=\"https:\/\/web.facebook.com\/landiousEgypt\" \/>\n<meta property=\"article:modified_time\" content=\"2024-09-30T17:13:31+00:00\" \/>\n<meta property=\"og:image\" content=\"https:\/\/i0.wp.com\/landioustravel.com\/wp-content\/uploads\/2020\/11\/Aswan-Abu-Simbel-Trip-Safaga-e1617504519411.jpg?fit=1200%2C675&ssl=1\" \/>\n\t<meta property=\"og:image:width\" content=\"1200\" \/>\n\t<meta property=\"og:image:height\" content=\"675\" \/>\n\t<meta property=\"og:image:type\" content=\"image\/jpeg\" \/>\n<meta name=\"twitter:card\" content=\"summary_large_image\" \/>\n<meta name=\"twitter:site\" content=\"@LandiousTours\" \/>\n<meta name=\"twitter:label1\" content=\"Gesch\u00e4tzte Lesezeit\" \/>\n\t<meta name=\"twitter:data1\" content=\"3\u00a0Minuten\" \/>\n<script type=\"application\/ld+json\" class=\"yoast-schema-graph\">{\"@context\":\"https:\\\/\\\/schema.org\",\"@graph\":[{\"@type\":\"WebPage\",\"@id\":\"https:\\\/\\\/landioustravel.com\\\/de\\\/shop\\\/reise-assuan-abu-simbel-safaga\\\/\",\"url\":\"https:\\\/\\\/landioustravel.com\\\/de\\\/shop\\\/reise-assuan-abu-simbel-safaga\\\/\",\"name\":\"Assuan & Abu Simbel Reise Safaga\",\"isPartOf\":{\"@id\":\"https:\\\/\\\/landioustravel.com\\\/de\\\/#website\"},\"primaryImageOfPage\":{\"@id\":\"https:\\\/\\\/landioustravel.com\\\/de\\\/shop\\\/reise-assuan-abu-simbel-safaga\\\/#primaryimage\"},\"image\":{\"@id\":\"https:\\\/\\\/landioustravel.com\\\/de\\\/shop\\\/reise-assuan-abu-simbel-safaga\\\/#primaryimage\"},\"thumbnailUrl\":\"https:\\\/\\\/i0.wp.com\\\/landioustravel.com\\\/wp-content\\\/uploads\\\/2020\\\/11\\\/Aswan-Abu-Simbel-Trip-Safaga-e1617504519411.jpg?fit=1200%2C675&ssl=1\",\"datePublished\":\"2020-11-12T01:01:19+00:00\",\"dateModified\":\"2024-09-30T17:13:31+00:00\",\"description\":\"Assuan & Abu Simbel Reise Safaga Die Reise gibt Ihnen die M\u00f6glichkeit, einige Sightseeing-Aktivit\u00e4ten zu machen. Sicherlich k\u00f6nnen Sie\",\"breadcrumb\":{\"@id\":\"https:\\\/\\\/landioustravel.com\\\/de\\\/shop\\\/reise-assuan-abu-simbel-safaga\\\/#breadcrumb\"},\"inLanguage\":\"de\",\"potentialAction\":[{\"@type\":\"ReadAction\",\"target\":[\"https:\\\/\\\/landioustravel.com\\\/de\\\/shop\\\/reise-assuan-abu-simbel-safaga\\\/\"]}]},{\"@type\":\"ImageObject\",\"inLanguage\":\"de\",\"@id\":\"https:\\\/\\\/landioustravel.com\\\/de\\\/shop\\\/reise-assuan-abu-simbel-safaga\\\/#primaryimage\",\"url\":\"https:\\\/\\\/i0.wp.com\\\/landioustravel.com\\\/wp-content\\\/uploads\\\/2020\\\/11\\\/Aswan-Abu-Simbel-Trip-Safaga-e1617504519411.jpg?fit=1200%2C675&ssl=1\",\"contentUrl\":\"https:\\\/\\\/i0.wp.com\\\/landioustravel.com\\\/wp-content\\\/uploads\\\/2020\\\/11\\\/Aswan-Abu-Simbel-Trip-Safaga-e1617504519411.jpg?fit=1200%2C675&ssl=1\",\"width\":1200,\"height\":675,\"caption\":\"Aswan Abu Simbel Trip Safaga\"},{\"@type\":\"BreadcrumbList\",\"@id\":\"https:\\\/\\\/landioustravel.com\\\/de\\\/shop\\\/reise-assuan-abu-simbel-safaga\\\/#breadcrumb\",\"itemListElement\":[{\"@type\":\"ListItem\",\"position\":1,\"name\":\"Home\",\"item\":\"https:\\\/\\\/landioustravel.com\\\/de\\\/\"},{\"@type\":\"ListItem\",\"position\":2,\"name\":\"\u00c4gypten Touren\",\"item\":\"https:\\\/\\\/landioustravel.com\\\/de\\\/\"},{\"@type\":\"ListItem\",\"position\":3,\"name\":\"Assuan &#038; Abu Simbel Reise Safaga\"}]},{\"@type\":\"WebSite\",\"@id\":\"https:\\\/\\\/landioustravel.com\\\/de\\\/#website\",\"url\":\"https:\\\/\\\/landioustravel.com\\\/de\\\/\",\"name\":\"Landious Travel\",\"description\":\"Excursions, trips and cruises in Egypt\",\"publisher\":{\"@id\":\"https:\\\/\\\/landioustravel.com\\\/de\\\/#organization\"},\"potentialAction\":[{\"@type\":\"SearchAction\",\"target\":{\"@type\":\"EntryPoint\",\"urlTemplate\":\"https:\\\/\\\/landioustravel.com\\\/de\\\/?s={search_term_string}\"},\"query-input\":{\"@type\":\"PropertyValueSpecification\",\"valueRequired\":true,\"valueName\":\"search_term_string\"}}],\"inLanguage\":\"de\"},{\"@type\":[\"Organization\",\"Place\"],\"@id\":\"https:\\\/\\\/landioustravel.com\\\/de\\\/#organization\",\"name\":\"Landious Travel\",\"alternateName\":\"Landious Travel\",\"url\":\"https:\\\/\\\/landioustravel.com\\\/de\\\/\",\"logo\":{\"@id\":\"https:\\\/\\\/landioustravel.com\\\/de\\\/shop\\\/reise-assuan-abu-simbel-safaga\\\/#local-main-organization-logo\"},\"image\":{\"@id\":\"https:\\\/\\\/landioustravel.com\\\/de\\\/shop\\\/reise-assuan-abu-simbel-safaga\\\/#local-main-organization-logo\"},\"sameAs\":[\"https:\\\/\\\/web.facebook.com\\\/landiousEgypt\",\"https:\\\/\\\/x.com\\\/LandiousTours\",\"https:\\\/\\\/mastodon.social\\\/@landious\"],\"legalName\":\"Landious Travel\",\"telephone\":[],\"openingHoursSpecification\":[{\"@type\":\"OpeningHoursSpecification\",\"dayOfWeek\":[\"Monday\",\"Tuesday\",\"Wednesday\",\"Thursday\",\"Friday\",\"Saturday\",\"Sunday\"],\"opens\":\"09:00\",\"closes\":\"17:00\"}]},{\"@type\":\"ImageObject\",\"inLanguage\":\"de\",\"@id\":\"https:\\\/\\\/landioustravel.com\\\/de\\\/shop\\\/reise-assuan-abu-simbel-safaga\\\/#local-main-organization-logo\",\"url\":\"https:\\\/\\\/i0.wp.com\\\/landioustravel.com\\\/wp-content\\\/uploads\\\/2021\\\/06\\\/Landious-T.png?fit=500%2C500&ssl=1\",\"contentUrl\":\"https:\\\/\\\/i0.wp.com\\\/landioustravel.com\\\/wp-content\\\/uploads\\\/2021\\\/06\\\/Landious-T.png?fit=500%2C500&ssl=1\",\"width\":500,\"height\":500,\"caption\":\"Landious Travel\"}]}<\/script>\n<!-- \/ Yoast SEO Premium plugin. -->","yoast_head_json":{"title":"Assuan & Abu Simbel Reise Safaga","description":"Assuan & Abu Simbel Reise Safaga Die Reise gibt Ihnen die M\u00f6glichkeit, einige Sightseeing-Aktivit\u00e4ten zu machen. Sicherlich k\u00f6nnen Sie","robots":{"index":"index","follow":"follow","max-snippet":"max-snippet:-1","max-image-preview":"max-image-preview:large","max-video-preview":"max-video-preview:-1"},"canonical":"https:\/\/landioustravel.com\/de\/shop\/reise-assuan-abu-simbel-safaga\/","og_locale":"de_DE","og_type":"article","og_title":"Assuan & Abu Simbel Reise Safaga","og_description":"Landious Travel","og_url":"https:\/\/landioustravel.com\/de\/shop\/reise-assuan-abu-simbel-safaga\/","og_site_name":"Landious Travel","article_publisher":"https:\/\/web.facebook.com\/landiousEgypt","article_modified_time":"2024-09-30T17:13:31+00:00","og_image":[{"width":1200,"height":675,"url":"https:\/\/i0.wp.com\/landioustravel.com\/wp-content\/uploads\/2020\/11\/Aswan-Abu-Simbel-Trip-Safaga-e1617504519411.jpg?fit=1200%2C675&ssl=1","type":"image\/jpeg"}],"twitter_card":"summary_large_image","twitter_site":"@LandiousTours","twitter_misc":{"Gesch\u00e4tzte Lesezeit":"3\u00a0Minuten"},"schema":{"@context":"https:\/\/schema.org","@graph":[{"@type":"WebPage","@id":"https:\/\/landioustravel.com\/de\/shop\/reise-assuan-abu-simbel-safaga\/","url":"https:\/\/landioustravel.com\/de\/shop\/reise-assuan-abu-simbel-safaga\/","name":"Assuan & Abu Simbel Reise Safaga","isPartOf":{"@id":"https:\/\/landioustravel.com\/de\/#website"},"primaryImageOfPage":{"@id":"https:\/\/landioustravel.com\/de\/shop\/reise-assuan-abu-simbel-safaga\/#primaryimage"},"image":{"@id":"https:\/\/landioustravel.com\/de\/shop\/reise-assuan-abu-simbel-safaga\/#primaryimage"},"thumbnailUrl":"https:\/\/i0.wp.com\/landioustravel.com\/wp-content\/uploads\/2020\/11\/Aswan-Abu-Simbel-Trip-Safaga-e1617504519411.jpg?fit=1200%2C675&ssl=1","datePublished":"2020-11-12T01:01:19+00:00","dateModified":"2024-09-30T17:13:31+00:00","description":"Assuan & Abu Simbel Reise Safaga Die Reise gibt Ihnen die M\u00f6glichkeit, einige Sightseeing-Aktivit\u00e4ten zu machen. Sicherlich k\u00f6nnen Sie","breadcrumb":{"@id":"https:\/\/landioustravel.com\/de\/shop\/reise-assuan-abu-simbel-safaga\/#breadcrumb"},"inLanguage":"de","potentialAction":[{"@type":"ReadAction","target":["https:\/\/landioustravel.com\/de\/shop\/reise-assuan-abu-simbel-safaga\/"]}]},{"@type":"ImageObject","inLanguage":"de","@id":"https:\/\/landioustravel.com\/de\/shop\/reise-assuan-abu-simbel-safaga\/#primaryimage","url":"https:\/\/i0.wp.com\/landioustravel.com\/wp-content\/uploads\/2020\/11\/Aswan-Abu-Simbel-Trip-Safaga-e1617504519411.jpg?fit=1200%2C675&ssl=1","contentUrl":"https:\/\/i0.wp.com\/landioustravel.com\/wp-content\/uploads\/2020\/11\/Aswan-Abu-Simbel-Trip-Safaga-e1617504519411.jpg?fit=1200%2C675&ssl=1","width":1200,"height":675,"caption":"Aswan Abu Simbel Trip Safaga"},{"@type":"BreadcrumbList","@id":"https:\/\/landioustravel.com\/de\/shop\/reise-assuan-abu-simbel-safaga\/#breadcrumb","itemListElement":[{"@type":"ListItem","position":1,"name":"Home","item":"https:\/\/landioustravel.com\/de\/"},{"@type":"ListItem","position":2,"name":"\u00c4gypten Touren","item":"https:\/\/landioustravel.com\/de\/"},{"@type":"ListItem","position":3,"name":"Assuan &#038; Abu Simbel Reise Safaga"}]},{"@type":"WebSite","@id":"https:\/\/landioustravel.com\/de\/#website","url":"https:\/\/landioustravel.com\/de\/","name":"Landious Travel","description":"Excursions, trips and cruises in Egypt","publisher":{"@id":"https:\/\/landioustravel.com\/de\/#organization"},"potentialAction":[{"@type":"SearchAction","target":{"@type":"EntryPoint","urlTemplate":"https:\/\/landioustravel.com\/de\/?s={search_term_string}"},"query-input":{"@type":"PropertyValueSpecification","valueRequired":true,"valueName":"search_term_string"}}],"inLanguage":"de"},{"@type":["Organization","Place"],"@id":"https:\/\/landioustravel.com\/de\/#organization","name":"Landious Travel","alternateName":"Landious Travel","url":"https:\/\/landioustravel.com\/de\/","logo":{"@id":"https:\/\/landioustravel.com\/de\/shop\/reise-assuan-abu-simbel-safaga\/#local-main-organization-logo"},"image":{"@id":"https:\/\/landioustravel.com\/de\/shop\/reise-assuan-abu-simbel-safaga\/#local-main-organization-logo"},"sameAs":["https:\/\/web.facebook.com\/landiousEgypt","https:\/\/x.com\/LandiousTours","https:\/\/mastodon.social\/@landious"],"legalName":"Landious Travel","telephone":[],"openingHoursSpecification":[{"@type":"OpeningHoursSpecification","dayOfWeek":["Monday","Tuesday","Wednesday","Thursday","Friday","Saturday","Sunday"],"opens":"09:00","closes":"17:00"}]},{"@type":"ImageObject","inLanguage":"de","@id":"https:\/\/landioustravel.com\/de\/shop\/reise-assuan-abu-simbel-safaga\/#local-main-organization-logo","url":"https:\/\/i0.wp.com\/landioustravel.com\/wp-content\/uploads\/2021\/06\/Landious-T.png?fit=500%2C500&ssl=1","contentUrl":"https:\/\/i0.wp.com\/landioustravel.com\/wp-content\/uploads\/2021\/06\/Landious-T.png?fit=500%2C500&ssl=1","width":500,"height":500,"caption":"Landious Travel"}]}},"jetpack_publicize_connections":[],"uagb_featured_image_src":{"full":["https:\/\/i0.wp.com\/landioustravel.com\/wp-content\/uploads\/2020\/11\/Aswan-Abu-Simbel-Trip-Safaga-e1617504519411.jpg?fit=1200%2C675&ssl=1",1200,675,false],"thumbnail":["https:\/\/i0.wp.com\/landioustravel.com\/wp-content\/uploads\/2020\/11\/Aswan-Abu-Simbel-Trip-Safaga-e1617504519411.jpg?resize=150%2C150&ssl=1",150,150,true],"medium":["https:\/\/i0.wp.com\/landioustravel.com\/wp-content\/uploads\/2020\/11\/Aswan-Abu-Simbel-Trip-Safaga-e1617504519411.jpg?fit=300%2C169&ssl=1",300,169,true],"medium_large":["https:\/\/i0.wp.com\/landioustravel.com\/wp-content\/uploads\/2020\/11\/Aswan-Abu-Simbel-Trip-Safaga-e1617504519411.jpg?fit=768%2C432&ssl=1",768,432,true],"large":["https:\/\/i0.wp.com\/landioustravel.com\/wp-content\/uploads\/2020\/11\/Aswan-Abu-Simbel-Trip-Safaga-e1617504519411.jpg?fit=980%2C551&ssl=1",980,551,true],"1536x1536":["https:\/\/i0.wp.com\/landioustravel.com\/wp-content\/uploads\/2020\/11\/Aswan-Abu-Simbel-Trip-Safaga-e1617504519411.jpg?fit=1536%2C864&ssl=1",1536,864,true],"2048x2048":["https:\/\/i0.wp.com\/landioustravel.com\/wp-content\/uploads\/2020\/11\/Aswan-Abu-Simbel-Trip-Safaga-e1617504519411.jpg?fit=1200%2C675&ssl=1",1200,675,true],"newspack-article-block-landscape-large":["https:\/\/i0.wp.com\/landioustravel.com\/wp-content\/uploads\/2020\/11\/Aswan-Abu-Simbel-Trip-Safaga-e1617504519411.jpg?resize=1200%2C675&ssl=1",1200,900,true],"newspack-article-block-portrait-large":["https:\/\/i0.wp.com\/landioustravel.com\/wp-content\/uploads\/2020\/11\/Aswan-Abu-Simbel-Trip-Safaga-e1617504519411.jpg?resize=900%2C675&ssl=1",900,900,true],"newspack-article-block-square-large":["https:\/\/i0.wp.com\/landioustravel.com\/wp-content\/uploads\/2020\/11\/Aswan-Abu-Simbel-Trip-Safaga-e1617504519411.jpg?resize=1200%2C675&ssl=1",1200,900,true],"newspack-article-block-landscape-medium":["https:\/\/i0.wp.com\/landioustravel.com\/wp-content\/uploads\/2020\/11\/Aswan-Abu-Simbel-Trip-Safaga-e1617504519411.jpg?resize=800%2C600&ssl=1",800,600,true],"newspack-article-block-portrait-medium":["https:\/\/i0.wp.com\/landioustravel.com\/wp-content\/uploads\/2020\/11\/Aswan-Abu-Simbel-Trip-Safaga-e1617504519411.jpg?resize=600%2C675&ssl=1",600,800,true],"newspack-article-block-square-medium":["https:\/\/i0.wp.com\/landioustravel.com\/wp-content\/uploads\/2020\/11\/Aswan-Abu-Simbel-Trip-Safaga-e1617504519411.jpg?resize=800%2C675&ssl=1",800,800,true],"newspack-article-block-landscape-intermediate":["https:\/\/i0.wp.com\/landioustravel.com\/wp-content\/uploads\/2020\/11\/Aswan-Abu-Simbel-Trip-Safaga-e1617504519411.jpg?resize=600%2C450&ssl=1",600,450,true],"newspack-article-block-portrait-intermediate":["https:\/\/i0.wp.com\/landioustravel.com\/wp-content\/uploads\/2020\/11\/Aswan-Abu-Simbel-Trip-Safaga-e1617504519411.jpg?resize=450%2C600&ssl=1",450,600,true],"newspack-article-block-square-intermediate":["https:\/\/i0.wp.com\/landioustravel.com\/wp-content\/uploads\/2020\/11\/Aswan-Abu-Simbel-Trip-Safaga-e1617504519411.jpg?resize=600%2C600&ssl=1",600,600,true],"newspack-article-block-landscape-small":["https:\/\/i0.wp.com\/landioustravel.com\/wp-content\/uploads\/2020\/11\/Aswan-Abu-Simbel-Trip-Safaga-e1617504519411.jpg?resize=400%2C300&ssl=1",400,300,true],"newspack-article-block-portrait-small":["https:\/\/i0.wp.com\/landioustravel.com\/wp-content\/uploads\/2020\/11\/Aswan-Abu-Simbel-Trip-Safaga-e1617504519411.jpg?resize=300%2C400&ssl=1",300,400,true],"newspack-article-block-square-small":["https:\/\/i0.wp.com\/landioustravel.com\/wp-content\/uploads\/2020\/11\/Aswan-Abu-Simbel-Trip-Safaga-e1617504519411.jpg?resize=400%2C400&ssl=1",400,400,true],"newspack-article-block-landscape-tiny":["https:\/\/i0.wp.com\/landioustravel.com\/wp-content\/uploads\/2020\/11\/Aswan-Abu-Simbel-Trip-Safaga-e1617504519411.jpg?resize=200%2C150&ssl=1",200,150,true],"newspack-article-block-portrait-tiny":["https:\/\/i0.wp.com\/landioustravel.com\/wp-content\/uploads\/2020\/11\/Aswan-Abu-Simbel-Trip-Safaga-e1617504519411.jpg?resize=150%2C200&ssl=1",150,200,true],"newspack-article-block-square-tiny":["https:\/\/i0.wp.com\/landioustravel.com\/wp-content\/uploads\/2020\/11\/Aswan-Abu-Simbel-Trip-Safaga-e1617504519411.jpg?resize=200%2C200&ssl=1",200,200,true],"newspack-article-block-uncropped":["https:\/\/i0.wp.com\/landioustravel.com\/wp-content\/uploads\/2020\/11\/Aswan-Abu-Simbel-Trip-Safaga-e1617504519411.jpg?fit=1200%2C675&ssl=1",1200,675,true],"woocommerce_thumbnail":["https:\/\/i0.wp.com\/landioustravel.com\/wp-content\/uploads\/2020\/11\/Aswan-Abu-Simbel-Trip-Safaga-e1617504519411.jpg?resize=324%2C324&ssl=1",324,324,true],"woocommerce_single":["https:\/\/i0.wp.com\/landioustravel.com\/wp-content\/uploads\/2020\/11\/Aswan-Abu-Simbel-Trip-Safaga-e1617504519411.jpg?fit=416%2C234&ssl=1",416,234,true],"woocommerce_gallery_thumbnail":["https:\/\/i0.wp.com\/landioustravel.com\/wp-content\/uploads\/2020\/11\/Aswan-Abu-Simbel-Trip-Safaga-e1617504519411.jpg?resize=100%2C100&ssl=1",100,100,true]},"uagb_author_info":{"display_name":"Mofreh Landious","author_link":"https:\/\/landioustravel.com\/de\/author\/"},"uagb_comment_info":2,"uagb_excerpt":"W\u00e4hrend der Reise haben Sie die M\u00f6glichkeit, verschiedene Sehensw\u00fcrdigkeiten zu erkunden und an Besichtigungsaktivit\u00e4ten teilzunehmen. Sie k\u00f6nnen die Sehensw\u00fcrdigkeiten von Assuan besichtigen und sogar weiter nach Nubien reisen, um die Tempel von Abu Simbel zu besichtigen. Die Tour beinhaltet Besuche verschiedener Sehensw\u00fcrdigkeiten wie des Staudamms, des Tempels der G\u00f6ttin Isis auf der Insel Philae, des&hellip;","jetpack_sharing_enabled":true,"jetpack_likes_enabled":true,"amp_enabled":true,"_links":{"self":[{"href":"https:\/\/landioustravel.com\/de\/wp-json\/wp\/v2\/product\/25783","targetHints":{"allow":["GET"]}}],"collection":[{"href":"https:\/\/landioustravel.com\/de\/wp-json\/wp\/v2\/product"}],"about":[{"href":"https:\/\/landioustravel.com\/de\/wp-json\/wp\/v2\/types\/product"}],"replies":[{"embeddable":true,"href":"https:\/\/landioustravel.com\/de\/wp-json\/wp\/v2\/comments?post=25783"}],"wp:featuredmedia":[{"embeddable":true,"href":"https:\/\/landioustravel.com\/de\/wp-json\/wp\/v2\/media\/45428"}],"wp:attachment":[{"href":"https:\/\/landioustravel.com\/de\/wp-json\/wp\/v2\/media?parent=25783"}],"wp:term":[{"taxonomy":"product_brand","embeddable":true,"href":"https:\/\/landioustravel.com\/de\/wp-json\/wp\/v2\/product_brand?post=25783"},{"taxonomy":"product_cat","embeddable":true,"href":"https:\/\/landioustravel.com\/de\/wp-json\/wp\/v2\/product_cat?post=25783"},{"taxonomy":"product_tag","embeddable":true,"href":"https:\/\/landioustravel.com\/de\/wp-json\/wp\/v2\/product_tag?post=25783"}],"curies":[{"name":"wp","href":"https:\/\/api.w.org\/{rel}","templated":true}]}}