{"id":25900,"date":"2020-11-08T00:24:54","date_gmt":"2020-11-23T19:44:43","guid":{"rendered":"https:\/\/landioustravel.com\/?post_type=product&#038;p=25900"},"modified":"2024-08-06T13:32:45","modified_gmt":"2024-08-06T10:32:45","slug":"reise-assuan-abu-simbel-marsa-alam","status":"publish","type":"product","link":"https:\/\/landioustravel.com\/de\/shop\/reise-assuan-abu-simbel-marsa-alam\/","title":{"rendered":"Assuan &#038; Abu Simbel Reise Marsa Alam"},"content":{"rendered":"<p>Ein wunderbarer Ausflug nach Assuan und Abu Simbel von <a href=\"https:\/\/landioustravel.com\/de\/stadt-marsa-alam\/\">Marsa Alam<\/a>, <a href=\"https:\/\/landioustravel.com\/de\/agypten\/\">\u00c4gypten<\/a>! Wir empfehlen einen Ausflug, da Touristen eine gro\u00dfe Anzahl alt\u00e4gyptischer Sehensw\u00fcrdigkeiten sehen und mehr \u00fcber die Geschichte des Landes erfahren k\u00f6nnen. ONLINE BUCHUNG ASWAN &amp; ABU SIMBEL REISE MARSA ALAM UND BESTER PREIS!<\/p>\n<h2>H\u00f6hepunkte der Assuan &amp; Abu Simbel Reise von Marsa Alam<\/h2>\n<ul>\n<li>Hoher Damm.<\/li>\n<li><a href=\"https:\/\/landioustravel.com\/de\/agypten\/agyptischen-tempel\/die-tempel-philae\/\">Philae Tempel<\/a>.<\/li>\n<li>Unvollendeter Obelisk.<\/li>\n<li>Nilpicknick mit \u00e4gyptischer Feluke.<\/li>\n<li>Auch die <a href=\"https:\/\/landioustravel.com\/de\/agypten\/agyptischen-tempel\/die-tempel-abu-simbel\/\">Tempel von Abu Simbel<\/a>.<\/li>\n<\/ul>\n<h3>Tourprogramm nach Assuan &#8211; Abu Simbel<\/h3>\n<ul>\n<li>Der Vertreter von <a href=\"https:\/\/landioustravel.com\/de\/kontakte\/\">Landious Travel<\/a> holt Sie gegen 03:00 Uhr morgens vom Hotel in (Marsa Alam, Al-Quseir und Port Ghalib) ab.<\/li>\n<li>Nachdem alle Ank\u00f6mmlinge abgeholt wurden, f\u00e4hrt der Bus in Richtung Assuan, vorbei an den St\u00e4dten Edfu und Kom Ombo. Die Stadt Edfu liegt 120 Kilometer s\u00fcdlich von Marsa Alam am Nil. W\u00e4hrend die Stadt Kom Ombo 220 km entfernt im Niltal liegt. Der Weg vom Zentrum von Marsa Alam nach Assuan dauert ungef\u00e4hr 4 Stunden.<\/li>\n<\/ul>\n<h4 style=\"text-align: center;\">Erstes Tagesprogramm in Assuan<\/h4>\n<ul>\n<li>Sobald Sie in Assuan ankommen, zeigen wir Ihnen den Tempel der G\u00f6ttin Isis auf der Insel Philae.<\/li>\n<li>Dann gehen wir weiter zum High Dam, nachdem wir die komplexen Tempel in Philae besucht haben.<\/li>\n<li>Danach k\u00f6nnen Sie den unvollendeten Obelisken der K\u00f6nigin Hatschepsut besuchen.<\/li>\n<li>Schlie\u00dflich k\u00f6nnen Sie Ihr Mittagessen genie\u00dfen, bevor Sie zu Ihrem Hotel in Assuan zur\u00fcckgebracht werden.<\/li>\n<\/ul>\n<h5 style=\"text-align: center;\">Zweites Tagesprogramm in Abu Simbel<\/h5>\n<ul>\n<li>Am Morgen Ihres zweiten Aufenthalts in Assuan holen wir Sie um 04:00 Uhr von Ihrem Hotel ab, um nach Abu Simbel zu reisen. Bemerkenswert ist, dass die Fahrt zu den Tempeln von Abu Simbel 3 Stunden dauert.<\/li>\n<li>Sobald Sie in Abu Simbel angekommen sind, zeigen wir Ihnen die erstaunlichen Tempel von Ramses II.<\/li>\n<li>Am Ende dieses Besuchs fahren wir zur\u00fcck nach Assuan.<\/li>\n<li>In Assuan genie\u00dfen Sie Ihr Mittagessen.<\/li>\n<\/ul>\n<h6 style=\"text-align: center;\">Abfahrt nach Marsa Alam<\/h6>\n<ul>\n<li>Nach einem solchen Programm in der wundersch\u00f6nen Stadt Assuan f\u00e4hrt unser Bus zur\u00fcck nach Marsa Alam.<\/li>\n<li>Diese Assuan &amp; Abu Simbel Reise von <a href=\"https:\/\/www.google.de\/maps\/place\/Marsa+Alam,+Al-Bahr+al-ahmar\/@25.0684889,34.8491684,13z\/data=!3m1!4b1!4m5!3m4!1s0x15b4ea245c03b81d:0x51ad8e167c79ac32!8m2!3d25.0676256!4d34.8789697\" target=\"_blank\" rel=\"noopener\">Marsa Alam<\/a> endet gegen 22:00 Uhr.<\/li>\n<\/ul>\n<h4>Was beinhaltet der Preis f\u00fcr Assuan &amp; Abu Simbel Reise Marsa Alam?<\/h4>\n<ul>\n<li>Tickets f\u00fcr Tempelbesuche.<\/li>\n<li>Mittagessen.<\/li>\n<li>Leiten.<\/li>\n<li>Hotelaufenthalt.<\/li>\n<li>Transfer nach Assuan &#8211; Abu Simbel und zur\u00fcck zum Hotel.<\/li>\n<\/ul>\n<h5>Was beinhaltet das Assuan &amp; Abu Simbel Tour Marsa Alam Programm nicht?<\/h5>\n<ul>\n<li>Zus\u00e4tzliche Ausflugsprogramme.<\/li>\n<li>Auch Getr\u00e4nke.<\/li>\n<\/ul>\n<h6>Was nehmen Sie f\u00fcr die Reise mit?<\/h6>\n<ul>\n<li>Fr\u00fchst\u00fccksbox.<\/li>\n<li>Reisepass.<\/li>\n<li>Auch Kleidung f\u00fcr die Saison.<\/li>\n<\/ul>\n<h6>Assuan &amp; Abu Simbel Reise Marsa Alam Buchungstage<\/h6>\n<ul>\n<li>T\u00e4glich von 04:00 bis 22:00 Uhr am n\u00e4chsten Tag.<\/li>\n<\/ul>\n","protected":false},"excerpt":{"rendered":"<p>Begeben Sie sich auf eine Entdeckungsreise mit unserem zweit\u00e4gigen Ausflug von Marsa Alam oder Port Ghalib nach Assuan und Abu Simbel. Sie haben die M\u00f6glichkeit, die Sehensw\u00fcrdigkeiten von Assuan zu erkunden und sich weiter nach Nubien zu begeben, um die Tempel von Abu Simbel zu besichtigen. Zu den Sehensw\u00fcrdigkeiten z\u00e4hlen der Staudamm, der Tempel der G\u00f6ttin Isis auf der Insel Philae, der unvollendete Obelisk der Hatschepsut und die Tempel von Ramses II. Sie werden auch ein herrliches Nilpicknick auf Felucca genie\u00dfen. Der Reisepreis beinhaltet Verpflegung und Unterkunft.<\/p>\n<p>Am ersten Tag werden Sie um 05:00 Uhr von Ihrem Hotel in Hurghada oder Port Ghalib abgeholt und fahren mit einem Privatfahrzeug nach Assuan. Die Fahrt dauert etwa 4 Stunden. Bei Ihrer Ankunft besichtigen Sie den Staudamm, den Phiala-Tempel und den unvollendeten Obelisken. Sie haben auch die M\u00f6glichkeit, mit einer \u00e4gyptischen Feluke auf dem Nil zu segeln. Der Phiala-Tempel wurde zu Ehren der G\u00f6ttin Isis erbaut und war der letzte Tempel im klassischen \u00e4gyptischen Stil. Der High Dam ist ein Felsdamm an der Nordgrenze zwischen \u00c4gypten und Sudan. Der unvollendete Obelisk gibt Aufschluss dar\u00fcber, wie die alten \u00c4gypter ihre Statuen und Obelisken schufen.<\/p>\n<p>Am Nachmittag haben Sie die M\u00f6glichkeit, das nubische Dorf zu besuchen, ein authentischer und farbenfroher Ort, der Sie an jeder Ecke \u00fcberraschen wird. Verbringen Sie 2 Stunden damit, die Seele dieses Ortes zu erkunden und kennenzulernen.<\/p>\n<p>Am zweiten Tag werden Sie um 04:00 Uhr fr\u00fch von Ihrem Hotel in Assuan abgeholt und fahren mit einem klimatisierten Fahrzeug von Assuan nach Abu Simbel. Die Fahrt dauert etwa 3 Stunden. Die beiden Tempel wurden w\u00e4hrend der Herrschaft von Pharao Ramses II. im 13. Jahrhundert v. Chr. aus dem Berghang gehauen.<\/p>\n<p>Bei Ihrer Ankunft erz\u00e4hlt Ihnen ein \u00e4gyptologischer F\u00fchrer alles \u00fcber einen der gr\u00f6\u00dften und skurrilsten Pharaonen in der \u00e4gyptischen Geschichte. Bewundern Sie die Hauptfassade des Gro\u00dfen Tempels von Ramses II. und die vier Statuen des Pharaos, der nach zunehmendem Alter auf seinem Thron sitzt. Der Haupttempel ist Amon-Re Horakhty und Ptah gewidmet. Der kleinere Tempel von Ramses\u2018 Gemahlin, K\u00f6nigin Nefertari, liegt direkt neben dem Gro\u00dfen Tempel. Bewundern Sie die beeindruckende Felsfassade, die den Pharao und seine K\u00f6nigin darstellt.<\/p>\n<p>Nach der Tour wird in Assuan ein Mittagessen serviert, bevor Sie zur\u00fcck nach Marsa Alam fahren. Im Preis der Tour sind die Abholung und R\u00fcckgabe vom Hotel in Assuan, ein \u00e4gyptologischer F\u00fchrer, Mineralwasser an Bord des Fahrzeugs w\u00e4hrend der Tour, Eintrittsgelder f\u00fcr die genannten Sehensw\u00fcrdigkeiten in Assuan und Abu Simbel, Transport in einem privaten, klimatisierten Fahrzeug und Mittagessen enthalten in einem Qualit\u00e4tsrestaurant mit leckerem Essen in Assuan und eine \u00dcbernachtung im Basma Hotel in Assuan.<\/p>\n","protected":false},"featured_media":128099,"comment_status":"open","ping_status":"closed","template":"","meta":{"_coblocks_attr":"","_coblocks_dimensions":"","_coblocks_responsive_height":"","_coblocks_accordion_ie_support":"","_uag_custom_page_level_css":"","jetpack_publicize_message":"","jetpack_publicize_feature_enabled":true,"jetpack_social_post_already_shared":true,"jetpack_social_options":{"image_generator_settings":{"template":"highway","default_image_id":0,"font":"","enabled":false},"version":2},"_wpas_customize_per_network":false},"product_brand":[],"product_cat":[9085],"product_tag":[1653,9906],"class_list":{"0":"post-25900","1":"product","2":"type-product","3":"status-publish","4":"has-post-thumbnail","6":"product_cat-individuelle-ausfluege-marsa-alam","7":"product_tag-ausflug","8":"product_tag-besichtigung","10":"first","11":"instock","12":"sale","13":"taxable","14":"shipping-taxable","15":"purchasable","16":"product-type-variable"},"yoast_head":"<!-- This site is optimized with the Yoast SEO Premium plugin v27.5 (Yoast SEO v27.5) - https:\/\/yoast.com\/product\/yoast-seo-premium-wordpress\/ -->\n<title>Assuan &amp; Abu Simbel Reise Marsa Alam<\/title>\n<meta name=\"description\" content=\"Assuan &amp; Abu Simbel Reise Marsa Alam Die Reise gibt Ihnen die M\u00f6glichkeit, einige Sightseeing-Aktivit\u00e4ten zu machen. Sicherlich k\u00f6nnen Sie\" \/>\n<meta name=\"robots\" content=\"index, follow, max-snippet:-1, max-image-preview:large, max-video-preview:-1\" \/>\n<link rel=\"canonical\" href=\"https:\/\/landioustravel.com\/de\/shop\/reise-assuan-abu-simbel-marsa-alam\/\" \/>\n<meta property=\"og:locale\" content=\"de_DE\" \/>\n<meta property=\"og:type\" content=\"article\" \/>\n<meta property=\"og:title\" content=\"Assuan &amp; Abu Simbel Reise Marsa Alam\" \/>\n<meta property=\"og:description\" content=\"Landious Travel\" \/>\n<meta property=\"og:url\" content=\"https:\/\/landioustravel.com\/de\/shop\/reise-assuan-abu-simbel-marsa-alam\/\" \/>\n<meta property=\"og:site_name\" content=\"Landious Travel\" \/>\n<meta property=\"article:publisher\" content=\"https:\/\/web.facebook.com\/landiousEgypt\" \/>\n<meta property=\"article:modified_time\" content=\"2024-08-06T10:32:45+00:00\" \/>\n<meta property=\"og:image\" content=\"https:\/\/i0.wp.com\/landioustravel.com\/wp-content\/uploads\/2020\/11\/Aswan-Abu-Simbel-Trip-Marsa-Alam-1.jpg?fit=1200%2C675&ssl=1\" \/>\n\t<meta property=\"og:image:width\" content=\"1200\" \/>\n\t<meta property=\"og:image:height\" content=\"675\" \/>\n\t<meta property=\"og:image:type\" content=\"image\/jpeg\" \/>\n<meta name=\"twitter:card\" content=\"summary_large_image\" \/>\n<meta name=\"twitter:site\" content=\"@LandiousTours\" \/>\n<meta name=\"twitter:label1\" content=\"Gesch\u00e4tzte Lesezeit\" \/>\n\t<meta name=\"twitter:data1\" content=\"2\u00a0Minuten\" \/>\n<script type=\"application\/ld+json\" class=\"yoast-schema-graph\">{\"@context\":\"https:\\\/\\\/schema.org\",\"@graph\":[{\"@type\":\"WebPage\",\"@id\":\"https:\\\/\\\/landioustravel.com\\\/de\\\/shop\\\/reise-assuan-abu-simbel-marsa-alam\\\/\",\"url\":\"https:\\\/\\\/landioustravel.com\\\/de\\\/shop\\\/reise-assuan-abu-simbel-marsa-alam\\\/\",\"name\":\"Assuan & Abu Simbel Reise Marsa Alam\",\"isPartOf\":{\"@id\":\"https:\\\/\\\/landioustravel.com\\\/de\\\/#website\"},\"primaryImageOfPage\":{\"@id\":\"https:\\\/\\\/landioustravel.com\\\/de\\\/shop\\\/reise-assuan-abu-simbel-marsa-alam\\\/#primaryimage\"},\"image\":{\"@id\":\"https:\\\/\\\/landioustravel.com\\\/de\\\/shop\\\/reise-assuan-abu-simbel-marsa-alam\\\/#primaryimage\"},\"thumbnailUrl\":\"https:\\\/\\\/i0.wp.com\\\/landioustravel.com\\\/wp-content\\\/uploads\\\/2020\\\/11\\\/Aswan-Abu-Simbel-Trip-Marsa-Alam-1.jpg?fit=1200%2C675&ssl=1\",\"datePublished\":\"2020-11-23T19:44:43+00:00\",\"dateModified\":\"2024-08-06T10:32:45+00:00\",\"description\":\"Assuan & Abu Simbel Reise Marsa Alam Die Reise gibt Ihnen die M\u00f6glichkeit, einige Sightseeing-Aktivit\u00e4ten zu machen. Sicherlich k\u00f6nnen Sie\",\"breadcrumb\":{\"@id\":\"https:\\\/\\\/landioustravel.com\\\/de\\\/shop\\\/reise-assuan-abu-simbel-marsa-alam\\\/#breadcrumb\"},\"inLanguage\":\"de\",\"potentialAction\":[{\"@type\":\"ReadAction\",\"target\":[\"https:\\\/\\\/landioustravel.com\\\/de\\\/shop\\\/reise-assuan-abu-simbel-marsa-alam\\\/\"]}]},{\"@type\":\"ImageObject\",\"inLanguage\":\"de\",\"@id\":\"https:\\\/\\\/landioustravel.com\\\/de\\\/shop\\\/reise-assuan-abu-simbel-marsa-alam\\\/#primaryimage\",\"url\":\"https:\\\/\\\/i0.wp.com\\\/landioustravel.com\\\/wp-content\\\/uploads\\\/2020\\\/11\\\/Aswan-Abu-Simbel-Trip-Marsa-Alam-1.jpg?fit=1200%2C675&ssl=1\",\"contentUrl\":\"https:\\\/\\\/i0.wp.com\\\/landioustravel.com\\\/wp-content\\\/uploads\\\/2020\\\/11\\\/Aswan-Abu-Simbel-Trip-Marsa-Alam-1.jpg?fit=1200%2C675&ssl=1\",\"width\":1200,\"height\":675,\"caption\":\"Aswan Abu Simbel Trip Marsa Alam\"},{\"@type\":\"BreadcrumbList\",\"@id\":\"https:\\\/\\\/landioustravel.com\\\/de\\\/shop\\\/reise-assuan-abu-simbel-marsa-alam\\\/#breadcrumb\",\"itemListElement\":[{\"@type\":\"ListItem\",\"position\":1,\"name\":\"Home\",\"item\":\"https:\\\/\\\/landioustravel.com\\\/de\\\/\"},{\"@type\":\"ListItem\",\"position\":2,\"name\":\"\u00c4gypten Touren\",\"item\":\"https:\\\/\\\/landioustravel.com\\\/de\\\/\"},{\"@type\":\"ListItem\",\"position\":3,\"name\":\"Assuan &#038; Abu Simbel Reise Marsa Alam\"}]},{\"@type\":\"WebSite\",\"@id\":\"https:\\\/\\\/landioustravel.com\\\/de\\\/#website\",\"url\":\"https:\\\/\\\/landioustravel.com\\\/de\\\/\",\"name\":\"Landious Travel\",\"description\":\"Excursions, trips and cruises in Egypt\",\"publisher\":{\"@id\":\"https:\\\/\\\/landioustravel.com\\\/de\\\/#organization\"},\"potentialAction\":[{\"@type\":\"SearchAction\",\"target\":{\"@type\":\"EntryPoint\",\"urlTemplate\":\"https:\\\/\\\/landioustravel.com\\\/de\\\/?s={search_term_string}\"},\"query-input\":{\"@type\":\"PropertyValueSpecification\",\"valueRequired\":true,\"valueName\":\"search_term_string\"}}],\"inLanguage\":\"de\"},{\"@type\":[\"Organization\",\"Place\"],\"@id\":\"https:\\\/\\\/landioustravel.com\\\/de\\\/#organization\",\"name\":\"Landious Travel\",\"alternateName\":\"Landious Travel\",\"url\":\"https:\\\/\\\/landioustravel.com\\\/de\\\/\",\"logo\":{\"@id\":\"https:\\\/\\\/landioustravel.com\\\/de\\\/shop\\\/reise-assuan-abu-simbel-marsa-alam\\\/#local-main-organization-logo\"},\"image\":{\"@id\":\"https:\\\/\\\/landioustravel.com\\\/de\\\/shop\\\/reise-assuan-abu-simbel-marsa-alam\\\/#local-main-organization-logo\"},\"sameAs\":[\"https:\\\/\\\/web.facebook.com\\\/landiousEgypt\",\"https:\\\/\\\/x.com\\\/LandiousTours\",\"https:\\\/\\\/mastodon.social\\\/@landious\"],\"legalName\":\"Landious Travel\",\"telephone\":[],\"openingHoursSpecification\":[{\"@type\":\"OpeningHoursSpecification\",\"dayOfWeek\":[\"Monday\",\"Tuesday\",\"Wednesday\",\"Thursday\",\"Friday\",\"Saturday\",\"Sunday\"],\"opens\":\"09:00\",\"closes\":\"17:00\"}]},{\"@type\":\"ImageObject\",\"inLanguage\":\"de\",\"@id\":\"https:\\\/\\\/landioustravel.com\\\/de\\\/shop\\\/reise-assuan-abu-simbel-marsa-alam\\\/#local-main-organization-logo\",\"url\":\"https:\\\/\\\/i0.wp.com\\\/landioustravel.com\\\/wp-content\\\/uploads\\\/2021\\\/06\\\/Landious-T.png?fit=500%2C500&ssl=1\",\"contentUrl\":\"https:\\\/\\\/i0.wp.com\\\/landioustravel.com\\\/wp-content\\\/uploads\\\/2021\\\/06\\\/Landious-T.png?fit=500%2C500&ssl=1\",\"width\":500,\"height\":500,\"caption\":\"Landious Travel\"}]}<\/script>\n<!-- \/ Yoast SEO Premium plugin. -->","yoast_head_json":{"title":"Assuan & Abu Simbel Reise Marsa Alam","description":"Assuan & Abu Simbel Reise Marsa Alam Die Reise gibt Ihnen die M\u00f6glichkeit, einige Sightseeing-Aktivit\u00e4ten zu machen. Sicherlich k\u00f6nnen Sie","robots":{"index":"index","follow":"follow","max-snippet":"max-snippet:-1","max-image-preview":"max-image-preview:large","max-video-preview":"max-video-preview:-1"},"canonical":"https:\/\/landioustravel.com\/de\/shop\/reise-assuan-abu-simbel-marsa-alam\/","og_locale":"de_DE","og_type":"article","og_title":"Assuan & Abu Simbel Reise Marsa Alam","og_description":"Landious Travel","og_url":"https:\/\/landioustravel.com\/de\/shop\/reise-assuan-abu-simbel-marsa-alam\/","og_site_name":"Landious Travel","article_publisher":"https:\/\/web.facebook.com\/landiousEgypt","article_modified_time":"2024-08-06T10:32:45+00:00","og_image":[{"width":1200,"height":675,"url":"https:\/\/i0.wp.com\/landioustravel.com\/wp-content\/uploads\/2020\/11\/Aswan-Abu-Simbel-Trip-Marsa-Alam-1.jpg?fit=1200%2C675&ssl=1","type":"image\/jpeg"}],"twitter_card":"summary_large_image","twitter_site":"@LandiousTours","twitter_misc":{"Gesch\u00e4tzte Lesezeit":"2\u00a0Minuten"},"schema":{"@context":"https:\/\/schema.org","@graph":[{"@type":"WebPage","@id":"https:\/\/landioustravel.com\/de\/shop\/reise-assuan-abu-simbel-marsa-alam\/","url":"https:\/\/landioustravel.com\/de\/shop\/reise-assuan-abu-simbel-marsa-alam\/","name":"Assuan & Abu Simbel Reise Marsa Alam","isPartOf":{"@id":"https:\/\/landioustravel.com\/de\/#website"},"primaryImageOfPage":{"@id":"https:\/\/landioustravel.com\/de\/shop\/reise-assuan-abu-simbel-marsa-alam\/#primaryimage"},"image":{"@id":"https:\/\/landioustravel.com\/de\/shop\/reise-assuan-abu-simbel-marsa-alam\/#primaryimage"},"thumbnailUrl":"https:\/\/i0.wp.com\/landioustravel.com\/wp-content\/uploads\/2020\/11\/Aswan-Abu-Simbel-Trip-Marsa-Alam-1.jpg?fit=1200%2C675&ssl=1","datePublished":"2020-11-23T19:44:43+00:00","dateModified":"2024-08-06T10:32:45+00:00","description":"Assuan & Abu Simbel Reise Marsa Alam Die Reise gibt Ihnen die M\u00f6glichkeit, einige Sightseeing-Aktivit\u00e4ten zu machen. Sicherlich k\u00f6nnen Sie","breadcrumb":{"@id":"https:\/\/landioustravel.com\/de\/shop\/reise-assuan-abu-simbel-marsa-alam\/#breadcrumb"},"inLanguage":"de","potentialAction":[{"@type":"ReadAction","target":["https:\/\/landioustravel.com\/de\/shop\/reise-assuan-abu-simbel-marsa-alam\/"]}]},{"@type":"ImageObject","inLanguage":"de","@id":"https:\/\/landioustravel.com\/de\/shop\/reise-assuan-abu-simbel-marsa-alam\/#primaryimage","url":"https:\/\/i0.wp.com\/landioustravel.com\/wp-content\/uploads\/2020\/11\/Aswan-Abu-Simbel-Trip-Marsa-Alam-1.jpg?fit=1200%2C675&ssl=1","contentUrl":"https:\/\/i0.wp.com\/landioustravel.com\/wp-content\/uploads\/2020\/11\/Aswan-Abu-Simbel-Trip-Marsa-Alam-1.jpg?fit=1200%2C675&ssl=1","width":1200,"height":675,"caption":"Aswan Abu Simbel Trip Marsa Alam"},{"@type":"BreadcrumbList","@id":"https:\/\/landioustravel.com\/de\/shop\/reise-assuan-abu-simbel-marsa-alam\/#breadcrumb","itemListElement":[{"@type":"ListItem","position":1,"name":"Home","item":"https:\/\/landioustravel.com\/de\/"},{"@type":"ListItem","position":2,"name":"\u00c4gypten Touren","item":"https:\/\/landioustravel.com\/de\/"},{"@type":"ListItem","position":3,"name":"Assuan &#038; Abu Simbel Reise Marsa Alam"}]},{"@type":"WebSite","@id":"https:\/\/landioustravel.com\/de\/#website","url":"https:\/\/landioustravel.com\/de\/","name":"Landious Travel","description":"Excursions, trips and cruises in Egypt","publisher":{"@id":"https:\/\/landioustravel.com\/de\/#organization"},"potentialAction":[{"@type":"SearchAction","target":{"@type":"EntryPoint","urlTemplate":"https:\/\/landioustravel.com\/de\/?s={search_term_string}"},"query-input":{"@type":"PropertyValueSpecification","valueRequired":true,"valueName":"search_term_string"}}],"inLanguage":"de"},{"@type":["Organization","Place"],"@id":"https:\/\/landioustravel.com\/de\/#organization","name":"Landious Travel","alternateName":"Landious Travel","url":"https:\/\/landioustravel.com\/de\/","logo":{"@id":"https:\/\/landioustravel.com\/de\/shop\/reise-assuan-abu-simbel-marsa-alam\/#local-main-organization-logo"},"image":{"@id":"https:\/\/landioustravel.com\/de\/shop\/reise-assuan-abu-simbel-marsa-alam\/#local-main-organization-logo"},"sameAs":["https:\/\/web.facebook.com\/landiousEgypt","https:\/\/x.com\/LandiousTours","https:\/\/mastodon.social\/@landious"],"legalName":"Landious Travel","telephone":[],"openingHoursSpecification":[{"@type":"OpeningHoursSpecification","dayOfWeek":["Monday","Tuesday","Wednesday","Thursday","Friday","Saturday","Sunday"],"opens":"09:00","closes":"17:00"}]},{"@type":"ImageObject","inLanguage":"de","@id":"https:\/\/landioustravel.com\/de\/shop\/reise-assuan-abu-simbel-marsa-alam\/#local-main-organization-logo","url":"https:\/\/i0.wp.com\/landioustravel.com\/wp-content\/uploads\/2021\/06\/Landious-T.png?fit=500%2C500&ssl=1","contentUrl":"https:\/\/i0.wp.com\/landioustravel.com\/wp-content\/uploads\/2021\/06\/Landious-T.png?fit=500%2C500&ssl=1","width":500,"height":500,"caption":"Landious Travel"}]}},"jetpack_publicize_connections":[],"uagb_featured_image_src":{"full":["https:\/\/i0.wp.com\/landioustravel.com\/wp-content\/uploads\/2020\/11\/Aswan-Abu-Simbel-Trip-Marsa-Alam-1.jpg?fit=1200%2C675&ssl=1",1200,675,false],"thumbnail":["https:\/\/i0.wp.com\/landioustravel.com\/wp-content\/uploads\/2020\/11\/Aswan-Abu-Simbel-Trip-Marsa-Alam-1.jpg?resize=150%2C150&ssl=1",150,150,true],"medium":["https:\/\/i0.wp.com\/landioustravel.com\/wp-content\/uploads\/2020\/11\/Aswan-Abu-Simbel-Trip-Marsa-Alam-1.jpg?fit=300%2C169&ssl=1",300,169,true],"medium_large":["https:\/\/i0.wp.com\/landioustravel.com\/wp-content\/uploads\/2020\/11\/Aswan-Abu-Simbel-Trip-Marsa-Alam-1.jpg?fit=768%2C432&ssl=1",768,432,true],"large":["https:\/\/i0.wp.com\/landioustravel.com\/wp-content\/uploads\/2020\/11\/Aswan-Abu-Simbel-Trip-Marsa-Alam-1.jpg?fit=980%2C551&ssl=1",980,551,true],"1536x1536":["https:\/\/i0.wp.com\/landioustravel.com\/wp-content\/uploads\/2020\/11\/Aswan-Abu-Simbel-Trip-Marsa-Alam-1.jpg?fit=1200%2C675&ssl=1",1200,675,true],"2048x2048":["https:\/\/i0.wp.com\/landioustravel.com\/wp-content\/uploads\/2020\/11\/Aswan-Abu-Simbel-Trip-Marsa-Alam-1.jpg?fit=1200%2C675&ssl=1",1200,675,true],"newspack-article-block-landscape-large":["https:\/\/i0.wp.com\/landioustravel.com\/wp-content\/uploads\/2020\/11\/Aswan-Abu-Simbel-Trip-Marsa-Alam-1.jpg?resize=1200%2C675&ssl=1",1200,675,true],"newspack-article-block-portrait-large":["https:\/\/i0.wp.com\/landioustravel.com\/wp-content\/uploads\/2020\/11\/Aswan-Abu-Simbel-Trip-Marsa-Alam-1.jpg?resize=900%2C675&ssl=1",900,675,true],"newspack-article-block-square-large":["https:\/\/i0.wp.com\/landioustravel.com\/wp-content\/uploads\/2020\/11\/Aswan-Abu-Simbel-Trip-Marsa-Alam-1.jpg?resize=1200%2C675&ssl=1",1200,675,true],"newspack-article-block-landscape-medium":["https:\/\/i0.wp.com\/landioustravel.com\/wp-content\/uploads\/2020\/11\/Aswan-Abu-Simbel-Trip-Marsa-Alam-1.jpg?resize=800%2C600&ssl=1",800,600,true],"newspack-article-block-portrait-medium":["https:\/\/i0.wp.com\/landioustravel.com\/wp-content\/uploads\/2020\/11\/Aswan-Abu-Simbel-Trip-Marsa-Alam-1.jpg?resize=600%2C675&ssl=1",600,675,true],"newspack-article-block-square-medium":["https:\/\/i0.wp.com\/landioustravel.com\/wp-content\/uploads\/2020\/11\/Aswan-Abu-Simbel-Trip-Marsa-Alam-1.jpg?resize=800%2C675&ssl=1",800,675,true],"newspack-article-block-landscape-intermediate":["https:\/\/i0.wp.com\/landioustravel.com\/wp-content\/uploads\/2020\/11\/Aswan-Abu-Simbel-Trip-Marsa-Alam-1.jpg?resize=600%2C450&ssl=1",600,450,true],"newspack-article-block-portrait-intermediate":["https:\/\/i0.wp.com\/landioustravel.com\/wp-content\/uploads\/2020\/11\/Aswan-Abu-Simbel-Trip-Marsa-Alam-1.jpg?resize=450%2C600&ssl=1",450,600,true],"newspack-article-block-square-intermediate":["https:\/\/i0.wp.com\/landioustravel.com\/wp-content\/uploads\/2020\/11\/Aswan-Abu-Simbel-Trip-Marsa-Alam-1.jpg?resize=600%2C600&ssl=1",600,600,true],"newspack-article-block-landscape-small":["https:\/\/i0.wp.com\/landioustravel.com\/wp-content\/uploads\/2020\/11\/Aswan-Abu-Simbel-Trip-Marsa-Alam-1.jpg?resize=400%2C300&ssl=1",400,300,true],"newspack-article-block-portrait-small":["https:\/\/i0.wp.com\/landioustravel.com\/wp-content\/uploads\/2020\/11\/Aswan-Abu-Simbel-Trip-Marsa-Alam-1.jpg?resize=300%2C400&ssl=1",300,400,true],"newspack-article-block-square-small":["https:\/\/i0.wp.com\/landioustravel.com\/wp-content\/uploads\/2020\/11\/Aswan-Abu-Simbel-Trip-Marsa-Alam-1.jpg?resize=400%2C400&ssl=1",400,400,true],"newspack-article-block-landscape-tiny":["https:\/\/i0.wp.com\/landioustravel.com\/wp-content\/uploads\/2020\/11\/Aswan-Abu-Simbel-Trip-Marsa-Alam-1.jpg?resize=200%2C150&ssl=1",200,150,true],"newspack-article-block-portrait-tiny":["https:\/\/i0.wp.com\/landioustravel.com\/wp-content\/uploads\/2020\/11\/Aswan-Abu-Simbel-Trip-Marsa-Alam-1.jpg?resize=150%2C200&ssl=1",150,200,true],"newspack-article-block-square-tiny":["https:\/\/i0.wp.com\/landioustravel.com\/wp-content\/uploads\/2020\/11\/Aswan-Abu-Simbel-Trip-Marsa-Alam-1.jpg?resize=200%2C200&ssl=1",200,200,true],"newspack-article-block-uncropped":["https:\/\/i0.wp.com\/landioustravel.com\/wp-content\/uploads\/2020\/11\/Aswan-Abu-Simbel-Trip-Marsa-Alam-1.jpg?fit=1200%2C675&ssl=1",1200,675,true],"woocommerce_thumbnail":["https:\/\/i0.wp.com\/landioustravel.com\/wp-content\/uploads\/2020\/11\/Aswan-Abu-Simbel-Trip-Marsa-Alam-1.jpg?resize=324%2C324&ssl=1",324,324,true],"woocommerce_single":["https:\/\/i0.wp.com\/landioustravel.com\/wp-content\/uploads\/2020\/11\/Aswan-Abu-Simbel-Trip-Marsa-Alam-1.jpg?fit=416%2C234&ssl=1",416,234,true],"woocommerce_gallery_thumbnail":["https:\/\/i0.wp.com\/landioustravel.com\/wp-content\/uploads\/2020\/11\/Aswan-Abu-Simbel-Trip-Marsa-Alam-1.jpg?resize=100%2C100&ssl=1",100,100,true]},"uagb_author_info":{"display_name":"Mofreh Landious","author_link":"https:\/\/landioustravel.com\/de\/author\/"},"uagb_comment_info":4,"uagb_excerpt":"Begeben Sie sich auf eine Entdeckungsreise mit unserem zweit\u00e4gigen Ausflug von Marsa Alam oder Port Ghalib nach Assuan und Abu Simbel. Sie haben die M\u00f6glichkeit, die Sehensw\u00fcrdigkeiten von Assuan zu erkunden und sich weiter nach Nubien zu begeben, um die Tempel von Abu Simbel zu besichtigen. Zu den Sehensw\u00fcrdigkeiten z\u00e4hlen der Staudamm, der Tempel der&hellip;","jetpack_sharing_enabled":true,"jetpack_likes_enabled":true,"amp_enabled":true,"_links":{"self":[{"href":"https:\/\/landioustravel.com\/de\/wp-json\/wp\/v2\/product\/25900","targetHints":{"allow":["GET"]}}],"collection":[{"href":"https:\/\/landioustravel.com\/de\/wp-json\/wp\/v2\/product"}],"about":[{"href":"https:\/\/landioustravel.com\/de\/wp-json\/wp\/v2\/types\/product"}],"replies":[{"embeddable":true,"href":"https:\/\/landioustravel.com\/de\/wp-json\/wp\/v2\/comments?post=25900"}],"wp:featuredmedia":[{"embeddable":true,"href":"https:\/\/landioustravel.com\/de\/wp-json\/wp\/v2\/media\/128099"}],"wp:attachment":[{"href":"https:\/\/landioustravel.com\/de\/wp-json\/wp\/v2\/media?parent=25900"}],"wp:term":[{"taxonomy":"product_brand","embeddable":true,"href":"https:\/\/landioustravel.com\/de\/wp-json\/wp\/v2\/product_brand?post=25900"},{"taxonomy":"product_cat","embeddable":true,"href":"https:\/\/landioustravel.com\/de\/wp-json\/wp\/v2\/product_cat?post=25900"},{"taxonomy":"product_tag","embeddable":true,"href":"https:\/\/landioustravel.com\/de\/wp-json\/wp\/v2\/product_tag?post=25900"}],"curies":[{"name":"wp","href":"https:\/\/api.w.org\/{rel}","templated":true}]}}