{"id":25963,"date":"2020-11-02T15:29:21","date_gmt":"2020-11-26T12:44:33","guid":{"rendered":"https:\/\/landioustravel.com\/?post_type=product&#038;p=25963"},"modified":"2024-02-25T19:17:31","modified_gmt":"2024-02-25T17:17:31","slug":"reise-alexandria-kairo","status":"publish","type":"product","link":"https:\/\/landioustravel.com\/de\/shop\/reise-alexandria-kairo\/","title":{"rendered":"Alexandria Reise Kairo"},"content":{"rendered":"<p>Ein intensiver Ausflug nach Alexandria aus <a href=\"https:\/\/landioustravel.com\/de\/agypten\/aegyptische-staedte\/gouvernement-kairo\/\">Kairo<\/a>, <a href=\"https:\/\/landioustravel.com\/de\/agypten\/\">\u00c4gypten<\/a>! Wir empfehlen die Reise, da Touristen die beeindruckendsten Sehensw\u00fcrdigkeiten \u00c4gyptens sehen k\u00f6nnen. Diese Sehensw\u00fcrdigkeiten und Attraktionen befinden sich in der K\u00fcstenstadt Alexandria. In dieser Stadt werden Sie sehen, dass die Denkm\u00e4ler aus zwei verschiedenen Epochen stammen &#8211; dem R\u00f6mischen Reich und der Neuzeit. All diese Besuche erm\u00f6glichen es Ihnen, mehr \u00fcber die Geschichte des Landes zu erfahren und viele Eindr\u00fccke zu erhalten. Sie k\u00f6nnen diese sch\u00f6ne Reise von Kairo nach Alexandria nicht verpassen! ONLINE BUCHUNG ALEXANDRIA REISE KAIRO UND BESTER PREIS!<\/p>\n<h2>H\u00f6hepunkte der Alexandria-Reise ab Kairo<\/h2>\n<ul>\n<li>R\u00f6mische Katakomben im Felsschnitt.<\/li>\n<li>Ruinen eines r\u00f6mischen Tempelkomplexes.<\/li>\n<li>Auch die Alexandria Library.<\/li>\n<li>Mittagessen in einem Fischrestaurant.<\/li>\n<li>Zitadelle von Qeitbay und Abu-Abbas-Moschee.<\/li>\n<li>Au\u00dferdem Besuch des r\u00f6mischen Amphitheaters.<\/li>\n<\/ul>\n<h3>Ausflugsprogramm nach Alexandria<\/h3>\n<ul>\n<li>Der Vertreter von <a href=\"https:\/\/landioustravel.com\/de\/kontakte\/\">Landious Travel<\/a> holt Sie gegen 05:00 Uhr vom Hotel in Kairo ab.<\/li>\n<li>Nachdem alle Ank\u00f6mmlinge abgeholt wurden, f\u00e4hrt der Bus direkt nach Alexandria. Der Weg vom Zentrum von Kairo nach Alexandria dauert ungef\u00e4hr 3 Stunden.<\/li>\n<li>Sobald Sie in Alexandria ankommen, besuchen Sie die Pompeius-S\u00e4ule. Die R\u00f6mer errichteten diese S\u00e4ule zu Ehren von Kaiser Diokletian Ende des 4. Jahrhunderts. Urspr\u00fcnglich bauten die R\u00f6mer diese S\u00e4ule im Tempel der Serapis. Es ist einst ein pr\u00e4chtiges Bauwerk, das mit Soma und Kaiserschnitt konkurriert!<\/li>\n<li>Die Reise nach Alexandria f\u00fchrt weiterhin zu den Katakomben. Dies ist der gr\u00f6\u00dfte r\u00f6mische Friedhof, der aus drei in den Felsen geschnittenen Ebenen besteht.<\/li>\n<li>Nach dem Besuch des r\u00f6mischen Friedhofs essen Sie in einem Fischrestaurant zu Mittag.<\/li>\n<li>Als n\u00e4chstes zeigen wir Ihnen den Montazah Park, in dem sich ein Palast f\u00fcr den K\u00f6nig von \u00c4gypten und der Pharos Leuchtturm befinden.<\/li>\n<li>Au\u00dferdem sehen Sie die Bibliothek von Alexandria und die Abu-Abbas-Moschee.<\/li>\n<li>Vor dem Ende dieses interessanten Ausfluges besuchen Sie die Festung von Qaitbay. Die Mamluken errichteten diese Festung an der Stelle des Leuchtturms des alten Pharaos von Alexandria.<\/li>\n<li>Schlie\u00dflich bringen wir Sie zur\u00fcck zu Ihrem Hotel in Kairo.<\/li>\n<li>Diese Alexandria-Reise von <a href=\"https:\/\/www.google.de\/maps\/place\/Kairo,+Gouvernement+Al-Qahira\/@30.0594838,31.2234448,13z\/data=!3m1!4b1!4m5!3m4!1s0x14583fa60b21beeb:0x79dfb296e8423bba!8m2!3d30.0444196!4d31.2357116\" target=\"_blank\" rel=\"noopener\">Kairo<\/a> endet gegen 19:00 Uhr.<\/li>\n<\/ul>\n<h4>Was beinhaltet Alexandria Reise Kairo Preis?<\/h4>\n<ul>\n<li>Tickets f\u00fcr Tempelbesuche.<\/li>\n<li>Essen (au\u00dfer Getr\u00e4nke).<\/li>\n<li>Leiten.<\/li>\n<li>Transfer nach Kairo-Alexandria und zur\u00fcck zum Hotel.<\/li>\n<\/ul>\n<h5>Was beinhaltet der Preis der Reise nicht?<\/h5>\n<ul>\n<li>Zus\u00e4tzliche Ausflugsprogramme.<\/li>\n<li>Auch Getr\u00e4nke.<\/li>\n<\/ul>\n<h6>Was f\u00fcr die Reise mitnehmen?<\/h6>\n<ul>\n<li>Fr\u00fchst\u00fccksbox.<\/li>\n<li>Reisepass.<\/li>\n<li>Auch Kleidung f\u00fcr die Saison.<\/li>\n<\/ul>\n<h6>Alexandria Reise Kairo Buchungstage<\/h6>\n<ul>\n<li>T\u00e4glich von 05:00 bis 19:00 Uhr.<\/li>\n<\/ul>\n","protected":false},"excerpt":{"rendered":"<p>Begleiten Sie uns auf einem Tagesausflug von Kairo nach Alexandria, wo wir viele faszinierende Orte erkunden werden. Wir beginnen mit der Besichtigung der in den Fels gehauenen r\u00f6mischen Katakomben und der Ruinen einer r\u00f6mischen Tempelanlage. Danach fahren wir zur Zitadelle von Qaitbey, wo Sie die M\u00f6glichkeit haben, einige unvergessliche Fotos zu machen. Sp\u00e4ter genie\u00dfen wir ein k\u00f6stliches Mittagessen in einem \u00f6rtlichen Fischrestaurant, bevor wir unsere Tour fortsetzen. Anschlie\u00dfend besuchen wir das r\u00f6mische Amphitheater, wo Sie die M\u00f6glichkeit haben, das wundersch\u00f6ne Mosaik \u201eFische\u201c in der Vogelvilla zu sehen. Als n\u00e4chstes begeben wir uns zum Royal Jewelry Museum, wo Sie von der atemberaubenden Sammlung von Diamanten, Rubinen und seltenen Steinen begeistert sein werden. Abschlie\u00dfend besuchen wir die ber\u00fchmte Abu Al-Abbas Al-Mursi-Moschee, die gr\u00f6\u00dfte Moschee der Stadt. Unser Reisepreis beinhaltet F\u00fchrung, Transfers und Mittagessen, sodass Sie sich zur\u00fccklehnen und die atemberaubenden Sehensw\u00fcrdigkeiten und Kl\u00e4nge von Alexandria genie\u00dfen k\u00f6nnen. Mit unserer Tour k\u00f6nnen Sie alle Highlights von Alexandria an nur einem Tag sehen.<\/p>\n","protected":false},"featured_media":45621,"comment_status":"open","ping_status":"closed","template":"","meta":{"_coblocks_attr":"","_coblocks_dimensions":"","_coblocks_responsive_height":"","_coblocks_accordion_ie_support":"","_uag_custom_page_level_css":"","jetpack_publicize_message":"","jetpack_publicize_feature_enabled":true,"jetpack_social_post_already_shared":true,"jetpack_social_options":{"image_generator_settings":{"template":"highway","default_image_id":0,"font":"","enabled":false},"version":2},"_wpas_customize_per_network":false},"product_brand":[],"product_cat":[9850],"product_tag":[1656,1653,9906,1652],"class_list":{"0":"post-25963","1":"product","2":"type-product","3":"status-publish","4":"has-post-thumbnail","6":"product_cat-ausfluege-kairo","7":"product_tag-alexandria-de","8":"product_tag-ausflug","9":"product_tag-besichtigung","10":"product_tag-kairo","12":"first","13":"instock","14":"sale","15":"taxable","16":"shipping-taxable","17":"purchasable","18":"product-type-variable"},"yoast_head":"<!-- This site is optimized with the Yoast SEO Premium plugin v27.5 (Yoast SEO v27.5) - https:\/\/yoast.com\/product\/yoast-seo-premium-wordpress\/ -->\n<title>Alexandria Reise Kairo - Buchen - Landious Travel<\/title>\n<meta name=\"description\" content=\"Alexandria Reise Kairo W\u00e4hrend des Tagesausfluges \u201eAlexandria mit dem Bus von Kairo\u201c besuchen wir die r\u00f6mischen Katakomben, die Ruinen\" \/>\n<meta name=\"robots\" content=\"index, follow, max-snippet:-1, max-image-preview:large, max-video-preview:-1\" \/>\n<link rel=\"canonical\" href=\"https:\/\/landioustravel.com\/de\/shop\/reise-alexandria-kairo\/\" \/>\n<meta property=\"og:locale\" content=\"de_DE\" \/>\n<meta property=\"og:type\" content=\"article\" \/>\n<meta property=\"og:title\" content=\"Alexandria Reise Kairo\" \/>\n<meta property=\"og:description\" content=\"Landious Travel\" \/>\n<meta property=\"og:url\" content=\"https:\/\/landioustravel.com\/de\/shop\/reise-alexandria-kairo\/\" \/>\n<meta property=\"og:site_name\" content=\"Landious Travel\" \/>\n<meta property=\"article:publisher\" content=\"https:\/\/web.facebook.com\/landiousEgypt\" \/>\n<meta property=\"article:modified_time\" content=\"2024-02-25T17:17:31+00:00\" \/>\n<meta property=\"og:image\" content=\"https:\/\/i0.wp.com\/landioustravel.com\/wp-content\/uploads\/2020\/11\/Alexandria-Trip-Cairo-e1617554461353.jpg?fit=1200%2C675&ssl=1\" \/>\n\t<meta property=\"og:image:width\" content=\"1200\" \/>\n\t<meta property=\"og:image:height\" content=\"675\" \/>\n\t<meta property=\"og:image:type\" content=\"image\/jpeg\" \/>\n<meta name=\"twitter:card\" content=\"summary_large_image\" \/>\n<meta name=\"twitter:site\" content=\"@LandiousTours\" \/>\n<meta name=\"twitter:label1\" content=\"Gesch\u00e4tzte Lesezeit\" \/>\n\t<meta name=\"twitter:data1\" content=\"2\u00a0Minuten\" \/>\n<script type=\"application\/ld+json\" class=\"yoast-schema-graph\">{\"@context\":\"https:\\\/\\\/schema.org\",\"@graph\":[{\"@type\":\"WebPage\",\"@id\":\"https:\\\/\\\/landioustravel.com\\\/de\\\/shop\\\/reise-alexandria-kairo\\\/\",\"url\":\"https:\\\/\\\/landioustravel.com\\\/de\\\/shop\\\/reise-alexandria-kairo\\\/\",\"name\":\"Alexandria Reise Kairo - Buchen - Landious Travel\",\"isPartOf\":{\"@id\":\"https:\\\/\\\/landioustravel.com\\\/de\\\/#website\"},\"primaryImageOfPage\":{\"@id\":\"https:\\\/\\\/landioustravel.com\\\/de\\\/shop\\\/reise-alexandria-kairo\\\/#primaryimage\"},\"image\":{\"@id\":\"https:\\\/\\\/landioustravel.com\\\/de\\\/shop\\\/reise-alexandria-kairo\\\/#primaryimage\"},\"thumbnailUrl\":\"https:\\\/\\\/i0.wp.com\\\/landioustravel.com\\\/wp-content\\\/uploads\\\/2020\\\/11\\\/Alexandria-Trip-Cairo-e1617554461353.jpg?fit=1200%2C675&ssl=1\",\"datePublished\":\"2020-11-26T12:44:33+00:00\",\"dateModified\":\"2024-02-25T17:17:31+00:00\",\"description\":\"Alexandria Reise Kairo W\u00e4hrend des Tagesausfluges \u201eAlexandria mit dem Bus von Kairo\u201c besuchen wir die r\u00f6mischen Katakomben, die Ruinen\",\"breadcrumb\":{\"@id\":\"https:\\\/\\\/landioustravel.com\\\/de\\\/shop\\\/reise-alexandria-kairo\\\/#breadcrumb\"},\"inLanguage\":\"de\",\"potentialAction\":[{\"@type\":\"ReadAction\",\"target\":[\"https:\\\/\\\/landioustravel.com\\\/de\\\/shop\\\/reise-alexandria-kairo\\\/\"]}]},{\"@type\":\"ImageObject\",\"inLanguage\":\"de\",\"@id\":\"https:\\\/\\\/landioustravel.com\\\/de\\\/shop\\\/reise-alexandria-kairo\\\/#primaryimage\",\"url\":\"https:\\\/\\\/i0.wp.com\\\/landioustravel.com\\\/wp-content\\\/uploads\\\/2020\\\/11\\\/Alexandria-Trip-Cairo-e1617554461353.jpg?fit=1200%2C675&ssl=1\",\"contentUrl\":\"https:\\\/\\\/i0.wp.com\\\/landioustravel.com\\\/wp-content\\\/uploads\\\/2020\\\/11\\\/Alexandria-Trip-Cairo-e1617554461353.jpg?fit=1200%2C675&ssl=1\",\"width\":1200,\"height\":675,\"caption\":\"Alexandria Trip Cairo\"},{\"@type\":\"BreadcrumbList\",\"@id\":\"https:\\\/\\\/landioustravel.com\\\/de\\\/shop\\\/reise-alexandria-kairo\\\/#breadcrumb\",\"itemListElement\":[{\"@type\":\"ListItem\",\"position\":1,\"name\":\"Home\",\"item\":\"https:\\\/\\\/landioustravel.com\\\/de\\\/\"},{\"@type\":\"ListItem\",\"position\":2,\"name\":\"\u00c4gypten Touren\",\"item\":\"https:\\\/\\\/landioustravel.com\\\/de\\\/\"},{\"@type\":\"ListItem\",\"position\":3,\"name\":\"Alexandria Reise Kairo\"}]},{\"@type\":\"WebSite\",\"@id\":\"https:\\\/\\\/landioustravel.com\\\/de\\\/#website\",\"url\":\"https:\\\/\\\/landioustravel.com\\\/de\\\/\",\"name\":\"Landious Travel\",\"description\":\"Excursions, trips and cruises in Egypt\",\"publisher\":{\"@id\":\"https:\\\/\\\/landioustravel.com\\\/de\\\/#organization\"},\"potentialAction\":[{\"@type\":\"SearchAction\",\"target\":{\"@type\":\"EntryPoint\",\"urlTemplate\":\"https:\\\/\\\/landioustravel.com\\\/de\\\/?s={search_term_string}\"},\"query-input\":{\"@type\":\"PropertyValueSpecification\",\"valueRequired\":true,\"valueName\":\"search_term_string\"}}],\"inLanguage\":\"de\"},{\"@type\":[\"Organization\",\"Place\"],\"@id\":\"https:\\\/\\\/landioustravel.com\\\/de\\\/#organization\",\"name\":\"Landious Travel\",\"alternateName\":\"Landious Travel\",\"url\":\"https:\\\/\\\/landioustravel.com\\\/de\\\/\",\"logo\":{\"@id\":\"https:\\\/\\\/landioustravel.com\\\/de\\\/shop\\\/reise-alexandria-kairo\\\/#local-main-organization-logo\"},\"image\":{\"@id\":\"https:\\\/\\\/landioustravel.com\\\/de\\\/shop\\\/reise-alexandria-kairo\\\/#local-main-organization-logo\"},\"sameAs\":[\"https:\\\/\\\/web.facebook.com\\\/landiousEgypt\",\"https:\\\/\\\/x.com\\\/LandiousTours\",\"https:\\\/\\\/mastodon.social\\\/@landious\"],\"legalName\":\"Landious Travel\",\"telephone\":[],\"openingHoursSpecification\":[{\"@type\":\"OpeningHoursSpecification\",\"dayOfWeek\":[\"Monday\",\"Tuesday\",\"Wednesday\",\"Thursday\",\"Friday\",\"Saturday\",\"Sunday\"],\"opens\":\"09:00\",\"closes\":\"17:00\"}]},{\"@type\":\"ImageObject\",\"inLanguage\":\"de\",\"@id\":\"https:\\\/\\\/landioustravel.com\\\/de\\\/shop\\\/reise-alexandria-kairo\\\/#local-main-organization-logo\",\"url\":\"https:\\\/\\\/i0.wp.com\\\/landioustravel.com\\\/wp-content\\\/uploads\\\/2021\\\/06\\\/Landious-T.png?fit=500%2C500&ssl=1\",\"contentUrl\":\"https:\\\/\\\/i0.wp.com\\\/landioustravel.com\\\/wp-content\\\/uploads\\\/2021\\\/06\\\/Landious-T.png?fit=500%2C500&ssl=1\",\"width\":500,\"height\":500,\"caption\":\"Landious Travel\"}]}<\/script>\n<!-- \/ Yoast SEO Premium plugin. -->","yoast_head_json":{"title":"Alexandria Reise Kairo - Buchen - Landious Travel","description":"Alexandria Reise Kairo W\u00e4hrend des Tagesausfluges \u201eAlexandria mit dem Bus von Kairo\u201c besuchen wir die r\u00f6mischen Katakomben, die Ruinen","robots":{"index":"index","follow":"follow","max-snippet":"max-snippet:-1","max-image-preview":"max-image-preview:large","max-video-preview":"max-video-preview:-1"},"canonical":"https:\/\/landioustravel.com\/de\/shop\/reise-alexandria-kairo\/","og_locale":"de_DE","og_type":"article","og_title":"Alexandria Reise Kairo","og_description":"Landious Travel","og_url":"https:\/\/landioustravel.com\/de\/shop\/reise-alexandria-kairo\/","og_site_name":"Landious Travel","article_publisher":"https:\/\/web.facebook.com\/landiousEgypt","article_modified_time":"2024-02-25T17:17:31+00:00","og_image":[{"width":1200,"height":675,"url":"https:\/\/i0.wp.com\/landioustravel.com\/wp-content\/uploads\/2020\/11\/Alexandria-Trip-Cairo-e1617554461353.jpg?fit=1200%2C675&ssl=1","type":"image\/jpeg"}],"twitter_card":"summary_large_image","twitter_site":"@LandiousTours","twitter_misc":{"Gesch\u00e4tzte Lesezeit":"2\u00a0Minuten"},"schema":{"@context":"https:\/\/schema.org","@graph":[{"@type":"WebPage","@id":"https:\/\/landioustravel.com\/de\/shop\/reise-alexandria-kairo\/","url":"https:\/\/landioustravel.com\/de\/shop\/reise-alexandria-kairo\/","name":"Alexandria Reise Kairo - Buchen - Landious Travel","isPartOf":{"@id":"https:\/\/landioustravel.com\/de\/#website"},"primaryImageOfPage":{"@id":"https:\/\/landioustravel.com\/de\/shop\/reise-alexandria-kairo\/#primaryimage"},"image":{"@id":"https:\/\/landioustravel.com\/de\/shop\/reise-alexandria-kairo\/#primaryimage"},"thumbnailUrl":"https:\/\/i0.wp.com\/landioustravel.com\/wp-content\/uploads\/2020\/11\/Alexandria-Trip-Cairo-e1617554461353.jpg?fit=1200%2C675&ssl=1","datePublished":"2020-11-26T12:44:33+00:00","dateModified":"2024-02-25T17:17:31+00:00","description":"Alexandria Reise Kairo W\u00e4hrend des Tagesausfluges \u201eAlexandria mit dem Bus von Kairo\u201c besuchen wir die r\u00f6mischen Katakomben, die Ruinen","breadcrumb":{"@id":"https:\/\/landioustravel.com\/de\/shop\/reise-alexandria-kairo\/#breadcrumb"},"inLanguage":"de","potentialAction":[{"@type":"ReadAction","target":["https:\/\/landioustravel.com\/de\/shop\/reise-alexandria-kairo\/"]}]},{"@type":"ImageObject","inLanguage":"de","@id":"https:\/\/landioustravel.com\/de\/shop\/reise-alexandria-kairo\/#primaryimage","url":"https:\/\/i0.wp.com\/landioustravel.com\/wp-content\/uploads\/2020\/11\/Alexandria-Trip-Cairo-e1617554461353.jpg?fit=1200%2C675&ssl=1","contentUrl":"https:\/\/i0.wp.com\/landioustravel.com\/wp-content\/uploads\/2020\/11\/Alexandria-Trip-Cairo-e1617554461353.jpg?fit=1200%2C675&ssl=1","width":1200,"height":675,"caption":"Alexandria Trip Cairo"},{"@type":"BreadcrumbList","@id":"https:\/\/landioustravel.com\/de\/shop\/reise-alexandria-kairo\/#breadcrumb","itemListElement":[{"@type":"ListItem","position":1,"name":"Home","item":"https:\/\/landioustravel.com\/de\/"},{"@type":"ListItem","position":2,"name":"\u00c4gypten Touren","item":"https:\/\/landioustravel.com\/de\/"},{"@type":"ListItem","position":3,"name":"Alexandria Reise Kairo"}]},{"@type":"WebSite","@id":"https:\/\/landioustravel.com\/de\/#website","url":"https:\/\/landioustravel.com\/de\/","name":"Landious Travel","description":"Excursions, trips and cruises in Egypt","publisher":{"@id":"https:\/\/landioustravel.com\/de\/#organization"},"potentialAction":[{"@type":"SearchAction","target":{"@type":"EntryPoint","urlTemplate":"https:\/\/landioustravel.com\/de\/?s={search_term_string}"},"query-input":{"@type":"PropertyValueSpecification","valueRequired":true,"valueName":"search_term_string"}}],"inLanguage":"de"},{"@type":["Organization","Place"],"@id":"https:\/\/landioustravel.com\/de\/#organization","name":"Landious Travel","alternateName":"Landious Travel","url":"https:\/\/landioustravel.com\/de\/","logo":{"@id":"https:\/\/landioustravel.com\/de\/shop\/reise-alexandria-kairo\/#local-main-organization-logo"},"image":{"@id":"https:\/\/landioustravel.com\/de\/shop\/reise-alexandria-kairo\/#local-main-organization-logo"},"sameAs":["https:\/\/web.facebook.com\/landiousEgypt","https:\/\/x.com\/LandiousTours","https:\/\/mastodon.social\/@landious"],"legalName":"Landious Travel","telephone":[],"openingHoursSpecification":[{"@type":"OpeningHoursSpecification","dayOfWeek":["Monday","Tuesday","Wednesday","Thursday","Friday","Saturday","Sunday"],"opens":"09:00","closes":"17:00"}]},{"@type":"ImageObject","inLanguage":"de","@id":"https:\/\/landioustravel.com\/de\/shop\/reise-alexandria-kairo\/#local-main-organization-logo","url":"https:\/\/i0.wp.com\/landioustravel.com\/wp-content\/uploads\/2021\/06\/Landious-T.png?fit=500%2C500&ssl=1","contentUrl":"https:\/\/i0.wp.com\/landioustravel.com\/wp-content\/uploads\/2021\/06\/Landious-T.png?fit=500%2C500&ssl=1","width":500,"height":500,"caption":"Landious Travel"}]}},"jetpack_publicize_connections":[],"uagb_featured_image_src":{"full":["https:\/\/i0.wp.com\/landioustravel.com\/wp-content\/uploads\/2020\/11\/Alexandria-Trip-Cairo-e1617554461353.jpg?fit=1200%2C675&ssl=1",1200,675,false],"thumbnail":["https:\/\/i0.wp.com\/landioustravel.com\/wp-content\/uploads\/2020\/11\/Alexandria-Trip-Cairo-e1617554461353.jpg?resize=150%2C150&ssl=1",150,150,true],"medium":["https:\/\/i0.wp.com\/landioustravel.com\/wp-content\/uploads\/2020\/11\/Alexandria-Trip-Cairo-e1617554461353.jpg?fit=300%2C169&ssl=1",300,169,true],"medium_large":["https:\/\/i0.wp.com\/landioustravel.com\/wp-content\/uploads\/2020\/11\/Alexandria-Trip-Cairo-e1617554461353.jpg?fit=768%2C432&ssl=1",768,432,true],"large":["https:\/\/i0.wp.com\/landioustravel.com\/wp-content\/uploads\/2020\/11\/Alexandria-Trip-Cairo-e1617554461353.jpg?fit=980%2C551&ssl=1",980,551,true],"1536x1536":["https:\/\/i0.wp.com\/landioustravel.com\/wp-content\/uploads\/2020\/11\/Alexandria-Trip-Cairo-e1617554461353.jpg?fit=1536%2C864&ssl=1",1536,864,true],"2048x2048":["https:\/\/i0.wp.com\/landioustravel.com\/wp-content\/uploads\/2020\/11\/Alexandria-Trip-Cairo-e1617554461353.jpg?fit=2048%2C1152&ssl=1",2048,1152,true],"newspack-article-block-landscape-large":["https:\/\/i0.wp.com\/landioustravel.com\/wp-content\/uploads\/2020\/11\/Alexandria-Trip-Cairo-e1617554461353.jpg?resize=1200%2C675&ssl=1",1200,900,true],"newspack-article-block-portrait-large":["https:\/\/i0.wp.com\/landioustravel.com\/wp-content\/uploads\/2020\/11\/Alexandria-Trip-Cairo-e1617554461353.jpg?resize=900%2C675&ssl=1",900,1200,true],"newspack-article-block-square-large":["https:\/\/i0.wp.com\/landioustravel.com\/wp-content\/uploads\/2020\/11\/Alexandria-Trip-Cairo-e1617554461353.jpg?resize=1200%2C675&ssl=1",1200,1200,true],"newspack-article-block-landscape-medium":["https:\/\/i0.wp.com\/landioustravel.com\/wp-content\/uploads\/2020\/11\/Alexandria-Trip-Cairo-e1617554461353.jpg?resize=800%2C600&ssl=1",800,600,true],"newspack-article-block-portrait-medium":["https:\/\/i0.wp.com\/landioustravel.com\/wp-content\/uploads\/2020\/11\/Alexandria-Trip-Cairo-e1617554461353.jpg?resize=600%2C675&ssl=1",600,800,true],"newspack-article-block-square-medium":["https:\/\/i0.wp.com\/landioustravel.com\/wp-content\/uploads\/2020\/11\/Alexandria-Trip-Cairo-e1617554461353.jpg?resize=800%2C675&ssl=1",800,800,true],"newspack-article-block-landscape-intermediate":["https:\/\/i0.wp.com\/landioustravel.com\/wp-content\/uploads\/2020\/11\/Alexandria-Trip-Cairo-e1617554461353.jpg?resize=600%2C450&ssl=1",600,450,true],"newspack-article-block-portrait-intermediate":["https:\/\/i0.wp.com\/landioustravel.com\/wp-content\/uploads\/2020\/11\/Alexandria-Trip-Cairo-e1617554461353.jpg?resize=450%2C600&ssl=1",450,600,true],"newspack-article-block-square-intermediate":["https:\/\/i0.wp.com\/landioustravel.com\/wp-content\/uploads\/2020\/11\/Alexandria-Trip-Cairo-e1617554461353.jpg?resize=600%2C600&ssl=1",600,600,true],"newspack-article-block-landscape-small":["https:\/\/i0.wp.com\/landioustravel.com\/wp-content\/uploads\/2020\/11\/Alexandria-Trip-Cairo-e1617554461353.jpg?resize=400%2C300&ssl=1",400,300,true],"newspack-article-block-portrait-small":["https:\/\/i0.wp.com\/landioustravel.com\/wp-content\/uploads\/2020\/11\/Alexandria-Trip-Cairo-e1617554461353.jpg?resize=300%2C400&ssl=1",300,400,true],"newspack-article-block-square-small":["https:\/\/i0.wp.com\/landioustravel.com\/wp-content\/uploads\/2020\/11\/Alexandria-Trip-Cairo-e1617554461353.jpg?resize=400%2C400&ssl=1",400,400,true],"newspack-article-block-landscape-tiny":["https:\/\/i0.wp.com\/landioustravel.com\/wp-content\/uploads\/2020\/11\/Alexandria-Trip-Cairo-e1617554461353.jpg?resize=200%2C150&ssl=1",200,150,true],"newspack-article-block-portrait-tiny":["https:\/\/i0.wp.com\/landioustravel.com\/wp-content\/uploads\/2020\/11\/Alexandria-Trip-Cairo-e1617554461353.jpg?resize=150%2C200&ssl=1",150,200,true],"newspack-article-block-square-tiny":["https:\/\/i0.wp.com\/landioustravel.com\/wp-content\/uploads\/2020\/11\/Alexandria-Trip-Cairo-e1617554461353.jpg?resize=200%2C200&ssl=1",200,200,true],"newspack-article-block-uncropped":["https:\/\/i0.wp.com\/landioustravel.com\/wp-content\/uploads\/2020\/11\/Alexandria-Trip-Cairo-e1617554461353.jpg?fit=1200%2C675&ssl=1",1200,675,true],"woocommerce_thumbnail":["https:\/\/i0.wp.com\/landioustravel.com\/wp-content\/uploads\/2020\/11\/Alexandria-Trip-Cairo-e1617554461353.jpg?resize=324%2C324&ssl=1",324,324,true],"woocommerce_single":["https:\/\/i0.wp.com\/landioustravel.com\/wp-content\/uploads\/2020\/11\/Alexandria-Trip-Cairo-e1617554461353.jpg?fit=416%2C234&ssl=1",416,234,true],"woocommerce_gallery_thumbnail":["https:\/\/i0.wp.com\/landioustravel.com\/wp-content\/uploads\/2020\/11\/Alexandria-Trip-Cairo-e1617554461353.jpg?resize=100%2C100&ssl=1",100,100,true]},"uagb_author_info":{"display_name":"Mofreh Landious","author_link":"https:\/\/landioustravel.com\/de\/author\/"},"uagb_comment_info":1,"uagb_excerpt":"Begleiten Sie uns auf einem Tagesausflug von Kairo nach Alexandria, wo wir viele faszinierende Orte erkunden werden. Wir beginnen mit der Besichtigung der in den Fels gehauenen r\u00f6mischen Katakomben und der Ruinen einer r\u00f6mischen Tempelanlage. Danach fahren wir zur Zitadelle von Qaitbey, wo Sie die M\u00f6glichkeit haben, einige unvergessliche Fotos zu machen. Sp\u00e4ter genie\u00dfen wir&hellip;","jetpack_sharing_enabled":true,"jetpack_likes_enabled":true,"amp_enabled":true,"_links":{"self":[{"href":"https:\/\/landioustravel.com\/de\/wp-json\/wp\/v2\/product\/25963","targetHints":{"allow":["GET"]}}],"collection":[{"href":"https:\/\/landioustravel.com\/de\/wp-json\/wp\/v2\/product"}],"about":[{"href":"https:\/\/landioustravel.com\/de\/wp-json\/wp\/v2\/types\/product"}],"replies":[{"embeddable":true,"href":"https:\/\/landioustravel.com\/de\/wp-json\/wp\/v2\/comments?post=25963"}],"wp:featuredmedia":[{"embeddable":true,"href":"https:\/\/landioustravel.com\/de\/wp-json\/wp\/v2\/media\/45621"}],"wp:attachment":[{"href":"https:\/\/landioustravel.com\/de\/wp-json\/wp\/v2\/media?parent=25963"}],"wp:term":[{"taxonomy":"product_brand","embeddable":true,"href":"https:\/\/landioustravel.com\/de\/wp-json\/wp\/v2\/product_brand?post=25963"},{"taxonomy":"product_cat","embeddable":true,"href":"https:\/\/landioustravel.com\/de\/wp-json\/wp\/v2\/product_cat?post=25963"},{"taxonomy":"product_tag","embeddable":true,"href":"https:\/\/landioustravel.com\/de\/wp-json\/wp\/v2\/product_tag?post=25963"}],"curies":[{"name":"wp","href":"https:\/\/api.w.org\/{rel}","templated":true}]}}