{"id":26100,"date":"2020-10-07T02:17:04","date_gmt":"2020-12-04T07:35:17","guid":{"rendered":"https:\/\/landioustravel.com\/?post_type=product&#038;p=26100"},"modified":"2026-03-27T19:51:36","modified_gmt":"2026-03-27T17:51:36","slug":"schwimmausflug-delfinen-sharm-sheikh","status":"publish","type":"product","link":"https:\/\/landioustravel.com\/de\/shop\/schwimmausflug-delfinen-sharm-sheikh\/","title":{"rendered":"Schwimmen mit Delfinen Reise Sharm El Sheikh"},"content":{"rendered":"<p>Ein beliebter Unterhaltungsausflug zum Schwimmen mit den freundlichen Delfinen in <a href=\"https:\/\/landioustravel.com\/de\/sharm-sheikh-stadt\/\">Sharm El Sheikh<\/a>, <a href=\"https:\/\/landioustravel.com\/de\/agypten\/\">\u00c4gypten<\/a>! Wir empfehlen die Reise, da Touristen so gut mit Delfinen schwimmen k\u00f6nnen. Dieses Delphin-Schwimmprogramm Sharm El Sheikh ist eine gro\u00dfartige M\u00f6glichkeit, diese sch\u00f6nen und reizenden Kreaturen hautnah kennenzulernen. Sie k\u00f6nnen die Delfine ber\u00fchren, k\u00fcssen, umarmen, schwimmen, singen und mit ihnen spielen. Was f\u00fcr eine gro\u00dfartige Erfahrung, diese freudigen Aktivit\u00e4ten ausf\u00fchren zu k\u00f6nnen! Es ist eine M\u00f6glichkeit, mit der Familie einige sch\u00f6ne Erinnerungen an die Interaktion mit diesen intelligenten Meeress\u00e4ugern zu teilen. Nat\u00fcrlich k\u00f6nnen Sie die ganze Familie begleiten, um diese Aktivit\u00e4t durchzuf\u00fchren und die Tr\u00e4ume wahr werden zu lassen. ONLINE-BUCHUNG SCHWIMMEN MIT DELFINEN REISE SHARM EL SHEIKH UND BESTEM PREIS!<\/p>\n<h2>H\u00f6hepunkte der Schwimmreise mit Delfinen in Sharm El Sheikh<\/h2>\n<ul>\n<li>Schwimmen mit den Delfinen in einem Schwimmbad.<\/li>\n<li>Auch Bilder und DVD-Briefing.<\/li>\n<\/ul>\n<h3>Programm des Schwimmens mit Delfinen Ausflug<\/h3>\n<ul>\n<li>Der Vertreter von <a href=\"https:\/\/landioustravel.com\/de\/kontakte\/\">Landious Travel<\/a> holt Sie gegen 09:00 Uhr von Ihrem Hotel in Sharm El Sheikh ab.<\/li>\n<li>Nachdem alle Ank\u00f6mmlinge abgeholt wurden, f\u00e4hrt der Bus zum Delphinarium in Sharm El Sheikh. Der Weg zum Delphinarium dauert ca. 30 Minuten.<\/li>\n<li>Im Delphinarium haben Sie die M\u00f6glichkeit, sich umzuziehen und bei Bedarf den Badeanzug und die Schwimmwesten anzuziehen.<\/li>\n<li>Eine der faszinierendsten ist die Interaktion mit einer der freundlichsten und intelligentesten Arten der Welt, den Delfinen!.<\/li>\n<li>Dementsprechend wird die n\u00e4chste Hauptstation das Schwimmen mit freundlichen Delfinen sein. Nat\u00fcrlich ist das Schwimmen mit Delfinen f\u00fcr jedes Alter geeignet, um Spa\u00df mit diesen niedlichen Kreaturen in einem gro\u00dfen Schwimmbad zu haben. Beim Schwimmen kommt auf zwei Personen ein Delphin. In der Zwischenzeit hilft Ihnen ein professioneller Trainer, diese aufregende Erfahrung zu genie\u00dfen. Genie\u00dfen Sie Ihr Schwimmerlebnis mit Delfinen, indem Sie diese entz\u00fcckenden Kreaturen im Pool ber\u00fchren, streicheln, umarmen und k\u00fcssen. Denken Sie daran, f\u00fcr die Kamera zu l\u00e4cheln! Sch\u00e4tzen Sie diese unvergesslichen Erinnerungen mit digitalen Fotos Ihres Schwimmens mit Delfinen.<\/li>\n<li>Sobald Sie Ihre Interaktion beendet haben, beginnt ein Bild- und DVD-Briefing. Vor dem Ende des Schwimmens mit den Delfinen bietet Ihnen Ihr Trainer an, einige Fotos zu machen. Sicherlich wird es eine gute Gelegenheit sein, sich diese sch\u00f6nen Momente zu merken. Anschlie\u00dfend erhalten Sie diese Bilder gegen Aufpreis. Der Preis variiert je nach Gr\u00f6\u00dfe. Es wird etwas Optionales sein, es zu haben. Das DVD-Briefing dauert 30 Minuten.<\/li>\n<li>Nach solch einer wundervollen Delfinreise f\u00e4hrt Ihr Bus schlie\u00dflich zur\u00fcck zu Ihren Hotels. Wir begleiten Sie erneut zu Ihren Hotels.<\/li>\n<li>Diese Schwimmreise mit Delfinen in <a href=\"https:\/\/www.google.de\/maps\/place\/Scharm+El-Scheich,+Qesm+Sharm+Ash+Sheikh,+Dschanub+Sina\/@27.946844,34.2787122,12z\/data=!3m1!4b1!4m5!3m4!1s0x14533bca3624d2e3:0xdd987e9c1945fd9c!8m2!3d27.9654198!4d34.3617769\" target=\"_blank\" rel=\"noopener\">Sharm El Sheikh<\/a> endet gegen 16:30 Uhr.<\/li>\n<\/ul>\n<h4>Was beinhaltet das Schwimmen mit Delfinen Sharm El Sheikh Preis?<\/h4>\n<ul>\n<li>Professioneller Trainer.<\/li>\n<li>Rettungsweste.<\/li>\n<li>Transfer zum Delphinarium und zur\u00fcck zum Hotel.<\/li>\n<\/ul>\n<h5>Was beinhaltet das Programm \u201eSchwimmen mit Delfinen Sharm El Sheikh\u201c nicht?<\/h5>\n<ul>\n<li>Video DVD.<\/li>\n<li>Auch die Foto-CD.<\/li>\n<\/ul>\n<h6>Was nehmen Sie f\u00fcr die Reise mit?<\/h6>\n<ul>\n<li>Handtuch.<\/li>\n<li>Sonnenschutz.<\/li>\n<li>Auch extra Bargeld.<\/li>\n<\/ul>\n<h6>Schwimmen mit Delfinen Reise Sharm El Sheikh Buchungstage<\/h6>\n<ul>\n<li>T\u00e4glich von 09:00 bis 12:00 Uhr.<\/li>\n<\/ul>\n","protected":false},"excerpt":{"rendered":"<p>Schwimmen mit Delfinen ist ein unvergessliches Erlebnis, das jeder mindestens einmal in seinem Leben machen sollte. Gl\u00fccklicherweise k\u00f6nnen Sie es jetzt w\u00e4hrend Ihres Aufenthalts in Sharm El Sheikh schaffen! Sind Sie bereit, Ihren Traum wahr werden zu lassen?<\/p>\n<p>Unser Ausflug zum Schwimmen mit Delfinen findet im Dolphina Park statt, wo Sie diese erstaunlichen Kreaturen hautnah erleben k\u00f6nnen. Sie haben die M\u00f6glichkeit, sie in einer sicheren und freundlichen Umgebung zu ber\u00fchren, zu k\u00fcssen und mit ihnen zu spielen. Au\u00dferdem k\u00f6nnen Sie mit einem Foto von Ihnen und den Delfinen eine unvergessliche Erinnerung mit nach Hause nehmen!<\/p>\n<p>Die Reise beinhaltet einen bequemen Hin- und R\u00fccktransfer von Ihrem Hotel in Sharm El Sheikh, sodass Sie sich einfach zur\u00fccklehnen und entspannen k\u00f6nnen, w\u00e4hrend wir uns um alles k\u00fcmmern. Unsere erfahrenen Delfintrainer geben Ihnen alle notwendigen Anweisungen und Ratschl\u00e4ge, um sicherzustellen, dass Sie das bestm\u00f6gliche Erlebnis haben.<\/p>\n<p>Nach Ihrer Zeit mit den Delfinen bringen wir Sie zur\u00fcck zu Ihrem Hotel, damit Sie Ihren Tag mit einem breiten L\u00e4cheln im Gesicht fortsetzen k\u00f6nnen. Lassen Sie sich diese einmalige Gelegenheit nicht entgehen, Ihren Traum wahr werden zu lassen!<\/p>\n","protected":false},"featured_media":24649,"comment_status":"open","ping_status":"closed","template":"","meta":{"_coblocks_attr":"","_coblocks_dimensions":"","_coblocks_responsive_height":"","_coblocks_accordion_ie_support":"","_uag_custom_page_level_css":"","jetpack_post_was_ever_published":false,"jetpack_publicize_message":"","jetpack_publicize_feature_enabled":true,"jetpack_social_post_already_shared":true,"jetpack_social_options":{"image_generator_settings":{"template":"highway","default_image_id":0,"font":"","enabled":false},"version":2},"_wpas_customize_per_network":false},"product_brand":[],"product_cat":[1604,19127,23606],"product_tag":[1653,2222,1657],"class_list":{"0":"post-26100","1":"product","2":"type-product","3":"status-publish","4":"has-post-thumbnail","6":"product_cat-ausfluge-sharm-sheikh","7":"product_cat-unterhaltsame-ausfluege-sharm-sheikh","8":"product_cat-tagesausfluege-sharm-sheikh","9":"product_tag-ausflug","10":"product_tag-delphinarium-de","11":"product_tag-sharm-el-sheikh-de","12":"pa_age-erwachsene","13":"pa_age-kind","15":"first","16":"instock","17":"sale","18":"taxable","19":"shipping-taxable","20":"purchasable","21":"product-type-variable"},"yoast_head":"<!-- This site is optimized with the Yoast SEO Premium plugin v26.9 (Yoast SEO v27.3) - https:\/\/yoast.com\/product\/yoast-seo-premium-wordpress\/ -->\n<title>Schwimmen mit Delfinen Reise Sharm El Sheikh<\/title>\n<meta name=\"description\" content=\"Schwimmen mit Delfinen Reise Sharm El Sheikh W\u00e4hrend der Seereise \u201eSchwimmausflug mit Delfinen in Sharm El Sheikh\u201c k\u00f6nnen Sie\" \/>\n<meta name=\"robots\" content=\"index, follow, max-snippet:-1, max-image-preview:large, max-video-preview:-1\" \/>\n<link rel=\"canonical\" href=\"https:\/\/landioustravel.com\/de\/shop\/schwimmausflug-delfinen-sharm-sheikh\/\" \/>\n<meta property=\"og:locale\" content=\"de_DE\" \/>\n<meta property=\"og:type\" content=\"article\" \/>\n<meta property=\"og:title\" content=\"Schwimmen mit Delfinen Reise Sharm El Sheikh\" \/>\n<meta property=\"og:description\" content=\"Landious Travel\" \/>\n<meta property=\"og:url\" content=\"https:\/\/landioustravel.com\/de\/shop\/schwimmausflug-delfinen-sharm-sheikh\/\" \/>\n<meta property=\"og:site_name\" content=\"Landious Travel\" \/>\n<meta property=\"article:publisher\" content=\"https:\/\/web.facebook.com\/landiousEgypt\" \/>\n<meta property=\"article:modified_time\" content=\"2026-03-27T17:51:36+00:00\" \/>\n<meta property=\"og:image\" content=\"https:\/\/i0.wp.com\/landioustravel.com\/wp-content\/uploads\/2020\/10\/Dolphin_swimming_trip.jpg?fit=1200%2C630&ssl=1\" \/>\n\t<meta property=\"og:image:width\" content=\"1200\" \/>\n\t<meta property=\"og:image:height\" content=\"630\" \/>\n\t<meta property=\"og:image:type\" content=\"image\/jpeg\" \/>\n<meta name=\"twitter:card\" content=\"summary_large_image\" \/>\n<meta name=\"twitter:site\" content=\"@LandiousTours\" \/>\n<meta name=\"twitter:label1\" content=\"Gesch\u00e4tzte Lesezeit\" \/>\n\t<meta name=\"twitter:data1\" content=\"3\u00a0Minuten\" \/>\n<script type=\"application\/ld+json\" class=\"yoast-schema-graph\">{\"@context\":\"https:\\\/\\\/schema.org\",\"@graph\":[{\"@type\":\"WebPage\",\"@id\":\"https:\\\/\\\/landioustravel.com\\\/de\\\/shop\\\/schwimmausflug-delfinen-sharm-sheikh\\\/\",\"url\":\"https:\\\/\\\/landioustravel.com\\\/de\\\/shop\\\/schwimmausflug-delfinen-sharm-sheikh\\\/\",\"name\":\"Schwimmen mit Delfinen Reise Sharm El Sheikh\",\"isPartOf\":{\"@id\":\"https:\\\/\\\/landioustravel.com\\\/de\\\/#website\"},\"primaryImageOfPage\":{\"@id\":\"https:\\\/\\\/landioustravel.com\\\/de\\\/shop\\\/schwimmausflug-delfinen-sharm-sheikh\\\/#primaryimage\"},\"image\":{\"@id\":\"https:\\\/\\\/landioustravel.com\\\/de\\\/shop\\\/schwimmausflug-delfinen-sharm-sheikh\\\/#primaryimage\"},\"thumbnailUrl\":\"https:\\\/\\\/i0.wp.com\\\/landioustravel.com\\\/wp-content\\\/uploads\\\/2020\\\/10\\\/Dolphin_swimming_trip.jpg?fit=1200%2C630&ssl=1\",\"datePublished\":\"2020-12-04T07:35:17+00:00\",\"dateModified\":\"2026-03-27T17:51:36+00:00\",\"description\":\"Schwimmen mit Delfinen Reise Sharm El Sheikh W\u00e4hrend der Seereise \u201eSchwimmausflug mit Delfinen in Sharm El Sheikh\u201c k\u00f6nnen Sie\",\"breadcrumb\":{\"@id\":\"https:\\\/\\\/landioustravel.com\\\/de\\\/shop\\\/schwimmausflug-delfinen-sharm-sheikh\\\/#breadcrumb\"},\"inLanguage\":\"de\",\"potentialAction\":[{\"@type\":\"ReadAction\",\"target\":[\"https:\\\/\\\/landioustravel.com\\\/de\\\/shop\\\/schwimmausflug-delfinen-sharm-sheikh\\\/\"]}]},{\"@type\":\"ImageObject\",\"inLanguage\":\"de\",\"@id\":\"https:\\\/\\\/landioustravel.com\\\/de\\\/shop\\\/schwimmausflug-delfinen-sharm-sheikh\\\/#primaryimage\",\"url\":\"https:\\\/\\\/i0.wp.com\\\/landioustravel.com\\\/wp-content\\\/uploads\\\/2020\\\/10\\\/Dolphin_swimming_trip.jpg?fit=1200%2C630&ssl=1\",\"contentUrl\":\"https:\\\/\\\/i0.wp.com\\\/landioustravel.com\\\/wp-content\\\/uploads\\\/2020\\\/10\\\/Dolphin_swimming_trip.jpg?fit=1200%2C630&ssl=1\",\"width\":1200,\"height\":630,\"caption\":\"\u041f\u043b\u0430\u0432\u0430\u043d\u0438\u0435 \u0441 \u0434\u0435\u043b\u044c\u0444\u0438\u043d\u0430\u043c\u0438 \u0432 \u0428\u0430\u0440\u043c \u044d\u043b\u044c \u0428\u0435\u0439\u0445\u0435\"},{\"@type\":\"BreadcrumbList\",\"@id\":\"https:\\\/\\\/landioustravel.com\\\/de\\\/shop\\\/schwimmausflug-delfinen-sharm-sheikh\\\/#breadcrumb\",\"itemListElement\":[{\"@type\":\"ListItem\",\"position\":1,\"name\":\"Home\",\"item\":\"https:\\\/\\\/landioustravel.com\\\/de\\\/\"},{\"@type\":\"ListItem\",\"position\":2,\"name\":\"\u00c4gypten Touren\",\"item\":\"https:\\\/\\\/landioustravel.com\\\/de\\\/\"},{\"@type\":\"ListItem\",\"position\":3,\"name\":\"Schwimmen mit Delfinen Reise Sharm El Sheikh\"}]},{\"@type\":\"WebSite\",\"@id\":\"https:\\\/\\\/landioustravel.com\\\/de\\\/#website\",\"url\":\"https:\\\/\\\/landioustravel.com\\\/de\\\/\",\"name\":\"Landious Travel\",\"description\":\"Excursions, trips and cruises in Egypt\",\"publisher\":{\"@id\":\"https:\\\/\\\/landioustravel.com\\\/de\\\/#organization\"},\"potentialAction\":[{\"@type\":\"SearchAction\",\"target\":{\"@type\":\"EntryPoint\",\"urlTemplate\":\"https:\\\/\\\/landioustravel.com\\\/de\\\/?s={search_term_string}\"},\"query-input\":{\"@type\":\"PropertyValueSpecification\",\"valueRequired\":true,\"valueName\":\"search_term_string\"}}],\"inLanguage\":\"de\"},{\"@type\":[\"Organization\",\"Place\"],\"@id\":\"https:\\\/\\\/landioustravel.com\\\/de\\\/#organization\",\"name\":\"Landious Travel\",\"alternateName\":\"Landious Travel\",\"url\":\"https:\\\/\\\/landioustravel.com\\\/de\\\/\",\"logo\":{\"@id\":\"https:\\\/\\\/landioustravel.com\\\/de\\\/shop\\\/schwimmausflug-delfinen-sharm-sheikh\\\/#local-main-organization-logo\"},\"image\":{\"@id\":\"https:\\\/\\\/landioustravel.com\\\/de\\\/shop\\\/schwimmausflug-delfinen-sharm-sheikh\\\/#local-main-organization-logo\"},\"sameAs\":[\"https:\\\/\\\/web.facebook.com\\\/landiousEgypt\",\"https:\\\/\\\/x.com\\\/LandiousTours\",\"https:\\\/\\\/mastodon.social\\\/@landious\"],\"legalName\":\"Landious Travel\",\"telephone\":[],\"openingHoursSpecification\":[{\"@type\":\"OpeningHoursSpecification\",\"dayOfWeek\":[\"Monday\",\"Tuesday\",\"Wednesday\",\"Thursday\",\"Friday\",\"Saturday\",\"Sunday\"],\"opens\":\"09:00\",\"closes\":\"17:00\"}]},{\"@type\":\"ImageObject\",\"inLanguage\":\"de\",\"@id\":\"https:\\\/\\\/landioustravel.com\\\/de\\\/shop\\\/schwimmausflug-delfinen-sharm-sheikh\\\/#local-main-organization-logo\",\"url\":\"https:\\\/\\\/i0.wp.com\\\/landioustravel.com\\\/wp-content\\\/uploads\\\/2021\\\/06\\\/Landious-T.png?fit=500%2C500&ssl=1\",\"contentUrl\":\"https:\\\/\\\/i0.wp.com\\\/landioustravel.com\\\/wp-content\\\/uploads\\\/2021\\\/06\\\/Landious-T.png?fit=500%2C500&ssl=1\",\"width\":500,\"height\":500,\"caption\":\"Landious Travel\"}]}<\/script>\n<!-- \/ Yoast SEO Premium plugin. -->","yoast_head_json":{"title":"Schwimmen mit Delfinen Reise Sharm El Sheikh","description":"Schwimmen mit Delfinen Reise Sharm El Sheikh W\u00e4hrend der Seereise \u201eSchwimmausflug mit Delfinen in Sharm El Sheikh\u201c k\u00f6nnen Sie","robots":{"index":"index","follow":"follow","max-snippet":"max-snippet:-1","max-image-preview":"max-image-preview:large","max-video-preview":"max-video-preview:-1"},"canonical":"https:\/\/landioustravel.com\/de\/shop\/schwimmausflug-delfinen-sharm-sheikh\/","og_locale":"de_DE","og_type":"article","og_title":"Schwimmen mit Delfinen Reise Sharm El Sheikh","og_description":"Landious Travel","og_url":"https:\/\/landioustravel.com\/de\/shop\/schwimmausflug-delfinen-sharm-sheikh\/","og_site_name":"Landious Travel","article_publisher":"https:\/\/web.facebook.com\/landiousEgypt","article_modified_time":"2026-03-27T17:51:36+00:00","og_image":[{"width":1200,"height":630,"url":"https:\/\/i0.wp.com\/landioustravel.com\/wp-content\/uploads\/2020\/10\/Dolphin_swimming_trip.jpg?fit=1200%2C630&ssl=1","type":"image\/jpeg"}],"twitter_card":"summary_large_image","twitter_site":"@LandiousTours","twitter_misc":{"Gesch\u00e4tzte Lesezeit":"3\u00a0Minuten"},"schema":{"@context":"https:\/\/schema.org","@graph":[{"@type":"WebPage","@id":"https:\/\/landioustravel.com\/de\/shop\/schwimmausflug-delfinen-sharm-sheikh\/","url":"https:\/\/landioustravel.com\/de\/shop\/schwimmausflug-delfinen-sharm-sheikh\/","name":"Schwimmen mit Delfinen Reise Sharm El Sheikh","isPartOf":{"@id":"https:\/\/landioustravel.com\/de\/#website"},"primaryImageOfPage":{"@id":"https:\/\/landioustravel.com\/de\/shop\/schwimmausflug-delfinen-sharm-sheikh\/#primaryimage"},"image":{"@id":"https:\/\/landioustravel.com\/de\/shop\/schwimmausflug-delfinen-sharm-sheikh\/#primaryimage"},"thumbnailUrl":"https:\/\/i0.wp.com\/landioustravel.com\/wp-content\/uploads\/2020\/10\/Dolphin_swimming_trip.jpg?fit=1200%2C630&ssl=1","datePublished":"2020-12-04T07:35:17+00:00","dateModified":"2026-03-27T17:51:36+00:00","description":"Schwimmen mit Delfinen Reise Sharm El Sheikh W\u00e4hrend der Seereise \u201eSchwimmausflug mit Delfinen in Sharm El Sheikh\u201c k\u00f6nnen Sie","breadcrumb":{"@id":"https:\/\/landioustravel.com\/de\/shop\/schwimmausflug-delfinen-sharm-sheikh\/#breadcrumb"},"inLanguage":"de","potentialAction":[{"@type":"ReadAction","target":["https:\/\/landioustravel.com\/de\/shop\/schwimmausflug-delfinen-sharm-sheikh\/"]}]},{"@type":"ImageObject","inLanguage":"de","@id":"https:\/\/landioustravel.com\/de\/shop\/schwimmausflug-delfinen-sharm-sheikh\/#primaryimage","url":"https:\/\/i0.wp.com\/landioustravel.com\/wp-content\/uploads\/2020\/10\/Dolphin_swimming_trip.jpg?fit=1200%2C630&ssl=1","contentUrl":"https:\/\/i0.wp.com\/landioustravel.com\/wp-content\/uploads\/2020\/10\/Dolphin_swimming_trip.jpg?fit=1200%2C630&ssl=1","width":1200,"height":630,"caption":"\u041f\u043b\u0430\u0432\u0430\u043d\u0438\u0435 \u0441 \u0434\u0435\u043b\u044c\u0444\u0438\u043d\u0430\u043c\u0438 \u0432 \u0428\u0430\u0440\u043c \u044d\u043b\u044c \u0428\u0435\u0439\u0445\u0435"},{"@type":"BreadcrumbList","@id":"https:\/\/landioustravel.com\/de\/shop\/schwimmausflug-delfinen-sharm-sheikh\/#breadcrumb","itemListElement":[{"@type":"ListItem","position":1,"name":"Home","item":"https:\/\/landioustravel.com\/de\/"},{"@type":"ListItem","position":2,"name":"\u00c4gypten Touren","item":"https:\/\/landioustravel.com\/de\/"},{"@type":"ListItem","position":3,"name":"Schwimmen mit Delfinen Reise Sharm El Sheikh"}]},{"@type":"WebSite","@id":"https:\/\/landioustravel.com\/de\/#website","url":"https:\/\/landioustravel.com\/de\/","name":"Landious Travel","description":"Excursions, trips and cruises in Egypt","publisher":{"@id":"https:\/\/landioustravel.com\/de\/#organization"},"potentialAction":[{"@type":"SearchAction","target":{"@type":"EntryPoint","urlTemplate":"https:\/\/landioustravel.com\/de\/?s={search_term_string}"},"query-input":{"@type":"PropertyValueSpecification","valueRequired":true,"valueName":"search_term_string"}}],"inLanguage":"de"},{"@type":["Organization","Place"],"@id":"https:\/\/landioustravel.com\/de\/#organization","name":"Landious Travel","alternateName":"Landious Travel","url":"https:\/\/landioustravel.com\/de\/","logo":{"@id":"https:\/\/landioustravel.com\/de\/shop\/schwimmausflug-delfinen-sharm-sheikh\/#local-main-organization-logo"},"image":{"@id":"https:\/\/landioustravel.com\/de\/shop\/schwimmausflug-delfinen-sharm-sheikh\/#local-main-organization-logo"},"sameAs":["https:\/\/web.facebook.com\/landiousEgypt","https:\/\/x.com\/LandiousTours","https:\/\/mastodon.social\/@landious"],"legalName":"Landious Travel","telephone":[],"openingHoursSpecification":[{"@type":"OpeningHoursSpecification","dayOfWeek":["Monday","Tuesday","Wednesday","Thursday","Friday","Saturday","Sunday"],"opens":"09:00","closes":"17:00"}]},{"@type":"ImageObject","inLanguage":"de","@id":"https:\/\/landioustravel.com\/de\/shop\/schwimmausflug-delfinen-sharm-sheikh\/#local-main-organization-logo","url":"https:\/\/i0.wp.com\/landioustravel.com\/wp-content\/uploads\/2021\/06\/Landious-T.png?fit=500%2C500&ssl=1","contentUrl":"https:\/\/i0.wp.com\/landioustravel.com\/wp-content\/uploads\/2021\/06\/Landious-T.png?fit=500%2C500&ssl=1","width":500,"height":500,"caption":"Landious Travel"}]}},"jetpack_publicize_connections":[],"uagb_featured_image_src":{"full":["https:\/\/i0.wp.com\/landioustravel.com\/wp-content\/uploads\/2020\/10\/Dolphin_swimming_trip.jpg?fit=1200%2C630&ssl=1",1200,630,false],"thumbnail":["https:\/\/i0.wp.com\/landioustravel.com\/wp-content\/uploads\/2020\/10\/Dolphin_swimming_trip.jpg?resize=150%2C150&ssl=1",150,150,true],"medium":["https:\/\/i0.wp.com\/landioustravel.com\/wp-content\/uploads\/2020\/10\/Dolphin_swimming_trip.jpg?fit=300%2C158&ssl=1",300,158,true],"medium_large":["https:\/\/i0.wp.com\/landioustravel.com\/wp-content\/uploads\/2020\/10\/Dolphin_swimming_trip.jpg?fit=768%2C403&ssl=1",768,403,true],"large":["https:\/\/i0.wp.com\/landioustravel.com\/wp-content\/uploads\/2020\/10\/Dolphin_swimming_trip.jpg?fit=980%2C515&ssl=1",980,515,true],"1536x1536":["https:\/\/i0.wp.com\/landioustravel.com\/wp-content\/uploads\/2020\/10\/Dolphin_swimming_trip.jpg?fit=1200%2C630&ssl=1",1200,630,true],"2048x2048":["https:\/\/i0.wp.com\/landioustravel.com\/wp-content\/uploads\/2020\/10\/Dolphin_swimming_trip.jpg?fit=1200%2C630&ssl=1",1200,630,true],"newspack-article-block-landscape-large":["https:\/\/i0.wp.com\/landioustravel.com\/wp-content\/uploads\/2020\/10\/Dolphin_swimming_trip.jpg?resize=1200%2C630&ssl=1",1200,630,true],"newspack-article-block-portrait-large":["https:\/\/i0.wp.com\/landioustravel.com\/wp-content\/uploads\/2020\/10\/Dolphin_swimming_trip.jpg?resize=900%2C630&ssl=1",900,630,true],"newspack-article-block-square-large":["https:\/\/i0.wp.com\/landioustravel.com\/wp-content\/uploads\/2020\/10\/Dolphin_swimming_trip.jpg?resize=1200%2C630&ssl=1",1200,630,true],"newspack-article-block-landscape-medium":["https:\/\/i0.wp.com\/landioustravel.com\/wp-content\/uploads\/2020\/10\/Dolphin_swimming_trip.jpg?resize=800%2C600&ssl=1",800,600,true],"newspack-article-block-portrait-medium":["https:\/\/i0.wp.com\/landioustravel.com\/wp-content\/uploads\/2020\/10\/Dolphin_swimming_trip.jpg?resize=600%2C630&ssl=1",600,630,true],"newspack-article-block-square-medium":["https:\/\/i0.wp.com\/landioustravel.com\/wp-content\/uploads\/2020\/10\/Dolphin_swimming_trip.jpg?resize=800%2C630&ssl=1",800,630,true],"newspack-article-block-landscape-intermediate":["https:\/\/i0.wp.com\/landioustravel.com\/wp-content\/uploads\/2020\/10\/Dolphin_swimming_trip.jpg?resize=600%2C450&ssl=1",600,450,true],"newspack-article-block-portrait-intermediate":["https:\/\/i0.wp.com\/landioustravel.com\/wp-content\/uploads\/2020\/10\/Dolphin_swimming_trip.jpg?resize=450%2C600&ssl=1",450,600,true],"newspack-article-block-square-intermediate":["https:\/\/i0.wp.com\/landioustravel.com\/wp-content\/uploads\/2020\/10\/Dolphin_swimming_trip.jpg?resize=600%2C600&ssl=1",600,600,true],"newspack-article-block-landscape-small":["https:\/\/i0.wp.com\/landioustravel.com\/wp-content\/uploads\/2020\/10\/Dolphin_swimming_trip.jpg?resize=400%2C300&ssl=1",400,300,true],"newspack-article-block-portrait-small":["https:\/\/i0.wp.com\/landioustravel.com\/wp-content\/uploads\/2020\/10\/Dolphin_swimming_trip.jpg?resize=300%2C400&ssl=1",300,400,true],"newspack-article-block-square-small":["https:\/\/i0.wp.com\/landioustravel.com\/wp-content\/uploads\/2020\/10\/Dolphin_swimming_trip.jpg?resize=400%2C400&ssl=1",400,400,true],"newspack-article-block-landscape-tiny":["https:\/\/i0.wp.com\/landioustravel.com\/wp-content\/uploads\/2020\/10\/Dolphin_swimming_trip.jpg?resize=200%2C150&ssl=1",200,150,true],"newspack-article-block-portrait-tiny":["https:\/\/i0.wp.com\/landioustravel.com\/wp-content\/uploads\/2020\/10\/Dolphin_swimming_trip.jpg?resize=150%2C200&ssl=1",150,200,true],"newspack-article-block-square-tiny":["https:\/\/i0.wp.com\/landioustravel.com\/wp-content\/uploads\/2020\/10\/Dolphin_swimming_trip.jpg?resize=200%2C200&ssl=1",200,200,true],"newspack-article-block-uncropped":["https:\/\/i0.wp.com\/landioustravel.com\/wp-content\/uploads\/2020\/10\/Dolphin_swimming_trip.jpg?fit=1200%2C630&ssl=1",1200,630,true],"woocommerce_thumbnail":["https:\/\/i0.wp.com\/landioustravel.com\/wp-content\/uploads\/2020\/10\/Dolphin_swimming_trip.jpg?resize=324%2C324&ssl=1",324,324,true],"woocommerce_single":["https:\/\/i0.wp.com\/landioustravel.com\/wp-content\/uploads\/2020\/10\/Dolphin_swimming_trip.jpg?fit=416%2C218&ssl=1",416,218,true],"woocommerce_gallery_thumbnail":["https:\/\/i0.wp.com\/landioustravel.com\/wp-content\/uploads\/2020\/10\/Dolphin_swimming_trip.jpg?resize=100%2C100&ssl=1",100,100,true]},"uagb_author_info":{"display_name":"Mofreh Landious","author_link":"https:\/\/landioustravel.com\/de\/author\/"},"uagb_comment_info":4,"uagb_excerpt":"Schwimmen mit Delfinen ist ein unvergessliches Erlebnis, das jeder mindestens einmal in seinem Leben machen sollte. Gl\u00fccklicherweise k\u00f6nnen Sie es jetzt w\u00e4hrend Ihres Aufenthalts in Sharm El Sheikh schaffen! Sind Sie bereit, Ihren Traum wahr werden zu lassen? Unser Ausflug zum Schwimmen mit Delfinen findet im Dolphina Park statt, wo Sie diese erstaunlichen Kreaturen hautnah&hellip;","jetpack_sharing_enabled":true,"jetpack_likes_enabled":true,"amp_enabled":true,"_links":{"self":[{"href":"https:\/\/landioustravel.com\/de\/wp-json\/wp\/v2\/product\/26100","targetHints":{"allow":["GET"]}}],"collection":[{"href":"https:\/\/landioustravel.com\/de\/wp-json\/wp\/v2\/product"}],"about":[{"href":"https:\/\/landioustravel.com\/de\/wp-json\/wp\/v2\/types\/product"}],"replies":[{"embeddable":true,"href":"https:\/\/landioustravel.com\/de\/wp-json\/wp\/v2\/comments?post=26100"}],"wp:featuredmedia":[{"embeddable":true,"href":"https:\/\/landioustravel.com\/de\/wp-json\/wp\/v2\/media\/24649"}],"wp:attachment":[{"href":"https:\/\/landioustravel.com\/de\/wp-json\/wp\/v2\/media?parent=26100"}],"wp:term":[{"taxonomy":"product_brand","embeddable":true,"href":"https:\/\/landioustravel.com\/de\/wp-json\/wp\/v2\/product_brand?post=26100"},{"taxonomy":"product_cat","embeddable":true,"href":"https:\/\/landioustravel.com\/de\/wp-json\/wp\/v2\/product_cat?post=26100"},{"taxonomy":"product_tag","embeddable":true,"href":"https:\/\/landioustravel.com\/de\/wp-json\/wp\/v2\/product_tag?post=26100"}],"curies":[{"name":"wp","href":"https:\/\/api.w.org\/{rel}","templated":true}]}}