{"id":26620,"date":"2020-12-22T23:34:57","date_gmt":"2020-12-23T19:30:50","guid":{"rendered":"https:\/\/landioustravel.com\/?post_type=product&#038;p=26620"},"modified":"2024-09-23T20:15:14","modified_gmt":"2024-09-23T17:15:14","slug":"sakkara-dahshur-reise-hurghada","status":"publish","type":"product","link":"https:\/\/landioustravel.com\/de\/shop\/sakkara-dahshur-reise-hurghada\/","title":{"rendered":"Sakkara Dahschur Reise Hurghada"},"content":{"rendered":"<p><strong>Sakkara Dahschur Reise Hurghada<\/strong> ist ein wundersch\u00f6ner Tagesausflug zum Pyramidenkomplex in Gizeh, Sakkara und Dahschur von <a href=\"https:\/\/landioustravel.com\/de\/agypten\/aegyptische-staedte\/bahr-ahmar-gouvernement\/hurghada-stadt\/\">Hurghada<\/a>, \u00c4gypten! Beginnen Sie eine fantastische Tour mit der Roten Pyramide und der Knickpyramide in Dahschur. Dahschur ist ein ber\u00fchmter k\u00f6niglicher Friedhof in \u00c4gypten mit vielen ber\u00fchmten Pyramiden von K\u00f6nig Sneferu. Der Standort liegt etwa 40 km von Kairo entfernt. Besuchen Sie die Stufenpyramide von Djoser, die \u00e4lteste zentrale Steinstruktur der Welt, die in der 3. Dynastie erbaut wurde.<\/p>\n<p>Bewundern Sie au\u00dferdem die Pyramiden von Cheops, Chefren und Mykerinus. Besuchen Sie auch die Gro\u00dfe Sphinx, den Kopf eines Pharaos mit einem L\u00f6wenk\u00f6rper, der aus der Zeit von Chefren stammt. Die Tour beinhaltet auch den Besuch des Taltempels, der zu den Pyramiden von Chefren geh\u00f6rt.<\/p>\n<p>Wir empfehlen diesen Tagesausflug dringend, da Touristen die beeindruckendsten Sehensw\u00fcrdigkeiten und Monumente des alten \u00c4gypten sehen k\u00f6nnen &#8211; die alt\u00e4gyptischen Pyramiden und die \u00e4ltere Stufenpyramide. Ebenso erm\u00f6glicht es uns, mehr \u00fcber die Geschichte des Landes zu erfahren. Es ist eine der besten Dahshur-Touren ab Hurghada!<\/p>\n<h2>H\u00f6hepunkte der Sakkara &amp; Dahschur Reise von Hurghada<\/h2>\n<ul>\n<li><strong>Besuchen Sie die drei Pyramiden in Gizeh.<\/strong><\/li>\n<li><strong>Der Taltempel (Mumifizierungstempel).<\/strong><\/li>\n<li><strong>Auch die Gro\u00dfe Sphinx im Pyramidenkomplex.<\/strong><\/li>\n<li><strong>Die Stufenpyramide von Djoser in der Sakkara-Nekropole.<\/strong><\/li>\n<li><strong>Mittagessen.<\/strong><\/li>\n<li>Und<strong> die Pyramiden von Dahschur.<\/strong><\/li>\n<\/ul>\n<h3>Ausflugsprogramm nach Sakkara &amp; Dahschur<\/h3>\n<ul>\n<li>Der Vertreter von <a href=\"https:\/\/landioustravel.com\/de\/kontakte\/\">Landious Travel<\/a> holt Sie gegen 01:00 Uhr von Ihrem Hotel in Hurghada ab.<\/li>\n<li>Sobald wir jede Ecke ausgew\u00e4hlt haben, f\u00e4hrt Ihr privates Fahrzeug (Limousine oder Kleinbus) direkt nach Gizeh. Der Weg vom Zentrum Kairos nach Gizeh dauert etwa eine Stunde.<\/li>\n<\/ul>\n<h4 style=\"text-align: center;\">Programm in Gizeh<\/h4>\n<ul>\n<li>Sobald Sie in Gizeh angekommen sind, begeben Sie sich zum Pyramidenkomplex, in dem sich drei gro\u00dfe Pyramiden von Cheops, Chephren und Mykerinus befinden. Dann besuchen Sie die Gro\u00dfe Sphinx aus der Zeit der Chephren und den Taltempel. Ihr Reisef\u00fchrer zeigt sie Ihnen und gibt Ihnen Zeit zum Fotografieren.<\/li>\n<\/ul>\n<h5 style=\"text-align: center;\">Programm in Sakkara<\/h5>\n<ul>\n<li>Nach dem Abschluss des Besuchs des Pyramidenkomplexes in Gizeh fahren Sie weiter nach Sakkara. Dann k\u00f6nnen Sie an diesem interessanten Ort die Stufenpyramide von K\u00f6nig Djoser besuchen. Es ist die \u00e4lteste gr\u00f6\u00dfere Steinstruktur der Welt aus der 3. Dynastie.<\/li>\n<li>Das Mittagessen kommt gleich nach diesem erstaunlichen Besuch in der Sakkara-Nekropole.<\/li>\n<\/ul>\n<h6 style=\"text-align: center;\">Programm in Dahshur<\/h6>\n<ul>\n<li>Danach fahren Sie nach Dahshur, um die Rote Pyramide und die Gebogene Pyramide zu sehen. Dahshur ist eine ber\u00fchmte k\u00f6nigliche Nekropole in \u00c4gypten, in der sich viele ber\u00fchmte Pyramiden von K\u00f6nig Snefru befinden.<\/li>\n<\/ul>\n<h6 style=\"text-align: center;\">Abfahrt nach Hurghada<\/h6>\n<ul>\n<li>Schlie\u00dflich kehren Sie nach einem solchen Programm in den wundersch\u00f6nen St\u00e4dten Gizeh, Dahshur und Sakkara zu Ihren Hotels zur\u00fcck.<\/li>\n<li>Diese Sakkara &amp; Dahshur Reise von <a href=\"https:\/\/www.google.de\/maps\/place\/Hurghada,+Al-Bahr+al-ahmar\/@27.1928369,33.5015083,10z\/data=!3m1!4b1!4m5!3m4!1s0x145287b2cd3dbbb3:0x2db807f98bd3c360!8m2!3d27.2578957!4d33.8116067\" target=\"_blank\" rel=\"noopener\">Hurghada<\/a> endet gegen 22:00 Uhr.<\/li>\n<\/ul>\n<h4>Was beinhaltet der Preis f\u00fcr Sakkara &amp; Dahschur Reise Hurghada?<\/h4>\n<ul>\n<li>Tickets f\u00fcr Tempelbesuche.<\/li>\n<li>Getr\u00e4nke.<\/li>\n<li>Privater F\u00fchrer.<\/li>\n<li>Auch privates klimatisiertes Fahrzeug.<\/li>\n<\/ul>\n<h5>Was beinhaltet der Preis der Tour nicht?<\/h5>\n<ul>\n<li>Zus\u00e4tzliche Programme, falls nicht im obigen Programm enthalten.<\/li>\n<\/ul>\n<h6>WAS F\u00dcR DIE REISE MITzunehmen?<\/h6>\n<ul>\n<li>Sonnenbrille.<\/li>\n<li>Auch Kleidung f\u00fcr die Saison.<\/li>\n<\/ul>\n<h6>Sakkara &amp; Dahshur Trip Hurghada Buchungstage<\/h6>\n<ul>\n<li>T\u00e4glich von 01:00 bis 22:00 Uhr.<\/li>\n<\/ul>\n","protected":false},"excerpt":{"rendered":"<p>Erleben Sie die Wunder des alten \u00c4gypten und Kairos, w\u00e4hrend Sie von Hurghada aus einen Tagesausflug mit dem Flugzeug zur Stufenpyramide (Sakkara), nach Memphis, zu den Dahschur-Pyramiden und zu den Pyramiden von Gizeh unternehmen. Erkunden Sie das \u00e4lteste der 7 Weltwunder der Antike in Gizeh, bestaunen Sie die hohe Cheops-Pyramide und erfahren Sie von einem \u00e4gyptologischen F\u00fchrer mehr \u00fcber die einzigartigen Bautechniken. Bewundern Sie die liegende Statue der Gro\u00dfen Sphinx und besuchen Sie Memphis und Sakkara, bevor Sie die Pyramiden von Dahshur erkunden. Mit einem klimatisierten Transferfahrzeug werden Sie von Ihrem Hotel in Hurghada abgeholt und zum Flughafen gefahren, wo Sie einen 45-min\u00fctigen Flug nach Kairo antreten. Ihr englischsprachiger Reiseleiter wird Sie bei Ihrer Ankunft abholen und Sie fahren in einem klimatisierten Fahrzeug weiter nach Dahshur, Memphis und Sakkara. Sie machen eine Mittagspause in einem lokalen Restaurant, bevor Sie zu den Gro\u00dfen Pyramiden von Gizeh weiterfahren, darunter die Pyramiden von Cheops, Chephren und Mykerinus. Die Tour endet mit einem Besuch der Sphinx und des Taltempels. Unser Transferservice bringt Sie zur\u00fcck zum Flughafen in Kairo f\u00fcr Ihren R\u00fcckflug nach Hurghada. Bitte beachten Sie, dass die Reihenfolge der Sehensw\u00fcrdigkeiten bei Bedarf vor Ort ge\u00e4ndert werden kann. Auf Anfrage kann dieser Ausflug auch in privater Form mit individuellem Programm und privatem Guide angeboten werden. Kontaktieren Sie uns bei Interesse.<\/p>\n","protected":false},"featured_media":45299,"comment_status":"open","ping_status":"closed","template":"","meta":{"_coblocks_attr":"","_coblocks_dimensions":"","_coblocks_responsive_height":"","_coblocks_accordion_ie_support":"","_uag_custom_page_level_css":"","jetpack_post_was_ever_published":false,"jetpack_publicize_message":"","jetpack_publicize_feature_enabled":true,"jetpack_social_post_already_shared":true,"jetpack_social_options":{"image_generator_settings":{"template":"highway","default_image_id":0,"font":"","enabled":false},"version":2},"_wpas_customize_per_network":false},"product_brand":[],"product_cat":[1601,22153,22097,20163,20160,20140,20143,8563,20166],"product_tag":[2143,1653,9906,1774,1654,1655],"class_list":{"0":"post-26620","1":"product","2":"type-product","3":"status-publish","4":"has-post-thumbnail","6":"product_cat-historische-ausfluge-hurghada","7":"product_cat-hurghada-ausfluege-kairo","8":"product_cat-hurghada-familienausfluege","9":"product_cat-hurghada-private-besichtigungstouren","10":"product_cat-hurghada-private-tagestouren-kairo","11":"product_cat-hurghada-tagestouren-kairo","12":"product_cat-hurghada-touren-pyramiden","13":"product_cat-individuelle-ausfluege-hurghada","14":"product_cat-private-hurghada-touren-pyramiden","15":"product_tag-ausfluge-von-hurghada","16":"product_tag-ausflug","17":"product_tag-besichtigung","18":"product_tag-hurghada-de","19":"product_tag-pyramiden","20":"product_tag-sphinx-de","22":"first","23":"instock","24":"sale","25":"taxable","26":"shipping-taxable","27":"purchasable","28":"product-type-variable"},"yoast_head":"<!-- This site is optimized with the Yoast SEO Premium plugin v26.9 (Yoast SEO v27.3) - https:\/\/yoast.com\/product\/yoast-seo-premium-wordpress\/ -->\n<title>Sakkara Dahschur Reise Hurghada<\/title>\n<meta name=\"description\" content=\"Sakkara Dahschur Reise Hurghada Die Reise gibt Ihnen die M\u00f6glichkeit, die drei Pyramiden in Gizeh, den Taltempel (Mumifizierungstempel)\" \/>\n<meta name=\"robots\" content=\"index, follow, max-snippet:-1, max-image-preview:large, max-video-preview:-1\" \/>\n<link rel=\"canonical\" href=\"https:\/\/landioustravel.com\/de\/shop\/sakkara-dahshur-reise-hurghada\/\" \/>\n<meta property=\"og:locale\" content=\"de_DE\" \/>\n<meta property=\"og:type\" content=\"article\" \/>\n<meta property=\"og:title\" content=\"Sakkara Dahschur Reise Hurghada\" \/>\n<meta property=\"og:description\" content=\"Landious Travel\" \/>\n<meta property=\"og:url\" content=\"https:\/\/landioustravel.com\/de\/shop\/sakkara-dahshur-reise-hurghada\/\" \/>\n<meta property=\"og:site_name\" content=\"Landious Travel\" \/>\n<meta property=\"article:publisher\" content=\"https:\/\/web.facebook.com\/landiousEgypt\" \/>\n<meta property=\"article:modified_time\" content=\"2024-09-23T17:15:14+00:00\" \/>\n<meta property=\"og:image\" content=\"https:\/\/i0.wp.com\/landioustravel.com\/wp-content\/uploads\/2020\/12\/Sakkara-Dahshur-Trip-Hurghada-e1617497105328.jpg?fit=1200%2C675&ssl=1\" \/>\n\t<meta property=\"og:image:width\" content=\"1200\" \/>\n\t<meta property=\"og:image:height\" content=\"675\" \/>\n\t<meta property=\"og:image:type\" content=\"image\/jpeg\" \/>\n<meta name=\"twitter:card\" content=\"summary_large_image\" \/>\n<meta name=\"twitter:site\" content=\"@LandiousTours\" \/>\n<meta name=\"twitter:label1\" content=\"Gesch\u00e4tzte Lesezeit\" \/>\n\t<meta name=\"twitter:data1\" content=\"3\u00a0Minuten\" \/>\n<script type=\"application\/ld+json\" class=\"yoast-schema-graph\">{\"@context\":\"https:\\\/\\\/schema.org\",\"@graph\":[{\"@type\":\"WebPage\",\"@id\":\"https:\\\/\\\/landioustravel.com\\\/de\\\/shop\\\/sakkara-dahshur-reise-hurghada\\\/\",\"url\":\"https:\\\/\\\/landioustravel.com\\\/de\\\/shop\\\/sakkara-dahshur-reise-hurghada\\\/\",\"name\":\"Sakkara Dahschur Reise Hurghada\",\"isPartOf\":{\"@id\":\"https:\\\/\\\/landioustravel.com\\\/de\\\/#website\"},\"primaryImageOfPage\":{\"@id\":\"https:\\\/\\\/landioustravel.com\\\/de\\\/shop\\\/sakkara-dahshur-reise-hurghada\\\/#primaryimage\"},\"image\":{\"@id\":\"https:\\\/\\\/landioustravel.com\\\/de\\\/shop\\\/sakkara-dahshur-reise-hurghada\\\/#primaryimage\"},\"thumbnailUrl\":\"https:\\\/\\\/i0.wp.com\\\/landioustravel.com\\\/wp-content\\\/uploads\\\/2020\\\/12\\\/Sakkara-Dahshur-Trip-Hurghada-e1617497105328.jpg?fit=1200%2C675&ssl=1\",\"datePublished\":\"2020-12-23T19:30:50+00:00\",\"dateModified\":\"2024-09-23T17:15:14+00:00\",\"description\":\"Sakkara Dahschur Reise Hurghada Die Reise gibt Ihnen die M\u00f6glichkeit, die drei Pyramiden in Gizeh, den Taltempel (Mumifizierungstempel)\",\"breadcrumb\":{\"@id\":\"https:\\\/\\\/landioustravel.com\\\/de\\\/shop\\\/sakkara-dahshur-reise-hurghada\\\/#breadcrumb\"},\"inLanguage\":\"de\",\"potentialAction\":[{\"@type\":\"ReadAction\",\"target\":[\"https:\\\/\\\/landioustravel.com\\\/de\\\/shop\\\/sakkara-dahshur-reise-hurghada\\\/\"]}]},{\"@type\":\"ImageObject\",\"inLanguage\":\"de\",\"@id\":\"https:\\\/\\\/landioustravel.com\\\/de\\\/shop\\\/sakkara-dahshur-reise-hurghada\\\/#primaryimage\",\"url\":\"https:\\\/\\\/i0.wp.com\\\/landioustravel.com\\\/wp-content\\\/uploads\\\/2020\\\/12\\\/Sakkara-Dahshur-Trip-Hurghada-e1617497105328.jpg?fit=1200%2C675&ssl=1\",\"contentUrl\":\"https:\\\/\\\/i0.wp.com\\\/landioustravel.com\\\/wp-content\\\/uploads\\\/2020\\\/12\\\/Sakkara-Dahshur-Trip-Hurghada-e1617497105328.jpg?fit=1200%2C675&ssl=1\",\"width\":1200,\"height\":675,\"caption\":\"Sakkara Dahshur Trip Hurghada\"},{\"@type\":\"BreadcrumbList\",\"@id\":\"https:\\\/\\\/landioustravel.com\\\/de\\\/shop\\\/sakkara-dahshur-reise-hurghada\\\/#breadcrumb\",\"itemListElement\":[{\"@type\":\"ListItem\",\"position\":1,\"name\":\"Home\",\"item\":\"https:\\\/\\\/landioustravel.com\\\/de\\\/\"},{\"@type\":\"ListItem\",\"position\":2,\"name\":\"\u00c4gypten Touren\",\"item\":\"https:\\\/\\\/landioustravel.com\\\/de\\\/\"},{\"@type\":\"ListItem\",\"position\":3,\"name\":\"Sakkara Dahschur Reise Hurghada\"}]},{\"@type\":\"WebSite\",\"@id\":\"https:\\\/\\\/landioustravel.com\\\/de\\\/#website\",\"url\":\"https:\\\/\\\/landioustravel.com\\\/de\\\/\",\"name\":\"Landious Travel\",\"description\":\"Excursions, trips and cruises in Egypt\",\"publisher\":{\"@id\":\"https:\\\/\\\/landioustravel.com\\\/de\\\/#organization\"},\"potentialAction\":[{\"@type\":\"SearchAction\",\"target\":{\"@type\":\"EntryPoint\",\"urlTemplate\":\"https:\\\/\\\/landioustravel.com\\\/de\\\/?s={search_term_string}\"},\"query-input\":{\"@type\":\"PropertyValueSpecification\",\"valueRequired\":true,\"valueName\":\"search_term_string\"}}],\"inLanguage\":\"de\"},{\"@type\":[\"Organization\",\"Place\"],\"@id\":\"https:\\\/\\\/landioustravel.com\\\/de\\\/#organization\",\"name\":\"Landious Travel\",\"alternateName\":\"Landious Travel\",\"url\":\"https:\\\/\\\/landioustravel.com\\\/de\\\/\",\"logo\":{\"@id\":\"https:\\\/\\\/landioustravel.com\\\/de\\\/shop\\\/sakkara-dahshur-reise-hurghada\\\/#local-main-organization-logo\"},\"image\":{\"@id\":\"https:\\\/\\\/landioustravel.com\\\/de\\\/shop\\\/sakkara-dahshur-reise-hurghada\\\/#local-main-organization-logo\"},\"sameAs\":[\"https:\\\/\\\/web.facebook.com\\\/landiousEgypt\",\"https:\\\/\\\/x.com\\\/LandiousTours\",\"https:\\\/\\\/mastodon.social\\\/@landious\"],\"legalName\":\"Landious Travel\",\"telephone\":[],\"openingHoursSpecification\":[{\"@type\":\"OpeningHoursSpecification\",\"dayOfWeek\":[\"Monday\",\"Tuesday\",\"Wednesday\",\"Thursday\",\"Friday\",\"Saturday\",\"Sunday\"],\"opens\":\"09:00\",\"closes\":\"17:00\"}]},{\"@type\":\"ImageObject\",\"inLanguage\":\"de\",\"@id\":\"https:\\\/\\\/landioustravel.com\\\/de\\\/shop\\\/sakkara-dahshur-reise-hurghada\\\/#local-main-organization-logo\",\"url\":\"https:\\\/\\\/i0.wp.com\\\/landioustravel.com\\\/wp-content\\\/uploads\\\/2021\\\/06\\\/Landious-T.png?fit=500%2C500&ssl=1\",\"contentUrl\":\"https:\\\/\\\/i0.wp.com\\\/landioustravel.com\\\/wp-content\\\/uploads\\\/2021\\\/06\\\/Landious-T.png?fit=500%2C500&ssl=1\",\"width\":500,\"height\":500,\"caption\":\"Landious Travel\"}]}<\/script>\n<!-- \/ Yoast SEO Premium plugin. -->","yoast_head_json":{"title":"Sakkara Dahschur Reise Hurghada","description":"Sakkara Dahschur Reise Hurghada Die Reise gibt Ihnen die M\u00f6glichkeit, die drei Pyramiden in Gizeh, den Taltempel (Mumifizierungstempel)","robots":{"index":"index","follow":"follow","max-snippet":"max-snippet:-1","max-image-preview":"max-image-preview:large","max-video-preview":"max-video-preview:-1"},"canonical":"https:\/\/landioustravel.com\/de\/shop\/sakkara-dahshur-reise-hurghada\/","og_locale":"de_DE","og_type":"article","og_title":"Sakkara Dahschur Reise Hurghada","og_description":"Landious Travel","og_url":"https:\/\/landioustravel.com\/de\/shop\/sakkara-dahshur-reise-hurghada\/","og_site_name":"Landious Travel","article_publisher":"https:\/\/web.facebook.com\/landiousEgypt","article_modified_time":"2024-09-23T17:15:14+00:00","og_image":[{"width":1200,"height":675,"url":"https:\/\/i0.wp.com\/landioustravel.com\/wp-content\/uploads\/2020\/12\/Sakkara-Dahshur-Trip-Hurghada-e1617497105328.jpg?fit=1200%2C675&ssl=1","type":"image\/jpeg"}],"twitter_card":"summary_large_image","twitter_site":"@LandiousTours","twitter_misc":{"Gesch\u00e4tzte Lesezeit":"3\u00a0Minuten"},"schema":{"@context":"https:\/\/schema.org","@graph":[{"@type":"WebPage","@id":"https:\/\/landioustravel.com\/de\/shop\/sakkara-dahshur-reise-hurghada\/","url":"https:\/\/landioustravel.com\/de\/shop\/sakkara-dahshur-reise-hurghada\/","name":"Sakkara Dahschur Reise Hurghada","isPartOf":{"@id":"https:\/\/landioustravel.com\/de\/#website"},"primaryImageOfPage":{"@id":"https:\/\/landioustravel.com\/de\/shop\/sakkara-dahshur-reise-hurghada\/#primaryimage"},"image":{"@id":"https:\/\/landioustravel.com\/de\/shop\/sakkara-dahshur-reise-hurghada\/#primaryimage"},"thumbnailUrl":"https:\/\/i0.wp.com\/landioustravel.com\/wp-content\/uploads\/2020\/12\/Sakkara-Dahshur-Trip-Hurghada-e1617497105328.jpg?fit=1200%2C675&ssl=1","datePublished":"2020-12-23T19:30:50+00:00","dateModified":"2024-09-23T17:15:14+00:00","description":"Sakkara Dahschur Reise Hurghada Die Reise gibt Ihnen die M\u00f6glichkeit, die drei Pyramiden in Gizeh, den Taltempel (Mumifizierungstempel)","breadcrumb":{"@id":"https:\/\/landioustravel.com\/de\/shop\/sakkara-dahshur-reise-hurghada\/#breadcrumb"},"inLanguage":"de","potentialAction":[{"@type":"ReadAction","target":["https:\/\/landioustravel.com\/de\/shop\/sakkara-dahshur-reise-hurghada\/"]}]},{"@type":"ImageObject","inLanguage":"de","@id":"https:\/\/landioustravel.com\/de\/shop\/sakkara-dahshur-reise-hurghada\/#primaryimage","url":"https:\/\/i0.wp.com\/landioustravel.com\/wp-content\/uploads\/2020\/12\/Sakkara-Dahshur-Trip-Hurghada-e1617497105328.jpg?fit=1200%2C675&ssl=1","contentUrl":"https:\/\/i0.wp.com\/landioustravel.com\/wp-content\/uploads\/2020\/12\/Sakkara-Dahshur-Trip-Hurghada-e1617497105328.jpg?fit=1200%2C675&ssl=1","width":1200,"height":675,"caption":"Sakkara Dahshur Trip Hurghada"},{"@type":"BreadcrumbList","@id":"https:\/\/landioustravel.com\/de\/shop\/sakkara-dahshur-reise-hurghada\/#breadcrumb","itemListElement":[{"@type":"ListItem","position":1,"name":"Home","item":"https:\/\/landioustravel.com\/de\/"},{"@type":"ListItem","position":2,"name":"\u00c4gypten Touren","item":"https:\/\/landioustravel.com\/de\/"},{"@type":"ListItem","position":3,"name":"Sakkara Dahschur Reise Hurghada"}]},{"@type":"WebSite","@id":"https:\/\/landioustravel.com\/de\/#website","url":"https:\/\/landioustravel.com\/de\/","name":"Landious Travel","description":"Excursions, trips and cruises in Egypt","publisher":{"@id":"https:\/\/landioustravel.com\/de\/#organization"},"potentialAction":[{"@type":"SearchAction","target":{"@type":"EntryPoint","urlTemplate":"https:\/\/landioustravel.com\/de\/?s={search_term_string}"},"query-input":{"@type":"PropertyValueSpecification","valueRequired":true,"valueName":"search_term_string"}}],"inLanguage":"de"},{"@type":["Organization","Place"],"@id":"https:\/\/landioustravel.com\/de\/#organization","name":"Landious Travel","alternateName":"Landious Travel","url":"https:\/\/landioustravel.com\/de\/","logo":{"@id":"https:\/\/landioustravel.com\/de\/shop\/sakkara-dahshur-reise-hurghada\/#local-main-organization-logo"},"image":{"@id":"https:\/\/landioustravel.com\/de\/shop\/sakkara-dahshur-reise-hurghada\/#local-main-organization-logo"},"sameAs":["https:\/\/web.facebook.com\/landiousEgypt","https:\/\/x.com\/LandiousTours","https:\/\/mastodon.social\/@landious"],"legalName":"Landious Travel","telephone":[],"openingHoursSpecification":[{"@type":"OpeningHoursSpecification","dayOfWeek":["Monday","Tuesday","Wednesday","Thursday","Friday","Saturday","Sunday"],"opens":"09:00","closes":"17:00"}]},{"@type":"ImageObject","inLanguage":"de","@id":"https:\/\/landioustravel.com\/de\/shop\/sakkara-dahshur-reise-hurghada\/#local-main-organization-logo","url":"https:\/\/i0.wp.com\/landioustravel.com\/wp-content\/uploads\/2021\/06\/Landious-T.png?fit=500%2C500&ssl=1","contentUrl":"https:\/\/i0.wp.com\/landioustravel.com\/wp-content\/uploads\/2021\/06\/Landious-T.png?fit=500%2C500&ssl=1","width":500,"height":500,"caption":"Landious Travel"}]}},"jetpack_publicize_connections":[],"uagb_featured_image_src":{"full":["https:\/\/i0.wp.com\/landioustravel.com\/wp-content\/uploads\/2020\/12\/Sakkara-Dahshur-Trip-Hurghada-e1617497105328.jpg?fit=1200%2C675&ssl=1",1200,675,false],"thumbnail":["https:\/\/i0.wp.com\/landioustravel.com\/wp-content\/uploads\/2020\/12\/Sakkara-Dahshur-Trip-Hurghada-e1617497105328.jpg?resize=150%2C150&ssl=1",150,150,true],"medium":["https:\/\/i0.wp.com\/landioustravel.com\/wp-content\/uploads\/2020\/12\/Sakkara-Dahshur-Trip-Hurghada-e1617497105328.jpg?fit=300%2C169&ssl=1",300,169,true],"medium_large":["https:\/\/i0.wp.com\/landioustravel.com\/wp-content\/uploads\/2020\/12\/Sakkara-Dahshur-Trip-Hurghada-e1617497105328.jpg?fit=768%2C432&ssl=1",768,432,true],"large":["https:\/\/i0.wp.com\/landioustravel.com\/wp-content\/uploads\/2020\/12\/Sakkara-Dahshur-Trip-Hurghada-e1617497105328.jpg?fit=980%2C551&ssl=1",980,551,true],"1536x1536":["https:\/\/i0.wp.com\/landioustravel.com\/wp-content\/uploads\/2020\/12\/Sakkara-Dahshur-Trip-Hurghada-e1617497105328.jpg?fit=1536%2C864&ssl=1",1536,864,true],"2048x2048":["https:\/\/i0.wp.com\/landioustravel.com\/wp-content\/uploads\/2020\/12\/Sakkara-Dahshur-Trip-Hurghada-e1617497105328.jpg?fit=1200%2C675&ssl=1",1200,675,true],"newspack-article-block-landscape-large":["https:\/\/i0.wp.com\/landioustravel.com\/wp-content\/uploads\/2020\/12\/Sakkara-Dahshur-Trip-Hurghada-e1617497105328.jpg?resize=1200%2C675&ssl=1",1200,900,true],"newspack-article-block-portrait-large":["https:\/\/i0.wp.com\/landioustravel.com\/wp-content\/uploads\/2020\/12\/Sakkara-Dahshur-Trip-Hurghada-e1617497105328.jpg?resize=900%2C675&ssl=1",900,900,true],"newspack-article-block-square-large":["https:\/\/i0.wp.com\/landioustravel.com\/wp-content\/uploads\/2020\/12\/Sakkara-Dahshur-Trip-Hurghada-e1617497105328.jpg?resize=1200%2C675&ssl=1",1200,900,true],"newspack-article-block-landscape-medium":["https:\/\/i0.wp.com\/landioustravel.com\/wp-content\/uploads\/2020\/12\/Sakkara-Dahshur-Trip-Hurghada-e1617497105328.jpg?resize=800%2C600&ssl=1",800,600,true],"newspack-article-block-portrait-medium":["https:\/\/i0.wp.com\/landioustravel.com\/wp-content\/uploads\/2020\/12\/Sakkara-Dahshur-Trip-Hurghada-e1617497105328.jpg?resize=600%2C675&ssl=1",600,800,true],"newspack-article-block-square-medium":["https:\/\/i0.wp.com\/landioustravel.com\/wp-content\/uploads\/2020\/12\/Sakkara-Dahshur-Trip-Hurghada-e1617497105328.jpg?resize=800%2C675&ssl=1",800,800,true],"newspack-article-block-landscape-intermediate":["https:\/\/i0.wp.com\/landioustravel.com\/wp-content\/uploads\/2020\/12\/Sakkara-Dahshur-Trip-Hurghada-e1617497105328.jpg?resize=600%2C450&ssl=1",600,450,true],"newspack-article-block-portrait-intermediate":["https:\/\/i0.wp.com\/landioustravel.com\/wp-content\/uploads\/2020\/12\/Sakkara-Dahshur-Trip-Hurghada-e1617497105328.jpg?resize=450%2C600&ssl=1",450,600,true],"newspack-article-block-square-intermediate":["https:\/\/i0.wp.com\/landioustravel.com\/wp-content\/uploads\/2020\/12\/Sakkara-Dahshur-Trip-Hurghada-e1617497105328.jpg?resize=600%2C600&ssl=1",600,600,true],"newspack-article-block-landscape-small":["https:\/\/i0.wp.com\/landioustravel.com\/wp-content\/uploads\/2020\/12\/Sakkara-Dahshur-Trip-Hurghada-e1617497105328.jpg?resize=400%2C300&ssl=1",400,300,true],"newspack-article-block-portrait-small":["https:\/\/i0.wp.com\/landioustravel.com\/wp-content\/uploads\/2020\/12\/Sakkara-Dahshur-Trip-Hurghada-e1617497105328.jpg?resize=300%2C400&ssl=1",300,400,true],"newspack-article-block-square-small":["https:\/\/i0.wp.com\/landioustravel.com\/wp-content\/uploads\/2020\/12\/Sakkara-Dahshur-Trip-Hurghada-e1617497105328.jpg?resize=400%2C400&ssl=1",400,400,true],"newspack-article-block-landscape-tiny":["https:\/\/i0.wp.com\/landioustravel.com\/wp-content\/uploads\/2020\/12\/Sakkara-Dahshur-Trip-Hurghada-e1617497105328.jpg?resize=200%2C150&ssl=1",200,150,true],"newspack-article-block-portrait-tiny":["https:\/\/i0.wp.com\/landioustravel.com\/wp-content\/uploads\/2020\/12\/Sakkara-Dahshur-Trip-Hurghada-e1617497105328.jpg?resize=150%2C200&ssl=1",150,200,true],"newspack-article-block-square-tiny":["https:\/\/i0.wp.com\/landioustravel.com\/wp-content\/uploads\/2020\/12\/Sakkara-Dahshur-Trip-Hurghada-e1617497105328.jpg?resize=200%2C200&ssl=1",200,200,true],"newspack-article-block-uncropped":["https:\/\/i0.wp.com\/landioustravel.com\/wp-content\/uploads\/2020\/12\/Sakkara-Dahshur-Trip-Hurghada-e1617497105328.jpg?fit=1200%2C675&ssl=1",1200,675,true],"woocommerce_thumbnail":["https:\/\/i0.wp.com\/landioustravel.com\/wp-content\/uploads\/2020\/12\/Sakkara-Dahshur-Trip-Hurghada-e1617497105328.jpg?resize=324%2C324&ssl=1",324,324,true],"woocommerce_single":["https:\/\/i0.wp.com\/landioustravel.com\/wp-content\/uploads\/2020\/12\/Sakkara-Dahshur-Trip-Hurghada-e1617497105328.jpg?fit=416%2C234&ssl=1",416,234,true],"woocommerce_gallery_thumbnail":["https:\/\/i0.wp.com\/landioustravel.com\/wp-content\/uploads\/2020\/12\/Sakkara-Dahshur-Trip-Hurghada-e1617497105328.jpg?resize=100%2C100&ssl=1",100,100,true]},"uagb_author_info":{"display_name":"Mofreh Landious","author_link":"https:\/\/landioustravel.com\/de\/author\/"},"uagb_comment_info":3,"uagb_excerpt":"Erleben Sie die Wunder des alten \u00c4gypten und Kairos, w\u00e4hrend Sie von Hurghada aus einen Tagesausflug mit dem Flugzeug zur Stufenpyramide (Sakkara), nach Memphis, zu den Dahschur-Pyramiden und zu den Pyramiden von Gizeh unternehmen. Erkunden Sie das \u00e4lteste der 7 Weltwunder der Antike in Gizeh, bestaunen Sie die hohe Cheops-Pyramide und erfahren Sie von einem&hellip;","jetpack_sharing_enabled":true,"jetpack_likes_enabled":true,"amp_enabled":true,"_links":{"self":[{"href":"https:\/\/landioustravel.com\/de\/wp-json\/wp\/v2\/product\/26620","targetHints":{"allow":["GET"]}}],"collection":[{"href":"https:\/\/landioustravel.com\/de\/wp-json\/wp\/v2\/product"}],"about":[{"href":"https:\/\/landioustravel.com\/de\/wp-json\/wp\/v2\/types\/product"}],"replies":[{"embeddable":true,"href":"https:\/\/landioustravel.com\/de\/wp-json\/wp\/v2\/comments?post=26620"}],"wp:featuredmedia":[{"embeddable":true,"href":"https:\/\/landioustravel.com\/de\/wp-json\/wp\/v2\/media\/45299"}],"wp:attachment":[{"href":"https:\/\/landioustravel.com\/de\/wp-json\/wp\/v2\/media?parent=26620"}],"wp:term":[{"taxonomy":"product_brand","embeddable":true,"href":"https:\/\/landioustravel.com\/de\/wp-json\/wp\/v2\/product_brand?post=26620"},{"taxonomy":"product_cat","embeddable":true,"href":"https:\/\/landioustravel.com\/de\/wp-json\/wp\/v2\/product_cat?post=26620"},{"taxonomy":"product_tag","embeddable":true,"href":"https:\/\/landioustravel.com\/de\/wp-json\/wp\/v2\/product_tag?post=26620"}],"curies":[{"name":"wp","href":"https:\/\/api.w.org\/{rel}","templated":true}]}}