{"id":26983,"date":"2021-01-06T18:12:44","date_gmt":"2021-01-06T16:12:44","guid":{"rendered":"https:\/\/landioustravel.com\/?post_type=product&#038;p=26983"},"modified":"2026-01-28T19:14:50","modified_gmt":"2026-01-28T17:14:50","slug":"reise-petra-dahab","status":"publish","type":"product","link":"https:\/\/landioustravel.com\/de\/shop\/reise-petra-dahab\/","title":{"rendered":"Petra Reise Dahab"},"content":{"rendered":"<p>Es ist eine wundervolle Reise nach Petra aus Dahab, <a href=\"https:\/\/landioustravel.com\/de\/agypten\/\">\u00c4gypten<\/a>! Wir geben unsere Empfehlung f\u00fcr solch eine fantastische Erfahrung. Grunds\u00e4tzlich empfehlen wir diesen Ausflug, damit Touristen die beeindruckendsten Sehensw\u00fcrdigkeiten in Petra, Jordanien, sehen k\u00f6nnen! Und nat\u00fcrlich bietet es einen Teil der Geschichte dieses Ortes. In der Tat ist es eine der besten Geschichts- und Kulturreisen, die Sie in Dahab unternehmen k\u00f6nnen! Verpassen Sie nicht, die verlorene Stadt Petra zu entdecken! <strong>ONLINE BUCHUNG PETRA TRIP DAHAB UND BESTER PREIS!<\/strong><\/p>\n<h2>H\u00f6hepunkte auf der Reise nach Petra von Dahab<\/h2>\n<ul>\n<li>Walkthrough durch die Schlucht von Siq.<\/li>\n<li>Besuchen Sie Al Khazneh oder die Gro\u00dfe Schatzkammer des Pharao.<\/li>\n<li>Dann besuchen Sie das r\u00f6mische Theater und die K\u00f6nigsgr\u00e4ber.<\/li>\n<li>Mittagessen.<\/li>\n<li>Besuchen Sie au\u00dferdem das Al Habis Fort.<\/li>\n<\/ul>\n<h3>Programm der Tour nach Petra in Jordanien<\/h3>\n<ul>\n<li>Startzeit &amp; Abholung. Der Vertreter von Landious Travel holt Sie gegen 02:00 Uhr von Ihrem Hotel in Dahab ab.<\/li>\n<li>Ziel. Und dann f\u00e4hrt der Kleinbus nach Nuweiba Marine, nachdem er alle Ank\u00f6mmlinge abgeholt hat. Nat\u00fcrlich f\u00e4hrt Ihr Bus auf dem Weg zum Hafen von Nuweiba durch die Stadt Dahab. Es dauert ungef\u00e4hr 3 Stunden, um den Hafen in Nuweiba zu erreichen. Die St\u00e4dte Dahab und Nuweiba liegen \u00fcbrigens an der K\u00fcste des Roten Meeres n\u00f6rdlich von Sharm El-Sheikh.<\/li>\n<li>F\u00e4hrfahrt. Dann segeln Sie an Bord einer F\u00e4hre nach Jordanien.<\/li>\n<\/ul>\n<h4 style=\"text-align: center;\">Programm in Jordanien<\/h4>\n<ul>\n<li>Petra Besuch. Sobald Sie in Jordanien sind, fahren Sie in die ber\u00fchmte Stadt Petra, um Ihre Reise dorthin zu beginnen.<\/li>\n<li>Canyon Walk. Sobald Sie in Petra angekommen sind, beginnen Sie Ihre Reise mit einem Spaziergang durch die Schlucht von Siq. Diese Schlucht ist einen Kilometer lang und hat wundersch\u00f6ne Sandsteinformationen. Es ist auch ein wunderbares Meisterwerk, das die Fassade eines Sandsteinberges pr\u00e4gt!<\/li>\n<li>Schatzkammer des Pharao. Danach besuchen Sie Al Khazneh. Erstaunlicherweise f\u00fchrt Sie die Siq-Schlucht zur Schatzkammer des Pharaos _ Al Khazneh! Die Schatzkammer befindet sich im Herzen der W\u00fcste und bietet eine beeindruckende Aussicht!<\/li>\n<li>R\u00f6mischer Theaterbesuch. Wenn der Besuch in Al Khazneh beendet ist, werden Sie das r\u00f6mische Theater und die k\u00f6niglichen Gr\u00e4ber weiter erkunden. Diese Gr\u00e4ber stammen aus der byzantinischen Zeit.<\/li>\n<li>Mittagessen. Sp\u00e4ter gehen Sie ins Restaurant. Das Mittagessen kommt nat\u00fcrlich nach dem Besuch dieser interessanten historischen Denkm\u00e4ler. Dieses Mittagessen wird in einem der besten Restaurants in Petra serviert.<\/li>\n<li>Al Habis Fort. Nat\u00fcrlich setzen Sie Ihre Reise in Petra fort und besuchen das Al Habis Fort. Dieses Fort befindet sich auf einem H\u00fcgel. Und es stammt aus dem zw\u00f6lften Jahrhundert. Der atemberaubende Panoramablick auf tiefe Schluchten und farbige Felsformationen hinterl\u00e4sst mit Sicherheit so sch\u00f6ne Eindr\u00fccke in Ihrer Seele!<\/li>\n<li>Abfahrt. Schlie\u00dflich f\u00e4hrt unser Bus nach einem solchen Programm in der wundersch\u00f6nen Stadt Petra zur\u00fcck zum Hafen von Aqaba.<\/li>\n<li>Endzeit. Diese \u201eReise von <a href=\"https:\/\/www.google.de\/maps\/place\/Dahab,+Saint+Catherine,+Dschanub+Sina\/@28.4956014,34.4829166,14z\/data=!3m1!4b1!4m5!3m4!1s0x15ab4b29bfad585f:0xac65238d793319bf!8m2!3d28.5091355!4d34.5136344\" target=\"_blank\" rel=\"noopener\">Dahab<\/a> nach Petra\u201c endet am n\u00e4chsten Tag gegen 23:00 Uhr.<\/li>\n<\/ul>\n<h4>Was beinhaltet der Petra Reise Dahab Preis?<\/h4>\n<ul>\n<li>Tickets f\u00fcr Tempelbesuche.<\/li>\n<li>Mittagessen.<\/li>\n<li>Leiten.<\/li>\n<li>Auch alle Transfers nach Petra in Jordanien und zur\u00fcck zum Hotel.<\/li>\n<\/ul>\n<h5>Was beinhaltet der Preis der Petra Reise Dahab nicht?<\/h5>\n<ul>\n<li>Zus\u00e4tzliche Ausflugsprogramme, falls nicht im oben genannten Programm enthalten.<\/li>\n<li>Auch Getr\u00e4nke im Restaurant.<\/li>\n<\/ul>\n<h6>Was nehmen Sie f\u00fcr die Reise nach Petra mit?<\/h6>\n<ul>\n<li>Fr\u00fchst\u00fccksbox.<\/li>\n<li>Reisepass.<\/li>\n<li>Auch Kleidung f\u00fcr die Saison.<\/li>\n<\/ul>\n<h6>Petra Reise Dahab Buchungstage<\/h6>\n<ul>\n<li>Dienstags von 02:00 bis 22:00 Uhr am n\u00e4chsten Tag.<\/li>\n<li>Auch freitags von 02:00 bis 22:00 Uhr am n\u00e4chsten Tag.<\/li>\n<\/ul>\n","protected":false},"excerpt":{"rendered":"<p>Erleben Sie die ikonische Attraktion der antiken Stadt Petra in Jordanien, auch wenn Sie nur wenig Zeit in der Gegend verbringen. Unsere ganzt\u00e4gige Tour ab Dahab, \u00c4gypten, ist problemlos und beinhaltet alle Transfers, Abholung\/R\u00fcckgabe vom Hotel und die \u00dcberfahrt von Taba nach Aqaba. Da alle Eintrittsgelder und das Mittagessen inbegriffen sind, fallen keine zus\u00e4tzlichen Kosten an. Unser sachkundiger Reisef\u00fchrer gew\u00e4hrt Ihnen Einblicke in die antike Stadt und ihre faszinierende Geschichte. W\u00e4hrend der Tour besuchen Sie Petras historische und arch\u00e4ologische Stadt in Jordanien, das antike Nabat\u00e4ermuseum, das r\u00f6mische Theater, Regenbogengr\u00e4ber und den Canyon. Erleben Sie die nabat\u00e4ische Kultur hautnah und beobachten Sie, wie sie ihre H\u00e4user, Tempel und Gr\u00e4ber direkt aus den Felsen hauen. Wir holen Sie von Ihrem Hotel in Dahab mit einem modernen, klimatisierten Bus zum Hafen von Taba ab, wo Sie eine F\u00e4hre zum Hafen von Aqaba nehmen. Von dort aus werden Sie mit einem klimatisierten Fahrzeug f\u00fcr etwa 1,5 Stunden in die rosarote Stadt Petra gebracht. Nach der Ankunft im Besucherzentrum starten Sie zu Pferd oder zu Fu\u00df zum Siq, einer engen Schlucht, und weiter zur wundersch\u00f6nen Schatzkammer. Von dort aus gehen Sie die Stra\u00dfe der Fassaden, die K\u00f6nigsgr\u00e4ber und Qasr Al Bent entlang. Nach Ihrer Tagestour segeln Sie vom Hafen von Aqaba zur\u00fcck zum Hafen von Taba und werden dann zu Ihrem Hotel in Dahab gebracht. Genie\u00dfen Sie eine erstaunliche und atemberaubende Reise und sammeln Sie unvergessliche Erinnerungen bei einem Spaziergang zwischen den Felsengr\u00e4bern und Fassaden von Petra, der rosaroten Stadt. Wir bieten auch einen fantastischen Tagesausflug vom Hafen Aqaba nach Petra und Wadi Rum an, wo Sie die ber\u00fchmtesten Orte Jordaniens besuchen. Wir holen Sie von Ihrem Hotel in Dahab mit einem modernen, klimatisierten Bus zum Hafen von Aqaba ab, nehmen eine F\u00e4hre zum Hafen von Aqaba und holen Sie dann am Hafen von Aqaba am Ausgang der Kreuzfahrt ab. Anschlie\u00dfend werden Sie mit einem klimatisierten Fahrzeug f\u00fcr etwa 1,5 Stunden in die rosarote Stadt Petra gebracht. Nach der Ankunft im Besucherzentrum starten Sie zu Pferd oder zu Fu\u00df zum Siq, einer engen Schlucht, und weiter zur wundersch\u00f6nen Schatzkammer. Von dort aus gehen Sie die Stra\u00dfe der Fassaden, die K\u00f6nigsgr\u00e4ber und Qasr Al Bent entlang. Nach Ihrer Tagestour segeln Sie vom Hafen von Aqaba zur\u00fcck zum Hafen von Aqaba und werden dann zu Ihrem Hotel in Dahab gebracht. Lassen Sie sich dieses sehenswerte Reiseziel im Nahen Osten nicht entgehen. Buchen Sie noch heute Ihre Tour!<\/p>\n","protected":false},"featured_media":24693,"comment_status":"open","ping_status":"closed","template":"","meta":{"_coblocks_attr":"","_coblocks_dimensions":"","_coblocks_responsive_height":"","_coblocks_accordion_ie_support":"","_uag_custom_page_level_css":"","jetpack_publicize_message":"","jetpack_publicize_feature_enabled":true,"jetpack_social_post_already_shared":true,"jetpack_social_options":{"image_generator_settings":{"template":"highway","default_image_id":0,"font":"","enabled":false},"version":2},"_wpas_customize_per_network":false},"product_brand":[],"product_cat":[19226],"product_tag":[1653,9906],"class_list":{"0":"post-26983","1":"product","2":"type-product","3":"status-publish","4":"has-post-thumbnail","6":"product_cat-dahab-ausfluege-touren","7":"product_tag-ausflug","8":"product_tag-besichtigung","9":"pa_age-erwachsene","10":"pa_age-kind-1-4-jahre","11":"pa_age-kind-5-11-jahre","13":"first","14":"instock","15":"sale","16":"taxable","17":"shipping-taxable","18":"purchasable","19":"product-type-variable"},"yoast_head":"<!-- This site is optimized with the Yoast SEO Premium plugin v27.5 (Yoast SEO v27.5) - https:\/\/yoast.com\/product\/yoast-seo-premium-wordpress\/ -->\n<title>Petra Reise Dahab - Entdecken Jordanien - Landious Travel<\/title>\n<meta name=\"description\" content=\"Online-Buchung Petra Reise Dahab Preis, historische Stadt Petra in Jordanien, altes nabat\u00e4isches Museum, r\u00f6misches Theater, Regenbogengr\u00e4ber\" \/>\n<meta name=\"robots\" content=\"index, follow, max-snippet:-1, max-image-preview:large, max-video-preview:-1\" \/>\n<link rel=\"canonical\" href=\"https:\/\/landioustravel.com\/de\/shop\/reise-petra-dahab\/\" \/>\n<meta property=\"og:locale\" content=\"de_DE\" \/>\n<meta property=\"og:type\" content=\"article\" \/>\n<meta property=\"og:title\" content=\"Petra Reise Dahab\" \/>\n<meta property=\"og:description\" content=\"Landious Travel\" \/>\n<meta property=\"og:url\" content=\"https:\/\/landioustravel.com\/de\/shop\/reise-petra-dahab\/\" \/>\n<meta property=\"og:site_name\" content=\"Landious Travel\" \/>\n<meta property=\"article:publisher\" content=\"https:\/\/web.facebook.com\/landiousEgypt\" \/>\n<meta property=\"article:modified_time\" content=\"2026-01-28T17:14:50+00:00\" \/>\n<meta property=\"og:image\" content=\"https:\/\/i0.wp.com\/landioustravel.com\/wp-content\/uploads\/2020\/10\/petra_trip_sharm-e1617489481347.jpg?fit=1200%2C675&ssl=1\" \/>\n\t<meta property=\"og:image:width\" content=\"1200\" \/>\n\t<meta property=\"og:image:height\" content=\"675\" \/>\n\t<meta property=\"og:image:type\" content=\"image\/jpeg\" \/>\n<meta name=\"twitter:card\" content=\"summary_large_image\" \/>\n<meta name=\"twitter:site\" content=\"@LandiousTours\" \/>\n<meta name=\"twitter:label1\" content=\"Gesch\u00e4tzte Lesezeit\" \/>\n\t<meta name=\"twitter:data1\" content=\"3\u00a0Minuten\" \/>\n<script type=\"application\/ld+json\" class=\"yoast-schema-graph\">{\"@context\":\"https:\\\/\\\/schema.org\",\"@graph\":[{\"@type\":\"WebPage\",\"@id\":\"https:\\\/\\\/landioustravel.com\\\/de\\\/shop\\\/reise-petra-dahab\\\/\",\"url\":\"https:\\\/\\\/landioustravel.com\\\/de\\\/shop\\\/reise-petra-dahab\\\/\",\"name\":\"Petra Reise Dahab - Entdecken Jordanien - Landious Travel\",\"isPartOf\":{\"@id\":\"https:\\\/\\\/landioustravel.com\\\/de\\\/#website\"},\"primaryImageOfPage\":{\"@id\":\"https:\\\/\\\/landioustravel.com\\\/de\\\/shop\\\/reise-petra-dahab\\\/#primaryimage\"},\"image\":{\"@id\":\"https:\\\/\\\/landioustravel.com\\\/de\\\/shop\\\/reise-petra-dahab\\\/#primaryimage\"},\"thumbnailUrl\":\"https:\\\/\\\/i0.wp.com\\\/landioustravel.com\\\/wp-content\\\/uploads\\\/2020\\\/10\\\/petra_trip_sharm-e1617489481347.jpg?fit=1200%2C675&ssl=1\",\"datePublished\":\"2021-01-06T16:12:44+00:00\",\"dateModified\":\"2026-01-28T17:14:50+00:00\",\"description\":\"Online-Buchung Petra Reise Dahab Preis, historische Stadt Petra in Jordanien, altes nabat\u00e4isches Museum, r\u00f6misches Theater, Regenbogengr\u00e4ber\",\"breadcrumb\":{\"@id\":\"https:\\\/\\\/landioustravel.com\\\/de\\\/shop\\\/reise-petra-dahab\\\/#breadcrumb\"},\"inLanguage\":\"de\",\"potentialAction\":[{\"@type\":\"ReadAction\",\"target\":[\"https:\\\/\\\/landioustravel.com\\\/de\\\/shop\\\/reise-petra-dahab\\\/\"]}]},{\"@type\":\"ImageObject\",\"inLanguage\":\"de\",\"@id\":\"https:\\\/\\\/landioustravel.com\\\/de\\\/shop\\\/reise-petra-dahab\\\/#primaryimage\",\"url\":\"https:\\\/\\\/i0.wp.com\\\/landioustravel.com\\\/wp-content\\\/uploads\\\/2020\\\/10\\\/petra_trip_sharm-e1617489481347.jpg?fit=1200%2C675&ssl=1\",\"contentUrl\":\"https:\\\/\\\/i0.wp.com\\\/landioustravel.com\\\/wp-content\\\/uploads\\\/2020\\\/10\\\/petra_trip_sharm-e1617489481347.jpg?fit=1200%2C675&ssl=1\",\"width\":1200,\"height\":675,\"caption\":\"Services & Tours Excursion to Petra from Sharm El Sheikh\"},{\"@type\":\"BreadcrumbList\",\"@id\":\"https:\\\/\\\/landioustravel.com\\\/de\\\/shop\\\/reise-petra-dahab\\\/#breadcrumb\",\"itemListElement\":[{\"@type\":\"ListItem\",\"position\":1,\"name\":\"Home\",\"item\":\"https:\\\/\\\/landioustravel.com\\\/de\\\/\"},{\"@type\":\"ListItem\",\"position\":2,\"name\":\"\u00c4gypten Touren\",\"item\":\"https:\\\/\\\/landioustravel.com\\\/de\\\/\"},{\"@type\":\"ListItem\",\"position\":3,\"name\":\"Petra Reise Dahab\"}]},{\"@type\":\"WebSite\",\"@id\":\"https:\\\/\\\/landioustravel.com\\\/de\\\/#website\",\"url\":\"https:\\\/\\\/landioustravel.com\\\/de\\\/\",\"name\":\"Landious Travel\",\"description\":\"Excursions, trips and cruises in Egypt\",\"publisher\":{\"@id\":\"https:\\\/\\\/landioustravel.com\\\/de\\\/#organization\"},\"potentialAction\":[{\"@type\":\"SearchAction\",\"target\":{\"@type\":\"EntryPoint\",\"urlTemplate\":\"https:\\\/\\\/landioustravel.com\\\/de\\\/?s={search_term_string}\"},\"query-input\":{\"@type\":\"PropertyValueSpecification\",\"valueRequired\":true,\"valueName\":\"search_term_string\"}}],\"inLanguage\":\"de\"},{\"@type\":[\"Organization\",\"Place\"],\"@id\":\"https:\\\/\\\/landioustravel.com\\\/de\\\/#organization\",\"name\":\"Landious Travel\",\"alternateName\":\"Landious Travel\",\"url\":\"https:\\\/\\\/landioustravel.com\\\/de\\\/\",\"logo\":{\"@id\":\"https:\\\/\\\/landioustravel.com\\\/de\\\/shop\\\/reise-petra-dahab\\\/#local-main-organization-logo\"},\"image\":{\"@id\":\"https:\\\/\\\/landioustravel.com\\\/de\\\/shop\\\/reise-petra-dahab\\\/#local-main-organization-logo\"},\"sameAs\":[\"https:\\\/\\\/web.facebook.com\\\/landiousEgypt\",\"https:\\\/\\\/x.com\\\/LandiousTours\",\"https:\\\/\\\/mastodon.social\\\/@landious\"],\"legalName\":\"Landious Travel\",\"telephone\":[],\"openingHoursSpecification\":[{\"@type\":\"OpeningHoursSpecification\",\"dayOfWeek\":[\"Monday\",\"Tuesday\",\"Wednesday\",\"Thursday\",\"Friday\",\"Saturday\",\"Sunday\"],\"opens\":\"09:00\",\"closes\":\"17:00\"}]},{\"@type\":\"ImageObject\",\"inLanguage\":\"de\",\"@id\":\"https:\\\/\\\/landioustravel.com\\\/de\\\/shop\\\/reise-petra-dahab\\\/#local-main-organization-logo\",\"url\":\"https:\\\/\\\/i0.wp.com\\\/landioustravel.com\\\/wp-content\\\/uploads\\\/2021\\\/06\\\/Landious-T.png?fit=500%2C500&ssl=1\",\"contentUrl\":\"https:\\\/\\\/i0.wp.com\\\/landioustravel.com\\\/wp-content\\\/uploads\\\/2021\\\/06\\\/Landious-T.png?fit=500%2C500&ssl=1\",\"width\":500,\"height\":500,\"caption\":\"Landious Travel\"}]}<\/script>\n<!-- \/ Yoast SEO Premium plugin. -->","yoast_head_json":{"title":"Petra Reise Dahab - Entdecken Jordanien - Landious Travel","description":"Online-Buchung Petra Reise Dahab Preis, historische Stadt Petra in Jordanien, altes nabat\u00e4isches Museum, r\u00f6misches Theater, Regenbogengr\u00e4ber","robots":{"index":"index","follow":"follow","max-snippet":"max-snippet:-1","max-image-preview":"max-image-preview:large","max-video-preview":"max-video-preview:-1"},"canonical":"https:\/\/landioustravel.com\/de\/shop\/reise-petra-dahab\/","og_locale":"de_DE","og_type":"article","og_title":"Petra Reise Dahab","og_description":"Landious Travel","og_url":"https:\/\/landioustravel.com\/de\/shop\/reise-petra-dahab\/","og_site_name":"Landious Travel","article_publisher":"https:\/\/web.facebook.com\/landiousEgypt","article_modified_time":"2026-01-28T17:14:50+00:00","og_image":[{"width":1200,"height":675,"url":"https:\/\/i0.wp.com\/landioustravel.com\/wp-content\/uploads\/2020\/10\/petra_trip_sharm-e1617489481347.jpg?fit=1200%2C675&ssl=1","type":"image\/jpeg"}],"twitter_card":"summary_large_image","twitter_site":"@LandiousTours","twitter_misc":{"Gesch\u00e4tzte Lesezeit":"3\u00a0Minuten"},"schema":{"@context":"https:\/\/schema.org","@graph":[{"@type":"WebPage","@id":"https:\/\/landioustravel.com\/de\/shop\/reise-petra-dahab\/","url":"https:\/\/landioustravel.com\/de\/shop\/reise-petra-dahab\/","name":"Petra Reise Dahab - Entdecken Jordanien - Landious Travel","isPartOf":{"@id":"https:\/\/landioustravel.com\/de\/#website"},"primaryImageOfPage":{"@id":"https:\/\/landioustravel.com\/de\/shop\/reise-petra-dahab\/#primaryimage"},"image":{"@id":"https:\/\/landioustravel.com\/de\/shop\/reise-petra-dahab\/#primaryimage"},"thumbnailUrl":"https:\/\/i0.wp.com\/landioustravel.com\/wp-content\/uploads\/2020\/10\/petra_trip_sharm-e1617489481347.jpg?fit=1200%2C675&ssl=1","datePublished":"2021-01-06T16:12:44+00:00","dateModified":"2026-01-28T17:14:50+00:00","description":"Online-Buchung Petra Reise Dahab Preis, historische Stadt Petra in Jordanien, altes nabat\u00e4isches Museum, r\u00f6misches Theater, Regenbogengr\u00e4ber","breadcrumb":{"@id":"https:\/\/landioustravel.com\/de\/shop\/reise-petra-dahab\/#breadcrumb"},"inLanguage":"de","potentialAction":[{"@type":"ReadAction","target":["https:\/\/landioustravel.com\/de\/shop\/reise-petra-dahab\/"]}]},{"@type":"ImageObject","inLanguage":"de","@id":"https:\/\/landioustravel.com\/de\/shop\/reise-petra-dahab\/#primaryimage","url":"https:\/\/i0.wp.com\/landioustravel.com\/wp-content\/uploads\/2020\/10\/petra_trip_sharm-e1617489481347.jpg?fit=1200%2C675&ssl=1","contentUrl":"https:\/\/i0.wp.com\/landioustravel.com\/wp-content\/uploads\/2020\/10\/petra_trip_sharm-e1617489481347.jpg?fit=1200%2C675&ssl=1","width":1200,"height":675,"caption":"Services & Tours Excursion to Petra from Sharm El Sheikh"},{"@type":"BreadcrumbList","@id":"https:\/\/landioustravel.com\/de\/shop\/reise-petra-dahab\/#breadcrumb","itemListElement":[{"@type":"ListItem","position":1,"name":"Home","item":"https:\/\/landioustravel.com\/de\/"},{"@type":"ListItem","position":2,"name":"\u00c4gypten Touren","item":"https:\/\/landioustravel.com\/de\/"},{"@type":"ListItem","position":3,"name":"Petra Reise Dahab"}]},{"@type":"WebSite","@id":"https:\/\/landioustravel.com\/de\/#website","url":"https:\/\/landioustravel.com\/de\/","name":"Landious Travel","description":"Excursions, trips and cruises in Egypt","publisher":{"@id":"https:\/\/landioustravel.com\/de\/#organization"},"potentialAction":[{"@type":"SearchAction","target":{"@type":"EntryPoint","urlTemplate":"https:\/\/landioustravel.com\/de\/?s={search_term_string}"},"query-input":{"@type":"PropertyValueSpecification","valueRequired":true,"valueName":"search_term_string"}}],"inLanguage":"de"},{"@type":["Organization","Place"],"@id":"https:\/\/landioustravel.com\/de\/#organization","name":"Landious Travel","alternateName":"Landious Travel","url":"https:\/\/landioustravel.com\/de\/","logo":{"@id":"https:\/\/landioustravel.com\/de\/shop\/reise-petra-dahab\/#local-main-organization-logo"},"image":{"@id":"https:\/\/landioustravel.com\/de\/shop\/reise-petra-dahab\/#local-main-organization-logo"},"sameAs":["https:\/\/web.facebook.com\/landiousEgypt","https:\/\/x.com\/LandiousTours","https:\/\/mastodon.social\/@landious"],"legalName":"Landious Travel","telephone":[],"openingHoursSpecification":[{"@type":"OpeningHoursSpecification","dayOfWeek":["Monday","Tuesday","Wednesday","Thursday","Friday","Saturday","Sunday"],"opens":"09:00","closes":"17:00"}]},{"@type":"ImageObject","inLanguage":"de","@id":"https:\/\/landioustravel.com\/de\/shop\/reise-petra-dahab\/#local-main-organization-logo","url":"https:\/\/i0.wp.com\/landioustravel.com\/wp-content\/uploads\/2021\/06\/Landious-T.png?fit=500%2C500&ssl=1","contentUrl":"https:\/\/i0.wp.com\/landioustravel.com\/wp-content\/uploads\/2021\/06\/Landious-T.png?fit=500%2C500&ssl=1","width":500,"height":500,"caption":"Landious Travel"}]}},"jetpack_publicize_connections":[],"uagb_featured_image_src":{"full":["https:\/\/i0.wp.com\/landioustravel.com\/wp-content\/uploads\/2020\/10\/petra_trip_sharm-e1617489481347.jpg?fit=1200%2C675&ssl=1",1200,675,false],"thumbnail":["https:\/\/i0.wp.com\/landioustravel.com\/wp-content\/uploads\/2020\/10\/petra_trip_sharm-e1617489481347.jpg?resize=150%2C150&ssl=1",150,150,true],"medium":["https:\/\/i0.wp.com\/landioustravel.com\/wp-content\/uploads\/2020\/10\/petra_trip_sharm-e1617489481347.jpg?fit=300%2C200&ssl=1",300,200,true],"medium_large":["https:\/\/i0.wp.com\/landioustravel.com\/wp-content\/uploads\/2020\/10\/petra_trip_sharm-e1617489481347.jpg?fit=768%2C512&ssl=1",768,512,true],"large":["https:\/\/i0.wp.com\/landioustravel.com\/wp-content\/uploads\/2020\/10\/petra_trip_sharm-e1617489481347.jpg?fit=980%2C654&ssl=1",980,654,true],"1536x1536":["https:\/\/i0.wp.com\/landioustravel.com\/wp-content\/uploads\/2020\/10\/petra_trip_sharm-e1617489481347.jpg?fit=1536%2C1024&ssl=1",1536,1024,true],"2048x2048":["https:\/\/i0.wp.com\/landioustravel.com\/wp-content\/uploads\/2020\/10\/petra_trip_sharm-e1617489481347.jpg?fit=1200%2C675&ssl=1",1200,675,true],"newspack-article-block-landscape-large":["https:\/\/i0.wp.com\/landioustravel.com\/wp-content\/uploads\/2020\/10\/petra_trip_sharm-e1617489481347.jpg?resize=1200%2C675&ssl=1",1200,900,true],"newspack-article-block-portrait-large":["https:\/\/i0.wp.com\/landioustravel.com\/wp-content\/uploads\/2020\/10\/petra_trip_sharm-e1617489481347.jpg?resize=900%2C675&ssl=1",900,800,true],"newspack-article-block-square-large":["https:\/\/i0.wp.com\/landioustravel.com\/wp-content\/uploads\/2020\/10\/petra_trip_sharm-e1617489481347.jpg?resize=1200%2C675&ssl=1",1200,1200,true],"newspack-article-block-landscape-medium":["https:\/\/i0.wp.com\/landioustravel.com\/wp-content\/uploads\/2020\/10\/petra_trip_sharm-e1617489481347.jpg?resize=800%2C600&ssl=1",800,600,true],"newspack-article-block-portrait-medium":["https:\/\/i0.wp.com\/landioustravel.com\/wp-content\/uploads\/2020\/10\/petra_trip_sharm-e1617489481347.jpg?resize=600%2C675&ssl=1",600,800,true],"newspack-article-block-square-medium":["https:\/\/i0.wp.com\/landioustravel.com\/wp-content\/uploads\/2020\/10\/petra_trip_sharm-e1617489481347.jpg?resize=800%2C675&ssl=1",800,800,true],"newspack-article-block-landscape-intermediate":["https:\/\/i0.wp.com\/landioustravel.com\/wp-content\/uploads\/2020\/10\/petra_trip_sharm-e1617489481347.jpg?resize=600%2C450&ssl=1",600,450,true],"newspack-article-block-portrait-intermediate":["https:\/\/i0.wp.com\/landioustravel.com\/wp-content\/uploads\/2020\/10\/petra_trip_sharm-e1617489481347.jpg?resize=450%2C600&ssl=1",450,600,true],"newspack-article-block-square-intermediate":["https:\/\/i0.wp.com\/landioustravel.com\/wp-content\/uploads\/2020\/10\/petra_trip_sharm-e1617489481347.jpg?resize=600%2C600&ssl=1",600,600,true],"newspack-article-block-landscape-small":["https:\/\/i0.wp.com\/landioustravel.com\/wp-content\/uploads\/2020\/10\/petra_trip_sharm-e1617489481347.jpg?resize=400%2C300&ssl=1",400,300,true],"newspack-article-block-portrait-small":["https:\/\/i0.wp.com\/landioustravel.com\/wp-content\/uploads\/2020\/10\/petra_trip_sharm-e1617489481347.jpg?resize=300%2C400&ssl=1",300,400,true],"newspack-article-block-square-small":["https:\/\/i0.wp.com\/landioustravel.com\/wp-content\/uploads\/2020\/10\/petra_trip_sharm-e1617489481347.jpg?resize=400%2C400&ssl=1",400,400,true],"newspack-article-block-landscape-tiny":["https:\/\/i0.wp.com\/landioustravel.com\/wp-content\/uploads\/2020\/10\/petra_trip_sharm-e1617489481347.jpg?resize=200%2C150&ssl=1",200,150,true],"newspack-article-block-portrait-tiny":["https:\/\/i0.wp.com\/landioustravel.com\/wp-content\/uploads\/2020\/10\/petra_trip_sharm-e1617489481347.jpg?resize=150%2C200&ssl=1",150,200,true],"newspack-article-block-square-tiny":["https:\/\/i0.wp.com\/landioustravel.com\/wp-content\/uploads\/2020\/10\/petra_trip_sharm-e1617489481347.jpg?resize=200%2C200&ssl=1",200,200,true],"newspack-article-block-uncropped":["https:\/\/i0.wp.com\/landioustravel.com\/wp-content\/uploads\/2020\/10\/petra_trip_sharm-e1617489481347.jpg?fit=1200%2C800&ssl=1",1200,800,true],"woocommerce_thumbnail":["https:\/\/i0.wp.com\/landioustravel.com\/wp-content\/uploads\/2020\/10\/petra_trip_sharm-e1617489481347.jpg?resize=324%2C324&ssl=1",324,324,true],"woocommerce_single":["https:\/\/i0.wp.com\/landioustravel.com\/wp-content\/uploads\/2020\/10\/petra_trip_sharm-e1617489481347.jpg?fit=416%2C234&ssl=1",416,234,true],"woocommerce_gallery_thumbnail":["https:\/\/i0.wp.com\/landioustravel.com\/wp-content\/uploads\/2020\/10\/petra_trip_sharm-e1617489481347.jpg?resize=100%2C100&ssl=1",100,100,true]},"uagb_author_info":{"display_name":"Mofreh Landious","author_link":"https:\/\/landioustravel.com\/de\/author\/"},"uagb_comment_info":3,"uagb_excerpt":"Erleben Sie die ikonische Attraktion der antiken Stadt Petra in Jordanien, auch wenn Sie nur wenig Zeit in der Gegend verbringen. Unsere ganzt\u00e4gige Tour ab Dahab, \u00c4gypten, ist problemlos und beinhaltet alle Transfers, Abholung\/R\u00fcckgabe vom Hotel und die \u00dcberfahrt von Taba nach Aqaba. Da alle Eintrittsgelder und das Mittagessen inbegriffen sind, fallen keine zus\u00e4tzlichen Kosten&hellip;","jetpack_sharing_enabled":true,"jetpack_likes_enabled":true,"amp_enabled":true,"_links":{"self":[{"href":"https:\/\/landioustravel.com\/de\/wp-json\/wp\/v2\/product\/26983","targetHints":{"allow":["GET"]}}],"collection":[{"href":"https:\/\/landioustravel.com\/de\/wp-json\/wp\/v2\/product"}],"about":[{"href":"https:\/\/landioustravel.com\/de\/wp-json\/wp\/v2\/types\/product"}],"replies":[{"embeddable":true,"href":"https:\/\/landioustravel.com\/de\/wp-json\/wp\/v2\/comments?post=26983"}],"wp:featuredmedia":[{"embeddable":true,"href":"https:\/\/landioustravel.com\/de\/wp-json\/wp\/v2\/media\/24693"}],"wp:attachment":[{"href":"https:\/\/landioustravel.com\/de\/wp-json\/wp\/v2\/media?parent=26983"}],"wp:term":[{"taxonomy":"product_brand","embeddable":true,"href":"https:\/\/landioustravel.com\/de\/wp-json\/wp\/v2\/product_brand?post=26983"},{"taxonomy":"product_cat","embeddable":true,"href":"https:\/\/landioustravel.com\/de\/wp-json\/wp\/v2\/product_cat?post=26983"},{"taxonomy":"product_tag","embeddable":true,"href":"https:\/\/landioustravel.com\/de\/wp-json\/wp\/v2\/product_tag?post=26983"}],"curies":[{"name":"wp","href":"https:\/\/api.w.org\/{rel}","templated":true}]}}