{"id":2943,"date":"2019-03-06T12:29:02","date_gmt":"2019-03-06T10:29:02","guid":{"rendered":"https:\/\/landioustravel.com\/product\/dreistundige-moto-safari-sharm\/"},"modified":"2024-03-27T04:37:10","modified_gmt":"2024-03-27T02:37:10","slug":"dreistundige-moto-safari-sharm","status":"publish","type":"product","link":"https:\/\/landioustravel.com\/de\/shop\/dreistundige-moto-safari-sharm\/","title":{"rendered":"Dreist\u00fcndige Moto Safari Sharm El Sheikh"},"content":{"rendered":"<p>Es ist ein sehr aktiver Ausflug zum Quadfahren in <a href=\"https:\/\/landioustravel.com\/de\/sharm-sheikh-stadt\/\">Sharm El Sheikh<\/a>, <a href=\"https:\/\/landioustravel.com\/de\/agypten\/\">\u00c4gypten<\/a>! Wir empfehlen diese W\u00fcstensafari, da Touristen auf einer Strecke von 50 km Quad fahren k\u00f6nnen! Au\u00dferdem k\u00f6nnen Sie die W\u00fcste auf der Sinai-Halbinsel entdecken und die Beduinenkultur kennenlernen. Diese Quad-Radtour dauert ungef\u00e4hr drei Stunden. Deshalb nennen wir es Drei-Stunden-Moto-Safari. ONLINE-BUCHUNG Dreist\u00fcndige MOTO SAFARI SHARM EL SHEIKH UND BESTER PREIS!<\/p>\n<h2>H\u00f6hepunkte der dreist\u00fcndigen Moto-Safari in Sharm El Sheikh<\/h2>\n<ul>\n<li>Quad fahren in der W\u00fcste.<\/li>\n<li>50 km mit Quads mitten in der W\u00fcste fahren.<\/li>\n<li>Auch ein Halt in einem Beduinenzelt.<\/li>\n<\/ul>\n<h3>Programm von drei Stunden Moto-Safari-Ausflug<\/h3>\n<ul>\n<li>Der Vertreter von <a href=\"https:\/\/landioustravel.com\/de\/kontakte\/\">Landious Travel<\/a> holt Sie gegen 08:00 Uhr vom Hotel in Sharm El-Sheikh ab.<\/li>\n<li>Nachdem alle Ank\u00f6mmlinge abgeholt wurden, f\u00e4hrt der Minibus \/ Jeep in die W\u00fcste, wo sich eine Basis f\u00fcr Quad-Bikes befindet. Es dauert ungef\u00e4hr 20 Minuten, um dorthin zu gelangen.<\/li>\n<li>In der Quad-Base m\u00fcssen Sie sich darauf vorbereiten, Ihre Sonnenbrille aufzusetzen und einen Schal auf Ihrem Kopf aufzuwickeln.<\/li>\n<li>Dann werden Sie f\u00fcr eine Weile unterrichtet und geschult.<\/li>\n<li>Danach fahren Sie 25 km mitten in der W\u00fcste zum Beduinendorf.<\/li>\n<li>Sobald Sie im Beduinendorf angekommen sind, k\u00f6nnen Sie mit Beduinen fotografieren.<\/li>\n<li>Dann begleitet Sie Ihr F\u00fchrer zum Beduinenzelt. Dort trinken Sie eine Tasse Tee und stellen dem Reiseleiter Ihre Fragen.<\/li>\n<li>Auch hier m\u00fcssen Sie sich auf eine 25 km lange Fahrt zur\u00fcck zur Quad-Station vorbereiten.<\/li>\n<li>Sobald Sie Ihr Abenteuer und diese aufregende Erfahrung beendet haben, beginnt ein Bild- und DVD-Briefing. Vor Beginn der Reise bietet Ihnen Ihr Trainer an, einige Fotos zu machen, um sich diese sch\u00f6nen Momente zu merken. W\u00e4hrend des DVD-Briefings bietet Ihnen der Fotograf diese Bilder gegen Aufpreis an. Der Preis variiert je nach Gr\u00f6\u00dfe. Es wird etwas Optionales sein, es zu haben. Das DVD-Briefing dauert 10 Minuten<\/li>\n<li>Schlie\u00dflich begleiten wir Sie zu Ihren Hotels.<\/li>\n<li>Diese \u201edreist\u00fcndige Moto-Safari in <a href=\"https:\/\/www.google.de\/maps\/place\/Scharm+El-Scheich,+Qesm+Sharm+Ash+Sheikh,+Dschanub+Sina\/@27.9466924,34.2787129,12z\/data=!3m1!4b1!4m5!3m4!1s0x14533bca3624d2e3:0xdd987e9c1945fd9c!8m2!3d27.9654198!4d34.3617769\" target=\"_blank\" rel=\"noopener\">Sharm El Sheikh<\/a>\u201c endet gegen 12:00 Uhr.<\/li>\n<\/ul>\n<h4>Was beinhaltet der Preis f\u00fcr drei Stunden Moto Safari Sharm El Sheikh?<\/h4>\n<ul>\n<li>Transfer in die W\u00fcste und zur\u00fcck zum Hotel.<\/li>\n<\/ul>\n<h5>Was beinhaltet das Drei-Stunden-Moto-Safari-Sharm-El-Sheikh-Programm nicht?<\/h5>\n<ul>\n<li>Video DVD.<\/li>\n<li>Auch die Foto-CD.<\/li>\n<\/ul>\n<h6>Was nehmen Sie auf dieser Moto-Safari-Reise mit?<\/h6>\n<ul>\n<li>Schal.<\/li>\n<li>Auch Sonnenbrillen.<\/li>\n<\/ul>\n<h6>Dreist\u00fcndige Moto Safari Sharm El Sheikh Buchungstage<\/h6>\n<ul>\n<li>T\u00e4glich von 04:00 bis 08:00 Uhr.<\/li>\n<li>T\u00e4glich von 08:00 bis 12:00 Uhr.<\/li>\n<li>Auch t\u00e4glich von 10:00 bis 14:00 Uhr.<\/li>\n<\/ul>\n","protected":false},"excerpt":{"rendered":"<p>Begeben Sie sich auf ein wirklich unvergessliches Erlebnis mit einem dreist\u00fcndigen Strandbuggy-Safari-Ausflug in Sharm el-Sheikh! Dieses Abenteuer garantiert Ihnen die M\u00f6glichkeit, 50 km mit dem Quad durch die W\u00fcste zu fahren und dabei die atemberaubende Natur der Sinai-Halbinsel kennenzulernen. Sie haben sogar die M\u00f6glichkeit, eine Tasse Tee mit den gastfreundlichen Bewohnern der W\u00fcste \u2013 den Beduinen \u2013 zu teilen! Dies ist eine aufregende M\u00f6glichkeit, einen n\u00e4heren Blick auf die au\u00dfergew\u00f6hnliche W\u00fcstenlandschaft zu werfen, ohne dass daf\u00fcr vorherige Reiterfahrung erforderlich ist. W\u00e4hlen Sie zwischen einem Sonnenaufgangs- oder Sonnenuntergangsausflug und lassen Sie sich f\u00fcr eine kurze \u00dcbungseinheit abholen, bevor Sie sich auf ein gef\u00fchrtes Abenteuer durch die W\u00fcste in Richtung des Sinai-Gebirges begeben, das eine Stunde und zwanzig Minuten dauert und zwei Stopps umfasst. Genie\u00dfen Sie zahlreiche offene Ebenen, in denen Sie Gas geben k\u00f6nnen, und erleben Sie als H\u00f6hepunkt den Sonnenuntergang \u00fcber dieser atemberaubenden Landschaft. Sie machen auch einen Halt, um das Tal von Echo zu besuchen, und einen weiteren Halt an einem Beduinenzelt, wo Beduinentee angeboten wird. Am Ende der Tour fahren Sie zur\u00fcck zu Ihrem Hotel. Buchen Sie diese beliebte Quad-Tour durch die W\u00fcste online und im Voraus und erleben Sie die Gastfreundschaft der Beduinen w\u00e4hrend einer Teepause in einem W\u00fcstenzelt. Dieses Quad-Erlebnis ist f\u00fcr Fahrer aller Niveaus in Ihrer Gruppe geeignet.<\/p>\n","protected":false},"featured_media":99568,"comment_status":"open","ping_status":"closed","template":"","meta":{"_coblocks_attr":"","_coblocks_dimensions":"","_coblocks_responsive_height":"","_coblocks_accordion_ie_support":"","_uag_custom_page_level_css":"","jetpack_publicize_message":"","jetpack_publicize_feature_enabled":true,"jetpack_social_post_already_shared":false,"jetpack_social_options":{"image_generator_settings":{"template":"highway","default_image_id":0,"font":"","enabled":false},"version":2},"_wpas_customize_per_network":false},"product_brand":[],"product_cat":[19115,1604,23606],"product_tag":[1653,2180,2177,1657,2113],"class_list":{"0":"post-2943","1":"product","2":"type-product","3":"status-publish","4":"has-post-thumbnail","6":"product_cat-safari-touren-sharm-el-sheikh","7":"product_cat-ausfluge-sharm-sheikh","8":"product_cat-tagesausfluege-sharm-sheikh","9":"product_tag-ausflug","10":"product_tag-quadfahren","11":"product_tag-safari-de","12":"product_tag-sharm-el-sheikh-de","13":"product_tag-wustensafari","15":"first","16":"instock","17":"sale","18":"purchasable","19":"product-type-variable"},"yoast_head":"<!-- This site is optimized with the Yoast SEO Premium plugin v27.5 (Yoast SEO v27.5) - https:\/\/yoast.com\/product\/yoast-seo-premium-wordpress\/ -->\n<title>Dreist\u00fcndige Moto Safari Sharm El Sheikh<\/title>\n<meta name=\"description\" content=\"Dreist\u00fcndige Moto Safari Sharm El Sheikh Wir empfehlen die Reise, da hier Touristen auf einer Distanz von 50 km mit dem Quad fahren k\u00f6nnen!\" \/>\n<meta name=\"robots\" content=\"index, follow, max-snippet:-1, max-image-preview:large, max-video-preview:-1\" \/>\n<link rel=\"canonical\" href=\"https:\/\/landioustravel.com\/de\/shop\/dreistundige-moto-safari-sharm\/\" \/>\n<meta property=\"og:locale\" content=\"de_DE\" \/>\n<meta property=\"og:type\" content=\"article\" \/>\n<meta property=\"og:title\" content=\"Dreist\u00fcndige Moto Safari Sharm El Sheikh\" \/>\n<meta property=\"og:description\" content=\"Landious Travel\" \/>\n<meta property=\"og:url\" content=\"https:\/\/landioustravel.com\/de\/shop\/dreistundige-moto-safari-sharm\/\" \/>\n<meta property=\"og:site_name\" content=\"Landious Travel\" \/>\n<meta property=\"article:publisher\" content=\"https:\/\/web.facebook.com\/landiousEgypt\" \/>\n<meta property=\"article:modified_time\" content=\"2024-03-27T02:37:10+00:00\" \/>\n<meta property=\"og:image\" content=\"https:\/\/i0.wp.com\/landioustravel.com\/wp-content\/uploads\/2019\/03\/Three-Hours-Moto-Safari-Sharm-El-Sheikh-e1669333340567.jpg?fit=1200%2C673&ssl=1\" \/>\n\t<meta property=\"og:image:width\" content=\"1200\" \/>\n\t<meta property=\"og:image:height\" content=\"673\" \/>\n\t<meta property=\"og:image:type\" content=\"image\/jpeg\" \/>\n<meta name=\"twitter:card\" content=\"summary_large_image\" \/>\n<meta name=\"twitter:site\" content=\"@LandiousTours\" \/>\n<meta name=\"twitter:label1\" content=\"Gesch\u00e4tzte Lesezeit\" \/>\n\t<meta name=\"twitter:data1\" content=\"2\u00a0Minuten\" \/>\n<script type=\"application\/ld+json\" class=\"yoast-schema-graph\">{\"@context\":\"https:\\\/\\\/schema.org\",\"@graph\":[{\"@type\":\"WebPage\",\"@id\":\"https:\\\/\\\/landioustravel.com\\\/de\\\/shop\\\/dreistundige-moto-safari-sharm\\\/\",\"url\":\"https:\\\/\\\/landioustravel.com\\\/de\\\/shop\\\/dreistundige-moto-safari-sharm\\\/\",\"name\":\"Dreist\u00fcndige Moto Safari Sharm El Sheikh\",\"isPartOf\":{\"@id\":\"https:\\\/\\\/landioustravel.com\\\/de\\\/#website\"},\"primaryImageOfPage\":{\"@id\":\"https:\\\/\\\/landioustravel.com\\\/de\\\/shop\\\/dreistundige-moto-safari-sharm\\\/#primaryimage\"},\"image\":{\"@id\":\"https:\\\/\\\/landioustravel.com\\\/de\\\/shop\\\/dreistundige-moto-safari-sharm\\\/#primaryimage\"},\"thumbnailUrl\":\"https:\\\/\\\/i0.wp.com\\\/landioustravel.com\\\/wp-content\\\/uploads\\\/2019\\\/03\\\/Three-Hours-Moto-Safari-Sharm-El-Sheikh-e1669333340567.jpg?fit=1200%2C673&ssl=1\",\"datePublished\":\"2019-03-06T10:29:02+00:00\",\"dateModified\":\"2024-03-27T02:37:10+00:00\",\"description\":\"Dreist\u00fcndige Moto Safari Sharm El Sheikh Wir empfehlen die Reise, da hier Touristen auf einer Distanz von 50 km mit dem Quad fahren k\u00f6nnen!\",\"breadcrumb\":{\"@id\":\"https:\\\/\\\/landioustravel.com\\\/de\\\/shop\\\/dreistundige-moto-safari-sharm\\\/#breadcrumb\"},\"inLanguage\":\"de\",\"potentialAction\":[{\"@type\":\"ReadAction\",\"target\":[\"https:\\\/\\\/landioustravel.com\\\/de\\\/shop\\\/dreistundige-moto-safari-sharm\\\/\"]}]},{\"@type\":\"ImageObject\",\"inLanguage\":\"de\",\"@id\":\"https:\\\/\\\/landioustravel.com\\\/de\\\/shop\\\/dreistundige-moto-safari-sharm\\\/#primaryimage\",\"url\":\"https:\\\/\\\/i0.wp.com\\\/landioustravel.com\\\/wp-content\\\/uploads\\\/2019\\\/03\\\/Three-Hours-Moto-Safari-Sharm-El-Sheikh-e1669333340567.jpg?fit=1200%2C673&ssl=1\",\"contentUrl\":\"https:\\\/\\\/i0.wp.com\\\/landioustravel.com\\\/wp-content\\\/uploads\\\/2019\\\/03\\\/Three-Hours-Moto-Safari-Sharm-El-Sheikh-e1669333340567.jpg?fit=1200%2C673&ssl=1\",\"width\":1200,\"height\":673,\"caption\":\"Three Hours Moto Safari Sharm El Sheikh\"},{\"@type\":\"BreadcrumbList\",\"@id\":\"https:\\\/\\\/landioustravel.com\\\/de\\\/shop\\\/dreistundige-moto-safari-sharm\\\/#breadcrumb\",\"itemListElement\":[{\"@type\":\"ListItem\",\"position\":1,\"name\":\"Home\",\"item\":\"https:\\\/\\\/landioustravel.com\\\/de\\\/\"},{\"@type\":\"ListItem\",\"position\":2,\"name\":\"\u00c4gypten Touren\",\"item\":\"https:\\\/\\\/landioustravel.com\\\/de\\\/\"},{\"@type\":\"ListItem\",\"position\":3,\"name\":\"Dreist\u00fcndige Moto Safari Sharm El Sheikh\"}]},{\"@type\":\"WebSite\",\"@id\":\"https:\\\/\\\/landioustravel.com\\\/de\\\/#website\",\"url\":\"https:\\\/\\\/landioustravel.com\\\/de\\\/\",\"name\":\"Landious Travel\",\"description\":\"Excursions, trips and cruises in Egypt\",\"publisher\":{\"@id\":\"https:\\\/\\\/landioustravel.com\\\/de\\\/#organization\"},\"potentialAction\":[{\"@type\":\"SearchAction\",\"target\":{\"@type\":\"EntryPoint\",\"urlTemplate\":\"https:\\\/\\\/landioustravel.com\\\/de\\\/?s={search_term_string}\"},\"query-input\":{\"@type\":\"PropertyValueSpecification\",\"valueRequired\":true,\"valueName\":\"search_term_string\"}}],\"inLanguage\":\"de\"},{\"@type\":[\"Organization\",\"Place\"],\"@id\":\"https:\\\/\\\/landioustravel.com\\\/de\\\/#organization\",\"name\":\"Landious Travel\",\"alternateName\":\"Landious Travel\",\"url\":\"https:\\\/\\\/landioustravel.com\\\/de\\\/\",\"logo\":{\"@id\":\"https:\\\/\\\/landioustravel.com\\\/de\\\/shop\\\/dreistundige-moto-safari-sharm\\\/#local-main-organization-logo\"},\"image\":{\"@id\":\"https:\\\/\\\/landioustravel.com\\\/de\\\/shop\\\/dreistundige-moto-safari-sharm\\\/#local-main-organization-logo\"},\"sameAs\":[\"https:\\\/\\\/web.facebook.com\\\/landiousEgypt\",\"https:\\\/\\\/x.com\\\/LandiousTours\",\"https:\\\/\\\/mastodon.social\\\/@landious\"],\"legalName\":\"Landious Travel\",\"telephone\":[],\"openingHoursSpecification\":[{\"@type\":\"OpeningHoursSpecification\",\"dayOfWeek\":[\"Monday\",\"Tuesday\",\"Wednesday\",\"Thursday\",\"Friday\",\"Saturday\",\"Sunday\"],\"opens\":\"09:00\",\"closes\":\"17:00\"}]},{\"@type\":\"ImageObject\",\"inLanguage\":\"de\",\"@id\":\"https:\\\/\\\/landioustravel.com\\\/de\\\/shop\\\/dreistundige-moto-safari-sharm\\\/#local-main-organization-logo\",\"url\":\"https:\\\/\\\/i0.wp.com\\\/landioustravel.com\\\/wp-content\\\/uploads\\\/2021\\\/06\\\/Landious-T.png?fit=500%2C500&ssl=1\",\"contentUrl\":\"https:\\\/\\\/i0.wp.com\\\/landioustravel.com\\\/wp-content\\\/uploads\\\/2021\\\/06\\\/Landious-T.png?fit=500%2C500&ssl=1\",\"width\":500,\"height\":500,\"caption\":\"Landious Travel\"}]}<\/script>\n<!-- \/ Yoast SEO Premium plugin. -->","yoast_head_json":{"title":"Dreist\u00fcndige Moto Safari Sharm El Sheikh","description":"Dreist\u00fcndige Moto Safari Sharm El Sheikh Wir empfehlen die Reise, da hier Touristen auf einer Distanz von 50 km mit dem Quad fahren k\u00f6nnen!","robots":{"index":"index","follow":"follow","max-snippet":"max-snippet:-1","max-image-preview":"max-image-preview:large","max-video-preview":"max-video-preview:-1"},"canonical":"https:\/\/landioustravel.com\/de\/shop\/dreistundige-moto-safari-sharm\/","og_locale":"de_DE","og_type":"article","og_title":"Dreist\u00fcndige Moto Safari Sharm El Sheikh","og_description":"Landious Travel","og_url":"https:\/\/landioustravel.com\/de\/shop\/dreistundige-moto-safari-sharm\/","og_site_name":"Landious Travel","article_publisher":"https:\/\/web.facebook.com\/landiousEgypt","article_modified_time":"2024-03-27T02:37:10+00:00","og_image":[{"width":1200,"height":673,"url":"https:\/\/i0.wp.com\/landioustravel.com\/wp-content\/uploads\/2019\/03\/Three-Hours-Moto-Safari-Sharm-El-Sheikh-e1669333340567.jpg?fit=1200%2C673&ssl=1","type":"image\/jpeg"}],"twitter_card":"summary_large_image","twitter_site":"@LandiousTours","twitter_misc":{"Gesch\u00e4tzte Lesezeit":"2\u00a0Minuten"},"schema":{"@context":"https:\/\/schema.org","@graph":[{"@type":"WebPage","@id":"https:\/\/landioustravel.com\/de\/shop\/dreistundige-moto-safari-sharm\/","url":"https:\/\/landioustravel.com\/de\/shop\/dreistundige-moto-safari-sharm\/","name":"Dreist\u00fcndige Moto Safari Sharm El Sheikh","isPartOf":{"@id":"https:\/\/landioustravel.com\/de\/#website"},"primaryImageOfPage":{"@id":"https:\/\/landioustravel.com\/de\/shop\/dreistundige-moto-safari-sharm\/#primaryimage"},"image":{"@id":"https:\/\/landioustravel.com\/de\/shop\/dreistundige-moto-safari-sharm\/#primaryimage"},"thumbnailUrl":"https:\/\/i0.wp.com\/landioustravel.com\/wp-content\/uploads\/2019\/03\/Three-Hours-Moto-Safari-Sharm-El-Sheikh-e1669333340567.jpg?fit=1200%2C673&ssl=1","datePublished":"2019-03-06T10:29:02+00:00","dateModified":"2024-03-27T02:37:10+00:00","description":"Dreist\u00fcndige Moto Safari Sharm El Sheikh Wir empfehlen die Reise, da hier Touristen auf einer Distanz von 50 km mit dem Quad fahren k\u00f6nnen!","breadcrumb":{"@id":"https:\/\/landioustravel.com\/de\/shop\/dreistundige-moto-safari-sharm\/#breadcrumb"},"inLanguage":"de","potentialAction":[{"@type":"ReadAction","target":["https:\/\/landioustravel.com\/de\/shop\/dreistundige-moto-safari-sharm\/"]}]},{"@type":"ImageObject","inLanguage":"de","@id":"https:\/\/landioustravel.com\/de\/shop\/dreistundige-moto-safari-sharm\/#primaryimage","url":"https:\/\/i0.wp.com\/landioustravel.com\/wp-content\/uploads\/2019\/03\/Three-Hours-Moto-Safari-Sharm-El-Sheikh-e1669333340567.jpg?fit=1200%2C673&ssl=1","contentUrl":"https:\/\/i0.wp.com\/landioustravel.com\/wp-content\/uploads\/2019\/03\/Three-Hours-Moto-Safari-Sharm-El-Sheikh-e1669333340567.jpg?fit=1200%2C673&ssl=1","width":1200,"height":673,"caption":"Three Hours Moto Safari Sharm El Sheikh"},{"@type":"BreadcrumbList","@id":"https:\/\/landioustravel.com\/de\/shop\/dreistundige-moto-safari-sharm\/#breadcrumb","itemListElement":[{"@type":"ListItem","position":1,"name":"Home","item":"https:\/\/landioustravel.com\/de\/"},{"@type":"ListItem","position":2,"name":"\u00c4gypten Touren","item":"https:\/\/landioustravel.com\/de\/"},{"@type":"ListItem","position":3,"name":"Dreist\u00fcndige Moto Safari Sharm El Sheikh"}]},{"@type":"WebSite","@id":"https:\/\/landioustravel.com\/de\/#website","url":"https:\/\/landioustravel.com\/de\/","name":"Landious Travel","description":"Excursions, trips and cruises in Egypt","publisher":{"@id":"https:\/\/landioustravel.com\/de\/#organization"},"potentialAction":[{"@type":"SearchAction","target":{"@type":"EntryPoint","urlTemplate":"https:\/\/landioustravel.com\/de\/?s={search_term_string}"},"query-input":{"@type":"PropertyValueSpecification","valueRequired":true,"valueName":"search_term_string"}}],"inLanguage":"de"},{"@type":["Organization","Place"],"@id":"https:\/\/landioustravel.com\/de\/#organization","name":"Landious Travel","alternateName":"Landious Travel","url":"https:\/\/landioustravel.com\/de\/","logo":{"@id":"https:\/\/landioustravel.com\/de\/shop\/dreistundige-moto-safari-sharm\/#local-main-organization-logo"},"image":{"@id":"https:\/\/landioustravel.com\/de\/shop\/dreistundige-moto-safari-sharm\/#local-main-organization-logo"},"sameAs":["https:\/\/web.facebook.com\/landiousEgypt","https:\/\/x.com\/LandiousTours","https:\/\/mastodon.social\/@landious"],"legalName":"Landious Travel","telephone":[],"openingHoursSpecification":[{"@type":"OpeningHoursSpecification","dayOfWeek":["Monday","Tuesday","Wednesday","Thursday","Friday","Saturday","Sunday"],"opens":"09:00","closes":"17:00"}]},{"@type":"ImageObject","inLanguage":"de","@id":"https:\/\/landioustravel.com\/de\/shop\/dreistundige-moto-safari-sharm\/#local-main-organization-logo","url":"https:\/\/i0.wp.com\/landioustravel.com\/wp-content\/uploads\/2021\/06\/Landious-T.png?fit=500%2C500&ssl=1","contentUrl":"https:\/\/i0.wp.com\/landioustravel.com\/wp-content\/uploads\/2021\/06\/Landious-T.png?fit=500%2C500&ssl=1","width":500,"height":500,"caption":"Landious Travel"}]}},"jetpack_publicize_connections":[],"uagb_featured_image_src":{"full":["https:\/\/i0.wp.com\/landioustravel.com\/wp-content\/uploads\/2019\/03\/Three-Hours-Moto-Safari-Sharm-El-Sheikh-e1669333340567.jpg?fit=1200%2C673&ssl=1",1200,673,false],"thumbnail":["https:\/\/i0.wp.com\/landioustravel.com\/wp-content\/uploads\/2019\/03\/Three-Hours-Moto-Safari-Sharm-El-Sheikh-e1669333340567.jpg?resize=150%2C150&ssl=1",150,150,true],"medium":["https:\/\/i0.wp.com\/landioustravel.com\/wp-content\/uploads\/2019\/03\/Three-Hours-Moto-Safari-Sharm-El-Sheikh-e1669333340567.jpg?fit=300%2C168&ssl=1",300,168,true],"medium_large":["https:\/\/i0.wp.com\/landioustravel.com\/wp-content\/uploads\/2019\/03\/Three-Hours-Moto-Safari-Sharm-El-Sheikh-e1669333340567.jpg?fit=768%2C431&ssl=1",768,431,true],"large":["https:\/\/i0.wp.com\/landioustravel.com\/wp-content\/uploads\/2019\/03\/Three-Hours-Moto-Safari-Sharm-El-Sheikh-e1669333340567.jpg?fit=980%2C549&ssl=1",980,549,true],"1536x1536":["https:\/\/i0.wp.com\/landioustravel.com\/wp-content\/uploads\/2019\/03\/Three-Hours-Moto-Safari-Sharm-El-Sheikh-e1669333340567.jpg?fit=1200%2C673&ssl=1",1200,673,true],"2048x2048":["https:\/\/i0.wp.com\/landioustravel.com\/wp-content\/uploads\/2019\/03\/Three-Hours-Moto-Safari-Sharm-El-Sheikh-e1669333340567.jpg?fit=1200%2C673&ssl=1",1200,673,true],"newspack-article-block-landscape-large":["https:\/\/i0.wp.com\/landioustravel.com\/wp-content\/uploads\/2019\/03\/Three-Hours-Moto-Safari-Sharm-El-Sheikh-e1669333340567.jpg?resize=1200%2C673&ssl=1",1200,673,true],"newspack-article-block-portrait-large":["https:\/\/i0.wp.com\/landioustravel.com\/wp-content\/uploads\/2019\/03\/Three-Hours-Moto-Safari-Sharm-El-Sheikh-e1669333340567.jpg?resize=900%2C673&ssl=1",900,673,true],"newspack-article-block-square-large":["https:\/\/i0.wp.com\/landioustravel.com\/wp-content\/uploads\/2019\/03\/Three-Hours-Moto-Safari-Sharm-El-Sheikh-e1669333340567.jpg?resize=1200%2C673&ssl=1",1200,673,true],"newspack-article-block-landscape-medium":["https:\/\/i0.wp.com\/landioustravel.com\/wp-content\/uploads\/2019\/03\/Three-Hours-Moto-Safari-Sharm-El-Sheikh-e1669333340567.jpg?resize=800%2C600&ssl=1",800,600,true],"newspack-article-block-portrait-medium":["https:\/\/i0.wp.com\/landioustravel.com\/wp-content\/uploads\/2019\/03\/Three-Hours-Moto-Safari-Sharm-El-Sheikh-e1669333340567.jpg?resize=600%2C673&ssl=1",600,673,true],"newspack-article-block-square-medium":["https:\/\/i0.wp.com\/landioustravel.com\/wp-content\/uploads\/2019\/03\/Three-Hours-Moto-Safari-Sharm-El-Sheikh-e1669333340567.jpg?resize=800%2C673&ssl=1",800,673,true],"newspack-article-block-landscape-intermediate":["https:\/\/i0.wp.com\/landioustravel.com\/wp-content\/uploads\/2019\/03\/Three-Hours-Moto-Safari-Sharm-El-Sheikh-e1669333340567.jpg?resize=600%2C450&ssl=1",600,450,true],"newspack-article-block-portrait-intermediate":["https:\/\/i0.wp.com\/landioustravel.com\/wp-content\/uploads\/2019\/03\/Three-Hours-Moto-Safari-Sharm-El-Sheikh-e1669333340567.jpg?resize=450%2C600&ssl=1",450,600,true],"newspack-article-block-square-intermediate":["https:\/\/i0.wp.com\/landioustravel.com\/wp-content\/uploads\/2019\/03\/Three-Hours-Moto-Safari-Sharm-El-Sheikh-e1669333340567.jpg?resize=600%2C600&ssl=1",600,600,true],"newspack-article-block-landscape-small":["https:\/\/i0.wp.com\/landioustravel.com\/wp-content\/uploads\/2019\/03\/Three-Hours-Moto-Safari-Sharm-El-Sheikh-e1669333340567.jpg?resize=400%2C300&ssl=1",400,300,true],"newspack-article-block-portrait-small":["https:\/\/i0.wp.com\/landioustravel.com\/wp-content\/uploads\/2019\/03\/Three-Hours-Moto-Safari-Sharm-El-Sheikh-e1669333340567.jpg?resize=300%2C400&ssl=1",300,400,true],"newspack-article-block-square-small":["https:\/\/i0.wp.com\/landioustravel.com\/wp-content\/uploads\/2019\/03\/Three-Hours-Moto-Safari-Sharm-El-Sheikh-e1669333340567.jpg?resize=400%2C400&ssl=1",400,400,true],"newspack-article-block-landscape-tiny":["https:\/\/i0.wp.com\/landioustravel.com\/wp-content\/uploads\/2019\/03\/Three-Hours-Moto-Safari-Sharm-El-Sheikh-e1669333340567.jpg?resize=200%2C150&ssl=1",200,150,true],"newspack-article-block-portrait-tiny":["https:\/\/i0.wp.com\/landioustravel.com\/wp-content\/uploads\/2019\/03\/Three-Hours-Moto-Safari-Sharm-El-Sheikh-e1669333340567.jpg?resize=150%2C200&ssl=1",150,200,true],"newspack-article-block-square-tiny":["https:\/\/i0.wp.com\/landioustravel.com\/wp-content\/uploads\/2019\/03\/Three-Hours-Moto-Safari-Sharm-El-Sheikh-e1669333340567.jpg?resize=200%2C200&ssl=1",200,200,true],"newspack-article-block-uncropped":["https:\/\/i0.wp.com\/landioustravel.com\/wp-content\/uploads\/2019\/03\/Three-Hours-Moto-Safari-Sharm-El-Sheikh-e1669333340567.jpg?fit=1200%2C673&ssl=1",1200,673,true],"woocommerce_thumbnail":["https:\/\/i0.wp.com\/landioustravel.com\/wp-content\/uploads\/2019\/03\/Three-Hours-Moto-Safari-Sharm-El-Sheikh-e1669333340567.jpg?resize=324%2C324&ssl=1",324,324,true],"woocommerce_single":["https:\/\/i0.wp.com\/landioustravel.com\/wp-content\/uploads\/2019\/03\/Three-Hours-Moto-Safari-Sharm-El-Sheikh-e1669333340567.jpg?fit=416%2C233&ssl=1",416,233,true],"woocommerce_gallery_thumbnail":["https:\/\/i0.wp.com\/landioustravel.com\/wp-content\/uploads\/2019\/03\/Three-Hours-Moto-Safari-Sharm-El-Sheikh-e1669333340567.jpg?resize=100%2C100&ssl=1",100,100,true]},"uagb_author_info":{"display_name":"Mofreh Landious","author_link":"https:\/\/landioustravel.com\/de\/author\/"},"uagb_comment_info":7,"uagb_excerpt":"Begeben Sie sich auf ein wirklich unvergessliches Erlebnis mit einem dreist\u00fcndigen Strandbuggy-Safari-Ausflug in Sharm el-Sheikh! Dieses Abenteuer garantiert Ihnen die M\u00f6glichkeit, 50 km mit dem Quad durch die W\u00fcste zu fahren und dabei die atemberaubende Natur der Sinai-Halbinsel kennenzulernen. Sie haben sogar die M\u00f6glichkeit, eine Tasse Tee mit den gastfreundlichen Bewohnern der W\u00fcste \u2013 den&hellip;","jetpack_sharing_enabled":true,"jetpack_likes_enabled":true,"amp_enabled":true,"_links":{"self":[{"href":"https:\/\/landioustravel.com\/de\/wp-json\/wp\/v2\/product\/2943","targetHints":{"allow":["GET"]}}],"collection":[{"href":"https:\/\/landioustravel.com\/de\/wp-json\/wp\/v2\/product"}],"about":[{"href":"https:\/\/landioustravel.com\/de\/wp-json\/wp\/v2\/types\/product"}],"replies":[{"embeddable":true,"href":"https:\/\/landioustravel.com\/de\/wp-json\/wp\/v2\/comments?post=2943"}],"wp:featuredmedia":[{"embeddable":true,"href":"https:\/\/landioustravel.com\/de\/wp-json\/wp\/v2\/media\/99568"}],"wp:attachment":[{"href":"https:\/\/landioustravel.com\/de\/wp-json\/wp\/v2\/media?parent=2943"}],"wp:term":[{"taxonomy":"product_brand","embeddable":true,"href":"https:\/\/landioustravel.com\/de\/wp-json\/wp\/v2\/product_brand?post=2943"},{"taxonomy":"product_cat","embeddable":true,"href":"https:\/\/landioustravel.com\/de\/wp-json\/wp\/v2\/product_cat?post=2943"},{"taxonomy":"product_tag","embeddable":true,"href":"https:\/\/landioustravel.com\/de\/wp-json\/wp\/v2\/product_tag?post=2943"}],"curies":[{"name":"wp","href":"https:\/\/api.w.org\/{rel}","templated":true}]}}