{"id":2949,"date":"2019-03-06T12:25:57","date_gmt":"2019-03-16T18:11:57","guid":{"rendered":"https:\/\/landioustravel.com\/?post_type=product&#038;p=2949"},"modified":"2024-09-24T01:32:38","modified_gmt":"2024-09-23T22:32:38","slug":"exkursion-mega-safari-sharm","status":"publish","type":"product","link":"https:\/\/landioustravel.com\/de\/shop\/exkursion-mega-safari-sharm\/","title":{"rendered":"Mega Safari Ausflug Sharm El Sheikh"},"content":{"rendered":"<p>Es ist der aktivste Ausflug auf den Safari-Reisen in <a href=\"https:\/\/landioustravel.com\/de\/sharm-sheikh-stadt\/\">Sharm El-Sheikh<\/a>, Gouvernement <a href=\"https:\/\/landioustravel.com\/de\/agypten\/aegyptische-staedte\/sued-sinai-gouvernement\/\">S\u00fcd-Sinai<\/a>, <a href=\"https:\/\/landioustravel.com\/de\/agypten\/\">\u00c4gypten<\/a>! Wir empfehlen die Reise, da Touristen 50 km mit Quads fahren k\u00f6nnen. Die Reise erm\u00f6glicht es Ihnen auch, die W\u00fcste zu sehen und die Beduinenkultur kennenzulernen. Im Wesentlichen hat diese abenteuerliche Reise ein intensives Programm. Deshalb nennen wir es die Mega Safari! Wirklich, es ist einer der besten Ausfl\u00fcge, die wir Ihnen in Sharm El-sheikh pr\u00e4sentieren! ONLINE BUCHUNG MEGA SAFARI AUSFLUG SHARM EL SHEIKH UND BESTER PREIS!<\/p>\n<h2>H\u00f6hepunkte der Mega Safari Exkursion in Sharm El Sheikh<\/h2>\n<ul>\n<li>Fahren Sie mit dem Fahrrad 50 km durch die W\u00fcste.<\/li>\n<li>Dann reitet Kamel.<\/li>\n<li>Danach besuchen Sie das Beduinendorf.<\/li>\n<li>Auch Zeit f\u00fcr ein orientalisches Abendessen.<\/li>\n<\/ul>\n<h3>Programm der Mega-Safari-Reise<\/h3>\n<ul>\n<li>Der Vertreter von <a href=\"https:\/\/landioustravel.com\/de\/kontakte\/\">Landious Travel<\/a> holt Sie gegen 13:00 Uhr vom Hotel in Sharm el-Sheikh ab.<\/li>\n<li>Nachdem alle Ank\u00f6mmlinge abgeholt wurden, f\u00e4hrt der Minibus\/Jeep in die W\u00fcste, wo sich eine Basis f\u00fcr Quad-Bikes befindet. Die Stra\u00dfe zur Basis dauert 20 Minuten.<\/li>\n<li>Zun\u00e4chst m\u00fcssen Sie sich darauf vorbereiten, Ihre Sonnenbrille aufzusetzen und einen Schal auf Ihrem Kopf aufzuwickeln.<\/li>\n<li>Danach gibt es eine kurze Einweisung und Schulung.<\/li>\n<li>Fahren Sie dann 25 km in der W\u00fcste zum Beduinendorf.<\/li>\n<li>Sobald Sie im Beduinendorf ankommen, reiten Sie auf einem Kamel. Dann k\u00f6nnen Sie mit Beduinen fotografieren.<\/li>\n<li>Dementsprechend begleitet Sie Ihr F\u00fchrer in das Beduinendorf. Au\u00dferdem zeigt er \/ sie, wie Beduinen Brot kochen und wie man sich anzieht.<\/li>\n<li>W\u00e4hrend Sie im Beduinenzelt sind, haben Sie ein orientalisches Abendessen.<\/li>\n<li>Nach dem Abendessen k\u00f6nnen Sie 25 km zur\u00fcck zur Basis fahren.<\/li>\n<li>Schlie\u00dflich begleiten wir Sie zur\u00fcck zu Ihren Hotels.<\/li>\n<li>Diese Mega Safari Reise in <a href=\"https:\/\/www.google.de\/maps\/place\/Scharm+El-Scheich,+Qesm+Sharm+Ash+Sheikh,+Dschanub+Sina\/@27.9466924,34.2787129,12z\/data=!3m1!4b1!4m5!3m4!1s0x14533bca3624d2e3:0xdd987e9c1945fd9c!8m2!3d27.9654198!4d34.3617769\" target=\"_blank\" rel=\"noopener\">Sharm El Sheikh<\/a> endet gegen 20:00 Uhr.<\/li>\n<\/ul>\n<h4>Was beinhaltet Mega Safari Ausflug Sharm El Sheikh Preis?<\/h4>\n<ul>\n<li>Abendessen.<\/li>\n<li>Transfer in die W\u00fcste und zur\u00fcck zum Hotel.<\/li>\n<\/ul>\n<h5>Was beinhaltet das Mega Safari Reise Sharm El Sheikh Programm nicht?<\/h5>\n<ul>\n<li>Video DVD.<\/li>\n<li>Auch die Foto-CD.<\/li>\n<\/ul>\n<h6>Was nehmen Sie f\u00fcr die Reise mit?<\/h6>\n<ul>\n<li>Schal.<\/li>\n<li>Auch Sonnenbrillen.<\/li>\n<\/ul>\n<h6>Mega Safari Ausflug Sharm El Sheikh Buchungstage<\/h6>\n<ul>\n<li>T\u00e4glich von 15:00 bis 20:00 Uhr.<\/li>\n<\/ul>\n","protected":false},"excerpt":{"rendered":"<p>Erleben Sie die Sch\u00f6nheit und Kultur der W\u00fcste mit einem Programm, das viel mehr als nur Quadfahren und Kamelreiten bietet. Im atemberaubenden Ferienort Sharm El-Sheikh haben Sie die M\u00f6glichkeit, das Beduinenvolk zu besuchen und mehr \u00fcber seine reiche und faszinierende Kultur zu erfahren. Im Rahmen des Pakets genie\u00dfen Sie au\u00dferdem ein traditionelles orientalisches Abendessen in einem Beduinenzelt \u2013 ein wirklich authentisches Erlebnis. Der Reisepreis beinhaltet Transfers und Abendessen, sodass Sie Ihre Zeit entspannt und sorgenfrei genie\u00dfen k\u00f6nnen. Am sp\u00e4ten Nachmittag werden Sie von Ihrem Hotel in Sharm El Sheikh abgeholt und zur Quad-Station in der W\u00fcste gebracht. Nach einer kurzen Einweisung k\u00f6nnen Sie die aufregende Fahrt durch die W\u00fcste etwa 1,5 Stunden lang genie\u00dfen. Bei Ihrer Ankunft im Beduinendorf werden Sie mit Tee begr\u00fc\u00dft und haben die M\u00f6glichkeit, auf einem der beeindruckenden Kamele durch die W\u00fcste zu reiten. Anschlie\u00dfend wird Ihnen ein einfaches, aber k\u00f6stliches Abendessen mit typisch \u00e4gyptischen Gerichten in einer wundersch\u00f6n beleuchteten Umgebung serviert, die sich perfekt zum Entspannen und geselligen Beisammensein eignet. Sobald der Abend zu Ende ist, kehren Sie zur Quad-Station zur\u00fcck, wo Sie der Transfer zur\u00fcck zu Ihrem Hotel bringt. Genie\u00dfen Sie eine Quadfahrt durch die faszinierende W\u00fcstenlandschaft von Sharm el Sheikh und beobachten Sie anschlie\u00dfend den Sonnenuntergang \u00fcber den Bergen \u2013 ein wirklich atemberaubender Anblick. Auf dem Programm steht auch ein Besuch in einem Beduinendorf, wo Sie etwa 25 Minuten lang auf dem R\u00fccken eines Kamels reiten k\u00f6nnen, bevor Sie sich zu einem k\u00f6stlichen Barbecue niederlassen. Um den Abend abzurunden, wird Sie eine unglaubliche Folkloreshow unterhalten und unvergessliche Erinnerungen hinterlassen.<\/p>\n","protected":false},"featured_media":99610,"comment_status":"open","ping_status":"closed","template":"","meta":{"_coblocks_attr":"","_coblocks_dimensions":"","_coblocks_responsive_height":"","_coblocks_accordion_ie_support":"","_uag_custom_page_level_css":"","jetpack_publicize_message":"","jetpack_publicize_feature_enabled":true,"jetpack_social_post_already_shared":true,"jetpack_social_options":{"image_generator_settings":{"template":"highway","default_image_id":0,"font":"","enabled":false},"version":2},"_wpas_customize_per_network":false},"product_brand":[],"product_cat":[19115,1604,23606],"product_tag":[1653,2180,2177,1657,2113],"class_list":{"0":"post-2949","1":"product","2":"type-product","3":"status-publish","4":"has-post-thumbnail","6":"product_cat-safari-touren-sharm-el-sheikh","7":"product_cat-ausfluge-sharm-sheikh","8":"product_cat-tagesausfluege-sharm-sheikh","9":"product_tag-ausflug","10":"product_tag-quadfahren","11":"product_tag-safari-de","12":"product_tag-sharm-el-sheikh-de","13":"product_tag-wustensafari","15":"first","16":"instock","17":"sale","18":"purchasable","19":"product-type-variable"},"yoast_head":"<!-- This site is optimized with the Yoast SEO Premium plugin v26.9 (Yoast SEO v27.4) - https:\/\/yoast.com\/product\/yoast-seo-premium-wordpress\/ -->\n<title>Mega Safari Ausflug Sharm El Sheikh<\/title>\n<meta name=\"description\" content=\"Mega Safari Ausflug Sharm El Sheikh: Das umfangreichste Programm f\u00fcr W\u00fcstensafari im Ferienort Sharm El-Sheikh, wo Touristen haupts\u00e4chlich\" \/>\n<meta name=\"robots\" content=\"index, follow, max-snippet:-1, max-image-preview:large, max-video-preview:-1\" \/>\n<link rel=\"canonical\" href=\"https:\/\/landioustravel.com\/de\/shop\/exkursion-mega-safari-sharm\/\" \/>\n<meta property=\"og:locale\" content=\"de_DE\" \/>\n<meta property=\"og:type\" content=\"article\" \/>\n<meta property=\"og:title\" content=\"Mega Safari Ausflug Sharm El Sheikh\" \/>\n<meta property=\"og:description\" content=\"Landious Travel\" \/>\n<meta property=\"og:url\" content=\"https:\/\/landioustravel.com\/de\/shop\/exkursion-mega-safari-sharm\/\" \/>\n<meta property=\"og:site_name\" content=\"Landious Travel\" \/>\n<meta property=\"article:publisher\" content=\"https:\/\/web.facebook.com\/landiousEgypt\" \/>\n<meta property=\"article:modified_time\" content=\"2024-09-23T22:32:38+00:00\" \/>\n<meta property=\"og:image\" content=\"https:\/\/i0.wp.com\/landioustravel.com\/wp-content\/uploads\/2019\/03\/camel-ride-sharm-el-sheikh-e1669340498285.jpg?fit=1200%2C675&ssl=1\" \/>\n\t<meta property=\"og:image:width\" content=\"1200\" \/>\n\t<meta property=\"og:image:height\" content=\"675\" \/>\n\t<meta property=\"og:image:type\" content=\"image\/jpeg\" \/>\n<meta name=\"twitter:card\" content=\"summary_large_image\" \/>\n<meta name=\"twitter:site\" content=\"@LandiousTours\" \/>\n<meta name=\"twitter:label1\" content=\"Gesch\u00e4tzte Lesezeit\" \/>\n\t<meta name=\"twitter:data1\" content=\"2\u00a0Minuten\" \/>\n<script type=\"application\/ld+json\" class=\"yoast-schema-graph\">{\"@context\":\"https:\\\/\\\/schema.org\",\"@graph\":[{\"@type\":\"WebPage\",\"@id\":\"https:\\\/\\\/landioustravel.com\\\/de\\\/shop\\\/exkursion-mega-safari-sharm\\\/\",\"url\":\"https:\\\/\\\/landioustravel.com\\\/de\\\/shop\\\/exkursion-mega-safari-sharm\\\/\",\"name\":\"Mega Safari Ausflug Sharm El Sheikh\",\"isPartOf\":{\"@id\":\"https:\\\/\\\/landioustravel.com\\\/de\\\/#website\"},\"primaryImageOfPage\":{\"@id\":\"https:\\\/\\\/landioustravel.com\\\/de\\\/shop\\\/exkursion-mega-safari-sharm\\\/#primaryimage\"},\"image\":{\"@id\":\"https:\\\/\\\/landioustravel.com\\\/de\\\/shop\\\/exkursion-mega-safari-sharm\\\/#primaryimage\"},\"thumbnailUrl\":\"https:\\\/\\\/i0.wp.com\\\/landioustravel.com\\\/wp-content\\\/uploads\\\/2019\\\/03\\\/camel-ride-sharm-el-sheikh-e1669340498285.jpg?fit=1200%2C675&ssl=1\",\"datePublished\":\"2019-03-16T18:11:57+00:00\",\"dateModified\":\"2024-09-23T22:32:38+00:00\",\"description\":\"Mega Safari Ausflug Sharm El Sheikh: Das umfangreichste Programm f\u00fcr W\u00fcstensafari im Ferienort Sharm El-Sheikh, wo Touristen haupts\u00e4chlich\",\"breadcrumb\":{\"@id\":\"https:\\\/\\\/landioustravel.com\\\/de\\\/shop\\\/exkursion-mega-safari-sharm\\\/#breadcrumb\"},\"inLanguage\":\"de\",\"potentialAction\":[{\"@type\":\"ReadAction\",\"target\":[\"https:\\\/\\\/landioustravel.com\\\/de\\\/shop\\\/exkursion-mega-safari-sharm\\\/\"]}]},{\"@type\":\"ImageObject\",\"inLanguage\":\"de\",\"@id\":\"https:\\\/\\\/landioustravel.com\\\/de\\\/shop\\\/exkursion-mega-safari-sharm\\\/#primaryimage\",\"url\":\"https:\\\/\\\/i0.wp.com\\\/landioustravel.com\\\/wp-content\\\/uploads\\\/2019\\\/03\\\/camel-ride-sharm-el-sheikh-e1669340498285.jpg?fit=1200%2C675&ssl=1\",\"contentUrl\":\"https:\\\/\\\/i0.wp.com\\\/landioustravel.com\\\/wp-content\\\/uploads\\\/2019\\\/03\\\/camel-ride-sharm-el-sheikh-e1669340498285.jpg?fit=1200%2C675&ssl=1\",\"width\":1200,\"height\":675,\"caption\":\"camel ride sharm el sheikh\"},{\"@type\":\"BreadcrumbList\",\"@id\":\"https:\\\/\\\/landioustravel.com\\\/de\\\/shop\\\/exkursion-mega-safari-sharm\\\/#breadcrumb\",\"itemListElement\":[{\"@type\":\"ListItem\",\"position\":1,\"name\":\"Home\",\"item\":\"https:\\\/\\\/landioustravel.com\\\/de\\\/\"},{\"@type\":\"ListItem\",\"position\":2,\"name\":\"\u00c4gypten Touren\",\"item\":\"https:\\\/\\\/landioustravel.com\\\/de\\\/\"},{\"@type\":\"ListItem\",\"position\":3,\"name\":\"Mega Safari Ausflug Sharm El Sheikh\"}]},{\"@type\":\"WebSite\",\"@id\":\"https:\\\/\\\/landioustravel.com\\\/de\\\/#website\",\"url\":\"https:\\\/\\\/landioustravel.com\\\/de\\\/\",\"name\":\"Landious Travel\",\"description\":\"Excursions, trips and cruises in Egypt\",\"publisher\":{\"@id\":\"https:\\\/\\\/landioustravel.com\\\/de\\\/#organization\"},\"potentialAction\":[{\"@type\":\"SearchAction\",\"target\":{\"@type\":\"EntryPoint\",\"urlTemplate\":\"https:\\\/\\\/landioustravel.com\\\/de\\\/?s={search_term_string}\"},\"query-input\":{\"@type\":\"PropertyValueSpecification\",\"valueRequired\":true,\"valueName\":\"search_term_string\"}}],\"inLanguage\":\"de\"},{\"@type\":[\"Organization\",\"Place\"],\"@id\":\"https:\\\/\\\/landioustravel.com\\\/de\\\/#organization\",\"name\":\"Landious Travel\",\"alternateName\":\"Landious Travel\",\"url\":\"https:\\\/\\\/landioustravel.com\\\/de\\\/\",\"logo\":{\"@id\":\"https:\\\/\\\/landioustravel.com\\\/de\\\/shop\\\/exkursion-mega-safari-sharm\\\/#local-main-organization-logo\"},\"image\":{\"@id\":\"https:\\\/\\\/landioustravel.com\\\/de\\\/shop\\\/exkursion-mega-safari-sharm\\\/#local-main-organization-logo\"},\"sameAs\":[\"https:\\\/\\\/web.facebook.com\\\/landiousEgypt\",\"https:\\\/\\\/x.com\\\/LandiousTours\",\"https:\\\/\\\/mastodon.social\\\/@landious\"],\"legalName\":\"Landious Travel\",\"telephone\":[],\"openingHoursSpecification\":[{\"@type\":\"OpeningHoursSpecification\",\"dayOfWeek\":[\"Monday\",\"Tuesday\",\"Wednesday\",\"Thursday\",\"Friday\",\"Saturday\",\"Sunday\"],\"opens\":\"09:00\",\"closes\":\"17:00\"}]},{\"@type\":\"ImageObject\",\"inLanguage\":\"de\",\"@id\":\"https:\\\/\\\/landioustravel.com\\\/de\\\/shop\\\/exkursion-mega-safari-sharm\\\/#local-main-organization-logo\",\"url\":\"https:\\\/\\\/i0.wp.com\\\/landioustravel.com\\\/wp-content\\\/uploads\\\/2021\\\/06\\\/Landious-T.png?fit=500%2C500&ssl=1\",\"contentUrl\":\"https:\\\/\\\/i0.wp.com\\\/landioustravel.com\\\/wp-content\\\/uploads\\\/2021\\\/06\\\/Landious-T.png?fit=500%2C500&ssl=1\",\"width\":500,\"height\":500,\"caption\":\"Landious Travel\"}]}<\/script>\n<!-- \/ Yoast SEO Premium plugin. -->","yoast_head_json":{"title":"Mega Safari Ausflug Sharm El Sheikh","description":"Mega Safari Ausflug Sharm El Sheikh: Das umfangreichste Programm f\u00fcr W\u00fcstensafari im Ferienort Sharm El-Sheikh, wo Touristen haupts\u00e4chlich","robots":{"index":"index","follow":"follow","max-snippet":"max-snippet:-1","max-image-preview":"max-image-preview:large","max-video-preview":"max-video-preview:-1"},"canonical":"https:\/\/landioustravel.com\/de\/shop\/exkursion-mega-safari-sharm\/","og_locale":"de_DE","og_type":"article","og_title":"Mega Safari Ausflug Sharm El Sheikh","og_description":"Landious Travel","og_url":"https:\/\/landioustravel.com\/de\/shop\/exkursion-mega-safari-sharm\/","og_site_name":"Landious Travel","article_publisher":"https:\/\/web.facebook.com\/landiousEgypt","article_modified_time":"2024-09-23T22:32:38+00:00","og_image":[{"width":1200,"height":675,"url":"https:\/\/i0.wp.com\/landioustravel.com\/wp-content\/uploads\/2019\/03\/camel-ride-sharm-el-sheikh-e1669340498285.jpg?fit=1200%2C675&ssl=1","type":"image\/jpeg"}],"twitter_card":"summary_large_image","twitter_site":"@LandiousTours","twitter_misc":{"Gesch\u00e4tzte Lesezeit":"2\u00a0Minuten"},"schema":{"@context":"https:\/\/schema.org","@graph":[{"@type":"WebPage","@id":"https:\/\/landioustravel.com\/de\/shop\/exkursion-mega-safari-sharm\/","url":"https:\/\/landioustravel.com\/de\/shop\/exkursion-mega-safari-sharm\/","name":"Mega Safari Ausflug Sharm El Sheikh","isPartOf":{"@id":"https:\/\/landioustravel.com\/de\/#website"},"primaryImageOfPage":{"@id":"https:\/\/landioustravel.com\/de\/shop\/exkursion-mega-safari-sharm\/#primaryimage"},"image":{"@id":"https:\/\/landioustravel.com\/de\/shop\/exkursion-mega-safari-sharm\/#primaryimage"},"thumbnailUrl":"https:\/\/i0.wp.com\/landioustravel.com\/wp-content\/uploads\/2019\/03\/camel-ride-sharm-el-sheikh-e1669340498285.jpg?fit=1200%2C675&ssl=1","datePublished":"2019-03-16T18:11:57+00:00","dateModified":"2024-09-23T22:32:38+00:00","description":"Mega Safari Ausflug Sharm El Sheikh: Das umfangreichste Programm f\u00fcr W\u00fcstensafari im Ferienort Sharm El-Sheikh, wo Touristen haupts\u00e4chlich","breadcrumb":{"@id":"https:\/\/landioustravel.com\/de\/shop\/exkursion-mega-safari-sharm\/#breadcrumb"},"inLanguage":"de","potentialAction":[{"@type":"ReadAction","target":["https:\/\/landioustravel.com\/de\/shop\/exkursion-mega-safari-sharm\/"]}]},{"@type":"ImageObject","inLanguage":"de","@id":"https:\/\/landioustravel.com\/de\/shop\/exkursion-mega-safari-sharm\/#primaryimage","url":"https:\/\/i0.wp.com\/landioustravel.com\/wp-content\/uploads\/2019\/03\/camel-ride-sharm-el-sheikh-e1669340498285.jpg?fit=1200%2C675&ssl=1","contentUrl":"https:\/\/i0.wp.com\/landioustravel.com\/wp-content\/uploads\/2019\/03\/camel-ride-sharm-el-sheikh-e1669340498285.jpg?fit=1200%2C675&ssl=1","width":1200,"height":675,"caption":"camel ride sharm el sheikh"},{"@type":"BreadcrumbList","@id":"https:\/\/landioustravel.com\/de\/shop\/exkursion-mega-safari-sharm\/#breadcrumb","itemListElement":[{"@type":"ListItem","position":1,"name":"Home","item":"https:\/\/landioustravel.com\/de\/"},{"@type":"ListItem","position":2,"name":"\u00c4gypten Touren","item":"https:\/\/landioustravel.com\/de\/"},{"@type":"ListItem","position":3,"name":"Mega Safari Ausflug Sharm El Sheikh"}]},{"@type":"WebSite","@id":"https:\/\/landioustravel.com\/de\/#website","url":"https:\/\/landioustravel.com\/de\/","name":"Landious Travel","description":"Excursions, trips and cruises in Egypt","publisher":{"@id":"https:\/\/landioustravel.com\/de\/#organization"},"potentialAction":[{"@type":"SearchAction","target":{"@type":"EntryPoint","urlTemplate":"https:\/\/landioustravel.com\/de\/?s={search_term_string}"},"query-input":{"@type":"PropertyValueSpecification","valueRequired":true,"valueName":"search_term_string"}}],"inLanguage":"de"},{"@type":["Organization","Place"],"@id":"https:\/\/landioustravel.com\/de\/#organization","name":"Landious Travel","alternateName":"Landious Travel","url":"https:\/\/landioustravel.com\/de\/","logo":{"@id":"https:\/\/landioustravel.com\/de\/shop\/exkursion-mega-safari-sharm\/#local-main-organization-logo"},"image":{"@id":"https:\/\/landioustravel.com\/de\/shop\/exkursion-mega-safari-sharm\/#local-main-organization-logo"},"sameAs":["https:\/\/web.facebook.com\/landiousEgypt","https:\/\/x.com\/LandiousTours","https:\/\/mastodon.social\/@landious"],"legalName":"Landious Travel","telephone":[],"openingHoursSpecification":[{"@type":"OpeningHoursSpecification","dayOfWeek":["Monday","Tuesday","Wednesday","Thursday","Friday","Saturday","Sunday"],"opens":"09:00","closes":"17:00"}]},{"@type":"ImageObject","inLanguage":"de","@id":"https:\/\/landioustravel.com\/de\/shop\/exkursion-mega-safari-sharm\/#local-main-organization-logo","url":"https:\/\/i0.wp.com\/landioustravel.com\/wp-content\/uploads\/2021\/06\/Landious-T.png?fit=500%2C500&ssl=1","contentUrl":"https:\/\/i0.wp.com\/landioustravel.com\/wp-content\/uploads\/2021\/06\/Landious-T.png?fit=500%2C500&ssl=1","width":500,"height":500,"caption":"Landious Travel"}]}},"jetpack_publicize_connections":[],"uagb_featured_image_src":{"full":["https:\/\/i0.wp.com\/landioustravel.com\/wp-content\/uploads\/2019\/03\/camel-ride-sharm-el-sheikh-e1669340498285.jpg?fit=1200%2C675&ssl=1",1200,675,false],"thumbnail":["https:\/\/i0.wp.com\/landioustravel.com\/wp-content\/uploads\/2019\/03\/camel-ride-sharm-el-sheikh-e1669340498285.jpg?resize=150%2C150&ssl=1",150,150,true],"medium":["https:\/\/i0.wp.com\/landioustravel.com\/wp-content\/uploads\/2019\/03\/camel-ride-sharm-el-sheikh-e1669340498285.jpg?fit=300%2C169&ssl=1",300,169,true],"medium_large":["https:\/\/i0.wp.com\/landioustravel.com\/wp-content\/uploads\/2019\/03\/camel-ride-sharm-el-sheikh-e1669340498285.jpg?fit=768%2C432&ssl=1",768,432,true],"large":["https:\/\/i0.wp.com\/landioustravel.com\/wp-content\/uploads\/2019\/03\/camel-ride-sharm-el-sheikh-e1669340498285.jpg?fit=980%2C551&ssl=1",980,551,true],"1536x1536":["https:\/\/i0.wp.com\/landioustravel.com\/wp-content\/uploads\/2019\/03\/camel-ride-sharm-el-sheikh-e1669340498285.jpg?fit=1200%2C675&ssl=1",1200,675,true],"2048x2048":["https:\/\/i0.wp.com\/landioustravel.com\/wp-content\/uploads\/2019\/03\/camel-ride-sharm-el-sheikh-e1669340498285.jpg?fit=1200%2C675&ssl=1",1200,675,true],"newspack-article-block-landscape-large":["https:\/\/i0.wp.com\/landioustravel.com\/wp-content\/uploads\/2019\/03\/camel-ride-sharm-el-sheikh-e1669340498285.jpg?resize=1200%2C675&ssl=1",1200,675,true],"newspack-article-block-portrait-large":["https:\/\/i0.wp.com\/landioustravel.com\/wp-content\/uploads\/2019\/03\/camel-ride-sharm-el-sheikh-e1669340498285.jpg?resize=900%2C675&ssl=1",900,675,true],"newspack-article-block-square-large":["https:\/\/i0.wp.com\/landioustravel.com\/wp-content\/uploads\/2019\/03\/camel-ride-sharm-el-sheikh-e1669340498285.jpg?resize=1200%2C675&ssl=1",1200,675,true],"newspack-article-block-landscape-medium":["https:\/\/i0.wp.com\/landioustravel.com\/wp-content\/uploads\/2019\/03\/camel-ride-sharm-el-sheikh-e1669340498285.jpg?resize=800%2C600&ssl=1",800,600,true],"newspack-article-block-portrait-medium":["https:\/\/i0.wp.com\/landioustravel.com\/wp-content\/uploads\/2019\/03\/camel-ride-sharm-el-sheikh-e1669340498285.jpg?resize=600%2C675&ssl=1",600,675,true],"newspack-article-block-square-medium":["https:\/\/i0.wp.com\/landioustravel.com\/wp-content\/uploads\/2019\/03\/camel-ride-sharm-el-sheikh-e1669340498285.jpg?resize=800%2C675&ssl=1",800,675,true],"newspack-article-block-landscape-intermediate":["https:\/\/i0.wp.com\/landioustravel.com\/wp-content\/uploads\/2019\/03\/camel-ride-sharm-el-sheikh-e1669340498285.jpg?resize=600%2C450&ssl=1",600,450,true],"newspack-article-block-portrait-intermediate":["https:\/\/i0.wp.com\/landioustravel.com\/wp-content\/uploads\/2019\/03\/camel-ride-sharm-el-sheikh-e1669340498285.jpg?resize=450%2C600&ssl=1",450,600,true],"newspack-article-block-square-intermediate":["https:\/\/i0.wp.com\/landioustravel.com\/wp-content\/uploads\/2019\/03\/camel-ride-sharm-el-sheikh-e1669340498285.jpg?resize=600%2C600&ssl=1",600,600,true],"newspack-article-block-landscape-small":["https:\/\/i0.wp.com\/landioustravel.com\/wp-content\/uploads\/2019\/03\/camel-ride-sharm-el-sheikh-e1669340498285.jpg?resize=400%2C300&ssl=1",400,300,true],"newspack-article-block-portrait-small":["https:\/\/i0.wp.com\/landioustravel.com\/wp-content\/uploads\/2019\/03\/camel-ride-sharm-el-sheikh-e1669340498285.jpg?resize=300%2C400&ssl=1",300,400,true],"newspack-article-block-square-small":["https:\/\/i0.wp.com\/landioustravel.com\/wp-content\/uploads\/2019\/03\/camel-ride-sharm-el-sheikh-e1669340498285.jpg?resize=400%2C400&ssl=1",400,400,true],"newspack-article-block-landscape-tiny":["https:\/\/i0.wp.com\/landioustravel.com\/wp-content\/uploads\/2019\/03\/camel-ride-sharm-el-sheikh-e1669340498285.jpg?resize=200%2C150&ssl=1",200,150,true],"newspack-article-block-portrait-tiny":["https:\/\/i0.wp.com\/landioustravel.com\/wp-content\/uploads\/2019\/03\/camel-ride-sharm-el-sheikh-e1669340498285.jpg?resize=150%2C200&ssl=1",150,200,true],"newspack-article-block-square-tiny":["https:\/\/i0.wp.com\/landioustravel.com\/wp-content\/uploads\/2019\/03\/camel-ride-sharm-el-sheikh-e1669340498285.jpg?resize=200%2C200&ssl=1",200,200,true],"newspack-article-block-uncropped":["https:\/\/i0.wp.com\/landioustravel.com\/wp-content\/uploads\/2019\/03\/camel-ride-sharm-el-sheikh-e1669340498285.jpg?fit=1200%2C675&ssl=1",1200,675,true],"woocommerce_thumbnail":["https:\/\/i0.wp.com\/landioustravel.com\/wp-content\/uploads\/2019\/03\/camel-ride-sharm-el-sheikh-e1669340498285.jpg?resize=324%2C324&ssl=1",324,324,true],"woocommerce_single":["https:\/\/i0.wp.com\/landioustravel.com\/wp-content\/uploads\/2019\/03\/camel-ride-sharm-el-sheikh-e1669340498285.jpg?fit=416%2C234&ssl=1",416,234,true],"woocommerce_gallery_thumbnail":["https:\/\/i0.wp.com\/landioustravel.com\/wp-content\/uploads\/2019\/03\/camel-ride-sharm-el-sheikh-e1669340498285.jpg?resize=100%2C100&ssl=1",100,100,true]},"uagb_author_info":{"display_name":"Mofreh Landious","author_link":"https:\/\/landioustravel.com\/de\/author\/"},"uagb_comment_info":3,"uagb_excerpt":"Erleben Sie die Sch\u00f6nheit und Kultur der W\u00fcste mit einem Programm, das viel mehr als nur Quadfahren und Kamelreiten bietet. Im atemberaubenden Ferienort Sharm El-Sheikh haben Sie die M\u00f6glichkeit, das Beduinenvolk zu besuchen und mehr \u00fcber seine reiche und faszinierende Kultur zu erfahren. Im Rahmen des Pakets genie\u00dfen Sie au\u00dferdem ein traditionelles orientalisches Abendessen in&hellip;","jetpack_sharing_enabled":true,"jetpack_likes_enabled":true,"amp_enabled":true,"_links":{"self":[{"href":"https:\/\/landioustravel.com\/de\/wp-json\/wp\/v2\/product\/2949","targetHints":{"allow":["GET"]}}],"collection":[{"href":"https:\/\/landioustravel.com\/de\/wp-json\/wp\/v2\/product"}],"about":[{"href":"https:\/\/landioustravel.com\/de\/wp-json\/wp\/v2\/types\/product"}],"replies":[{"embeddable":true,"href":"https:\/\/landioustravel.com\/de\/wp-json\/wp\/v2\/comments?post=2949"}],"wp:featuredmedia":[{"embeddable":true,"href":"https:\/\/landioustravel.com\/de\/wp-json\/wp\/v2\/media\/99610"}],"wp:attachment":[{"href":"https:\/\/landioustravel.com\/de\/wp-json\/wp\/v2\/media?parent=2949"}],"wp:term":[{"taxonomy":"product_brand","embeddable":true,"href":"https:\/\/landioustravel.com\/de\/wp-json\/wp\/v2\/product_brand?post=2949"},{"taxonomy":"product_cat","embeddable":true,"href":"https:\/\/landioustravel.com\/de\/wp-json\/wp\/v2\/product_cat?post=2949"},{"taxonomy":"product_tag","embeddable":true,"href":"https:\/\/landioustravel.com\/de\/wp-json\/wp\/v2\/product_tag?post=2949"}],"curies":[{"name":"wp","href":"https:\/\/api.w.org\/{rel}","templated":true}]}}