{"id":2998,"date":"2019-03-18T19:48:07","date_gmt":"2019-03-19T00:07:17","guid":{"rendered":"https:\/\/landioustravel.com\/?post_type=product&#038;p=2998"},"modified":"2026-03-05T19:13:56","modified_gmt":"2026-03-05T17:13:56","slug":"exkursion-abu-galum-loch-sharm","status":"publish","type":"product","link":"https:\/\/landioustravel.com\/de\/shop\/exkursion-abu-galum-loch-sharm\/","title":{"rendered":"Abu Galum &#038; Blaues Loch Ausflug Sharm El Sheikh"},"content":{"rendered":"<p>Es ist ein fantastischer Ausflug nach Abu Galum und Blue Hole von <a href=\"https:\/\/landioustravel.com\/de\/sharm-sheikh-stadt\/\">Sharm El-Sheikh<\/a>, <a href=\"https:\/\/landioustravel.com\/de\/agypten\/\">\u00c4gypten<\/a>! Diese Reise ist eine der aktivsten Exkursionen in Sharm El-Sheikh, Gouvernement <a href=\"https:\/\/landioustravel.com\/de\/agypten\/aegyptische-staedte\/sued-sinai-gouvernement\/\">S\u00fcd-Sinai<\/a>! Wir empfehlen die Reise, da sie Touristen eine Vielzahl interessanter Aktivit\u00e4ten erm\u00f6glicht. Diese Aktivit\u00e4ten variieren stark von Reisen zum n\u00e4chsten nahe gelegenen Ferienort Dahab bis zum Besuch des Abu Galum Nationalparks. Es wird eine interessante Aktivit\u00e4t sein, die Landnatur auf der Sinai-Halbinsel zu entdecken. Diese Aktivit\u00e4t beinhaltet den Besuch des Abu Galum Nationalparks, die Entdeckung des Canyons und das Reiten von Kamelen. Au\u00dferdem wird es Schwimmen und Schnorcheln im Blauen Loch beinhalten. Schlie\u00dflich k\u00f6nnen Sie auf dieser Reise in Dahab einkaufen. ONLINE-BUCHUNG ABU GALUM &amp; BLAUES LOCH AUSFLUG SHARM EL SHEIKH UND BESTER PREIS!<\/p>\n<h2>H\u00f6hepunkte der Abu Galum &amp; Blue Hole Ausflug von Sharm El Sheikh<\/h2>\n<ul>\n<li>Kamele am Meer reiten.<\/li>\n<li>Dann Schnorcheln im Blue Hole.<\/li>\n<li>Als n\u00e4chstes besuchen Sie die Schlucht.<\/li>\n<li>Und mehr noch, Zeit zum Mittagessen zu haben.<\/li>\n<li>Endlich einkaufen in Dahab.<\/li>\n<\/ul>\n<h3>Programm von Abu Galum und Blue Hole Reise<\/h3>\n<ul>\n<li>Der Vertreter von <a href=\"https:\/\/landioustravel.com\/de\/kontakte\/\">Landious Travel<\/a> holt Sie gegen 08:00 Uhr vom Hotel in Sharm el-Sheikh ab.<\/li>\n<li>Nachdem alle Ank\u00f6mmlinge abgeholt wurden, f\u00e4hrt der Minibus\/Jeep in den Nationalpark Abu Galum. Der Weg zum Nationalpark Abu Galum dauert ca. 90 Minuten.<\/li>\n<\/ul>\n<h4 style=\"text-align: center;\">Canyon Entdeckung<\/h4>\n<ul>\n<li>Zun\u00e4chst m\u00fcssen Sie sich darauf vorbereiten, Ihre Sonnenbrille aufzusetzen und einen Schal auf Ihrem Kopf aufzuwickeln.<\/li>\n<li>Danach gibt es eine kurze Einweisung und Schulung.<\/li>\n<li>Anschlie\u00dfend starten Sie Ihr Programm, indem Sie den Canyon besuchen und die Bergnatur im Sinai genie\u00dfen.<\/li>\n<\/ul>\n<h5 style=\"text-align: center;\">Kamelreiten auf dem Seeweg<\/h5>\n<ul>\n<li>Danach reiten Sie gerne Kamele am Meer. So k\u00f6nnen Sie sowohl Kamele reiten als auch das Meer beobachten.<\/li>\n<li>Sobald diese Fahrt beendet ist, erreichen Sie das Beduinenzelt.<\/li>\n<li>Ihr F\u00fchrer wird Sie in das Beduinendorf begleiten. Au\u00dferdem zeigt er Ihnen, wie Beduinen Brot kochen und wie sie sich anziehen.<\/li>\n<\/ul>\n<h5 style=\"text-align: center;\">Schnorcheln im Blauen Loch<\/h5>\n<ul>\n<li>Der folgende Punkt ist wunderbar: Schwimmen und Schnorcheln im Blauen Loch.<\/li>\n<\/ul>\n<h5 style=\"text-align: center;\">Mittagessen in Dahab<\/h5>\n<ul>\n<li>Nach dem Stopp in Blue Hole kommt das Mittagessen. Sie werden im Ferienort Dahab zu Mittag essen.<\/li>\n<li>Das Programm wird in Dahab fortgesetzt, wobei der Einkauf gestoppt wird.<\/li>\n<\/ul>\n<h5 style=\"text-align: center;\">Abfahrt nach Sharm El Sheikh<\/h5>\n<ul>\n<li>Schlie\u00dflich kehren Sie nach diesem erstaunlichen Ausflug in Abu Galum nach Sharm El-Sheikh zur\u00fcck.<\/li>\n<li>Diese Abu Galum &amp; Blue Hole Reise von <a href=\"https:\/\/www.google.de\/maps\/place\/Scharm+El-Scheich,+Qesm+Sharm+Ash+Sheikh,+Dschanub+Sina\/@27.9466924,34.2787129,12z\/data=!3m1!4b1!4m5!3m4!1s0x14533bca3624d2e3:0xdd987e9c1945fd9c!8m2!3d27.9654198!4d34.3617769\" target=\"_blank\" rel=\"noopener\">Sharm El Sheikh<\/a> endet gegen 16:00 Uhr in Dahab.<\/li>\n<\/ul>\n<h4>Was beinhaltet der Preis f\u00fcr Abu Galum &amp; Blue Hole Ausflug Sharm El Sheikh?<\/h4>\n<ul>\n<li>Mittagessen.<\/li>\n<li>Transfer auch nach Abu Galum und zur\u00fcck zum Hotel.<\/li>\n<\/ul>\n<h5>Was beinhaltet nicht das Bu Galum &amp; Blue Hole Reise Sharm El Sheikh Programm?<\/h5>\n<ul>\n<li>Schnorchelausr\u00fcstung,<\/li>\n<li>Video DVD.<\/li>\n<li>Auch die Foto-CD.<\/li>\n<\/ul>\n<h6>Was nehmen Sie f\u00fcr die Reise mit?<\/h6>\n<ul>\n<li>Schal.<\/li>\n<li>Sonnenbrille.<\/li>\n<li>Auch Schnorchelausr\u00fcstung.<\/li>\n<\/ul>\n<h6>Abu Galum &amp; Blaues Loch Ausflug Sharm El Sheikh Buchungstage<\/h6>\n<ul>\n<li>T\u00e4glich von 08:00 bis 19:00 Uhr.<\/li>\n<\/ul>\n","protected":false},"excerpt":{"rendered":"<p>Auf der Suche nach einem unterhaltsamen und aufschlussreichen Abenteuer? Suchen Sie nicht weiter als nach diesem fantastischen Programm, das Sie von Sharm El Sheikh nach Abu Galum und zum Blue Hole bringt! Unser Team bietet eine Vielzahl spannender Aktivit\u00e4ten, die Ihren Tag mit Sicherheit unvergesslich machen werden. Sie k\u00f6nnen die wundersch\u00f6nen Naturlandschaften der Sinai-Halbinsel erkunden, den Nationalpark Abu Galum besuchen und Kamele reiten, im Blue Hole schwimmen und schnorcheln und sogar in Dahab einkaufen.<\/p>\n<p>W\u00e4hrend Ihrer Reise besuchen Sie den Coloured-Canyon-Nationalpark, dessen Klippen aus mehrfarbigem Sandstein bestehen. Sie unternehmen auch einen Kamelritt am Meer entlang und genie\u00dfen die atemberaubende Aussicht auf das Meer und die W\u00fcste. Und vergessen Sie nicht, im Naturschutzgebiet Abu Galum zu schnorcheln, wo Sie von der Sch\u00f6nheit der Unterwasserwelt des Roten Meeres begeistert sein werden.<\/p>\n<p>Zu den H\u00f6hepunkten unseres Programms geh\u00f6ren der Besuch des Nationalparks Coloured Canyon, ein Kamelritt, Schnorcheln zwischen den wundersch\u00f6nen Korallen des Abu Galum-Reservats, ein Mittagessen in der Stadt Dahab und ein Besuch des Marktes in der Stadt Dahab.<\/p>\n<p>Ihre Tour beginnt mit der Abholung von Ihrem Hotel und dann geht es in die W\u00fcste, wo Sie von der ruhigen Sch\u00f6nheit der Canyons fasziniert sein werden. Sie k\u00f6nnen auch einen Kamelritt erleben, eine einzigartige und aufregende Art, die W\u00fcste zu erkunden.<\/p>\n<p>Als n\u00e4chstes bringen wir Sie zum Abu Galum \u2013 Blue Hole, wo Sie Zeuge der atemberaubenden Unterwasserh\u00f6hle werden k\u00f6nnen, die von farbenfrohen Korallen und Fischen umgeben ist. Sie k\u00f6nnen sogar schnorcheln und die reiche Unterwasserwelt des Roten Meeres beobachten.<\/p>\n<p>Wir hoffen, Sie haben eine tolle Zeit und sch\u00f6ne Erinnerungen! Nach all den Abenteuern werden Sie in einem Restaurant am Meer mit einem k\u00f6stlichen Mittagessen verw\u00f6hnt. Und am Ende der Reise k\u00f6nnen Sie Souvenirs kaufen, um sich an diesen unvergesslichen Tag zu erinnern.<\/p>\n","protected":false},"featured_media":99522,"comment_status":"open","ping_status":"closed","template":"","meta":{"_coblocks_attr":"","_coblocks_dimensions":"","_coblocks_responsive_height":"","_coblocks_accordion_ie_support":"","_uag_custom_page_level_css":"","jetpack_publicize_message":"","jetpack_publicize_feature_enabled":true,"jetpack_social_post_already_shared":true,"jetpack_social_options":{"image_generator_settings":{"template":"highway","default_image_id":0,"font":"","enabled":false},"version":2},"_wpas_customize_per_network":false},"product_brand":[],"product_cat":[19115,1604,23606],"product_tag":[1653,19039,1777,2177,1778,1657,2113],"class_list":{"0":"post-2998","1":"product","2":"type-product","3":"status-publish","4":"has-post-thumbnail","6":"product_cat-safari-touren-sharm-el-sheikh","7":"product_cat-ausfluge-sharm-sheikh","8":"product_cat-tagesausfluege-sharm-sheikh","9":"product_tag-ausflug","10":"product_tag-jeepsafari-de","11":"product_tag-meer","12":"product_tag-safari-de","13":"product_tag-schnorcheln","14":"product_tag-sharm-el-sheikh-de","15":"product_tag-wustensafari","16":"pa_age-erwachsene","17":"pa_age-kind-1-4-jahre","18":"pa_age-kind-5-11-jahre","20":"first","21":"instock","22":"sale","23":"taxable","24":"shipping-taxable","25":"purchasable","26":"product-type-variable"},"yoast_head":"<!-- This site is optimized with the Yoast SEO Premium plugin v27.5 (Yoast SEO v27.5) - https:\/\/yoast.com\/product\/yoast-seo-premium-wordpress\/ -->\n<title>Abu Galum &amp; Blaues Loch Ausflug Sharm El Sheikh<\/title>\n<meta name=\"description\" content=\"Abu Galum &amp; Blaues Loch Ausflug Sharm El Sheikh : Es ist einer der aktivsten Ausfl\u00fcge in Sharm El-Sheikh! Wir empfehlen die Reise, preis\" \/>\n<meta name=\"robots\" content=\"index, follow, max-snippet:-1, max-image-preview:large, max-video-preview:-1\" \/>\n<link rel=\"canonical\" href=\"https:\/\/landioustravel.com\/de\/shop\/exkursion-abu-galum-loch-sharm\/\" \/>\n<meta property=\"og:locale\" content=\"de_DE\" \/>\n<meta property=\"og:type\" content=\"article\" \/>\n<meta property=\"og:title\" content=\"Abu Galum &amp; Blaues Loch Ausflug Sharm El Sheikh\" \/>\n<meta property=\"og:description\" content=\"Landious Travel\" \/>\n<meta property=\"og:url\" content=\"https:\/\/landioustravel.com\/de\/shop\/exkursion-abu-galum-loch-sharm\/\" \/>\n<meta property=\"og:site_name\" content=\"Landious Travel\" \/>\n<meta property=\"article:publisher\" content=\"https:\/\/web.facebook.com\/landiousEgypt\" \/>\n<meta property=\"article:modified_time\" content=\"2026-03-05T17:13:56+00:00\" \/>\n<meta property=\"og:image\" content=\"https:\/\/i0.wp.com\/landioustravel.com\/wp-content\/uploads\/2019\/03\/Abu-Galum-Blue-Hole-Excursion-Sharm-El-Sheikh-2-e1669330135221.jpg?fit=1199%2C676&ssl=1\" \/>\n\t<meta property=\"og:image:width\" content=\"1199\" \/>\n\t<meta property=\"og:image:height\" content=\"676\" \/>\n\t<meta property=\"og:image:type\" content=\"image\/jpeg\" \/>\n<meta name=\"twitter:card\" content=\"summary_large_image\" \/>\n<meta name=\"twitter:site\" content=\"@LandiousTours\" \/>\n<meta name=\"twitter:label1\" content=\"Gesch\u00e4tzte Lesezeit\" \/>\n\t<meta name=\"twitter:data1\" content=\"2\u00a0Minuten\" \/>\n<script type=\"application\/ld+json\" class=\"yoast-schema-graph\">{\"@context\":\"https:\\\/\\\/schema.org\",\"@graph\":[{\"@type\":\"WebPage\",\"@id\":\"https:\\\/\\\/landioustravel.com\\\/de\\\/shop\\\/exkursion-abu-galum-loch-sharm\\\/\",\"url\":\"https:\\\/\\\/landioustravel.com\\\/de\\\/shop\\\/exkursion-abu-galum-loch-sharm\\\/\",\"name\":\"Abu Galum & Blaues Loch Ausflug Sharm El Sheikh\",\"isPartOf\":{\"@id\":\"https:\\\/\\\/landioustravel.com\\\/de\\\/#website\"},\"primaryImageOfPage\":{\"@id\":\"https:\\\/\\\/landioustravel.com\\\/de\\\/shop\\\/exkursion-abu-galum-loch-sharm\\\/#primaryimage\"},\"image\":{\"@id\":\"https:\\\/\\\/landioustravel.com\\\/de\\\/shop\\\/exkursion-abu-galum-loch-sharm\\\/#primaryimage\"},\"thumbnailUrl\":\"https:\\\/\\\/i0.wp.com\\\/landioustravel.com\\\/wp-content\\\/uploads\\\/2019\\\/03\\\/Abu-Galum-Blue-Hole-Excursion-Sharm-El-Sheikh-2-e1669330135221.jpg?fit=1199%2C676&ssl=1\",\"datePublished\":\"2019-03-19T00:07:17+00:00\",\"dateModified\":\"2026-03-05T17:13:56+00:00\",\"description\":\"Abu Galum & Blaues Loch Ausflug Sharm El Sheikh : Es ist einer der aktivsten Ausfl\u00fcge in Sharm El-Sheikh! Wir empfehlen die Reise, preis\",\"breadcrumb\":{\"@id\":\"https:\\\/\\\/landioustravel.com\\\/de\\\/shop\\\/exkursion-abu-galum-loch-sharm\\\/#breadcrumb\"},\"inLanguage\":\"de\",\"potentialAction\":[{\"@type\":\"ReadAction\",\"target\":[\"https:\\\/\\\/landioustravel.com\\\/de\\\/shop\\\/exkursion-abu-galum-loch-sharm\\\/\"]}]},{\"@type\":\"ImageObject\",\"inLanguage\":\"de\",\"@id\":\"https:\\\/\\\/landioustravel.com\\\/de\\\/shop\\\/exkursion-abu-galum-loch-sharm\\\/#primaryimage\",\"url\":\"https:\\\/\\\/i0.wp.com\\\/landioustravel.com\\\/wp-content\\\/uploads\\\/2019\\\/03\\\/Abu-Galum-Blue-Hole-Excursion-Sharm-El-Sheikh-2-e1669330135221.jpg?fit=1199%2C676&ssl=1\",\"contentUrl\":\"https:\\\/\\\/i0.wp.com\\\/landioustravel.com\\\/wp-content\\\/uploads\\\/2019\\\/03\\\/Abu-Galum-Blue-Hole-Excursion-Sharm-El-Sheikh-2-e1669330135221.jpg?fit=1199%2C676&ssl=1\",\"width\":1199,\"height\":676,\"caption\":\"Abu Galum Blue Hole Excursion Sharm El Sheikh\"},{\"@type\":\"BreadcrumbList\",\"@id\":\"https:\\\/\\\/landioustravel.com\\\/de\\\/shop\\\/exkursion-abu-galum-loch-sharm\\\/#breadcrumb\",\"itemListElement\":[{\"@type\":\"ListItem\",\"position\":1,\"name\":\"Home\",\"item\":\"https:\\\/\\\/landioustravel.com\\\/de\\\/\"},{\"@type\":\"ListItem\",\"position\":2,\"name\":\"\u00c4gypten Touren\",\"item\":\"https:\\\/\\\/landioustravel.com\\\/de\\\/\"},{\"@type\":\"ListItem\",\"position\":3,\"name\":\"Abu Galum &#038; Blaues Loch Ausflug Sharm El Sheikh\"}]},{\"@type\":\"WebSite\",\"@id\":\"https:\\\/\\\/landioustravel.com\\\/de\\\/#website\",\"url\":\"https:\\\/\\\/landioustravel.com\\\/de\\\/\",\"name\":\"Landious Travel\",\"description\":\"Excursions, trips and cruises in Egypt\",\"publisher\":{\"@id\":\"https:\\\/\\\/landioustravel.com\\\/de\\\/#organization\"},\"potentialAction\":[{\"@type\":\"SearchAction\",\"target\":{\"@type\":\"EntryPoint\",\"urlTemplate\":\"https:\\\/\\\/landioustravel.com\\\/de\\\/?s={search_term_string}\"},\"query-input\":{\"@type\":\"PropertyValueSpecification\",\"valueRequired\":true,\"valueName\":\"search_term_string\"}}],\"inLanguage\":\"de\"},{\"@type\":[\"Organization\",\"Place\"],\"@id\":\"https:\\\/\\\/landioustravel.com\\\/de\\\/#organization\",\"name\":\"Landious Travel\",\"alternateName\":\"Landious Travel\",\"url\":\"https:\\\/\\\/landioustravel.com\\\/de\\\/\",\"logo\":{\"@id\":\"https:\\\/\\\/landioustravel.com\\\/de\\\/shop\\\/exkursion-abu-galum-loch-sharm\\\/#local-main-organization-logo\"},\"image\":{\"@id\":\"https:\\\/\\\/landioustravel.com\\\/de\\\/shop\\\/exkursion-abu-galum-loch-sharm\\\/#local-main-organization-logo\"},\"sameAs\":[\"https:\\\/\\\/web.facebook.com\\\/landiousEgypt\",\"https:\\\/\\\/x.com\\\/LandiousTours\",\"https:\\\/\\\/mastodon.social\\\/@landious\"],\"legalName\":\"Landious Travel\",\"telephone\":[],\"openingHoursSpecification\":[{\"@type\":\"OpeningHoursSpecification\",\"dayOfWeek\":[\"Monday\",\"Tuesday\",\"Wednesday\",\"Thursday\",\"Friday\",\"Saturday\",\"Sunday\"],\"opens\":\"09:00\",\"closes\":\"17:00\"}]},{\"@type\":\"ImageObject\",\"inLanguage\":\"de\",\"@id\":\"https:\\\/\\\/landioustravel.com\\\/de\\\/shop\\\/exkursion-abu-galum-loch-sharm\\\/#local-main-organization-logo\",\"url\":\"https:\\\/\\\/i0.wp.com\\\/landioustravel.com\\\/wp-content\\\/uploads\\\/2021\\\/06\\\/Landious-T.png?fit=500%2C500&ssl=1\",\"contentUrl\":\"https:\\\/\\\/i0.wp.com\\\/landioustravel.com\\\/wp-content\\\/uploads\\\/2021\\\/06\\\/Landious-T.png?fit=500%2C500&ssl=1\",\"width\":500,\"height\":500,\"caption\":\"Landious Travel\"}]}<\/script>\n<!-- \/ Yoast SEO Premium plugin. -->","yoast_head_json":{"title":"Abu Galum & Blaues Loch Ausflug Sharm El Sheikh","description":"Abu Galum & Blaues Loch Ausflug Sharm El Sheikh : Es ist einer der aktivsten Ausfl\u00fcge in Sharm El-Sheikh! Wir empfehlen die Reise, preis","robots":{"index":"index","follow":"follow","max-snippet":"max-snippet:-1","max-image-preview":"max-image-preview:large","max-video-preview":"max-video-preview:-1"},"canonical":"https:\/\/landioustravel.com\/de\/shop\/exkursion-abu-galum-loch-sharm\/","og_locale":"de_DE","og_type":"article","og_title":"Abu Galum & Blaues Loch Ausflug Sharm El Sheikh","og_description":"Landious Travel","og_url":"https:\/\/landioustravel.com\/de\/shop\/exkursion-abu-galum-loch-sharm\/","og_site_name":"Landious Travel","article_publisher":"https:\/\/web.facebook.com\/landiousEgypt","article_modified_time":"2026-03-05T17:13:56+00:00","og_image":[{"width":1199,"height":676,"url":"https:\/\/i0.wp.com\/landioustravel.com\/wp-content\/uploads\/2019\/03\/Abu-Galum-Blue-Hole-Excursion-Sharm-El-Sheikh-2-e1669330135221.jpg?fit=1199%2C676&ssl=1","type":"image\/jpeg"}],"twitter_card":"summary_large_image","twitter_site":"@LandiousTours","twitter_misc":{"Gesch\u00e4tzte Lesezeit":"2\u00a0Minuten"},"schema":{"@context":"https:\/\/schema.org","@graph":[{"@type":"WebPage","@id":"https:\/\/landioustravel.com\/de\/shop\/exkursion-abu-galum-loch-sharm\/","url":"https:\/\/landioustravel.com\/de\/shop\/exkursion-abu-galum-loch-sharm\/","name":"Abu Galum & Blaues Loch Ausflug Sharm El Sheikh","isPartOf":{"@id":"https:\/\/landioustravel.com\/de\/#website"},"primaryImageOfPage":{"@id":"https:\/\/landioustravel.com\/de\/shop\/exkursion-abu-galum-loch-sharm\/#primaryimage"},"image":{"@id":"https:\/\/landioustravel.com\/de\/shop\/exkursion-abu-galum-loch-sharm\/#primaryimage"},"thumbnailUrl":"https:\/\/i0.wp.com\/landioustravel.com\/wp-content\/uploads\/2019\/03\/Abu-Galum-Blue-Hole-Excursion-Sharm-El-Sheikh-2-e1669330135221.jpg?fit=1199%2C676&ssl=1","datePublished":"2019-03-19T00:07:17+00:00","dateModified":"2026-03-05T17:13:56+00:00","description":"Abu Galum & Blaues Loch Ausflug Sharm El Sheikh : Es ist einer der aktivsten Ausfl\u00fcge in Sharm El-Sheikh! Wir empfehlen die Reise, preis","breadcrumb":{"@id":"https:\/\/landioustravel.com\/de\/shop\/exkursion-abu-galum-loch-sharm\/#breadcrumb"},"inLanguage":"de","potentialAction":[{"@type":"ReadAction","target":["https:\/\/landioustravel.com\/de\/shop\/exkursion-abu-galum-loch-sharm\/"]}]},{"@type":"ImageObject","inLanguage":"de","@id":"https:\/\/landioustravel.com\/de\/shop\/exkursion-abu-galum-loch-sharm\/#primaryimage","url":"https:\/\/i0.wp.com\/landioustravel.com\/wp-content\/uploads\/2019\/03\/Abu-Galum-Blue-Hole-Excursion-Sharm-El-Sheikh-2-e1669330135221.jpg?fit=1199%2C676&ssl=1","contentUrl":"https:\/\/i0.wp.com\/landioustravel.com\/wp-content\/uploads\/2019\/03\/Abu-Galum-Blue-Hole-Excursion-Sharm-El-Sheikh-2-e1669330135221.jpg?fit=1199%2C676&ssl=1","width":1199,"height":676,"caption":"Abu Galum Blue Hole Excursion Sharm El Sheikh"},{"@type":"BreadcrumbList","@id":"https:\/\/landioustravel.com\/de\/shop\/exkursion-abu-galum-loch-sharm\/#breadcrumb","itemListElement":[{"@type":"ListItem","position":1,"name":"Home","item":"https:\/\/landioustravel.com\/de\/"},{"@type":"ListItem","position":2,"name":"\u00c4gypten Touren","item":"https:\/\/landioustravel.com\/de\/"},{"@type":"ListItem","position":3,"name":"Abu Galum &#038; Blaues Loch Ausflug Sharm El Sheikh"}]},{"@type":"WebSite","@id":"https:\/\/landioustravel.com\/de\/#website","url":"https:\/\/landioustravel.com\/de\/","name":"Landious Travel","description":"Excursions, trips and cruises in Egypt","publisher":{"@id":"https:\/\/landioustravel.com\/de\/#organization"},"potentialAction":[{"@type":"SearchAction","target":{"@type":"EntryPoint","urlTemplate":"https:\/\/landioustravel.com\/de\/?s={search_term_string}"},"query-input":{"@type":"PropertyValueSpecification","valueRequired":true,"valueName":"search_term_string"}}],"inLanguage":"de"},{"@type":["Organization","Place"],"@id":"https:\/\/landioustravel.com\/de\/#organization","name":"Landious Travel","alternateName":"Landious Travel","url":"https:\/\/landioustravel.com\/de\/","logo":{"@id":"https:\/\/landioustravel.com\/de\/shop\/exkursion-abu-galum-loch-sharm\/#local-main-organization-logo"},"image":{"@id":"https:\/\/landioustravel.com\/de\/shop\/exkursion-abu-galum-loch-sharm\/#local-main-organization-logo"},"sameAs":["https:\/\/web.facebook.com\/landiousEgypt","https:\/\/x.com\/LandiousTours","https:\/\/mastodon.social\/@landious"],"legalName":"Landious Travel","telephone":[],"openingHoursSpecification":[{"@type":"OpeningHoursSpecification","dayOfWeek":["Monday","Tuesday","Wednesday","Thursday","Friday","Saturday","Sunday"],"opens":"09:00","closes":"17:00"}]},{"@type":"ImageObject","inLanguage":"de","@id":"https:\/\/landioustravel.com\/de\/shop\/exkursion-abu-galum-loch-sharm\/#local-main-organization-logo","url":"https:\/\/i0.wp.com\/landioustravel.com\/wp-content\/uploads\/2021\/06\/Landious-T.png?fit=500%2C500&ssl=1","contentUrl":"https:\/\/i0.wp.com\/landioustravel.com\/wp-content\/uploads\/2021\/06\/Landious-T.png?fit=500%2C500&ssl=1","width":500,"height":500,"caption":"Landious Travel"}]}},"jetpack_publicize_connections":[],"uagb_featured_image_src":{"full":["https:\/\/i0.wp.com\/landioustravel.com\/wp-content\/uploads\/2019\/03\/Abu-Galum-Blue-Hole-Excursion-Sharm-El-Sheikh-2-e1669330135221.jpg?fit=1199%2C676&ssl=1",1199,676,false],"thumbnail":["https:\/\/i0.wp.com\/landioustravel.com\/wp-content\/uploads\/2019\/03\/Abu-Galum-Blue-Hole-Excursion-Sharm-El-Sheikh-2-e1669330135221.jpg?resize=150%2C150&ssl=1",150,150,true],"medium":["https:\/\/i0.wp.com\/landioustravel.com\/wp-content\/uploads\/2019\/03\/Abu-Galum-Blue-Hole-Excursion-Sharm-El-Sheikh-2-e1669330135221.jpg?fit=300%2C169&ssl=1",300,169,true],"medium_large":["https:\/\/i0.wp.com\/landioustravel.com\/wp-content\/uploads\/2019\/03\/Abu-Galum-Blue-Hole-Excursion-Sharm-El-Sheikh-2-e1669330135221.jpg?fit=768%2C433&ssl=1",768,433,true],"large":["https:\/\/i0.wp.com\/landioustravel.com\/wp-content\/uploads\/2019\/03\/Abu-Galum-Blue-Hole-Excursion-Sharm-El-Sheikh-2-e1669330135221.jpg?fit=980%2C552&ssl=1",980,552,true],"1536x1536":["https:\/\/i0.wp.com\/landioustravel.com\/wp-content\/uploads\/2019\/03\/Abu-Galum-Blue-Hole-Excursion-Sharm-El-Sheikh-2-e1669330135221.jpg?fit=1199%2C676&ssl=1",1199,676,true],"2048x2048":["https:\/\/i0.wp.com\/landioustravel.com\/wp-content\/uploads\/2019\/03\/Abu-Galum-Blue-Hole-Excursion-Sharm-El-Sheikh-2-e1669330135221.jpg?fit=1199%2C676&ssl=1",1199,676,true],"newspack-article-block-landscape-large":["https:\/\/i0.wp.com\/landioustravel.com\/wp-content\/uploads\/2019\/03\/Abu-Galum-Blue-Hole-Excursion-Sharm-El-Sheikh-2-e1669330135221.jpg?resize=1199%2C676&ssl=1",1199,676,true],"newspack-article-block-portrait-large":["https:\/\/i0.wp.com\/landioustravel.com\/wp-content\/uploads\/2019\/03\/Abu-Galum-Blue-Hole-Excursion-Sharm-El-Sheikh-2-e1669330135221.jpg?resize=900%2C676&ssl=1",900,676,true],"newspack-article-block-square-large":["https:\/\/i0.wp.com\/landioustravel.com\/wp-content\/uploads\/2019\/03\/Abu-Galum-Blue-Hole-Excursion-Sharm-El-Sheikh-2-e1669330135221.jpg?resize=1199%2C676&ssl=1",1199,676,true],"newspack-article-block-landscape-medium":["https:\/\/i0.wp.com\/landioustravel.com\/wp-content\/uploads\/2019\/03\/Abu-Galum-Blue-Hole-Excursion-Sharm-El-Sheikh-2-e1669330135221.jpg?resize=800%2C600&ssl=1",800,600,true],"newspack-article-block-portrait-medium":["https:\/\/i0.wp.com\/landioustravel.com\/wp-content\/uploads\/2019\/03\/Abu-Galum-Blue-Hole-Excursion-Sharm-El-Sheikh-2-e1669330135221.jpg?resize=600%2C676&ssl=1",600,676,true],"newspack-article-block-square-medium":["https:\/\/i0.wp.com\/landioustravel.com\/wp-content\/uploads\/2019\/03\/Abu-Galum-Blue-Hole-Excursion-Sharm-El-Sheikh-2-e1669330135221.jpg?resize=800%2C676&ssl=1",800,676,true],"newspack-article-block-landscape-intermediate":["https:\/\/i0.wp.com\/landioustravel.com\/wp-content\/uploads\/2019\/03\/Abu-Galum-Blue-Hole-Excursion-Sharm-El-Sheikh-2-e1669330135221.jpg?resize=600%2C450&ssl=1",600,450,true],"newspack-article-block-portrait-intermediate":["https:\/\/i0.wp.com\/landioustravel.com\/wp-content\/uploads\/2019\/03\/Abu-Galum-Blue-Hole-Excursion-Sharm-El-Sheikh-2-e1669330135221.jpg?resize=450%2C600&ssl=1",450,600,true],"newspack-article-block-square-intermediate":["https:\/\/i0.wp.com\/landioustravel.com\/wp-content\/uploads\/2019\/03\/Abu-Galum-Blue-Hole-Excursion-Sharm-El-Sheikh-2-e1669330135221.jpg?resize=600%2C600&ssl=1",600,600,true],"newspack-article-block-landscape-small":["https:\/\/i0.wp.com\/landioustravel.com\/wp-content\/uploads\/2019\/03\/Abu-Galum-Blue-Hole-Excursion-Sharm-El-Sheikh-2-e1669330135221.jpg?resize=400%2C300&ssl=1",400,300,true],"newspack-article-block-portrait-small":["https:\/\/i0.wp.com\/landioustravel.com\/wp-content\/uploads\/2019\/03\/Abu-Galum-Blue-Hole-Excursion-Sharm-El-Sheikh-2-e1669330135221.jpg?resize=300%2C400&ssl=1",300,400,true],"newspack-article-block-square-small":["https:\/\/i0.wp.com\/landioustravel.com\/wp-content\/uploads\/2019\/03\/Abu-Galum-Blue-Hole-Excursion-Sharm-El-Sheikh-2-e1669330135221.jpg?resize=400%2C400&ssl=1",400,400,true],"newspack-article-block-landscape-tiny":["https:\/\/i0.wp.com\/landioustravel.com\/wp-content\/uploads\/2019\/03\/Abu-Galum-Blue-Hole-Excursion-Sharm-El-Sheikh-2-e1669330135221.jpg?resize=200%2C150&ssl=1",200,150,true],"newspack-article-block-portrait-tiny":["https:\/\/i0.wp.com\/landioustravel.com\/wp-content\/uploads\/2019\/03\/Abu-Galum-Blue-Hole-Excursion-Sharm-El-Sheikh-2-e1669330135221.jpg?resize=150%2C200&ssl=1",150,200,true],"newspack-article-block-square-tiny":["https:\/\/i0.wp.com\/landioustravel.com\/wp-content\/uploads\/2019\/03\/Abu-Galum-Blue-Hole-Excursion-Sharm-El-Sheikh-2-e1669330135221.jpg?resize=200%2C200&ssl=1",200,200,true],"newspack-article-block-uncropped":["https:\/\/i0.wp.com\/landioustravel.com\/wp-content\/uploads\/2019\/03\/Abu-Galum-Blue-Hole-Excursion-Sharm-El-Sheikh-2-e1669330135221.jpg?fit=1199%2C676&ssl=1",1199,676,true],"woocommerce_thumbnail":["https:\/\/i0.wp.com\/landioustravel.com\/wp-content\/uploads\/2019\/03\/Abu-Galum-Blue-Hole-Excursion-Sharm-El-Sheikh-2-e1669330135221.jpg?resize=324%2C324&ssl=1",324,324,true],"woocommerce_single":["https:\/\/i0.wp.com\/landioustravel.com\/wp-content\/uploads\/2019\/03\/Abu-Galum-Blue-Hole-Excursion-Sharm-El-Sheikh-2-e1669330135221.jpg?fit=416%2C235&ssl=1",416,235,true],"woocommerce_gallery_thumbnail":["https:\/\/i0.wp.com\/landioustravel.com\/wp-content\/uploads\/2019\/03\/Abu-Galum-Blue-Hole-Excursion-Sharm-El-Sheikh-2-e1669330135221.jpg?resize=100%2C100&ssl=1",100,100,true]},"uagb_author_info":{"display_name":"Mofreh Landious","author_link":"https:\/\/landioustravel.com\/de\/author\/"},"uagb_comment_info":2,"uagb_excerpt":"Auf der Suche nach einem unterhaltsamen und aufschlussreichen Abenteuer? Suchen Sie nicht weiter als nach diesem fantastischen Programm, das Sie von Sharm El Sheikh nach Abu Galum und zum Blue Hole bringt! Unser Team bietet eine Vielzahl spannender Aktivit\u00e4ten, die Ihren Tag mit Sicherheit unvergesslich machen werden. Sie k\u00f6nnen die wundersch\u00f6nen Naturlandschaften der Sinai-Halbinsel erkunden,&hellip;","jetpack_sharing_enabled":true,"jetpack_likes_enabled":true,"amp_enabled":true,"_links":{"self":[{"href":"https:\/\/landioustravel.com\/de\/wp-json\/wp\/v2\/product\/2998","targetHints":{"allow":["GET"]}}],"collection":[{"href":"https:\/\/landioustravel.com\/de\/wp-json\/wp\/v2\/product"}],"about":[{"href":"https:\/\/landioustravel.com\/de\/wp-json\/wp\/v2\/types\/product"}],"replies":[{"embeddable":true,"href":"https:\/\/landioustravel.com\/de\/wp-json\/wp\/v2\/comments?post=2998"}],"wp:featuredmedia":[{"embeddable":true,"href":"https:\/\/landioustravel.com\/de\/wp-json\/wp\/v2\/media\/99522"}],"wp:attachment":[{"href":"https:\/\/landioustravel.com\/de\/wp-json\/wp\/v2\/media?parent=2998"}],"wp:term":[{"taxonomy":"product_brand","embeddable":true,"href":"https:\/\/landioustravel.com\/de\/wp-json\/wp\/v2\/product_brand?post=2998"},{"taxonomy":"product_cat","embeddable":true,"href":"https:\/\/landioustravel.com\/de\/wp-json\/wp\/v2\/product_cat?post=2998"},{"taxonomy":"product_tag","embeddable":true,"href":"https:\/\/landioustravel.com\/de\/wp-json\/wp\/v2\/product_tag?post=2998"}],"curies":[{"name":"wp","href":"https:\/\/api.w.org\/{rel}","templated":true}]}}