{"id":37095,"date":"2021-08-27T15:49:02","date_gmt":"2021-09-04T09:45:47","guid":{"rendered":"https:\/\/landioustravel.com\/?post_type=product&#038;p=37095"},"modified":"2023-06-22T06:01:13","modified_gmt":"2023-06-22T04:01:13","slug":"quad-tour-marsa-alam","status":"publish","type":"product","link":"https:\/\/landioustravel.com\/de\/shop\/quad-tour-marsa-alam\/","title":{"rendered":"Quad Tour Marsa Alam"},"content":{"rendered":"<p>Erkunden Sie die W\u00fcste mit dem Quad auf dieser aufregenden Tour ab <a href=\"https:\/\/landioustravel.com\/de\/stadt-marsa-alam\/\">Marsa Alam<\/a>. Sie haben die M\u00f6glichkeit, eine Probefahrt zu machen, den Gang einzulegen und \u00fcber die D\u00fcnen zu fahren. Lassen Sie die W\u00fcste an sich vorbeiziehen und sp\u00fcren Sie das Adrenalin durch Ihren K\u00f6rper rauschen! Sie k\u00f6nnen auch einen Kamelritt genie\u00dfen, bevor Sie durch die D\u00fcnen zum Ausgangspunkt zur\u00fcckkehren. Eine sehr aktive Reise zum Quadfahren in Marsa Alam, <a href=\"https:\/\/landioustravel.com\/de\/agypten\/\">\u00c4gypten<\/a>! Wir empfehlen den Ausflug, da er es Touristen erm\u00f6glicht, eine gute Zeit mit dem Quad zu verbringen. Au\u00dferdem wird es erm\u00f6glichen, die W\u00fcste in Marsa Alam zu entdecken und die Kultur der Beduinen kennenzulernen. Es ist ein sch\u00f6nes Erlebnis f\u00fcr eine dreist\u00fcndige Moto-Safari in Marsa Alam! ONLINE BUCHUNG QUAD TOUR MARSA ALAM UND BESTER PREIS! Diese Fahrt f\u00fchrt \u00fcber eine lange Strecke in der W\u00fcste \u2013 25 km.<\/p>\n<h2>Highlights auf der Drei-Stunden-Moto-Safari Marsa Alam<\/h2>\n<ul>\n<li>Quad Biking f\u00fcr eine Distanz von 50 km in der W\u00fcste.<\/li>\n<li>Kamelreiten in der W\u00fcste.<\/li>\n<li>Au\u00dferdem Tee trinken im Beduinenzelt.<\/li>\n<\/ul>\n<h2>Quad-Bike-Programm<\/h2>\n<ul>\n<li>Zun\u00e4chst holt Sie der Vertreter von Landious Travel gegen 08:00 Uhr vom Hotel ab.<\/li>\n<li>Zweitens, nachdem wir alle Ank\u00f6mmlinge abgeholt haben, f\u00e4hrt unser Minibus\/Jeep mit einer Quad-Bike-Basis in die W\u00fcste \u2013 Sheikh Malek liegt 25 Kilometer n\u00f6rdlich des Flughafens Marsa Alam. Der Weg zu dieser Basis dauert etwa 30 Minuten.<\/li>\n<\/ul>\n<h3 style=\"text-align: center;\">Aufw\u00e4rmen &amp; Einweisung<\/h3>\n<ul>\n<li>Dort angekommen, musst du dich im Wesentlichen fertig machen. Sie tun dies, indem Sie einen Schal um Ihren Kopf, einen Helm und eine Sonnenbrille tragen. Dann bekommen Sie einen Quad-Runner f\u00fcr eine Fahrpr\u00fcfung, bevor Sie das Abenteuer beginnen, 22 Kilometer zwischen den Bergen der \u00f6stlichen W\u00fcste zu fahren.<\/li>\n<li>Auf dem Weg zum Beduinenzelt machen Sie zwei- bis dreimal Halt, um die Beduinen zu besuchen und sich auszuruhen. Dann gibt es eine kurze Einweisung und Ausbildung.<\/li>\n<\/ul>\n<h4 style=\"text-align: center;\">Quadfahren zu den Beduinen<\/h4>\n<ul>\n<li>Als n\u00e4chstes genie\u00dfen Sie das Radfahren in Richtung des Beduinendorfes. Anschlie\u00dfend fahren Sie 25 km durch die W\u00fcste zum Beduinendorf. Sobald Sie im Beduinendorf ankommen, werden Sie auf Kamelreiten gehen. An diesem Ort k\u00f6nnen Sie mit den Beduinen fotografieren. Sp\u00e4ter haben Sie die M\u00f6glichkeit, einen Beduinentee zu erleben, einen Kamelritt zu unternehmen, bevor Sie mit Ihrem Motorrad zur\u00fcck zur Quad-Runner-Station fahren.<\/li>\n<li>Nach dem Kamelreiten begleitet Sie Ihr Guide zum Beduinenzelt. In diesem Zelt trinken Sie eine Tasse Tee. Au\u00dferdem k\u00f6nnen Sie die Leitfragen stellen, die Sie ben\u00f6tigen, um eine Antwort zu erhalten.<\/li>\n<\/ul>\n<h5 style=\"text-align: center;\">Quadfahren in Richtung Bahnhof<\/h5>\n<ul>\n<li>Wieder einmal m\u00fcssen Sie sich f\u00fcr die R\u00fcckfahrt vorbereiten. Der R\u00fcckweg ist die gleiche Distanz \u2013 25 km von der Basis entfernt. Diese Quad-Safari-Tour dauert normalerweise drei Stunden.<\/li>\n<li>Sobald Sie Ihr Abenteuer und Ihre angenehme Aktivit\u00e4t beendet haben, beginnt ein Bild- und DVD-Briefing. Vor Beginn des Quadfahrens bietet Ihnen Ihr Trainer an, einige Fotos zu machen. Nat\u00fcrlich ist es eine ausgezeichnete Gelegenheit, diese sch\u00f6nen Momente in Erinnerung zu behalten. Anschlie\u00dfend bietet Ihnen der Fotograf diese Bilder gegen Aufpreis an. Der Preis dieser Bilder variiert je nach Gr\u00f6\u00dfe. Es wird etwas optional sein. Das DVD-Briefing dauert 10 Minuten.<\/li>\n<\/ul>\n<h6 style=\"text-align: center;\">Zur\u00fcck zuhause<\/h6>\n<ul>\n<li>Schlie\u00dflich begleiten wir Sie zur\u00fcck zu Ihren Hotels in Marsa Alam.<\/li>\n<li>Diese Quad-Biking-Safari in <a href=\"https:\/\/www.google.com\/maps\/place\/Marsa+Alam,+Red+Sea+Governorate\/@25.0684112,34.8491686,13z\/data=!3m1!4b1!4m5!3m4!1s0x15b4ea245c03b81d:0x51ad8e167c79ac32!8m2!3d25.0676256!4d34.8789697\" target=\"_blank\" rel=\"noopener\">Marsa Alam<\/a> endet gegen Mittag gegen Mittag.<\/li>\n<\/ul>\n<h2>Was beinhaltet der Preis f\u00fcr die Quad Fahren Tour Marsa Alam?<\/h2>\n<ul>\n<li>Transfer in die W\u00fcste und zur\u00fcck zum Hotel.<\/li>\n<\/ul>\n<h2>Was beinhaltet das Programm der Quad Biking Tour Marsa Alam nicht?<\/h2>\n<ul>\n<li>Video-DVD.<\/li>\n<li>Auch die Foto-CD.<\/li>\n<\/ul>\n<h2>Was sollte man f\u00fcr die dreist\u00fcndige Moto-Safari-Tour mitnehmen?<\/h2>\n<ul>\n<li>Schal.<\/li>\n<li>Auch Sonnenbrillen.<\/li>\n<\/ul>\n<h2>Drei Stunden Moto Safari Marsa Alam Buchungstage<\/h2>\n<ul>\n<li>T\u00e4glich von 08:00 \u2013 12:00 Uhr.<\/li>\n<\/ul>\n","protected":false},"excerpt":{"rendered":"<p>Erleben Sie das ultimative Abenteuer in der atemberaubenden W\u00fcste von Marsa Alam mit unserer Quad-Tour! Diese aufregende dreist\u00fcndige Safari-Tour nimmt Sie mit auf eine unvergessliche Reise durch die Berge von Marsa Alam, wo Sie die M\u00f6glichkeit haben, auf einem Kamel zu reiten und die Lebensweise der Beduinen zu erkunden. Erleben Sie die unglaubliche W\u00fcstennatur \u00c4gyptens hautnah und tauchen Sie ein in die faszinierende Kultur der Beduinen.<\/p>\n<p>Sp\u00fcren Sie den Adrenalinsto\u00df, w\u00e4hrend Sie durch das raue Gel\u00e4nde rasen und dabei die atemberaubende Aussicht auf die W\u00fcste genie\u00dfen. Entdecken Sie die Geheimnisse des Beduinenvolkes und seiner Traditionen, von ihrer Heimat und ihrem Essen bis hin zu ihrer Bildung und Religion. Und vergessen Sie nicht, bei einer erfrischenden Tasse Tee neue Energie zu tanken und dabei die atemberaubende Landschaft zu bewundern.<\/p>\n<p>Unsere morgendliche Quad-Bike-W\u00fcstensafari-Route ist darauf ausgelegt, Ihnen das ultimative Abenteuererlebnis zu bieten. Sie werden von unserem freundlichen Vertreter von Ihrem Hotel abgeholt und nach Sheikh Malek gebracht \u2013 dem Treffpunkt, der nur 25 km n\u00f6rdlich des Flughafens Marsa Alam liegt. Hier k\u00f6nnen Sie eine Probefahrt mit Ihrem Quad-Runner machen, bevor Sie sich auf eine aufregende 22 km lange Fahrt durch die \u00f6stlichen W\u00fcstenberge begeben.<\/p>\n<p>Machen Sie unterwegs mehrere Stopps, um den Beduinenstamm zu besuchen und mehr \u00fcber seine faszinierende Lebensweise zu erfahren. Nippen Sie an einem traditionellen Beduinentee, unternehmen Sie einen Kamelritt und versuchen Sie sogar, Wasserpfeife zu rauchen, bevor Sie wieder auf Ihr Quad steigen und zum Bahnhof zur\u00fcckkehren. In unserem Reisepreis sind Transfers und eine k\u00f6stliche Tasse Tee enthalten, sodass Sie sich entspannt zur\u00fccklehnen und die Fahrt genie\u00dfen k\u00f6nnen. Dies ist ein unvergessliches Erlebnis, das Sie nicht verpassen sollten!<\/p>\n","protected":false},"featured_media":127617,"comment_status":"open","ping_status":"closed","template":"","meta":{"_coblocks_attr":"","_coblocks_dimensions":"","_coblocks_responsive_height":"","_coblocks_accordion_ie_support":"","_uag_custom_page_level_css":"","jetpack_post_was_ever_published":false,"jetpack_publicize_message":"","jetpack_publicize_feature_enabled":true,"jetpack_social_post_already_shared":true,"jetpack_social_options":{"image_generator_settings":{"template":"highway","default_image_id":0,"font":"","enabled":false},"version":2},"_wpas_customize_per_network":false},"product_brand":[],"product_cat":[2351,19608],"product_tag":[1653,2180,2177,2113],"class_list":{"0":"post-37095","1":"product","2":"type-product","3":"status-publish","4":"has-post-thumbnail","6":"product_cat-ausfluge-marsa-alam","7":"product_cat-safari-abenteuer-marsa-alam","8":"product_tag-ausflug","9":"product_tag-quadfahren","10":"product_tag-safari-de","11":"product_tag-wustensafari","13":"first","14":"instock","15":"sale","16":"taxable","17":"shipping-taxable","18":"purchasable","19":"product-type-variable"},"yoast_head":"<!-- This site is optimized with the Yoast SEO Premium plugin v26.9 (Yoast SEO v27.3) - https:\/\/yoast.com\/product\/yoast-seo-premium-wordpress\/ -->\n<title>Quad Tour Marsa Alam - Quadfahren - Landious Travel<\/title>\n<meta name=\"description\" content=\"Quad Tour Marsa Alam Erkunden Sie die W\u00fcste mit dem Quad auf dieser aufregenden Tour ab Marsa Alam. Sie haben die M\u00f6glichkeit, eine Probefahrt\" \/>\n<meta name=\"robots\" content=\"index, follow, max-snippet:-1, max-image-preview:large, max-video-preview:-1\" \/>\n<link rel=\"canonical\" href=\"https:\/\/landioustravel.com\/de\/shop\/quad-tour-marsa-alam\/\" \/>\n<meta property=\"og:locale\" content=\"de_DE\" \/>\n<meta property=\"og:type\" content=\"article\" \/>\n<meta property=\"og:title\" content=\"Quad Tour Marsa Alam\" \/>\n<meta property=\"og:description\" content=\"Landious Travel\" \/>\n<meta property=\"og:url\" content=\"https:\/\/landioustravel.com\/de\/shop\/quad-tour-marsa-alam\/\" \/>\n<meta property=\"og:site_name\" content=\"Landious Travel\" \/>\n<meta property=\"article:publisher\" content=\"https:\/\/web.facebook.com\/landiousEgypt\" \/>\n<meta property=\"article:modified_time\" content=\"2023-06-22T04:01:13+00:00\" \/>\n<meta property=\"og:image\" content=\"https:\/\/i0.wp.com\/landioustravel.com\/wp-content\/uploads\/2021\/08\/Quad-Biking-Trip-Marsa-Alam.jpeg?fit=900%2C600&ssl=1\" \/>\n\t<meta property=\"og:image:width\" content=\"900\" \/>\n\t<meta property=\"og:image:height\" content=\"600\" \/>\n\t<meta property=\"og:image:type\" content=\"image\/jpeg\" \/>\n<meta name=\"twitter:card\" content=\"summary_large_image\" \/>\n<meta name=\"twitter:site\" content=\"@LandiousTours\" \/>\n<meta name=\"twitter:label1\" content=\"Gesch\u00e4tzte Lesezeit\" \/>\n\t<meta name=\"twitter:data1\" content=\"3\u00a0Minuten\" \/>\n<script type=\"application\/ld+json\" class=\"yoast-schema-graph\">{\"@context\":\"https:\\\/\\\/schema.org\",\"@graph\":[{\"@type\":\"WebPage\",\"@id\":\"https:\\\/\\\/landioustravel.com\\\/de\\\/shop\\\/quad-tour-marsa-alam\\\/\",\"url\":\"https:\\\/\\\/landioustravel.com\\\/de\\\/shop\\\/quad-tour-marsa-alam\\\/\",\"name\":\"Quad Tour Marsa Alam - Quadfahren - Landious Travel\",\"isPartOf\":{\"@id\":\"https:\\\/\\\/landioustravel.com\\\/de\\\/#website\"},\"primaryImageOfPage\":{\"@id\":\"https:\\\/\\\/landioustravel.com\\\/de\\\/shop\\\/quad-tour-marsa-alam\\\/#primaryimage\"},\"image\":{\"@id\":\"https:\\\/\\\/landioustravel.com\\\/de\\\/shop\\\/quad-tour-marsa-alam\\\/#primaryimage\"},\"thumbnailUrl\":\"https:\\\/\\\/i0.wp.com\\\/landioustravel.com\\\/wp-content\\\/uploads\\\/2021\\\/08\\\/Quad-Biking-Trip-Marsa-Alam.jpeg?fit=900%2C600&ssl=1\",\"datePublished\":\"2021-09-04T09:45:47+00:00\",\"dateModified\":\"2023-06-22T04:01:13+00:00\",\"description\":\"Quad Tour Marsa Alam Erkunden Sie die W\u00fcste mit dem Quad auf dieser aufregenden Tour ab Marsa Alam. Sie haben die M\u00f6glichkeit, eine Probefahrt\",\"breadcrumb\":{\"@id\":\"https:\\\/\\\/landioustravel.com\\\/de\\\/shop\\\/quad-tour-marsa-alam\\\/#breadcrumb\"},\"inLanguage\":\"de\",\"potentialAction\":[{\"@type\":\"ReadAction\",\"target\":[\"https:\\\/\\\/landioustravel.com\\\/de\\\/shop\\\/quad-tour-marsa-alam\\\/\"]}]},{\"@type\":\"ImageObject\",\"inLanguage\":\"de\",\"@id\":\"https:\\\/\\\/landioustravel.com\\\/de\\\/shop\\\/quad-tour-marsa-alam\\\/#primaryimage\",\"url\":\"https:\\\/\\\/i0.wp.com\\\/landioustravel.com\\\/wp-content\\\/uploads\\\/2021\\\/08\\\/Quad-Biking-Trip-Marsa-Alam.jpeg?fit=900%2C600&ssl=1\",\"contentUrl\":\"https:\\\/\\\/i0.wp.com\\\/landioustravel.com\\\/wp-content\\\/uploads\\\/2021\\\/08\\\/Quad-Biking-Trip-Marsa-Alam.jpeg?fit=900%2C600&ssl=1\",\"width\":900,\"height\":600,\"caption\":\"Quad Biking Trip Marsa Alam\"},{\"@type\":\"BreadcrumbList\",\"@id\":\"https:\\\/\\\/landioustravel.com\\\/de\\\/shop\\\/quad-tour-marsa-alam\\\/#breadcrumb\",\"itemListElement\":[{\"@type\":\"ListItem\",\"position\":1,\"name\":\"Home\",\"item\":\"https:\\\/\\\/landioustravel.com\\\/de\\\/\"},{\"@type\":\"ListItem\",\"position\":2,\"name\":\"\u00c4gypten Touren\",\"item\":\"https:\\\/\\\/landioustravel.com\\\/de\\\/\"},{\"@type\":\"ListItem\",\"position\":3,\"name\":\"Quad Tour Marsa Alam\"}]},{\"@type\":\"WebSite\",\"@id\":\"https:\\\/\\\/landioustravel.com\\\/de\\\/#website\",\"url\":\"https:\\\/\\\/landioustravel.com\\\/de\\\/\",\"name\":\"Landious Travel\",\"description\":\"Excursions, trips and cruises in Egypt\",\"publisher\":{\"@id\":\"https:\\\/\\\/landioustravel.com\\\/de\\\/#organization\"},\"potentialAction\":[{\"@type\":\"SearchAction\",\"target\":{\"@type\":\"EntryPoint\",\"urlTemplate\":\"https:\\\/\\\/landioustravel.com\\\/de\\\/?s={search_term_string}\"},\"query-input\":{\"@type\":\"PropertyValueSpecification\",\"valueRequired\":true,\"valueName\":\"search_term_string\"}}],\"inLanguage\":\"de\"},{\"@type\":[\"Organization\",\"Place\"],\"@id\":\"https:\\\/\\\/landioustravel.com\\\/de\\\/#organization\",\"name\":\"Landious Travel\",\"alternateName\":\"Landious Travel\",\"url\":\"https:\\\/\\\/landioustravel.com\\\/de\\\/\",\"logo\":{\"@id\":\"https:\\\/\\\/landioustravel.com\\\/de\\\/shop\\\/quad-tour-marsa-alam\\\/#local-main-organization-logo\"},\"image\":{\"@id\":\"https:\\\/\\\/landioustravel.com\\\/de\\\/shop\\\/quad-tour-marsa-alam\\\/#local-main-organization-logo\"},\"sameAs\":[\"https:\\\/\\\/web.facebook.com\\\/landiousEgypt\",\"https:\\\/\\\/x.com\\\/LandiousTours\",\"https:\\\/\\\/mastodon.social\\\/@landious\"],\"legalName\":\"Landious Travel\",\"telephone\":[],\"openingHoursSpecification\":[{\"@type\":\"OpeningHoursSpecification\",\"dayOfWeek\":[\"Monday\",\"Tuesday\",\"Wednesday\",\"Thursday\",\"Friday\",\"Saturday\",\"Sunday\"],\"opens\":\"09:00\",\"closes\":\"17:00\"}]},{\"@type\":\"ImageObject\",\"inLanguage\":\"de\",\"@id\":\"https:\\\/\\\/landioustravel.com\\\/de\\\/shop\\\/quad-tour-marsa-alam\\\/#local-main-organization-logo\",\"url\":\"https:\\\/\\\/i0.wp.com\\\/landioustravel.com\\\/wp-content\\\/uploads\\\/2021\\\/06\\\/Landious-T.png?fit=500%2C500&ssl=1\",\"contentUrl\":\"https:\\\/\\\/i0.wp.com\\\/landioustravel.com\\\/wp-content\\\/uploads\\\/2021\\\/06\\\/Landious-T.png?fit=500%2C500&ssl=1\",\"width\":500,\"height\":500,\"caption\":\"Landious Travel\"}]}<\/script>\n<!-- \/ Yoast SEO Premium plugin. -->","yoast_head_json":{"title":"Quad Tour Marsa Alam - Quadfahren - Landious Travel","description":"Quad Tour Marsa Alam Erkunden Sie die W\u00fcste mit dem Quad auf dieser aufregenden Tour ab Marsa Alam. Sie haben die M\u00f6glichkeit, eine Probefahrt","robots":{"index":"index","follow":"follow","max-snippet":"max-snippet:-1","max-image-preview":"max-image-preview:large","max-video-preview":"max-video-preview:-1"},"canonical":"https:\/\/landioustravel.com\/de\/shop\/quad-tour-marsa-alam\/","og_locale":"de_DE","og_type":"article","og_title":"Quad Tour Marsa Alam","og_description":"Landious Travel","og_url":"https:\/\/landioustravel.com\/de\/shop\/quad-tour-marsa-alam\/","og_site_name":"Landious Travel","article_publisher":"https:\/\/web.facebook.com\/landiousEgypt","article_modified_time":"2023-06-22T04:01:13+00:00","og_image":[{"width":900,"height":600,"url":"https:\/\/i0.wp.com\/landioustravel.com\/wp-content\/uploads\/2021\/08\/Quad-Biking-Trip-Marsa-Alam.jpeg?fit=900%2C600&ssl=1","type":"image\/jpeg"}],"twitter_card":"summary_large_image","twitter_site":"@LandiousTours","twitter_misc":{"Gesch\u00e4tzte Lesezeit":"3\u00a0Minuten"},"schema":{"@context":"https:\/\/schema.org","@graph":[{"@type":"WebPage","@id":"https:\/\/landioustravel.com\/de\/shop\/quad-tour-marsa-alam\/","url":"https:\/\/landioustravel.com\/de\/shop\/quad-tour-marsa-alam\/","name":"Quad Tour Marsa Alam - Quadfahren - Landious Travel","isPartOf":{"@id":"https:\/\/landioustravel.com\/de\/#website"},"primaryImageOfPage":{"@id":"https:\/\/landioustravel.com\/de\/shop\/quad-tour-marsa-alam\/#primaryimage"},"image":{"@id":"https:\/\/landioustravel.com\/de\/shop\/quad-tour-marsa-alam\/#primaryimage"},"thumbnailUrl":"https:\/\/i0.wp.com\/landioustravel.com\/wp-content\/uploads\/2021\/08\/Quad-Biking-Trip-Marsa-Alam.jpeg?fit=900%2C600&ssl=1","datePublished":"2021-09-04T09:45:47+00:00","dateModified":"2023-06-22T04:01:13+00:00","description":"Quad Tour Marsa Alam Erkunden Sie die W\u00fcste mit dem Quad auf dieser aufregenden Tour ab Marsa Alam. Sie haben die M\u00f6glichkeit, eine Probefahrt","breadcrumb":{"@id":"https:\/\/landioustravel.com\/de\/shop\/quad-tour-marsa-alam\/#breadcrumb"},"inLanguage":"de","potentialAction":[{"@type":"ReadAction","target":["https:\/\/landioustravel.com\/de\/shop\/quad-tour-marsa-alam\/"]}]},{"@type":"ImageObject","inLanguage":"de","@id":"https:\/\/landioustravel.com\/de\/shop\/quad-tour-marsa-alam\/#primaryimage","url":"https:\/\/i0.wp.com\/landioustravel.com\/wp-content\/uploads\/2021\/08\/Quad-Biking-Trip-Marsa-Alam.jpeg?fit=900%2C600&ssl=1","contentUrl":"https:\/\/i0.wp.com\/landioustravel.com\/wp-content\/uploads\/2021\/08\/Quad-Biking-Trip-Marsa-Alam.jpeg?fit=900%2C600&ssl=1","width":900,"height":600,"caption":"Quad Biking Trip Marsa Alam"},{"@type":"BreadcrumbList","@id":"https:\/\/landioustravel.com\/de\/shop\/quad-tour-marsa-alam\/#breadcrumb","itemListElement":[{"@type":"ListItem","position":1,"name":"Home","item":"https:\/\/landioustravel.com\/de\/"},{"@type":"ListItem","position":2,"name":"\u00c4gypten Touren","item":"https:\/\/landioustravel.com\/de\/"},{"@type":"ListItem","position":3,"name":"Quad Tour Marsa Alam"}]},{"@type":"WebSite","@id":"https:\/\/landioustravel.com\/de\/#website","url":"https:\/\/landioustravel.com\/de\/","name":"Landious Travel","description":"Excursions, trips and cruises in Egypt","publisher":{"@id":"https:\/\/landioustravel.com\/de\/#organization"},"potentialAction":[{"@type":"SearchAction","target":{"@type":"EntryPoint","urlTemplate":"https:\/\/landioustravel.com\/de\/?s={search_term_string}"},"query-input":{"@type":"PropertyValueSpecification","valueRequired":true,"valueName":"search_term_string"}}],"inLanguage":"de"},{"@type":["Organization","Place"],"@id":"https:\/\/landioustravel.com\/de\/#organization","name":"Landious Travel","alternateName":"Landious Travel","url":"https:\/\/landioustravel.com\/de\/","logo":{"@id":"https:\/\/landioustravel.com\/de\/shop\/quad-tour-marsa-alam\/#local-main-organization-logo"},"image":{"@id":"https:\/\/landioustravel.com\/de\/shop\/quad-tour-marsa-alam\/#local-main-organization-logo"},"sameAs":["https:\/\/web.facebook.com\/landiousEgypt","https:\/\/x.com\/LandiousTours","https:\/\/mastodon.social\/@landious"],"legalName":"Landious Travel","telephone":[],"openingHoursSpecification":[{"@type":"OpeningHoursSpecification","dayOfWeek":["Monday","Tuesday","Wednesday","Thursday","Friday","Saturday","Sunday"],"opens":"09:00","closes":"17:00"}]},{"@type":"ImageObject","inLanguage":"de","@id":"https:\/\/landioustravel.com\/de\/shop\/quad-tour-marsa-alam\/#local-main-organization-logo","url":"https:\/\/i0.wp.com\/landioustravel.com\/wp-content\/uploads\/2021\/06\/Landious-T.png?fit=500%2C500&ssl=1","contentUrl":"https:\/\/i0.wp.com\/landioustravel.com\/wp-content\/uploads\/2021\/06\/Landious-T.png?fit=500%2C500&ssl=1","width":500,"height":500,"caption":"Landious Travel"}]}},"jetpack_publicize_connections":[],"uagb_featured_image_src":{"full":["https:\/\/i0.wp.com\/landioustravel.com\/wp-content\/uploads\/2021\/08\/Quad-Biking-Trip-Marsa-Alam.jpeg?fit=900%2C600&ssl=1",900,600,false],"thumbnail":["https:\/\/i0.wp.com\/landioustravel.com\/wp-content\/uploads\/2021\/08\/Quad-Biking-Trip-Marsa-Alam.jpeg?resize=150%2C150&ssl=1",150,150,true],"medium":["https:\/\/i0.wp.com\/landioustravel.com\/wp-content\/uploads\/2021\/08\/Quad-Biking-Trip-Marsa-Alam.jpeg?fit=300%2C200&ssl=1",300,200,true],"medium_large":["https:\/\/i0.wp.com\/landioustravel.com\/wp-content\/uploads\/2021\/08\/Quad-Biking-Trip-Marsa-Alam.jpeg?fit=768%2C512&ssl=1",768,512,true],"large":["https:\/\/i0.wp.com\/landioustravel.com\/wp-content\/uploads\/2021\/08\/Quad-Biking-Trip-Marsa-Alam.jpeg?fit=900%2C600&ssl=1",900,600,true],"1536x1536":["https:\/\/i0.wp.com\/landioustravel.com\/wp-content\/uploads\/2021\/08\/Quad-Biking-Trip-Marsa-Alam.jpeg?fit=900%2C600&ssl=1",900,600,true],"2048x2048":["https:\/\/i0.wp.com\/landioustravel.com\/wp-content\/uploads\/2021\/08\/Quad-Biking-Trip-Marsa-Alam.jpeg?fit=900%2C600&ssl=1",900,600,true],"newspack-article-block-landscape-large":["https:\/\/i0.wp.com\/landioustravel.com\/wp-content\/uploads\/2021\/08\/Quad-Biking-Trip-Marsa-Alam.jpeg?resize=900%2C600&ssl=1",900,600,true],"newspack-article-block-portrait-large":["https:\/\/i0.wp.com\/landioustravel.com\/wp-content\/uploads\/2021\/08\/Quad-Biking-Trip-Marsa-Alam.jpeg?resize=900%2C600&ssl=1",900,600,true],"newspack-article-block-square-large":["https:\/\/i0.wp.com\/landioustravel.com\/wp-content\/uploads\/2021\/08\/Quad-Biking-Trip-Marsa-Alam.jpeg?resize=900%2C600&ssl=1",900,600,true],"newspack-article-block-landscape-medium":["https:\/\/i0.wp.com\/landioustravel.com\/wp-content\/uploads\/2021\/08\/Quad-Biking-Trip-Marsa-Alam.jpeg?resize=800%2C600&ssl=1",800,600,true],"newspack-article-block-portrait-medium":["https:\/\/i0.wp.com\/landioustravel.com\/wp-content\/uploads\/2021\/08\/Quad-Biking-Trip-Marsa-Alam.jpeg?resize=600%2C600&ssl=1",600,600,true],"newspack-article-block-square-medium":["https:\/\/i0.wp.com\/landioustravel.com\/wp-content\/uploads\/2021\/08\/Quad-Biking-Trip-Marsa-Alam.jpeg?resize=800%2C600&ssl=1",800,600,true],"newspack-article-block-landscape-intermediate":["https:\/\/i0.wp.com\/landioustravel.com\/wp-content\/uploads\/2021\/08\/Quad-Biking-Trip-Marsa-Alam.jpeg?resize=600%2C450&ssl=1",600,450,true],"newspack-article-block-portrait-intermediate":["https:\/\/i0.wp.com\/landioustravel.com\/wp-content\/uploads\/2021\/08\/Quad-Biking-Trip-Marsa-Alam.jpeg?resize=450%2C600&ssl=1",450,600,true],"newspack-article-block-square-intermediate":["https:\/\/i0.wp.com\/landioustravel.com\/wp-content\/uploads\/2021\/08\/Quad-Biking-Trip-Marsa-Alam.jpeg?resize=600%2C600&ssl=1",600,600,true],"newspack-article-block-landscape-small":["https:\/\/i0.wp.com\/landioustravel.com\/wp-content\/uploads\/2021\/08\/Quad-Biking-Trip-Marsa-Alam.jpeg?resize=400%2C300&ssl=1",400,300,true],"newspack-article-block-portrait-small":["https:\/\/i0.wp.com\/landioustravel.com\/wp-content\/uploads\/2021\/08\/Quad-Biking-Trip-Marsa-Alam.jpeg?resize=300%2C400&ssl=1",300,400,true],"newspack-article-block-square-small":["https:\/\/i0.wp.com\/landioustravel.com\/wp-content\/uploads\/2021\/08\/Quad-Biking-Trip-Marsa-Alam.jpeg?resize=400%2C400&ssl=1",400,400,true],"newspack-article-block-landscape-tiny":["https:\/\/i0.wp.com\/landioustravel.com\/wp-content\/uploads\/2021\/08\/Quad-Biking-Trip-Marsa-Alam.jpeg?resize=200%2C150&ssl=1",200,150,true],"newspack-article-block-portrait-tiny":["https:\/\/i0.wp.com\/landioustravel.com\/wp-content\/uploads\/2021\/08\/Quad-Biking-Trip-Marsa-Alam.jpeg?resize=150%2C200&ssl=1",150,200,true],"newspack-article-block-square-tiny":["https:\/\/i0.wp.com\/landioustravel.com\/wp-content\/uploads\/2021\/08\/Quad-Biking-Trip-Marsa-Alam.jpeg?resize=200%2C200&ssl=1",200,200,true],"newspack-article-block-uncropped":["https:\/\/i0.wp.com\/landioustravel.com\/wp-content\/uploads\/2021\/08\/Quad-Biking-Trip-Marsa-Alam.jpeg?fit=900%2C600&ssl=1",900,600,true],"woocommerce_thumbnail":["https:\/\/i0.wp.com\/landioustravel.com\/wp-content\/uploads\/2021\/08\/Quad-Biking-Trip-Marsa-Alam.jpeg?resize=324%2C324&ssl=1",324,324,true],"woocommerce_single":["https:\/\/i0.wp.com\/landioustravel.com\/wp-content\/uploads\/2021\/08\/Quad-Biking-Trip-Marsa-Alam.jpeg?fit=416%2C277&ssl=1",416,277,true],"woocommerce_gallery_thumbnail":["https:\/\/i0.wp.com\/landioustravel.com\/wp-content\/uploads\/2021\/08\/Quad-Biking-Trip-Marsa-Alam.jpeg?resize=100%2C100&ssl=1",100,100,true]},"uagb_author_info":{"display_name":"Mofreh Landious","author_link":"https:\/\/landioustravel.com\/de\/author\/"},"uagb_comment_info":0,"uagb_excerpt":"Erleben Sie das ultimative Abenteuer in der atemberaubenden W\u00fcste von Marsa Alam mit unserer Quad-Tour! Diese aufregende dreist\u00fcndige Safari-Tour nimmt Sie mit auf eine unvergessliche Reise durch die Berge von Marsa Alam, wo Sie die M\u00f6glichkeit haben, auf einem Kamel zu reiten und die Lebensweise der Beduinen zu erkunden. Erleben Sie die unglaubliche W\u00fcstennatur \u00c4gyptens&hellip;","jetpack_sharing_enabled":true,"jetpack_likes_enabled":true,"amp_enabled":true,"_links":{"self":[{"href":"https:\/\/landioustravel.com\/de\/wp-json\/wp\/v2\/product\/37095","targetHints":{"allow":["GET"]}}],"collection":[{"href":"https:\/\/landioustravel.com\/de\/wp-json\/wp\/v2\/product"}],"about":[{"href":"https:\/\/landioustravel.com\/de\/wp-json\/wp\/v2\/types\/product"}],"replies":[{"embeddable":true,"href":"https:\/\/landioustravel.com\/de\/wp-json\/wp\/v2\/comments?post=37095"}],"wp:featuredmedia":[{"embeddable":true,"href":"https:\/\/landioustravel.com\/de\/wp-json\/wp\/v2\/media\/127617"}],"wp:attachment":[{"href":"https:\/\/landioustravel.com\/de\/wp-json\/wp\/v2\/media?parent=37095"}],"wp:term":[{"taxonomy":"product_brand","embeddable":true,"href":"https:\/\/landioustravel.com\/de\/wp-json\/wp\/v2\/product_brand?post=37095"},{"taxonomy":"product_cat","embeddable":true,"href":"https:\/\/landioustravel.com\/de\/wp-json\/wp\/v2\/product_cat?post=37095"},{"taxonomy":"product_tag","embeddable":true,"href":"https:\/\/landioustravel.com\/de\/wp-json\/wp\/v2\/product_tag?post=37095"}],"curies":[{"name":"wp","href":"https:\/\/api.w.org\/{rel}","templated":true}]}}