{"id":37098,"date":"2021-03-14T03:57:18","date_gmt":"2021-09-04T11:05:50","guid":{"rendered":"https:\/\/landioustravel.com\/?post_type=product&#038;p=37098"},"modified":"2021-09-04T13:05:51","modified_gmt":"2021-09-04T11:05:51","slug":"halb-u-boot-tour-hurghada","status":"publish","type":"product","link":"https:\/\/landioustravel.com\/de\/shop\/halb-u-boot-tour-hurghada\/","title":{"rendered":"Halb U Boot Tour Hurghada"},"content":{"rendered":"<p>ONLINE BUCHUNG HALB-U-BOOT TOUR HURGHADA UND BESTER PREIS! Es ist eine bevorzugte Seefahrt auf einem modernen Halb-U-Boot in <a href=\"https:\/\/landioustravel.com\/de\/hurghada-stadt\/\">Hurghada<\/a>, <a href=\"https:\/\/landioustravel.com\/de\/agypten\/\">\u00c4gypten<\/a>! Wir k\u00f6nnen die Reise w\u00e4rmstens empfehlen, da sie normalerweise Touristen jeden Alters erm\u00f6glicht, eine gute Zeit auf See zu verbringen und eifrig Korallenriffe und viele Fische zu beobachten. Und auch, es erm\u00f6glicht Ihnen, ein Meerespicknick durch das Rote Meer herzhaft zu genie\u00dfen. Es wird fr\u00f6hlich sein, die <a href=\"https:\/\/landioustravel.com\/de\/agypten\/meeresinseln\/giftun-inseln\/\">Giftun-Inseln<\/a> zu sehen \u2013 eine der <a href=\"https:\/\/landioustravel.com\/de\/agypten\/meeresinseln\/\">Inseln des Roten Meeres<\/a>! Zweifellos bietet diese gef\u00fchrte Tour Ihnen und der ganzen Familie Spa\u00df und Unterhaltung.<\/p>\n<h2>Highlights auf der Halb-U-Boot-Tour Hurghada<\/h2>\n<ul>\n<li>Seepicknick \u00fcber dem Roten Meer.<\/li>\n<li>Beobachtung der Unterwasserwelt an Bord eines Halb-U-Bootes.<\/li>\n<li>Schnorcheln im offenen Meer mit Masken und Flossen.<\/li>\n<li>Sehen Sie die B\u00f6schungen in Hurghada (Marina Boulevard).<\/li>\n<li>Kommen Sie au\u00dferdem zum Hafen, und erfahren Sie, wie Segler Yachten und Boote bauen.<\/li>\n<li>Dann die Besichtigung der gro\u00dfartigsten Moschee in Hurghada.<\/li>\n<li>Danach Besuch der Obst- und Fischm\u00e4rkte.<\/li>\n<li>Die Reise beinhaltet einen Besuch der orthodoxen Kirche.<\/li>\n<li>Schlie\u00dflich Einkaufen in der \u00d6lfabrik und der Souvenirhalle.<\/li>\n<\/ul>\n<h2>Programm der Halb-U-Boot-Tour<\/h2>\n<ul>\n<li>Zu Beginn holt Sie der Vertreter von <a href=\"https:\/\/landioustravel.com\/de\/uber-uns\/\" target=\"_blank\" rel=\"noopener\">Landious Travel<\/a> gegen 10:00 Uhr von Ihrem Hotel ab.<\/li>\n<\/ul>\n<h2 style=\"text-align: center;\">Panoramablick \u00fcber Hurghada<\/h2>\n<ul>\n<li>Zu Beginn machen Sie einen Panorama-\u00dcberblick \u00fcber Hurghada. Es erm\u00f6glicht Ihnen, ein fantastisches Panorama auf das Rote Meer zu genie\u00dfen. Folglich wird Ihr Guide darin Informationen \u00fcber die vielf\u00e4ltigen Gebiete in Hurghada geben.<\/li>\n<\/ul>\n<h4 style=\"text-align: center;\">Saqqala-Gebiet<\/h4>\n<ul>\n<li>Nach diesem Panoramablick auf Hurghada fahren Sie entlang der bekannten Sheraton Street und sehen die Altstadt \u2013 Sakkala.<\/li>\n<li>Als n\u00e4chstes besuchen Sie innerhalb der Grenzen von Sakkala die grasbewachsenen B\u00f6schungen des Marina Boulevard. An diesem attraktiven Ort, an dem Sie viele Boote, Luxusyachten und Caf\u00e9s sorgf\u00e4ltig inspizieren werden.<\/li>\n<\/ul>\n<h5 style=\"text-align: center;\">Segeln an Bord des Halb-U-Bootes<\/h5>\n<ul>\n<li>Zu Beginn der Segelfahrt machen Sie ein Picknick am Roten Meer.<\/li>\n<li>Als n\u00e4chstes werden Sie in die untere Etage des Halb-U-Bootes gehen. Dort k\u00f6nnen Sie Platz nehmen und etwa 45 Minuten lang Fische und Korallenriffe beobachten.<\/li>\n<li>Au\u00dferdem wird das Halb-U-Boot auf offener See Halt machen. So k\u00f6nnen Sie etwa 45 Minuten im offenen Meer schwimmen.<\/li>\n<li>Auf dem R\u00fcckweg zum Hafen haben Sie die M\u00f6glichkeit, Korallenriffe und Fische zu sehen.<\/li>\n<\/ul>\n<h6 style=\"text-align: center;\">Altstadtf\u00fchrung<\/h6>\n<ul>\n<li>Anschlie\u00dfend geht es zum nahegelegenen Fischmarkt. Es ist ein lokaler Markt, auf dem Fischer Fisch verkaufen. Auf diesem Markt haben Sie die M\u00f6glichkeit, die lokalen Fischer zu treffen. Au\u00dferdem werden Sie einen Blick auf die zahlreichen Fische werfen, die sie an das Publikum verkaufen. Historisch gesehen ist es ein Teil der \u00e4ltesten Hafenstadt in Hurghada.<\/li>\n<li>Danach geht es weiter zur El-Mina-Moschee. Sie ist die gr\u00f6\u00dfte Moschee in Hurghada. Die El-Mina-Moschee steht mit ihren zwei hoch aufragenden Minaretten im Vordergrund.<\/li>\n<li>Schlie\u00dflich sehen Sie den alten Hafen. Es ist eine Werft, in der Arbeiter Boote und Yachten bauen.<\/li>\n<\/ul>\n<h6 style=\"text-align: center;\">Mittagessen in einem Fischrestaurant<\/h6>\n<ul>\n<li>Nachdem Sie diese sch\u00f6ne Tour in der Altstadt beendet haben, begeben Sie sich zum Fischrestaurant. Nat\u00fcrlich genie\u00dfen Sie ein k\u00f6stliches Mittagessen und schmecken den gekochten Fisch des Roten Meeres.<\/li>\n<\/ul>\n<h6 style=\"text-align: center;\">Dahar-Gebiet<\/h6>\n<ul>\n<li>Sobald Ihr Besuch in der Altstadt endet, fahren Sie in das moderne Viertel von Dahar.<\/li>\n<li>In Dahar besuchen Sie die koptisch-orthodoxe Kirche, die bis dahin die Kirche der Heiligen Maria hei\u00dft. Es ist die bekannteste Kirche in Hurghada, wo Christen zum Gebet gehen. Die Marienkirche ist 100 Jahre alt.<\/li>\n<\/ul>\n<h6 style=\"text-align: center;\">Das Einkaufen<\/h6>\n<ul>\n<li>Vor dem Ende dieser fantastischen Rundtour in Hurghada besuchen Sie die \u00d6lfabrik und die Souvenirhalle.<\/li>\n<\/ul>\n<h6 style=\"text-align: center;\">Zur\u00fcck zuhause<\/h6>\n<ul>\n<li>Schlie\u00dflich begleiten wir Sie zur\u00fcck zu Ihren Hotels.<\/li>\n<li>Diese Stadtrundfahrt durch Hurghada mit einem Halb-U-Boot-Segel an Bord endet gegen 18:00 Uhr.<\/li>\n<\/ul>\n<h2>Was beinhaltet der Preis der Halb-U-Boot-Tour Hurghada?<\/h2>\n<ul>\n<li>Transfer zum Aquarium und zur\u00fcck zum Hotel.<\/li>\n<li>Auch Eintrittskarten.<\/li>\n<\/ul>\n<h2>Was beinhaltet das Programm der Halb-U-Boot-Exkursion Hurghada nicht?<\/h2>\n<ul>\n<li>Video-DVD.<\/li>\n<li>Auch die Foto-CD.<\/li>\n<\/ul>\n<h2>Was nehmen Sie f\u00fcr die Reise mit?<\/h2>\n<ul>\n<li>Sonnenbrille.<\/li>\n<li>Toi<\/li>\n<\/ul>\n<h2>Halb-U-Boot-Sightseeing-Tour Hurghada Buchungstage<\/h2>\n<ul>\n<li>T\u00e4glich von 14:00 \u2013 20:00 Uhr.<\/li>\n<\/ul>\n<h2>Informationen \u00fcber Hurghada<\/h2>\n<h3>Gr\u00fcndung von Hurghada<\/h3>\n<p><a href=\"https:\/\/www.google.com\/maps\/place\/Hurghada,+Red+Sea+Governorate\/@27.1922261,33.5015195,10z\/data=!3m1!4b1!4m5!3m4!1s0x145287b2cd3dbbb3:0x2db807f98bd3c360!8m2!3d27.2578957!4d33.8116067\" target=\"_blank\" rel=\"noopener\">Hurghada<\/a> ist eine der St\u00e4dte im <a href=\"https:\/\/landioustravel.com\/de\/agypten\/aegyptische-staedte\/bahr-ahmar-gouvernement\/\">Gouvernement Al-Bahr Al-Ahmar<\/a> an der K\u00fcste des Roten Meeres. Die \u00c4gypter bauten Anfang des 20. Jahrhunderts die heutige Stadt Hurghada. Bis vor kurzem war es ein kleines Fischerdorf mit einer bescheidenen Bev\u00f6lkerung. Seit dem 19. Jahrhundert haben \u00e4gyptische und ausl\u00e4ndische Investoren die Stadt kontinuierlich vergr\u00f6\u00dfert. Daher wurde es zum f\u00fchrenden K\u00fcstenort am Roten Meer. Unbestreitbar f\u00f6rderte die Entdeckung von \u00d6l in diesem Gebiet im Jahr 1913 seine rasante Entwicklung. Der Export der eigentlichen Produktion begann jedoch erst 1921 unter britischen \u00d6lmagnaten.<\/p>\n","protected":false},"excerpt":{"rendered":"<p>Eine wundervolle Seefahrt auf einem zweist\u00f6ckigen Halb-U-Boot in Hurghada! Die Tour erm\u00f6glicht es Ihnen, die herrlichen Riffe und bunten Fische des Roten Meeres an Bord eines Halb-U-Bootes zu sehen. Das Boot selbst schwimmt auf der Wasseroberfl\u00e4che, w\u00e4hrend sein Boden bis zu einer Tiefe von 4 Metern unter Wasser geht. Durch die gro\u00dfen, breiten Fenster k\u00f6nnen Sie das Rote Meer bewundern. Sie k\u00f6nnen das Rote Meer bewundern \u2013 das Unterdeck ist mit halben Meter Panoramafenstern ausgestattet, um die Unterwasserwelt zu beobachten. Das Programm beinhaltet ausnahmslos Schwimmen und Schnorcheln mit Maske und Flossen im offenen Meer.<\/p>\n","protected":false},"featured_media":53288,"comment_status":"open","ping_status":"closed","template":"","meta":{"_coblocks_attr":"","_coblocks_dimensions":"","_coblocks_responsive_height":"","_coblocks_accordion_ie_support":"","_uag_custom_page_level_css":"","jetpack_post_was_ever_published":false,"jetpack_publicize_message":"","jetpack_publicize_feature_enabled":true,"jetpack_social_post_already_shared":true,"jetpack_social_options":{"image_generator_settings":{"template":"highway","default_image_id":0,"font":"","enabled":false},"version":2},"_wpas_customize_per_network":false},"product_brand":[],"product_cat":[22097,20167,8563,1598],"product_tag":[1653,1844,1774,1777,2110],"class_list":{"0":"post-37098","1":"product","2":"type-product","3":"status-publish","4":"has-post-thumbnail","6":"product_cat-hurghada-familienausfluege","7":"product_cat-hurghada-private-stadtrundfahrten","8":"product_cat-individuelle-ausfluege-hurghada","9":"product_cat-stadtrundfahrten-hurghada","10":"product_tag-ausflug","11":"product_tag-bootsausfluge","12":"product_tag-hurghada-de","13":"product_tag-meer","14":"product_tag-stadtrundfahrt","15":"pa_age-erwachsene","16":"pa_age-kind-1-4-jahre","17":"pa_age-kind-5-11-jahre","19":"first","20":"instock","21":"sale","22":"taxable","23":"shipping-taxable","24":"purchasable","25":"product-type-variable"},"yoast_head":"<!-- This site is optimized with the Yoast SEO Premium plugin v26.9 (Yoast SEO v27.3) - https:\/\/yoast.com\/product\/yoast-seo-premium-wordpress\/ -->\n<title>Halb U Boot Tour Hurghada - Sehensw\u00fcrdigkeiten - Landious Travel<\/title>\n<meta name=\"description\" content=\"Halb U Boot Tour Hurghada Wir k\u00f6nnen die Reise w\u00e4rmstens empfehlen, da sie normalerweise Touristen jeden Alters erm\u00f6glicht, eine gute Zeit auf\" \/>\n<meta name=\"robots\" content=\"index, follow, max-snippet:-1, max-image-preview:large, max-video-preview:-1\" \/>\n<link rel=\"canonical\" href=\"https:\/\/landioustravel.com\/de\/shop\/halb-u-boot-tour-hurghada\/\" \/>\n<meta property=\"og:locale\" content=\"de_DE\" \/>\n<meta property=\"og:type\" content=\"article\" \/>\n<meta property=\"og:title\" content=\"Halb U Boot Tour Hurghada\" \/>\n<meta property=\"og:description\" content=\"Landious Travel\" \/>\n<meta property=\"og:url\" content=\"https:\/\/landioustravel.com\/de\/shop\/halb-u-boot-tour-hurghada\/\" \/>\n<meta property=\"og:site_name\" content=\"Landious Travel\" \/>\n<meta property=\"article:publisher\" content=\"https:\/\/web.facebook.com\/landiousEgypt\" \/>\n<meta property=\"article:modified_time\" content=\"2021-09-04T11:05:51+00:00\" \/>\n<meta property=\"og:image\" content=\"https:\/\/i0.wp.com\/landioustravel.com\/wp-content\/uploads\/2021\/03\/Semi-Submarine-Trip-Hurghada-e1623681169122.jpg?fit=1200%2C675&ssl=1\" \/>\n\t<meta property=\"og:image:width\" content=\"1200\" \/>\n\t<meta property=\"og:image:height\" content=\"675\" \/>\n\t<meta property=\"og:image:type\" content=\"image\/jpeg\" \/>\n<meta name=\"twitter:card\" content=\"summary_large_image\" \/>\n<meta name=\"twitter:site\" content=\"@LandiousTours\" \/>\n<meta name=\"twitter:label1\" content=\"Gesch\u00e4tzte Lesezeit\" \/>\n\t<meta name=\"twitter:data1\" content=\"4\u00a0Minuten\" \/>\n<script type=\"application\/ld+json\" class=\"yoast-schema-graph\">{\"@context\":\"https:\\\/\\\/schema.org\",\"@graph\":[{\"@type\":\"WebPage\",\"@id\":\"https:\\\/\\\/landioustravel.com\\\/de\\\/shop\\\/halb-u-boot-tour-hurghada\\\/\",\"url\":\"https:\\\/\\\/landioustravel.com\\\/de\\\/shop\\\/halb-u-boot-tour-hurghada\\\/\",\"name\":\"Halb U Boot Tour Hurghada - Sehensw\u00fcrdigkeiten - Landious Travel\",\"isPartOf\":{\"@id\":\"https:\\\/\\\/landioustravel.com\\\/de\\\/#website\"},\"primaryImageOfPage\":{\"@id\":\"https:\\\/\\\/landioustravel.com\\\/de\\\/shop\\\/halb-u-boot-tour-hurghada\\\/#primaryimage\"},\"image\":{\"@id\":\"https:\\\/\\\/landioustravel.com\\\/de\\\/shop\\\/halb-u-boot-tour-hurghada\\\/#primaryimage\"},\"thumbnailUrl\":\"https:\\\/\\\/i0.wp.com\\\/landioustravel.com\\\/wp-content\\\/uploads\\\/2021\\\/03\\\/Semi-Submarine-Trip-Hurghada-e1623681169122.jpg?fit=1200%2C675&ssl=1\",\"datePublished\":\"2021-09-04T11:05:50+00:00\",\"dateModified\":\"2021-09-04T11:05:51+00:00\",\"description\":\"Halb U Boot Tour Hurghada Wir k\u00f6nnen die Reise w\u00e4rmstens empfehlen, da sie normalerweise Touristen jeden Alters erm\u00f6glicht, eine gute Zeit auf\",\"breadcrumb\":{\"@id\":\"https:\\\/\\\/landioustravel.com\\\/de\\\/shop\\\/halb-u-boot-tour-hurghada\\\/#breadcrumb\"},\"inLanguage\":\"de\",\"potentialAction\":[{\"@type\":\"ReadAction\",\"target\":[\"https:\\\/\\\/landioustravel.com\\\/de\\\/shop\\\/halb-u-boot-tour-hurghada\\\/\"]}]},{\"@type\":\"ImageObject\",\"inLanguage\":\"de\",\"@id\":\"https:\\\/\\\/landioustravel.com\\\/de\\\/shop\\\/halb-u-boot-tour-hurghada\\\/#primaryimage\",\"url\":\"https:\\\/\\\/i0.wp.com\\\/landioustravel.com\\\/wp-content\\\/uploads\\\/2021\\\/03\\\/Semi-Submarine-Trip-Hurghada-e1623681169122.jpg?fit=1200%2C675&ssl=1\",\"contentUrl\":\"https:\\\/\\\/i0.wp.com\\\/landioustravel.com\\\/wp-content\\\/uploads\\\/2021\\\/03\\\/Semi-Submarine-Trip-Hurghada-e1623681169122.jpg?fit=1200%2C675&ssl=1\",\"width\":1200,\"height\":675,\"caption\":\"Semi Submarine Trip Hurghada\"},{\"@type\":\"BreadcrumbList\",\"@id\":\"https:\\\/\\\/landioustravel.com\\\/de\\\/shop\\\/halb-u-boot-tour-hurghada\\\/#breadcrumb\",\"itemListElement\":[{\"@type\":\"ListItem\",\"position\":1,\"name\":\"Home\",\"item\":\"https:\\\/\\\/landioustravel.com\\\/de\\\/\"},{\"@type\":\"ListItem\",\"position\":2,\"name\":\"\u00c4gypten Touren\",\"item\":\"https:\\\/\\\/landioustravel.com\\\/de\\\/\"},{\"@type\":\"ListItem\",\"position\":3,\"name\":\"Halb U Boot Tour Hurghada\"}]},{\"@type\":\"WebSite\",\"@id\":\"https:\\\/\\\/landioustravel.com\\\/de\\\/#website\",\"url\":\"https:\\\/\\\/landioustravel.com\\\/de\\\/\",\"name\":\"Landious Travel\",\"description\":\"Excursions, trips and cruises in Egypt\",\"publisher\":{\"@id\":\"https:\\\/\\\/landioustravel.com\\\/de\\\/#organization\"},\"potentialAction\":[{\"@type\":\"SearchAction\",\"target\":{\"@type\":\"EntryPoint\",\"urlTemplate\":\"https:\\\/\\\/landioustravel.com\\\/de\\\/?s={search_term_string}\"},\"query-input\":{\"@type\":\"PropertyValueSpecification\",\"valueRequired\":true,\"valueName\":\"search_term_string\"}}],\"inLanguage\":\"de\"},{\"@type\":[\"Organization\",\"Place\"],\"@id\":\"https:\\\/\\\/landioustravel.com\\\/de\\\/#organization\",\"name\":\"Landious Travel\",\"alternateName\":\"Landious Travel\",\"url\":\"https:\\\/\\\/landioustravel.com\\\/de\\\/\",\"logo\":{\"@id\":\"https:\\\/\\\/landioustravel.com\\\/de\\\/shop\\\/halb-u-boot-tour-hurghada\\\/#local-main-organization-logo\"},\"image\":{\"@id\":\"https:\\\/\\\/landioustravel.com\\\/de\\\/shop\\\/halb-u-boot-tour-hurghada\\\/#local-main-organization-logo\"},\"sameAs\":[\"https:\\\/\\\/web.facebook.com\\\/landiousEgypt\",\"https:\\\/\\\/x.com\\\/LandiousTours\",\"https:\\\/\\\/mastodon.social\\\/@landious\"],\"legalName\":\"Landious Travel\",\"telephone\":[],\"openingHoursSpecification\":[{\"@type\":\"OpeningHoursSpecification\",\"dayOfWeek\":[\"Monday\",\"Tuesday\",\"Wednesday\",\"Thursday\",\"Friday\",\"Saturday\",\"Sunday\"],\"opens\":\"09:00\",\"closes\":\"17:00\"}]},{\"@type\":\"ImageObject\",\"inLanguage\":\"de\",\"@id\":\"https:\\\/\\\/landioustravel.com\\\/de\\\/shop\\\/halb-u-boot-tour-hurghada\\\/#local-main-organization-logo\",\"url\":\"https:\\\/\\\/i0.wp.com\\\/landioustravel.com\\\/wp-content\\\/uploads\\\/2021\\\/06\\\/Landious-T.png?fit=500%2C500&ssl=1\",\"contentUrl\":\"https:\\\/\\\/i0.wp.com\\\/landioustravel.com\\\/wp-content\\\/uploads\\\/2021\\\/06\\\/Landious-T.png?fit=500%2C500&ssl=1\",\"width\":500,\"height\":500,\"caption\":\"Landious Travel\"}]}<\/script>\n<!-- \/ Yoast SEO Premium plugin. -->","yoast_head_json":{"title":"Halb U Boot Tour Hurghada - Sehensw\u00fcrdigkeiten - Landious Travel","description":"Halb U Boot Tour Hurghada Wir k\u00f6nnen die Reise w\u00e4rmstens empfehlen, da sie normalerweise Touristen jeden Alters erm\u00f6glicht, eine gute Zeit auf","robots":{"index":"index","follow":"follow","max-snippet":"max-snippet:-1","max-image-preview":"max-image-preview:large","max-video-preview":"max-video-preview:-1"},"canonical":"https:\/\/landioustravel.com\/de\/shop\/halb-u-boot-tour-hurghada\/","og_locale":"de_DE","og_type":"article","og_title":"Halb U Boot Tour Hurghada","og_description":"Landious Travel","og_url":"https:\/\/landioustravel.com\/de\/shop\/halb-u-boot-tour-hurghada\/","og_site_name":"Landious Travel","article_publisher":"https:\/\/web.facebook.com\/landiousEgypt","article_modified_time":"2021-09-04T11:05:51+00:00","og_image":[{"width":1200,"height":675,"url":"https:\/\/i0.wp.com\/landioustravel.com\/wp-content\/uploads\/2021\/03\/Semi-Submarine-Trip-Hurghada-e1623681169122.jpg?fit=1200%2C675&ssl=1","type":"image\/jpeg"}],"twitter_card":"summary_large_image","twitter_site":"@LandiousTours","twitter_misc":{"Gesch\u00e4tzte Lesezeit":"4\u00a0Minuten"},"schema":{"@context":"https:\/\/schema.org","@graph":[{"@type":"WebPage","@id":"https:\/\/landioustravel.com\/de\/shop\/halb-u-boot-tour-hurghada\/","url":"https:\/\/landioustravel.com\/de\/shop\/halb-u-boot-tour-hurghada\/","name":"Halb U Boot Tour Hurghada - Sehensw\u00fcrdigkeiten - Landious Travel","isPartOf":{"@id":"https:\/\/landioustravel.com\/de\/#website"},"primaryImageOfPage":{"@id":"https:\/\/landioustravel.com\/de\/shop\/halb-u-boot-tour-hurghada\/#primaryimage"},"image":{"@id":"https:\/\/landioustravel.com\/de\/shop\/halb-u-boot-tour-hurghada\/#primaryimage"},"thumbnailUrl":"https:\/\/i0.wp.com\/landioustravel.com\/wp-content\/uploads\/2021\/03\/Semi-Submarine-Trip-Hurghada-e1623681169122.jpg?fit=1200%2C675&ssl=1","datePublished":"2021-09-04T11:05:50+00:00","dateModified":"2021-09-04T11:05:51+00:00","description":"Halb U Boot Tour Hurghada Wir k\u00f6nnen die Reise w\u00e4rmstens empfehlen, da sie normalerweise Touristen jeden Alters erm\u00f6glicht, eine gute Zeit auf","breadcrumb":{"@id":"https:\/\/landioustravel.com\/de\/shop\/halb-u-boot-tour-hurghada\/#breadcrumb"},"inLanguage":"de","potentialAction":[{"@type":"ReadAction","target":["https:\/\/landioustravel.com\/de\/shop\/halb-u-boot-tour-hurghada\/"]}]},{"@type":"ImageObject","inLanguage":"de","@id":"https:\/\/landioustravel.com\/de\/shop\/halb-u-boot-tour-hurghada\/#primaryimage","url":"https:\/\/i0.wp.com\/landioustravel.com\/wp-content\/uploads\/2021\/03\/Semi-Submarine-Trip-Hurghada-e1623681169122.jpg?fit=1200%2C675&ssl=1","contentUrl":"https:\/\/i0.wp.com\/landioustravel.com\/wp-content\/uploads\/2021\/03\/Semi-Submarine-Trip-Hurghada-e1623681169122.jpg?fit=1200%2C675&ssl=1","width":1200,"height":675,"caption":"Semi Submarine Trip Hurghada"},{"@type":"BreadcrumbList","@id":"https:\/\/landioustravel.com\/de\/shop\/halb-u-boot-tour-hurghada\/#breadcrumb","itemListElement":[{"@type":"ListItem","position":1,"name":"Home","item":"https:\/\/landioustravel.com\/de\/"},{"@type":"ListItem","position":2,"name":"\u00c4gypten Touren","item":"https:\/\/landioustravel.com\/de\/"},{"@type":"ListItem","position":3,"name":"Halb U Boot Tour Hurghada"}]},{"@type":"WebSite","@id":"https:\/\/landioustravel.com\/de\/#website","url":"https:\/\/landioustravel.com\/de\/","name":"Landious Travel","description":"Excursions, trips and cruises in Egypt","publisher":{"@id":"https:\/\/landioustravel.com\/de\/#organization"},"potentialAction":[{"@type":"SearchAction","target":{"@type":"EntryPoint","urlTemplate":"https:\/\/landioustravel.com\/de\/?s={search_term_string}"},"query-input":{"@type":"PropertyValueSpecification","valueRequired":true,"valueName":"search_term_string"}}],"inLanguage":"de"},{"@type":["Organization","Place"],"@id":"https:\/\/landioustravel.com\/de\/#organization","name":"Landious Travel","alternateName":"Landious Travel","url":"https:\/\/landioustravel.com\/de\/","logo":{"@id":"https:\/\/landioustravel.com\/de\/shop\/halb-u-boot-tour-hurghada\/#local-main-organization-logo"},"image":{"@id":"https:\/\/landioustravel.com\/de\/shop\/halb-u-boot-tour-hurghada\/#local-main-organization-logo"},"sameAs":["https:\/\/web.facebook.com\/landiousEgypt","https:\/\/x.com\/LandiousTours","https:\/\/mastodon.social\/@landious"],"legalName":"Landious Travel","telephone":[],"openingHoursSpecification":[{"@type":"OpeningHoursSpecification","dayOfWeek":["Monday","Tuesday","Wednesday","Thursday","Friday","Saturday","Sunday"],"opens":"09:00","closes":"17:00"}]},{"@type":"ImageObject","inLanguage":"de","@id":"https:\/\/landioustravel.com\/de\/shop\/halb-u-boot-tour-hurghada\/#local-main-organization-logo","url":"https:\/\/i0.wp.com\/landioustravel.com\/wp-content\/uploads\/2021\/06\/Landious-T.png?fit=500%2C500&ssl=1","contentUrl":"https:\/\/i0.wp.com\/landioustravel.com\/wp-content\/uploads\/2021\/06\/Landious-T.png?fit=500%2C500&ssl=1","width":500,"height":500,"caption":"Landious Travel"}]}},"jetpack_publicize_connections":[],"uagb_featured_image_src":{"full":["https:\/\/i0.wp.com\/landioustravel.com\/wp-content\/uploads\/2021\/03\/Semi-Submarine-Trip-Hurghada-e1623681169122.jpg?fit=1200%2C675&ssl=1",1200,675,false],"thumbnail":["https:\/\/i0.wp.com\/landioustravel.com\/wp-content\/uploads\/2021\/03\/Semi-Submarine-Trip-Hurghada-e1623681169122.jpg?resize=150%2C150&ssl=1",150,150,true],"medium":["https:\/\/i0.wp.com\/landioustravel.com\/wp-content\/uploads\/2021\/03\/Semi-Submarine-Trip-Hurghada-e1623681169122.jpg?fit=300%2C169&ssl=1",300,169,true],"medium_large":["https:\/\/i0.wp.com\/landioustravel.com\/wp-content\/uploads\/2021\/03\/Semi-Submarine-Trip-Hurghada-e1623681169122.jpg?fit=768%2C432&ssl=1",768,432,true],"large":["https:\/\/i0.wp.com\/landioustravel.com\/wp-content\/uploads\/2021\/03\/Semi-Submarine-Trip-Hurghada-e1623681169122.jpg?fit=980%2C551&ssl=1",980,551,true],"1536x1536":["https:\/\/i0.wp.com\/landioustravel.com\/wp-content\/uploads\/2021\/03\/Semi-Submarine-Trip-Hurghada-e1623681169122.jpg?fit=1200%2C675&ssl=1",1200,675,true],"2048x2048":["https:\/\/i0.wp.com\/landioustravel.com\/wp-content\/uploads\/2021\/03\/Semi-Submarine-Trip-Hurghada-e1623681169122.jpg?fit=1200%2C675&ssl=1",1200,675,true],"newspack-article-block-landscape-large":["https:\/\/i0.wp.com\/landioustravel.com\/wp-content\/uploads\/2021\/03\/Semi-Submarine-Trip-Hurghada-e1623681169122.jpg?resize=1200%2C675&ssl=1",1200,675,true],"newspack-article-block-portrait-large":["https:\/\/i0.wp.com\/landioustravel.com\/wp-content\/uploads\/2021\/03\/Semi-Submarine-Trip-Hurghada-e1623681169122.jpg?resize=900%2C675&ssl=1",900,675,true],"newspack-article-block-square-large":["https:\/\/i0.wp.com\/landioustravel.com\/wp-content\/uploads\/2021\/03\/Semi-Submarine-Trip-Hurghada-e1623681169122.jpg?resize=1200%2C675&ssl=1",1200,675,true],"newspack-article-block-landscape-medium":["https:\/\/i0.wp.com\/landioustravel.com\/wp-content\/uploads\/2021\/03\/Semi-Submarine-Trip-Hurghada-e1623681169122.jpg?resize=800%2C600&ssl=1",800,600,true],"newspack-article-block-portrait-medium":["https:\/\/i0.wp.com\/landioustravel.com\/wp-content\/uploads\/2021\/03\/Semi-Submarine-Trip-Hurghada-e1623681169122.jpg?resize=600%2C675&ssl=1",600,675,true],"newspack-article-block-square-medium":["https:\/\/i0.wp.com\/landioustravel.com\/wp-content\/uploads\/2021\/03\/Semi-Submarine-Trip-Hurghada-e1623681169122.jpg?resize=800%2C675&ssl=1",800,675,true],"newspack-article-block-landscape-intermediate":["https:\/\/i0.wp.com\/landioustravel.com\/wp-content\/uploads\/2021\/03\/Semi-Submarine-Trip-Hurghada-e1623681169122.jpg?resize=600%2C450&ssl=1",600,450,true],"newspack-article-block-portrait-intermediate":["https:\/\/i0.wp.com\/landioustravel.com\/wp-content\/uploads\/2021\/03\/Semi-Submarine-Trip-Hurghada-e1623681169122.jpg?resize=450%2C600&ssl=1",450,600,true],"newspack-article-block-square-intermediate":["https:\/\/i0.wp.com\/landioustravel.com\/wp-content\/uploads\/2021\/03\/Semi-Submarine-Trip-Hurghada-e1623681169122.jpg?resize=600%2C600&ssl=1",600,600,true],"newspack-article-block-landscape-small":["https:\/\/i0.wp.com\/landioustravel.com\/wp-content\/uploads\/2021\/03\/Semi-Submarine-Trip-Hurghada-e1623681169122.jpg?resize=400%2C300&ssl=1",400,300,true],"newspack-article-block-portrait-small":["https:\/\/i0.wp.com\/landioustravel.com\/wp-content\/uploads\/2021\/03\/Semi-Submarine-Trip-Hurghada-e1623681169122.jpg?resize=300%2C400&ssl=1",300,400,true],"newspack-article-block-square-small":["https:\/\/i0.wp.com\/landioustravel.com\/wp-content\/uploads\/2021\/03\/Semi-Submarine-Trip-Hurghada-e1623681169122.jpg?resize=400%2C400&ssl=1",400,400,true],"newspack-article-block-landscape-tiny":["https:\/\/i0.wp.com\/landioustravel.com\/wp-content\/uploads\/2021\/03\/Semi-Submarine-Trip-Hurghada-e1623681169122.jpg?resize=200%2C150&ssl=1",200,150,true],"newspack-article-block-portrait-tiny":["https:\/\/i0.wp.com\/landioustravel.com\/wp-content\/uploads\/2021\/03\/Semi-Submarine-Trip-Hurghada-e1623681169122.jpg?resize=150%2C200&ssl=1",150,200,true],"newspack-article-block-square-tiny":["https:\/\/i0.wp.com\/landioustravel.com\/wp-content\/uploads\/2021\/03\/Semi-Submarine-Trip-Hurghada-e1623681169122.jpg?resize=200%2C200&ssl=1",200,200,true],"newspack-article-block-uncropped":["https:\/\/i0.wp.com\/landioustravel.com\/wp-content\/uploads\/2021\/03\/Semi-Submarine-Trip-Hurghada-e1623681169122.jpg?fit=1200%2C675&ssl=1",1200,675,true],"woocommerce_thumbnail":["https:\/\/i0.wp.com\/landioustravel.com\/wp-content\/uploads\/2021\/03\/Semi-Submarine-Trip-Hurghada-e1623681169122.jpg?resize=324%2C324&ssl=1",324,324,true],"woocommerce_single":["https:\/\/i0.wp.com\/landioustravel.com\/wp-content\/uploads\/2021\/03\/Semi-Submarine-Trip-Hurghada-e1623681169122.jpg?fit=416%2C234&ssl=1",416,234,true],"woocommerce_gallery_thumbnail":["https:\/\/i0.wp.com\/landioustravel.com\/wp-content\/uploads\/2021\/03\/Semi-Submarine-Trip-Hurghada-e1623681169122.jpg?resize=100%2C100&ssl=1",100,100,true]},"uagb_author_info":{"display_name":"Mofreh Landious","author_link":"https:\/\/landioustravel.com\/de\/author\/"},"uagb_comment_info":0,"uagb_excerpt":"Eine wundervolle Seefahrt auf einem zweist\u00f6ckigen Halb-U-Boot in Hurghada! Die Tour erm\u00f6glicht es Ihnen, die herrlichen Riffe und bunten Fische des Roten Meeres an Bord eines Halb-U-Bootes zu sehen. Das Boot selbst schwimmt auf der Wasseroberfl\u00e4che, w\u00e4hrend sein Boden bis zu einer Tiefe von 4 Metern unter Wasser geht. Durch die gro\u00dfen, breiten Fenster k\u00f6nnen&hellip;","jetpack_sharing_enabled":true,"jetpack_likes_enabled":true,"amp_enabled":true,"_links":{"self":[{"href":"https:\/\/landioustravel.com\/de\/wp-json\/wp\/v2\/product\/37098","targetHints":{"allow":["GET"]}}],"collection":[{"href":"https:\/\/landioustravel.com\/de\/wp-json\/wp\/v2\/product"}],"about":[{"href":"https:\/\/landioustravel.com\/de\/wp-json\/wp\/v2\/types\/product"}],"replies":[{"embeddable":true,"href":"https:\/\/landioustravel.com\/de\/wp-json\/wp\/v2\/comments?post=37098"}],"wp:featuredmedia":[{"embeddable":true,"href":"https:\/\/landioustravel.com\/de\/wp-json\/wp\/v2\/media\/53288"}],"wp:attachment":[{"href":"https:\/\/landioustravel.com\/de\/wp-json\/wp\/v2\/media?parent=37098"}],"wp:term":[{"taxonomy":"product_brand","embeddable":true,"href":"https:\/\/landioustravel.com\/de\/wp-json\/wp\/v2\/product_brand?post=37098"},{"taxonomy":"product_cat","embeddable":true,"href":"https:\/\/landioustravel.com\/de\/wp-json\/wp\/v2\/product_cat?post=37098"},{"taxonomy":"product_tag","embeddable":true,"href":"https:\/\/landioustravel.com\/de\/wp-json\/wp\/v2\/product_tag?post=37098"}],"curies":[{"name":"wp","href":"https:\/\/api.w.org\/{rel}","templated":true}]}}