{"id":37103,"date":"2021-03-09T20:09:23","date_gmt":"2021-09-04T18:57:32","guid":{"rendered":"https:\/\/landioustravel.com\/?post_type=product&#038;p=37103"},"modified":"2024-02-28T19:17:29","modified_gmt":"2024-02-28T17:17:29","slug":"grand-aquarium-rundtour-hurghada","status":"publish","type":"product","link":"https:\/\/landioustravel.com\/de\/shop\/grand-aquarium-rundtour-hurghada\/","title":{"rendered":"Grand Aquarium Rundtour Hurghada"},"content":{"rendered":"<p>Ein faszinierender, unterhaltsamer Ausflug zum Riesenaquarium in <a href=\"https:\/\/landioustravel.com\/de\/hurghada-stadt\/\">Hurghada<\/a> \u2013 Grand Aquarium! Grunds\u00e4tzlich empfehlen wir die Reise, da sie es Touristen erm\u00f6glicht, das gr\u00f6\u00dfte Aquarium <a href=\"https:\/\/landioustravel.com\/de\/agypten\/\">\u00c4gyptens<\/a> zu sehen. Au\u00dferdem hat dieser Ort einen kleinen Zoo, der im Inneren existiert! In der Tat wird diese Tour Ihnen und der ganzen Familie Spa\u00df und Unterhaltung bieten. ONLINE BUCHUNG GRAND AQUARIUM RUNDTOUR HURGHADA UND BESTER PREIS!<\/p>\n<h2>H\u00f6hepunkte der Grand Aquarium Rundtour Hurghada<\/h2>\n<ul>\n<li>Die Orientierung des Aquariums und Zoos mit einem professionellen Guide.<\/li>\n<li>Kostenlose F\u00fchrung im Grand Aquarium.<\/li>\n<li>Und ein Foto von Meeresbewohnern und Tieren machen.<\/li>\n<li>Sehen Sie die B\u00f6schungen in Hurghada (Marina Boulevard).<\/li>\n<li>Besuchen Sie auch den Hafen und machen Sie sich ein Bild davon, wie Segler Yachten und Boote herstellen.<\/li>\n<li>Dann die Besichtigung der gr\u00f6\u00dften Moschee in Hurghada.<\/li>\n<li>Danach beobachten Sie die Obst- und Fischm\u00e4rkte.<\/li>\n<li>Die Reise beinhaltet einen Besuch der orthodoxen Kirche.<\/li>\n<li>Schlie\u00dflich Einkaufen in der \u00d6lfabrik und der Souvenirhalle.<\/li>\n<\/ul>\n<h2>Programm der Reise zum Grand Aquarium<\/h2>\n<ul>\n<li>Zu Beginn holt Sie der Vertreter von Landious Travel gegen 10:00 Uhr von Ihrem Hotel ab.<\/li>\n<\/ul>\n<h3 style=\"text-align: center;\">Besuch des Grand Aquarium<\/h3>\n<ul>\n<li>Zweitens, nachdem alle Ank\u00f6mmlinge abgeholt wurden, f\u00e4hrt der Bus zum Grand Aquarium. Es dauert ungef\u00e4hr 20 Minuten, um zu diesem Ort zu gelangen.<\/li>\n<li>Sobald Sie im Aquarium angekommen sind, zeigt Ihnen Ihr Guide die verschiedenen Bereiche des Grand Aquarium.<\/li>\n<li>Dann haben Sie eine kostenlose Tour, um fast zwei Stunden lang alle Abschnitte des Grand Aquarium zu sehen.<\/li>\n<li>Es ist erw\u00e4hnenswert, dass es an diesem Ort sechs Abschnitte sowie ein Restaurant und ein Caf\u00e9 gibt. Folgendes ist ein Hinweis auf diese Abschnitte:<\/li>\n<\/ul>\n<ol>\n<li>Der erste Abschnitt ist der afrikanische Regenwald.<\/li>\n<li>Der zweite Abschnitt ist das Meerwasseraquarium.<\/li>\n<li>Und der dritte Abschnitt ist ein S\u00fc\u00dfwasseraquarium.<\/li>\n<li>Der vierte Abschnitt ist Zoo.<\/li>\n<li>Und der f\u00fcnfte Abschnitt ist das Biologische Museum.<\/li>\n<li>Auch der sechste Abschnitt ist das arabische Zelt.<\/li>\n<\/ol>\n<h2 style=\"text-align: left;\">Panoramablick \u00fcber Hurghada<\/h2>\n<ul>\n<li>Sobald Ihr Besuch im Grand Aquarium endet, werden Sie die verschiedenen Bereiche von Hurghada besuchen.<\/li>\n<li>Zuerst machen Sie einen Panorama-\u00dcberblick \u00fcber Hurghada. Es erm\u00f6glicht Ihnen, ein fantastisches Panorama auf das Rote Meer zu genie\u00dfen. Daher wird Ihr Guide an dieser Stelle Informationen \u00fcber die verschiedenen Bereiche in Hurghada geben.<\/li>\n<\/ul>\n<h3 style=\"text-align: center;\">Saqqala-Gebiet<\/h3>\n<ul>\n<li>Nach diesem Panoramablick auf Hurghada fahren Sie die Sheraton Street entlang und sehen die Altstadt \u2013 Sakkala.<\/li>\n<li>Dann besuchen Sie in Sakkala die B\u00f6schungen \u2013 den Marina Boulevard. Es ist ein wundersch\u00f6ner Ort, an dem Sie viele Boote, Yachten und Caf\u00e9s sehen werden.<\/li>\n<li>Anschlie\u00dfend geht es zum nahegelegenen Fischmarkt. Es ist ein lokaler Markt, auf dem Fischer Fisch verkaufen. Auf diesem Markt haben Sie die M\u00f6glichkeit, die lokalen Fischer zu treffen. Au\u00dferdem werden Sie einen Blick auf die verschiedenen Fische werfen, die sie an das Publikum verkaufen. Historisch gesehen ist es ein Teil der \u00e4ltesten Hafenstadt in Hurghada.<\/li>\n<li>Danach geht es weiter zur El-Mina-Moschee. Sie ist die gr\u00f6\u00dfte Moschee in Hurghada. Die El-Mina-Moschee steht mit ihren zwei hoch aufragenden Minaretten im Vordergrund.<\/li>\n<li>Schlie\u00dflich sehen Sie den alten Hafen. Es ist eine Werft, in der Arbeiter Boote und Yachten bauen.<\/li>\n<\/ul>\n<h4 style=\"text-align: center;\">Dahar-Gebiet<\/h4>\n<ul>\n<li>Sobald Ihr Besuch in der Altstadt endet, fahren Sie in das moderne Viertel von Dahar.<\/li>\n<li>In Dahar besuchen Sie die koptisch-orthodoxe Kirche, die bis dahin die Kirche der Heiligen Maria hei\u00dft. Es ist die gr\u00f6\u00dfte Kirche in Hurghada, wo Christen zum Gebet gehen. Die Marienkirche ist 100 Jahre alt.<\/li>\n<\/ul>\n<h5 style=\"text-align: center;\">Das Einkaufen<\/h5>\n<ul>\n<li>Vor dem Ende dieser fantastischen Rundtour in Hurghada besuchen Sie die \u00d6lfabrik und die Souvenirhalle.<\/li>\n<\/ul>\n<h6 style=\"text-align: center;\">Zur\u00fcck zuhause<\/h6>\n<ul>\n<li>Schlie\u00dflich begleiten wir Sie zur\u00fcck zu Ihren Hotels.<\/li>\n<li>Diese Stadtrundfahrt durch Hurghada mit Besuch des Grand Aquarium endet gegen 18:00 Uhr.<\/li>\n<\/ul>\n<h2>Was beinhaltet der Preis der Grand Aquarium Tour Hurghada?<\/h2>\n<ul>\n<li>Transfer zum Aquarium und zur\u00fcck zum Hotel.<\/li>\n<li>Auch Eintrittskarten.<\/li>\n<\/ul>\n<h2>Was beinhaltet das Programm des Grand Aquarium Rundtour Hurghada nicht?<\/h2>\n<ul>\n<li>Video-DVD.<\/li>\n<li>Auch die Foto-CD.<\/li>\n<\/ul>\n<h2>Was nehmen Sie f\u00fcr die Reise mit?<\/h2>\n<ul>\n<li>Sonnenbrille<\/li>\n<\/ul>\n<h2>Grand Aquarium Stadtrundfahrt Hurghada Buchungstage<\/h2>\n<ul>\n<li>T\u00e4glich von 14:00 \u2013 20:00 Uhr.<\/li>\n<\/ul>\n<h2>Informationen zur Stadtrundfahrt in Hurghada<\/h2>\n<h3>Gr\u00fcndung von Hurghada<\/h3>\n<p><a href=\"https:\/\/www.google.com\/maps\/place\/Hurghada,+Red+Sea+Governorate\/@27.1922261,33.5015195,10z\/data=!3m1!4b1!4m5!3m4!1s0x145287b2cd3dbbb3:0x2db807f98bd3c360!8m2!3d27.2578957!4d33.8116067\" target=\"_blank\" rel=\"noopener\">Hurghada<\/a> ist eine der St\u00e4dte im <a href=\"https:\/\/landioustravel.com\/de\/agypten\/aegyptische-staedte\/bahr-ahmar-gouvernement\/\">Gouvernement Al-Bahr Al-Ahmar<\/a> an der K\u00fcste des Roten Meeres. Die \u00c4gypter bauten Anfang des 20. Jahrhunderts die heutige Stadt Hurghada. Bis vor kurzem war es ein kleines Fischerdorf mit einer kleinen Bev\u00f6lkerung. Seit dem 19. Jahrhundert haben \u00e4gyptische und ausl\u00e4ndische Investoren die Stadt kontinuierlich vergr\u00f6\u00dfert. Daher wurde es zum f\u00fchrenden K\u00fcstenort am Roten Meer. Tats\u00e4chlich f\u00f6rderte die Entdeckung von \u00d6l in diesem Gebiet im Jahr 1913 seine rasante Entwicklung. Die eigentliche Produktion und der Export begannen jedoch erst 1921 unter britischen \u00d6lmagnaten.<\/p>\n<h3>Gro\u00dfes Aquarium<\/h3>\n<p>Grand Aquarium ist das gr\u00f6\u00dfte Aquarium in Hurghada. Es ist nicht nur ein einfaches Aquarium, sondern ein Unterhaltungszentrum, das aus mehreren Bereichen besteht: Aquarien, Au\u00dfenbecken und einem Au\u00dfenzoo. Dieses Aquarium ist mit 3D-Effekten, Caf\u00e9s, Restaurants und einem Bildungszentrum ausgestattet.<\/p>\n","protected":false},"excerpt":{"rendered":"<p>Auf dem unterhaltsamen Ausflug Aquarium in Hurghada besuchen Sie das gr\u00f6\u00dfte Aquarium der Stadt \u2013 das Grand Aquarium. In Anbetracht dessen ist dies nicht nur ein Aquarium, sondern ein Unterhaltungszentrum, das aus mehreren Abschnitten besteht: Aquarien, Au\u00dfenpools und einem Au\u00dfenzoo. Der Ort ist mit 3D-Effekten, Caf\u00e9s, Restaurants und einem Bildungszentrum ausgestattet. Der Reisepreis beinhaltet Transfers und eine Eintrittskarte.<\/p>\n","protected":false},"featured_media":29170,"comment_status":"open","ping_status":"closed","template":"","meta":{"_coblocks_attr":"","_coblocks_dimensions":"","_coblocks_responsive_height":"","_coblocks_accordion_ie_support":"","_uag_custom_page_level_css":"","jetpack_publicize_message":"","jetpack_publicize_feature_enabled":true,"jetpack_social_post_already_shared":true,"jetpack_social_options":{"image_generator_settings":{"template":"highway","default_image_id":0,"font":"","enabled":false},"version":2},"_wpas_customize_per_network":false},"product_brand":[],"product_cat":[22097,20167,8563,1598],"product_tag":[1653,9906,1774,2110],"class_list":{"0":"post-37103","1":"product","2":"type-product","3":"status-publish","4":"has-post-thumbnail","6":"product_cat-hurghada-familienausfluege","7":"product_cat-hurghada-private-stadtrundfahrten","8":"product_cat-individuelle-ausfluege-hurghada","9":"product_cat-stadtrundfahrten-hurghada","10":"product_tag-ausflug","11":"product_tag-besichtigung","12":"product_tag-hurghada-de","13":"product_tag-stadtrundfahrt","14":"pa_age-erwachsene","15":"pa_age-kind-1-4-jahre","16":"pa_age-kind-5-11-jahre","18":"first","19":"instock","20":"sale","21":"taxable","22":"shipping-taxable","23":"purchasable","24":"product-type-variable"},"yoast_head":"<!-- This site is optimized with the Yoast SEO Premium plugin v27.5 (Yoast SEO v27.5) - https:\/\/yoast.com\/product\/yoast-seo-premium-wordpress\/ -->\n<title>Grand Aquarium Rundtour Hurghada<\/title>\n<meta name=\"description\" content=\"Grand Aquarium Rundtour Hurghada Grunds\u00e4tzlich empfehlen wir die Reise, da sie es Touristen erm\u00f6glicht, das gr\u00f6\u00dfte Aquarium \u00c4gyptens zu sehen\" \/>\n<meta name=\"robots\" content=\"index, follow, max-snippet:-1, max-image-preview:large, max-video-preview:-1\" \/>\n<link rel=\"canonical\" href=\"https:\/\/landioustravel.com\/de\/shop\/grand-aquarium-rundtour-hurghada\/\" \/>\n<meta property=\"og:locale\" content=\"de_DE\" \/>\n<meta property=\"og:type\" content=\"article\" \/>\n<meta property=\"og:title\" content=\"Grand Aquarium Rundtour Hurghada\" \/>\n<meta property=\"og:description\" content=\"Landious Travel\" \/>\n<meta property=\"og:url\" content=\"https:\/\/landioustravel.com\/de\/shop\/grand-aquarium-rundtour-hurghada\/\" \/>\n<meta property=\"og:site_name\" content=\"Landious Travel\" \/>\n<meta property=\"article:publisher\" content=\"https:\/\/web.facebook.com\/landiousEgypt\" \/>\n<meta property=\"article:modified_time\" content=\"2024-02-28T17:17:29+00:00\" \/>\n<meta property=\"og:image\" content=\"https:\/\/i0.wp.com\/landioustravel.com\/wp-content\/uploads\/2021\/03\/landious_tours_contacts5-e1615596425834.jpg?fit=1200%2C675&ssl=1\" \/>\n\t<meta property=\"og:image:width\" content=\"1200\" \/>\n\t<meta property=\"og:image:height\" content=\"675\" \/>\n\t<meta property=\"og:image:type\" content=\"image\/jpeg\" \/>\n<meta name=\"twitter:card\" content=\"summary_large_image\" \/>\n<meta name=\"twitter:site\" content=\"@LandiousTours\" \/>\n<meta name=\"twitter:label1\" content=\"Gesch\u00e4tzte Lesezeit\" \/>\n\t<meta name=\"twitter:data1\" content=\"4\u00a0Minuten\" \/>\n<script type=\"application\/ld+json\" class=\"yoast-schema-graph\">{\"@context\":\"https:\\\/\\\/schema.org\",\"@graph\":[{\"@type\":\"WebPage\",\"@id\":\"https:\\\/\\\/landioustravel.com\\\/de\\\/shop\\\/grand-aquarium-rundtour-hurghada\\\/\",\"url\":\"https:\\\/\\\/landioustravel.com\\\/de\\\/shop\\\/grand-aquarium-rundtour-hurghada\\\/\",\"name\":\"Grand Aquarium Rundtour Hurghada\",\"isPartOf\":{\"@id\":\"https:\\\/\\\/landioustravel.com\\\/de\\\/#website\"},\"primaryImageOfPage\":{\"@id\":\"https:\\\/\\\/landioustravel.com\\\/de\\\/shop\\\/grand-aquarium-rundtour-hurghada\\\/#primaryimage\"},\"image\":{\"@id\":\"https:\\\/\\\/landioustravel.com\\\/de\\\/shop\\\/grand-aquarium-rundtour-hurghada\\\/#primaryimage\"},\"thumbnailUrl\":\"https:\\\/\\\/i0.wp.com\\\/landioustravel.com\\\/wp-content\\\/uploads\\\/2021\\\/03\\\/landious_tours_contacts5-e1615596425834.jpg?fit=1200%2C675&ssl=1\",\"datePublished\":\"2021-09-04T18:57:32+00:00\",\"dateModified\":\"2024-02-28T17:17:29+00:00\",\"description\":\"Grand Aquarium Rundtour Hurghada Grunds\u00e4tzlich empfehlen wir die Reise, da sie es Touristen erm\u00f6glicht, das gr\u00f6\u00dfte Aquarium \u00c4gyptens zu sehen\",\"breadcrumb\":{\"@id\":\"https:\\\/\\\/landioustravel.com\\\/de\\\/shop\\\/grand-aquarium-rundtour-hurghada\\\/#breadcrumb\"},\"inLanguage\":\"de\",\"potentialAction\":[{\"@type\":\"ReadAction\",\"target\":[\"https:\\\/\\\/landioustravel.com\\\/de\\\/shop\\\/grand-aquarium-rundtour-hurghada\\\/\"]}]},{\"@type\":\"ImageObject\",\"inLanguage\":\"de\",\"@id\":\"https:\\\/\\\/landioustravel.com\\\/de\\\/shop\\\/grand-aquarium-rundtour-hurghada\\\/#primaryimage\",\"url\":\"https:\\\/\\\/i0.wp.com\\\/landioustravel.com\\\/wp-content\\\/uploads\\\/2021\\\/03\\\/landious_tours_contacts5-e1615596425834.jpg?fit=1200%2C675&ssl=1\",\"contentUrl\":\"https:\\\/\\\/i0.wp.com\\\/landioustravel.com\\\/wp-content\\\/uploads\\\/2021\\\/03\\\/landious_tours_contacts5-e1615596425834.jpg?fit=1200%2C675&ssl=1\",\"width\":1200,\"height\":675},{\"@type\":\"BreadcrumbList\",\"@id\":\"https:\\\/\\\/landioustravel.com\\\/de\\\/shop\\\/grand-aquarium-rundtour-hurghada\\\/#breadcrumb\",\"itemListElement\":[{\"@type\":\"ListItem\",\"position\":1,\"name\":\"Home\",\"item\":\"https:\\\/\\\/landioustravel.com\\\/de\\\/\"},{\"@type\":\"ListItem\",\"position\":2,\"name\":\"\u00c4gypten Touren\",\"item\":\"https:\\\/\\\/landioustravel.com\\\/de\\\/\"},{\"@type\":\"ListItem\",\"position\":3,\"name\":\"Grand Aquarium Rundtour Hurghada\"}]},{\"@type\":\"WebSite\",\"@id\":\"https:\\\/\\\/landioustravel.com\\\/de\\\/#website\",\"url\":\"https:\\\/\\\/landioustravel.com\\\/de\\\/\",\"name\":\"Landious Travel\",\"description\":\"Excursions, trips and cruises in Egypt\",\"publisher\":{\"@id\":\"https:\\\/\\\/landioustravel.com\\\/de\\\/#organization\"},\"potentialAction\":[{\"@type\":\"SearchAction\",\"target\":{\"@type\":\"EntryPoint\",\"urlTemplate\":\"https:\\\/\\\/landioustravel.com\\\/de\\\/?s={search_term_string}\"},\"query-input\":{\"@type\":\"PropertyValueSpecification\",\"valueRequired\":true,\"valueName\":\"search_term_string\"}}],\"inLanguage\":\"de\"},{\"@type\":[\"Organization\",\"Place\"],\"@id\":\"https:\\\/\\\/landioustravel.com\\\/de\\\/#organization\",\"name\":\"Landious Travel\",\"alternateName\":\"Landious Travel\",\"url\":\"https:\\\/\\\/landioustravel.com\\\/de\\\/\",\"logo\":{\"@id\":\"https:\\\/\\\/landioustravel.com\\\/de\\\/shop\\\/grand-aquarium-rundtour-hurghada\\\/#local-main-organization-logo\"},\"image\":{\"@id\":\"https:\\\/\\\/landioustravel.com\\\/de\\\/shop\\\/grand-aquarium-rundtour-hurghada\\\/#local-main-organization-logo\"},\"sameAs\":[\"https:\\\/\\\/web.facebook.com\\\/landiousEgypt\",\"https:\\\/\\\/x.com\\\/LandiousTours\",\"https:\\\/\\\/mastodon.social\\\/@landious\"],\"legalName\":\"Landious Travel\",\"telephone\":[],\"openingHoursSpecification\":[{\"@type\":\"OpeningHoursSpecification\",\"dayOfWeek\":[\"Monday\",\"Tuesday\",\"Wednesday\",\"Thursday\",\"Friday\",\"Saturday\",\"Sunday\"],\"opens\":\"09:00\",\"closes\":\"17:00\"}]},{\"@type\":\"ImageObject\",\"inLanguage\":\"de\",\"@id\":\"https:\\\/\\\/landioustravel.com\\\/de\\\/shop\\\/grand-aquarium-rundtour-hurghada\\\/#local-main-organization-logo\",\"url\":\"https:\\\/\\\/i0.wp.com\\\/landioustravel.com\\\/wp-content\\\/uploads\\\/2021\\\/06\\\/Landious-T.png?fit=500%2C500&ssl=1\",\"contentUrl\":\"https:\\\/\\\/i0.wp.com\\\/landioustravel.com\\\/wp-content\\\/uploads\\\/2021\\\/06\\\/Landious-T.png?fit=500%2C500&ssl=1\",\"width\":500,\"height\":500,\"caption\":\"Landious Travel\"}]}<\/script>\n<!-- \/ Yoast SEO Premium plugin. -->","yoast_head_json":{"title":"Grand Aquarium Rundtour Hurghada","description":"Grand Aquarium Rundtour Hurghada Grunds\u00e4tzlich empfehlen wir die Reise, da sie es Touristen erm\u00f6glicht, das gr\u00f6\u00dfte Aquarium \u00c4gyptens zu sehen","robots":{"index":"index","follow":"follow","max-snippet":"max-snippet:-1","max-image-preview":"max-image-preview:large","max-video-preview":"max-video-preview:-1"},"canonical":"https:\/\/landioustravel.com\/de\/shop\/grand-aquarium-rundtour-hurghada\/","og_locale":"de_DE","og_type":"article","og_title":"Grand Aquarium Rundtour Hurghada","og_description":"Landious Travel","og_url":"https:\/\/landioustravel.com\/de\/shop\/grand-aquarium-rundtour-hurghada\/","og_site_name":"Landious Travel","article_publisher":"https:\/\/web.facebook.com\/landiousEgypt","article_modified_time":"2024-02-28T17:17:29+00:00","og_image":[{"width":1200,"height":675,"url":"https:\/\/i0.wp.com\/landioustravel.com\/wp-content\/uploads\/2021\/03\/landious_tours_contacts5-e1615596425834.jpg?fit=1200%2C675&ssl=1","type":"image\/jpeg"}],"twitter_card":"summary_large_image","twitter_site":"@LandiousTours","twitter_misc":{"Gesch\u00e4tzte Lesezeit":"4\u00a0Minuten"},"schema":{"@context":"https:\/\/schema.org","@graph":[{"@type":"WebPage","@id":"https:\/\/landioustravel.com\/de\/shop\/grand-aquarium-rundtour-hurghada\/","url":"https:\/\/landioustravel.com\/de\/shop\/grand-aquarium-rundtour-hurghada\/","name":"Grand Aquarium Rundtour Hurghada","isPartOf":{"@id":"https:\/\/landioustravel.com\/de\/#website"},"primaryImageOfPage":{"@id":"https:\/\/landioustravel.com\/de\/shop\/grand-aquarium-rundtour-hurghada\/#primaryimage"},"image":{"@id":"https:\/\/landioustravel.com\/de\/shop\/grand-aquarium-rundtour-hurghada\/#primaryimage"},"thumbnailUrl":"https:\/\/i0.wp.com\/landioustravel.com\/wp-content\/uploads\/2021\/03\/landious_tours_contacts5-e1615596425834.jpg?fit=1200%2C675&ssl=1","datePublished":"2021-09-04T18:57:32+00:00","dateModified":"2024-02-28T17:17:29+00:00","description":"Grand Aquarium Rundtour Hurghada Grunds\u00e4tzlich empfehlen wir die Reise, da sie es Touristen erm\u00f6glicht, das gr\u00f6\u00dfte Aquarium \u00c4gyptens zu sehen","breadcrumb":{"@id":"https:\/\/landioustravel.com\/de\/shop\/grand-aquarium-rundtour-hurghada\/#breadcrumb"},"inLanguage":"de","potentialAction":[{"@type":"ReadAction","target":["https:\/\/landioustravel.com\/de\/shop\/grand-aquarium-rundtour-hurghada\/"]}]},{"@type":"ImageObject","inLanguage":"de","@id":"https:\/\/landioustravel.com\/de\/shop\/grand-aquarium-rundtour-hurghada\/#primaryimage","url":"https:\/\/i0.wp.com\/landioustravel.com\/wp-content\/uploads\/2021\/03\/landious_tours_contacts5-e1615596425834.jpg?fit=1200%2C675&ssl=1","contentUrl":"https:\/\/i0.wp.com\/landioustravel.com\/wp-content\/uploads\/2021\/03\/landious_tours_contacts5-e1615596425834.jpg?fit=1200%2C675&ssl=1","width":1200,"height":675},{"@type":"BreadcrumbList","@id":"https:\/\/landioustravel.com\/de\/shop\/grand-aquarium-rundtour-hurghada\/#breadcrumb","itemListElement":[{"@type":"ListItem","position":1,"name":"Home","item":"https:\/\/landioustravel.com\/de\/"},{"@type":"ListItem","position":2,"name":"\u00c4gypten Touren","item":"https:\/\/landioustravel.com\/de\/"},{"@type":"ListItem","position":3,"name":"Grand Aquarium Rundtour Hurghada"}]},{"@type":"WebSite","@id":"https:\/\/landioustravel.com\/de\/#website","url":"https:\/\/landioustravel.com\/de\/","name":"Landious Travel","description":"Excursions, trips and cruises in Egypt","publisher":{"@id":"https:\/\/landioustravel.com\/de\/#organization"},"potentialAction":[{"@type":"SearchAction","target":{"@type":"EntryPoint","urlTemplate":"https:\/\/landioustravel.com\/de\/?s={search_term_string}"},"query-input":{"@type":"PropertyValueSpecification","valueRequired":true,"valueName":"search_term_string"}}],"inLanguage":"de"},{"@type":["Organization","Place"],"@id":"https:\/\/landioustravel.com\/de\/#organization","name":"Landious Travel","alternateName":"Landious Travel","url":"https:\/\/landioustravel.com\/de\/","logo":{"@id":"https:\/\/landioustravel.com\/de\/shop\/grand-aquarium-rundtour-hurghada\/#local-main-organization-logo"},"image":{"@id":"https:\/\/landioustravel.com\/de\/shop\/grand-aquarium-rundtour-hurghada\/#local-main-organization-logo"},"sameAs":["https:\/\/web.facebook.com\/landiousEgypt","https:\/\/x.com\/LandiousTours","https:\/\/mastodon.social\/@landious"],"legalName":"Landious Travel","telephone":[],"openingHoursSpecification":[{"@type":"OpeningHoursSpecification","dayOfWeek":["Monday","Tuesday","Wednesday","Thursday","Friday","Saturday","Sunday"],"opens":"09:00","closes":"17:00"}]},{"@type":"ImageObject","inLanguage":"de","@id":"https:\/\/landioustravel.com\/de\/shop\/grand-aquarium-rundtour-hurghada\/#local-main-organization-logo","url":"https:\/\/i0.wp.com\/landioustravel.com\/wp-content\/uploads\/2021\/06\/Landious-T.png?fit=500%2C500&ssl=1","contentUrl":"https:\/\/i0.wp.com\/landioustravel.com\/wp-content\/uploads\/2021\/06\/Landious-T.png?fit=500%2C500&ssl=1","width":500,"height":500,"caption":"Landious Travel"}]}},"jetpack_publicize_connections":[],"uagb_featured_image_src":{"full":["https:\/\/i0.wp.com\/landioustravel.com\/wp-content\/uploads\/2021\/03\/landious_tours_contacts5-e1615596425834.jpg?fit=1200%2C675&ssl=1",1200,675,false],"thumbnail":["https:\/\/i0.wp.com\/landioustravel.com\/wp-content\/uploads\/2021\/03\/landious_tours_contacts5-e1615596425834.jpg?resize=150%2C150&ssl=1",150,150,true],"medium":["https:\/\/i0.wp.com\/landioustravel.com\/wp-content\/uploads\/2021\/03\/landious_tours_contacts5-e1615596425834.jpg?fit=300%2C225&ssl=1",300,225,true],"medium_large":["https:\/\/i0.wp.com\/landioustravel.com\/wp-content\/uploads\/2021\/03\/landious_tours_contacts5-e1615596425834.jpg?fit=768%2C576&ssl=1",768,576,true],"large":["https:\/\/i0.wp.com\/landioustravel.com\/wp-content\/uploads\/2021\/03\/landious_tours_contacts5-e1615596425834.jpg?fit=980%2C735&ssl=1",980,735,true],"1536x1536":["https:\/\/i0.wp.com\/landioustravel.com\/wp-content\/uploads\/2021\/03\/landious_tours_contacts5-e1615596425834.jpg?fit=1536%2C1152&ssl=1",1536,1152,true],"2048x2048":["https:\/\/i0.wp.com\/landioustravel.com\/wp-content\/uploads\/2021\/03\/landious_tours_contacts5-e1615596425834.jpg?fit=2048%2C1536&ssl=1",2048,1536,true],"newspack-article-block-landscape-large":["https:\/\/i0.wp.com\/landioustravel.com\/wp-content\/uploads\/2021\/03\/landious_tours_contacts5-e1615596425834.jpg?resize=1200%2C675&ssl=1",1200,900,true],"newspack-article-block-portrait-large":["https:\/\/i0.wp.com\/landioustravel.com\/wp-content\/uploads\/2021\/03\/landious_tours_contacts5-e1615596425834.jpg?resize=900%2C675&ssl=1",900,1200,true],"newspack-article-block-square-large":["https:\/\/i0.wp.com\/landioustravel.com\/wp-content\/uploads\/2021\/03\/landious_tours_contacts5-e1615596425834.jpg?resize=1200%2C675&ssl=1",1200,1200,true],"newspack-article-block-landscape-medium":["https:\/\/i0.wp.com\/landioustravel.com\/wp-content\/uploads\/2021\/03\/landious_tours_contacts5-e1615596425834.jpg?resize=800%2C600&ssl=1",800,600,true],"newspack-article-block-portrait-medium":["https:\/\/i0.wp.com\/landioustravel.com\/wp-content\/uploads\/2021\/03\/landious_tours_contacts5-e1615596425834.jpg?resize=600%2C675&ssl=1",600,800,true],"newspack-article-block-square-medium":["https:\/\/i0.wp.com\/landioustravel.com\/wp-content\/uploads\/2021\/03\/landious_tours_contacts5-e1615596425834.jpg?resize=800%2C675&ssl=1",800,800,true],"newspack-article-block-landscape-intermediate":["https:\/\/i0.wp.com\/landioustravel.com\/wp-content\/uploads\/2021\/03\/landious_tours_contacts5-e1615596425834.jpg?resize=600%2C450&ssl=1",600,450,true],"newspack-article-block-portrait-intermediate":["https:\/\/i0.wp.com\/landioustravel.com\/wp-content\/uploads\/2021\/03\/landious_tours_contacts5-e1615596425834.jpg?resize=450%2C600&ssl=1",450,600,true],"newspack-article-block-square-intermediate":["https:\/\/i0.wp.com\/landioustravel.com\/wp-content\/uploads\/2021\/03\/landious_tours_contacts5-e1615596425834.jpg?resize=600%2C600&ssl=1",600,600,true],"newspack-article-block-landscape-small":["https:\/\/i0.wp.com\/landioustravel.com\/wp-content\/uploads\/2021\/03\/landious_tours_contacts5-e1615596425834.jpg?resize=400%2C300&ssl=1",400,300,true],"newspack-article-block-portrait-small":["https:\/\/i0.wp.com\/landioustravel.com\/wp-content\/uploads\/2021\/03\/landious_tours_contacts5-e1615596425834.jpg?resize=300%2C400&ssl=1",300,400,true],"newspack-article-block-square-small":["https:\/\/i0.wp.com\/landioustravel.com\/wp-content\/uploads\/2021\/03\/landious_tours_contacts5-e1615596425834.jpg?resize=400%2C400&ssl=1",400,400,true],"newspack-article-block-landscape-tiny":["https:\/\/i0.wp.com\/landioustravel.com\/wp-content\/uploads\/2021\/03\/landious_tours_contacts5-e1615596425834.jpg?resize=200%2C150&ssl=1",200,150,true],"newspack-article-block-portrait-tiny":["https:\/\/i0.wp.com\/landioustravel.com\/wp-content\/uploads\/2021\/03\/landious_tours_contacts5-e1615596425834.jpg?resize=150%2C200&ssl=1",150,200,true],"newspack-article-block-square-tiny":["https:\/\/i0.wp.com\/landioustravel.com\/wp-content\/uploads\/2021\/03\/landious_tours_contacts5-e1615596425834.jpg?resize=200%2C200&ssl=1",200,200,true],"newspack-article-block-uncropped":["https:\/\/i0.wp.com\/landioustravel.com\/wp-content\/uploads\/2021\/03\/landious_tours_contacts5-e1615596425834.jpg?fit=1200%2C900&ssl=1",1200,900,true],"woocommerce_thumbnail":["https:\/\/i0.wp.com\/landioustravel.com\/wp-content\/uploads\/2021\/03\/landious_tours_contacts5-e1615596425834.jpg?resize=324%2C324&ssl=1",324,324,true],"woocommerce_single":["https:\/\/i0.wp.com\/landioustravel.com\/wp-content\/uploads\/2021\/03\/landious_tours_contacts5-e1615596425834.jpg?fit=416%2C234&ssl=1",416,234,true],"woocommerce_gallery_thumbnail":["https:\/\/i0.wp.com\/landioustravel.com\/wp-content\/uploads\/2021\/03\/landious_tours_contacts5-e1615596425834.jpg?resize=100%2C100&ssl=1",100,100,true]},"uagb_author_info":{"display_name":"Mofreh Landious","author_link":"https:\/\/landioustravel.com\/de\/author\/"},"uagb_comment_info":1,"uagb_excerpt":"Auf dem unterhaltsamen Ausflug Aquarium in Hurghada besuchen Sie das gr\u00f6\u00dfte Aquarium der Stadt \u2013 das Grand Aquarium. In Anbetracht dessen ist dies nicht nur ein Aquarium, sondern ein Unterhaltungszentrum, das aus mehreren Abschnitten besteht: Aquarien, Au\u00dfenpools und einem Au\u00dfenzoo. Der Ort ist mit 3D-Effekten, Caf\u00e9s, Restaurants und einem Bildungszentrum ausgestattet. Der Reisepreis beinhaltet Transfers&hellip;","jetpack_sharing_enabled":true,"jetpack_likes_enabled":true,"amp_enabled":true,"_links":{"self":[{"href":"https:\/\/landioustravel.com\/de\/wp-json\/wp\/v2\/product\/37103","targetHints":{"allow":["GET"]}}],"collection":[{"href":"https:\/\/landioustravel.com\/de\/wp-json\/wp\/v2\/product"}],"about":[{"href":"https:\/\/landioustravel.com\/de\/wp-json\/wp\/v2\/types\/product"}],"replies":[{"embeddable":true,"href":"https:\/\/landioustravel.com\/de\/wp-json\/wp\/v2\/comments?post=37103"}],"wp:featuredmedia":[{"embeddable":true,"href":"https:\/\/landioustravel.com\/de\/wp-json\/wp\/v2\/media\/29170"}],"wp:attachment":[{"href":"https:\/\/landioustravel.com\/de\/wp-json\/wp\/v2\/media?parent=37103"}],"wp:term":[{"taxonomy":"product_brand","embeddable":true,"href":"https:\/\/landioustravel.com\/de\/wp-json\/wp\/v2\/product_brand?post=37103"},{"taxonomy":"product_cat","embeddable":true,"href":"https:\/\/landioustravel.com\/de\/wp-json\/wp\/v2\/product_cat?post=37103"},{"taxonomy":"product_tag","embeddable":true,"href":"https:\/\/landioustravel.com\/de\/wp-json\/wp\/v2\/product_tag?post=37103"}],"curies":[{"name":"wp","href":"https:\/\/api.w.org\/{rel}","templated":true}]}}