{"id":3863,"date":"2019-04-06T21:29:39","date_gmt":"2019-04-06T19:29:40","guid":{"rendered":"https:\/\/landioustravel.com\/?post_type=product&#038;p=3863"},"modified":"2024-09-25T20:15:10","modified_gmt":"2024-09-25T17:15:10","slug":"nachtausflug-hurghada-altes-kairo","status":"publish","type":"product","link":"https:\/\/landioustravel.com\/de\/shop\/nachtausflug-hurghada-altes-kairo\/","title":{"rendered":"Kairo \u00dcbernachtung Hurghada &#8211; Altes Kairo"},"content":{"rendered":"<p>Es ist eine wundervolle zweit\u00e4gige Reise nach <a href=\"https:\/\/landioustravel.com\/de\/agypten\/aegyptische-staedte\/gouvernement-kairo\/\">Kairo<\/a> vom Ferienort <a href=\"https:\/\/landioustravel.com\/de\/hurghada-stadt\/\">Hurghada<\/a> in <a href=\"https:\/\/landioustravel.com\/de\/agypten\/\">\u00c4gypten<\/a>! Wir empfehlen den Ausflug, da Touristen die beeindruckendsten Sehensw\u00fcrdigkeiten des alten \u00c4gypten und die Altstadt von Kairo sehen k\u00f6nnen. Hier k\u00f6nnen Sie viel \u00fcber die <a href=\"https:\/\/landioustravel.com\/de\/agypten\/geschichte-aegyptens\/\">Geschichte<\/a> des Landes lernen! ONLINE-BUCHUNG KAIRO \u00dcBERNACHTUNG HURGHADA &#8211; ALTE KAIRO UND BESTER PREIS!<\/p>\n<h2>H\u00f6hepunkte der \u00dcbernachtungsreise nach Kairo von Hurghada &#8211; Alt-Kairo<\/h2>\n<ul>\n<li>Besuchen Sie das \u00c4gyptische Museum in Kairo.<\/li>\n<li>Mittagessen.<\/li>\n<li>Besuch der drei Pyramiden in Gizeh.<\/li>\n<li>Und die Gro\u00dfe Sphinx im Pyramidenkomplex.<\/li>\n<li>Eine Nacht in einem Hotel.<\/li>\n<li>Besuch der Altstadt von Kairo mit einem Zwischenstopp in Khan El-Khalili.<\/li>\n<li>Ebenfalls; auch die Zitadelle von Saladin.<\/li>\n<\/ul>\n<h3>Programm des zweit\u00e4gigen Ausfluges nach Kairo &#8211; Alt-Kairo<\/h3>\n<ul>\n<li>Der Vertreter von <a href=\"https:\/\/landioustravel.com\/de\/kontakte\/\">Landious Travel<\/a> holt Sie gegen 02:00 Uhr vom Hotel ab.<\/li>\n<li>Nachdem Sie abgeholt wurden, f\u00e4hrt Ihr privates Fahrzeug (Limousine oder Kleinbus) nach Kairo, vorbei an den St\u00e4dten Ras Ghareb, Zafarana, Ain Sokhna und Suez. Alle diese St\u00e4dte liegen n\u00f6rdlich von Hurghada an der K\u00fcste des Roten Meeres. Die Stra\u00dfe vom Zentrum von Hurghada nach Kairo dauert etwa 6 Stunden.<\/li>\n<\/ul>\n<h4 style=\"text-align: center;\">Programm in Kairo<\/h4>\n<ul>\n<li>Sobald Sie in Kairo ankommen, zeigen wir Ihnen das \u00c4gyptische Museum. Es gibt ungef\u00e4hr 100 Ausstellungshallen im Museum, in denen es eine einzigartige Sammlung gibt, die aus ungef\u00e4hr 150.000 Gegenst\u00e4nden besteht. Ihr F\u00fchrer hat die Aufgabe, die wunderbaren Ausstellungen dieses Museums zu zeigen und Zeit zum Fotografieren zu geben.<\/li>\n<li>Nach dem Besuch des \u00c4gyptischen Museums in Kairo k\u00f6nnen Sie die Bootsfahrt auf dem Nil unternehmen. Dies ist ein zus\u00e4tzliches Programm gegen Aufpreis! Sobald die Bootsfahrt auf dem Nil endet, fahren Sie in eine andere Stadt &#8211; Gizeh.<\/li>\n<\/ul>\n<h5 style=\"text-align: center;\">Programm in Gizeh<\/h5>\n<ul>\n<li>Die Reise geht weiter in Gizeh. Die erste Station wird dort im Restaurant sein. Es bietet ein Buffet.<\/li>\n<li>Nach dem Mittagessen begeben Sie sich zum Pyramidenkomplex, wo es drei gro\u00dfartige Pyramiden und Sphinx gibt. Ihr Guide zeigt sie und gibt Ihnen Zeit zum Fotografieren.<\/li>\n<li>Die n\u00e4chste Station ist Ihr Hotel in Kairo. Dort k\u00f6nnen Sie einchecken und Ihre Nacht verbringen.<\/li>\n<\/ul>\n<h6 style=\"text-align: center;\">Programm im alten Kairo<\/h6>\n<ul>\n<li>Die erste Station des zweiten Tages ist die Zitadelle von Saladin. In dieser gro\u00dfen Zitadelle k\u00f6nnen Sie die ber\u00fchmte Moschee \u201eMohamed Ali Moschee\u201c besuchen und die Befestigungen dieses Ortes besichtigen. Wenn Sie sich in dieser Zitadelle befinden, haben Sie gleichzeitig einen Panoramablick \u00fcber die gesamte Altstadt.<\/li>\n<li>Die zweite Station ist der Bezirk Khan El-Khalili.<\/li>\n<\/ul>\n<h6 style=\"text-align: center;\">Abfahrt nach Hurghada<\/h6>\n<ul>\n<li>Schlie\u00dflich kehren Sie nach einem solchen Programm in den wundersch\u00f6nen St\u00e4dten Kairo und Gizeh nach Hurghada zur\u00fcck.<\/li>\n<li>Diese \u00dcbernachtungsreise von <a href=\"https:\/\/www.google.de\/maps\/place\/Hurghada,+Al-Bahr+al-ahmar\/@27.1922261,33.5015195,10z\/data=!3m1!4b1!4m5!3m4!1s0x145287b2cd3dbbb3:0x2db807f98bd3c360!8m2!3d27.2578957!4d33.8116067\" target=\"_blank\" rel=\"noopener\">Hurghada<\/a> &#8211; Alt-Kairo nach Kairo kommt am n\u00e4chsten Tag gegen 22:00 Uhr in Hurghada an.<\/li>\n<\/ul>\n<h4>Was beinhaltet der Preis f\u00fcr eine \u00dcbernachtung in Kairo in Hurghada &#8211; Alt-Kairo?<\/h4>\n<ul>\n<li>Tickets f\u00fcr Tempelbesuche.<\/li>\n<li>Mittagessen.<\/li>\n<li>Getr\u00e4nke.<\/li>\n<li>F\u00fchren.<\/li>\n<li>Hotelunterkunft in Kairo.<\/li>\n<li>Transfer nach Kairo und zur\u00fcck nach Hurghada.<\/li>\n<\/ul>\n<h5>Was beinhaltet das Cairo Overnight Trip Hurghada Programm nicht?<\/h5>\n<ul>\n<li>Zus\u00e4tzliche Programme, falls nicht im obigen Programm enthalten.<\/li>\n<li>Auch Getr\u00e4nke.<\/li>\n<\/ul>\n<h6>Was nehmen Sie f\u00fcr die Reise mit?<\/h6>\n<ul>\n<li>Reisepass.<\/li>\n<li>Fr\u00fchst\u00fccksbox.<\/li>\n<li>Auch Kleidung f\u00fcr die Saison.<\/li>\n<\/ul>\n<h6>\u00dcbernachtung in Kairo Hurghada &#8211; Old Cairo Buchungstage<\/h6>\n<ul>\n<li>Montag von 02:00 bis 22:00 Uhr am n\u00e4chsten Tag.<\/li>\n<li>Dienstag von 02:00 bis 22:00 Uhr am n\u00e4chsten Tag.<\/li>\n<li>Mittwoch von 02:00 bis 22:00 Uhr am n\u00e4chsten Tag.<\/li>\n<li>Samstag von 02:00 bis 22:00 Uhr am n\u00e4chsten Tag.<\/li>\n<li>Auch Sonntag von 02:00 bis 22:00 Uhr am n\u00e4chsten Tag.<\/li>\n<\/ul>\n","protected":false},"excerpt":{"rendered":"<p>Sind Sie auf der Suche nach einer unvergesslichen Reise ab Hurghada, um die Wunder Kairos zu erkunden? Wir verstehen, dass Reisen \u00fcberw\u00e4ltigend sein kann, aber wir sind hier, um Ihnen dabei zu helfen, Ihre Reise reibungslos und angenehm zu gestalten. Unser zweit\u00e4giger Ausflug f\u00fchrt Sie zu den ber\u00fchmten Pyramiden von Gizeh und der Gro\u00dfen Sphinx, wo Sie die reiche Geschichte \u00c4gyptens entdecken k\u00f6nnen. Nach einem k\u00f6stlichen Mittagessen haben Sie die M\u00f6glichkeit, das \u00c4gyptische Museum zu besuchen und seine beeindruckende Sammlung von \u00fcber 250.000 echten Artefakten zu bestaunen.<\/p>\n<p>Am zweiten Tag f\u00fchrt Sie Ihr privater Reiseleiter durch die bezaubernde Altstadt von Kairo. Sie besichtigen die Zitadelle von Saladin und den Khan El-Khalili-Basar, wo Sie Souvenirs kaufen und in die lokale Kultur eintauchen k\u00f6nnen. Im Reisepreis sind Transfers, Unterkunft und Eintrittskarten enthalten, sodass Sie sich um nichts k\u00fcmmern m\u00fcssen.<\/p>\n<p>Wir verstehen, dass Reisen erm\u00fcdend sein kann, und haben deshalb f\u00fcr Sie ein komfortables Privatfahrzeug mit Klimaanlage arrangiert, das Sie von Ihrem Hotel in Hurghada nach Kairo und zur\u00fcck bringt. Unser mitf\u00fchlendes und sympathisches Team steht Ihnen w\u00e4hrend der gesamten Reise zur Seite und sorgt daf\u00fcr, dass Sie ein sicheres und angenehmes Erlebnis haben. Buchen Sie noch heute Ihre Reise bei uns und schaffen Sie unvergessliche Erinnerungen in \u00c4gypten!<\/p>\n","protected":false},"featured_media":46325,"comment_status":"open","ping_status":"closed","template":"","meta":{"_coblocks_attr":"","_coblocks_dimensions":"","_coblocks_responsive_height":"","_coblocks_accordion_ie_support":"","_uag_custom_page_level_css":"","jetpack_publicize_message":"","jetpack_publicize_feature_enabled":true,"jetpack_social_post_already_shared":true,"jetpack_social_options":{"image_generator_settings":{"template":"highway","default_image_id":0,"font":"","enabled":false},"version":2},"_wpas_customize_per_network":false},"product_brand":[],"product_cat":[22096,1601,1597,22153,20143,22098],"product_tag":[2143,1653,9906,1652,1654,1655],"class_list":{"0":"post-3863","1":"product","2":"type-product","3":"status-publish","4":"has-post-thumbnail","6":"product_cat-budgetfreundliche-hurghada-ausfluege","7":"product_cat-historische-ausfluge-hurghada","8":"product_cat-ausfluge-hurghada","9":"product_cat-hurghada-ausfluege-kairo","10":"product_cat-hurghada-touren-pyramiden","11":"product_cat-hurghada-zweitagestouren","12":"product_tag-ausfluge-von-hurghada","13":"product_tag-ausflug","14":"product_tag-besichtigung","15":"product_tag-kairo","16":"product_tag-pyramiden","17":"product_tag-sphinx-de","18":"pa_age-erwachsene","19":"pa_age-kind-1-4-jahre","20":"pa_age-kind-5-11-jahre","22":"first","23":"instock","24":"sale","25":"purchasable","26":"product-type-variable"},"yoast_head":"<!-- This site is optimized with the Yoast SEO Premium plugin v27.5 (Yoast SEO v27.5) - https:\/\/yoast.com\/product\/yoast-seo-premium-wordpress\/ -->\n<title>Kairo \u00dcbernachtung Hurghada - Altes Kairo<\/title>\n<meta name=\"description\" content=\"Kairo \u00dcbernachtung Hurghada - Altes Kairo empfehlen den Ausflug, da Touristen die beeindruckendsten Sehensw\u00fcrdigkeiten des alten \u00c4gypten\" \/>\n<meta name=\"robots\" content=\"index, follow, max-snippet:-1, max-image-preview:large, max-video-preview:-1\" \/>\n<link rel=\"canonical\" href=\"https:\/\/landioustravel.com\/de\/shop\/nachtausflug-hurghada-altes-kairo\/\" \/>\n<meta property=\"og:locale\" content=\"de_DE\" \/>\n<meta property=\"og:type\" content=\"article\" \/>\n<meta property=\"og:title\" content=\"Kairo \u00dcbernachtung Hurghada - Altes Kairo\" \/>\n<meta property=\"og:description\" content=\"Landious Travel\" \/>\n<meta property=\"og:url\" content=\"https:\/\/landioustravel.com\/de\/shop\/nachtausflug-hurghada-altes-kairo\/\" \/>\n<meta property=\"og:site_name\" content=\"Landious Travel\" \/>\n<meta property=\"article:publisher\" content=\"https:\/\/web.facebook.com\/landiousEgypt\" \/>\n<meta property=\"article:modified_time\" content=\"2024-09-25T17:15:10+00:00\" \/>\n<meta property=\"og:image\" content=\"https:\/\/i0.wp.com\/landioustravel.com\/wp-content\/uploads\/2019\/04\/Cairo-Overnight-Trip-Hurghada-e1617672888586.jpg?fit=1200%2C675&ssl=1\" \/>\n\t<meta property=\"og:image:width\" content=\"1200\" \/>\n\t<meta property=\"og:image:height\" content=\"675\" \/>\n\t<meta property=\"og:image:type\" content=\"image\/jpeg\" \/>\n<meta name=\"twitter:card\" content=\"summary_large_image\" \/>\n<meta name=\"twitter:site\" content=\"@LandiousTours\" \/>\n<meta name=\"twitter:label1\" content=\"Gesch\u00e4tzte Lesezeit\" \/>\n\t<meta name=\"twitter:data1\" content=\"3\u00a0Minuten\" \/>\n<script type=\"application\/ld+json\" class=\"yoast-schema-graph\">{\"@context\":\"https:\\\/\\\/schema.org\",\"@graph\":[{\"@type\":\"WebPage\",\"@id\":\"https:\\\/\\\/landioustravel.com\\\/de\\\/shop\\\/nachtausflug-hurghada-altes-kairo\\\/\",\"url\":\"https:\\\/\\\/landioustravel.com\\\/de\\\/shop\\\/nachtausflug-hurghada-altes-kairo\\\/\",\"name\":\"Kairo \u00dcbernachtung Hurghada - Altes Kairo\",\"isPartOf\":{\"@id\":\"https:\\\/\\\/landioustravel.com\\\/de\\\/#website\"},\"primaryImageOfPage\":{\"@id\":\"https:\\\/\\\/landioustravel.com\\\/de\\\/shop\\\/nachtausflug-hurghada-altes-kairo\\\/#primaryimage\"},\"image\":{\"@id\":\"https:\\\/\\\/landioustravel.com\\\/de\\\/shop\\\/nachtausflug-hurghada-altes-kairo\\\/#primaryimage\"},\"thumbnailUrl\":\"https:\\\/\\\/i0.wp.com\\\/landioustravel.com\\\/wp-content\\\/uploads\\\/2019\\\/04\\\/Cairo-Overnight-Trip-Hurghada-e1617672888586.jpg?fit=1200%2C675&ssl=1\",\"datePublished\":\"2019-04-06T19:29:40+00:00\",\"dateModified\":\"2024-09-25T17:15:10+00:00\",\"description\":\"Kairo \u00dcbernachtung Hurghada - Altes Kairo empfehlen den Ausflug, da Touristen die beeindruckendsten Sehensw\u00fcrdigkeiten des alten \u00c4gypten\",\"breadcrumb\":{\"@id\":\"https:\\\/\\\/landioustravel.com\\\/de\\\/shop\\\/nachtausflug-hurghada-altes-kairo\\\/#breadcrumb\"},\"inLanguage\":\"de\",\"potentialAction\":[{\"@type\":\"ReadAction\",\"target\":[\"https:\\\/\\\/landioustravel.com\\\/de\\\/shop\\\/nachtausflug-hurghada-altes-kairo\\\/\"]}]},{\"@type\":\"ImageObject\",\"inLanguage\":\"de\",\"@id\":\"https:\\\/\\\/landioustravel.com\\\/de\\\/shop\\\/nachtausflug-hurghada-altes-kairo\\\/#primaryimage\",\"url\":\"https:\\\/\\\/i0.wp.com\\\/landioustravel.com\\\/wp-content\\\/uploads\\\/2019\\\/04\\\/Cairo-Overnight-Trip-Hurghada-e1617672888586.jpg?fit=1200%2C675&ssl=1\",\"contentUrl\":\"https:\\\/\\\/i0.wp.com\\\/landioustravel.com\\\/wp-content\\\/uploads\\\/2019\\\/04\\\/Cairo-Overnight-Trip-Hurghada-e1617672888586.jpg?fit=1200%2C675&ssl=1\",\"width\":1200,\"height\":675,\"caption\":\"Cairo Overnight Trip Hurghada\"},{\"@type\":\"BreadcrumbList\",\"@id\":\"https:\\\/\\\/landioustravel.com\\\/de\\\/shop\\\/nachtausflug-hurghada-altes-kairo\\\/#breadcrumb\",\"itemListElement\":[{\"@type\":\"ListItem\",\"position\":1,\"name\":\"Home\",\"item\":\"https:\\\/\\\/landioustravel.com\\\/de\\\/\"},{\"@type\":\"ListItem\",\"position\":2,\"name\":\"\u00c4gypten Touren\",\"item\":\"https:\\\/\\\/landioustravel.com\\\/de\\\/\"},{\"@type\":\"ListItem\",\"position\":3,\"name\":\"Kairo \u00dcbernachtung Hurghada &#8211; Altes Kairo\"}]},{\"@type\":\"WebSite\",\"@id\":\"https:\\\/\\\/landioustravel.com\\\/de\\\/#website\",\"url\":\"https:\\\/\\\/landioustravel.com\\\/de\\\/\",\"name\":\"Landious Travel\",\"description\":\"Excursions, trips and cruises in Egypt\",\"publisher\":{\"@id\":\"https:\\\/\\\/landioustravel.com\\\/de\\\/#organization\"},\"potentialAction\":[{\"@type\":\"SearchAction\",\"target\":{\"@type\":\"EntryPoint\",\"urlTemplate\":\"https:\\\/\\\/landioustravel.com\\\/de\\\/?s={search_term_string}\"},\"query-input\":{\"@type\":\"PropertyValueSpecification\",\"valueRequired\":true,\"valueName\":\"search_term_string\"}}],\"inLanguage\":\"de\"},{\"@type\":[\"Organization\",\"Place\"],\"@id\":\"https:\\\/\\\/landioustravel.com\\\/de\\\/#organization\",\"name\":\"Landious Travel\",\"alternateName\":\"Landious Travel\",\"url\":\"https:\\\/\\\/landioustravel.com\\\/de\\\/\",\"logo\":{\"@id\":\"https:\\\/\\\/landioustravel.com\\\/de\\\/shop\\\/nachtausflug-hurghada-altes-kairo\\\/#local-main-organization-logo\"},\"image\":{\"@id\":\"https:\\\/\\\/landioustravel.com\\\/de\\\/shop\\\/nachtausflug-hurghada-altes-kairo\\\/#local-main-organization-logo\"},\"sameAs\":[\"https:\\\/\\\/web.facebook.com\\\/landiousEgypt\",\"https:\\\/\\\/x.com\\\/LandiousTours\",\"https:\\\/\\\/mastodon.social\\\/@landious\"],\"legalName\":\"Landious Travel\",\"telephone\":[],\"openingHoursSpecification\":[{\"@type\":\"OpeningHoursSpecification\",\"dayOfWeek\":[\"Monday\",\"Tuesday\",\"Wednesday\",\"Thursday\",\"Friday\",\"Saturday\",\"Sunday\"],\"opens\":\"09:00\",\"closes\":\"17:00\"}]},{\"@type\":\"ImageObject\",\"inLanguage\":\"de\",\"@id\":\"https:\\\/\\\/landioustravel.com\\\/de\\\/shop\\\/nachtausflug-hurghada-altes-kairo\\\/#local-main-organization-logo\",\"url\":\"https:\\\/\\\/i0.wp.com\\\/landioustravel.com\\\/wp-content\\\/uploads\\\/2021\\\/06\\\/Landious-T.png?fit=500%2C500&ssl=1\",\"contentUrl\":\"https:\\\/\\\/i0.wp.com\\\/landioustravel.com\\\/wp-content\\\/uploads\\\/2021\\\/06\\\/Landious-T.png?fit=500%2C500&ssl=1\",\"width\":500,\"height\":500,\"caption\":\"Landious Travel\"}]}<\/script>\n<!-- \/ Yoast SEO Premium plugin. -->","yoast_head_json":{"title":"Kairo \u00dcbernachtung Hurghada - Altes Kairo","description":"Kairo \u00dcbernachtung Hurghada - Altes Kairo empfehlen den Ausflug, da Touristen die beeindruckendsten Sehensw\u00fcrdigkeiten des alten \u00c4gypten","robots":{"index":"index","follow":"follow","max-snippet":"max-snippet:-1","max-image-preview":"max-image-preview:large","max-video-preview":"max-video-preview:-1"},"canonical":"https:\/\/landioustravel.com\/de\/shop\/nachtausflug-hurghada-altes-kairo\/","og_locale":"de_DE","og_type":"article","og_title":"Kairo \u00dcbernachtung Hurghada - Altes Kairo","og_description":"Landious Travel","og_url":"https:\/\/landioustravel.com\/de\/shop\/nachtausflug-hurghada-altes-kairo\/","og_site_name":"Landious Travel","article_publisher":"https:\/\/web.facebook.com\/landiousEgypt","article_modified_time":"2024-09-25T17:15:10+00:00","og_image":[{"width":1200,"height":675,"url":"https:\/\/i0.wp.com\/landioustravel.com\/wp-content\/uploads\/2019\/04\/Cairo-Overnight-Trip-Hurghada-e1617672888586.jpg?fit=1200%2C675&ssl=1","type":"image\/jpeg"}],"twitter_card":"summary_large_image","twitter_site":"@LandiousTours","twitter_misc":{"Gesch\u00e4tzte Lesezeit":"3\u00a0Minuten"},"schema":{"@context":"https:\/\/schema.org","@graph":[{"@type":"WebPage","@id":"https:\/\/landioustravel.com\/de\/shop\/nachtausflug-hurghada-altes-kairo\/","url":"https:\/\/landioustravel.com\/de\/shop\/nachtausflug-hurghada-altes-kairo\/","name":"Kairo \u00dcbernachtung Hurghada - Altes Kairo","isPartOf":{"@id":"https:\/\/landioustravel.com\/de\/#website"},"primaryImageOfPage":{"@id":"https:\/\/landioustravel.com\/de\/shop\/nachtausflug-hurghada-altes-kairo\/#primaryimage"},"image":{"@id":"https:\/\/landioustravel.com\/de\/shop\/nachtausflug-hurghada-altes-kairo\/#primaryimage"},"thumbnailUrl":"https:\/\/i0.wp.com\/landioustravel.com\/wp-content\/uploads\/2019\/04\/Cairo-Overnight-Trip-Hurghada-e1617672888586.jpg?fit=1200%2C675&ssl=1","datePublished":"2019-04-06T19:29:40+00:00","dateModified":"2024-09-25T17:15:10+00:00","description":"Kairo \u00dcbernachtung Hurghada - Altes Kairo empfehlen den Ausflug, da Touristen die beeindruckendsten Sehensw\u00fcrdigkeiten des alten \u00c4gypten","breadcrumb":{"@id":"https:\/\/landioustravel.com\/de\/shop\/nachtausflug-hurghada-altes-kairo\/#breadcrumb"},"inLanguage":"de","potentialAction":[{"@type":"ReadAction","target":["https:\/\/landioustravel.com\/de\/shop\/nachtausflug-hurghada-altes-kairo\/"]}]},{"@type":"ImageObject","inLanguage":"de","@id":"https:\/\/landioustravel.com\/de\/shop\/nachtausflug-hurghada-altes-kairo\/#primaryimage","url":"https:\/\/i0.wp.com\/landioustravel.com\/wp-content\/uploads\/2019\/04\/Cairo-Overnight-Trip-Hurghada-e1617672888586.jpg?fit=1200%2C675&ssl=1","contentUrl":"https:\/\/i0.wp.com\/landioustravel.com\/wp-content\/uploads\/2019\/04\/Cairo-Overnight-Trip-Hurghada-e1617672888586.jpg?fit=1200%2C675&ssl=1","width":1200,"height":675,"caption":"Cairo Overnight Trip Hurghada"},{"@type":"BreadcrumbList","@id":"https:\/\/landioustravel.com\/de\/shop\/nachtausflug-hurghada-altes-kairo\/#breadcrumb","itemListElement":[{"@type":"ListItem","position":1,"name":"Home","item":"https:\/\/landioustravel.com\/de\/"},{"@type":"ListItem","position":2,"name":"\u00c4gypten Touren","item":"https:\/\/landioustravel.com\/de\/"},{"@type":"ListItem","position":3,"name":"Kairo \u00dcbernachtung Hurghada &#8211; Altes Kairo"}]},{"@type":"WebSite","@id":"https:\/\/landioustravel.com\/de\/#website","url":"https:\/\/landioustravel.com\/de\/","name":"Landious Travel","description":"Excursions, trips and cruises in Egypt","publisher":{"@id":"https:\/\/landioustravel.com\/de\/#organization"},"potentialAction":[{"@type":"SearchAction","target":{"@type":"EntryPoint","urlTemplate":"https:\/\/landioustravel.com\/de\/?s={search_term_string}"},"query-input":{"@type":"PropertyValueSpecification","valueRequired":true,"valueName":"search_term_string"}}],"inLanguage":"de"},{"@type":["Organization","Place"],"@id":"https:\/\/landioustravel.com\/de\/#organization","name":"Landious Travel","alternateName":"Landious Travel","url":"https:\/\/landioustravel.com\/de\/","logo":{"@id":"https:\/\/landioustravel.com\/de\/shop\/nachtausflug-hurghada-altes-kairo\/#local-main-organization-logo"},"image":{"@id":"https:\/\/landioustravel.com\/de\/shop\/nachtausflug-hurghada-altes-kairo\/#local-main-organization-logo"},"sameAs":["https:\/\/web.facebook.com\/landiousEgypt","https:\/\/x.com\/LandiousTours","https:\/\/mastodon.social\/@landious"],"legalName":"Landious Travel","telephone":[],"openingHoursSpecification":[{"@type":"OpeningHoursSpecification","dayOfWeek":["Monday","Tuesday","Wednesday","Thursday","Friday","Saturday","Sunday"],"opens":"09:00","closes":"17:00"}]},{"@type":"ImageObject","inLanguage":"de","@id":"https:\/\/landioustravel.com\/de\/shop\/nachtausflug-hurghada-altes-kairo\/#local-main-organization-logo","url":"https:\/\/i0.wp.com\/landioustravel.com\/wp-content\/uploads\/2021\/06\/Landious-T.png?fit=500%2C500&ssl=1","contentUrl":"https:\/\/i0.wp.com\/landioustravel.com\/wp-content\/uploads\/2021\/06\/Landious-T.png?fit=500%2C500&ssl=1","width":500,"height":500,"caption":"Landious Travel"}]}},"jetpack_publicize_connections":[],"uagb_featured_image_src":{"full":["https:\/\/i0.wp.com\/landioustravel.com\/wp-content\/uploads\/2019\/04\/Cairo-Overnight-Trip-Hurghada-e1617672888586.jpg?fit=1200%2C675&ssl=1",1200,675,false],"thumbnail":["https:\/\/i0.wp.com\/landioustravel.com\/wp-content\/uploads\/2019\/04\/Cairo-Overnight-Trip-Hurghada-e1617672888586.jpg?resize=150%2C150&ssl=1",150,150,true],"medium":["https:\/\/i0.wp.com\/landioustravel.com\/wp-content\/uploads\/2019\/04\/Cairo-Overnight-Trip-Hurghada-e1617672888586.jpg?fit=300%2C169&ssl=1",300,169,true],"medium_large":["https:\/\/i0.wp.com\/landioustravel.com\/wp-content\/uploads\/2019\/04\/Cairo-Overnight-Trip-Hurghada-e1617672888586.jpg?fit=768%2C432&ssl=1",768,432,true],"large":["https:\/\/i0.wp.com\/landioustravel.com\/wp-content\/uploads\/2019\/04\/Cairo-Overnight-Trip-Hurghada-e1617672888586.jpg?fit=980%2C551&ssl=1",980,551,true],"1536x1536":["https:\/\/i0.wp.com\/landioustravel.com\/wp-content\/uploads\/2019\/04\/Cairo-Overnight-Trip-Hurghada-e1617672888586.jpg?fit=1536%2C864&ssl=1",1536,864,true],"2048x2048":["https:\/\/i0.wp.com\/landioustravel.com\/wp-content\/uploads\/2019\/04\/Cairo-Overnight-Trip-Hurghada-e1617672888586.jpg?fit=2048%2C1152&ssl=1",2048,1152,true],"newspack-article-block-landscape-large":["https:\/\/i0.wp.com\/landioustravel.com\/wp-content\/uploads\/2019\/04\/Cairo-Overnight-Trip-Hurghada-e1617672888586.jpg?resize=1200%2C675&ssl=1",1200,900,true],"newspack-article-block-portrait-large":["https:\/\/i0.wp.com\/landioustravel.com\/wp-content\/uploads\/2019\/04\/Cairo-Overnight-Trip-Hurghada-e1617672888586.jpg?resize=900%2C675&ssl=1",900,1200,true],"newspack-article-block-square-large":["https:\/\/i0.wp.com\/landioustravel.com\/wp-content\/uploads\/2019\/04\/Cairo-Overnight-Trip-Hurghada-e1617672888586.jpg?resize=1200%2C675&ssl=1",1200,1200,true],"newspack-article-block-landscape-medium":["https:\/\/i0.wp.com\/landioustravel.com\/wp-content\/uploads\/2019\/04\/Cairo-Overnight-Trip-Hurghada-e1617672888586.jpg?resize=800%2C600&ssl=1",800,600,true],"newspack-article-block-portrait-medium":["https:\/\/i0.wp.com\/landioustravel.com\/wp-content\/uploads\/2019\/04\/Cairo-Overnight-Trip-Hurghada-e1617672888586.jpg?resize=600%2C675&ssl=1",600,800,true],"newspack-article-block-square-medium":["https:\/\/i0.wp.com\/landioustravel.com\/wp-content\/uploads\/2019\/04\/Cairo-Overnight-Trip-Hurghada-e1617672888586.jpg?resize=800%2C675&ssl=1",800,800,true],"newspack-article-block-landscape-intermediate":["https:\/\/i0.wp.com\/landioustravel.com\/wp-content\/uploads\/2019\/04\/Cairo-Overnight-Trip-Hurghada-e1617672888586.jpg?resize=600%2C450&ssl=1",600,450,true],"newspack-article-block-portrait-intermediate":["https:\/\/i0.wp.com\/landioustravel.com\/wp-content\/uploads\/2019\/04\/Cairo-Overnight-Trip-Hurghada-e1617672888586.jpg?resize=450%2C600&ssl=1",450,600,true],"newspack-article-block-square-intermediate":["https:\/\/i0.wp.com\/landioustravel.com\/wp-content\/uploads\/2019\/04\/Cairo-Overnight-Trip-Hurghada-e1617672888586.jpg?resize=600%2C600&ssl=1",600,600,true],"newspack-article-block-landscape-small":["https:\/\/i0.wp.com\/landioustravel.com\/wp-content\/uploads\/2019\/04\/Cairo-Overnight-Trip-Hurghada-e1617672888586.jpg?resize=400%2C300&ssl=1",400,300,true],"newspack-article-block-portrait-small":["https:\/\/i0.wp.com\/landioustravel.com\/wp-content\/uploads\/2019\/04\/Cairo-Overnight-Trip-Hurghada-e1617672888586.jpg?resize=300%2C400&ssl=1",300,400,true],"newspack-article-block-square-small":["https:\/\/i0.wp.com\/landioustravel.com\/wp-content\/uploads\/2019\/04\/Cairo-Overnight-Trip-Hurghada-e1617672888586.jpg?resize=400%2C400&ssl=1",400,400,true],"newspack-article-block-landscape-tiny":["https:\/\/i0.wp.com\/landioustravel.com\/wp-content\/uploads\/2019\/04\/Cairo-Overnight-Trip-Hurghada-e1617672888586.jpg?resize=200%2C150&ssl=1",200,150,true],"newspack-article-block-portrait-tiny":["https:\/\/i0.wp.com\/landioustravel.com\/wp-content\/uploads\/2019\/04\/Cairo-Overnight-Trip-Hurghada-e1617672888586.jpg?resize=150%2C200&ssl=1",150,200,true],"newspack-article-block-square-tiny":["https:\/\/i0.wp.com\/landioustravel.com\/wp-content\/uploads\/2019\/04\/Cairo-Overnight-Trip-Hurghada-e1617672888586.jpg?resize=200%2C200&ssl=1",200,200,true],"newspack-article-block-uncropped":["https:\/\/i0.wp.com\/landioustravel.com\/wp-content\/uploads\/2019\/04\/Cairo-Overnight-Trip-Hurghada-e1617672888586.jpg?fit=1200%2C675&ssl=1",1200,675,true],"woocommerce_thumbnail":["https:\/\/i0.wp.com\/landioustravel.com\/wp-content\/uploads\/2019\/04\/Cairo-Overnight-Trip-Hurghada-e1617672888586.jpg?resize=324%2C324&ssl=1",324,324,true],"woocommerce_single":["https:\/\/i0.wp.com\/landioustravel.com\/wp-content\/uploads\/2019\/04\/Cairo-Overnight-Trip-Hurghada-e1617672888586.jpg?fit=416%2C234&ssl=1",416,234,true],"woocommerce_gallery_thumbnail":["https:\/\/i0.wp.com\/landioustravel.com\/wp-content\/uploads\/2019\/04\/Cairo-Overnight-Trip-Hurghada-e1617672888586.jpg?resize=100%2C100&ssl=1",100,100,true]},"uagb_author_info":{"display_name":"Mofreh Landious","author_link":"https:\/\/landioustravel.com\/de\/author\/"},"uagb_comment_info":3,"uagb_excerpt":"Sind Sie auf der Suche nach einer unvergesslichen Reise ab Hurghada, um die Wunder Kairos zu erkunden? Wir verstehen, dass Reisen \u00fcberw\u00e4ltigend sein kann, aber wir sind hier, um Ihnen dabei zu helfen, Ihre Reise reibungslos und angenehm zu gestalten. Unser zweit\u00e4giger Ausflug f\u00fchrt Sie zu den ber\u00fchmten Pyramiden von Gizeh und der Gro\u00dfen Sphinx,&hellip;","jetpack_sharing_enabled":true,"jetpack_likes_enabled":true,"amp_enabled":true,"_links":{"self":[{"href":"https:\/\/landioustravel.com\/de\/wp-json\/wp\/v2\/product\/3863","targetHints":{"allow":["GET"]}}],"collection":[{"href":"https:\/\/landioustravel.com\/de\/wp-json\/wp\/v2\/product"}],"about":[{"href":"https:\/\/landioustravel.com\/de\/wp-json\/wp\/v2\/types\/product"}],"replies":[{"embeddable":true,"href":"https:\/\/landioustravel.com\/de\/wp-json\/wp\/v2\/comments?post=3863"}],"wp:featuredmedia":[{"embeddable":true,"href":"https:\/\/landioustravel.com\/de\/wp-json\/wp\/v2\/media\/46325"}],"wp:attachment":[{"href":"https:\/\/landioustravel.com\/de\/wp-json\/wp\/v2\/media?parent=3863"}],"wp:term":[{"taxonomy":"product_brand","embeddable":true,"href":"https:\/\/landioustravel.com\/de\/wp-json\/wp\/v2\/product_brand?post=3863"},{"taxonomy":"product_cat","embeddable":true,"href":"https:\/\/landioustravel.com\/de\/wp-json\/wp\/v2\/product_cat?post=3863"},{"taxonomy":"product_tag","embeddable":true,"href":"https:\/\/landioustravel.com\/de\/wp-json\/wp\/v2\/product_tag?post=3863"}],"curies":[{"name":"wp","href":"https:\/\/api.w.org\/{rel}","templated":true}]}}