{"id":39559,"date":"2021-10-27T14:24:42","date_gmt":"2021-10-29T03:16:19","guid":{"rendered":"https:\/\/landioustravel.com\/?post_type=product&#038;p=39559"},"modified":"2023-10-05T14:36:05","modified_gmt":"2023-10-05T11:36:05","slug":"luxor-abu-simbel-ausflug-hurghada","status":"publish","type":"product","link":"https:\/\/landioustravel.com\/de\/shop\/luxor-abu-simbel-ausflug-hurghada\/","title":{"rendered":"Luxor Abu Simbel Tour Hurghada"},"content":{"rendered":"<p>ONLINE BUCHUNG LUXOR ABU SIMBEL TOUR HURGHADA UND BESTER PREIS! Ein wunderbarer Ausflug nach <a href=\"https:\/\/landioustravel.com\/de\/agypten\/aegyptische-staedte\/luxor-gouvernement\/\">Luxor<\/a>, <a href=\"https:\/\/landioustravel.com\/de\/agypten\/aegyptische-staedte\/assuan-gouvernement\/\">Assuan<\/a> und Abu Simbel von <a href=\"https:\/\/landioustravel.com\/de\/hurghada-stadt\/\">Hurghada<\/a>, <a href=\"https:\/\/landioustravel.com\/de\/agypten\/\">\u00c4gypten<\/a>! Wir empfehlen eine Reise, da Touristen viele <a href=\"https:\/\/landioustravel.com\/de\/agypten\/agyptischen-tempel\/\">alt\u00e4gyptische Sehensw\u00fcrdigkeiten<\/a> sehen und mehr \u00fcber ihre <a href=\"https:\/\/landioustravel.com\/de\/agypten\/geschichte-aegyptens\/\">Geschichte<\/a> erfahren k\u00f6nnen.<\/p>\n<h2>H\u00f6hepunkte der Luxor &amp; Abu Simbel Tour ab Hurghada<\/h2>\n<ul>\n<li>Bewundern Sie den Karnak-Tempel.<\/li>\n<li>Sehen Sie den Staudamm in Assuan.<\/li>\n<li>Philae-Tempel auf der Insel Agelika.<\/li>\n<li>Unvollendeter Obelisk in Assuan.<\/li>\n<li>Nil-Picknick mit \u00e4gyptischer Feluke in Assuan.<\/li>\n<li>Auch die Tempel von Ramses II. in Abu Simbel.<\/li>\n<li>Entdecken Sie das Tal der K\u00f6nige.<\/li>\n<li>Sehen Sie den Tempel der Hatschepsut.<\/li>\n<li>Nehmen Sie Erinnerungen mit den Kolosse von Memnon.<\/li>\n<\/ul>\n<h2>Tourprogramm zu den Tempeln Luxor und Abu Simbel<\/h2>\n<ul>\n<li>Der Mitarbeiter von <a href=\"https:\/\/landioustravel.com\/de\/uber-uns\/\">Landious Travel<\/a> holt Sie gegen Mitternacht vom Hotel in Hurghada ab.<\/li>\n<li>Nachdem alle Ank\u00f6mmlinge abgeholt wurden, f\u00e4hrt der Bus nach Luxor. Sie f\u00fchrt an der K\u00fcstenstadt <a href=\"https:\/\/landioustravel.com\/de\/safaga-stadt\/\">Safaga<\/a> und <a href=\"https:\/\/landioustravel.com\/de\/agypten\/aegyptische-staedte\/qena-gouvernement\/\">Qena<\/a> im <a href=\"https:\/\/landioustravel.com\/de\/agypten\/nil\/\">Niltal<\/a> vorbei. Der Weg vom Zentrum Hurghadas nach Luxor dauert ungef\u00e4hr vier Stunden.<\/li>\n<\/ul>\n<h3>Erster Tag in Luxor<\/h3>\n<ul>\n<li>Sobald Sie in Luxor sind, k\u00f6nnen Sie die Monumente am Westufer des Nils genie\u00dfen. Zu diesen Denkm\u00e4lern geh\u00f6ren das unglaubliche <a href=\"https:\/\/landioustravel.com\/de\/tal-koenige\/\">Tal der K\u00f6nige<\/a>, der <a href=\"https:\/\/landioustravel.com\/de\/agypten\/agyptischen-tempel\/tempel-konigin-hatschepsut\/\">Hatschepsut-Tempel<\/a> und die <a href=\"https:\/\/landioustravel.com\/de\/memnonkolosse\/\">Memnonkolosse<\/a>.<\/li>\n<li>Nach diesen aufregenden Besuchen genie\u00dfen Sie Ihr Mittagessen in einem \u00e4gyptischen Restaurant.<\/li>\n<li>Als n\u00e4chstes fahren Sie zum Gouvernement Assuan, das s\u00fcdlich von Luxor liegt. Der Weg in diese Stadt dauert ungef\u00e4hr drei Stunden.<\/li>\n<li>Sobald Sie in Assuan ankommen, checken Sie in Ihrem Hotel ein.<\/li>\n<li>Als n\u00e4chstes nehmen Sie Ihr Abendessen in einem der Restaurants der Stadt ein.<\/li>\n<\/ul>\n<h3>Zweiter Tag in Assuan<\/h3>\n<ul>\n<li>Sie stehen am fr\u00fchen Morgen auf, um sich dem Konvoi anzuschlie\u00dfen, der zu den <a href=\"https:\/\/landioustravel.com\/de\/agypten\/agyptischen-tempel\/die-tempel-abu-simbel\/\">Tempeln von Ramses II in Abu Simbel<\/a> f\u00e4hrt.<\/li>\n<li>Sobald Sie an diesen wundersch\u00f6nen Tempeln ankommen, wird Ihr Guide Sie darin begleiten.<\/li>\n<li>Als n\u00e4chstes fahren Sie zur\u00fcck nach Assuan.<\/li>\n<li>Die ersten Denkm\u00e4ler, die Sie in Assuan sehen k\u00f6nnen, sind der Staudamm und das Monument Memorial.<\/li>\n<li>Der n\u00e4chste Halt ist der unvollendete Obelisk der Hatschepsut.<\/li>\n<li>Anschlie\u00dfend geht es ins Restaurant, um ein k\u00f6stliches Mittagessen zu genie\u00dfen.<\/li>\n<li>Nach dem Mittagessen ruhen Sie sich in Ihrem Hotel aus.<\/li>\n<li>Am Abend fahren Sie zum <a href=\"https:\/\/landioustravel.com\/de\/agypten\/agyptischen-tempel\/die-tempel-philae\/\">Tempel von Philae<\/a>, um die Klang- und Lichtspektakel zu genie\u00dfen.<\/li>\n<li>Danach geht es zum Abendessen ins Restaurant.<\/li>\n<li>Schlie\u00dflich kehren Sie zu Ihrem Hotel zur\u00fcck.<\/li>\n<\/ul>\n<h3>Dritter Tag in Assuan<\/h3>\n<ul>\n<li>Sie werden morgens aufstehen, um Ihr Fr\u00fchst\u00fcck in Ihrem Hotel einzunehmen und auszuchecken.<\/li>\n<li>Anschlie\u00dfend fahren Sie zur\u00fcck nach Luxor. Dort k\u00f6nnen Sie den riesigen <a href=\"https:\/\/landioustravel.com\/de\/agypten\/agyptischen-tempel\/tempel-karnak\/\">Tempel von Karnak<\/a> sehen.<\/li>\n<li>Nach dem Besuch des Karnak essen Sie zu Mittag.<\/li>\n<\/ul>\n<h3>Abfahrt nach Hurghada<\/h3>\n<ul>\n<li>Schlie\u00dflich f\u00e4hrt unser Bus nach einer so aufregenden Tour durch die St\u00e4dte Luxor und Assuan zur\u00fcck nach Hurghada.<\/li>\n<li>Diese Reise von Hurghada nach Luxor, Assuan und Abu Simbel endet gegen 24:00 Uhr.<\/li>\n<\/ul>\n<h2>Was beinhaltet der Preis der Luxor Abu Simbel Tour Hurghada?<\/h2>\n<ul>\n<li>Tickets f\u00fcr den Besuch von Tempeln.<\/li>\n<li>Mittagessen.<\/li>\n<li>Handbuch.<\/li>\n<li>Hotelaufenthalt.<\/li>\n<li>Au\u00dferdem Transfer nach Assuan \u2013 Abu Simbel und zur\u00fcck zum Hotel.<\/li>\n<\/ul>\n<h2>Was beinhaltet das Programm der Luxor Abu Simbel Tour nicht?<\/h2>\n<ul>\n<li>Zus\u00e4tzliche Ausflugsprogramme.<\/li>\n<li>Auch Getr\u00e4nke.<\/li>\n<\/ul>\n<h2>Was nehmen Sie f\u00fcr die Reise nach Abu Simbel mit?<\/h2>\n<ul>\n<li>Fr\u00fchst\u00fccksbox.<\/li>\n<li>Reisepass.<\/li>\n<li>Nehmen Sie auch geeignete Kleidung f\u00fcr die Jahreszeit mit.<\/li>\n<\/ul>\n<h2>Assuan Abu Simbel Trip Hurghada Buchungstage<\/h2>\n<ul>\n<li>T\u00e4glich von 04:00 \u2013 19:00 Uhr dritter Tag.<\/li>\n<\/ul>\n<h2>Was wird w\u00e4hrend der Reise nach Assuan und Abu Simbel von Hurghada erwartet?<\/h2>\n<ul>\n<li>Tempel von Ramses II in Abu Simbel: Die Tempel von Abu Simbel sind zwei massive Felsentempel im nubischen Dorf Abu Simbel, Gouvernement Assuan, \u00c4gypten. Mit anderen Worten, diese Tempel stehen am Westufer des Nassersees, etwa 230 km s\u00fcdwestlich von Assuan. Die alten \u00c4gypter bauten diese Tempel w\u00e4hrend der Herrschaft von <a href=\"https:\/\/landioustravel.com\/de\/agypten\/pharaonen-aegypten\/ramses-ii\/\">Ramses II<\/a>.<\/li>\n<li>Philae-Tempel: Diese einzigartige Tempelanlage existiert auf einer der Inseln im Nil. Sein urspr\u00fcnglicher Platz war auf der Insel Philae in Assuan. Nach dem Bau des Staudamms in Assuan musste dieser Komplex auf die n\u00e4chste Insel Agilika verlegt werden. Mit Hilfe der UNESCO haben Ingenieure es auf der benachbarten Insel Agilika wieder aufgebaut. Die Insel Agilika liegt 12 km s\u00fcdlich des Staudamms.<\/li>\n<\/ul>\n","protected":false},"excerpt":{"rendered":"<p>Erleben Sie die Pracht der Antike bei unserer gef\u00fchrten zweit\u00e4gigen Tour durch Luxor und Abu Simbel. Bewundern Sie den Anblick des Karnak-Tempels, des Tempels der G\u00f6ttin Isis auf der Insel Philae, des unvollendeten Obelisken der Hatschepsut und der Tempel von Ramses II. Genie\u00dfen Sie ein Bootspicknick an der Feluke \u00fcber dem Nil und bestaunen Sie die atemberaubenden Tempel von Abu Simbel in Nubien. Unsere Tour beinhaltet Verpflegung und Unterkunft in Assuan. Entdecken Sie die Geschichte der beeindruckendsten historischen Sehensw\u00fcrdigkeiten \u00c4gyptens mit unserem sachkundigen \u00c4gyptologenf\u00fchrer. Die Reise beinhaltet auch eine problemlose Abholung und R\u00fcckgabe vom Hotel in Hurghada. Verpassen Sie nicht die Gelegenheit, die Gr\u00e4ber und Tempel der \u00e4gyptischen Pharaonen zu erkunden. Buchen Sie jetzt und schaffen Sie unvergessliche Erinnerungen.<\/p>\n","protected":false},"featured_media":127493,"comment_status":"open","ping_status":"closed","template":"","meta":{"_coblocks_attr":"","_coblocks_dimensions":"","_coblocks_responsive_height":"","_coblocks_accordion_ie_support":"","_uag_custom_page_level_css":"","jetpack_post_was_ever_published":false,"jetpack_publicize_message":"","jetpack_publicize_feature_enabled":true,"jetpack_social_post_already_shared":true,"jetpack_social_options":{"image_generator_settings":{"template":"highway","default_image_id":0,"font":"","enabled":false},"version":2},"_wpas_customize_per_network":false},"product_brand":[],"product_cat":[1601,22511,22097,20163,20165,20142,8563],"product_tag":[2143,1653,9906,1774,2185],"class_list":{"0":"post-39559","1":"product","2":"type-product","3":"status-publish","4":"has-post-thumbnail","6":"product_cat-historische-ausfluge-hurghada","7":"product_cat-hurghada-ausfluege-assuan","8":"product_cat-hurghada-familienausfluege","9":"product_cat-hurghada-private-besichtigungstouren","10":"product_cat-hurghada-private-touren-luxor","11":"product_cat-hurghada-touren-luxor","12":"product_cat-individuelle-ausfluege-hurghada","13":"product_tag-ausfluge-von-hurghada","14":"product_tag-ausflug","15":"product_tag-besichtigung","16":"product_tag-hurghada-de","17":"product_tag-luxor-de","18":"pa_age-erwachsene","19":"pa_age-kind-1-4-jahre","20":"pa_age-kind-5-11-jahre","22":"first","23":"instock","24":"sale","25":"taxable","26":"shipping-taxable","27":"purchasable","28":"product-type-variable"},"yoast_head":"<!-- This site is optimized with the Yoast SEO Premium plugin v26.9 (Yoast SEO v27.3) - https:\/\/yoast.com\/product\/yoast-seo-premium-wordpress\/ -->\n<title>Luxor Abu Simbel Tour Hurghada<\/title>\n<meta name=\"description\" content=\"Luxor Abu Simbel Tour Hurghada Die Tour erm\u00f6glicht es Ihnen, einige Sightseeing-Aktivit\u00e4ten zu unternehmen. In der Tat k\u00f6nnen Sie die\" \/>\n<meta name=\"robots\" content=\"index, follow, max-snippet:-1, max-image-preview:large, max-video-preview:-1\" \/>\n<link rel=\"canonical\" href=\"https:\/\/landioustravel.com\/de\/shop\/luxor-abu-simbel-ausflug-hurghada\/\" \/>\n<meta property=\"og:locale\" content=\"de_DE\" \/>\n<meta property=\"og:type\" content=\"article\" \/>\n<meta property=\"og:title\" content=\"Luxor Abu Simbel Tour Hurghada\" \/>\n<meta property=\"og:description\" content=\"Landious Travel\" \/>\n<meta property=\"og:url\" content=\"https:\/\/landioustravel.com\/de\/shop\/luxor-abu-simbel-ausflug-hurghada\/\" \/>\n<meta property=\"og:site_name\" content=\"Landious Travel\" \/>\n<meta property=\"article:publisher\" content=\"https:\/\/web.facebook.com\/landiousEgypt\" \/>\n<meta property=\"article:modified_time\" content=\"2023-10-05T11:36:05+00:00\" \/>\n<meta property=\"og:image\" content=\"https:\/\/i0.wp.com\/landioustravel.com\/wp-content\/uploads\/2021\/10\/Philae-temple.jpg?fit=1000%2C500&ssl=1\" \/>\n\t<meta property=\"og:image:width\" content=\"1000\" \/>\n\t<meta property=\"og:image:height\" content=\"500\" \/>\n\t<meta property=\"og:image:type\" content=\"image\/jpeg\" \/>\n<meta name=\"twitter:card\" content=\"summary_large_image\" \/>\n<meta name=\"twitter:site\" content=\"@LandiousTours\" \/>\n<meta name=\"twitter:label1\" content=\"Gesch\u00e4tzte Lesezeit\" \/>\n\t<meta name=\"twitter:data1\" content=\"3\u00a0Minuten\" \/>\n<script type=\"application\/ld+json\" class=\"yoast-schema-graph\">{\"@context\":\"https:\\\/\\\/schema.org\",\"@graph\":[{\"@type\":\"WebPage\",\"@id\":\"https:\\\/\\\/landioustravel.com\\\/de\\\/shop\\\/luxor-abu-simbel-ausflug-hurghada\\\/\",\"url\":\"https:\\\/\\\/landioustravel.com\\\/de\\\/shop\\\/luxor-abu-simbel-ausflug-hurghada\\\/\",\"name\":\"Luxor Abu Simbel Tour Hurghada\",\"isPartOf\":{\"@id\":\"https:\\\/\\\/landioustravel.com\\\/de\\\/#website\"},\"primaryImageOfPage\":{\"@id\":\"https:\\\/\\\/landioustravel.com\\\/de\\\/shop\\\/luxor-abu-simbel-ausflug-hurghada\\\/#primaryimage\"},\"image\":{\"@id\":\"https:\\\/\\\/landioustravel.com\\\/de\\\/shop\\\/luxor-abu-simbel-ausflug-hurghada\\\/#primaryimage\"},\"thumbnailUrl\":\"https:\\\/\\\/i0.wp.com\\\/landioustravel.com\\\/wp-content\\\/uploads\\\/2021\\\/10\\\/Philae-temple.jpg?fit=1000%2C500&ssl=1\",\"datePublished\":\"2021-10-29T03:16:19+00:00\",\"dateModified\":\"2023-10-05T11:36:05+00:00\",\"description\":\"Luxor Abu Simbel Tour Hurghada Die Tour erm\u00f6glicht es Ihnen, einige Sightseeing-Aktivit\u00e4ten zu unternehmen. In der Tat k\u00f6nnen Sie die\",\"breadcrumb\":{\"@id\":\"https:\\\/\\\/landioustravel.com\\\/de\\\/shop\\\/luxor-abu-simbel-ausflug-hurghada\\\/#breadcrumb\"},\"inLanguage\":\"de\",\"potentialAction\":[{\"@type\":\"ReadAction\",\"target\":[\"https:\\\/\\\/landioustravel.com\\\/de\\\/shop\\\/luxor-abu-simbel-ausflug-hurghada\\\/\"]}]},{\"@type\":\"ImageObject\",\"inLanguage\":\"de\",\"@id\":\"https:\\\/\\\/landioustravel.com\\\/de\\\/shop\\\/luxor-abu-simbel-ausflug-hurghada\\\/#primaryimage\",\"url\":\"https:\\\/\\\/i0.wp.com\\\/landioustravel.com\\\/wp-content\\\/uploads\\\/2021\\\/10\\\/Philae-temple.jpg?fit=1000%2C500&ssl=1\",\"contentUrl\":\"https:\\\/\\\/i0.wp.com\\\/landioustravel.com\\\/wp-content\\\/uploads\\\/2021\\\/10\\\/Philae-temple.jpg?fit=1000%2C500&ssl=1\",\"width\":1000,\"height\":500,\"caption\":\"Philae Temple\"},{\"@type\":\"BreadcrumbList\",\"@id\":\"https:\\\/\\\/landioustravel.com\\\/de\\\/shop\\\/luxor-abu-simbel-ausflug-hurghada\\\/#breadcrumb\",\"itemListElement\":[{\"@type\":\"ListItem\",\"position\":1,\"name\":\"Home\",\"item\":\"https:\\\/\\\/landioustravel.com\\\/de\\\/\"},{\"@type\":\"ListItem\",\"position\":2,\"name\":\"\u00c4gypten Touren\",\"item\":\"https:\\\/\\\/landioustravel.com\\\/de\\\/\"},{\"@type\":\"ListItem\",\"position\":3,\"name\":\"Luxor Abu Simbel Tour Hurghada\"}]},{\"@type\":\"WebSite\",\"@id\":\"https:\\\/\\\/landioustravel.com\\\/de\\\/#website\",\"url\":\"https:\\\/\\\/landioustravel.com\\\/de\\\/\",\"name\":\"Landious Travel\",\"description\":\"Excursions, trips and cruises in Egypt\",\"publisher\":{\"@id\":\"https:\\\/\\\/landioustravel.com\\\/de\\\/#organization\"},\"potentialAction\":[{\"@type\":\"SearchAction\",\"target\":{\"@type\":\"EntryPoint\",\"urlTemplate\":\"https:\\\/\\\/landioustravel.com\\\/de\\\/?s={search_term_string}\"},\"query-input\":{\"@type\":\"PropertyValueSpecification\",\"valueRequired\":true,\"valueName\":\"search_term_string\"}}],\"inLanguage\":\"de\"},{\"@type\":[\"Organization\",\"Place\"],\"@id\":\"https:\\\/\\\/landioustravel.com\\\/de\\\/#organization\",\"name\":\"Landious Travel\",\"alternateName\":\"Landious Travel\",\"url\":\"https:\\\/\\\/landioustravel.com\\\/de\\\/\",\"logo\":{\"@id\":\"https:\\\/\\\/landioustravel.com\\\/de\\\/shop\\\/luxor-abu-simbel-ausflug-hurghada\\\/#local-main-organization-logo\"},\"image\":{\"@id\":\"https:\\\/\\\/landioustravel.com\\\/de\\\/shop\\\/luxor-abu-simbel-ausflug-hurghada\\\/#local-main-organization-logo\"},\"sameAs\":[\"https:\\\/\\\/web.facebook.com\\\/landiousEgypt\",\"https:\\\/\\\/x.com\\\/LandiousTours\",\"https:\\\/\\\/mastodon.social\\\/@landious\"],\"legalName\":\"Landious Travel\",\"telephone\":[],\"openingHoursSpecification\":[{\"@type\":\"OpeningHoursSpecification\",\"dayOfWeek\":[\"Monday\",\"Tuesday\",\"Wednesday\",\"Thursday\",\"Friday\",\"Saturday\",\"Sunday\"],\"opens\":\"09:00\",\"closes\":\"17:00\"}]},{\"@type\":\"ImageObject\",\"inLanguage\":\"de\",\"@id\":\"https:\\\/\\\/landioustravel.com\\\/de\\\/shop\\\/luxor-abu-simbel-ausflug-hurghada\\\/#local-main-organization-logo\",\"url\":\"https:\\\/\\\/i0.wp.com\\\/landioustravel.com\\\/wp-content\\\/uploads\\\/2021\\\/06\\\/Landious-T.png?fit=500%2C500&ssl=1\",\"contentUrl\":\"https:\\\/\\\/i0.wp.com\\\/landioustravel.com\\\/wp-content\\\/uploads\\\/2021\\\/06\\\/Landious-T.png?fit=500%2C500&ssl=1\",\"width\":500,\"height\":500,\"caption\":\"Landious Travel\"}]}<\/script>\n<!-- \/ Yoast SEO Premium plugin. -->","yoast_head_json":{"title":"Luxor Abu Simbel Tour Hurghada","description":"Luxor Abu Simbel Tour Hurghada Die Tour erm\u00f6glicht es Ihnen, einige Sightseeing-Aktivit\u00e4ten zu unternehmen. In der Tat k\u00f6nnen Sie die","robots":{"index":"index","follow":"follow","max-snippet":"max-snippet:-1","max-image-preview":"max-image-preview:large","max-video-preview":"max-video-preview:-1"},"canonical":"https:\/\/landioustravel.com\/de\/shop\/luxor-abu-simbel-ausflug-hurghada\/","og_locale":"de_DE","og_type":"article","og_title":"Luxor Abu Simbel Tour Hurghada","og_description":"Landious Travel","og_url":"https:\/\/landioustravel.com\/de\/shop\/luxor-abu-simbel-ausflug-hurghada\/","og_site_name":"Landious Travel","article_publisher":"https:\/\/web.facebook.com\/landiousEgypt","article_modified_time":"2023-10-05T11:36:05+00:00","og_image":[{"width":1000,"height":500,"url":"https:\/\/i0.wp.com\/landioustravel.com\/wp-content\/uploads\/2021\/10\/Philae-temple.jpg?fit=1000%2C500&ssl=1","type":"image\/jpeg"}],"twitter_card":"summary_large_image","twitter_site":"@LandiousTours","twitter_misc":{"Gesch\u00e4tzte Lesezeit":"3\u00a0Minuten"},"schema":{"@context":"https:\/\/schema.org","@graph":[{"@type":"WebPage","@id":"https:\/\/landioustravel.com\/de\/shop\/luxor-abu-simbel-ausflug-hurghada\/","url":"https:\/\/landioustravel.com\/de\/shop\/luxor-abu-simbel-ausflug-hurghada\/","name":"Luxor Abu Simbel Tour Hurghada","isPartOf":{"@id":"https:\/\/landioustravel.com\/de\/#website"},"primaryImageOfPage":{"@id":"https:\/\/landioustravel.com\/de\/shop\/luxor-abu-simbel-ausflug-hurghada\/#primaryimage"},"image":{"@id":"https:\/\/landioustravel.com\/de\/shop\/luxor-abu-simbel-ausflug-hurghada\/#primaryimage"},"thumbnailUrl":"https:\/\/i0.wp.com\/landioustravel.com\/wp-content\/uploads\/2021\/10\/Philae-temple.jpg?fit=1000%2C500&ssl=1","datePublished":"2021-10-29T03:16:19+00:00","dateModified":"2023-10-05T11:36:05+00:00","description":"Luxor Abu Simbel Tour Hurghada Die Tour erm\u00f6glicht es Ihnen, einige Sightseeing-Aktivit\u00e4ten zu unternehmen. In der Tat k\u00f6nnen Sie die","breadcrumb":{"@id":"https:\/\/landioustravel.com\/de\/shop\/luxor-abu-simbel-ausflug-hurghada\/#breadcrumb"},"inLanguage":"de","potentialAction":[{"@type":"ReadAction","target":["https:\/\/landioustravel.com\/de\/shop\/luxor-abu-simbel-ausflug-hurghada\/"]}]},{"@type":"ImageObject","inLanguage":"de","@id":"https:\/\/landioustravel.com\/de\/shop\/luxor-abu-simbel-ausflug-hurghada\/#primaryimage","url":"https:\/\/i0.wp.com\/landioustravel.com\/wp-content\/uploads\/2021\/10\/Philae-temple.jpg?fit=1000%2C500&ssl=1","contentUrl":"https:\/\/i0.wp.com\/landioustravel.com\/wp-content\/uploads\/2021\/10\/Philae-temple.jpg?fit=1000%2C500&ssl=1","width":1000,"height":500,"caption":"Philae Temple"},{"@type":"BreadcrumbList","@id":"https:\/\/landioustravel.com\/de\/shop\/luxor-abu-simbel-ausflug-hurghada\/#breadcrumb","itemListElement":[{"@type":"ListItem","position":1,"name":"Home","item":"https:\/\/landioustravel.com\/de\/"},{"@type":"ListItem","position":2,"name":"\u00c4gypten Touren","item":"https:\/\/landioustravel.com\/de\/"},{"@type":"ListItem","position":3,"name":"Luxor Abu Simbel Tour Hurghada"}]},{"@type":"WebSite","@id":"https:\/\/landioustravel.com\/de\/#website","url":"https:\/\/landioustravel.com\/de\/","name":"Landious Travel","description":"Excursions, trips and cruises in Egypt","publisher":{"@id":"https:\/\/landioustravel.com\/de\/#organization"},"potentialAction":[{"@type":"SearchAction","target":{"@type":"EntryPoint","urlTemplate":"https:\/\/landioustravel.com\/de\/?s={search_term_string}"},"query-input":{"@type":"PropertyValueSpecification","valueRequired":true,"valueName":"search_term_string"}}],"inLanguage":"de"},{"@type":["Organization","Place"],"@id":"https:\/\/landioustravel.com\/de\/#organization","name":"Landious Travel","alternateName":"Landious Travel","url":"https:\/\/landioustravel.com\/de\/","logo":{"@id":"https:\/\/landioustravel.com\/de\/shop\/luxor-abu-simbel-ausflug-hurghada\/#local-main-organization-logo"},"image":{"@id":"https:\/\/landioustravel.com\/de\/shop\/luxor-abu-simbel-ausflug-hurghada\/#local-main-organization-logo"},"sameAs":["https:\/\/web.facebook.com\/landiousEgypt","https:\/\/x.com\/LandiousTours","https:\/\/mastodon.social\/@landious"],"legalName":"Landious Travel","telephone":[],"openingHoursSpecification":[{"@type":"OpeningHoursSpecification","dayOfWeek":["Monday","Tuesday","Wednesday","Thursday","Friday","Saturday","Sunday"],"opens":"09:00","closes":"17:00"}]},{"@type":"ImageObject","inLanguage":"de","@id":"https:\/\/landioustravel.com\/de\/shop\/luxor-abu-simbel-ausflug-hurghada\/#local-main-organization-logo","url":"https:\/\/i0.wp.com\/landioustravel.com\/wp-content\/uploads\/2021\/06\/Landious-T.png?fit=500%2C500&ssl=1","contentUrl":"https:\/\/i0.wp.com\/landioustravel.com\/wp-content\/uploads\/2021\/06\/Landious-T.png?fit=500%2C500&ssl=1","width":500,"height":500,"caption":"Landious Travel"}]}},"jetpack_publicize_connections":[],"uagb_featured_image_src":{"full":["https:\/\/i0.wp.com\/landioustravel.com\/wp-content\/uploads\/2021\/10\/Philae-temple.jpg?fit=1000%2C500&ssl=1",1000,500,false],"thumbnail":["https:\/\/i0.wp.com\/landioustravel.com\/wp-content\/uploads\/2021\/10\/Philae-temple.jpg?resize=150%2C150&ssl=1",150,150,true],"medium":["https:\/\/i0.wp.com\/landioustravel.com\/wp-content\/uploads\/2021\/10\/Philae-temple.jpg?fit=300%2C150&ssl=1",300,150,true],"medium_large":["https:\/\/i0.wp.com\/landioustravel.com\/wp-content\/uploads\/2021\/10\/Philae-temple.jpg?fit=768%2C384&ssl=1",768,384,true],"large":["https:\/\/i0.wp.com\/landioustravel.com\/wp-content\/uploads\/2021\/10\/Philae-temple.jpg?fit=980%2C490&ssl=1",980,490,true],"1536x1536":["https:\/\/i0.wp.com\/landioustravel.com\/wp-content\/uploads\/2021\/10\/Philae-temple.jpg?fit=1000%2C500&ssl=1",1000,500,true],"2048x2048":["https:\/\/i0.wp.com\/landioustravel.com\/wp-content\/uploads\/2021\/10\/Philae-temple.jpg?fit=1000%2C500&ssl=1",1000,500,true],"newspack-article-block-landscape-large":["https:\/\/i0.wp.com\/landioustravel.com\/wp-content\/uploads\/2021\/10\/Philae-temple.jpg?resize=1000%2C500&ssl=1",1000,500,true],"newspack-article-block-portrait-large":["https:\/\/i0.wp.com\/landioustravel.com\/wp-content\/uploads\/2021\/10\/Philae-temple.jpg?resize=900%2C500&ssl=1",900,500,true],"newspack-article-block-square-large":["https:\/\/i0.wp.com\/landioustravel.com\/wp-content\/uploads\/2021\/10\/Philae-temple.jpg?resize=1000%2C500&ssl=1",1000,500,true],"newspack-article-block-landscape-medium":["https:\/\/i0.wp.com\/landioustravel.com\/wp-content\/uploads\/2021\/10\/Philae-temple.jpg?resize=800%2C500&ssl=1",800,500,true],"newspack-article-block-portrait-medium":["https:\/\/i0.wp.com\/landioustravel.com\/wp-content\/uploads\/2021\/10\/Philae-temple.jpg?resize=600%2C500&ssl=1",600,500,true],"newspack-article-block-square-medium":["https:\/\/i0.wp.com\/landioustravel.com\/wp-content\/uploads\/2021\/10\/Philae-temple.jpg?resize=800%2C500&ssl=1",800,500,true],"newspack-article-block-landscape-intermediate":["https:\/\/i0.wp.com\/landioustravel.com\/wp-content\/uploads\/2021\/10\/Philae-temple.jpg?resize=600%2C450&ssl=1",600,450,true],"newspack-article-block-portrait-intermediate":["https:\/\/i0.wp.com\/landioustravel.com\/wp-content\/uploads\/2021\/10\/Philae-temple.jpg?resize=450%2C500&ssl=1",450,500,true],"newspack-article-block-square-intermediate":["https:\/\/i0.wp.com\/landioustravel.com\/wp-content\/uploads\/2021\/10\/Philae-temple.jpg?resize=600%2C500&ssl=1",600,500,true],"newspack-article-block-landscape-small":["https:\/\/i0.wp.com\/landioustravel.com\/wp-content\/uploads\/2021\/10\/Philae-temple.jpg?resize=400%2C300&ssl=1",400,300,true],"newspack-article-block-portrait-small":["https:\/\/i0.wp.com\/landioustravel.com\/wp-content\/uploads\/2021\/10\/Philae-temple.jpg?resize=300%2C400&ssl=1",300,400,true],"newspack-article-block-square-small":["https:\/\/i0.wp.com\/landioustravel.com\/wp-content\/uploads\/2021\/10\/Philae-temple.jpg?resize=400%2C400&ssl=1",400,400,true],"newspack-article-block-landscape-tiny":["https:\/\/i0.wp.com\/landioustravel.com\/wp-content\/uploads\/2021\/10\/Philae-temple.jpg?resize=200%2C150&ssl=1",200,150,true],"newspack-article-block-portrait-tiny":["https:\/\/i0.wp.com\/landioustravel.com\/wp-content\/uploads\/2021\/10\/Philae-temple.jpg?resize=150%2C200&ssl=1",150,200,true],"newspack-article-block-square-tiny":["https:\/\/i0.wp.com\/landioustravel.com\/wp-content\/uploads\/2021\/10\/Philae-temple.jpg?resize=200%2C200&ssl=1",200,200,true],"newspack-article-block-uncropped":["https:\/\/i0.wp.com\/landioustravel.com\/wp-content\/uploads\/2021\/10\/Philae-temple.jpg?fit=1000%2C500&ssl=1",1000,500,true],"woocommerce_thumbnail":["https:\/\/i0.wp.com\/landioustravel.com\/wp-content\/uploads\/2021\/10\/Philae-temple.jpg?resize=324%2C324&ssl=1",324,324,true],"woocommerce_single":["https:\/\/i0.wp.com\/landioustravel.com\/wp-content\/uploads\/2021\/10\/Philae-temple.jpg?fit=416%2C208&ssl=1",416,208,true],"woocommerce_gallery_thumbnail":["https:\/\/i0.wp.com\/landioustravel.com\/wp-content\/uploads\/2021\/10\/Philae-temple.jpg?resize=100%2C100&ssl=1",100,100,true]},"uagb_author_info":{"display_name":"Mofreh Landious","author_link":"https:\/\/landioustravel.com\/de\/author\/"},"uagb_comment_info":0,"uagb_excerpt":"Erleben Sie die Pracht der Antike bei unserer gef\u00fchrten zweit\u00e4gigen Tour durch Luxor und Abu Simbel. Bewundern Sie den Anblick des Karnak-Tempels, des Tempels der G\u00f6ttin Isis auf der Insel Philae, des unvollendeten Obelisken der Hatschepsut und der Tempel von Ramses II. Genie\u00dfen Sie ein Bootspicknick an der Feluke \u00fcber dem Nil und bestaunen Sie&hellip;","jetpack_sharing_enabled":true,"jetpack_likes_enabled":true,"amp_enabled":true,"_links":{"self":[{"href":"https:\/\/landioustravel.com\/de\/wp-json\/wp\/v2\/product\/39559","targetHints":{"allow":["GET"]}}],"collection":[{"href":"https:\/\/landioustravel.com\/de\/wp-json\/wp\/v2\/product"}],"about":[{"href":"https:\/\/landioustravel.com\/de\/wp-json\/wp\/v2\/types\/product"}],"replies":[{"embeddable":true,"href":"https:\/\/landioustravel.com\/de\/wp-json\/wp\/v2\/comments?post=39559"}],"wp:featuredmedia":[{"embeddable":true,"href":"https:\/\/landioustravel.com\/de\/wp-json\/wp\/v2\/media\/127493"}],"wp:attachment":[{"href":"https:\/\/landioustravel.com\/de\/wp-json\/wp\/v2\/media?parent=39559"}],"wp:term":[{"taxonomy":"product_brand","embeddable":true,"href":"https:\/\/landioustravel.com\/de\/wp-json\/wp\/v2\/product_brand?post=39559"},{"taxonomy":"product_cat","embeddable":true,"href":"https:\/\/landioustravel.com\/de\/wp-json\/wp\/v2\/product_cat?post=39559"},{"taxonomy":"product_tag","embeddable":true,"href":"https:\/\/landioustravel.com\/de\/wp-json\/wp\/v2\/product_tag?post=39559"}],"curies":[{"name":"wp","href":"https:\/\/api.w.org\/{rel}","templated":true}]}}