{"id":39723,"date":"2021-11-07T05:25:25","date_gmt":"2021-11-29T19:58:19","guid":{"rendered":"https:\/\/landioustravel.com\/?post_type=product&#038;p=39723"},"modified":"2025-11-10T19:14:08","modified_gmt":"2025-11-10T17:14:08","slug":"kairo-reise-flugzeug-hurghada","status":"publish","type":"product","link":"https:\/\/landioustravel.com\/de\/shop\/kairo-reise-flugzeug-hurghada\/","title":{"rendered":"Kairo Reise mit dem Flugzeug Hurghada"},"content":{"rendered":"<p>Es ist eine fantastische Reise nach Kairo von <a href=\"https:\/\/landioustravel.com\/de\/hurghada-stadt\/\">Hurghada<\/a> mit dem Flugzeug, <a href=\"https:\/\/landioustravel.com\/de\/agypten\/\">\u00c4gypten<\/a>! Wir empfehlen diese Reise, da sie es Touristen erm\u00f6glicht, die beeindruckendsten Sehensw\u00fcrdigkeiten zu sehen und mehr \u00fcber die Geschichte des Landes zu erfahren. Nat\u00fcrlich f\u00fchrt diese Reise zu den gro\u00dfen Pyramiden und der riesigen Sphinx von Gizeh.<\/p>\n<p>Au\u00dferdem geht es auch an das \u00c4gyptische Museum in Kairo. Dar\u00fcber hinaus werden die Passagiere der Reise diese lang ersehnte Reise ohne gro\u00dfen Zeitverlust unternehmen. Generell spart das Reisen mit dem Flugzeug Zeit. ONLINE BUCHUNG KAIRO TRIP HURGHADA MIT DEM FLUGZEUG UND BESTER PREIS!<\/p>\n<h2>Highlights auf der Reise nach Kairo von Hurghada mit dem Flugzeug<\/h2>\n<ul>\n<li>Besuchen Sie das \u00c4gyptische Museum in Kairo.<\/li>\n<li>Mittagessen in einem Restaurant.<\/li>\n<li>Besuchen Sie die drei Pyramiden in Gizeh.<\/li>\n<li>Auch die Gro\u00dfe Sphinx im Pyramidenkomplex.<\/li>\n<\/ul>\n<h2>Programm der Flugreise nach Kairo \u2013 Gizeh<\/h2>\n<ul>\n<li>Der Mitarbeiter von Landious Travel holt Sie gegen 05:00 Uhr in einem klimatisierten Fahrzeug von Ihrem Hotel in Hurghada ab.<\/li>\n<li>Nachdem alle Ank\u00f6mmlinge abgeholt wurden, f\u00e4hrt der Bus zum internationalen Flughafen von Hurghada. Die Fahrt zum Flughafen dauert etwa 30 Minuten.<\/li>\n<\/ul>\n<h3>Programm in Kairo<\/h3>\n<ul>\n<li>Sobald Sie in Kairo ankommen, zeigen wir Ihnen das \u00c4gyptische Museum. Dieses Museum hat etwa 100 Ausstellungshallen in diesem Museum. In diesen S\u00e4len befindet sich eine einzigartige Sammlung von etwa 150.000 Gegenst\u00e4nden. Ihr Guide hat die Aufgabe, alle Hauptexponate in diesem riesigen Museum zu zeigen. Au\u00dferdem wird er Ihnen Zeit zum Fotografieren geben.<\/li>\n<li>Nach dem Besuch des \u00c4gyptischen Museums starten Sie das Bootspicknick auf dem Nil. Diese Nilreise ist ein Zusatzprogramm und Sie k\u00f6nnen es vorab \u00fcber uns buchen! Sobald das Bootspicknick auf dem Nil endet, geht es in eine andere Stadt \u2013 Gizeh.<\/li>\n<\/ul>\n<h3>Programm in Gizeh<\/h3>\n<ul>\n<li>Nat\u00fcrlich geht die Reise in Gizeh weiter. Der erste Halt an diesem Ort wird im Restaurant sein. Es bietet ein offenes Buffet.<\/li>\n<li>Dann geht es weiter zum Pyramidenkomplex von Gizeh, wo es so gro\u00dfe Pyramiden und die Sphinx gibt. Auch hier zeigt Ihnen Ihr Guide diese Denkm\u00e4ler und l\u00e4sst Ihnen Zeit, ein Foto zu machen.<\/li>\n<\/ul>\n<h3>Abfahrt nach Hurghada<\/h3>\n<ul>\n<li>Nach einem so ausgezeichneten Programm in den St\u00e4dten Kairo und Gizeh geht es schlie\u00dflich zum Flughafen Kairo.<\/li>\n<li>Diese Reise nach Kairo von Hurghada mit dem Flugzeug endet gegen 23:00 Uhr.<\/li>\n<\/ul>\n<h2>Was beinhaltet der Preis f\u00fcr das Hurghada-Flugzeug nach Kairo?<\/h2>\n<ul>\n<li>Tickets f\u00fcr den Besuch von Tempeln.<\/li>\n<li>Mittagessen.<\/li>\n<li>Handbuch.<\/li>\n<li>Transfer zum Flughafen Hurghada.<\/li>\n<li>Fahrzeug in Kairo.<\/li>\n<li>Au\u00dferdem Transfer vom Flughafen Hurghada zur\u00fcck zu Ihrem Hotel.<\/li>\n<\/ul>\n<h2>Was beinhaltet das Programm der Kairo Tour Hurghada mit dem Flugzeug nicht?<\/h2>\n<ul>\n<li>Zus\u00e4tzliche Ausflugsprogramme, falls nicht im oben genannten Programm enthalten.<\/li>\n<li>Auch Getr\u00e4nke.<\/li>\n<\/ul>\n<h2>Was nehmen Sie auf die Reise mit?<\/h2>\n<ul>\n<li>Fr\u00fchst\u00fccksbox.<\/li>\n<li>Auch Reisepass.<\/li>\n<\/ul>\n<h2>Kairo Reise mit dem Flugzeug Hurghada Buchungstage<\/h2>\n<ul>\n<li>Sonntags von 05:00 \u2013 23:00 Uhr.<\/li>\n<li>Donnerstags von 05:00 \u2013 23:00 Uhr.<\/li>\n<li>Auch freitags von 05:00 \u2013 23:00 Uhr.<\/li>\n<\/ul>\n","protected":false},"excerpt":{"rendered":"<p>Fliegen Sie mit dem Flugzeug von Hurghada nach Kairo, wo Sie einen aufregenden Ausflug zu den Pyramiden genie\u00dfen k\u00f6nnen. Ihr Reiseleiter holt Sie mit einem klimatisierten Fahrzeug vor Ihrem Hotel in Hurghada ab und bringt Sie zum Flughafen, wo Sie Ihren Flug nach Kairo nehmen.<\/p>\n<p>Bei Ihrer Ankunft in Kairo werden Sie vom \u00c4gyptologen begr\u00fc\u00dft, der Sie w\u00e4hrend der gesamten Tour begleitet. Ihre Tour beginnt in Gizeh, wo Sie die ber\u00fchmten Pyramiden von Cheops, Chephren und Mykerinos sowie die Sphinx besichtigen.<\/p>\n<p>Genie\u00dfen Sie ein Mittagessen in einem ausgezeichneten Restaurant, bevor Sie die Tour fortsetzen. Nach dem Mittagessen in einem lokalen Restaurant in Kairo begeben Sie sich zum \u00c4gyptischen Museum. Hier k\u00f6nnen Sie die Sch\u00e4tze des jungen Pharaos Tutanchamun besichtigen. Am Nachmittag k\u00f6nnen Sie auf Wunsch in Kairo einkaufen gehen. Am Ende Ihres Tages werden Sie zum Flughafen in Kairo gefahren, um den Flug zur\u00fcck nach Hurghada zu nehmen. Dort angekommen werden Sie zur\u00fcck zu Ihrem Hotel gebracht.<\/p>\n<p>Im Reisepreis sind Flugtickets, Eintrittskarten und Transfers enthalten.<\/p>\n","protected":false},"featured_media":99181,"comment_status":"open","ping_status":"closed","template":"","meta":{"_coblocks_attr":"","_coblocks_dimensions":"","_coblocks_responsive_height":"","_coblocks_accordion_ie_support":"","_uag_custom_page_level_css":"","jetpack_post_was_ever_published":false,"jetpack_publicize_message":"","jetpack_publicize_feature_enabled":true,"jetpack_social_post_already_shared":true,"jetpack_social_options":{"image_generator_settings":{"template":"highway","default_image_id":0,"font":"","enabled":false},"version":2},"_wpas_customize_per_network":false},"product_brand":[],"product_cat":[1601,1597,22153,22095,20140,20143],"product_tag":[2143,1653,9906,1774,1652,1654,1655],"class_list":{"0":"post-39723","1":"product","2":"type-product","3":"status-publish","4":"has-post-thumbnail","6":"product_cat-historische-ausfluge-hurghada","7":"product_cat-ausfluge-hurghada","8":"product_cat-hurghada-ausfluege-kairo","9":"product_cat-hurghada-lufttouren","10":"product_cat-hurghada-tagestouren-kairo","11":"product_cat-hurghada-touren-pyramiden","12":"product_tag-ausfluge-von-hurghada","13":"product_tag-ausflug","14":"product_tag-besichtigung","15":"product_tag-hurghada-de","16":"product_tag-kairo","17":"product_tag-pyramiden","18":"product_tag-sphinx-de","19":"pa_age-erwachsene","20":"pa_age-kind","22":"first","23":"instock","24":"sale","25":"taxable","26":"shipping-taxable","27":"purchasable","28":"product-type-variable"},"yoast_head":"<!-- This site is optimized with the Yoast SEO Premium plugin v26.9 (Yoast SEO v27.3) - https:\/\/yoast.com\/product\/yoast-seo-premium-wordpress\/ -->\n<title>Kairo Reise mit dem Flugzeug Hurghada<\/title>\n<meta name=\"description\" content=\"Kairo Reise mit dem Flugzeug Hurghada sehen Sie die drei gro\u00dfen Pyramiden von Gizeh und die Gro\u00dfe Sphinx. Als n\u00e4chstes essen Sie zu Mittag\" \/>\n<meta name=\"robots\" content=\"index, follow, max-snippet:-1, max-image-preview:large, max-video-preview:-1\" \/>\n<link rel=\"canonical\" href=\"https:\/\/landioustravel.com\/de\/shop\/kairo-reise-flugzeug-hurghada\/\" \/>\n<meta property=\"og:locale\" content=\"de_DE\" \/>\n<meta property=\"og:type\" content=\"article\" \/>\n<meta property=\"og:title\" content=\"Kairo Reise mit dem Flugzeug Hurghada\" \/>\n<meta property=\"og:description\" content=\"Landious Travel\" \/>\n<meta property=\"og:url\" content=\"https:\/\/landioustravel.com\/de\/shop\/kairo-reise-flugzeug-hurghada\/\" \/>\n<meta property=\"og:site_name\" content=\"Landious Travel\" \/>\n<meta property=\"article:publisher\" content=\"https:\/\/web.facebook.com\/landiousEgypt\" \/>\n<meta property=\"article:modified_time\" content=\"2025-11-10T17:14:08+00:00\" \/>\n<meta property=\"og:image\" content=\"https:\/\/i0.wp.com\/landioustravel.com\/wp-content\/uploads\/2021\/11\/Cairo-Trip-by-Plane-Hurghada.jpg?fit=1200%2C800&ssl=1\" \/>\n\t<meta property=\"og:image:width\" content=\"1200\" \/>\n\t<meta property=\"og:image:height\" content=\"800\" \/>\n\t<meta property=\"og:image:type\" content=\"image\/jpeg\" \/>\n<meta name=\"twitter:card\" content=\"summary_large_image\" \/>\n<meta name=\"twitter:site\" content=\"@LandiousTours\" \/>\n<meta name=\"twitter:label1\" content=\"Gesch\u00e4tzte Lesezeit\" \/>\n\t<meta name=\"twitter:data1\" content=\"2\u00a0Minuten\" \/>\n<script type=\"application\/ld+json\" class=\"yoast-schema-graph\">{\"@context\":\"https:\\\/\\\/schema.org\",\"@graph\":[{\"@type\":\"WebPage\",\"@id\":\"https:\\\/\\\/landioustravel.com\\\/de\\\/shop\\\/kairo-reise-flugzeug-hurghada\\\/\",\"url\":\"https:\\\/\\\/landioustravel.com\\\/de\\\/shop\\\/kairo-reise-flugzeug-hurghada\\\/\",\"name\":\"Kairo Reise mit dem Flugzeug Hurghada\",\"isPartOf\":{\"@id\":\"https:\\\/\\\/landioustravel.com\\\/de\\\/#website\"},\"primaryImageOfPage\":{\"@id\":\"https:\\\/\\\/landioustravel.com\\\/de\\\/shop\\\/kairo-reise-flugzeug-hurghada\\\/#primaryimage\"},\"image\":{\"@id\":\"https:\\\/\\\/landioustravel.com\\\/de\\\/shop\\\/kairo-reise-flugzeug-hurghada\\\/#primaryimage\"},\"thumbnailUrl\":\"https:\\\/\\\/i0.wp.com\\\/landioustravel.com\\\/wp-content\\\/uploads\\\/2021\\\/11\\\/Cairo-Trip-by-Plane-Hurghada.jpg?fit=1200%2C800&ssl=1\",\"datePublished\":\"2021-11-29T19:58:19+00:00\",\"dateModified\":\"2025-11-10T17:14:08+00:00\",\"description\":\"Kairo Reise mit dem Flugzeug Hurghada sehen Sie die drei gro\u00dfen Pyramiden von Gizeh und die Gro\u00dfe Sphinx. Als n\u00e4chstes essen Sie zu Mittag\",\"breadcrumb\":{\"@id\":\"https:\\\/\\\/landioustravel.com\\\/de\\\/shop\\\/kairo-reise-flugzeug-hurghada\\\/#breadcrumb\"},\"inLanguage\":\"de\",\"potentialAction\":[{\"@type\":\"ReadAction\",\"target\":[\"https:\\\/\\\/landioustravel.com\\\/de\\\/shop\\\/kairo-reise-flugzeug-hurghada\\\/\"]}]},{\"@type\":\"ImageObject\",\"inLanguage\":\"de\",\"@id\":\"https:\\\/\\\/landioustravel.com\\\/de\\\/shop\\\/kairo-reise-flugzeug-hurghada\\\/#primaryimage\",\"url\":\"https:\\\/\\\/i0.wp.com\\\/landioustravel.com\\\/wp-content\\\/uploads\\\/2021\\\/11\\\/Cairo-Trip-by-Plane-Hurghada.jpg?fit=1200%2C800&ssl=1\",\"contentUrl\":\"https:\\\/\\\/i0.wp.com\\\/landioustravel.com\\\/wp-content\\\/uploads\\\/2021\\\/11\\\/Cairo-Trip-by-Plane-Hurghada.jpg?fit=1200%2C800&ssl=1\",\"width\":1200,\"height\":800,\"caption\":\"Cairo Trip by Plane Hurghada\"},{\"@type\":\"BreadcrumbList\",\"@id\":\"https:\\\/\\\/landioustravel.com\\\/de\\\/shop\\\/kairo-reise-flugzeug-hurghada\\\/#breadcrumb\",\"itemListElement\":[{\"@type\":\"ListItem\",\"position\":1,\"name\":\"Home\",\"item\":\"https:\\\/\\\/landioustravel.com\\\/de\\\/\"},{\"@type\":\"ListItem\",\"position\":2,\"name\":\"\u00c4gypten Touren\",\"item\":\"https:\\\/\\\/landioustravel.com\\\/de\\\/\"},{\"@type\":\"ListItem\",\"position\":3,\"name\":\"Kairo Reise mit dem Flugzeug Hurghada\"}]},{\"@type\":\"WebSite\",\"@id\":\"https:\\\/\\\/landioustravel.com\\\/de\\\/#website\",\"url\":\"https:\\\/\\\/landioustravel.com\\\/de\\\/\",\"name\":\"Landious Travel\",\"description\":\"Excursions, trips and cruises in Egypt\",\"publisher\":{\"@id\":\"https:\\\/\\\/landioustravel.com\\\/de\\\/#organization\"},\"potentialAction\":[{\"@type\":\"SearchAction\",\"target\":{\"@type\":\"EntryPoint\",\"urlTemplate\":\"https:\\\/\\\/landioustravel.com\\\/de\\\/?s={search_term_string}\"},\"query-input\":{\"@type\":\"PropertyValueSpecification\",\"valueRequired\":true,\"valueName\":\"search_term_string\"}}],\"inLanguage\":\"de\"},{\"@type\":[\"Organization\",\"Place\"],\"@id\":\"https:\\\/\\\/landioustravel.com\\\/de\\\/#organization\",\"name\":\"Landious Travel\",\"alternateName\":\"Landious Travel\",\"url\":\"https:\\\/\\\/landioustravel.com\\\/de\\\/\",\"logo\":{\"@id\":\"https:\\\/\\\/landioustravel.com\\\/de\\\/shop\\\/kairo-reise-flugzeug-hurghada\\\/#local-main-organization-logo\"},\"image\":{\"@id\":\"https:\\\/\\\/landioustravel.com\\\/de\\\/shop\\\/kairo-reise-flugzeug-hurghada\\\/#local-main-organization-logo\"},\"sameAs\":[\"https:\\\/\\\/web.facebook.com\\\/landiousEgypt\",\"https:\\\/\\\/x.com\\\/LandiousTours\",\"https:\\\/\\\/mastodon.social\\\/@landious\"],\"legalName\":\"Landious Travel\",\"telephone\":[],\"openingHoursSpecification\":[{\"@type\":\"OpeningHoursSpecification\",\"dayOfWeek\":[\"Monday\",\"Tuesday\",\"Wednesday\",\"Thursday\",\"Friday\",\"Saturday\",\"Sunday\"],\"opens\":\"09:00\",\"closes\":\"17:00\"}]},{\"@type\":\"ImageObject\",\"inLanguage\":\"de\",\"@id\":\"https:\\\/\\\/landioustravel.com\\\/de\\\/shop\\\/kairo-reise-flugzeug-hurghada\\\/#local-main-organization-logo\",\"url\":\"https:\\\/\\\/i0.wp.com\\\/landioustravel.com\\\/wp-content\\\/uploads\\\/2021\\\/06\\\/Landious-T.png?fit=500%2C500&ssl=1\",\"contentUrl\":\"https:\\\/\\\/i0.wp.com\\\/landioustravel.com\\\/wp-content\\\/uploads\\\/2021\\\/06\\\/Landious-T.png?fit=500%2C500&ssl=1\",\"width\":500,\"height\":500,\"caption\":\"Landious Travel\"}]}<\/script>\n<!-- \/ Yoast SEO Premium plugin. -->","yoast_head_json":{"title":"Kairo Reise mit dem Flugzeug Hurghada","description":"Kairo Reise mit dem Flugzeug Hurghada sehen Sie die drei gro\u00dfen Pyramiden von Gizeh und die Gro\u00dfe Sphinx. Als n\u00e4chstes essen Sie zu Mittag","robots":{"index":"index","follow":"follow","max-snippet":"max-snippet:-1","max-image-preview":"max-image-preview:large","max-video-preview":"max-video-preview:-1"},"canonical":"https:\/\/landioustravel.com\/de\/shop\/kairo-reise-flugzeug-hurghada\/","og_locale":"de_DE","og_type":"article","og_title":"Kairo Reise mit dem Flugzeug Hurghada","og_description":"Landious Travel","og_url":"https:\/\/landioustravel.com\/de\/shop\/kairo-reise-flugzeug-hurghada\/","og_site_name":"Landious Travel","article_publisher":"https:\/\/web.facebook.com\/landiousEgypt","article_modified_time":"2025-11-10T17:14:08+00:00","og_image":[{"width":1200,"height":800,"url":"https:\/\/i0.wp.com\/landioustravel.com\/wp-content\/uploads\/2021\/11\/Cairo-Trip-by-Plane-Hurghada.jpg?fit=1200%2C800&ssl=1","type":"image\/jpeg"}],"twitter_card":"summary_large_image","twitter_site":"@LandiousTours","twitter_misc":{"Gesch\u00e4tzte Lesezeit":"2\u00a0Minuten"},"schema":{"@context":"https:\/\/schema.org","@graph":[{"@type":"WebPage","@id":"https:\/\/landioustravel.com\/de\/shop\/kairo-reise-flugzeug-hurghada\/","url":"https:\/\/landioustravel.com\/de\/shop\/kairo-reise-flugzeug-hurghada\/","name":"Kairo Reise mit dem Flugzeug Hurghada","isPartOf":{"@id":"https:\/\/landioustravel.com\/de\/#website"},"primaryImageOfPage":{"@id":"https:\/\/landioustravel.com\/de\/shop\/kairo-reise-flugzeug-hurghada\/#primaryimage"},"image":{"@id":"https:\/\/landioustravel.com\/de\/shop\/kairo-reise-flugzeug-hurghada\/#primaryimage"},"thumbnailUrl":"https:\/\/i0.wp.com\/landioustravel.com\/wp-content\/uploads\/2021\/11\/Cairo-Trip-by-Plane-Hurghada.jpg?fit=1200%2C800&ssl=1","datePublished":"2021-11-29T19:58:19+00:00","dateModified":"2025-11-10T17:14:08+00:00","description":"Kairo Reise mit dem Flugzeug Hurghada sehen Sie die drei gro\u00dfen Pyramiden von Gizeh und die Gro\u00dfe Sphinx. Als n\u00e4chstes essen Sie zu Mittag","breadcrumb":{"@id":"https:\/\/landioustravel.com\/de\/shop\/kairo-reise-flugzeug-hurghada\/#breadcrumb"},"inLanguage":"de","potentialAction":[{"@type":"ReadAction","target":["https:\/\/landioustravel.com\/de\/shop\/kairo-reise-flugzeug-hurghada\/"]}]},{"@type":"ImageObject","inLanguage":"de","@id":"https:\/\/landioustravel.com\/de\/shop\/kairo-reise-flugzeug-hurghada\/#primaryimage","url":"https:\/\/i0.wp.com\/landioustravel.com\/wp-content\/uploads\/2021\/11\/Cairo-Trip-by-Plane-Hurghada.jpg?fit=1200%2C800&ssl=1","contentUrl":"https:\/\/i0.wp.com\/landioustravel.com\/wp-content\/uploads\/2021\/11\/Cairo-Trip-by-Plane-Hurghada.jpg?fit=1200%2C800&ssl=1","width":1200,"height":800,"caption":"Cairo Trip by Plane Hurghada"},{"@type":"BreadcrumbList","@id":"https:\/\/landioustravel.com\/de\/shop\/kairo-reise-flugzeug-hurghada\/#breadcrumb","itemListElement":[{"@type":"ListItem","position":1,"name":"Home","item":"https:\/\/landioustravel.com\/de\/"},{"@type":"ListItem","position":2,"name":"\u00c4gypten Touren","item":"https:\/\/landioustravel.com\/de\/"},{"@type":"ListItem","position":3,"name":"Kairo Reise mit dem Flugzeug Hurghada"}]},{"@type":"WebSite","@id":"https:\/\/landioustravel.com\/de\/#website","url":"https:\/\/landioustravel.com\/de\/","name":"Landious Travel","description":"Excursions, trips and cruises in Egypt","publisher":{"@id":"https:\/\/landioustravel.com\/de\/#organization"},"potentialAction":[{"@type":"SearchAction","target":{"@type":"EntryPoint","urlTemplate":"https:\/\/landioustravel.com\/de\/?s={search_term_string}"},"query-input":{"@type":"PropertyValueSpecification","valueRequired":true,"valueName":"search_term_string"}}],"inLanguage":"de"},{"@type":["Organization","Place"],"@id":"https:\/\/landioustravel.com\/de\/#organization","name":"Landious Travel","alternateName":"Landious Travel","url":"https:\/\/landioustravel.com\/de\/","logo":{"@id":"https:\/\/landioustravel.com\/de\/shop\/kairo-reise-flugzeug-hurghada\/#local-main-organization-logo"},"image":{"@id":"https:\/\/landioustravel.com\/de\/shop\/kairo-reise-flugzeug-hurghada\/#local-main-organization-logo"},"sameAs":["https:\/\/web.facebook.com\/landiousEgypt","https:\/\/x.com\/LandiousTours","https:\/\/mastodon.social\/@landious"],"legalName":"Landious Travel","telephone":[],"openingHoursSpecification":[{"@type":"OpeningHoursSpecification","dayOfWeek":["Monday","Tuesday","Wednesday","Thursday","Friday","Saturday","Sunday"],"opens":"09:00","closes":"17:00"}]},{"@type":"ImageObject","inLanguage":"de","@id":"https:\/\/landioustravel.com\/de\/shop\/kairo-reise-flugzeug-hurghada\/#local-main-organization-logo","url":"https:\/\/i0.wp.com\/landioustravel.com\/wp-content\/uploads\/2021\/06\/Landious-T.png?fit=500%2C500&ssl=1","contentUrl":"https:\/\/i0.wp.com\/landioustravel.com\/wp-content\/uploads\/2021\/06\/Landious-T.png?fit=500%2C500&ssl=1","width":500,"height":500,"caption":"Landious Travel"}]}},"jetpack_publicize_connections":[],"uagb_featured_image_src":{"full":["https:\/\/i0.wp.com\/landioustravel.com\/wp-content\/uploads\/2021\/11\/Cairo-Trip-by-Plane-Hurghada.jpg?fit=1200%2C800&ssl=1",1200,800,false],"thumbnail":["https:\/\/i0.wp.com\/landioustravel.com\/wp-content\/uploads\/2021\/11\/Cairo-Trip-by-Plane-Hurghada.jpg?resize=150%2C150&ssl=1",150,150,true],"medium":["https:\/\/i0.wp.com\/landioustravel.com\/wp-content\/uploads\/2021\/11\/Cairo-Trip-by-Plane-Hurghada.jpg?fit=300%2C200&ssl=1",300,200,true],"medium_large":["https:\/\/i0.wp.com\/landioustravel.com\/wp-content\/uploads\/2021\/11\/Cairo-Trip-by-Plane-Hurghada.jpg?fit=768%2C512&ssl=1",768,512,true],"large":["https:\/\/i0.wp.com\/landioustravel.com\/wp-content\/uploads\/2021\/11\/Cairo-Trip-by-Plane-Hurghada.jpg?fit=980%2C654&ssl=1",980,654,true],"1536x1536":["https:\/\/i0.wp.com\/landioustravel.com\/wp-content\/uploads\/2021\/11\/Cairo-Trip-by-Plane-Hurghada.jpg?fit=1200%2C800&ssl=1",1200,800,true],"2048x2048":["https:\/\/i0.wp.com\/landioustravel.com\/wp-content\/uploads\/2021\/11\/Cairo-Trip-by-Plane-Hurghada.jpg?fit=1200%2C800&ssl=1",1200,800,true],"newspack-article-block-landscape-large":["https:\/\/i0.wp.com\/landioustravel.com\/wp-content\/uploads\/2021\/11\/Cairo-Trip-by-Plane-Hurghada.jpg?resize=1200%2C800&ssl=1",1200,800,true],"newspack-article-block-portrait-large":["https:\/\/i0.wp.com\/landioustravel.com\/wp-content\/uploads\/2021\/11\/Cairo-Trip-by-Plane-Hurghada.jpg?resize=900%2C800&ssl=1",900,800,true],"newspack-article-block-square-large":["https:\/\/i0.wp.com\/landioustravel.com\/wp-content\/uploads\/2021\/11\/Cairo-Trip-by-Plane-Hurghada.jpg?resize=1200%2C800&ssl=1",1200,800,true],"newspack-article-block-landscape-medium":["https:\/\/i0.wp.com\/landioustravel.com\/wp-content\/uploads\/2021\/11\/Cairo-Trip-by-Plane-Hurghada.jpg?resize=800%2C600&ssl=1",800,600,true],"newspack-article-block-portrait-medium":["https:\/\/i0.wp.com\/landioustravel.com\/wp-content\/uploads\/2021\/11\/Cairo-Trip-by-Plane-Hurghada.jpg?resize=600%2C800&ssl=1",600,800,true],"newspack-article-block-square-medium":["https:\/\/i0.wp.com\/landioustravel.com\/wp-content\/uploads\/2021\/11\/Cairo-Trip-by-Plane-Hurghada.jpg?resize=800%2C800&ssl=1",800,800,true],"newspack-article-block-landscape-intermediate":["https:\/\/i0.wp.com\/landioustravel.com\/wp-content\/uploads\/2021\/11\/Cairo-Trip-by-Plane-Hurghada.jpg?resize=600%2C450&ssl=1",600,450,true],"newspack-article-block-portrait-intermediate":["https:\/\/i0.wp.com\/landioustravel.com\/wp-content\/uploads\/2021\/11\/Cairo-Trip-by-Plane-Hurghada.jpg?resize=450%2C600&ssl=1",450,600,true],"newspack-article-block-square-intermediate":["https:\/\/i0.wp.com\/landioustravel.com\/wp-content\/uploads\/2021\/11\/Cairo-Trip-by-Plane-Hurghada.jpg?resize=600%2C600&ssl=1",600,600,true],"newspack-article-block-landscape-small":["https:\/\/i0.wp.com\/landioustravel.com\/wp-content\/uploads\/2021\/11\/Cairo-Trip-by-Plane-Hurghada.jpg?resize=400%2C300&ssl=1",400,300,true],"newspack-article-block-portrait-small":["https:\/\/i0.wp.com\/landioustravel.com\/wp-content\/uploads\/2021\/11\/Cairo-Trip-by-Plane-Hurghada.jpg?resize=300%2C400&ssl=1",300,400,true],"newspack-article-block-square-small":["https:\/\/i0.wp.com\/landioustravel.com\/wp-content\/uploads\/2021\/11\/Cairo-Trip-by-Plane-Hurghada.jpg?resize=400%2C400&ssl=1",400,400,true],"newspack-article-block-landscape-tiny":["https:\/\/i0.wp.com\/landioustravel.com\/wp-content\/uploads\/2021\/11\/Cairo-Trip-by-Plane-Hurghada.jpg?resize=200%2C150&ssl=1",200,150,true],"newspack-article-block-portrait-tiny":["https:\/\/i0.wp.com\/landioustravel.com\/wp-content\/uploads\/2021\/11\/Cairo-Trip-by-Plane-Hurghada.jpg?resize=150%2C200&ssl=1",150,200,true],"newspack-article-block-square-tiny":["https:\/\/i0.wp.com\/landioustravel.com\/wp-content\/uploads\/2021\/11\/Cairo-Trip-by-Plane-Hurghada.jpg?resize=200%2C200&ssl=1",200,200,true],"newspack-article-block-uncropped":["https:\/\/i0.wp.com\/landioustravel.com\/wp-content\/uploads\/2021\/11\/Cairo-Trip-by-Plane-Hurghada.jpg?fit=1200%2C800&ssl=1",1200,800,true],"woocommerce_thumbnail":["https:\/\/i0.wp.com\/landioustravel.com\/wp-content\/uploads\/2021\/11\/Cairo-Trip-by-Plane-Hurghada.jpg?resize=324%2C324&ssl=1",324,324,true],"woocommerce_single":["https:\/\/i0.wp.com\/landioustravel.com\/wp-content\/uploads\/2021\/11\/Cairo-Trip-by-Plane-Hurghada.jpg?fit=416%2C277&ssl=1",416,277,true],"woocommerce_gallery_thumbnail":["https:\/\/i0.wp.com\/landioustravel.com\/wp-content\/uploads\/2021\/11\/Cairo-Trip-by-Plane-Hurghada.jpg?resize=100%2C100&ssl=1",100,100,true]},"uagb_author_info":{"display_name":"Mofreh Landious","author_link":"https:\/\/landioustravel.com\/de\/author\/"},"uagb_comment_info":1,"uagb_excerpt":"Fliegen Sie mit dem Flugzeug von Hurghada nach Kairo, wo Sie einen aufregenden Ausflug zu den Pyramiden genie\u00dfen k\u00f6nnen. Ihr Reiseleiter holt Sie mit einem klimatisierten Fahrzeug vor Ihrem Hotel in Hurghada ab und bringt Sie zum Flughafen, wo Sie Ihren Flug nach Kairo nehmen. Bei Ihrer Ankunft in Kairo werden Sie vom \u00c4gyptologen begr\u00fc\u00dft,&hellip;","jetpack_sharing_enabled":true,"jetpack_likes_enabled":true,"amp_enabled":true,"_links":{"self":[{"href":"https:\/\/landioustravel.com\/de\/wp-json\/wp\/v2\/product\/39723","targetHints":{"allow":["GET"]}}],"collection":[{"href":"https:\/\/landioustravel.com\/de\/wp-json\/wp\/v2\/product"}],"about":[{"href":"https:\/\/landioustravel.com\/de\/wp-json\/wp\/v2\/types\/product"}],"replies":[{"embeddable":true,"href":"https:\/\/landioustravel.com\/de\/wp-json\/wp\/v2\/comments?post=39723"}],"wp:featuredmedia":[{"embeddable":true,"href":"https:\/\/landioustravel.com\/de\/wp-json\/wp\/v2\/media\/99181"}],"wp:attachment":[{"href":"https:\/\/landioustravel.com\/de\/wp-json\/wp\/v2\/media?parent=39723"}],"wp:term":[{"taxonomy":"product_brand","embeddable":true,"href":"https:\/\/landioustravel.com\/de\/wp-json\/wp\/v2\/product_brand?post=39723"},{"taxonomy":"product_cat","embeddable":true,"href":"https:\/\/landioustravel.com\/de\/wp-json\/wp\/v2\/product_cat?post=39723"},{"taxonomy":"product_tag","embeddable":true,"href":"https:\/\/landioustravel.com\/de\/wp-json\/wp\/v2\/product_tag?post=39723"}],"curies":[{"name":"wp","href":"https:\/\/api.w.org\/{rel}","templated":true}]}}