{"id":40010,"date":"2021-12-13T04:19:34","date_gmt":"2021-12-13T15:28:22","guid":{"rendered":"https:\/\/landioustravel.com\/?post_type=product&#038;p=40010"},"modified":"2023-06-21T08:55:30","modified_gmt":"2023-06-21T06:55:30","slug":"kom-ombo-individuelle-tour-marsa-alam","status":"publish","type":"product","link":"https:\/\/landioustravel.com\/de\/shop\/kom-ombo-individuelle-tour-marsa-alam\/","title":{"rendered":"Kom Ombo Individuelle Tour Marsa Alam"},"content":{"rendered":"<p>ONLINE BUCHUNG KOM OMBO INDIVIDUELLE TOUR MARSA ALAM UND BESTER PREIS! Es ist ein wundersch\u00f6ner Ausflug nach Edfu und Kom Ombo von Marsa Alam, \u00c4gypten! Wir empfehlen diese Reise dringend, da sie es Touristen erm\u00f6glicht, viele alt\u00e4gyptische Sehensw\u00fcrdigkeiten zu sehen und mehr \u00fcber ihre Geschichte zu erfahren.<\/p>\n<p>Genie\u00dfen Sie diese Tagestour zum Edfu-Tempel und zum Kom Ombo-Tempel von Marsa Alam aus Es gibt nichts Besseres, als die alten \u00e4gyptischen Tempel zu bewundern und die Aussicht auf den Nil in Ober\u00e4gypten zu genie\u00dfen!<\/p>\n<h2>Highlights auf der Kom Ombo Individual Tour Marsa Alam<\/h2>\n<ul>\n<li>Sehen Sie den Edfu-Tempel.<\/li>\n<li>Bewundern Sie auch den Tempel des Gottes Sobek in Kom Ombo.<\/li>\n<\/ul>\n<h2>Tourprogramm zur Kom Ombo Private Tour<\/h2>\n<ul>\n<li>Der Vertreter von Landious Travel holt Sie gegen 03:00 Uhr morgens vom Hotel in (Marsa Alam, Al-Quseir und Port Ghalib) ab.<\/li>\n<li>Nachdem Sie alle Ank\u00f6mmlinge abgeholt haben, f\u00e4hrt der Bus nach Assuan in die St\u00e4dte Edfu und Kom Ombo. Die Stadt Edfu liegt 120 Kilometer s\u00fcdlich von Marsa Alam am Nil. Gleichzeitig liegt die 220 km entfernte Stadt Kom Ombo im Niltal. Vom Zentrum von Marsa Alam nach Assuan dauert der Weg etwa 4 Stunden.<\/li>\n<\/ul>\n<h3>Programm in Edfu<\/h3>\n<ul>\n<li>Sobald Sie in Edfu ankommen, zeigen wir Ihnen den Tempel des Gottes Horus.<\/li>\n<li>Anschlie\u00dfend fahren Sie nach Kom Ombo.<\/li>\n<\/ul>\n<h3>Programm in Kom Ombo<\/h3>\n<ul>\n<li>In Kom Ombo angekommen, k\u00f6nnen Sie Ihr Mittagessen in einem lokalen Restaurant genie\u00dfen.<\/li>\n<\/ul>\n<h3>Abfahrt nach Marsa Alam<\/h3>\n<ul>\n<li>Schlie\u00dflich f\u00e4hrt unser Bus nach einem solchen Programm in der sch\u00f6nen Stadt Assuan zur\u00fcck nach Marsa Alam.<\/li>\n<li>Diese Reise von Marsa Alam nach Kom Ombo und Edfu endet gegen 22:00 Uhr.<\/li>\n<\/ul>\n<h2>Was bietet die Kom Ombo Individuelle Tour Marsa Alam?<\/h2>\n<ul>\n<li>Tickets f\u00fcr den Besuch von Tempeln.<\/li>\n<li>Mittagessen.<\/li>\n<li>F\u00fchren.<\/li>\n<li>Au\u00dferdem Transfer nach Edfu\/Kom-Ombo und zur\u00fcck zum Hotel.<\/li>\n<\/ul>\n<h2>Was beinhaltet das Programm der Kom Ombo Individuelle Tour Marsa Alam nicht?<\/h2>\n<ul>\n<li>Zus\u00e4tzliche Ausflugsprogramme.<\/li>\n<li>Auch Getr\u00e4nke.<\/li>\n<\/ul>\n<h2>Was nehmen Sie f\u00fcr die Reise mit?<\/h2>\n<ul>\n<li>Fr\u00fchst\u00fccksbox.<\/li>\n<li>Reisepass.<\/li>\n<li>Nehmen Sie auch geeignete Kleidung f\u00fcr die Jahreszeit mit.<\/li>\n<\/ul>\n<h2>Kom Ombo Individuelle Tour Marsa Alam Buchungstage<\/h2>\n<ul>\n<li>T\u00e4glich von 04:00 \u2013 22:00 Uhr.<\/li>\n<\/ul>\n","protected":false},"excerpt":{"rendered":"<p>W\u00e4hrend Ihrer Reise nach Assuan haben Sie die M\u00f6glichkeit, an einigen Besichtigungsaktivit\u00e4ten teilzunehmen. Sie k\u00f6nnen zwei St\u00e4dte innerhalb des Gouvernements erkunden und einige der ber\u00fchmtesten Sehensw\u00fcrdigkeiten Assuans besuchen. Im Preis der Reise sind Transfers, Tickets und Verpflegung enthalten, was die Reise zu einem stressfreien Erlebnis macht. Genie\u00dfen Sie eine Tagestour zum Tempel des Gottes Horus in Edfu, dem am besten erhaltenen Kulttempel \u00c4gyptens, und zum Tempel des Gottes Sobek in Kom Ombo, der auf einer Anh\u00f6he mit Blick auf den Nil steht. Unser sachkundiger Reiseleiter begleitet Sie w\u00e4hrend der gesamten Reise.<\/p>\n<p>Die Reiseroute beginnt mit der Abholung von Ihrem Hotel in Marsa Alam um 5:00 Uhr morgens in einem modernen, klimatisierten Van. Anschlie\u00dfend fahren Sie nach Edfu, das etwa 3 Stunden von Marsa Alam entfernt liegt. Bei Ihrer Ankunft besuchen Sie den pr\u00e4chtigen Horus-Tempel, der als der am besten erhaltene Kulttempel \u00c4gyptens gilt. \u00c4gyptischen Mythen zufolge war es der Ort, an dem der falkenk\u00f6pfige Gott Horus den Mord an seinem Vater Osiris r\u00e4chte, indem er Seth t\u00f6tete. Anschlie\u00dfend essen Sie in einem lokalen Restaurant zu Mittag, bevor Sie den Tempel von Kom Ombo besichtigen, der auf einer Anh\u00f6he mit Blick auf den Nil steht. Der Tempel von Kom Ombo wurde zu Ehren zweier Gottheiten erbaut: des krokodilk\u00f6pfigen Sobek, Gott der Fruchtbarkeit und Sch\u00f6pfer der Welt, und Haroeris, dem alten falkenk\u00f6pfigen Horus. Der Tempel hat die Besonderheit, dass er \u00fcber einen Doppeleingang verf\u00fcgt, der jeweils einer Gottheit gewidmet ist: \u201eHaroeris\u201c mit seinem Falkenkopf und \u201eSobek\u201c mit seinem Krokodilkopf. Schlie\u00dflich werden Sie vor 18:00 Uhr von Ihrem Reiseleiter zur\u00fcck zu Ihrem Hotel in Marsa Alam begleitet.<\/p>\n","protected":false},"featured_media":44191,"comment_status":"open","ping_status":"closed","template":"","meta":{"_coblocks_attr":"","_coblocks_dimensions":"","_coblocks_responsive_height":"","_coblocks_accordion_ie_support":"","_uag_custom_page_level_css":"","jetpack_publicize_message":"","jetpack_publicize_feature_enabled":true,"jetpack_social_post_already_shared":true,"jetpack_social_options":{"image_generator_settings":{"template":"highway","default_image_id":0,"font":"","enabled":false},"version":2},"_wpas_customize_per_network":false},"product_brand":[],"product_cat":[9085],"product_tag":[1653,9906],"class_list":{"0":"post-40010","1":"product","2":"type-product","3":"status-publish","4":"has-post-thumbnail","6":"product_cat-individuelle-ausfluege-marsa-alam","7":"product_tag-ausflug","8":"product_tag-besichtigung","9":"pa_age-erwachsene","10":"pa_age-kind-1-4-jahre","11":"pa_age-kind-5-11-jahre","13":"first","14":"instock","15":"sale","16":"taxable","17":"shipping-taxable","18":"purchasable","19":"product-type-variable"},"yoast_head":"<!-- This site is optimized with the Yoast SEO Premium plugin v27.5 (Yoast SEO v27.5) - https:\/\/yoast.com\/product\/yoast-seo-premium-wordpress\/ -->\n<title>Kom Ombo Individuelle Tour Marsa Alam<\/title>\n<meta name=\"description\" content=\"Kom Ombo Individuelle Tour Marsa Alam k\u00f6nnen Sie die Sehensw\u00fcrdigkeiten von Assuan besuchen und zwei verschiedene St\u00e4dte in diesem\" \/>\n<meta name=\"robots\" content=\"index, follow, max-snippet:-1, max-image-preview:large, max-video-preview:-1\" \/>\n<link rel=\"canonical\" href=\"https:\/\/landioustravel.com\/de\/shop\/kom-ombo-individuelle-tour-marsa-alam\/\" \/>\n<meta property=\"og:locale\" content=\"de_DE\" \/>\n<meta property=\"og:type\" content=\"article\" \/>\n<meta property=\"og:title\" content=\"Kom Ombo Individuelle Tour Marsa Alam\" \/>\n<meta property=\"og:description\" content=\"Landious Travel\" \/>\n<meta property=\"og:url\" content=\"https:\/\/landioustravel.com\/de\/shop\/kom-ombo-individuelle-tour-marsa-alam\/\" \/>\n<meta property=\"og:site_name\" content=\"Landious Travel\" \/>\n<meta property=\"article:publisher\" content=\"https:\/\/web.facebook.com\/landiousEgypt\" \/>\n<meta property=\"article:modified_time\" content=\"2023-06-21T06:55:30+00:00\" \/>\n<meta property=\"og:image\" content=\"https:\/\/i0.wp.com\/landioustravel.com\/wp-content\/uploads\/2021\/03\/Temple-of-Horus-at-Edfu-e1617126667925.jpg?fit=1200%2C675&ssl=1\" \/>\n\t<meta property=\"og:image:width\" content=\"1200\" \/>\n\t<meta property=\"og:image:height\" content=\"675\" \/>\n\t<meta property=\"og:image:type\" content=\"image\/jpeg\" \/>\n<meta name=\"twitter:card\" content=\"summary_large_image\" \/>\n<meta name=\"twitter:site\" content=\"@LandiousTours\" \/>\n<meta name=\"twitter:label1\" content=\"Gesch\u00e4tzte Lesezeit\" \/>\n\t<meta name=\"twitter:data1\" content=\"2\u00a0Minuten\" \/>\n<script type=\"application\/ld+json\" class=\"yoast-schema-graph\">{\"@context\":\"https:\\\/\\\/schema.org\",\"@graph\":[{\"@type\":\"WebPage\",\"@id\":\"https:\\\/\\\/landioustravel.com\\\/de\\\/shop\\\/kom-ombo-individuelle-tour-marsa-alam\\\/\",\"url\":\"https:\\\/\\\/landioustravel.com\\\/de\\\/shop\\\/kom-ombo-individuelle-tour-marsa-alam\\\/\",\"name\":\"Kom Ombo Individuelle Tour Marsa Alam\",\"isPartOf\":{\"@id\":\"https:\\\/\\\/landioustravel.com\\\/de\\\/#website\"},\"primaryImageOfPage\":{\"@id\":\"https:\\\/\\\/landioustravel.com\\\/de\\\/shop\\\/kom-ombo-individuelle-tour-marsa-alam\\\/#primaryimage\"},\"image\":{\"@id\":\"https:\\\/\\\/landioustravel.com\\\/de\\\/shop\\\/kom-ombo-individuelle-tour-marsa-alam\\\/#primaryimage\"},\"thumbnailUrl\":\"https:\\\/\\\/i0.wp.com\\\/landioustravel.com\\\/wp-content\\\/uploads\\\/2021\\\/03\\\/Temple-of-Horus-at-Edfu-e1617126667925.jpg?fit=1200%2C675&ssl=1\",\"datePublished\":\"2021-12-13T15:28:22+00:00\",\"dateModified\":\"2023-06-21T06:55:30+00:00\",\"description\":\"Kom Ombo Individuelle Tour Marsa Alam k\u00f6nnen Sie die Sehensw\u00fcrdigkeiten von Assuan besuchen und zwei verschiedene St\u00e4dte in diesem\",\"breadcrumb\":{\"@id\":\"https:\\\/\\\/landioustravel.com\\\/de\\\/shop\\\/kom-ombo-individuelle-tour-marsa-alam\\\/#breadcrumb\"},\"inLanguage\":\"de\",\"potentialAction\":[{\"@type\":\"ReadAction\",\"target\":[\"https:\\\/\\\/landioustravel.com\\\/de\\\/shop\\\/kom-ombo-individuelle-tour-marsa-alam\\\/\"]}]},{\"@type\":\"ImageObject\",\"inLanguage\":\"de\",\"@id\":\"https:\\\/\\\/landioustravel.com\\\/de\\\/shop\\\/kom-ombo-individuelle-tour-marsa-alam\\\/#primaryimage\",\"url\":\"https:\\\/\\\/i0.wp.com\\\/landioustravel.com\\\/wp-content\\\/uploads\\\/2021\\\/03\\\/Temple-of-Horus-at-Edfu-e1617126667925.jpg?fit=1200%2C675&ssl=1\",\"contentUrl\":\"https:\\\/\\\/i0.wp.com\\\/landioustravel.com\\\/wp-content\\\/uploads\\\/2021\\\/03\\\/Temple-of-Horus-at-Edfu-e1617126667925.jpg?fit=1200%2C675&ssl=1\",\"width\":1200,\"height\":675,\"caption\":\"Temple of Horus at Edfu\"},{\"@type\":\"BreadcrumbList\",\"@id\":\"https:\\\/\\\/landioustravel.com\\\/de\\\/shop\\\/kom-ombo-individuelle-tour-marsa-alam\\\/#breadcrumb\",\"itemListElement\":[{\"@type\":\"ListItem\",\"position\":1,\"name\":\"Home\",\"item\":\"https:\\\/\\\/landioustravel.com\\\/de\\\/\"},{\"@type\":\"ListItem\",\"position\":2,\"name\":\"\u00c4gypten Touren\",\"item\":\"https:\\\/\\\/landioustravel.com\\\/de\\\/\"},{\"@type\":\"ListItem\",\"position\":3,\"name\":\"Kom Ombo Individuelle Tour Marsa Alam\"}]},{\"@type\":\"WebSite\",\"@id\":\"https:\\\/\\\/landioustravel.com\\\/de\\\/#website\",\"url\":\"https:\\\/\\\/landioustravel.com\\\/de\\\/\",\"name\":\"Landious Travel\",\"description\":\"Excursions, trips and cruises in Egypt\",\"publisher\":{\"@id\":\"https:\\\/\\\/landioustravel.com\\\/de\\\/#organization\"},\"potentialAction\":[{\"@type\":\"SearchAction\",\"target\":{\"@type\":\"EntryPoint\",\"urlTemplate\":\"https:\\\/\\\/landioustravel.com\\\/de\\\/?s={search_term_string}\"},\"query-input\":{\"@type\":\"PropertyValueSpecification\",\"valueRequired\":true,\"valueName\":\"search_term_string\"}}],\"inLanguage\":\"de\"},{\"@type\":[\"Organization\",\"Place\"],\"@id\":\"https:\\\/\\\/landioustravel.com\\\/de\\\/#organization\",\"name\":\"Landious Travel\",\"alternateName\":\"Landious Travel\",\"url\":\"https:\\\/\\\/landioustravel.com\\\/de\\\/\",\"logo\":{\"@id\":\"https:\\\/\\\/landioustravel.com\\\/de\\\/shop\\\/kom-ombo-individuelle-tour-marsa-alam\\\/#local-main-organization-logo\"},\"image\":{\"@id\":\"https:\\\/\\\/landioustravel.com\\\/de\\\/shop\\\/kom-ombo-individuelle-tour-marsa-alam\\\/#local-main-organization-logo\"},\"sameAs\":[\"https:\\\/\\\/web.facebook.com\\\/landiousEgypt\",\"https:\\\/\\\/x.com\\\/LandiousTours\",\"https:\\\/\\\/mastodon.social\\\/@landious\"],\"legalName\":\"Landious Travel\",\"telephone\":[],\"openingHoursSpecification\":[{\"@type\":\"OpeningHoursSpecification\",\"dayOfWeek\":[\"Monday\",\"Tuesday\",\"Wednesday\",\"Thursday\",\"Friday\",\"Saturday\",\"Sunday\"],\"opens\":\"09:00\",\"closes\":\"17:00\"}]},{\"@type\":\"ImageObject\",\"inLanguage\":\"de\",\"@id\":\"https:\\\/\\\/landioustravel.com\\\/de\\\/shop\\\/kom-ombo-individuelle-tour-marsa-alam\\\/#local-main-organization-logo\",\"url\":\"https:\\\/\\\/i0.wp.com\\\/landioustravel.com\\\/wp-content\\\/uploads\\\/2021\\\/06\\\/Landious-T.png?fit=500%2C500&ssl=1\",\"contentUrl\":\"https:\\\/\\\/i0.wp.com\\\/landioustravel.com\\\/wp-content\\\/uploads\\\/2021\\\/06\\\/Landious-T.png?fit=500%2C500&ssl=1\",\"width\":500,\"height\":500,\"caption\":\"Landious Travel\"}]}<\/script>\n<!-- \/ Yoast SEO Premium plugin. -->","yoast_head_json":{"title":"Kom Ombo Individuelle Tour Marsa Alam","description":"Kom Ombo Individuelle Tour Marsa Alam k\u00f6nnen Sie die Sehensw\u00fcrdigkeiten von Assuan besuchen und zwei verschiedene St\u00e4dte in diesem","robots":{"index":"index","follow":"follow","max-snippet":"max-snippet:-1","max-image-preview":"max-image-preview:large","max-video-preview":"max-video-preview:-1"},"canonical":"https:\/\/landioustravel.com\/de\/shop\/kom-ombo-individuelle-tour-marsa-alam\/","og_locale":"de_DE","og_type":"article","og_title":"Kom Ombo Individuelle Tour Marsa Alam","og_description":"Landious Travel","og_url":"https:\/\/landioustravel.com\/de\/shop\/kom-ombo-individuelle-tour-marsa-alam\/","og_site_name":"Landious Travel","article_publisher":"https:\/\/web.facebook.com\/landiousEgypt","article_modified_time":"2023-06-21T06:55:30+00:00","og_image":[{"width":1200,"height":675,"url":"https:\/\/i0.wp.com\/landioustravel.com\/wp-content\/uploads\/2021\/03\/Temple-of-Horus-at-Edfu-e1617126667925.jpg?fit=1200%2C675&ssl=1","type":"image\/jpeg"}],"twitter_card":"summary_large_image","twitter_site":"@LandiousTours","twitter_misc":{"Gesch\u00e4tzte Lesezeit":"2\u00a0Minuten"},"schema":{"@context":"https:\/\/schema.org","@graph":[{"@type":"WebPage","@id":"https:\/\/landioustravel.com\/de\/shop\/kom-ombo-individuelle-tour-marsa-alam\/","url":"https:\/\/landioustravel.com\/de\/shop\/kom-ombo-individuelle-tour-marsa-alam\/","name":"Kom Ombo Individuelle Tour Marsa Alam","isPartOf":{"@id":"https:\/\/landioustravel.com\/de\/#website"},"primaryImageOfPage":{"@id":"https:\/\/landioustravel.com\/de\/shop\/kom-ombo-individuelle-tour-marsa-alam\/#primaryimage"},"image":{"@id":"https:\/\/landioustravel.com\/de\/shop\/kom-ombo-individuelle-tour-marsa-alam\/#primaryimage"},"thumbnailUrl":"https:\/\/i0.wp.com\/landioustravel.com\/wp-content\/uploads\/2021\/03\/Temple-of-Horus-at-Edfu-e1617126667925.jpg?fit=1200%2C675&ssl=1","datePublished":"2021-12-13T15:28:22+00:00","dateModified":"2023-06-21T06:55:30+00:00","description":"Kom Ombo Individuelle Tour Marsa Alam k\u00f6nnen Sie die Sehensw\u00fcrdigkeiten von Assuan besuchen und zwei verschiedene St\u00e4dte in diesem","breadcrumb":{"@id":"https:\/\/landioustravel.com\/de\/shop\/kom-ombo-individuelle-tour-marsa-alam\/#breadcrumb"},"inLanguage":"de","potentialAction":[{"@type":"ReadAction","target":["https:\/\/landioustravel.com\/de\/shop\/kom-ombo-individuelle-tour-marsa-alam\/"]}]},{"@type":"ImageObject","inLanguage":"de","@id":"https:\/\/landioustravel.com\/de\/shop\/kom-ombo-individuelle-tour-marsa-alam\/#primaryimage","url":"https:\/\/i0.wp.com\/landioustravel.com\/wp-content\/uploads\/2021\/03\/Temple-of-Horus-at-Edfu-e1617126667925.jpg?fit=1200%2C675&ssl=1","contentUrl":"https:\/\/i0.wp.com\/landioustravel.com\/wp-content\/uploads\/2021\/03\/Temple-of-Horus-at-Edfu-e1617126667925.jpg?fit=1200%2C675&ssl=1","width":1200,"height":675,"caption":"Temple of Horus at Edfu"},{"@type":"BreadcrumbList","@id":"https:\/\/landioustravel.com\/de\/shop\/kom-ombo-individuelle-tour-marsa-alam\/#breadcrumb","itemListElement":[{"@type":"ListItem","position":1,"name":"Home","item":"https:\/\/landioustravel.com\/de\/"},{"@type":"ListItem","position":2,"name":"\u00c4gypten Touren","item":"https:\/\/landioustravel.com\/de\/"},{"@type":"ListItem","position":3,"name":"Kom Ombo Individuelle Tour Marsa Alam"}]},{"@type":"WebSite","@id":"https:\/\/landioustravel.com\/de\/#website","url":"https:\/\/landioustravel.com\/de\/","name":"Landious Travel","description":"Excursions, trips and cruises in Egypt","publisher":{"@id":"https:\/\/landioustravel.com\/de\/#organization"},"potentialAction":[{"@type":"SearchAction","target":{"@type":"EntryPoint","urlTemplate":"https:\/\/landioustravel.com\/de\/?s={search_term_string}"},"query-input":{"@type":"PropertyValueSpecification","valueRequired":true,"valueName":"search_term_string"}}],"inLanguage":"de"},{"@type":["Organization","Place"],"@id":"https:\/\/landioustravel.com\/de\/#organization","name":"Landious Travel","alternateName":"Landious Travel","url":"https:\/\/landioustravel.com\/de\/","logo":{"@id":"https:\/\/landioustravel.com\/de\/shop\/kom-ombo-individuelle-tour-marsa-alam\/#local-main-organization-logo"},"image":{"@id":"https:\/\/landioustravel.com\/de\/shop\/kom-ombo-individuelle-tour-marsa-alam\/#local-main-organization-logo"},"sameAs":["https:\/\/web.facebook.com\/landiousEgypt","https:\/\/x.com\/LandiousTours","https:\/\/mastodon.social\/@landious"],"legalName":"Landious Travel","telephone":[],"openingHoursSpecification":[{"@type":"OpeningHoursSpecification","dayOfWeek":["Monday","Tuesday","Wednesday","Thursday","Friday","Saturday","Sunday"],"opens":"09:00","closes":"17:00"}]},{"@type":"ImageObject","inLanguage":"de","@id":"https:\/\/landioustravel.com\/de\/shop\/kom-ombo-individuelle-tour-marsa-alam\/#local-main-organization-logo","url":"https:\/\/i0.wp.com\/landioustravel.com\/wp-content\/uploads\/2021\/06\/Landious-T.png?fit=500%2C500&ssl=1","contentUrl":"https:\/\/i0.wp.com\/landioustravel.com\/wp-content\/uploads\/2021\/06\/Landious-T.png?fit=500%2C500&ssl=1","width":500,"height":500,"caption":"Landious Travel"}]}},"jetpack_publicize_connections":[],"uagb_featured_image_src":{"full":["https:\/\/i0.wp.com\/landioustravel.com\/wp-content\/uploads\/2021\/03\/Temple-of-Horus-at-Edfu-e1617126667925.jpg?fit=1200%2C675&ssl=1",1200,675,false],"thumbnail":["https:\/\/i0.wp.com\/landioustravel.com\/wp-content\/uploads\/2021\/03\/Temple-of-Horus-at-Edfu-e1617126667925.jpg?resize=150%2C150&ssl=1",150,150,true],"medium":["https:\/\/i0.wp.com\/landioustravel.com\/wp-content\/uploads\/2021\/03\/Temple-of-Horus-at-Edfu-e1617126667925.jpg?fit=300%2C169&ssl=1",300,169,true],"medium_large":["https:\/\/i0.wp.com\/landioustravel.com\/wp-content\/uploads\/2021\/03\/Temple-of-Horus-at-Edfu-e1617126667925.jpg?fit=768%2C432&ssl=1",768,432,true],"large":["https:\/\/i0.wp.com\/landioustravel.com\/wp-content\/uploads\/2021\/03\/Temple-of-Horus-at-Edfu-e1617126667925.jpg?fit=980%2C551&ssl=1",980,551,true],"1536x1536":["https:\/\/i0.wp.com\/landioustravel.com\/wp-content\/uploads\/2021\/03\/Temple-of-Horus-at-Edfu-e1617126667925.jpg?fit=1536%2C864&ssl=1",1536,864,true],"2048x2048":["https:\/\/i0.wp.com\/landioustravel.com\/wp-content\/uploads\/2021\/03\/Temple-of-Horus-at-Edfu-e1617126667925.jpg?fit=1200%2C675&ssl=1",1200,675,true],"newspack-article-block-landscape-large":["https:\/\/i0.wp.com\/landioustravel.com\/wp-content\/uploads\/2021\/03\/Temple-of-Horus-at-Edfu-e1617126667925.jpg?resize=1200%2C675&ssl=1",1200,885,true],"newspack-article-block-portrait-large":["https:\/\/i0.wp.com\/landioustravel.com\/wp-content\/uploads\/2021\/03\/Temple-of-Horus-at-Edfu-e1617126667925.jpg?resize=900%2C675&ssl=1",900,885,true],"newspack-article-block-square-large":["https:\/\/i0.wp.com\/landioustravel.com\/wp-content\/uploads\/2021\/03\/Temple-of-Horus-at-Edfu-e1617126667925.jpg?resize=1200%2C675&ssl=1",1200,885,true],"newspack-article-block-landscape-medium":["https:\/\/i0.wp.com\/landioustravel.com\/wp-content\/uploads\/2021\/03\/Temple-of-Horus-at-Edfu-e1617126667925.jpg?resize=800%2C600&ssl=1",800,600,true],"newspack-article-block-portrait-medium":["https:\/\/i0.wp.com\/landioustravel.com\/wp-content\/uploads\/2021\/03\/Temple-of-Horus-at-Edfu-e1617126667925.jpg?resize=600%2C675&ssl=1",600,800,true],"newspack-article-block-square-medium":["https:\/\/i0.wp.com\/landioustravel.com\/wp-content\/uploads\/2021\/03\/Temple-of-Horus-at-Edfu-e1617126667925.jpg?resize=800%2C675&ssl=1",800,800,true],"newspack-article-block-landscape-intermediate":["https:\/\/i0.wp.com\/landioustravel.com\/wp-content\/uploads\/2021\/03\/Temple-of-Horus-at-Edfu-e1617126667925.jpg?resize=600%2C450&ssl=1",600,450,true],"newspack-article-block-portrait-intermediate":["https:\/\/i0.wp.com\/landioustravel.com\/wp-content\/uploads\/2021\/03\/Temple-of-Horus-at-Edfu-e1617126667925.jpg?resize=450%2C600&ssl=1",450,600,true],"newspack-article-block-square-intermediate":["https:\/\/i0.wp.com\/landioustravel.com\/wp-content\/uploads\/2021\/03\/Temple-of-Horus-at-Edfu-e1617126667925.jpg?resize=600%2C600&ssl=1",600,600,true],"newspack-article-block-landscape-small":["https:\/\/i0.wp.com\/landioustravel.com\/wp-content\/uploads\/2021\/03\/Temple-of-Horus-at-Edfu-e1617126667925.jpg?resize=400%2C300&ssl=1",400,300,true],"newspack-article-block-portrait-small":["https:\/\/i0.wp.com\/landioustravel.com\/wp-content\/uploads\/2021\/03\/Temple-of-Horus-at-Edfu-e1617126667925.jpg?resize=300%2C400&ssl=1",300,400,true],"newspack-article-block-square-small":["https:\/\/i0.wp.com\/landioustravel.com\/wp-content\/uploads\/2021\/03\/Temple-of-Horus-at-Edfu-e1617126667925.jpg?resize=400%2C400&ssl=1",400,400,true],"newspack-article-block-landscape-tiny":["https:\/\/i0.wp.com\/landioustravel.com\/wp-content\/uploads\/2021\/03\/Temple-of-Horus-at-Edfu-e1617126667925.jpg?resize=200%2C150&ssl=1",200,150,true],"newspack-article-block-portrait-tiny":["https:\/\/i0.wp.com\/landioustravel.com\/wp-content\/uploads\/2021\/03\/Temple-of-Horus-at-Edfu-e1617126667925.jpg?resize=150%2C200&ssl=1",150,200,true],"newspack-article-block-square-tiny":["https:\/\/i0.wp.com\/landioustravel.com\/wp-content\/uploads\/2021\/03\/Temple-of-Horus-at-Edfu-e1617126667925.jpg?resize=200%2C200&ssl=1",200,200,true],"newspack-article-block-uncropped":["https:\/\/i0.wp.com\/landioustravel.com\/wp-content\/uploads\/2021\/03\/Temple-of-Horus-at-Edfu-e1617126667925.jpg?fit=1200%2C675&ssl=1",1200,675,true],"woocommerce_thumbnail":["https:\/\/i0.wp.com\/landioustravel.com\/wp-content\/uploads\/2021\/03\/Temple-of-Horus-at-Edfu-e1617126667925.jpg?resize=324%2C324&ssl=1",324,324,true],"woocommerce_single":["https:\/\/i0.wp.com\/landioustravel.com\/wp-content\/uploads\/2021\/03\/Temple-of-Horus-at-Edfu-e1617126667925.jpg?fit=416%2C234&ssl=1",416,234,true],"woocommerce_gallery_thumbnail":["https:\/\/i0.wp.com\/landioustravel.com\/wp-content\/uploads\/2021\/03\/Temple-of-Horus-at-Edfu-e1617126667925.jpg?resize=100%2C100&ssl=1",100,100,true]},"uagb_author_info":{"display_name":"Mofreh Landious","author_link":"https:\/\/landioustravel.com\/de\/author\/"},"uagb_comment_info":0,"uagb_excerpt":"W\u00e4hrend Ihrer Reise nach Assuan haben Sie die M\u00f6glichkeit, an einigen Besichtigungsaktivit\u00e4ten teilzunehmen. Sie k\u00f6nnen zwei St\u00e4dte innerhalb des Gouvernements erkunden und einige der ber\u00fchmtesten Sehensw\u00fcrdigkeiten Assuans besuchen. Im Preis der Reise sind Transfers, Tickets und Verpflegung enthalten, was die Reise zu einem stressfreien Erlebnis macht. Genie\u00dfen Sie eine Tagestour zum Tempel des Gottes Horus&hellip;","jetpack_sharing_enabled":true,"jetpack_likes_enabled":true,"amp_enabled":true,"_links":{"self":[{"href":"https:\/\/landioustravel.com\/de\/wp-json\/wp\/v2\/product\/40010","targetHints":{"allow":["GET"]}}],"collection":[{"href":"https:\/\/landioustravel.com\/de\/wp-json\/wp\/v2\/product"}],"about":[{"href":"https:\/\/landioustravel.com\/de\/wp-json\/wp\/v2\/types\/product"}],"replies":[{"embeddable":true,"href":"https:\/\/landioustravel.com\/de\/wp-json\/wp\/v2\/comments?post=40010"}],"wp:featuredmedia":[{"embeddable":true,"href":"https:\/\/landioustravel.com\/de\/wp-json\/wp\/v2\/media\/44191"}],"wp:attachment":[{"href":"https:\/\/landioustravel.com\/de\/wp-json\/wp\/v2\/media?parent=40010"}],"wp:term":[{"taxonomy":"product_brand","embeddable":true,"href":"https:\/\/landioustravel.com\/de\/wp-json\/wp\/v2\/product_brand?post=40010"},{"taxonomy":"product_cat","embeddable":true,"href":"https:\/\/landioustravel.com\/de\/wp-json\/wp\/v2\/product_cat?post=40010"},{"taxonomy":"product_tag","embeddable":true,"href":"https:\/\/landioustravel.com\/de\/wp-json\/wp\/v2\/product_tag?post=40010"}],"curies":[{"name":"wp","href":"https:\/\/api.w.org\/{rel}","templated":true}]}}