{"id":4456,"date":"2019-04-28T05:55:16","date_gmt":"2019-05-09T04:05:02","guid":{"rendered":"https:\/\/landioustravel.com\/?post_type=product&#038;p=4456"},"modified":"2025-12-29T19:14:00","modified_gmt":"2025-12-29T17:14:00","slug":"bootsfahrt-mubarak-marsa-alam","status":"publish","type":"product","link":"https:\/\/landioustravel.com\/de\/shop\/bootsfahrt-mubarak-marsa-alam\/","title":{"rendered":"Marsa Mubarak Bootsfahrt Marsa Alam"},"content":{"rendered":"<p>Es ist eine wundervolle Schnorcheltour nach Marsa Mubarak von <a href=\"https:\/\/landioustravel.com\/de\/stadt-marsa-alam\/\">Marsa Alam<\/a>, <a href=\"https:\/\/landioustravel.com\/de\/agypten\/\">\u00c4gypten<\/a>! Wir empfehlen die Reise, weil es Touristen erm\u00f6glicht, eine gute Zeit am Meer zu haben! Au\u00dferdem k\u00f6nnen Sie wundersch\u00f6ne Korallenriffe und eine Vielzahl von Fischen beobachten. Im Allgemeinen ist Marsa Mubarak ber\u00fchmt f\u00fcr seine Flora und Fauna. Insbesondere Marsa Mubarak ist ber\u00fchmt f\u00fcr h\u00e4ufige Besuche von gr\u00fcnen Meeresschildkr\u00f6ten, Delfinen und einem Dugong. Sie k\u00f6nnen dennoch das Meerespicknick entlang der K\u00fcste des Roten Meeres in einer der sch\u00f6nsten Gegenden von Marsa Alam genie\u00dfen. ONLINE BUCHUNG MARSA MUBARAK BOOTSREISE MARSA ALAM UND BESTER PREIS!<\/p>\n<h2>H\u00f6hepunkte der Marsa Mubarak Bootsfahrt von Marsa Alam<\/h2>\n<ul>\n<li>Vom Boot aus zweimal im offenen Meer schwimmen.<\/li>\n<li>Schnorcheln mit Masken und Flossen auf offener See.<\/li>\n<li>Auch Mittagessen auf dem Boot.<\/li>\n<\/ul>\n<h3>Programm der Marsa Mubarak Schnorchelerfahrung<\/h3>\n<ul>\n<li>Der Vertreter von <a href=\"https:\/\/landioustravel.com\/de\/kontakte\/\">Landious Travel<\/a> holt Sie gegen 08:00 Uhr vom Hotel in Marsa Alam ab.<\/li>\n<li>Nachdem alle Ank\u00f6mmlinge abgeholt wurden, f\u00e4hrt der Bus zum Hafen. Es dauert ungef\u00e4hr 45 Minuten, um zu diesem Hafen zu gelangen.<\/li>\n<li>Sie finden Ihr Boot in diesem Hafen. Es ist gro\u00df und schick! Dieses Boot besteht aus zwei Etagen. Sobald Sie an Bord des Bootes sind, m\u00fcssen Sie Ihre Schuhe ausziehen. Und dann k\u00f6nnen Sie sich im zweiten Stock auf dem oberen Sonnendeck br\u00e4unen.<\/li>\n<li>Dann segelt das Boot weiter durch das Rote Meer, sobald sich die Gruppe versammelt. An einem wundersch\u00f6nen Ort im Korallenmeer machen Sie einen Zwischenstopp im offenen Meer. Das Boot f\u00e4hrt ungef\u00e4hr 30 Minuten, bis Sie die besondere kleine Bucht von Marsa El-Shouna erreichen. Diese Bucht ist ber\u00fchmt f\u00fcr ihre Riffe, in denen Tintenfische, Skorpionfische und eine Vielzahl anderer getarnter Kreaturen leben. Dort k\u00f6nnen Sie mit Masken und Flossen schwimmen und schnorcheln.<\/li>\n<li>Nach diesem erstaunlichen Stopp kehren Sie zum Mittagessen zur Yacht zur\u00fcck. Zur Mittagszeit ist das Buffet ge\u00f6ffnet.<\/li>\n<li>Als n\u00e4chstes segelt das Boot weiter nach Marsa Mubarak. Dort haben Sie eine zweite Station zum Schwimmen und Schnorcheln mit Masken und Flossen an diesem wundersch\u00f6nen Meeresort.<\/li>\n<li>Schlie\u00dflich begleiten wir Sie zur\u00fcck zu Ihren Hotels.<\/li>\n<li>Dieser Marsa Mubarak Bootsausflug von <a href=\"https:\/\/www.google.de\/maps\/place\/Marsa+Alam,+Al-Bahr+al-ahmar\/@25.0684889,34.8491684,13z\/data=!3m1!4b1!4m5!3m4!1s0x15b4ea245c03b81d:0x51ad8e167c79ac32!8m2!3d25.0676256!4d34.8789697\" target=\"_blank\" rel=\"noopener\">Marsa Alam<\/a> endet gegen ca. 16:30 Uhr<\/li>\n<\/ul>\n<h4>Was beinhaltet Marsa Mubarak Bootsfahrt Marsa Alam Preis?<\/h4>\n<ul>\n<li>Essen &amp; Trinken.<\/li>\n<li>Transfer zum Hafen und zur\u00fcck zum Hotel.<\/li>\n<\/ul>\n<h5>Was beinhaltet das Marsa Mubarak Bootsausflugsprogramm Marsa Alam nicht?<\/h5>\n<ul>\n<li>Schnorchelausr\u00fcstung.<\/li>\n<li>Video DVD.<\/li>\n<li>Auch die Foto-CD.<\/li>\n<\/ul>\n<h6>Was nehmen Sie f\u00fcr die Reise mit?<\/h6>\n<ul>\n<li>Schnorchelausr\u00fcstung.<\/li>\n<li>Handtuch.<\/li>\n<li>Auch Sonnenschutz.<\/li>\n<\/ul>\n<h6>Marsa Mubarak Bootsfahrt Marsa Alam Buchungstage<\/h6>\n<ul>\n<li>T\u00e4glich von 08:00 bis 17:00 Uhr.<\/li>\n<\/ul>\n<h3>Dienstleistungen w\u00e4hrend der Bootsfahrt nach Marsa Mubarak von Marsa Alam vorgestellt<\/h3>\n<ul>\n<li><strong>Transport<\/strong>: Landious Travel bedient Sie mit einer klimatisierten Limousine\/einem Kleinbus. Ein professioneller Fahrer begleitet Sie zum Hafen und zur\u00fcck zu Ihren Hotels.<\/li>\n<li><strong>F\u00fchrung<\/strong>: Ein professioneller englischer Reiseleiter holt Sie von Ihren Hotels ab und begleitet Sie zum Hafen.<\/li>\n<li><strong>Bootsausstattung<\/strong>: Unsere Boote sind neue dreist\u00f6ckige. Sie sind im ersten Stock mit einem Speisesalon, einem Wasserk\u00e4lter, einer K\u00fcche, zwei Toiletten, Schwimmwesten, Schnorchelausr\u00fcstung und zwei Trolling-Rollen ausgestattet. W\u00e4hrenddessen verf\u00fcgt der Sonnendeckboden \u00fcber bequeme Sonnenliegen und ein Zelt.<\/li>\n<li><strong>Team und so<\/strong>: Sie haben eine freundliche und professionelle Crew auf dem Boot. Unsere Instruktoren und Trainer werden Sie w\u00e4hrend der Reise begleiten.<\/li>\n<li><strong>Essen<\/strong>: Wir pr\u00e4sentieren ein hochwertiges Mittagessen auf dem Boot mit verschiedenen Gerichten.<\/li>\n<\/ul>\n","protected":false},"excerpt":{"rendered":"<p>Sind Sie auf der Suche nach einem entspannten und angenehmen Picknick am Roten Meer? Begleiten Sie uns auf unserem Seeausflug von Marsa Alam nach Marsa Mubarak, wo Sie zwei Stopps im offenen Meer zum Schwimmen und Schnorcheln mit Masken und Flossen erleben k\u00f6nnen. W\u00e4hrend dieser Stopps versorgen wir Sie mit einem k\u00f6stlichen Mittagessen auf dem Boot. Au\u00dferdem sind im Reisepreis Transfers, Schnorchelausr\u00fcstung und Mittagessen enthalten, sodass Sie sich um nichts k\u00fcmmern m\u00fcssen.<\/p>\n<p>Wenn Sie daran interessiert sind, weitere Schnorchelpl\u00e4tze zu erkunden, bieten wir auch einen Ausflug von Marsa Alam zum Yachthafen Port Ghalib an. Unser freundlicher Vertreter von Marsaalamtours holt Sie von Ihrem Hotel in Marsa Alam ab und begleitet Sie zum Yachthafen von Port Ghalib, wo Sie Ihre fantastische Reise durch das glitzernde Wasser des Roten Meeres beginnen. In Marsa Mubarak und Marsa el Shouna haben Sie die M\u00f6glichkeit, die unglaubliche Seekuh Dugong mit verschiedenfarbigen Fischen zu sehen.<\/p>\n<p>Bei unserem ersten Schnorchelstopp, Marsa el Shouna, haben Sie die M\u00f6glichkeit, unglaubliche Meereslebewesen an Orten wie Ras Shouna, Aquarium, Shouna Seagrass, Sha&#8217;ab Sireer und Sha&#8217;ab Abu Khaled zu beobachten. Nachdem wir ein k\u00f6stliches Mittagessen an Bord des Bootes genossen haben, fahren wir zu unserem zweiten Schnorchelstopp, Marsa Mubarak. Diese gesch\u00fctzte Bucht ist einer der sch\u00f6nsten Schnorchel- und Tauchpl\u00e4tze in der Gegend von Marsa Alam, mit kristallklarem, warmem Wasser, das eine gro\u00dfe Vielfalt an Flora und Fauna beherbergt. Mit etwas Gl\u00fcck entdecken Sie vielleicht sogar die vom Aussterben bedrohte Dugong-Seekuh, die auf dem Seegras weidet.<\/p>\n<p>Begleiten Sie uns zu einem unvergesslichen Schnorchelabenteuer im Roten Meer! Wir wissen, wie wichtig es ist, ein stressfreies und angenehmes Erlebnis zu haben, deshalb stellen wir Ihnen die gesamte notwendige Ausr\u00fcstung zur Verf\u00fcgung, einschlie\u00dflich Flossen, Masken und Schwimmwesten. Dar\u00fcber hinaus sorgt unsere Reiseleitung an Bord des Bootes daf\u00fcr, dass Sie eine sichere und komfortable Reise haben. Am Ende des Tages segeln wir zur\u00fcck zum Yachthafen in Port Ghalib, wo wir Ihnen behilflich sind, bevor wir Sie zur\u00fcck zu Ihrem Hotel in Marsa Alam bringen. Da der Abholservice von Ihrem Hotel und Getr\u00e4nke wie Tee, Kaffee und Cola inklusive sind, gibt es keine versteckten Kosten.<\/p>\n","protected":false},"featured_media":99234,"comment_status":"open","ping_status":"closed","template":"","meta":{"_coblocks_attr":"","_coblocks_dimensions":"","_coblocks_responsive_height":"","_coblocks_accordion_ie_support":"","_uag_custom_page_level_css":"","jetpack_post_was_ever_published":false,"jetpack_publicize_message":"","jetpack_publicize_feature_enabled":true,"jetpack_social_post_already_shared":true,"jetpack_social_options":{"image_generator_settings":{"template":"highway","default_image_id":0,"font":"","enabled":false},"version":2},"_wpas_customize_per_network":false},"product_brand":[],"product_cat":[2351,12164],"product_tag":[1653,1844,1777,1778],"class_list":{"0":"post-4456","1":"product","2":"type-product","3":"status-publish","4":"has-post-thumbnail","6":"product_cat-ausfluge-marsa-alam","7":"product_cat-seereisen-marsa-alam","8":"product_tag-ausflug","9":"product_tag-bootsausfluge","10":"product_tag-meer","11":"product_tag-schnorcheln","12":"pa_age-erwachsene","13":"pa_age-kind-1-4-jahre","14":"pa_age-kind-5-11-jahre","16":"first","17":"instock","18":"sale","19":"taxable","20":"shipping-taxable","21":"purchasable","22":"product-type-variable"},"yoast_head":"<!-- This site is optimized with the Yoast SEO Premium plugin v26.9 (Yoast SEO v27.3) - https:\/\/yoast.com\/product\/yoast-seo-premium-wordpress\/ -->\n<title>Marsa Mubarak Bootsfahrt Marsa Alam<\/title>\n<meta name=\"description\" content=\"Marsa Mubarak Bootsfahrt Marsa Alam : Schwimmen zweimal im offenen Meer, Schnorcheln mit Masken und Flossen, Mittagessen, preis, programm\" \/>\n<meta name=\"robots\" content=\"index, follow, max-snippet:-1, max-image-preview:large, max-video-preview:-1\" \/>\n<link rel=\"canonical\" href=\"https:\/\/landioustravel.com\/de\/shop\/bootsfahrt-mubarak-marsa-alam\/\" \/>\n<meta property=\"og:locale\" content=\"de_DE\" \/>\n<meta property=\"og:type\" content=\"article\" \/>\n<meta property=\"og:title\" content=\"Marsa Mubarak Bootsfahrt Marsa Alam\" \/>\n<meta property=\"og:description\" content=\"Landious Travel\" \/>\n<meta property=\"og:url\" content=\"https:\/\/landioustravel.com\/de\/shop\/bootsfahrt-mubarak-marsa-alam\/\" \/>\n<meta property=\"og:site_name\" content=\"Landious Travel\" \/>\n<meta property=\"article:publisher\" content=\"https:\/\/web.facebook.com\/landiousEgypt\" \/>\n<meta property=\"article:modified_time\" content=\"2025-12-29T17:14:00+00:00\" \/>\n<meta property=\"og:image\" content=\"https:\/\/i0.wp.com\/landioustravel.com\/wp-content\/uploads\/2019\/04\/Marsa-Mubarak-Boat-Trip-from-Marsa-Alam-e1669163771942.jpg?fit=1024%2C675&ssl=1\" \/>\n\t<meta property=\"og:image:width\" content=\"1024\" \/>\n\t<meta property=\"og:image:height\" content=\"675\" \/>\n\t<meta property=\"og:image:type\" content=\"image\/jpeg\" \/>\n<meta name=\"twitter:card\" content=\"summary_large_image\" \/>\n<meta name=\"twitter:site\" content=\"@LandiousTours\" \/>\n<meta name=\"twitter:label1\" content=\"Gesch\u00e4tzte Lesezeit\" \/>\n\t<meta name=\"twitter:data1\" content=\"3\u00a0Minuten\" \/>\n<script type=\"application\/ld+json\" class=\"yoast-schema-graph\">{\"@context\":\"https:\\\/\\\/schema.org\",\"@graph\":[{\"@type\":\"WebPage\",\"@id\":\"https:\\\/\\\/landioustravel.com\\\/de\\\/shop\\\/bootsfahrt-mubarak-marsa-alam\\\/\",\"url\":\"https:\\\/\\\/landioustravel.com\\\/de\\\/shop\\\/bootsfahrt-mubarak-marsa-alam\\\/\",\"name\":\"Marsa Mubarak Bootsfahrt Marsa Alam\",\"isPartOf\":{\"@id\":\"https:\\\/\\\/landioustravel.com\\\/de\\\/#website\"},\"primaryImageOfPage\":{\"@id\":\"https:\\\/\\\/landioustravel.com\\\/de\\\/shop\\\/bootsfahrt-mubarak-marsa-alam\\\/#primaryimage\"},\"image\":{\"@id\":\"https:\\\/\\\/landioustravel.com\\\/de\\\/shop\\\/bootsfahrt-mubarak-marsa-alam\\\/#primaryimage\"},\"thumbnailUrl\":\"https:\\\/\\\/i0.wp.com\\\/landioustravel.com\\\/wp-content\\\/uploads\\\/2019\\\/04\\\/Marsa-Mubarak-Boat-Trip-from-Marsa-Alam-e1669163771942.jpg?fit=1024%2C675&ssl=1\",\"datePublished\":\"2019-05-09T04:05:02+00:00\",\"dateModified\":\"2025-12-29T17:14:00+00:00\",\"description\":\"Marsa Mubarak Bootsfahrt Marsa Alam : Schwimmen zweimal im offenen Meer, Schnorcheln mit Masken und Flossen, Mittagessen, preis, programm\",\"breadcrumb\":{\"@id\":\"https:\\\/\\\/landioustravel.com\\\/de\\\/shop\\\/bootsfahrt-mubarak-marsa-alam\\\/#breadcrumb\"},\"inLanguage\":\"de\",\"potentialAction\":[{\"@type\":\"ReadAction\",\"target\":[\"https:\\\/\\\/landioustravel.com\\\/de\\\/shop\\\/bootsfahrt-mubarak-marsa-alam\\\/\"]}]},{\"@type\":\"ImageObject\",\"inLanguage\":\"de\",\"@id\":\"https:\\\/\\\/landioustravel.com\\\/de\\\/shop\\\/bootsfahrt-mubarak-marsa-alam\\\/#primaryimage\",\"url\":\"https:\\\/\\\/i0.wp.com\\\/landioustravel.com\\\/wp-content\\\/uploads\\\/2019\\\/04\\\/Marsa-Mubarak-Boat-Trip-from-Marsa-Alam-e1669163771942.jpg?fit=1024%2C675&ssl=1\",\"contentUrl\":\"https:\\\/\\\/i0.wp.com\\\/landioustravel.com\\\/wp-content\\\/uploads\\\/2019\\\/04\\\/Marsa-Mubarak-Boat-Trip-from-Marsa-Alam-e1669163771942.jpg?fit=1024%2C675&ssl=1\",\"width\":1024,\"height\":675,\"caption\":\"Marsa Mubarak Boat Trip from Marsa Alam\"},{\"@type\":\"BreadcrumbList\",\"@id\":\"https:\\\/\\\/landioustravel.com\\\/de\\\/shop\\\/bootsfahrt-mubarak-marsa-alam\\\/#breadcrumb\",\"itemListElement\":[{\"@type\":\"ListItem\",\"position\":1,\"name\":\"Home\",\"item\":\"https:\\\/\\\/landioustravel.com\\\/de\\\/\"},{\"@type\":\"ListItem\",\"position\":2,\"name\":\"\u00c4gypten Touren\",\"item\":\"https:\\\/\\\/landioustravel.com\\\/de\\\/\"},{\"@type\":\"ListItem\",\"position\":3,\"name\":\"Marsa Mubarak Bootsfahrt Marsa Alam\"}]},{\"@type\":\"WebSite\",\"@id\":\"https:\\\/\\\/landioustravel.com\\\/de\\\/#website\",\"url\":\"https:\\\/\\\/landioustravel.com\\\/de\\\/\",\"name\":\"Landious Travel\",\"description\":\"Excursions, trips and cruises in Egypt\",\"publisher\":{\"@id\":\"https:\\\/\\\/landioustravel.com\\\/de\\\/#organization\"},\"potentialAction\":[{\"@type\":\"SearchAction\",\"target\":{\"@type\":\"EntryPoint\",\"urlTemplate\":\"https:\\\/\\\/landioustravel.com\\\/de\\\/?s={search_term_string}\"},\"query-input\":{\"@type\":\"PropertyValueSpecification\",\"valueRequired\":true,\"valueName\":\"search_term_string\"}}],\"inLanguage\":\"de\"},{\"@type\":[\"Organization\",\"Place\"],\"@id\":\"https:\\\/\\\/landioustravel.com\\\/de\\\/#organization\",\"name\":\"Landious Travel\",\"alternateName\":\"Landious Travel\",\"url\":\"https:\\\/\\\/landioustravel.com\\\/de\\\/\",\"logo\":{\"@id\":\"https:\\\/\\\/landioustravel.com\\\/de\\\/shop\\\/bootsfahrt-mubarak-marsa-alam\\\/#local-main-organization-logo\"},\"image\":{\"@id\":\"https:\\\/\\\/landioustravel.com\\\/de\\\/shop\\\/bootsfahrt-mubarak-marsa-alam\\\/#local-main-organization-logo\"},\"sameAs\":[\"https:\\\/\\\/web.facebook.com\\\/landiousEgypt\",\"https:\\\/\\\/x.com\\\/LandiousTours\",\"https:\\\/\\\/mastodon.social\\\/@landious\"],\"legalName\":\"Landious Travel\",\"telephone\":[],\"openingHoursSpecification\":[{\"@type\":\"OpeningHoursSpecification\",\"dayOfWeek\":[\"Monday\",\"Tuesday\",\"Wednesday\",\"Thursday\",\"Friday\",\"Saturday\",\"Sunday\"],\"opens\":\"09:00\",\"closes\":\"17:00\"}]},{\"@type\":\"ImageObject\",\"inLanguage\":\"de\",\"@id\":\"https:\\\/\\\/landioustravel.com\\\/de\\\/shop\\\/bootsfahrt-mubarak-marsa-alam\\\/#local-main-organization-logo\",\"url\":\"https:\\\/\\\/i0.wp.com\\\/landioustravel.com\\\/wp-content\\\/uploads\\\/2021\\\/06\\\/Landious-T.png?fit=500%2C500&ssl=1\",\"contentUrl\":\"https:\\\/\\\/i0.wp.com\\\/landioustravel.com\\\/wp-content\\\/uploads\\\/2021\\\/06\\\/Landious-T.png?fit=500%2C500&ssl=1\",\"width\":500,\"height\":500,\"caption\":\"Landious Travel\"}]}<\/script>\n<!-- \/ Yoast SEO Premium plugin. -->","yoast_head_json":{"title":"Marsa Mubarak Bootsfahrt Marsa Alam","description":"Marsa Mubarak Bootsfahrt Marsa Alam : Schwimmen zweimal im offenen Meer, Schnorcheln mit Masken und Flossen, Mittagessen, preis, programm","robots":{"index":"index","follow":"follow","max-snippet":"max-snippet:-1","max-image-preview":"max-image-preview:large","max-video-preview":"max-video-preview:-1"},"canonical":"https:\/\/landioustravel.com\/de\/shop\/bootsfahrt-mubarak-marsa-alam\/","og_locale":"de_DE","og_type":"article","og_title":"Marsa Mubarak Bootsfahrt Marsa Alam","og_description":"Landious Travel","og_url":"https:\/\/landioustravel.com\/de\/shop\/bootsfahrt-mubarak-marsa-alam\/","og_site_name":"Landious Travel","article_publisher":"https:\/\/web.facebook.com\/landiousEgypt","article_modified_time":"2025-12-29T17:14:00+00:00","og_image":[{"width":1024,"height":675,"url":"https:\/\/i0.wp.com\/landioustravel.com\/wp-content\/uploads\/2019\/04\/Marsa-Mubarak-Boat-Trip-from-Marsa-Alam-e1669163771942.jpg?fit=1024%2C675&ssl=1","type":"image\/jpeg"}],"twitter_card":"summary_large_image","twitter_site":"@LandiousTours","twitter_misc":{"Gesch\u00e4tzte Lesezeit":"3\u00a0Minuten"},"schema":{"@context":"https:\/\/schema.org","@graph":[{"@type":"WebPage","@id":"https:\/\/landioustravel.com\/de\/shop\/bootsfahrt-mubarak-marsa-alam\/","url":"https:\/\/landioustravel.com\/de\/shop\/bootsfahrt-mubarak-marsa-alam\/","name":"Marsa Mubarak Bootsfahrt Marsa Alam","isPartOf":{"@id":"https:\/\/landioustravel.com\/de\/#website"},"primaryImageOfPage":{"@id":"https:\/\/landioustravel.com\/de\/shop\/bootsfahrt-mubarak-marsa-alam\/#primaryimage"},"image":{"@id":"https:\/\/landioustravel.com\/de\/shop\/bootsfahrt-mubarak-marsa-alam\/#primaryimage"},"thumbnailUrl":"https:\/\/i0.wp.com\/landioustravel.com\/wp-content\/uploads\/2019\/04\/Marsa-Mubarak-Boat-Trip-from-Marsa-Alam-e1669163771942.jpg?fit=1024%2C675&ssl=1","datePublished":"2019-05-09T04:05:02+00:00","dateModified":"2025-12-29T17:14:00+00:00","description":"Marsa Mubarak Bootsfahrt Marsa Alam : Schwimmen zweimal im offenen Meer, Schnorcheln mit Masken und Flossen, Mittagessen, preis, programm","breadcrumb":{"@id":"https:\/\/landioustravel.com\/de\/shop\/bootsfahrt-mubarak-marsa-alam\/#breadcrumb"},"inLanguage":"de","potentialAction":[{"@type":"ReadAction","target":["https:\/\/landioustravel.com\/de\/shop\/bootsfahrt-mubarak-marsa-alam\/"]}]},{"@type":"ImageObject","inLanguage":"de","@id":"https:\/\/landioustravel.com\/de\/shop\/bootsfahrt-mubarak-marsa-alam\/#primaryimage","url":"https:\/\/i0.wp.com\/landioustravel.com\/wp-content\/uploads\/2019\/04\/Marsa-Mubarak-Boat-Trip-from-Marsa-Alam-e1669163771942.jpg?fit=1024%2C675&ssl=1","contentUrl":"https:\/\/i0.wp.com\/landioustravel.com\/wp-content\/uploads\/2019\/04\/Marsa-Mubarak-Boat-Trip-from-Marsa-Alam-e1669163771942.jpg?fit=1024%2C675&ssl=1","width":1024,"height":675,"caption":"Marsa Mubarak Boat Trip from Marsa Alam"},{"@type":"BreadcrumbList","@id":"https:\/\/landioustravel.com\/de\/shop\/bootsfahrt-mubarak-marsa-alam\/#breadcrumb","itemListElement":[{"@type":"ListItem","position":1,"name":"Home","item":"https:\/\/landioustravel.com\/de\/"},{"@type":"ListItem","position":2,"name":"\u00c4gypten Touren","item":"https:\/\/landioustravel.com\/de\/"},{"@type":"ListItem","position":3,"name":"Marsa Mubarak Bootsfahrt Marsa Alam"}]},{"@type":"WebSite","@id":"https:\/\/landioustravel.com\/de\/#website","url":"https:\/\/landioustravel.com\/de\/","name":"Landious Travel","description":"Excursions, trips and cruises in Egypt","publisher":{"@id":"https:\/\/landioustravel.com\/de\/#organization"},"potentialAction":[{"@type":"SearchAction","target":{"@type":"EntryPoint","urlTemplate":"https:\/\/landioustravel.com\/de\/?s={search_term_string}"},"query-input":{"@type":"PropertyValueSpecification","valueRequired":true,"valueName":"search_term_string"}}],"inLanguage":"de"},{"@type":["Organization","Place"],"@id":"https:\/\/landioustravel.com\/de\/#organization","name":"Landious Travel","alternateName":"Landious Travel","url":"https:\/\/landioustravel.com\/de\/","logo":{"@id":"https:\/\/landioustravel.com\/de\/shop\/bootsfahrt-mubarak-marsa-alam\/#local-main-organization-logo"},"image":{"@id":"https:\/\/landioustravel.com\/de\/shop\/bootsfahrt-mubarak-marsa-alam\/#local-main-organization-logo"},"sameAs":["https:\/\/web.facebook.com\/landiousEgypt","https:\/\/x.com\/LandiousTours","https:\/\/mastodon.social\/@landious"],"legalName":"Landious Travel","telephone":[],"openingHoursSpecification":[{"@type":"OpeningHoursSpecification","dayOfWeek":["Monday","Tuesday","Wednesday","Thursday","Friday","Saturday","Sunday"],"opens":"09:00","closes":"17:00"}]},{"@type":"ImageObject","inLanguage":"de","@id":"https:\/\/landioustravel.com\/de\/shop\/bootsfahrt-mubarak-marsa-alam\/#local-main-organization-logo","url":"https:\/\/i0.wp.com\/landioustravel.com\/wp-content\/uploads\/2021\/06\/Landious-T.png?fit=500%2C500&ssl=1","contentUrl":"https:\/\/i0.wp.com\/landioustravel.com\/wp-content\/uploads\/2021\/06\/Landious-T.png?fit=500%2C500&ssl=1","width":500,"height":500,"caption":"Landious Travel"}]}},"jetpack_publicize_connections":[],"uagb_featured_image_src":{"full":["https:\/\/i0.wp.com\/landioustravel.com\/wp-content\/uploads\/2019\/04\/Marsa-Mubarak-Boat-Trip-from-Marsa-Alam-e1669163771942.jpg?fit=1024%2C675&ssl=1",1024,675,false],"thumbnail":["https:\/\/i0.wp.com\/landioustravel.com\/wp-content\/uploads\/2019\/04\/Marsa-Mubarak-Boat-Trip-from-Marsa-Alam-e1669163771942.jpg?resize=150%2C150&ssl=1",150,150,true],"medium":["https:\/\/i0.wp.com\/landioustravel.com\/wp-content\/uploads\/2019\/04\/Marsa-Mubarak-Boat-Trip-from-Marsa-Alam-e1669163771942.jpg?fit=300%2C198&ssl=1",300,198,true],"medium_large":["https:\/\/i0.wp.com\/landioustravel.com\/wp-content\/uploads\/2019\/04\/Marsa-Mubarak-Boat-Trip-from-Marsa-Alam-e1669163771942.jpg?fit=768%2C506&ssl=1",768,506,true],"large":["https:\/\/i0.wp.com\/landioustravel.com\/wp-content\/uploads\/2019\/04\/Marsa-Mubarak-Boat-Trip-from-Marsa-Alam-e1669163771942.jpg?fit=980%2C646&ssl=1",980,646,true],"1536x1536":["https:\/\/i0.wp.com\/landioustravel.com\/wp-content\/uploads\/2019\/04\/Marsa-Mubarak-Boat-Trip-from-Marsa-Alam-e1669163771942.jpg?fit=1024%2C675&ssl=1",1024,675,true],"2048x2048":["https:\/\/i0.wp.com\/landioustravel.com\/wp-content\/uploads\/2019\/04\/Marsa-Mubarak-Boat-Trip-from-Marsa-Alam-e1669163771942.jpg?fit=1024%2C675&ssl=1",1024,675,true],"newspack-article-block-landscape-large":["https:\/\/i0.wp.com\/landioustravel.com\/wp-content\/uploads\/2019\/04\/Marsa-Mubarak-Boat-Trip-from-Marsa-Alam-e1669163771942.jpg?resize=1024%2C675&ssl=1",1024,675,true],"newspack-article-block-portrait-large":["https:\/\/i0.wp.com\/landioustravel.com\/wp-content\/uploads\/2019\/04\/Marsa-Mubarak-Boat-Trip-from-Marsa-Alam-e1669163771942.jpg?resize=900%2C675&ssl=1",900,675,true],"newspack-article-block-square-large":["https:\/\/i0.wp.com\/landioustravel.com\/wp-content\/uploads\/2019\/04\/Marsa-Mubarak-Boat-Trip-from-Marsa-Alam-e1669163771942.jpg?resize=1024%2C675&ssl=1",1024,675,true],"newspack-article-block-landscape-medium":["https:\/\/i0.wp.com\/landioustravel.com\/wp-content\/uploads\/2019\/04\/Marsa-Mubarak-Boat-Trip-from-Marsa-Alam-e1669163771942.jpg?resize=800%2C600&ssl=1",800,600,true],"newspack-article-block-portrait-medium":["https:\/\/i0.wp.com\/landioustravel.com\/wp-content\/uploads\/2019\/04\/Marsa-Mubarak-Boat-Trip-from-Marsa-Alam-e1669163771942.jpg?resize=600%2C675&ssl=1",600,675,true],"newspack-article-block-square-medium":["https:\/\/i0.wp.com\/landioustravel.com\/wp-content\/uploads\/2019\/04\/Marsa-Mubarak-Boat-Trip-from-Marsa-Alam-e1669163771942.jpg?resize=800%2C675&ssl=1",800,675,true],"newspack-article-block-landscape-intermediate":["https:\/\/i0.wp.com\/landioustravel.com\/wp-content\/uploads\/2019\/04\/Marsa-Mubarak-Boat-Trip-from-Marsa-Alam-e1669163771942.jpg?resize=600%2C450&ssl=1",600,450,true],"newspack-article-block-portrait-intermediate":["https:\/\/i0.wp.com\/landioustravel.com\/wp-content\/uploads\/2019\/04\/Marsa-Mubarak-Boat-Trip-from-Marsa-Alam-e1669163771942.jpg?resize=450%2C600&ssl=1",450,600,true],"newspack-article-block-square-intermediate":["https:\/\/i0.wp.com\/landioustravel.com\/wp-content\/uploads\/2019\/04\/Marsa-Mubarak-Boat-Trip-from-Marsa-Alam-e1669163771942.jpg?resize=600%2C600&ssl=1",600,600,true],"newspack-article-block-landscape-small":["https:\/\/i0.wp.com\/landioustravel.com\/wp-content\/uploads\/2019\/04\/Marsa-Mubarak-Boat-Trip-from-Marsa-Alam-e1669163771942.jpg?resize=400%2C300&ssl=1",400,300,true],"newspack-article-block-portrait-small":["https:\/\/i0.wp.com\/landioustravel.com\/wp-content\/uploads\/2019\/04\/Marsa-Mubarak-Boat-Trip-from-Marsa-Alam-e1669163771942.jpg?resize=300%2C400&ssl=1",300,400,true],"newspack-article-block-square-small":["https:\/\/i0.wp.com\/landioustravel.com\/wp-content\/uploads\/2019\/04\/Marsa-Mubarak-Boat-Trip-from-Marsa-Alam-e1669163771942.jpg?resize=400%2C400&ssl=1",400,400,true],"newspack-article-block-landscape-tiny":["https:\/\/i0.wp.com\/landioustravel.com\/wp-content\/uploads\/2019\/04\/Marsa-Mubarak-Boat-Trip-from-Marsa-Alam-e1669163771942.jpg?resize=200%2C150&ssl=1",200,150,true],"newspack-article-block-portrait-tiny":["https:\/\/i0.wp.com\/landioustravel.com\/wp-content\/uploads\/2019\/04\/Marsa-Mubarak-Boat-Trip-from-Marsa-Alam-e1669163771942.jpg?resize=150%2C200&ssl=1",150,200,true],"newspack-article-block-square-tiny":["https:\/\/i0.wp.com\/landioustravel.com\/wp-content\/uploads\/2019\/04\/Marsa-Mubarak-Boat-Trip-from-Marsa-Alam-e1669163771942.jpg?resize=200%2C200&ssl=1",200,200,true],"newspack-article-block-uncropped":["https:\/\/i0.wp.com\/landioustravel.com\/wp-content\/uploads\/2019\/04\/Marsa-Mubarak-Boat-Trip-from-Marsa-Alam-e1669163771942.jpg?fit=1024%2C675&ssl=1",1024,675,true],"woocommerce_thumbnail":["https:\/\/i0.wp.com\/landioustravel.com\/wp-content\/uploads\/2019\/04\/Marsa-Mubarak-Boat-Trip-from-Marsa-Alam-e1669163771942.jpg?resize=324%2C324&ssl=1",324,324,true],"woocommerce_single":["https:\/\/i0.wp.com\/landioustravel.com\/wp-content\/uploads\/2019\/04\/Marsa-Mubarak-Boat-Trip-from-Marsa-Alam-e1669163771942.jpg?fit=416%2C274&ssl=1",416,274,true],"woocommerce_gallery_thumbnail":["https:\/\/i0.wp.com\/landioustravel.com\/wp-content\/uploads\/2019\/04\/Marsa-Mubarak-Boat-Trip-from-Marsa-Alam-e1669163771942.jpg?resize=100%2C100&ssl=1",100,100,true]},"uagb_author_info":{"display_name":"Mofreh Landious","author_link":"https:\/\/landioustravel.com\/de\/author\/"},"uagb_comment_info":4,"uagb_excerpt":"Sind Sie auf der Suche nach einem entspannten und angenehmen Picknick am Roten Meer? Begleiten Sie uns auf unserem Seeausflug von Marsa Alam nach Marsa Mubarak, wo Sie zwei Stopps im offenen Meer zum Schwimmen und Schnorcheln mit Masken und Flossen erleben k\u00f6nnen. W\u00e4hrend dieser Stopps versorgen wir Sie mit einem k\u00f6stlichen Mittagessen auf dem&hellip;","jetpack_sharing_enabled":true,"jetpack_likes_enabled":true,"amp_enabled":true,"_links":{"self":[{"href":"https:\/\/landioustravel.com\/de\/wp-json\/wp\/v2\/product\/4456","targetHints":{"allow":["GET"]}}],"collection":[{"href":"https:\/\/landioustravel.com\/de\/wp-json\/wp\/v2\/product"}],"about":[{"href":"https:\/\/landioustravel.com\/de\/wp-json\/wp\/v2\/types\/product"}],"replies":[{"embeddable":true,"href":"https:\/\/landioustravel.com\/de\/wp-json\/wp\/v2\/comments?post=4456"}],"wp:featuredmedia":[{"embeddable":true,"href":"https:\/\/landioustravel.com\/de\/wp-json\/wp\/v2\/media\/99234"}],"wp:attachment":[{"href":"https:\/\/landioustravel.com\/de\/wp-json\/wp\/v2\/media?parent=4456"}],"wp:term":[{"taxonomy":"product_brand","embeddable":true,"href":"https:\/\/landioustravel.com\/de\/wp-json\/wp\/v2\/product_brand?post=4456"},{"taxonomy":"product_cat","embeddable":true,"href":"https:\/\/landioustravel.com\/de\/wp-json\/wp\/v2\/product_cat?post=4456"},{"taxonomy":"product_tag","embeddable":true,"href":"https:\/\/landioustravel.com\/de\/wp-json\/wp\/v2\/product_tag?post=4456"}],"curies":[{"name":"wp","href":"https:\/\/api.w.org\/{rel}","templated":true}]}}