{"id":4458,"date":"2019-04-24T13:21:34","date_gmt":"2019-05-09T23:54:19","guid":{"rendered":"https:\/\/landioustravel.com\/?post_type=product&#038;p=4458"},"modified":"2024-09-21T08:59:36","modified_gmt":"2024-09-21T05:59:36","slug":"seereise-dolphin-sataya-marsa-alam","status":"publish","type":"product","link":"https:\/\/landioustravel.com\/de\/shop\/seereise-dolphin-sataya-marsa-alam\/","title":{"rendered":"Dolphin Bay Sataya Reise Marsa Alam"},"content":{"rendered":"<p>Es ist eine beliebte Seereise nach Dolphin Bay Sataya von <a href=\"https:\/\/landioustravel.com\/de\/stadt-marsa-alam\/\">Marsa Alam<\/a>, Gouvernement <a href=\"https:\/\/landioustravel.com\/de\/agypten\/aegyptische-staedte\/bahr-ahmar-gouvernement\/\">Rotes Meer<\/a> &#8211; <a href=\"https:\/\/landioustravel.com\/de\/agypten\/\">\u00c4gypten<\/a>! Wir empfehlen die Reise, da sie insbesondere Touristen erm\u00f6glicht, mit Delfinen gut zu schwimmen. Im Detail k\u00f6nnen Sie ein Picknick auf dem Meer genie\u00dfen. Und nat\u00fcrlich k\u00f6nnen Sie auf den wundersch\u00f6nen Korallenriffen schnorcheln und eine Vielzahl von Fischen beobachten. Das Schwimmen mit Delfinen im offenen Meer ist sicherlich eine fantastische Erfahrung! ONLINE-BUCHUNG DOLPHIN BAY SATAYA REISE MARSA ALAM UND BESTER PREIS!<\/p>\n<h2>H\u00f6hepunkte auf der Reise nach Dolphin Bay Sataya von Marsa Alam<\/h2>\n<ul>\n<li>Schwimmen mit den Delfinen in der Sataya Dolphin Bay.<\/li>\n<li>Schnorcheln im offenen Meer.<\/li>\n<li>Auch Mittagessen auf dem Boot.<\/li>\n<\/ul>\n<h3>Programm des Schnorchelausfluges nach Dolphin Bay Sataya<\/h3>\n<ul>\n<li>Der Vertreter von Landious Travel holt das Hotel in Marsa Alam gegen 08:00 Uhr ab.<\/li>\n<li>Nachdem alle Ank\u00f6mmlinge abgeholt wurden, f\u00e4hrt der Bus zum Hafen. Der Weg zu diesem Hafen dauert ungef\u00e4hr 30 Minuten.<\/li>\n<li>Sobald Sie im Hafen angekommen sind, finden Sie Ihr Boot. Es wird ein gro\u00dfes und schickes Boot! Dieses Kreuzfahrtschiff hat zwei Stockwerke. Sobald Sie in das Boot einsteigen, m\u00fcssen Sie die Schuhe ausziehen. Und dann k\u00f6nnen Sie sich im zweiten Stock erheben, um sich im oberen Sonnendeck zu br\u00e4unen.<\/li>\n<li>Das Boot f\u00e4hrt weiter durch das Rote Meer, sobald sich die Gruppe versammelt. Dann machen Sie auf den wundersch\u00f6nen Korallen von Sataya einen Halt im offenen Meer. Nat\u00fcrlich k\u00f6nnen Sie in dieser erstaunlichen Delfinbucht auch mit Delfinen schwimmen.<\/li>\n<li>Nach diesem Stopp versammelt sich die Gruppe im ersten Stock zum Mittagessen. W\u00e4hrend des Mittagessens ist das Buffet ge\u00f6ffnet.<\/li>\n<li>Als n\u00e4chstes machen Sie einen Zwischenstopp an einem anderen Ort, um mit Masken und Flossen zu schnorcheln.<\/li>\n<li>Schlie\u00dflich f\u00e4hrt unser Boot zur\u00fcck zum Hafen. Wir werden Sie erneut zu Ihren Hotels in Marsa Alam zur\u00fcckbringen.<\/li>\n<li>Diese Seereise von <a href=\"https:\/\/www.google.de\/maps\/place\/Marsa+Alam,+Al-Bahr+al-ahmar\/@25.0684889,34.8491684,13z\/data=!3m1!4b1!4m5!3m4!1s0x15b4ea245c03b81d:0x51ad8e167c79ac32!8m2!3d25.0676256!4d34.8789697\" target=\"_blank\" rel=\"noopener\">Marsa Alam<\/a> nach Dolphin Bay Sataya endet gegen 16:30 Uhr.<\/li>\n<\/ul>\n<h4>Was beinhaltet Dolphin Bay Sataya Marsa Alam Preis?<\/h4>\n<ul>\n<li>Schnorchelausr\u00fcstung.<\/li>\n<li>Essen &amp; Trinken.<\/li>\n<li>Transfer zum Hafen und zur\u00fcck zum Hotel.<\/li>\n<\/ul>\n<h5>Was beinhaltet das Dolphin Bay Sataya Marsa Alam Programm nicht?<\/h5>\n<ul>\n<li>Video DVD.<\/li>\n<li>Auch die Foto-CD.<\/li>\n<\/ul>\n<h6>Was nehmen Sie f\u00fcr die Reise nach Dolphin Bay mit?<\/h6>\n<ul>\n<li>Handtuch.<\/li>\n<li>Auch Sonnenschutz.<\/li>\n<\/ul>\n<h6>Dolphin Bay Sataya Marsa Alam Buchungstage<\/h6>\n<ul>\n<li>T\u00e4glich von 08:00 bis 17:00 Uhr.<\/li>\n<\/ul>\n<h3>Dienstleistungen w\u00e4hrend der Seereise nach Dolphin Bay Sataya von Marsa Alam<\/h3>\n<ul>\n<li><strong>Transport<\/strong>: Landious Travel bedient Sie mit einer klimatisierten Limousine\/einem Kleinbus. Ein professioneller Fahrer begleitet Sie zum Hafen und zur\u00fcck zu Ihren Hotels.<\/li>\n<li><strong>F\u00fchrung<\/strong>: Ein professioneller englischer Reiseleiter holt Sie von Ihren Hotels ab und begleitet Sie zum Hafen.<\/li>\n<li><strong>Bootsausstattung<\/strong>: Unsere Boote sind neue dreist\u00f6ckige. Diese Boote haben viele Einrichtungen: einen Speisesaal, einen Wasserk\u00e4lter, eine K\u00fcche und zwei Toiletten. Au\u00dferdem bieten wir im ersten Stock Schwimmwesten, Schnorchelausr\u00fcstung und zwei Trolling-Rollen an. W\u00e4hrenddessen verf\u00fcgt der Sonnendeckboden \u00fcber bequeme Sonnenliegen und ein Zelt.<\/li>\n<li><strong>Team und so<\/strong>: Sie haben eine freundliche und professionelle Crew auf dem Boot. Unsere Instruktoren und Trainer werden Sie w\u00e4hrend der Reise begleiten.<\/li>\n<li><strong>Essen<\/strong>: Wir pr\u00e4sentieren ein hochwertiges Mittagessen auf dem Boot mit verschiedenen Gerichten.<\/li>\n<\/ul>\n","protected":false},"excerpt":{"rendered":"<p>Wenn Sie auf der Suche nach einem unvergesslichen Erlebnis sind, empfehlen wir Ihnen den Seeausflug von Marsa-Alam zur Dolphin-Bay Sataya. Sie haben die M\u00f6glichkeit, mit Delfinen im offenen Meer zu schwimmen und die atemberaubenden Korallenriffe und Fische zu beobachten. Die Reise beinhaltet ein Picknick am Meer, zwei Schnorchelstopps und ein k\u00f6stliches Mittagessen an Bord. Unsere Preise verstehen sich inklusive Mittagessen und alkoholfreien Getr\u00e4nken, sodass Sie sich um nichts k\u00fcmmern m\u00fcssen.<\/p>\n<p>Wir verstehen, dass das fr\u00fche Aufstehen zur Abholung eine Herausforderung sein kann, aber unser freundlicher Marsaalamtours-Vertreter wird da sein, um es Ihnen so einfach wie m\u00f6glich zu machen. Sie holen Sie je nach Standort von Ihrem Hotel in El Quseir, Port Ghalib oder Marsa Alam ab. Die Abholzeit wird auf den Standort Ihres Hotels zugeschnitten.<\/p>\n<p>Sobald Sie im Hafen von Hamata angekommen sind, besteigen Sie Ihr Boot und bereiten sich auf das Abenteuer Ihres Lebens vor. Der Nationalparkagent erhebt f\u00fcr den Eintritt 2 Euro pro Person. Wir stellen Ihnen Schnorchelausr\u00fcstung zur Verf\u00fcgung und die Marinepolizei sorgt daf\u00fcr, dass jeder erfasst wird.<\/p>\n<p>Nach einer etwa 2,5-st\u00fcndigen Fahrt vom Hafen Hamata erreichen Sie Shaab Satayah. Hier haben Sie die M\u00f6glichkeit, eineinhalb Stunden lang mit Delfinen zu schwimmen und zu schnorcheln. Sie werden staunen, wie eine Gruppe von 60 bis 80 Delfinen direkt vor Ihren Augen tanzt. Diese liebenswerten S\u00e4ugetiere sind freundlich und verspielt und machen Ihr Erlebnis noch spezieller. Sie k\u00f6nnen auch das Rote Meer erkunden und verschiedene Fisch- und Korallenarten entdecken, die nur in dieser Gegend zu finden sind.<\/p>\n<p>Nach Ihrem ersten Bad genie\u00dfen Sie an Bord des Bootes ein leckeres Mittagessen. Anschlie\u00dfend haben Sie noch einmal die M\u00f6glichkeit, 45 Minuten lang mit Delfinen zu schnorcheln. Schlie\u00dflich kehren wir zum Hafen von Hamata zur\u00fcck und fahren Sie zur\u00fcck zu Ihrem Hotel in Marsa Alam oder Port Ghalib. Wir verstehen, dass Sie vielleicht m\u00fcde sind, aber wir versprechen Ihnen, dass dieses Erlebnis unvergessliche Erinnerungen hinterlassen wird.<\/p>\n<p>Unser All-Inclusive-Paket beinhaltet die Abholung und R\u00fcckgabe vom Hotel, alle Transfers in einem klimatisierten Fahrzeug, einen englischsprachigen Reiseleiter, einen Schnorchelausflug mit dem Boot mit 2 Schnorchelstopps, Schnorchelausr\u00fcstung und Mittagessen an Bord des Kreuzfahrtschiffes . Wir hoffen, Sie bald bei diesem fantastischen Abenteuer zu sehen!<\/p>\n","protected":false},"featured_media":28410,"comment_status":"open","ping_status":"closed","template":"","meta":{"_coblocks_attr":"","_coblocks_dimensions":"","_coblocks_responsive_height":"","_coblocks_accordion_ie_support":"","_uag_custom_page_level_css":"","jetpack_post_was_ever_published":false,"jetpack_publicize_message":"","jetpack_publicize_feature_enabled":true,"jetpack_social_post_already_shared":true,"jetpack_social_options":{"image_generator_settings":{"template":"highway","default_image_id":0,"font":"","enabled":false},"version":2},"_wpas_customize_per_network":false},"product_brand":[],"product_cat":[2351,12164],"product_tag":[1653,1844,1930,1777,1778],"class_list":{"0":"post-4458","1":"product","2":"type-product","3":"status-publish","4":"has-post-thumbnail","6":"product_cat-ausfluge-marsa-alam","7":"product_cat-seereisen-marsa-alam","8":"product_tag-ausflug","9":"product_tag-bootsausfluge","10":"product_tag-delfinhaus","11":"product_tag-meer","12":"product_tag-schnorcheln","13":"pa_age-erwachsene","14":"pa_age-kind-1-4-jahre","15":"pa_age-kind-5-11-jahre","17":"first","18":"instock","19":"sale","20":"taxable","21":"shipping-taxable","22":"purchasable","23":"product-type-variable"},"yoast_head":"<!-- This site is optimized with the Yoast SEO Premium plugin v26.9 (Yoast SEO v27.3) - https:\/\/yoast.com\/product\/yoast-seo-premium-wordpress\/ -->\n<title>Dolphin Bay Sataya Reise Marsa Alam<\/title>\n<meta name=\"description\" content=\"Dolphin Bay Sataya Reise Marsa Alam Wir empfehlen den Ausflug, da hier Touristen eine gute Zeit mit Delfinen am Meer verbringen k\u00f6nnen\" \/>\n<meta name=\"robots\" content=\"index, follow, max-snippet:-1, max-image-preview:large, max-video-preview:-1\" \/>\n<link rel=\"canonical\" href=\"https:\/\/landioustravel.com\/de\/shop\/seereise-dolphin-sataya-marsa-alam\/\" \/>\n<meta property=\"og:locale\" content=\"de_DE\" \/>\n<meta property=\"og:type\" content=\"article\" \/>\n<meta property=\"og:title\" content=\"Dolphin Bay Sataya Reise Marsa Alam\" \/>\n<meta property=\"og:description\" content=\"Landious Travel\" \/>\n<meta property=\"og:url\" content=\"https:\/\/landioustravel.com\/de\/shop\/seereise-dolphin-sataya-marsa-alam\/\" \/>\n<meta property=\"og:site_name\" content=\"Landious Travel\" \/>\n<meta property=\"article:publisher\" content=\"https:\/\/web.facebook.com\/landiousEgypt\" \/>\n<meta property=\"article:modified_time\" content=\"2024-09-21T05:59:36+00:00\" \/>\n<meta property=\"og:image\" content=\"https:\/\/i0.wp.com\/landioustravel.com\/wp-content\/uploads\/2019\/04\/sataya-e1618076173846.jpg?fit=1200%2C675&ssl=1\" \/>\n\t<meta property=\"og:image:width\" content=\"1200\" \/>\n\t<meta property=\"og:image:height\" content=\"675\" \/>\n\t<meta property=\"og:image:type\" content=\"image\/jpeg\" \/>\n<meta name=\"twitter:card\" content=\"summary_large_image\" \/>\n<meta name=\"twitter:site\" content=\"@LandiousTours\" \/>\n<meta name=\"twitter:label1\" content=\"Gesch\u00e4tzte Lesezeit\" \/>\n\t<meta name=\"twitter:data1\" content=\"3\u00a0Minuten\" \/>\n<script type=\"application\/ld+json\" class=\"yoast-schema-graph\">{\"@context\":\"https:\\\/\\\/schema.org\",\"@graph\":[{\"@type\":\"WebPage\",\"@id\":\"https:\\\/\\\/landioustravel.com\\\/de\\\/shop\\\/seereise-dolphin-sataya-marsa-alam\\\/\",\"url\":\"https:\\\/\\\/landioustravel.com\\\/de\\\/shop\\\/seereise-dolphin-sataya-marsa-alam\\\/\",\"name\":\"Dolphin Bay Sataya Reise Marsa Alam\",\"isPartOf\":{\"@id\":\"https:\\\/\\\/landioustravel.com\\\/de\\\/#website\"},\"primaryImageOfPage\":{\"@id\":\"https:\\\/\\\/landioustravel.com\\\/de\\\/shop\\\/seereise-dolphin-sataya-marsa-alam\\\/#primaryimage\"},\"image\":{\"@id\":\"https:\\\/\\\/landioustravel.com\\\/de\\\/shop\\\/seereise-dolphin-sataya-marsa-alam\\\/#primaryimage\"},\"thumbnailUrl\":\"https:\\\/\\\/i0.wp.com\\\/landioustravel.com\\\/wp-content\\\/uploads\\\/2019\\\/04\\\/sataya-e1618076173846.jpg?fit=1200%2C675&ssl=1\",\"datePublished\":\"2019-05-09T23:54:19+00:00\",\"dateModified\":\"2024-09-21T05:59:36+00:00\",\"description\":\"Dolphin Bay Sataya Reise Marsa Alam Wir empfehlen den Ausflug, da hier Touristen eine gute Zeit mit Delfinen am Meer verbringen k\u00f6nnen\",\"breadcrumb\":{\"@id\":\"https:\\\/\\\/landioustravel.com\\\/de\\\/shop\\\/seereise-dolphin-sataya-marsa-alam\\\/#breadcrumb\"},\"inLanguage\":\"de\",\"potentialAction\":[{\"@type\":\"ReadAction\",\"target\":[\"https:\\\/\\\/landioustravel.com\\\/de\\\/shop\\\/seereise-dolphin-sataya-marsa-alam\\\/\"]}]},{\"@type\":\"ImageObject\",\"inLanguage\":\"de\",\"@id\":\"https:\\\/\\\/landioustravel.com\\\/de\\\/shop\\\/seereise-dolphin-sataya-marsa-alam\\\/#primaryimage\",\"url\":\"https:\\\/\\\/i0.wp.com\\\/landioustravel.com\\\/wp-content\\\/uploads\\\/2019\\\/04\\\/sataya-e1618076173846.jpg?fit=1200%2C675&ssl=1\",\"contentUrl\":\"https:\\\/\\\/i0.wp.com\\\/landioustravel.com\\\/wp-content\\\/uploads\\\/2019\\\/04\\\/sataya-e1618076173846.jpg?fit=1200%2C675&ssl=1\",\"width\":1200,\"height\":675,\"caption\":\"Dolphin Bay Sataya Trip Marsa Alam\"},{\"@type\":\"BreadcrumbList\",\"@id\":\"https:\\\/\\\/landioustravel.com\\\/de\\\/shop\\\/seereise-dolphin-sataya-marsa-alam\\\/#breadcrumb\",\"itemListElement\":[{\"@type\":\"ListItem\",\"position\":1,\"name\":\"Home\",\"item\":\"https:\\\/\\\/landioustravel.com\\\/de\\\/\"},{\"@type\":\"ListItem\",\"position\":2,\"name\":\"\u00c4gypten Touren\",\"item\":\"https:\\\/\\\/landioustravel.com\\\/de\\\/\"},{\"@type\":\"ListItem\",\"position\":3,\"name\":\"Dolphin Bay Sataya Reise Marsa Alam\"}]},{\"@type\":\"WebSite\",\"@id\":\"https:\\\/\\\/landioustravel.com\\\/de\\\/#website\",\"url\":\"https:\\\/\\\/landioustravel.com\\\/de\\\/\",\"name\":\"Landious Travel\",\"description\":\"Excursions, trips and cruises in Egypt\",\"publisher\":{\"@id\":\"https:\\\/\\\/landioustravel.com\\\/de\\\/#organization\"},\"potentialAction\":[{\"@type\":\"SearchAction\",\"target\":{\"@type\":\"EntryPoint\",\"urlTemplate\":\"https:\\\/\\\/landioustravel.com\\\/de\\\/?s={search_term_string}\"},\"query-input\":{\"@type\":\"PropertyValueSpecification\",\"valueRequired\":true,\"valueName\":\"search_term_string\"}}],\"inLanguage\":\"de\"},{\"@type\":[\"Organization\",\"Place\"],\"@id\":\"https:\\\/\\\/landioustravel.com\\\/de\\\/#organization\",\"name\":\"Landious Travel\",\"alternateName\":\"Landious Travel\",\"url\":\"https:\\\/\\\/landioustravel.com\\\/de\\\/\",\"logo\":{\"@id\":\"https:\\\/\\\/landioustravel.com\\\/de\\\/shop\\\/seereise-dolphin-sataya-marsa-alam\\\/#local-main-organization-logo\"},\"image\":{\"@id\":\"https:\\\/\\\/landioustravel.com\\\/de\\\/shop\\\/seereise-dolphin-sataya-marsa-alam\\\/#local-main-organization-logo\"},\"sameAs\":[\"https:\\\/\\\/web.facebook.com\\\/landiousEgypt\",\"https:\\\/\\\/x.com\\\/LandiousTours\",\"https:\\\/\\\/mastodon.social\\\/@landious\"],\"legalName\":\"Landious Travel\",\"telephone\":[],\"openingHoursSpecification\":[{\"@type\":\"OpeningHoursSpecification\",\"dayOfWeek\":[\"Monday\",\"Tuesday\",\"Wednesday\",\"Thursday\",\"Friday\",\"Saturday\",\"Sunday\"],\"opens\":\"09:00\",\"closes\":\"17:00\"}]},{\"@type\":\"ImageObject\",\"inLanguage\":\"de\",\"@id\":\"https:\\\/\\\/landioustravel.com\\\/de\\\/shop\\\/seereise-dolphin-sataya-marsa-alam\\\/#local-main-organization-logo\",\"url\":\"https:\\\/\\\/i0.wp.com\\\/landioustravel.com\\\/wp-content\\\/uploads\\\/2021\\\/06\\\/Landious-T.png?fit=500%2C500&ssl=1\",\"contentUrl\":\"https:\\\/\\\/i0.wp.com\\\/landioustravel.com\\\/wp-content\\\/uploads\\\/2021\\\/06\\\/Landious-T.png?fit=500%2C500&ssl=1\",\"width\":500,\"height\":500,\"caption\":\"Landious Travel\"}]}<\/script>\n<!-- \/ Yoast SEO Premium plugin. -->","yoast_head_json":{"title":"Dolphin Bay Sataya Reise Marsa Alam","description":"Dolphin Bay Sataya Reise Marsa Alam Wir empfehlen den Ausflug, da hier Touristen eine gute Zeit mit Delfinen am Meer verbringen k\u00f6nnen","robots":{"index":"index","follow":"follow","max-snippet":"max-snippet:-1","max-image-preview":"max-image-preview:large","max-video-preview":"max-video-preview:-1"},"canonical":"https:\/\/landioustravel.com\/de\/shop\/seereise-dolphin-sataya-marsa-alam\/","og_locale":"de_DE","og_type":"article","og_title":"Dolphin Bay Sataya Reise Marsa Alam","og_description":"Landious Travel","og_url":"https:\/\/landioustravel.com\/de\/shop\/seereise-dolphin-sataya-marsa-alam\/","og_site_name":"Landious Travel","article_publisher":"https:\/\/web.facebook.com\/landiousEgypt","article_modified_time":"2024-09-21T05:59:36+00:00","og_image":[{"width":1200,"height":675,"url":"https:\/\/i0.wp.com\/landioustravel.com\/wp-content\/uploads\/2019\/04\/sataya-e1618076173846.jpg?fit=1200%2C675&ssl=1","type":"image\/jpeg"}],"twitter_card":"summary_large_image","twitter_site":"@LandiousTours","twitter_misc":{"Gesch\u00e4tzte Lesezeit":"3\u00a0Minuten"},"schema":{"@context":"https:\/\/schema.org","@graph":[{"@type":"WebPage","@id":"https:\/\/landioustravel.com\/de\/shop\/seereise-dolphin-sataya-marsa-alam\/","url":"https:\/\/landioustravel.com\/de\/shop\/seereise-dolphin-sataya-marsa-alam\/","name":"Dolphin Bay Sataya Reise Marsa Alam","isPartOf":{"@id":"https:\/\/landioustravel.com\/de\/#website"},"primaryImageOfPage":{"@id":"https:\/\/landioustravel.com\/de\/shop\/seereise-dolphin-sataya-marsa-alam\/#primaryimage"},"image":{"@id":"https:\/\/landioustravel.com\/de\/shop\/seereise-dolphin-sataya-marsa-alam\/#primaryimage"},"thumbnailUrl":"https:\/\/i0.wp.com\/landioustravel.com\/wp-content\/uploads\/2019\/04\/sataya-e1618076173846.jpg?fit=1200%2C675&ssl=1","datePublished":"2019-05-09T23:54:19+00:00","dateModified":"2024-09-21T05:59:36+00:00","description":"Dolphin Bay Sataya Reise Marsa Alam Wir empfehlen den Ausflug, da hier Touristen eine gute Zeit mit Delfinen am Meer verbringen k\u00f6nnen","breadcrumb":{"@id":"https:\/\/landioustravel.com\/de\/shop\/seereise-dolphin-sataya-marsa-alam\/#breadcrumb"},"inLanguage":"de","potentialAction":[{"@type":"ReadAction","target":["https:\/\/landioustravel.com\/de\/shop\/seereise-dolphin-sataya-marsa-alam\/"]}]},{"@type":"ImageObject","inLanguage":"de","@id":"https:\/\/landioustravel.com\/de\/shop\/seereise-dolphin-sataya-marsa-alam\/#primaryimage","url":"https:\/\/i0.wp.com\/landioustravel.com\/wp-content\/uploads\/2019\/04\/sataya-e1618076173846.jpg?fit=1200%2C675&ssl=1","contentUrl":"https:\/\/i0.wp.com\/landioustravel.com\/wp-content\/uploads\/2019\/04\/sataya-e1618076173846.jpg?fit=1200%2C675&ssl=1","width":1200,"height":675,"caption":"Dolphin Bay Sataya Trip Marsa Alam"},{"@type":"BreadcrumbList","@id":"https:\/\/landioustravel.com\/de\/shop\/seereise-dolphin-sataya-marsa-alam\/#breadcrumb","itemListElement":[{"@type":"ListItem","position":1,"name":"Home","item":"https:\/\/landioustravel.com\/de\/"},{"@type":"ListItem","position":2,"name":"\u00c4gypten Touren","item":"https:\/\/landioustravel.com\/de\/"},{"@type":"ListItem","position":3,"name":"Dolphin Bay Sataya Reise Marsa Alam"}]},{"@type":"WebSite","@id":"https:\/\/landioustravel.com\/de\/#website","url":"https:\/\/landioustravel.com\/de\/","name":"Landious Travel","description":"Excursions, trips and cruises in Egypt","publisher":{"@id":"https:\/\/landioustravel.com\/de\/#organization"},"potentialAction":[{"@type":"SearchAction","target":{"@type":"EntryPoint","urlTemplate":"https:\/\/landioustravel.com\/de\/?s={search_term_string}"},"query-input":{"@type":"PropertyValueSpecification","valueRequired":true,"valueName":"search_term_string"}}],"inLanguage":"de"},{"@type":["Organization","Place"],"@id":"https:\/\/landioustravel.com\/de\/#organization","name":"Landious Travel","alternateName":"Landious Travel","url":"https:\/\/landioustravel.com\/de\/","logo":{"@id":"https:\/\/landioustravel.com\/de\/shop\/seereise-dolphin-sataya-marsa-alam\/#local-main-organization-logo"},"image":{"@id":"https:\/\/landioustravel.com\/de\/shop\/seereise-dolphin-sataya-marsa-alam\/#local-main-organization-logo"},"sameAs":["https:\/\/web.facebook.com\/landiousEgypt","https:\/\/x.com\/LandiousTours","https:\/\/mastodon.social\/@landious"],"legalName":"Landious Travel","telephone":[],"openingHoursSpecification":[{"@type":"OpeningHoursSpecification","dayOfWeek":["Monday","Tuesday","Wednesday","Thursday","Friday","Saturday","Sunday"],"opens":"09:00","closes":"17:00"}]},{"@type":"ImageObject","inLanguage":"de","@id":"https:\/\/landioustravel.com\/de\/shop\/seereise-dolphin-sataya-marsa-alam\/#local-main-organization-logo","url":"https:\/\/i0.wp.com\/landioustravel.com\/wp-content\/uploads\/2021\/06\/Landious-T.png?fit=500%2C500&ssl=1","contentUrl":"https:\/\/i0.wp.com\/landioustravel.com\/wp-content\/uploads\/2021\/06\/Landious-T.png?fit=500%2C500&ssl=1","width":500,"height":500,"caption":"Landious Travel"}]}},"jetpack_publicize_connections":[],"uagb_featured_image_src":{"full":["https:\/\/i0.wp.com\/landioustravel.com\/wp-content\/uploads\/2019\/04\/sataya-e1618076173846.jpg?fit=1200%2C675&ssl=1",1200,675,false],"thumbnail":["https:\/\/i0.wp.com\/landioustravel.com\/wp-content\/uploads\/2019\/04\/sataya-e1618076173846.jpg?resize=150%2C150&ssl=1",150,150,true],"medium":["https:\/\/i0.wp.com\/landioustravel.com\/wp-content\/uploads\/2019\/04\/sataya-e1618076173846.jpg?fit=300%2C169&ssl=1",300,169,true],"medium_large":["https:\/\/i0.wp.com\/landioustravel.com\/wp-content\/uploads\/2019\/04\/sataya-e1618076173846.jpg?fit=768%2C432&ssl=1",768,432,true],"large":["https:\/\/i0.wp.com\/landioustravel.com\/wp-content\/uploads\/2019\/04\/sataya-e1618076173846.jpg?fit=980%2C551&ssl=1",980,551,true],"1536x1536":["https:\/\/i0.wp.com\/landioustravel.com\/wp-content\/uploads\/2019\/04\/sataya-e1618076173846.jpg?fit=1536%2C864&ssl=1",1536,864,true],"2048x2048":["https:\/\/i0.wp.com\/landioustravel.com\/wp-content\/uploads\/2019\/04\/sataya-e1618076173846.jpg?fit=2048%2C1152&ssl=1",2048,1152,true],"newspack-article-block-landscape-large":["https:\/\/i0.wp.com\/landioustravel.com\/wp-content\/uploads\/2019\/04\/sataya-e1618076173846.jpg?resize=1200%2C675&ssl=1",1200,900,true],"newspack-article-block-portrait-large":["https:\/\/i0.wp.com\/landioustravel.com\/wp-content\/uploads\/2019\/04\/sataya-e1618076173846.jpg?resize=900%2C675&ssl=1",900,1200,true],"newspack-article-block-square-large":["https:\/\/i0.wp.com\/landioustravel.com\/wp-content\/uploads\/2019\/04\/sataya-e1618076173846.jpg?resize=1200%2C675&ssl=1",1200,1200,true],"newspack-article-block-landscape-medium":["https:\/\/i0.wp.com\/landioustravel.com\/wp-content\/uploads\/2019\/04\/sataya-e1618076173846.jpg?resize=800%2C600&ssl=1",800,600,true],"newspack-article-block-portrait-medium":["https:\/\/i0.wp.com\/landioustravel.com\/wp-content\/uploads\/2019\/04\/sataya-e1618076173846.jpg?resize=600%2C675&ssl=1",600,800,true],"newspack-article-block-square-medium":["https:\/\/i0.wp.com\/landioustravel.com\/wp-content\/uploads\/2019\/04\/sataya-e1618076173846.jpg?resize=800%2C675&ssl=1",800,800,true],"newspack-article-block-landscape-intermediate":["https:\/\/i0.wp.com\/landioustravel.com\/wp-content\/uploads\/2019\/04\/sataya-e1618076173846.jpg?resize=600%2C450&ssl=1",600,450,true],"newspack-article-block-portrait-intermediate":["https:\/\/i0.wp.com\/landioustravel.com\/wp-content\/uploads\/2019\/04\/sataya-e1618076173846.jpg?resize=450%2C600&ssl=1",450,600,true],"newspack-article-block-square-intermediate":["https:\/\/i0.wp.com\/landioustravel.com\/wp-content\/uploads\/2019\/04\/sataya-e1618076173846.jpg?resize=600%2C600&ssl=1",600,600,true],"newspack-article-block-landscape-small":["https:\/\/i0.wp.com\/landioustravel.com\/wp-content\/uploads\/2019\/04\/sataya-e1618076173846.jpg?resize=400%2C300&ssl=1",400,300,true],"newspack-article-block-portrait-small":["https:\/\/i0.wp.com\/landioustravel.com\/wp-content\/uploads\/2019\/04\/sataya-e1618076173846.jpg?resize=300%2C400&ssl=1",300,400,true],"newspack-article-block-square-small":["https:\/\/i0.wp.com\/landioustravel.com\/wp-content\/uploads\/2019\/04\/sataya-e1618076173846.jpg?resize=400%2C400&ssl=1",400,400,true],"newspack-article-block-landscape-tiny":["https:\/\/i0.wp.com\/landioustravel.com\/wp-content\/uploads\/2019\/04\/sataya-e1618076173846.jpg?resize=200%2C150&ssl=1",200,150,true],"newspack-article-block-portrait-tiny":["https:\/\/i0.wp.com\/landioustravel.com\/wp-content\/uploads\/2019\/04\/sataya-e1618076173846.jpg?resize=150%2C200&ssl=1",150,200,true],"newspack-article-block-square-tiny":["https:\/\/i0.wp.com\/landioustravel.com\/wp-content\/uploads\/2019\/04\/sataya-e1618076173846.jpg?resize=200%2C200&ssl=1",200,200,true],"newspack-article-block-uncropped":["https:\/\/i0.wp.com\/landioustravel.com\/wp-content\/uploads\/2019\/04\/sataya-e1618076173846.jpg?fit=1200%2C675&ssl=1",1200,675,true],"woocommerce_thumbnail":["https:\/\/i0.wp.com\/landioustravel.com\/wp-content\/uploads\/2019\/04\/sataya-e1618076173846.jpg?resize=324%2C324&ssl=1",324,324,true],"woocommerce_single":["https:\/\/i0.wp.com\/landioustravel.com\/wp-content\/uploads\/2019\/04\/sataya-e1618076173846.jpg?fit=416%2C234&ssl=1",416,234,true],"woocommerce_gallery_thumbnail":["https:\/\/i0.wp.com\/landioustravel.com\/wp-content\/uploads\/2019\/04\/sataya-e1618076173846.jpg?resize=100%2C100&ssl=1",100,100,true]},"uagb_author_info":{"display_name":"Mofreh Landious","author_link":"https:\/\/landioustravel.com\/de\/author\/"},"uagb_comment_info":2,"uagb_excerpt":"Wenn Sie auf der Suche nach einem unvergesslichen Erlebnis sind, empfehlen wir Ihnen den Seeausflug von Marsa-Alam zur Dolphin-Bay Sataya. Sie haben die M\u00f6glichkeit, mit Delfinen im offenen Meer zu schwimmen und die atemberaubenden Korallenriffe und Fische zu beobachten. Die Reise beinhaltet ein Picknick am Meer, zwei Schnorchelstopps und ein k\u00f6stliches Mittagessen an Bord. Unsere&hellip;","jetpack_sharing_enabled":true,"jetpack_likes_enabled":true,"amp_enabled":true,"_links":{"self":[{"href":"https:\/\/landioustravel.com\/de\/wp-json\/wp\/v2\/product\/4458","targetHints":{"allow":["GET"]}}],"collection":[{"href":"https:\/\/landioustravel.com\/de\/wp-json\/wp\/v2\/product"}],"about":[{"href":"https:\/\/landioustravel.com\/de\/wp-json\/wp\/v2\/types\/product"}],"replies":[{"embeddable":true,"href":"https:\/\/landioustravel.com\/de\/wp-json\/wp\/v2\/comments?post=4458"}],"wp:featuredmedia":[{"embeddable":true,"href":"https:\/\/landioustravel.com\/de\/wp-json\/wp\/v2\/media\/28410"}],"wp:attachment":[{"href":"https:\/\/landioustravel.com\/de\/wp-json\/wp\/v2\/media?parent=4458"}],"wp:term":[{"taxonomy":"product_brand","embeddable":true,"href":"https:\/\/landioustravel.com\/de\/wp-json\/wp\/v2\/product_brand?post=4458"},{"taxonomy":"product_cat","embeddable":true,"href":"https:\/\/landioustravel.com\/de\/wp-json\/wp\/v2\/product_cat?post=4458"},{"taxonomy":"product_tag","embeddable":true,"href":"https:\/\/landioustravel.com\/de\/wp-json\/wp\/v2\/product_tag?post=4458"}],"curies":[{"name":"wp","href":"https:\/\/api.w.org\/{rel}","templated":true}]}}