{"id":4478,"date":"2019-04-13T04:48:18","date_gmt":"2019-05-11T10:20:51","guid":{"rendered":"https:\/\/landioustravel.com\/?post_type=product&#038;p=4478"},"modified":"2026-03-22T15:21:42","modified_gmt":"2026-03-22T13:21:42","slug":"individueller-ausflug-sohag-hurghada","status":"publish","type":"product","link":"https:\/\/landioustravel.com\/de\/shop\/individueller-ausflug-sohag-hurghada\/","title":{"rendered":"Abydos &#038; Sohag Individueller Ausflug Hurghada"},"content":{"rendered":"<p>Eine interessante individuelle Tour nach <a href=\"https:\/\/landioustravel.com\/de\/abydos-dorf\/\">Abydos<\/a>\/<a href=\"https:\/\/landioustravel.com\/de\/agypten\/aegyptische-staedte\/sohag-gouvernement\/\">Sohag<\/a> aus <a href=\"https:\/\/landioustravel.com\/de\/hurghada-stadt\/\">Hurghada<\/a>, <a href=\"https:\/\/landioustravel.com\/de\/agypten\/\">\u00c4gypten<\/a>! Wir empfehlen die Reise, da Touristen so eine Vielzahl von Sehensw\u00fcrdigkeiten sehen k\u00f6nnen. Diese Attraktionen liegen in zwei St\u00e4dten &#8211; Abydos und Sohag. Sie stammen aus zwei verschiedenen Epochen der <a href=\"https:\/\/landioustravel.com\/de\/agypten\/geschichte-aegyptens\/\">\u00e4gyptischen Geschichte<\/a> &#8211; dem alten \u00c4gypten und dem R\u00f6mischen Reich.<\/p>\n<p>Au\u00dferdem k\u00f6nnen Sie auf dieser Tour viel Freude haben und mehr \u00fcber die Geschichte des Landes erfahren. ONLINE-BUCHUNG ABYDOS &amp; SOHAG INDIVIDUELLER AUSFLUG HURGHADA UND BESTER PREIS!<\/p>\n<h2>H\u00f6hepunkte der individuellen Reise von Hurghada nach Abydos &amp; Sohag<\/h2>\n<ul>\n<li>Besuch der <a href=\"https:\/\/landioustravel.com\/de\/agypten\/agyptischen-tempel\/abydos-tempelkomplex\/\">Tempel von Abydos<\/a>.<\/li>\n<li>Mittagessen.<\/li>\n<li>Auch das Rote Kloster und das Wei\u00dfe Kloster in Sohag.<\/li>\n<\/ul>\n<h3>Programm der Reise nach Abydos &#8211; Sohag von Hurghada<\/h3>\n<ul>\n<li>Der Vertreter von <a href=\"https:\/\/landioustravel.com\/de\/kontakte\/\">Landious Travel<\/a> holt gegen 04:00 Uhr im Hotel in Hurghada ab.<\/li>\n<li>Nachdem Sie abgeholt wurden, f\u00e4hrt der Bus (Limousine oder Kleinbus) in Richtung <a href=\"https:\/\/landioustravel.com\/de\/agypten\/aegyptische-staedte\/qena-gouvernement\/\">Qena<\/a>. Es wird die Stadt Safaga auf dem Weg nach Qena passieren. Der Ferienort <a href=\"https:\/\/landioustravel.com\/de\/safaga-stadt\/\">Safaga<\/a> liegt 45 Meilen s\u00fcdlich von Hurghada an der K\u00fcste des Roten Meeres. W\u00e4hrend die Stadt Qena 220 km entfernt im Niltal liegt. Der Weg vom Zentrum von Hurghada nach Qena dauert ca. 3 Stunden. Von Qena aus fahren Sie weiter nach Norden in Richtung des Gouvernements Sohag, um in das Dorf Abydos zu gelangen. Es wird noch ungef\u00e4hr eine Stunde dauern, bis Abydos verf\u00fcgbar ist.<\/li>\n<\/ul>\n<h4 style=\"text-align: center;\">Programm in Abydos<\/h4>\n<ul>\n<li>Sobald Sie im <a href=\"https:\/\/landioustravel.com\/de\/agypten\/aegyptische-staedte\/sohag-gouvernement\/\">Gouvernement Sohag<\/a> angekommen sind, genauer gesagt in <a href=\"https:\/\/landioustravel.com\/de\/abydos-dorf\/\">Abydos<\/a>, beginnen Sie Ihre Reise. Der Start wird im Tempel von Osiris sein. Dies ist ein Komplex aus Tempeln und Geb\u00e4uden. Es enth\u00e4lt verschiedene Tempel und Geb\u00e4ude. In diesen Tempeln beginnt Ihr F\u00fchrer mit der Erkl\u00e4rung und zeigt dann die h\u00e4ufig besuchten Orte dieses gro\u00dfen Komplexes.<\/li>\n<\/ul>\n<h5 style=\"text-align: center;\">Programm in Sohag<\/h5>\n<ul>\n<li>Dann fahren Sie nach Norden nach Sohag. Wieder einmal beginnen Sie Ihre Reise nach Sohag mit einem Mittagessen. Diese erste Station wird in einem Qualit\u00e4tsrestaurant sein.<\/li>\n<li>Nach dem Mittagessen fahren Sie zu den nahe gelegenen christlichen Kl\u00f6stern &#8211; dem Roten Kloster und dem Wei\u00dfen Kloster. Wieder beginnt Ihr F\u00fchrer mit seiner Erkl\u00e4rung und zeigt die h\u00e4ufig besuchten Orte dieses gro\u00dfen Komplexes. Bemerkenswert ist, dass dieser Komplex verschiedene Tempel und Geb\u00e4ude hat. Daher wird Ihr F\u00fchrer die Aufgabe haben, alle diese Tempel zu zeigen. Au\u00dferdem gibt er Ihnen Zeit zum Fotografieren.<\/li>\n<\/ul>\n<h6 style=\"text-align: center;\">Abfahrt nach Hurghada<\/h6>\n<ul>\n<li>Schlie\u00dflich f\u00e4hrt unser Bus nach einer so wunderbaren individuellen Reise nach Sohag zur\u00fcck.<\/li>\n<li>Diese individuelle Reise von <a href=\"https:\/\/www.google.de\/maps\/place\/Hurghada,+Al-Bahr+al-ahmar\/@27.1922261,33.5015195,10z\/data=!3m1!4b1!4m5!3m4!1s0x145287b2cd3dbbb3:0x2db807f98bd3c360!8m2!3d27.2578957!4d33.8116067\" target=\"_blank\" rel=\"noopener\">Hurghada<\/a> nach Abydos 6 Sohag endet gegen 22:00 Uhr.<\/li>\n<\/ul>\n<h4>Was beinhaltet Abydos &amp; Sohag Private Reise Hurghada Preis?<\/h4>\n<ul>\n<li>Tickets f\u00fcr Tempelbesuche.<\/li>\n<li>Mittagessen.<\/li>\n<li>Getr\u00e4nke.<\/li>\n<li>Privater F\u00fchrer.<\/li>\n<li>Auch ein Privatfahrzeug nach Abydos &#8211; Sohag und zur\u00fcck zum Hotel.<\/li>\n<\/ul>\n<h5>Was beinhaltet das Abydos &amp; Sohag Hurghada Programm nicht?<\/h5>\n<ul>\n<li>Zus\u00e4tzliche Ausflugsprogramme, die nicht im obigen Programm enthalten sind.<\/li>\n<\/ul>\n<h6>WAS F\u00dcR DIE REISE MITzunehmen?<\/h6>\n<ul>\n<li>Fr\u00fchst\u00fccksbox.<\/li>\n<li>Auch Kleidung f\u00fcr die Saison.<\/li>\n<\/ul>\n<h6>Abydos &amp; Sohag Individueller Ausflug Hurghada Buchungstage<\/h6>\n<ul>\n<li>T\u00e4glich von 04:00 bis 22:00 Uhr.<\/li>\n<\/ul>\n","protected":false},"excerpt":{"rendered":"<p>Erleben Sie die Wunder von Abydos und Sohag auf einer unvergesslichen Reise ab Hurghada. W\u00e4hrend dieses Abenteuers besuchen Sie die faszinierenden Tempel von Abydos und genie\u00dfen ein k\u00f6stliches Mittagessen. Anschlie\u00dfend reisen Sie nach Sohag, um das Rote Kloster und das Wei\u00dfe Kloster zu erkunden. Alle diese unglaublichen Sehensw\u00fcrdigkeiten sind im Preis inbegriffen, ebenso wie Transfers, Eintrittskarten und Mittagessen. Verpassen Sie nicht die Gelegenheit, einen privaten, au\u00dfergew\u00f6hnlichen Tagesausflug von Hurghada nach Abydos zu unternehmen, komplett mit einem privaten, klimatisierten Fahrzeug und einem sachkundigen \u00e4gyptologischen Reiseleiter.<\/p>\n<p>Machen Sie eine Pause vom Strand und erleben Sie die luxuri\u00f6se Reise zum Dendera-Tempel und zum Abydos-Tempel bei einem privaten Tagesausflug. Mit Ihrem pers\u00f6nlichen \u00e4gyptologischen Reiseleiter an Ihrer Seite beginnen Sie Ihre Reise nach Qena und reisen 60 km entlang der K\u00fcste des Roten Meeres nach Safaga, der n\u00e4chsten Stadt nach Hurghada. Anschlie\u00dfend fahren Sie 160 km durch die \u00f6stliche W\u00fcste \u00c4gyptens ins Niltal. Eineinhalb Stunden nach der Abholzeit halten Sie in einem Caf\u00e9 an, um zu fr\u00fchst\u00fccken, Kaffee zu trinken und die Toiletten zu benutzen.<\/p>\n<p>Entdecken Sie die Bedeutung des Abydos-Tempels, eines der wichtigsten religi\u00f6sen Zentren \u00c4gyptens. Diese Nekropole liegt etwa 15 km s\u00fcdlich der modernen Stadt Balyana und war seit dem Alten Reich eine Kultst\u00e4tte f\u00fcr Osiris, den Gott des Todes und der Vegetation. Der Tempel Sethos I. nimmt mit seiner einzigartigen Architektur und den hochwertigen Reliefs eine herausragende Stellung unter den religi\u00f6sen Bauten des Neuen Reiches ein. Machen Sie sich bereit f\u00fcr ein unvergessliches Abenteuer und erleben Sie die Magie von Abydos und Sohag.<\/p>\n","protected":false},"featured_media":99404,"comment_status":"open","ping_status":"closed","template":"","meta":{"_coblocks_attr":"","_coblocks_dimensions":"","_coblocks_responsive_height":"","_coblocks_accordion_ie_support":"","_uag_custom_page_level_css":"","jetpack_post_was_ever_published":false,"jetpack_publicize_message":"","jetpack_publicize_feature_enabled":true,"jetpack_social_post_already_shared":true,"jetpack_social_options":{"image_generator_settings":{"template":"highway","default_image_id":0,"font":"","enabled":false},"version":2},"_wpas_customize_per_network":false},"product_brand":[],"product_cat":[1601,20163,8563],"product_tag":[2143,1653,9906,1774],"class_list":{"0":"post-4478","1":"product","2":"type-product","3":"status-publish","4":"has-post-thumbnail","6":"product_cat-historische-ausfluge-hurghada","7":"product_cat-hurghada-private-besichtigungstouren","8":"product_cat-individuelle-ausfluege-hurghada","9":"product_tag-ausfluge-von-hurghada","10":"product_tag-ausflug","11":"product_tag-besichtigung","12":"product_tag-hurghada-de","14":"first","15":"instock","16":"sale","17":"taxable","18":"shipping-taxable","19":"purchasable","20":"product-type-variable"},"yoast_head":"<!-- This site is optimized with the Yoast SEO Premium plugin v26.9 (Yoast SEO v27.3) - https:\/\/yoast.com\/product\/yoast-seo-premium-wordpress\/ -->\n<title>Abydos &amp; Sohag Individueller Ausflug Hurghada<\/title>\n<meta name=\"description\" content=\"Abydos &amp; Sohag Individueller Ausflug Hurghada Wir empfehlen den Ausflug, da Touristen in zwei St\u00e4dten - Abydos und Sohag - eine Vielzahl\" \/>\n<meta name=\"robots\" content=\"index, follow, max-snippet:-1, max-image-preview:large, max-video-preview:-1\" \/>\n<link rel=\"canonical\" href=\"https:\/\/landioustravel.com\/de\/shop\/individueller-ausflug-sohag-hurghada\/\" \/>\n<meta property=\"og:locale\" content=\"de_DE\" \/>\n<meta property=\"og:type\" content=\"article\" \/>\n<meta property=\"og:title\" content=\"Abydos &amp; Sohag Individueller Ausflug Hurghada\" \/>\n<meta property=\"og:description\" content=\"Landious Travel\" \/>\n<meta property=\"og:url\" content=\"https:\/\/landioustravel.com\/de\/shop\/individueller-ausflug-sohag-hurghada\/\" \/>\n<meta property=\"og:site_name\" content=\"Landious Travel\" \/>\n<meta property=\"article:publisher\" content=\"https:\/\/web.facebook.com\/landiousEgypt\" \/>\n<meta property=\"article:modified_time\" content=\"2026-03-22T13:21:42+00:00\" \/>\n<meta property=\"og:image\" content=\"https:\/\/i0.wp.com\/landioustravel.com\/wp-content\/uploads\/2022\/05\/Temple-of-Seti-I-Abydos-e1651811713381.jpg?fit=1200%2C675&ssl=1\" \/>\n\t<meta property=\"og:image:width\" content=\"1200\" \/>\n\t<meta property=\"og:image:height\" content=\"675\" \/>\n\t<meta property=\"og:image:type\" content=\"image\/jpeg\" \/>\n<meta name=\"twitter:card\" content=\"summary_large_image\" \/>\n<meta name=\"twitter:site\" content=\"@LandiousTours\" \/>\n<meta name=\"twitter:label1\" content=\"Gesch\u00e4tzte Lesezeit\" \/>\n\t<meta name=\"twitter:data1\" content=\"3\u00a0Minuten\" \/>\n<script type=\"application\/ld+json\" class=\"yoast-schema-graph\">{\"@context\":\"https:\\\/\\\/schema.org\",\"@graph\":[{\"@type\":\"WebPage\",\"@id\":\"https:\\\/\\\/landioustravel.com\\\/de\\\/shop\\\/individueller-ausflug-sohag-hurghada\\\/\",\"url\":\"https:\\\/\\\/landioustravel.com\\\/de\\\/shop\\\/individueller-ausflug-sohag-hurghada\\\/\",\"name\":\"Abydos & Sohag Individueller Ausflug Hurghada\",\"isPartOf\":{\"@id\":\"https:\\\/\\\/landioustravel.com\\\/de\\\/#website\"},\"primaryImageOfPage\":{\"@id\":\"https:\\\/\\\/landioustravel.com\\\/de\\\/shop\\\/individueller-ausflug-sohag-hurghada\\\/#primaryimage\"},\"image\":{\"@id\":\"https:\\\/\\\/landioustravel.com\\\/de\\\/shop\\\/individueller-ausflug-sohag-hurghada\\\/#primaryimage\"},\"thumbnailUrl\":\"https:\\\/\\\/i0.wp.com\\\/landioustravel.com\\\/wp-content\\\/uploads\\\/2022\\\/05\\\/Temple-of-Seti-I-Abydos-e1651811713381.jpg?fit=1200%2C675&ssl=1\",\"datePublished\":\"2019-05-11T10:20:51+00:00\",\"dateModified\":\"2026-03-22T13:21:42+00:00\",\"description\":\"Abydos & Sohag Individueller Ausflug Hurghada Wir empfehlen den Ausflug, da Touristen in zwei St\u00e4dten - Abydos und Sohag - eine Vielzahl\",\"breadcrumb\":{\"@id\":\"https:\\\/\\\/landioustravel.com\\\/de\\\/shop\\\/individueller-ausflug-sohag-hurghada\\\/#breadcrumb\"},\"inLanguage\":\"de\",\"potentialAction\":[{\"@type\":\"ReadAction\",\"target\":[\"https:\\\/\\\/landioustravel.com\\\/de\\\/shop\\\/individueller-ausflug-sohag-hurghada\\\/\"]}]},{\"@type\":\"ImageObject\",\"inLanguage\":\"de\",\"@id\":\"https:\\\/\\\/landioustravel.com\\\/de\\\/shop\\\/individueller-ausflug-sohag-hurghada\\\/#primaryimage\",\"url\":\"https:\\\/\\\/i0.wp.com\\\/landioustravel.com\\\/wp-content\\\/uploads\\\/2022\\\/05\\\/Temple-of-Seti-I-Abydos-e1651811713381.jpg?fit=1200%2C675&ssl=1\",\"contentUrl\":\"https:\\\/\\\/i0.wp.com\\\/landioustravel.com\\\/wp-content\\\/uploads\\\/2022\\\/05\\\/Temple-of-Seti-I-Abydos-e1651811713381.jpg?fit=1200%2C675&ssl=1\",\"width\":1200,\"height\":675,\"caption\":\"Temple of Seti I at Abydos\"},{\"@type\":\"BreadcrumbList\",\"@id\":\"https:\\\/\\\/landioustravel.com\\\/de\\\/shop\\\/individueller-ausflug-sohag-hurghada\\\/#breadcrumb\",\"itemListElement\":[{\"@type\":\"ListItem\",\"position\":1,\"name\":\"Home\",\"item\":\"https:\\\/\\\/landioustravel.com\\\/de\\\/\"},{\"@type\":\"ListItem\",\"position\":2,\"name\":\"\u00c4gypten Touren\",\"item\":\"https:\\\/\\\/landioustravel.com\\\/de\\\/\"},{\"@type\":\"ListItem\",\"position\":3,\"name\":\"Abydos &#038; Sohag Individueller Ausflug Hurghada\"}]},{\"@type\":\"WebSite\",\"@id\":\"https:\\\/\\\/landioustravel.com\\\/de\\\/#website\",\"url\":\"https:\\\/\\\/landioustravel.com\\\/de\\\/\",\"name\":\"Landious Travel\",\"description\":\"Excursions, trips and cruises in Egypt\",\"publisher\":{\"@id\":\"https:\\\/\\\/landioustravel.com\\\/de\\\/#organization\"},\"potentialAction\":[{\"@type\":\"SearchAction\",\"target\":{\"@type\":\"EntryPoint\",\"urlTemplate\":\"https:\\\/\\\/landioustravel.com\\\/de\\\/?s={search_term_string}\"},\"query-input\":{\"@type\":\"PropertyValueSpecification\",\"valueRequired\":true,\"valueName\":\"search_term_string\"}}],\"inLanguage\":\"de\"},{\"@type\":[\"Organization\",\"Place\"],\"@id\":\"https:\\\/\\\/landioustravel.com\\\/de\\\/#organization\",\"name\":\"Landious Travel\",\"alternateName\":\"Landious Travel\",\"url\":\"https:\\\/\\\/landioustravel.com\\\/de\\\/\",\"logo\":{\"@id\":\"https:\\\/\\\/landioustravel.com\\\/de\\\/shop\\\/individueller-ausflug-sohag-hurghada\\\/#local-main-organization-logo\"},\"image\":{\"@id\":\"https:\\\/\\\/landioustravel.com\\\/de\\\/shop\\\/individueller-ausflug-sohag-hurghada\\\/#local-main-organization-logo\"},\"sameAs\":[\"https:\\\/\\\/web.facebook.com\\\/landiousEgypt\",\"https:\\\/\\\/x.com\\\/LandiousTours\",\"https:\\\/\\\/mastodon.social\\\/@landious\"],\"legalName\":\"Landious Travel\",\"telephone\":[],\"openingHoursSpecification\":[{\"@type\":\"OpeningHoursSpecification\",\"dayOfWeek\":[\"Monday\",\"Tuesday\",\"Wednesday\",\"Thursday\",\"Friday\",\"Saturday\",\"Sunday\"],\"opens\":\"09:00\",\"closes\":\"17:00\"}]},{\"@type\":\"ImageObject\",\"inLanguage\":\"de\",\"@id\":\"https:\\\/\\\/landioustravel.com\\\/de\\\/shop\\\/individueller-ausflug-sohag-hurghada\\\/#local-main-organization-logo\",\"url\":\"https:\\\/\\\/i0.wp.com\\\/landioustravel.com\\\/wp-content\\\/uploads\\\/2021\\\/06\\\/Landious-T.png?fit=500%2C500&ssl=1\",\"contentUrl\":\"https:\\\/\\\/i0.wp.com\\\/landioustravel.com\\\/wp-content\\\/uploads\\\/2021\\\/06\\\/Landious-T.png?fit=500%2C500&ssl=1\",\"width\":500,\"height\":500,\"caption\":\"Landious Travel\"}]}<\/script>\n<!-- \/ Yoast SEO Premium plugin. -->","yoast_head_json":{"title":"Abydos & Sohag Individueller Ausflug Hurghada","description":"Abydos & Sohag Individueller Ausflug Hurghada Wir empfehlen den Ausflug, da Touristen in zwei St\u00e4dten - Abydos und Sohag - eine Vielzahl","robots":{"index":"index","follow":"follow","max-snippet":"max-snippet:-1","max-image-preview":"max-image-preview:large","max-video-preview":"max-video-preview:-1"},"canonical":"https:\/\/landioustravel.com\/de\/shop\/individueller-ausflug-sohag-hurghada\/","og_locale":"de_DE","og_type":"article","og_title":"Abydos & Sohag Individueller Ausflug Hurghada","og_description":"Landious Travel","og_url":"https:\/\/landioustravel.com\/de\/shop\/individueller-ausflug-sohag-hurghada\/","og_site_name":"Landious Travel","article_publisher":"https:\/\/web.facebook.com\/landiousEgypt","article_modified_time":"2026-03-22T13:21:42+00:00","og_image":[{"width":1200,"height":675,"url":"https:\/\/i0.wp.com\/landioustravel.com\/wp-content\/uploads\/2022\/05\/Temple-of-Seti-I-Abydos-e1651811713381.jpg?fit=1200%2C675&ssl=1","type":"image\/jpeg"}],"twitter_card":"summary_large_image","twitter_site":"@LandiousTours","twitter_misc":{"Gesch\u00e4tzte Lesezeit":"3\u00a0Minuten"},"schema":{"@context":"https:\/\/schema.org","@graph":[{"@type":"WebPage","@id":"https:\/\/landioustravel.com\/de\/shop\/individueller-ausflug-sohag-hurghada\/","url":"https:\/\/landioustravel.com\/de\/shop\/individueller-ausflug-sohag-hurghada\/","name":"Abydos & Sohag Individueller Ausflug Hurghada","isPartOf":{"@id":"https:\/\/landioustravel.com\/de\/#website"},"primaryImageOfPage":{"@id":"https:\/\/landioustravel.com\/de\/shop\/individueller-ausflug-sohag-hurghada\/#primaryimage"},"image":{"@id":"https:\/\/landioustravel.com\/de\/shop\/individueller-ausflug-sohag-hurghada\/#primaryimage"},"thumbnailUrl":"https:\/\/i0.wp.com\/landioustravel.com\/wp-content\/uploads\/2022\/05\/Temple-of-Seti-I-Abydos-e1651811713381.jpg?fit=1200%2C675&ssl=1","datePublished":"2019-05-11T10:20:51+00:00","dateModified":"2026-03-22T13:21:42+00:00","description":"Abydos & Sohag Individueller Ausflug Hurghada Wir empfehlen den Ausflug, da Touristen in zwei St\u00e4dten - Abydos und Sohag - eine Vielzahl","breadcrumb":{"@id":"https:\/\/landioustravel.com\/de\/shop\/individueller-ausflug-sohag-hurghada\/#breadcrumb"},"inLanguage":"de","potentialAction":[{"@type":"ReadAction","target":["https:\/\/landioustravel.com\/de\/shop\/individueller-ausflug-sohag-hurghada\/"]}]},{"@type":"ImageObject","inLanguage":"de","@id":"https:\/\/landioustravel.com\/de\/shop\/individueller-ausflug-sohag-hurghada\/#primaryimage","url":"https:\/\/i0.wp.com\/landioustravel.com\/wp-content\/uploads\/2022\/05\/Temple-of-Seti-I-Abydos-e1651811713381.jpg?fit=1200%2C675&ssl=1","contentUrl":"https:\/\/i0.wp.com\/landioustravel.com\/wp-content\/uploads\/2022\/05\/Temple-of-Seti-I-Abydos-e1651811713381.jpg?fit=1200%2C675&ssl=1","width":1200,"height":675,"caption":"Temple of Seti I at Abydos"},{"@type":"BreadcrumbList","@id":"https:\/\/landioustravel.com\/de\/shop\/individueller-ausflug-sohag-hurghada\/#breadcrumb","itemListElement":[{"@type":"ListItem","position":1,"name":"Home","item":"https:\/\/landioustravel.com\/de\/"},{"@type":"ListItem","position":2,"name":"\u00c4gypten Touren","item":"https:\/\/landioustravel.com\/de\/"},{"@type":"ListItem","position":3,"name":"Abydos &#038; Sohag Individueller Ausflug Hurghada"}]},{"@type":"WebSite","@id":"https:\/\/landioustravel.com\/de\/#website","url":"https:\/\/landioustravel.com\/de\/","name":"Landious Travel","description":"Excursions, trips and cruises in Egypt","publisher":{"@id":"https:\/\/landioustravel.com\/de\/#organization"},"potentialAction":[{"@type":"SearchAction","target":{"@type":"EntryPoint","urlTemplate":"https:\/\/landioustravel.com\/de\/?s={search_term_string}"},"query-input":{"@type":"PropertyValueSpecification","valueRequired":true,"valueName":"search_term_string"}}],"inLanguage":"de"},{"@type":["Organization","Place"],"@id":"https:\/\/landioustravel.com\/de\/#organization","name":"Landious Travel","alternateName":"Landious Travel","url":"https:\/\/landioustravel.com\/de\/","logo":{"@id":"https:\/\/landioustravel.com\/de\/shop\/individueller-ausflug-sohag-hurghada\/#local-main-organization-logo"},"image":{"@id":"https:\/\/landioustravel.com\/de\/shop\/individueller-ausflug-sohag-hurghada\/#local-main-organization-logo"},"sameAs":["https:\/\/web.facebook.com\/landiousEgypt","https:\/\/x.com\/LandiousTours","https:\/\/mastodon.social\/@landious"],"legalName":"Landious Travel","telephone":[],"openingHoursSpecification":[{"@type":"OpeningHoursSpecification","dayOfWeek":["Monday","Tuesday","Wednesday","Thursday","Friday","Saturday","Sunday"],"opens":"09:00","closes":"17:00"}]},{"@type":"ImageObject","inLanguage":"de","@id":"https:\/\/landioustravel.com\/de\/shop\/individueller-ausflug-sohag-hurghada\/#local-main-organization-logo","url":"https:\/\/i0.wp.com\/landioustravel.com\/wp-content\/uploads\/2021\/06\/Landious-T.png?fit=500%2C500&ssl=1","contentUrl":"https:\/\/i0.wp.com\/landioustravel.com\/wp-content\/uploads\/2021\/06\/Landious-T.png?fit=500%2C500&ssl=1","width":500,"height":500,"caption":"Landious Travel"}]}},"jetpack_publicize_connections":[],"uagb_featured_image_src":{"full":["https:\/\/i0.wp.com\/landioustravel.com\/wp-content\/uploads\/2022\/05\/Temple-of-Seti-I-Abydos-e1651811713381.jpg?fit=1200%2C675&ssl=1",1200,675,false],"thumbnail":["https:\/\/i0.wp.com\/landioustravel.com\/wp-content\/uploads\/2022\/05\/Temple-of-Seti-I-Abydos-e1651811713381.jpg?resize=150%2C150&ssl=1",150,150,true],"medium":["https:\/\/i0.wp.com\/landioustravel.com\/wp-content\/uploads\/2022\/05\/Temple-of-Seti-I-Abydos-e1651811713381.jpg?fit=300%2C169&ssl=1",300,169,true],"medium_large":["https:\/\/i0.wp.com\/landioustravel.com\/wp-content\/uploads\/2022\/05\/Temple-of-Seti-I-Abydos-e1651811713381.jpg?fit=768%2C432&ssl=1",768,432,true],"large":["https:\/\/i0.wp.com\/landioustravel.com\/wp-content\/uploads\/2022\/05\/Temple-of-Seti-I-Abydos-e1651811713381.jpg?fit=980%2C551&ssl=1",980,551,true],"1536x1536":["https:\/\/i0.wp.com\/landioustravel.com\/wp-content\/uploads\/2022\/05\/Temple-of-Seti-I-Abydos-e1651811713381.jpg?fit=1200%2C675&ssl=1",1200,675,true],"2048x2048":["https:\/\/i0.wp.com\/landioustravel.com\/wp-content\/uploads\/2022\/05\/Temple-of-Seti-I-Abydos-e1651811713381.jpg?fit=1200%2C675&ssl=1",1200,675,true],"newspack-article-block-landscape-large":["https:\/\/i0.wp.com\/landioustravel.com\/wp-content\/uploads\/2022\/05\/Temple-of-Seti-I-Abydos-e1651811713381.jpg?resize=1200%2C675&ssl=1",1200,675,true],"newspack-article-block-portrait-large":["https:\/\/i0.wp.com\/landioustravel.com\/wp-content\/uploads\/2022\/05\/Temple-of-Seti-I-Abydos-e1651811713381.jpg?resize=900%2C675&ssl=1",900,675,true],"newspack-article-block-square-large":["https:\/\/i0.wp.com\/landioustravel.com\/wp-content\/uploads\/2022\/05\/Temple-of-Seti-I-Abydos-e1651811713381.jpg?resize=1200%2C675&ssl=1",1200,675,true],"newspack-article-block-landscape-medium":["https:\/\/i0.wp.com\/landioustravel.com\/wp-content\/uploads\/2022\/05\/Temple-of-Seti-I-Abydos-e1651811713381.jpg?resize=800%2C600&ssl=1",800,600,true],"newspack-article-block-portrait-medium":["https:\/\/i0.wp.com\/landioustravel.com\/wp-content\/uploads\/2022\/05\/Temple-of-Seti-I-Abydos-e1651811713381.jpg?resize=600%2C675&ssl=1",600,675,true],"newspack-article-block-square-medium":["https:\/\/i0.wp.com\/landioustravel.com\/wp-content\/uploads\/2022\/05\/Temple-of-Seti-I-Abydos-e1651811713381.jpg?resize=800%2C675&ssl=1",800,675,true],"newspack-article-block-landscape-intermediate":["https:\/\/i0.wp.com\/landioustravel.com\/wp-content\/uploads\/2022\/05\/Temple-of-Seti-I-Abydos-e1651811713381.jpg?resize=600%2C450&ssl=1",600,450,true],"newspack-article-block-portrait-intermediate":["https:\/\/i0.wp.com\/landioustravel.com\/wp-content\/uploads\/2022\/05\/Temple-of-Seti-I-Abydos-e1651811713381.jpg?resize=450%2C600&ssl=1",450,600,true],"newspack-article-block-square-intermediate":["https:\/\/i0.wp.com\/landioustravel.com\/wp-content\/uploads\/2022\/05\/Temple-of-Seti-I-Abydos-e1651811713381.jpg?resize=600%2C600&ssl=1",600,600,true],"newspack-article-block-landscape-small":["https:\/\/i0.wp.com\/landioustravel.com\/wp-content\/uploads\/2022\/05\/Temple-of-Seti-I-Abydos-e1651811713381.jpg?resize=400%2C300&ssl=1",400,300,true],"newspack-article-block-portrait-small":["https:\/\/i0.wp.com\/landioustravel.com\/wp-content\/uploads\/2022\/05\/Temple-of-Seti-I-Abydos-e1651811713381.jpg?resize=300%2C400&ssl=1",300,400,true],"newspack-article-block-square-small":["https:\/\/i0.wp.com\/landioustravel.com\/wp-content\/uploads\/2022\/05\/Temple-of-Seti-I-Abydos-e1651811713381.jpg?resize=400%2C400&ssl=1",400,400,true],"newspack-article-block-landscape-tiny":["https:\/\/i0.wp.com\/landioustravel.com\/wp-content\/uploads\/2022\/05\/Temple-of-Seti-I-Abydos-e1651811713381.jpg?resize=200%2C150&ssl=1",200,150,true],"newspack-article-block-portrait-tiny":["https:\/\/i0.wp.com\/landioustravel.com\/wp-content\/uploads\/2022\/05\/Temple-of-Seti-I-Abydos-e1651811713381.jpg?resize=150%2C200&ssl=1",150,200,true],"newspack-article-block-square-tiny":["https:\/\/i0.wp.com\/landioustravel.com\/wp-content\/uploads\/2022\/05\/Temple-of-Seti-I-Abydos-e1651811713381.jpg?resize=200%2C200&ssl=1",200,200,true],"newspack-article-block-uncropped":["https:\/\/i0.wp.com\/landioustravel.com\/wp-content\/uploads\/2022\/05\/Temple-of-Seti-I-Abydos-e1651811713381.jpg?fit=1200%2C675&ssl=1",1200,675,true],"woocommerce_thumbnail":["https:\/\/i0.wp.com\/landioustravel.com\/wp-content\/uploads\/2022\/05\/Temple-of-Seti-I-Abydos-e1651811713381.jpg?resize=324%2C324&ssl=1",324,324,true],"woocommerce_single":["https:\/\/i0.wp.com\/landioustravel.com\/wp-content\/uploads\/2022\/05\/Temple-of-Seti-I-Abydos-e1651811713381.jpg?fit=416%2C234&ssl=1",416,234,true],"woocommerce_gallery_thumbnail":["https:\/\/i0.wp.com\/landioustravel.com\/wp-content\/uploads\/2022\/05\/Temple-of-Seti-I-Abydos-e1651811713381.jpg?resize=100%2C100&ssl=1",100,100,true]},"uagb_author_info":{"display_name":"Mofreh Landious","author_link":"https:\/\/landioustravel.com\/de\/author\/"},"uagb_comment_info":5,"uagb_excerpt":"Erleben Sie die Wunder von Abydos und Sohag auf einer unvergesslichen Reise ab Hurghada. W\u00e4hrend dieses Abenteuers besuchen Sie die faszinierenden Tempel von Abydos und genie\u00dfen ein k\u00f6stliches Mittagessen. Anschlie\u00dfend reisen Sie nach Sohag, um das Rote Kloster und das Wei\u00dfe Kloster zu erkunden. Alle diese unglaublichen Sehensw\u00fcrdigkeiten sind im Preis inbegriffen, ebenso wie Transfers,&hellip;","jetpack_sharing_enabled":true,"jetpack_likes_enabled":true,"amp_enabled":true,"_links":{"self":[{"href":"https:\/\/landioustravel.com\/de\/wp-json\/wp\/v2\/product\/4478","targetHints":{"allow":["GET"]}}],"collection":[{"href":"https:\/\/landioustravel.com\/de\/wp-json\/wp\/v2\/product"}],"about":[{"href":"https:\/\/landioustravel.com\/de\/wp-json\/wp\/v2\/types\/product"}],"replies":[{"embeddable":true,"href":"https:\/\/landioustravel.com\/de\/wp-json\/wp\/v2\/comments?post=4478"}],"wp:featuredmedia":[{"embeddable":true,"href":"https:\/\/landioustravel.com\/de\/wp-json\/wp\/v2\/media\/99404"}],"wp:attachment":[{"href":"https:\/\/landioustravel.com\/de\/wp-json\/wp\/v2\/media?parent=4478"}],"wp:term":[{"taxonomy":"product_brand","embeddable":true,"href":"https:\/\/landioustravel.com\/de\/wp-json\/wp\/v2\/product_brand?post=4478"},{"taxonomy":"product_cat","embeddable":true,"href":"https:\/\/landioustravel.com\/de\/wp-json\/wp\/v2\/product_cat?post=4478"},{"taxonomy":"product_tag","embeddable":true,"href":"https:\/\/landioustravel.com\/de\/wp-json\/wp\/v2\/product_tag?post=4478"}],"curies":[{"name":"wp","href":"https:\/\/api.w.org\/{rel}","templated":true}]}}