{"id":4486,"date":"2019-04-07T14:24:50","date_gmt":"2019-05-12T00:28:38","guid":{"rendered":"https:\/\/landioustravel.com\/?post_type=product&#038;p=4486"},"modified":"2025-10-21T20:14:05","modified_gmt":"2025-10-21T17:14:05","slug":"individuelle-angeltour-hurghada","status":"publish","type":"product","link":"https:\/\/landioustravel.com\/de\/shop\/individuelle-angeltour-hurghada\/","title":{"rendered":"Individueller Angeltour Hurghada"},"content":{"rendered":"<p>Es ist eine interessante individuelle Angelausflug in <a href=\"https:\/\/landioustravel.com\/de\/hurghada-stadt\/\">Hurghada<\/a>, Gouvernement <a href=\"https:\/\/landioustravel.com\/de\/agypten\/aegyptische-staedte\/bahr-ahmar-gouvernement\/\">Rotes Meer<\/a> &#8211; <a href=\"https:\/\/landioustravel.com\/de\/agypten\/\">\u00c4gypten<\/a>! Diese Reise erm\u00f6glicht es Ihnen, sowohl das Meer als auch das professionelle Angeln zu genie\u00dfen! Wir empfehlen die Reise, weil es Touristen erlaubt, im Meer zu fischen. Es gibt auch die M\u00f6glichkeit, die wundersch\u00f6nen Korallenriffe und Fische des Roten Meeres zu sehen. Dar\u00fcber hinaus k\u00f6nnen Sie ein privates Picknick auf dem Meer durch das Rote Meer genie\u00dfen. Wirklich, es ist eine der sch\u00f6nen Seereisen in Hurghada! ONLINE BUCHUNG INDIVIDUELLER ANGELTOUR HURGHADA UND BEST PREIS!<\/p>\n<h2>H\u00f6hepunkte der individuellen Angeltour in Hurghada<\/h2>\n<ul>\n<li>Angeln im offenen Meer.<\/li>\n<li>Schnorcheln.<\/li>\n<li>Auch Mittagessen auf dem Boot.<\/li>\n<\/ul>\n<h3>Programm einer privaten Angeltour<\/h3>\n<ul>\n<li>Der Vertreter von <a href=\"https:\/\/landioustravel.com\/de\/kontakte\/\">Landious Travel<\/a> holt Sie gegen 08:00 Uhr vom Hotel in Hurghada ab.<\/li>\n<li>Nachdem Sie abgeholt wurden, f\u00e4hrt der Bus zum Hafen. Der Weg zum Hafen dauert ca. 20 Minuten.<\/li>\n<li>Sie finden Ihr Boot im Hafen. Es ist gro\u00df und schick! Dieses Boot besteht aus zwei Etagen. Sobald Sie ins Boot steigen, m\u00fcssen Sie Ihre Schuhe ausziehen und sich auf das Trolling-Angeln vorbereiten. Das Fangen eines Fisches durch Trolling findet statt, w\u00e4hrend das Boot auf dem Meer segelt. Aus diesem Grund stellen wir zwei Trolling-Ruten auf der R\u00fcckseite des Bootes zur Verf\u00fcgung.<\/li>\n<\/ul>\n<h4 style=\"text-align: center;\">Open Sea Angeln<\/h4>\n<ul>\n<li>Das Boot f\u00e4hrt weiter durch das Rote Meer, sobald Sie hineinkommen. Dann wird es irgendwo auf offener See anhalten, damit Sie direkt von seinem Brett aus fischen k\u00f6nnen. Zu diesem Zeitpunkt kann jeder angeln gehen. Nat\u00fcrlich werden wir diesen Versuch mehr als einmal wiederholen und die Stopps \u00e4ndern.<\/li>\n<li>Au\u00dferdem machen Sie an einem anderen Ort Halt zum Schwimmen und Schnorcheln.<\/li>\n<li>Nach dieser Pause gehen Sie zum Mittagessen in den ersten Stock. Zur Mittagszeit ist das Buffet ge\u00f6ffnet.<\/li>\n<li>In letzter Zeit werden Sie versuchen, woanders Fische zu fangen. Am Ende dieser Haltestelle kehrt das Boot zum Hafen zur\u00fcck.<\/li>\n<\/ul>\n<h5 style=\"text-align: center;\">Zur\u00fcck zuhause<\/h5>\n<ul>\n<li>Schlie\u00dflich begleiten wir Sie zur\u00fcck zu Ihren Hotels.<\/li>\n<li>Dieser private Angelausflug in <a href=\"https:\/\/www.google.de\/maps\/place\/Hurghada,+Al-Bahr+al-ahmar\/@27.1922261,33.5015195,10z\/data=!3m1!4b1!4m5!3m4!1s0x145287b2cd3dbbb3:0x2db807f98bd3c360!8m2!3d27.2578957!4d33.8116067\" target=\"_blank\" rel=\"noopener\">Hurghada<\/a> endet gegen 16:30 Uhr.<\/li>\n<\/ul>\n<h4>Was beinhaltet der Preis f\u00fcr eine individuelle Angeltour in Hurghada?<\/h4>\n<ul>\n<li>Individuelles Privatboot.<\/li>\n<li>Angelausr\u00fcstung.<\/li>\n<li>Schnorchelausr\u00fcstung.<\/li>\n<li>Essen und Trinken.<\/li>\n<li>Auch individueller Transfer zum Hafen und zur\u00fcck zum Hotel.<\/li>\n<\/ul>\n<h5>Was beinhaltet das individuelle Angelausflug-Hurghada-Programm nicht?<\/h5>\n<ul>\n<li>Video DVD.<\/li>\n<li>Auch die Foto-CD.<\/li>\n<\/ul>\n<h6>Was nehmen Sie f\u00fcr die Reise mit?<\/h6>\n<ul>\n<li>Handtuch.<\/li>\n<li>Auch Sonnenschutz.<\/li>\n<\/ul>\n<h6>Individuelle Angeltour Hurghada Buchungstage<\/h6>\n<ul>\n<li>T\u00e4glich von 08:00 bis 17:00 Uhr.<\/li>\n<\/ul>\n<h3>Dienstleistungen w\u00e4hrend der individuellen Angeltour in Hurghada<\/h3>\n<ul>\n<li><strong>Transport<\/strong>: Landious Travel bedient Sie mit einer klimatisierten Limousine\/einem Kleinbus. Ein professioneller Fahrer begleitet Sie zum Hafen und zur\u00fcck zu Ihren Hotels.<\/li>\n<li><strong>F\u00fchrung<\/strong>: Ein professioneller englischer Reiseleiter holt Sie von Ihren Hotels ab und begleitet Sie zum Hafen.<\/li>\n<li><strong>Bootsausstattung<\/strong>: Unsere Boote sind neue dreist\u00f6ckige. Diese Boote haben einen Speisesaal, einen Wasserk\u00e4lter, eine K\u00fcche und zwei Toiletten. An Bord stellen wir diesen Booten Schwimmwesten, Schnorchelausr\u00fcstung und zwei Trolling-Rollen im ersten Stock zur Verf\u00fcgung. W\u00e4hrenddessen verf\u00fcgt der Sonnendeckboden \u00fcber bequeme Sonnenliegen und ein Zelt.<\/li>\n<li><strong>Team und so<\/strong>: Sie haben eine freundliche und professionelle Crew auf dem Boot. Unsere Instruktoren und Trainer werden Sie w\u00e4hrend der Reise begleiten.<\/li>\n<li><strong>Essen<\/strong>: Wir pr\u00e4sentieren ein hochwertiges Mittagessen auf dem Boot mit verschiedenen Gerichten.<\/li>\n<\/ul>\n","protected":false},"excerpt":{"rendered":"<p>Erleben Sie das ultimative Angelabenteuer in Hurghada und starten Sie fr\u00fch am Morgen von Ihrem Hotel. Machen Sie sich bereit f\u00fcr einen Angeltag im reichhaltigen Roten Meer! Ihr Reiseleiter und Kapit\u00e4n werden Sie um 8:30 Uhr am Yachthafen abholen und Sie zu zwei verschiedenen Angelpl\u00e4tzen bringen, wo Sie die wundersch\u00f6ne \u00e4gyptische Landschaft genie\u00dfen und Ihr Gl\u00fcck beim Fangen eines der gro\u00dfen Fische versuchen k\u00f6nnen, die im Meer leben. Wenn Sie Lust haben, mit den Fischen zu schwimmen, springen Sie ins erfrischende Wasser und unternehmen einen Schnorchelausflug, um die Fische aus n\u00e4chster N\u00e4he zu beobachten. Entspannen Sie sich auf dem Boot und nutzen Sie Ihre Chance auf den Fang Ihres Lebens!<\/p>\n<p>Auf dem Boot und am Ufer gibt es ausreichend Platz f\u00fcr einen sonnigen oder schattigen Aufenthalt. Wenn Sie vor unserem Stopp am zweiten Ankerpunkt Fisch fangen, k\u00f6nnen Sie ihn f\u00fcr unser Mittagsbuffet zubereiten! Genie\u00dfen Sie den k\u00f6stlichen und frisch zubereiteten Fisch, den Sie zum Mittagessen auf dem Boot gefangen haben. Nach dem Mittagessen haben Sie mehr Zeit zum Angeln auf dem Schiff. Vor dem Ende des Ausflugs k\u00f6nnen Sie mit Maske und Flossen im offenen Meer schwimmen.<\/p>\n<p>Wir stellen hochwertige Fahrzeuge mit Klimaanlage f\u00fcr den Transfer von und zu Ihrem Hotel, Unterst\u00fctzung durch Reisef\u00fchrer, Angel- und Schnorchelausr\u00fcstung, Mittagessen, Mineralwasser und alkoholfreie Getr\u00e4nke zur Verf\u00fcgung. Lassen Sie sich diese unglaubliche Gelegenheit nicht entgehen, das Rote Meer zu erkunden und sich im Angeln zu versuchen. Segeln Sie um 16:00 Uhr zur\u00fcck zum Yachthafen und fahren Sie dann zur\u00fcck zu Ihrem Hotel in Hurghada. Buchen Sie jetzt f\u00fcr ein unvergessliches Erlebnis!<\/p>\n","protected":false},"featured_media":28931,"comment_status":"open","ping_status":"closed","template":"","meta":{"_coblocks_attr":"","_coblocks_dimensions":"","_coblocks_responsive_height":"","_coblocks_accordion_ie_support":"","_uag_custom_page_level_css":"","jetpack_post_was_ever_published":false,"jetpack_publicize_message":"","jetpack_publicize_feature_enabled":true,"jetpack_social_post_already_shared":true,"jetpack_social_options":{"image_generator_settings":{"template":"highway","default_image_id":0,"font":"","enabled":false},"version":2},"_wpas_customize_per_network":false},"product_brand":[],"product_cat":[22083,22097,20162,8563,1603],"product_tag":[2168,1653,1844,1774,1777,1778],"class_list":{"0":"post-4486","1":"product","2":"type-product","3":"status-publish","4":"has-post-thumbnail","6":"product_cat-hurghada-angelausfluege","7":"product_cat-hurghada-familienausfluege","8":"product_cat-hurghada-private-seereisen","9":"product_cat-individuelle-ausfluege-hurghada","10":"product_cat-seereisen-hurghada","11":"product_tag-das-fischen","12":"product_tag-ausflug","13":"product_tag-bootsausfluge","14":"product_tag-hurghada-de","15":"product_tag-meer","16":"product_tag-schnorcheln","18":"first","19":"instock","20":"sale","21":"taxable","22":"shipping-taxable","23":"purchasable","24":"product-type-variable"},"yoast_head":"<!-- This site is optimized with the Yoast SEO Premium plugin v26.9 (Yoast SEO v27.3) - https:\/\/yoast.com\/product\/yoast-seo-premium-wordpress\/ -->\n<title>Individueller Angeltour Hurghada<\/title>\n<meta name=\"description\" content=\"Individueller Angeltour Hurghada: Eine interessante Fischerbootsfahrt im Roten Meer in Hurghada, bei der Sie sowohl das Meer, preis\" \/>\n<meta name=\"robots\" content=\"index, follow, max-snippet:-1, max-image-preview:large, max-video-preview:-1\" \/>\n<link rel=\"canonical\" href=\"https:\/\/landioustravel.com\/de\/shop\/individuelle-angeltour-hurghada\/\" \/>\n<meta property=\"og:locale\" content=\"de_DE\" \/>\n<meta property=\"og:type\" content=\"article\" \/>\n<meta property=\"og:title\" content=\"Individueller Angeltour Hurghada\" \/>\n<meta property=\"og:description\" content=\"Landious Travel\" \/>\n<meta property=\"og:url\" content=\"https:\/\/landioustravel.com\/de\/shop\/individuelle-angeltour-hurghada\/\" \/>\n<meta property=\"og:site_name\" content=\"Landious Travel\" \/>\n<meta property=\"article:publisher\" content=\"https:\/\/web.facebook.com\/landiousEgypt\" \/>\n<meta property=\"article:modified_time\" content=\"2025-10-21T17:14:05+00:00\" \/>\n<meta property=\"og:image\" content=\"https:\/\/i0.wp.com\/landioustravel.com\/wp-content\/uploads\/2021\/03\/fishing_trips-e1615142026328.jpg?fit=1080%2C607&ssl=1\" \/>\n\t<meta property=\"og:image:width\" content=\"1080\" \/>\n\t<meta property=\"og:image:height\" content=\"607\" \/>\n\t<meta property=\"og:image:type\" content=\"image\/jpeg\" \/>\n<meta name=\"twitter:card\" content=\"summary_large_image\" \/>\n<meta name=\"twitter:site\" content=\"@LandiousTours\" \/>\n<meta name=\"twitter:label1\" content=\"Gesch\u00e4tzte Lesezeit\" \/>\n\t<meta name=\"twitter:data1\" content=\"3\u00a0Minuten\" \/>\n<script type=\"application\/ld+json\" class=\"yoast-schema-graph\">{\"@context\":\"https:\\\/\\\/schema.org\",\"@graph\":[{\"@type\":\"WebPage\",\"@id\":\"https:\\\/\\\/landioustravel.com\\\/de\\\/shop\\\/individuelle-angeltour-hurghada\\\/\",\"url\":\"https:\\\/\\\/landioustravel.com\\\/de\\\/shop\\\/individuelle-angeltour-hurghada\\\/\",\"name\":\"Individueller Angeltour Hurghada\",\"isPartOf\":{\"@id\":\"https:\\\/\\\/landioustravel.com\\\/de\\\/#website\"},\"primaryImageOfPage\":{\"@id\":\"https:\\\/\\\/landioustravel.com\\\/de\\\/shop\\\/individuelle-angeltour-hurghada\\\/#primaryimage\"},\"image\":{\"@id\":\"https:\\\/\\\/landioustravel.com\\\/de\\\/shop\\\/individuelle-angeltour-hurghada\\\/#primaryimage\"},\"thumbnailUrl\":\"https:\\\/\\\/i0.wp.com\\\/landioustravel.com\\\/wp-content\\\/uploads\\\/2021\\\/03\\\/fishing_trips-e1615142026328.jpg?fit=1080%2C607&ssl=1\",\"datePublished\":\"2019-05-12T00:28:38+00:00\",\"dateModified\":\"2025-10-21T17:14:05+00:00\",\"description\":\"Individueller Angeltour Hurghada: Eine interessante Fischerbootsfahrt im Roten Meer in Hurghada, bei der Sie sowohl das Meer, preis\",\"breadcrumb\":{\"@id\":\"https:\\\/\\\/landioustravel.com\\\/de\\\/shop\\\/individuelle-angeltour-hurghada\\\/#breadcrumb\"},\"inLanguage\":\"de\",\"potentialAction\":[{\"@type\":\"ReadAction\",\"target\":[\"https:\\\/\\\/landioustravel.com\\\/de\\\/shop\\\/individuelle-angeltour-hurghada\\\/\"]}]},{\"@type\":\"ImageObject\",\"inLanguage\":\"de\",\"@id\":\"https:\\\/\\\/landioustravel.com\\\/de\\\/shop\\\/individuelle-angeltour-hurghada\\\/#primaryimage\",\"url\":\"https:\\\/\\\/i0.wp.com\\\/landioustravel.com\\\/wp-content\\\/uploads\\\/2021\\\/03\\\/fishing_trips-e1615142026328.jpg?fit=1080%2C607&ssl=1\",\"contentUrl\":\"https:\\\/\\\/i0.wp.com\\\/landioustravel.com\\\/wp-content\\\/uploads\\\/2021\\\/03\\\/fishing_trips-e1615142026328.jpg?fit=1080%2C607&ssl=1\",\"width\":1080,\"height\":607,\"caption\":\"Individual Fishing Trip Hurghada\"},{\"@type\":\"BreadcrumbList\",\"@id\":\"https:\\\/\\\/landioustravel.com\\\/de\\\/shop\\\/individuelle-angeltour-hurghada\\\/#breadcrumb\",\"itemListElement\":[{\"@type\":\"ListItem\",\"position\":1,\"name\":\"Home\",\"item\":\"https:\\\/\\\/landioustravel.com\\\/de\\\/\"},{\"@type\":\"ListItem\",\"position\":2,\"name\":\"\u00c4gypten Touren\",\"item\":\"https:\\\/\\\/landioustravel.com\\\/de\\\/\"},{\"@type\":\"ListItem\",\"position\":3,\"name\":\"Individueller Angeltour Hurghada\"}]},{\"@type\":\"WebSite\",\"@id\":\"https:\\\/\\\/landioustravel.com\\\/de\\\/#website\",\"url\":\"https:\\\/\\\/landioustravel.com\\\/de\\\/\",\"name\":\"Landious Travel\",\"description\":\"Excursions, trips and cruises in Egypt\",\"publisher\":{\"@id\":\"https:\\\/\\\/landioustravel.com\\\/de\\\/#organization\"},\"potentialAction\":[{\"@type\":\"SearchAction\",\"target\":{\"@type\":\"EntryPoint\",\"urlTemplate\":\"https:\\\/\\\/landioustravel.com\\\/de\\\/?s={search_term_string}\"},\"query-input\":{\"@type\":\"PropertyValueSpecification\",\"valueRequired\":true,\"valueName\":\"search_term_string\"}}],\"inLanguage\":\"de\"},{\"@type\":[\"Organization\",\"Place\"],\"@id\":\"https:\\\/\\\/landioustravel.com\\\/de\\\/#organization\",\"name\":\"Landious Travel\",\"alternateName\":\"Landious Travel\",\"url\":\"https:\\\/\\\/landioustravel.com\\\/de\\\/\",\"logo\":{\"@id\":\"https:\\\/\\\/landioustravel.com\\\/de\\\/shop\\\/individuelle-angeltour-hurghada\\\/#local-main-organization-logo\"},\"image\":{\"@id\":\"https:\\\/\\\/landioustravel.com\\\/de\\\/shop\\\/individuelle-angeltour-hurghada\\\/#local-main-organization-logo\"},\"sameAs\":[\"https:\\\/\\\/web.facebook.com\\\/landiousEgypt\",\"https:\\\/\\\/x.com\\\/LandiousTours\",\"https:\\\/\\\/mastodon.social\\\/@landious\"],\"legalName\":\"Landious Travel\",\"telephone\":[],\"openingHoursSpecification\":[{\"@type\":\"OpeningHoursSpecification\",\"dayOfWeek\":[\"Monday\",\"Tuesday\",\"Wednesday\",\"Thursday\",\"Friday\",\"Saturday\",\"Sunday\"],\"opens\":\"09:00\",\"closes\":\"17:00\"}]},{\"@type\":\"ImageObject\",\"inLanguage\":\"de\",\"@id\":\"https:\\\/\\\/landioustravel.com\\\/de\\\/shop\\\/individuelle-angeltour-hurghada\\\/#local-main-organization-logo\",\"url\":\"https:\\\/\\\/i0.wp.com\\\/landioustravel.com\\\/wp-content\\\/uploads\\\/2021\\\/06\\\/Landious-T.png?fit=500%2C500&ssl=1\",\"contentUrl\":\"https:\\\/\\\/i0.wp.com\\\/landioustravel.com\\\/wp-content\\\/uploads\\\/2021\\\/06\\\/Landious-T.png?fit=500%2C500&ssl=1\",\"width\":500,\"height\":500,\"caption\":\"Landious Travel\"}]}<\/script>\n<!-- \/ Yoast SEO Premium plugin. -->","yoast_head_json":{"title":"Individueller Angeltour Hurghada","description":"Individueller Angeltour Hurghada: Eine interessante Fischerbootsfahrt im Roten Meer in Hurghada, bei der Sie sowohl das Meer, preis","robots":{"index":"index","follow":"follow","max-snippet":"max-snippet:-1","max-image-preview":"max-image-preview:large","max-video-preview":"max-video-preview:-1"},"canonical":"https:\/\/landioustravel.com\/de\/shop\/individuelle-angeltour-hurghada\/","og_locale":"de_DE","og_type":"article","og_title":"Individueller Angeltour Hurghada","og_description":"Landious Travel","og_url":"https:\/\/landioustravel.com\/de\/shop\/individuelle-angeltour-hurghada\/","og_site_name":"Landious Travel","article_publisher":"https:\/\/web.facebook.com\/landiousEgypt","article_modified_time":"2025-10-21T17:14:05+00:00","og_image":[{"width":1080,"height":607,"url":"https:\/\/i0.wp.com\/landioustravel.com\/wp-content\/uploads\/2021\/03\/fishing_trips-e1615142026328.jpg?fit=1080%2C607&ssl=1","type":"image\/jpeg"}],"twitter_card":"summary_large_image","twitter_site":"@LandiousTours","twitter_misc":{"Gesch\u00e4tzte Lesezeit":"3\u00a0Minuten"},"schema":{"@context":"https:\/\/schema.org","@graph":[{"@type":"WebPage","@id":"https:\/\/landioustravel.com\/de\/shop\/individuelle-angeltour-hurghada\/","url":"https:\/\/landioustravel.com\/de\/shop\/individuelle-angeltour-hurghada\/","name":"Individueller Angeltour Hurghada","isPartOf":{"@id":"https:\/\/landioustravel.com\/de\/#website"},"primaryImageOfPage":{"@id":"https:\/\/landioustravel.com\/de\/shop\/individuelle-angeltour-hurghada\/#primaryimage"},"image":{"@id":"https:\/\/landioustravel.com\/de\/shop\/individuelle-angeltour-hurghada\/#primaryimage"},"thumbnailUrl":"https:\/\/i0.wp.com\/landioustravel.com\/wp-content\/uploads\/2021\/03\/fishing_trips-e1615142026328.jpg?fit=1080%2C607&ssl=1","datePublished":"2019-05-12T00:28:38+00:00","dateModified":"2025-10-21T17:14:05+00:00","description":"Individueller Angeltour Hurghada: Eine interessante Fischerbootsfahrt im Roten Meer in Hurghada, bei der Sie sowohl das Meer, preis","breadcrumb":{"@id":"https:\/\/landioustravel.com\/de\/shop\/individuelle-angeltour-hurghada\/#breadcrumb"},"inLanguage":"de","potentialAction":[{"@type":"ReadAction","target":["https:\/\/landioustravel.com\/de\/shop\/individuelle-angeltour-hurghada\/"]}]},{"@type":"ImageObject","inLanguage":"de","@id":"https:\/\/landioustravel.com\/de\/shop\/individuelle-angeltour-hurghada\/#primaryimage","url":"https:\/\/i0.wp.com\/landioustravel.com\/wp-content\/uploads\/2021\/03\/fishing_trips-e1615142026328.jpg?fit=1080%2C607&ssl=1","contentUrl":"https:\/\/i0.wp.com\/landioustravel.com\/wp-content\/uploads\/2021\/03\/fishing_trips-e1615142026328.jpg?fit=1080%2C607&ssl=1","width":1080,"height":607,"caption":"Individual Fishing Trip Hurghada"},{"@type":"BreadcrumbList","@id":"https:\/\/landioustravel.com\/de\/shop\/individuelle-angeltour-hurghada\/#breadcrumb","itemListElement":[{"@type":"ListItem","position":1,"name":"Home","item":"https:\/\/landioustravel.com\/de\/"},{"@type":"ListItem","position":2,"name":"\u00c4gypten Touren","item":"https:\/\/landioustravel.com\/de\/"},{"@type":"ListItem","position":3,"name":"Individueller Angeltour Hurghada"}]},{"@type":"WebSite","@id":"https:\/\/landioustravel.com\/de\/#website","url":"https:\/\/landioustravel.com\/de\/","name":"Landious Travel","description":"Excursions, trips and cruises in Egypt","publisher":{"@id":"https:\/\/landioustravel.com\/de\/#organization"},"potentialAction":[{"@type":"SearchAction","target":{"@type":"EntryPoint","urlTemplate":"https:\/\/landioustravel.com\/de\/?s={search_term_string}"},"query-input":{"@type":"PropertyValueSpecification","valueRequired":true,"valueName":"search_term_string"}}],"inLanguage":"de"},{"@type":["Organization","Place"],"@id":"https:\/\/landioustravel.com\/de\/#organization","name":"Landious Travel","alternateName":"Landious Travel","url":"https:\/\/landioustravel.com\/de\/","logo":{"@id":"https:\/\/landioustravel.com\/de\/shop\/individuelle-angeltour-hurghada\/#local-main-organization-logo"},"image":{"@id":"https:\/\/landioustravel.com\/de\/shop\/individuelle-angeltour-hurghada\/#local-main-organization-logo"},"sameAs":["https:\/\/web.facebook.com\/landiousEgypt","https:\/\/x.com\/LandiousTours","https:\/\/mastodon.social\/@landious"],"legalName":"Landious Travel","telephone":[],"openingHoursSpecification":[{"@type":"OpeningHoursSpecification","dayOfWeek":["Monday","Tuesday","Wednesday","Thursday","Friday","Saturday","Sunday"],"opens":"09:00","closes":"17:00"}]},{"@type":"ImageObject","inLanguage":"de","@id":"https:\/\/landioustravel.com\/de\/shop\/individuelle-angeltour-hurghada\/#local-main-organization-logo","url":"https:\/\/i0.wp.com\/landioustravel.com\/wp-content\/uploads\/2021\/06\/Landious-T.png?fit=500%2C500&ssl=1","contentUrl":"https:\/\/i0.wp.com\/landioustravel.com\/wp-content\/uploads\/2021\/06\/Landious-T.png?fit=500%2C500&ssl=1","width":500,"height":500,"caption":"Landious Travel"}]}},"jetpack_publicize_connections":[],"uagb_featured_image_src":{"full":["https:\/\/i0.wp.com\/landioustravel.com\/wp-content\/uploads\/2021\/03\/fishing_trips-e1615142026328.jpg?fit=1080%2C607&ssl=1",1080,607,false],"thumbnail":["https:\/\/i0.wp.com\/landioustravel.com\/wp-content\/uploads\/2021\/03\/fishing_trips-e1615142026328.jpg?resize=150%2C150&ssl=1",150,150,true],"medium":["https:\/\/i0.wp.com\/landioustravel.com\/wp-content\/uploads\/2021\/03\/fishing_trips-e1615142026328.jpg?fit=300%2C169&ssl=1",300,169,true],"medium_large":["https:\/\/i0.wp.com\/landioustravel.com\/wp-content\/uploads\/2021\/03\/fishing_trips-e1615142026328.jpg?fit=768%2C432&ssl=1",768,432,true],"large":["https:\/\/i0.wp.com\/landioustravel.com\/wp-content\/uploads\/2021\/03\/fishing_trips-e1615142026328.jpg?fit=980%2C551&ssl=1",980,551,true],"1536x1536":["https:\/\/i0.wp.com\/landioustravel.com\/wp-content\/uploads\/2021\/03\/fishing_trips-e1615142026328.jpg?fit=1080%2C607&ssl=1",1080,607,true],"2048x2048":["https:\/\/i0.wp.com\/landioustravel.com\/wp-content\/uploads\/2021\/03\/fishing_trips-e1615142026328.jpg?fit=1080%2C607&ssl=1",1080,607,true],"newspack-article-block-landscape-large":["https:\/\/i0.wp.com\/landioustravel.com\/wp-content\/uploads\/2021\/03\/fishing_trips-e1615142026328.jpg?resize=1080%2C607&ssl=1",1080,900,true],"newspack-article-block-portrait-large":["https:\/\/i0.wp.com\/landioustravel.com\/wp-content\/uploads\/2021\/03\/fishing_trips-e1615142026328.jpg?resize=900%2C607&ssl=1",900,607,true],"newspack-article-block-square-large":["https:\/\/i0.wp.com\/landioustravel.com\/wp-content\/uploads\/2021\/03\/fishing_trips-e1615142026328.jpg?resize=1080%2C607&ssl=1",1080,607,true],"newspack-article-block-landscape-medium":["https:\/\/i0.wp.com\/landioustravel.com\/wp-content\/uploads\/2021\/03\/fishing_trips-e1615142026328.jpg?resize=800%2C600&ssl=1",800,600,true],"newspack-article-block-portrait-medium":["https:\/\/i0.wp.com\/landioustravel.com\/wp-content\/uploads\/2021\/03\/fishing_trips-e1615142026328.jpg?resize=600%2C607&ssl=1",600,607,true],"newspack-article-block-square-medium":["https:\/\/i0.wp.com\/landioustravel.com\/wp-content\/uploads\/2021\/03\/fishing_trips-e1615142026328.jpg?resize=800%2C607&ssl=1",800,607,true],"newspack-article-block-landscape-intermediate":["https:\/\/i0.wp.com\/landioustravel.com\/wp-content\/uploads\/2021\/03\/fishing_trips-e1615142026328.jpg?resize=600%2C450&ssl=1",600,450,true],"newspack-article-block-portrait-intermediate":["https:\/\/i0.wp.com\/landioustravel.com\/wp-content\/uploads\/2021\/03\/fishing_trips-e1615142026328.jpg?resize=450%2C600&ssl=1",450,600,true],"newspack-article-block-square-intermediate":["https:\/\/i0.wp.com\/landioustravel.com\/wp-content\/uploads\/2021\/03\/fishing_trips-e1615142026328.jpg?resize=600%2C600&ssl=1",600,600,true],"newspack-article-block-landscape-small":["https:\/\/i0.wp.com\/landioustravel.com\/wp-content\/uploads\/2021\/03\/fishing_trips-e1615142026328.jpg?resize=400%2C300&ssl=1",400,300,true],"newspack-article-block-portrait-small":["https:\/\/i0.wp.com\/landioustravel.com\/wp-content\/uploads\/2021\/03\/fishing_trips-e1615142026328.jpg?resize=300%2C400&ssl=1",300,400,true],"newspack-article-block-square-small":["https:\/\/i0.wp.com\/landioustravel.com\/wp-content\/uploads\/2021\/03\/fishing_trips-e1615142026328.jpg?resize=400%2C400&ssl=1",400,400,true],"newspack-article-block-landscape-tiny":["https:\/\/i0.wp.com\/landioustravel.com\/wp-content\/uploads\/2021\/03\/fishing_trips-e1615142026328.jpg?resize=200%2C150&ssl=1",200,150,true],"newspack-article-block-portrait-tiny":["https:\/\/i0.wp.com\/landioustravel.com\/wp-content\/uploads\/2021\/03\/fishing_trips-e1615142026328.jpg?resize=150%2C200&ssl=1",150,200,true],"newspack-article-block-square-tiny":["https:\/\/i0.wp.com\/landioustravel.com\/wp-content\/uploads\/2021\/03\/fishing_trips-e1615142026328.jpg?resize=200%2C200&ssl=1",200,200,true],"newspack-article-block-uncropped":["https:\/\/i0.wp.com\/landioustravel.com\/wp-content\/uploads\/2021\/03\/fishing_trips-e1615142026328.jpg?fit=1080%2C607&ssl=1",1080,607,true],"woocommerce_thumbnail":["https:\/\/i0.wp.com\/landioustravel.com\/wp-content\/uploads\/2021\/03\/fishing_trips-e1615142026328.jpg?resize=324%2C324&ssl=1",324,324,true],"woocommerce_single":["https:\/\/i0.wp.com\/landioustravel.com\/wp-content\/uploads\/2021\/03\/fishing_trips-e1615142026328.jpg?fit=416%2C234&ssl=1",416,234,true],"woocommerce_gallery_thumbnail":["https:\/\/i0.wp.com\/landioustravel.com\/wp-content\/uploads\/2021\/03\/fishing_trips-e1615142026328.jpg?resize=100%2C100&ssl=1",100,100,true]},"uagb_author_info":{"display_name":"Mofreh Landious","author_link":"https:\/\/landioustravel.com\/de\/author\/"},"uagb_comment_info":2,"uagb_excerpt":"Erleben Sie das ultimative Angelabenteuer in Hurghada und starten Sie fr\u00fch am Morgen von Ihrem Hotel. Machen Sie sich bereit f\u00fcr einen Angeltag im reichhaltigen Roten Meer! Ihr Reiseleiter und Kapit\u00e4n werden Sie um 8:30 Uhr am Yachthafen abholen und Sie zu zwei verschiedenen Angelpl\u00e4tzen bringen, wo Sie die wundersch\u00f6ne \u00e4gyptische Landschaft genie\u00dfen und Ihr&hellip;","jetpack_sharing_enabled":true,"jetpack_likes_enabled":true,"amp_enabled":true,"_links":{"self":[{"href":"https:\/\/landioustravel.com\/de\/wp-json\/wp\/v2\/product\/4486","targetHints":{"allow":["GET"]}}],"collection":[{"href":"https:\/\/landioustravel.com\/de\/wp-json\/wp\/v2\/product"}],"about":[{"href":"https:\/\/landioustravel.com\/de\/wp-json\/wp\/v2\/types\/product"}],"replies":[{"embeddable":true,"href":"https:\/\/landioustravel.com\/de\/wp-json\/wp\/v2\/comments?post=4486"}],"wp:featuredmedia":[{"embeddable":true,"href":"https:\/\/landioustravel.com\/de\/wp-json\/wp\/v2\/media\/28931"}],"wp:attachment":[{"href":"https:\/\/landioustravel.com\/de\/wp-json\/wp\/v2\/media?parent=4486"}],"wp:term":[{"taxonomy":"product_brand","embeddable":true,"href":"https:\/\/landioustravel.com\/de\/wp-json\/wp\/v2\/product_brand?post=4486"},{"taxonomy":"product_cat","embeddable":true,"href":"https:\/\/landioustravel.com\/de\/wp-json\/wp\/v2\/product_cat?post=4486"},{"taxonomy":"product_tag","embeddable":true,"href":"https:\/\/landioustravel.com\/de\/wp-json\/wp\/v2\/product_tag?post=4486"}],"curies":[{"name":"wp","href":"https:\/\/api.w.org\/{rel}","templated":true}]}}