{"id":4496,"date":"2019-04-05T17:41:30","date_gmt":"2019-05-12T04:25:52","guid":{"rendered":"https:\/\/landioustravel.com\/?post_type=product&#038;p=4496"},"modified":"2024-04-23T19:13:54","modified_gmt":"2024-04-23T17:13:54","slug":"individueller-ausflug-kairo-hurghada","status":"publish","type":"product","link":"https:\/\/landioustravel.com\/de\/shop\/individueller-ausflug-kairo-hurghada\/","title":{"rendered":"Kairo Einzelreise Hurghada"},"content":{"rendered":"<p>Es ist eine wundervolle private Reise nach <a href=\"https:\/\/landioustravel.com\/de\/agypten\/aegyptische-staedte\/gouvernement-kairo\/\">Kairo<\/a> von <a href=\"https:\/\/landioustravel.com\/de\/hurghada-stadt\/\">Hurghada<\/a>, Gouvernement <a href=\"https:\/\/landioustravel.com\/de\/agypten\/aegyptische-staedte\/bahr-ahmar-gouvernement\/\">Rotes Meer<\/a>, <a href=\"https:\/\/landioustravel.com\/de\/agypten\/\">\u00c4gypten<\/a>! Wir empfehlen die Reise, um Touristen die beeindruckendsten Sehensw\u00fcrdigkeiten des alten \u00c4gypten zu besichtigen und mehr \u00fcber die <a href=\"https:\/\/landioustravel.com\/de\/agypten\/geschichte-aegyptens\/\">Geschichte<\/a> des Landes zu erfahren. In der Tat ist es einer der beliebtesten Einzelausfl\u00fcge in Hurghada! ONLINE-BUCHUNG KAIRO EINZELREISE HURGHADA UND BESTER PREIS!<\/p>\n<h2>H\u00f6hepunkte der Kairoer Einzelreise ab Hurghada<\/h2>\n<ul>\n<li>Besuchen Sie das \u00c4gyptische Museum in Kairo.<\/li>\n<li>Mittagessen.<\/li>\n<li>Besuchen Sie die drei Pyramiden in Gizeh.<\/li>\n<li>Auch die Gro\u00dfe Sphinx im Pyramidenkomplex.<\/li>\n<\/ul>\n<h3>Programm des privaten Ausfluges nach Kairo-Gizeh<\/h3>\n<ul>\n<li>Der Vertreter von <a href=\"https:\/\/landioustravel.com\/de\/kontakte\/\">Landious Travel<\/a> holt Sie gegen 02:00 Uhr vom Hotel in Hurghada ab.<\/li>\n<li>Nachdem Sie abgeholt wurden, f\u00e4hrt Ihr privates Fahrzeug (Limousine oder Kleinbus) nach Kairo, vorbei an den St\u00e4dten Ras Ghareb, Zaafarana, Ain Sokhna und Suez. Alle diese St\u00e4dte liegen n\u00f6rdlich von Hurghada an der K\u00fcste des Roten Meeres. Die Stra\u00dfe vom Zentrum von Hurghada nach Kairo dauert etwa 6 Stunden.<\/li>\n<\/ul>\n<h4 style=\"text-align: center;\">Programm in Kairo<\/h4>\n<ul>\n<li>Sobald Sie in Kairo ankommen, zeigen wir Ihnen das \u00c4gyptische Museum. Es gibt ungef\u00e4hr 100 Ausstellungshallen im Museum, in denen es eine einzigartige Sammlung gibt, die aus ungef\u00e4hr 150.000 Gegenst\u00e4nden besteht. Ihr F\u00fchrer hat die Aufgabe, die wunderbaren Ausstellungen dieses Museums zu zeigen und Zeit zum Fotografieren zu geben.<\/li>\n<li>Nach dem Besuch des \u00c4gyptischen Museums in Kairo k\u00f6nnen Sie die Bootsfahrt auf dem Nil unternehmen. Dies ist ein zus\u00e4tzliches Programm gegen Aufpreis! Sobald die Bootsfahrt auf dem Nil endet, fahren Sie in eine andere Stadt &#8211; Gizeh.<\/li>\n<\/ul>\n<h5 style=\"text-align: center;\">Programm in Gizeh<\/h5>\n<ul>\n<li>Die Reise geht weiter in Gizeh. Die erste Station wird dort im Restaurant sein. Es bietet ein Buffet.<\/li>\n<li>Nach dem Mittagessen begeben Sie sich zum Pyramidenkomplex, wo es drei gro\u00dfartige Pyramiden und Sphinx gibt. Ihr Guide zeigt sie und gibt Ihnen Zeit zum Fotografieren.<\/li>\n<\/ul>\n<h6 style=\"text-align: center;\">Abfahrt nach Hurghada<\/h6>\n<ul>\n<li>Schlie\u00dflich kehren Sie nach einem solchen Programm in den wundersch\u00f6nen St\u00e4dten Kairo und Gizeh nach Hurghada zur\u00fcck.<\/li>\n<li>Diese individuelle Kairo-Reise von <a href=\"https:\/\/www.google.de\/maps\/place\/Hurghada,+Al-Bahr+al-ahmar\/@27.1922261,33.5015195,10z\/data=!3m1!4b1!4m5!3m4!1s0x145287b2cd3dbbb3:0x2db807f98bd3c360!8m2!3d27.2578957!4d33.8116067\" target=\"_blank\" rel=\"noopener\">Hurghada<\/a> endet gegen 22:00 Uhr.<\/li>\n<\/ul>\n<h4>Was beinhaltet der Preis f\u00fcr eine Einzelreise nach Kairo in Hurghada?<\/h4>\n<ul>\n<li>Tickets f\u00fcr Tempelbesuche.<\/li>\n<li>Mittagessen.<\/li>\n<li>Getr\u00e4nke.<\/li>\n<li>Privater F\u00fchrer.<\/li>\n<li>Auch privates klimatisiertes Fahrzeug.<\/li>\n<\/ul>\n<h5>Was beinhaltet das Cairo Individuelle Ausflug Hurghada Programm nicht?<\/h5>\n<ul>\n<li>Zus\u00e4tzliche Programme, falls nicht im obigen Programm enthalten.<\/li>\n<li>Auch Getr\u00e4nke im Restaurant.<\/li>\n<\/ul>\n<h6>Was nehmen Sie f\u00fcr die Reise mit?<\/h6>\n<ul>\n<li>Fr\u00fchst\u00fccksbox.<\/li>\n<li>Auch Kleidung f\u00fcr die Saison.<\/li>\n<\/ul>\n<h6>Kairo Einzelreise Hurghada Buchungstage<\/h6>\n<ul>\n<li>T\u00e4glich von 02:00 bis 22:00 Uhr.<\/li>\n<\/ul>\n","protected":false},"excerpt":{"rendered":"<p>Wir verstehen, dass Sie daran interessiert sind, die drei Pyramiden von Gizeh und die Gro\u00dfe Sphinx w\u00e4hrend Ihrer individuellen Reise von Hurghada nach Kairo zu sehen. Wir sind hier, um sicherzustellen, dass Sie ein sicheres und angenehmes Erlebnis haben. Nach dem Besuch dieser erstaunlichen Sehensw\u00fcrdigkeiten haben Sie die M\u00f6glichkeit, sich zu entspannen und ein k\u00f6stliches Mittagessen zu genie\u00dfen, bevor Sie zum \u00c4gyptischen Museum aufbrechen. Um den Tag abzurunden, haben wir als Zusatzprogramm eine Bootsfahrt auf dem Nil eingebaut. Unser Reisepreis beinhaltet private Transfers, Eintrittskarten und Mittagessen, sodass Sie sich um nichts k\u00fcmmern m\u00fcssen. Unsere ganzt\u00e4gige gef\u00fchrte Tour zu den Pyramiden von Kairo und Gizeh ist perfekt f\u00fcr Reisende mit einem engen Zeitplan, die alle wichtigen Sehensw\u00fcrdigkeiten in \u00c4gyptens geschichtstr\u00e4chtiger Hauptstadt sehen m\u00f6chten. Ihr eigener \u00c4gyptologe-Reisef\u00fchrer wird Ihnen faszinierende Geschichten aus Jahrtausenden der Geschichte erz\u00e4hlen, und wir haben freie Zeit f\u00fcr Fotos an den Pyramiden von Gizeh und der Sphinx eingeplant. Au\u00dferdem werfen Sie einen Blick auf die ber\u00fchmten Relikte von K\u00f6nig Tutanchamun im weltber\u00fchmten \u00c4gyptischen Museum und genie\u00dfen ein leckeres Mittagessen im Restaurant. Unser Vertreter holt Sie um 3:00 Uhr morgens in der Lobby Ihres Hotels in Hurghada ab. Wir empfehlen Ihnen, vor dem Schlafengehen ein Fr\u00fchst\u00fcckspaket zu bestellen, damit Sie es w\u00e4hrend der vierst\u00fcndigen Reise nach Kairo genie\u00dfen k\u00f6nnen. Bei Ihrer Ankunft begleitet Sie Ihr Reiseleiter den ganzen Tag und sorgt daf\u00fcr, dass Sie ein angenehmes und stressfreies Erlebnis haben. Das Gizeh-Plateau ist ein wirklich \u00fcberw\u00e4ltigender Anblick, und wir m\u00f6chten sicherstellen, dass Sie die Zeit haben, alles in sich aufzunehmen. Das \u00c4gyptische Museum ist eines der gr\u00f6\u00dften Museen der Welt, und unser F\u00fchrer wird Ihnen Einblicke in die faszinierende Sammlung von mehr geben als 120.000 St\u00fcck. Das Museum \u00fcberblickt den Al-Tahrir-Platz, der Zeuge der \u00e4gyptischen Revolution im Jahr 2011 und ihrer zweiten Welle im Jahr 2013 war. Wir verstehen, dass diese Reise f\u00fcr Sie wichtig ist, und wir sind bestrebt, sie zu einem unvergesslichen und angenehmen Erlebnis zu machen.<\/p>\n","protected":false},"featured_media":143358,"comment_status":"open","ping_status":"closed","template":"","meta":{"_coblocks_attr":"","_coblocks_dimensions":"","_coblocks_responsive_height":"","_coblocks_accordion_ie_support":"","_uag_custom_page_level_css":"","jetpack_publicize_message":"","jetpack_publicize_feature_enabled":true,"jetpack_social_post_already_shared":true,"jetpack_social_options":{"image_generator_settings":{"template":"highway","default_image_id":0,"font":"","enabled":false},"version":2},"_wpas_customize_per_network":false},"product_brand":[],"product_cat":[1601,22153,20163,20160,20140,20143,8563,20166],"product_tag":[2143,1653,9906,1652,1654,1655],"class_list":{"0":"post-4496","1":"product","2":"type-product","3":"status-publish","4":"has-post-thumbnail","6":"product_cat-historische-ausfluge-hurghada","7":"product_cat-hurghada-ausfluege-kairo","8":"product_cat-hurghada-private-besichtigungstouren","9":"product_cat-hurghada-private-tagestouren-kairo","10":"product_cat-hurghada-tagestouren-kairo","11":"product_cat-hurghada-touren-pyramiden","12":"product_cat-individuelle-ausfluege-hurghada","13":"product_cat-private-hurghada-touren-pyramiden","14":"product_tag-ausfluge-von-hurghada","15":"product_tag-ausflug","16":"product_tag-besichtigung","17":"product_tag-kairo","18":"product_tag-pyramiden","19":"product_tag-sphinx-de","21":"first","22":"instock","23":"sale","24":"purchasable","25":"product-type-variable"},"yoast_head":"<!-- This site is optimized with the Yoast SEO Premium plugin v27.5 (Yoast SEO v27.5) - https:\/\/yoast.com\/product\/yoast-seo-premium-wordpress\/ -->\n<title>Kairo Einzelreise Hurghada - Buchen - Landious Travel<\/title>\n<meta name=\"description\" content=\"Kairo Einzelreise Hurghada: Eine wunderbare private Reise nach Kairo vom Ferienort Hurghada! Wir empfehlen den Ausflug, da Touristen\" \/>\n<meta name=\"robots\" content=\"index, follow, max-snippet:-1, max-image-preview:large, max-video-preview:-1\" \/>\n<link rel=\"canonical\" href=\"https:\/\/landioustravel.com\/de\/shop\/individueller-ausflug-kairo-hurghada\/\" \/>\n<meta property=\"og:locale\" content=\"de_DE\" \/>\n<meta property=\"og:type\" content=\"article\" \/>\n<meta property=\"og:title\" content=\"Kairo Einzelreise Hurghada\" \/>\n<meta property=\"og:description\" content=\"Landious Travel\" \/>\n<meta property=\"og:url\" content=\"https:\/\/landioustravel.com\/de\/shop\/individueller-ausflug-kairo-hurghada\/\" \/>\n<meta property=\"og:site_name\" content=\"Landious Travel\" \/>\n<meta property=\"article:publisher\" content=\"https:\/\/web.facebook.com\/landiousEgypt\" \/>\n<meta property=\"article:modified_time\" content=\"2024-04-23T17:13:54+00:00\" \/>\n<meta property=\"og:image\" content=\"https:\/\/i0.wp.com\/landioustravel.com\/wp-content\/uploads\/2019\/04\/Cairo-Individual-Trip-Hurghada-1-e1673840237170.jpg?fit=1200%2C675&ssl=1\" \/>\n\t<meta property=\"og:image:width\" content=\"1200\" \/>\n\t<meta property=\"og:image:height\" content=\"675\" \/>\n\t<meta property=\"og:image:type\" content=\"image\/jpeg\" \/>\n<meta name=\"twitter:card\" content=\"summary_large_image\" \/>\n<meta name=\"twitter:site\" content=\"@LandiousTours\" \/>\n<meta name=\"twitter:label1\" content=\"Gesch\u00e4tzte Lesezeit\" \/>\n\t<meta name=\"twitter:data1\" content=\"2\u00a0Minuten\" \/>\n<script type=\"application\/ld+json\" class=\"yoast-schema-graph\">{\"@context\":\"https:\\\/\\\/schema.org\",\"@graph\":[{\"@type\":\"WebPage\",\"@id\":\"https:\\\/\\\/landioustravel.com\\\/de\\\/shop\\\/individueller-ausflug-kairo-hurghada\\\/\",\"url\":\"https:\\\/\\\/landioustravel.com\\\/de\\\/shop\\\/individueller-ausflug-kairo-hurghada\\\/\",\"name\":\"Kairo Einzelreise Hurghada - Buchen - Landious Travel\",\"isPartOf\":{\"@id\":\"https:\\\/\\\/landioustravel.com\\\/de\\\/#website\"},\"primaryImageOfPage\":{\"@id\":\"https:\\\/\\\/landioustravel.com\\\/de\\\/shop\\\/individueller-ausflug-kairo-hurghada\\\/#primaryimage\"},\"image\":{\"@id\":\"https:\\\/\\\/landioustravel.com\\\/de\\\/shop\\\/individueller-ausflug-kairo-hurghada\\\/#primaryimage\"},\"thumbnailUrl\":\"https:\\\/\\\/i0.wp.com\\\/landioustravel.com\\\/wp-content\\\/uploads\\\/2019\\\/04\\\/Cairo-Individual-Trip-Hurghada-1-e1673840237170.jpg?fit=1200%2C675&ssl=1\",\"datePublished\":\"2019-05-12T04:25:52+00:00\",\"dateModified\":\"2024-04-23T17:13:54+00:00\",\"description\":\"Kairo Einzelreise Hurghada: Eine wunderbare private Reise nach Kairo vom Ferienort Hurghada! Wir empfehlen den Ausflug, da Touristen\",\"breadcrumb\":{\"@id\":\"https:\\\/\\\/landioustravel.com\\\/de\\\/shop\\\/individueller-ausflug-kairo-hurghada\\\/#breadcrumb\"},\"inLanguage\":\"de\",\"potentialAction\":[{\"@type\":\"ReadAction\",\"target\":[\"https:\\\/\\\/landioustravel.com\\\/de\\\/shop\\\/individueller-ausflug-kairo-hurghada\\\/\"]}]},{\"@type\":\"ImageObject\",\"inLanguage\":\"de\",\"@id\":\"https:\\\/\\\/landioustravel.com\\\/de\\\/shop\\\/individueller-ausflug-kairo-hurghada\\\/#primaryimage\",\"url\":\"https:\\\/\\\/i0.wp.com\\\/landioustravel.com\\\/wp-content\\\/uploads\\\/2019\\\/04\\\/Cairo-Individual-Trip-Hurghada-1-e1673840237170.jpg?fit=1200%2C675&ssl=1\",\"contentUrl\":\"https:\\\/\\\/i0.wp.com\\\/landioustravel.com\\\/wp-content\\\/uploads\\\/2019\\\/04\\\/Cairo-Individual-Trip-Hurghada-1-e1673840237170.jpg?fit=1200%2C675&ssl=1\",\"width\":1200,\"height\":675,\"caption\":\"Cairo Individual Trip Hurghada\"},{\"@type\":\"BreadcrumbList\",\"@id\":\"https:\\\/\\\/landioustravel.com\\\/de\\\/shop\\\/individueller-ausflug-kairo-hurghada\\\/#breadcrumb\",\"itemListElement\":[{\"@type\":\"ListItem\",\"position\":1,\"name\":\"Home\",\"item\":\"https:\\\/\\\/landioustravel.com\\\/de\\\/\"},{\"@type\":\"ListItem\",\"position\":2,\"name\":\"\u00c4gypten Touren\",\"item\":\"https:\\\/\\\/landioustravel.com\\\/de\\\/\"},{\"@type\":\"ListItem\",\"position\":3,\"name\":\"Kairo Einzelreise Hurghada\"}]},{\"@type\":\"WebSite\",\"@id\":\"https:\\\/\\\/landioustravel.com\\\/de\\\/#website\",\"url\":\"https:\\\/\\\/landioustravel.com\\\/de\\\/\",\"name\":\"Landious Travel\",\"description\":\"Excursions, trips and cruises in Egypt\",\"publisher\":{\"@id\":\"https:\\\/\\\/landioustravel.com\\\/de\\\/#organization\"},\"potentialAction\":[{\"@type\":\"SearchAction\",\"target\":{\"@type\":\"EntryPoint\",\"urlTemplate\":\"https:\\\/\\\/landioustravel.com\\\/de\\\/?s={search_term_string}\"},\"query-input\":{\"@type\":\"PropertyValueSpecification\",\"valueRequired\":true,\"valueName\":\"search_term_string\"}}],\"inLanguage\":\"de\"},{\"@type\":[\"Organization\",\"Place\"],\"@id\":\"https:\\\/\\\/landioustravel.com\\\/de\\\/#organization\",\"name\":\"Landious Travel\",\"alternateName\":\"Landious Travel\",\"url\":\"https:\\\/\\\/landioustravel.com\\\/de\\\/\",\"logo\":{\"@id\":\"https:\\\/\\\/landioustravel.com\\\/de\\\/shop\\\/individueller-ausflug-kairo-hurghada\\\/#local-main-organization-logo\"},\"image\":{\"@id\":\"https:\\\/\\\/landioustravel.com\\\/de\\\/shop\\\/individueller-ausflug-kairo-hurghada\\\/#local-main-organization-logo\"},\"sameAs\":[\"https:\\\/\\\/web.facebook.com\\\/landiousEgypt\",\"https:\\\/\\\/x.com\\\/LandiousTours\",\"https:\\\/\\\/mastodon.social\\\/@landious\"],\"legalName\":\"Landious Travel\",\"telephone\":[],\"openingHoursSpecification\":[{\"@type\":\"OpeningHoursSpecification\",\"dayOfWeek\":[\"Monday\",\"Tuesday\",\"Wednesday\",\"Thursday\",\"Friday\",\"Saturday\",\"Sunday\"],\"opens\":\"09:00\",\"closes\":\"17:00\"}]},{\"@type\":\"ImageObject\",\"inLanguage\":\"de\",\"@id\":\"https:\\\/\\\/landioustravel.com\\\/de\\\/shop\\\/individueller-ausflug-kairo-hurghada\\\/#local-main-organization-logo\",\"url\":\"https:\\\/\\\/i0.wp.com\\\/landioustravel.com\\\/wp-content\\\/uploads\\\/2021\\\/06\\\/Landious-T.png?fit=500%2C500&ssl=1\",\"contentUrl\":\"https:\\\/\\\/i0.wp.com\\\/landioustravel.com\\\/wp-content\\\/uploads\\\/2021\\\/06\\\/Landious-T.png?fit=500%2C500&ssl=1\",\"width\":500,\"height\":500,\"caption\":\"Landious Travel\"}]}<\/script>\n<!-- \/ Yoast SEO Premium plugin. -->","yoast_head_json":{"title":"Kairo Einzelreise Hurghada - Buchen - Landious Travel","description":"Kairo Einzelreise Hurghada: Eine wunderbare private Reise nach Kairo vom Ferienort Hurghada! Wir empfehlen den Ausflug, da Touristen","robots":{"index":"index","follow":"follow","max-snippet":"max-snippet:-1","max-image-preview":"max-image-preview:large","max-video-preview":"max-video-preview:-1"},"canonical":"https:\/\/landioustravel.com\/de\/shop\/individueller-ausflug-kairo-hurghada\/","og_locale":"de_DE","og_type":"article","og_title":"Kairo Einzelreise Hurghada","og_description":"Landious Travel","og_url":"https:\/\/landioustravel.com\/de\/shop\/individueller-ausflug-kairo-hurghada\/","og_site_name":"Landious Travel","article_publisher":"https:\/\/web.facebook.com\/landiousEgypt","article_modified_time":"2024-04-23T17:13:54+00:00","og_image":[{"width":1200,"height":675,"url":"https:\/\/i0.wp.com\/landioustravel.com\/wp-content\/uploads\/2019\/04\/Cairo-Individual-Trip-Hurghada-1-e1673840237170.jpg?fit=1200%2C675&ssl=1","type":"image\/jpeg"}],"twitter_card":"summary_large_image","twitter_site":"@LandiousTours","twitter_misc":{"Gesch\u00e4tzte Lesezeit":"2\u00a0Minuten"},"schema":{"@context":"https:\/\/schema.org","@graph":[{"@type":"WebPage","@id":"https:\/\/landioustravel.com\/de\/shop\/individueller-ausflug-kairo-hurghada\/","url":"https:\/\/landioustravel.com\/de\/shop\/individueller-ausflug-kairo-hurghada\/","name":"Kairo Einzelreise Hurghada - Buchen - Landious Travel","isPartOf":{"@id":"https:\/\/landioustravel.com\/de\/#website"},"primaryImageOfPage":{"@id":"https:\/\/landioustravel.com\/de\/shop\/individueller-ausflug-kairo-hurghada\/#primaryimage"},"image":{"@id":"https:\/\/landioustravel.com\/de\/shop\/individueller-ausflug-kairo-hurghada\/#primaryimage"},"thumbnailUrl":"https:\/\/i0.wp.com\/landioustravel.com\/wp-content\/uploads\/2019\/04\/Cairo-Individual-Trip-Hurghada-1-e1673840237170.jpg?fit=1200%2C675&ssl=1","datePublished":"2019-05-12T04:25:52+00:00","dateModified":"2024-04-23T17:13:54+00:00","description":"Kairo Einzelreise Hurghada: Eine wunderbare private Reise nach Kairo vom Ferienort Hurghada! Wir empfehlen den Ausflug, da Touristen","breadcrumb":{"@id":"https:\/\/landioustravel.com\/de\/shop\/individueller-ausflug-kairo-hurghada\/#breadcrumb"},"inLanguage":"de","potentialAction":[{"@type":"ReadAction","target":["https:\/\/landioustravel.com\/de\/shop\/individueller-ausflug-kairo-hurghada\/"]}]},{"@type":"ImageObject","inLanguage":"de","@id":"https:\/\/landioustravel.com\/de\/shop\/individueller-ausflug-kairo-hurghada\/#primaryimage","url":"https:\/\/i0.wp.com\/landioustravel.com\/wp-content\/uploads\/2019\/04\/Cairo-Individual-Trip-Hurghada-1-e1673840237170.jpg?fit=1200%2C675&ssl=1","contentUrl":"https:\/\/i0.wp.com\/landioustravel.com\/wp-content\/uploads\/2019\/04\/Cairo-Individual-Trip-Hurghada-1-e1673840237170.jpg?fit=1200%2C675&ssl=1","width":1200,"height":675,"caption":"Cairo Individual Trip Hurghada"},{"@type":"BreadcrumbList","@id":"https:\/\/landioustravel.com\/de\/shop\/individueller-ausflug-kairo-hurghada\/#breadcrumb","itemListElement":[{"@type":"ListItem","position":1,"name":"Home","item":"https:\/\/landioustravel.com\/de\/"},{"@type":"ListItem","position":2,"name":"\u00c4gypten Touren","item":"https:\/\/landioustravel.com\/de\/"},{"@type":"ListItem","position":3,"name":"Kairo Einzelreise Hurghada"}]},{"@type":"WebSite","@id":"https:\/\/landioustravel.com\/de\/#website","url":"https:\/\/landioustravel.com\/de\/","name":"Landious Travel","description":"Excursions, trips and cruises in Egypt","publisher":{"@id":"https:\/\/landioustravel.com\/de\/#organization"},"potentialAction":[{"@type":"SearchAction","target":{"@type":"EntryPoint","urlTemplate":"https:\/\/landioustravel.com\/de\/?s={search_term_string}"},"query-input":{"@type":"PropertyValueSpecification","valueRequired":true,"valueName":"search_term_string"}}],"inLanguage":"de"},{"@type":["Organization","Place"],"@id":"https:\/\/landioustravel.com\/de\/#organization","name":"Landious Travel","alternateName":"Landious Travel","url":"https:\/\/landioustravel.com\/de\/","logo":{"@id":"https:\/\/landioustravel.com\/de\/shop\/individueller-ausflug-kairo-hurghada\/#local-main-organization-logo"},"image":{"@id":"https:\/\/landioustravel.com\/de\/shop\/individueller-ausflug-kairo-hurghada\/#local-main-organization-logo"},"sameAs":["https:\/\/web.facebook.com\/landiousEgypt","https:\/\/x.com\/LandiousTours","https:\/\/mastodon.social\/@landious"],"legalName":"Landious Travel","telephone":[],"openingHoursSpecification":[{"@type":"OpeningHoursSpecification","dayOfWeek":["Monday","Tuesday","Wednesday","Thursday","Friday","Saturday","Sunday"],"opens":"09:00","closes":"17:00"}]},{"@type":"ImageObject","inLanguage":"de","@id":"https:\/\/landioustravel.com\/de\/shop\/individueller-ausflug-kairo-hurghada\/#local-main-organization-logo","url":"https:\/\/i0.wp.com\/landioustravel.com\/wp-content\/uploads\/2021\/06\/Landious-T.png?fit=500%2C500&ssl=1","contentUrl":"https:\/\/i0.wp.com\/landioustravel.com\/wp-content\/uploads\/2021\/06\/Landious-T.png?fit=500%2C500&ssl=1","width":500,"height":500,"caption":"Landious Travel"}]}},"jetpack_publicize_connections":[],"uagb_featured_image_src":{"full":["https:\/\/i0.wp.com\/landioustravel.com\/wp-content\/uploads\/2019\/04\/Cairo-Individual-Trip-Hurghada-1-e1673840237170.jpg?fit=1200%2C675&ssl=1",1200,675,false],"thumbnail":["https:\/\/i0.wp.com\/landioustravel.com\/wp-content\/uploads\/2019\/04\/Cairo-Individual-Trip-Hurghada-1-e1673840237170.jpg?resize=150%2C150&ssl=1",150,150,true],"medium":["https:\/\/i0.wp.com\/landioustravel.com\/wp-content\/uploads\/2019\/04\/Cairo-Individual-Trip-Hurghada-1-e1673840237170.jpg?fit=300%2C169&ssl=1",300,169,true],"medium_large":["https:\/\/i0.wp.com\/landioustravel.com\/wp-content\/uploads\/2019\/04\/Cairo-Individual-Trip-Hurghada-1-e1673840237170.jpg?fit=768%2C432&ssl=1",768,432,true],"large":["https:\/\/i0.wp.com\/landioustravel.com\/wp-content\/uploads\/2019\/04\/Cairo-Individual-Trip-Hurghada-1-e1673840237170.jpg?fit=980%2C551&ssl=1",980,551,true],"1536x1536":["https:\/\/i0.wp.com\/landioustravel.com\/wp-content\/uploads\/2019\/04\/Cairo-Individual-Trip-Hurghada-1-e1673840237170.jpg?fit=1536%2C864&ssl=1",1536,864,true],"2048x2048":["https:\/\/i0.wp.com\/landioustravel.com\/wp-content\/uploads\/2019\/04\/Cairo-Individual-Trip-Hurghada-1-e1673840237170.jpg?fit=2048%2C1152&ssl=1",2048,1152,true],"newspack-article-block-landscape-large":["https:\/\/i0.wp.com\/landioustravel.com\/wp-content\/uploads\/2019\/04\/Cairo-Individual-Trip-Hurghada-1-e1673840237170.jpg?resize=1200%2C675&ssl=1",1200,675,true],"newspack-article-block-portrait-large":["https:\/\/i0.wp.com\/landioustravel.com\/wp-content\/uploads\/2019\/04\/Cairo-Individual-Trip-Hurghada-1-e1673840237170.jpg?resize=900%2C675&ssl=1",900,675,true],"newspack-article-block-square-large":["https:\/\/i0.wp.com\/landioustravel.com\/wp-content\/uploads\/2019\/04\/Cairo-Individual-Trip-Hurghada-1-e1673840237170.jpg?resize=1200%2C675&ssl=1",1200,675,true],"newspack-article-block-landscape-medium":["https:\/\/i0.wp.com\/landioustravel.com\/wp-content\/uploads\/2019\/04\/Cairo-Individual-Trip-Hurghada-1-e1673840237170.jpg?resize=800%2C600&ssl=1",800,600,true],"newspack-article-block-portrait-medium":["https:\/\/i0.wp.com\/landioustravel.com\/wp-content\/uploads\/2019\/04\/Cairo-Individual-Trip-Hurghada-1-e1673840237170.jpg?resize=600%2C675&ssl=1",600,675,true],"newspack-article-block-square-medium":["https:\/\/i0.wp.com\/landioustravel.com\/wp-content\/uploads\/2019\/04\/Cairo-Individual-Trip-Hurghada-1-e1673840237170.jpg?resize=800%2C675&ssl=1",800,675,true],"newspack-article-block-landscape-intermediate":["https:\/\/i0.wp.com\/landioustravel.com\/wp-content\/uploads\/2019\/04\/Cairo-Individual-Trip-Hurghada-1-e1673840237170.jpg?resize=600%2C450&ssl=1",600,450,true],"newspack-article-block-portrait-intermediate":["https:\/\/i0.wp.com\/landioustravel.com\/wp-content\/uploads\/2019\/04\/Cairo-Individual-Trip-Hurghada-1-e1673840237170.jpg?resize=450%2C600&ssl=1",450,600,true],"newspack-article-block-square-intermediate":["https:\/\/i0.wp.com\/landioustravel.com\/wp-content\/uploads\/2019\/04\/Cairo-Individual-Trip-Hurghada-1-e1673840237170.jpg?resize=600%2C600&ssl=1",600,600,true],"newspack-article-block-landscape-small":["https:\/\/i0.wp.com\/landioustravel.com\/wp-content\/uploads\/2019\/04\/Cairo-Individual-Trip-Hurghada-1-e1673840237170.jpg?resize=400%2C300&ssl=1",400,300,true],"newspack-article-block-portrait-small":["https:\/\/i0.wp.com\/landioustravel.com\/wp-content\/uploads\/2019\/04\/Cairo-Individual-Trip-Hurghada-1-e1673840237170.jpg?resize=300%2C400&ssl=1",300,400,true],"newspack-article-block-square-small":["https:\/\/i0.wp.com\/landioustravel.com\/wp-content\/uploads\/2019\/04\/Cairo-Individual-Trip-Hurghada-1-e1673840237170.jpg?resize=400%2C400&ssl=1",400,400,true],"newspack-article-block-landscape-tiny":["https:\/\/i0.wp.com\/landioustravel.com\/wp-content\/uploads\/2019\/04\/Cairo-Individual-Trip-Hurghada-1-e1673840237170.jpg?resize=200%2C150&ssl=1",200,150,true],"newspack-article-block-portrait-tiny":["https:\/\/i0.wp.com\/landioustravel.com\/wp-content\/uploads\/2019\/04\/Cairo-Individual-Trip-Hurghada-1-e1673840237170.jpg?resize=150%2C200&ssl=1",150,200,true],"newspack-article-block-square-tiny":["https:\/\/i0.wp.com\/landioustravel.com\/wp-content\/uploads\/2019\/04\/Cairo-Individual-Trip-Hurghada-1-e1673840237170.jpg?resize=200%2C200&ssl=1",200,200,true],"newspack-article-block-uncropped":["https:\/\/i0.wp.com\/landioustravel.com\/wp-content\/uploads\/2019\/04\/Cairo-Individual-Trip-Hurghada-1-e1673840237170.jpg?fit=1200%2C675&ssl=1",1200,675,true],"woocommerce_thumbnail":["https:\/\/i0.wp.com\/landioustravel.com\/wp-content\/uploads\/2019\/04\/Cairo-Individual-Trip-Hurghada-1-e1673840237170.jpg?resize=324%2C324&ssl=1",324,324,true],"woocommerce_single":["https:\/\/i0.wp.com\/landioustravel.com\/wp-content\/uploads\/2019\/04\/Cairo-Individual-Trip-Hurghada-1-e1673840237170.jpg?fit=416%2C234&ssl=1",416,234,true],"woocommerce_gallery_thumbnail":["https:\/\/i0.wp.com\/landioustravel.com\/wp-content\/uploads\/2019\/04\/Cairo-Individual-Trip-Hurghada-1-e1673840237170.jpg?resize=100%2C100&ssl=1",100,100,true]},"uagb_author_info":{"display_name":"Mofreh Landious","author_link":"https:\/\/landioustravel.com\/de\/author\/"},"uagb_comment_info":7,"uagb_excerpt":"Wir verstehen, dass Sie daran interessiert sind, die drei Pyramiden von Gizeh und die Gro\u00dfe Sphinx w\u00e4hrend Ihrer individuellen Reise von Hurghada nach Kairo zu sehen. Wir sind hier, um sicherzustellen, dass Sie ein sicheres und angenehmes Erlebnis haben. Nach dem Besuch dieser erstaunlichen Sehensw\u00fcrdigkeiten haben Sie die M\u00f6glichkeit, sich zu entspannen und ein k\u00f6stliches&hellip;","jetpack_sharing_enabled":true,"jetpack_likes_enabled":true,"amp_enabled":true,"_links":{"self":[{"href":"https:\/\/landioustravel.com\/de\/wp-json\/wp\/v2\/product\/4496","targetHints":{"allow":["GET"]}}],"collection":[{"href":"https:\/\/landioustravel.com\/de\/wp-json\/wp\/v2\/product"}],"about":[{"href":"https:\/\/landioustravel.com\/de\/wp-json\/wp\/v2\/types\/product"}],"replies":[{"embeddable":true,"href":"https:\/\/landioustravel.com\/de\/wp-json\/wp\/v2\/comments?post=4496"}],"wp:featuredmedia":[{"embeddable":true,"href":"https:\/\/landioustravel.com\/de\/wp-json\/wp\/v2\/media\/143358"}],"wp:attachment":[{"href":"https:\/\/landioustravel.com\/de\/wp-json\/wp\/v2\/media?parent=4496"}],"wp:term":[{"taxonomy":"product_brand","embeddable":true,"href":"https:\/\/landioustravel.com\/de\/wp-json\/wp\/v2\/product_brand?post=4496"},{"taxonomy":"product_cat","embeddable":true,"href":"https:\/\/landioustravel.com\/de\/wp-json\/wp\/v2\/product_cat?post=4496"},{"taxonomy":"product_tag","embeddable":true,"href":"https:\/\/landioustravel.com\/de\/wp-json\/wp\/v2\/product_tag?post=4496"}],"curies":[{"name":"wp","href":"https:\/\/api.w.org\/{rel}","templated":true}]}}