{"id":8656,"date":"2019-06-10T19:04:25","date_gmt":"2019-06-11T14:23:33","guid":{"rendered":"https:\/\/landioustravel.com\/?post_type=product&#038;p=8656"},"modified":"2024-09-28T20:15:19","modified_gmt":"2024-09-28T17:15:19","slug":"flugreise-kairo-marsa-alam","status":"publish","type":"product","link":"https:\/\/landioustravel.com\/de\/shop\/flugreise-kairo-marsa-alam\/","title":{"rendered":"Kairo Reise Marsa Alam Flugzeug"},"content":{"rendered":"<p>Es ist eine erstaunliche Reise nach <a href=\"https:\/\/landioustravel.com\/de\/agypten\/aegyptische-staedte\/gouvernement-kairo\/\">Kairo<\/a> von <a href=\"https:\/\/landioustravel.com\/de\/stadt-marsa-alam\/\">Marsa Alam<\/a> mit dem Flugzeug, <a href=\"https:\/\/landioustravel.com\/de\/agypten\/\">\u00c4gypten<\/a>! Wir empfehlen diese Flugreise, da Touristen die beeindruckendsten Sehensw\u00fcrdigkeiten sehen und mehr \u00fcber die Geschichte des Landes erfahren k\u00f6nnen. Die Reise f\u00fchrt zu den gro\u00dfen Pyramiden und der Sphinx in Gizeh. Und es geht auch zum \u00c4gyptischen Museum in Kairo. Die Teilnehmer der Reise werden diese lang erwartete Reise mit dem Flugzeug machen, ohne viel Zeit zu verlieren. ONLINE BUCHUNG KAIRO REISE MARSA ALAM FLUGZEUG UND BESTER PREIS!<\/p>\n<h2>H\u00f6hepunkte der Kairo-Reise von Marsa Alam mit dem Flugzeug<\/h2>\n<ul>\n<li>Besuchen Sie das \u00c4gyptische Museum in Kairo.<\/li>\n<li>Mittagessen.<\/li>\n<li>Besuchen Sie die drei Pyramiden in Gizeh.<\/li>\n<li>Und die Gro\u00dfe Sphinx im Pyramidenkomplex.<\/li>\n<li>Der Basar von Khan el-Khalili.<\/li>\n<li>Auch Saladin Zitadelle und Alabaster Moschee von Mohammed Ali.<\/li>\n<\/ul>\n<h3>Das Programm der Reise nach Kairo &#8211; Gizeh<\/h3>\n<ul>\n<li>Der Vertreter von <a href=\"https:\/\/landioustravel.com\/de\/kontakte\/\">Landious Travel<\/a> holt Sie gegen 02:00 Uhr mit einem Fahrzeug von Ihrem Hotel ab.<\/li>\n<li>Nachdem alle Ank\u00f6mmlinge abgeholt wurden, f\u00e4hrt der Bus zum internationalen Flughafen von Hurghada. Es dauert ungef\u00e4hr 2-3 Stunden, um zum Flughafen zu gelangen.<\/li>\n<\/ul>\n<h4 style=\"text-align: center;\">Programm in Kairo<\/h4>\n<ul>\n<li>Sobald Sie in Kairo ankommen, beginnt Ihre Reise. Die erste Station ist das \u00c4gyptische Museum. Es hat ungef\u00e4hr 100 Ausstellungshallen in diesem Museum. In diesen Hallen befindet sich eine einzigartige Sammlung von etwa 150.000 St\u00fccken. Ihr Reiseleiter hat die Aufgabe, alle wichtigen Exponate in diesem riesigen Museum zu zeigen und Ihnen Zeit zum Fotografieren zu geben.<\/li>\n<li>Nach dem Besuch des \u00c4gyptischen Museums in Kairo starten Sie das Bootspicknick auf dem Nil als kostenpflichtige Option. Dies ist ein zus\u00e4tzliches Programm und Sie k\u00f6nnen es im Voraus \u00fcber uns bestellen! Sobald das Bootspicknick am Nil endet, fahren Sie in eine andere Stadt &#8211; Gizeh.<\/li>\n<\/ul>\n<h5 style=\"text-align: center;\">Programm in Gizeh<\/h5>\n<ul>\n<li>Ihre n\u00e4chste Station w\u00e4hrend der Reise von Marsa Alam ist in Gizeh. Die erste Station wird dort im Restaurant sein. Es bietet ein offenes Buffet.<\/li>\n<li>Dann geht die Gruppe zum Pyramidenkomplex, wo es so gro\u00dfe Pyramiden und die Sphinx gibt. Ihr Guide zeigt sie und gibt Ihnen Zeit zum Fotografieren.<\/li>\n<\/ul>\n<h6 style=\"text-align: center;\">Programm im alten Kairo<\/h6>\n<ul>\n<li>Vor dem Ende dieser Reise besuchen Sie die sch\u00f6ne Altstadt von Kairo. Dort finden Sie den gr\u00f6\u00dften Markt des Landes, den im 14. Jahrhundert gegr\u00fcndeten Khan el-Khalili-Basar.<\/li>\n<li>Anschlie\u00dfend fahren Sie zur Zitadelle von Saladin, um die Alabaster-Moschee von Mohammed Ali zu besuchen.<\/li>\n<\/ul>\n<h6 style=\"text-align: center;\">Abfahrt nach Marsa Alam<\/h6>\n<ul>\n<li>Nach einem solchen Programm in den wundersch\u00f6nen St\u00e4dten Kairo und Gizeh kehren Sie zum Flughafen Kairo zur\u00fcck.<\/li>\n<li>Diese \u201eReise von <a href=\"https:\/\/www.google.de\/maps\/place\/Marsa+Alam,+Al-Bahr+al-ahmar\/@25.0684889,34.8491684,13z\/data=!3m1!4b1!4m5!3m4!1s0x15b4ea245c03b81d:0x51ad8e167c79ac32!8m2!3d25.0676256!4d34.8789697\" target=\"_blank\" rel=\"noopener\">Marsa Alam<\/a> mit dem Flugzeug nach Kairo\u201c endet am n\u00e4chsten Tag gegen 02:00 Uhr.<\/li>\n<\/ul>\n<h4>Was beinhaltet der Kairo Reise Marsa Alam Flugzeugpreis?<\/h4>\n<ul>\n<li>Tickets f\u00fcr Tempelbesuche.<\/li>\n<li>Mittagessen.<\/li>\n<li>Leiten.<\/li>\n<li>Transfer zum Flughafen Hurghada.<\/li>\n<li>Transfer in Kairo.<\/li>\n<li>Auch Transfer vom Flughafen Hurghada zur\u00fcck zu Ihrem Hotel in Marsa Alam.<\/li>\n<\/ul>\n<h5>Was beinhaltet das Cairo Trip Marsa Alam Flugzeugprogramm nicht?<\/h5>\n<ul>\n<li>Zus\u00e4tzliche Ausflugsprogramme, falls nicht im oben genannten Programm enthalten.<\/li>\n<li>Auch Getr\u00e4nke.<\/li>\n<\/ul>\n<h6>WAS F\u00dcR DIE REISE MITzunehmen?<\/h6>\n<ul>\n<li>Fr\u00fchst\u00fccksbox.<\/li>\n<li>Auch Reisepass.<\/li>\n<\/ul>\n<h6>Kairo Reise Marsa Alam Flugzeug Buchungstage<\/h6>\n<ul>\n<li>Donnerstags von 05:00 bis 23:00 Uhr.<\/li>\n<li>Auch freitags von 05:00 bis 23:00 Uhr.<\/li>\n<\/ul>\n","protected":false},"excerpt":{"rendered":"<p>Sind Sie bereit f\u00fcr ein unvergessliches Tourerlebnis? Wir haben eine private Tagestour von Marsa Alam nach Kairo, die Sie nicht verpassen sollten. Unser freundlicher Vertreter holt Sie von Ihrem Hotel in Marsa Alam ab und bringt Sie zum Flughafen Hurghada, von wo aus Sie einen Flug nach Kairo nehmen. Bei Ihrer Ankunft begleitet Sie unser sachkundiger \u00c4gyptologe zu den atemberaubenden Pyramiden von Gizeh, der Sphinx und dem Taltempel der Chephren-Pyramide.<\/p>\n<p>Anschlie\u00dfend k\u00f6nnen Sie das Papyrus-Institut erkunden und mehr \u00fcber die Papierherstellungstechniken der alten \u00c4gypter erfahren. Wenn Sie Geschenke aus nat\u00fcrlichem Papyrus kaufen m\u00f6chten, sind Sie hier genau richtig. Sie genie\u00dfen au\u00dferdem ein Mittagessen in einem lokalen Restaurant in Kairo mit einem atemberaubenden Blick auf die Pyramiden.<\/p>\n<p>Als n\u00e4chstes besuchen Sie das \u00c4gyptische Museum, das \u00fcber 250.000 echte Artefakte beherbergt, darunter die Schatz-, Gold- und Schmucksammlung des legend\u00e4ren Tutanchamun. Wenn Sie daran interessiert sind, die k\u00f6nigliche Halle der Mumien zu besichtigen, bitten Sie einfach unseren Reiseleiter, Sie gegen eine zus\u00e4tzliche Geb\u00fchr von 25 US-Dollar zum Nationalmuseum der \u00e4gyptischen Zivilisation zu bringen.<\/p>\n<p>Abschlie\u00dfend haben Sie die M\u00f6glichkeit, Khan El Khalili, Kairos alten Basar, zu erkunden, bevor Sie zur\u00fcck zum Flughafen gefahren werden, um Ihren Flug zur\u00fcck nach Hurghada zu nehmen. Unsere Tour beinhaltet Flugtickets, Transfers, Eintrittskarten, Mittagessen und Einkaufstouren in Kairo. Wir m\u00f6chten, dass Sie das bestm\u00f6gliche Erlebnis haben. Stellen Sie Ihrem Reiseleiter daher gerne alle Fragen, die Sie haben. Wir sind hier, um Ihnen dabei zu helfen, Ihre Tour angenehm, sicher und unvergesslich zu machen.<\/p>\n","protected":false},"featured_media":99020,"comment_status":"open","ping_status":"closed","template":"","meta":{"_coblocks_attr":"","_coblocks_dimensions":"","_coblocks_responsive_height":"","_coblocks_accordion_ie_support":"","_uag_custom_page_level_css":"","jetpack_post_was_ever_published":false,"jetpack_publicize_message":"","jetpack_publicize_feature_enabled":true,"jetpack_social_post_already_shared":true,"jetpack_social_options":{"image_generator_settings":{"template":"highway","default_image_id":0,"font":"","enabled":false},"version":2},"_wpas_customize_per_network":false},"product_brand":[],"product_cat":[12154,22095,2351],"product_tag":[1653,9906,1652,1654,1655],"class_list":{"0":"post-8656","1":"product","2":"type-product","3":"status-publish","4":"has-post-thumbnail","6":"product_cat-besichtigungstouren-marsa-alam","7":"product_cat-hurghada-lufttouren","8":"product_cat-ausfluge-marsa-alam","9":"product_tag-ausflug","10":"product_tag-besichtigung","11":"product_tag-kairo","12":"product_tag-pyramiden","13":"product_tag-sphinx-de","14":"pa_age-erwachsene","15":"pa_age-kind","17":"first","18":"instock","19":"sale","20":"taxable","21":"shipping-taxable","22":"purchasable","23":"product-type-variable"},"yoast_head":"<!-- This site is optimized with the Yoast SEO Premium plugin v26.9 (Yoast SEO v27.3) - https:\/\/yoast.com\/product\/yoast-seo-premium-wordpress\/ -->\n<title>Kairo Reise Marsa Alam Flugzeug<\/title>\n<meta name=\"description\" content=\"Kairo Reise Marsa Alam Flugzeug Wir empfehlen diese Reise, da Touristen die beeindruckendsten Sehensw\u00fcrdigkeiten sehen, preis, programm\" \/>\n<meta name=\"robots\" content=\"index, follow, max-snippet:-1, max-image-preview:large, max-video-preview:-1\" \/>\n<link rel=\"canonical\" href=\"https:\/\/landioustravel.com\/de\/shop\/flugreise-kairo-marsa-alam\/\" \/>\n<meta property=\"og:locale\" content=\"de_DE\" \/>\n<meta property=\"og:type\" content=\"article\" \/>\n<meta property=\"og:title\" content=\"Kairo Reise Marsa Alam Flugzeug\" \/>\n<meta property=\"og:description\" content=\"Landious Travel\" \/>\n<meta property=\"og:url\" content=\"https:\/\/landioustravel.com\/de\/shop\/flugreise-kairo-marsa-alam\/\" \/>\n<meta property=\"og:site_name\" content=\"Landious Travel\" \/>\n<meta property=\"article:publisher\" content=\"https:\/\/web.facebook.com\/landiousEgypt\" \/>\n<meta property=\"article:modified_time\" content=\"2024-09-28T17:15:19+00:00\" \/>\n<meta property=\"og:image\" content=\"https:\/\/i0.wp.com\/landioustravel.com\/wp-content\/uploads\/2019\/06\/Cairo-Trip-Marsa-Alam-by-Plane-e1669074904799.jpg?fit=1200%2C675&ssl=1\" \/>\n\t<meta property=\"og:image:width\" content=\"1200\" \/>\n\t<meta property=\"og:image:height\" content=\"675\" \/>\n\t<meta property=\"og:image:type\" content=\"image\/jpeg\" \/>\n<meta name=\"twitter:card\" content=\"summary_large_image\" \/>\n<meta name=\"twitter:site\" content=\"@LandiousTours\" \/>\n<meta name=\"twitter:label1\" content=\"Gesch\u00e4tzte Lesezeit\" \/>\n\t<meta name=\"twitter:data1\" content=\"3\u00a0Minuten\" \/>\n<script type=\"application\/ld+json\" class=\"yoast-schema-graph\">{\"@context\":\"https:\\\/\\\/schema.org\",\"@graph\":[{\"@type\":\"WebPage\",\"@id\":\"https:\\\/\\\/landioustravel.com\\\/de\\\/shop\\\/flugreise-kairo-marsa-alam\\\/\",\"url\":\"https:\\\/\\\/landioustravel.com\\\/de\\\/shop\\\/flugreise-kairo-marsa-alam\\\/\",\"name\":\"Kairo Reise Marsa Alam Flugzeug\",\"isPartOf\":{\"@id\":\"https:\\\/\\\/landioustravel.com\\\/de\\\/#website\"},\"primaryImageOfPage\":{\"@id\":\"https:\\\/\\\/landioustravel.com\\\/de\\\/shop\\\/flugreise-kairo-marsa-alam\\\/#primaryimage\"},\"image\":{\"@id\":\"https:\\\/\\\/landioustravel.com\\\/de\\\/shop\\\/flugreise-kairo-marsa-alam\\\/#primaryimage\"},\"thumbnailUrl\":\"https:\\\/\\\/i0.wp.com\\\/landioustravel.com\\\/wp-content\\\/uploads\\\/2019\\\/06\\\/Cairo-Trip-Marsa-Alam-by-Plane-e1669074904799.jpg?fit=1200%2C675&ssl=1\",\"datePublished\":\"2019-06-11T14:23:33+00:00\",\"dateModified\":\"2024-09-28T17:15:19+00:00\",\"description\":\"Kairo Reise Marsa Alam Flugzeug Wir empfehlen diese Reise, da Touristen die beeindruckendsten Sehensw\u00fcrdigkeiten sehen, preis, programm\",\"breadcrumb\":{\"@id\":\"https:\\\/\\\/landioustravel.com\\\/de\\\/shop\\\/flugreise-kairo-marsa-alam\\\/#breadcrumb\"},\"inLanguage\":\"de\",\"potentialAction\":[{\"@type\":\"ReadAction\",\"target\":[\"https:\\\/\\\/landioustravel.com\\\/de\\\/shop\\\/flugreise-kairo-marsa-alam\\\/\"]}]},{\"@type\":\"ImageObject\",\"inLanguage\":\"de\",\"@id\":\"https:\\\/\\\/landioustravel.com\\\/de\\\/shop\\\/flugreise-kairo-marsa-alam\\\/#primaryimage\",\"url\":\"https:\\\/\\\/i0.wp.com\\\/landioustravel.com\\\/wp-content\\\/uploads\\\/2019\\\/06\\\/Cairo-Trip-Marsa-Alam-by-Plane-e1669074904799.jpg?fit=1200%2C675&ssl=1\",\"contentUrl\":\"https:\\\/\\\/i0.wp.com\\\/landioustravel.com\\\/wp-content\\\/uploads\\\/2019\\\/06\\\/Cairo-Trip-Marsa-Alam-by-Plane-e1669074904799.jpg?fit=1200%2C675&ssl=1\",\"width\":1200,\"height\":675,\"caption\":\"Cairo Trip Marsa Alam by Plane\"},{\"@type\":\"BreadcrumbList\",\"@id\":\"https:\\\/\\\/landioustravel.com\\\/de\\\/shop\\\/flugreise-kairo-marsa-alam\\\/#breadcrumb\",\"itemListElement\":[{\"@type\":\"ListItem\",\"position\":1,\"name\":\"Home\",\"item\":\"https:\\\/\\\/landioustravel.com\\\/de\\\/\"},{\"@type\":\"ListItem\",\"position\":2,\"name\":\"\u00c4gypten Touren\",\"item\":\"https:\\\/\\\/landioustravel.com\\\/de\\\/\"},{\"@type\":\"ListItem\",\"position\":3,\"name\":\"Kairo Reise Marsa Alam Flugzeug\"}]},{\"@type\":\"WebSite\",\"@id\":\"https:\\\/\\\/landioustravel.com\\\/de\\\/#website\",\"url\":\"https:\\\/\\\/landioustravel.com\\\/de\\\/\",\"name\":\"Landious Travel\",\"description\":\"Excursions, trips and cruises in Egypt\",\"publisher\":{\"@id\":\"https:\\\/\\\/landioustravel.com\\\/de\\\/#organization\"},\"potentialAction\":[{\"@type\":\"SearchAction\",\"target\":{\"@type\":\"EntryPoint\",\"urlTemplate\":\"https:\\\/\\\/landioustravel.com\\\/de\\\/?s={search_term_string}\"},\"query-input\":{\"@type\":\"PropertyValueSpecification\",\"valueRequired\":true,\"valueName\":\"search_term_string\"}}],\"inLanguage\":\"de\"},{\"@type\":[\"Organization\",\"Place\"],\"@id\":\"https:\\\/\\\/landioustravel.com\\\/de\\\/#organization\",\"name\":\"Landious Travel\",\"alternateName\":\"Landious Travel\",\"url\":\"https:\\\/\\\/landioustravel.com\\\/de\\\/\",\"logo\":{\"@id\":\"https:\\\/\\\/landioustravel.com\\\/de\\\/shop\\\/flugreise-kairo-marsa-alam\\\/#local-main-organization-logo\"},\"image\":{\"@id\":\"https:\\\/\\\/landioustravel.com\\\/de\\\/shop\\\/flugreise-kairo-marsa-alam\\\/#local-main-organization-logo\"},\"sameAs\":[\"https:\\\/\\\/web.facebook.com\\\/landiousEgypt\",\"https:\\\/\\\/x.com\\\/LandiousTours\",\"https:\\\/\\\/mastodon.social\\\/@landious\"],\"legalName\":\"Landious Travel\",\"telephone\":[],\"openingHoursSpecification\":[{\"@type\":\"OpeningHoursSpecification\",\"dayOfWeek\":[\"Monday\",\"Tuesday\",\"Wednesday\",\"Thursday\",\"Friday\",\"Saturday\",\"Sunday\"],\"opens\":\"09:00\",\"closes\":\"17:00\"}]},{\"@type\":\"ImageObject\",\"inLanguage\":\"de\",\"@id\":\"https:\\\/\\\/landioustravel.com\\\/de\\\/shop\\\/flugreise-kairo-marsa-alam\\\/#local-main-organization-logo\",\"url\":\"https:\\\/\\\/i0.wp.com\\\/landioustravel.com\\\/wp-content\\\/uploads\\\/2021\\\/06\\\/Landious-T.png?fit=500%2C500&ssl=1\",\"contentUrl\":\"https:\\\/\\\/i0.wp.com\\\/landioustravel.com\\\/wp-content\\\/uploads\\\/2021\\\/06\\\/Landious-T.png?fit=500%2C500&ssl=1\",\"width\":500,\"height\":500,\"caption\":\"Landious Travel\"}]}<\/script>\n<!-- \/ Yoast SEO Premium plugin. -->","yoast_head_json":{"title":"Kairo Reise Marsa Alam Flugzeug","description":"Kairo Reise Marsa Alam Flugzeug Wir empfehlen diese Reise, da Touristen die beeindruckendsten Sehensw\u00fcrdigkeiten sehen, preis, programm","robots":{"index":"index","follow":"follow","max-snippet":"max-snippet:-1","max-image-preview":"max-image-preview:large","max-video-preview":"max-video-preview:-1"},"canonical":"https:\/\/landioustravel.com\/de\/shop\/flugreise-kairo-marsa-alam\/","og_locale":"de_DE","og_type":"article","og_title":"Kairo Reise Marsa Alam Flugzeug","og_description":"Landious Travel","og_url":"https:\/\/landioustravel.com\/de\/shop\/flugreise-kairo-marsa-alam\/","og_site_name":"Landious Travel","article_publisher":"https:\/\/web.facebook.com\/landiousEgypt","article_modified_time":"2024-09-28T17:15:19+00:00","og_image":[{"width":1200,"height":675,"url":"https:\/\/i0.wp.com\/landioustravel.com\/wp-content\/uploads\/2019\/06\/Cairo-Trip-Marsa-Alam-by-Plane-e1669074904799.jpg?fit=1200%2C675&ssl=1","type":"image\/jpeg"}],"twitter_card":"summary_large_image","twitter_site":"@LandiousTours","twitter_misc":{"Gesch\u00e4tzte Lesezeit":"3\u00a0Minuten"},"schema":{"@context":"https:\/\/schema.org","@graph":[{"@type":"WebPage","@id":"https:\/\/landioustravel.com\/de\/shop\/flugreise-kairo-marsa-alam\/","url":"https:\/\/landioustravel.com\/de\/shop\/flugreise-kairo-marsa-alam\/","name":"Kairo Reise Marsa Alam Flugzeug","isPartOf":{"@id":"https:\/\/landioustravel.com\/de\/#website"},"primaryImageOfPage":{"@id":"https:\/\/landioustravel.com\/de\/shop\/flugreise-kairo-marsa-alam\/#primaryimage"},"image":{"@id":"https:\/\/landioustravel.com\/de\/shop\/flugreise-kairo-marsa-alam\/#primaryimage"},"thumbnailUrl":"https:\/\/i0.wp.com\/landioustravel.com\/wp-content\/uploads\/2019\/06\/Cairo-Trip-Marsa-Alam-by-Plane-e1669074904799.jpg?fit=1200%2C675&ssl=1","datePublished":"2019-06-11T14:23:33+00:00","dateModified":"2024-09-28T17:15:19+00:00","description":"Kairo Reise Marsa Alam Flugzeug Wir empfehlen diese Reise, da Touristen die beeindruckendsten Sehensw\u00fcrdigkeiten sehen, preis, programm","breadcrumb":{"@id":"https:\/\/landioustravel.com\/de\/shop\/flugreise-kairo-marsa-alam\/#breadcrumb"},"inLanguage":"de","potentialAction":[{"@type":"ReadAction","target":["https:\/\/landioustravel.com\/de\/shop\/flugreise-kairo-marsa-alam\/"]}]},{"@type":"ImageObject","inLanguage":"de","@id":"https:\/\/landioustravel.com\/de\/shop\/flugreise-kairo-marsa-alam\/#primaryimage","url":"https:\/\/i0.wp.com\/landioustravel.com\/wp-content\/uploads\/2019\/06\/Cairo-Trip-Marsa-Alam-by-Plane-e1669074904799.jpg?fit=1200%2C675&ssl=1","contentUrl":"https:\/\/i0.wp.com\/landioustravel.com\/wp-content\/uploads\/2019\/06\/Cairo-Trip-Marsa-Alam-by-Plane-e1669074904799.jpg?fit=1200%2C675&ssl=1","width":1200,"height":675,"caption":"Cairo Trip Marsa Alam by Plane"},{"@type":"BreadcrumbList","@id":"https:\/\/landioustravel.com\/de\/shop\/flugreise-kairo-marsa-alam\/#breadcrumb","itemListElement":[{"@type":"ListItem","position":1,"name":"Home","item":"https:\/\/landioustravel.com\/de\/"},{"@type":"ListItem","position":2,"name":"\u00c4gypten Touren","item":"https:\/\/landioustravel.com\/de\/"},{"@type":"ListItem","position":3,"name":"Kairo Reise Marsa Alam Flugzeug"}]},{"@type":"WebSite","@id":"https:\/\/landioustravel.com\/de\/#website","url":"https:\/\/landioustravel.com\/de\/","name":"Landious Travel","description":"Excursions, trips and cruises in Egypt","publisher":{"@id":"https:\/\/landioustravel.com\/de\/#organization"},"potentialAction":[{"@type":"SearchAction","target":{"@type":"EntryPoint","urlTemplate":"https:\/\/landioustravel.com\/de\/?s={search_term_string}"},"query-input":{"@type":"PropertyValueSpecification","valueRequired":true,"valueName":"search_term_string"}}],"inLanguage":"de"},{"@type":["Organization","Place"],"@id":"https:\/\/landioustravel.com\/de\/#organization","name":"Landious Travel","alternateName":"Landious Travel","url":"https:\/\/landioustravel.com\/de\/","logo":{"@id":"https:\/\/landioustravel.com\/de\/shop\/flugreise-kairo-marsa-alam\/#local-main-organization-logo"},"image":{"@id":"https:\/\/landioustravel.com\/de\/shop\/flugreise-kairo-marsa-alam\/#local-main-organization-logo"},"sameAs":["https:\/\/web.facebook.com\/landiousEgypt","https:\/\/x.com\/LandiousTours","https:\/\/mastodon.social\/@landious"],"legalName":"Landious Travel","telephone":[],"openingHoursSpecification":[{"@type":"OpeningHoursSpecification","dayOfWeek":["Monday","Tuesday","Wednesday","Thursday","Friday","Saturday","Sunday"],"opens":"09:00","closes":"17:00"}]},{"@type":"ImageObject","inLanguage":"de","@id":"https:\/\/landioustravel.com\/de\/shop\/flugreise-kairo-marsa-alam\/#local-main-organization-logo","url":"https:\/\/i0.wp.com\/landioustravel.com\/wp-content\/uploads\/2021\/06\/Landious-T.png?fit=500%2C500&ssl=1","contentUrl":"https:\/\/i0.wp.com\/landioustravel.com\/wp-content\/uploads\/2021\/06\/Landious-T.png?fit=500%2C500&ssl=1","width":500,"height":500,"caption":"Landious Travel"}]}},"jetpack_publicize_connections":[],"uagb_featured_image_src":{"full":["https:\/\/i0.wp.com\/landioustravel.com\/wp-content\/uploads\/2019\/06\/Cairo-Trip-Marsa-Alam-by-Plane-e1669074904799.jpg?fit=1200%2C675&ssl=1",1200,675,false],"thumbnail":["https:\/\/i0.wp.com\/landioustravel.com\/wp-content\/uploads\/2019\/06\/Cairo-Trip-Marsa-Alam-by-Plane-e1669074904799.jpg?resize=150%2C150&ssl=1",150,150,true],"medium":["https:\/\/i0.wp.com\/landioustravel.com\/wp-content\/uploads\/2019\/06\/Cairo-Trip-Marsa-Alam-by-Plane-e1669074904799.jpg?fit=300%2C169&ssl=1",300,169,true],"medium_large":["https:\/\/i0.wp.com\/landioustravel.com\/wp-content\/uploads\/2019\/06\/Cairo-Trip-Marsa-Alam-by-Plane-e1669074904799.jpg?fit=768%2C432&ssl=1",768,432,true],"large":["https:\/\/i0.wp.com\/landioustravel.com\/wp-content\/uploads\/2019\/06\/Cairo-Trip-Marsa-Alam-by-Plane-e1669074904799.jpg?fit=980%2C551&ssl=1",980,551,true],"1536x1536":["https:\/\/i0.wp.com\/landioustravel.com\/wp-content\/uploads\/2019\/06\/Cairo-Trip-Marsa-Alam-by-Plane-e1669074904799.jpg?fit=1200%2C675&ssl=1",1200,675,true],"2048x2048":["https:\/\/i0.wp.com\/landioustravel.com\/wp-content\/uploads\/2019\/06\/Cairo-Trip-Marsa-Alam-by-Plane-e1669074904799.jpg?fit=1200%2C675&ssl=1",1200,675,true],"newspack-article-block-landscape-large":["https:\/\/i0.wp.com\/landioustravel.com\/wp-content\/uploads\/2019\/06\/Cairo-Trip-Marsa-Alam-by-Plane-e1669074904799.jpg?resize=1200%2C675&ssl=1",1200,675,true],"newspack-article-block-portrait-large":["https:\/\/i0.wp.com\/landioustravel.com\/wp-content\/uploads\/2019\/06\/Cairo-Trip-Marsa-Alam-by-Plane-e1669074904799.jpg?resize=900%2C675&ssl=1",900,675,true],"newspack-article-block-square-large":["https:\/\/i0.wp.com\/landioustravel.com\/wp-content\/uploads\/2019\/06\/Cairo-Trip-Marsa-Alam-by-Plane-e1669074904799.jpg?resize=1200%2C675&ssl=1",1200,675,true],"newspack-article-block-landscape-medium":["https:\/\/i0.wp.com\/landioustravel.com\/wp-content\/uploads\/2019\/06\/Cairo-Trip-Marsa-Alam-by-Plane-e1669074904799.jpg?resize=800%2C600&ssl=1",800,600,true],"newspack-article-block-portrait-medium":["https:\/\/i0.wp.com\/landioustravel.com\/wp-content\/uploads\/2019\/06\/Cairo-Trip-Marsa-Alam-by-Plane-e1669074904799.jpg?resize=600%2C675&ssl=1",600,675,true],"newspack-article-block-square-medium":["https:\/\/i0.wp.com\/landioustravel.com\/wp-content\/uploads\/2019\/06\/Cairo-Trip-Marsa-Alam-by-Plane-e1669074904799.jpg?resize=800%2C675&ssl=1",800,675,true],"newspack-article-block-landscape-intermediate":["https:\/\/i0.wp.com\/landioustravel.com\/wp-content\/uploads\/2019\/06\/Cairo-Trip-Marsa-Alam-by-Plane-e1669074904799.jpg?resize=600%2C450&ssl=1",600,450,true],"newspack-article-block-portrait-intermediate":["https:\/\/i0.wp.com\/landioustravel.com\/wp-content\/uploads\/2019\/06\/Cairo-Trip-Marsa-Alam-by-Plane-e1669074904799.jpg?resize=450%2C600&ssl=1",450,600,true],"newspack-article-block-square-intermediate":["https:\/\/i0.wp.com\/landioustravel.com\/wp-content\/uploads\/2019\/06\/Cairo-Trip-Marsa-Alam-by-Plane-e1669074904799.jpg?resize=600%2C600&ssl=1",600,600,true],"newspack-article-block-landscape-small":["https:\/\/i0.wp.com\/landioustravel.com\/wp-content\/uploads\/2019\/06\/Cairo-Trip-Marsa-Alam-by-Plane-e1669074904799.jpg?resize=400%2C300&ssl=1",400,300,true],"newspack-article-block-portrait-small":["https:\/\/i0.wp.com\/landioustravel.com\/wp-content\/uploads\/2019\/06\/Cairo-Trip-Marsa-Alam-by-Plane-e1669074904799.jpg?resize=300%2C400&ssl=1",300,400,true],"newspack-article-block-square-small":["https:\/\/i0.wp.com\/landioustravel.com\/wp-content\/uploads\/2019\/06\/Cairo-Trip-Marsa-Alam-by-Plane-e1669074904799.jpg?resize=400%2C400&ssl=1",400,400,true],"newspack-article-block-landscape-tiny":["https:\/\/i0.wp.com\/landioustravel.com\/wp-content\/uploads\/2019\/06\/Cairo-Trip-Marsa-Alam-by-Plane-e1669074904799.jpg?resize=200%2C150&ssl=1",200,150,true],"newspack-article-block-portrait-tiny":["https:\/\/i0.wp.com\/landioustravel.com\/wp-content\/uploads\/2019\/06\/Cairo-Trip-Marsa-Alam-by-Plane-e1669074904799.jpg?resize=150%2C200&ssl=1",150,200,true],"newspack-article-block-square-tiny":["https:\/\/i0.wp.com\/landioustravel.com\/wp-content\/uploads\/2019\/06\/Cairo-Trip-Marsa-Alam-by-Plane-e1669074904799.jpg?resize=200%2C200&ssl=1",200,200,true],"newspack-article-block-uncropped":["https:\/\/i0.wp.com\/landioustravel.com\/wp-content\/uploads\/2019\/06\/Cairo-Trip-Marsa-Alam-by-Plane-e1669074904799.jpg?fit=1200%2C675&ssl=1",1200,675,true],"woocommerce_thumbnail":["https:\/\/i0.wp.com\/landioustravel.com\/wp-content\/uploads\/2019\/06\/Cairo-Trip-Marsa-Alam-by-Plane-e1669074904799.jpg?resize=324%2C324&ssl=1",324,324,true],"woocommerce_single":["https:\/\/i0.wp.com\/landioustravel.com\/wp-content\/uploads\/2019\/06\/Cairo-Trip-Marsa-Alam-by-Plane-e1669074904799.jpg?fit=416%2C234&ssl=1",416,234,true],"woocommerce_gallery_thumbnail":["https:\/\/i0.wp.com\/landioustravel.com\/wp-content\/uploads\/2019\/06\/Cairo-Trip-Marsa-Alam-by-Plane-e1669074904799.jpg?resize=100%2C100&ssl=1",100,100,true]},"uagb_author_info":{"display_name":"Mofreh Landious","author_link":"https:\/\/landioustravel.com\/de\/author\/"},"uagb_comment_info":2,"uagb_excerpt":"Sind Sie bereit f\u00fcr ein unvergessliches Tourerlebnis? Wir haben eine private Tagestour von Marsa Alam nach Kairo, die Sie nicht verpassen sollten. Unser freundlicher Vertreter holt Sie von Ihrem Hotel in Marsa Alam ab und bringt Sie zum Flughafen Hurghada, von wo aus Sie einen Flug nach Kairo nehmen. Bei Ihrer Ankunft begleitet Sie unser&hellip;","jetpack_sharing_enabled":true,"jetpack_likes_enabled":true,"amp_enabled":true,"_links":{"self":[{"href":"https:\/\/landioustravel.com\/de\/wp-json\/wp\/v2\/product\/8656","targetHints":{"allow":["GET"]}}],"collection":[{"href":"https:\/\/landioustravel.com\/de\/wp-json\/wp\/v2\/product"}],"about":[{"href":"https:\/\/landioustravel.com\/de\/wp-json\/wp\/v2\/types\/product"}],"replies":[{"embeddable":true,"href":"https:\/\/landioustravel.com\/de\/wp-json\/wp\/v2\/comments?post=8656"}],"wp:featuredmedia":[{"embeddable":true,"href":"https:\/\/landioustravel.com\/de\/wp-json\/wp\/v2\/media\/99020"}],"wp:attachment":[{"href":"https:\/\/landioustravel.com\/de\/wp-json\/wp\/v2\/media?parent=8656"}],"wp:term":[{"taxonomy":"product_brand","embeddable":true,"href":"https:\/\/landioustravel.com\/de\/wp-json\/wp\/v2\/product_brand?post=8656"},{"taxonomy":"product_cat","embeddable":true,"href":"https:\/\/landioustravel.com\/de\/wp-json\/wp\/v2\/product_cat?post=8656"},{"taxonomy":"product_tag","embeddable":true,"href":"https:\/\/landioustravel.com\/de\/wp-json\/wp\/v2\/product_tag?post=8656"}],"curies":[{"name":"wp","href":"https:\/\/api.w.org\/{rel}","templated":true}]}}