{"id":8739,"date":"2019-06-11T19:54:44","date_gmt":"2019-06-12T09:04:26","guid":{"rendered":"https:\/\/landioustravel.com\/?post_type=product&#038;p=8739"},"modified":"2024-04-15T19:15:02","modified_gmt":"2024-04-15T17:15:02","slug":"parasailing-reise-hurghada","status":"publish","type":"product","link":"https:\/\/landioustravel.com\/de\/shop\/parasailing-reise-hurghada\/","title":{"rendered":"Parasailing Reise Hurghada"},"content":{"rendered":"<p>Es ist eine aufregende private Reise in <a href=\"https:\/\/landioustravel.com\/de\/hurghada-stadt\/\">Hurghada<\/a>, <a href=\"https:\/\/landioustravel.com\/de\/agypten\/\">\u00c4gypten<\/a>! Wir empfehlen die Reise, weil es Touristen erm\u00f6glicht, eine gute Zeit am Meer zu haben! Sie werden eine der erstaunlichsten Wassersportarten erleben &#8211; Parasailing. Bei dieser Erfahrung sehen Sie Hurghada City auf einem Fallschirm. Sie werden den Blick \u00fcber das Rote Meer mit seinen nahe gelegenen Inseln so sehr m\u00f6gen. Das Hurghada Parasailing-Programm bietet einen einzigartigen 360-Grad-Blick auf das Rote Meer. ONLINE-BUCHUNG PARASAILING REISE HURGHADA UND BESTER PREIS!<\/p>\n<h2>H\u00f6hepunkte der Parasailing-Reise in Hurghada<\/h2>\n<ul>\n<li>Umfassende Einweisung und Schulung zum Thema Parasailing.<\/li>\n<li>Parasailing bis zu einer H\u00f6he von 30-40 Metern \u00fcber dem Meer.<\/li>\n<li>Auch atemberaubende Aussichten \u00fcber die malerische K\u00fcste des Roten Meeres.<\/li>\n<\/ul>\n<h3>Programm der privaten Parasailing-Erfahrung<\/h3>\n<ul>\n<li>Der Vertreter von <a href=\"https:\/\/landioustravel.com\/de\/kontakte\/\">Landious Travel<\/a> holt Sie gegen 11:00 Uhr vom Hotel ab.<\/li>\n<li>Nachdem alle Ank\u00f6mmlinge abgeholt wurden, f\u00e4hrt der Bus zum Hafen. Der Weg zum Hafen dauert ca. 20 Minuten.<\/li>\n<li>Sie finden Ihr Schnellboot im Hafen. Dieses Schnellboot bringt Sie zur Wassersportbasis.<\/li>\n<li>Nachdem Sie die Basis erreicht haben, bereiten Sie sich auf einen Parasailing-Flug vor.<\/li>\n<li>Dann bekommen Sie eine Einweisung. Danach hilft die Crew bei den n\u00e4chsten Schritten. Es ist erw\u00e4hnenswert, dass der Gurt w\u00e4hrend des Parasailing den Piloten am Parasailing befestigt. Im Gegenzug muss das Parasailing \u00fcber das Abschleppseil mit dem Boot verbunden werden. Das Boot f\u00e4hrt dann los und tr\u00e4gt sowohl die Parasailing-Fl\u00fcgel als auch den Piloten in die Luft.<\/li>\n<li>Schlie\u00dflich begleiten wir Sie nach einem so sch\u00f6nen Abenteuer zur\u00fcck zu Ihren Hotels.<\/li>\n<li>Diese Parasailing-Reise in <a href=\"https:\/\/www.google.de\/maps\/place\/Hurghada,+Al-Bahr+al-ahmar\/@27.1928369,33.5015083,10z\/data=!3m1!4b1!4m5!3m4!1s0x145287b2cd3dbbb3:0x2db807f98bd3c360!8m2!3d27.2578957!4d33.8116067\" target=\"_blank\" rel=\"noopener\">Hurghada<\/a> endet gegen 13:00 Uhr.<\/li>\n<\/ul>\n<h4>Was beinhaltet der Parasailing Reise Hurghada Preis?<\/h4>\n<ul>\n<li>Privater Transfer zum Hafen.<\/li>\n<li>Individuelles Parasailing-Abenteuer.<\/li>\n<li>Vollst\u00e4ndige Sicherheitseinweisung f\u00fcr Parasailing-Verfahren.<\/li>\n<li>Kostenlose Schlie\u00dff\u00e4cher.<\/li>\n<li>Transfer zum Hafen und zur\u00fcck zum Hotel.<\/li>\n<\/ul>\n<h5>Was beinhaltet das Parasailing Trip Hurghada Programm?<\/h5>\n<ul>\n<li>Video DVD.<\/li>\n<li>Auch die Foto-CD.<\/li>\n<\/ul>\n<h6>Was nehmen Sie mit auf die Parasailing-Reise?<\/h6>\n<ul>\n<li>Handtuch.<\/li>\n<li>Auch Sonnenschutz.<\/li>\n<\/ul>\n<h6>Parasailing Reise Hurghada Buchungstage<\/h6>\n<ul>\n<li>T\u00e4glich von 11:00 bis 13:00 Uhr.<\/li>\n<\/ul>\n","protected":false},"excerpt":{"rendered":"<p>Sind Sie bereit f\u00fcr ein aufregendes Erlebnis auf Ihrer Reise nach Hurghada? Stellen Sie sich vor, Sie fliegen an einem Fallschirm durch die Luft und genie\u00dfen die atemberaubende Aussicht auf das Meer und die umliegenden Inseln. Dieses Parasailing-Abenteuer ist perfekt f\u00fcr diejenigen, die einen Adrenalinsto\u00df suchen und gleichzeitig die Einhaltung von Sicherheitsstandards gew\u00e4hrleisten m\u00f6chten.<\/p>\n<p>Ob Profi oder Anf\u00e4nger, allein oder mit einem geliebten Menschen, dieser Parasailing-Ausflug ist f\u00fcr jeden geeignet. Es ist eine gro\u00dfartige Unterhaltungsaktivit\u00e4t f\u00fcr Familien mit Kindern ab drei Jahren sowie f\u00fcr Senioren, die nach einer M\u00f6glichkeit suchen, die Durchblutung anzuregen und Verspannungen im K\u00f6rper zu l\u00f6sen.<\/p>\n<p>W\u00e4hrend dieser privaten Tour k\u00fcmmern wir uns um den Transport von und zu Ihrem Hotel oder Standort in Hurghada. Sobald wir am Yachthafen angekommen sind, fahren wir mit einem Schnellboot mitten aufs Meer, wo wir das Parasailing-Abenteuer beginnen. Sie fliegen acht Minuten lang in einer H\u00f6he von 50 Metern und haben so ausreichend Zeit, die atemberaubende Aussicht auf die Giftun-Inseln und den Yachthafen von Hurghada zu bewundern.<\/p>\n<p>Unser Guide erkl\u00e4rt Ihnen das Fliegen mit dem Fallschirm und hilft Ihnen beim Anlegen Ihrer Sicherheitsausr\u00fcstung, einschlie\u00dflich einer Schwimmweste. Sie k\u00f6nnen gerne mit Ihrem Mobiltelefon fotografieren, oder unser Fotograf kann Ihnen auf dem Boot behilflich sein.<\/p>\n<p>Wir verstehen, dass jeder unterschiedliche Zeitpl\u00e4ne hat, weshalb wir eine flexible Tourverf\u00fcgbarkeit anbieten. Sie k\u00f6nnen die Zeit w\u00e4hlen, die am besten zu Ihnen passt, ob morgens oder nachmittags. Wir holen Sie von Ihrem Hotel in Hurghada ab und bringen Sie wieder zur\u00fcck, wenn die Tour beendet ist.<\/p>\n<p>Wir m\u00f6chten, dass Sie w\u00e4hrend Ihres Aufenthalts in Hurghada das bestm\u00f6gliche Erlebnis haben. Deshalb bieten wir dieses aufregende und romantische Parasailing-Abenteuer als eines der besten Dinge an, die man in der Gegend unternehmen kann. Buchen Sie jetzt Ihre Tour und machen Sie sich bereit f\u00fcr ein unvergessliches Erlebnis!<\/p>\n","protected":false},"featured_media":98963,"comment_status":"open","ping_status":"closed","template":"","meta":{"_coblocks_attr":"","_coblocks_dimensions":"","_coblocks_responsive_height":"","_coblocks_accordion_ie_support":"","_uag_custom_page_level_css":"","jetpack_publicize_message":"","jetpack_publicize_feature_enabled":true,"jetpack_social_post_already_shared":true,"jetpack_social_options":{"image_generator_settings":{"template":"highway","default_image_id":0,"font":"","enabled":false},"version":2},"_wpas_customize_per_network":false},"product_brand":[],"product_cat":[22096,22097,1599],"product_tag":[1653,1774,1777,9897],"class_list":{"0":"post-8739","1":"product","2":"type-product","3":"status-publish","4":"has-post-thumbnail","6":"product_cat-budgetfreundliche-hurghada-ausfluege","7":"product_cat-hurghada-familienausfluege","8":"product_cat-unterhaltungsausfluge-hurghada","9":"product_tag-ausflug","10":"product_tag-hurghada-de","11":"product_tag-meer","12":"product_tag-parasailing-de","14":"first","15":"instock","16":"sale","17":"taxable","18":"shipping-taxable","19":"purchasable","20":"product-type-variable"},"yoast_head":"<!-- This site is optimized with the Yoast SEO Premium plugin v27.5 (Yoast SEO v27.5) - https:\/\/yoast.com\/product\/yoast-seo-premium-wordpress\/ -->\n<title>Parasailing Reise Hurghada - Buchen - Landious Travel<\/title>\n<meta name=\"description\" content=\"Parasailing Reise Hurghada Wir empfehlen den Ausflug, weil es Touristen erlaubt, eine gute Zeit am Meer zu haben! pries, programm\" \/>\n<meta name=\"robots\" content=\"index, follow, max-snippet:-1, max-image-preview:large, max-video-preview:-1\" \/>\n<link rel=\"canonical\" href=\"https:\/\/landioustravel.com\/de\/shop\/parasailing-reise-hurghada\/\" \/>\n<meta property=\"og:locale\" content=\"de_DE\" \/>\n<meta property=\"og:type\" content=\"article\" \/>\n<meta property=\"og:title\" content=\"Parasailing Reise Hurghada\" \/>\n<meta property=\"og:description\" content=\"Landious Travel\" \/>\n<meta property=\"og:url\" content=\"https:\/\/landioustravel.com\/de\/shop\/parasailing-reise-hurghada\/\" \/>\n<meta property=\"og:site_name\" content=\"Landious Travel\" \/>\n<meta property=\"article:publisher\" content=\"https:\/\/web.facebook.com\/landiousEgypt\" \/>\n<meta property=\"article:modified_time\" content=\"2024-04-15T17:15:02+00:00\" \/>\n<meta property=\"og:image\" content=\"https:\/\/i0.wp.com\/landioustravel.com\/wp-content\/uploads\/2019\/06\/Parasailing-in-Hurghada-e1669070143748.jpg?fit=1201%2C675&ssl=1\" \/>\n\t<meta property=\"og:image:width\" content=\"1201\" \/>\n\t<meta property=\"og:image:height\" content=\"675\" \/>\n\t<meta property=\"og:image:type\" content=\"image\/jpeg\" \/>\n<meta name=\"twitter:card\" content=\"summary_large_image\" \/>\n<meta name=\"twitter:site\" content=\"@LandiousTours\" \/>\n<meta name=\"twitter:label1\" content=\"Gesch\u00e4tzte Lesezeit\" \/>\n\t<meta name=\"twitter:data1\" content=\"2\u00a0Minuten\" \/>\n<script type=\"application\/ld+json\" class=\"yoast-schema-graph\">{\"@context\":\"https:\\\/\\\/schema.org\",\"@graph\":[{\"@type\":\"WebPage\",\"@id\":\"https:\\\/\\\/landioustravel.com\\\/de\\\/shop\\\/parasailing-reise-hurghada\\\/\",\"url\":\"https:\\\/\\\/landioustravel.com\\\/de\\\/shop\\\/parasailing-reise-hurghada\\\/\",\"name\":\"Parasailing Reise Hurghada - Buchen - Landious Travel\",\"isPartOf\":{\"@id\":\"https:\\\/\\\/landioustravel.com\\\/de\\\/#website\"},\"primaryImageOfPage\":{\"@id\":\"https:\\\/\\\/landioustravel.com\\\/de\\\/shop\\\/parasailing-reise-hurghada\\\/#primaryimage\"},\"image\":{\"@id\":\"https:\\\/\\\/landioustravel.com\\\/de\\\/shop\\\/parasailing-reise-hurghada\\\/#primaryimage\"},\"thumbnailUrl\":\"https:\\\/\\\/i0.wp.com\\\/landioustravel.com\\\/wp-content\\\/uploads\\\/2019\\\/06\\\/Parasailing-in-Hurghada-e1669070143748.jpg?fit=1201%2C675&ssl=1\",\"datePublished\":\"2019-06-12T09:04:26+00:00\",\"dateModified\":\"2024-04-15T17:15:02+00:00\",\"description\":\"Parasailing Reise Hurghada Wir empfehlen den Ausflug, weil es Touristen erlaubt, eine gute Zeit am Meer zu haben! pries, programm\",\"breadcrumb\":{\"@id\":\"https:\\\/\\\/landioustravel.com\\\/de\\\/shop\\\/parasailing-reise-hurghada\\\/#breadcrumb\"},\"inLanguage\":\"de\",\"potentialAction\":[{\"@type\":\"ReadAction\",\"target\":[\"https:\\\/\\\/landioustravel.com\\\/de\\\/shop\\\/parasailing-reise-hurghada\\\/\"]}]},{\"@type\":\"ImageObject\",\"inLanguage\":\"de\",\"@id\":\"https:\\\/\\\/landioustravel.com\\\/de\\\/shop\\\/parasailing-reise-hurghada\\\/#primaryimage\",\"url\":\"https:\\\/\\\/i0.wp.com\\\/landioustravel.com\\\/wp-content\\\/uploads\\\/2019\\\/06\\\/Parasailing-in-Hurghada-e1669070143748.jpg?fit=1201%2C675&ssl=1\",\"contentUrl\":\"https:\\\/\\\/i0.wp.com\\\/landioustravel.com\\\/wp-content\\\/uploads\\\/2019\\\/06\\\/Parasailing-in-Hurghada-e1669070143748.jpg?fit=1201%2C675&ssl=1\",\"width\":1201,\"height\":675,\"caption\":\"Parasailing in Hurghada\"},{\"@type\":\"BreadcrumbList\",\"@id\":\"https:\\\/\\\/landioustravel.com\\\/de\\\/shop\\\/parasailing-reise-hurghada\\\/#breadcrumb\",\"itemListElement\":[{\"@type\":\"ListItem\",\"position\":1,\"name\":\"Home\",\"item\":\"https:\\\/\\\/landioustravel.com\\\/de\\\/\"},{\"@type\":\"ListItem\",\"position\":2,\"name\":\"\u00c4gypten Touren\",\"item\":\"https:\\\/\\\/landioustravel.com\\\/de\\\/\"},{\"@type\":\"ListItem\",\"position\":3,\"name\":\"Parasailing Reise Hurghada\"}]},{\"@type\":\"WebSite\",\"@id\":\"https:\\\/\\\/landioustravel.com\\\/de\\\/#website\",\"url\":\"https:\\\/\\\/landioustravel.com\\\/de\\\/\",\"name\":\"Landious Travel\",\"description\":\"Excursions, trips and cruises in Egypt\",\"publisher\":{\"@id\":\"https:\\\/\\\/landioustravel.com\\\/de\\\/#organization\"},\"potentialAction\":[{\"@type\":\"SearchAction\",\"target\":{\"@type\":\"EntryPoint\",\"urlTemplate\":\"https:\\\/\\\/landioustravel.com\\\/de\\\/?s={search_term_string}\"},\"query-input\":{\"@type\":\"PropertyValueSpecification\",\"valueRequired\":true,\"valueName\":\"search_term_string\"}}],\"inLanguage\":\"de\"},{\"@type\":[\"Organization\",\"Place\"],\"@id\":\"https:\\\/\\\/landioustravel.com\\\/de\\\/#organization\",\"name\":\"Landious Travel\",\"alternateName\":\"Landious Travel\",\"url\":\"https:\\\/\\\/landioustravel.com\\\/de\\\/\",\"logo\":{\"@id\":\"https:\\\/\\\/landioustravel.com\\\/de\\\/shop\\\/parasailing-reise-hurghada\\\/#local-main-organization-logo\"},\"image\":{\"@id\":\"https:\\\/\\\/landioustravel.com\\\/de\\\/shop\\\/parasailing-reise-hurghada\\\/#local-main-organization-logo\"},\"sameAs\":[\"https:\\\/\\\/web.facebook.com\\\/landiousEgypt\",\"https:\\\/\\\/x.com\\\/LandiousTours\",\"https:\\\/\\\/mastodon.social\\\/@landious\"],\"legalName\":\"Landious Travel\",\"telephone\":[],\"openingHoursSpecification\":[{\"@type\":\"OpeningHoursSpecification\",\"dayOfWeek\":[\"Monday\",\"Tuesday\",\"Wednesday\",\"Thursday\",\"Friday\",\"Saturday\",\"Sunday\"],\"opens\":\"09:00\",\"closes\":\"17:00\"}]},{\"@type\":\"ImageObject\",\"inLanguage\":\"de\",\"@id\":\"https:\\\/\\\/landioustravel.com\\\/de\\\/shop\\\/parasailing-reise-hurghada\\\/#local-main-organization-logo\",\"url\":\"https:\\\/\\\/i0.wp.com\\\/landioustravel.com\\\/wp-content\\\/uploads\\\/2021\\\/06\\\/Landious-T.png?fit=500%2C500&ssl=1\",\"contentUrl\":\"https:\\\/\\\/i0.wp.com\\\/landioustravel.com\\\/wp-content\\\/uploads\\\/2021\\\/06\\\/Landious-T.png?fit=500%2C500&ssl=1\",\"width\":500,\"height\":500,\"caption\":\"Landious Travel\"}]}<\/script>\n<!-- \/ Yoast SEO Premium plugin. -->","yoast_head_json":{"title":"Parasailing Reise Hurghada - Buchen - Landious Travel","description":"Parasailing Reise Hurghada Wir empfehlen den Ausflug, weil es Touristen erlaubt, eine gute Zeit am Meer zu haben! pries, programm","robots":{"index":"index","follow":"follow","max-snippet":"max-snippet:-1","max-image-preview":"max-image-preview:large","max-video-preview":"max-video-preview:-1"},"canonical":"https:\/\/landioustravel.com\/de\/shop\/parasailing-reise-hurghada\/","og_locale":"de_DE","og_type":"article","og_title":"Parasailing Reise Hurghada","og_description":"Landious Travel","og_url":"https:\/\/landioustravel.com\/de\/shop\/parasailing-reise-hurghada\/","og_site_name":"Landious Travel","article_publisher":"https:\/\/web.facebook.com\/landiousEgypt","article_modified_time":"2024-04-15T17:15:02+00:00","og_image":[{"width":1201,"height":675,"url":"https:\/\/i0.wp.com\/landioustravel.com\/wp-content\/uploads\/2019\/06\/Parasailing-in-Hurghada-e1669070143748.jpg?fit=1201%2C675&ssl=1","type":"image\/jpeg"}],"twitter_card":"summary_large_image","twitter_site":"@LandiousTours","twitter_misc":{"Gesch\u00e4tzte Lesezeit":"2\u00a0Minuten"},"schema":{"@context":"https:\/\/schema.org","@graph":[{"@type":"WebPage","@id":"https:\/\/landioustravel.com\/de\/shop\/parasailing-reise-hurghada\/","url":"https:\/\/landioustravel.com\/de\/shop\/parasailing-reise-hurghada\/","name":"Parasailing Reise Hurghada - Buchen - Landious Travel","isPartOf":{"@id":"https:\/\/landioustravel.com\/de\/#website"},"primaryImageOfPage":{"@id":"https:\/\/landioustravel.com\/de\/shop\/parasailing-reise-hurghada\/#primaryimage"},"image":{"@id":"https:\/\/landioustravel.com\/de\/shop\/parasailing-reise-hurghada\/#primaryimage"},"thumbnailUrl":"https:\/\/i0.wp.com\/landioustravel.com\/wp-content\/uploads\/2019\/06\/Parasailing-in-Hurghada-e1669070143748.jpg?fit=1201%2C675&ssl=1","datePublished":"2019-06-12T09:04:26+00:00","dateModified":"2024-04-15T17:15:02+00:00","description":"Parasailing Reise Hurghada Wir empfehlen den Ausflug, weil es Touristen erlaubt, eine gute Zeit am Meer zu haben! pries, programm","breadcrumb":{"@id":"https:\/\/landioustravel.com\/de\/shop\/parasailing-reise-hurghada\/#breadcrumb"},"inLanguage":"de","potentialAction":[{"@type":"ReadAction","target":["https:\/\/landioustravel.com\/de\/shop\/parasailing-reise-hurghada\/"]}]},{"@type":"ImageObject","inLanguage":"de","@id":"https:\/\/landioustravel.com\/de\/shop\/parasailing-reise-hurghada\/#primaryimage","url":"https:\/\/i0.wp.com\/landioustravel.com\/wp-content\/uploads\/2019\/06\/Parasailing-in-Hurghada-e1669070143748.jpg?fit=1201%2C675&ssl=1","contentUrl":"https:\/\/i0.wp.com\/landioustravel.com\/wp-content\/uploads\/2019\/06\/Parasailing-in-Hurghada-e1669070143748.jpg?fit=1201%2C675&ssl=1","width":1201,"height":675,"caption":"Parasailing in Hurghada"},{"@type":"BreadcrumbList","@id":"https:\/\/landioustravel.com\/de\/shop\/parasailing-reise-hurghada\/#breadcrumb","itemListElement":[{"@type":"ListItem","position":1,"name":"Home","item":"https:\/\/landioustravel.com\/de\/"},{"@type":"ListItem","position":2,"name":"\u00c4gypten Touren","item":"https:\/\/landioustravel.com\/de\/"},{"@type":"ListItem","position":3,"name":"Parasailing Reise Hurghada"}]},{"@type":"WebSite","@id":"https:\/\/landioustravel.com\/de\/#website","url":"https:\/\/landioustravel.com\/de\/","name":"Landious Travel","description":"Excursions, trips and cruises in Egypt","publisher":{"@id":"https:\/\/landioustravel.com\/de\/#organization"},"potentialAction":[{"@type":"SearchAction","target":{"@type":"EntryPoint","urlTemplate":"https:\/\/landioustravel.com\/de\/?s={search_term_string}"},"query-input":{"@type":"PropertyValueSpecification","valueRequired":true,"valueName":"search_term_string"}}],"inLanguage":"de"},{"@type":["Organization","Place"],"@id":"https:\/\/landioustravel.com\/de\/#organization","name":"Landious Travel","alternateName":"Landious Travel","url":"https:\/\/landioustravel.com\/de\/","logo":{"@id":"https:\/\/landioustravel.com\/de\/shop\/parasailing-reise-hurghada\/#local-main-organization-logo"},"image":{"@id":"https:\/\/landioustravel.com\/de\/shop\/parasailing-reise-hurghada\/#local-main-organization-logo"},"sameAs":["https:\/\/web.facebook.com\/landiousEgypt","https:\/\/x.com\/LandiousTours","https:\/\/mastodon.social\/@landious"],"legalName":"Landious Travel","telephone":[],"openingHoursSpecification":[{"@type":"OpeningHoursSpecification","dayOfWeek":["Monday","Tuesday","Wednesday","Thursday","Friday","Saturday","Sunday"],"opens":"09:00","closes":"17:00"}]},{"@type":"ImageObject","inLanguage":"de","@id":"https:\/\/landioustravel.com\/de\/shop\/parasailing-reise-hurghada\/#local-main-organization-logo","url":"https:\/\/i0.wp.com\/landioustravel.com\/wp-content\/uploads\/2021\/06\/Landious-T.png?fit=500%2C500&ssl=1","contentUrl":"https:\/\/i0.wp.com\/landioustravel.com\/wp-content\/uploads\/2021\/06\/Landious-T.png?fit=500%2C500&ssl=1","width":500,"height":500,"caption":"Landious Travel"}]}},"jetpack_publicize_connections":[],"uagb_featured_image_src":{"full":["https:\/\/i0.wp.com\/landioustravel.com\/wp-content\/uploads\/2019\/06\/Parasailing-in-Hurghada-e1669070143748.jpg?fit=1201%2C675&ssl=1",1201,675,false],"thumbnail":["https:\/\/i0.wp.com\/landioustravel.com\/wp-content\/uploads\/2019\/06\/Parasailing-in-Hurghada-e1669070143748.jpg?resize=150%2C150&ssl=1",150,150,true],"medium":["https:\/\/i0.wp.com\/landioustravel.com\/wp-content\/uploads\/2019\/06\/Parasailing-in-Hurghada-e1669070143748.jpg?fit=300%2C169&ssl=1",300,169,true],"medium_large":["https:\/\/i0.wp.com\/landioustravel.com\/wp-content\/uploads\/2019\/06\/Parasailing-in-Hurghada-e1669070143748.jpg?fit=768%2C432&ssl=1",768,432,true],"large":["https:\/\/i0.wp.com\/landioustravel.com\/wp-content\/uploads\/2019\/06\/Parasailing-in-Hurghada-e1669070143748.jpg?fit=980%2C551&ssl=1",980,551,true],"1536x1536":["https:\/\/i0.wp.com\/landioustravel.com\/wp-content\/uploads\/2019\/06\/Parasailing-in-Hurghada-e1669070143748.jpg?fit=1201%2C675&ssl=1",1201,675,true],"2048x2048":["https:\/\/i0.wp.com\/landioustravel.com\/wp-content\/uploads\/2019\/06\/Parasailing-in-Hurghada-e1669070143748.jpg?fit=1201%2C675&ssl=1",1201,675,true],"newspack-article-block-landscape-large":["https:\/\/i0.wp.com\/landioustravel.com\/wp-content\/uploads\/2019\/06\/Parasailing-in-Hurghada-e1669070143748.jpg?resize=1200%2C674&ssl=1",1200,674,true],"newspack-article-block-portrait-large":["https:\/\/i0.wp.com\/landioustravel.com\/wp-content\/uploads\/2019\/06\/Parasailing-in-Hurghada-e1669070143748.jpg?resize=900%2C675&ssl=1",900,675,true],"newspack-article-block-square-large":["https:\/\/i0.wp.com\/landioustravel.com\/wp-content\/uploads\/2019\/06\/Parasailing-in-Hurghada-e1669070143748.jpg?resize=1200%2C674&ssl=1",1200,674,true],"newspack-article-block-landscape-medium":["https:\/\/i0.wp.com\/landioustravel.com\/wp-content\/uploads\/2019\/06\/Parasailing-in-Hurghada-e1669070143748.jpg?resize=800%2C600&ssl=1",800,600,true],"newspack-article-block-portrait-medium":["https:\/\/i0.wp.com\/landioustravel.com\/wp-content\/uploads\/2019\/06\/Parasailing-in-Hurghada-e1669070143748.jpg?resize=600%2C675&ssl=1",600,675,true],"newspack-article-block-square-medium":["https:\/\/i0.wp.com\/landioustravel.com\/wp-content\/uploads\/2019\/06\/Parasailing-in-Hurghada-e1669070143748.jpg?resize=800%2C675&ssl=1",800,675,true],"newspack-article-block-landscape-intermediate":["https:\/\/i0.wp.com\/landioustravel.com\/wp-content\/uploads\/2019\/06\/Parasailing-in-Hurghada-e1669070143748.jpg?resize=600%2C450&ssl=1",600,450,true],"newspack-article-block-portrait-intermediate":["https:\/\/i0.wp.com\/landioustravel.com\/wp-content\/uploads\/2019\/06\/Parasailing-in-Hurghada-e1669070143748.jpg?resize=450%2C600&ssl=1",450,600,true],"newspack-article-block-square-intermediate":["https:\/\/i0.wp.com\/landioustravel.com\/wp-content\/uploads\/2019\/06\/Parasailing-in-Hurghada-e1669070143748.jpg?resize=600%2C600&ssl=1",600,600,true],"newspack-article-block-landscape-small":["https:\/\/i0.wp.com\/landioustravel.com\/wp-content\/uploads\/2019\/06\/Parasailing-in-Hurghada-e1669070143748.jpg?resize=400%2C300&ssl=1",400,300,true],"newspack-article-block-portrait-small":["https:\/\/i0.wp.com\/landioustravel.com\/wp-content\/uploads\/2019\/06\/Parasailing-in-Hurghada-e1669070143748.jpg?resize=300%2C400&ssl=1",300,400,true],"newspack-article-block-square-small":["https:\/\/i0.wp.com\/landioustravel.com\/wp-content\/uploads\/2019\/06\/Parasailing-in-Hurghada-e1669070143748.jpg?resize=400%2C400&ssl=1",400,400,true],"newspack-article-block-landscape-tiny":["https:\/\/i0.wp.com\/landioustravel.com\/wp-content\/uploads\/2019\/06\/Parasailing-in-Hurghada-e1669070143748.jpg?resize=200%2C150&ssl=1",200,150,true],"newspack-article-block-portrait-tiny":["https:\/\/i0.wp.com\/landioustravel.com\/wp-content\/uploads\/2019\/06\/Parasailing-in-Hurghada-e1669070143748.jpg?resize=150%2C200&ssl=1",150,200,true],"newspack-article-block-square-tiny":["https:\/\/i0.wp.com\/landioustravel.com\/wp-content\/uploads\/2019\/06\/Parasailing-in-Hurghada-e1669070143748.jpg?resize=200%2C200&ssl=1",200,200,true],"newspack-article-block-uncropped":["https:\/\/i0.wp.com\/landioustravel.com\/wp-content\/uploads\/2019\/06\/Parasailing-in-Hurghada-e1669070143748.jpg?fit=1200%2C674&ssl=1",1200,674,true],"woocommerce_thumbnail":["https:\/\/i0.wp.com\/landioustravel.com\/wp-content\/uploads\/2019\/06\/Parasailing-in-Hurghada-e1669070143748.jpg?resize=324%2C324&ssl=1",324,324,true],"woocommerce_single":["https:\/\/i0.wp.com\/landioustravel.com\/wp-content\/uploads\/2019\/06\/Parasailing-in-Hurghada-e1669070143748.jpg?fit=416%2C234&ssl=1",416,234,true],"woocommerce_gallery_thumbnail":["https:\/\/i0.wp.com\/landioustravel.com\/wp-content\/uploads\/2019\/06\/Parasailing-in-Hurghada-e1669070143748.jpg?resize=100%2C100&ssl=1",100,100,true]},"uagb_author_info":{"display_name":"Mofreh Landious","author_link":"https:\/\/landioustravel.com\/de\/author\/"},"uagb_comment_info":4,"uagb_excerpt":"Sind Sie bereit f\u00fcr ein aufregendes Erlebnis auf Ihrer Reise nach Hurghada? Stellen Sie sich vor, Sie fliegen an einem Fallschirm durch die Luft und genie\u00dfen die atemberaubende Aussicht auf das Meer und die umliegenden Inseln. Dieses Parasailing-Abenteuer ist perfekt f\u00fcr diejenigen, die einen Adrenalinsto\u00df suchen und gleichzeitig die Einhaltung von Sicherheitsstandards gew\u00e4hrleisten m\u00f6chten. Ob&hellip;","jetpack_sharing_enabled":true,"jetpack_likes_enabled":true,"amp_enabled":true,"_links":{"self":[{"href":"https:\/\/landioustravel.com\/de\/wp-json\/wp\/v2\/product\/8739","targetHints":{"allow":["GET"]}}],"collection":[{"href":"https:\/\/landioustravel.com\/de\/wp-json\/wp\/v2\/product"}],"about":[{"href":"https:\/\/landioustravel.com\/de\/wp-json\/wp\/v2\/types\/product"}],"replies":[{"embeddable":true,"href":"https:\/\/landioustravel.com\/de\/wp-json\/wp\/v2\/comments?post=8739"}],"wp:featuredmedia":[{"embeddable":true,"href":"https:\/\/landioustravel.com\/de\/wp-json\/wp\/v2\/media\/98963"}],"wp:attachment":[{"href":"https:\/\/landioustravel.com\/de\/wp-json\/wp\/v2\/media?parent=8739"}],"wp:term":[{"taxonomy":"product_brand","embeddable":true,"href":"https:\/\/landioustravel.com\/de\/wp-json\/wp\/v2\/product_brand?post=8739"},{"taxonomy":"product_cat","embeddable":true,"href":"https:\/\/landioustravel.com\/de\/wp-json\/wp\/v2\/product_cat?post=8739"},{"taxonomy":"product_tag","embeddable":true,"href":"https:\/\/landioustravel.com\/de\/wp-json\/wp\/v2\/product_tag?post=8739"}],"curies":[{"name":"wp","href":"https:\/\/api.w.org\/{rel}","templated":true}]}}