{"id":8918,"date":"2019-06-13T03:50:22","date_gmt":"2019-06-13T15:00:17","guid":{"rendered":"https:\/\/landioustravel.com\/?post_type=product&#038;p=8918"},"modified":"2026-01-28T19:14:16","modified_gmt":"2026-01-28T17:14:16","slug":"individuelle-reise-minya-hurghada","status":"publish","type":"product","link":"https:\/\/landioustravel.com\/de\/shop\/individuelle-reise-minya-hurghada\/","title":{"rendered":"El Minya Einzelreise Hurghada"},"content":{"rendered":"<p>Es ist eine informative private Tour nach El Minya von <a href=\"https:\/\/landioustravel.com\/de\/hurghada-stadt\/\">Hurghada<\/a>, <a href=\"https:\/\/landioustravel.com\/de\/agypten\/\">\u00c4gypten<\/a>! Wir empfehlen die Reise, da Touristen so eine gro\u00dfe Anzahl alt\u00e4gyptischer Sehensw\u00fcrdigkeiten sehen k\u00f6nnen. Au\u00dferdem k\u00f6nnen Sie viel \u00fcber die Geschichte des alten \u00c4gypten erfahren! ONLINE-BUCHUNG EL MINYA EINZELREISE HURGHADA UND BESTER PREIS!<\/p>\n<h2>H\u00f6hepunkte der El Minya Einzelreise ab Hurghada<\/h2>\n<ul>\n<li>Tuneh El-Gabel.<\/li>\n<li>Tell Al Amarna.<\/li>\n<li>Mittagessen.<\/li>\n<li>Auch Beni Hassan Gr\u00e4ber.<\/li>\n<\/ul>\n<h3>Programm der El-Minya Tour<\/h3>\n<ul>\n<li>Der Vertreter von Landious Travel holt Sie gegen 04:00 Uhr vom Hotel in Hurghada ab.<\/li>\n<li>Nachdem Sie abgeholt wurden, f\u00e4hrt der Bus (Limousine oder Kleinbus) in Richtung El-Minya, vorbei an den St\u00e4dten Ras Shukeir und Ras Ghareb. Diese St\u00e4dte liegen n\u00f6rdlich von Hurghada an der K\u00fcste des Roten Meeres. Der Weg vom Zentrum von Hurghada nach El-Minya dauert ungef\u00e4hr 5 Stunden.<\/li>\n<\/ul>\n<h4 style=\"text-align: center;\">Beni Hassan Gr\u00e4ber<\/h4>\n<ul>\n<li>Sobald Sie in El Minya ankommen, zeigen wir Ihnen Beni Hassan, in dem sich fast 40 Gr\u00e4ber aus der 11. und 12. Dynastie befinden. Diese Gr\u00e4ber sind das Grab von Baqet, der Gouverneur und Soldat war, das zweite f\u00fcr seinen Sohn Khety, das dritte von Amenemhat und das vierte f\u00fcr Khunumhotep, den Nachfolger von K\u00f6nig Amenemhat.<\/li>\n<li>Die n\u00e4chste Station ist das Restaurant. Dort k\u00f6nnen Sie ein k\u00f6stliches Mittagessen genie\u00dfen.<\/li>\n<li>Anschlie\u00dfend setzen Sie die individuelle Reise in das Gebiet Thunfisch El Gabel fort, das das kulturelle Zentrum war, in dem Pilger Gott Thot huldigten.<\/li>\n<\/ul>\n<h5 style=\"text-align: center;\">Tell El Amarna Stadt<\/h5>\n<ul>\n<li>Danach werden Sie nach Tell El Amarna gebracht, wo K\u00f6nig Ikhnaton und seine Frau K\u00f6nigin Nofretete diese Stadt als Widmung an den Kult des neuen Gottes Aton gr\u00fcndeten.<\/li>\n<\/ul>\n<h6 style=\"text-align: center;\">Abfahrt nach Hurghada<\/h6>\n<ul>\n<li>Schlie\u00dflich f\u00e4hrt unser Bus nach einem solchen Programm in der wundersch\u00f6nen Stadt El Minya zur\u00fcck nach Hurghada.<\/li>\n<li>Diese private Reise von <a href=\"https:\/\/www.google.de\/maps\/place\/Hurghada,+Al-Bahr+al-ahmar\/@27.1928369,33.5015083,10z\/data=!3m1!4b1!4m5!3m4!1s0x145287b2cd3dbbb3:0x2db807f98bd3c360!8m2!3d27.2578957!4d33.8116067\" target=\"_blank\" rel=\"noopener\">Hurghada<\/a> nach El Minya endet gegen 20:00 Uhr.<\/li>\n<\/ul>\n<h4>Was beinhaltet der Preis f\u00fcr die Einzelreise nach El Minya in Hurghada?<\/h4>\n<ul>\n<li>Tickets f\u00fcr Tempelbesuche in El-Minya.<\/li>\n<li>Mittagessen.<\/li>\n<li>Getr\u00e4nke.<\/li>\n<li>Privater F\u00fchrer.<\/li>\n<li>Auch privates Fahrzeug nach El-Minya und zur\u00fcck zum Hotel.<\/li>\n<\/ul>\n<p>Was beinhaltet das El Minya Einzelreise Hurghada Programm nicht?<\/p>\n<ul>\n<li>Zus\u00e4tzliche Ausflugsprogramme, falls nicht im oben genannten Programm enthalten.<\/li>\n<\/ul>\n<h6>Was nehmen Sie f\u00fcr die Tour mit?<\/h6>\n<ul>\n<li>Fr\u00fchst\u00fccksbox.<\/li>\n<li>Auch Kleidung f\u00fcr die Saison.<\/li>\n<\/ul>\n<h6>El Minya Einzelreise Hurghada Buchungstage<\/h6>\n<ul>\n<li>T\u00e4glich von 04:00 bis 20:00 Uhr.<\/li>\n<\/ul>\n","protected":false},"excerpt":{"rendered":"<p>Wenn Sie auf der Suche nach einem einzigartigen Abenteuer abseits der ausgetretenen Pfade sind, sollten Sie einen Tagesausflug von Kairo nach El Minya in Betracht ziehen. Unser professioneller Reiseleiter wird Sie bei jedem Schritt begleiten, um sicherzustellen, dass Ihre Reise sicher und angenehm ist. W\u00e4hrend Ihrer Reise haben Sie die M\u00f6glichkeit, mehrere historische St\u00e4tten zu besuchen, darunter Tuna El Gabal, El Ashmunein, Beni Hassan und Tell el-Amarna. Ihr privater Reiseleiter und Fahrer holt Sie von Ihrem Hotel in Kairo oder Gizeh ab und Sie werden bequem zu Ihren Zielen gefahren. Wir verstehen, dass Reisen erm\u00fcdend sein kann, deshalb sorgen wir daf\u00fcr, dass Sie die M\u00f6glichkeit haben, sich auszuruhen und ein leckeres Mittagessen in einem lokalen Restaurant zu genie\u00dfen. Verpassen Sie nicht die Gelegenheit, auf dieser unvergesslichen Tour die reiche Geschichte und Kultur von El Minya zu erleben.<\/p>\n","protected":false},"featured_media":8870,"comment_status":"open","ping_status":"closed","template":"","meta":{"_coblocks_attr":"","_coblocks_dimensions":"","_coblocks_responsive_height":"","_coblocks_accordion_ie_support":"","_uag_custom_page_level_css":"","jetpack_post_was_ever_published":false,"jetpack_publicize_message":"","jetpack_publicize_feature_enabled":true,"jetpack_social_post_already_shared":true,"jetpack_social_options":{"image_generator_settings":{"template":"highway","default_image_id":0,"font":"","enabled":false},"version":2},"_wpas_customize_per_network":false},"product_brand":[],"product_cat":[1601,22518,22097,20163,8563],"product_tag":[2143,1653,9906],"class_list":{"0":"post-8918","1":"product","2":"type-product","3":"status-publish","4":"has-post-thumbnail","6":"product_cat-historische-ausfluge-hurghada","7":"product_cat-hurghada-ausfluege-minya","8":"product_cat-hurghada-familienausfluege","9":"product_cat-hurghada-private-besichtigungstouren","10":"product_cat-individuelle-ausfluege-hurghada","11":"product_tag-ausfluge-von-hurghada","12":"product_tag-ausflug","13":"product_tag-besichtigung","15":"first","16":"instock","17":"sale","18":"taxable","19":"shipping-taxable","20":"purchasable","21":"product-type-variable"},"yoast_head":"<!-- This site is optimized with the Yoast SEO Premium plugin v26.9 (Yoast SEO v27.3) - https:\/\/yoast.com\/product\/yoast-seo-premium-wordpress\/ -->\n<title>El Minya Einzelreise Hurghada - Buchen - Landious Travel<\/title>\n<meta name=\"description\" content=\"El Minya Einzelreise Hurghada Wir empfehlen den Ausflug, da Touristen eine gro\u00dfe Anzahl an alt\u00e4gyptischen Sehensw\u00fcrdigkeiten sehen k\u00f6nnen\" \/>\n<meta name=\"robots\" content=\"index, follow, max-snippet:-1, max-image-preview:large, max-video-preview:-1\" \/>\n<link rel=\"canonical\" href=\"https:\/\/landioustravel.com\/de\/shop\/individuelle-reise-minya-hurghada\/\" \/>\n<meta property=\"og:locale\" content=\"de_DE\" \/>\n<meta property=\"og:type\" content=\"article\" \/>\n<meta property=\"og:title\" content=\"El Minya Einzelreise Hurghada\" \/>\n<meta property=\"og:description\" content=\"Landious Travel\" \/>\n<meta property=\"og:url\" content=\"https:\/\/landioustravel.com\/de\/shop\/individuelle-reise-minya-hurghada\/\" \/>\n<meta property=\"og:site_name\" content=\"Landious Travel\" \/>\n<meta property=\"article:publisher\" content=\"https:\/\/web.facebook.com\/landiousEgypt\" \/>\n<meta property=\"article:modified_time\" content=\"2026-01-28T17:14:16+00:00\" \/>\n<meta property=\"og:image\" content=\"https:\/\/i0.wp.com\/landioustravel.com\/wp-content\/uploads\/2019\/06\/trip_el_minya_from_hurghada.jpg?fit=1155%2C650&ssl=1\" \/>\n\t<meta property=\"og:image:width\" content=\"1155\" \/>\n\t<meta property=\"og:image:height\" content=\"650\" \/>\n\t<meta property=\"og:image:type\" content=\"image\/jpeg\" \/>\n<meta name=\"twitter:card\" content=\"summary_large_image\" \/>\n<meta name=\"twitter:site\" content=\"@LandiousTours\" \/>\n<meta name=\"twitter:label1\" content=\"Gesch\u00e4tzte Lesezeit\" \/>\n\t<meta name=\"twitter:data1\" content=\"2\u00a0Minuten\" \/>\n<script type=\"application\/ld+json\" class=\"yoast-schema-graph\">{\"@context\":\"https:\\\/\\\/schema.org\",\"@graph\":[{\"@type\":\"WebPage\",\"@id\":\"https:\\\/\\\/landioustravel.com\\\/de\\\/shop\\\/individuelle-reise-minya-hurghada\\\/\",\"url\":\"https:\\\/\\\/landioustravel.com\\\/de\\\/shop\\\/individuelle-reise-minya-hurghada\\\/\",\"name\":\"El Minya Einzelreise Hurghada - Buchen - Landious Travel\",\"isPartOf\":{\"@id\":\"https:\\\/\\\/landioustravel.com\\\/de\\\/#website\"},\"primaryImageOfPage\":{\"@id\":\"https:\\\/\\\/landioustravel.com\\\/de\\\/shop\\\/individuelle-reise-minya-hurghada\\\/#primaryimage\"},\"image\":{\"@id\":\"https:\\\/\\\/landioustravel.com\\\/de\\\/shop\\\/individuelle-reise-minya-hurghada\\\/#primaryimage\"},\"thumbnailUrl\":\"https:\\\/\\\/i0.wp.com\\\/landioustravel.com\\\/wp-content\\\/uploads\\\/2019\\\/06\\\/trip_el_minya_from_hurghada.jpg?fit=1155%2C650&ssl=1\",\"datePublished\":\"2019-06-13T15:00:17+00:00\",\"dateModified\":\"2026-01-28T17:14:16+00:00\",\"description\":\"El Minya Einzelreise Hurghada Wir empfehlen den Ausflug, da Touristen eine gro\u00dfe Anzahl an alt\u00e4gyptischen Sehensw\u00fcrdigkeiten sehen k\u00f6nnen\",\"breadcrumb\":{\"@id\":\"https:\\\/\\\/landioustravel.com\\\/de\\\/shop\\\/individuelle-reise-minya-hurghada\\\/#breadcrumb\"},\"inLanguage\":\"de\",\"potentialAction\":[{\"@type\":\"ReadAction\",\"target\":[\"https:\\\/\\\/landioustravel.com\\\/de\\\/shop\\\/individuelle-reise-minya-hurghada\\\/\"]}]},{\"@type\":\"ImageObject\",\"inLanguage\":\"de\",\"@id\":\"https:\\\/\\\/landioustravel.com\\\/de\\\/shop\\\/individuelle-reise-minya-hurghada\\\/#primaryimage\",\"url\":\"https:\\\/\\\/i0.wp.com\\\/landioustravel.com\\\/wp-content\\\/uploads\\\/2019\\\/06\\\/trip_el_minya_from_hurghada.jpg?fit=1155%2C650&ssl=1\",\"contentUrl\":\"https:\\\/\\\/i0.wp.com\\\/landioustravel.com\\\/wp-content\\\/uploads\\\/2019\\\/06\\\/trip_el_minya_from_hurghada.jpg?fit=1155%2C650&ssl=1\",\"width\":1155,\"height\":650,\"caption\":\"Individual Trip to El Minya from Hurghada\"},{\"@type\":\"BreadcrumbList\",\"@id\":\"https:\\\/\\\/landioustravel.com\\\/de\\\/shop\\\/individuelle-reise-minya-hurghada\\\/#breadcrumb\",\"itemListElement\":[{\"@type\":\"ListItem\",\"position\":1,\"name\":\"Home\",\"item\":\"https:\\\/\\\/landioustravel.com\\\/de\\\/\"},{\"@type\":\"ListItem\",\"position\":2,\"name\":\"\u00c4gypten Touren\",\"item\":\"https:\\\/\\\/landioustravel.com\\\/de\\\/\"},{\"@type\":\"ListItem\",\"position\":3,\"name\":\"El Minya Einzelreise Hurghada\"}]},{\"@type\":\"WebSite\",\"@id\":\"https:\\\/\\\/landioustravel.com\\\/de\\\/#website\",\"url\":\"https:\\\/\\\/landioustravel.com\\\/de\\\/\",\"name\":\"Landious Travel\",\"description\":\"Excursions, trips and cruises in Egypt\",\"publisher\":{\"@id\":\"https:\\\/\\\/landioustravel.com\\\/de\\\/#organization\"},\"potentialAction\":[{\"@type\":\"SearchAction\",\"target\":{\"@type\":\"EntryPoint\",\"urlTemplate\":\"https:\\\/\\\/landioustravel.com\\\/de\\\/?s={search_term_string}\"},\"query-input\":{\"@type\":\"PropertyValueSpecification\",\"valueRequired\":true,\"valueName\":\"search_term_string\"}}],\"inLanguage\":\"de\"},{\"@type\":[\"Organization\",\"Place\"],\"@id\":\"https:\\\/\\\/landioustravel.com\\\/de\\\/#organization\",\"name\":\"Landious Travel\",\"alternateName\":\"Landious Travel\",\"url\":\"https:\\\/\\\/landioustravel.com\\\/de\\\/\",\"logo\":{\"@id\":\"https:\\\/\\\/landioustravel.com\\\/de\\\/shop\\\/individuelle-reise-minya-hurghada\\\/#local-main-organization-logo\"},\"image\":{\"@id\":\"https:\\\/\\\/landioustravel.com\\\/de\\\/shop\\\/individuelle-reise-minya-hurghada\\\/#local-main-organization-logo\"},\"sameAs\":[\"https:\\\/\\\/web.facebook.com\\\/landiousEgypt\",\"https:\\\/\\\/x.com\\\/LandiousTours\",\"https:\\\/\\\/mastodon.social\\\/@landious\"],\"legalName\":\"Landious Travel\",\"telephone\":[],\"openingHoursSpecification\":[{\"@type\":\"OpeningHoursSpecification\",\"dayOfWeek\":[\"Monday\",\"Tuesday\",\"Wednesday\",\"Thursday\",\"Friday\",\"Saturday\",\"Sunday\"],\"opens\":\"09:00\",\"closes\":\"17:00\"}]},{\"@type\":\"ImageObject\",\"inLanguage\":\"de\",\"@id\":\"https:\\\/\\\/landioustravel.com\\\/de\\\/shop\\\/individuelle-reise-minya-hurghada\\\/#local-main-organization-logo\",\"url\":\"https:\\\/\\\/i0.wp.com\\\/landioustravel.com\\\/wp-content\\\/uploads\\\/2021\\\/06\\\/Landious-T.png?fit=500%2C500&ssl=1\",\"contentUrl\":\"https:\\\/\\\/i0.wp.com\\\/landioustravel.com\\\/wp-content\\\/uploads\\\/2021\\\/06\\\/Landious-T.png?fit=500%2C500&ssl=1\",\"width\":500,\"height\":500,\"caption\":\"Landious Travel\"}]}<\/script>\n<!-- \/ Yoast SEO Premium plugin. -->","yoast_head_json":{"title":"El Minya Einzelreise Hurghada - Buchen - Landious Travel","description":"El Minya Einzelreise Hurghada Wir empfehlen den Ausflug, da Touristen eine gro\u00dfe Anzahl an alt\u00e4gyptischen Sehensw\u00fcrdigkeiten sehen k\u00f6nnen","robots":{"index":"index","follow":"follow","max-snippet":"max-snippet:-1","max-image-preview":"max-image-preview:large","max-video-preview":"max-video-preview:-1"},"canonical":"https:\/\/landioustravel.com\/de\/shop\/individuelle-reise-minya-hurghada\/","og_locale":"de_DE","og_type":"article","og_title":"El Minya Einzelreise Hurghada","og_description":"Landious Travel","og_url":"https:\/\/landioustravel.com\/de\/shop\/individuelle-reise-minya-hurghada\/","og_site_name":"Landious Travel","article_publisher":"https:\/\/web.facebook.com\/landiousEgypt","article_modified_time":"2026-01-28T17:14:16+00:00","og_image":[{"width":1155,"height":650,"url":"https:\/\/i0.wp.com\/landioustravel.com\/wp-content\/uploads\/2019\/06\/trip_el_minya_from_hurghada.jpg?fit=1155%2C650&ssl=1","type":"image\/jpeg"}],"twitter_card":"summary_large_image","twitter_site":"@LandiousTours","twitter_misc":{"Gesch\u00e4tzte Lesezeit":"2\u00a0Minuten"},"schema":{"@context":"https:\/\/schema.org","@graph":[{"@type":"WebPage","@id":"https:\/\/landioustravel.com\/de\/shop\/individuelle-reise-minya-hurghada\/","url":"https:\/\/landioustravel.com\/de\/shop\/individuelle-reise-minya-hurghada\/","name":"El Minya Einzelreise Hurghada - Buchen - Landious Travel","isPartOf":{"@id":"https:\/\/landioustravel.com\/de\/#website"},"primaryImageOfPage":{"@id":"https:\/\/landioustravel.com\/de\/shop\/individuelle-reise-minya-hurghada\/#primaryimage"},"image":{"@id":"https:\/\/landioustravel.com\/de\/shop\/individuelle-reise-minya-hurghada\/#primaryimage"},"thumbnailUrl":"https:\/\/i0.wp.com\/landioustravel.com\/wp-content\/uploads\/2019\/06\/trip_el_minya_from_hurghada.jpg?fit=1155%2C650&ssl=1","datePublished":"2019-06-13T15:00:17+00:00","dateModified":"2026-01-28T17:14:16+00:00","description":"El Minya Einzelreise Hurghada Wir empfehlen den Ausflug, da Touristen eine gro\u00dfe Anzahl an alt\u00e4gyptischen Sehensw\u00fcrdigkeiten sehen k\u00f6nnen","breadcrumb":{"@id":"https:\/\/landioustravel.com\/de\/shop\/individuelle-reise-minya-hurghada\/#breadcrumb"},"inLanguage":"de","potentialAction":[{"@type":"ReadAction","target":["https:\/\/landioustravel.com\/de\/shop\/individuelle-reise-minya-hurghada\/"]}]},{"@type":"ImageObject","inLanguage":"de","@id":"https:\/\/landioustravel.com\/de\/shop\/individuelle-reise-minya-hurghada\/#primaryimage","url":"https:\/\/i0.wp.com\/landioustravel.com\/wp-content\/uploads\/2019\/06\/trip_el_minya_from_hurghada.jpg?fit=1155%2C650&ssl=1","contentUrl":"https:\/\/i0.wp.com\/landioustravel.com\/wp-content\/uploads\/2019\/06\/trip_el_minya_from_hurghada.jpg?fit=1155%2C650&ssl=1","width":1155,"height":650,"caption":"Individual Trip to El Minya from Hurghada"},{"@type":"BreadcrumbList","@id":"https:\/\/landioustravel.com\/de\/shop\/individuelle-reise-minya-hurghada\/#breadcrumb","itemListElement":[{"@type":"ListItem","position":1,"name":"Home","item":"https:\/\/landioustravel.com\/de\/"},{"@type":"ListItem","position":2,"name":"\u00c4gypten Touren","item":"https:\/\/landioustravel.com\/de\/"},{"@type":"ListItem","position":3,"name":"El Minya Einzelreise Hurghada"}]},{"@type":"WebSite","@id":"https:\/\/landioustravel.com\/de\/#website","url":"https:\/\/landioustravel.com\/de\/","name":"Landious Travel","description":"Excursions, trips and cruises in Egypt","publisher":{"@id":"https:\/\/landioustravel.com\/de\/#organization"},"potentialAction":[{"@type":"SearchAction","target":{"@type":"EntryPoint","urlTemplate":"https:\/\/landioustravel.com\/de\/?s={search_term_string}"},"query-input":{"@type":"PropertyValueSpecification","valueRequired":true,"valueName":"search_term_string"}}],"inLanguage":"de"},{"@type":["Organization","Place"],"@id":"https:\/\/landioustravel.com\/de\/#organization","name":"Landious Travel","alternateName":"Landious Travel","url":"https:\/\/landioustravel.com\/de\/","logo":{"@id":"https:\/\/landioustravel.com\/de\/shop\/individuelle-reise-minya-hurghada\/#local-main-organization-logo"},"image":{"@id":"https:\/\/landioustravel.com\/de\/shop\/individuelle-reise-minya-hurghada\/#local-main-organization-logo"},"sameAs":["https:\/\/web.facebook.com\/landiousEgypt","https:\/\/x.com\/LandiousTours","https:\/\/mastodon.social\/@landious"],"legalName":"Landious Travel","telephone":[],"openingHoursSpecification":[{"@type":"OpeningHoursSpecification","dayOfWeek":["Monday","Tuesday","Wednesday","Thursday","Friday","Saturday","Sunday"],"opens":"09:00","closes":"17:00"}]},{"@type":"ImageObject","inLanguage":"de","@id":"https:\/\/landioustravel.com\/de\/shop\/individuelle-reise-minya-hurghada\/#local-main-organization-logo","url":"https:\/\/i0.wp.com\/landioustravel.com\/wp-content\/uploads\/2021\/06\/Landious-T.png?fit=500%2C500&ssl=1","contentUrl":"https:\/\/i0.wp.com\/landioustravel.com\/wp-content\/uploads\/2021\/06\/Landious-T.png?fit=500%2C500&ssl=1","width":500,"height":500,"caption":"Landious Travel"}]}},"jetpack_publicize_connections":[],"uagb_featured_image_src":{"full":["https:\/\/i0.wp.com\/landioustravel.com\/wp-content\/uploads\/2019\/06\/trip_el_minya_from_hurghada.jpg?fit=1155%2C650&ssl=1",1155,650,false],"thumbnail":["https:\/\/i0.wp.com\/landioustravel.com\/wp-content\/uploads\/2019\/06\/trip_el_minya_from_hurghada.jpg?resize=150%2C150&ssl=1",150,150,true],"medium":["https:\/\/i0.wp.com\/landioustravel.com\/wp-content\/uploads\/2019\/06\/trip_el_minya_from_hurghada.jpg?fit=300%2C169&ssl=1",300,169,true],"medium_large":["https:\/\/i0.wp.com\/landioustravel.com\/wp-content\/uploads\/2019\/06\/trip_el_minya_from_hurghada.jpg?fit=768%2C432&ssl=1",768,432,true],"large":["https:\/\/i0.wp.com\/landioustravel.com\/wp-content\/uploads\/2019\/06\/trip_el_minya_from_hurghada.jpg?fit=980%2C551&ssl=1",980,551,true],"1536x1536":["https:\/\/i0.wp.com\/landioustravel.com\/wp-content\/uploads\/2019\/06\/trip_el_minya_from_hurghada.jpg?fit=1155%2C650&ssl=1",1155,650,true],"2048x2048":["https:\/\/i0.wp.com\/landioustravel.com\/wp-content\/uploads\/2019\/06\/trip_el_minya_from_hurghada.jpg?fit=1155%2C650&ssl=1",1155,650,true],"newspack-article-block-landscape-large":["https:\/\/i0.wp.com\/landioustravel.com\/wp-content\/uploads\/2019\/06\/trip_el_minya_from_hurghada.jpg?resize=1155%2C650&ssl=1",1155,650,true],"newspack-article-block-portrait-large":["https:\/\/i0.wp.com\/landioustravel.com\/wp-content\/uploads\/2019\/06\/trip_el_minya_from_hurghada.jpg?resize=900%2C650&ssl=1",900,650,true],"newspack-article-block-square-large":["https:\/\/i0.wp.com\/landioustravel.com\/wp-content\/uploads\/2019\/06\/trip_el_minya_from_hurghada.jpg?resize=1155%2C650&ssl=1",1155,650,true],"newspack-article-block-landscape-medium":["https:\/\/i0.wp.com\/landioustravel.com\/wp-content\/uploads\/2019\/06\/trip_el_minya_from_hurghada.jpg?resize=800%2C600&ssl=1",800,600,true],"newspack-article-block-portrait-medium":["https:\/\/i0.wp.com\/landioustravel.com\/wp-content\/uploads\/2019\/06\/trip_el_minya_from_hurghada.jpg?resize=600%2C650&ssl=1",600,650,true],"newspack-article-block-square-medium":["https:\/\/i0.wp.com\/landioustravel.com\/wp-content\/uploads\/2019\/06\/trip_el_minya_from_hurghada.jpg?resize=800%2C650&ssl=1",800,650,true],"newspack-article-block-landscape-intermediate":["https:\/\/i0.wp.com\/landioustravel.com\/wp-content\/uploads\/2019\/06\/trip_el_minya_from_hurghada.jpg?resize=600%2C450&ssl=1",600,450,true],"newspack-article-block-portrait-intermediate":["https:\/\/i0.wp.com\/landioustravel.com\/wp-content\/uploads\/2019\/06\/trip_el_minya_from_hurghada.jpg?resize=450%2C600&ssl=1",450,600,true],"newspack-article-block-square-intermediate":["https:\/\/i0.wp.com\/landioustravel.com\/wp-content\/uploads\/2019\/06\/trip_el_minya_from_hurghada.jpg?resize=600%2C600&ssl=1",600,600,true],"newspack-article-block-landscape-small":["https:\/\/i0.wp.com\/landioustravel.com\/wp-content\/uploads\/2019\/06\/trip_el_minya_from_hurghada.jpg?resize=400%2C300&ssl=1",400,300,true],"newspack-article-block-portrait-small":["https:\/\/i0.wp.com\/landioustravel.com\/wp-content\/uploads\/2019\/06\/trip_el_minya_from_hurghada.jpg?resize=300%2C400&ssl=1",300,400,true],"newspack-article-block-square-small":["https:\/\/i0.wp.com\/landioustravel.com\/wp-content\/uploads\/2019\/06\/trip_el_minya_from_hurghada.jpg?resize=400%2C400&ssl=1",400,400,true],"newspack-article-block-landscape-tiny":["https:\/\/i0.wp.com\/landioustravel.com\/wp-content\/uploads\/2019\/06\/trip_el_minya_from_hurghada.jpg?resize=200%2C150&ssl=1",200,150,true],"newspack-article-block-portrait-tiny":["https:\/\/i0.wp.com\/landioustravel.com\/wp-content\/uploads\/2019\/06\/trip_el_minya_from_hurghada.jpg?resize=150%2C200&ssl=1",150,200,true],"newspack-article-block-square-tiny":["https:\/\/i0.wp.com\/landioustravel.com\/wp-content\/uploads\/2019\/06\/trip_el_minya_from_hurghada.jpg?resize=200%2C200&ssl=1",200,200,true],"newspack-article-block-uncropped":["https:\/\/i0.wp.com\/landioustravel.com\/wp-content\/uploads\/2019\/06\/trip_el_minya_from_hurghada.jpg?fit=1155%2C650&ssl=1",1155,650,true],"woocommerce_thumbnail":["https:\/\/i0.wp.com\/landioustravel.com\/wp-content\/uploads\/2019\/06\/trip_el_minya_from_hurghada.jpg?resize=324%2C324&ssl=1",324,324,true],"woocommerce_single":["https:\/\/i0.wp.com\/landioustravel.com\/wp-content\/uploads\/2019\/06\/trip_el_minya_from_hurghada.jpg?fit=416%2C234&ssl=1",416,234,true],"woocommerce_gallery_thumbnail":["https:\/\/i0.wp.com\/landioustravel.com\/wp-content\/uploads\/2019\/06\/trip_el_minya_from_hurghada.jpg?resize=100%2C100&ssl=1",100,100,true]},"uagb_author_info":{"display_name":"Mofreh Landious","author_link":"https:\/\/landioustravel.com\/de\/author\/"},"uagb_comment_info":2,"uagb_excerpt":"Wenn Sie auf der Suche nach einem einzigartigen Abenteuer abseits der ausgetretenen Pfade sind, sollten Sie einen Tagesausflug von Kairo nach El Minya in Betracht ziehen. Unser professioneller Reiseleiter wird Sie bei jedem Schritt begleiten, um sicherzustellen, dass Ihre Reise sicher und angenehm ist. W\u00e4hrend Ihrer Reise haben Sie die M\u00f6glichkeit, mehrere historische St\u00e4tten zu&hellip;","jetpack_sharing_enabled":true,"jetpack_likes_enabled":true,"amp_enabled":true,"_links":{"self":[{"href":"https:\/\/landioustravel.com\/de\/wp-json\/wp\/v2\/product\/8918","targetHints":{"allow":["GET"]}}],"collection":[{"href":"https:\/\/landioustravel.com\/de\/wp-json\/wp\/v2\/product"}],"about":[{"href":"https:\/\/landioustravel.com\/de\/wp-json\/wp\/v2\/types\/product"}],"replies":[{"embeddable":true,"href":"https:\/\/landioustravel.com\/de\/wp-json\/wp\/v2\/comments?post=8918"}],"wp:featuredmedia":[{"embeddable":true,"href":"https:\/\/landioustravel.com\/de\/wp-json\/wp\/v2\/media\/8870"}],"wp:attachment":[{"href":"https:\/\/landioustravel.com\/de\/wp-json\/wp\/v2\/media?parent=8918"}],"wp:term":[{"taxonomy":"product_brand","embeddable":true,"href":"https:\/\/landioustravel.com\/de\/wp-json\/wp\/v2\/product_brand?post=8918"},{"taxonomy":"product_cat","embeddable":true,"href":"https:\/\/landioustravel.com\/de\/wp-json\/wp\/v2\/product_cat?post=8918"},{"taxonomy":"product_tag","embeddable":true,"href":"https:\/\/landioustravel.com\/de\/wp-json\/wp\/v2\/product_tag?post=8918"}],"curies":[{"name":"wp","href":"https:\/\/api.w.org\/{rel}","templated":true}]}}