{"id":2134,"date":"2019-02-18T21:06:15","date_gmt":"2019-02-18T19:06:15","guid":{"rendered":"https:\/\/landioustravel.com\/contactos\/"},"modified":"2023-04-24T00:52:42","modified_gmt":"2023-04-23T22:52:42","slug":"contactos","status":"publish","type":"page","link":"https:\/\/landioustravel.com\/es\/contactos\/","title":{"rendered":"Contactos"},"content":{"rendered":"\n<h2 class=\"wp-block-heading\" id=\"h-contactos-landious-travel\">Contactos Landious Travel<\/h2>\n\n\n\n<p>En esta secci\u00f3n, proporcionamos nuestros contactos y le mostramos la mejor manera de comunicarse con nosotros. En general, existen dos canales para contactarnos. Landious Travel tiene una ubicaci\u00f3n f\u00edsica, as\u00ed como una presencia en l\u00ednea. M\u00e1s abajo te damos informaci\u00f3n sobre estos dos canales:<\/p>\n\n\n\n<ul class=\"wp-block-list\">\n<li>Localizacion fisica.<\/li>\n\n\n\n<li>Adem\u00e1s, presencia en l\u00ednea.<\/li>\n<\/ul>\n\n\n\n<h2 class=\"wp-block-heading\">Ubicaci\u00f3n f\u00edsica y direcci\u00f3n<\/h2>\n\n\n\n<p>Landious Travel tiene una ubicaci\u00f3n f\u00edsica en <a href=\"https:\/\/landioustravel.com\/es\/ciudad-hurghada\/\">Hurghada<\/a> y varias ciudades egipcias. Aunque le recomendamos encarecidamente que se ponga en contacto con nosotros a trav\u00e9s de nuestro sitio web o del tel\u00e9fono m\u00f3vil proporcionado. Adem\u00e1s, puede acercarse a nosotros a trav\u00e9s de nuestras p\u00e1ginas de redes sociales. Tenga en cuenta que proporcionamos un representante para que lo reciba en su hotel si hay una gran necesidad de hacerlo.<\/p>\n\n\n\n<h3 class=\"wp-block-heading\">Direcci\u00f3n en Hurghada<\/h3>\n\n\n\n<p><a href=\"https:\/\/landioustravel.com\/es\/egipto\/\">Egipto<\/a>, Hurghada, Sheraton Road, Metro St.,<\/p>\n\n\n\n<div style=\"min-height:400px\" data-map-attr=\"\/qaddress\/q:\/qlandious\/q||\/qlat\/q:\/qundefined\/q||\/qlng\/q:\/qundefined\/q||\/qskin\/q:\/qstandard\/q||\/qzoom\/q:\/q12\/q||\/qiconSize\/q:\/q36\/q||\/qmapTypeControl\/q:\/qtrue\/q||\/qzoomControl\/q:\/qtrue\/q||\/qstreetViewControl\/q:\/qtrue\/q||\/qfullscreenControl\/q:\/qtrue\/q\" class=\"wp-block-coblocks-map\"><iframe title=\"Google Map\" frameborder=\"0\" style=\"width:100%;min-height:400px\" src=\"https:\/\/www.google.com\/maps?q=landious&amp;output=embed&amp;hl=en-US&amp;z=12\"><\/iframe><\/div>\n\n\n\n<h3 class=\"wp-block-heading\">Presencia en l\u00ednea<\/h3>\n\n\n\n<p>El equipo de Landious Travel estar\u00e1 encantado de recibir sus reservas a trav\u00e9s de este sitio web. Lo alentamos mucho a reservar su servicio (viaje, excursi\u00f3n o recorrido) a trav\u00e9s de nuestro sitio agregando el Producto al Carrito y continuando con los procedimientos de pago. Adem\u00e1s, puede contactarnos a nuestro n\u00famero de m\u00f3vil \/ WhatsApp \/ Viber. Adem\u00e1s, tenemos presencia en las redes sociales: Facebook, <a href=\"https:\/\/www.google.com\/maps\/place\/LANDIOUS+TRAVEL\/@27.214958,33.83836,15z\/data=!4m5!3m4!1s0x0:0xf227e58531516b2a!8m2!3d27.214958!4d33.83836\" target=\"_blank\" rel=\"noreferrer noopener\">Google My Business<\/a> y Twitter. Por supuesto, puede utilizar uno de estos canales de redes sociales para conseguirnos.<\/p>\n\n\n\n<h2 class=\"wp-block-heading\">Reservas e informaci\u00f3n<\/h2>\n\n\n\n<ul class=\"wp-block-list\">\n<li>M\u00f3vil: +2 01019611266.<\/li>\n\n\n\n<li>mofreh78eg@gmail.com.<\/li>\n<\/ul>\n\n\n\n<h2 class=\"wp-block-heading\">Persona de contacto<\/h2>\n\n\n\n<ul class=\"wp-block-list\">\n<li>Realizador: Mofreh Landious<\/li>\n\n\n\n<li>Gerente de ventas: Taysseer Zakhary<\/li>\n<\/ul>\n","protected":false},"excerpt":{"rendered":"<p>Landious Travel &#8211; Egypt, Hurghada, Sheraton Street, opposite the hotel Seagull, mofreh78eg@gmail.com, +2 01019611266, +2 01123012284<\/p>\n","protected":false},"author":1,"featured_media":2135,"parent":0,"menu_order":2,"comment_status":"open","ping_status":"closed","template":"","meta":{"_coblocks_attr":"","_coblocks_dimensions":"","_coblocks_responsive_height":"","_coblocks_accordion_ie_support":"","_uag_custom_page_level_css":"","jetpack_post_was_ever_published":false,"footnotes":""},"class_list":["post-2134","page","type-page","status-publish","has-post-thumbnail","hentry"],"yoast_head":"<!-- This site is optimized with the Yoast SEO Premium plugin v26.9 (Yoast SEO v27.3) - https:\/\/yoast.com\/product\/yoast-seo-premium-wordpress\/ -->\n<title>Contactos - Reservas e informaci\u00f3n - Landious Travel<\/title>\n<meta name=\"description\" content=\"Contactos Landious Travel tiene una ubicaci\u00f3n f\u00edsica en Hurghada y varias ciudades egipcias. Aunque le recomendamos encarecidamente que se\" \/>\n<meta name=\"robots\" content=\"index, follow, max-snippet:-1, max-image-preview:large, max-video-preview:-1\" \/>\n<link rel=\"canonical\" href=\"https:\/\/landioustravel.com\/es\/contactos\/\" \/>\n<meta property=\"og:locale\" content=\"es_ES\" \/>\n<meta property=\"og:type\" content=\"article\" \/>\n<meta property=\"og:title\" content=\"Contactos\" \/>\n<meta property=\"og:description\" content=\"Contactos Landious Travel tiene una ubicaci\u00f3n f\u00edsica en Hurghada y varias ciudades egipcias. Aunque le recomendamos encarecidamente que se\" \/>\n<meta property=\"og:url\" content=\"https:\/\/landioustravel.com\/es\/contactos\/\" \/>\n<meta property=\"og:site_name\" content=\"Landious Travel\" \/>\n<meta property=\"article:publisher\" content=\"https:\/\/web.facebook.com\/landiousEgypt\" \/>\n<meta property=\"article:modified_time\" content=\"2023-04-23T22:52:42+00:00\" \/>\n<meta property=\"og:image\" content=\"https:\/\/i0.wp.com\/landioustravel.com\/wp-content\/uploads\/2018\/11\/landious_tours_contacts-3478275303-1542214415582-e1547881639415.jpg?fit=1200%2C675&ssl=1\" \/>\n\t<meta property=\"og:image:width\" content=\"1200\" \/>\n\t<meta property=\"og:image:height\" content=\"675\" \/>\n\t<meta property=\"og:image:type\" content=\"image\/jpeg\" \/>\n<meta name=\"twitter:card\" content=\"summary_large_image\" \/>\n<meta name=\"twitter:site\" content=\"@LandiousTours\" \/>\n<meta name=\"twitter:label1\" content=\"Tiempo de lectura\" \/>\n\t<meta name=\"twitter:data1\" content=\"2 minutos\" \/>\n<script type=\"application\/ld+json\" class=\"yoast-schema-graph\">{\"@context\":\"https:\\\/\\\/schema.org\",\"@graph\":[{\"@type\":\"WebPage\",\"@id\":\"https:\\\/\\\/landioustravel.com\\\/es\\\/contactos\\\/\",\"url\":\"https:\\\/\\\/landioustravel.com\\\/es\\\/contactos\\\/\",\"name\":\"Contactos - Reservas e informaci\u00f3n - Landious Travel\",\"isPartOf\":{\"@id\":\"https:\\\/\\\/landioustravel.com\\\/es\\\/#website\"},\"primaryImageOfPage\":{\"@id\":\"https:\\\/\\\/landioustravel.com\\\/es\\\/contactos\\\/#primaryimage\"},\"image\":{\"@id\":\"https:\\\/\\\/landioustravel.com\\\/es\\\/contactos\\\/#primaryimage\"},\"thumbnailUrl\":\"https:\\\/\\\/i0.wp.com\\\/landioustravel.com\\\/wp-content\\\/uploads\\\/2018\\\/11\\\/landious_tours_contacts-3478275303-1542214415582-e1547881639415.jpg?fit=1200%2C675&ssl=1\",\"datePublished\":\"2019-02-18T19:06:15+00:00\",\"dateModified\":\"2023-04-23T22:52:42+00:00\",\"description\":\"Contactos Landious Travel tiene una ubicaci\u00f3n f\u00edsica en Hurghada y varias ciudades egipcias. Aunque le recomendamos encarecidamente que se\",\"breadcrumb\":{\"@id\":\"https:\\\/\\\/landioustravel.com\\\/es\\\/contactos\\\/#breadcrumb\"},\"inLanguage\":\"es\",\"potentialAction\":[{\"@type\":\"ReadAction\",\"target\":[\"https:\\\/\\\/landioustravel.com\\\/es\\\/contactos\\\/\"]}]},{\"@type\":\"ImageObject\",\"inLanguage\":\"es\",\"@id\":\"https:\\\/\\\/landioustravel.com\\\/es\\\/contactos\\\/#primaryimage\",\"url\":\"https:\\\/\\\/i0.wp.com\\\/landioustravel.com\\\/wp-content\\\/uploads\\\/2018\\\/11\\\/landious_tours_contacts-3478275303-1542214415582-e1547881639415.jpg?fit=1200%2C675&ssl=1\",\"contentUrl\":\"https:\\\/\\\/i0.wp.com\\\/landioustravel.com\\\/wp-content\\\/uploads\\\/2018\\\/11\\\/landious_tours_contacts-3478275303-1542214415582-e1547881639415.jpg?fit=1200%2C675&ssl=1\",\"width\":1200,\"height\":675,\"caption\":\"Contactos\"},{\"@type\":\"BreadcrumbList\",\"@id\":\"https:\\\/\\\/landioustravel.com\\\/es\\\/contactos\\\/#breadcrumb\",\"itemListElement\":[{\"@type\":\"ListItem\",\"position\":1,\"name\":\"Home\",\"item\":\"https:\\\/\\\/landioustravel.com\\\/es\\\/\"},{\"@type\":\"ListItem\",\"position\":2,\"name\":\"Contactos\"}]},{\"@type\":\"WebSite\",\"@id\":\"https:\\\/\\\/landioustravel.com\\\/es\\\/#website\",\"url\":\"https:\\\/\\\/landioustravel.com\\\/es\\\/\",\"name\":\"Landious Travel\",\"description\":\"Tours and Excursions in Egypt\",\"publisher\":{\"@id\":\"https:\\\/\\\/landioustravel.com\\\/es\\\/#organization\"},\"potentialAction\":[{\"@type\":\"SearchAction\",\"target\":{\"@type\":\"EntryPoint\",\"urlTemplate\":\"https:\\\/\\\/landioustravel.com\\\/es\\\/?s={search_term_string}\"},\"query-input\":{\"@type\":\"PropertyValueSpecification\",\"valueRequired\":true,\"valueName\":\"search_term_string\"}}],\"inLanguage\":\"es\"},{\"@type\":[\"Organization\",\"Place\"],\"@id\":\"https:\\\/\\\/landioustravel.com\\\/es\\\/#organization\",\"name\":\"Landious Travel\",\"alternateName\":\"Landious Travel\",\"url\":\"https:\\\/\\\/landioustravel.com\\\/es\\\/\",\"logo\":{\"@id\":\"https:\\\/\\\/landioustravel.com\\\/es\\\/contactos\\\/#local-main-organization-logo\"},\"image\":{\"@id\":\"https:\\\/\\\/landioustravel.com\\\/es\\\/contactos\\\/#local-main-organization-logo\"},\"sameAs\":[\"https:\\\/\\\/web.facebook.com\\\/landiousEgypt\",\"https:\\\/\\\/x.com\\\/LandiousTours\",\"https:\\\/\\\/mastodon.social\\\/@landious\"],\"legalName\":\"Landious Travel\",\"telephone\":[],\"openingHoursSpecification\":[{\"@type\":\"OpeningHoursSpecification\",\"dayOfWeek\":[\"Monday\",\"Tuesday\",\"Wednesday\",\"Thursday\",\"Friday\",\"Saturday\",\"Sunday\"],\"opens\":\"09:00\",\"closes\":\"17:00\"}]},{\"@type\":\"ImageObject\",\"inLanguage\":\"es\",\"@id\":\"https:\\\/\\\/landioustravel.com\\\/es\\\/contactos\\\/#local-main-organization-logo\",\"url\":\"https:\\\/\\\/i0.wp.com\\\/landioustravel.com\\\/wp-content\\\/uploads\\\/2021\\\/06\\\/Landious-T.png?fit=500%2C500&ssl=1\",\"contentUrl\":\"https:\\\/\\\/i0.wp.com\\\/landioustravel.com\\\/wp-content\\\/uploads\\\/2021\\\/06\\\/Landious-T.png?fit=500%2C500&ssl=1\",\"width\":500,\"height\":500,\"caption\":\"Landious Travel\"}]}<\/script>\n<!-- \/ Yoast SEO Premium plugin. -->","yoast_head_json":{"title":"Contactos - Reservas e informaci\u00f3n - Landious Travel","description":"Contactos Landious Travel tiene una ubicaci\u00f3n f\u00edsica en Hurghada y varias ciudades egipcias. Aunque le recomendamos encarecidamente que se","robots":{"index":"index","follow":"follow","max-snippet":"max-snippet:-1","max-image-preview":"max-image-preview:large","max-video-preview":"max-video-preview:-1"},"canonical":"https:\/\/landioustravel.com\/es\/contactos\/","og_locale":"es_ES","og_type":"article","og_title":"Contactos","og_description":"Contactos Landious Travel tiene una ubicaci\u00f3n f\u00edsica en Hurghada y varias ciudades egipcias. Aunque le recomendamos encarecidamente que se","og_url":"https:\/\/landioustravel.com\/es\/contactos\/","og_site_name":"Landious Travel","article_publisher":"https:\/\/web.facebook.com\/landiousEgypt","article_modified_time":"2023-04-23T22:52:42+00:00","og_image":[{"width":1200,"height":675,"url":"https:\/\/i0.wp.com\/landioustravel.com\/wp-content\/uploads\/2018\/11\/landious_tours_contacts-3478275303-1542214415582-e1547881639415.jpg?fit=1200%2C675&ssl=1","type":"image\/jpeg"}],"twitter_card":"summary_large_image","twitter_site":"@LandiousTours","twitter_misc":{"Tiempo de lectura":"2 minutos"},"schema":{"@context":"https:\/\/schema.org","@graph":[{"@type":"WebPage","@id":"https:\/\/landioustravel.com\/es\/contactos\/","url":"https:\/\/landioustravel.com\/es\/contactos\/","name":"Contactos - Reservas e informaci\u00f3n - Landious Travel","isPartOf":{"@id":"https:\/\/landioustravel.com\/es\/#website"},"primaryImageOfPage":{"@id":"https:\/\/landioustravel.com\/es\/contactos\/#primaryimage"},"image":{"@id":"https:\/\/landioustravel.com\/es\/contactos\/#primaryimage"},"thumbnailUrl":"https:\/\/i0.wp.com\/landioustravel.com\/wp-content\/uploads\/2018\/11\/landious_tours_contacts-3478275303-1542214415582-e1547881639415.jpg?fit=1200%2C675&ssl=1","datePublished":"2019-02-18T19:06:15+00:00","dateModified":"2023-04-23T22:52:42+00:00","description":"Contactos Landious Travel tiene una ubicaci\u00f3n f\u00edsica en Hurghada y varias ciudades egipcias. Aunque le recomendamos encarecidamente que se","breadcrumb":{"@id":"https:\/\/landioustravel.com\/es\/contactos\/#breadcrumb"},"inLanguage":"es","potentialAction":[{"@type":"ReadAction","target":["https:\/\/landioustravel.com\/es\/contactos\/"]}]},{"@type":"ImageObject","inLanguage":"es","@id":"https:\/\/landioustravel.com\/es\/contactos\/#primaryimage","url":"https:\/\/i0.wp.com\/landioustravel.com\/wp-content\/uploads\/2018\/11\/landious_tours_contacts-3478275303-1542214415582-e1547881639415.jpg?fit=1200%2C675&ssl=1","contentUrl":"https:\/\/i0.wp.com\/landioustravel.com\/wp-content\/uploads\/2018\/11\/landious_tours_contacts-3478275303-1542214415582-e1547881639415.jpg?fit=1200%2C675&ssl=1","width":1200,"height":675,"caption":"Contactos"},{"@type":"BreadcrumbList","@id":"https:\/\/landioustravel.com\/es\/contactos\/#breadcrumb","itemListElement":[{"@type":"ListItem","position":1,"name":"Home","item":"https:\/\/landioustravel.com\/es\/"},{"@type":"ListItem","position":2,"name":"Contactos"}]},{"@type":"WebSite","@id":"https:\/\/landioustravel.com\/es\/#website","url":"https:\/\/landioustravel.com\/es\/","name":"Landious Travel","description":"Tours and Excursions in Egypt","publisher":{"@id":"https:\/\/landioustravel.com\/es\/#organization"},"potentialAction":[{"@type":"SearchAction","target":{"@type":"EntryPoint","urlTemplate":"https:\/\/landioustravel.com\/es\/?s={search_term_string}"},"query-input":{"@type":"PropertyValueSpecification","valueRequired":true,"valueName":"search_term_string"}}],"inLanguage":"es"},{"@type":["Organization","Place"],"@id":"https:\/\/landioustravel.com\/es\/#organization","name":"Landious Travel","alternateName":"Landious Travel","url":"https:\/\/landioustravel.com\/es\/","logo":{"@id":"https:\/\/landioustravel.com\/es\/contactos\/#local-main-organization-logo"},"image":{"@id":"https:\/\/landioustravel.com\/es\/contactos\/#local-main-organization-logo"},"sameAs":["https:\/\/web.facebook.com\/landiousEgypt","https:\/\/x.com\/LandiousTours","https:\/\/mastodon.social\/@landious"],"legalName":"Landious Travel","telephone":[],"openingHoursSpecification":[{"@type":"OpeningHoursSpecification","dayOfWeek":["Monday","Tuesday","Wednesday","Thursday","Friday","Saturday","Sunday"],"opens":"09:00","closes":"17:00"}]},{"@type":"ImageObject","inLanguage":"es","@id":"https:\/\/landioustravel.com\/es\/contactos\/#local-main-organization-logo","url":"https:\/\/i0.wp.com\/landioustravel.com\/wp-content\/uploads\/2021\/06\/Landious-T.png?fit=500%2C500&ssl=1","contentUrl":"https:\/\/i0.wp.com\/landioustravel.com\/wp-content\/uploads\/2021\/06\/Landious-T.png?fit=500%2C500&ssl=1","width":500,"height":500,"caption":"Landious Travel"}]}},"uagb_featured_image_src":{"full":["https:\/\/i0.wp.com\/landioustravel.com\/wp-content\/uploads\/2018\/11\/landious_tours_contacts-3478275303-1542214415582-e1547881639415.jpg?fit=1200%2C675&ssl=1",1200,675,false],"thumbnail":["https:\/\/i0.wp.com\/landioustravel.com\/wp-content\/uploads\/2018\/11\/landious_tours_contacts-3478275303-1542214415582-e1547881639415.jpg?resize=150%2C150&ssl=1",150,150,true],"medium":["https:\/\/i0.wp.com\/landioustravel.com\/wp-content\/uploads\/2018\/11\/landious_tours_contacts-3478275303-1542214415582-e1547881639415.jpg?fit=300%2C169&ssl=1",300,169,true],"medium_large":["https:\/\/i0.wp.com\/landioustravel.com\/wp-content\/uploads\/2018\/11\/landious_tours_contacts-3478275303-1542214415582-e1547881639415.jpg?fit=768%2C432&ssl=1",768,432,true],"large":["https:\/\/i0.wp.com\/landioustravel.com\/wp-content\/uploads\/2018\/11\/landious_tours_contacts-3478275303-1542214415582-e1547881639415.jpg?fit=980%2C551&ssl=1",980,551,true],"1536x1536":["https:\/\/i0.wp.com\/landioustravel.com\/wp-content\/uploads\/2018\/11\/landious_tours_contacts-3478275303-1542214415582-e1547881639415.jpg?fit=1200%2C675&ssl=1",1200,675,true],"2048x2048":["https:\/\/i0.wp.com\/landioustravel.com\/wp-content\/uploads\/2018\/11\/landious_tours_contacts-3478275303-1542214415582-e1547881639415.jpg?fit=1200%2C675&ssl=1",1200,675,true],"newspack-article-block-landscape-large":["https:\/\/i0.wp.com\/landioustravel.com\/wp-content\/uploads\/2018\/11\/landious_tours_contacts-3478275303-1542214415582-e1547881639415.jpg?resize=1200%2C675&ssl=1",1200,675,true],"newspack-article-block-portrait-large":["https:\/\/i0.wp.com\/landioustravel.com\/wp-content\/uploads\/2018\/11\/landious_tours_contacts-3478275303-1542214415582-e1547881639415.jpg?resize=900%2C675&ssl=1",900,675,true],"newspack-article-block-square-large":["https:\/\/i0.wp.com\/landioustravel.com\/wp-content\/uploads\/2018\/11\/landious_tours_contacts-3478275303-1542214415582-e1547881639415.jpg?resize=1200%2C675&ssl=1",1200,675,true],"newspack-article-block-landscape-medium":["https:\/\/i0.wp.com\/landioustravel.com\/wp-content\/uploads\/2018\/11\/landious_tours_contacts-3478275303-1542214415582-e1547881639415.jpg?resize=800%2C600&ssl=1",800,600,true],"newspack-article-block-portrait-medium":["https:\/\/i0.wp.com\/landioustravel.com\/wp-content\/uploads\/2018\/11\/landious_tours_contacts-3478275303-1542214415582-e1547881639415.jpg?resize=600%2C675&ssl=1",600,675,true],"newspack-article-block-square-medium":["https:\/\/i0.wp.com\/landioustravel.com\/wp-content\/uploads\/2018\/11\/landious_tours_contacts-3478275303-1542214415582-e1547881639415.jpg?resize=800%2C675&ssl=1",800,675,true],"newspack-article-block-landscape-intermediate":["https:\/\/i0.wp.com\/landioustravel.com\/wp-content\/uploads\/2018\/11\/landious_tours_contacts-3478275303-1542214415582-e1547881639415.jpg?resize=600%2C450&ssl=1",600,450,true],"newspack-article-block-portrait-intermediate":["https:\/\/i0.wp.com\/landioustravel.com\/wp-content\/uploads\/2018\/11\/landious_tours_contacts-3478275303-1542214415582-e1547881639415.jpg?resize=450%2C600&ssl=1",450,600,true],"newspack-article-block-square-intermediate":["https:\/\/i0.wp.com\/landioustravel.com\/wp-content\/uploads\/2018\/11\/landious_tours_contacts-3478275303-1542214415582-e1547881639415.jpg?resize=600%2C600&ssl=1",600,600,true],"newspack-article-block-landscape-small":["https:\/\/i0.wp.com\/landioustravel.com\/wp-content\/uploads\/2018\/11\/landious_tours_contacts-3478275303-1542214415582-e1547881639415.jpg?resize=400%2C300&ssl=1",400,300,true],"newspack-article-block-portrait-small":["https:\/\/i0.wp.com\/landioustravel.com\/wp-content\/uploads\/2018\/11\/landious_tours_contacts-3478275303-1542214415582-e1547881639415.jpg?resize=300%2C400&ssl=1",300,400,true],"newspack-article-block-square-small":["https:\/\/i0.wp.com\/landioustravel.com\/wp-content\/uploads\/2018\/11\/landious_tours_contacts-3478275303-1542214415582-e1547881639415.jpg?resize=400%2C400&ssl=1",400,400,true],"newspack-article-block-landscape-tiny":["https:\/\/i0.wp.com\/landioustravel.com\/wp-content\/uploads\/2018\/11\/landious_tours_contacts-3478275303-1542214415582-e1547881639415.jpg?resize=200%2C150&ssl=1",200,150,true],"newspack-article-block-portrait-tiny":["https:\/\/i0.wp.com\/landioustravel.com\/wp-content\/uploads\/2018\/11\/landious_tours_contacts-3478275303-1542214415582-e1547881639415.jpg?resize=150%2C200&ssl=1",150,200,true],"newspack-article-block-square-tiny":["https:\/\/i0.wp.com\/landioustravel.com\/wp-content\/uploads\/2018\/11\/landious_tours_contacts-3478275303-1542214415582-e1547881639415.jpg?resize=200%2C200&ssl=1",200,200,true],"newspack-article-block-uncropped":["https:\/\/i0.wp.com\/landioustravel.com\/wp-content\/uploads\/2018\/11\/landious_tours_contacts-3478275303-1542214415582-e1547881639415.jpg?fit=1200%2C675&ssl=1",1200,675,true],"woocommerce_thumbnail":["https:\/\/i0.wp.com\/landioustravel.com\/wp-content\/uploads\/2018\/11\/landious_tours_contacts-3478275303-1542214415582-e1547881639415.jpg?resize=324%2C324&ssl=1",324,324,true],"woocommerce_single":["https:\/\/i0.wp.com\/landioustravel.com\/wp-content\/uploads\/2018\/11\/landious_tours_contacts-3478275303-1542214415582-e1547881639415.jpg?fit=416%2C234&ssl=1",416,234,true],"woocommerce_gallery_thumbnail":["https:\/\/i0.wp.com\/landioustravel.com\/wp-content\/uploads\/2018\/11\/landious_tours_contacts-3478275303-1542214415582-e1547881639415.jpg?resize=100%2C100&ssl=1",100,100,true]},"uagb_author_info":{"display_name":"Mofreh Landious","author_link":"https:\/\/landioustravel.com\/es\/author\/landious\/"},"uagb_comment_info":2,"uagb_excerpt":"Landious Travel - Egypt, Hurghada, Sheraton Street, opposite the hotel Seagull, mofreh78eg@gmail.com, +2 01019611266, +2 01123012284","jetpack_sharing_enabled":true,"jetpack_shortlink":"https:\/\/wp.me\/Par4r5-yq","jetpack_likes_enabled":true,"amp_enabled":true,"_links":{"self":[{"href":"https:\/\/landioustravel.com\/es\/wp-json\/wp\/v2\/pages\/2134","targetHints":{"allow":["GET"]}}],"collection":[{"href":"https:\/\/landioustravel.com\/es\/wp-json\/wp\/v2\/pages"}],"about":[{"href":"https:\/\/landioustravel.com\/es\/wp-json\/wp\/v2\/types\/page"}],"author":[{"embeddable":true,"href":"https:\/\/landioustravel.com\/es\/wp-json\/wp\/v2\/users\/1"}],"replies":[{"embeddable":true,"href":"https:\/\/landioustravel.com\/es\/wp-json\/wp\/v2\/comments?post=2134"}],"version-history":[{"count":2,"href":"https:\/\/landioustravel.com\/es\/wp-json\/wp\/v2\/pages\/2134\/revisions"}],"predecessor-version":[{"id":141373,"href":"https:\/\/landioustravel.com\/es\/wp-json\/wp\/v2\/pages\/2134\/revisions\/141373"}],"wp:featuredmedia":[{"embeddable":true,"href":"https:\/\/landioustravel.com\/es\/wp-json\/wp\/v2\/media\/2135"}],"wp:attachment":[{"href":"https:\/\/landioustravel.com\/es\/wp-json\/wp\/v2\/media?parent=2134"}],"curies":[{"name":"wp","href":"https:\/\/api.w.org\/{rel}","templated":true}]}}