{"id":3135,"date":"2019-03-22T08:56:24","date_gmt":"2019-03-22T06:56:24","guid":{"rendered":"https:\/\/landioustravel.com\/?page_id=3135"},"modified":"2019-07-12T03:33:16","modified_gmt":"2019-07-12T01:33:16","slug":"templos-egipcios","status":"publish","type":"page","link":"https:\/\/landioustravel.com\/es\/egipto\/templos-egipcios\/","title":{"rendered":"Templos egipcios"},"content":{"rendered":"\n<p><amp-fit-text layout=\"fixed-height\" min-font-size=\"14\" max-font-size=\"48\" height=\"50\">Los antiguos egipcios construyeron sus templos para el culto oficial de <a href=\"https:\/\/landioustravel.com\/es\/egipto\/deidades-egipcias\/\">los dioses<\/a> y la conmemoraci\u00f3n de los faraones. Lo construyeron en el antiguo <a href=\"https:\/\/landioustravel.com\/es\/egipto\/\">Egipto<\/a> y tambi\u00e9n en \u00e1reas bajo control egipcio. Para los antiguos egipcios, estos templos eran moradas de los dioses. Seg\u00fan la antigua religi\u00f3n egipcia, el rey del <a href=\"https:\/\/landioustravel.com\/es\/egipto\/historia-egipto\/historia-egipcia-antigua\/\">antiguo Egipto<\/a> era el hijo de los dioses. Por lo tanto, podemos decir que el antiguo egipcio tambi\u00e9n adoraba al fara\u00f3n de Egipto en estos templos. Dentro de estos templos, los antiguos sacerdotes egipcios realizaban una variedad de rituales.<\/amp-fit-text><\/p>\n\n\n\n<amp-fit-text layout=\"fixed-height\" min-font-size=\"14\" max-font-size=\"48\" height=\"50\"><h2 class=\"wp-block-heading\">Uso de los antiguos templos egipcios<\/h2><\/amp-fit-text>\n\n\n\n<p><amp-fit-text layout=\"fixed-height\" min-font-size=\"14\" max-font-size=\"48\" height=\"50\">El antiguo culto egipcio se centraba en tres elementos importantes: ofrecer sacrificios a los dioses, celebrar festivales religiosos y superar las fuerzas del caos. Estos rituales se consideraron necesarios para que los antiguos dioses egipcios siguieran adhiri\u00e9ndose al \u00abMaat\u00bb, el orden divino del universo. La vivienda y el patrocinio de los dioses eran los deberes de los faraones. Por esta raz\u00f3n, los faraones dedicaron enormes recursos a la construcci\u00f3n y mantenimiento del templo. Por razones de necesidad, los faraones delegaron la mayor parte de sus deberes rituales a un grupo de sacerdotes. La mayor\u00eda de la poblaci\u00f3n no pudo participar directamente en los rituales o ingresar a las \u00e1reas m\u00e1s sagradas del templo. Sin embargo, el templo era un importante sitio religioso para todos los egipcios, que iban all\u00ed para orar, dar ofrendas y buscar la gu\u00eda de los dioses que habitaban en su interior.<\/amp-fit-text><\/p>\n\n\n\n<amp-fit-text layout=\"fixed-height\" min-font-size=\"14\" max-font-size=\"48\" height=\"50\"><h2 class=\"wp-block-heading\">Estructura de los antiguos templos egipcios<\/h2><\/amp-fit-text>\n\n\n\n<p><amp-fit-text layout=\"fixed-height\" min-font-size=\"14\" max-font-size=\"48\" height=\"50\">La parte m\u00e1s sagrada del templo era el santuario, que generalmente contiene una imagen de culto y una estatua de Dios. Las habitaciones exteriores eran m\u00e1s grandes y m\u00e1s elaboradas. Con los templos en desarrollo, el santuario creci\u00f3 con el tiempo desde peque\u00f1os santuarios, en el Egipto prehist\u00f3rico tard\u00edo, hasta los grandes edificios de rocas de piedra, en el reino moderno (1550-1070 aC). Este edificio se encuentra entre los ejemplos m\u00e1s grandes y consistentes de la arquitectura egipcia. Las antiguas arquitecturas egipcias organizaron y decoraron los elementos del edificio de acuerdo con los patrones de complejos s\u00edmbolos religiosos. Su dise\u00f1o t\u00edpico consiste en una serie de pasillos cerrados, canchas abiertas y columnas de entrada contiguas al camino utilizado en las procesiones de festivales.<\/amp-fit-text><\/p>\n\n\n\n<p><amp-fit-text layout=\"fixed-height\" min-font-size=\"14\" max-font-size=\"48\" height=\"50\">Los egipcios continuaron construyendo templos a pesar de la retirada de la naci\u00f3n y la eventual p\u00e9rdida de independencia durante el Imperio Romano en 30 a. Con el advenimiento del cristianismo, la religi\u00f3n tradicional egipcia se enfrent\u00f3 a un abandono cada vez mayor, y las comunidades del templo desaparecieron entre los siglos cuarto y sexto. Los edificios que dejaron atr\u00e1s sufrieron siglos de destrucci\u00f3n y abandono.<\/amp-fit-text><\/p>\n\n\n\n<amp-fit-text layout=\"fixed-height\" min-font-size=\"14\" max-font-size=\"48\" height=\"50\"><h2 class=\"wp-block-heading\">Templos en egipto<\/h2><\/amp-fit-text>\n\n\n\n<p><amp-fit-text layout=\"fixed-height\" min-font-size=\"14\" max-font-size=\"48\" height=\"50\">Aqu\u00ed, estamos enumerando una serie de templos egipcios antiguos. Los ordenamos seg\u00fan su ubicaci\u00f3n desde el sur del pa\u00eds hacia el norte:<\/amp-fit-text><\/p>\n\n\n\n<ul class=\"wp-block-list\"><li><a href=\"https:\/\/landioustravel.com\/es\/egipto\/templos-egipcios\/templos-abu-simbel\/\">Templos de Abu Simbel<\/a><\/li><li><a href=\"https:\/\/landioustravel.com\/es\/egipto\/templos-egipcios\/templo-kalabsha\/\">El templo de kalabsha<\/a><\/li><li><a href=\"https:\/\/landioustravel.com\/es\/egipto\/templos-egipcios\/templos-philae\/\">Templos de philae<\/a><\/li><li><a href=\"https:\/\/landioustravel.com\/es\/egipto\/templos-egipcios\/templo-kom-ombo\/\">Templo de Kom Ombo<\/a><\/li><li><a href=\"https:\/\/landioustravel.com\/es\/egipto\/templos-egipcios\/templo-horus-edfu\/\">Templo de edfu<\/a><\/li><li><a href=\"https:\/\/landioustravel.com\/es\/egipto\/templos-egipcios\/templos-dendera\/\">Los templos de dendera<\/a><\/li><li><a href=\"https:\/\/landioustravel.com\/es\/egipto\/templos-egipcios\/complejo-templo-abydos\/\">Templo de Seti I<\/a><\/li><li><a href=\"https:\/\/landioustravel.com\/es\/egipto\/templos-egipcios\/complejo-templo-abydos\/\">Complejo del templo abydos<\/a><\/li><li><a href=\"https:\/\/landioustravel.com\/es\/egipto\/templos-egipcios\/templo-reina-hatshepsut\/\">Templo de Hatshepsut<\/a><\/li><li>El templo de medinet habu<\/li><li><a href=\"https:\/\/landioustravel.com\/es\/egipto\/templos-egipcios\/templos-karnak\/\">Templo de Karnak<\/a><\/li><li><a href=\"https:\/\/landioustravel.com\/es\/egipto\/templos-egipcios\/templo-luxor\/\">Templo de luxor<\/a><\/li><\/ul>\n","protected":false},"excerpt":{"rendered":"<p>Los templos egipcios fueron construidos para el culto oficial de los dioses y la conmemoraci\u00f3n de los faraones en el antiguo Egipto y las zonas bajo control egipcio. Los antiguos egipcios consideraban que estos templos eran moradas de los dioses a quienes estaba dedicado. Es importante recordar que el rey del antiguo Egipto fue considerado el hijo de los dioses. Aqu\u00ed, podemos decir que los templos tambi\u00e9n fueron construidos para adorar a los reyes. Dentro de estos templos, los antiguos sacerdotes egipcios realizaban una variedad de rituales.<\/p>\n","protected":false},"author":1,"featured_media":3107,"parent":2175,"menu_order":3,"comment_status":"open","ping_status":"closed","template":"","meta":{"_coblocks_attr":"","_coblocks_dimensions":"","_coblocks_responsive_height":"","_coblocks_accordion_ie_support":"","_uag_custom_page_level_css":"","footnotes":""},"class_list":["post-3135","page","type-page","status-publish","has-post-thumbnail","hentry"],"yoast_head":"<!-- This site is optimized with the Yoast SEO Premium plugin v26.9 (Yoast SEO v27.5) - https:\/\/yoast.com\/product\/yoast-seo-premium-wordpress\/ -->\n<title>Templos egipcios<\/title>\n<meta name=\"description\" content=\"Los templos egipcios fueron construidos para el culto oficial de los dioses y la conmemoraci\u00f3n de los faraones en el antiguo Egipto y las zonas bajo control\" \/>\n<meta name=\"robots\" content=\"index, follow, max-snippet:-1, max-image-preview:large, max-video-preview:-1\" \/>\n<link rel=\"canonical\" href=\"https:\/\/landioustravel.com\/es\/egipto\/templos-egipcios\/\" \/>\n<meta property=\"og:locale\" content=\"es_ES\" \/>\n<meta property=\"og:type\" content=\"article\" \/>\n<meta property=\"og:title\" content=\"Templos egipcios\" \/>\n<meta property=\"og:description\" content=\"Los templos egipcios fueron construidos para el culto oficial de los dioses y la conmemoraci\u00f3n de los faraones en el antiguo Egipto y las zonas bajo control\" \/>\n<meta property=\"og:url\" content=\"https:\/\/landioustravel.com\/es\/egipto\/templos-egipcios\/\" \/>\n<meta property=\"og:site_name\" content=\"Landious Travel\" \/>\n<meta property=\"article:publisher\" content=\"https:\/\/web.facebook.com\/landiousEgypt\" \/>\n<meta property=\"article:modified_time\" content=\"2019-07-12T01:33:16+00:00\" \/>\n<meta property=\"og:image\" content=\"https:\/\/i0.wp.com\/landioustravel.com\/wp-content\/uploads\/2019\/03\/temple_of_karnak_luxor.jpg?fit=1811%2C1018&ssl=1\" \/>\n\t<meta property=\"og:image:width\" content=\"1811\" \/>\n\t<meta property=\"og:image:height\" content=\"1018\" \/>\n\t<meta property=\"og:image:type\" content=\"image\/jpeg\" \/>\n<meta name=\"twitter:card\" content=\"summary_large_image\" \/>\n<meta name=\"twitter:site\" content=\"@LandiousTours\" \/>\n<meta name=\"twitter:label1\" content=\"Tiempo de lectura\" \/>\n\t<meta name=\"twitter:data1\" content=\"3 minutos\" \/>\n<script type=\"application\/ld+json\" class=\"yoast-schema-graph\">{\"@context\":\"https:\\\/\\\/schema.org\",\"@graph\":[{\"@type\":\"WebPage\",\"@id\":\"https:\\\/\\\/landioustravel.com\\\/es\\\/egipto\\\/templos-egipcios\\\/\",\"url\":\"https:\\\/\\\/landioustravel.com\\\/es\\\/egipto\\\/templos-egipcios\\\/\",\"name\":\"Templos egipcios\",\"isPartOf\":{\"@id\":\"https:\\\/\\\/landioustravel.com\\\/es\\\/#website\"},\"primaryImageOfPage\":{\"@id\":\"https:\\\/\\\/landioustravel.com\\\/es\\\/egipto\\\/templos-egipcios\\\/#primaryimage\"},\"image\":{\"@id\":\"https:\\\/\\\/landioustravel.com\\\/es\\\/egipto\\\/templos-egipcios\\\/#primaryimage\"},\"thumbnailUrl\":\"https:\\\/\\\/i0.wp.com\\\/landioustravel.com\\\/wp-content\\\/uploads\\\/2019\\\/03\\\/temple_of_karnak_luxor.jpg?fit=1811%2C1018&ssl=1\",\"datePublished\":\"2019-03-22T06:56:24+00:00\",\"dateModified\":\"2019-07-12T01:33:16+00:00\",\"description\":\"Los templos egipcios fueron construidos para el culto oficial de los dioses y la conmemoraci\u00f3n de los faraones en el antiguo Egipto y las zonas bajo control\",\"breadcrumb\":{\"@id\":\"https:\\\/\\\/landioustravel.com\\\/es\\\/egipto\\\/templos-egipcios\\\/#breadcrumb\"},\"inLanguage\":\"es\",\"potentialAction\":[{\"@type\":\"ReadAction\",\"target\":[\"https:\\\/\\\/landioustravel.com\\\/es\\\/egipto\\\/templos-egipcios\\\/\"]}]},{\"@type\":\"ImageObject\",\"inLanguage\":\"es\",\"@id\":\"https:\\\/\\\/landioustravel.com\\\/es\\\/egipto\\\/templos-egipcios\\\/#primaryimage\",\"url\":\"https:\\\/\\\/i0.wp.com\\\/landioustravel.com\\\/wp-content\\\/uploads\\\/2019\\\/03\\\/temple_of_karnak_luxor.jpg?fit=1811%2C1018&ssl=1\",\"contentUrl\":\"https:\\\/\\\/i0.wp.com\\\/landioustravel.com\\\/wp-content\\\/uploads\\\/2019\\\/03\\\/temple_of_karnak_luxor.jpg?fit=1811%2C1018&ssl=1\",\"width\":1811,\"height\":1018,\"caption\":\"Temple of_karnak in Luxor\"},{\"@type\":\"BreadcrumbList\",\"@id\":\"https:\\\/\\\/landioustravel.com\\\/es\\\/egipto\\\/templos-egipcios\\\/#breadcrumb\",\"itemListElement\":[{\"@type\":\"ListItem\",\"position\":1,\"name\":\"Home\",\"item\":\"https:\\\/\\\/landioustravel.com\\\/es\\\/\"},{\"@type\":\"ListItem\",\"position\":2,\"name\":\"Egipto\",\"item\":\"https:\\\/\\\/landioustravel.com\\\/es\\\/egipto\\\/\"},{\"@type\":\"ListItem\",\"position\":3,\"name\":\"Templos egipcios\"}]},{\"@type\":\"WebSite\",\"@id\":\"https:\\\/\\\/landioustravel.com\\\/es\\\/#website\",\"url\":\"https:\\\/\\\/landioustravel.com\\\/es\\\/\",\"name\":\"Landious Travel\",\"description\":\"Tours and Excursions in Egypt\",\"publisher\":{\"@id\":\"https:\\\/\\\/landioustravel.com\\\/es\\\/#organization\"},\"potentialAction\":[{\"@type\":\"SearchAction\",\"target\":{\"@type\":\"EntryPoint\",\"urlTemplate\":\"https:\\\/\\\/landioustravel.com\\\/es\\\/?s={search_term_string}\"},\"query-input\":{\"@type\":\"PropertyValueSpecification\",\"valueRequired\":true,\"valueName\":\"search_term_string\"}}],\"inLanguage\":\"es\"},{\"@type\":[\"Organization\",\"Place\"],\"@id\":\"https:\\\/\\\/landioustravel.com\\\/es\\\/#organization\",\"name\":\"Landious Travel\",\"alternateName\":\"Landious Travel\",\"url\":\"https:\\\/\\\/landioustravel.com\\\/es\\\/\",\"logo\":{\"@id\":\"https:\\\/\\\/landioustravel.com\\\/es\\\/egipto\\\/templos-egipcios\\\/#local-main-organization-logo\"},\"image\":{\"@id\":\"https:\\\/\\\/landioustravel.com\\\/es\\\/egipto\\\/templos-egipcios\\\/#local-main-organization-logo\"},\"sameAs\":[\"https:\\\/\\\/web.facebook.com\\\/landiousEgypt\",\"https:\\\/\\\/x.com\\\/LandiousTours\",\"https:\\\/\\\/mastodon.social\\\/@landious\"],\"legalName\":\"Landious Travel\",\"telephone\":[],\"openingHoursSpecification\":[{\"@type\":\"OpeningHoursSpecification\",\"dayOfWeek\":[\"Monday\",\"Tuesday\",\"Wednesday\",\"Thursday\",\"Friday\",\"Saturday\",\"Sunday\"],\"opens\":\"09:00\",\"closes\":\"17:00\"}]},{\"@type\":\"ImageObject\",\"inLanguage\":\"es\",\"@id\":\"https:\\\/\\\/landioustravel.com\\\/es\\\/egipto\\\/templos-egipcios\\\/#local-main-organization-logo\",\"url\":\"https:\\\/\\\/i0.wp.com\\\/landioustravel.com\\\/wp-content\\\/uploads\\\/2021\\\/06\\\/Landious-T.png?fit=500%2C500&ssl=1\",\"contentUrl\":\"https:\\\/\\\/i0.wp.com\\\/landioustravel.com\\\/wp-content\\\/uploads\\\/2021\\\/06\\\/Landious-T.png?fit=500%2C500&ssl=1\",\"width\":500,\"height\":500,\"caption\":\"Landious Travel\"}]}<\/script>\n<!-- \/ Yoast SEO Premium plugin. -->","yoast_head_json":{"title":"Templos egipcios","description":"Los templos egipcios fueron construidos para el culto oficial de los dioses y la conmemoraci\u00f3n de los faraones en el antiguo Egipto y las zonas bajo control","robots":{"index":"index","follow":"follow","max-snippet":"max-snippet:-1","max-image-preview":"max-image-preview:large","max-video-preview":"max-video-preview:-1"},"canonical":"https:\/\/landioustravel.com\/es\/egipto\/templos-egipcios\/","og_locale":"es_ES","og_type":"article","og_title":"Templos egipcios","og_description":"Los templos egipcios fueron construidos para el culto oficial de los dioses y la conmemoraci\u00f3n de los faraones en el antiguo Egipto y las zonas bajo control","og_url":"https:\/\/landioustravel.com\/es\/egipto\/templos-egipcios\/","og_site_name":"Landious Travel","article_publisher":"https:\/\/web.facebook.com\/landiousEgypt","article_modified_time":"2019-07-12T01:33:16+00:00","og_image":[{"width":1811,"height":1018,"url":"https:\/\/i0.wp.com\/landioustravel.com\/wp-content\/uploads\/2019\/03\/temple_of_karnak_luxor.jpg?fit=1811%2C1018&ssl=1","type":"image\/jpeg"}],"twitter_card":"summary_large_image","twitter_site":"@LandiousTours","twitter_misc":{"Tiempo de lectura":"3 minutos"},"schema":{"@context":"https:\/\/schema.org","@graph":[{"@type":"WebPage","@id":"https:\/\/landioustravel.com\/es\/egipto\/templos-egipcios\/","url":"https:\/\/landioustravel.com\/es\/egipto\/templos-egipcios\/","name":"Templos egipcios","isPartOf":{"@id":"https:\/\/landioustravel.com\/es\/#website"},"primaryImageOfPage":{"@id":"https:\/\/landioustravel.com\/es\/egipto\/templos-egipcios\/#primaryimage"},"image":{"@id":"https:\/\/landioustravel.com\/es\/egipto\/templos-egipcios\/#primaryimage"},"thumbnailUrl":"https:\/\/i0.wp.com\/landioustravel.com\/wp-content\/uploads\/2019\/03\/temple_of_karnak_luxor.jpg?fit=1811%2C1018&ssl=1","datePublished":"2019-03-22T06:56:24+00:00","dateModified":"2019-07-12T01:33:16+00:00","description":"Los templos egipcios fueron construidos para el culto oficial de los dioses y la conmemoraci\u00f3n de los faraones en el antiguo Egipto y las zonas bajo control","breadcrumb":{"@id":"https:\/\/landioustravel.com\/es\/egipto\/templos-egipcios\/#breadcrumb"},"inLanguage":"es","potentialAction":[{"@type":"ReadAction","target":["https:\/\/landioustravel.com\/es\/egipto\/templos-egipcios\/"]}]},{"@type":"ImageObject","inLanguage":"es","@id":"https:\/\/landioustravel.com\/es\/egipto\/templos-egipcios\/#primaryimage","url":"https:\/\/i0.wp.com\/landioustravel.com\/wp-content\/uploads\/2019\/03\/temple_of_karnak_luxor.jpg?fit=1811%2C1018&ssl=1","contentUrl":"https:\/\/i0.wp.com\/landioustravel.com\/wp-content\/uploads\/2019\/03\/temple_of_karnak_luxor.jpg?fit=1811%2C1018&ssl=1","width":1811,"height":1018,"caption":"Temple of_karnak in Luxor"},{"@type":"BreadcrumbList","@id":"https:\/\/landioustravel.com\/es\/egipto\/templos-egipcios\/#breadcrumb","itemListElement":[{"@type":"ListItem","position":1,"name":"Home","item":"https:\/\/landioustravel.com\/es\/"},{"@type":"ListItem","position":2,"name":"Egipto","item":"https:\/\/landioustravel.com\/es\/egipto\/"},{"@type":"ListItem","position":3,"name":"Templos egipcios"}]},{"@type":"WebSite","@id":"https:\/\/landioustravel.com\/es\/#website","url":"https:\/\/landioustravel.com\/es\/","name":"Landious Travel","description":"Tours and Excursions in Egypt","publisher":{"@id":"https:\/\/landioustravel.com\/es\/#organization"},"potentialAction":[{"@type":"SearchAction","target":{"@type":"EntryPoint","urlTemplate":"https:\/\/landioustravel.com\/es\/?s={search_term_string}"},"query-input":{"@type":"PropertyValueSpecification","valueRequired":true,"valueName":"search_term_string"}}],"inLanguage":"es"},{"@type":["Organization","Place"],"@id":"https:\/\/landioustravel.com\/es\/#organization","name":"Landious Travel","alternateName":"Landious Travel","url":"https:\/\/landioustravel.com\/es\/","logo":{"@id":"https:\/\/landioustravel.com\/es\/egipto\/templos-egipcios\/#local-main-organization-logo"},"image":{"@id":"https:\/\/landioustravel.com\/es\/egipto\/templos-egipcios\/#local-main-organization-logo"},"sameAs":["https:\/\/web.facebook.com\/landiousEgypt","https:\/\/x.com\/LandiousTours","https:\/\/mastodon.social\/@landious"],"legalName":"Landious Travel","telephone":[],"openingHoursSpecification":[{"@type":"OpeningHoursSpecification","dayOfWeek":["Monday","Tuesday","Wednesday","Thursday","Friday","Saturday","Sunday"],"opens":"09:00","closes":"17:00"}]},{"@type":"ImageObject","inLanguage":"es","@id":"https:\/\/landioustravel.com\/es\/egipto\/templos-egipcios\/#local-main-organization-logo","url":"https:\/\/i0.wp.com\/landioustravel.com\/wp-content\/uploads\/2021\/06\/Landious-T.png?fit=500%2C500&ssl=1","contentUrl":"https:\/\/i0.wp.com\/landioustravel.com\/wp-content\/uploads\/2021\/06\/Landious-T.png?fit=500%2C500&ssl=1","width":500,"height":500,"caption":"Landious Travel"}]}},"uagb_featured_image_src":{"full":["https:\/\/i0.wp.com\/landioustravel.com\/wp-content\/uploads\/2019\/03\/temple_of_karnak_luxor.jpg?fit=1811%2C1018&ssl=1",1811,1018,false],"thumbnail":["https:\/\/i0.wp.com\/landioustravel.com\/wp-content\/uploads\/2019\/03\/temple_of_karnak_luxor.jpg?resize=150%2C150&ssl=1",150,150,true],"medium":["https:\/\/i0.wp.com\/landioustravel.com\/wp-content\/uploads\/2019\/03\/temple_of_karnak_luxor.jpg?fit=300%2C169&ssl=1",300,169,true],"medium_large":["https:\/\/i0.wp.com\/landioustravel.com\/wp-content\/uploads\/2019\/03\/temple_of_karnak_luxor.jpg?fit=768%2C432&ssl=1",768,432,true],"large":["https:\/\/i0.wp.com\/landioustravel.com\/wp-content\/uploads\/2019\/03\/temple_of_karnak_luxor.jpg?fit=980%2C551&ssl=1",980,551,true],"1536x1536":["https:\/\/i0.wp.com\/landioustravel.com\/wp-content\/uploads\/2019\/03\/temple_of_karnak_luxor.jpg?fit=1536%2C863&ssl=1",1536,863,true],"2048x2048":["https:\/\/i0.wp.com\/landioustravel.com\/wp-content\/uploads\/2019\/03\/temple_of_karnak_luxor.jpg?fit=1811%2C1018&ssl=1",1811,1018,true],"newspack-article-block-landscape-large":["https:\/\/i0.wp.com\/landioustravel.com\/wp-content\/uploads\/2019\/03\/temple_of_karnak_luxor.jpg?resize=1200%2C900&ssl=1",1200,900,true],"newspack-article-block-portrait-large":["https:\/\/i0.wp.com\/landioustravel.com\/wp-content\/uploads\/2019\/03\/temple_of_karnak_luxor.jpg?resize=900%2C1018&ssl=1",900,1018,true],"newspack-article-block-square-large":["https:\/\/i0.wp.com\/landioustravel.com\/wp-content\/uploads\/2019\/03\/temple_of_karnak_luxor.jpg?resize=1200%2C1018&ssl=1",1200,1018,true],"newspack-article-block-landscape-medium":["https:\/\/i0.wp.com\/landioustravel.com\/wp-content\/uploads\/2019\/03\/temple_of_karnak_luxor.jpg?resize=800%2C600&ssl=1",800,600,true],"newspack-article-block-portrait-medium":["https:\/\/i0.wp.com\/landioustravel.com\/wp-content\/uploads\/2019\/03\/temple_of_karnak_luxor.jpg?resize=600%2C800&ssl=1",600,800,true],"newspack-article-block-square-medium":["https:\/\/i0.wp.com\/landioustravel.com\/wp-content\/uploads\/2019\/03\/temple_of_karnak_luxor.jpg?resize=800%2C800&ssl=1",800,800,true],"newspack-article-block-landscape-intermediate":["https:\/\/i0.wp.com\/landioustravel.com\/wp-content\/uploads\/2019\/03\/temple_of_karnak_luxor.jpg?resize=600%2C450&ssl=1",600,450,true],"newspack-article-block-portrait-intermediate":["https:\/\/i0.wp.com\/landioustravel.com\/wp-content\/uploads\/2019\/03\/temple_of_karnak_luxor.jpg?resize=450%2C600&ssl=1",450,600,true],"newspack-article-block-square-intermediate":["https:\/\/i0.wp.com\/landioustravel.com\/wp-content\/uploads\/2019\/03\/temple_of_karnak_luxor.jpg?resize=600%2C600&ssl=1",600,600,true],"newspack-article-block-landscape-small":["https:\/\/i0.wp.com\/landioustravel.com\/wp-content\/uploads\/2019\/03\/temple_of_karnak_luxor.jpg?resize=400%2C300&ssl=1",400,300,true],"newspack-article-block-portrait-small":["https:\/\/i0.wp.com\/landioustravel.com\/wp-content\/uploads\/2019\/03\/temple_of_karnak_luxor.jpg?resize=300%2C400&ssl=1",300,400,true],"newspack-article-block-square-small":["https:\/\/i0.wp.com\/landioustravel.com\/wp-content\/uploads\/2019\/03\/temple_of_karnak_luxor.jpg?resize=400%2C400&ssl=1",400,400,true],"newspack-article-block-landscape-tiny":["https:\/\/i0.wp.com\/landioustravel.com\/wp-content\/uploads\/2019\/03\/temple_of_karnak_luxor.jpg?resize=200%2C150&ssl=1",200,150,true],"newspack-article-block-portrait-tiny":["https:\/\/i0.wp.com\/landioustravel.com\/wp-content\/uploads\/2019\/03\/temple_of_karnak_luxor.jpg?resize=150%2C200&ssl=1",150,200,true],"newspack-article-block-square-tiny":["https:\/\/i0.wp.com\/landioustravel.com\/wp-content\/uploads\/2019\/03\/temple_of_karnak_luxor.jpg?resize=200%2C200&ssl=1",200,200,true],"newspack-article-block-uncropped":["https:\/\/i0.wp.com\/landioustravel.com\/wp-content\/uploads\/2019\/03\/temple_of_karnak_luxor.jpg?fit=1200%2C675&ssl=1",1200,675,true],"woocommerce_thumbnail":["https:\/\/i0.wp.com\/landioustravel.com\/wp-content\/uploads\/2019\/03\/temple_of_karnak_luxor.jpg?resize=324%2C324&ssl=1",324,324,true],"woocommerce_single":["https:\/\/i0.wp.com\/landioustravel.com\/wp-content\/uploads\/2019\/03\/temple_of_karnak_luxor.jpg?fit=416%2C234&ssl=1",416,234,true],"woocommerce_gallery_thumbnail":["https:\/\/i0.wp.com\/landioustravel.com\/wp-content\/uploads\/2019\/03\/temple_of_karnak_luxor.jpg?resize=100%2C100&ssl=1",100,100,true]},"uagb_author_info":{"display_name":"Mofreh Landious","author_link":"https:\/\/landioustravel.com\/es\/author\/landious\/"},"uagb_comment_info":0,"uagb_excerpt":"Los templos egipcios fueron construidos para el culto oficial de los dioses y la conmemoraci\u00f3n de los faraones en el antiguo Egipto y las zonas bajo control egipcio. Los antiguos egipcios consideraban que estos templos eran moradas de los dioses a quienes estaba dedicado. Es importante recordar que el rey del antiguo Egipto fue considerado&hellip;","jetpack_sharing_enabled":true,"jetpack_shortlink":"https:\/\/wp.me\/Par4r5-Oz","jetpack_likes_enabled":true,"amp_enabled":true,"_links":{"self":[{"href":"https:\/\/landioustravel.com\/es\/wp-json\/wp\/v2\/pages\/3135","targetHints":{"allow":["GET"]}}],"collection":[{"href":"https:\/\/landioustravel.com\/es\/wp-json\/wp\/v2\/pages"}],"about":[{"href":"https:\/\/landioustravel.com\/es\/wp-json\/wp\/v2\/types\/page"}],"author":[{"embeddable":true,"href":"https:\/\/landioustravel.com\/es\/wp-json\/wp\/v2\/users\/1"}],"replies":[{"embeddable":true,"href":"https:\/\/landioustravel.com\/es\/wp-json\/wp\/v2\/comments?post=3135"}],"version-history":[{"count":0,"href":"https:\/\/landioustravel.com\/es\/wp-json\/wp\/v2\/pages\/3135\/revisions"}],"up":[{"embeddable":true,"href":"https:\/\/landioustravel.com\/es\/wp-json\/wp\/v2\/pages\/2175"}],"wp:featuredmedia":[{"embeddable":true,"href":"https:\/\/landioustravel.com\/es\/wp-json\/wp\/v2\/media\/3107"}],"wp:attachment":[{"href":"https:\/\/landioustravel.com\/es\/wp-json\/wp\/v2\/media?parent=3135"}],"curies":[{"name":"wp","href":"https:\/\/api.w.org\/{rel}","templated":true}]}}