{"id":32168,"date":"2021-06-04T11:20:44","date_gmt":"2021-06-04T09:20:44","guid":{"rendered":"https:\/\/landioustravel.com\/?page_id=32168"},"modified":"2021-06-04T11:20:48","modified_gmt":"2021-06-04T09:20:48","slug":"mezquita-abu-abbas","status":"publish","type":"page","link":"https:\/\/landioustravel.com\/es\/mezquita-abu-abbas\/","title":{"rendered":"Mezquita de Abu El Abbas"},"content":{"rendered":"\n<p>La mezquita de Abu El Abbas es muy popular y famosa en <a href=\"https:\/\/landioustravel.com\/es\/egipto\/\">Egipto<\/a>, en la ciudad de Alejandr\u00eda. Los egipcios dedicaron esta mezquita al santo suf\u00ed Abul-Abbas al-Mursi de Espa\u00f1a, que vivi\u00f3 en el siglo XIII. En sus \u00faltimos a\u00f1os, se mud\u00f3 a vivir a Alejandr\u00eda. El nombre completo de este suf\u00ed es Shahab ad-Din Abu-l-Abbas Ahmad ibn Umar ibn Muhammad Al-Ansari Al-Mursi. El venerado Abu El Abbas es uno de los cuatro religiosos que gozan de gran respeto y gran fama en Egipto. Sus escritos estaban muy extendidos y eran de considerable importancia para todo el pueblo de Egipto. Mursi se ha convertido en un nombre familiar en el pa\u00eds, gracias a su trabajo y popularidad.<\/p>\n\n\n\n<h2 class=\"wp-block-heading\" id=\"h-ubicaci-n-de-la-mezquita-de-abu-el-abbas\">Ubicaci\u00f3n de la mezquita de Abu El Abbas<\/h2>\n\n\n\n<p>La mezquita de Abu El Abbas existe en la regi\u00f3n de Anfushi en Alejandr\u00eda. En 1307, un predicador musulm\u00e1n lo erigi\u00f3, no lejos de la fortaleza de Qaitbay. Situada sobre la tumba de un jeque suf\u00ed, la tumba exist\u00eda cerca del puerto de Alejandr\u00eda, en la parte oriental. La ubicaci\u00f3n de la mezquita tiene una historia antigua. En 1307, un comerciante muy poderoso y rico visit\u00f3 la tumba de Al-Mursy Abul-Abbas en Alejandr\u00eda.<\/p>\n\n\n\n<p>Luego instruy\u00f3 a sus leales s\u00fabditos para que construyeran un mausoleo y una gran c\u00fapula sobre la tumba. \u00c9l financi\u00f3 toda la construcci\u00f3n y pag\u00f3 el salario del im\u00e1n local. Gracias a este comerciante, los egipcios construyeron una maravillosa mezquita con un peque\u00f1o minarete cuadrado. Esta mezquita tiene un ata\u00fad, instalado en el lado derecho. Era precisamente el lugar de peregrinaje de la mayor\u00eda de musulmanes que llegaban de Marruecos a Egipto. Es su destino religioso mientras viajan a <a href=\"https:\/\/es.wikipedia.org\/wiki\/La_Meca\" target=\"_blank\" rel=\"noreferrer noopener\">La Meca<\/a> y viceversa.<\/p>\n\n\n\n<div style=\"min-height:400px\" data-map-attr=\"\/qaddress\/q:\/qMezquita de Abu El Abbas\/q||\/qlat\/q:\/qundefined\/q||\/qlng\/q:\/qundefined\/q||\/qskin\/q:\/qstandard\/q||\/qzoom\/q:\/q12\/q||\/qiconSize\/q:\/q36\/q||\/qmapTypeControl\/q:\/qtrue\/q||\/qzoomControl\/q:\/qtrue\/q||\/qstreetViewControl\/q:\/qtrue\/q||\/qfullscreenControl\/q:\/qtrue\/q\" class=\"wp-block-coblocks-map\"><iframe title=\"Google Map\" frameborder=\"0\" style=\"width:100%;min-height:400px\" src=\"https:\/\/www.google.com\/maps?q=Mezquita%20de%20Abu%20El%20Abbas&amp;output=embed&amp;hl=en-US&amp;z=12\"><\/iframe><\/div>\n\n\n\n<h2 class=\"wp-block-heading\" id=\"h-restauraci-n-de-la-mezquita\">Restauraci\u00f3n de la Mezquita<\/h2>\n\n\n\n<p>A finales del siglo XV, esta mezquita qued\u00f3 completamente inutilizable y destruida. En ese momento, el nuevo gobernante de Alejandr\u00eda dio instrucciones para construir un edificio religioso. Adem\u00e1s, erigi\u00f3 un mausoleo para s\u00ed mismo, no lejos de la mezquita Abu-Abbas. M\u00e1s tarde, lo enterraron all\u00ed despu\u00e9s de su muerte. La siguiente restauraci\u00f3n de la mezquita se produjo en 1596. Sucedi\u00f3 despu\u00e9s de que el jeque la visitara y decidiera reconstruir una tumba en estos lugares. Una vez m\u00e1s, en 1863, la mezquita se volvi\u00f3 inadecuada para varios servicios. Una vez m\u00e1s, se derrumb\u00f3. M\u00e1s tarde, uno de los arquitectos isl\u00e1micos m\u00e1s famosos comenz\u00f3 a restaurar el edificio. Inicialmente, dio instrucciones para demoler la mayor\u00eda de las casas que rodeaban este lugar. Despu\u00e9s de liberar un gran espacio, se dedic\u00f3 a la restauraci\u00f3n completa del edificio.<\/p>\n\n\n\n<h2 class=\"wp-block-heading\" id=\"h-la-arquitectura-de-la-mezquita-de-abu-el-abbas\">La arquitectura de la mezquita de Abu El Abbas<\/h2>\n\n\n\n<p>Muchas d\u00e9cadas despu\u00e9s, en los a\u00f1os 40 y 50 del siglo XX, este edificio sufri\u00f3 una reconstrucci\u00f3n completa. Levantaron los muros de la mezquita de Abu El Abbas en unos 23 metros de altura.<\/p>\n\n\n\n<h3 class=\"wp-block-heading\" id=\"h-alminar\">Alminar<\/h3>\n\n\n\n<p>Adem\u00e1s, hicieron una decoraci\u00f3n de un excelente minarete de piedra, ubicado en las cercan\u00edas, en la parte sur. Lo elevaron a una altura de 73 metros y lo dividieron en cuatro tramos.<\/p>\n\n\n\n<p>El primer tramo, de unos 15 metros de altura, es cuadrado. Aunque el segundo representa un oct\u00e1gono de cuatro metros de altura. Sin embargo, la tercera secci\u00f3n representa un hex\u00e1gono de 12 metros. Pero el cuarto tramo es redondo y tiene 3,25 metros de altura.<\/p>\n\n\n\n<h3 class=\"wp-block-heading\" id=\"h-entradas\">Entradas<\/h3>\n\n\n\n<p>La tapa tiene una cubierta completa de lat\u00f3n y tiene una decoraci\u00f3n en forma de media luna. Adem\u00e1s, la mezquita de Abu El Abbas tiene dos entradas. Se abre a la plaza y conduce a la calle adyacente al palacio del rey desde la parte norte. La parte este tambi\u00e9n tiene acceso a la plaza. Comercialmente, tiene escaleras de piedra de granito que conducen a las salidas.<\/p>\n\n\n\n<h3 class=\"wp-block-heading\" id=\"h-interiores\">Interiores<\/h3>\n\n\n\n<p>La parte interior m\u00e1s importante de la mezquita es un oct\u00e1gono con longitudes laterales de 22 metros. Los arquitectos decoraron bellamente este oct\u00e1gono con paneles de mosaico y piedra artificial. Adem\u00e1s, apoyaron la parte superior del techo con diecis\u00e9is columnas. Adem\u00e1s, hicieron estas columnas de granito italiano y las combinaron en arcos. Estas columnas se elevan a una altura de 17 metros. Adem\u00e1s, los artistas decoraron asombrosamente todas las partes superiores de esas columnas con pinturas tradicionales arabescos.<\/p>\n\n\n\n<p>La mezquita de Abu El Abbas tiene un piso de m\u00e1rmol blanco impecable. Al mismo tiempo, sus c\u00fapulas exteriores reciben luz solar e iluminan todo el espacio. Tambi\u00e9n, las puertas son enormes con una altura de 6,5 metros. Adem\u00e1s, tiene hermosos marcos en las ventanas y pasamanos de raros tipos de madera y nogal. Adem\u00e1s, los escritos c\u00faficos decoran todos los pilares.<\/p>\n","protected":false},"excerpt":{"rendered":"<p>La mezquita de Abu El Abbas es muy popular y famosa en Egipto, en la ciudad de Alejandr\u00eda. Los egipcios dedicaron esta mezquita al santo suf\u00ed Abul-Abbas al-Mursi de Espa\u00f1a, que vivi\u00f3 en el siglo XIII. En sus \u00faltimos a\u00f1os, se mud\u00f3 a vivir a Alejandr\u00eda. El nombre completo de este suf\u00ed es Shahab ad-Din [&hellip;]<\/p>\n","protected":false},"author":1,"featured_media":32172,"parent":0,"menu_order":0,"comment_status":"open","ping_status":"closed","template":"","meta":{"_coblocks_attr":"","_coblocks_dimensions":"","_coblocks_responsive_height":"","_coblocks_accordion_ie_support":"","_uag_custom_page_level_css":"","footnotes":""},"class_list":["post-32168","page","type-page","status-publish","has-post-thumbnail","hentry"],"yoast_head":"<!-- This site is optimized with the Yoast SEO Premium plugin v27.5 (Yoast SEO v27.5) - https:\/\/yoast.com\/product\/yoast-seo-premium-wordpress\/ -->\n<title>Mezquita de Abu El Abbas - Arquitectura - Landious Travel<\/title>\n<meta name=\"description\" content=\"Mezquita de Abu El Abbas es muy popular y famosa en Egipto, en la ciudad de Alejandr\u00eda. Los egipcios dedicaron esta mezquita al santo suf\u00ed\" \/>\n<meta name=\"robots\" content=\"index, follow, max-snippet:-1, max-image-preview:large, max-video-preview:-1\" \/>\n<link rel=\"canonical\" href=\"https:\/\/landioustravel.com\/es\/mezquita-abu-abbas\/\" \/>\n<meta property=\"og:locale\" content=\"es_ES\" \/>\n<meta property=\"og:type\" content=\"article\" \/>\n<meta property=\"og:title\" content=\"Mezquita de Abu El Abbas\" \/>\n<meta property=\"og:description\" content=\"Mezquita de Abu El Abbas es muy popular y famosa en Egipto, en la ciudad de Alejandr\u00eda. Los egipcios dedicaron esta mezquita al santo suf\u00ed\" \/>\n<meta property=\"og:url\" content=\"https:\/\/landioustravel.com\/es\/mezquita-abu-abbas\/\" \/>\n<meta property=\"og:site_name\" content=\"Landious Travel\" \/>\n<meta property=\"article:publisher\" content=\"https:\/\/web.facebook.com\/landiousEgypt\" \/>\n<meta property=\"article:modified_time\" content=\"2021-06-04T09:20:48+00:00\" \/>\n<meta property=\"og:image\" content=\"https:\/\/i0.wp.com\/landioustravel.com\/wp-content\/uploads\/2021\/06\/Mezquita-de-Abu-El-Abbas-e1622798208665.jpg?fit=1200%2C675&ssl=1\" \/>\n\t<meta property=\"og:image:width\" content=\"1200\" \/>\n\t<meta property=\"og:image:height\" content=\"675\" \/>\n\t<meta property=\"og:image:type\" content=\"image\/jpeg\" \/>\n<meta name=\"twitter:card\" content=\"summary_large_image\" \/>\n<meta name=\"twitter:site\" content=\"@LandiousTours\" \/>\n<meta name=\"twitter:label1\" content=\"Tiempo de lectura\" \/>\n\t<meta name=\"twitter:data1\" content=\"4 minutos\" \/>\n<script type=\"application\/ld+json\" class=\"yoast-schema-graph\">{\"@context\":\"https:\\\/\\\/schema.org\",\"@graph\":[{\"@type\":\"WebPage\",\"@id\":\"https:\\\/\\\/landioustravel.com\\\/es\\\/mezquita-abu-abbas\\\/\",\"url\":\"https:\\\/\\\/landioustravel.com\\\/es\\\/mezquita-abu-abbas\\\/\",\"name\":\"Mezquita de Abu El Abbas - Arquitectura - Landious Travel\",\"isPartOf\":{\"@id\":\"https:\\\/\\\/landioustravel.com\\\/es\\\/#website\"},\"primaryImageOfPage\":{\"@id\":\"https:\\\/\\\/landioustravel.com\\\/es\\\/mezquita-abu-abbas\\\/#primaryimage\"},\"image\":{\"@id\":\"https:\\\/\\\/landioustravel.com\\\/es\\\/mezquita-abu-abbas\\\/#primaryimage\"},\"thumbnailUrl\":\"https:\\\/\\\/i0.wp.com\\\/landioustravel.com\\\/wp-content\\\/uploads\\\/2021\\\/06\\\/Mezquita-de-Abu-El-Abbas-e1622798208665.jpg?fit=1200%2C675&ssl=1\",\"datePublished\":\"2021-06-04T09:20:44+00:00\",\"dateModified\":\"2021-06-04T09:20:48+00:00\",\"description\":\"Mezquita de Abu El Abbas es muy popular y famosa en Egipto, en la ciudad de Alejandr\u00eda. Los egipcios dedicaron esta mezquita al santo suf\u00ed\",\"breadcrumb\":{\"@id\":\"https:\\\/\\\/landioustravel.com\\\/es\\\/mezquita-abu-abbas\\\/#breadcrumb\"},\"inLanguage\":\"es\",\"potentialAction\":[{\"@type\":\"ReadAction\",\"target\":[\"https:\\\/\\\/landioustravel.com\\\/es\\\/mezquita-abu-abbas\\\/\"]}]},{\"@type\":\"ImageObject\",\"inLanguage\":\"es\",\"@id\":\"https:\\\/\\\/landioustravel.com\\\/es\\\/mezquita-abu-abbas\\\/#primaryimage\",\"url\":\"https:\\\/\\\/i0.wp.com\\\/landioustravel.com\\\/wp-content\\\/uploads\\\/2021\\\/06\\\/Mezquita-de-Abu-El-Abbas-e1622798208665.jpg?fit=1200%2C675&ssl=1\",\"contentUrl\":\"https:\\\/\\\/i0.wp.com\\\/landioustravel.com\\\/wp-content\\\/uploads\\\/2021\\\/06\\\/Mezquita-de-Abu-El-Abbas-e1622798208665.jpg?fit=1200%2C675&ssl=1\",\"width\":1200,\"height\":675,\"caption\":\"Mezquita de Abu El Abbas\"},{\"@type\":\"BreadcrumbList\",\"@id\":\"https:\\\/\\\/landioustravel.com\\\/es\\\/mezquita-abu-abbas\\\/#breadcrumb\",\"itemListElement\":[{\"@type\":\"ListItem\",\"position\":1,\"name\":\"Home\",\"item\":\"https:\\\/\\\/landioustravel.com\\\/es\\\/\"},{\"@type\":\"ListItem\",\"position\":2,\"name\":\"Mezquita de Abu El Abbas\"}]},{\"@type\":\"WebSite\",\"@id\":\"https:\\\/\\\/landioustravel.com\\\/es\\\/#website\",\"url\":\"https:\\\/\\\/landioustravel.com\\\/es\\\/\",\"name\":\"Landious Travel\",\"description\":\"Tours and Excursions in Egypt\",\"publisher\":{\"@id\":\"https:\\\/\\\/landioustravel.com\\\/es\\\/#organization\"},\"potentialAction\":[{\"@type\":\"SearchAction\",\"target\":{\"@type\":\"EntryPoint\",\"urlTemplate\":\"https:\\\/\\\/landioustravel.com\\\/es\\\/?s={search_term_string}\"},\"query-input\":{\"@type\":\"PropertyValueSpecification\",\"valueRequired\":true,\"valueName\":\"search_term_string\"}}],\"inLanguage\":\"es\"},{\"@type\":[\"Organization\",\"Place\"],\"@id\":\"https:\\\/\\\/landioustravel.com\\\/es\\\/#organization\",\"name\":\"Landious Travel\",\"alternateName\":\"Landious Travel\",\"url\":\"https:\\\/\\\/landioustravel.com\\\/es\\\/\",\"logo\":{\"@id\":\"https:\\\/\\\/landioustravel.com\\\/es\\\/mezquita-abu-abbas\\\/#local-main-organization-logo\"},\"image\":{\"@id\":\"https:\\\/\\\/landioustravel.com\\\/es\\\/mezquita-abu-abbas\\\/#local-main-organization-logo\"},\"sameAs\":[\"https:\\\/\\\/web.facebook.com\\\/landiousEgypt\",\"https:\\\/\\\/x.com\\\/LandiousTours\",\"https:\\\/\\\/mastodon.social\\\/@landious\"],\"legalName\":\"Landious Travel\",\"telephone\":[],\"openingHoursSpecification\":[{\"@type\":\"OpeningHoursSpecification\",\"dayOfWeek\":[\"Monday\",\"Tuesday\",\"Wednesday\",\"Thursday\",\"Friday\",\"Saturday\",\"Sunday\"],\"opens\":\"09:00\",\"closes\":\"17:00\"}]},{\"@type\":\"ImageObject\",\"inLanguage\":\"es\",\"@id\":\"https:\\\/\\\/landioustravel.com\\\/es\\\/mezquita-abu-abbas\\\/#local-main-organization-logo\",\"url\":\"https:\\\/\\\/i0.wp.com\\\/landioustravel.com\\\/wp-content\\\/uploads\\\/2021\\\/06\\\/Landious-T.png?fit=500%2C500&ssl=1\",\"contentUrl\":\"https:\\\/\\\/i0.wp.com\\\/landioustravel.com\\\/wp-content\\\/uploads\\\/2021\\\/06\\\/Landious-T.png?fit=500%2C500&ssl=1\",\"width\":500,\"height\":500,\"caption\":\"Landious Travel\"}]}<\/script>\n<!-- \/ Yoast SEO Premium plugin. -->","yoast_head_json":{"title":"Mezquita de Abu El Abbas - Arquitectura - Landious Travel","description":"Mezquita de Abu El Abbas es muy popular y famosa en Egipto, en la ciudad de Alejandr\u00eda. Los egipcios dedicaron esta mezquita al santo suf\u00ed","robots":{"index":"index","follow":"follow","max-snippet":"max-snippet:-1","max-image-preview":"max-image-preview:large","max-video-preview":"max-video-preview:-1"},"canonical":"https:\/\/landioustravel.com\/es\/mezquita-abu-abbas\/","og_locale":"es_ES","og_type":"article","og_title":"Mezquita de Abu El Abbas","og_description":"Mezquita de Abu El Abbas es muy popular y famosa en Egipto, en la ciudad de Alejandr\u00eda. Los egipcios dedicaron esta mezquita al santo suf\u00ed","og_url":"https:\/\/landioustravel.com\/es\/mezquita-abu-abbas\/","og_site_name":"Landious Travel","article_publisher":"https:\/\/web.facebook.com\/landiousEgypt","article_modified_time":"2021-06-04T09:20:48+00:00","og_image":[{"width":1200,"height":675,"url":"https:\/\/i0.wp.com\/landioustravel.com\/wp-content\/uploads\/2021\/06\/Mezquita-de-Abu-El-Abbas-e1622798208665.jpg?fit=1200%2C675&ssl=1","type":"image\/jpeg"}],"twitter_card":"summary_large_image","twitter_site":"@LandiousTours","twitter_misc":{"Tiempo de lectura":"4 minutos"},"schema":{"@context":"https:\/\/schema.org","@graph":[{"@type":"WebPage","@id":"https:\/\/landioustravel.com\/es\/mezquita-abu-abbas\/","url":"https:\/\/landioustravel.com\/es\/mezquita-abu-abbas\/","name":"Mezquita de Abu El Abbas - Arquitectura - Landious Travel","isPartOf":{"@id":"https:\/\/landioustravel.com\/es\/#website"},"primaryImageOfPage":{"@id":"https:\/\/landioustravel.com\/es\/mezquita-abu-abbas\/#primaryimage"},"image":{"@id":"https:\/\/landioustravel.com\/es\/mezquita-abu-abbas\/#primaryimage"},"thumbnailUrl":"https:\/\/i0.wp.com\/landioustravel.com\/wp-content\/uploads\/2021\/06\/Mezquita-de-Abu-El-Abbas-e1622798208665.jpg?fit=1200%2C675&ssl=1","datePublished":"2021-06-04T09:20:44+00:00","dateModified":"2021-06-04T09:20:48+00:00","description":"Mezquita de Abu El Abbas es muy popular y famosa en Egipto, en la ciudad de Alejandr\u00eda. Los egipcios dedicaron esta mezquita al santo suf\u00ed","breadcrumb":{"@id":"https:\/\/landioustravel.com\/es\/mezquita-abu-abbas\/#breadcrumb"},"inLanguage":"es","potentialAction":[{"@type":"ReadAction","target":["https:\/\/landioustravel.com\/es\/mezquita-abu-abbas\/"]}]},{"@type":"ImageObject","inLanguage":"es","@id":"https:\/\/landioustravel.com\/es\/mezquita-abu-abbas\/#primaryimage","url":"https:\/\/i0.wp.com\/landioustravel.com\/wp-content\/uploads\/2021\/06\/Mezquita-de-Abu-El-Abbas-e1622798208665.jpg?fit=1200%2C675&ssl=1","contentUrl":"https:\/\/i0.wp.com\/landioustravel.com\/wp-content\/uploads\/2021\/06\/Mezquita-de-Abu-El-Abbas-e1622798208665.jpg?fit=1200%2C675&ssl=1","width":1200,"height":675,"caption":"Mezquita de Abu El Abbas"},{"@type":"BreadcrumbList","@id":"https:\/\/landioustravel.com\/es\/mezquita-abu-abbas\/#breadcrumb","itemListElement":[{"@type":"ListItem","position":1,"name":"Home","item":"https:\/\/landioustravel.com\/es\/"},{"@type":"ListItem","position":2,"name":"Mezquita de Abu El Abbas"}]},{"@type":"WebSite","@id":"https:\/\/landioustravel.com\/es\/#website","url":"https:\/\/landioustravel.com\/es\/","name":"Landious Travel","description":"Tours and Excursions in Egypt","publisher":{"@id":"https:\/\/landioustravel.com\/es\/#organization"},"potentialAction":[{"@type":"SearchAction","target":{"@type":"EntryPoint","urlTemplate":"https:\/\/landioustravel.com\/es\/?s={search_term_string}"},"query-input":{"@type":"PropertyValueSpecification","valueRequired":true,"valueName":"search_term_string"}}],"inLanguage":"es"},{"@type":["Organization","Place"],"@id":"https:\/\/landioustravel.com\/es\/#organization","name":"Landious Travel","alternateName":"Landious Travel","url":"https:\/\/landioustravel.com\/es\/","logo":{"@id":"https:\/\/landioustravel.com\/es\/mezquita-abu-abbas\/#local-main-organization-logo"},"image":{"@id":"https:\/\/landioustravel.com\/es\/mezquita-abu-abbas\/#local-main-organization-logo"},"sameAs":["https:\/\/web.facebook.com\/landiousEgypt","https:\/\/x.com\/LandiousTours","https:\/\/mastodon.social\/@landious"],"legalName":"Landious Travel","telephone":[],"openingHoursSpecification":[{"@type":"OpeningHoursSpecification","dayOfWeek":["Monday","Tuesday","Wednesday","Thursday","Friday","Saturday","Sunday"],"opens":"09:00","closes":"17:00"}]},{"@type":"ImageObject","inLanguage":"es","@id":"https:\/\/landioustravel.com\/es\/mezquita-abu-abbas\/#local-main-organization-logo","url":"https:\/\/i0.wp.com\/landioustravel.com\/wp-content\/uploads\/2021\/06\/Landious-T.png?fit=500%2C500&ssl=1","contentUrl":"https:\/\/i0.wp.com\/landioustravel.com\/wp-content\/uploads\/2021\/06\/Landious-T.png?fit=500%2C500&ssl=1","width":500,"height":500,"caption":"Landious Travel"}]}},"uagb_featured_image_src":{"full":["https:\/\/i0.wp.com\/landioustravel.com\/wp-content\/uploads\/2021\/06\/Mezquita-de-Abu-El-Abbas-e1622798208665.jpg?fit=1200%2C675&ssl=1",1200,675,false],"thumbnail":["https:\/\/i0.wp.com\/landioustravel.com\/wp-content\/uploads\/2021\/06\/Mezquita-de-Abu-El-Abbas-e1622798208665.jpg?resize=150%2C150&ssl=1",150,150,true],"medium":["https:\/\/i0.wp.com\/landioustravel.com\/wp-content\/uploads\/2021\/06\/Mezquita-de-Abu-El-Abbas-e1622798208665.jpg?fit=300%2C169&ssl=1",300,169,true],"medium_large":["https:\/\/i0.wp.com\/landioustravel.com\/wp-content\/uploads\/2021\/06\/Mezquita-de-Abu-El-Abbas-e1622798208665.jpg?fit=768%2C432&ssl=1",768,432,true],"large":["https:\/\/i0.wp.com\/landioustravel.com\/wp-content\/uploads\/2021\/06\/Mezquita-de-Abu-El-Abbas-e1622798208665.jpg?fit=980%2C551&ssl=1",980,551,true],"1536x1536":["https:\/\/i0.wp.com\/landioustravel.com\/wp-content\/uploads\/2021\/06\/Mezquita-de-Abu-El-Abbas-e1622798208665.jpg?fit=1536%2C864&ssl=1",1536,864,true],"2048x2048":["https:\/\/i0.wp.com\/landioustravel.com\/wp-content\/uploads\/2021\/06\/Mezquita-de-Abu-El-Abbas-e1622798208665.jpg?fit=1200%2C675&ssl=1",1200,675,true],"newspack-article-block-landscape-large":["https:\/\/i0.wp.com\/landioustravel.com\/wp-content\/uploads\/2021\/06\/Mezquita-de-Abu-El-Abbas-e1622798208665.jpg?resize=1200%2C675&ssl=1",1200,900,true],"newspack-article-block-portrait-large":["https:\/\/i0.wp.com\/landioustravel.com\/wp-content\/uploads\/2021\/06\/Mezquita-de-Abu-El-Abbas-e1622798208665.jpg?resize=900%2C675&ssl=1",900,900,true],"newspack-article-block-square-large":["https:\/\/i0.wp.com\/landioustravel.com\/wp-content\/uploads\/2021\/06\/Mezquita-de-Abu-El-Abbas-e1622798208665.jpg?resize=1200%2C675&ssl=1",1200,900,true],"newspack-article-block-landscape-medium":["https:\/\/i0.wp.com\/landioustravel.com\/wp-content\/uploads\/2021\/06\/Mezquita-de-Abu-El-Abbas-e1622798208665.jpg?resize=800%2C600&ssl=1",800,600,true],"newspack-article-block-portrait-medium":["https:\/\/i0.wp.com\/landioustravel.com\/wp-content\/uploads\/2021\/06\/Mezquita-de-Abu-El-Abbas-e1622798208665.jpg?resize=600%2C675&ssl=1",600,800,true],"newspack-article-block-square-medium":["https:\/\/i0.wp.com\/landioustravel.com\/wp-content\/uploads\/2021\/06\/Mezquita-de-Abu-El-Abbas-e1622798208665.jpg?resize=800%2C675&ssl=1",800,800,true],"newspack-article-block-landscape-intermediate":["https:\/\/i0.wp.com\/landioustravel.com\/wp-content\/uploads\/2021\/06\/Mezquita-de-Abu-El-Abbas-e1622798208665.jpg?resize=600%2C450&ssl=1",600,450,true],"newspack-article-block-portrait-intermediate":["https:\/\/i0.wp.com\/landioustravel.com\/wp-content\/uploads\/2021\/06\/Mezquita-de-Abu-El-Abbas-e1622798208665.jpg?resize=450%2C600&ssl=1",450,600,true],"newspack-article-block-square-intermediate":["https:\/\/i0.wp.com\/landioustravel.com\/wp-content\/uploads\/2021\/06\/Mezquita-de-Abu-El-Abbas-e1622798208665.jpg?resize=600%2C600&ssl=1",600,600,true],"newspack-article-block-landscape-small":["https:\/\/i0.wp.com\/landioustravel.com\/wp-content\/uploads\/2021\/06\/Mezquita-de-Abu-El-Abbas-e1622798208665.jpg?resize=400%2C300&ssl=1",400,300,true],"newspack-article-block-portrait-small":["https:\/\/i0.wp.com\/landioustravel.com\/wp-content\/uploads\/2021\/06\/Mezquita-de-Abu-El-Abbas-e1622798208665.jpg?resize=300%2C400&ssl=1",300,400,true],"newspack-article-block-square-small":["https:\/\/i0.wp.com\/landioustravel.com\/wp-content\/uploads\/2021\/06\/Mezquita-de-Abu-El-Abbas-e1622798208665.jpg?resize=400%2C400&ssl=1",400,400,true],"newspack-article-block-landscape-tiny":["https:\/\/i0.wp.com\/landioustravel.com\/wp-content\/uploads\/2021\/06\/Mezquita-de-Abu-El-Abbas-e1622798208665.jpg?resize=200%2C150&ssl=1",200,150,true],"newspack-article-block-portrait-tiny":["https:\/\/i0.wp.com\/landioustravel.com\/wp-content\/uploads\/2021\/06\/Mezquita-de-Abu-El-Abbas-e1622798208665.jpg?resize=150%2C200&ssl=1",150,200,true],"newspack-article-block-square-tiny":["https:\/\/i0.wp.com\/landioustravel.com\/wp-content\/uploads\/2021\/06\/Mezquita-de-Abu-El-Abbas-e1622798208665.jpg?resize=200%2C200&ssl=1",200,200,true],"newspack-article-block-uncropped":["https:\/\/i0.wp.com\/landioustravel.com\/wp-content\/uploads\/2021\/06\/Mezquita-de-Abu-El-Abbas-e1622798208665.jpg?fit=1200%2C675&ssl=1",1200,675,true],"woocommerce_thumbnail":["https:\/\/i0.wp.com\/landioustravel.com\/wp-content\/uploads\/2021\/06\/Mezquita-de-Abu-El-Abbas-e1622798208665.jpg?resize=324%2C324&ssl=1",324,324,true],"woocommerce_single":["https:\/\/i0.wp.com\/landioustravel.com\/wp-content\/uploads\/2021\/06\/Mezquita-de-Abu-El-Abbas-e1622798208665.jpg?fit=416%2C234&ssl=1",416,234,true],"woocommerce_gallery_thumbnail":["https:\/\/i0.wp.com\/landioustravel.com\/wp-content\/uploads\/2021\/06\/Mezquita-de-Abu-El-Abbas-e1622798208665.jpg?resize=100%2C100&ssl=1",100,100,true]},"uagb_author_info":{"display_name":"Mofreh Landious","author_link":"https:\/\/landioustravel.com\/es\/author\/landious\/"},"uagb_comment_info":0,"uagb_excerpt":"La mezquita de Abu El Abbas es muy popular y famosa en Egipto, en la ciudad de Alejandr\u00eda. Los egipcios dedicaron esta mezquita al santo suf\u00ed Abul-Abbas al-Mursi de Espa\u00f1a, que vivi\u00f3 en el siglo XIII. En sus \u00faltimos a\u00f1os, se mud\u00f3 a vivir a Alejandr\u00eda. El nombre completo de este suf\u00ed es Shahab ad-Din&hellip;","jetpack_sharing_enabled":true,"jetpack_shortlink":"https:\/\/wp.me\/Par4r5-8mQ","jetpack_likes_enabled":true,"amp_enabled":true,"_links":{"self":[{"href":"https:\/\/landioustravel.com\/es\/wp-json\/wp\/v2\/pages\/32168","targetHints":{"allow":["GET"]}}],"collection":[{"href":"https:\/\/landioustravel.com\/es\/wp-json\/wp\/v2\/pages"}],"about":[{"href":"https:\/\/landioustravel.com\/es\/wp-json\/wp\/v2\/types\/page"}],"author":[{"embeddable":true,"href":"https:\/\/landioustravel.com\/es\/wp-json\/wp\/v2\/users\/1"}],"replies":[{"embeddable":true,"href":"https:\/\/landioustravel.com\/es\/wp-json\/wp\/v2\/comments?post=32168"}],"version-history":[{"count":0,"href":"https:\/\/landioustravel.com\/es\/wp-json\/wp\/v2\/pages\/32168\/revisions"}],"wp:featuredmedia":[{"embeddable":true,"href":"https:\/\/landioustravel.com\/es\/wp-json\/wp\/v2\/media\/32172"}],"wp:attachment":[{"href":"https:\/\/landioustravel.com\/es\/wp-json\/wp\/v2\/media?parent=32168"}],"curies":[{"name":"wp","href":"https:\/\/api.w.org\/{rel}","templated":true}]}}