{"id":32604,"date":"2021-06-10T21:05:20","date_gmt":"2021-06-10T19:05:20","guid":{"rendered":"https:\/\/landioustravel.com\/?page_id=32604"},"modified":"2021-06-10T21:05:20","modified_gmt":"2021-06-10T19:05:20","slug":"ciudadela-el-cairo","status":"publish","type":"page","link":"https:\/\/landioustravel.com\/es\/ciudadela-el-cairo\/","title":{"rendered":"Ciudadela de El Cairo"},"content":{"rendered":"<p>La Ciudadela de El Cairo o Ciudadela de Saladino es un monumento ic\u00f3nico en <a href=\"https:\/\/landioustravel.com\/es\/egipto\/pueblos-egipcios\/gobernacion-cairo\/\">El Cairo<\/a> isl\u00e1mico. Originalmente llamada Qala\u02bfat Sal\u0101\u1e25 ad-D\u012bn en \u00e1rabe, la Ciudadela es un pico de la historia. Encaramado sobre una pendiente profunda, el fuerte ofrece la vista m\u00e1s magn\u00edfica del Viejo Cairo. El-Nasir Salah El-Din Yusuf Ibn Ayyub construy\u00f3 esta ciudadela en <a href=\"https:\/\/landioustravel.com\/es\/egipto\/\">Egipto<\/a>.<\/p>\n<p>El sult\u00e1n pretend\u00eda que el fuerte protegiera a El Cairo de posibles ataques de los cruzados. Adem\u00e1s, en 1976 la <a href=\"https:\/\/es.unesco.org\/\" target=\"_blank\" rel=\"noopener\">UNESCO<\/a> declar\u00f3 este monumento como parte del Patrimonio de la Humanidad. Esta magn\u00edfica estructura ha sido testigo de numerosos eventos hist\u00f3ricos a lo largo de la historia.<\/p>\n<h2>Ubicaci\u00f3n de la ciudadela de El Cairo<\/h2>\n<p>La ubicaci\u00f3n de la Ciudadela en las colinas de Mokattam domina una posici\u00f3n estrat\u00e9gica sobre la ciudad. Situada en el centro de El Cairo, esta zona es el punto m\u00e1s alto de El Cairo. Puede encontrar la Ciudadela de 15 a 25 minutos del centro de El Cairo.<\/p>\n<h2>\u00bfQui\u00e9n era Saladino?<\/h2>\n<p>Saladino es el primer sult\u00e1n de Egipto y Siria. Lider\u00f3 la campa\u00f1a militar musulmana contra los estados cruzados. Finalmente, gan\u00f3 Jerusal\u00e9n, convirti\u00e9ndola en un estado isl\u00e1mico. La historia lo describe como un l\u00edder caritativo y religioso.<\/p>\n<h2>La raz\u00f3n detr\u00e1s de la construcci\u00f3n de la ciudadela de El Cairo<\/h2>\n<p>El fuerte fue la fortificaci\u00f3n militar m\u00e1s impresionante y ambiciosa de su \u00e9poca. El sult\u00e1n comenz\u00f3 la construcci\u00f3n en una masa de tierra debajo de las colinas de Muqattam. Por lo tanto, este escenario convirti\u00f3 a la Ciudadela en un lugar dif\u00edcil de atacar. La Ciudadela de El Cairo sigui\u00f3 siendo el coraz\u00f3n del gobierno egipcio hasta el siglo XIX.<\/p>\n<p>El gobernante ayyub\u00ed kurdo Salah al-Din (Saladin) inici\u00f3 el proyecto entre 1176 y 1183 EC. Saladino se propuso construir un muro que rodear\u00eda El Cairo y Fustat.<\/p>\n<p>Saladino tom\u00f3 el control de Egipto y decidi\u00f3 que El Cairo deber\u00eda tener una mejor fortificaci\u00f3n. Sinti\u00f3 que una ciudadela fortificada proteger\u00eda la ciudad contra futuros ataques. Adem\u00e1s, en ese momento, el riesgo de ataques de cruzados estaba en su punto m\u00e1ximo.<\/p>\n<p>El sult\u00e1n encontr\u00f3 inspiraci\u00f3n en las ciudadelas sirias y libanesas. Adem\u00e1s, reconoci\u00f3 la importancia de un fuerte masivo para proteger El Cairo.<\/p>\n<h2>Historia de la construccion<\/h2>\n<p>La construcci\u00f3n del fuerte comenz\u00f3 en 1176. Sin embargo, no se complet\u00f3 hasta 1182. La construcci\u00f3n termin\u00f3 durante el reinado de Al Malek El Kamel. Por lo tanto, Al Malek se convirti\u00f3 en el primer gobernante en residir en la Ciudadela.<\/p>\n<p>Saladino acus\u00f3 a su confidente cercano Baha al-Din Qaraqush de supervisar la construcci\u00f3n. La mayor parte de la estructura comprende piedra caliza extra\u00edda de las colinas circundantes.<\/p>\n<p>Las historias antiguas dicen que Saladino tom\u00f3 piedras de algunas pir\u00e1mides de Giza. Posteriormente, estos pasaron a formar parte del fuerte. Quiz\u00e1s los soldados del ej\u00e9rcito, junto con los prisioneros cruzados, trabajaron en la construcci\u00f3n.<\/p>\n<p>Cavaron un pozo enorme dentro de la Ciudadela. En caso de que los cruzados asediaran el fuerte, los soldados tendr\u00edan un suministro de agua. Durante el siglo XII, la construcci\u00f3n de este pozo fue nada menos que una maravilla. Adem\u00e1s, ten\u00eda 90 metros de profundidad y estaba excavado en las rocas m\u00e1s duras.<\/p>\n<p>La Ciudadela de El Cairo es una de las fortalezas m\u00e1s elegantes de la Edad Media. Adem\u00e1s, su ubicaci\u00f3n estrat\u00e9gica ofrec\u00eda una vista panor\u00e1mica del Viejo Cairo. Si los enemigos alguna vez tomaran El Cairo, la Ciudadela ser\u00eda un excelente lugar para retirarse. Por lo tanto, era la verdadera definici\u00f3n de fortaleza.<\/p>\n<h2>Disposici\u00f3n inicial del fuerte<\/h2>\n<p>La fortaleza inicial consisti\u00f3 esencialmente en el cierre del norte y el cierre del sur de hoy. La secci\u00f3n sudoeste original del fuerte ha desaparecido hoy. Lo m\u00e1s probable es que se extendiera alrededor del sitio actual de la mezquita de al-Nasir Muhammad. La parte sur sirvi\u00f3 de residencia al rey. Por el contrario, la parte norte actu\u00f3 como un fuerte militar.<\/p>\n<p>La Ciudadela se rode\u00f3 de varios muros y torres. Se coloc\u00f3 una torre cada 100 metros. El fuerte ten\u00eda varias puertas. La puerta actual, llamada Puerta Mokattam, se construy\u00f3 durante la dinast\u00eda otomana. M\u00e1s tarde, Muhammad Ali hizo una nueva puerta en 1827.<\/p>\n<h2>Puerta El Mokatam<\/h2>\n<p>La construcci\u00f3n de la puerta tuvo lugar en el per\u00edodo otomano. Actualmente, se llama la puerta Salah Salem, en referencia a su ubicaci\u00f3n actual. La puerta de Mokattam se construy\u00f3 al sur de la torre de Mokattam.<\/p>\n<p>Sin embargo, la puerta sufri\u00f3 da\u00f1os con el tiempo y se perdi\u00f3 principalmente cuando el gobierno egipcio hizo cambios. La construcci\u00f3n de la puerta Salah Salem tuvo lugar en 1955. Aqu\u00ed tuvo lugar la construcci\u00f3n de una nueva puerta. Por lo tanto, lo convierte en la puerta por donde los hu\u00e9spedes ingresan a la Ciudadela hoy.<\/p>\n<h2>Bab EL Hadid o la puerta de hierro<\/h2>\n<p>Mohammed Ali construy\u00f3 la puerta de hierro en 1822. Allan\u00f3 un camino que conectaba esta puerta con el resto de El Cairo. Adem\u00e1s, hoy se conoce como las calles de Bab Al Hadeed.<\/p>\n<h2>Construcci\u00f3n adicional dentro de la Ciudadela de El Cairo<\/h2>\n<ul>\n<li>Mamelucos<\/li>\n<\/ul>\n<p>Los mamelucos derrocaron a la dinast\u00eda ayyub\u00ed de Saladino. Posteriormente ampliaron el complejo. Magn\u00edficos palacios y harenes se convirtieron en parte de la estructura. Los edificios construidos bajo los mamelucos dominaban el horizonte de la ciudad. Al-Nasir Muhammad realiz\u00f3 obras importantes en la Ciudadela. Sin embargo, la mayor\u00eda de ellos cayeron durante el per\u00edodo otomano. El sult\u00e1n tambi\u00e9n renov\u00f3 el acueducto del Nilo.<\/p>\n<p>La principal construcci\u00f3n que queda del reinado del sult\u00e1n es la Mezquita de al-Nasir. Construida en 1318 y renovada de nuevo en 1335, la mezquita todav\u00eda est\u00e1 bien conservada. Sin embargo, el sult\u00e1n otomano se llev\u00f3 la mayor parte de sus ricos paneles de m\u00e1rmol a Estambul m\u00e1s tarde.<\/p>\n<ul>\n<li>Otomanos<\/li>\n<\/ul>\n<p>La construcci\u00f3n m\u00e1s notable del per\u00edodo otomano es la Mezquita de Sulayman Pasha. Esta sigue siendo una de las pocas mezquitas de El Cairo que representa el estilo arquitect\u00f3nico cl\u00e1sico otomano.<\/p>\n<ul>\n<li>Pasha Muhammad Ali<\/li>\n<\/ul>\n<p>Muhammad Ali se estableci\u00f3 como un gobernante independiente de Egipto. Invit\u00f3 a los l\u00edderes mamelucos restantes a la Ciudadela. M\u00e1s tarde, su ej\u00e9rcito abri\u00f3 fuego contra ellos. De ah\u00ed que uno de los momentos m\u00e1s importantes del golpe tuvo lugar dentro de la Ciudadela.<\/p>\n<p>Una de las mezquitas m\u00e1s famosas del mundo es la Mezquita de Muhammad Ali. Tambi\u00e9n se la conoce como Mezquita de Alabastro. Esta mezquita de estilo otomano record\u00f3 y honr\u00f3 a Tusun Pasha. Fue el segundo hijo de Muhammad Ali.<\/p>\n<p>El sult\u00e1n demoli\u00f3 muchas estructuras antiguas para dar paso a su nueva mezquita. Dentro de esta casa de oraci\u00f3n, Muhammad Ali encontr\u00f3 su \u00faltimo lugar de descanso. Finalmente, esta mezquita se convirti\u00f3 en la mezquita principal de la Ciudadela. Esta hermosa estructura sirve como un regalo para los visitantes en la actualidad.<\/p>\n<h2>En la actualidad<\/h2>\n<p>En 1983, el gobierno egipcio abri\u00f3 al p\u00fablico gran parte de la Ciudadela. Adem\u00e1s, iniciaron trabajos de reparaci\u00f3n para convertir edificios antiguos en museos. Hoy, el sitio contiene muchas mezquitas y museos del per\u00edodo otomano. Los visitantes tambi\u00e9n pueden ver impresionantes vistas de El Cairo y el desierto m\u00e1s all\u00e1. Por lo tanto, la Ciudadela de El Cairo es una gran atracci\u00f3n tur\u00edstica tanto para los egipcios como para los turistas.<\/p>\n<h2>Conclusi\u00f3n<\/h2>\n<p>La Ciudadela de Saladino siempre seguir\u00e1 siendo una de las estructuras m\u00e1s importantes de Egipto. Los muros del fuerte fueron testigos de algunos de los acontecimientos m\u00e1s hist\u00f3ricos. La maravillosa arquitectura de la Ciudadela sigue asombrando a la gente. Visitar la Ciudadela permite a los visitantes echar un vistazo a la historia.<\/p>\n","protected":false},"excerpt":{"rendered":"<p>La Ciudadela de El Cairo o Ciudadela de Saladino es un monumento ic\u00f3nico en El Cairo isl\u00e1mico. Originalmente llamada Qala\u02bfat Sal\u0101\u1e25 ad-D\u012bn en \u00e1rabe, la Ciudadela es un pico de la historia. Encaramado sobre una pendiente profunda, el fuerte ofrece la vista m\u00e1s magn\u00edfica del Viejo Cairo. El-Nasir Salah El-Din Yusuf Ibn Ayyub construy\u00f3 esta [&hellip;]<\/p>\n","protected":false},"author":1,"featured_media":32608,"parent":0,"menu_order":0,"comment_status":"open","ping_status":"open","template":"","meta":{"_coblocks_attr":"","_coblocks_dimensions":"","_coblocks_responsive_height":"","_coblocks_accordion_ie_support":"","_uag_custom_page_level_css":"","footnotes":""},"class_list":["post-32604","page","type-page","status-publish","has-post-thumbnail","hentry"],"yoast_head":"<!-- This site is optimized with the Yoast SEO Premium plugin v26.9 (Yoast SEO v27.5) - https:\/\/yoast.com\/product\/yoast-seo-premium-wordpress\/ -->\n<title>Ciudadela de El Cairo - Historia e importancia - Landious Travel<\/title>\n<meta name=\"description\" content=\"Ciudadela de El Cairo o Ciudadela de Saladino es un monumento ic\u00f3nico en El Cairo isl\u00e1mico. Originalmente llamada Qala\u02bfat Sal\u0101\u1e25 ad-D\u012bn\" \/>\n<meta name=\"robots\" content=\"index, follow, max-snippet:-1, max-image-preview:large, max-video-preview:-1\" \/>\n<link rel=\"canonical\" href=\"https:\/\/landioustravel.com\/es\/ciudadela-el-cairo\/\" \/>\n<meta property=\"og:locale\" content=\"es_ES\" \/>\n<meta property=\"og:type\" content=\"article\" \/>\n<meta property=\"og:title\" content=\"Ciudadela de El Cairo\" \/>\n<meta property=\"og:description\" content=\"Ciudadela de El Cairo o Ciudadela de Saladino es un monumento ic\u00f3nico en El Cairo isl\u00e1mico. Originalmente llamada Qala\u02bfat Sal\u0101\u1e25 ad-D\u012bn\" \/>\n<meta property=\"og:url\" content=\"https:\/\/landioustravel.com\/es\/ciudadela-el-cairo\/\" \/>\n<meta property=\"og:site_name\" content=\"Landious Travel\" \/>\n<meta property=\"article:publisher\" content=\"https:\/\/web.facebook.com\/landiousEgypt\" \/>\n<meta property=\"og:image\" content=\"https:\/\/i0.wp.com\/landioustravel.com\/wp-content\/uploads\/2021\/06\/Ciudadela-de-El-Cairo-e1623351890977.jpg?fit=1200%2C675&ssl=1\" \/>\n\t<meta property=\"og:image:width\" content=\"1200\" \/>\n\t<meta property=\"og:image:height\" content=\"675\" \/>\n\t<meta property=\"og:image:type\" content=\"image\/jpeg\" \/>\n<meta name=\"twitter:card\" content=\"summary_large_image\" \/>\n<meta name=\"twitter:site\" content=\"@LandiousTours\" \/>\n<meta name=\"twitter:label1\" content=\"Tiempo de lectura\" \/>\n\t<meta name=\"twitter:data1\" content=\"6 minutos\" \/>\n<script type=\"application\/ld+json\" class=\"yoast-schema-graph\">{\"@context\":\"https:\\\/\\\/schema.org\",\"@graph\":[{\"@type\":\"WebPage\",\"@id\":\"https:\\\/\\\/landioustravel.com\\\/es\\\/ciudadela-el-cairo\\\/\",\"url\":\"https:\\\/\\\/landioustravel.com\\\/es\\\/ciudadela-el-cairo\\\/\",\"name\":\"Ciudadela de El Cairo - Historia e importancia - Landious Travel\",\"isPartOf\":{\"@id\":\"https:\\\/\\\/landioustravel.com\\\/es\\\/#website\"},\"primaryImageOfPage\":{\"@id\":\"https:\\\/\\\/landioustravel.com\\\/es\\\/ciudadela-el-cairo\\\/#primaryimage\"},\"image\":{\"@id\":\"https:\\\/\\\/landioustravel.com\\\/es\\\/ciudadela-el-cairo\\\/#primaryimage\"},\"thumbnailUrl\":\"https:\\\/\\\/i0.wp.com\\\/landioustravel.com\\\/wp-content\\\/uploads\\\/2021\\\/06\\\/Ciudadela-de-El-Cairo-e1623351890977.jpg?fit=1200%2C675&ssl=1\",\"datePublished\":\"2021-06-10T19:05:20+00:00\",\"description\":\"Ciudadela de El Cairo o Ciudadela de Saladino es un monumento ic\u00f3nico en El Cairo isl\u00e1mico. Originalmente llamada Qala\u02bfat Sal\u0101\u1e25 ad-D\u012bn\",\"breadcrumb\":{\"@id\":\"https:\\\/\\\/landioustravel.com\\\/es\\\/ciudadela-el-cairo\\\/#breadcrumb\"},\"inLanguage\":\"es\",\"potentialAction\":[{\"@type\":\"ReadAction\",\"target\":[\"https:\\\/\\\/landioustravel.com\\\/es\\\/ciudadela-el-cairo\\\/\"]}]},{\"@type\":\"ImageObject\",\"inLanguage\":\"es\",\"@id\":\"https:\\\/\\\/landioustravel.com\\\/es\\\/ciudadela-el-cairo\\\/#primaryimage\",\"url\":\"https:\\\/\\\/i0.wp.com\\\/landioustravel.com\\\/wp-content\\\/uploads\\\/2021\\\/06\\\/Ciudadela-de-El-Cairo-e1623351890977.jpg?fit=1200%2C675&ssl=1\",\"contentUrl\":\"https:\\\/\\\/i0.wp.com\\\/landioustravel.com\\\/wp-content\\\/uploads\\\/2021\\\/06\\\/Ciudadela-de-El-Cairo-e1623351890977.jpg?fit=1200%2C675&ssl=1\",\"width\":1200,\"height\":675,\"caption\":\"Ciudadela de El Cairo\"},{\"@type\":\"BreadcrumbList\",\"@id\":\"https:\\\/\\\/landioustravel.com\\\/es\\\/ciudadela-el-cairo\\\/#breadcrumb\",\"itemListElement\":[{\"@type\":\"ListItem\",\"position\":1,\"name\":\"Home\",\"item\":\"https:\\\/\\\/landioustravel.com\\\/es\\\/\"},{\"@type\":\"ListItem\",\"position\":2,\"name\":\"Ciudadela de El Cairo\"}]},{\"@type\":\"WebSite\",\"@id\":\"https:\\\/\\\/landioustravel.com\\\/es\\\/#website\",\"url\":\"https:\\\/\\\/landioustravel.com\\\/es\\\/\",\"name\":\"Landious Travel\",\"description\":\"Tours and Excursions in Egypt\",\"publisher\":{\"@id\":\"https:\\\/\\\/landioustravel.com\\\/es\\\/#organization\"},\"potentialAction\":[{\"@type\":\"SearchAction\",\"target\":{\"@type\":\"EntryPoint\",\"urlTemplate\":\"https:\\\/\\\/landioustravel.com\\\/es\\\/?s={search_term_string}\"},\"query-input\":{\"@type\":\"PropertyValueSpecification\",\"valueRequired\":true,\"valueName\":\"search_term_string\"}}],\"inLanguage\":\"es\"},{\"@type\":[\"Organization\",\"Place\"],\"@id\":\"https:\\\/\\\/landioustravel.com\\\/es\\\/#organization\",\"name\":\"Landious Travel\",\"alternateName\":\"Landious Travel\",\"url\":\"https:\\\/\\\/landioustravel.com\\\/es\\\/\",\"logo\":{\"@id\":\"https:\\\/\\\/landioustravel.com\\\/es\\\/ciudadela-el-cairo\\\/#local-main-organization-logo\"},\"image\":{\"@id\":\"https:\\\/\\\/landioustravel.com\\\/es\\\/ciudadela-el-cairo\\\/#local-main-organization-logo\"},\"sameAs\":[\"https:\\\/\\\/web.facebook.com\\\/landiousEgypt\",\"https:\\\/\\\/x.com\\\/LandiousTours\",\"https:\\\/\\\/mastodon.social\\\/@landious\"],\"legalName\":\"Landious Travel\",\"telephone\":[],\"openingHoursSpecification\":[{\"@type\":\"OpeningHoursSpecification\",\"dayOfWeek\":[\"Monday\",\"Tuesday\",\"Wednesday\",\"Thursday\",\"Friday\",\"Saturday\",\"Sunday\"],\"opens\":\"09:00\",\"closes\":\"17:00\"}]},{\"@type\":\"ImageObject\",\"inLanguage\":\"es\",\"@id\":\"https:\\\/\\\/landioustravel.com\\\/es\\\/ciudadela-el-cairo\\\/#local-main-organization-logo\",\"url\":\"https:\\\/\\\/i0.wp.com\\\/landioustravel.com\\\/wp-content\\\/uploads\\\/2021\\\/06\\\/Landious-T.png?fit=500%2C500&ssl=1\",\"contentUrl\":\"https:\\\/\\\/i0.wp.com\\\/landioustravel.com\\\/wp-content\\\/uploads\\\/2021\\\/06\\\/Landious-T.png?fit=500%2C500&ssl=1\",\"width\":500,\"height\":500,\"caption\":\"Landious Travel\"}]}<\/script>\n<!-- \/ Yoast SEO Premium plugin. -->","yoast_head_json":{"title":"Ciudadela de El Cairo - Historia e importancia - Landious Travel","description":"Ciudadela de El Cairo o Ciudadela de Saladino es un monumento ic\u00f3nico en El Cairo isl\u00e1mico. Originalmente llamada Qala\u02bfat Sal\u0101\u1e25 ad-D\u012bn","robots":{"index":"index","follow":"follow","max-snippet":"max-snippet:-1","max-image-preview":"max-image-preview:large","max-video-preview":"max-video-preview:-1"},"canonical":"https:\/\/landioustravel.com\/es\/ciudadela-el-cairo\/","og_locale":"es_ES","og_type":"article","og_title":"Ciudadela de El Cairo","og_description":"Ciudadela de El Cairo o Ciudadela de Saladino es un monumento ic\u00f3nico en El Cairo isl\u00e1mico. Originalmente llamada Qala\u02bfat Sal\u0101\u1e25 ad-D\u012bn","og_url":"https:\/\/landioustravel.com\/es\/ciudadela-el-cairo\/","og_site_name":"Landious Travel","article_publisher":"https:\/\/web.facebook.com\/landiousEgypt","og_image":[{"width":1200,"height":675,"url":"https:\/\/i0.wp.com\/landioustravel.com\/wp-content\/uploads\/2021\/06\/Ciudadela-de-El-Cairo-e1623351890977.jpg?fit=1200%2C675&ssl=1","type":"image\/jpeg"}],"twitter_card":"summary_large_image","twitter_site":"@LandiousTours","twitter_misc":{"Tiempo de lectura":"6 minutos"},"schema":{"@context":"https:\/\/schema.org","@graph":[{"@type":"WebPage","@id":"https:\/\/landioustravel.com\/es\/ciudadela-el-cairo\/","url":"https:\/\/landioustravel.com\/es\/ciudadela-el-cairo\/","name":"Ciudadela de El Cairo - Historia e importancia - Landious Travel","isPartOf":{"@id":"https:\/\/landioustravel.com\/es\/#website"},"primaryImageOfPage":{"@id":"https:\/\/landioustravel.com\/es\/ciudadela-el-cairo\/#primaryimage"},"image":{"@id":"https:\/\/landioustravel.com\/es\/ciudadela-el-cairo\/#primaryimage"},"thumbnailUrl":"https:\/\/i0.wp.com\/landioustravel.com\/wp-content\/uploads\/2021\/06\/Ciudadela-de-El-Cairo-e1623351890977.jpg?fit=1200%2C675&ssl=1","datePublished":"2021-06-10T19:05:20+00:00","description":"Ciudadela de El Cairo o Ciudadela de Saladino es un monumento ic\u00f3nico en El Cairo isl\u00e1mico. Originalmente llamada Qala\u02bfat Sal\u0101\u1e25 ad-D\u012bn","breadcrumb":{"@id":"https:\/\/landioustravel.com\/es\/ciudadela-el-cairo\/#breadcrumb"},"inLanguage":"es","potentialAction":[{"@type":"ReadAction","target":["https:\/\/landioustravel.com\/es\/ciudadela-el-cairo\/"]}]},{"@type":"ImageObject","inLanguage":"es","@id":"https:\/\/landioustravel.com\/es\/ciudadela-el-cairo\/#primaryimage","url":"https:\/\/i0.wp.com\/landioustravel.com\/wp-content\/uploads\/2021\/06\/Ciudadela-de-El-Cairo-e1623351890977.jpg?fit=1200%2C675&ssl=1","contentUrl":"https:\/\/i0.wp.com\/landioustravel.com\/wp-content\/uploads\/2021\/06\/Ciudadela-de-El-Cairo-e1623351890977.jpg?fit=1200%2C675&ssl=1","width":1200,"height":675,"caption":"Ciudadela de El Cairo"},{"@type":"BreadcrumbList","@id":"https:\/\/landioustravel.com\/es\/ciudadela-el-cairo\/#breadcrumb","itemListElement":[{"@type":"ListItem","position":1,"name":"Home","item":"https:\/\/landioustravel.com\/es\/"},{"@type":"ListItem","position":2,"name":"Ciudadela de El Cairo"}]},{"@type":"WebSite","@id":"https:\/\/landioustravel.com\/es\/#website","url":"https:\/\/landioustravel.com\/es\/","name":"Landious Travel","description":"Tours and Excursions in Egypt","publisher":{"@id":"https:\/\/landioustravel.com\/es\/#organization"},"potentialAction":[{"@type":"SearchAction","target":{"@type":"EntryPoint","urlTemplate":"https:\/\/landioustravel.com\/es\/?s={search_term_string}"},"query-input":{"@type":"PropertyValueSpecification","valueRequired":true,"valueName":"search_term_string"}}],"inLanguage":"es"},{"@type":["Organization","Place"],"@id":"https:\/\/landioustravel.com\/es\/#organization","name":"Landious Travel","alternateName":"Landious Travel","url":"https:\/\/landioustravel.com\/es\/","logo":{"@id":"https:\/\/landioustravel.com\/es\/ciudadela-el-cairo\/#local-main-organization-logo"},"image":{"@id":"https:\/\/landioustravel.com\/es\/ciudadela-el-cairo\/#local-main-organization-logo"},"sameAs":["https:\/\/web.facebook.com\/landiousEgypt","https:\/\/x.com\/LandiousTours","https:\/\/mastodon.social\/@landious"],"legalName":"Landious Travel","telephone":[],"openingHoursSpecification":[{"@type":"OpeningHoursSpecification","dayOfWeek":["Monday","Tuesday","Wednesday","Thursday","Friday","Saturday","Sunday"],"opens":"09:00","closes":"17:00"}]},{"@type":"ImageObject","inLanguage":"es","@id":"https:\/\/landioustravel.com\/es\/ciudadela-el-cairo\/#local-main-organization-logo","url":"https:\/\/i0.wp.com\/landioustravel.com\/wp-content\/uploads\/2021\/06\/Landious-T.png?fit=500%2C500&ssl=1","contentUrl":"https:\/\/i0.wp.com\/landioustravel.com\/wp-content\/uploads\/2021\/06\/Landious-T.png?fit=500%2C500&ssl=1","width":500,"height":500,"caption":"Landious Travel"}]}},"uagb_featured_image_src":{"full":["https:\/\/i0.wp.com\/landioustravel.com\/wp-content\/uploads\/2021\/06\/Ciudadela-de-El-Cairo-e1623351890977.jpg?fit=1200%2C675&ssl=1",1200,675,false],"thumbnail":["https:\/\/i0.wp.com\/landioustravel.com\/wp-content\/uploads\/2021\/06\/Ciudadela-de-El-Cairo-e1623351890977.jpg?resize=150%2C150&ssl=1",150,150,true],"medium":["https:\/\/i0.wp.com\/landioustravel.com\/wp-content\/uploads\/2021\/06\/Ciudadela-de-El-Cairo-e1623351890977.jpg?fit=300%2C169&ssl=1",300,169,true],"medium_large":["https:\/\/i0.wp.com\/landioustravel.com\/wp-content\/uploads\/2021\/06\/Ciudadela-de-El-Cairo-e1623351890977.jpg?fit=768%2C432&ssl=1",768,432,true],"large":["https:\/\/i0.wp.com\/landioustravel.com\/wp-content\/uploads\/2021\/06\/Ciudadela-de-El-Cairo-e1623351890977.jpg?fit=980%2C551&ssl=1",980,551,true],"1536x1536":["https:\/\/i0.wp.com\/landioustravel.com\/wp-content\/uploads\/2021\/06\/Ciudadela-de-El-Cairo-e1623351890977.jpg?fit=1536%2C864&ssl=1",1536,864,true],"2048x2048":["https:\/\/i0.wp.com\/landioustravel.com\/wp-content\/uploads\/2021\/06\/Ciudadela-de-El-Cairo-e1623351890977.jpg?fit=2048%2C1152&ssl=1",2048,1152,true],"newspack-article-block-landscape-large":["https:\/\/i0.wp.com\/landioustravel.com\/wp-content\/uploads\/2021\/06\/Ciudadela-de-El-Cairo-e1623351890977.jpg?resize=1200%2C675&ssl=1",1200,900,true],"newspack-article-block-portrait-large":["https:\/\/i0.wp.com\/landioustravel.com\/wp-content\/uploads\/2021\/06\/Ciudadela-de-El-Cairo-e1623351890977.jpg?resize=900%2C675&ssl=1",900,1200,true],"newspack-article-block-square-large":["https:\/\/i0.wp.com\/landioustravel.com\/wp-content\/uploads\/2021\/06\/Ciudadela-de-El-Cairo-e1623351890977.jpg?resize=1200%2C675&ssl=1",1200,1200,true],"newspack-article-block-landscape-medium":["https:\/\/i0.wp.com\/landioustravel.com\/wp-content\/uploads\/2021\/06\/Ciudadela-de-El-Cairo-e1623351890977.jpg?resize=800%2C600&ssl=1",800,600,true],"newspack-article-block-portrait-medium":["https:\/\/i0.wp.com\/landioustravel.com\/wp-content\/uploads\/2021\/06\/Ciudadela-de-El-Cairo-e1623351890977.jpg?resize=600%2C675&ssl=1",600,800,true],"newspack-article-block-square-medium":["https:\/\/i0.wp.com\/landioustravel.com\/wp-content\/uploads\/2021\/06\/Ciudadela-de-El-Cairo-e1623351890977.jpg?resize=800%2C675&ssl=1",800,800,true],"newspack-article-block-landscape-intermediate":["https:\/\/i0.wp.com\/landioustravel.com\/wp-content\/uploads\/2021\/06\/Ciudadela-de-El-Cairo-e1623351890977.jpg?resize=600%2C450&ssl=1",600,450,true],"newspack-article-block-portrait-intermediate":["https:\/\/i0.wp.com\/landioustravel.com\/wp-content\/uploads\/2021\/06\/Ciudadela-de-El-Cairo-e1623351890977.jpg?resize=450%2C600&ssl=1",450,600,true],"newspack-article-block-square-intermediate":["https:\/\/i0.wp.com\/landioustravel.com\/wp-content\/uploads\/2021\/06\/Ciudadela-de-El-Cairo-e1623351890977.jpg?resize=600%2C600&ssl=1",600,600,true],"newspack-article-block-landscape-small":["https:\/\/i0.wp.com\/landioustravel.com\/wp-content\/uploads\/2021\/06\/Ciudadela-de-El-Cairo-e1623351890977.jpg?resize=400%2C300&ssl=1",400,300,true],"newspack-article-block-portrait-small":["https:\/\/i0.wp.com\/landioustravel.com\/wp-content\/uploads\/2021\/06\/Ciudadela-de-El-Cairo-e1623351890977.jpg?resize=300%2C400&ssl=1",300,400,true],"newspack-article-block-square-small":["https:\/\/i0.wp.com\/landioustravel.com\/wp-content\/uploads\/2021\/06\/Ciudadela-de-El-Cairo-e1623351890977.jpg?resize=400%2C400&ssl=1",400,400,true],"newspack-article-block-landscape-tiny":["https:\/\/i0.wp.com\/landioustravel.com\/wp-content\/uploads\/2021\/06\/Ciudadela-de-El-Cairo-e1623351890977.jpg?resize=200%2C150&ssl=1",200,150,true],"newspack-article-block-portrait-tiny":["https:\/\/i0.wp.com\/landioustravel.com\/wp-content\/uploads\/2021\/06\/Ciudadela-de-El-Cairo-e1623351890977.jpg?resize=150%2C200&ssl=1",150,200,true],"newspack-article-block-square-tiny":["https:\/\/i0.wp.com\/landioustravel.com\/wp-content\/uploads\/2021\/06\/Ciudadela-de-El-Cairo-e1623351890977.jpg?resize=200%2C200&ssl=1",200,200,true],"newspack-article-block-uncropped":["https:\/\/i0.wp.com\/landioustravel.com\/wp-content\/uploads\/2021\/06\/Ciudadela-de-El-Cairo-e1623351890977.jpg?fit=1200%2C675&ssl=1",1200,675,true],"woocommerce_thumbnail":["https:\/\/i0.wp.com\/landioustravel.com\/wp-content\/uploads\/2021\/06\/Ciudadela-de-El-Cairo-e1623351890977.jpg?resize=324%2C324&ssl=1",324,324,true],"woocommerce_single":["https:\/\/i0.wp.com\/landioustravel.com\/wp-content\/uploads\/2021\/06\/Ciudadela-de-El-Cairo-e1623351890977.jpg?fit=416%2C234&ssl=1",416,234,true],"woocommerce_gallery_thumbnail":["https:\/\/i0.wp.com\/landioustravel.com\/wp-content\/uploads\/2021\/06\/Ciudadela-de-El-Cairo-e1623351890977.jpg?resize=100%2C100&ssl=1",100,100,true]},"uagb_author_info":{"display_name":"Mofreh Landious","author_link":"https:\/\/landioustravel.com\/es\/author\/landious\/"},"uagb_comment_info":0,"uagb_excerpt":"La Ciudadela de El Cairo o Ciudadela de Saladino es un monumento ic\u00f3nico en El Cairo isl\u00e1mico. Originalmente llamada Qala\u02bfat Sal\u0101\u1e25 ad-D\u012bn en \u00e1rabe, la Ciudadela es un pico de la historia. Encaramado sobre una pendiente profunda, el fuerte ofrece la vista m\u00e1s magn\u00edfica del Viejo Cairo. El-Nasir Salah El-Din Yusuf Ibn Ayyub construy\u00f3 esta&hellip;","jetpack_sharing_enabled":true,"jetpack_shortlink":"https:\/\/wp.me\/Par4r5-8tS","jetpack_likes_enabled":true,"amp_enabled":true,"_links":{"self":[{"href":"https:\/\/landioustravel.com\/es\/wp-json\/wp\/v2\/pages\/32604","targetHints":{"allow":["GET"]}}],"collection":[{"href":"https:\/\/landioustravel.com\/es\/wp-json\/wp\/v2\/pages"}],"about":[{"href":"https:\/\/landioustravel.com\/es\/wp-json\/wp\/v2\/types\/page"}],"author":[{"embeddable":true,"href":"https:\/\/landioustravel.com\/es\/wp-json\/wp\/v2\/users\/1"}],"replies":[{"embeddable":true,"href":"https:\/\/landioustravel.com\/es\/wp-json\/wp\/v2\/comments?post=32604"}],"version-history":[{"count":0,"href":"https:\/\/landioustravel.com\/es\/wp-json\/wp\/v2\/pages\/32604\/revisions"}],"wp:featuredmedia":[{"embeddable":true,"href":"https:\/\/landioustravel.com\/es\/wp-json\/wp\/v2\/media\/32608"}],"wp:attachment":[{"href":"https:\/\/landioustravel.com\/es\/wp-json\/wp\/v2\/media?parent=32604"}],"curies":[{"name":"wp","href":"https:\/\/api.w.org\/{rel}","templated":true}]}}