{"id":33865,"date":"2021-07-09T21:29:26","date_gmt":"2021-07-09T19:29:26","guid":{"rendered":"https:\/\/landioustravel.com\/?page_id=33865"},"modified":"2021-07-09T21:29:29","modified_gmt":"2021-07-09T19:29:29","slug":"faraones-egipto","status":"publish","type":"page","link":"https:\/\/landioustravel.com\/es\/egipto\/faraones-egipto\/","title":{"rendered":"Faraones de egipto"},"content":{"rendered":"\n<p><a href=\"https:\/\/landioustravel.com\/es\/egipto\/\">Egipto<\/a> fue gobernado continuamente, al menos en parte, por faraones nativos durante aproximadamente 2500 a\u00f1os. De forma ininterrumpida, fue conquistada por el <a href=\"https:\/\/www.nationalgeographic.org\/media\/kingdoms-kush\/\" target=\"_blank\" rel=\"noreferrer noopener\">Reino de Kush<\/a> a finales del siglo VIII a.C., cuyos gobernantes adoptaron la titulaci\u00f3n tradicional fara\u00f3nica para s\u00ed mismos. Despu\u00e9s de la conquista kushita, Egipto experiment\u00f3 otro per\u00edodo de dominio nativo independiente antes de ser conquistado por el Imperio aquem\u00e9nida, cuyos gobernantes tambi\u00e9n adoptaron el t\u00edtulo de \u00abfara\u00f3n\u00bb. El \u00faltimo fara\u00f3n nativo de Egipto fue Nectanebo II, quien fue el \u00faltimo fara\u00f3n antes de que los aquem\u00e9nidas conquistaran Egipto por segunda vez.<\/p>\n\n\n\n<p>El dominio aquem\u00e9nida sobre Egipto lleg\u00f3 a su fin con las conquistas de Alejandro Magno en el 332 a. C. Siguiendo a Alejandro, fue gobernado por los faraones hel\u00e9nicos de la dinast\u00eda ptolemaica. Su gobierno y la independencia de Egipto llegaron a su fin cuando Egipto se convirti\u00f3 en una provincia de Roma en el a\u00f1o 30 a. C. Augusto y los emperadores romanos posteriores fueron denominados fara\u00f3n cuando estuvieron en Egipto hasta el reinado de Maximinus Daia en el 314 d. C.<\/p>\n\n\n\n<h2 class=\"wp-block-heading\" id=\"h-fechas-de-la-lista-de-faraones\">Fechas de la lista de faraones<\/h2>\n\n\n\n<p>Las fechas dadas en esta lista de faraones son aproximadas. Se basan principalmente en la cronolog\u00eda convencional del Antiguo Egipto, principalmente en la base de datos Digital Egypt for Universities desarrollada por el Museo Petrie de Arqueolog\u00eda Egipcia. Pero las fechas alternativas tomadas de otras autoridades pueden indicarse por separado.<\/p>\n\n\n\n<p>Las listas modernas de faraones se basan en registros hist\u00f3ricos; incluyendo listas de reyes del Antiguo Egipto e historias posteriores, como Aegyptiaca de Manet\u00f3n, as\u00ed como evidencia arqueol\u00f3gica. Con respecto a las fuentes antiguas, los egipt\u00f3logos e historiadores piden cautela con respecto a la credibilidad, exactitud e integridad de estas fuentes. La raz\u00f3n, los historiadores han escrito muchas de estas fuentes mucho tiempo despu\u00e9s de los reinados que informan. Un problema adicional es que las listas de reyes antiguas a menudo est\u00e1n da\u00f1adas, son inconsistentes entre s\u00ed y \/ o selectivas.<\/p>\n\n\n\n<h2 class=\"wp-block-heading\">Listas de reyes de los antiguos faraones egipcios<\/h2>\n\n\n\n<p>Se conocen las siguientes listas de reyes antiguos (junto con la dinast\u00eda bajo la cual fueron creados):<\/p>\n\n\n\n<ul class=\"is-style-checkbox wp-block-list\"><li>Piedra de Palermo (V Dinast\u00eda); tallada sobre una losa de olivino-basalto. Roto en pedazos y por lo tanto hoy incompleto.<\/li><li>Lista de reyes de Giza (VI dinast\u00eda); pintado con tinta roja, verde y negra sobre yeso y madera de cedro.<\/li><li>Piedra de Saqqara del Sur (VI dinast\u00eda); tallado en una losa de basalto negro.<\/li><li>Lista de reyes de Karnak (XVIII dinast\u00eda); tallado en piedra caliza.<\/li><li>Lista de Abydos King de Seti I (XIX dinast\u00eda); tallado en piedra caliza. Muy detallado, pero omitiendo el Primer Per\u00edodo Intermedio.<\/li><li>Abydos King Lista de Rams\u00e9s II (XIX dinast\u00eda), tallada en piedra caliza.<\/li><li>Lista de reyes de Saqqara (XIX dinast\u00eda), tallada en piedra caliza. Muy detallado, pero omitiendo la mayor\u00eda de los reyes de la I Dinast\u00eda por razones desconocidas.<\/li><li>Lista de reyes de Tur\u00edn (XIX dinast\u00eda); escrito con tinta roja y negra sobre papiro. Probablemente la lista de reyes m\u00e1s completa de la historia, hoy da\u00f1ada.<\/li><li>Aegyptiaca de Manet\u00f3n (per\u00edodo griego); posiblemente escrito en papiro. Los escritos originales se han perdido hoy y muchas an\u00e9cdotas asignadas a ciertos reyes parecen ficticias.<\/li><\/ul>\n","protected":false},"excerpt":{"rendered":"<p>Egipto fue gobernado continuamente, al menos en parte, por faraones nativos durante aproximadamente 2500 a\u00f1os. De forma ininterrumpida, fue conquistada por el Reino de Kush a finales del siglo VIII a.C., cuyos gobernantes adoptaron la titulaci\u00f3n tradicional fara\u00f3nica para s\u00ed mismos. Despu\u00e9s de la conquista kushita, Egipto experiment\u00f3 otro per\u00edodo de dominio nativo independiente antes [&hellip;]<\/p>\n","protected":false},"author":1,"featured_media":33868,"parent":2175,"menu_order":4,"comment_status":"open","ping_status":"closed","template":"","meta":{"_coblocks_attr":"","_coblocks_dimensions":"","_coblocks_responsive_height":"","_coblocks_accordion_ie_support":"","_uag_custom_page_level_css":"","footnotes":""},"class_list":["post-33865","page","type-page","status-publish","has-post-thumbnail","hentry"],"yoast_head":"<!-- This site is optimized with the Yoast SEO Premium plugin v26.9 (Yoast SEO v27.5) - https:\/\/yoast.com\/product\/yoast-seo-premium-wordpress\/ -->\n<title>Faraones de egipto - Historia y caracter\u00edsticas - Landious Travel<\/title>\n<meta name=\"description\" content=\"Faraones de egipto Egipto fue gobernado continuamente, al menos en parte, por faraones nativos durante aproximadamente 2500 a\u00f1os. De forma\" \/>\n<meta name=\"robots\" content=\"index, follow, max-snippet:-1, max-image-preview:large, max-video-preview:-1\" \/>\n<link rel=\"canonical\" href=\"https:\/\/landioustravel.com\/es\/egipto\/faraones-egipto\/\" \/>\n<meta property=\"og:locale\" content=\"es_ES\" \/>\n<meta property=\"og:type\" content=\"article\" \/>\n<meta property=\"og:title\" content=\"Faraones de egipto\" \/>\n<meta property=\"og:description\" content=\"Faraones de egipto Egipto fue gobernado continuamente, al menos en parte, por faraones nativos durante aproximadamente 2500 a\u00f1os. De forma\" \/>\n<meta property=\"og:url\" content=\"https:\/\/landioustravel.com\/es\/egipto\/faraones-egipto\/\" \/>\n<meta property=\"og:site_name\" content=\"Landious Travel\" \/>\n<meta property=\"article:publisher\" content=\"https:\/\/web.facebook.com\/landiousEgypt\" \/>\n<meta property=\"article:modified_time\" content=\"2021-07-09T19:29:29+00:00\" \/>\n<meta property=\"og:image\" content=\"https:\/\/i0.wp.com\/landioustravel.com\/wp-content\/uploads\/2021\/07\/Faraones-de-egipto-e1625858872119.jpg?fit=1200%2C675&ssl=1\" \/>\n\t<meta property=\"og:image:width\" content=\"1200\" \/>\n\t<meta property=\"og:image:height\" content=\"675\" \/>\n\t<meta property=\"og:image:type\" content=\"image\/jpeg\" \/>\n<meta name=\"twitter:card\" content=\"summary_large_image\" \/>\n<meta name=\"twitter:site\" content=\"@LandiousTours\" \/>\n<meta name=\"twitter:label1\" content=\"Tiempo de lectura\" \/>\n\t<meta name=\"twitter:data1\" content=\"3 minutos\" \/>\n<script type=\"application\/ld+json\" class=\"yoast-schema-graph\">{\"@context\":\"https:\\\/\\\/schema.org\",\"@graph\":[{\"@type\":\"WebPage\",\"@id\":\"https:\\\/\\\/landioustravel.com\\\/es\\\/egipto\\\/faraones-egipto\\\/\",\"url\":\"https:\\\/\\\/landioustravel.com\\\/es\\\/egipto\\\/faraones-egipto\\\/\",\"name\":\"Faraones de egipto - Historia y caracter\u00edsticas - Landious Travel\",\"isPartOf\":{\"@id\":\"https:\\\/\\\/landioustravel.com\\\/es\\\/#website\"},\"primaryImageOfPage\":{\"@id\":\"https:\\\/\\\/landioustravel.com\\\/es\\\/egipto\\\/faraones-egipto\\\/#primaryimage\"},\"image\":{\"@id\":\"https:\\\/\\\/landioustravel.com\\\/es\\\/egipto\\\/faraones-egipto\\\/#primaryimage\"},\"thumbnailUrl\":\"https:\\\/\\\/i0.wp.com\\\/landioustravel.com\\\/wp-content\\\/uploads\\\/2021\\\/07\\\/Faraones-de-egipto-e1625858872119.jpg?fit=1200%2C675&ssl=1\",\"datePublished\":\"2021-07-09T19:29:26+00:00\",\"dateModified\":\"2021-07-09T19:29:29+00:00\",\"description\":\"Faraones de egipto Egipto fue gobernado continuamente, al menos en parte, por faraones nativos durante aproximadamente 2500 a\u00f1os. De forma\",\"breadcrumb\":{\"@id\":\"https:\\\/\\\/landioustravel.com\\\/es\\\/egipto\\\/faraones-egipto\\\/#breadcrumb\"},\"inLanguage\":\"es\",\"potentialAction\":[{\"@type\":\"ReadAction\",\"target\":[\"https:\\\/\\\/landioustravel.com\\\/es\\\/egipto\\\/faraones-egipto\\\/\"]}]},{\"@type\":\"ImageObject\",\"inLanguage\":\"es\",\"@id\":\"https:\\\/\\\/landioustravel.com\\\/es\\\/egipto\\\/faraones-egipto\\\/#primaryimage\",\"url\":\"https:\\\/\\\/i0.wp.com\\\/landioustravel.com\\\/wp-content\\\/uploads\\\/2021\\\/07\\\/Faraones-de-egipto-e1625858872119.jpg?fit=1200%2C675&ssl=1\",\"contentUrl\":\"https:\\\/\\\/i0.wp.com\\\/landioustravel.com\\\/wp-content\\\/uploads\\\/2021\\\/07\\\/Faraones-de-egipto-e1625858872119.jpg?fit=1200%2C675&ssl=1\",\"width\":1200,\"height\":675,\"caption\":\"Faraones de egipto\"},{\"@type\":\"BreadcrumbList\",\"@id\":\"https:\\\/\\\/landioustravel.com\\\/es\\\/egipto\\\/faraones-egipto\\\/#breadcrumb\",\"itemListElement\":[{\"@type\":\"ListItem\",\"position\":1,\"name\":\"Home\",\"item\":\"https:\\\/\\\/landioustravel.com\\\/es\\\/\"},{\"@type\":\"ListItem\",\"position\":2,\"name\":\"Egipto\",\"item\":\"https:\\\/\\\/landioustravel.com\\\/es\\\/egipto\\\/\"},{\"@type\":\"ListItem\",\"position\":3,\"name\":\"Faraones de egipto\"}]},{\"@type\":\"WebSite\",\"@id\":\"https:\\\/\\\/landioustravel.com\\\/es\\\/#website\",\"url\":\"https:\\\/\\\/landioustravel.com\\\/es\\\/\",\"name\":\"Landious Travel\",\"description\":\"Tours and Excursions in Egypt\",\"publisher\":{\"@id\":\"https:\\\/\\\/landioustravel.com\\\/es\\\/#organization\"},\"potentialAction\":[{\"@type\":\"SearchAction\",\"target\":{\"@type\":\"EntryPoint\",\"urlTemplate\":\"https:\\\/\\\/landioustravel.com\\\/es\\\/?s={search_term_string}\"},\"query-input\":{\"@type\":\"PropertyValueSpecification\",\"valueRequired\":true,\"valueName\":\"search_term_string\"}}],\"inLanguage\":\"es\"},{\"@type\":[\"Organization\",\"Place\"],\"@id\":\"https:\\\/\\\/landioustravel.com\\\/es\\\/#organization\",\"name\":\"Landious Travel\",\"alternateName\":\"Landious Travel\",\"url\":\"https:\\\/\\\/landioustravel.com\\\/es\\\/\",\"logo\":{\"@id\":\"https:\\\/\\\/landioustravel.com\\\/es\\\/egipto\\\/faraones-egipto\\\/#local-main-organization-logo\"},\"image\":{\"@id\":\"https:\\\/\\\/landioustravel.com\\\/es\\\/egipto\\\/faraones-egipto\\\/#local-main-organization-logo\"},\"sameAs\":[\"https:\\\/\\\/web.facebook.com\\\/landiousEgypt\",\"https:\\\/\\\/x.com\\\/LandiousTours\",\"https:\\\/\\\/mastodon.social\\\/@landious\"],\"legalName\":\"Landious Travel\",\"telephone\":[],\"openingHoursSpecification\":[{\"@type\":\"OpeningHoursSpecification\",\"dayOfWeek\":[\"Monday\",\"Tuesday\",\"Wednesday\",\"Thursday\",\"Friday\",\"Saturday\",\"Sunday\"],\"opens\":\"09:00\",\"closes\":\"17:00\"}]},{\"@type\":\"ImageObject\",\"inLanguage\":\"es\",\"@id\":\"https:\\\/\\\/landioustravel.com\\\/es\\\/egipto\\\/faraones-egipto\\\/#local-main-organization-logo\",\"url\":\"https:\\\/\\\/i0.wp.com\\\/landioustravel.com\\\/wp-content\\\/uploads\\\/2021\\\/06\\\/Landious-T.png?fit=500%2C500&ssl=1\",\"contentUrl\":\"https:\\\/\\\/i0.wp.com\\\/landioustravel.com\\\/wp-content\\\/uploads\\\/2021\\\/06\\\/Landious-T.png?fit=500%2C500&ssl=1\",\"width\":500,\"height\":500,\"caption\":\"Landious Travel\"}]}<\/script>\n<!-- \/ Yoast SEO Premium plugin. -->","yoast_head_json":{"title":"Faraones de egipto - Historia y caracter\u00edsticas - Landious Travel","description":"Faraones de egipto Egipto fue gobernado continuamente, al menos en parte, por faraones nativos durante aproximadamente 2500 a\u00f1os. De forma","robots":{"index":"index","follow":"follow","max-snippet":"max-snippet:-1","max-image-preview":"max-image-preview:large","max-video-preview":"max-video-preview:-1"},"canonical":"https:\/\/landioustravel.com\/es\/egipto\/faraones-egipto\/","og_locale":"es_ES","og_type":"article","og_title":"Faraones de egipto","og_description":"Faraones de egipto Egipto fue gobernado continuamente, al menos en parte, por faraones nativos durante aproximadamente 2500 a\u00f1os. De forma","og_url":"https:\/\/landioustravel.com\/es\/egipto\/faraones-egipto\/","og_site_name":"Landious Travel","article_publisher":"https:\/\/web.facebook.com\/landiousEgypt","article_modified_time":"2021-07-09T19:29:29+00:00","og_image":[{"width":1200,"height":675,"url":"https:\/\/i0.wp.com\/landioustravel.com\/wp-content\/uploads\/2021\/07\/Faraones-de-egipto-e1625858872119.jpg?fit=1200%2C675&ssl=1","type":"image\/jpeg"}],"twitter_card":"summary_large_image","twitter_site":"@LandiousTours","twitter_misc":{"Tiempo de lectura":"3 minutos"},"schema":{"@context":"https:\/\/schema.org","@graph":[{"@type":"WebPage","@id":"https:\/\/landioustravel.com\/es\/egipto\/faraones-egipto\/","url":"https:\/\/landioustravel.com\/es\/egipto\/faraones-egipto\/","name":"Faraones de egipto - Historia y caracter\u00edsticas - Landious Travel","isPartOf":{"@id":"https:\/\/landioustravel.com\/es\/#website"},"primaryImageOfPage":{"@id":"https:\/\/landioustravel.com\/es\/egipto\/faraones-egipto\/#primaryimage"},"image":{"@id":"https:\/\/landioustravel.com\/es\/egipto\/faraones-egipto\/#primaryimage"},"thumbnailUrl":"https:\/\/i0.wp.com\/landioustravel.com\/wp-content\/uploads\/2021\/07\/Faraones-de-egipto-e1625858872119.jpg?fit=1200%2C675&ssl=1","datePublished":"2021-07-09T19:29:26+00:00","dateModified":"2021-07-09T19:29:29+00:00","description":"Faraones de egipto Egipto fue gobernado continuamente, al menos en parte, por faraones nativos durante aproximadamente 2500 a\u00f1os. De forma","breadcrumb":{"@id":"https:\/\/landioustravel.com\/es\/egipto\/faraones-egipto\/#breadcrumb"},"inLanguage":"es","potentialAction":[{"@type":"ReadAction","target":["https:\/\/landioustravel.com\/es\/egipto\/faraones-egipto\/"]}]},{"@type":"ImageObject","inLanguage":"es","@id":"https:\/\/landioustravel.com\/es\/egipto\/faraones-egipto\/#primaryimage","url":"https:\/\/i0.wp.com\/landioustravel.com\/wp-content\/uploads\/2021\/07\/Faraones-de-egipto-e1625858872119.jpg?fit=1200%2C675&ssl=1","contentUrl":"https:\/\/i0.wp.com\/landioustravel.com\/wp-content\/uploads\/2021\/07\/Faraones-de-egipto-e1625858872119.jpg?fit=1200%2C675&ssl=1","width":1200,"height":675,"caption":"Faraones de egipto"},{"@type":"BreadcrumbList","@id":"https:\/\/landioustravel.com\/es\/egipto\/faraones-egipto\/#breadcrumb","itemListElement":[{"@type":"ListItem","position":1,"name":"Home","item":"https:\/\/landioustravel.com\/es\/"},{"@type":"ListItem","position":2,"name":"Egipto","item":"https:\/\/landioustravel.com\/es\/egipto\/"},{"@type":"ListItem","position":3,"name":"Faraones de egipto"}]},{"@type":"WebSite","@id":"https:\/\/landioustravel.com\/es\/#website","url":"https:\/\/landioustravel.com\/es\/","name":"Landious Travel","description":"Tours and Excursions in Egypt","publisher":{"@id":"https:\/\/landioustravel.com\/es\/#organization"},"potentialAction":[{"@type":"SearchAction","target":{"@type":"EntryPoint","urlTemplate":"https:\/\/landioustravel.com\/es\/?s={search_term_string}"},"query-input":{"@type":"PropertyValueSpecification","valueRequired":true,"valueName":"search_term_string"}}],"inLanguage":"es"},{"@type":["Organization","Place"],"@id":"https:\/\/landioustravel.com\/es\/#organization","name":"Landious Travel","alternateName":"Landious Travel","url":"https:\/\/landioustravel.com\/es\/","logo":{"@id":"https:\/\/landioustravel.com\/es\/egipto\/faraones-egipto\/#local-main-organization-logo"},"image":{"@id":"https:\/\/landioustravel.com\/es\/egipto\/faraones-egipto\/#local-main-organization-logo"},"sameAs":["https:\/\/web.facebook.com\/landiousEgypt","https:\/\/x.com\/LandiousTours","https:\/\/mastodon.social\/@landious"],"legalName":"Landious Travel","telephone":[],"openingHoursSpecification":[{"@type":"OpeningHoursSpecification","dayOfWeek":["Monday","Tuesday","Wednesday","Thursday","Friday","Saturday","Sunday"],"opens":"09:00","closes":"17:00"}]},{"@type":"ImageObject","inLanguage":"es","@id":"https:\/\/landioustravel.com\/es\/egipto\/faraones-egipto\/#local-main-organization-logo","url":"https:\/\/i0.wp.com\/landioustravel.com\/wp-content\/uploads\/2021\/06\/Landious-T.png?fit=500%2C500&ssl=1","contentUrl":"https:\/\/i0.wp.com\/landioustravel.com\/wp-content\/uploads\/2021\/06\/Landious-T.png?fit=500%2C500&ssl=1","width":500,"height":500,"caption":"Landious Travel"}]}},"uagb_featured_image_src":{"full":["https:\/\/i0.wp.com\/landioustravel.com\/wp-content\/uploads\/2021\/07\/Faraones-de-egipto-e1625858872119.jpg?fit=1200%2C675&ssl=1",1200,675,false],"thumbnail":["https:\/\/i0.wp.com\/landioustravel.com\/wp-content\/uploads\/2021\/07\/Faraones-de-egipto-e1625858872119.jpg?resize=150%2C150&ssl=1",150,150,true],"medium":["https:\/\/i0.wp.com\/landioustravel.com\/wp-content\/uploads\/2021\/07\/Faraones-de-egipto-e1625858872119.jpg?fit=300%2C169&ssl=1",300,169,true],"medium_large":["https:\/\/i0.wp.com\/landioustravel.com\/wp-content\/uploads\/2021\/07\/Faraones-de-egipto-e1625858872119.jpg?fit=768%2C432&ssl=1",768,432,true],"large":["https:\/\/i0.wp.com\/landioustravel.com\/wp-content\/uploads\/2021\/07\/Faraones-de-egipto-e1625858872119.jpg?fit=980%2C551&ssl=1",980,551,true],"1536x1536":["https:\/\/i0.wp.com\/landioustravel.com\/wp-content\/uploads\/2021\/07\/Faraones-de-egipto-e1625858872119.jpg?fit=1536%2C864&ssl=1",1536,864,true],"2048x2048":["https:\/\/i0.wp.com\/landioustravel.com\/wp-content\/uploads\/2021\/07\/Faraones-de-egipto-e1625858872119.jpg?fit=1200%2C675&ssl=1",1200,675,true],"newspack-article-block-landscape-large":["https:\/\/i0.wp.com\/landioustravel.com\/wp-content\/uploads\/2021\/07\/Faraones-de-egipto-e1625858872119.jpg?resize=1200%2C675&ssl=1",1200,900,true],"newspack-article-block-portrait-large":["https:\/\/i0.wp.com\/landioustravel.com\/wp-content\/uploads\/2021\/07\/Faraones-de-egipto-e1625858872119.jpg?resize=900%2C675&ssl=1",900,1152,true],"newspack-article-block-square-large":["https:\/\/i0.wp.com\/landioustravel.com\/wp-content\/uploads\/2021\/07\/Faraones-de-egipto-e1625858872119.jpg?resize=1200%2C675&ssl=1",1200,1152,true],"newspack-article-block-landscape-medium":["https:\/\/i0.wp.com\/landioustravel.com\/wp-content\/uploads\/2021\/07\/Faraones-de-egipto-e1625858872119.jpg?resize=800%2C600&ssl=1",800,600,true],"newspack-article-block-portrait-medium":["https:\/\/i0.wp.com\/landioustravel.com\/wp-content\/uploads\/2021\/07\/Faraones-de-egipto-e1625858872119.jpg?resize=600%2C675&ssl=1",600,800,true],"newspack-article-block-square-medium":["https:\/\/i0.wp.com\/landioustravel.com\/wp-content\/uploads\/2021\/07\/Faraones-de-egipto-e1625858872119.jpg?resize=800%2C675&ssl=1",800,800,true],"newspack-article-block-landscape-intermediate":["https:\/\/i0.wp.com\/landioustravel.com\/wp-content\/uploads\/2021\/07\/Faraones-de-egipto-e1625858872119.jpg?resize=600%2C450&ssl=1",600,450,true],"newspack-article-block-portrait-intermediate":["https:\/\/i0.wp.com\/landioustravel.com\/wp-content\/uploads\/2021\/07\/Faraones-de-egipto-e1625858872119.jpg?resize=450%2C600&ssl=1",450,600,true],"newspack-article-block-square-intermediate":["https:\/\/i0.wp.com\/landioustravel.com\/wp-content\/uploads\/2021\/07\/Faraones-de-egipto-e1625858872119.jpg?resize=600%2C600&ssl=1",600,600,true],"newspack-article-block-landscape-small":["https:\/\/i0.wp.com\/landioustravel.com\/wp-content\/uploads\/2021\/07\/Faraones-de-egipto-e1625858872119.jpg?resize=400%2C300&ssl=1",400,300,true],"newspack-article-block-portrait-small":["https:\/\/i0.wp.com\/landioustravel.com\/wp-content\/uploads\/2021\/07\/Faraones-de-egipto-e1625858872119.jpg?resize=300%2C400&ssl=1",300,400,true],"newspack-article-block-square-small":["https:\/\/i0.wp.com\/landioustravel.com\/wp-content\/uploads\/2021\/07\/Faraones-de-egipto-e1625858872119.jpg?resize=400%2C400&ssl=1",400,400,true],"newspack-article-block-landscape-tiny":["https:\/\/i0.wp.com\/landioustravel.com\/wp-content\/uploads\/2021\/07\/Faraones-de-egipto-e1625858872119.jpg?resize=200%2C150&ssl=1",200,150,true],"newspack-article-block-portrait-tiny":["https:\/\/i0.wp.com\/landioustravel.com\/wp-content\/uploads\/2021\/07\/Faraones-de-egipto-e1625858872119.jpg?resize=150%2C200&ssl=1",150,200,true],"newspack-article-block-square-tiny":["https:\/\/i0.wp.com\/landioustravel.com\/wp-content\/uploads\/2021\/07\/Faraones-de-egipto-e1625858872119.jpg?resize=200%2C200&ssl=1",200,200,true],"newspack-article-block-uncropped":["https:\/\/i0.wp.com\/landioustravel.com\/wp-content\/uploads\/2021\/07\/Faraones-de-egipto-e1625858872119.jpg?fit=1200%2C675&ssl=1",1200,675,true],"woocommerce_thumbnail":["https:\/\/i0.wp.com\/landioustravel.com\/wp-content\/uploads\/2021\/07\/Faraones-de-egipto-e1625858872119.jpg?resize=324%2C324&ssl=1",324,324,true],"woocommerce_single":["https:\/\/i0.wp.com\/landioustravel.com\/wp-content\/uploads\/2021\/07\/Faraones-de-egipto-e1625858872119.jpg?fit=416%2C234&ssl=1",416,234,true],"woocommerce_gallery_thumbnail":["https:\/\/i0.wp.com\/landioustravel.com\/wp-content\/uploads\/2021\/07\/Faraones-de-egipto-e1625858872119.jpg?resize=100%2C100&ssl=1",100,100,true]},"uagb_author_info":{"display_name":"Mofreh Landious","author_link":"https:\/\/landioustravel.com\/es\/author\/landious\/"},"uagb_comment_info":0,"uagb_excerpt":"Egipto fue gobernado continuamente, al menos en parte, por faraones nativos durante aproximadamente 2500 a\u00f1os. De forma ininterrumpida, fue conquistada por el Reino de Kush a finales del siglo VIII a.C., cuyos gobernantes adoptaron la titulaci\u00f3n tradicional fara\u00f3nica para s\u00ed mismos. Despu\u00e9s de la conquista kushita, Egipto experiment\u00f3 otro per\u00edodo de dominio nativo independiente antes&hellip;","jetpack_sharing_enabled":true,"jetpack_shortlink":"https:\/\/wp.me\/Par4r5-8Od","jetpack_likes_enabled":true,"amp_enabled":true,"_links":{"self":[{"href":"https:\/\/landioustravel.com\/es\/wp-json\/wp\/v2\/pages\/33865","targetHints":{"allow":["GET"]}}],"collection":[{"href":"https:\/\/landioustravel.com\/es\/wp-json\/wp\/v2\/pages"}],"about":[{"href":"https:\/\/landioustravel.com\/es\/wp-json\/wp\/v2\/types\/page"}],"author":[{"embeddable":true,"href":"https:\/\/landioustravel.com\/es\/wp-json\/wp\/v2\/users\/1"}],"replies":[{"embeddable":true,"href":"https:\/\/landioustravel.com\/es\/wp-json\/wp\/v2\/comments?post=33865"}],"version-history":[{"count":0,"href":"https:\/\/landioustravel.com\/es\/wp-json\/wp\/v2\/pages\/33865\/revisions"}],"up":[{"embeddable":true,"href":"https:\/\/landioustravel.com\/es\/wp-json\/wp\/v2\/pages\/2175"}],"wp:featuredmedia":[{"embeddable":true,"href":"https:\/\/landioustravel.com\/es\/wp-json\/wp\/v2\/media\/33868"}],"wp:attachment":[{"href":"https:\/\/landioustravel.com\/es\/wp-json\/wp\/v2\/media?parent=33865"}],"curies":[{"name":"wp","href":"https:\/\/api.w.org\/{rel}","templated":true}]}}