{"id":34646,"date":"2021-08-01T03:19:39","date_gmt":"2021-08-01T01:19:39","guid":{"rendered":"https:\/\/landioustravel.com\/?page_id=34646"},"modified":"2021-08-01T03:19:42","modified_gmt":"2021-08-01T01:19:42","slug":"dios-set","status":"publish","type":"page","link":"https:\/\/landioustravel.com\/es\/egipto\/deidades-egipcias\/dios-set\/","title":{"rendered":"Dios Set"},"content":{"rendered":"\n<p>Set se erige como el dios egipcio de la guerra, el caos y las tormentas. Seth y Suetekh son los otros nombres del dios Set. Es el hermano de <a href=\"https:\/\/landioustravel.com\/es\/egipto\/deidades-egipcias\/dios-osiris\/\">Osiris<\/a>, <a href=\"https:\/\/landioustravel.com\/es\/egipto\/deidades-egipcias\/diosa-isis\/\">Isis<\/a> y <a href=\"https:\/\/landioustravel.com\/es\/egipto\/deidades-egipcias\/dios-horus\/\">Horus el Viejo<\/a>. Tambi\u00e9n es el t\u00edo de Horus el Joven y el hermano-esposo de Neftis. La diosa Tawaret, una deidad con cabeza de hipop\u00f3tamo que presid\u00eda la fertilidad y el parto, era consorte de Set.<\/p>\n\n\n\n<p>Cuando <a href=\"https:\/\/landioustravel.com\/es\/egipto\/deidades-egipcias\/dios-geb\/\">Geb<\/a> (tierra) y Nut (cielo) se unieron, produjeron cinco <a href=\"https:\/\/landioustravel.com\/es\/egipto\/deidades-egipcias\/\">dioses<\/a>. Seg\u00fan el \u00e1rbol geneal\u00f3gico, Set es uno de ellos. Su nombre en realidad se traduce como \u00abinstigador de confusi\u00f3n\u00bb y \u00abdestructor\u00bb. El conjunto se asocia a menudo con el desorden, las tierras y las personas extranjeras y el color rojo.<\/p>\n\n\n\n<h2 class=\"wp-block-heading\" id=\"h-representaci-n-de-set\">Representaci\u00f3n de Set<\/h2>\n\n\n\n<p>Set a menudo se representa como una bestia pelirroja. La bestia tiene una cola bifurcada y pezu\u00f1as hendidas o una desordenada bestia roja parecida a un perro conocida como \u00abSha\u00bb. Los eruditos modernos lo llaman el Animal Set. Sin embargo, algunos estudiosos afirman que los modelos de representaci\u00f3n son posteriores a la raza Saluki. Otros sostienen que la representaci\u00f3n es una criatura mitol\u00f3gica que se imagina representando un conjunto expl\u00edcito.<\/p>\n\n\n\n<p>Otros s\u00edmbolos que representan a Set son el hipop\u00f3tamo, el cocodrilo y la tortuga. Su asociaci\u00f3n principal fue con una serpiente. Adem\u00e1s, los ep\u00edtetos de Set incluyen \u00abLord of the Desert\u00bb y \u00abRuler of the South\u00bb. Set era originalmente un dios del Alto Egipto (el sur) y las tierras \u00e1ridas m\u00e1s all\u00e1 de las fronteras de <a href=\"https:\/\/landioustravel.com\/es\/egipto\/\">Egipto<\/a>.<\/p>\n\n\n\n<h2 class=\"wp-block-heading\">El lado bueno de este Dios<\/h2>\n\n\n\n<p>En el per\u00edodo din\u00e1stico temprano de Egipto (3150-2613 a. C.), Set era un dios importante y ben\u00e9volo del Alto Egipto. La gente invocaba su nombre para los hechizos de amor y los inscrib\u00eda en amuletos que serv\u00edan como hechizos de amor. Adem\u00e1s, Set tambi\u00e9n salv\u00f3 al dios sol Ra de la serpiente Apophis. La serpiente era una criatura malvada que intent\u00f3 detener el viaje del dios sol Ras a trav\u00e9s del cielo nocturno hacia la ma\u00f1ana.<\/p>\n\n\n\n<p>Los egipt\u00f3logos describieron que el dios Seth fue quien resisti\u00f3 la mirada mortal de la serpiente. Repeli\u00f3 a la malvada criatura con el empuje de una gran lanza. Por lo tanto, a trav\u00e9s de este acto, Set asegur\u00f3 que Ra se levantar\u00eda al d\u00eda siguiente. Set tambi\u00e9n fue el benefactor que ayud\u00f3 a las personas en la vida y las proporcion\u00f3 despu\u00e9s de la muerte.<\/p>\n\n\n\n<p>Los griegos asociaron a Set con Typhon, el dios-monstruo que desafi\u00f3 el poder de <a href=\"https:\/\/es.wikipedia.org\/wiki\/Zeus\" target=\"_blank\" rel=\"noreferrer noopener\">Zeus<\/a> y lo arroj\u00f3 al T\u00e1rtaro. Set a menudo se relacionaba con diosas extranjeras como la diosa guerrera Anat de Ugarit en <a href=\"https:\/\/www.google.com\/maps\/place\/Syria\/@34.7323425,34.5106638,6z\/data=!3m1!4b1!4m5!3m4!1s0x1518e6dc413cc6a7:0x877546f4882af620!8m2!3d34.802075!4d38.996815\" target=\"_blank\" rel=\"noreferrer noopener\">Siria<\/a>. Adem\u00e1s, establece v\u00ednculos con la Reina de los Cielos de Fenicia. La gente pensaba que Set representaba las tierras des\u00e9rticas y \u00e1ridas y los territorios lejanos. Por lo general, los lugares que estaban fuera de Egipto. Esto contrastaba con lo que representaban el dios Osiris y Horus, la fertilidad del valle del r\u00edo Nilo.<\/p>\n\n\n\n<h2 class=\"wp-block-heading\">El lado maligno del conjunto de Dios<\/h2>\n\n\n\n<p>En la \u00e9poca del Imperio Nuevo (1570-1069 a. C.), Set se hizo conocido como el primer asesino. Habiendo matado a su hermano mayor y querido Osiris. Las historias afirmaban que Set quer\u00eda reinar sobre el mundo y, por lo tanto, trat\u00f3 de asesinar al hijo de Osiris, Horus. La raz\u00f3n exacta por la que la imagen de Set cambi\u00f3 de un h\u00e9roe-dios a un malvado enemigo del orden y la justicia sigue siendo desconocida. Sin embargo, la transformaci\u00f3n de Set se complet\u00f3 cuando tuvo lugar la historia m\u00e1s popular del <a href=\"https:\/\/landioustravel.com\/es\/egipto\/historia-egipto\/\">Antiguo Egipto<\/a>, El mito de Osiris. M\u00e1s tarde, la gente com\u00fan y los reyes a\u00fan ped\u00edan ayuda a Set. Su nombre es evidente del de <a href=\"https:\/\/landioustravel.com\/es\/egipto\/faraones-egipto\/\">gobernantes<\/a> como Seti I, Sekhnakhte y Seti II.<\/p>\n\n\n\n<h2 class=\"wp-block-heading\">La mitolog\u00eda que rodea al Dios Set y el asesinato de Osiris<\/h2>\n\n\n\n<p>Atum cre\u00f3 el mundo, y Geb y Nut se unieron para producir los primeros cinco dioses de Egipto. Set fue el tercer dios nacido. Siendo el mayor, Osiris se convirti\u00f3 en el gobernante del mundo. Osiris trajo paz y armon\u00eda a la civilizaci\u00f3n de Egipto. Ense\u00f1\u00f3 agricultura a la gente y les dio arte, compasi\u00f3n e igualdad. Egipto fue considerado como un refugio bajo una pareja real de Osiris e Isis. La comida era abundante y nadie padec\u00eda ninguna necesidad.<\/p>\n\n\n\n<p>Sin embargo, el dios Set se puso celoso del poder y el \u00e9xito de su hermano Osiris. Su resentimiento se multiplic\u00f3 por diez debido a incidentes particulares. Su esposa, Neftis, atra\u00edda por Osiris, se disfraz\u00f3 de Isis y sedujo al gran rey. M\u00e1s tarde, qued\u00f3 embarazada y dio a luz al hijo de Osiris y dio a luz al dios Anubis.<\/p>\n\n\n\n<p>Set tram\u00f3 un plan malvado para eliminar a su hermano mayor. Hizo un hermoso ata\u00fad a las medidas de Osiris. M\u00e1s tarde, hizo una gran fiesta y dijo que el cofre ser\u00eda de quien quepa en el cofre. Osiris permaneci\u00f3 desconocido para este complot y se sent\u00f3 en el ata\u00fad. Luego, Set cerr\u00f3 la tapa de golpe y arroj\u00f3 el ba\u00fal al r\u00edo Nilo.<\/p>\n\n\n\n<p>En algunas historias, Set asesina a Osiris con sus 72 amigos. Sin embargo, algunos relatos afirman que Set solo fue responsable del asesinato de Osiris. Una variaci\u00f3n dice que Osiris fue asesinado en el ata\u00fad por Set. Otros argumentan que Osiris muri\u00f3 asfixiado en el r\u00edo o en el \u00e1rbol de Byblos.<\/p>\n\n\n\n<p>Adem\u00e1s, Set tom\u00f3 el trono de Egipto. Perdi\u00f3 el equilibrio armonioso creado por Isis y Osiris. Set era un fara\u00f3n impredecible y ca\u00f3tico. Trajo tormentas y sequ\u00edas. Las personas se volv\u00edan unas a otras para sobrevivir. Posteriormente, Isis fue en busca de su marido desaparecido y lo trajo de regreso a Egipto. Sin embargo, Set enga\u00f1\u00f3 a Nypthys para que revelara la ubicaci\u00f3n del cuerpo. Cort\u00f3 el cuerpo de Osiris en varias partes y las arroj\u00f3 por toda la tierra.<\/p>\n\n\n\n<h2 class=\"wp-block-heading\">La batalla de Horus y Set<\/h2>\n\n\n\n<p>Los manuscritos posteriores cuentan la historia de la batalla por el control del mundo entre Horus, hijo de Osiris y su t\u00edo Set. El cuento es un relato de la batalla legal ante los dioses para convertirse en rey de Egipto. Horus y Set compiten en una serie de concursos y batallas. Tienen que demostrar su val\u00eda. Horus gan\u00f3 todas estas batallas y fue declarado rey leg\u00edtimo.<\/p>\n\n\n\n<h2 class=\"wp-block-heading\">Conclusi\u00f3n<\/h2>\n\n\n\n<p>God Set se convirti\u00f3 en un villano seg\u00fan el mito del Nuevo Reino en adelante. Sin embargo, en el Per\u00edodo Din\u00e1stico Temprano, el sexto rey de la Segunda Dinast\u00eda eligi\u00f3 a Set como su patr\u00f3n en lugar de Horus. Es bastante interesante c\u00f3mo la imagen de Set se transform\u00f3 de un dios del amor a un dios de la guerra y el odio con el tiempo.<\/p>\n","protected":false},"excerpt":{"rendered":"<p>Set se erige como el dios egipcio de la guerra, el caos y las tormentas. Seth y Suetekh son los otros nombres del dios Set. Es el hermano de Osiris, Isis y Horus el Viejo. Tambi\u00e9n es el t\u00edo de Horus el Joven y el hermano-esposo de Neftis. La diosa Tawaret, una deidad con cabeza [&hellip;]<\/p>\n","protected":false},"author":1,"featured_media":34650,"parent":3629,"menu_order":0,"comment_status":"open","ping_status":"closed","template":"","meta":{"_coblocks_attr":"","_coblocks_dimensions":"","_coblocks_responsive_height":"","_coblocks_accordion_ie_support":"","_uag_custom_page_level_css":"","jetpack_post_was_ever_published":false,"footnotes":""},"class_list":["post-34646","page","type-page","status-publish","has-post-thumbnail","hentry"],"yoast_head":"<!-- This site is optimized with the Yoast SEO Premium plugin v26.9 (Yoast SEO v27.3) - https:\/\/yoast.com\/product\/yoast-seo-premium-wordpress\/ -->\n<title>Dios Set - Rol y posici\u00f3n religiosa - Landious Travel<\/title>\n<meta name=\"description\" content=\"Dios Set a menudo se representa como una bestia pelirroja. La bestia tiene una cola bifurcada y pezu\u00f1as hendidas o una desordenada bestia roja\" \/>\n<meta name=\"robots\" content=\"index, follow, max-snippet:-1, max-image-preview:large, max-video-preview:-1\" \/>\n<link rel=\"canonical\" href=\"https:\/\/landioustravel.com\/es\/egipto\/deidades-egipcias\/dios-set\/\" \/>\n<meta property=\"og:locale\" content=\"es_ES\" \/>\n<meta property=\"og:type\" content=\"article\" \/>\n<meta property=\"og:title\" content=\"Dios Set\" \/>\n<meta property=\"og:description\" content=\"Dios Set a menudo se representa como una bestia pelirroja. La bestia tiene una cola bifurcada y pezu\u00f1as hendidas o una desordenada bestia roja\" \/>\n<meta property=\"og:url\" content=\"https:\/\/landioustravel.com\/es\/egipto\/deidades-egipcias\/dios-set\/\" \/>\n<meta property=\"og:site_name\" content=\"Landious Travel\" \/>\n<meta property=\"article:publisher\" content=\"https:\/\/web.facebook.com\/landiousEgypt\" \/>\n<meta property=\"article:modified_time\" content=\"2021-08-01T01:19:42+00:00\" \/>\n<meta property=\"og:image\" content=\"https:\/\/i0.wp.com\/landioustravel.com\/wp-content\/uploads\/2021\/08\/Dios-Set-e1627780645846.jpg?fit=1200%2C675&ssl=1\" \/>\n\t<meta property=\"og:image:width\" content=\"1200\" \/>\n\t<meta property=\"og:image:height\" content=\"675\" \/>\n\t<meta property=\"og:image:type\" content=\"image\/jpeg\" \/>\n<meta name=\"twitter:card\" content=\"summary_large_image\" \/>\n<meta name=\"twitter:site\" content=\"@LandiousTours\" \/>\n<meta name=\"twitter:label1\" content=\"Tiempo de lectura\" \/>\n\t<meta name=\"twitter:data1\" content=\"5 minutos\" \/>\n<script type=\"application\/ld+json\" class=\"yoast-schema-graph\">{\"@context\":\"https:\\\/\\\/schema.org\",\"@graph\":[{\"@type\":\"WebPage\",\"@id\":\"https:\\\/\\\/landioustravel.com\\\/es\\\/egipto\\\/deidades-egipcias\\\/dios-set\\\/\",\"url\":\"https:\\\/\\\/landioustravel.com\\\/es\\\/egipto\\\/deidades-egipcias\\\/dios-set\\\/\",\"name\":\"Dios Set - Rol y posici\u00f3n religiosa - Landious Travel\",\"isPartOf\":{\"@id\":\"https:\\\/\\\/landioustravel.com\\\/es\\\/#website\"},\"primaryImageOfPage\":{\"@id\":\"https:\\\/\\\/landioustravel.com\\\/es\\\/egipto\\\/deidades-egipcias\\\/dios-set\\\/#primaryimage\"},\"image\":{\"@id\":\"https:\\\/\\\/landioustravel.com\\\/es\\\/egipto\\\/deidades-egipcias\\\/dios-set\\\/#primaryimage\"},\"thumbnailUrl\":\"https:\\\/\\\/i0.wp.com\\\/landioustravel.com\\\/wp-content\\\/uploads\\\/2021\\\/08\\\/Dios-Set-e1627780645846.jpg?fit=1200%2C675&ssl=1\",\"datePublished\":\"2021-08-01T01:19:39+00:00\",\"dateModified\":\"2021-08-01T01:19:42+00:00\",\"description\":\"Dios Set a menudo se representa como una bestia pelirroja. La bestia tiene una cola bifurcada y pezu\u00f1as hendidas o una desordenada bestia roja\",\"breadcrumb\":{\"@id\":\"https:\\\/\\\/landioustravel.com\\\/es\\\/egipto\\\/deidades-egipcias\\\/dios-set\\\/#breadcrumb\"},\"inLanguage\":\"es\",\"potentialAction\":[{\"@type\":\"ReadAction\",\"target\":[\"https:\\\/\\\/landioustravel.com\\\/es\\\/egipto\\\/deidades-egipcias\\\/dios-set\\\/\"]}]},{\"@type\":\"ImageObject\",\"inLanguage\":\"es\",\"@id\":\"https:\\\/\\\/landioustravel.com\\\/es\\\/egipto\\\/deidades-egipcias\\\/dios-set\\\/#primaryimage\",\"url\":\"https:\\\/\\\/i0.wp.com\\\/landioustravel.com\\\/wp-content\\\/uploads\\\/2021\\\/08\\\/Dios-Set-e1627780645846.jpg?fit=1200%2C675&ssl=1\",\"contentUrl\":\"https:\\\/\\\/i0.wp.com\\\/landioustravel.com\\\/wp-content\\\/uploads\\\/2021\\\/08\\\/Dios-Set-e1627780645846.jpg?fit=1200%2C675&ssl=1\",\"width\":1200,\"height\":675,\"caption\":\"Dios Set\"},{\"@type\":\"BreadcrumbList\",\"@id\":\"https:\\\/\\\/landioustravel.com\\\/es\\\/egipto\\\/deidades-egipcias\\\/dios-set\\\/#breadcrumb\",\"itemListElement\":[{\"@type\":\"ListItem\",\"position\":1,\"name\":\"Home\",\"item\":\"https:\\\/\\\/landioustravel.com\\\/es\\\/\"},{\"@type\":\"ListItem\",\"position\":2,\"name\":\"Egipto\",\"item\":\"https:\\\/\\\/landioustravel.com\\\/es\\\/egipto\\\/\"},{\"@type\":\"ListItem\",\"position\":3,\"name\":\"Deidades egipcias\",\"item\":\"https:\\\/\\\/landioustravel.com\\\/es\\\/egipto\\\/deidades-egipcias\\\/\"},{\"@type\":\"ListItem\",\"position\":4,\"name\":\"Dios Set\"}]},{\"@type\":\"WebSite\",\"@id\":\"https:\\\/\\\/landioustravel.com\\\/es\\\/#website\",\"url\":\"https:\\\/\\\/landioustravel.com\\\/es\\\/\",\"name\":\"Landious Travel\",\"description\":\"Tours and Excursions in Egypt\",\"publisher\":{\"@id\":\"https:\\\/\\\/landioustravel.com\\\/es\\\/#organization\"},\"potentialAction\":[{\"@type\":\"SearchAction\",\"target\":{\"@type\":\"EntryPoint\",\"urlTemplate\":\"https:\\\/\\\/landioustravel.com\\\/es\\\/?s={search_term_string}\"},\"query-input\":{\"@type\":\"PropertyValueSpecification\",\"valueRequired\":true,\"valueName\":\"search_term_string\"}}],\"inLanguage\":\"es\"},{\"@type\":[\"Organization\",\"Place\"],\"@id\":\"https:\\\/\\\/landioustravel.com\\\/es\\\/#organization\",\"name\":\"Landious Travel\",\"alternateName\":\"Landious Travel\",\"url\":\"https:\\\/\\\/landioustravel.com\\\/es\\\/\",\"logo\":{\"@id\":\"https:\\\/\\\/landioustravel.com\\\/es\\\/egipto\\\/deidades-egipcias\\\/dios-set\\\/#local-main-organization-logo\"},\"image\":{\"@id\":\"https:\\\/\\\/landioustravel.com\\\/es\\\/egipto\\\/deidades-egipcias\\\/dios-set\\\/#local-main-organization-logo\"},\"sameAs\":[\"https:\\\/\\\/web.facebook.com\\\/landiousEgypt\",\"https:\\\/\\\/x.com\\\/LandiousTours\",\"https:\\\/\\\/mastodon.social\\\/@landious\"],\"legalName\":\"Landious Travel\",\"telephone\":[],\"openingHoursSpecification\":[{\"@type\":\"OpeningHoursSpecification\",\"dayOfWeek\":[\"Monday\",\"Tuesday\",\"Wednesday\",\"Thursday\",\"Friday\",\"Saturday\",\"Sunday\"],\"opens\":\"09:00\",\"closes\":\"17:00\"}]},{\"@type\":\"ImageObject\",\"inLanguage\":\"es\",\"@id\":\"https:\\\/\\\/landioustravel.com\\\/es\\\/egipto\\\/deidades-egipcias\\\/dios-set\\\/#local-main-organization-logo\",\"url\":\"https:\\\/\\\/i0.wp.com\\\/landioustravel.com\\\/wp-content\\\/uploads\\\/2021\\\/06\\\/Landious-T.png?fit=500%2C500&ssl=1\",\"contentUrl\":\"https:\\\/\\\/i0.wp.com\\\/landioustravel.com\\\/wp-content\\\/uploads\\\/2021\\\/06\\\/Landious-T.png?fit=500%2C500&ssl=1\",\"width\":500,\"height\":500,\"caption\":\"Landious Travel\"}]}<\/script>\n<!-- \/ Yoast SEO Premium plugin. -->","yoast_head_json":{"title":"Dios Set - Rol y posici\u00f3n religiosa - Landious Travel","description":"Dios Set a menudo se representa como una bestia pelirroja. La bestia tiene una cola bifurcada y pezu\u00f1as hendidas o una desordenada bestia roja","robots":{"index":"index","follow":"follow","max-snippet":"max-snippet:-1","max-image-preview":"max-image-preview:large","max-video-preview":"max-video-preview:-1"},"canonical":"https:\/\/landioustravel.com\/es\/egipto\/deidades-egipcias\/dios-set\/","og_locale":"es_ES","og_type":"article","og_title":"Dios Set","og_description":"Dios Set a menudo se representa como una bestia pelirroja. La bestia tiene una cola bifurcada y pezu\u00f1as hendidas o una desordenada bestia roja","og_url":"https:\/\/landioustravel.com\/es\/egipto\/deidades-egipcias\/dios-set\/","og_site_name":"Landious Travel","article_publisher":"https:\/\/web.facebook.com\/landiousEgypt","article_modified_time":"2021-08-01T01:19:42+00:00","og_image":[{"width":1200,"height":675,"url":"https:\/\/i0.wp.com\/landioustravel.com\/wp-content\/uploads\/2021\/08\/Dios-Set-e1627780645846.jpg?fit=1200%2C675&ssl=1","type":"image\/jpeg"}],"twitter_card":"summary_large_image","twitter_site":"@LandiousTours","twitter_misc":{"Tiempo de lectura":"5 minutos"},"schema":{"@context":"https:\/\/schema.org","@graph":[{"@type":"WebPage","@id":"https:\/\/landioustravel.com\/es\/egipto\/deidades-egipcias\/dios-set\/","url":"https:\/\/landioustravel.com\/es\/egipto\/deidades-egipcias\/dios-set\/","name":"Dios Set - Rol y posici\u00f3n religiosa - Landious Travel","isPartOf":{"@id":"https:\/\/landioustravel.com\/es\/#website"},"primaryImageOfPage":{"@id":"https:\/\/landioustravel.com\/es\/egipto\/deidades-egipcias\/dios-set\/#primaryimage"},"image":{"@id":"https:\/\/landioustravel.com\/es\/egipto\/deidades-egipcias\/dios-set\/#primaryimage"},"thumbnailUrl":"https:\/\/i0.wp.com\/landioustravel.com\/wp-content\/uploads\/2021\/08\/Dios-Set-e1627780645846.jpg?fit=1200%2C675&ssl=1","datePublished":"2021-08-01T01:19:39+00:00","dateModified":"2021-08-01T01:19:42+00:00","description":"Dios Set a menudo se representa como una bestia pelirroja. La bestia tiene una cola bifurcada y pezu\u00f1as hendidas o una desordenada bestia roja","breadcrumb":{"@id":"https:\/\/landioustravel.com\/es\/egipto\/deidades-egipcias\/dios-set\/#breadcrumb"},"inLanguage":"es","potentialAction":[{"@type":"ReadAction","target":["https:\/\/landioustravel.com\/es\/egipto\/deidades-egipcias\/dios-set\/"]}]},{"@type":"ImageObject","inLanguage":"es","@id":"https:\/\/landioustravel.com\/es\/egipto\/deidades-egipcias\/dios-set\/#primaryimage","url":"https:\/\/i0.wp.com\/landioustravel.com\/wp-content\/uploads\/2021\/08\/Dios-Set-e1627780645846.jpg?fit=1200%2C675&ssl=1","contentUrl":"https:\/\/i0.wp.com\/landioustravel.com\/wp-content\/uploads\/2021\/08\/Dios-Set-e1627780645846.jpg?fit=1200%2C675&ssl=1","width":1200,"height":675,"caption":"Dios Set"},{"@type":"BreadcrumbList","@id":"https:\/\/landioustravel.com\/es\/egipto\/deidades-egipcias\/dios-set\/#breadcrumb","itemListElement":[{"@type":"ListItem","position":1,"name":"Home","item":"https:\/\/landioustravel.com\/es\/"},{"@type":"ListItem","position":2,"name":"Egipto","item":"https:\/\/landioustravel.com\/es\/egipto\/"},{"@type":"ListItem","position":3,"name":"Deidades egipcias","item":"https:\/\/landioustravel.com\/es\/egipto\/deidades-egipcias\/"},{"@type":"ListItem","position":4,"name":"Dios Set"}]},{"@type":"WebSite","@id":"https:\/\/landioustravel.com\/es\/#website","url":"https:\/\/landioustravel.com\/es\/","name":"Landious Travel","description":"Tours and Excursions in Egypt","publisher":{"@id":"https:\/\/landioustravel.com\/es\/#organization"},"potentialAction":[{"@type":"SearchAction","target":{"@type":"EntryPoint","urlTemplate":"https:\/\/landioustravel.com\/es\/?s={search_term_string}"},"query-input":{"@type":"PropertyValueSpecification","valueRequired":true,"valueName":"search_term_string"}}],"inLanguage":"es"},{"@type":["Organization","Place"],"@id":"https:\/\/landioustravel.com\/es\/#organization","name":"Landious Travel","alternateName":"Landious Travel","url":"https:\/\/landioustravel.com\/es\/","logo":{"@id":"https:\/\/landioustravel.com\/es\/egipto\/deidades-egipcias\/dios-set\/#local-main-organization-logo"},"image":{"@id":"https:\/\/landioustravel.com\/es\/egipto\/deidades-egipcias\/dios-set\/#local-main-organization-logo"},"sameAs":["https:\/\/web.facebook.com\/landiousEgypt","https:\/\/x.com\/LandiousTours","https:\/\/mastodon.social\/@landious"],"legalName":"Landious Travel","telephone":[],"openingHoursSpecification":[{"@type":"OpeningHoursSpecification","dayOfWeek":["Monday","Tuesday","Wednesday","Thursday","Friday","Saturday","Sunday"],"opens":"09:00","closes":"17:00"}]},{"@type":"ImageObject","inLanguage":"es","@id":"https:\/\/landioustravel.com\/es\/egipto\/deidades-egipcias\/dios-set\/#local-main-organization-logo","url":"https:\/\/i0.wp.com\/landioustravel.com\/wp-content\/uploads\/2021\/06\/Landious-T.png?fit=500%2C500&ssl=1","contentUrl":"https:\/\/i0.wp.com\/landioustravel.com\/wp-content\/uploads\/2021\/06\/Landious-T.png?fit=500%2C500&ssl=1","width":500,"height":500,"caption":"Landious Travel"}]}},"uagb_featured_image_src":{"full":["https:\/\/i0.wp.com\/landioustravel.com\/wp-content\/uploads\/2021\/08\/Dios-Set-e1627780645846.jpg?fit=1200%2C675&ssl=1",1200,675,false],"thumbnail":["https:\/\/i0.wp.com\/landioustravel.com\/wp-content\/uploads\/2021\/08\/Dios-Set-e1627780645846.jpg?resize=150%2C150&ssl=1",150,150,true],"medium":["https:\/\/i0.wp.com\/landioustravel.com\/wp-content\/uploads\/2021\/08\/Dios-Set-e1627780645846.jpg?fit=300%2C169&ssl=1",300,169,true],"medium_large":["https:\/\/i0.wp.com\/landioustravel.com\/wp-content\/uploads\/2021\/08\/Dios-Set-e1627780645846.jpg?fit=768%2C432&ssl=1",768,432,true],"large":["https:\/\/i0.wp.com\/landioustravel.com\/wp-content\/uploads\/2021\/08\/Dios-Set-e1627780645846.jpg?fit=980%2C551&ssl=1",980,551,true],"1536x1536":["https:\/\/i0.wp.com\/landioustravel.com\/wp-content\/uploads\/2021\/08\/Dios-Set-e1627780645846.jpg?fit=1200%2C675&ssl=1",1200,675,true],"2048x2048":["https:\/\/i0.wp.com\/landioustravel.com\/wp-content\/uploads\/2021\/08\/Dios-Set-e1627780645846.jpg?fit=1200%2C675&ssl=1",1200,675,true],"newspack-article-block-landscape-large":["https:\/\/i0.wp.com\/landioustravel.com\/wp-content\/uploads\/2021\/08\/Dios-Set-e1627780645846.jpg?resize=1200%2C675&ssl=1",1200,748,true],"newspack-article-block-portrait-large":["https:\/\/i0.wp.com\/landioustravel.com\/wp-content\/uploads\/2021\/08\/Dios-Set-e1627780645846.jpg?resize=900%2C675&ssl=1",900,748,true],"newspack-article-block-square-large":["https:\/\/i0.wp.com\/landioustravel.com\/wp-content\/uploads\/2021\/08\/Dios-Set-e1627780645846.jpg?resize=1200%2C675&ssl=1",1200,748,true],"newspack-article-block-landscape-medium":["https:\/\/i0.wp.com\/landioustravel.com\/wp-content\/uploads\/2021\/08\/Dios-Set-e1627780645846.jpg?resize=800%2C600&ssl=1",800,600,true],"newspack-article-block-portrait-medium":["https:\/\/i0.wp.com\/landioustravel.com\/wp-content\/uploads\/2021\/08\/Dios-Set-e1627780645846.jpg?resize=600%2C675&ssl=1",600,748,true],"newspack-article-block-square-medium":["https:\/\/i0.wp.com\/landioustravel.com\/wp-content\/uploads\/2021\/08\/Dios-Set-e1627780645846.jpg?resize=800%2C675&ssl=1",800,748,true],"newspack-article-block-landscape-intermediate":["https:\/\/i0.wp.com\/landioustravel.com\/wp-content\/uploads\/2021\/08\/Dios-Set-e1627780645846.jpg?resize=600%2C450&ssl=1",600,450,true],"newspack-article-block-portrait-intermediate":["https:\/\/i0.wp.com\/landioustravel.com\/wp-content\/uploads\/2021\/08\/Dios-Set-e1627780645846.jpg?resize=450%2C600&ssl=1",450,600,true],"newspack-article-block-square-intermediate":["https:\/\/i0.wp.com\/landioustravel.com\/wp-content\/uploads\/2021\/08\/Dios-Set-e1627780645846.jpg?resize=600%2C600&ssl=1",600,600,true],"newspack-article-block-landscape-small":["https:\/\/i0.wp.com\/landioustravel.com\/wp-content\/uploads\/2021\/08\/Dios-Set-e1627780645846.jpg?resize=400%2C300&ssl=1",400,300,true],"newspack-article-block-portrait-small":["https:\/\/i0.wp.com\/landioustravel.com\/wp-content\/uploads\/2021\/08\/Dios-Set-e1627780645846.jpg?resize=300%2C400&ssl=1",300,400,true],"newspack-article-block-square-small":["https:\/\/i0.wp.com\/landioustravel.com\/wp-content\/uploads\/2021\/08\/Dios-Set-e1627780645846.jpg?resize=400%2C400&ssl=1",400,400,true],"newspack-article-block-landscape-tiny":["https:\/\/i0.wp.com\/landioustravel.com\/wp-content\/uploads\/2021\/08\/Dios-Set-e1627780645846.jpg?resize=200%2C150&ssl=1",200,150,true],"newspack-article-block-portrait-tiny":["https:\/\/i0.wp.com\/landioustravel.com\/wp-content\/uploads\/2021\/08\/Dios-Set-e1627780645846.jpg?resize=150%2C200&ssl=1",150,200,true],"newspack-article-block-square-tiny":["https:\/\/i0.wp.com\/landioustravel.com\/wp-content\/uploads\/2021\/08\/Dios-Set-e1627780645846.jpg?resize=200%2C200&ssl=1",200,200,true],"newspack-article-block-uncropped":["https:\/\/i0.wp.com\/landioustravel.com\/wp-content\/uploads\/2021\/08\/Dios-Set-e1627780645846.jpg?fit=1200%2C675&ssl=1",1200,675,true],"woocommerce_thumbnail":["https:\/\/i0.wp.com\/landioustravel.com\/wp-content\/uploads\/2021\/08\/Dios-Set-e1627780645846.jpg?resize=324%2C324&ssl=1",324,324,true],"woocommerce_single":["https:\/\/i0.wp.com\/landioustravel.com\/wp-content\/uploads\/2021\/08\/Dios-Set-e1627780645846.jpg?fit=416%2C234&ssl=1",416,234,true],"woocommerce_gallery_thumbnail":["https:\/\/i0.wp.com\/landioustravel.com\/wp-content\/uploads\/2021\/08\/Dios-Set-e1627780645846.jpg?resize=100%2C100&ssl=1",100,100,true]},"uagb_author_info":{"display_name":"Mofreh Landious","author_link":"https:\/\/landioustravel.com\/es\/author\/landious\/"},"uagb_comment_info":0,"uagb_excerpt":"Set se erige como el dios egipcio de la guerra, el caos y las tormentas. Seth y Suetekh son los otros nombres del dios Set. Es el hermano de Osiris, Isis y Horus el Viejo. Tambi\u00e9n es el t\u00edo de Horus el Joven y el hermano-esposo de Neftis. La diosa Tawaret, una deidad con cabeza&hellip;","jetpack_sharing_enabled":true,"jetpack_shortlink":"https:\/\/wp.me\/Par4r5-90O","jetpack_likes_enabled":true,"amp_enabled":true,"_links":{"self":[{"href":"https:\/\/landioustravel.com\/es\/wp-json\/wp\/v2\/pages\/34646","targetHints":{"allow":["GET"]}}],"collection":[{"href":"https:\/\/landioustravel.com\/es\/wp-json\/wp\/v2\/pages"}],"about":[{"href":"https:\/\/landioustravel.com\/es\/wp-json\/wp\/v2\/types\/page"}],"author":[{"embeddable":true,"href":"https:\/\/landioustravel.com\/es\/wp-json\/wp\/v2\/users\/1"}],"replies":[{"embeddable":true,"href":"https:\/\/landioustravel.com\/es\/wp-json\/wp\/v2\/comments?post=34646"}],"version-history":[{"count":0,"href":"https:\/\/landioustravel.com\/es\/wp-json\/wp\/v2\/pages\/34646\/revisions"}],"up":[{"embeddable":true,"href":"https:\/\/landioustravel.com\/es\/wp-json\/wp\/v2\/pages\/3629"}],"wp:featuredmedia":[{"embeddable":true,"href":"https:\/\/landioustravel.com\/es\/wp-json\/wp\/v2\/media\/34650"}],"wp:attachment":[{"href":"https:\/\/landioustravel.com\/es\/wp-json\/wp\/v2\/media?parent=34646"}],"curies":[{"name":"wp","href":"https:\/\/api.w.org\/{rel}","templated":true}]}}