{"id":34967,"date":"2021-08-06T04:19:04","date_gmt":"2021-08-06T02:19:04","guid":{"rendered":"https:\/\/landioustravel.com\/?page_id=34967"},"modified":"2021-08-06T04:19:08","modified_gmt":"2021-08-06T02:19:08","slug":"dios-ra","status":"publish","type":"page","link":"https:\/\/landioustravel.com\/es\/egipto\/deidades-egipcias\/dios-ra\/","title":{"rendered":"Dios Ra"},"content":{"rendered":"\n<p>Uno de los <a href=\"https:\/\/landioustravel.com\/es\/egipto\/deidades-egipcias\/\">dioses<\/a> m\u00e1s poderosos de las antiguas leyendas, Dios Ra, es una deidad del sol del <a href=\"https:\/\/landioustravel.com\/es\/egipto\/historia-egipto\/\">antiguo Egipto<\/a>. Durante la Quinta Dinast\u00eda, Ra se convirti\u00f3 en uno de los dioses m\u00e1s importantes de la cultura egipcia. La gente lo identificaba con el sol del mediod\u00eda. Seg\u00fan los cuentos, Ra gobernaba todas las partes del mundo creado: la Tierra, el cielo y el inframundo. Ra era el dios supremo del sol,<a href=\"https:\/\/landioustravel.com\/es\/egipto\/faraones-egipto\/\"> los reyes<\/a>, el orden y el cielo.<\/p>\n\n\n\n<p>Adem\u00e1s, la gente cre\u00eda que Ra cre\u00f3 todas las formas de vida. Algunos relatos incluso dicen que Ra cre\u00f3 a los humanos a partir de las l\u00e1grimas y el sudor del dios. De ah\u00ed que los egipcios se llamaran a s\u00ed mismos el \u00abGanado de Ra\u00bb.<\/p>\n\n\n\n<h2 class=\"wp-block-heading\" id=\"h-simbolismo-e-iconograf-a\">Simbolismo e iconograf\u00eda<\/h2>\n\n\n\n<p>La representaci\u00f3n m\u00e1s com\u00fan de Ra era la de un hombre con la cabeza de un halc\u00f3n y un disco solar en la parte superior. Adem\u00e1s, una serpiente enroscada se sent\u00f3 alrededor del disco. Otras formas incluyen un hombre con cabeza de escarabajo (forma Khepri) o un hombre con cabeza de carnero. Las im\u00e1genes tambi\u00e9n muestran a Ra como un carnero, una garza, una serpiente, un gato, un le\u00f3n, un escarabajo, un f\u00e9nix, etc.<\/p>\n\n\n\n<p>El inframundo representaba a Ra con una cabeza de carnero com\u00fanmente. Esta forma se refiere a Ra como el \u00abcarnero del oeste\u00bb o \u00abcarnero a cargo de su har\u00e9n\u00bb. Adem\u00e1s, algunos textos describen a Ra como un rey envejecido con huesos de plata, carne de goles y cabello de lapisl\u00e1zuli (una piedra semipreciosa de color azul profundo).<\/p>\n\n\n\n<p>Adem\u00e1s, un halc\u00f3n representa al dios. Esto comparte personajes con el dios del cielo <a href=\"https:\/\/landioustravel.com\/es\/egipto\/deidades-egipcias\/dios-horus\/\">Horus<\/a>. A veces, la gente fusionaba a los dos dioses como Ra-Horakthy. De hecho, en el Reino Nuevo, el <a href=\"https:\/\/landioustravel.com\/es\/egipto\/deidades-egipcias\/dios-amun\/\">dios Amun<\/a> se fusion\u00f3 con Ra para crear Amun-Ra.<\/p>\n\n\n\n<h2 class=\"wp-block-heading\">La mitolog\u00eda del sol Ra<\/h2>\n\n\n\n<p>La ominosa presencia de Ra proviene de su representaci\u00f3n como creador del universo o dador de vida. Ra representaba calidez, vida y crecimiento. Estas caracter\u00edsticas llevaron a la gente a adorar a Ra como el Rey de los Dioses. La adoraci\u00f3n de Ra creci\u00f3 salvajemente en el <a href=\"https:\/\/landioustravel.com\/es\/egipto\/historia-egipto\/historia-egipcia-antigua\/\">antiguo Egipto<\/a>. Esto, a su vez, dio lugar a varias representaciones del dios. Algunas de sus combinaciones m\u00e1s comunes incluyen Atum (forma humana), Khepri (forma de escarabajo) y Horus (forma de halc\u00f3n).<\/p>\n\n\n\n<p>Varios cuentos suelen representar a Ra como un hombre con cabeza de halc\u00f3n. En la parte superior de la cabeza se encuentra un disco solar y una cobra enroscada que representa el ojo de Ra. Al principio de los tiempos, la deidad Atum decidi\u00f3 empezar a crear y de ah\u00ed naci\u00f3 Ra. Inicialmente, Ra cre\u00f3 los primeros dioses de s\u00ed mismo. Shu (aire), Tefnut (humedad), a lo largo de Ra completaron el cosmos creando <a href=\"https:\/\/landioustravel.com\/es\/egipto\/deidades-egipcias\/dios-geb\/\">Geb<\/a> (Tierra) y Nut (cielo).<\/p>\n\n\n\n<p>Seg\u00fan otros mitos, Ra sac\u00f3 el sol de las aguas de Nun. Adem\u00e1s, las extensiones de los poderes de Ra se llamaron Ojo de Ra. El dios tiene tres hijas: Bastet, Sekhmet y <a href=\"https:\/\/landioustravel.com\/es\/egipto\/deidades-egipcias\/diosa-hathor\/\">Hathor<\/a>. Ra envi\u00f3 a sus hijas a buscar venganza. Adem\u00e1s, la diosa Sekhmet era el Ojo de Ra, creado por el fuego furioso en el ojo de Ra. Por el contrario, la gente cre\u00eda que la diosa Hathor era benevolente y amable. Las leyendas dicen que Sekhmet era un guerrero feroz que proteg\u00eda al dios del sol, y Bastet era amable y cari\u00f1oso.<\/p>\n\n\n\n<h2 class=\"wp-block-heading\">La leyenda de Ra y el inframundo<\/h2>\n\n\n\n<p>Seg\u00fan la mitolog\u00eda antigua, Ra fue el responsable de traer luz al mundo entero. Para ello, el dios viaj\u00f3 por el cielo en su barco Atet. Cuando se puso el sol, el dios viaj\u00f3 al inframundo, donde tuvo que atravesar las 12 puertas.<\/p>\n\n\n\n<p>Durante este viaje, otras deidades como Sia, Hu, Heka y miembros de En\u00e9ad acompa\u00f1aron al dios. Estos mitos de Ra viajando por el inframundo para salir cada ma\u00f1ana representaban el ciclo de renacimiento y renovaci\u00f3n. Esto fortaleci\u00f3 a\u00fan m\u00e1s el papel de Ra.<\/p>\n\n\n\n<p>Adem\u00e1s, las historias del dios Set defendiendo a Ra en el inframundo se mencionan a lo largo de la historia. De hecho, despu\u00e9s de aceptar la derrota de Horus en la batalla por el trono, a <a href=\"https:\/\/landioustravel.com\/es\/egipto\/deidades-egipcias\/dios-set\/\">Set<\/a> se le encomend\u00f3 la tarea de proteger al dios del sol en cada viaje nocturno.<\/p>\n\n\n\n<p>Posteriormente, derrot\u00f3 a Apophis varias veces. Apophis, el dios del caos, era una serpiente enorme que intentaba evitar que el barco del dios sol atravesara el inframundo. Todas las noches, <a href=\"https:\/\/es.wikipedia.org\/wiki\/Apofis_(mitolog%C3%ADa)\" target=\"_blank\" rel=\"noreferrer noopener\">Apophis<\/a> intentaba consumir el barco o detenerlo con una mirada hipn\u00f3tica. Una vez, Apophis se trag\u00f3 el bote de Ra.<\/p>\n\n\n\n<p>Sin embargo, la serpiente no era lo suficientemente fuerte para sostener al dios y tuvo que regurgitarlo. Seg\u00fan las leyendas, este incidente dio lugar al eclipse solar. Cuando Ra estaba en el inframundo, a menudo visitaba al <a href=\"https:\/\/landioustravel.com\/es\/egipto\/deidades-egipcias\/dios-osiris\/\">dios Osiris<\/a>, el se\u00f1or del inframundo, para presentar sus respetos.<\/p>\n\n\n\n<h2 class=\"wp-block-heading\">Ra y Sekhmet<\/h2>\n\n\n\n<p>Otra famosa leyenda cuenta la historia de c\u00f3mo Ra envejeci\u00f3 con el tiempo. Esto permiti\u00f3 a los humanos conspirar contra \u00e9l y provocar una rebeli\u00f3n. Enfurecido por la traici\u00f3n de los humanos, el dios decidi\u00f3 matar a todos los humanos de la Tierra. Para llevar a cabo esta tarea, el dios envi\u00f3 a Sekhmet como el Ojo de Ra. Transform\u00f3 a Sekhmet en un le\u00f3n feroz.<\/p>\n\n\n\n<p>Posteriormente, la diosa se enfureci\u00f3. Estaba abrumada por la sed de sangre y comenz\u00f3 a matar humanos, encantada de alimentar su alimentaci\u00f3n. Finalmente, los otros dioses se horrorizaron por la carnicer\u00eda y le rogaron a Ra que detuviera a Sekhmet. As\u00ed que el dios del sol enga\u00f1\u00f3 a Sekhmet para que bebiera toneladas de cerveza y la trajo de regreso al cielo. Despu\u00e9s de detener la masacre, el dios del sol se neg\u00f3 a vivir entre humanos y decidi\u00f3 abandonar la Tierra.<\/p>\n\n\n\n<p>Esto lo llev\u00f3 a su viaje al inframundo, donde cre\u00f3 12 horas del d\u00eda navegando por el cielo de este a oeste. Cuando Ra llegara al oeste, dejar\u00eda la Tierra para entrar al otro mundo y crear las 12 horas de la noche. Aqu\u00ed, en el inframundo, destruir\u00eda a los enemigos de la creaci\u00f3n y se regenerar\u00eda a s\u00ed mismo.<\/p>\n\n\n\n<h2 class=\"wp-block-heading\">Conclusi\u00f3n<\/h2>\n\n\n\n<p>Las leyendas del antiguo Egipto retratan a Ra como el dios m\u00e1s magn\u00edfico que adorn\u00f3 la Tierra. El poder y la reverencia que ten\u00eda Ra eran incomparables. Varios <a href=\"https:\/\/landioustravel.com\/es\/egipto\/faraones-egipto\/\">faraones<\/a> poderosos como Ramsses tomaron el nombre del dios para representar la fuerza. Los reyes dedicaron templos y tierras al culto de Ra en todo el pa\u00eds. El poder de Ra era tan magn\u00edfico que dioses como Amun se fusionaron con Ra m\u00e1s tarde. Incluso hoy, en <a href=\"https:\/\/landioustravel.com\/es\/egipto\/\">el Egipto moderno<\/a>, los cuentos de Ra perduran. El folclore moderno y las expresiones locales resucitan sus historias y seguir\u00e1n haci\u00e9ndolo.<\/p>\n","protected":false},"excerpt":{"rendered":"<p>Uno de los dioses m\u00e1s poderosos de las antiguas leyendas, Dios Ra, es una deidad del sol del antiguo Egipto. Durante la Quinta Dinast\u00eda, Ra se convirti\u00f3 en uno de los dioses m\u00e1s importantes de la cultura egipcia. La gente lo identificaba con el sol del mediod\u00eda. Seg\u00fan los cuentos, Ra gobernaba todas las partes [&hellip;]<\/p>\n","protected":false},"author":1,"featured_media":89810,"parent":3629,"menu_order":0,"comment_status":"open","ping_status":"closed","template":"","meta":{"_coblocks_attr":"","_coblocks_dimensions":"","_coblocks_responsive_height":"","_coblocks_accordion_ie_support":"","_uag_custom_page_level_css":"","jetpack_post_was_ever_published":false,"footnotes":""},"class_list":["post-34967","page","type-page","status-publish","has-post-thumbnail","hentry"],"yoast_head":"<!-- This site is optimized with the Yoast SEO Premium plugin v26.9 (Yoast SEO v27.3) - https:\/\/yoast.com\/product\/yoast-seo-premium-wordpress\/ -->\n<title>Dios Ra - Rol y posici\u00f3n religiosa - Landious Travel<\/title>\n<meta name=\"description\" content=\"Dios Ra Uno de los dioses m\u00e1s poderosos de las antiguas leyendas, Dios Ra, es una deidad del sol del antiguo Egipto. Durante la Quinta\" \/>\n<meta name=\"robots\" content=\"index, follow, max-snippet:-1, max-image-preview:large, max-video-preview:-1\" \/>\n<link rel=\"canonical\" href=\"https:\/\/landioustravel.com\/es\/egipto\/deidades-egipcias\/dios-ra\/\" \/>\n<meta property=\"og:locale\" content=\"es_ES\" \/>\n<meta property=\"og:type\" content=\"article\" \/>\n<meta property=\"og:title\" content=\"Dios Ra\" \/>\n<meta property=\"og:description\" content=\"Dios Ra Uno de los dioses m\u00e1s poderosos de las antiguas leyendas, Dios Ra, es una deidad del sol del antiguo Egipto. Durante la Quinta\" \/>\n<meta property=\"og:url\" content=\"https:\/\/landioustravel.com\/es\/egipto\/deidades-egipcias\/dios-ra\/\" \/>\n<meta property=\"og:site_name\" content=\"Landious Travel\" \/>\n<meta property=\"article:publisher\" content=\"https:\/\/web.facebook.com\/landiousEgypt\" \/>\n<meta property=\"article:modified_time\" content=\"2021-08-06T02:19:08+00:00\" \/>\n<meta property=\"og:image\" content=\"https:\/\/i0.wp.com\/landioustravel.com\/wp-content\/uploads\/2022\/03\/God-Ra-e1648400586454.jpg?fit=1200%2C675&ssl=1\" \/>\n\t<meta property=\"og:image:width\" content=\"1200\" \/>\n\t<meta property=\"og:image:height\" content=\"675\" \/>\n\t<meta property=\"og:image:type\" content=\"image\/jpeg\" \/>\n<meta name=\"twitter:card\" content=\"summary_large_image\" \/>\n<meta name=\"twitter:site\" content=\"@LandiousTours\" \/>\n<meta name=\"twitter:label1\" content=\"Tiempo de lectura\" \/>\n\t<meta name=\"twitter:data1\" content=\"5 minutos\" \/>\n<script type=\"application\/ld+json\" class=\"yoast-schema-graph\">{\"@context\":\"https:\\\/\\\/schema.org\",\"@graph\":[{\"@type\":\"WebPage\",\"@id\":\"https:\\\/\\\/landioustravel.com\\\/es\\\/egipto\\\/deidades-egipcias\\\/dios-ra\\\/\",\"url\":\"https:\\\/\\\/landioustravel.com\\\/es\\\/egipto\\\/deidades-egipcias\\\/dios-ra\\\/\",\"name\":\"Dios Ra - Rol y posici\u00f3n religiosa - Landious Travel\",\"isPartOf\":{\"@id\":\"https:\\\/\\\/landioustravel.com\\\/es\\\/#website\"},\"primaryImageOfPage\":{\"@id\":\"https:\\\/\\\/landioustravel.com\\\/es\\\/egipto\\\/deidades-egipcias\\\/dios-ra\\\/#primaryimage\"},\"image\":{\"@id\":\"https:\\\/\\\/landioustravel.com\\\/es\\\/egipto\\\/deidades-egipcias\\\/dios-ra\\\/#primaryimage\"},\"thumbnailUrl\":\"https:\\\/\\\/i0.wp.com\\\/landioustravel.com\\\/wp-content\\\/uploads\\\/2022\\\/03\\\/God-Ra-e1648400586454.jpg?fit=1200%2C675&ssl=1\",\"datePublished\":\"2021-08-06T02:19:04+00:00\",\"dateModified\":\"2021-08-06T02:19:08+00:00\",\"description\":\"Dios Ra Uno de los dioses m\u00e1s poderosos de las antiguas leyendas, Dios Ra, es una deidad del sol del antiguo Egipto. Durante la Quinta\",\"breadcrumb\":{\"@id\":\"https:\\\/\\\/landioustravel.com\\\/es\\\/egipto\\\/deidades-egipcias\\\/dios-ra\\\/#breadcrumb\"},\"inLanguage\":\"es\",\"potentialAction\":[{\"@type\":\"ReadAction\",\"target\":[\"https:\\\/\\\/landioustravel.com\\\/es\\\/egipto\\\/deidades-egipcias\\\/dios-ra\\\/\"]}]},{\"@type\":\"ImageObject\",\"inLanguage\":\"es\",\"@id\":\"https:\\\/\\\/landioustravel.com\\\/es\\\/egipto\\\/deidades-egipcias\\\/dios-ra\\\/#primaryimage\",\"url\":\"https:\\\/\\\/i0.wp.com\\\/landioustravel.com\\\/wp-content\\\/uploads\\\/2022\\\/03\\\/God-Ra-e1648400586454.jpg?fit=1200%2C675&ssl=1\",\"contentUrl\":\"https:\\\/\\\/i0.wp.com\\\/landioustravel.com\\\/wp-content\\\/uploads\\\/2022\\\/03\\\/God-Ra-e1648400586454.jpg?fit=1200%2C675&ssl=1\",\"width\":1200,\"height\":675,\"caption\":\"God Ra\"},{\"@type\":\"BreadcrumbList\",\"@id\":\"https:\\\/\\\/landioustravel.com\\\/es\\\/egipto\\\/deidades-egipcias\\\/dios-ra\\\/#breadcrumb\",\"itemListElement\":[{\"@type\":\"ListItem\",\"position\":1,\"name\":\"Home\",\"item\":\"https:\\\/\\\/landioustravel.com\\\/es\\\/\"},{\"@type\":\"ListItem\",\"position\":2,\"name\":\"Egipto\",\"item\":\"https:\\\/\\\/landioustravel.com\\\/es\\\/egipto\\\/\"},{\"@type\":\"ListItem\",\"position\":3,\"name\":\"Deidades egipcias\",\"item\":\"https:\\\/\\\/landioustravel.com\\\/es\\\/egipto\\\/deidades-egipcias\\\/\"},{\"@type\":\"ListItem\",\"position\":4,\"name\":\"Dios Ra\"}]},{\"@type\":\"WebSite\",\"@id\":\"https:\\\/\\\/landioustravel.com\\\/es\\\/#website\",\"url\":\"https:\\\/\\\/landioustravel.com\\\/es\\\/\",\"name\":\"Landious Travel\",\"description\":\"Tours and Excursions in Egypt\",\"publisher\":{\"@id\":\"https:\\\/\\\/landioustravel.com\\\/es\\\/#organization\"},\"potentialAction\":[{\"@type\":\"SearchAction\",\"target\":{\"@type\":\"EntryPoint\",\"urlTemplate\":\"https:\\\/\\\/landioustravel.com\\\/es\\\/?s={search_term_string}\"},\"query-input\":{\"@type\":\"PropertyValueSpecification\",\"valueRequired\":true,\"valueName\":\"search_term_string\"}}],\"inLanguage\":\"es\"},{\"@type\":[\"Organization\",\"Place\"],\"@id\":\"https:\\\/\\\/landioustravel.com\\\/es\\\/#organization\",\"name\":\"Landious Travel\",\"alternateName\":\"Landious Travel\",\"url\":\"https:\\\/\\\/landioustravel.com\\\/es\\\/\",\"logo\":{\"@id\":\"https:\\\/\\\/landioustravel.com\\\/es\\\/egipto\\\/deidades-egipcias\\\/dios-ra\\\/#local-main-organization-logo\"},\"image\":{\"@id\":\"https:\\\/\\\/landioustravel.com\\\/es\\\/egipto\\\/deidades-egipcias\\\/dios-ra\\\/#local-main-organization-logo\"},\"sameAs\":[\"https:\\\/\\\/web.facebook.com\\\/landiousEgypt\",\"https:\\\/\\\/x.com\\\/LandiousTours\",\"https:\\\/\\\/mastodon.social\\\/@landious\"],\"legalName\":\"Landious Travel\",\"telephone\":[],\"openingHoursSpecification\":[{\"@type\":\"OpeningHoursSpecification\",\"dayOfWeek\":[\"Monday\",\"Tuesday\",\"Wednesday\",\"Thursday\",\"Friday\",\"Saturday\",\"Sunday\"],\"opens\":\"09:00\",\"closes\":\"17:00\"}]},{\"@type\":\"ImageObject\",\"inLanguage\":\"es\",\"@id\":\"https:\\\/\\\/landioustravel.com\\\/es\\\/egipto\\\/deidades-egipcias\\\/dios-ra\\\/#local-main-organization-logo\",\"url\":\"https:\\\/\\\/i0.wp.com\\\/landioustravel.com\\\/wp-content\\\/uploads\\\/2021\\\/06\\\/Landious-T.png?fit=500%2C500&ssl=1\",\"contentUrl\":\"https:\\\/\\\/i0.wp.com\\\/landioustravel.com\\\/wp-content\\\/uploads\\\/2021\\\/06\\\/Landious-T.png?fit=500%2C500&ssl=1\",\"width\":500,\"height\":500,\"caption\":\"Landious Travel\"}]}<\/script>\n<!-- \/ Yoast SEO Premium plugin. -->","yoast_head_json":{"title":"Dios Ra - Rol y posici\u00f3n religiosa - Landious Travel","description":"Dios Ra Uno de los dioses m\u00e1s poderosos de las antiguas leyendas, Dios Ra, es una deidad del sol del antiguo Egipto. Durante la Quinta","robots":{"index":"index","follow":"follow","max-snippet":"max-snippet:-1","max-image-preview":"max-image-preview:large","max-video-preview":"max-video-preview:-1"},"canonical":"https:\/\/landioustravel.com\/es\/egipto\/deidades-egipcias\/dios-ra\/","og_locale":"es_ES","og_type":"article","og_title":"Dios Ra","og_description":"Dios Ra Uno de los dioses m\u00e1s poderosos de las antiguas leyendas, Dios Ra, es una deidad del sol del antiguo Egipto. Durante la Quinta","og_url":"https:\/\/landioustravel.com\/es\/egipto\/deidades-egipcias\/dios-ra\/","og_site_name":"Landious Travel","article_publisher":"https:\/\/web.facebook.com\/landiousEgypt","article_modified_time":"2021-08-06T02:19:08+00:00","og_image":[{"width":1200,"height":675,"url":"https:\/\/i0.wp.com\/landioustravel.com\/wp-content\/uploads\/2022\/03\/God-Ra-e1648400586454.jpg?fit=1200%2C675&ssl=1","type":"image\/jpeg"}],"twitter_card":"summary_large_image","twitter_site":"@LandiousTours","twitter_misc":{"Tiempo de lectura":"5 minutos"},"schema":{"@context":"https:\/\/schema.org","@graph":[{"@type":"WebPage","@id":"https:\/\/landioustravel.com\/es\/egipto\/deidades-egipcias\/dios-ra\/","url":"https:\/\/landioustravel.com\/es\/egipto\/deidades-egipcias\/dios-ra\/","name":"Dios Ra - Rol y posici\u00f3n religiosa - Landious Travel","isPartOf":{"@id":"https:\/\/landioustravel.com\/es\/#website"},"primaryImageOfPage":{"@id":"https:\/\/landioustravel.com\/es\/egipto\/deidades-egipcias\/dios-ra\/#primaryimage"},"image":{"@id":"https:\/\/landioustravel.com\/es\/egipto\/deidades-egipcias\/dios-ra\/#primaryimage"},"thumbnailUrl":"https:\/\/i0.wp.com\/landioustravel.com\/wp-content\/uploads\/2022\/03\/God-Ra-e1648400586454.jpg?fit=1200%2C675&ssl=1","datePublished":"2021-08-06T02:19:04+00:00","dateModified":"2021-08-06T02:19:08+00:00","description":"Dios Ra Uno de los dioses m\u00e1s poderosos de las antiguas leyendas, Dios Ra, es una deidad del sol del antiguo Egipto. Durante la Quinta","breadcrumb":{"@id":"https:\/\/landioustravel.com\/es\/egipto\/deidades-egipcias\/dios-ra\/#breadcrumb"},"inLanguage":"es","potentialAction":[{"@type":"ReadAction","target":["https:\/\/landioustravel.com\/es\/egipto\/deidades-egipcias\/dios-ra\/"]}]},{"@type":"ImageObject","inLanguage":"es","@id":"https:\/\/landioustravel.com\/es\/egipto\/deidades-egipcias\/dios-ra\/#primaryimage","url":"https:\/\/i0.wp.com\/landioustravel.com\/wp-content\/uploads\/2022\/03\/God-Ra-e1648400586454.jpg?fit=1200%2C675&ssl=1","contentUrl":"https:\/\/i0.wp.com\/landioustravel.com\/wp-content\/uploads\/2022\/03\/God-Ra-e1648400586454.jpg?fit=1200%2C675&ssl=1","width":1200,"height":675,"caption":"God Ra"},{"@type":"BreadcrumbList","@id":"https:\/\/landioustravel.com\/es\/egipto\/deidades-egipcias\/dios-ra\/#breadcrumb","itemListElement":[{"@type":"ListItem","position":1,"name":"Home","item":"https:\/\/landioustravel.com\/es\/"},{"@type":"ListItem","position":2,"name":"Egipto","item":"https:\/\/landioustravel.com\/es\/egipto\/"},{"@type":"ListItem","position":3,"name":"Deidades egipcias","item":"https:\/\/landioustravel.com\/es\/egipto\/deidades-egipcias\/"},{"@type":"ListItem","position":4,"name":"Dios Ra"}]},{"@type":"WebSite","@id":"https:\/\/landioustravel.com\/es\/#website","url":"https:\/\/landioustravel.com\/es\/","name":"Landious Travel","description":"Tours and Excursions in Egypt","publisher":{"@id":"https:\/\/landioustravel.com\/es\/#organization"},"potentialAction":[{"@type":"SearchAction","target":{"@type":"EntryPoint","urlTemplate":"https:\/\/landioustravel.com\/es\/?s={search_term_string}"},"query-input":{"@type":"PropertyValueSpecification","valueRequired":true,"valueName":"search_term_string"}}],"inLanguage":"es"},{"@type":["Organization","Place"],"@id":"https:\/\/landioustravel.com\/es\/#organization","name":"Landious Travel","alternateName":"Landious Travel","url":"https:\/\/landioustravel.com\/es\/","logo":{"@id":"https:\/\/landioustravel.com\/es\/egipto\/deidades-egipcias\/dios-ra\/#local-main-organization-logo"},"image":{"@id":"https:\/\/landioustravel.com\/es\/egipto\/deidades-egipcias\/dios-ra\/#local-main-organization-logo"},"sameAs":["https:\/\/web.facebook.com\/landiousEgypt","https:\/\/x.com\/LandiousTours","https:\/\/mastodon.social\/@landious"],"legalName":"Landious Travel","telephone":[],"openingHoursSpecification":[{"@type":"OpeningHoursSpecification","dayOfWeek":["Monday","Tuesday","Wednesday","Thursday","Friday","Saturday","Sunday"],"opens":"09:00","closes":"17:00"}]},{"@type":"ImageObject","inLanguage":"es","@id":"https:\/\/landioustravel.com\/es\/egipto\/deidades-egipcias\/dios-ra\/#local-main-organization-logo","url":"https:\/\/i0.wp.com\/landioustravel.com\/wp-content\/uploads\/2021\/06\/Landious-T.png?fit=500%2C500&ssl=1","contentUrl":"https:\/\/i0.wp.com\/landioustravel.com\/wp-content\/uploads\/2021\/06\/Landious-T.png?fit=500%2C500&ssl=1","width":500,"height":500,"caption":"Landious Travel"}]}},"uagb_featured_image_src":{"full":["https:\/\/i0.wp.com\/landioustravel.com\/wp-content\/uploads\/2022\/03\/God-Ra-e1648400586454.jpg?fit=1200%2C675&ssl=1",1200,675,false],"thumbnail":["https:\/\/i0.wp.com\/landioustravel.com\/wp-content\/uploads\/2022\/03\/God-Ra-e1648400586454.jpg?resize=150%2C150&ssl=1",150,150,true],"medium":["https:\/\/i0.wp.com\/landioustravel.com\/wp-content\/uploads\/2022\/03\/God-Ra-e1648400586454.jpg?fit=300%2C169&ssl=1",300,169,true],"medium_large":["https:\/\/i0.wp.com\/landioustravel.com\/wp-content\/uploads\/2022\/03\/God-Ra-e1648400586454.jpg?fit=768%2C432&ssl=1",768,432,true],"large":["https:\/\/i0.wp.com\/landioustravel.com\/wp-content\/uploads\/2022\/03\/God-Ra-e1648400586454.jpg?fit=980%2C551&ssl=1",980,551,true],"1536x1536":["https:\/\/i0.wp.com\/landioustravel.com\/wp-content\/uploads\/2022\/03\/God-Ra-e1648400586454.jpg?fit=1536%2C1020&ssl=1",1536,1020,true],"2048x2048":["https:\/\/i0.wp.com\/landioustravel.com\/wp-content\/uploads\/2022\/03\/God-Ra-e1648400586454.jpg?fit=1200%2C675&ssl=1",1200,675,true],"newspack-article-block-landscape-large":["https:\/\/i0.wp.com\/landioustravel.com\/wp-content\/uploads\/2022\/03\/God-Ra-e1648400586454.jpg?resize=1200%2C675&ssl=1",1200,675,true],"newspack-article-block-portrait-large":["https:\/\/i0.wp.com\/landioustravel.com\/wp-content\/uploads\/2022\/03\/God-Ra-e1648400586454.jpg?resize=900%2C675&ssl=1",900,675,true],"newspack-article-block-square-large":["https:\/\/i0.wp.com\/landioustravel.com\/wp-content\/uploads\/2022\/03\/God-Ra-e1648400586454.jpg?resize=1200%2C675&ssl=1",1200,675,true],"newspack-article-block-landscape-medium":["https:\/\/i0.wp.com\/landioustravel.com\/wp-content\/uploads\/2022\/03\/God-Ra-e1648400586454.jpg?resize=800%2C600&ssl=1",800,600,true],"newspack-article-block-portrait-medium":["https:\/\/i0.wp.com\/landioustravel.com\/wp-content\/uploads\/2022\/03\/God-Ra-e1648400586454.jpg?resize=600%2C675&ssl=1",600,675,true],"newspack-article-block-square-medium":["https:\/\/i0.wp.com\/landioustravel.com\/wp-content\/uploads\/2022\/03\/God-Ra-e1648400586454.jpg?resize=800%2C675&ssl=1",800,675,true],"newspack-article-block-landscape-intermediate":["https:\/\/i0.wp.com\/landioustravel.com\/wp-content\/uploads\/2022\/03\/God-Ra-e1648400586454.jpg?resize=600%2C450&ssl=1",600,450,true],"newspack-article-block-portrait-intermediate":["https:\/\/i0.wp.com\/landioustravel.com\/wp-content\/uploads\/2022\/03\/God-Ra-e1648400586454.jpg?resize=450%2C600&ssl=1",450,600,true],"newspack-article-block-square-intermediate":["https:\/\/i0.wp.com\/landioustravel.com\/wp-content\/uploads\/2022\/03\/God-Ra-e1648400586454.jpg?resize=600%2C600&ssl=1",600,600,true],"newspack-article-block-landscape-small":["https:\/\/i0.wp.com\/landioustravel.com\/wp-content\/uploads\/2022\/03\/God-Ra-e1648400586454.jpg?resize=400%2C300&ssl=1",400,300,true],"newspack-article-block-portrait-small":["https:\/\/i0.wp.com\/landioustravel.com\/wp-content\/uploads\/2022\/03\/God-Ra-e1648400586454.jpg?resize=300%2C400&ssl=1",300,400,true],"newspack-article-block-square-small":["https:\/\/i0.wp.com\/landioustravel.com\/wp-content\/uploads\/2022\/03\/God-Ra-e1648400586454.jpg?resize=400%2C400&ssl=1",400,400,true],"newspack-article-block-landscape-tiny":["https:\/\/i0.wp.com\/landioustravel.com\/wp-content\/uploads\/2022\/03\/God-Ra-e1648400586454.jpg?resize=200%2C150&ssl=1",200,150,true],"newspack-article-block-portrait-tiny":["https:\/\/i0.wp.com\/landioustravel.com\/wp-content\/uploads\/2022\/03\/God-Ra-e1648400586454.jpg?resize=150%2C200&ssl=1",150,200,true],"newspack-article-block-square-tiny":["https:\/\/i0.wp.com\/landioustravel.com\/wp-content\/uploads\/2022\/03\/God-Ra-e1648400586454.jpg?resize=200%2C200&ssl=1",200,200,true],"newspack-article-block-uncropped":["https:\/\/i0.wp.com\/landioustravel.com\/wp-content\/uploads\/2022\/03\/God-Ra-e1648400586454.jpg?fit=1200%2C675&ssl=1",1200,675,true],"woocommerce_thumbnail":["https:\/\/i0.wp.com\/landioustravel.com\/wp-content\/uploads\/2022\/03\/God-Ra-e1648400586454.jpg?resize=324%2C324&ssl=1",324,324,true],"woocommerce_single":["https:\/\/i0.wp.com\/landioustravel.com\/wp-content\/uploads\/2022\/03\/God-Ra-e1648400586454.jpg?fit=416%2C234&ssl=1",416,234,true],"woocommerce_gallery_thumbnail":["https:\/\/i0.wp.com\/landioustravel.com\/wp-content\/uploads\/2022\/03\/God-Ra-e1648400586454.jpg?resize=100%2C100&ssl=1",100,100,true]},"uagb_author_info":{"display_name":"Mofreh Landious","author_link":"https:\/\/landioustravel.com\/es\/author\/landious\/"},"uagb_comment_info":0,"uagb_excerpt":"Uno de los dioses m\u00e1s poderosos de las antiguas leyendas, Dios Ra, es una deidad del sol del antiguo Egipto. Durante la Quinta Dinast\u00eda, Ra se convirti\u00f3 en uno de los dioses m\u00e1s importantes de la cultura egipcia. La gente lo identificaba con el sol del mediod\u00eda. Seg\u00fan los cuentos, Ra gobernaba todas las partes&hellip;","jetpack_sharing_enabled":true,"jetpack_shortlink":"https:\/\/wp.me\/Par4r5-95Z","jetpack_likes_enabled":true,"amp_enabled":true,"_links":{"self":[{"href":"https:\/\/landioustravel.com\/es\/wp-json\/wp\/v2\/pages\/34967","targetHints":{"allow":["GET"]}}],"collection":[{"href":"https:\/\/landioustravel.com\/es\/wp-json\/wp\/v2\/pages"}],"about":[{"href":"https:\/\/landioustravel.com\/es\/wp-json\/wp\/v2\/types\/page"}],"author":[{"embeddable":true,"href":"https:\/\/landioustravel.com\/es\/wp-json\/wp\/v2\/users\/1"}],"replies":[{"embeddable":true,"href":"https:\/\/landioustravel.com\/es\/wp-json\/wp\/v2\/comments?post=34967"}],"version-history":[{"count":0,"href":"https:\/\/landioustravel.com\/es\/wp-json\/wp\/v2\/pages\/34967\/revisions"}],"up":[{"embeddable":true,"href":"https:\/\/landioustravel.com\/es\/wp-json\/wp\/v2\/pages\/3629"}],"wp:featuredmedia":[{"embeddable":true,"href":"https:\/\/landioustravel.com\/es\/wp-json\/wp\/v2\/media\/89810"}],"wp:attachment":[{"href":"https:\/\/landioustravel.com\/es\/wp-json\/wp\/v2\/media?parent=34967"}],"curies":[{"name":"wp","href":"https:\/\/api.w.org\/{rel}","templated":true}]}}