{"id":3504,"date":"2019-03-28T02:42:57","date_gmt":"2019-03-28T00:42:57","guid":{"rendered":"https:\/\/landioustravel.com\/?page_id=3504"},"modified":"2019-03-28T02:42:58","modified_gmt":"2019-03-28T00:42:58","slug":"templo-amenhotep-tercero","status":"publish","type":"page","link":"https:\/\/landioustravel.com\/es\/egipto\/templos-egipcios\/templo-amenhotep-tercero\/","title":{"rendered":"El templo de Amenhotep III"},"content":{"rendered":"\n<amp-fit-text layout=\"fixed-height\" min-font-size=\"14\" max-font-size=\"48\" height=\"50\"><p>El templo de Amenhotep III es uno de los asombrosos templos ubicados en la orilla oeste del r\u00edo Nilo, en la Necr\u00f3polis de Tebas. Amenhotep III, fara\u00f3n de la dinast\u00eda XVIII, construy\u00f3 este templo durante su gobierno alrededor del 1400 a. C., donde fue adorado como un dios.<\/p><\/amp-fit-text>\n\n\n\n<amp-fit-text layout=\"fixed-height\" min-font-size=\"14\" max-font-size=\"48\" height=\"50\"><p>En su d\u00eda, este complejo de templos era el m\u00e1s grande de Egipto. El templo abarcaba un total de 35 hect\u00e1reas. Todos los templos que se construyeron despu\u00e9s de \u00e9ste no pudieron alcanzar los mismos tama\u00f1os; incluso el Templo de Karnak, tal como se mantuvo durante el reinado de Amenhotep, era m\u00e1s peque\u00f1o.<\/p><\/amp-fit-text>\n\n\n\n<amp-fit-text layout=\"fixed-height\" min-font-size=\"14\" max-font-size=\"48\" height=\"50\"><p>Desafortunadamente, este enorme templo fue destruido dram\u00e1ticamente por varias razones. Poco despu\u00e9s de su construcci\u00f3n, fue destruido por un terremoto alrededor del a\u00f1o 1200 aC, que dej\u00f3 solo a los 2 enormes colosos en la entrada que a\u00fan estaban en pie. Estos fueron destruidos a\u00fan m\u00e1s por un terremoto en el 27 aC, despu\u00e9s de lo cual fueron reconstruidas en parte por las autoridades romanas.<\/p><\/amp-fit-text>\n\n\n\n<amp-fit-text layout=\"fixed-height\" min-font-size=\"14\" max-font-size=\"48\" height=\"50\"><p>Los estudios cient\u00edficos mostraron que el complejo consist\u00eda en tres pilones, cada uno de ellos encabezado por estatuas colosales. En el extremo m\u00e1s alejado de este templo rectangular hab\u00eda un patio de peristilo rodeado de columnas. Hoy en d\u00eda, hay cuatro de las estatuas que han sido re-erigidas, con 8 en espera de ser re-erigidas. El Museo de Luxor alberga unas 200 estatuas que se encontraron en este templo.<\/p><\/amp-fit-text>\n\n\n\n<amp-fit-text layout=\"fixed-height\" min-font-size=\"14\" max-font-size=\"48\" height=\"50\"><p>Aqu\u00ed, estamos dando una idea sobre las piezas m\u00e1s interesantes que a\u00fan est\u00e1n en pie en este templo:<\/p><\/amp-fit-text>\n\n\n\n<amp-fit-text layout=\"fixed-height\" min-font-size=\"14\" max-font-size=\"48\" height=\"50\"><h2 class=\"wp-block-heading\">Los Colosos De Memnon<\/h2><\/amp-fit-text>\n\n\n\n<figure class=\"wp-block-image\"><img data-recalc-dims=\"1\" loading=\"lazy\" decoding=\"async\" width=\"980\" height=\"551\" src=\"https:\/\/i0.wp.com\/landioustravel.com\/wp-content\/uploads\/2019\/03\/Colossi_memnon_temple_amenhotip-e1600893028941.jpg?resize=980%2C551&#038;ssl=1\" alt=\"The Colossi of Memnon in the temple of Amenhotep\" class=\"wp-image-3485\" srcset=\"https:\/\/i0.wp.com\/landioustravel.com\/wp-content\/uploads\/2019\/03\/Colossi_memnon_temple_amenhotip-e1600893028941.jpg?w=1200&amp;ssl=1 1200w, https:\/\/i0.wp.com\/landioustravel.com\/wp-content\/uploads\/2019\/03\/Colossi_memnon_temple_amenhotip-e1600893028941.jpg?resize=600%2C338&amp;ssl=1 600w\" sizes=\"auto, (max-width: 980px) 100vw, 980px\" \/><figcaption>The Colossi of Memnon in the temple of Amenhotep<\/figcaption><\/figure>\n\n\n\n<amp-fit-text layout=\"fixed-height\" min-font-size=\"14\" max-font-size=\"48\" height=\"50\"><p>Estas estatuas gemelas representan Amenhotep III en una posici\u00f3n sentada. Dos figuras m\u00e1s cortas est\u00e1n talladas en el trono delantero junto a sus piernas para su esposa Tiye y su madre Mutemwiya. Los paneles laterales representan al dios del Nilo Hapy.<\/p><\/amp-fit-text>\n\n\n\n<amp-fit-text layout=\"fixed-height\" min-font-size=\"14\" max-font-size=\"48\" height=\"50\"><p>Las estatuas est\u00e1n hechas de bloques de arenisca de cuarcita que se extrajo en el-Gabal el-Ahmar y se transportaron 675 km por tierra hasta Luxor. Despu\u00e9s del terremoto 27, los ingenieros romanos reconstruyeron el coloso del norte. Se cree que usaron bloques que pueden haber venido de Edfu. Los colosos alcanzan una altura de 18 m y pesan aproximadamente 720 toneladas cada uno. En el caso, vamos a incluir las plataformas de piedra sobre las que se encuentran. Si est\u00e1n separadas, las plataformas tienen aproximadamente 4 m de altura, y las dos figuras son aproximadamente 15 m.<\/p><\/amp-fit-text>\n\n\n\n<amp-fit-text layout=\"fixed-height\" min-font-size=\"14\" max-font-size=\"48\" height=\"50\"><p>La estatua del sur todav\u00eda comprende una sola pieza de piedra; mientras que en el 27 aC, un gran terremoto destroz\u00f3 el coloso norte, derrumb\u00e1ndolo de cintura para arriba y rompiendo la mitad inferior. Se agregaron cinco bloques de arenisca al \u00faltimo para restaurarlo, en nuestros d\u00edas.<\/p><\/amp-fit-text>\n","protected":false},"excerpt":{"rendered":"<p>El templo de Amenhotep III es uno de los asombrosos templos ubicados en la orilla oeste del r\u00edo Nilo, en la Necr\u00f3polis de Tebas. Amenhotep III, fara\u00f3n de la dinast\u00eda XVIII, construy\u00f3 este templo durante su gobierno alrededor del 1400 a. C., donde fue adorado como un dios. En su d\u00eda, este complejo de templos [&hellip;]<\/p>\n","protected":false},"author":1,"featured_media":3473,"parent":3135,"menu_order":4,"comment_status":"open","ping_status":"closed","template":"","meta":{"_coblocks_attr":"","_coblocks_dimensions":"","_coblocks_responsive_height":"","_coblocks_accordion_ie_support":"","_uag_custom_page_level_css":"","jetpack_post_was_ever_published":false,"footnotes":""},"class_list":["post-3504","page","type-page","status-publish","has-post-thumbnail","hentry"],"yoast_head":"<!-- This site is optimized with the Yoast SEO Premium plugin v26.9 (Yoast SEO v27.3) - https:\/\/yoast.com\/product\/yoast-seo-premium-wordpress\/ -->\n<title>El templo de Amenhotep III<\/title>\n<meta name=\"description\" content=\"The temple of Amenhotep III is one of the amazing temples located in the west bank of the River Nile, in the Theban Necropolis, Luxor governorate.\" \/>\n<meta name=\"robots\" content=\"index, follow, max-snippet:-1, max-image-preview:large, max-video-preview:-1\" \/>\n<link rel=\"canonical\" href=\"https:\/\/landioustravel.com\/es\/egipto\/templos-egipcios\/templo-amenhotep-tercero\/\" \/>\n<meta property=\"og:locale\" content=\"es_ES\" \/>\n<meta property=\"og:type\" content=\"article\" \/>\n<meta property=\"og:title\" content=\"El templo de Amenhotep III\" \/>\n<meta property=\"og:description\" content=\"The temple of Amenhotep III is one of the amazing temples located in the west bank of the River Nile, in the Theban Necropolis, Luxor governorate.\" \/>\n<meta property=\"og:url\" content=\"https:\/\/landioustravel.com\/es\/egipto\/templos-egipcios\/templo-amenhotep-tercero\/\" \/>\n<meta property=\"og:site_name\" content=\"Landious Travel\" \/>\n<meta property=\"article:publisher\" content=\"https:\/\/web.facebook.com\/landiousEgypt\" \/>\n<meta property=\"article:modified_time\" content=\"2019-03-28T00:42:58+00:00\" \/>\n<meta property=\"og:image\" content=\"https:\/\/i0.wp.com\/landioustravel.com\/wp-content\/uploads\/2019\/03\/temple_of_Amenhotep_III-e1600893071897.jpg?fit=1200%2C675&ssl=1\" \/>\n\t<meta property=\"og:image:width\" content=\"1200\" \/>\n\t<meta property=\"og:image:height\" content=\"675\" \/>\n\t<meta property=\"og:image:type\" content=\"image\/jpeg\" \/>\n<meta name=\"twitter:card\" content=\"summary_large_image\" \/>\n<meta name=\"twitter:site\" content=\"@LandiousTours\" \/>\n<meta name=\"twitter:label1\" content=\"Tiempo de lectura\" \/>\n\t<meta name=\"twitter:data1\" content=\"2 minutos\" \/>\n<script type=\"application\/ld+json\" class=\"yoast-schema-graph\">{\"@context\":\"https:\\\/\\\/schema.org\",\"@graph\":[{\"@type\":\"WebPage\",\"@id\":\"https:\\\/\\\/landioustravel.com\\\/es\\\/egipto\\\/templos-egipcios\\\/templo-amenhotep-tercero\\\/\",\"url\":\"https:\\\/\\\/landioustravel.com\\\/es\\\/egipto\\\/templos-egipcios\\\/templo-amenhotep-tercero\\\/\",\"name\":\"El templo de Amenhotep III\",\"isPartOf\":{\"@id\":\"https:\\\/\\\/landioustravel.com\\\/es\\\/#website\"},\"primaryImageOfPage\":{\"@id\":\"https:\\\/\\\/landioustravel.com\\\/es\\\/egipto\\\/templos-egipcios\\\/templo-amenhotep-tercero\\\/#primaryimage\"},\"image\":{\"@id\":\"https:\\\/\\\/landioustravel.com\\\/es\\\/egipto\\\/templos-egipcios\\\/templo-amenhotep-tercero\\\/#primaryimage\"},\"thumbnailUrl\":\"https:\\\/\\\/i0.wp.com\\\/landioustravel.com\\\/wp-content\\\/uploads\\\/2019\\\/03\\\/temple_of_Amenhotep_III-e1600893071897.jpg?fit=1200%2C675&ssl=1\",\"datePublished\":\"2019-03-28T00:42:57+00:00\",\"dateModified\":\"2019-03-28T00:42:58+00:00\",\"description\":\"The temple of Amenhotep III is one of the amazing temples located in the west bank of the River Nile, in the Theban Necropolis, Luxor governorate.\",\"breadcrumb\":{\"@id\":\"https:\\\/\\\/landioustravel.com\\\/es\\\/egipto\\\/templos-egipcios\\\/templo-amenhotep-tercero\\\/#breadcrumb\"},\"inLanguage\":\"es\",\"potentialAction\":[{\"@type\":\"ReadAction\",\"target\":[\"https:\\\/\\\/landioustravel.com\\\/es\\\/egipto\\\/templos-egipcios\\\/templo-amenhotep-tercero\\\/\"]}]},{\"@type\":\"ImageObject\",\"inLanguage\":\"es\",\"@id\":\"https:\\\/\\\/landioustravel.com\\\/es\\\/egipto\\\/templos-egipcios\\\/templo-amenhotep-tercero\\\/#primaryimage\",\"url\":\"https:\\\/\\\/i0.wp.com\\\/landioustravel.com\\\/wp-content\\\/uploads\\\/2019\\\/03\\\/temple_of_Amenhotep_III-e1600893071897.jpg?fit=1200%2C675&ssl=1\",\"contentUrl\":\"https:\\\/\\\/i0.wp.com\\\/landioustravel.com\\\/wp-content\\\/uploads\\\/2019\\\/03\\\/temple_of_Amenhotep_III-e1600893071897.jpg?fit=1200%2C675&ssl=1\",\"width\":1200,\"height\":675,\"caption\":\"The temple of Amenhotep III\"},{\"@type\":\"BreadcrumbList\",\"@id\":\"https:\\\/\\\/landioustravel.com\\\/es\\\/egipto\\\/templos-egipcios\\\/templo-amenhotep-tercero\\\/#breadcrumb\",\"itemListElement\":[{\"@type\":\"ListItem\",\"position\":1,\"name\":\"Home\",\"item\":\"https:\\\/\\\/landioustravel.com\\\/es\\\/\"},{\"@type\":\"ListItem\",\"position\":2,\"name\":\"Egipto\",\"item\":\"https:\\\/\\\/landioustravel.com\\\/es\\\/egipto\\\/\"},{\"@type\":\"ListItem\",\"position\":3,\"name\":\"Templos egipcios\",\"item\":\"https:\\\/\\\/landioustravel.com\\\/es\\\/egipto\\\/templos-egipcios\\\/\"},{\"@type\":\"ListItem\",\"position\":4,\"name\":\"El templo de Amenhotep III\"}]},{\"@type\":\"WebSite\",\"@id\":\"https:\\\/\\\/landioustravel.com\\\/es\\\/#website\",\"url\":\"https:\\\/\\\/landioustravel.com\\\/es\\\/\",\"name\":\"Landious Travel\",\"description\":\"Tours and Excursions in Egypt\",\"publisher\":{\"@id\":\"https:\\\/\\\/landioustravel.com\\\/es\\\/#organization\"},\"potentialAction\":[{\"@type\":\"SearchAction\",\"target\":{\"@type\":\"EntryPoint\",\"urlTemplate\":\"https:\\\/\\\/landioustravel.com\\\/es\\\/?s={search_term_string}\"},\"query-input\":{\"@type\":\"PropertyValueSpecification\",\"valueRequired\":true,\"valueName\":\"search_term_string\"}}],\"inLanguage\":\"es\"},{\"@type\":[\"Organization\",\"Place\"],\"@id\":\"https:\\\/\\\/landioustravel.com\\\/es\\\/#organization\",\"name\":\"Landious Travel\",\"alternateName\":\"Landious Travel\",\"url\":\"https:\\\/\\\/landioustravel.com\\\/es\\\/\",\"logo\":{\"@id\":\"https:\\\/\\\/landioustravel.com\\\/es\\\/egipto\\\/templos-egipcios\\\/templo-amenhotep-tercero\\\/#local-main-organization-logo\"},\"image\":{\"@id\":\"https:\\\/\\\/landioustravel.com\\\/es\\\/egipto\\\/templos-egipcios\\\/templo-amenhotep-tercero\\\/#local-main-organization-logo\"},\"sameAs\":[\"https:\\\/\\\/web.facebook.com\\\/landiousEgypt\",\"https:\\\/\\\/x.com\\\/LandiousTours\",\"https:\\\/\\\/mastodon.social\\\/@landious\"],\"legalName\":\"Landious Travel\",\"telephone\":[],\"openingHoursSpecification\":[{\"@type\":\"OpeningHoursSpecification\",\"dayOfWeek\":[\"Monday\",\"Tuesday\",\"Wednesday\",\"Thursday\",\"Friday\",\"Saturday\",\"Sunday\"],\"opens\":\"09:00\",\"closes\":\"17:00\"}]},{\"@type\":\"ImageObject\",\"inLanguage\":\"es\",\"@id\":\"https:\\\/\\\/landioustravel.com\\\/es\\\/egipto\\\/templos-egipcios\\\/templo-amenhotep-tercero\\\/#local-main-organization-logo\",\"url\":\"https:\\\/\\\/i0.wp.com\\\/landioustravel.com\\\/wp-content\\\/uploads\\\/2021\\\/06\\\/Landious-T.png?fit=500%2C500&ssl=1\",\"contentUrl\":\"https:\\\/\\\/i0.wp.com\\\/landioustravel.com\\\/wp-content\\\/uploads\\\/2021\\\/06\\\/Landious-T.png?fit=500%2C500&ssl=1\",\"width\":500,\"height\":500,\"caption\":\"Landious Travel\"}]}<\/script>\n<!-- \/ Yoast SEO Premium plugin. -->","yoast_head_json":{"title":"El templo de Amenhotep III","description":"The temple of Amenhotep III is one of the amazing temples located in the west bank of the River Nile, in the Theban Necropolis, Luxor governorate.","robots":{"index":"index","follow":"follow","max-snippet":"max-snippet:-1","max-image-preview":"max-image-preview:large","max-video-preview":"max-video-preview:-1"},"canonical":"https:\/\/landioustravel.com\/es\/egipto\/templos-egipcios\/templo-amenhotep-tercero\/","og_locale":"es_ES","og_type":"article","og_title":"El templo de Amenhotep III","og_description":"The temple of Amenhotep III is one of the amazing temples located in the west bank of the River Nile, in the Theban Necropolis, Luxor governorate.","og_url":"https:\/\/landioustravel.com\/es\/egipto\/templos-egipcios\/templo-amenhotep-tercero\/","og_site_name":"Landious Travel","article_publisher":"https:\/\/web.facebook.com\/landiousEgypt","article_modified_time":"2019-03-28T00:42:58+00:00","og_image":[{"width":1200,"height":675,"url":"https:\/\/i0.wp.com\/landioustravel.com\/wp-content\/uploads\/2019\/03\/temple_of_Amenhotep_III-e1600893071897.jpg?fit=1200%2C675&ssl=1","type":"image\/jpeg"}],"twitter_card":"summary_large_image","twitter_site":"@LandiousTours","twitter_misc":{"Tiempo de lectura":"2 minutos"},"schema":{"@context":"https:\/\/schema.org","@graph":[{"@type":"WebPage","@id":"https:\/\/landioustravel.com\/es\/egipto\/templos-egipcios\/templo-amenhotep-tercero\/","url":"https:\/\/landioustravel.com\/es\/egipto\/templos-egipcios\/templo-amenhotep-tercero\/","name":"El templo de Amenhotep III","isPartOf":{"@id":"https:\/\/landioustravel.com\/es\/#website"},"primaryImageOfPage":{"@id":"https:\/\/landioustravel.com\/es\/egipto\/templos-egipcios\/templo-amenhotep-tercero\/#primaryimage"},"image":{"@id":"https:\/\/landioustravel.com\/es\/egipto\/templos-egipcios\/templo-amenhotep-tercero\/#primaryimage"},"thumbnailUrl":"https:\/\/i0.wp.com\/landioustravel.com\/wp-content\/uploads\/2019\/03\/temple_of_Amenhotep_III-e1600893071897.jpg?fit=1200%2C675&ssl=1","datePublished":"2019-03-28T00:42:57+00:00","dateModified":"2019-03-28T00:42:58+00:00","description":"The temple of Amenhotep III is one of the amazing temples located in the west bank of the River Nile, in the Theban Necropolis, Luxor governorate.","breadcrumb":{"@id":"https:\/\/landioustravel.com\/es\/egipto\/templos-egipcios\/templo-amenhotep-tercero\/#breadcrumb"},"inLanguage":"es","potentialAction":[{"@type":"ReadAction","target":["https:\/\/landioustravel.com\/es\/egipto\/templos-egipcios\/templo-amenhotep-tercero\/"]}]},{"@type":"ImageObject","inLanguage":"es","@id":"https:\/\/landioustravel.com\/es\/egipto\/templos-egipcios\/templo-amenhotep-tercero\/#primaryimage","url":"https:\/\/i0.wp.com\/landioustravel.com\/wp-content\/uploads\/2019\/03\/temple_of_Amenhotep_III-e1600893071897.jpg?fit=1200%2C675&ssl=1","contentUrl":"https:\/\/i0.wp.com\/landioustravel.com\/wp-content\/uploads\/2019\/03\/temple_of_Amenhotep_III-e1600893071897.jpg?fit=1200%2C675&ssl=1","width":1200,"height":675,"caption":"The temple of Amenhotep III"},{"@type":"BreadcrumbList","@id":"https:\/\/landioustravel.com\/es\/egipto\/templos-egipcios\/templo-amenhotep-tercero\/#breadcrumb","itemListElement":[{"@type":"ListItem","position":1,"name":"Home","item":"https:\/\/landioustravel.com\/es\/"},{"@type":"ListItem","position":2,"name":"Egipto","item":"https:\/\/landioustravel.com\/es\/egipto\/"},{"@type":"ListItem","position":3,"name":"Templos egipcios","item":"https:\/\/landioustravel.com\/es\/egipto\/templos-egipcios\/"},{"@type":"ListItem","position":4,"name":"El templo de Amenhotep III"}]},{"@type":"WebSite","@id":"https:\/\/landioustravel.com\/es\/#website","url":"https:\/\/landioustravel.com\/es\/","name":"Landious Travel","description":"Tours and Excursions in Egypt","publisher":{"@id":"https:\/\/landioustravel.com\/es\/#organization"},"potentialAction":[{"@type":"SearchAction","target":{"@type":"EntryPoint","urlTemplate":"https:\/\/landioustravel.com\/es\/?s={search_term_string}"},"query-input":{"@type":"PropertyValueSpecification","valueRequired":true,"valueName":"search_term_string"}}],"inLanguage":"es"},{"@type":["Organization","Place"],"@id":"https:\/\/landioustravel.com\/es\/#organization","name":"Landious Travel","alternateName":"Landious Travel","url":"https:\/\/landioustravel.com\/es\/","logo":{"@id":"https:\/\/landioustravel.com\/es\/egipto\/templos-egipcios\/templo-amenhotep-tercero\/#local-main-organization-logo"},"image":{"@id":"https:\/\/landioustravel.com\/es\/egipto\/templos-egipcios\/templo-amenhotep-tercero\/#local-main-organization-logo"},"sameAs":["https:\/\/web.facebook.com\/landiousEgypt","https:\/\/x.com\/LandiousTours","https:\/\/mastodon.social\/@landious"],"legalName":"Landious Travel","telephone":[],"openingHoursSpecification":[{"@type":"OpeningHoursSpecification","dayOfWeek":["Monday","Tuesday","Wednesday","Thursday","Friday","Saturday","Sunday"],"opens":"09:00","closes":"17:00"}]},{"@type":"ImageObject","inLanguage":"es","@id":"https:\/\/landioustravel.com\/es\/egipto\/templos-egipcios\/templo-amenhotep-tercero\/#local-main-organization-logo","url":"https:\/\/i0.wp.com\/landioustravel.com\/wp-content\/uploads\/2021\/06\/Landious-T.png?fit=500%2C500&ssl=1","contentUrl":"https:\/\/i0.wp.com\/landioustravel.com\/wp-content\/uploads\/2021\/06\/Landious-T.png?fit=500%2C500&ssl=1","width":500,"height":500,"caption":"Landious Travel"}]}},"uagb_featured_image_src":{"full":["https:\/\/i0.wp.com\/landioustravel.com\/wp-content\/uploads\/2019\/03\/temple_of_Amenhotep_III-e1600893071897.jpg?fit=1200%2C675&ssl=1",1200,675,false],"thumbnail":["https:\/\/i0.wp.com\/landioustravel.com\/wp-content\/uploads\/2019\/03\/temple_of_Amenhotep_III-e1600893071897.jpg?resize=150%2C150&ssl=1",150,150,true],"medium":["https:\/\/i0.wp.com\/landioustravel.com\/wp-content\/uploads\/2019\/03\/temple_of_Amenhotep_III-e1600893071897.jpg?fit=300%2C169&ssl=1",300,169,true],"medium_large":["https:\/\/i0.wp.com\/landioustravel.com\/wp-content\/uploads\/2019\/03\/temple_of_Amenhotep_III-e1600893071897.jpg?fit=768%2C432&ssl=1",768,432,true],"large":["https:\/\/i0.wp.com\/landioustravel.com\/wp-content\/uploads\/2019\/03\/temple_of_Amenhotep_III-e1600893071897.jpg?fit=980%2C551&ssl=1",980,551,true],"1536x1536":["https:\/\/i0.wp.com\/landioustravel.com\/wp-content\/uploads\/2019\/03\/temple_of_Amenhotep_III-e1600893071897.jpg?fit=1536%2C864&ssl=1",1536,864,true],"2048x2048":["https:\/\/i0.wp.com\/landioustravel.com\/wp-content\/uploads\/2019\/03\/temple_of_Amenhotep_III-e1600893071897.jpg?fit=1200%2C675&ssl=1",1200,675,true],"newspack-article-block-landscape-large":["https:\/\/i0.wp.com\/landioustravel.com\/wp-content\/uploads\/2019\/03\/temple_of_Amenhotep_III-e1600893071897.jpg?resize=1200%2C675&ssl=1",1200,900,true],"newspack-article-block-portrait-large":["https:\/\/i0.wp.com\/landioustravel.com\/wp-content\/uploads\/2019\/03\/temple_of_Amenhotep_III-e1600893071897.jpg?resize=900%2C675&ssl=1",900,675,true],"newspack-article-block-square-large":["https:\/\/i0.wp.com\/landioustravel.com\/wp-content\/uploads\/2019\/03\/temple_of_Amenhotep_III-e1600893071897.jpg?resize=1200%2C675&ssl=1",1200,1152,true],"newspack-article-block-landscape-medium":["https:\/\/i0.wp.com\/landioustravel.com\/wp-content\/uploads\/2019\/03\/temple_of_Amenhotep_III-e1600893071897.jpg?resize=800%2C600&ssl=1",800,600,true],"newspack-article-block-portrait-medium":["https:\/\/i0.wp.com\/landioustravel.com\/wp-content\/uploads\/2019\/03\/temple_of_Amenhotep_III-e1600893071897.jpg?resize=600%2C675&ssl=1",600,675,true],"newspack-article-block-square-medium":["https:\/\/i0.wp.com\/landioustravel.com\/wp-content\/uploads\/2019\/03\/temple_of_Amenhotep_III-e1600893071897.jpg?resize=800%2C675&ssl=1",800,675,true],"newspack-article-block-landscape-intermediate":["https:\/\/i0.wp.com\/landioustravel.com\/wp-content\/uploads\/2019\/03\/temple_of_Amenhotep_III-e1600893071897.jpg?resize=600%2C450&ssl=1",600,450,true],"newspack-article-block-portrait-intermediate":["https:\/\/i0.wp.com\/landioustravel.com\/wp-content\/uploads\/2019\/03\/temple_of_Amenhotep_III-e1600893071897.jpg?resize=450%2C600&ssl=1",450,600,true],"newspack-article-block-square-intermediate":["https:\/\/i0.wp.com\/landioustravel.com\/wp-content\/uploads\/2019\/03\/temple_of_Amenhotep_III-e1600893071897.jpg?resize=600%2C600&ssl=1",600,600,true],"newspack-article-block-landscape-small":["https:\/\/i0.wp.com\/landioustravel.com\/wp-content\/uploads\/2019\/03\/temple_of_Amenhotep_III-e1600893071897.jpg?resize=400%2C300&ssl=1",400,300,true],"newspack-article-block-portrait-small":["https:\/\/i0.wp.com\/landioustravel.com\/wp-content\/uploads\/2019\/03\/temple_of_Amenhotep_III-e1600893071897.jpg?resize=300%2C400&ssl=1",300,400,true],"newspack-article-block-square-small":["https:\/\/i0.wp.com\/landioustravel.com\/wp-content\/uploads\/2019\/03\/temple_of_Amenhotep_III-e1600893071897.jpg?resize=400%2C400&ssl=1",400,400,true],"newspack-article-block-landscape-tiny":["https:\/\/i0.wp.com\/landioustravel.com\/wp-content\/uploads\/2019\/03\/temple_of_Amenhotep_III-e1600893071897.jpg?resize=200%2C150&ssl=1",200,150,true],"newspack-article-block-portrait-tiny":["https:\/\/i0.wp.com\/landioustravel.com\/wp-content\/uploads\/2019\/03\/temple_of_Amenhotep_III-e1600893071897.jpg?resize=150%2C200&ssl=1",150,200,true],"newspack-article-block-square-tiny":["https:\/\/i0.wp.com\/landioustravel.com\/wp-content\/uploads\/2019\/03\/temple_of_Amenhotep_III-e1600893071897.jpg?resize=200%2C200&ssl=1",200,200,true],"newspack-article-block-uncropped":["https:\/\/i0.wp.com\/landioustravel.com\/wp-content\/uploads\/2019\/03\/temple_of_Amenhotep_III-e1600893071897.jpg?fit=1200%2C675&ssl=1",1200,675,true],"woocommerce_thumbnail":["https:\/\/i0.wp.com\/landioustravel.com\/wp-content\/uploads\/2019\/03\/temple_of_Amenhotep_III-e1600893071897.jpg?resize=324%2C324&ssl=1",324,324,true],"woocommerce_single":["https:\/\/i0.wp.com\/landioustravel.com\/wp-content\/uploads\/2019\/03\/temple_of_Amenhotep_III-e1600893071897.jpg?fit=416%2C234&ssl=1",416,234,true],"woocommerce_gallery_thumbnail":["https:\/\/i0.wp.com\/landioustravel.com\/wp-content\/uploads\/2019\/03\/temple_of_Amenhotep_III-e1600893071897.jpg?resize=100%2C100&ssl=1",100,100,true]},"uagb_author_info":{"display_name":"Mofreh Landious","author_link":"https:\/\/landioustravel.com\/es\/author\/landious\/"},"uagb_comment_info":0,"uagb_excerpt":"El templo de Amenhotep III es uno de los asombrosos templos ubicados en la orilla oeste del r\u00edo Nilo, en la Necr\u00f3polis de Tebas. Amenhotep III, fara\u00f3n de la dinast\u00eda XVIII, construy\u00f3 este templo durante su gobierno alrededor del 1400 a. C., donde fue adorado como un dios. En su d\u00eda, este complejo de templos&hellip;","jetpack_sharing_enabled":true,"jetpack_shortlink":"https:\/\/wp.me\/Par4r5-Uw","jetpack_likes_enabled":true,"amp_enabled":true,"_links":{"self":[{"href":"https:\/\/landioustravel.com\/es\/wp-json\/wp\/v2\/pages\/3504","targetHints":{"allow":["GET"]}}],"collection":[{"href":"https:\/\/landioustravel.com\/es\/wp-json\/wp\/v2\/pages"}],"about":[{"href":"https:\/\/landioustravel.com\/es\/wp-json\/wp\/v2\/types\/page"}],"author":[{"embeddable":true,"href":"https:\/\/landioustravel.com\/es\/wp-json\/wp\/v2\/users\/1"}],"replies":[{"embeddable":true,"href":"https:\/\/landioustravel.com\/es\/wp-json\/wp\/v2\/comments?post=3504"}],"version-history":[{"count":0,"href":"https:\/\/landioustravel.com\/es\/wp-json\/wp\/v2\/pages\/3504\/revisions"}],"up":[{"embeddable":true,"href":"https:\/\/landioustravel.com\/es\/wp-json\/wp\/v2\/pages\/3135"}],"wp:featuredmedia":[{"embeddable":true,"href":"https:\/\/landioustravel.com\/es\/wp-json\/wp\/v2\/media\/3473"}],"wp:attachment":[{"href":"https:\/\/landioustravel.com\/es\/wp-json\/wp\/v2\/media?parent=3504"}],"curies":[{"name":"wp","href":"https:\/\/api.w.org\/{rel}","templated":true}]}}