{"id":35115,"date":"2021-08-09T23:35:20","date_gmt":"2021-08-09T21:35:20","guid":{"rendered":"https:\/\/landioustravel.com\/?page_id=35115"},"modified":"2021-08-09T23:35:23","modified_gmt":"2021-08-09T21:35:23","slug":"dios-thot","status":"publish","type":"page","link":"https:\/\/landioustravel.com\/es\/egipto\/deidades-egipcias\/dios-thot\/","title":{"rendered":"Dios Thot"},"content":{"rendered":"\n<p>Uno de los <a href=\"https:\/\/landioustravel.com\/es\/egipto\/deidades-egipcias\/\">dioses<\/a> m\u00e1s importantes del <a href=\"https:\/\/landioustravel.com\/es\/egipto\/historia-egipto\/\">Antiguo Egipto<\/a>, Thot era el dios de la escritura, la sabidur\u00eda, la magia y la luna. Varias versiones del origen de Thot salpican el curso de la historia. Algunos afirman que el dios se cre\u00f3 a s\u00ed mismo. Sin embargo, otros argumentan que naci\u00f3 de la semilla de <a href=\"https:\/\/landioustravel.com\/es\/egipto\/deidades-egipcias\/dios-horus\/\">Horus<\/a> que vino de la frente de <a href=\"https:\/\/landioustravel.com\/es\/egipto\/deidades-egipcias\/dios-set\/\">Set<\/a>. La gente a menudo ve\u00eda a Thot como el hijo de estos dos dioses que representaban el orden y el caos, respectivamente. Por lo tanto, lo eligieron tambi\u00e9n como dios del equilibrio.<\/p>\n\n\n\n<p>Por otro lado, las leyendas conectan a Ma&#8217;at con el dios. Su asociaci\u00f3n se extendi\u00f3 tanto al equilibrio divino como a la diosa Ma&#8217;at, que representaba este principio. La diosa tambi\u00e9n fue representada a veces como la esposa de Thot.<\/p>\n\n\n\n<h2 class=\"wp-block-heading\" id=\"h-los-diversos-nombres-de-dios-thot\">Los diversos nombres de Dios Thot<\/h2>\n\n\n\n<p>El nombre egipcio original de Thot era Djehuty, que se traduc\u00eda como \u00abEl que es como el ibis\u00bb. Los antiguos egipcios veneraban al p\u00e1jaro Ibis como sagrado y lo asociaban con la sabidur\u00eda. Adem\u00e1s, Thot ten\u00eda otros nombres como Tahuti, Tehuti, Jehuti, Tetu, Zehuti, Techu. La gente tambi\u00e9n lo llamaba el Se\u00f1or de Khemenu, m\u00e1s tarde ciudad de Herm\u00f3polis, que le sirvi\u00f3 como un importante centro de culto.<\/p>\n\n\n\n<p>La asociaci\u00f3n de Thot con el dios Hermes llev\u00f3 a los griegos a nombrar a Thot \u00ab<a href=\"https:\/\/es.wikipedia.org\/wiki\/Hermes_Trismegisto\" target=\"_blank\" rel=\"noreferrer noopener\">Hermes Trismegistus<\/a>\u00bb (Thot el tres veces mayor). Esta es tambi\u00e9n la raz\u00f3n detr\u00e1s del nombre de la ciudad <a href=\"https:\/\/www.google.com\/maps\/place\/Al+Ashmunin,+El-Horeya+Ezbet+Ibrahim+Awad,+Melawi,+Menia+Governorate\/@27.7751637,30.7941994,15z\/data=!3m1!4b1!4m5!3m4!1s0x1444d6b4f84b798b:0xbc51977e974e22ba!8m2!3d27.7756546!4d30.8002609\" target=\"_blank\" rel=\"noreferrer noopener\">Herm\u00f3polis<\/a>. Adem\u00e1s, otros cuentos se refieren al dios como \u00abSe\u00f1or de Ma&#8217;at\u00bb, \u00abEscriba de Ma&#8217;at en compa\u00f1\u00eda de dioses\u00bb, \u00abSe\u00f1or de las palabras divinas\u00bb. La deidad se conoce m\u00e1s popularmente como el juez justo e incorruptible.<\/p>\n\n\n\n<h2 class=\"wp-block-heading\">Origen de Dios Thot<\/h2>\n\n\n\n<p>Al igual que otros dioses del pante\u00f3n egipcio, Thot tiene diferentes historias de origen. Algunos afirman que Ra cre\u00f3 a Thoth de su labio al comienzo de la creaci\u00f3n. De ah\u00ed que fuera conocido como \u00abdios sin madre\u00bb. Sin embargo, seg\u00fan otros cuentos, Thot se cre\u00f3 a s\u00ed mismo al principio de los tiempos y puso un huevo c\u00f3smico en forma de Ibis que conten\u00eda toda la creaci\u00f3n.<\/p>\n\n\n\n<h2 class=\"wp-block-heading\">Thot y Horus<\/h2>\n\n\n\n<p>Al mismo tiempo, las historias vinculaban estrechamente al dios con <a href=\"https:\/\/landioustravel.com\/es\/egipto\/deidades-egipcias\/dios-ra\/\">Ra<\/a> y la teor\u00eda del orden divino y la justicia. Sin embargo, otra historia famosa que cuenta las contiendas de Horus y Set desde 1190-1077 a. C. presenta una historia de origen completamente diferente. Seg\u00fan este manuscrito egipcio, durante la lucha de Set y Horus por el derecho a gobernar, el semen de Horus cre\u00f3 a Thoth que Set trag\u00f3 accidentalmente.<\/p>\n\n\n\n<p>Este texto cuenta la historia de Set, quien se impuso a Horus. M\u00e1s tarde, Set fue a presumir de ello ante otros dioses. Sin embargo, no sab\u00eda que Horus atrap\u00f3 la semilla de Set en su mano que fue cortada por <a href=\"https:\/\/landioustravel.com\/es\/egipto\/deidades-egipcias\/diosa-isis\/\">Isis<\/a> m\u00e1s tarde y arrojada al r\u00edo Nilo. Mientras tanto, Horus puso su semilla en la comida favorita de Set.<\/p>\n\n\n\n<p>Este Set impregn\u00f3 accidentalmente con la semilla de Horus. Entonces, mientras Set se jactaba de su fechor\u00eda, Horus desafi\u00f3 su afirmaci\u00f3n. Pidi\u00f3 a los dioses que llamaran a su semilla. Para disgusto de Set, la semilla de Horus respondi\u00f3 a la llamada desde su interior. La semilla se acumul\u00f3 en la parte superior de la frente de Set y condujo al nacimiento del dios Thot.<\/p>\n\n\n\n<p>Todas las versiones, sin embargo, tienen una similitud. Todas las versiones colocan a Thot como el escriba que registra los eventos del concurso entre Set y Horus. Adem\u00e1s, se ofrece a asesorarlos a ambos. \u00c9l medi\u00f3 en la lucha entre los dioses y los cur\u00f3 a ambos en diferentes momentos.<\/p>\n\n\n\n<p>Thot cre\u00eda que ambos lados eran igualmente capaces y no deber\u00edan obtener una ventaja injusta sobre el otro. Por lo tanto, cur\u00f3 a Set y Horus durante su batalla. De manera similar, entre los seres humanos, el dios presidi\u00f3 la justicia en la Tierra.<\/p>\n\n\n\n<h2 class=\"wp-block-heading\">Los roles de Dios Thot<\/h2>\n\n\n\n<p>Los antiguos egipcios atribuyen al dios la creaci\u00f3n de numerosas ramas del conocimiento que inclu\u00edan la magia, el derecho, la religi\u00f3n, la ciencia, la escritura, la filosof\u00eda y el arte. Por lo tanto, esto lo convirti\u00f3 en el juez m\u00e1s confiable que pod\u00eda tomar decisiones justas. Adem\u00e1s, los griegos admiraban al dios hasta tal punto que se refer\u00edan a \u00e9l como el creador del conocimiento.<\/p>\n\n\n\n<p>Adem\u00e1s, los otros dioses ten\u00edan a Thot en alta estima. Cuando las tierras extranjeras (la diosa lejana) secuestraron a la hija de Ra, los dioses eligieron a Set para recuperarla. Thoth se disfraz\u00f3 de babuino o mono. Le pidi\u00f3 a la diosa que volviera a casa con perseverancia, astucia y humildad.<\/p>\n\n\n\n<p>Como recompensa por su servicio, los dioses le regalaron a la diosa Nehemmire para que fuera su consorte. Adem\u00e1s, Thot jug\u00f3 un papel importante en el nacimiento de los cinco dioses originales de Egipto. Seg\u00fan la mitolog\u00eda, Nut qued\u00f3 embarazada al principio del mundo. Esto enfureci\u00f3 mucho al dios Ra, quien luego maldijo a Nut diciendo que no dar\u00eda a luz ning\u00fan d\u00eda del a\u00f1o.<\/p>\n\n\n\n<h3 class=\"wp-block-heading\">Divisi\u00f3n de la luz de la luna<\/h3>\n\n\n\n<p>Angustiado por el miedo, Nut corri\u00f3 hacia el dios de la sabidur\u00eda Thot y le pidi\u00f3 ayuda. Para ayudar a Nut, el dios jug\u00f3 con el dios de la luna Lah. Apost\u00f3 por cinco d\u00edas adicionales de luz de luna. Thoth gan\u00f3 la apuesta y dividi\u00f3 la luz de la luna de Lah en cinco d\u00edas adicionales que no eran parte del a\u00f1o original, como lo mencion\u00f3 Ra. Esto le permiti\u00f3 a Nut escapar de la maldici\u00f3n de Ra y dar a luz a cada uno de sus hijos (<a href=\"https:\/\/landioustravel.com\/es\/egipto\/deidades-egipcias\/dios-osiris\/\">Osiris<\/a>, <a href=\"https:\/\/landioustravel.com\/es\/egipto\/deidades-egipcias\/diosa-neftis\/\">Neftis<\/a>, Set, Horus e Isis) en esos cinco d\u00edas.<\/p>\n\n\n\n<p>M\u00e1s tarde, a pesar de estar enojado con Nut, honr\u00f3 la forma inteligente en la que Thoth esquiv\u00f3 su maldici\u00f3n. Por lo tanto, le dio a Thot un asiento de honor en su barco celestial que cruzaba el cielo de d\u00eda y el inframundo de noche. Posteriormente, Thoth protegi\u00f3 a Ra defendi\u00e9ndolo de la serpiente Apophis que quer\u00eda destruir al dios sol.<\/p>\n\n\n\n<p>Los antiguos cre\u00edan que \u00e9l cre\u00f3 la palabra escrita tanto para humanos como para dios. Por lo tanto, los escribas lo reclamaron como su patr\u00f3n y lo honraron al comienzo de cada d\u00eda. El concepto de que Toth cre\u00f3 palabras lo ha hecho inmortal y una parte incre\u00edblemente importante de la cultura del Antiguo Egipto.<\/p>\n\n\n\n<h2 class=\"wp-block-heading\">Conclusi\u00f3n<\/h2>\n\n\n\n<p>El antiguo Egipto vincula al dios Thot con varios aspectos vitales de sus vidas. Su mansi\u00f3n sirvi\u00f3 como un lugar seguro para que las almas descansen y reciba ayuda contra los demonios incluso en la otra vida. Adem\u00e1s, la gente de la tierra antigua veneraba al dios. Su magia contin\u00faa viva desde las p\u00e1ginas antiguas de la historia hasta el <a href=\"https:\/\/landioustravel.com\/es\/egipto\/\">Egipto moderno<\/a>.<\/p>\n","protected":false},"excerpt":{"rendered":"<p>Uno de los dioses m\u00e1s importantes del Antiguo Egipto, Thot era el dios de la escritura, la sabidur\u00eda, la magia y la luna. Varias versiones del origen de Thot salpican el curso de la historia. Algunos afirman que el dios se cre\u00f3 a s\u00ed mismo. Sin embargo, otros argumentan que naci\u00f3 de la semilla de [&hellip;]<\/p>\n","protected":false},"author":1,"featured_media":89209,"parent":3629,"menu_order":0,"comment_status":"open","ping_status":"closed","template":"","meta":{"_coblocks_attr":"","_coblocks_dimensions":"","_coblocks_responsive_height":"","_coblocks_accordion_ie_support":"","_uag_custom_page_level_css":"","jetpack_post_was_ever_published":false,"footnotes":""},"class_list":["post-35115","page","type-page","status-publish","has-post-thumbnail","hentry"],"yoast_head":"<!-- This site is optimized with the Yoast SEO Premium plugin v26.9 (Yoast SEO v27.3) - https:\/\/yoast.com\/product\/yoast-seo-premium-wordpress\/ -->\n<title>Dios Thot - Rol y posici\u00f3n religiosa - Landious Travel<\/title>\n<meta name=\"description\" content=\"Dios Thot Uno de los dioses m\u00e1s importantes del Antiguo Egipto, Thoth era el dios de la escritura, la sabidur\u00eda, la magia y la luna. Varias\" \/>\n<meta name=\"robots\" content=\"index, follow, max-snippet:-1, max-image-preview:large, max-video-preview:-1\" \/>\n<link rel=\"canonical\" href=\"https:\/\/landioustravel.com\/es\/egipto\/deidades-egipcias\/dios-thot\/\" \/>\n<meta property=\"og:locale\" content=\"es_ES\" \/>\n<meta property=\"og:type\" content=\"article\" \/>\n<meta property=\"og:title\" content=\"Dios Thot\" \/>\n<meta property=\"og:description\" content=\"Dios Thot Uno de los dioses m\u00e1s importantes del Antiguo Egipto, Thoth era el dios de la escritura, la sabidur\u00eda, la magia y la luna. Varias\" \/>\n<meta property=\"og:url\" content=\"https:\/\/landioustravel.com\/es\/egipto\/deidades-egipcias\/dios-thot\/\" \/>\n<meta property=\"og:site_name\" content=\"Landious Travel\" \/>\n<meta property=\"article:publisher\" content=\"https:\/\/web.facebook.com\/landiousEgypt\" \/>\n<meta property=\"article:modified_time\" content=\"2021-08-09T21:35:23+00:00\" \/>\n<meta property=\"og:image\" content=\"https:\/\/i0.wp.com\/landioustravel.com\/wp-content\/uploads\/2022\/03\/God-Thoth.jpg?fit=600%2C455&ssl=1\" \/>\n\t<meta property=\"og:image:width\" content=\"600\" \/>\n\t<meta property=\"og:image:height\" content=\"455\" \/>\n\t<meta property=\"og:image:type\" content=\"image\/jpeg\" \/>\n<meta name=\"twitter:card\" content=\"summary_large_image\" \/>\n<meta name=\"twitter:site\" content=\"@LandiousTours\" \/>\n<meta name=\"twitter:label1\" content=\"Tiempo de lectura\" \/>\n\t<meta name=\"twitter:data1\" content=\"5 minutos\" \/>\n<script type=\"application\/ld+json\" class=\"yoast-schema-graph\">{\"@context\":\"https:\\\/\\\/schema.org\",\"@graph\":[{\"@type\":\"WebPage\",\"@id\":\"https:\\\/\\\/landioustravel.com\\\/es\\\/egipto\\\/deidades-egipcias\\\/dios-thot\\\/\",\"url\":\"https:\\\/\\\/landioustravel.com\\\/es\\\/egipto\\\/deidades-egipcias\\\/dios-thot\\\/\",\"name\":\"Dios Thot - Rol y posici\u00f3n religiosa - Landious Travel\",\"isPartOf\":{\"@id\":\"https:\\\/\\\/landioustravel.com\\\/es\\\/#website\"},\"primaryImageOfPage\":{\"@id\":\"https:\\\/\\\/landioustravel.com\\\/es\\\/egipto\\\/deidades-egipcias\\\/dios-thot\\\/#primaryimage\"},\"image\":{\"@id\":\"https:\\\/\\\/landioustravel.com\\\/es\\\/egipto\\\/deidades-egipcias\\\/dios-thot\\\/#primaryimage\"},\"thumbnailUrl\":\"https:\\\/\\\/i0.wp.com\\\/landioustravel.com\\\/wp-content\\\/uploads\\\/2022\\\/03\\\/God-Thoth.jpg?fit=600%2C455&ssl=1\",\"datePublished\":\"2021-08-09T21:35:20+00:00\",\"dateModified\":\"2021-08-09T21:35:23+00:00\",\"description\":\"Dios Thot Uno de los dioses m\u00e1s importantes del Antiguo Egipto, Thoth era el dios de la escritura, la sabidur\u00eda, la magia y la luna. Varias\",\"breadcrumb\":{\"@id\":\"https:\\\/\\\/landioustravel.com\\\/es\\\/egipto\\\/deidades-egipcias\\\/dios-thot\\\/#breadcrumb\"},\"inLanguage\":\"es\",\"potentialAction\":[{\"@type\":\"ReadAction\",\"target\":[\"https:\\\/\\\/landioustravel.com\\\/es\\\/egipto\\\/deidades-egipcias\\\/dios-thot\\\/\"]}]},{\"@type\":\"ImageObject\",\"inLanguage\":\"es\",\"@id\":\"https:\\\/\\\/landioustravel.com\\\/es\\\/egipto\\\/deidades-egipcias\\\/dios-thot\\\/#primaryimage\",\"url\":\"https:\\\/\\\/i0.wp.com\\\/landioustravel.com\\\/wp-content\\\/uploads\\\/2022\\\/03\\\/God-Thoth.jpg?fit=600%2C455&ssl=1\",\"contentUrl\":\"https:\\\/\\\/i0.wp.com\\\/landioustravel.com\\\/wp-content\\\/uploads\\\/2022\\\/03\\\/God-Thoth.jpg?fit=600%2C455&ssl=1\",\"width\":600,\"height\":455,\"caption\":\"God Thoth\"},{\"@type\":\"BreadcrumbList\",\"@id\":\"https:\\\/\\\/landioustravel.com\\\/es\\\/egipto\\\/deidades-egipcias\\\/dios-thot\\\/#breadcrumb\",\"itemListElement\":[{\"@type\":\"ListItem\",\"position\":1,\"name\":\"Home\",\"item\":\"https:\\\/\\\/landioustravel.com\\\/es\\\/\"},{\"@type\":\"ListItem\",\"position\":2,\"name\":\"Egipto\",\"item\":\"https:\\\/\\\/landioustravel.com\\\/es\\\/egipto\\\/\"},{\"@type\":\"ListItem\",\"position\":3,\"name\":\"Deidades egipcias\",\"item\":\"https:\\\/\\\/landioustravel.com\\\/es\\\/egipto\\\/deidades-egipcias\\\/\"},{\"@type\":\"ListItem\",\"position\":4,\"name\":\"Dios Thot\"}]},{\"@type\":\"WebSite\",\"@id\":\"https:\\\/\\\/landioustravel.com\\\/es\\\/#website\",\"url\":\"https:\\\/\\\/landioustravel.com\\\/es\\\/\",\"name\":\"Landious Travel\",\"description\":\"Tours and Excursions in Egypt\",\"publisher\":{\"@id\":\"https:\\\/\\\/landioustravel.com\\\/es\\\/#organization\"},\"potentialAction\":[{\"@type\":\"SearchAction\",\"target\":{\"@type\":\"EntryPoint\",\"urlTemplate\":\"https:\\\/\\\/landioustravel.com\\\/es\\\/?s={search_term_string}\"},\"query-input\":{\"@type\":\"PropertyValueSpecification\",\"valueRequired\":true,\"valueName\":\"search_term_string\"}}],\"inLanguage\":\"es\"},{\"@type\":[\"Organization\",\"Place\"],\"@id\":\"https:\\\/\\\/landioustravel.com\\\/es\\\/#organization\",\"name\":\"Landious Travel\",\"alternateName\":\"Landious Travel\",\"url\":\"https:\\\/\\\/landioustravel.com\\\/es\\\/\",\"logo\":{\"@id\":\"https:\\\/\\\/landioustravel.com\\\/es\\\/egipto\\\/deidades-egipcias\\\/dios-thot\\\/#local-main-organization-logo\"},\"image\":{\"@id\":\"https:\\\/\\\/landioustravel.com\\\/es\\\/egipto\\\/deidades-egipcias\\\/dios-thot\\\/#local-main-organization-logo\"},\"sameAs\":[\"https:\\\/\\\/web.facebook.com\\\/landiousEgypt\",\"https:\\\/\\\/x.com\\\/LandiousTours\",\"https:\\\/\\\/mastodon.social\\\/@landious\"],\"legalName\":\"Landious Travel\",\"telephone\":[],\"openingHoursSpecification\":[{\"@type\":\"OpeningHoursSpecification\",\"dayOfWeek\":[\"Monday\",\"Tuesday\",\"Wednesday\",\"Thursday\",\"Friday\",\"Saturday\",\"Sunday\"],\"opens\":\"09:00\",\"closes\":\"17:00\"}]},{\"@type\":\"ImageObject\",\"inLanguage\":\"es\",\"@id\":\"https:\\\/\\\/landioustravel.com\\\/es\\\/egipto\\\/deidades-egipcias\\\/dios-thot\\\/#local-main-organization-logo\",\"url\":\"https:\\\/\\\/i0.wp.com\\\/landioustravel.com\\\/wp-content\\\/uploads\\\/2021\\\/06\\\/Landious-T.png?fit=500%2C500&ssl=1\",\"contentUrl\":\"https:\\\/\\\/i0.wp.com\\\/landioustravel.com\\\/wp-content\\\/uploads\\\/2021\\\/06\\\/Landious-T.png?fit=500%2C500&ssl=1\",\"width\":500,\"height\":500,\"caption\":\"Landious Travel\"}]}<\/script>\n<!-- \/ Yoast SEO Premium plugin. -->","yoast_head_json":{"title":"Dios Thot - Rol y posici\u00f3n religiosa - Landious Travel","description":"Dios Thot Uno de los dioses m\u00e1s importantes del Antiguo Egipto, Thoth era el dios de la escritura, la sabidur\u00eda, la magia y la luna. Varias","robots":{"index":"index","follow":"follow","max-snippet":"max-snippet:-1","max-image-preview":"max-image-preview:large","max-video-preview":"max-video-preview:-1"},"canonical":"https:\/\/landioustravel.com\/es\/egipto\/deidades-egipcias\/dios-thot\/","og_locale":"es_ES","og_type":"article","og_title":"Dios Thot","og_description":"Dios Thot Uno de los dioses m\u00e1s importantes del Antiguo Egipto, Thoth era el dios de la escritura, la sabidur\u00eda, la magia y la luna. Varias","og_url":"https:\/\/landioustravel.com\/es\/egipto\/deidades-egipcias\/dios-thot\/","og_site_name":"Landious Travel","article_publisher":"https:\/\/web.facebook.com\/landiousEgypt","article_modified_time":"2021-08-09T21:35:23+00:00","og_image":[{"width":600,"height":455,"url":"https:\/\/i0.wp.com\/landioustravel.com\/wp-content\/uploads\/2022\/03\/God-Thoth.jpg?fit=600%2C455&ssl=1","type":"image\/jpeg"}],"twitter_card":"summary_large_image","twitter_site":"@LandiousTours","twitter_misc":{"Tiempo de lectura":"5 minutos"},"schema":{"@context":"https:\/\/schema.org","@graph":[{"@type":"WebPage","@id":"https:\/\/landioustravel.com\/es\/egipto\/deidades-egipcias\/dios-thot\/","url":"https:\/\/landioustravel.com\/es\/egipto\/deidades-egipcias\/dios-thot\/","name":"Dios Thot - Rol y posici\u00f3n religiosa - Landious Travel","isPartOf":{"@id":"https:\/\/landioustravel.com\/es\/#website"},"primaryImageOfPage":{"@id":"https:\/\/landioustravel.com\/es\/egipto\/deidades-egipcias\/dios-thot\/#primaryimage"},"image":{"@id":"https:\/\/landioustravel.com\/es\/egipto\/deidades-egipcias\/dios-thot\/#primaryimage"},"thumbnailUrl":"https:\/\/i0.wp.com\/landioustravel.com\/wp-content\/uploads\/2022\/03\/God-Thoth.jpg?fit=600%2C455&ssl=1","datePublished":"2021-08-09T21:35:20+00:00","dateModified":"2021-08-09T21:35:23+00:00","description":"Dios Thot Uno de los dioses m\u00e1s importantes del Antiguo Egipto, Thoth era el dios de la escritura, la sabidur\u00eda, la magia y la luna. Varias","breadcrumb":{"@id":"https:\/\/landioustravel.com\/es\/egipto\/deidades-egipcias\/dios-thot\/#breadcrumb"},"inLanguage":"es","potentialAction":[{"@type":"ReadAction","target":["https:\/\/landioustravel.com\/es\/egipto\/deidades-egipcias\/dios-thot\/"]}]},{"@type":"ImageObject","inLanguage":"es","@id":"https:\/\/landioustravel.com\/es\/egipto\/deidades-egipcias\/dios-thot\/#primaryimage","url":"https:\/\/i0.wp.com\/landioustravel.com\/wp-content\/uploads\/2022\/03\/God-Thoth.jpg?fit=600%2C455&ssl=1","contentUrl":"https:\/\/i0.wp.com\/landioustravel.com\/wp-content\/uploads\/2022\/03\/God-Thoth.jpg?fit=600%2C455&ssl=1","width":600,"height":455,"caption":"God Thoth"},{"@type":"BreadcrumbList","@id":"https:\/\/landioustravel.com\/es\/egipto\/deidades-egipcias\/dios-thot\/#breadcrumb","itemListElement":[{"@type":"ListItem","position":1,"name":"Home","item":"https:\/\/landioustravel.com\/es\/"},{"@type":"ListItem","position":2,"name":"Egipto","item":"https:\/\/landioustravel.com\/es\/egipto\/"},{"@type":"ListItem","position":3,"name":"Deidades egipcias","item":"https:\/\/landioustravel.com\/es\/egipto\/deidades-egipcias\/"},{"@type":"ListItem","position":4,"name":"Dios Thot"}]},{"@type":"WebSite","@id":"https:\/\/landioustravel.com\/es\/#website","url":"https:\/\/landioustravel.com\/es\/","name":"Landious Travel","description":"Tours and Excursions in Egypt","publisher":{"@id":"https:\/\/landioustravel.com\/es\/#organization"},"potentialAction":[{"@type":"SearchAction","target":{"@type":"EntryPoint","urlTemplate":"https:\/\/landioustravel.com\/es\/?s={search_term_string}"},"query-input":{"@type":"PropertyValueSpecification","valueRequired":true,"valueName":"search_term_string"}}],"inLanguage":"es"},{"@type":["Organization","Place"],"@id":"https:\/\/landioustravel.com\/es\/#organization","name":"Landious Travel","alternateName":"Landious Travel","url":"https:\/\/landioustravel.com\/es\/","logo":{"@id":"https:\/\/landioustravel.com\/es\/egipto\/deidades-egipcias\/dios-thot\/#local-main-organization-logo"},"image":{"@id":"https:\/\/landioustravel.com\/es\/egipto\/deidades-egipcias\/dios-thot\/#local-main-organization-logo"},"sameAs":["https:\/\/web.facebook.com\/landiousEgypt","https:\/\/x.com\/LandiousTours","https:\/\/mastodon.social\/@landious"],"legalName":"Landious Travel","telephone":[],"openingHoursSpecification":[{"@type":"OpeningHoursSpecification","dayOfWeek":["Monday","Tuesday","Wednesday","Thursday","Friday","Saturday","Sunday"],"opens":"09:00","closes":"17:00"}]},{"@type":"ImageObject","inLanguage":"es","@id":"https:\/\/landioustravel.com\/es\/egipto\/deidades-egipcias\/dios-thot\/#local-main-organization-logo","url":"https:\/\/i0.wp.com\/landioustravel.com\/wp-content\/uploads\/2021\/06\/Landious-T.png?fit=500%2C500&ssl=1","contentUrl":"https:\/\/i0.wp.com\/landioustravel.com\/wp-content\/uploads\/2021\/06\/Landious-T.png?fit=500%2C500&ssl=1","width":500,"height":500,"caption":"Landious Travel"}]}},"uagb_featured_image_src":{"full":["https:\/\/i0.wp.com\/landioustravel.com\/wp-content\/uploads\/2022\/03\/God-Thoth.jpg?fit=600%2C455&ssl=1",600,455,false],"thumbnail":["https:\/\/i0.wp.com\/landioustravel.com\/wp-content\/uploads\/2022\/03\/God-Thoth.jpg?resize=150%2C150&ssl=1",150,150,true],"medium":["https:\/\/i0.wp.com\/landioustravel.com\/wp-content\/uploads\/2022\/03\/God-Thoth.jpg?fit=300%2C228&ssl=1",300,228,true],"medium_large":["https:\/\/i0.wp.com\/landioustravel.com\/wp-content\/uploads\/2022\/03\/God-Thoth.jpg?fit=600%2C455&ssl=1",600,455,true],"large":["https:\/\/i0.wp.com\/landioustravel.com\/wp-content\/uploads\/2022\/03\/God-Thoth.jpg?fit=600%2C455&ssl=1",600,455,true],"1536x1536":["https:\/\/i0.wp.com\/landioustravel.com\/wp-content\/uploads\/2022\/03\/God-Thoth.jpg?fit=600%2C455&ssl=1",600,455,true],"2048x2048":["https:\/\/i0.wp.com\/landioustravel.com\/wp-content\/uploads\/2022\/03\/God-Thoth.jpg?fit=600%2C455&ssl=1",600,455,true],"newspack-article-block-landscape-large":["https:\/\/i0.wp.com\/landioustravel.com\/wp-content\/uploads\/2022\/03\/God-Thoth.jpg?resize=600%2C455&ssl=1",600,455,true],"newspack-article-block-portrait-large":["https:\/\/i0.wp.com\/landioustravel.com\/wp-content\/uploads\/2022\/03\/God-Thoth.jpg?resize=600%2C455&ssl=1",600,455,true],"newspack-article-block-square-large":["https:\/\/i0.wp.com\/landioustravel.com\/wp-content\/uploads\/2022\/03\/God-Thoth.jpg?resize=600%2C455&ssl=1",600,455,true],"newspack-article-block-landscape-medium":["https:\/\/i0.wp.com\/landioustravel.com\/wp-content\/uploads\/2022\/03\/God-Thoth.jpg?resize=600%2C455&ssl=1",600,455,true],"newspack-article-block-portrait-medium":["https:\/\/i0.wp.com\/landioustravel.com\/wp-content\/uploads\/2022\/03\/God-Thoth.jpg?resize=600%2C455&ssl=1",600,455,true],"newspack-article-block-square-medium":["https:\/\/i0.wp.com\/landioustravel.com\/wp-content\/uploads\/2022\/03\/God-Thoth.jpg?resize=600%2C455&ssl=1",600,455,true],"newspack-article-block-landscape-intermediate":["https:\/\/i0.wp.com\/landioustravel.com\/wp-content\/uploads\/2022\/03\/God-Thoth.jpg?resize=600%2C450&ssl=1",600,450,true],"newspack-article-block-portrait-intermediate":["https:\/\/i0.wp.com\/landioustravel.com\/wp-content\/uploads\/2022\/03\/God-Thoth.jpg?resize=450%2C455&ssl=1",450,455,true],"newspack-article-block-square-intermediate":["https:\/\/i0.wp.com\/landioustravel.com\/wp-content\/uploads\/2022\/03\/God-Thoth.jpg?resize=600%2C455&ssl=1",600,455,true],"newspack-article-block-landscape-small":["https:\/\/i0.wp.com\/landioustravel.com\/wp-content\/uploads\/2022\/03\/God-Thoth.jpg?resize=400%2C300&ssl=1",400,300,true],"newspack-article-block-portrait-small":["https:\/\/i0.wp.com\/landioustravel.com\/wp-content\/uploads\/2022\/03\/God-Thoth.jpg?resize=300%2C400&ssl=1",300,400,true],"newspack-article-block-square-small":["https:\/\/i0.wp.com\/landioustravel.com\/wp-content\/uploads\/2022\/03\/God-Thoth.jpg?resize=400%2C400&ssl=1",400,400,true],"newspack-article-block-landscape-tiny":["https:\/\/i0.wp.com\/landioustravel.com\/wp-content\/uploads\/2022\/03\/God-Thoth.jpg?resize=200%2C150&ssl=1",200,150,true],"newspack-article-block-portrait-tiny":["https:\/\/i0.wp.com\/landioustravel.com\/wp-content\/uploads\/2022\/03\/God-Thoth.jpg?resize=150%2C200&ssl=1",150,200,true],"newspack-article-block-square-tiny":["https:\/\/i0.wp.com\/landioustravel.com\/wp-content\/uploads\/2022\/03\/God-Thoth.jpg?resize=200%2C200&ssl=1",200,200,true],"newspack-article-block-uncropped":["https:\/\/i0.wp.com\/landioustravel.com\/wp-content\/uploads\/2022\/03\/God-Thoth.jpg?fit=600%2C455&ssl=1",600,455,true],"woocommerce_thumbnail":["https:\/\/i0.wp.com\/landioustravel.com\/wp-content\/uploads\/2022\/03\/God-Thoth.jpg?resize=324%2C324&ssl=1",324,324,true],"woocommerce_single":["https:\/\/i0.wp.com\/landioustravel.com\/wp-content\/uploads\/2022\/03\/God-Thoth.jpg?fit=416%2C315&ssl=1",416,315,true],"woocommerce_gallery_thumbnail":["https:\/\/i0.wp.com\/landioustravel.com\/wp-content\/uploads\/2022\/03\/God-Thoth.jpg?resize=100%2C100&ssl=1",100,100,true]},"uagb_author_info":{"display_name":"Mofreh Landious","author_link":"https:\/\/landioustravel.com\/es\/author\/landious\/"},"uagb_comment_info":0,"uagb_excerpt":"Uno de los dioses m\u00e1s importantes del Antiguo Egipto, Thot era el dios de la escritura, la sabidur\u00eda, la magia y la luna. Varias versiones del origen de Thot salpican el curso de la historia. Algunos afirman que el dios se cre\u00f3 a s\u00ed mismo. Sin embargo, otros argumentan que naci\u00f3 de la semilla de&hellip;","jetpack_sharing_enabled":true,"jetpack_shortlink":"https:\/\/wp.me\/Par4r5-98n","jetpack_likes_enabled":true,"amp_enabled":true,"_links":{"self":[{"href":"https:\/\/landioustravel.com\/es\/wp-json\/wp\/v2\/pages\/35115","targetHints":{"allow":["GET"]}}],"collection":[{"href":"https:\/\/landioustravel.com\/es\/wp-json\/wp\/v2\/pages"}],"about":[{"href":"https:\/\/landioustravel.com\/es\/wp-json\/wp\/v2\/types\/page"}],"author":[{"embeddable":true,"href":"https:\/\/landioustravel.com\/es\/wp-json\/wp\/v2\/users\/1"}],"replies":[{"embeddable":true,"href":"https:\/\/landioustravel.com\/es\/wp-json\/wp\/v2\/comments?post=35115"}],"version-history":[{"count":0,"href":"https:\/\/landioustravel.com\/es\/wp-json\/wp\/v2\/pages\/35115\/revisions"}],"up":[{"embeddable":true,"href":"https:\/\/landioustravel.com\/es\/wp-json\/wp\/v2\/pages\/3629"}],"wp:featuredmedia":[{"embeddable":true,"href":"https:\/\/landioustravel.com\/es\/wp-json\/wp\/v2\/media\/89209"}],"wp:attachment":[{"href":"https:\/\/landioustravel.com\/es\/wp-json\/wp\/v2\/media?parent=35115"}],"curies":[{"name":"wp","href":"https:\/\/api.w.org\/{rel}","templated":true}]}}