{"id":3563,"date":"2019-03-28T18:28:05","date_gmt":"2019-03-28T16:28:05","guid":{"rendered":"https:\/\/landioustravel.com\/?page_id=3563"},"modified":"2019-07-11T13:36:12","modified_gmt":"2019-07-11T11:36:12","slug":"gobernacion-de-al-bahr-al-ahmar","status":"publish","type":"page","link":"https:\/\/landioustravel.com\/es\/egipto\/pueblos-egipcios\/gobernacion-de-al-bahr-al-ahmar\/","title":{"rendered":"Gobernaci\u00f3n de Al-Bahr Al-Ahmar"},"content":{"rendered":"\n<p><amp-fit-text layout=\"fixed-height\" min-font-size=\"14\" max-font-size=\"48\" height=\"50\">Al-Bahr al-Ahmar \u043fovernorate es la gobernaci\u00f3n m\u00e1s grande de <a href=\"https:\/\/landioustravel.com\/es\/egipto\/\">Egipto<\/a>. Se extiende a lo largo de la costa del Mar Rojo y abarca gran parte del desierto oriental. Su nombre significa \u00abMar Rojo\u00bb. Se extiende desde aproximadamente 29 \u00b0 N de latitud hacia el sur hasta la frontera de Sud\u00e1n. En el oeste est\u00e1 limitado por un desierto llano. En realidad, la naturaleza de la tierra en esta gobernaci\u00f3n aparece a un desierto llano. Abarca aproximadamente una quinta parte del \u00e1rea total de Egipto.<\/amp-fit-text><\/p>\n\n\n\n<p><amp-fit-text layout=\"fixed-height\" min-font-size=\"14\" max-font-size=\"48\" height=\"50\">El l\u00edmite norte de Al-Bahr al-Ahmar est\u00e1 cerca del extremo sur de las tierras altas de Jalalah al-Bahriyyah, que se elevan a 1.275 metros en la provincia sur de Suez. El siguiente grupo al sur son las Tierras Altas de Al-Jalalah al-Qibliyyah, que alcanzan un pico de 1,475 metros. Justo al oeste-noroeste de la cima est\u00e1 el monasterio cristiano de San Antonio; a trav\u00e9s de la cresta de la gama hacia el sureste es el monasterio de San Pablo. Estos dos famosos monasterios cristianos se encuentran en una ciudad que se llama Zafaraana.<\/amp-fit-text><\/p>\n\n\n\n<amp-fit-text layout=\"fixed-height\" min-font-size=\"14\" max-font-size=\"48\" height=\"50\"><h2 class=\"wp-block-heading\">Historia de Al-Bahr Al-Ahmar<\/h2><\/amp-fit-text>\n\n\n\n<p><amp-fit-text layout=\"fixed-height\" min-font-size=\"14\" max-font-size=\"48\" height=\"50\">En la d\u00e9cada de 1960, los dep\u00f3sitos minerales comenzaron a explotarse en Al-Ba\u1e25r al-A\u1e25mar. Campos petrol\u00edferos en alta mar y en tierra, de los cuales el m\u00e1s grande es el campo Al-Morgan, ubicado aproximadamente a 200 km al sur de Suez. Estos campos han producido la mayor parte del petr\u00f3leo de Egipto desde la d\u00e9cada de 1970. Recientemente, campos adicionales en el Golfo de Suez han comenzado a producir.<\/amp-fit-text><\/p>\n\n\n\n<p><amp-fit-text layout=\"fixed-height\" min-font-size=\"14\" max-font-size=\"48\" height=\"50\">El desierto oriental tambi\u00e9n produce asbestos, manganeso, fosfatos, uranio y oro. Al-Qu\u1e63eir, el principal puerto egipcio en el Mar Rojo, tiene grandes dep\u00f3sitos de fosfato y una planta que procesa los fosfatos extra\u00eddos para su env\u00edo. Al-Quseir es tambi\u00e9n un servicio tur\u00edstico. Aqu\u00ed, los turistas pueden encontrar hoteles muy finos y playas maravillosas.<\/amp-fit-text><\/p>\n\n\n\n<p><amp-fit-text layout=\"fixed-height\" min-font-size=\"14\" max-font-size=\"48\" height=\"50\">La capital de la gobernaci\u00f3n es Hurghada, en \u00e1rabe, Al-Ghardaqah, un importante centro petrolero y sitio de un campo petrolero. Hoy en d\u00eda, Hurghada es el centro tur\u00edstico m\u00e1s famoso de esta vasta gobernaci\u00f3n. Otros sitios industriales son Bur Safajah, raamrawayn y Ayn Sukhnah. La \u00faltima es la terminal del Golfo de Suez de un oleoducto hacia el Mar Mediterr\u00e1neo y el sitio de un puerto de carga de aguas profundas. El gobierno egipcio extrae minas de alabastro, p\u00f3rfido, granito y arenisca de las monta\u00f1as del desierto oriental.<\/amp-fit-text><\/p>\n\n\n\n<p><amp-fit-text layout=\"fixed-height\" min-font-size=\"14\" max-font-size=\"48\" height=\"50\">Una carretera a lo largo de la costa del Mar Rojo une Al-Bahr Al-Ahmar con Suez y m\u00e1s hacia la Capital de Egipto, en el norte. Esta carretera se dirige hacia el sur hasta la frontera sudanesa que conecta todas las ciudades ubicadas en la gobernaci\u00f3n. Se agregaron m\u00e1s carreteras para conectar esta gobernaci\u00f3n con el Valle del Nilo. Por ejemplo, hay una carretera de Safaga a Qena, Luxor, Sohag y Asyut. Adem\u00e1s, otra carretera conecta Marsa Alam con Edu, Luxor y Aswan. y las carreteras conducen a trav\u00e9s del desierto hasta el valle del Nilo.<\/amp-fit-text><\/p>\n\n\n\n<amp-fit-text layout=\"fixed-height\" min-font-size=\"14\" max-font-size=\"48\" height=\"50\"><h2 class=\"wp-block-heading\">Divisiones administrativas<\/h2><\/amp-fit-text>\n\n\n\n<p><amp-fit-text layout=\"fixed-height\" min-font-size=\"14\" max-font-size=\"48\" height=\"50\">La gobernaci\u00f3n de Al-Bahr Al-Ahmar consta de 7 divisiones administrativas o 7 ciudades centrales:<\/amp-fit-text><\/p>\n\n\n\n<ul class=\"wp-block-list\"><li><a href=\"https:\/\/landioustravel.com\/es\/ciudad-hurghada\/\">Hurghada<\/a><\/li><li>El-Quseir<\/li><li>Shalateen<\/li><li>Hala\u2019ib<\/li><li><a href=\"https:\/\/landioustravel.com\/es\/ciudad-marsa-alam\/\">Marsa Alam<\/a><\/li><li>Ras Gharib<\/li><li><a href=\"https:\/\/landioustravel.com\/es\/ciudad-safaga\/\">Safaga<\/a><\/li><\/ul>\n","protected":false},"excerpt":{"rendered":"<p>Al-Bahr al-Ahmar \u043fovernorate es la gobernaci\u00f3n m\u00e1s grande de Egipto. Se extiende a lo largo de la costa del Mar Rojo y abarca gran parte del desierto oriental. Su nombre significa \u00abMar Rojo\u00bb. Se extiende desde aproximadamente 29 \u00b0 N de latitud hacia el sur hasta la frontera de Sud\u00e1n. En el oeste est\u00e1 limitado [&hellip;]<\/p>\n","protected":false},"author":1,"featured_media":2499,"parent":3538,"menu_order":2,"comment_status":"open","ping_status":"closed","template":"","meta":{"_coblocks_attr":"","_coblocks_dimensions":"","_coblocks_responsive_height":"","_coblocks_accordion_ie_support":"","_uag_custom_page_level_css":"","jetpack_post_was_ever_published":false,"footnotes":""},"class_list":["post-3563","page","type-page","status-publish","has-post-thumbnail","hentry"],"yoast_head":"<!-- This site is optimized with the Yoast SEO Premium plugin v26.9 (Yoast SEO v27.3) - https:\/\/yoast.com\/product\/yoast-seo-premium-wordpress\/ -->\n<title>Gobernaci\u00f3n de Al-Bahr Al-Ahmar - Red Sea Governorate - Landious Travel<\/title>\n<meta name=\"description\" content=\"Al-Ba\u1e25r al-A\u1e25mar \u043fovernorate es la gobernaci\u00f3n m\u00e1s grande de Egipto. Se extiende a lo largo de la costa del Mar Rojo y abarca gran parte del desierto oriental. Su nombre significa &quot;Mar Rojo&quot;. Se extiende desde aproximadamente 29 \u00b0 N de latitud hacia el sur hasta la frontera de Sud\u00e1n. En el oeste est\u00e1 limitado por un desierto llano. En realidad, la naturaleza de la tierra en esta gobernaci\u00f3n aparece a un desierto llano. Abarca aproximadamente una quinta parte del \u00e1rea total de Egipto\" \/>\n<meta name=\"robots\" content=\"index, follow, max-snippet:-1, max-image-preview:large, max-video-preview:-1\" \/>\n<link rel=\"canonical\" href=\"https:\/\/landioustravel.com\/es\/egipto\/pueblos-egipcios\/gobernacion-de-al-bahr-al-ahmar\/\" \/>\n<meta property=\"og:locale\" content=\"es_ES\" \/>\n<meta property=\"og:type\" content=\"article\" \/>\n<meta property=\"og:title\" content=\"Gobernaci\u00f3n de Al-Bahr Al-Ahmar\" \/>\n<meta property=\"og:description\" content=\"Al-Ba\u1e25r al-A\u1e25mar \u043fovernorate es la gobernaci\u00f3n m\u00e1s grande de Egipto. Se extiende a lo largo de la costa del Mar Rojo y abarca gran parte del desierto oriental. Su nombre significa &quot;Mar Rojo&quot;. Se extiende desde aproximadamente 29 \u00b0 N de latitud hacia el sur hasta la frontera de Sud\u00e1n. En el oeste est\u00e1 limitado por un desierto llano. En realidad, la naturaleza de la tierra en esta gobernaci\u00f3n aparece a un desierto llano. Abarca aproximadamente una quinta parte del \u00e1rea total de Egipto\" \/>\n<meta property=\"og:url\" content=\"https:\/\/landioustravel.com\/es\/egipto\/pueblos-egipcios\/gobernacion-de-al-bahr-al-ahmar\/\" \/>\n<meta property=\"og:site_name\" content=\"Landious Travel\" \/>\n<meta property=\"article:publisher\" content=\"https:\/\/web.facebook.com\/landiousEgypt\" \/>\n<meta property=\"article:modified_time\" content=\"2019-07-11T11:36:12+00:00\" \/>\n<meta property=\"og:image\" content=\"https:\/\/i0.wp.com\/landioustravel.com\/wp-content\/uploads\/2018\/11\/Hurghada_marina.jpg?fit=3264%2C1836&ssl=1\" \/>\n\t<meta property=\"og:image:width\" content=\"3264\" \/>\n\t<meta property=\"og:image:height\" content=\"1836\" \/>\n\t<meta property=\"og:image:type\" content=\"image\/jpeg\" \/>\n<meta name=\"twitter:card\" content=\"summary_large_image\" \/>\n<meta name=\"twitter:site\" content=\"@LandiousTours\" \/>\n<meta name=\"twitter:label1\" content=\"Tiempo de lectura\" \/>\n\t<meta name=\"twitter:data1\" content=\"3 minutos\" \/>\n<script type=\"application\/ld+json\" class=\"yoast-schema-graph\">{\"@context\":\"https:\\\/\\\/schema.org\",\"@graph\":[{\"@type\":\"WebPage\",\"@id\":\"https:\\\/\\\/landioustravel.com\\\/es\\\/egipto\\\/pueblos-egipcios\\\/gobernacion-de-al-bahr-al-ahmar\\\/\",\"url\":\"https:\\\/\\\/landioustravel.com\\\/es\\\/egipto\\\/pueblos-egipcios\\\/gobernacion-de-al-bahr-al-ahmar\\\/\",\"name\":\"Gobernaci\u00f3n de Al-Bahr Al-Ahmar - Red Sea Governorate - Landious Travel\",\"isPartOf\":{\"@id\":\"https:\\\/\\\/landioustravel.com\\\/es\\\/#website\"},\"primaryImageOfPage\":{\"@id\":\"https:\\\/\\\/landioustravel.com\\\/es\\\/egipto\\\/pueblos-egipcios\\\/gobernacion-de-al-bahr-al-ahmar\\\/#primaryimage\"},\"image\":{\"@id\":\"https:\\\/\\\/landioustravel.com\\\/es\\\/egipto\\\/pueblos-egipcios\\\/gobernacion-de-al-bahr-al-ahmar\\\/#primaryimage\"},\"thumbnailUrl\":\"https:\\\/\\\/i0.wp.com\\\/landioustravel.com\\\/wp-content\\\/uploads\\\/2018\\\/11\\\/Hurghada_marina.jpg?fit=3264%2C1836&ssl=1\",\"datePublished\":\"2019-03-28T16:28:05+00:00\",\"dateModified\":\"2019-07-11T11:36:12+00:00\",\"description\":\"Al-Ba\u1e25r al-A\u1e25mar \u043fovernorate es la gobernaci\u00f3n m\u00e1s grande de Egipto. Se extiende a lo largo de la costa del Mar Rojo y abarca gran parte del desierto oriental. Su nombre significa \\\"Mar Rojo\\\". Se extiende desde aproximadamente 29 \u00b0 N de latitud hacia el sur hasta la frontera de Sud\u00e1n. En el oeste est\u00e1 limitado por un desierto llano. En realidad, la naturaleza de la tierra en esta gobernaci\u00f3n aparece a un desierto llano. Abarca aproximadamente una quinta parte del \u00e1rea total de Egipto\",\"breadcrumb\":{\"@id\":\"https:\\\/\\\/landioustravel.com\\\/es\\\/egipto\\\/pueblos-egipcios\\\/gobernacion-de-al-bahr-al-ahmar\\\/#breadcrumb\"},\"inLanguage\":\"es\",\"potentialAction\":[{\"@type\":\"ReadAction\",\"target\":[\"https:\\\/\\\/landioustravel.com\\\/es\\\/egipto\\\/pueblos-egipcios\\\/gobernacion-de-al-bahr-al-ahmar\\\/\"]}]},{\"@type\":\"ImageObject\",\"inLanguage\":\"es\",\"@id\":\"https:\\\/\\\/landioustravel.com\\\/es\\\/egipto\\\/pueblos-egipcios\\\/gobernacion-de-al-bahr-al-ahmar\\\/#primaryimage\",\"url\":\"https:\\\/\\\/i0.wp.com\\\/landioustravel.com\\\/wp-content\\\/uploads\\\/2018\\\/11\\\/Hurghada_marina.jpg?fit=3264%2C1836&ssl=1\",\"contentUrl\":\"https:\\\/\\\/i0.wp.com\\\/landioustravel.com\\\/wp-content\\\/uploads\\\/2018\\\/11\\\/Hurghada_marina.jpg?fit=3264%2C1836&ssl=1\",\"width\":3264,\"height\":1836,\"caption\":\"Hurghada Marina bulevar\"},{\"@type\":\"BreadcrumbList\",\"@id\":\"https:\\\/\\\/landioustravel.com\\\/es\\\/egipto\\\/pueblos-egipcios\\\/gobernacion-de-al-bahr-al-ahmar\\\/#breadcrumb\",\"itemListElement\":[{\"@type\":\"ListItem\",\"position\":1,\"name\":\"Home\",\"item\":\"https:\\\/\\\/landioustravel.com\\\/es\\\/\"},{\"@type\":\"ListItem\",\"position\":2,\"name\":\"Egipto\",\"item\":\"https:\\\/\\\/landioustravel.com\\\/es\\\/egipto\\\/\"},{\"@type\":\"ListItem\",\"position\":3,\"name\":\"Pueblos Egipcios\",\"item\":\"https:\\\/\\\/landioustravel.com\\\/es\\\/egipto\\\/pueblos-egipcios\\\/\"},{\"@type\":\"ListItem\",\"position\":4,\"name\":\"Gobernaci\u00f3n de Al-Bahr Al-Ahmar\"}]},{\"@type\":\"WebSite\",\"@id\":\"https:\\\/\\\/landioustravel.com\\\/es\\\/#website\",\"url\":\"https:\\\/\\\/landioustravel.com\\\/es\\\/\",\"name\":\"Landious Travel\",\"description\":\"Tours and Excursions in Egypt\",\"publisher\":{\"@id\":\"https:\\\/\\\/landioustravel.com\\\/es\\\/#organization\"},\"potentialAction\":[{\"@type\":\"SearchAction\",\"target\":{\"@type\":\"EntryPoint\",\"urlTemplate\":\"https:\\\/\\\/landioustravel.com\\\/es\\\/?s={search_term_string}\"},\"query-input\":{\"@type\":\"PropertyValueSpecification\",\"valueRequired\":true,\"valueName\":\"search_term_string\"}}],\"inLanguage\":\"es\"},{\"@type\":[\"Organization\",\"Place\"],\"@id\":\"https:\\\/\\\/landioustravel.com\\\/es\\\/#organization\",\"name\":\"Landious Travel\",\"alternateName\":\"Landious Travel\",\"url\":\"https:\\\/\\\/landioustravel.com\\\/es\\\/\",\"logo\":{\"@id\":\"https:\\\/\\\/landioustravel.com\\\/es\\\/egipto\\\/pueblos-egipcios\\\/gobernacion-de-al-bahr-al-ahmar\\\/#local-main-organization-logo\"},\"image\":{\"@id\":\"https:\\\/\\\/landioustravel.com\\\/es\\\/egipto\\\/pueblos-egipcios\\\/gobernacion-de-al-bahr-al-ahmar\\\/#local-main-organization-logo\"},\"sameAs\":[\"https:\\\/\\\/web.facebook.com\\\/landiousEgypt\",\"https:\\\/\\\/x.com\\\/LandiousTours\",\"https:\\\/\\\/mastodon.social\\\/@landious\"],\"legalName\":\"Landious Travel\",\"telephone\":[],\"openingHoursSpecification\":[{\"@type\":\"OpeningHoursSpecification\",\"dayOfWeek\":[\"Monday\",\"Tuesday\",\"Wednesday\",\"Thursday\",\"Friday\",\"Saturday\",\"Sunday\"],\"opens\":\"09:00\",\"closes\":\"17:00\"}]},{\"@type\":\"ImageObject\",\"inLanguage\":\"es\",\"@id\":\"https:\\\/\\\/landioustravel.com\\\/es\\\/egipto\\\/pueblos-egipcios\\\/gobernacion-de-al-bahr-al-ahmar\\\/#local-main-organization-logo\",\"url\":\"https:\\\/\\\/i0.wp.com\\\/landioustravel.com\\\/wp-content\\\/uploads\\\/2021\\\/06\\\/Landious-T.png?fit=500%2C500&ssl=1\",\"contentUrl\":\"https:\\\/\\\/i0.wp.com\\\/landioustravel.com\\\/wp-content\\\/uploads\\\/2021\\\/06\\\/Landious-T.png?fit=500%2C500&ssl=1\",\"width\":500,\"height\":500,\"caption\":\"Landious Travel\"}]}<\/script>\n<!-- \/ Yoast SEO Premium plugin. -->","yoast_head_json":{"title":"Gobernaci\u00f3n de Al-Bahr Al-Ahmar - Red Sea Governorate - Landious Travel","description":"Al-Ba\u1e25r al-A\u1e25mar \u043fovernorate es la gobernaci\u00f3n m\u00e1s grande de Egipto. Se extiende a lo largo de la costa del Mar Rojo y abarca gran parte del desierto oriental. Su nombre significa \"Mar Rojo\". Se extiende desde aproximadamente 29 \u00b0 N de latitud hacia el sur hasta la frontera de Sud\u00e1n. En el oeste est\u00e1 limitado por un desierto llano. En realidad, la naturaleza de la tierra en esta gobernaci\u00f3n aparece a un desierto llano. Abarca aproximadamente una quinta parte del \u00e1rea total de Egipto","robots":{"index":"index","follow":"follow","max-snippet":"max-snippet:-1","max-image-preview":"max-image-preview:large","max-video-preview":"max-video-preview:-1"},"canonical":"https:\/\/landioustravel.com\/es\/egipto\/pueblos-egipcios\/gobernacion-de-al-bahr-al-ahmar\/","og_locale":"es_ES","og_type":"article","og_title":"Gobernaci\u00f3n de Al-Bahr Al-Ahmar","og_description":"Al-Ba\u1e25r al-A\u1e25mar \u043fovernorate es la gobernaci\u00f3n m\u00e1s grande de Egipto. Se extiende a lo largo de la costa del Mar Rojo y abarca gran parte del desierto oriental. Su nombre significa \"Mar Rojo\". Se extiende desde aproximadamente 29 \u00b0 N de latitud hacia el sur hasta la frontera de Sud\u00e1n. En el oeste est\u00e1 limitado por un desierto llano. En realidad, la naturaleza de la tierra en esta gobernaci\u00f3n aparece a un desierto llano. Abarca aproximadamente una quinta parte del \u00e1rea total de Egipto","og_url":"https:\/\/landioustravel.com\/es\/egipto\/pueblos-egipcios\/gobernacion-de-al-bahr-al-ahmar\/","og_site_name":"Landious Travel","article_publisher":"https:\/\/web.facebook.com\/landiousEgypt","article_modified_time":"2019-07-11T11:36:12+00:00","og_image":[{"width":3264,"height":1836,"url":"https:\/\/i0.wp.com\/landioustravel.com\/wp-content\/uploads\/2018\/11\/Hurghada_marina.jpg?fit=3264%2C1836&ssl=1","type":"image\/jpeg"}],"twitter_card":"summary_large_image","twitter_site":"@LandiousTours","twitter_misc":{"Tiempo de lectura":"3 minutos"},"schema":{"@context":"https:\/\/schema.org","@graph":[{"@type":"WebPage","@id":"https:\/\/landioustravel.com\/es\/egipto\/pueblos-egipcios\/gobernacion-de-al-bahr-al-ahmar\/","url":"https:\/\/landioustravel.com\/es\/egipto\/pueblos-egipcios\/gobernacion-de-al-bahr-al-ahmar\/","name":"Gobernaci\u00f3n de Al-Bahr Al-Ahmar - Red Sea Governorate - Landious Travel","isPartOf":{"@id":"https:\/\/landioustravel.com\/es\/#website"},"primaryImageOfPage":{"@id":"https:\/\/landioustravel.com\/es\/egipto\/pueblos-egipcios\/gobernacion-de-al-bahr-al-ahmar\/#primaryimage"},"image":{"@id":"https:\/\/landioustravel.com\/es\/egipto\/pueblos-egipcios\/gobernacion-de-al-bahr-al-ahmar\/#primaryimage"},"thumbnailUrl":"https:\/\/i0.wp.com\/landioustravel.com\/wp-content\/uploads\/2018\/11\/Hurghada_marina.jpg?fit=3264%2C1836&ssl=1","datePublished":"2019-03-28T16:28:05+00:00","dateModified":"2019-07-11T11:36:12+00:00","description":"Al-Ba\u1e25r al-A\u1e25mar \u043fovernorate es la gobernaci\u00f3n m\u00e1s grande de Egipto. Se extiende a lo largo de la costa del Mar Rojo y abarca gran parte del desierto oriental. Su nombre significa \"Mar Rojo\". Se extiende desde aproximadamente 29 \u00b0 N de latitud hacia el sur hasta la frontera de Sud\u00e1n. En el oeste est\u00e1 limitado por un desierto llano. En realidad, la naturaleza de la tierra en esta gobernaci\u00f3n aparece a un desierto llano. Abarca aproximadamente una quinta parte del \u00e1rea total de Egipto","breadcrumb":{"@id":"https:\/\/landioustravel.com\/es\/egipto\/pueblos-egipcios\/gobernacion-de-al-bahr-al-ahmar\/#breadcrumb"},"inLanguage":"es","potentialAction":[{"@type":"ReadAction","target":["https:\/\/landioustravel.com\/es\/egipto\/pueblos-egipcios\/gobernacion-de-al-bahr-al-ahmar\/"]}]},{"@type":"ImageObject","inLanguage":"es","@id":"https:\/\/landioustravel.com\/es\/egipto\/pueblos-egipcios\/gobernacion-de-al-bahr-al-ahmar\/#primaryimage","url":"https:\/\/i0.wp.com\/landioustravel.com\/wp-content\/uploads\/2018\/11\/Hurghada_marina.jpg?fit=3264%2C1836&ssl=1","contentUrl":"https:\/\/i0.wp.com\/landioustravel.com\/wp-content\/uploads\/2018\/11\/Hurghada_marina.jpg?fit=3264%2C1836&ssl=1","width":3264,"height":1836,"caption":"Hurghada Marina bulevar"},{"@type":"BreadcrumbList","@id":"https:\/\/landioustravel.com\/es\/egipto\/pueblos-egipcios\/gobernacion-de-al-bahr-al-ahmar\/#breadcrumb","itemListElement":[{"@type":"ListItem","position":1,"name":"Home","item":"https:\/\/landioustravel.com\/es\/"},{"@type":"ListItem","position":2,"name":"Egipto","item":"https:\/\/landioustravel.com\/es\/egipto\/"},{"@type":"ListItem","position":3,"name":"Pueblos Egipcios","item":"https:\/\/landioustravel.com\/es\/egipto\/pueblos-egipcios\/"},{"@type":"ListItem","position":4,"name":"Gobernaci\u00f3n de Al-Bahr Al-Ahmar"}]},{"@type":"WebSite","@id":"https:\/\/landioustravel.com\/es\/#website","url":"https:\/\/landioustravel.com\/es\/","name":"Landious Travel","description":"Tours and Excursions in Egypt","publisher":{"@id":"https:\/\/landioustravel.com\/es\/#organization"},"potentialAction":[{"@type":"SearchAction","target":{"@type":"EntryPoint","urlTemplate":"https:\/\/landioustravel.com\/es\/?s={search_term_string}"},"query-input":{"@type":"PropertyValueSpecification","valueRequired":true,"valueName":"search_term_string"}}],"inLanguage":"es"},{"@type":["Organization","Place"],"@id":"https:\/\/landioustravel.com\/es\/#organization","name":"Landious Travel","alternateName":"Landious Travel","url":"https:\/\/landioustravel.com\/es\/","logo":{"@id":"https:\/\/landioustravel.com\/es\/egipto\/pueblos-egipcios\/gobernacion-de-al-bahr-al-ahmar\/#local-main-organization-logo"},"image":{"@id":"https:\/\/landioustravel.com\/es\/egipto\/pueblos-egipcios\/gobernacion-de-al-bahr-al-ahmar\/#local-main-organization-logo"},"sameAs":["https:\/\/web.facebook.com\/landiousEgypt","https:\/\/x.com\/LandiousTours","https:\/\/mastodon.social\/@landious"],"legalName":"Landious Travel","telephone":[],"openingHoursSpecification":[{"@type":"OpeningHoursSpecification","dayOfWeek":["Monday","Tuesday","Wednesday","Thursday","Friday","Saturday","Sunday"],"opens":"09:00","closes":"17:00"}]},{"@type":"ImageObject","inLanguage":"es","@id":"https:\/\/landioustravel.com\/es\/egipto\/pueblos-egipcios\/gobernacion-de-al-bahr-al-ahmar\/#local-main-organization-logo","url":"https:\/\/i0.wp.com\/landioustravel.com\/wp-content\/uploads\/2021\/06\/Landious-T.png?fit=500%2C500&ssl=1","contentUrl":"https:\/\/i0.wp.com\/landioustravel.com\/wp-content\/uploads\/2021\/06\/Landious-T.png?fit=500%2C500&ssl=1","width":500,"height":500,"caption":"Landious Travel"}]}},"uagb_featured_image_src":{"full":["https:\/\/i0.wp.com\/landioustravel.com\/wp-content\/uploads\/2018\/11\/Hurghada_marina.jpg?fit=3264%2C1836&ssl=1",3264,1836,false],"thumbnail":["https:\/\/i0.wp.com\/landioustravel.com\/wp-content\/uploads\/2018\/11\/Hurghada_marina.jpg?resize=150%2C150&ssl=1",150,150,true],"medium":["https:\/\/i0.wp.com\/landioustravel.com\/wp-content\/uploads\/2018\/11\/Hurghada_marina.jpg?fit=300%2C169&ssl=1",300,169,true],"medium_large":["https:\/\/i0.wp.com\/landioustravel.com\/wp-content\/uploads\/2018\/11\/Hurghada_marina.jpg?fit=768%2C432&ssl=1",768,432,true],"large":["https:\/\/i0.wp.com\/landioustravel.com\/wp-content\/uploads\/2018\/11\/Hurghada_marina.jpg?fit=980%2C551&ssl=1",980,551,true],"1536x1536":["https:\/\/i0.wp.com\/landioustravel.com\/wp-content\/uploads\/2018\/11\/Hurghada_marina.jpg?fit=1536%2C864&ssl=1",1536,864,true],"2048x2048":["https:\/\/i0.wp.com\/landioustravel.com\/wp-content\/uploads\/2018\/11\/Hurghada_marina.jpg?fit=2048%2C1152&ssl=1",2048,1152,true],"newspack-article-block-landscape-large":["https:\/\/i0.wp.com\/landioustravel.com\/wp-content\/uploads\/2018\/11\/Hurghada_marina.jpg?resize=1200%2C900&ssl=1",1200,900,true],"newspack-article-block-portrait-large":["https:\/\/i0.wp.com\/landioustravel.com\/wp-content\/uploads\/2018\/11\/Hurghada_marina.jpg?resize=900%2C1200&ssl=1",900,1200,true],"newspack-article-block-square-large":["https:\/\/i0.wp.com\/landioustravel.com\/wp-content\/uploads\/2018\/11\/Hurghada_marina.jpg?resize=1200%2C1200&ssl=1",1200,1200,true],"newspack-article-block-landscape-medium":["https:\/\/i0.wp.com\/landioustravel.com\/wp-content\/uploads\/2018\/11\/Hurghada_marina.jpg?resize=800%2C600&ssl=1",800,600,true],"newspack-article-block-portrait-medium":["https:\/\/i0.wp.com\/landioustravel.com\/wp-content\/uploads\/2018\/11\/Hurghada_marina.jpg?resize=600%2C800&ssl=1",600,800,true],"newspack-article-block-square-medium":["https:\/\/i0.wp.com\/landioustravel.com\/wp-content\/uploads\/2018\/11\/Hurghada_marina.jpg?resize=800%2C800&ssl=1",800,800,true],"newspack-article-block-landscape-intermediate":["https:\/\/i0.wp.com\/landioustravel.com\/wp-content\/uploads\/2018\/11\/Hurghada_marina.jpg?resize=600%2C450&ssl=1",600,450,true],"newspack-article-block-portrait-intermediate":["https:\/\/i0.wp.com\/landioustravel.com\/wp-content\/uploads\/2018\/11\/Hurghada_marina.jpg?resize=450%2C600&ssl=1",450,600,true],"newspack-article-block-square-intermediate":["https:\/\/i0.wp.com\/landioustravel.com\/wp-content\/uploads\/2018\/11\/Hurghada_marina.jpg?resize=600%2C600&ssl=1",600,600,true],"newspack-article-block-landscape-small":["https:\/\/i0.wp.com\/landioustravel.com\/wp-content\/uploads\/2018\/11\/Hurghada_marina.jpg?resize=400%2C300&ssl=1",400,300,true],"newspack-article-block-portrait-small":["https:\/\/i0.wp.com\/landioustravel.com\/wp-content\/uploads\/2018\/11\/Hurghada_marina.jpg?resize=300%2C400&ssl=1",300,400,true],"newspack-article-block-square-small":["https:\/\/i0.wp.com\/landioustravel.com\/wp-content\/uploads\/2018\/11\/Hurghada_marina.jpg?resize=400%2C400&ssl=1",400,400,true],"newspack-article-block-landscape-tiny":["https:\/\/i0.wp.com\/landioustravel.com\/wp-content\/uploads\/2018\/11\/Hurghada_marina.jpg?resize=200%2C150&ssl=1",200,150,true],"newspack-article-block-portrait-tiny":["https:\/\/i0.wp.com\/landioustravel.com\/wp-content\/uploads\/2018\/11\/Hurghada_marina.jpg?resize=150%2C200&ssl=1",150,200,true],"newspack-article-block-square-tiny":["https:\/\/i0.wp.com\/landioustravel.com\/wp-content\/uploads\/2018\/11\/Hurghada_marina.jpg?resize=200%2C200&ssl=1",200,200,true],"newspack-article-block-uncropped":["https:\/\/i0.wp.com\/landioustravel.com\/wp-content\/uploads\/2018\/11\/Hurghada_marina.jpg?fit=1200%2C675&ssl=1",1200,675,true],"woocommerce_thumbnail":["https:\/\/i0.wp.com\/landioustravel.com\/wp-content\/uploads\/2018\/11\/Hurghada_marina.jpg?resize=324%2C324&ssl=1",324,324,true],"woocommerce_single":["https:\/\/i0.wp.com\/landioustravel.com\/wp-content\/uploads\/2018\/11\/Hurghada_marina.jpg?fit=416%2C234&ssl=1",416,234,true],"woocommerce_gallery_thumbnail":["https:\/\/i0.wp.com\/landioustravel.com\/wp-content\/uploads\/2018\/11\/Hurghada_marina.jpg?resize=100%2C100&ssl=1",100,100,true]},"uagb_author_info":{"display_name":"Mofreh Landious","author_link":"https:\/\/landioustravel.com\/es\/author\/landious\/"},"uagb_comment_info":0,"uagb_excerpt":"Al-Bahr al-Ahmar \u043fovernorate es la gobernaci\u00f3n m\u00e1s grande de Egipto. Se extiende a lo largo de la costa del Mar Rojo y abarca gran parte del desierto oriental. Su nombre significa \u00abMar Rojo\u00bb. Se extiende desde aproximadamente 29 \u00b0 N de latitud hacia el sur hasta la frontera de Sud\u00e1n. En el oeste est\u00e1 limitado&hellip;","jetpack_sharing_enabled":true,"jetpack_shortlink":"https:\/\/wp.me\/Par4r5-Vt","jetpack_likes_enabled":true,"amp_enabled":true,"_links":{"self":[{"href":"https:\/\/landioustravel.com\/es\/wp-json\/wp\/v2\/pages\/3563","targetHints":{"allow":["GET"]}}],"collection":[{"href":"https:\/\/landioustravel.com\/es\/wp-json\/wp\/v2\/pages"}],"about":[{"href":"https:\/\/landioustravel.com\/es\/wp-json\/wp\/v2\/types\/page"}],"author":[{"embeddable":true,"href":"https:\/\/landioustravel.com\/es\/wp-json\/wp\/v2\/users\/1"}],"replies":[{"embeddable":true,"href":"https:\/\/landioustravel.com\/es\/wp-json\/wp\/v2\/comments?post=3563"}],"version-history":[{"count":0,"href":"https:\/\/landioustravel.com\/es\/wp-json\/wp\/v2\/pages\/3563\/revisions"}],"up":[{"embeddable":true,"href":"https:\/\/landioustravel.com\/es\/wp-json\/wp\/v2\/pages\/3538"}],"wp:featuredmedia":[{"embeddable":true,"href":"https:\/\/landioustravel.com\/es\/wp-json\/wp\/v2\/media\/2499"}],"wp:attachment":[{"href":"https:\/\/landioustravel.com\/es\/wp-json\/wp\/v2\/media?parent=3563"}],"curies":[{"name":"wp","href":"https:\/\/api.w.org\/{rel}","templated":true}]}}