{"id":3629,"date":"2019-03-31T13:30:26","date_gmt":"2019-03-31T11:30:26","guid":{"rendered":"https:\/\/landioustravel.com\/?page_id=3629"},"modified":"2019-07-06T01:55:06","modified_gmt":"2019-07-05T23:55:06","slug":"deidades-egipcias","status":"publish","type":"page","link":"https:\/\/landioustravel.com\/es\/egipto\/deidades-egipcias\/","title":{"rendered":"Deidades egipcias"},"content":{"rendered":"\n<p><amp-fit-text layout=\"fixed-height\" min-font-size=\"14\" max-font-size=\"48\" height=\"50\">Estudiar las creencias del antiguo Egipto es una parte muy interesante del conocimiento que se puede agregar a la mente de todos. El n\u00facleo de estas creencias estaba formado por un gran n\u00famero de antiguas deidades egipcias y los mitos que las rodeaban. Podemos definir a las Deidades egipcias antiguas como aquellos dioses y diosas que adoraban en <a href=\"https:\/\/landioustravel.com\/es\/egipto\/historia-egipto\/historia-egipcia-antigua\/\">el antiguo Egipto<\/a>. Las creencias y rituales que rodean a estos dioses formaron la antigua religi\u00f3n egipcia, que surgi\u00f3 en alg\u00fan momento de la prehistoria.<\/amp-fit-text><\/p>\n\n\n\n<p><amp-fit-text layout=\"fixed-height\" min-font-size=\"14\" max-font-size=\"48\" height=\"50\">La mitolog\u00eda del antiguo Egipto fue presumiblemente influenciada por el entorno natural y los eventos que afectaron a <a href=\"https:\/\/landioustravel.com\/es\/egipto\/\">Egipto<\/a>. Por lo tanto, podemos notar que estas deidades representan fuerzas y fen\u00f3menos naturales, y que los egipcios los apoyaron y apaciguaron mediante ofrendas y rituales. Las ofrendas dirigidas a mantener el orden divino, Maat, funcionando.<\/amp-fit-text><\/p>\n\n\n\n<p><amp-fit-text layout=\"fixed-height\" min-font-size=\"14\" max-font-size=\"48\" height=\"50\">El antiguo fara\u00f3n egipcio desempe\u00f1\u00f3 un papel importante en la religi\u00f3n. Despu\u00e9s de la fundaci\u00f3n del estado egipcio alrededor del 3100 aC, la autoridad para realizar los rituales estaba controlada por el fara\u00f3n. Por supuesto, entre estos rituales estaba dando ofrendas a los dioses en sus templos. Por lo tanto, los faraones sostienen que la tarea es el intermediario entre las personas y los dioses que presentan ofrendas y cumplen rituales. En realidad, el fara\u00f3n era considerado como el representante de los dioses y su hijo en la tierra.<\/amp-fit-text><\/p>\n\n\n\n<p><amp-fit-text layout=\"fixed-height\" min-font-size=\"14\" max-font-size=\"48\" height=\"50\">La antigua religi\u00f3n egipcia se form\u00f3 con un gran n\u00famero de deidades _ 2800 dioses. Algunas de estas dietas jugaron un papel esencial en el universo; Mientras, los otros un papel menor. Aqu\u00ed, daremos una idea sobre los dioses m\u00e1s destacados del antiguo Egipto:<\/amp-fit-text><\/p>\n\n\n\n<amp-fit-text layout=\"fixed-height\" min-font-size=\"6\" max-font-size=\"72\" height=\"80\"><h2 class=\"wp-block-heading\">Diosas egipcias antiguas<\/h2><\/amp-fit-text>\n\n\n\n<ul class=\"wp-block-list\"><li><a href=\"https:\/\/landioustravel.com\/es\/egipto\/deidades-egipcias\/diosa-isis\/\">Diosa isis<\/a><\/li><li> Amentet<\/li><li> Ammit<\/li><li> Anput<\/li><li> Anat<\/li><li> Anuket (Anukis)<\/li><li> L\u00edber<\/li><li> Murci\u00e9lago<\/li><li> <a href=\"https:\/\/landioustravel.com\/es\/egipto\/deidades-egipcias\/diosa-hathor\/\">Hathor<\/a><\/li><li> Hatmehyt<\/li><li> Hededet<\/li><li> Hemsut<\/li><li> Heqet<\/li><li> \u00c9l se sent\u00f3<\/li><li> Iabet<\/li><li> Kauket<\/li><li> Kebechet<\/li><li> Ma\u2019at<\/li><li> Menhet (Menhit)<\/li><li> Meretseger<\/li><li> Meskhenet<\/li><li> Mut<\/li><li> Naunet<\/li><li> Nehmetawy<\/li><li> Nekhbet<\/li><li> Neith<\/li><li> Neftis<\/li><li> Nuez<\/li><li> Qadesh<\/li><li> Renenutet<\/li><li> Renpet<\/li><li> Satet (Satis)<\/li><li> Sekhmet<\/li><li> Seshat<\/li><li> Serqet (Selkit)<\/li><li> Sopdet (Sothis)<\/li><li> Taweret<\/li><li> Tayet<\/li><li> Tefnut<\/li><li> Tjenenet<\/li><li> Wadjet<\/li><li> Weret-Hekau<\/li><\/ul>\n","protected":false},"excerpt":{"rendered":"<p>Estudiar las creencias del antiguo Egipto es una parte muy interesante del conocimiento que se puede agregar a la mente de todos. El n\u00facleo de estas creencias estaba formado por un gran n\u00famero de antiguas deidades egipcias y los mitos que las rodeaban. Podemos definir a las Deidades egipcias antiguas como aquellos dioses y diosas [&hellip;]<\/p>\n","protected":false},"author":1,"featured_media":3613,"parent":2175,"menu_order":4,"comment_status":"open","ping_status":"closed","template":"","meta":{"_coblocks_attr":"","_coblocks_dimensions":"","_coblocks_responsive_height":"","_coblocks_accordion_ie_support":"","_uag_custom_page_level_css":"","jetpack_post_was_ever_published":false,"footnotes":""},"class_list":["post-3629","page","type-page","status-publish","has-post-thumbnail","hentry"],"yoast_head":"<!-- This site is optimized with the Yoast SEO Premium plugin v26.9 (Yoast SEO v27.3) - https:\/\/yoast.com\/product\/yoast-seo-premium-wordpress\/ -->\n<title>Deidades egipcias - Learn about Ancient Egyptian Gods - Landious Travel<\/title>\n<meta name=\"description\" content=\"Studying the ancient Egyptian beliefs is a very interesting part of the knowledge which can be added to everyone\u2019s mind. The core of these beliefs was formed by a wide number of ancient Egyptian deities and the myths surrounding them. We can define the Ancient Egyptian Deities as those gods and goddesses whom worshiped in ancient Egypt.The beliefs and rituals surrounding these gods formed the ancient Egyptian religion, which emerged sometime in prehistory.\" \/>\n<meta name=\"robots\" content=\"index, follow, max-snippet:-1, max-image-preview:large, max-video-preview:-1\" \/>\n<link rel=\"canonical\" href=\"https:\/\/landioustravel.com\/es\/egipto\/deidades-egipcias\/\" \/>\n<meta property=\"og:locale\" content=\"es_ES\" \/>\n<meta property=\"og:type\" content=\"article\" \/>\n<meta property=\"og:title\" content=\"Deidades egipcias\" \/>\n<meta property=\"og:description\" content=\"Studying the ancient Egyptian beliefs is a very interesting part of the knowledge which can be added to everyone\u2019s mind. The core of these beliefs was formed by a wide number of ancient Egyptian deities and the myths surrounding them. We can define the Ancient Egyptian Deities as those gods and goddesses whom worshiped in ancient Egypt.The beliefs and rituals surrounding these gods formed the ancient Egyptian religion, which emerged sometime in prehistory.\" \/>\n<meta property=\"og:url\" content=\"https:\/\/landioustravel.com\/es\/egipto\/deidades-egipcias\/\" \/>\n<meta property=\"og:site_name\" content=\"Landious Travel\" \/>\n<meta property=\"article:publisher\" content=\"https:\/\/web.facebook.com\/landiousEgypt\" \/>\n<meta property=\"article:modified_time\" content=\"2019-07-05T23:55:06+00:00\" \/>\n<meta property=\"og:image\" content=\"https:\/\/i0.wp.com\/landioustravel.com\/wp-content\/uploads\/2019\/03\/ancient_egyptian_dieties-e1617204657637.jpg?fit=1200%2C675&ssl=1\" \/>\n\t<meta property=\"og:image:width\" content=\"1200\" \/>\n\t<meta property=\"og:image:height\" content=\"675\" \/>\n\t<meta property=\"og:image:type\" content=\"image\/jpeg\" \/>\n<meta name=\"twitter:card\" content=\"summary_large_image\" \/>\n<meta name=\"twitter:site\" content=\"@LandiousTours\" \/>\n<meta name=\"twitter:label1\" content=\"Tiempo de lectura\" \/>\n\t<meta name=\"twitter:data1\" content=\"2 minutos\" \/>\n<script type=\"application\/ld+json\" class=\"yoast-schema-graph\">{\"@context\":\"https:\\\/\\\/schema.org\",\"@graph\":[{\"@type\":\"WebPage\",\"@id\":\"https:\\\/\\\/landioustravel.com\\\/es\\\/egipto\\\/deidades-egipcias\\\/\",\"url\":\"https:\\\/\\\/landioustravel.com\\\/es\\\/egipto\\\/deidades-egipcias\\\/\",\"name\":\"Deidades egipcias - Learn about Ancient Egyptian Gods - Landious Travel\",\"isPartOf\":{\"@id\":\"https:\\\/\\\/landioustravel.com\\\/es\\\/#website\"},\"primaryImageOfPage\":{\"@id\":\"https:\\\/\\\/landioustravel.com\\\/es\\\/egipto\\\/deidades-egipcias\\\/#primaryimage\"},\"image\":{\"@id\":\"https:\\\/\\\/landioustravel.com\\\/es\\\/egipto\\\/deidades-egipcias\\\/#primaryimage\"},\"thumbnailUrl\":\"https:\\\/\\\/i0.wp.com\\\/landioustravel.com\\\/wp-content\\\/uploads\\\/2019\\\/03\\\/ancient_egyptian_dieties-e1617204657637.jpg?fit=1200%2C675&ssl=1\",\"datePublished\":\"2019-03-31T11:30:26+00:00\",\"dateModified\":\"2019-07-05T23:55:06+00:00\",\"description\":\"Studying the ancient Egyptian beliefs is a very interesting part of the knowledge which can be added to everyone\u2019s mind. The core of these beliefs was formed by a wide number of ancient Egyptian deities and the myths surrounding them. We can define the Ancient Egyptian Deities as those gods and goddesses whom worshiped in ancient Egypt.The beliefs and rituals surrounding these gods formed the ancient Egyptian religion, which emerged sometime in prehistory.\",\"breadcrumb\":{\"@id\":\"https:\\\/\\\/landioustravel.com\\\/es\\\/egipto\\\/deidades-egipcias\\\/#breadcrumb\"},\"inLanguage\":\"es\",\"potentialAction\":[{\"@type\":\"ReadAction\",\"target\":[\"https:\\\/\\\/landioustravel.com\\\/es\\\/egipto\\\/deidades-egipcias\\\/\"]}]},{\"@type\":\"ImageObject\",\"inLanguage\":\"es\",\"@id\":\"https:\\\/\\\/landioustravel.com\\\/es\\\/egipto\\\/deidades-egipcias\\\/#primaryimage\",\"url\":\"https:\\\/\\\/i0.wp.com\\\/landioustravel.com\\\/wp-content\\\/uploads\\\/2019\\\/03\\\/ancient_egyptian_dieties-e1617204657637.jpg?fit=1200%2C675&ssl=1\",\"contentUrl\":\"https:\\\/\\\/i0.wp.com\\\/landioustravel.com\\\/wp-content\\\/uploads\\\/2019\\\/03\\\/ancient_egyptian_dieties-e1617204657637.jpg?fit=1200%2C675&ssl=1\",\"width\":1200,\"height\":675,\"caption\":\"The ancient Egyptian deities\"},{\"@type\":\"BreadcrumbList\",\"@id\":\"https:\\\/\\\/landioustravel.com\\\/es\\\/egipto\\\/deidades-egipcias\\\/#breadcrumb\",\"itemListElement\":[{\"@type\":\"ListItem\",\"position\":1,\"name\":\"Home\",\"item\":\"https:\\\/\\\/landioustravel.com\\\/es\\\/\"},{\"@type\":\"ListItem\",\"position\":2,\"name\":\"Egipto\",\"item\":\"https:\\\/\\\/landioustravel.com\\\/es\\\/egipto\\\/\"},{\"@type\":\"ListItem\",\"position\":3,\"name\":\"Deidades egipcias\"}]},{\"@type\":\"WebSite\",\"@id\":\"https:\\\/\\\/landioustravel.com\\\/es\\\/#website\",\"url\":\"https:\\\/\\\/landioustravel.com\\\/es\\\/\",\"name\":\"Landious Travel\",\"description\":\"Tours and Excursions in Egypt\",\"publisher\":{\"@id\":\"https:\\\/\\\/landioustravel.com\\\/es\\\/#organization\"},\"potentialAction\":[{\"@type\":\"SearchAction\",\"target\":{\"@type\":\"EntryPoint\",\"urlTemplate\":\"https:\\\/\\\/landioustravel.com\\\/es\\\/?s={search_term_string}\"},\"query-input\":{\"@type\":\"PropertyValueSpecification\",\"valueRequired\":true,\"valueName\":\"search_term_string\"}}],\"inLanguage\":\"es\"},{\"@type\":[\"Organization\",\"Place\"],\"@id\":\"https:\\\/\\\/landioustravel.com\\\/es\\\/#organization\",\"name\":\"Landious Travel\",\"alternateName\":\"Landious Travel\",\"url\":\"https:\\\/\\\/landioustravel.com\\\/es\\\/\",\"logo\":{\"@id\":\"https:\\\/\\\/landioustravel.com\\\/es\\\/egipto\\\/deidades-egipcias\\\/#local-main-organization-logo\"},\"image\":{\"@id\":\"https:\\\/\\\/landioustravel.com\\\/es\\\/egipto\\\/deidades-egipcias\\\/#local-main-organization-logo\"},\"sameAs\":[\"https:\\\/\\\/web.facebook.com\\\/landiousEgypt\",\"https:\\\/\\\/x.com\\\/LandiousTours\",\"https:\\\/\\\/mastodon.social\\\/@landious\"],\"legalName\":\"Landious Travel\",\"telephone\":[],\"openingHoursSpecification\":[{\"@type\":\"OpeningHoursSpecification\",\"dayOfWeek\":[\"Monday\",\"Tuesday\",\"Wednesday\",\"Thursday\",\"Friday\",\"Saturday\",\"Sunday\"],\"opens\":\"09:00\",\"closes\":\"17:00\"}]},{\"@type\":\"ImageObject\",\"inLanguage\":\"es\",\"@id\":\"https:\\\/\\\/landioustravel.com\\\/es\\\/egipto\\\/deidades-egipcias\\\/#local-main-organization-logo\",\"url\":\"https:\\\/\\\/i0.wp.com\\\/landioustravel.com\\\/wp-content\\\/uploads\\\/2021\\\/06\\\/Landious-T.png?fit=500%2C500&ssl=1\",\"contentUrl\":\"https:\\\/\\\/i0.wp.com\\\/landioustravel.com\\\/wp-content\\\/uploads\\\/2021\\\/06\\\/Landious-T.png?fit=500%2C500&ssl=1\",\"width\":500,\"height\":500,\"caption\":\"Landious Travel\"}]}<\/script>\n<!-- \/ Yoast SEO Premium plugin. -->","yoast_head_json":{"title":"Deidades egipcias - Learn about Ancient Egyptian Gods - Landious Travel","description":"Studying the ancient Egyptian beliefs is a very interesting part of the knowledge which can be added to everyone\u2019s mind. The core of these beliefs was formed by a wide number of ancient Egyptian deities and the myths surrounding them. We can define the Ancient Egyptian Deities as those gods and goddesses whom worshiped in ancient Egypt.The beliefs and rituals surrounding these gods formed the ancient Egyptian religion, which emerged sometime in prehistory.","robots":{"index":"index","follow":"follow","max-snippet":"max-snippet:-1","max-image-preview":"max-image-preview:large","max-video-preview":"max-video-preview:-1"},"canonical":"https:\/\/landioustravel.com\/es\/egipto\/deidades-egipcias\/","og_locale":"es_ES","og_type":"article","og_title":"Deidades egipcias","og_description":"Studying the ancient Egyptian beliefs is a very interesting part of the knowledge which can be added to everyone\u2019s mind. The core of these beliefs was formed by a wide number of ancient Egyptian deities and the myths surrounding them. We can define the Ancient Egyptian Deities as those gods and goddesses whom worshiped in ancient Egypt.The beliefs and rituals surrounding these gods formed the ancient Egyptian religion, which emerged sometime in prehistory.","og_url":"https:\/\/landioustravel.com\/es\/egipto\/deidades-egipcias\/","og_site_name":"Landious Travel","article_publisher":"https:\/\/web.facebook.com\/landiousEgypt","article_modified_time":"2019-07-05T23:55:06+00:00","og_image":[{"width":1200,"height":675,"url":"https:\/\/i0.wp.com\/landioustravel.com\/wp-content\/uploads\/2019\/03\/ancient_egyptian_dieties-e1617204657637.jpg?fit=1200%2C675&ssl=1","type":"image\/jpeg"}],"twitter_card":"summary_large_image","twitter_site":"@LandiousTours","twitter_misc":{"Tiempo de lectura":"2 minutos"},"schema":{"@context":"https:\/\/schema.org","@graph":[{"@type":"WebPage","@id":"https:\/\/landioustravel.com\/es\/egipto\/deidades-egipcias\/","url":"https:\/\/landioustravel.com\/es\/egipto\/deidades-egipcias\/","name":"Deidades egipcias - Learn about Ancient Egyptian Gods - Landious Travel","isPartOf":{"@id":"https:\/\/landioustravel.com\/es\/#website"},"primaryImageOfPage":{"@id":"https:\/\/landioustravel.com\/es\/egipto\/deidades-egipcias\/#primaryimage"},"image":{"@id":"https:\/\/landioustravel.com\/es\/egipto\/deidades-egipcias\/#primaryimage"},"thumbnailUrl":"https:\/\/i0.wp.com\/landioustravel.com\/wp-content\/uploads\/2019\/03\/ancient_egyptian_dieties-e1617204657637.jpg?fit=1200%2C675&ssl=1","datePublished":"2019-03-31T11:30:26+00:00","dateModified":"2019-07-05T23:55:06+00:00","description":"Studying the ancient Egyptian beliefs is a very interesting part of the knowledge which can be added to everyone\u2019s mind. The core of these beliefs was formed by a wide number of ancient Egyptian deities and the myths surrounding them. We can define the Ancient Egyptian Deities as those gods and goddesses whom worshiped in ancient Egypt.The beliefs and rituals surrounding these gods formed the ancient Egyptian religion, which emerged sometime in prehistory.","breadcrumb":{"@id":"https:\/\/landioustravel.com\/es\/egipto\/deidades-egipcias\/#breadcrumb"},"inLanguage":"es","potentialAction":[{"@type":"ReadAction","target":["https:\/\/landioustravel.com\/es\/egipto\/deidades-egipcias\/"]}]},{"@type":"ImageObject","inLanguage":"es","@id":"https:\/\/landioustravel.com\/es\/egipto\/deidades-egipcias\/#primaryimage","url":"https:\/\/i0.wp.com\/landioustravel.com\/wp-content\/uploads\/2019\/03\/ancient_egyptian_dieties-e1617204657637.jpg?fit=1200%2C675&ssl=1","contentUrl":"https:\/\/i0.wp.com\/landioustravel.com\/wp-content\/uploads\/2019\/03\/ancient_egyptian_dieties-e1617204657637.jpg?fit=1200%2C675&ssl=1","width":1200,"height":675,"caption":"The ancient Egyptian deities"},{"@type":"BreadcrumbList","@id":"https:\/\/landioustravel.com\/es\/egipto\/deidades-egipcias\/#breadcrumb","itemListElement":[{"@type":"ListItem","position":1,"name":"Home","item":"https:\/\/landioustravel.com\/es\/"},{"@type":"ListItem","position":2,"name":"Egipto","item":"https:\/\/landioustravel.com\/es\/egipto\/"},{"@type":"ListItem","position":3,"name":"Deidades egipcias"}]},{"@type":"WebSite","@id":"https:\/\/landioustravel.com\/es\/#website","url":"https:\/\/landioustravel.com\/es\/","name":"Landious Travel","description":"Tours and Excursions in Egypt","publisher":{"@id":"https:\/\/landioustravel.com\/es\/#organization"},"potentialAction":[{"@type":"SearchAction","target":{"@type":"EntryPoint","urlTemplate":"https:\/\/landioustravel.com\/es\/?s={search_term_string}"},"query-input":{"@type":"PropertyValueSpecification","valueRequired":true,"valueName":"search_term_string"}}],"inLanguage":"es"},{"@type":["Organization","Place"],"@id":"https:\/\/landioustravel.com\/es\/#organization","name":"Landious Travel","alternateName":"Landious Travel","url":"https:\/\/landioustravel.com\/es\/","logo":{"@id":"https:\/\/landioustravel.com\/es\/egipto\/deidades-egipcias\/#local-main-organization-logo"},"image":{"@id":"https:\/\/landioustravel.com\/es\/egipto\/deidades-egipcias\/#local-main-organization-logo"},"sameAs":["https:\/\/web.facebook.com\/landiousEgypt","https:\/\/x.com\/LandiousTours","https:\/\/mastodon.social\/@landious"],"legalName":"Landious Travel","telephone":[],"openingHoursSpecification":[{"@type":"OpeningHoursSpecification","dayOfWeek":["Monday","Tuesday","Wednesday","Thursday","Friday","Saturday","Sunday"],"opens":"09:00","closes":"17:00"}]},{"@type":"ImageObject","inLanguage":"es","@id":"https:\/\/landioustravel.com\/es\/egipto\/deidades-egipcias\/#local-main-organization-logo","url":"https:\/\/i0.wp.com\/landioustravel.com\/wp-content\/uploads\/2021\/06\/Landious-T.png?fit=500%2C500&ssl=1","contentUrl":"https:\/\/i0.wp.com\/landioustravel.com\/wp-content\/uploads\/2021\/06\/Landious-T.png?fit=500%2C500&ssl=1","width":500,"height":500,"caption":"Landious Travel"}]}},"uagb_featured_image_src":{"full":["https:\/\/i0.wp.com\/landioustravel.com\/wp-content\/uploads\/2019\/03\/ancient_egyptian_dieties-e1617204657637.jpg?fit=1200%2C675&ssl=1",1200,675,false],"thumbnail":["https:\/\/i0.wp.com\/landioustravel.com\/wp-content\/uploads\/2019\/03\/ancient_egyptian_dieties-e1617204657637.jpg?resize=150%2C150&ssl=1",150,150,true],"medium":["https:\/\/i0.wp.com\/landioustravel.com\/wp-content\/uploads\/2019\/03\/ancient_egyptian_dieties-e1617204657637.jpg?fit=300%2C200&ssl=1",300,200,true],"medium_large":["https:\/\/i0.wp.com\/landioustravel.com\/wp-content\/uploads\/2019\/03\/ancient_egyptian_dieties-e1617204657637.jpg?fit=768%2C511&ssl=1",768,511,true],"large":["https:\/\/i0.wp.com\/landioustravel.com\/wp-content\/uploads\/2019\/03\/ancient_egyptian_dieties-e1617204657637.jpg?fit=980%2C652&ssl=1",980,652,true],"1536x1536":["https:\/\/i0.wp.com\/landioustravel.com\/wp-content\/uploads\/2019\/03\/ancient_egyptian_dieties-e1617204657637.jpg?fit=1536%2C1021&ssl=1",1536,1021,true],"2048x2048":["https:\/\/i0.wp.com\/landioustravel.com\/wp-content\/uploads\/2019\/03\/ancient_egyptian_dieties-e1617204657637.jpg?fit=1200%2C675&ssl=1",1200,675,true],"newspack-article-block-landscape-large":["https:\/\/i0.wp.com\/landioustravel.com\/wp-content\/uploads\/2019\/03\/ancient_egyptian_dieties-e1617204657637.jpg?resize=1200%2C675&ssl=1",1200,900,true],"newspack-article-block-portrait-large":["https:\/\/i0.wp.com\/landioustravel.com\/wp-content\/uploads\/2019\/03\/ancient_egyptian_dieties-e1617204657637.jpg?resize=900%2C675&ssl=1",900,798,true],"newspack-article-block-square-large":["https:\/\/i0.wp.com\/landioustravel.com\/wp-content\/uploads\/2019\/03\/ancient_egyptian_dieties-e1617204657637.jpg?resize=1200%2C675&ssl=1",1200,1200,true],"newspack-article-block-landscape-medium":["https:\/\/i0.wp.com\/landioustravel.com\/wp-content\/uploads\/2019\/03\/ancient_egyptian_dieties-e1617204657637.jpg?resize=800%2C600&ssl=1",800,600,true],"newspack-article-block-portrait-medium":["https:\/\/i0.wp.com\/landioustravel.com\/wp-content\/uploads\/2019\/03\/ancient_egyptian_dieties-e1617204657637.jpg?resize=600%2C675&ssl=1",600,798,true],"newspack-article-block-square-medium":["https:\/\/i0.wp.com\/landioustravel.com\/wp-content\/uploads\/2019\/03\/ancient_egyptian_dieties-e1617204657637.jpg?resize=800%2C675&ssl=1",800,798,true],"newspack-article-block-landscape-intermediate":["https:\/\/i0.wp.com\/landioustravel.com\/wp-content\/uploads\/2019\/03\/ancient_egyptian_dieties-e1617204657637.jpg?resize=600%2C450&ssl=1",600,450,true],"newspack-article-block-portrait-intermediate":["https:\/\/i0.wp.com\/landioustravel.com\/wp-content\/uploads\/2019\/03\/ancient_egyptian_dieties-e1617204657637.jpg?resize=450%2C600&ssl=1",450,600,true],"newspack-article-block-square-intermediate":["https:\/\/i0.wp.com\/landioustravel.com\/wp-content\/uploads\/2019\/03\/ancient_egyptian_dieties-e1617204657637.jpg?resize=600%2C600&ssl=1",600,600,true],"newspack-article-block-landscape-small":["https:\/\/i0.wp.com\/landioustravel.com\/wp-content\/uploads\/2019\/03\/ancient_egyptian_dieties-e1617204657637.jpg?resize=400%2C300&ssl=1",400,300,true],"newspack-article-block-portrait-small":["https:\/\/i0.wp.com\/landioustravel.com\/wp-content\/uploads\/2019\/03\/ancient_egyptian_dieties-e1617204657637.jpg?resize=300%2C400&ssl=1",300,400,true],"newspack-article-block-square-small":["https:\/\/i0.wp.com\/landioustravel.com\/wp-content\/uploads\/2019\/03\/ancient_egyptian_dieties-e1617204657637.jpg?resize=400%2C400&ssl=1",400,400,true],"newspack-article-block-landscape-tiny":["https:\/\/i0.wp.com\/landioustravel.com\/wp-content\/uploads\/2019\/03\/ancient_egyptian_dieties-e1617204657637.jpg?resize=200%2C150&ssl=1",200,150,true],"newspack-article-block-portrait-tiny":["https:\/\/i0.wp.com\/landioustravel.com\/wp-content\/uploads\/2019\/03\/ancient_egyptian_dieties-e1617204657637.jpg?resize=150%2C200&ssl=1",150,200,true],"newspack-article-block-square-tiny":["https:\/\/i0.wp.com\/landioustravel.com\/wp-content\/uploads\/2019\/03\/ancient_egyptian_dieties-e1617204657637.jpg?resize=200%2C200&ssl=1",200,200,true],"newspack-article-block-uncropped":["https:\/\/i0.wp.com\/landioustravel.com\/wp-content\/uploads\/2019\/03\/ancient_egyptian_dieties-e1617204657637.jpg?fit=1200%2C798&ssl=1",1200,798,true],"woocommerce_thumbnail":["https:\/\/i0.wp.com\/landioustravel.com\/wp-content\/uploads\/2019\/03\/ancient_egyptian_dieties-e1617204657637.jpg?resize=324%2C324&ssl=1",324,324,true],"woocommerce_single":["https:\/\/i0.wp.com\/landioustravel.com\/wp-content\/uploads\/2019\/03\/ancient_egyptian_dieties-e1617204657637.jpg?fit=416%2C234&ssl=1",416,234,true],"woocommerce_gallery_thumbnail":["https:\/\/i0.wp.com\/landioustravel.com\/wp-content\/uploads\/2019\/03\/ancient_egyptian_dieties-e1617204657637.jpg?resize=100%2C100&ssl=1",100,100,true]},"uagb_author_info":{"display_name":"Mofreh Landious","author_link":"https:\/\/landioustravel.com\/es\/author\/landious\/"},"uagb_comment_info":0,"uagb_excerpt":"Estudiar las creencias del antiguo Egipto es una parte muy interesante del conocimiento que se puede agregar a la mente de todos. El n\u00facleo de estas creencias estaba formado por un gran n\u00famero de antiguas deidades egipcias y los mitos que las rodeaban. Podemos definir a las Deidades egipcias antiguas como aquellos dioses y diosas&hellip;","jetpack_sharing_enabled":true,"jetpack_shortlink":"https:\/\/wp.me\/Par4r5-Wx","jetpack_likes_enabled":true,"amp_enabled":true,"_links":{"self":[{"href":"https:\/\/landioustravel.com\/es\/wp-json\/wp\/v2\/pages\/3629","targetHints":{"allow":["GET"]}}],"collection":[{"href":"https:\/\/landioustravel.com\/es\/wp-json\/wp\/v2\/pages"}],"about":[{"href":"https:\/\/landioustravel.com\/es\/wp-json\/wp\/v2\/types\/page"}],"author":[{"embeddable":true,"href":"https:\/\/landioustravel.com\/es\/wp-json\/wp\/v2\/users\/1"}],"replies":[{"embeddable":true,"href":"https:\/\/landioustravel.com\/es\/wp-json\/wp\/v2\/comments?post=3629"}],"version-history":[{"count":0,"href":"https:\/\/landioustravel.com\/es\/wp-json\/wp\/v2\/pages\/3629\/revisions"}],"up":[{"embeddable":true,"href":"https:\/\/landioustravel.com\/es\/wp-json\/wp\/v2\/pages\/2175"}],"wp:featuredmedia":[{"embeddable":true,"href":"https:\/\/landioustravel.com\/es\/wp-json\/wp\/v2\/media\/3613"}],"wp:attachment":[{"href":"https:\/\/landioustravel.com\/es\/wp-json\/wp\/v2\/media?parent=3629"}],"curies":[{"name":"wp","href":"https:\/\/api.w.org\/{rel}","templated":true}]}}