{"id":37806,"date":"2021-09-22T06:22:56","date_gmt":"2021-09-22T04:22:56","guid":{"rendered":"https:\/\/landioustravel.com\/?page_id=37806"},"modified":"2021-09-22T11:56:25","modified_gmt":"2021-09-22T09:56:25","slug":"dios-aton","status":"publish","type":"page","link":"https:\/\/landioustravel.com\/es\/egipto\/deidades-egipcias\/dios-aton\/","title":{"rendered":"Dios At\u00f3n"},"content":{"rendered":"\n<p>La historia del dios At\u00f3n y su religi\u00f3n es uno de los aspectos m\u00e1s controvertidos y emocionantes del <a href=\"https:\/\/landioustravel.com\/es\/egipto\/historia-egipto\/\">antiguo Egipto<\/a>. Las escrituras antiguas tambi\u00e9n se refieren al dios Aten como Aton, Atony o Itn. Tambi\u00e9n hay varios aspectos interesantes en la historia del dios Aten, que se entremezcla con el fara\u00f3n Akhenaton.<\/p>\n\n\n\n<p>No se puede entender la religi\u00f3n del dios At\u00f3n sin mencionar a Akhenaton. Fue este rey que envi\u00f3 ondas de choque de manera prominente por toda la tierra de <a href=\"https:\/\/landioustravel.com\/es\/egipto\/\">Egipto<\/a>. Sin lugar a dudas, el ascenso y la ca\u00edda del dios Aten revelan un gran inter\u00e9s. Muestra c\u00f3mo los <a href=\"https:\/\/landioustravel.com\/es\/egipto\/faraones-egipto\/\">reyes<\/a> pudieron controlar e influir en la religi\u00f3n del antiguo Egipto.<\/p>\n\n\n\n<h2 class=\"wp-block-heading\" id=\"h-historia-y-origen\">Historia y Origen<\/h2>\n\n\n\n<p>Inicialmente, las palabras Aton se refer\u00edan a cualquier cosa que se pareciera a un disco. La palabra aparece en el Reino Antiguo como un sustantivo que la gente usaba para denotar cualquier cosa plana o circular. Los antiguos se refer\u00edan al sol como el \u00abdisco del d\u00eda\u00bb, donde resid\u00eda el dios supremo <a href=\"https:\/\/landioustravel.com\/es\/egipto\/deidades-egipcias\/dios-ra\/\">Ra<\/a>. Adem\u00e1s, tambi\u00e9n se refirieron a la luna como el \u00abAten plateado\u00bb.<\/p>\n\n\n\n<p>Despu\u00e9s de observar las ilustraciones en relieve de Aton, el erudito High Nibley concluy\u00f3 lo siguiente. High Nibley enfatiz\u00f3 que el t\u00e9rmino Aton se referir\u00eda a un globo o una esfera en lugar de un disco.<\/p>\n\n\n\n<p>La Historia de Sinuhe de la XII Dinast\u00eda es el primer texto sobre la deidad del disco solar, Aten. El texto relata el levantamiento de un rey fallecido para encontrarse con el dios del disco solar.<\/p>\n\n\n\n<p>Con el tiempo, la gente comenz\u00f3 a usar el t\u00e9rmino Aten en asociaci\u00f3n con deidades solares. La palabra expresaba al sol como una fuerza de luz vivificante.<\/p>\n\n\n\n<h2 class=\"wp-block-heading\">Descripci\u00f3n de Dios At\u00f3n<\/h2>\n\n\n\n<p>Seg\u00fan los textos antiguos, Aton fue una vez un aspecto del dios supremo Ra. En general, la gente consideraba a Ra como el dios del sol y el \u00faltimo dador de vida. Sin embargo, hay poca informaci\u00f3n sobre Aten antes del reinado de Akhenaton.<\/p>\n\n\n\n<p>La mayor parte de la informaci\u00f3n disponible sobre el dios proviene del Gran Himno a At\u00f3n. Los antiguos egipcios inscribieron este alegre poema en las paredes de las tumbas antiguas de <a href=\"https:\/\/www.google.com\/maps\/place\/Tell+el+Amarna\/@27.6445082,30.8964352,17z\/data=!3m1!4b1!4m5!3m4!1s0x144527802b434fed:0x38caabadefe40cbf!8m2!3d27.6445082!4d30.8986239\" target=\"_blank\" rel=\"noreferrer noopener\">Amarna<\/a> o Akhetaten. Este lugar est\u00e1 ubicado en la orilla este del r\u00edo <a href=\"https:\/\/landioustravel.com\/es\/egipto\/rio-nilo\/\">Nilo<\/a> y se convirti\u00f3 en el centro de la religi\u00f3n atenista.<\/p>\n\n\n\n<p>El mismo fara\u00f3n Akhenaton escribi\u00f3 este poema donde describi\u00f3 al dios como el ser supremo y creador. Los textos describen a Aten como hombre y mujer que no tiene forma f\u00edsica. El dios eran los propios rayos de luz que descender\u00edan sobre la tierra para dar vida a todos.<\/p>\n\n\n\n<h2 class=\"wp-block-heading\">El ascenso de Aton<\/h2>\n\n\n\n<p>La gente adoraba a la deidad Aton extensamente durante el reinado de Amenhotep III. En su poder, las im\u00e1genes mostraban al dios como un hombre con cabeza de halc\u00f3n que se parec\u00eda a Ra. Sin embargo, el verdadero ascenso de la deidad comenz\u00f3 con el reinado del sucesor de Amenhotep III, Amenhotep IV.<\/p>\n\n\n\n<p>Amenhotep IV cambi\u00f3 su nombre a Akhenaton incorporando el nombre del dios mismo. Durante su reinado, el fara\u00f3n estableci\u00f3 al dios Aten como el dios central de Egipto.<\/p>\n\n\n\n<p>Adem\u00e1s, hizo del atenismo la religi\u00f3n del estado y, por lo tanto, introdujo el concepto de monote\u00edsmo. Este t\u00e9rmino describe la adoraci\u00f3n y la creencia en un solo dios en lugar de adorar a varios <a href=\"https:\/\/landioustravel.com\/es\/egipto\/deidades-egipcias\/\">dioses<\/a>.<\/p>\n\n\n\n<p>La cultura del antiguo Egipto se vincula \u00edntimamente con la presencia de diferentes dioses y diosas. Los valientes relatos de varios dioses enriquecen la mitolog\u00eda de Egipto. Antes de esto, la gente del antiguo Egipto siempre hab\u00eda adorado a numerosos dioses.<\/p>\n\n\n\n<p>As\u00ed que el concepto de monote\u00edsmo envi\u00f3 ondas de choque a todo Egipto. El rey Akhenaton insisti\u00f3 en que el \u00fanico At\u00f3n era el \u00fanico dios de la tierra. Adem\u00e1s, r\u00e1pidamente estableci\u00f3 varios <a href=\"https:\/\/landioustravel.com\/es\/egipto\/templos-egipcios\/\">templos<\/a> del dios y demoli\u00f3 la adoraci\u00f3n de otros dioses.<\/p>\n\n\n\n<p>El rey dio un paso adelante y trat\u00f3 de deshacerse de las im\u00e1genes de otras deidades. Construy\u00f3 una ciudad capital llamada Akhenaton, u Horizon of Aten, que solo adoraba al dios Aten.<\/p>\n\n\n\n<h2 class=\"wp-block-heading\">Akhenaton y At\u00f3n<\/h2>\n\n\n\n<p>El t\u00e9rmino Akhenaton se traduce como \u00abmano derecha de Aten\u00bb. El nombre en s\u00ed indica el proceso de pensamiento del rey hacia el dios. Con el establecimiento de la religi\u00f3n del Atenismo, Akhenaton proclam\u00f3 que \u00e9l y su esposa Nefertiti estaban conectados con Aten.<\/p>\n\n\n\n<p>A trav\u00e9s de esto, el rey se estableci\u00f3 como el mensajero entre el dios supremo y otros seres humanos. Dijo que los rayos del disco solar solo daban vida a las palmas de las manos de la familia real. Adem\u00e1s, insisti\u00f3 en que todos los dem\u00e1s recibieran energ\u00eda del dios a cambio de lealtad a Aten.<\/p>\n\n\n\n<p>El Himno a At\u00f3n de Akhenaton se centra en el mundo de la naturaleza y el papel del dios en \u00e9l. El himno denota la devoci\u00f3n del rey hacia la deidad.<\/p>\n\n\n\n<p>\u201cAt\u00f3n crea al hijo en el \u00fatero de la madre, la semilla en el hombre, y ha generado toda la vida. Ha distinguido las razas, sus naturalezas, lenguas y pieles, y satisface las necesidades de todos \u00ab.<\/p>\n\n\n\n<p>Diferentes hallazgos arqueol\u00f3gicos han permitido a los historiadores descifrar el proceso de pensamiento detr\u00e1s del monote\u00edsmo de Akhenaton. El rey consideraba los rayos del sol como el dios y dador de la vida misma.<\/p>\n\n\n\n<p>En lugar de creer en la adoraci\u00f3n de los diferentes dioses antiguos de Egipto, decidi\u00f3 honrar algo que pudiera ver. Seg\u00fan \u00e9l, los rayos del sol o Aten eran los responsables de la vida en la tierra. Por lo tanto, la deidad At\u00f3n era el \u00fanico dios de todo el planeta.<\/p>\n\n\n\n<h2 class=\"wp-block-heading\">La Ca\u00edda de At\u00f3n<\/h2>\n\n\n\n<p>La adoraci\u00f3n de At\u00f3n, sin embargo, declin\u00f3 despu\u00e9s de la muerte de Akhenaton. Los antiguos egipcios rechazaron violentamente esta nueva religi\u00f3n y la erradicaron tras la desaparici\u00f3n del rey. La \u00e9lite egipcia y la poblaci\u00f3n en general restablecieron los viejos dioses y abandonaron la nueva ciudad.<\/p>\n\n\n\n<p>Quiz\u00e1s la poblaci\u00f3n en general nunca hab\u00eda aceptado el concepto radical de adorar a un dios. El hijo del rey, Tutankam\u00f3n, restableci\u00f3 el culto al dios <a href=\"https:\/\/landioustravel.com\/es\/egipto\/deidades-egipcias\/dios-amun\/\">Am\u00f3n<\/a> y levant\u00f3 la prohibici\u00f3n de otras religiones.<\/p>\n\n\n\n<h2 class=\"wp-block-heading\">La toma final<\/h2>\n\n\n\n<p>El culto de At\u00f3n dur\u00f3 otros diez a\u00f1os o m\u00e1s despu\u00e9s de la muerte del rey. El reinado de su hijo fue de tolerancia y aceptaci\u00f3n. Por lo tanto, At\u00f3n dej\u00f3 de ser el \u00fanico dios y Tutankam\u00f3n reconstruy\u00f3 los templos que su padre demoli\u00f3. Sigue siendo uno de los movimientos m\u00e1s controvertidos realizados por un rey. Sin lugar a dudas, el ascenso y la ca\u00edda de At\u00f3n nos presentan un patr\u00f3n sociopol\u00edtico interesante del antiguo Egipto. Adem\u00e1s, nos permite comprender el efecto de la religi\u00f3n en la vida de los antiguos egipcios.<\/p>\n","protected":false},"excerpt":{"rendered":"<p>La historia del dios At\u00f3n y su religi\u00f3n es uno de los aspectos m\u00e1s controvertidos y emocionantes del antiguo Egipto. Las escrituras antiguas tambi\u00e9n se refieren al dios Aten como Aton, Atony o Itn. Tambi\u00e9n hay varios aspectos interesantes en la historia del dios Aten, que se entremezcla con el fara\u00f3n Akhenaton. No se puede [&hellip;]<\/p>\n","protected":false},"author":1,"featured_media":90310,"parent":3629,"menu_order":0,"comment_status":"open","ping_status":"closed","template":"","meta":{"_coblocks_attr":"","_coblocks_dimensions":"","_coblocks_responsive_height":"","_coblocks_accordion_ie_support":"","_uag_custom_page_level_css":"","jetpack_post_was_ever_published":false,"footnotes":""},"class_list":["post-37806","page","type-page","status-publish","has-post-thumbnail","hentry"],"yoast_head":"<!-- This site is optimized with the Yoast SEO Premium plugin v26.9 (Yoast SEO v27.3) - https:\/\/yoast.com\/product\/yoast-seo-premium-wordpress\/ -->\n<title>Dios At\u00f3n - Funciones y posici\u00f3n religiosa - Landious Travel<\/title>\n<meta name=\"description\" content=\"Dios At\u00f3n No se puede entender la religi\u00f3n del dios Aten sin mencionar a Akhenaton. Fue este rey que envi\u00f3 ondas de choque de manera\" \/>\n<meta name=\"robots\" content=\"index, follow, max-snippet:-1, max-image-preview:large, max-video-preview:-1\" \/>\n<link rel=\"canonical\" href=\"https:\/\/landioustravel.com\/es\/egipto\/deidades-egipcias\/dios-aton\/\" \/>\n<meta property=\"og:locale\" content=\"es_ES\" \/>\n<meta property=\"og:type\" content=\"article\" \/>\n<meta property=\"og:title\" content=\"Dios At\u00f3n\" \/>\n<meta property=\"og:description\" content=\"Dios At\u00f3n No se puede entender la religi\u00f3n del dios Aten sin mencionar a Akhenaton. Fue este rey que envi\u00f3 ondas de choque de manera\" \/>\n<meta property=\"og:url\" content=\"https:\/\/landioustravel.com\/es\/egipto\/deidades-egipcias\/dios-aton\/\" \/>\n<meta property=\"og:site_name\" content=\"Landious Travel\" \/>\n<meta property=\"article:publisher\" content=\"https:\/\/web.facebook.com\/landiousEgypt\" \/>\n<meta property=\"article:modified_time\" content=\"2021-09-22T09:56:25+00:00\" \/>\n<meta property=\"og:image\" content=\"https:\/\/i0.wp.com\/landioustravel.com\/wp-content\/uploads\/2022\/04\/God-Aten-e1649345776560.jpg?fit=1200%2C675&ssl=1\" \/>\n\t<meta property=\"og:image:width\" content=\"1200\" \/>\n\t<meta property=\"og:image:height\" content=\"675\" \/>\n\t<meta property=\"og:image:type\" content=\"image\/jpeg\" \/>\n<meta name=\"twitter:card\" content=\"summary_large_image\" \/>\n<meta name=\"twitter:site\" content=\"@LandiousTours\" \/>\n<meta name=\"twitter:label1\" content=\"Tiempo de lectura\" \/>\n\t<meta name=\"twitter:data1\" content=\"5 minutos\" \/>\n<script type=\"application\/ld+json\" class=\"yoast-schema-graph\">{\"@context\":\"https:\\\/\\\/schema.org\",\"@graph\":[{\"@type\":\"WebPage\",\"@id\":\"https:\\\/\\\/landioustravel.com\\\/es\\\/egipto\\\/deidades-egipcias\\\/dios-aton\\\/\",\"url\":\"https:\\\/\\\/landioustravel.com\\\/es\\\/egipto\\\/deidades-egipcias\\\/dios-aton\\\/\",\"name\":\"Dios At\u00f3n - Funciones y posici\u00f3n religiosa - Landious Travel\",\"isPartOf\":{\"@id\":\"https:\\\/\\\/landioustravel.com\\\/es\\\/#website\"},\"primaryImageOfPage\":{\"@id\":\"https:\\\/\\\/landioustravel.com\\\/es\\\/egipto\\\/deidades-egipcias\\\/dios-aton\\\/#primaryimage\"},\"image\":{\"@id\":\"https:\\\/\\\/landioustravel.com\\\/es\\\/egipto\\\/deidades-egipcias\\\/dios-aton\\\/#primaryimage\"},\"thumbnailUrl\":\"https:\\\/\\\/i0.wp.com\\\/landioustravel.com\\\/wp-content\\\/uploads\\\/2022\\\/04\\\/God-Aten-e1649345776560.jpg?fit=1200%2C675&ssl=1\",\"datePublished\":\"2021-09-22T04:22:56+00:00\",\"dateModified\":\"2021-09-22T09:56:25+00:00\",\"description\":\"Dios At\u00f3n No se puede entender la religi\u00f3n del dios Aten sin mencionar a Akhenaton. Fue este rey que envi\u00f3 ondas de choque de manera\",\"breadcrumb\":{\"@id\":\"https:\\\/\\\/landioustravel.com\\\/es\\\/egipto\\\/deidades-egipcias\\\/dios-aton\\\/#breadcrumb\"},\"inLanguage\":\"es\",\"potentialAction\":[{\"@type\":\"ReadAction\",\"target\":[\"https:\\\/\\\/landioustravel.com\\\/es\\\/egipto\\\/deidades-egipcias\\\/dios-aton\\\/\"]}]},{\"@type\":\"ImageObject\",\"inLanguage\":\"es\",\"@id\":\"https:\\\/\\\/landioustravel.com\\\/es\\\/egipto\\\/deidades-egipcias\\\/dios-aton\\\/#primaryimage\",\"url\":\"https:\\\/\\\/i0.wp.com\\\/landioustravel.com\\\/wp-content\\\/uploads\\\/2022\\\/04\\\/God-Aten-e1649345776560.jpg?fit=1200%2C675&ssl=1\",\"contentUrl\":\"https:\\\/\\\/i0.wp.com\\\/landioustravel.com\\\/wp-content\\\/uploads\\\/2022\\\/04\\\/God-Aten-e1649345776560.jpg?fit=1200%2C675&ssl=1\",\"width\":1200,\"height\":675,\"caption\":\"God Aten\"},{\"@type\":\"BreadcrumbList\",\"@id\":\"https:\\\/\\\/landioustravel.com\\\/es\\\/egipto\\\/deidades-egipcias\\\/dios-aton\\\/#breadcrumb\",\"itemListElement\":[{\"@type\":\"ListItem\",\"position\":1,\"name\":\"Home\",\"item\":\"https:\\\/\\\/landioustravel.com\\\/es\\\/\"},{\"@type\":\"ListItem\",\"position\":2,\"name\":\"Egipto\",\"item\":\"https:\\\/\\\/landioustravel.com\\\/es\\\/egipto\\\/\"},{\"@type\":\"ListItem\",\"position\":3,\"name\":\"Deidades egipcias\",\"item\":\"https:\\\/\\\/landioustravel.com\\\/es\\\/egipto\\\/deidades-egipcias\\\/\"},{\"@type\":\"ListItem\",\"position\":4,\"name\":\"Dios At\u00f3n\"}]},{\"@type\":\"WebSite\",\"@id\":\"https:\\\/\\\/landioustravel.com\\\/es\\\/#website\",\"url\":\"https:\\\/\\\/landioustravel.com\\\/es\\\/\",\"name\":\"Landious Travel\",\"description\":\"Tours and Excursions in Egypt\",\"publisher\":{\"@id\":\"https:\\\/\\\/landioustravel.com\\\/es\\\/#organization\"},\"potentialAction\":[{\"@type\":\"SearchAction\",\"target\":{\"@type\":\"EntryPoint\",\"urlTemplate\":\"https:\\\/\\\/landioustravel.com\\\/es\\\/?s={search_term_string}\"},\"query-input\":{\"@type\":\"PropertyValueSpecification\",\"valueRequired\":true,\"valueName\":\"search_term_string\"}}],\"inLanguage\":\"es\"},{\"@type\":[\"Organization\",\"Place\"],\"@id\":\"https:\\\/\\\/landioustravel.com\\\/es\\\/#organization\",\"name\":\"Landious Travel\",\"alternateName\":\"Landious Travel\",\"url\":\"https:\\\/\\\/landioustravel.com\\\/es\\\/\",\"logo\":{\"@id\":\"https:\\\/\\\/landioustravel.com\\\/es\\\/egipto\\\/deidades-egipcias\\\/dios-aton\\\/#local-main-organization-logo\"},\"image\":{\"@id\":\"https:\\\/\\\/landioustravel.com\\\/es\\\/egipto\\\/deidades-egipcias\\\/dios-aton\\\/#local-main-organization-logo\"},\"sameAs\":[\"https:\\\/\\\/web.facebook.com\\\/landiousEgypt\",\"https:\\\/\\\/x.com\\\/LandiousTours\",\"https:\\\/\\\/mastodon.social\\\/@landious\"],\"legalName\":\"Landious Travel\",\"telephone\":[],\"openingHoursSpecification\":[{\"@type\":\"OpeningHoursSpecification\",\"dayOfWeek\":[\"Monday\",\"Tuesday\",\"Wednesday\",\"Thursday\",\"Friday\",\"Saturday\",\"Sunday\"],\"opens\":\"09:00\",\"closes\":\"17:00\"}]},{\"@type\":\"ImageObject\",\"inLanguage\":\"es\",\"@id\":\"https:\\\/\\\/landioustravel.com\\\/es\\\/egipto\\\/deidades-egipcias\\\/dios-aton\\\/#local-main-organization-logo\",\"url\":\"https:\\\/\\\/i0.wp.com\\\/landioustravel.com\\\/wp-content\\\/uploads\\\/2021\\\/06\\\/Landious-T.png?fit=500%2C500&ssl=1\",\"contentUrl\":\"https:\\\/\\\/i0.wp.com\\\/landioustravel.com\\\/wp-content\\\/uploads\\\/2021\\\/06\\\/Landious-T.png?fit=500%2C500&ssl=1\",\"width\":500,\"height\":500,\"caption\":\"Landious Travel\"}]}<\/script>\n<!-- \/ Yoast SEO Premium plugin. -->","yoast_head_json":{"title":"Dios At\u00f3n - Funciones y posici\u00f3n religiosa - Landious Travel","description":"Dios At\u00f3n No se puede entender la religi\u00f3n del dios Aten sin mencionar a Akhenaton. Fue este rey que envi\u00f3 ondas de choque de manera","robots":{"index":"index","follow":"follow","max-snippet":"max-snippet:-1","max-image-preview":"max-image-preview:large","max-video-preview":"max-video-preview:-1"},"canonical":"https:\/\/landioustravel.com\/es\/egipto\/deidades-egipcias\/dios-aton\/","og_locale":"es_ES","og_type":"article","og_title":"Dios At\u00f3n","og_description":"Dios At\u00f3n No se puede entender la religi\u00f3n del dios Aten sin mencionar a Akhenaton. Fue este rey que envi\u00f3 ondas de choque de manera","og_url":"https:\/\/landioustravel.com\/es\/egipto\/deidades-egipcias\/dios-aton\/","og_site_name":"Landious Travel","article_publisher":"https:\/\/web.facebook.com\/landiousEgypt","article_modified_time":"2021-09-22T09:56:25+00:00","og_image":[{"width":1200,"height":675,"url":"https:\/\/i0.wp.com\/landioustravel.com\/wp-content\/uploads\/2022\/04\/God-Aten-e1649345776560.jpg?fit=1200%2C675&ssl=1","type":"image\/jpeg"}],"twitter_card":"summary_large_image","twitter_site":"@LandiousTours","twitter_misc":{"Tiempo de lectura":"5 minutos"},"schema":{"@context":"https:\/\/schema.org","@graph":[{"@type":"WebPage","@id":"https:\/\/landioustravel.com\/es\/egipto\/deidades-egipcias\/dios-aton\/","url":"https:\/\/landioustravel.com\/es\/egipto\/deidades-egipcias\/dios-aton\/","name":"Dios At\u00f3n - Funciones y posici\u00f3n religiosa - Landious Travel","isPartOf":{"@id":"https:\/\/landioustravel.com\/es\/#website"},"primaryImageOfPage":{"@id":"https:\/\/landioustravel.com\/es\/egipto\/deidades-egipcias\/dios-aton\/#primaryimage"},"image":{"@id":"https:\/\/landioustravel.com\/es\/egipto\/deidades-egipcias\/dios-aton\/#primaryimage"},"thumbnailUrl":"https:\/\/i0.wp.com\/landioustravel.com\/wp-content\/uploads\/2022\/04\/God-Aten-e1649345776560.jpg?fit=1200%2C675&ssl=1","datePublished":"2021-09-22T04:22:56+00:00","dateModified":"2021-09-22T09:56:25+00:00","description":"Dios At\u00f3n No se puede entender la religi\u00f3n del dios Aten sin mencionar a Akhenaton. Fue este rey que envi\u00f3 ondas de choque de manera","breadcrumb":{"@id":"https:\/\/landioustravel.com\/es\/egipto\/deidades-egipcias\/dios-aton\/#breadcrumb"},"inLanguage":"es","potentialAction":[{"@type":"ReadAction","target":["https:\/\/landioustravel.com\/es\/egipto\/deidades-egipcias\/dios-aton\/"]}]},{"@type":"ImageObject","inLanguage":"es","@id":"https:\/\/landioustravel.com\/es\/egipto\/deidades-egipcias\/dios-aton\/#primaryimage","url":"https:\/\/i0.wp.com\/landioustravel.com\/wp-content\/uploads\/2022\/04\/God-Aten-e1649345776560.jpg?fit=1200%2C675&ssl=1","contentUrl":"https:\/\/i0.wp.com\/landioustravel.com\/wp-content\/uploads\/2022\/04\/God-Aten-e1649345776560.jpg?fit=1200%2C675&ssl=1","width":1200,"height":675,"caption":"God Aten"},{"@type":"BreadcrumbList","@id":"https:\/\/landioustravel.com\/es\/egipto\/deidades-egipcias\/dios-aton\/#breadcrumb","itemListElement":[{"@type":"ListItem","position":1,"name":"Home","item":"https:\/\/landioustravel.com\/es\/"},{"@type":"ListItem","position":2,"name":"Egipto","item":"https:\/\/landioustravel.com\/es\/egipto\/"},{"@type":"ListItem","position":3,"name":"Deidades egipcias","item":"https:\/\/landioustravel.com\/es\/egipto\/deidades-egipcias\/"},{"@type":"ListItem","position":4,"name":"Dios At\u00f3n"}]},{"@type":"WebSite","@id":"https:\/\/landioustravel.com\/es\/#website","url":"https:\/\/landioustravel.com\/es\/","name":"Landious Travel","description":"Tours and Excursions in Egypt","publisher":{"@id":"https:\/\/landioustravel.com\/es\/#organization"},"potentialAction":[{"@type":"SearchAction","target":{"@type":"EntryPoint","urlTemplate":"https:\/\/landioustravel.com\/es\/?s={search_term_string}"},"query-input":{"@type":"PropertyValueSpecification","valueRequired":true,"valueName":"search_term_string"}}],"inLanguage":"es"},{"@type":["Organization","Place"],"@id":"https:\/\/landioustravel.com\/es\/#organization","name":"Landious Travel","alternateName":"Landious Travel","url":"https:\/\/landioustravel.com\/es\/","logo":{"@id":"https:\/\/landioustravel.com\/es\/egipto\/deidades-egipcias\/dios-aton\/#local-main-organization-logo"},"image":{"@id":"https:\/\/landioustravel.com\/es\/egipto\/deidades-egipcias\/dios-aton\/#local-main-organization-logo"},"sameAs":["https:\/\/web.facebook.com\/landiousEgypt","https:\/\/x.com\/LandiousTours","https:\/\/mastodon.social\/@landious"],"legalName":"Landious Travel","telephone":[],"openingHoursSpecification":[{"@type":"OpeningHoursSpecification","dayOfWeek":["Monday","Tuesday","Wednesday","Thursday","Friday","Saturday","Sunday"],"opens":"09:00","closes":"17:00"}]},{"@type":"ImageObject","inLanguage":"es","@id":"https:\/\/landioustravel.com\/es\/egipto\/deidades-egipcias\/dios-aton\/#local-main-organization-logo","url":"https:\/\/i0.wp.com\/landioustravel.com\/wp-content\/uploads\/2021\/06\/Landious-T.png?fit=500%2C500&ssl=1","contentUrl":"https:\/\/i0.wp.com\/landioustravel.com\/wp-content\/uploads\/2021\/06\/Landious-T.png?fit=500%2C500&ssl=1","width":500,"height":500,"caption":"Landious Travel"}]}},"uagb_featured_image_src":{"full":["https:\/\/i0.wp.com\/landioustravel.com\/wp-content\/uploads\/2022\/04\/God-Aten-e1649345776560.jpg?fit=1200%2C675&ssl=1",1200,675,false],"thumbnail":["https:\/\/i0.wp.com\/landioustravel.com\/wp-content\/uploads\/2022\/04\/God-Aten-e1649345776560.jpg?resize=150%2C150&ssl=1",150,150,true],"medium":["https:\/\/i0.wp.com\/landioustravel.com\/wp-content\/uploads\/2022\/04\/God-Aten-e1649345776560.jpg?fit=300%2C169&ssl=1",300,169,true],"medium_large":["https:\/\/i0.wp.com\/landioustravel.com\/wp-content\/uploads\/2022\/04\/God-Aten-e1649345776560.jpg?fit=768%2C432&ssl=1",768,432,true],"large":["https:\/\/i0.wp.com\/landioustravel.com\/wp-content\/uploads\/2022\/04\/God-Aten-e1649345776560.jpg?fit=980%2C551&ssl=1",980,551,true],"1536x1536":["https:\/\/i0.wp.com\/landioustravel.com\/wp-content\/uploads\/2022\/04\/God-Aten-e1649345776560.jpg?fit=1536%2C962&ssl=1",1536,962,true],"2048x2048":["https:\/\/i0.wp.com\/landioustravel.com\/wp-content\/uploads\/2022\/04\/God-Aten-e1649345776560.jpg?fit=1200%2C675&ssl=1",1200,675,true],"newspack-article-block-landscape-large":["https:\/\/i0.wp.com\/landioustravel.com\/wp-content\/uploads\/2022\/04\/God-Aten-e1649345776560.jpg?resize=1200%2C675&ssl=1",1200,675,true],"newspack-article-block-portrait-large":["https:\/\/i0.wp.com\/landioustravel.com\/wp-content\/uploads\/2022\/04\/God-Aten-e1649345776560.jpg?resize=900%2C675&ssl=1",900,675,true],"newspack-article-block-square-large":["https:\/\/i0.wp.com\/landioustravel.com\/wp-content\/uploads\/2022\/04\/God-Aten-e1649345776560.jpg?resize=1200%2C675&ssl=1",1200,675,true],"newspack-article-block-landscape-medium":["https:\/\/i0.wp.com\/landioustravel.com\/wp-content\/uploads\/2022\/04\/God-Aten-e1649345776560.jpg?resize=800%2C600&ssl=1",800,600,true],"newspack-article-block-portrait-medium":["https:\/\/i0.wp.com\/landioustravel.com\/wp-content\/uploads\/2022\/04\/God-Aten-e1649345776560.jpg?resize=600%2C675&ssl=1",600,675,true],"newspack-article-block-square-medium":["https:\/\/i0.wp.com\/landioustravel.com\/wp-content\/uploads\/2022\/04\/God-Aten-e1649345776560.jpg?resize=800%2C675&ssl=1",800,675,true],"newspack-article-block-landscape-intermediate":["https:\/\/i0.wp.com\/landioustravel.com\/wp-content\/uploads\/2022\/04\/God-Aten-e1649345776560.jpg?resize=600%2C450&ssl=1",600,450,true],"newspack-article-block-portrait-intermediate":["https:\/\/i0.wp.com\/landioustravel.com\/wp-content\/uploads\/2022\/04\/God-Aten-e1649345776560.jpg?resize=450%2C600&ssl=1",450,600,true],"newspack-article-block-square-intermediate":["https:\/\/i0.wp.com\/landioustravel.com\/wp-content\/uploads\/2022\/04\/God-Aten-e1649345776560.jpg?resize=600%2C600&ssl=1",600,600,true],"newspack-article-block-landscape-small":["https:\/\/i0.wp.com\/landioustravel.com\/wp-content\/uploads\/2022\/04\/God-Aten-e1649345776560.jpg?resize=400%2C300&ssl=1",400,300,true],"newspack-article-block-portrait-small":["https:\/\/i0.wp.com\/landioustravel.com\/wp-content\/uploads\/2022\/04\/God-Aten-e1649345776560.jpg?resize=300%2C400&ssl=1",300,400,true],"newspack-article-block-square-small":["https:\/\/i0.wp.com\/landioustravel.com\/wp-content\/uploads\/2022\/04\/God-Aten-e1649345776560.jpg?resize=400%2C400&ssl=1",400,400,true],"newspack-article-block-landscape-tiny":["https:\/\/i0.wp.com\/landioustravel.com\/wp-content\/uploads\/2022\/04\/God-Aten-e1649345776560.jpg?resize=200%2C150&ssl=1",200,150,true],"newspack-article-block-portrait-tiny":["https:\/\/i0.wp.com\/landioustravel.com\/wp-content\/uploads\/2022\/04\/God-Aten-e1649345776560.jpg?resize=150%2C200&ssl=1",150,200,true],"newspack-article-block-square-tiny":["https:\/\/i0.wp.com\/landioustravel.com\/wp-content\/uploads\/2022\/04\/God-Aten-e1649345776560.jpg?resize=200%2C200&ssl=1",200,200,true],"newspack-article-block-uncropped":["https:\/\/i0.wp.com\/landioustravel.com\/wp-content\/uploads\/2022\/04\/God-Aten-e1649345776560.jpg?fit=1200%2C675&ssl=1",1200,675,true],"woocommerce_thumbnail":["https:\/\/i0.wp.com\/landioustravel.com\/wp-content\/uploads\/2022\/04\/God-Aten-e1649345776560.jpg?resize=324%2C324&ssl=1",324,324,true],"woocommerce_single":["https:\/\/i0.wp.com\/landioustravel.com\/wp-content\/uploads\/2022\/04\/God-Aten-e1649345776560.jpg?fit=416%2C234&ssl=1",416,234,true],"woocommerce_gallery_thumbnail":["https:\/\/i0.wp.com\/landioustravel.com\/wp-content\/uploads\/2022\/04\/God-Aten-e1649345776560.jpg?resize=100%2C100&ssl=1",100,100,true]},"uagb_author_info":{"display_name":"Mofreh Landious","author_link":"https:\/\/landioustravel.com\/es\/author\/landious\/"},"uagb_comment_info":0,"uagb_excerpt":"La historia del dios At\u00f3n y su religi\u00f3n es uno de los aspectos m\u00e1s controvertidos y emocionantes del antiguo Egipto. Las escrituras antiguas tambi\u00e9n se refieren al dios Aten como Aton, Atony o Itn. Tambi\u00e9n hay varios aspectos interesantes en la historia del dios Aten, que se entremezcla con el fara\u00f3n Akhenaton. No se puede&hellip;","jetpack_sharing_enabled":true,"jetpack_shortlink":"https:\/\/wp.me\/Par4r5-9PM","jetpack_likes_enabled":true,"amp_enabled":true,"_links":{"self":[{"href":"https:\/\/landioustravel.com\/es\/wp-json\/wp\/v2\/pages\/37806","targetHints":{"allow":["GET"]}}],"collection":[{"href":"https:\/\/landioustravel.com\/es\/wp-json\/wp\/v2\/pages"}],"about":[{"href":"https:\/\/landioustravel.com\/es\/wp-json\/wp\/v2\/types\/page"}],"author":[{"embeddable":true,"href":"https:\/\/landioustravel.com\/es\/wp-json\/wp\/v2\/users\/1"}],"replies":[{"embeddable":true,"href":"https:\/\/landioustravel.com\/es\/wp-json\/wp\/v2\/comments?post=37806"}],"version-history":[{"count":0,"href":"https:\/\/landioustravel.com\/es\/wp-json\/wp\/v2\/pages\/37806\/revisions"}],"up":[{"embeddable":true,"href":"https:\/\/landioustravel.com\/es\/wp-json\/wp\/v2\/pages\/3629"}],"wp:featuredmedia":[{"embeddable":true,"href":"https:\/\/landioustravel.com\/es\/wp-json\/wp\/v2\/media\/90310"}],"wp:attachment":[{"href":"https:\/\/landioustravel.com\/es\/wp-json\/wp\/v2\/media?parent=37806"}],"curies":[{"name":"wp","href":"https:\/\/api.w.org\/{rel}","templated":true}]}}