{"id":37992,"date":"2021-09-24T17:25:59","date_gmt":"2021-09-24T15:25:59","guid":{"rendered":"https:\/\/landioustravel.com\/?page_id=37992"},"modified":"2021-09-25T09:52:18","modified_gmt":"2021-09-25T07:52:18","slug":"diosa-bastet","status":"publish","type":"page","link":"https:\/\/landioustravel.com\/es\/egipto\/deidades-egipcias\/diosa-bastet\/","title":{"rendered":"Diosa Bastet"},"content":{"rendered":"\n<p>Los antiguos egipcios consideraban a la diosa Bastet la protectora de las mujeres, el hogar, la vida dom\u00e9stica, los gatos, el placer y la buena salud. Ella protegi\u00f3 a los hogares contra los esp\u00edritus malignos y las enfermedades que pueden afectar a mujeres o ni\u00f1os. Como otras <a href=\"https:\/\/landioustravel.com\/es\/egipto\/deidades-egipcias\/\">deidades antiguas<\/a>, la diosa tambi\u00e9n tuvo un papel esencial en la otra vida.<\/p>\n\n\n\n<p>Los roles y representaciones de dioses y diosas han cambiado a lo largo de la <a href=\"https:\/\/landioustravel.com\/es\/egipto\/historia-egipto\/historia-egipcia-antigua\/\">historia del antiguo Egipt<\/a>o. Un buen ejemplo de este fen\u00f3meno es la diosa Bastet. Inicialmente, la mitolog\u00eda asocia a la diosa con <a href=\"https:\/\/landioustravel.com\/es\/egipto\/deidades-egipcias\/dios-ra\/\">Ra<\/a> y el concepto del Ojo de Ra. Sin embargo, con el tiempo sus roles cambiaron y su imagen se volvi\u00f3 m\u00e1s domesticada. M\u00e1s tarde, los antiguos egipcios la consideraron la protectora de la familia y el hogar de todos.<\/p>\n\n\n\n<h2 class=\"wp-block-heading\" id=\"h-el-significado-del-nombre-de-bastet\">El significado del nombre de Bastet<\/h2>\n\n\n\n<p>Seg\u00fan los textos antiguos, el nombre original de la diosa era B&#8217;stt. M\u00e1s tarde se convirti\u00f3 en Ubaste y luego en Bast. El significado real del nombre de la diosa sigue siendo un misterio hasta la fecha. Stephen Quirke, profesor de religi\u00f3n del Antiguo Egipto, define el nombre de Bastet como \u00abLa del tarro de ung\u00fcento\u00bb.<\/p>\n\n\n\n<p>El egipt\u00f3logo podr\u00eda explicar esto observando que los escribas escribieron el nombre de la diosa con el jerogl\u00edfico usado para el frasco de ung\u00fcento. Adem\u00e1s, los egipcios tambi\u00e9n asociaron Bastet con ung\u00fcentos protectores, entre otras cosas.<\/p>\n\n\n\n<p>Los griegos vincularon estrechamente a la diosa con su diosa Artemisa. Tambi\u00e9n asociaron a Apolo con <a href=\"https:\/\/landioustravel.com\/es\/egipto\/deidades-egipcias\/dios-horus\/\">Horus<\/a>, el hijo de <a href=\"https:\/\/landioustravel.com\/es\/egipto\/deidades-egipcias\/diosa-isis\/\">Isis<\/a>. Por lo tanto, llamaron a la diosa Bast \u00abBa\u2019Aset\u00bb o Alma de Isis. Ser\u00eda la traducci\u00f3n literal de su nombre, ya que \u00abAset\u00bb es uno de los nombres egipcios de Isis. Aqu\u00ed, la adici\u00f3n de una \u00abT\u00bb adicional denota feminidad.<\/p>\n\n\n\n<p>Adem\u00e1s, los textos tambi\u00e9n vinculan a Bastet con Nefertum, el dios del dulce perfume y el olfato. Mucha gente consideraba a Nefertum como el hijo de Bastet, que adem\u00e1s asocia su nombre al frasco de ung\u00fcento. Los historiadores quiz\u00e1s puedan decir que inicialmente, su nombre se parec\u00eda a algo as\u00ed como Ella del tarro de ung\u00fcento. Sin embargo, m\u00e1s tarde, los griegos cambiaron su nombre por el de Alma de Isis. Hicieron esto para asociarla m\u00e1s estrechamente con Isis, la diosa m\u00e1s popular de <a href=\"https:\/\/landioustravel.com\/es\/egipto\/\">Egipto<\/a>.<\/p>\n\n\n\n<h2 class=\"wp-block-heading\">Representaci\u00f3n<\/h2>\n\n\n\n<p>Inicialmente, las im\u00e1genes representan a Bastet como una mujer con cabeza de leona. Se parec\u00eda mucho a las im\u00e1genes de la diosa <a href=\"https:\/\/landioustravel.com\/es\/egipto\/deidades-egipcias\/diosa-sejmet\/\">Sejmet<\/a>. Sin embargo, con el tiempo, la iconograf\u00eda de Sekhmet la describi\u00f3 como cada vez m\u00e1s agresiva. Por el contrario, las im\u00e1genes de Bastet se suavizaron con el tiempo para representar un compa\u00f1ero m\u00e1s amable y un ayudante diario que sus formas anteriores de vengador.<\/p>\n\n\n\n<p>Durante el Tercer Per\u00edodo Intermedio de Egipto, la gente comenz\u00f3 a representar a la diosa como un gato domesticado o una mujer con cabeza de gato. Los escribas del Reino Nuevo asociaron un sufijo femenino con su nombre para enfatizar la pronunciaci\u00f3n de la T.<\/p>\n\n\n\n<p>Los antiguos egipcios veneraban y amaban a los gatos. En parte se debi\u00f3 a su capacidad para deshacerse de ratas, ratones y serpientes que amenazan los cultivos y los hogares. Los due\u00f1os reales que pose\u00edan gatos los vest\u00edan de oro y les permit\u00edan comer de sus platos.<\/p>\n\n\n\n<p>Los historiadores predicen que durante la dinast\u00eda XXII en adelante, el culto a Bastet cambi\u00f3. Se convirti\u00f3 de una deidad le\u00f3n a un dios gato mayoritariamente. Dado que la gente ve\u00eda a los gatos como tiernos y cari\u00f1osos con sus hijos, tambi\u00e9n consideraban a Bastet una buena madre. Las im\u00e1genes a menudo la representan con numerosos gatitos.<\/p>\n\n\n\n<p>A partir de los Textos de las Pir\u00e1mides, se puede observar que la gente le dio a Bastet otro aspecto y su aterradora forma de vengador. Este aspecto era de una madre cari\u00f1osa y protectora gentil. Por el contrario, los Textos del ata\u00fad y el Libro de los muertos hablan de la parte demon\u00edaca de Bastet. Los \u00abmataderos de Bastet\u00bb infligieron desastres a la humanidad como una plaga. Por lo tanto, se puede decir que la gente amaba mucho pero al mismo tiempo tem\u00eda por igual a Bastet. Sus t\u00edtulos como The Lady of Dread y The Lady of Slaughter demuestran su naturaleza agresiva anterior.<\/p>\n\n\n\n<h2 class=\"wp-block-heading\">El papel de Bastet en la religi\u00f3n<\/h2>\n\n\n\n<p>Los textos del tercer milenio a. C. describen a Bastet como una leona vengativa del Bajo Egipto. Los Textos de las Pir\u00e1mides la asocian con el rey de Egipto como su ni\u00f1era y protectora. M\u00e1s tarde, en los textos de Coffin, Bastet retuvo ese papel y tuvo la funci\u00f3n adicional de proteger a los muertos.<\/p>\n\n\n\n<p>Las vasijas de piedra de la II dinast\u00eda representan a Bastet como una mujer con una cabeza de le\u00f3n llena de melena. Sin embargo, la iconograf\u00eda de la diosa cambi\u00f3 cuando la gente comenz\u00f3 a ver su naturaleza como m\u00e1s suave que una deidad leona. Bastet gan\u00f3 popularidad en todo Egipto y su centro de culto <a href=\"https:\/\/www.google.com\/maps\/place\/Tell+Basta\/@30.5704018,31.5126866,17z\/data=!3m1!4b1!4m5!3m4!1s0x14f7f0e7c4e52bbb:0x4239dc7e03f514f6!8m2!3d30.5704018!4d31.5148753\" target=\"_blank\" rel=\"noreferrer noopener\">Bubastis<\/a>, ubicado en el Bajo Egipto, se convirti\u00f3 en una de las ciudades m\u00e1s ricas de Egipto.<\/p>\n\n\n\n<p>Bubastis se convirti\u00f3 en un centro de riqueza y lujo cuando personas de todo el pa\u00eds visitaron la ciudad para presentarle sus respetos a Bastet. Tambi\u00e9n hicieron enterrar a sus amados gatos muertos en la ciudad. El arte egipcio toma prestada la iconograf\u00eda de Bastet de la diosa Mafder y <a href=\"https:\/\/landioustravel.com\/es\/egipto\/deidades-egipcias\/diosa-hathor\/\">Hathor<\/a>, una diosa vinculada a Sekhmet.<\/p>\n\n\n\n<p>Uno puede ver las estatuas de Bastet sosteniendo un sistro, un instrumento musical, en su mano para comprender el v\u00ednculo claro de la diosa con Hathor, quien tradicionalmente llevaba el sistro. Hathor fue otra diosa que se transform\u00f3 de ser representada como una destructora a un dios gentil y m\u00e1s suave.<\/p>\n\n\n\n<h2 class=\"wp-block-heading\">La adoraci\u00f3n de la diosa Bastet<\/h2>\n\n\n\n<p>Bubastis fue el centro del culto de Bastet. La gente adoraba principalmente a Bastet aqu\u00ed, pero ella todav\u00eda ocupaba un puesto en Saqqara y en otros lugares. Su popularidad aument\u00f3 y, en el Per\u00edodo Tard\u00edo y la \u00e9poca grecorromana, disfrut\u00f3 de un estatus supremo. Actualmente, solo quedan en la ciudad los contornos del templo de Bastet. Sin embargo, Herodoto visit\u00f3 el sitio y se maravill\u00f3 de la magnificencia del palacio.<\/p>\n\n\n\n<p>Herodoto sigue siendo una fuente principal de informaci\u00f3n sobre el culto de Bastet. Sin embargo, no profundiza en los detalles de su adoraci\u00f3n. Los historiadores descubrieron que tanto hombres como mujeres serv\u00edan como su clero. Su templo en Bubastis brindaba varios servicios que inclu\u00edan atenci\u00f3n m\u00e9dica, distribuci\u00f3n de alimentos y asesoramiento.<\/p>\n\n\n\n<p>La ciudad celebr\u00f3 la gran fiesta de Bastet, donde gente de todo Egipto se reuni\u00f3 para asistir a uno de los eventos m\u00e1s fastuosos del a\u00f1o. Durante este festival del antiguo Egipto, las mujeres se sintieron libres de restricciones. Pod\u00edan celebrar a la diosa bebiendo, bailando y haciendo m\u00fasica. La celebraci\u00f3n de Bastet fue un momento para que la gente dejara de lado sus inhibiciones y se divirtiera.<\/p>\n\n\n\n<h2 class=\"wp-block-heading\">Conclusi\u00f3n<\/h2>\n\n\n\n<p>La popularidad de Bastet creci\u00f3 con el tiempo como protector de las mujeres y los hogares. Adem\u00e1s, tambi\u00e9n era popular entre los hombres que ten\u00edan esposas, novias, hijas o cualquiera que estuviera bajo la protecci\u00f3n de la diosa. Hasta la fecha, Bastet sigue siendo una figura popular y tiene m\u00faltiples referencias en la cultura pop actual.<\/p>\n","protected":false},"excerpt":{"rendered":"<p>Los antiguos egipcios consideraban a la diosa Bastet la protectora de las mujeres, el hogar, la vida dom\u00e9stica, los gatos, el placer y la buena salud. Ella protegi\u00f3 a los hogares contra los esp\u00edritus malignos y las enfermedades que pueden afectar a mujeres o ni\u00f1os. Como otras deidades antiguas, la diosa tambi\u00e9n tuvo un papel [&hellip;]<\/p>\n","protected":false},"author":1,"featured_media":0,"parent":3629,"menu_order":0,"comment_status":"open","ping_status":"closed","template":"","meta":{"_coblocks_attr":"","_coblocks_dimensions":"","_coblocks_responsive_height":"","_coblocks_accordion_ie_support":"","_uag_custom_page_level_css":"","jetpack_post_was_ever_published":false,"footnotes":""},"class_list":["post-37992","page","type-page","status-publish","hentry"],"yoast_head":"<!-- This site is optimized with the Yoast SEO Premium plugin v26.9 (Yoast SEO v27.3) - https:\/\/yoast.com\/product\/yoast-seo-premium-wordpress\/ -->\n<title>Diosa Bastet - Papel de Bastet en la religi\u00f3n - Landious Travel<\/title>\n<meta name=\"description\" content=\"Diosa Bastet Los antiguos egipcios consideraban a la diosa Bastet la protectora de las mujeres, el hogar, la vida dom\u00e9stica, los gatos, el\" \/>\n<meta name=\"robots\" content=\"index, follow, max-snippet:-1, max-image-preview:large, max-video-preview:-1\" \/>\n<link rel=\"canonical\" href=\"https:\/\/landioustravel.com\/es\/egipto\/deidades-egipcias\/diosa-bastet\/\" \/>\n<meta property=\"og:locale\" content=\"es_ES\" \/>\n<meta property=\"og:type\" content=\"article\" \/>\n<meta property=\"og:title\" content=\"Diosa Bastet\" \/>\n<meta property=\"og:description\" content=\"Diosa Bastet Los antiguos egipcios consideraban a la diosa Bastet la protectora de las mujeres, el hogar, la vida dom\u00e9stica, los gatos, el\" \/>\n<meta property=\"og:url\" content=\"https:\/\/landioustravel.com\/es\/egipto\/deidades-egipcias\/diosa-bastet\/\" \/>\n<meta property=\"og:site_name\" content=\"Landious Travel\" \/>\n<meta property=\"article:publisher\" content=\"https:\/\/web.facebook.com\/landiousEgypt\" \/>\n<meta property=\"article:modified_time\" content=\"2021-09-25T07:52:18+00:00\" \/>\n<meta name=\"twitter:card\" content=\"summary_large_image\" \/>\n<meta name=\"twitter:site\" content=\"@LandiousTours\" \/>\n<meta name=\"twitter:label1\" content=\"Tiempo de lectura\" \/>\n\t<meta name=\"twitter:data1\" content=\"6 minutos\" \/>\n<script type=\"application\/ld+json\" class=\"yoast-schema-graph\">{\"@context\":\"https:\\\/\\\/schema.org\",\"@graph\":[{\"@type\":\"WebPage\",\"@id\":\"https:\\\/\\\/landioustravel.com\\\/es\\\/egipto\\\/deidades-egipcias\\\/diosa-bastet\\\/\",\"url\":\"https:\\\/\\\/landioustravel.com\\\/es\\\/egipto\\\/deidades-egipcias\\\/diosa-bastet\\\/\",\"name\":\"Diosa Bastet - Papel de Bastet en la religi\u00f3n - Landious Travel\",\"isPartOf\":{\"@id\":\"https:\\\/\\\/landioustravel.com\\\/es\\\/#website\"},\"datePublished\":\"2021-09-24T15:25:59+00:00\",\"dateModified\":\"2021-09-25T07:52:18+00:00\",\"description\":\"Diosa Bastet Los antiguos egipcios consideraban a la diosa Bastet la protectora de las mujeres, el hogar, la vida dom\u00e9stica, los gatos, el\",\"breadcrumb\":{\"@id\":\"https:\\\/\\\/landioustravel.com\\\/es\\\/egipto\\\/deidades-egipcias\\\/diosa-bastet\\\/#breadcrumb\"},\"inLanguage\":\"es\",\"potentialAction\":[{\"@type\":\"ReadAction\",\"target\":[\"https:\\\/\\\/landioustravel.com\\\/es\\\/egipto\\\/deidades-egipcias\\\/diosa-bastet\\\/\"]}]},{\"@type\":\"BreadcrumbList\",\"@id\":\"https:\\\/\\\/landioustravel.com\\\/es\\\/egipto\\\/deidades-egipcias\\\/diosa-bastet\\\/#breadcrumb\",\"itemListElement\":[{\"@type\":\"ListItem\",\"position\":1,\"name\":\"Home\",\"item\":\"https:\\\/\\\/landioustravel.com\\\/es\\\/\"},{\"@type\":\"ListItem\",\"position\":2,\"name\":\"Egipto\",\"item\":\"https:\\\/\\\/landioustravel.com\\\/es\\\/egipto\\\/\"},{\"@type\":\"ListItem\",\"position\":3,\"name\":\"Deidades egipcias\",\"item\":\"https:\\\/\\\/landioustravel.com\\\/es\\\/egipto\\\/deidades-egipcias\\\/\"},{\"@type\":\"ListItem\",\"position\":4,\"name\":\"Diosa Bastet\"}]},{\"@type\":\"WebSite\",\"@id\":\"https:\\\/\\\/landioustravel.com\\\/es\\\/#website\",\"url\":\"https:\\\/\\\/landioustravel.com\\\/es\\\/\",\"name\":\"Landious Travel\",\"description\":\"Tours and Excursions in Egypt\",\"publisher\":{\"@id\":\"https:\\\/\\\/landioustravel.com\\\/es\\\/#organization\"},\"potentialAction\":[{\"@type\":\"SearchAction\",\"target\":{\"@type\":\"EntryPoint\",\"urlTemplate\":\"https:\\\/\\\/landioustravel.com\\\/es\\\/?s={search_term_string}\"},\"query-input\":{\"@type\":\"PropertyValueSpecification\",\"valueRequired\":true,\"valueName\":\"search_term_string\"}}],\"inLanguage\":\"es\"},{\"@type\":[\"Organization\",\"Place\"],\"@id\":\"https:\\\/\\\/landioustravel.com\\\/es\\\/#organization\",\"name\":\"Landious Travel\",\"alternateName\":\"Landious Travel\",\"url\":\"https:\\\/\\\/landioustravel.com\\\/es\\\/\",\"logo\":{\"@id\":\"https:\\\/\\\/landioustravel.com\\\/es\\\/egipto\\\/deidades-egipcias\\\/diosa-bastet\\\/#local-main-organization-logo\"},\"image\":{\"@id\":\"https:\\\/\\\/landioustravel.com\\\/es\\\/egipto\\\/deidades-egipcias\\\/diosa-bastet\\\/#local-main-organization-logo\"},\"sameAs\":[\"https:\\\/\\\/web.facebook.com\\\/landiousEgypt\",\"https:\\\/\\\/x.com\\\/LandiousTours\",\"https:\\\/\\\/mastodon.social\\\/@landious\"],\"legalName\":\"Landious Travel\",\"telephone\":[],\"openingHoursSpecification\":[{\"@type\":\"OpeningHoursSpecification\",\"dayOfWeek\":[\"Monday\",\"Tuesday\",\"Wednesday\",\"Thursday\",\"Friday\",\"Saturday\",\"Sunday\"],\"opens\":\"09:00\",\"closes\":\"17:00\"}]},{\"@type\":\"ImageObject\",\"inLanguage\":\"es\",\"@id\":\"https:\\\/\\\/landioustravel.com\\\/es\\\/egipto\\\/deidades-egipcias\\\/diosa-bastet\\\/#local-main-organization-logo\",\"url\":\"https:\\\/\\\/i0.wp.com\\\/landioustravel.com\\\/wp-content\\\/uploads\\\/2021\\\/06\\\/Landious-T.png?fit=500%2C500&ssl=1\",\"contentUrl\":\"https:\\\/\\\/i0.wp.com\\\/landioustravel.com\\\/wp-content\\\/uploads\\\/2021\\\/06\\\/Landious-T.png?fit=500%2C500&ssl=1\",\"width\":500,\"height\":500,\"caption\":\"Landious Travel\"}]}<\/script>\n<!-- \/ Yoast SEO Premium plugin. -->","yoast_head_json":{"title":"Diosa Bastet - Papel de Bastet en la religi\u00f3n - Landious Travel","description":"Diosa Bastet Los antiguos egipcios consideraban a la diosa Bastet la protectora de las mujeres, el hogar, la vida dom\u00e9stica, los gatos, el","robots":{"index":"index","follow":"follow","max-snippet":"max-snippet:-1","max-image-preview":"max-image-preview:large","max-video-preview":"max-video-preview:-1"},"canonical":"https:\/\/landioustravel.com\/es\/egipto\/deidades-egipcias\/diosa-bastet\/","og_locale":"es_ES","og_type":"article","og_title":"Diosa Bastet","og_description":"Diosa Bastet Los antiguos egipcios consideraban a la diosa Bastet la protectora de las mujeres, el hogar, la vida dom\u00e9stica, los gatos, el","og_url":"https:\/\/landioustravel.com\/es\/egipto\/deidades-egipcias\/diosa-bastet\/","og_site_name":"Landious Travel","article_publisher":"https:\/\/web.facebook.com\/landiousEgypt","article_modified_time":"2021-09-25T07:52:18+00:00","twitter_card":"summary_large_image","twitter_site":"@LandiousTours","twitter_misc":{"Tiempo de lectura":"6 minutos"},"schema":{"@context":"https:\/\/schema.org","@graph":[{"@type":"WebPage","@id":"https:\/\/landioustravel.com\/es\/egipto\/deidades-egipcias\/diosa-bastet\/","url":"https:\/\/landioustravel.com\/es\/egipto\/deidades-egipcias\/diosa-bastet\/","name":"Diosa Bastet - Papel de Bastet en la religi\u00f3n - Landious Travel","isPartOf":{"@id":"https:\/\/landioustravel.com\/es\/#website"},"datePublished":"2021-09-24T15:25:59+00:00","dateModified":"2021-09-25T07:52:18+00:00","description":"Diosa Bastet Los antiguos egipcios consideraban a la diosa Bastet la protectora de las mujeres, el hogar, la vida dom\u00e9stica, los gatos, el","breadcrumb":{"@id":"https:\/\/landioustravel.com\/es\/egipto\/deidades-egipcias\/diosa-bastet\/#breadcrumb"},"inLanguage":"es","potentialAction":[{"@type":"ReadAction","target":["https:\/\/landioustravel.com\/es\/egipto\/deidades-egipcias\/diosa-bastet\/"]}]},{"@type":"BreadcrumbList","@id":"https:\/\/landioustravel.com\/es\/egipto\/deidades-egipcias\/diosa-bastet\/#breadcrumb","itemListElement":[{"@type":"ListItem","position":1,"name":"Home","item":"https:\/\/landioustravel.com\/es\/"},{"@type":"ListItem","position":2,"name":"Egipto","item":"https:\/\/landioustravel.com\/es\/egipto\/"},{"@type":"ListItem","position":3,"name":"Deidades egipcias","item":"https:\/\/landioustravel.com\/es\/egipto\/deidades-egipcias\/"},{"@type":"ListItem","position":4,"name":"Diosa Bastet"}]},{"@type":"WebSite","@id":"https:\/\/landioustravel.com\/es\/#website","url":"https:\/\/landioustravel.com\/es\/","name":"Landious Travel","description":"Tours and Excursions in Egypt","publisher":{"@id":"https:\/\/landioustravel.com\/es\/#organization"},"potentialAction":[{"@type":"SearchAction","target":{"@type":"EntryPoint","urlTemplate":"https:\/\/landioustravel.com\/es\/?s={search_term_string}"},"query-input":{"@type":"PropertyValueSpecification","valueRequired":true,"valueName":"search_term_string"}}],"inLanguage":"es"},{"@type":["Organization","Place"],"@id":"https:\/\/landioustravel.com\/es\/#organization","name":"Landious Travel","alternateName":"Landious Travel","url":"https:\/\/landioustravel.com\/es\/","logo":{"@id":"https:\/\/landioustravel.com\/es\/egipto\/deidades-egipcias\/diosa-bastet\/#local-main-organization-logo"},"image":{"@id":"https:\/\/landioustravel.com\/es\/egipto\/deidades-egipcias\/diosa-bastet\/#local-main-organization-logo"},"sameAs":["https:\/\/web.facebook.com\/landiousEgypt","https:\/\/x.com\/LandiousTours","https:\/\/mastodon.social\/@landious"],"legalName":"Landious Travel","telephone":[],"openingHoursSpecification":[{"@type":"OpeningHoursSpecification","dayOfWeek":["Monday","Tuesday","Wednesday","Thursday","Friday","Saturday","Sunday"],"opens":"09:00","closes":"17:00"}]},{"@type":"ImageObject","inLanguage":"es","@id":"https:\/\/landioustravel.com\/es\/egipto\/deidades-egipcias\/diosa-bastet\/#local-main-organization-logo","url":"https:\/\/i0.wp.com\/landioustravel.com\/wp-content\/uploads\/2021\/06\/Landious-T.png?fit=500%2C500&ssl=1","contentUrl":"https:\/\/i0.wp.com\/landioustravel.com\/wp-content\/uploads\/2021\/06\/Landious-T.png?fit=500%2C500&ssl=1","width":500,"height":500,"caption":"Landious Travel"}]}},"uagb_featured_image_src":{"full":false,"thumbnail":false,"medium":false,"medium_large":false,"large":false,"1536x1536":false,"2048x2048":false,"newspack-article-block-landscape-large":false,"newspack-article-block-portrait-large":false,"newspack-article-block-square-large":false,"newspack-article-block-landscape-medium":false,"newspack-article-block-portrait-medium":false,"newspack-article-block-square-medium":false,"newspack-article-block-landscape-intermediate":false,"newspack-article-block-portrait-intermediate":false,"newspack-article-block-square-intermediate":false,"newspack-article-block-landscape-small":false,"newspack-article-block-portrait-small":false,"newspack-article-block-square-small":false,"newspack-article-block-landscape-tiny":false,"newspack-article-block-portrait-tiny":false,"newspack-article-block-square-tiny":false,"newspack-article-block-uncropped":false,"woocommerce_thumbnail":false,"woocommerce_single":false,"woocommerce_gallery_thumbnail":false},"uagb_author_info":{"display_name":"Mofreh Landious","author_link":"https:\/\/landioustravel.com\/es\/author\/landious\/"},"uagb_comment_info":0,"uagb_excerpt":"Los antiguos egipcios consideraban a la diosa Bastet la protectora de las mujeres, el hogar, la vida dom\u00e9stica, los gatos, el placer y la buena salud. Ella protegi\u00f3 a los hogares contra los esp\u00edritus malignos y las enfermedades que pueden afectar a mujeres o ni\u00f1os. Como otras deidades antiguas, la diosa tambi\u00e9n tuvo un papel&hellip;","jetpack_sharing_enabled":true,"jetpack_shortlink":"https:\/\/wp.me\/Par4r5-9SM","jetpack_likes_enabled":true,"amp_enabled":true,"_links":{"self":[{"href":"https:\/\/landioustravel.com\/es\/wp-json\/wp\/v2\/pages\/37992","targetHints":{"allow":["GET"]}}],"collection":[{"href":"https:\/\/landioustravel.com\/es\/wp-json\/wp\/v2\/pages"}],"about":[{"href":"https:\/\/landioustravel.com\/es\/wp-json\/wp\/v2\/types\/page"}],"author":[{"embeddable":true,"href":"https:\/\/landioustravel.com\/es\/wp-json\/wp\/v2\/users\/1"}],"replies":[{"embeddable":true,"href":"https:\/\/landioustravel.com\/es\/wp-json\/wp\/v2\/comments?post=37992"}],"version-history":[{"count":0,"href":"https:\/\/landioustravel.com\/es\/wp-json\/wp\/v2\/pages\/37992\/revisions"}],"up":[{"embeddable":true,"href":"https:\/\/landioustravel.com\/es\/wp-json\/wp\/v2\/pages\/3629"}],"wp:attachment":[{"href":"https:\/\/landioustravel.com\/es\/wp-json\/wp\/v2\/media?parent=37992"}],"curies":[{"name":"wp","href":"https:\/\/api.w.org\/{rel}","templated":true}]}}