{"id":38092,"date":"2021-09-25T23:01:47","date_gmt":"2021-09-25T21:01:47","guid":{"rendered":"https:\/\/landioustravel.com\/?page_id=38092"},"modified":"2021-09-26T12:34:16","modified_gmt":"2021-09-26T10:34:16","slug":"gran-esfinge","status":"publish","type":"page","link":"https:\/\/landioustravel.com\/es\/complejo-piramides-giza\/gran-esfinge\/","title":{"rendered":"Gran Esfinge"},"content":{"rendered":"\n<p>La Gran Esfinge es una de las esculturas m\u00e1s importantes del mundo. Con el cuerpo de un le\u00f3n reclinado y una cabeza humana, mide casi 20 metros. La longitud de esta magn\u00edfica estatua es de alrededor de 240 pies. Un tocado real adorna la cabeza humana de la Esfinge.<\/p>\n\n\n\n<p>Esta estatua gigante se encuentra en el templo del Valle perteneciente al fara\u00f3n Khafre. Adem\u00e1s, la cara se parece al fara\u00f3n Khafre. Por lo tanto, los historiadores fechan la Gran Esfinge en la IV dinast\u00eda. Por lo tanto, la propiedad de la Esfinge se inclina hacia Khafre.<\/p>\n\n\n\n<p>Sin embargo, algunos estudiosos creen que el hermano mayor de Khafre, Redjedef, construy\u00f3 el monumento. Quiz\u00e1s Redjedef construy\u00f3 la Esfinge para honrar a su padre, Keops. Adem\u00e1s, la gente debate que la Gran Esfinge se parece m\u00e1s al Rey Khufu que a Khafre.<\/p>\n\n\n\t\t\t\t<div class=\"wp-block-uagb-table-of-contents uagb-toc__align-left uagb-toc__columns-1  uagb-block-7d23a607      \"\n\t\t\t\t\tdata-scroll= \"1\"\n\t\t\t\t\tdata-offset= \"30\"\n\t\t\t\t\tstyle=\"\"\n\t\t\t\t>\n\t\t\t\t<div class=\"uagb-toc__wrap\">\n\t\t\t\t\t\t<div class=\"uagb-toc__title\">\n\t\t\t\t\t\t\tTabla de contenidos\t\t\t\t\t\t<\/div>\n\t\t\t\t\t\t\t\t\t\t\t\t\t\t\t\t\t\t\t\t\t\t<div class=\"uagb-toc__list-wrap \">\n\t\t\t\t\t\t<ol class=\"uagb-toc__list\"><li class=\"uagb-toc__list\"><a href=\"#ubicaci\u00f3n-de-la-gran-esfinge\" class=\"uagb-toc-link__trigger\">Ubicaci\u00f3n de la Gran Esfinge<\/a><li class=\"uagb-toc__list\"><a href=\"#qu\u00e9-es-una-esfinge\" class=\"uagb-toc-link__trigger\">\u00bfQu\u00e9 es una esfinge?<\/a><li class=\"uagb-toc__list\"><a href=\"#historia\" class=\"uagb-toc-link__trigger\">Historia<\/a><li class=\"uagb-toc__list\"><a href=\"#construcci\u00f3n-de-la-esfinge\" class=\"uagb-toc-link__trigger\">Construcci\u00f3n de la Esfinge<\/a><li class=\"uagb-toc__list\"><a href=\"#construcci\u00f3n-del-templo-de-la-momificaci\u00f3n\" class=\"uagb-toc-link__trigger\">Construcci\u00f3n del Templo de la Momificaci\u00f3n<\/a><li class=\"uagb-toc__list\"><a href=\"#mitolog\u00eda-relacionada-con-la-gran-esfinge\" class=\"uagb-toc-link__trigger\">Mitolog\u00eda relacionada con la Gran Esfinge<\/a><li class=\"uagb-toc__list\"><a href=\"#excavaciones-modernas\" class=\"uagb-toc-link__trigger\">Excavaciones modernas<\/a><li class=\"uagb-toc__list\"><a href=\"#restauraciones-recientes\" class=\"uagb-toc-link__trigger\">Restauraciones recientes<\/a><li class=\"uagb-toc__list\"><a href=\"#el-misterio-de-la-nariz\" class=\"uagb-toc-link__trigger\">El misterio de la nariz<\/a><li class=\"uagb-toc__list\"><a href=\"#conclusi\u00f3n\" class=\"uagb-toc-link__trigger\">Conclusi\u00f3n<\/a><\/ol>\t\t\t\t\t<\/div>\n\t\t\t\t\t\t\t\t\t<\/div>\n\t\t\t\t<\/div>\n\t\t\t\n\n\n<h2 class=\"wp-block-heading\" id=\"h-ubicaci-n-de-la-gran-esfinge\">Ubicaci\u00f3n de la Gran Esfinge<\/h2>\n\n\n\n<p>La Gran Esfinge se encuentra en el <a href=\"https:\/\/landioustravel.com\/es\/complejo-piramides-giza\/\">Complejo de la Pir\u00e1mide de Giza<\/a> en la orilla occidental del <a href=\"https:\/\/landioustravel.com\/es\/egipto\/rio-nilo\/\">Nilo<\/a> en Giza, <a href=\"https:\/\/landioustravel.com\/es\/egipto\/\">Egipto<\/a>. La Esfinge mira directamente de oeste a este y se encuentra en la <a href=\"https:\/\/www.google.com\/maps\/place\/Giza+Plateau\/@29.9769337,31.1151415,14z\/data=!3m1!4b1!4m5!3m4!1s0x14584f7d8bcaeed7:0x99080d8373c4b76d!8m2!3d29.9769353!4d31.1326511\" target=\"_blank\" rel=\"noreferrer noopener\">meseta de Giza<\/a>. Este gran monumento sigue siendo una de las estructuras monumentales m\u00e1s antiguas conocidas del Antiguo Egipto. Adem\u00e1s, es una de las estructuras m\u00e1s reconocibles que puedes ver en la Necr\u00f3polis de Giza.<\/p>\n\n\n\n<div style=\"min-height:400px\" data-map-attr=\"\/qaddress\/q:\/qsphinx\/q||\/qlat\/q:\/qundefined\/q||\/qlng\/q:\/qundefined\/q||\/qskin\/q:\/qstandard\/q||\/qzoom\/q:\/q12\/q||\/qiconSize\/q:\/q36\/q||\/qmapTypeControl\/q:\/qtrue\/q||\/qzoomControl\/q:\/qtrue\/q||\/qstreetViewControl\/q:\/qtrue\/q||\/qfullscreenControl\/q:\/qtrue\/q\" class=\"wp-block-coblocks-map\"><iframe title=\"Google Map\" frameborder=\"0\" style=\"width:100%;min-height:400px\" src=\"https:\/\/www.google.com\/maps?q=sphinx&amp;output=embed&amp;hl=en-US&amp;z=12\"><\/iframe><\/div>\n\n\n\n<h2 class=\"wp-block-heading\">\u00bfQu\u00e9 es una esfinge?<\/h2>\n\n\n\n<p>Una esfinge es un ser m\u00edtico con rostro de humano y cuerpo de le\u00f3n. Por lo tanto, es una caracter\u00edstica mitol\u00f3gica prominente en la mitolog\u00eda egipcia, asi\u00e1tica y griega.<\/p>\n\n\n\n<p>Los antiguos egipcios cre\u00edan que la Esfinge era un guardi\u00e1n espiritual. A menudo, la criatura representa a un hombre con un tocado de fara\u00f3n.<\/p>\n\n\n\n<h2 class=\"wp-block-heading\">Historia<\/h2>\n\n\n\n<p>La esfinge es una estatua monol\u00edtica tallada en el lecho de roca de la meseta. Alrededor del 2500 a. C., el rey fara\u00f3n tambi\u00e9n construy\u00f3 la segunda pir\u00e1mide de Giza. Adem\u00e1s, un templo frente a la estatua constituye las piedras cortadas alrededor de su cuerpo.<\/p>\n\n\n\n<p>Durante la dinast\u00eda XVIII, los antiguos egipcios llamaban a la Esfinge \u00ab<a href=\"https:\/\/landioustravel.com\/es\/egipto\/deidades-egipcias\/dios-horus\/\">Horus<\/a> del Horizonte\u00bb, tambi\u00e9n \u00abHorus de la Necr\u00f3polis\u00bb. Este nombre se refiere al poderoso dios del sol que se encuentra sobre el horizonte.<\/p>\n\n\n\n<p>Los historiadores han asociado una teor\u00eda dada para la organizaci\u00f3n de la Esfinge y las pir\u00e1mides. Supusieron que podr\u00eda haber un prop\u00f3sito divino para la Gran Esfinge. Estas estructuras canalizan el poder del sol para resucitar el alma del fara\u00f3n Khafre.<\/p>\n\n\n\n<h2 class=\"wp-block-heading\">Construcci\u00f3n de la Esfinge<\/h2>\n\n\n\n<p>Seg\u00fan estimaciones espec\u00edficas, la construcci\u00f3n del monumento habr\u00eda tardado unos tres a\u00f1os. Aproximadamente 100 trabajadores podr\u00edan haber trabajado cada a\u00f1o. Utilizar\u00edan martillos de piedra y cinceles de cobre para terminar la estatua.<\/p>\n\n\n\n<p>Este monumento no se ensambl\u00f3 pieza por pieza. Esencialmente, la Gran Esfinge de Giza se origina en una masa de piedra caliza. Esta piedra caliza qued\u00f3 expuesta cuando los trabajadores cortaron una cantera alrededor de la meseta de Giza.<\/p>\n\n\n\n<p>Seg\u00fan la evidencia, tal vez se supon\u00eda que esta estatua ser\u00eda m\u00e1s grande inicialmente. Sin embargo, los trabajadores abandonaron el lugar a toda prisa. Arque\u00f3logos encontraron grandes bloques de piedra sin procesar. Los kits de herramientas abandonados que se encuentran cerca del sitio sugieren lo mismo.<\/p>\n\n\n\n<p>Los historiadores hicieron una deducci\u00f3n en consonancia con los grafitis encontrados en las paredes de la Esfinge. El arque\u00f3logo Lehner concluy\u00f3 que el gobernante egipcio no utilizaba esclavos como mano de obra.<\/p>\n\n\n\n<h2 class=\"wp-block-heading\">Construcci\u00f3n del Templo de la Momificaci\u00f3n<\/h2>\n\n\n\n<p>En la d\u00e9cada de 1980, los historiadores descubrieron pruebas espec\u00edficas sobre la piedra caliza. Los bloques que constituyen el templo de la esfinge se originaron en la zanja que rodea la propia estatua.<\/p>\n\n\n\n<p>En consecuencia, sugirieron que los trabajadores retiraran bloques de cantera de la Esfinge. Posteriormente, los constructores construyeron el Templo de la Momificaci\u00f3n utilizando algunas leguas como la utilizada para la estatua.<\/p>\n\n\n\n<h2 class=\"wp-block-heading\">Mitolog\u00eda relacionada con la Gran Esfinge<\/h2>\n\n\n\n<p>Alrededor del primer per\u00edodo intermedio, la Necr\u00f3polis pas\u00f3 por el abandono. Posteriormente, la arena a la deriva enterr\u00f3 a esta colosal figura hasta los hombros.<\/p>\n\n\n\n<p>El primer intento de excavaci\u00f3n data del 1400 a. C. Una estela on\u00edrica encontrada entre las poderosas patas de la Esfinge ilustra este intento. La estela cuenta c\u00f3mo el pr\u00edncipe Thutmose, hijo de Amenhotep II, se durmi\u00f3 cerca de este gran guardia.<\/p>\n\n\n\n<p>En el sue\u00f1o, la estatua se quej\u00f3 de su desorden. Por lo tanto, la Esfinge hizo un trato con el precio joven. En caso de que el pr\u00edncipe restaurara la Esfinge, le ayudar\u00eda a convertirse en fara\u00f3n.<\/p>\n\n\n\n<p>En consecuencia, el joven pr\u00edncipe reuni\u00f3 un equipo y logr\u00f3 sacar las patas delanteras de la Esfinge. Entre ellos se erige un santuario que alberga la estela del sue\u00f1o.<\/p>\n\n\n\n<p>Es discutible si el sue\u00f1o ocurri\u00f3 o no. Sin embargo, el pr\u00edncipe se convirti\u00f3 en el fara\u00f3n Thutmosis IV. En consecuencia, tambi\u00e9n introdujo una cultura de adoraci\u00f3n a la Esfinge a su pueblo.<\/p>\n\n\n\n<h2 class=\"wp-block-heading\">Excavaciones modernas<\/h2>\n\n\n\n<p>El italiano Giovanni Battista supervis\u00f3 la primera excavaci\u00f3n arqueol\u00f3gica moderna. Llev\u00f3 a descubrir el cofre de la Esfinge en \u00faltima instancia. A principios de 1887, desenterr\u00f3 la estatua por completo. Descubrieron tramos de escaleras. Por lo tanto, los historiadores finalmente calcularon las medidas precisas de la estatua.<\/p>\n\n\n\n<p>Desde el escal\u00f3n m\u00e1s bajo, la altura era de unos treinta metros. Adem\u00e1s, la distancia entre las patas era de diez metros.<\/p>\n\n\n\n<p>Las excavaciones en el siglo XIX revelaron piezas de barbas de piedra talladas. Adem\u00e1s, los residuos de pigmento rojo todav\u00eda son visibles en la cara. Por lo tanto, los investigadores concluyeron que antes, todo el rostro de la Esfinge ten\u00eda pintura roja.<\/p>\n\n\n\n<p>Mark Lehner tambi\u00e9n encontr\u00f3 rastros de pintura azul y amarilla en la estatua. Por lo tanto, sugiri\u00f3 que los antiguos egipcios lo pintaron completamente en el pasado.<\/p>\n\n\n\n<h2 class=\"wp-block-heading\">Restauraciones recientes<\/h2>\n\n\n\n<p>En el a\u00f1o 1931, el gobierno egipcio repar\u00f3 la cabeza de la estatua. En 1926, debido a la erosi\u00f3n, una parte del tocado se hab\u00eda ca\u00eddo. Por lo tanto, tambi\u00e9n cre\u00f3 un corte profundo en el cuello de la Esfinge. Agregaron un collar de hormig\u00f3n entre la gorra y el cuello.<\/p>\n\n\n\n<p>En las d\u00e9cadas de 1980 y 1990, los arque\u00f3logos agregaron algunas renovaciones a la base de piedra y al cuerpo de roca. Sin embargo, eso result\u00f3 en un perfil alterado. Adem\u00e1s, la gente realiz\u00f3 varias renovaciones m\u00e1s tarde.<\/p>\n\n\n\n<h2 class=\"wp-block-heading\">El misterio de la nariz<\/h2>\n\n\n\n<p>La nariz de la esfinge muestra un da\u00f1o constante en el puente y el \u00e1rea de las fosas nasales. Parece que se clavaron varillas largas o cinceles desde el puente y debajo de la fosa nasal. Adem\u00e1s, la nariz arrancada estaba hacia el sur. De ah\u00ed que se haya perdido la nariz de un metro de ancho hasta la fecha.<\/p>\n\n\n\n<p>El arque\u00f3logo Mark Lehner realiz\u00f3 un estudio y concluy\u00f3 que la nariz se rompi\u00f3 intencionalmente. Hizo este estudio alrededor del per\u00edodo de los siglos III y X d.C.<\/p>\n\n\n\n<p>Seg\u00fan muchos cuentos, el ej\u00e9rcito de Napole\u00f3n Bonaparte emple\u00f3 balas de ca\u00f1\u00f3n para destruir la nariz. Sin embargo, las ilustraciones revelan una esfinge sin nariz antes de Napole\u00f3n. Otra teor\u00eda dice que Muhammad Sa&#8217;im al-Dahr mutil\u00f3 la estatua. Ocurri\u00f3 en el siglo XIV para protestar contra la idolatr\u00eda.<\/p>\n\n\n\n<h2 class=\"wp-block-heading\">Conclusi\u00f3n<\/h2>\n\n\n\n<p>Los arque\u00f3logos describen este magn\u00edfico monumento como un motor c\u00f3smico. Y eso, los <a href=\"https:\/\/landioustravel.com\/es\/egipto\/faraones-egipto\/\">faraones<\/a> lo construyeron para aprovechar el poder del sol y otros <a href=\"https:\/\/landioustravel.com\/es\/egipto\/deidades-egipcias\/\">dioses<\/a>. Es el tipo de poder que tiene la misteriosa y grandiosa Esfinge. A lo largo de los a\u00f1os, m\u00faltiples tormentas cayeron sobre este gran guardia en la necr\u00f3polis de Giza. Sin embargo, la grandeza del monumento permanece intacta. La Gran Esfinge sigue siendo un enigma de los tesoros de la historia del Antiguo Egipto.<\/p>\n","protected":false},"excerpt":{"rendered":"<p>La Gran Esfinge es una de las esculturas m\u00e1s importantes del mundo. Con el cuerpo de un le\u00f3n reclinado y una cabeza humana, mide casi 20 metros. La longitud de esta magn\u00edfica estatua es de alrededor de 240 pies. Un tocado real adorna la cabeza humana de la Esfinge. Esta estatua gigante se encuentra en [&hellip;]<\/p>\n","protected":false},"author":1,"featured_media":0,"parent":36661,"menu_order":0,"comment_status":"open","ping_status":"closed","template":"","meta":{"_coblocks_attr":"","_coblocks_dimensions":"","_coblocks_responsive_height":"","_coblocks_accordion_ie_support":"","_uag_custom_page_level_css":"","jetpack_post_was_ever_published":false,"footnotes":""},"class_list":["post-38092","page","type-page","status-publish","hentry"],"yoast_head":"<!-- This site is optimized with the Yoast SEO Premium plugin v26.9 (Yoast SEO v27.3) - https:\/\/yoast.com\/product\/yoast-seo-premium-wordpress\/ -->\n<title>Gran Esfinge - Ubicaci\u00f3n e historial - Landious Travel<\/title>\n<meta name=\"description\" content=\"Gran Esfinge es una de las esculturas m\u00e1s importantes del mundo. Con el cuerpo de un le\u00f3n reclinado y una cabeza humana, mide casi 20 metros\" \/>\n<meta name=\"robots\" content=\"index, follow, max-snippet:-1, max-image-preview:large, max-video-preview:-1\" \/>\n<link rel=\"canonical\" href=\"https:\/\/landioustravel.com\/es\/complejo-piramides-giza\/gran-esfinge\/\" \/>\n<meta property=\"og:locale\" content=\"es_ES\" \/>\n<meta property=\"og:type\" content=\"article\" \/>\n<meta property=\"og:title\" content=\"Gran Esfinge\" \/>\n<meta property=\"og:description\" content=\"Gran Esfinge es una de las esculturas m\u00e1s importantes del mundo. Con el cuerpo de un le\u00f3n reclinado y una cabeza humana, mide casi 20 metros\" \/>\n<meta property=\"og:url\" content=\"https:\/\/landioustravel.com\/es\/complejo-piramides-giza\/gran-esfinge\/\" \/>\n<meta property=\"og:site_name\" content=\"Landious Travel\" \/>\n<meta property=\"article:publisher\" content=\"https:\/\/web.facebook.com\/landiousEgypt\" \/>\n<meta property=\"article:modified_time\" content=\"2021-09-26T10:34:16+00:00\" \/>\n<meta name=\"twitter:card\" content=\"summary_large_image\" \/>\n<meta name=\"twitter:site\" content=\"@LandiousTours\" \/>\n<meta name=\"twitter:label1\" content=\"Tiempo de lectura\" \/>\n\t<meta name=\"twitter:data1\" content=\"6 minutos\" \/>\n<script type=\"application\/ld+json\" class=\"yoast-schema-graph\">{\"@context\":\"https:\\\/\\\/schema.org\",\"@graph\":[{\"@type\":\"WebPage\",\"@id\":\"https:\\\/\\\/landioustravel.com\\\/es\\\/complejo-piramides-giza\\\/gran-esfinge\\\/\",\"url\":\"https:\\\/\\\/landioustravel.com\\\/es\\\/complejo-piramides-giza\\\/gran-esfinge\\\/\",\"name\":\"Gran Esfinge - Ubicaci\u00f3n e historial - Landious Travel\",\"isPartOf\":{\"@id\":\"https:\\\/\\\/landioustravel.com\\\/es\\\/#website\"},\"datePublished\":\"2021-09-25T21:01:47+00:00\",\"dateModified\":\"2021-09-26T10:34:16+00:00\",\"description\":\"Gran Esfinge es una de las esculturas m\u00e1s importantes del mundo. Con el cuerpo de un le\u00f3n reclinado y una cabeza humana, mide casi 20 metros\",\"breadcrumb\":{\"@id\":\"https:\\\/\\\/landioustravel.com\\\/es\\\/complejo-piramides-giza\\\/gran-esfinge\\\/#breadcrumb\"},\"inLanguage\":\"es\",\"potentialAction\":[{\"@type\":\"ReadAction\",\"target\":[\"https:\\\/\\\/landioustravel.com\\\/es\\\/complejo-piramides-giza\\\/gran-esfinge\\\/\"]}]},{\"@type\":\"BreadcrumbList\",\"@id\":\"https:\\\/\\\/landioustravel.com\\\/es\\\/complejo-piramides-giza\\\/gran-esfinge\\\/#breadcrumb\",\"itemListElement\":[{\"@type\":\"ListItem\",\"position\":1,\"name\":\"Home\",\"item\":\"https:\\\/\\\/landioustravel.com\\\/es\\\/\"},{\"@type\":\"ListItem\",\"position\":2,\"name\":\"Complejo de pir\u00e1mides de Giza\",\"item\":\"https:\\\/\\\/landioustravel.com\\\/es\\\/complejo-piramides-giza\\\/\"},{\"@type\":\"ListItem\",\"position\":3,\"name\":\"Gran Esfinge\"}]},{\"@type\":\"WebSite\",\"@id\":\"https:\\\/\\\/landioustravel.com\\\/es\\\/#website\",\"url\":\"https:\\\/\\\/landioustravel.com\\\/es\\\/\",\"name\":\"Landious Travel\",\"description\":\"Tours and Excursions in Egypt\",\"publisher\":{\"@id\":\"https:\\\/\\\/landioustravel.com\\\/es\\\/#organization\"},\"potentialAction\":[{\"@type\":\"SearchAction\",\"target\":{\"@type\":\"EntryPoint\",\"urlTemplate\":\"https:\\\/\\\/landioustravel.com\\\/es\\\/?s={search_term_string}\"},\"query-input\":{\"@type\":\"PropertyValueSpecification\",\"valueRequired\":true,\"valueName\":\"search_term_string\"}}],\"inLanguage\":\"es\"},{\"@type\":[\"Organization\",\"Place\"],\"@id\":\"https:\\\/\\\/landioustravel.com\\\/es\\\/#organization\",\"name\":\"Landious Travel\",\"alternateName\":\"Landious Travel\",\"url\":\"https:\\\/\\\/landioustravel.com\\\/es\\\/\",\"logo\":{\"@id\":\"https:\\\/\\\/landioustravel.com\\\/es\\\/complejo-piramides-giza\\\/gran-esfinge\\\/#local-main-organization-logo\"},\"image\":{\"@id\":\"https:\\\/\\\/landioustravel.com\\\/es\\\/complejo-piramides-giza\\\/gran-esfinge\\\/#local-main-organization-logo\"},\"sameAs\":[\"https:\\\/\\\/web.facebook.com\\\/landiousEgypt\",\"https:\\\/\\\/x.com\\\/LandiousTours\",\"https:\\\/\\\/mastodon.social\\\/@landious\"],\"legalName\":\"Landious Travel\",\"telephone\":[],\"openingHoursSpecification\":[{\"@type\":\"OpeningHoursSpecification\",\"dayOfWeek\":[\"Monday\",\"Tuesday\",\"Wednesday\",\"Thursday\",\"Friday\",\"Saturday\",\"Sunday\"],\"opens\":\"09:00\",\"closes\":\"17:00\"}]},{\"@type\":\"ImageObject\",\"inLanguage\":\"es\",\"@id\":\"https:\\\/\\\/landioustravel.com\\\/es\\\/complejo-piramides-giza\\\/gran-esfinge\\\/#local-main-organization-logo\",\"url\":\"https:\\\/\\\/i0.wp.com\\\/landioustravel.com\\\/wp-content\\\/uploads\\\/2021\\\/06\\\/Landious-T.png?fit=500%2C500&ssl=1\",\"contentUrl\":\"https:\\\/\\\/i0.wp.com\\\/landioustravel.com\\\/wp-content\\\/uploads\\\/2021\\\/06\\\/Landious-T.png?fit=500%2C500&ssl=1\",\"width\":500,\"height\":500,\"caption\":\"Landious Travel\"}]}<\/script>\n<!-- \/ Yoast SEO Premium plugin. -->","yoast_head_json":{"title":"Gran Esfinge - Ubicaci\u00f3n e historial - Landious Travel","description":"Gran Esfinge es una de las esculturas m\u00e1s importantes del mundo. Con el cuerpo de un le\u00f3n reclinado y una cabeza humana, mide casi 20 metros","robots":{"index":"index","follow":"follow","max-snippet":"max-snippet:-1","max-image-preview":"max-image-preview:large","max-video-preview":"max-video-preview:-1"},"canonical":"https:\/\/landioustravel.com\/es\/complejo-piramides-giza\/gran-esfinge\/","og_locale":"es_ES","og_type":"article","og_title":"Gran Esfinge","og_description":"Gran Esfinge es una de las esculturas m\u00e1s importantes del mundo. Con el cuerpo de un le\u00f3n reclinado y una cabeza humana, mide casi 20 metros","og_url":"https:\/\/landioustravel.com\/es\/complejo-piramides-giza\/gran-esfinge\/","og_site_name":"Landious Travel","article_publisher":"https:\/\/web.facebook.com\/landiousEgypt","article_modified_time":"2021-09-26T10:34:16+00:00","twitter_card":"summary_large_image","twitter_site":"@LandiousTours","twitter_misc":{"Tiempo de lectura":"6 minutos"},"schema":{"@context":"https:\/\/schema.org","@graph":[{"@type":"WebPage","@id":"https:\/\/landioustravel.com\/es\/complejo-piramides-giza\/gran-esfinge\/","url":"https:\/\/landioustravel.com\/es\/complejo-piramides-giza\/gran-esfinge\/","name":"Gran Esfinge - Ubicaci\u00f3n e historial - Landious Travel","isPartOf":{"@id":"https:\/\/landioustravel.com\/es\/#website"},"datePublished":"2021-09-25T21:01:47+00:00","dateModified":"2021-09-26T10:34:16+00:00","description":"Gran Esfinge es una de las esculturas m\u00e1s importantes del mundo. Con el cuerpo de un le\u00f3n reclinado y una cabeza humana, mide casi 20 metros","breadcrumb":{"@id":"https:\/\/landioustravel.com\/es\/complejo-piramides-giza\/gran-esfinge\/#breadcrumb"},"inLanguage":"es","potentialAction":[{"@type":"ReadAction","target":["https:\/\/landioustravel.com\/es\/complejo-piramides-giza\/gran-esfinge\/"]}]},{"@type":"BreadcrumbList","@id":"https:\/\/landioustravel.com\/es\/complejo-piramides-giza\/gran-esfinge\/#breadcrumb","itemListElement":[{"@type":"ListItem","position":1,"name":"Home","item":"https:\/\/landioustravel.com\/es\/"},{"@type":"ListItem","position":2,"name":"Complejo de pir\u00e1mides de Giza","item":"https:\/\/landioustravel.com\/es\/complejo-piramides-giza\/"},{"@type":"ListItem","position":3,"name":"Gran Esfinge"}]},{"@type":"WebSite","@id":"https:\/\/landioustravel.com\/es\/#website","url":"https:\/\/landioustravel.com\/es\/","name":"Landious Travel","description":"Tours and Excursions in Egypt","publisher":{"@id":"https:\/\/landioustravel.com\/es\/#organization"},"potentialAction":[{"@type":"SearchAction","target":{"@type":"EntryPoint","urlTemplate":"https:\/\/landioustravel.com\/es\/?s={search_term_string}"},"query-input":{"@type":"PropertyValueSpecification","valueRequired":true,"valueName":"search_term_string"}}],"inLanguage":"es"},{"@type":["Organization","Place"],"@id":"https:\/\/landioustravel.com\/es\/#organization","name":"Landious Travel","alternateName":"Landious Travel","url":"https:\/\/landioustravel.com\/es\/","logo":{"@id":"https:\/\/landioustravel.com\/es\/complejo-piramides-giza\/gran-esfinge\/#local-main-organization-logo"},"image":{"@id":"https:\/\/landioustravel.com\/es\/complejo-piramides-giza\/gran-esfinge\/#local-main-organization-logo"},"sameAs":["https:\/\/web.facebook.com\/landiousEgypt","https:\/\/x.com\/LandiousTours","https:\/\/mastodon.social\/@landious"],"legalName":"Landious Travel","telephone":[],"openingHoursSpecification":[{"@type":"OpeningHoursSpecification","dayOfWeek":["Monday","Tuesday","Wednesday","Thursday","Friday","Saturday","Sunday"],"opens":"09:00","closes":"17:00"}]},{"@type":"ImageObject","inLanguage":"es","@id":"https:\/\/landioustravel.com\/es\/complejo-piramides-giza\/gran-esfinge\/#local-main-organization-logo","url":"https:\/\/i0.wp.com\/landioustravel.com\/wp-content\/uploads\/2021\/06\/Landious-T.png?fit=500%2C500&ssl=1","contentUrl":"https:\/\/i0.wp.com\/landioustravel.com\/wp-content\/uploads\/2021\/06\/Landious-T.png?fit=500%2C500&ssl=1","width":500,"height":500,"caption":"Landious Travel"}]}},"uagb_featured_image_src":{"full":false,"thumbnail":false,"medium":false,"medium_large":false,"large":false,"1536x1536":false,"2048x2048":false,"newspack-article-block-landscape-large":false,"newspack-article-block-portrait-large":false,"newspack-article-block-square-large":false,"newspack-article-block-landscape-medium":false,"newspack-article-block-portrait-medium":false,"newspack-article-block-square-medium":false,"newspack-article-block-landscape-intermediate":false,"newspack-article-block-portrait-intermediate":false,"newspack-article-block-square-intermediate":false,"newspack-article-block-landscape-small":false,"newspack-article-block-portrait-small":false,"newspack-article-block-square-small":false,"newspack-article-block-landscape-tiny":false,"newspack-article-block-portrait-tiny":false,"newspack-article-block-square-tiny":false,"newspack-article-block-uncropped":false,"woocommerce_thumbnail":false,"woocommerce_single":false,"woocommerce_gallery_thumbnail":false},"uagb_author_info":{"display_name":"Mofreh Landious","author_link":"https:\/\/landioustravel.com\/es\/author\/landious\/"},"uagb_comment_info":0,"uagb_excerpt":"La Gran Esfinge es una de las esculturas m\u00e1s importantes del mundo. Con el cuerpo de un le\u00f3n reclinado y una cabeza humana, mide casi 20 metros. La longitud de esta magn\u00edfica estatua es de alrededor de 240 pies. Un tocado real adorna la cabeza humana de la Esfinge. Esta estatua gigante se encuentra en&hellip;","jetpack_sharing_enabled":true,"jetpack_shortlink":"https:\/\/wp.me\/Par4r5-9Uo","jetpack_likes_enabled":true,"amp_enabled":true,"_links":{"self":[{"href":"https:\/\/landioustravel.com\/es\/wp-json\/wp\/v2\/pages\/38092","targetHints":{"allow":["GET"]}}],"collection":[{"href":"https:\/\/landioustravel.com\/es\/wp-json\/wp\/v2\/pages"}],"about":[{"href":"https:\/\/landioustravel.com\/es\/wp-json\/wp\/v2\/types\/page"}],"author":[{"embeddable":true,"href":"https:\/\/landioustravel.com\/es\/wp-json\/wp\/v2\/users\/1"}],"replies":[{"embeddable":true,"href":"https:\/\/landioustravel.com\/es\/wp-json\/wp\/v2\/comments?post=38092"}],"version-history":[{"count":0,"href":"https:\/\/landioustravel.com\/es\/wp-json\/wp\/v2\/pages\/38092\/revisions"}],"up":[{"embeddable":true,"href":"https:\/\/landioustravel.com\/es\/wp-json\/wp\/v2\/pages\/36661"}],"wp:attachment":[{"href":"https:\/\/landioustravel.com\/es\/wp-json\/wp\/v2\/media?parent=38092"}],"curies":[{"name":"wp","href":"https:\/\/api.w.org\/{rel}","templated":true}]}}