{"id":38368,"date":"2021-09-30T00:02:51","date_gmt":"2021-09-29T22:02:51","guid":{"rendered":"https:\/\/landioustravel.com\/?page_id=38368"},"modified":"2021-09-30T02:44:30","modified_gmt":"2021-09-30T00:44:30","slug":"piramide-keops","status":"publish","type":"page","link":"https:\/\/landioustravel.com\/es\/complejo-piramides-giza\/piramide-keops\/","title":{"rendered":"Pir\u00e1mide de Keops"},"content":{"rendered":"\n<p>La pir\u00e1mide de Keops se encuentra a una altura imponente de 138,5 metros. Ubicada en el <a href=\"https:\/\/landioustravel.com\/es\/complejo-piramides-giza\/\">complejo de la pir\u00e1mide de Giza<\/a>, esta pir\u00e1mide m\u00e1s antigua y m\u00e1s grande ha asombrado a la gente a lo largo de los siglos. Esta maravilla forma parte de las Siete maravillas del mundo antiguo.<\/p>\n\n\n\n<p>La Gran Pir\u00e1mide de Giza o la pir\u00e1mide de Keops se encuentra en el Gran <a href=\"https:\/\/landioustravel.com\/es\/egipto\/pueblos-egipcios\/gobernacion-cairo\/\">Cairo<\/a>, <a href=\"https:\/\/landioustravel.com\/es\/egipto\/\">Egipto<\/a>. Los historiadores han llegado a la conclusi\u00f3n de que la estructura sirve como tumba para el fara\u00f3n egipcio Khufu de la cuarta dinast\u00eda.<\/p>\n\n\n\t\t\t\t<div class=\"wp-block-uagb-table-of-contents uagb-toc__align-left uagb-toc__columns-1  uagb-block-d00270cf      \"\n\t\t\t\t\tdata-scroll= \"1\"\n\t\t\t\t\tdata-offset= \"30\"\n\t\t\t\t\tstyle=\"\"\n\t\t\t\t>\n\t\t\t\t<div class=\"uagb-toc__wrap\">\n\t\t\t\t\t\t<div class=\"uagb-toc__title\">\n\t\t\t\t\t\t\tTabla de contenidos\t\t\t\t\t\t<\/div>\n\t\t\t\t\t\t\t\t\t\t\t\t\t\t\t\t\t\t\t\t\t\t<div class=\"uagb-toc__list-wrap \">\n\t\t\t\t\t\t<ol class=\"uagb-toc__list\"><li class=\"uagb-toc__list\"><a href=\"#ubicaci\u00f3n-de-la-pir\u00e1mide-de-khufu\" class=\"uagb-toc-link__trigger\">Ubicaci\u00f3n de la pir\u00e1mide de Khufu<\/a><li class=\"uagb-toc__list\"><a href=\"#por-qu\u00e9-los-antiguos-egipcios-construyeron-la-pir\u00e1mide-de-keops\" class=\"uagb-toc-link__trigger\">\u00bfPor qu\u00e9 los antiguos egipcios construyeron la pir\u00e1mide de Keops?<\/a><li class=\"uagb-toc__list\"><a href=\"#qui\u00e9n-era-el-rey-keops\" class=\"uagb-toc-link__trigger\">\u00bfQui\u00e9n era el rey Keops?<\/a><li class=\"uagb-toc__list\"><a href=\"#historia-de-la-pir\u00e1mide-de-keops\" class=\"uagb-toc-link__trigger\">Historia de la pir\u00e1mide de Keops<\/a><li class=\"uagb-toc__list\"><a href=\"#construcci\u00f3n-de-esta-maravilla\" class=\"uagb-toc-link__trigger\">Construcci\u00f3n de esta maravilla<\/a><ul class=\"uagb-toc__list\"><li class=\"uagb-toc__list\"><a href=\"#dimensiones-de-la-pir\u00e1mide\" class=\"uagb-toc-link__trigger\">Dimensiones de la pir\u00e1mide<\/a><li class=\"uagb-toc__list\"><li class=\"uagb-toc__list\"><a href=\"#interior-de-la-pir\u00e1mide\" class=\"uagb-toc-link__trigger\">Interior de la pir\u00e1mide<\/a><\/li><\/ul><\/li><li class=\"uagb-toc__list\"><a href=\"#c\u00f3mo-construyeron-los-antiguos-egipcios-la-pir\u00e1mide\" class=\"uagb-toc-link__trigger\">\u00bfC\u00f3mo construyeron los antiguos egipcios la pir\u00e1mide?<\/a><li class=\"uagb-toc__list\"><a href=\"#templo-de-la-pir\u00e1mide\" class=\"uagb-toc-link__trigger\">Templo de la pir\u00e1mide<\/a><li class=\"uagb-toc__list\"><a href=\"#conclusi\u00f3n\" class=\"uagb-toc-link__trigger\">Conclusi\u00f3n<\/a><\/ul><\/ol>\t\t\t\t\t<\/div>\n\t\t\t\t\t\t\t\t\t<\/div>\n\t\t\t\t<\/div>\n\t\t\t\n\n\n<h2 class=\"wp-block-heading\" id=\"h-ubicaci-n-de-la-pir-mide-de-khufu\">Ubicaci\u00f3n de la pir\u00e1mide de Khufu<\/h2>\n\n\n\n<p>Los antiguos egipcios construyeron la pir\u00e1mide de Keops en una meseta rocosa ubicada en la orilla occidental del <a href=\"https:\/\/landioustravel.com\/es\/egipto\/rio-nilo\/\">r\u00edo Nilo<\/a>, cerca de Giza, en el norte de Egipto. Junto con las pir\u00e1mides de <a href=\"https:\/\/landioustravel.com\/es\/complejo-piramides-giza\/piramide-kefren\/\">Kefr\u00e9n<\/a> y <a href=\"https:\/\/landioustravel.com\/es\/complejo-piramides-giza\/piramide-menkaura\/\">Menkaura<\/a>, forma la parte prominente del complejo piramidal de Giza.<\/p>\n\n\n\n<div style=\"min-height:400px\" data-map-attr=\"\/qaddress\/q:\/qpyramid of khufu\/q||\/qlat\/q:\/qundefined\/q||\/qlng\/q:\/qundefined\/q||\/qskin\/q:\/qstandard\/q||\/qzoom\/q:\/q12\/q||\/qiconSize\/q:\/q36\/q||\/qmapTypeControl\/q:\/qtrue\/q||\/qzoomControl\/q:\/qtrue\/q||\/qstreetViewControl\/q:\/qtrue\/q||\/qfullscreenControl\/q:\/qtrue\/q\" class=\"wp-block-coblocks-map\"><iframe title=\"Google Map\" frameborder=\"0\" style=\"width:100%;min-height:400px\" src=\"https:\/\/www.google.com\/maps?q=pyramid%20of%20khufu&amp;output=embed&amp;hl=en-US&amp;z=12\"><\/iframe><\/div>\n\n\n\n<h2 class=\"wp-block-heading\">\u00bfPor qu\u00e9 los antiguos egipcios construyeron la pir\u00e1mide de Keops?<\/h2>\n\n\n\n<p>Los antiguos egipcios construyeron esta pir\u00e1mide m\u00e1s antigua y m\u00e1s al norte para Keops, el segundo rey de la cuarta dinast\u00eda. La pir\u00e1mide se erige como una de las estructuras m\u00e1s majestuosas del <a href=\"https:\/\/landioustravel.com\/es\/egipto\/historia-egipto\/\">Antiguo Egipto<\/a>.<\/p>\n\n\n\n<p>Adem\u00e1s, esta gran estructura es un testimonio del poder y la grandeza del rey Keops. Inicialmente, a la altura de 146,5 metros, la pir\u00e1mide alberga la tumba del fara\u00f3n.<\/p>\n\n\n\n<p>Los antiguos <a href=\"https:\/\/landioustravel.com\/es\/egipto\/faraones-egipto\/\">faraones<\/a> previeron convertirse en <a href=\"https:\/\/landioustravel.com\/es\/egipto\/deidades-egipcias\/\">dioses<\/a> en su vida futura. Por lo tanto, para prepararlos para el pr\u00f3ximo mundo, las pir\u00e1mides se llenaron con todo lo necesario.<\/p>\n\n\n\n<h2 class=\"wp-block-heading\">\u00bfQui\u00e9n era el rey Keops?<\/h2>\n\n\n\n<p>El rey Keops, o rey Keops, fue un antiguo monarca que gobern\u00f3 el antiguo Egipto desde 2589-2566 a. C. El fara\u00f3n de la cuarta dinast\u00eda sucedi\u00f3 a su padre, Sneferu. La mayor parte de la informaci\u00f3n sobre Khufu proviene de las inscripciones en su necr\u00f3polis en Giza. Los relatos de Herodoto revelan al fara\u00f3n como un gobernante estricto con mano dura.<\/p>\n\n\n\n<h2 class=\"wp-block-heading\">Historia de la pir\u00e1mide de Keops<\/h2>\n\n\n\n<p>Herodoto fue uno de los primeros autores destacados en mencionar la pir\u00e1mide de Keops. Se\u00f1al\u00f3 que la construcci\u00f3n de la pir\u00e1mide requiri\u00f3 100.000 trabajadores que trabajaron en turnos de tres meses. Toda esta construcci\u00f3n tard\u00f3 unos 20 a\u00f1os en construirse.<\/p>\n\n\n\n<h2 class=\"wp-block-heading\">Construcci\u00f3n de esta maravilla<\/h2>\n\n\n\n<p>La construcci\u00f3n de esta colosal pir\u00e1mide requiri\u00f3 aproximadamente 2,3 millones de bloques de piedra. Posteriormente, los ingenieros antiguos cortaron estas piedras, las transportaron y finalmente las ensamblaron para formar el monumento de 5,75 millones de toneladas.<\/p>\n\n\n\n<p>Por lo tanto, la pir\u00e1mide aparece genuinamente como una obra maestra de habilidades de ingenier\u00eda y habilidades t\u00e9cnicas. Adem\u00e1s, la carcasa exterior restante y las paredes internas muestran juntas m\u00e1s delicadas que otras estructuras de mamposter\u00eda existentes del antiguo Egipto.<\/p>\n\n\n\n<p>Los antiguos trabajadores extra\u00edan la piedra caliza blanca utilizada para la carcasa original de <a href=\"https:\/\/www.google.com\/maps\/place\/Tura,+Cairo+Governorate\/@29.9325566,31.2490294,12z\/data=!3m1!4b1!4m5!3m4!1s0x14583793ae77a5f9:0xf5cd7d30e2aad640!8m2!3d29.9384103!4d31.3198491\" target=\"_blank\" rel=\"noreferrer noopener\">Tura<\/a>. Posteriormente, fue transportado a trav\u00e9s del r\u00edo Nilo. Sin embargo, las piedras de granito que constituyen la pir\u00e1mide se originan en <a href=\"https:\/\/landioustravel.com\/es\/egipto\/pueblos-egipcios\/gobernacion-aswan\/\">Asu\u00e1n<\/a>. El techo de la c\u00e1mara del Rey est\u00e1 formado por los bloques m\u00e1s pesados \u200b\u200bque pesan entre 25 y 80 toneladas.<\/p>\n\n\n\n<p>En primer lugar, los trabajadores martillaban ranuras en las caras de piedra natural para cortarlas en bloques \u00e1speros. Luego, insertaron cu\u00f1as de madera empapadas de agua en estas ranuras. En consecuencia, las cu\u00f1as absorbieron el agua y se expandieron. De esta manera, estos trabajadores lograron romper las piedras en pedazos viables.<\/p>\n\n\n\n<h3 class=\"wp-block-heading\">Dimensiones de la pir\u00e1mide<\/h3>\n\n\n\n<p>La pir\u00e1mide una vez se situ\u00f3 en 481 pies, formando la estructura artificial m\u00e1s alta durante casi 3.800 a\u00f1os. Desde entonces, finalmente despojaron la cubierta exterior de la pir\u00e1mide. Por lo tanto, ahora la pir\u00e1mide se encuentra a una altura de 454,4 pies. Con una base de 230,3 metros cuadrados, la estructura tiene un volumen de aproximadamente 2,6 millones de metros c\u00fabicos.<\/p>\n\n\n\n<p>Esta colosal estructura tiene lados empinados angulados a 51 \u00b0 52 \u2032. En consecuencia, los lados miran hacia los cuatro puntos cardinales de una br\u00fajula. El n\u00facleo del monumento est\u00e1 formado por hermosos bloques de piedra caliza amarillenta. Los constructores antiguos compon\u00edan el pasaje interior y la carcasa exterior de una piedra caliza de color claro m\u00e1s refinada. Por el contrario, la c\u00e1mara funeraria interior consta de grandes bloques de granito. Era necesario extraer alrededor de 2,3 millones de bloques grandes para construir este monumento. Adem\u00e1s, pes\u00f3 un total de casi 6 millones de toneladas. La pir\u00e1mide de Keops es una verdadera maravilla.<\/p>\n\n\n\n<h3 class=\"wp-block-heading\">Interior de la pir\u00e1mide<\/h3>\n\n\n\n<p>Podemos encontrar la entrada a esta maravilla en el lado norte de la pir\u00e1mide. Se encuentra a 59 pies sobre el nivel del suelo. La puerta se abre a un corredor en pendiente que penetra en el suelo rocoso. Finalmente, termina en una c\u00e1mara subterr\u00e1nea sin terminar.<\/p>\n\n\n\n<p>De este corredor descendente se ramifican varios corredores ascendentes. Posteriormente, conducen a la c\u00e1mara de la Reina y a una gran galer\u00eda inclinada de unos 152 pies de altura.<\/p>\n\n\n\n<p>Desde esta c\u00e1mara, un largo pasaje se abre a la sala de entierro propiamente dicha. Ingenieros antiguos cubrieron completamente la C\u00e1mara del Rey y la techaron de granito.<\/p>\n\n\n\n<p>Adem\u00e1s, esta sala contiene dos pozos estrechos que atraviesan oblicuamente el mausoleo. Estos ejes se abren al exterior de la estructura. Los historiadores piensan que los antiguos egipcios usaban los palos para ventilaci\u00f3n o quiz\u00e1s por razones religiosas.<\/p>\n\n\n\n<p>Losas horizontales de granito separan los cinco compartimentos que se encuentran sobre la c\u00e1mara del Rey. Lo m\u00e1s probable es que estas losas masivas aseguraran la desviaci\u00f3n del inmenso empuje de las masas de mamposter\u00eda superpuestas.<\/p>\n\n\n\n<h2 class=\"wp-block-heading\">\u00bfC\u00f3mo construyeron los antiguos egipcios la pir\u00e1mide?<\/h2>\n\n\n\n<p>Los historiadores se han demorado en esta cuesti\u00f3n durante mucho tiempo. Sin embargo, todav\u00eda se nos escapa una respuesta satisfactoria. Lo m\u00e1s probable es que los egipcios usaran una barrera inclinada y circundante de arena, ladrillo y tierra.<\/p>\n\n\n\n<p>&nbsp;Posteriormente, a medida que se elevaba la pir\u00e1mide, los constructores aumentaron esta estructura b\u00e1sica en altura y longitud. Adem\u00e1s, levantaron los bloques de piedra por las rampas utilizando rodillos, trineos y palancas.<\/p>\n\n\n\n<p>Adem\u00e1s, los historiadores asumieron que la mano de obra empleada para la pir\u00e1mide eran esencialmente trabajadores agr\u00edcolas. Quiz\u00e1s trabajaron en la pir\u00e1mide cuando el r\u00edo Nilo estaba inundado. De ah\u00ed que los agricultores tengan poco trabajo en el campo.<\/p>\n\n\n\n<p>Sin embargo, los historiadores llegaron a la conclusi\u00f3n de que tan solo 20.000 trabajadores eran adecuados para la tarea en el siglo XX.<\/p>\n\n\n\n<h2 class=\"wp-block-heading\">Templo de la pir\u00e1mide<\/h2>\n\n\n\n<p>Un templo piramidal que se encontraba en el lado este de la estructura ha desaparecido casi por completo con el tiempo. El pavimento de basalto negro es el \u00fanico vestigio del templo. Desafortunadamente, el templo del valle se encuentra debajo del pueblo de <a href=\"https:\/\/www.google.com\/maps\/place\/Nazlet+El-Semman,+Al+Haram,+Giza+Governorate\/@29.9814373,31.1207109,14z\/data=!3m1!4b1!4m5!3m4!1s0x1458458f4cdb2c3f:0x21332441c5f89a16!8m2!3d29.9814366!4d31.140968\" target=\"_blank\" rel=\"noreferrer noopener\">Nazlet el-Samman<\/a>, que permanece sin excavar.<\/p>\n\n\n\n<h2 class=\"wp-block-heading\">Conclusi\u00f3n<\/h2>\n\n\n\n<p>La pir\u00e1mide de Keops sigue siendo uno de los mayores enigmas de la <a href=\"https:\/\/landioustravel.com\/es\/egipto\/historia-egipto\/historia-egipcia-antigua\/\">historia del Antiguo Egipto<\/a>. Esta majestuosa estructura ha superado los cambios clim\u00e1ticos a lo largo del tiempo. Se erige como un testimonio del poder y la gloria del Antiguo Egipto. La pir\u00e1mide de Keops proporcion\u00f3 a los historiadores una gran cantidad de informaci\u00f3n sobre la vida del antiguo Egipto. Por lo tanto, hoy en d\u00eda, los turistas visitan la Pir\u00e1mide de Giza con asombro para vislumbrar el pasado.<\/p>\n","protected":false},"excerpt":{"rendered":"<p>La pir\u00e1mide de Keops se encuentra a una altura imponente de 138,5 metros. Ubicada en el complejo de la pir\u00e1mide de Giza, esta pir\u00e1mide m\u00e1s antigua y m\u00e1s grande ha asombrado a la gente a lo largo de los siglos. Esta maravilla forma parte de las Siete maravillas del mundo antiguo. La Gran Pir\u00e1mide de [&hellip;]<\/p>\n","protected":false},"author":1,"featured_media":0,"parent":36661,"menu_order":0,"comment_status":"open","ping_status":"closed","template":"","meta":{"_coblocks_attr":"","_coblocks_dimensions":"","_coblocks_responsive_height":"","_coblocks_accordion_ie_support":"","_uag_custom_page_level_css":"","jetpack_post_was_ever_published":false,"footnotes":""},"class_list":["post-38368","page","type-page","status-publish","hentry"],"yoast_head":"<!-- This site is optimized with the Yoast SEO Premium plugin v26.9 (Yoast SEO v27.3) - https:\/\/yoast.com\/product\/yoast-seo-premium-wordpress\/ -->\n<title>Pir\u00e1mide de Keops - La gran pir\u00e1mide de Giza - Landious Travel<\/title>\n<meta name=\"description\" content=\"Pir\u00e1mide de Keops se encuentra a una altura imponente de 138,5 metros. Ubicada en el complejo de la pir\u00e1mide de Giza, esta pir\u00e1mide m\u00e1s\" \/>\n<meta name=\"robots\" content=\"index, follow, max-snippet:-1, max-image-preview:large, max-video-preview:-1\" \/>\n<link rel=\"canonical\" href=\"https:\/\/landioustravel.com\/es\/complejo-piramides-giza\/piramide-keops\/\" \/>\n<meta property=\"og:locale\" content=\"es_ES\" \/>\n<meta property=\"og:type\" content=\"article\" \/>\n<meta property=\"og:title\" content=\"Pir\u00e1mide de Keops\" \/>\n<meta property=\"og:description\" content=\"Pir\u00e1mide de Keops se encuentra a una altura imponente de 138,5 metros. Ubicada en el complejo de la pir\u00e1mide de Giza, esta pir\u00e1mide m\u00e1s\" \/>\n<meta property=\"og:url\" content=\"https:\/\/landioustravel.com\/es\/complejo-piramides-giza\/piramide-keops\/\" \/>\n<meta property=\"og:site_name\" content=\"Landious Travel\" \/>\n<meta property=\"article:publisher\" content=\"https:\/\/web.facebook.com\/landiousEgypt\" \/>\n<meta property=\"article:modified_time\" content=\"2021-09-30T00:44:30+00:00\" \/>\n<meta name=\"twitter:card\" content=\"summary_large_image\" \/>\n<meta name=\"twitter:site\" content=\"@LandiousTours\" \/>\n<meta name=\"twitter:label1\" content=\"Tiempo de lectura\" \/>\n\t<meta name=\"twitter:data1\" content=\"6 minutos\" \/>\n<script type=\"application\/ld+json\" class=\"yoast-schema-graph\">{\"@context\":\"https:\\\/\\\/schema.org\",\"@graph\":[{\"@type\":\"WebPage\",\"@id\":\"https:\\\/\\\/landioustravel.com\\\/es\\\/complejo-piramides-giza\\\/piramide-keops\\\/\",\"url\":\"https:\\\/\\\/landioustravel.com\\\/es\\\/complejo-piramides-giza\\\/piramide-keops\\\/\",\"name\":\"Pir\u00e1mide de Keops - La gran pir\u00e1mide de Giza - Landious Travel\",\"isPartOf\":{\"@id\":\"https:\\\/\\\/landioustravel.com\\\/es\\\/#website\"},\"datePublished\":\"2021-09-29T22:02:51+00:00\",\"dateModified\":\"2021-09-30T00:44:30+00:00\",\"description\":\"Pir\u00e1mide de Keops se encuentra a una altura imponente de 138,5 metros. Ubicada en el complejo de la pir\u00e1mide de Giza, esta pir\u00e1mide m\u00e1s\",\"breadcrumb\":{\"@id\":\"https:\\\/\\\/landioustravel.com\\\/es\\\/complejo-piramides-giza\\\/piramide-keops\\\/#breadcrumb\"},\"inLanguage\":\"es\",\"potentialAction\":[{\"@type\":\"ReadAction\",\"target\":[\"https:\\\/\\\/landioustravel.com\\\/es\\\/complejo-piramides-giza\\\/piramide-keops\\\/\"]}]},{\"@type\":\"BreadcrumbList\",\"@id\":\"https:\\\/\\\/landioustravel.com\\\/es\\\/complejo-piramides-giza\\\/piramide-keops\\\/#breadcrumb\",\"itemListElement\":[{\"@type\":\"ListItem\",\"position\":1,\"name\":\"Home\",\"item\":\"https:\\\/\\\/landioustravel.com\\\/es\\\/\"},{\"@type\":\"ListItem\",\"position\":2,\"name\":\"Complejo de pir\u00e1mides de Giza\",\"item\":\"https:\\\/\\\/landioustravel.com\\\/es\\\/complejo-piramides-giza\\\/\"},{\"@type\":\"ListItem\",\"position\":3,\"name\":\"Pir\u00e1mide de Keops\"}]},{\"@type\":\"WebSite\",\"@id\":\"https:\\\/\\\/landioustravel.com\\\/es\\\/#website\",\"url\":\"https:\\\/\\\/landioustravel.com\\\/es\\\/\",\"name\":\"Landious Travel\",\"description\":\"Tours and Excursions in Egypt\",\"publisher\":{\"@id\":\"https:\\\/\\\/landioustravel.com\\\/es\\\/#organization\"},\"potentialAction\":[{\"@type\":\"SearchAction\",\"target\":{\"@type\":\"EntryPoint\",\"urlTemplate\":\"https:\\\/\\\/landioustravel.com\\\/es\\\/?s={search_term_string}\"},\"query-input\":{\"@type\":\"PropertyValueSpecification\",\"valueRequired\":true,\"valueName\":\"search_term_string\"}}],\"inLanguage\":\"es\"},{\"@type\":[\"Organization\",\"Place\"],\"@id\":\"https:\\\/\\\/landioustravel.com\\\/es\\\/#organization\",\"name\":\"Landious Travel\",\"alternateName\":\"Landious Travel\",\"url\":\"https:\\\/\\\/landioustravel.com\\\/es\\\/\",\"logo\":{\"@id\":\"https:\\\/\\\/landioustravel.com\\\/es\\\/complejo-piramides-giza\\\/piramide-keops\\\/#local-main-organization-logo\"},\"image\":{\"@id\":\"https:\\\/\\\/landioustravel.com\\\/es\\\/complejo-piramides-giza\\\/piramide-keops\\\/#local-main-organization-logo\"},\"sameAs\":[\"https:\\\/\\\/web.facebook.com\\\/landiousEgypt\",\"https:\\\/\\\/x.com\\\/LandiousTours\",\"https:\\\/\\\/mastodon.social\\\/@landious\"],\"legalName\":\"Landious Travel\",\"telephone\":[],\"openingHoursSpecification\":[{\"@type\":\"OpeningHoursSpecification\",\"dayOfWeek\":[\"Monday\",\"Tuesday\",\"Wednesday\",\"Thursday\",\"Friday\",\"Saturday\",\"Sunday\"],\"opens\":\"09:00\",\"closes\":\"17:00\"}]},{\"@type\":\"ImageObject\",\"inLanguage\":\"es\",\"@id\":\"https:\\\/\\\/landioustravel.com\\\/es\\\/complejo-piramides-giza\\\/piramide-keops\\\/#local-main-organization-logo\",\"url\":\"https:\\\/\\\/i0.wp.com\\\/landioustravel.com\\\/wp-content\\\/uploads\\\/2021\\\/06\\\/Landious-T.png?fit=500%2C500&ssl=1\",\"contentUrl\":\"https:\\\/\\\/i0.wp.com\\\/landioustravel.com\\\/wp-content\\\/uploads\\\/2021\\\/06\\\/Landious-T.png?fit=500%2C500&ssl=1\",\"width\":500,\"height\":500,\"caption\":\"Landious Travel\"}]}<\/script>\n<!-- \/ Yoast SEO Premium plugin. -->","yoast_head_json":{"title":"Pir\u00e1mide de Keops - La gran pir\u00e1mide de Giza - Landious Travel","description":"Pir\u00e1mide de Keops se encuentra a una altura imponente de 138,5 metros. Ubicada en el complejo de la pir\u00e1mide de Giza, esta pir\u00e1mide m\u00e1s","robots":{"index":"index","follow":"follow","max-snippet":"max-snippet:-1","max-image-preview":"max-image-preview:large","max-video-preview":"max-video-preview:-1"},"canonical":"https:\/\/landioustravel.com\/es\/complejo-piramides-giza\/piramide-keops\/","og_locale":"es_ES","og_type":"article","og_title":"Pir\u00e1mide de Keops","og_description":"Pir\u00e1mide de Keops se encuentra a una altura imponente de 138,5 metros. Ubicada en el complejo de la pir\u00e1mide de Giza, esta pir\u00e1mide m\u00e1s","og_url":"https:\/\/landioustravel.com\/es\/complejo-piramides-giza\/piramide-keops\/","og_site_name":"Landious Travel","article_publisher":"https:\/\/web.facebook.com\/landiousEgypt","article_modified_time":"2021-09-30T00:44:30+00:00","twitter_card":"summary_large_image","twitter_site":"@LandiousTours","twitter_misc":{"Tiempo de lectura":"6 minutos"},"schema":{"@context":"https:\/\/schema.org","@graph":[{"@type":"WebPage","@id":"https:\/\/landioustravel.com\/es\/complejo-piramides-giza\/piramide-keops\/","url":"https:\/\/landioustravel.com\/es\/complejo-piramides-giza\/piramide-keops\/","name":"Pir\u00e1mide de Keops - La gran pir\u00e1mide de Giza - Landious Travel","isPartOf":{"@id":"https:\/\/landioustravel.com\/es\/#website"},"datePublished":"2021-09-29T22:02:51+00:00","dateModified":"2021-09-30T00:44:30+00:00","description":"Pir\u00e1mide de Keops se encuentra a una altura imponente de 138,5 metros. Ubicada en el complejo de la pir\u00e1mide de Giza, esta pir\u00e1mide m\u00e1s","breadcrumb":{"@id":"https:\/\/landioustravel.com\/es\/complejo-piramides-giza\/piramide-keops\/#breadcrumb"},"inLanguage":"es","potentialAction":[{"@type":"ReadAction","target":["https:\/\/landioustravel.com\/es\/complejo-piramides-giza\/piramide-keops\/"]}]},{"@type":"BreadcrumbList","@id":"https:\/\/landioustravel.com\/es\/complejo-piramides-giza\/piramide-keops\/#breadcrumb","itemListElement":[{"@type":"ListItem","position":1,"name":"Home","item":"https:\/\/landioustravel.com\/es\/"},{"@type":"ListItem","position":2,"name":"Complejo de pir\u00e1mides de Giza","item":"https:\/\/landioustravel.com\/es\/complejo-piramides-giza\/"},{"@type":"ListItem","position":3,"name":"Pir\u00e1mide de Keops"}]},{"@type":"WebSite","@id":"https:\/\/landioustravel.com\/es\/#website","url":"https:\/\/landioustravel.com\/es\/","name":"Landious Travel","description":"Tours and Excursions in Egypt","publisher":{"@id":"https:\/\/landioustravel.com\/es\/#organization"},"potentialAction":[{"@type":"SearchAction","target":{"@type":"EntryPoint","urlTemplate":"https:\/\/landioustravel.com\/es\/?s={search_term_string}"},"query-input":{"@type":"PropertyValueSpecification","valueRequired":true,"valueName":"search_term_string"}}],"inLanguage":"es"},{"@type":["Organization","Place"],"@id":"https:\/\/landioustravel.com\/es\/#organization","name":"Landious Travel","alternateName":"Landious Travel","url":"https:\/\/landioustravel.com\/es\/","logo":{"@id":"https:\/\/landioustravel.com\/es\/complejo-piramides-giza\/piramide-keops\/#local-main-organization-logo"},"image":{"@id":"https:\/\/landioustravel.com\/es\/complejo-piramides-giza\/piramide-keops\/#local-main-organization-logo"},"sameAs":["https:\/\/web.facebook.com\/landiousEgypt","https:\/\/x.com\/LandiousTours","https:\/\/mastodon.social\/@landious"],"legalName":"Landious Travel","telephone":[],"openingHoursSpecification":[{"@type":"OpeningHoursSpecification","dayOfWeek":["Monday","Tuesday","Wednesday","Thursday","Friday","Saturday","Sunday"],"opens":"09:00","closes":"17:00"}]},{"@type":"ImageObject","inLanguage":"es","@id":"https:\/\/landioustravel.com\/es\/complejo-piramides-giza\/piramide-keops\/#local-main-organization-logo","url":"https:\/\/i0.wp.com\/landioustravel.com\/wp-content\/uploads\/2021\/06\/Landious-T.png?fit=500%2C500&ssl=1","contentUrl":"https:\/\/i0.wp.com\/landioustravel.com\/wp-content\/uploads\/2021\/06\/Landious-T.png?fit=500%2C500&ssl=1","width":500,"height":500,"caption":"Landious Travel"}]}},"uagb_featured_image_src":{"full":false,"thumbnail":false,"medium":false,"medium_large":false,"large":false,"1536x1536":false,"2048x2048":false,"newspack-article-block-landscape-large":false,"newspack-article-block-portrait-large":false,"newspack-article-block-square-large":false,"newspack-article-block-landscape-medium":false,"newspack-article-block-portrait-medium":false,"newspack-article-block-square-medium":false,"newspack-article-block-landscape-intermediate":false,"newspack-article-block-portrait-intermediate":false,"newspack-article-block-square-intermediate":false,"newspack-article-block-landscape-small":false,"newspack-article-block-portrait-small":false,"newspack-article-block-square-small":false,"newspack-article-block-landscape-tiny":false,"newspack-article-block-portrait-tiny":false,"newspack-article-block-square-tiny":false,"newspack-article-block-uncropped":false,"woocommerce_thumbnail":false,"woocommerce_single":false,"woocommerce_gallery_thumbnail":false},"uagb_author_info":{"display_name":"Mofreh Landious","author_link":"https:\/\/landioustravel.com\/es\/author\/landious\/"},"uagb_comment_info":0,"uagb_excerpt":"La pir\u00e1mide de Keops se encuentra a una altura imponente de 138,5 metros. Ubicada en el complejo de la pir\u00e1mide de Giza, esta pir\u00e1mide m\u00e1s antigua y m\u00e1s grande ha asombrado a la gente a lo largo de los siglos. Esta maravilla forma parte de las Siete maravillas del mundo antiguo. La Gran Pir\u00e1mide de&hellip;","jetpack_sharing_enabled":true,"jetpack_shortlink":"https:\/\/wp.me\/Par4r5-9YQ","jetpack_likes_enabled":true,"amp_enabled":true,"_links":{"self":[{"href":"https:\/\/landioustravel.com\/es\/wp-json\/wp\/v2\/pages\/38368","targetHints":{"allow":["GET"]}}],"collection":[{"href":"https:\/\/landioustravel.com\/es\/wp-json\/wp\/v2\/pages"}],"about":[{"href":"https:\/\/landioustravel.com\/es\/wp-json\/wp\/v2\/types\/page"}],"author":[{"embeddable":true,"href":"https:\/\/landioustravel.com\/es\/wp-json\/wp\/v2\/users\/1"}],"replies":[{"embeddable":true,"href":"https:\/\/landioustravel.com\/es\/wp-json\/wp\/v2\/comments?post=38368"}],"version-history":[{"count":0,"href":"https:\/\/landioustravel.com\/es\/wp-json\/wp\/v2\/pages\/38368\/revisions"}],"up":[{"embeddable":true,"href":"https:\/\/landioustravel.com\/es\/wp-json\/wp\/v2\/pages\/36661"}],"wp:attachment":[{"href":"https:\/\/landioustravel.com\/es\/wp-json\/wp\/v2\/media?parent=38368"}],"curies":[{"name":"wp","href":"https:\/\/api.w.org\/{rel}","templated":true}]}}