{"id":38743,"date":"2021-10-04T00:38:03","date_gmt":"2021-10-03T22:38:03","guid":{"rendered":"https:\/\/landioustravel.com\/?page_id=38743"},"modified":"2021-10-04T03:35:41","modified_gmt":"2021-10-04T01:35:41","slug":"valle-los-reyes","status":"publish","type":"page","link":"https:\/\/landioustravel.com\/es\/valle-los-reyes\/","title":{"rendered":"Valle de los Reyes"},"content":{"rendered":"\n<p>El Valle de los Reyes es un desfiladero con rocas. Este Valle tiene dos divisiones principales: Valle Oriental y Occidental. En la parte oriental, hay muchas tumbas, el n\u00famero aproximado de las cuales es 64; casi todos son reales. Sin embargo, en la regi\u00f3n occidental, hay tumbas, de las cuales no hay tantas.<\/p>\n\n\n\t\t\t\t<div class=\"wp-block-uagb-table-of-contents uagb-toc__align-left uagb-toc__columns-1  uagb-block-a4c1cbe9      \"\n\t\t\t\t\tdata-scroll= \"1\"\n\t\t\t\t\tdata-offset= \"30\"\n\t\t\t\t\tstyle=\"\"\n\t\t\t\t>\n\t\t\t\t<div class=\"uagb-toc__wrap\">\n\t\t\t\t\t\t<div class=\"uagb-toc__title\">\n\t\t\t\t\t\t\tTabla de contenidos\t\t\t\t\t\t<\/div>\n\t\t\t\t\t\t\t\t\t\t\t\t\t\t\t\t\t\t\t\t\t\t<div class=\"uagb-toc__list-wrap \">\n\t\t\t\t\t\t<ol class=\"uagb-toc__list\"><li class=\"uagb-toc__list\"><a href=\"#ubicaci\u00f3n-del-valle-de-los-reyes\" class=\"uagb-toc-link__trigger\">Ubicaci\u00f3n del Valle de los Reyes<\/a><li class=\"uagb-toc__list\"><a href=\"#el-trazado-del-valle-de-los-reyes\" class=\"uagb-toc-link__trigger\">El trazado del Valle de los Reyes<\/a><li class=\"uagb-toc__list\"><a href=\"#historia\" class=\"uagb-toc-link__trigger\">Historia<\/a><li class=\"uagb-toc__list\"><a href=\"#desarrollo-de-planos-de-tumbas\" class=\"uagb-toc-link__trigger\">Desarrollo de planos de tumbas<\/a><li class=\"uagb-toc__list\"><a href=\"#interiores\" class=\"uagb-toc-link__trigger\">Interiores<\/a><li class=\"uagb-toc__list\"><a href=\"#robo-del-valle-de-los-reyes\" class=\"uagb-toc-link__trigger\">Robo del Valle de los Reyes<\/a><li class=\"uagb-toc__list\"><a href=\"#tesorer\u00eda-de-deir-el-bahari\" class=\"uagb-toc-link__trigger\">Tesorer\u00eda de Deir El Bahari<\/a><li class=\"uagb-toc__list\"><a href=\"#nuevos-descubrimientos\" class=\"uagb-toc-link__trigger\">Nuevos descubrimientos<\/a><li class=\"uagb-toc__list\"><a href=\"#momias-de-reyes-en-el-museo-egipcio\" class=\"uagb-toc-link__trigger\">Momias de reyes en el Museo Egipcio<\/a><li class=\"uagb-toc__list\"><a href=\"#conclusi\u00f3n\" class=\"uagb-toc-link__trigger\">Conclusi\u00f3n<\/a><\/ol>\t\t\t\t\t<\/div>\n\t\t\t\t\t\t\t\t\t<\/div>\n\t\t\t\t<\/div>\n\t\t\t\n\n\n<h2 class=\"wp-block-heading\" id=\"h-ubicaci-n-del-valle-de-los-reyes\">Ubicaci\u00f3n del Valle de los Reyes<\/h2>\n\n\n\n<p>El Valle de los Reyes se encuentra en el desierto occidental de <a href=\"https:\/\/landioustravel.com\/es\/egipto\/pueblos-egipcios\/gobernacion-luxor\/\">Luxor<\/a>, Necr\u00f3polis de Luxor &#8211; <a href=\"https:\/\/landioustravel.com\/es\/egipto\/\">Egipto<\/a>.<\/p>\n\n\n\n<div style=\"min-height:400px\" data-map-attr=\"\/qaddress\/q:\/qvalley of the kings, luxor\/q||\/qlat\/q:\/qundefined\/q||\/qlng\/q:\/qundefined\/q||\/qskin\/q:\/qstandard\/q||\/qzoom\/q:\/q12\/q||\/qiconSize\/q:\/q36\/q||\/qmapTypeControl\/q:\/qtrue\/q||\/qzoomControl\/q:\/qtrue\/q||\/qstreetViewControl\/q:\/qtrue\/q||\/qfullscreenControl\/q:\/qtrue\/q\" class=\"wp-block-coblocks-map\"><iframe title=\"Google Map\" frameborder=\"0\" style=\"width:100%;min-height:400px\" src=\"https:\/\/www.google.com\/maps?q=valley%20of%20the%20kings%2C%20luxor&amp;output=embed&amp;hl=en-US&amp;z=12\"><\/iframe><\/div>\n\n\n\n<h2 class=\"wp-block-heading\">El trazado del Valle de los Reyes<\/h2>\n\n\n\n<p>Todas las tumbas tienen un dise\u00f1o similar: despu\u00e9s de la entrada, hay un corredor de pendiente pronunciada que llega a una profundidad de hasta 100 metros, y al final del pasillo, hay aproximadamente tres o cuatro habitaciones. Los antiguos egipcios decoraron todas las paredes y techos con im\u00e1genes multicolores que representan la vida y los hechos realizados por los gobernantes. Los dibujos a\u00fan no han perdido su combinaci\u00f3n de brillo y color.<\/p>\n\n\n\n<p>Hoy, de todas las tumbas descubiertas por los arque\u00f3logos, las m\u00e1s significativas son las tumbas de Amenhotep II, Thutmosis III, Tutankhamon y los cuatro Rams\u00e9s.<\/p>\n\n\n\n<p>El Valle ha sido un centro de investigaci\u00f3n y excavaci\u00f3n desde finales del siglo XVIII. Inicialmente, los arque\u00f3logos trabajaron all\u00ed; luego, llevaron a cabo investigaciones egiptol\u00f3gicas. Incluso en nuestro tiempo, este lugar es de gran inter\u00e9s para todos. En 1969, los arque\u00f3logos descubrieron la tumba de Tutankam\u00f3n. Gracias a este descubrimiento, el Valle de los Reyes se hizo muy popular y la <a href=\"https:\/\/en.unesco.org\/node\/223700\" target=\"_blank\" rel=\"noreferrer noopener\">UNESCO<\/a> lo incluy\u00f3 en su lista.<\/p>\n\n\n\n<h2 class=\"wp-block-heading\">Historia<\/h2>\n\n\n\n<p>En la antig\u00fcedad, los antiguos egipcios llamaban al Valle de los Reyes el \u00abGran Lugar\u00bb. \u00bfSugieren los egipt\u00f3logos varias razones por las que los antiguos egipcios eligieron este desfiladero rocoso para el Valle? La primera raz\u00f3n, este lugar est\u00e1 aislado de la necr\u00f3polis tebana, lo que facilita la protecci\u00f3n de este territorio. Sin embargo, la segunda raz\u00f3n es que el sol se pone detr\u00e1s de esta ubicaci\u00f3n cerca del <a href=\"https:\/\/landioustravel.com\/es\/egipto\/rio-nilo\/\">r\u00edo Nilo<\/a>, en el lado occidental. La tercera raz\u00f3n, el pie de la monta\u00f1a legendaria tiene una formaci\u00f3n similar a una pir\u00e1mide.<\/p>\n\n\n\n<p>De generaci\u00f3n en generaci\u00f3n, las procesiones reales se enviaban desde otros <a href=\"https:\/\/landioustravel.com\/es\/egipto\/templos-egipcios\/\">templos<\/a> conmemorativos ubicados en el valle del Nilo y se asemejaban a la puesta de sol con sus movimientos. Durante toda la existencia del Reino Nuevo, la variedad de las tumbas de los <a href=\"https:\/\/landioustravel.com\/es\/egipto\/faraones-egipto\/\">faraones<\/a> sufri\u00f3 muchas modificaciones.<\/p>\n\n\n\n<h2 class=\"wp-block-heading\">Desarrollo de planos de tumbas<\/h2>\n\n\n\n<p>Las tumbas del siglo XVIII ten\u00edan un pasillo que giraba en 90 grados. Sin embargo, en el siglo XIX, los constructores hicieron un pasillo recto. En el centro de este corredor, hab\u00eda importantes pasillos con columnas, una mina, una tesorer\u00eda, una c\u00e1mara funeraria. Estos pasillos se adentraron profundamente en el espesor de la pared. En el siglo XX, las tumbas eran similares a las del pasado. Los antiguos constructores cortaron los entierros en las capas superiores de pizarra o cal.<\/p>\n\n\n\n<h2 class=\"wp-block-heading\">Interiores<\/h2>\n\n\n\n<p>Los antiguos constructores del siglo XVIII asociaron cada habitaci\u00f3n y corredor con el m\u00e1s all\u00e1, y cada uno ten\u00eda su nombre. Por ejemplo, la \u201csala de espera\u201d era el nombre de la mina por donde pasaban las aguas residuales. Sin embargo, la \u201ccasa dorada\u201d era el nombre de la c\u00e1mara funeraria.<\/p>\n\n\n\n<p>Los antiguos egipcios aplicaron pinturas extraordinarias y decoraron relieves en cada parte de la pared y estuvieron presentes en la mayor\u00eda de las tumbas de los reyes. Cada relieve es sorprendente por su singularidad, brillo y sofisticaci\u00f3n. Reproducen muchas \u00e1reas de otro mundo. Adem\u00e1s, mostraron al fara\u00f3n muerto en m\u00faltiples escenas bajo el techo azul celeste, decorado con estrellas luminosas. De esa manera, cuando se para ante las <a href=\"https:\/\/landioustravel.com\/es\/egipto\/deidades-egipcias\/\">deidades<\/a>, todo esto es fascinante.<\/p>\n\n\n\n<h2 class=\"wp-block-heading\">Robo del Valle de los Reyes<\/h2>\n\n\n\n<p>El Valle de los Reyes, como las <a href=\"https:\/\/landioustravel.com\/es\/complejo-piramides-giza\/\">pir\u00e1mides<\/a> m\u00e1s antiguas, no pudo resistir las manos de los ladrones, aunque guardias especiales vigilaban d\u00eda y noche la \u201cciudad de los muertos\u201d y sus tesoros. Existe informaci\u00f3n de que los propios funcionarios eran delincuentes, estaban involucrados en saqueos y deber\u00edan haber organizado una seguridad confiable. A fines de la Dinast\u00eda XX, Egipto estaba en declive. Por lo tanto, se sacaron las joyas de los faraones, que estaban entre los primeros en ser enterrados. Luego, enviaron estas joyas para su procesamiento para ayudar al estado con todas las fuerzas posibles y reponer el tesoro.<\/p>\n\n\n\n<h2 class=\"wp-block-heading\">Tesorer\u00eda de Deir El Bahari<\/h2>\n\n\n\n<p>En 1871, en el Valle de los Reyes, Howard Carter encontr\u00f3 una entrada amurallada al pie de una pendiente de piedra en <a href=\"https:\/\/landioustravel.com\/es\/complejo-deir-bahari\/\">Deir el-Bahri<\/a>, ubicada justo enfrente de Tebas, en la orilla occidental del r\u00edo Nilo. Los dos hermanos que descubrieron la entrada irrumpieron en ella y comenzaron a excavar. Habiendo alcanzado una profundidad de unos 13 metros, encontraron un vasto corredor que se extend\u00eda por 70 metros y conduc\u00eda a las mismas profundidades del acantilado. A lo largo del pasillo hab\u00eda grandes cajas que conten\u00edan momias y una gran cantidad de utensilios funerarios.<\/p>\n\n\n\n<p>Estos dos hermanos intentaron vender todo el contenido del entierro. Despu\u00e9s de que los servicios de polic\u00eda egipcios los atraparan en 1881, bajaron con la polic\u00eda a la tumba. All\u00ed encontraron una gran cantidad de ata\u00fades en los que descansaban los reyes. Los sarc\u00f3fagos se extendieron por todo el camino y se quedaron en el suelo. Muchos estaban apoyados contra las paredes, los ata\u00fades eran gigantes y su peso era terrible. Los antiguos egipcios los recubrieron de oro y los pulieron con un alto brillo. En las profundidades del escondite, los arque\u00f3logos descubrieron momias de los faraones Amenhotep I, Ahmose I, Thutmose y muchos otros. En total, los arque\u00f3logos encontraron 37 sarc\u00f3fagos con momias de los reyes perfectamente conservadas.<\/p>\n\n\n\n<h2 class=\"wp-block-heading\">Nuevos descubrimientos<\/h2>\n\n\n\n<p>Ya en nuestro tiempo, a principios de 2006, los cient\u00edficos encontraron una tumba en el Valle, que consta de una sola c\u00e1mara, pero que ha estado intacta hasta el d\u00eda de hoy, encontraron cinco momias en ella, que estaban en ata\u00fades de madera. Las momias llevaban m\u00e1scaras con pinturas destinadas al entierro. Tambi\u00e9n encontraron 20 vasijas masivas hechas de cer\u00e1mica, en las que se ve\u00eda el sello del fara\u00f3n. Fue el primer entierro que encontraron los arque\u00f3logos despu\u00e9s del descubrimiento de la tumba de Tutankam\u00f3n en 1922.<\/p>\n\n\n\n<p>Una expedici\u00f3n que trabaj\u00f3 all\u00ed a mediados de la d\u00e9cada de 1990 excav\u00f3 tumbas de la dinast\u00eda XIX. En 2005, la misma misi\u00f3n descubri\u00f3 las caba\u00f1as de los trabajadores, de las cuales hab\u00eda 4. Adem\u00e1s, la expedici\u00f3n encontr\u00f3 otro entierro debajo de estas caba\u00f1as.<\/p>\n\n\n\n<p>En 2009, de enero a marzo, la expedici\u00f3n de la Universidad de Basilea, que continu\u00f3 trabajando y realizando excavaciones, explor\u00f3 dos tumbas que no ten\u00edan se\u00f1ales. Durante una investigaci\u00f3n adicional, los egipt\u00f3logos ya descubrieron que los antiguos egipcios no terminaron completamente estas tumbas. Sin embargo, esto no impidi\u00f3 el entierro del fara\u00f3n. Solo peque\u00f1os fragmentos de sarc\u00f3fagos y restos humanos han sobrevivido hasta nuestros d\u00edas. Adem\u00e1s, los egipt\u00f3logos determinaron que estas dos tumbas pertenec\u00edan a la dinast\u00eda XVIII. Adem\u00e1s, descubrieron que los primeros ladrones de tumbas fueron en la antig\u00fcedad, en la XXI Dinast\u00eda.<\/p>\n\n\n\n<p>Ya en 2017, para la investigaci\u00f3n del ADN, los cient\u00edficos tomaron muestras de los entierros de las dinast\u00edas XVIII y XXII-XXV. Los eruditos experimentados intentar\u00e1n identificar a los pueblos nubio y levantino utilizando varias inscripciones en las jarras de cer\u00e1mica.<\/p>\n\n\n\n<h2 class=\"wp-block-heading\">Momias de reyes en el Museo Egipcio<\/h2>\n\n\n\n<p>El Ministerio de Antig\u00fcedades exhibe todas las momias en el <a href=\"https:\/\/landioustravel.com\/es\/museo-egipcio\/\">Museo Egipcio<\/a>, ubicado en El <a href=\"https:\/\/landioustravel.com\/es\/ciudadela-el-cairo\/\">Cairo<\/a> (Egipto). Sin embargo, la momia de Tutankam\u00f3n es la \u00fanica que se guarda donde ha estado durante casi tres milenios y medio.<\/p>\n\n\n\n<h2 class=\"wp-block-heading\">Conclusi\u00f3n<\/h2>\n\n\n\n<p>El Valle de los Reyes es un hermoso y fascinante monumento egipcio antiguo. Todos los que aman estos lugares deben visitar el Valle de los Reyes. Te transportar\u00e1 a la antig\u00fcedad y te sorprender\u00e1 con sus obras maestras.<\/p>\n","protected":false},"excerpt":{"rendered":"<p>El Valle de los Reyes es un desfiladero con rocas. Este Valle tiene dos divisiones principales: Valle Oriental y Occidental. En la parte oriental, hay muchas tumbas, el n\u00famero aproximado de las cuales es 64; casi todos son reales. Sin embargo, en la regi\u00f3n occidental, hay tumbas, de las cuales no hay tantas. Ubicaci\u00f3n del [&hellip;]<\/p>\n","protected":false},"author":1,"featured_media":0,"parent":0,"menu_order":0,"comment_status":"open","ping_status":"closed","template":"","meta":{"_coblocks_attr":"","_coblocks_dimensions":"","_coblocks_responsive_height":"","_coblocks_accordion_ie_support":"","_uag_custom_page_level_css":"","jetpack_post_was_ever_published":false,"footnotes":""},"class_list":["post-38743","page","type-page","status-publish","hentry"],"yoast_head":"<!-- This site is optimized with the Yoast SEO Premium plugin v26.9 (Yoast SEO v27.3) - https:\/\/yoast.com\/product\/yoast-seo-premium-wordpress\/ -->\n<title>Valle de los Reyes<\/title>\n<meta name=\"description\" content=\"Valle de los Reyes es un desfiladero con rocas. Este Valle tiene dos divisiones principales: Valle Oriental y Occidental. En la parte\" \/>\n<meta name=\"robots\" content=\"index, follow, max-snippet:-1, max-image-preview:large, max-video-preview:-1\" \/>\n<link rel=\"canonical\" href=\"https:\/\/landioustravel.com\/es\/valle-los-reyes\/\" \/>\n<meta property=\"og:locale\" content=\"es_ES\" \/>\n<meta property=\"og:type\" content=\"article\" \/>\n<meta property=\"og:title\" content=\"Valle de los Reyes\" \/>\n<meta property=\"og:description\" content=\"Valle de los Reyes es un desfiladero con rocas. Este Valle tiene dos divisiones principales: Valle Oriental y Occidental. En la parte\" \/>\n<meta property=\"og:url\" content=\"https:\/\/landioustravel.com\/es\/valle-los-reyes\/\" \/>\n<meta property=\"og:site_name\" content=\"Landious Travel\" \/>\n<meta property=\"article:publisher\" content=\"https:\/\/web.facebook.com\/landiousEgypt\" \/>\n<meta property=\"article:modified_time\" content=\"2021-10-04T01:35:41+00:00\" \/>\n<meta name=\"twitter:card\" content=\"summary_large_image\" \/>\n<meta name=\"twitter:site\" content=\"@LandiousTours\" \/>\n<meta name=\"twitter:label1\" content=\"Tiempo de lectura\" \/>\n\t<meta name=\"twitter:data1\" content=\"6 minutos\" \/>\n<script type=\"application\/ld+json\" class=\"yoast-schema-graph\">{\"@context\":\"https:\\\/\\\/schema.org\",\"@graph\":[{\"@type\":\"WebPage\",\"@id\":\"https:\\\/\\\/landioustravel.com\\\/es\\\/valle-los-reyes\\\/\",\"url\":\"https:\\\/\\\/landioustravel.com\\\/es\\\/valle-los-reyes\\\/\",\"name\":\"Valle de los Reyes\",\"isPartOf\":{\"@id\":\"https:\\\/\\\/landioustravel.com\\\/es\\\/#website\"},\"datePublished\":\"2021-10-03T22:38:03+00:00\",\"dateModified\":\"2021-10-04T01:35:41+00:00\",\"description\":\"Valle de los Reyes es un desfiladero con rocas. Este Valle tiene dos divisiones principales: Valle Oriental y Occidental. En la parte\",\"breadcrumb\":{\"@id\":\"https:\\\/\\\/landioustravel.com\\\/es\\\/valle-los-reyes\\\/#breadcrumb\"},\"inLanguage\":\"es\",\"potentialAction\":[{\"@type\":\"ReadAction\",\"target\":[\"https:\\\/\\\/landioustravel.com\\\/es\\\/valle-los-reyes\\\/\"]}]},{\"@type\":\"BreadcrumbList\",\"@id\":\"https:\\\/\\\/landioustravel.com\\\/es\\\/valle-los-reyes\\\/#breadcrumb\",\"itemListElement\":[{\"@type\":\"ListItem\",\"position\":1,\"name\":\"Home\",\"item\":\"https:\\\/\\\/landioustravel.com\\\/es\\\/\"},{\"@type\":\"ListItem\",\"position\":2,\"name\":\"Valle de los Reyes\"}]},{\"@type\":\"WebSite\",\"@id\":\"https:\\\/\\\/landioustravel.com\\\/es\\\/#website\",\"url\":\"https:\\\/\\\/landioustravel.com\\\/es\\\/\",\"name\":\"Landious Travel\",\"description\":\"Tours and Excursions in Egypt\",\"publisher\":{\"@id\":\"https:\\\/\\\/landioustravel.com\\\/es\\\/#organization\"},\"potentialAction\":[{\"@type\":\"SearchAction\",\"target\":{\"@type\":\"EntryPoint\",\"urlTemplate\":\"https:\\\/\\\/landioustravel.com\\\/es\\\/?s={search_term_string}\"},\"query-input\":{\"@type\":\"PropertyValueSpecification\",\"valueRequired\":true,\"valueName\":\"search_term_string\"}}],\"inLanguage\":\"es\"},{\"@type\":[\"Organization\",\"Place\"],\"@id\":\"https:\\\/\\\/landioustravel.com\\\/es\\\/#organization\",\"name\":\"Landious Travel\",\"alternateName\":\"Landious Travel\",\"url\":\"https:\\\/\\\/landioustravel.com\\\/es\\\/\",\"logo\":{\"@id\":\"https:\\\/\\\/landioustravel.com\\\/es\\\/valle-los-reyes\\\/#local-main-organization-logo\"},\"image\":{\"@id\":\"https:\\\/\\\/landioustravel.com\\\/es\\\/valle-los-reyes\\\/#local-main-organization-logo\"},\"sameAs\":[\"https:\\\/\\\/web.facebook.com\\\/landiousEgypt\",\"https:\\\/\\\/x.com\\\/LandiousTours\",\"https:\\\/\\\/mastodon.social\\\/@landious\"],\"legalName\":\"Landious Travel\",\"telephone\":[],\"openingHoursSpecification\":[{\"@type\":\"OpeningHoursSpecification\",\"dayOfWeek\":[\"Monday\",\"Tuesday\",\"Wednesday\",\"Thursday\",\"Friday\",\"Saturday\",\"Sunday\"],\"opens\":\"09:00\",\"closes\":\"17:00\"}]},{\"@type\":\"ImageObject\",\"inLanguage\":\"es\",\"@id\":\"https:\\\/\\\/landioustravel.com\\\/es\\\/valle-los-reyes\\\/#local-main-organization-logo\",\"url\":\"https:\\\/\\\/i0.wp.com\\\/landioustravel.com\\\/wp-content\\\/uploads\\\/2021\\\/06\\\/Landious-T.png?fit=500%2C500&ssl=1\",\"contentUrl\":\"https:\\\/\\\/i0.wp.com\\\/landioustravel.com\\\/wp-content\\\/uploads\\\/2021\\\/06\\\/Landious-T.png?fit=500%2C500&ssl=1\",\"width\":500,\"height\":500,\"caption\":\"Landious Travel\"}]}<\/script>\n<!-- \/ Yoast SEO Premium plugin. -->","yoast_head_json":{"title":"Valle de los Reyes","description":"Valle de los Reyes es un desfiladero con rocas. Este Valle tiene dos divisiones principales: Valle Oriental y Occidental. En la parte","robots":{"index":"index","follow":"follow","max-snippet":"max-snippet:-1","max-image-preview":"max-image-preview:large","max-video-preview":"max-video-preview:-1"},"canonical":"https:\/\/landioustravel.com\/es\/valle-los-reyes\/","og_locale":"es_ES","og_type":"article","og_title":"Valle de los Reyes","og_description":"Valle de los Reyes es un desfiladero con rocas. Este Valle tiene dos divisiones principales: Valle Oriental y Occidental. En la parte","og_url":"https:\/\/landioustravel.com\/es\/valle-los-reyes\/","og_site_name":"Landious Travel","article_publisher":"https:\/\/web.facebook.com\/landiousEgypt","article_modified_time":"2021-10-04T01:35:41+00:00","twitter_card":"summary_large_image","twitter_site":"@LandiousTours","twitter_misc":{"Tiempo de lectura":"6 minutos"},"schema":{"@context":"https:\/\/schema.org","@graph":[{"@type":"WebPage","@id":"https:\/\/landioustravel.com\/es\/valle-los-reyes\/","url":"https:\/\/landioustravel.com\/es\/valle-los-reyes\/","name":"Valle de los Reyes","isPartOf":{"@id":"https:\/\/landioustravel.com\/es\/#website"},"datePublished":"2021-10-03T22:38:03+00:00","dateModified":"2021-10-04T01:35:41+00:00","description":"Valle de los Reyes es un desfiladero con rocas. Este Valle tiene dos divisiones principales: Valle Oriental y Occidental. En la parte","breadcrumb":{"@id":"https:\/\/landioustravel.com\/es\/valle-los-reyes\/#breadcrumb"},"inLanguage":"es","potentialAction":[{"@type":"ReadAction","target":["https:\/\/landioustravel.com\/es\/valle-los-reyes\/"]}]},{"@type":"BreadcrumbList","@id":"https:\/\/landioustravel.com\/es\/valle-los-reyes\/#breadcrumb","itemListElement":[{"@type":"ListItem","position":1,"name":"Home","item":"https:\/\/landioustravel.com\/es\/"},{"@type":"ListItem","position":2,"name":"Valle de los Reyes"}]},{"@type":"WebSite","@id":"https:\/\/landioustravel.com\/es\/#website","url":"https:\/\/landioustravel.com\/es\/","name":"Landious Travel","description":"Tours and Excursions in Egypt","publisher":{"@id":"https:\/\/landioustravel.com\/es\/#organization"},"potentialAction":[{"@type":"SearchAction","target":{"@type":"EntryPoint","urlTemplate":"https:\/\/landioustravel.com\/es\/?s={search_term_string}"},"query-input":{"@type":"PropertyValueSpecification","valueRequired":true,"valueName":"search_term_string"}}],"inLanguage":"es"},{"@type":["Organization","Place"],"@id":"https:\/\/landioustravel.com\/es\/#organization","name":"Landious Travel","alternateName":"Landious Travel","url":"https:\/\/landioustravel.com\/es\/","logo":{"@id":"https:\/\/landioustravel.com\/es\/valle-los-reyes\/#local-main-organization-logo"},"image":{"@id":"https:\/\/landioustravel.com\/es\/valle-los-reyes\/#local-main-organization-logo"},"sameAs":["https:\/\/web.facebook.com\/landiousEgypt","https:\/\/x.com\/LandiousTours","https:\/\/mastodon.social\/@landious"],"legalName":"Landious Travel","telephone":[],"openingHoursSpecification":[{"@type":"OpeningHoursSpecification","dayOfWeek":["Monday","Tuesday","Wednesday","Thursday","Friday","Saturday","Sunday"],"opens":"09:00","closes":"17:00"}]},{"@type":"ImageObject","inLanguage":"es","@id":"https:\/\/landioustravel.com\/es\/valle-los-reyes\/#local-main-organization-logo","url":"https:\/\/i0.wp.com\/landioustravel.com\/wp-content\/uploads\/2021\/06\/Landious-T.png?fit=500%2C500&ssl=1","contentUrl":"https:\/\/i0.wp.com\/landioustravel.com\/wp-content\/uploads\/2021\/06\/Landious-T.png?fit=500%2C500&ssl=1","width":500,"height":500,"caption":"Landious Travel"}]}},"uagb_featured_image_src":{"full":false,"thumbnail":false,"medium":false,"medium_large":false,"large":false,"1536x1536":false,"2048x2048":false,"newspack-article-block-landscape-large":false,"newspack-article-block-portrait-large":false,"newspack-article-block-square-large":false,"newspack-article-block-landscape-medium":false,"newspack-article-block-portrait-medium":false,"newspack-article-block-square-medium":false,"newspack-article-block-landscape-intermediate":false,"newspack-article-block-portrait-intermediate":false,"newspack-article-block-square-intermediate":false,"newspack-article-block-landscape-small":false,"newspack-article-block-portrait-small":false,"newspack-article-block-square-small":false,"newspack-article-block-landscape-tiny":false,"newspack-article-block-portrait-tiny":false,"newspack-article-block-square-tiny":false,"newspack-article-block-uncropped":false,"woocommerce_thumbnail":false,"woocommerce_single":false,"woocommerce_gallery_thumbnail":false},"uagb_author_info":{"display_name":"Mofreh Landious","author_link":"https:\/\/landioustravel.com\/es\/author\/landious\/"},"uagb_comment_info":0,"uagb_excerpt":"El Valle de los Reyes es un desfiladero con rocas. Este Valle tiene dos divisiones principales: Valle Oriental y Occidental. En la parte oriental, hay muchas tumbas, el n\u00famero aproximado de las cuales es 64; casi todos son reales. Sin embargo, en la regi\u00f3n occidental, hay tumbas, de las cuales no hay tantas. Ubicaci\u00f3n del&hellip;","jetpack_sharing_enabled":true,"jetpack_shortlink":"https:\/\/wp.me\/Par4r5-a4T","jetpack_likes_enabled":true,"amp_enabled":true,"_links":{"self":[{"href":"https:\/\/landioustravel.com\/es\/wp-json\/wp\/v2\/pages\/38743","targetHints":{"allow":["GET"]}}],"collection":[{"href":"https:\/\/landioustravel.com\/es\/wp-json\/wp\/v2\/pages"}],"about":[{"href":"https:\/\/landioustravel.com\/es\/wp-json\/wp\/v2\/types\/page"}],"author":[{"embeddable":true,"href":"https:\/\/landioustravel.com\/es\/wp-json\/wp\/v2\/users\/1"}],"replies":[{"embeddable":true,"href":"https:\/\/landioustravel.com\/es\/wp-json\/wp\/v2\/comments?post=38743"}],"version-history":[{"count":0,"href":"https:\/\/landioustravel.com\/es\/wp-json\/wp\/v2\/pages\/38743\/revisions"}],"wp:attachment":[{"href":"https:\/\/landioustravel.com\/es\/wp-json\/wp\/v2\/media?parent=38743"}],"curies":[{"name":"wp","href":"https:\/\/api.w.org\/{rel}","templated":true}]}}