{"id":38961,"date":"2021-10-07T01:24:52","date_gmt":"2021-10-06T23:24:52","guid":{"rendered":"https:\/\/landioustravel.com\/?page_id=38961"},"modified":"2021-10-07T01:24:56","modified_gmt":"2021-10-06T23:24:56","slug":"palacio-montaza","status":"publish","type":"page","link":"https:\/\/landioustravel.com\/es\/palacio-montaza\/","title":{"rendered":"Palacio de Montaza"},"content":{"rendered":"\n<p>Alejandr\u00eda se encuentra en el delta del <a href=\"https:\/\/landioustravel.com\/es\/egipto\/rio-nilo\/\">r\u00edo Nilo<\/a>; se remonta al 332 a. C. por el rey y gran comandante Alejandro Magno. <a href=\"https:\/\/www.google.com\/maps\/place\/Alexandria,+Alexandria+Governorate\/@31.2240349,29.8148008,11z\/data=!3m1!4b1!4m5!3m4!1s0x14f5c49126710fd3:0xb4e0cda629ee6bb9!8m2!3d31.2000924!4d29.9187387\" target=\"_blank\" rel=\"noreferrer noopener\">Alejandr\u00eda<\/a> es el puerto mar\u00edtimo m\u00e1s importante y la segunda ciudad m\u00e1s grande de <a href=\"https:\/\/landioustravel.com\/es\/egipto\/\">Egipto<\/a>. Es una ciudad antigua que data de 2300 a\u00f1os. De hecho, es la parte m\u00e1s hermosa del barrio real de Bruhein. El palacio del rey se encontraba all\u00ed en esta zona hist\u00f3rica. El rey de Egipto lo llen\u00f3 continuamente de edificios nuevos e inusuales. Como dijo Estrab\u00f3n en \u201cGeograf\u00eda\u201d: \u201cCada rey, por su amor por la pompa, sol\u00eda agregar alguna decoraci\u00f3n a todos los monumentos\u201d. Un muro que rodeaba este elegante distrito real rodeaba el barrio de moda como una fortaleza; la guardia real tambi\u00e9n lo custodiaba. Las c\u00e1maras de la guardia no estaban lejos del propio palacio de Montaza.<\/p>\n\n\n\n<h2 class=\"wp-block-heading\" id=\"h-ubicaci-n-de-palacio-de-montaza\">Ubicaci\u00f3n de Palacio de Montaza<\/h2>\n\n\n\n<div style=\"min-height:400px\" data-map-attr=\"\/qaddress\/q:\/qmontaza palace, alexandria\/q||\/qlat\/q:\/qundefined\/q||\/qlng\/q:\/qundefined\/q||\/qskin\/q:\/qstandard\/q||\/qzoom\/q:\/q12\/q||\/qiconSize\/q:\/q36\/q||\/qmapTypeControl\/q:\/qtrue\/q||\/qzoomControl\/q:\/qtrue\/q||\/qstreetViewControl\/q:\/qtrue\/q||\/qfullscreenControl\/q:\/qtrue\/q\" class=\"wp-block-coblocks-map\"><iframe title=\"Google Map\" frameborder=\"0\" style=\"width:100%;min-height:400px\" src=\"https:\/\/www.google.com\/maps?q=montaza%20palace%2C%20alexandria&amp;output=embed&amp;hl=en-US&amp;z=12\"><\/iframe><\/div>\n\n\n\n<h2 class=\"wp-block-heading\">Elecci\u00f3n del lugar<\/h2>\n\n\n\n<p>La majestuosa Alejandr\u00eda llev\u00f3 el nombre de su comandante Alejandro el Grande, durante muchos a\u00f1os. Sin embargo, casi no hay rastros de \u00e9l en la ciudad, ni en los nombres de las calles ni en los monumentos. Los griegos enterraron a su coronel en Alejandr\u00eda, pero cu\u00e1ndo y c\u00f3mo, todav\u00eda hay muchas disputas al respecto. Los herederos de Alejandro Magno tampoco dejaron nada grande atr\u00e1s. Se llevaron todos los secretos a la tumba. Despu\u00e9s de eso, la famosa dinast\u00eda de Ptolomeos rein\u00f3 en estos lugares. Pero casi no hab\u00eda rastros incluso despu\u00e9s de ellos.<\/p>\n\n\n\n<p>El palacio se encuentra en una bah\u00eda en la parte oriental de Alejandr\u00eda; el Mar Mediterr\u00e1neo lo rodea. La arquitectura del complejo sigui\u00f3 las mejores tradiciones de Turqu\u00eda y Florencia. Se considera un estilo pseudo-morisco; como complemento, se realiza una torre a partir de muestras tomadas del Palacio Florentino de Vecchu. Todo est\u00e1 perfectamente combinado; el castillo es extraordinario y fascinante. Todos pueden ver la torre desde todos los lados de la costa.<\/p>\n\n\n\n<p>Hoy, el pa\u00eds del dios <a href=\"https:\/\/landioustravel.com\/es\/egipto\/deidades-egipcias\/dios-amun\/\">Amon Ra<\/a>, como lo llamaban antes los antiguos egipcios, ha ganado popularidad, no solo gracias a las leyendas y las famosas pir\u00e1mides. Aqu\u00ed hay piezas arquitect\u00f3nicas \u00fanicas y fascinantes. Es el palacio real de Montaza, que fue propiedad y propiedad personal del rey Farouk en la antig\u00fcedad. Y el castillo es la principal atracci\u00f3n de Alejandr\u00eda, as\u00ed como una residencia de verano.<\/p>\n\n\n\n<p>El palacio de Montaza se construy\u00f3 en un hermoso lugar, rodeado de una gran cantidad de palmeras. El gobernante realiz\u00f3 una gran cantidad de haza\u00f1as para las personas. Por esto, fue venerado y tratado con gran respeto.<\/p>\n\n\n\n<h2 class=\"wp-block-heading\">Alrededores<\/h2>\n\n\n\n<p>Cerca hay un parque de 150 hect\u00e1reas, incre\u00edblemente hermoso e impecablemente limpio si lo comparas con el resto de Egipto. El parque es un lugar fascinante y extraordinario donde todo est\u00e1 en una disposici\u00f3n armoniosa. Las estatuas griegas se mezclan a la perfecci\u00f3n con una vegetaci\u00f3n rara y estanques claros. Los egipcios construyeron el parque no lejos del mar Mediterr\u00e1neo. Junto a \u00e9l, hay hermosas playas, muchas callejuelas ubicadas entre los pinos y palmeras en las que crecen los d\u00e1tiles. Se pueden ver casuarinas de con\u00edferas y ficus. Cerca hay una peque\u00f1a cala con una hermosa playa y un puente victoriano muy inusual que conecta todo el parque con una peque\u00f1a isla.<\/p>\n\n\n\n<p>El palacio de Montaza tiene dos edificios. El enorme edificio es un lugar para hombres. Ahora la entrada no est\u00e1 disponible all\u00ed porque es la residencia del presidente de Egipto. Peque\u00f1o: solo las mujeres pod\u00edan venir a esta parte, que ahora aparece como un hotel de lujo. Si entras en el palacio en s\u00ed, puedes ver muchas habitaciones, al menos 250 de ellas. Todas las habitaciones y muebles del castillo tienen grabada la letra F. Esta carta se vio obligada a traer gran felicidad a todos los herederos que continuaron la l\u00ednea de Muhammad Ali. El rey Fouad llam\u00f3 a toda su descendencia por los nombres que comenzaban con esta letra. Tuvo un hijo Farouk y cuatro hijas: Faiza, Faysia, Faika y Fawzia. En la antig\u00fcedad, el propio rey, los miembros de su gran familia y muchos s\u00fabditos pasaban su tiempo libre aqu\u00ed. Es de gran importancia que el rey pasara casi toda su infancia en este hermoso lugar. En 1952, en pleno apogeo de la revoluci\u00f3n, tuvo que abandonar este acogedor y tranquilo lugar.<\/p>\n","protected":false},"excerpt":{"rendered":"<p>Alejandr\u00eda se encuentra en el delta del r\u00edo Nilo; se remonta al 332 a. C. por el rey y gran comandante Alejandro Magno. Alejandr\u00eda es el puerto mar\u00edtimo m\u00e1s importante y la segunda ciudad m\u00e1s grande de Egipto. Es una ciudad antigua que data de 2300 a\u00f1os. De hecho, es la parte m\u00e1s hermosa del [&hellip;]<\/p>\n","protected":false},"author":1,"featured_media":0,"parent":0,"menu_order":0,"comment_status":"open","ping_status":"closed","template":"","meta":{"_coblocks_attr":"","_coblocks_dimensions":"","_coblocks_responsive_height":"","_coblocks_accordion_ie_support":"","_uag_custom_page_level_css":"","footnotes":""},"class_list":["post-38961","page","type-page","status-publish","hentry"],"yoast_head":"<!-- This site is optimized with the Yoast SEO Premium plugin v27.5 (Yoast SEO v27.5) - https:\/\/yoast.com\/product\/yoast-seo-premium-wordpress\/ -->\n<title>Palacio de Montaza<\/title>\n<meta name=\"description\" content=\"Palacio de Montaza Alejandr\u00eda se encuentra en el delta del r\u00edo Nilo; se remonta al 332 a. C. por el rey y gran comandante Alejandro Magno\" \/>\n<meta name=\"robots\" content=\"index, follow, max-snippet:-1, max-image-preview:large, max-video-preview:-1\" \/>\n<link rel=\"canonical\" href=\"https:\/\/landioustravel.com\/es\/palacio-montaza\/\" \/>\n<meta property=\"og:locale\" content=\"es_ES\" \/>\n<meta property=\"og:type\" content=\"article\" \/>\n<meta property=\"og:title\" content=\"Palacio de Montaza\" \/>\n<meta property=\"og:description\" content=\"Palacio de Montaza Alejandr\u00eda se encuentra en el delta del r\u00edo Nilo; se remonta al 332 a. C. por el rey y gran comandante Alejandro Magno\" \/>\n<meta property=\"og:url\" content=\"https:\/\/landioustravel.com\/es\/palacio-montaza\/\" \/>\n<meta property=\"og:site_name\" content=\"Landious Travel\" \/>\n<meta property=\"article:publisher\" content=\"https:\/\/web.facebook.com\/landiousEgypt\" \/>\n<meta property=\"article:modified_time\" content=\"2021-10-06T23:24:56+00:00\" \/>\n<meta name=\"twitter:card\" content=\"summary_large_image\" \/>\n<meta name=\"twitter:site\" content=\"@LandiousTours\" \/>\n<meta name=\"twitter:label1\" content=\"Tiempo de lectura\" \/>\n\t<meta name=\"twitter:data1\" content=\"4 minutos\" \/>\n<script type=\"application\/ld+json\" class=\"yoast-schema-graph\">{\"@context\":\"https:\\\/\\\/schema.org\",\"@graph\":[{\"@type\":\"WebPage\",\"@id\":\"https:\\\/\\\/landioustravel.com\\\/es\\\/palacio-montaza\\\/\",\"url\":\"https:\\\/\\\/landioustravel.com\\\/es\\\/palacio-montaza\\\/\",\"name\":\"Palacio de Montaza\",\"isPartOf\":{\"@id\":\"https:\\\/\\\/landioustravel.com\\\/es\\\/#website\"},\"datePublished\":\"2021-10-06T23:24:52+00:00\",\"dateModified\":\"2021-10-06T23:24:56+00:00\",\"description\":\"Palacio de Montaza Alejandr\u00eda se encuentra en el delta del r\u00edo Nilo; se remonta al 332 a. C. por el rey y gran comandante Alejandro Magno\",\"breadcrumb\":{\"@id\":\"https:\\\/\\\/landioustravel.com\\\/es\\\/palacio-montaza\\\/#breadcrumb\"},\"inLanguage\":\"es\",\"potentialAction\":[{\"@type\":\"ReadAction\",\"target\":[\"https:\\\/\\\/landioustravel.com\\\/es\\\/palacio-montaza\\\/\"]}]},{\"@type\":\"BreadcrumbList\",\"@id\":\"https:\\\/\\\/landioustravel.com\\\/es\\\/palacio-montaza\\\/#breadcrumb\",\"itemListElement\":[{\"@type\":\"ListItem\",\"position\":1,\"name\":\"Home\",\"item\":\"https:\\\/\\\/landioustravel.com\\\/es\\\/\"},{\"@type\":\"ListItem\",\"position\":2,\"name\":\"Palacio de Montaza\"}]},{\"@type\":\"WebSite\",\"@id\":\"https:\\\/\\\/landioustravel.com\\\/es\\\/#website\",\"url\":\"https:\\\/\\\/landioustravel.com\\\/es\\\/\",\"name\":\"Landious Travel\",\"description\":\"Tours and Excursions in Egypt\",\"publisher\":{\"@id\":\"https:\\\/\\\/landioustravel.com\\\/es\\\/#organization\"},\"potentialAction\":[{\"@type\":\"SearchAction\",\"target\":{\"@type\":\"EntryPoint\",\"urlTemplate\":\"https:\\\/\\\/landioustravel.com\\\/es\\\/?s={search_term_string}\"},\"query-input\":{\"@type\":\"PropertyValueSpecification\",\"valueRequired\":true,\"valueName\":\"search_term_string\"}}],\"inLanguage\":\"es\"},{\"@type\":[\"Organization\",\"Place\"],\"@id\":\"https:\\\/\\\/landioustravel.com\\\/es\\\/#organization\",\"name\":\"Landious Travel\",\"alternateName\":\"Landious Travel\",\"url\":\"https:\\\/\\\/landioustravel.com\\\/es\\\/\",\"logo\":{\"@id\":\"https:\\\/\\\/landioustravel.com\\\/es\\\/palacio-montaza\\\/#local-main-organization-logo\"},\"image\":{\"@id\":\"https:\\\/\\\/landioustravel.com\\\/es\\\/palacio-montaza\\\/#local-main-organization-logo\"},\"sameAs\":[\"https:\\\/\\\/web.facebook.com\\\/landiousEgypt\",\"https:\\\/\\\/x.com\\\/LandiousTours\",\"https:\\\/\\\/mastodon.social\\\/@landious\"],\"legalName\":\"Landious Travel\",\"telephone\":[],\"openingHoursSpecification\":[{\"@type\":\"OpeningHoursSpecification\",\"dayOfWeek\":[\"Monday\",\"Tuesday\",\"Wednesday\",\"Thursday\",\"Friday\",\"Saturday\",\"Sunday\"],\"opens\":\"09:00\",\"closes\":\"17:00\"}]},{\"@type\":\"ImageObject\",\"inLanguage\":\"es\",\"@id\":\"https:\\\/\\\/landioustravel.com\\\/es\\\/palacio-montaza\\\/#local-main-organization-logo\",\"url\":\"https:\\\/\\\/i0.wp.com\\\/landioustravel.com\\\/wp-content\\\/uploads\\\/2021\\\/06\\\/Landious-T.png?fit=500%2C500&ssl=1\",\"contentUrl\":\"https:\\\/\\\/i0.wp.com\\\/landioustravel.com\\\/wp-content\\\/uploads\\\/2021\\\/06\\\/Landious-T.png?fit=500%2C500&ssl=1\",\"width\":500,\"height\":500,\"caption\":\"Landious Travel\"}]}<\/script>\n<!-- \/ Yoast SEO Premium plugin. -->","yoast_head_json":{"title":"Palacio de Montaza","description":"Palacio de Montaza Alejandr\u00eda se encuentra en el delta del r\u00edo Nilo; se remonta al 332 a. C. por el rey y gran comandante Alejandro Magno","robots":{"index":"index","follow":"follow","max-snippet":"max-snippet:-1","max-image-preview":"max-image-preview:large","max-video-preview":"max-video-preview:-1"},"canonical":"https:\/\/landioustravel.com\/es\/palacio-montaza\/","og_locale":"es_ES","og_type":"article","og_title":"Palacio de Montaza","og_description":"Palacio de Montaza Alejandr\u00eda se encuentra en el delta del r\u00edo Nilo; se remonta al 332 a. C. por el rey y gran comandante Alejandro Magno","og_url":"https:\/\/landioustravel.com\/es\/palacio-montaza\/","og_site_name":"Landious Travel","article_publisher":"https:\/\/web.facebook.com\/landiousEgypt","article_modified_time":"2021-10-06T23:24:56+00:00","twitter_card":"summary_large_image","twitter_site":"@LandiousTours","twitter_misc":{"Tiempo de lectura":"4 minutos"},"schema":{"@context":"https:\/\/schema.org","@graph":[{"@type":"WebPage","@id":"https:\/\/landioustravel.com\/es\/palacio-montaza\/","url":"https:\/\/landioustravel.com\/es\/palacio-montaza\/","name":"Palacio de Montaza","isPartOf":{"@id":"https:\/\/landioustravel.com\/es\/#website"},"datePublished":"2021-10-06T23:24:52+00:00","dateModified":"2021-10-06T23:24:56+00:00","description":"Palacio de Montaza Alejandr\u00eda se encuentra en el delta del r\u00edo Nilo; se remonta al 332 a. C. por el rey y gran comandante Alejandro Magno","breadcrumb":{"@id":"https:\/\/landioustravel.com\/es\/palacio-montaza\/#breadcrumb"},"inLanguage":"es","potentialAction":[{"@type":"ReadAction","target":["https:\/\/landioustravel.com\/es\/palacio-montaza\/"]}]},{"@type":"BreadcrumbList","@id":"https:\/\/landioustravel.com\/es\/palacio-montaza\/#breadcrumb","itemListElement":[{"@type":"ListItem","position":1,"name":"Home","item":"https:\/\/landioustravel.com\/es\/"},{"@type":"ListItem","position":2,"name":"Palacio de Montaza"}]},{"@type":"WebSite","@id":"https:\/\/landioustravel.com\/es\/#website","url":"https:\/\/landioustravel.com\/es\/","name":"Landious Travel","description":"Tours and Excursions in Egypt","publisher":{"@id":"https:\/\/landioustravel.com\/es\/#organization"},"potentialAction":[{"@type":"SearchAction","target":{"@type":"EntryPoint","urlTemplate":"https:\/\/landioustravel.com\/es\/?s={search_term_string}"},"query-input":{"@type":"PropertyValueSpecification","valueRequired":true,"valueName":"search_term_string"}}],"inLanguage":"es"},{"@type":["Organization","Place"],"@id":"https:\/\/landioustravel.com\/es\/#organization","name":"Landious Travel","alternateName":"Landious Travel","url":"https:\/\/landioustravel.com\/es\/","logo":{"@id":"https:\/\/landioustravel.com\/es\/palacio-montaza\/#local-main-organization-logo"},"image":{"@id":"https:\/\/landioustravel.com\/es\/palacio-montaza\/#local-main-organization-logo"},"sameAs":["https:\/\/web.facebook.com\/landiousEgypt","https:\/\/x.com\/LandiousTours","https:\/\/mastodon.social\/@landious"],"legalName":"Landious Travel","telephone":[],"openingHoursSpecification":[{"@type":"OpeningHoursSpecification","dayOfWeek":["Monday","Tuesday","Wednesday","Thursday","Friday","Saturday","Sunday"],"opens":"09:00","closes":"17:00"}]},{"@type":"ImageObject","inLanguage":"es","@id":"https:\/\/landioustravel.com\/es\/palacio-montaza\/#local-main-organization-logo","url":"https:\/\/i0.wp.com\/landioustravel.com\/wp-content\/uploads\/2021\/06\/Landious-T.png?fit=500%2C500&ssl=1","contentUrl":"https:\/\/i0.wp.com\/landioustravel.com\/wp-content\/uploads\/2021\/06\/Landious-T.png?fit=500%2C500&ssl=1","width":500,"height":500,"caption":"Landious Travel"}]}},"uagb_featured_image_src":{"full":false,"thumbnail":false,"medium":false,"medium_large":false,"large":false,"1536x1536":false,"2048x2048":false,"newspack-article-block-landscape-large":false,"newspack-article-block-portrait-large":false,"newspack-article-block-square-large":false,"newspack-article-block-landscape-medium":false,"newspack-article-block-portrait-medium":false,"newspack-article-block-square-medium":false,"newspack-article-block-landscape-intermediate":false,"newspack-article-block-portrait-intermediate":false,"newspack-article-block-square-intermediate":false,"newspack-article-block-landscape-small":false,"newspack-article-block-portrait-small":false,"newspack-article-block-square-small":false,"newspack-article-block-landscape-tiny":false,"newspack-article-block-portrait-tiny":false,"newspack-article-block-square-tiny":false,"newspack-article-block-uncropped":false,"woocommerce_thumbnail":false,"woocommerce_single":false,"woocommerce_gallery_thumbnail":false},"uagb_author_info":{"display_name":"Mofreh Landious","author_link":"https:\/\/landioustravel.com\/es\/author\/landious\/"},"uagb_comment_info":0,"uagb_excerpt":"Alejandr\u00eda se encuentra en el delta del r\u00edo Nilo; se remonta al 332 a. C. por el rey y gran comandante Alejandro Magno. Alejandr\u00eda es el puerto mar\u00edtimo m\u00e1s importante y la segunda ciudad m\u00e1s grande de Egipto. Es una ciudad antigua que data de 2300 a\u00f1os. De hecho, es la parte m\u00e1s hermosa del&hellip;","jetpack_sharing_enabled":true,"jetpack_shortlink":"https:\/\/wp.me\/Par4r5-a8p","jetpack_likes_enabled":true,"amp_enabled":true,"_links":{"self":[{"href":"https:\/\/landioustravel.com\/es\/wp-json\/wp\/v2\/pages\/38961","targetHints":{"allow":["GET"]}}],"collection":[{"href":"https:\/\/landioustravel.com\/es\/wp-json\/wp\/v2\/pages"}],"about":[{"href":"https:\/\/landioustravel.com\/es\/wp-json\/wp\/v2\/types\/page"}],"author":[{"embeddable":true,"href":"https:\/\/landioustravel.com\/es\/wp-json\/wp\/v2\/users\/1"}],"replies":[{"embeddable":true,"href":"https:\/\/landioustravel.com\/es\/wp-json\/wp\/v2\/comments?post=38961"}],"version-history":[{"count":0,"href":"https:\/\/landioustravel.com\/es\/wp-json\/wp\/v2\/pages\/38961\/revisions"}],"wp:attachment":[{"href":"https:\/\/landioustravel.com\/es\/wp-json\/wp\/v2\/media?parent=38961"}],"curies":[{"name":"wp","href":"https:\/\/api.w.org\/{rel}","templated":true}]}}