{"id":39197,"date":"2021-10-10T15:04:48","date_gmt":"2021-10-10T13:04:48","guid":{"rendered":"https:\/\/landioustravel.com\/?page_id=39197"},"modified":"2021-10-11T00:09:32","modified_gmt":"2021-10-10T22:09:32","slug":"diosa-tefnut","status":"publish","type":"page","link":"https:\/\/landioustravel.com\/es\/egipto\/deidades-egipcias\/diosa-tefnut\/","title":{"rendered":"Diosa Tefnut"},"content":{"rendered":"\n<p>Tefnut es una deidad egipcia de la religi\u00f3n del <a href=\"https:\/\/landioustravel.com\/es\/egipto\/historia-egipto\/\">Antiguo Egipto<\/a> del aire h\u00famedo, la humedad, las gotas de roc\u00edo y la lluvia. Ella era una de las diosas m\u00e1s prominentes de la fe antigua y estaba asociada con varias otras <a href=\"https:\/\/landioustravel.com\/es\/egipto\/deidades-egipcias\/\">deidades<\/a> importantes. Seg\u00fan los textos antiguos, la diosa Tefnut era hermana y consorte del dios del aire Shu. Adem\u00e1s, es la madre de <a href=\"https:\/\/landioustravel.com\/es\/egipto\/deidades-egipcias\/dios-geb\/\">Geb<\/a> (padre de serpientes) y Nut (diosa del cielo).<\/p>\n\n\n\n<p>La gente moderna tiene f\u00e1cil acceso al agua, pero no podemos decir lo mismo de los antiguos egipcios. Rodeado de un duro postre en el calor extenuante, el agua jug\u00f3 un papel vital en mantener la armon\u00eda c\u00f3smica para asegurar que el <a href=\"https:\/\/landioustravel.com\/es\/egipto\/rio-nilo\/\">r\u00edo Nilo<\/a> prospere. Las tradiciones antiguas afirman que la diosa Tefnut jug\u00f3 un papel esencial al hacerlo.<\/p>\n\n\n\n<h2 class=\"wp-block-heading\" id=\"h-las-asociaciones-de-la-diosa-tefnut\">Las asociaciones de la diosa Tefnut<\/h2>\n\n\n\n<p>Tefnut es una de las diosas m\u00e1s antiguas de la antigua religi\u00f3n egipcia. Dado que es la diosa del agua, ha estado presente desde la creaci\u00f3n de la Tierra. La mitolog\u00eda egipcia afirma que el creador c\u00f3smico de Ra-Atum escupi\u00f3 y dio a luz a Tefnut y a su hermano gemelo, el dios Shu del aire seco.<\/p>\n\n\n\n<p>Tefnut y su hermano Shu se complementan mientras ejercen fuerzas opuestas. M\u00e1s tarde tambi\u00e9n se convirti\u00f3 en la consorte de Shu y dio a luz a Geb y Nut. Entre sus nietos se encontraban dioses poderosos como <a href=\"https:\/\/landioustravel.com\/es\/egipto\/deidades-egipcias\/dios-osiris\/\">Osiris<\/a>, <a href=\"https:\/\/landioustravel.com\/es\/egipto\/deidades-egipcias\/diosa-neftis\/\">Neftis<\/a>, <a href=\"https:\/\/landioustravel.com\/es\/egipto\/deidades-egipcias\/diosa-isis\/\">Isis<\/a> y <a href=\"https:\/\/landioustravel.com\/es\/egipto\/deidades-egipcias\/dios-set\/\">Set<\/a>. En algunas versiones, tambi\u00e9n es la abuela de <a href=\"https:\/\/landioustravel.com\/es\/egipto\/deidades-egipcias\/dios-horus\/\">Horus<\/a> el Viejo y Horus el Joven.<\/p>\n\n\n\n<p>Junto con su hermano, padre, hijos y nietos, Tefnut forma la En\u00e9ada de Heli\u00f3polis, un grupo de nueve deidades adoradas en Heli\u00f3polis. Como es el caso de otros dioses del pante\u00f3n, la historia del origen de Tefnuts var\u00eda seg\u00fan las diferentes regiones.<\/p>\n\n\n\n<p>Sin embargo, el mito de la creaci\u00f3n de Tefnut siempre la muestra como producto de la partenog\u00e9nesis (reproducci\u00f3n asexual). Todos estos cuentos siguen un tema com\u00fan para la creaci\u00f3n de Tefnut. Estos cuentos mencionan que proviene de alg\u00fan tipo de fluidos corporales.<\/p>\n\n\n\n<p>En el mito heliopolitano, Ra-Atum estornud\u00f3 y cre\u00f3 Tefnut con Shu. El famoso Texto de la Pir\u00e1mide 527 dice: \u201cAtum fue creativo en el sentido de que procedi\u00f3 a estornudar mientras estaba en Heli\u00f3polis. Y nacieron hermano y hermana, eso es Shu y Tefnut \u201d.<\/p>\n\n\n\n<p>Otras versiones afirman que la saliva de Atum cre\u00f3 Tefnut. El sonido tef de la palabra Tefnut tambi\u00e9n constituye la palabra que significa \u201cescupir\u201d. Los Textos del ata\u00fad contienen referencias a los mitos y afirman que Atum estornud\u00f3 y Tefnut naci\u00f3 de su saliva. Otros textos religiosos afirman que Atum estornud\u00f3 su saliva para formar a los gemelos.<\/p>\n\n\n\n<h2 class=\"wp-block-heading\">Iconograf\u00eda y simbolismo<\/h2>\n\n\n\n<p>Los textos y s\u00edmbolos antiguos presentan a Tefnut como una deidad leonina que adopta la forma de un ser humano con cabeza de leona. Esta representaci\u00f3n proviene de la \u00e9poca en que form\u00f3 parte de la Gran En\u00e9ada de Heli\u00f3polis. Los s\u00edmbolos a menudo la representan como una leona o en una forma completamente humana.<\/p>\n\n\n\n<p>Tefnut no es la \u00fanica diosa representada en forma de leona. Sin embargo, los s\u00edmbolos la representan como una leona con orejas puntiagudas. Por el contrario, la <a href=\"https:\/\/landioustravel.com\/es\/egipto\/deidades-egipcias\/diosa-sejmet\/\">diosa Sejmet<\/a> es una leona con orejas redondeadas.<\/p>\n\n\n\n<p>El simbolismo de Tefnut como le\u00f3n indica su poder y papel como protectora. M\u00e1s tarde, varios mitos la retrataron como la m\u00e1xima protectora y guardiana de <a href=\"https:\/\/landioustravel.com\/es\/egipto\/deidades-egipcias\/dios-ra\/\">Ra<\/a>.<\/p>\n\n\n\n<p>Muchos s\u00edmbolos la representan como una forma total o semi antropom\u00f3rfica. Estas formas la muestran con una peluca coronada con una serpiente uraeus o un uraeus y un disco solar. Este simbolismo reforz\u00f3 el papel de Tefnut como protector, ya que el s\u00edmbolo era el signo divino de protecci\u00f3n.<\/p>\n\n\n\n<p>Las dinast\u00edas XVIII y XIX retrataron a Tefnut en forma humana con un tocado bajo y plano coronado con plantas que brotaban. Junto con eso, a veces aparece como una serpiente con cabeza de le\u00f3n. Varias piezas de cuello muestran su rostro en forma de dos cabezas con su hermano Shu.<\/p>\n\n\n\n<p>La gente us\u00f3 esta representaci\u00f3n, particularmente durante el per\u00edodo de Amarna. A menudo se pod\u00eda ver sus manos sosteniendo un bast\u00f3n como s\u00edmbolo de poder. Tambi\u00e9n ten\u00eda una forma que parec\u00eda una cruz con un c\u00edrculo en la parte superior.<\/p>\n\n\n\n<p>Este s\u00edmbolo se llama Ankh y fue uno de los s\u00edmbolos m\u00e1s importantes e influyentes de la mitolog\u00eda egipcia antigua. El Ankh representaba la vida, y no es de extra\u00f1ar que la diosa del agua tuviera el s\u00edmbolo de la vida en sus manos.<\/p>\n\n\n\n<p>Adem\u00e1s, algunos s\u00edmbolos representan a la madre de Akhenaton, Tiye, que lleva el mismo tocado y se identifica con Hathor-Tefnut. La arque\u00f3loga Joyce Tyldesley pens\u00f3 que la ic\u00f3nica corona azul de Nefertiti derivaba del tocado de Tiye. Podr\u00eda indicar que ella tambi\u00e9n se identific\u00f3 con Tefnut.<\/p>\n\n\n\n<h2 class=\"wp-block-heading\">Religi\u00f3n y culto de Tefnut<\/h2>\n\n\n\n<p>Los antiguos egipcios se tomaban muy en serio los rituales relacionados con Tefnut. En particular, Heli\u00f3polis y <a href=\"https:\/\/www.google.com\/maps\/place\/Kafr+Al+Meqdam,+Mit+Ghamr,+Dakahlia+Governorate\/@30.6851478,31.3410665,14z\/data=!3m1!4b1!4m5!3m4!1s0x14f7ec0b4a5986df:0x732580efd0573986!8m2!3d30.6904441!4d31.3684577\" target=\"_blank\" rel=\"noreferrer noopener\">Leontopolis<\/a> aparecieron como los principales centros de culto de Tefnut. Es de destacar que Heliopolites adoraba a Tefnut como uno de los miembros de la gran En\u00e9ada de la ciudad. Adem\u00e1s, veneraron a esta diosa en toda la tierra de Egipto.<\/p>\n\n\n\n<p>Los ciudadanos asignados a ella con la purificaci\u00f3n de los sacerdotes como parte del rito del templo. La ciudad tambi\u00e9n ten\u00eda un santuario llamado Menet Inferior dedicado a esta diosa.<\/p>\n\n\n\n<p>El <a href=\"https:\/\/landioustravel.com\/es\/egipto\/templos-egipcios\/templos-karnak\/\">templo de Karnak<\/a> vio a Tefnut como parte de la En\u00e9ada y la invoc\u00f3 en oraciones por la salud y el bienestar del rey. Adem\u00e1s, la gente en Shu adoraba a Shu como un par de leones en Leontopolis en el Delta del Nilo.<\/p>\n\n\n\n<h2 class=\"wp-block-heading\">Mitolog\u00eda de Tefnut<\/h2>\n\n\n\n<p>Las leyendas afirman que la diosa mostr\u00f3 un aspecto airado. Atrapada por la rabia y los celos por la adoraci\u00f3n m\u00e1s elevada que se muestra hacia sus nietos, escap\u00f3 a Nubia.<\/p>\n\n\n\n<p>Solo regres\u00f3 cuando el <a href=\"https:\/\/landioustravel.com\/es\/egipto\/deidades-egipcias\/dios-thot\/\">dios Thot<\/a> le dio el t\u00edtulo de \u00abhonorable\u00bb. Los textos de las pir\u00e1mides anteriores afirman que la diosa produjo agua pura de su vagina.<\/p>\n\n\n\n<p>Otras leyendas afirman que Shu se separ\u00f3 de su hermana, esposa e hijo. M\u00e1s tarde, Geb desafi\u00f3 a su padre, lo que lo hizo retirarse del mundo. Por lo tanto, Geb tom\u00f3 a su madre Tefnut como su reina consorte principal, ya que estaba enamorado de ella.<\/p>\n\n\n\n<h2 class=\"wp-block-heading\">Conclusi\u00f3n<\/h2>\n\n\n\n<p>Tenfnut era un famoso dios del antiguo Egipto a quien la gente veneraba por sus capacidades protectoras y portadoras de vida. Sus conexiones posteriores con otros dioses poderosos cimentaron su lugar en las mitolog\u00edas y cuentos antiguos. Hasta la fecha, es com\u00fan encontrar su nombre como la creadora del agua que dio vida y trajo abundancia a la tierra de Egipto.<\/p>\n","protected":false},"excerpt":{"rendered":"<p>Tefnut es una deidad egipcia de la religi\u00f3n del Antiguo Egipto del aire h\u00famedo, la humedad, las gotas de roc\u00edo y la lluvia. Ella era una de las diosas m\u00e1s prominentes de la fe antigua y estaba asociada con varias otras deidades importantes. Seg\u00fan los textos antiguos, la diosa Tefnut era hermana y consorte del [&hellip;]<\/p>\n","protected":false},"author":1,"featured_media":0,"parent":3629,"menu_order":0,"comment_status":"open","ping_status":"closed","template":"","meta":{"_coblocks_attr":"","_coblocks_dimensions":"","_coblocks_responsive_height":"","_coblocks_accordion_ie_support":"","_uag_custom_page_level_css":"","jetpack_post_was_ever_published":false,"footnotes":""},"class_list":["post-39197","page","type-page","status-publish","hentry"],"yoast_head":"<!-- This site is optimized with the Yoast SEO Premium plugin v26.9 (Yoast SEO v27.3) - https:\/\/yoast.com\/product\/yoast-seo-premium-wordpress\/ -->\n<title>Diosa Tefnut<\/title>\n<meta name=\"description\" content=\"Diosa Tefnut es una deidad egipcia de la religi\u00f3n del Antiguo Egipto del aire h\u00famedo, la humedad, las gotas de roc\u00edo y la lluvia. Ella era\" \/>\n<meta name=\"robots\" content=\"index, follow, max-snippet:-1, max-image-preview:large, max-video-preview:-1\" \/>\n<link rel=\"canonical\" href=\"https:\/\/landioustravel.com\/es\/egipto\/deidades-egipcias\/diosa-tefnut\/\" \/>\n<meta property=\"og:locale\" content=\"es_ES\" \/>\n<meta property=\"og:type\" content=\"article\" \/>\n<meta property=\"og:title\" content=\"Diosa Tefnut\" \/>\n<meta property=\"og:description\" content=\"Diosa Tefnut es una deidad egipcia de la religi\u00f3n del Antiguo Egipto del aire h\u00famedo, la humedad, las gotas de roc\u00edo y la lluvia. Ella era\" \/>\n<meta property=\"og:url\" content=\"https:\/\/landioustravel.com\/es\/egipto\/deidades-egipcias\/diosa-tefnut\/\" \/>\n<meta property=\"og:site_name\" content=\"Landious Travel\" \/>\n<meta property=\"article:publisher\" content=\"https:\/\/web.facebook.com\/landiousEgypt\" \/>\n<meta property=\"article:modified_time\" content=\"2021-10-10T22:09:32+00:00\" \/>\n<meta name=\"twitter:card\" content=\"summary_large_image\" \/>\n<meta name=\"twitter:site\" content=\"@LandiousTours\" \/>\n<meta name=\"twitter:label1\" content=\"Tiempo de lectura\" \/>\n\t<meta name=\"twitter:data1\" content=\"5 minutos\" \/>\n<script type=\"application\/ld+json\" class=\"yoast-schema-graph\">{\"@context\":\"https:\\\/\\\/schema.org\",\"@graph\":[{\"@type\":\"WebPage\",\"@id\":\"https:\\\/\\\/landioustravel.com\\\/es\\\/egipto\\\/deidades-egipcias\\\/diosa-tefnut\\\/\",\"url\":\"https:\\\/\\\/landioustravel.com\\\/es\\\/egipto\\\/deidades-egipcias\\\/diosa-tefnut\\\/\",\"name\":\"Diosa Tefnut\",\"isPartOf\":{\"@id\":\"https:\\\/\\\/landioustravel.com\\\/es\\\/#website\"},\"datePublished\":\"2021-10-10T13:04:48+00:00\",\"dateModified\":\"2021-10-10T22:09:32+00:00\",\"description\":\"Diosa Tefnut es una deidad egipcia de la religi\u00f3n del Antiguo Egipto del aire h\u00famedo, la humedad, las gotas de roc\u00edo y la lluvia. Ella era\",\"breadcrumb\":{\"@id\":\"https:\\\/\\\/landioustravel.com\\\/es\\\/egipto\\\/deidades-egipcias\\\/diosa-tefnut\\\/#breadcrumb\"},\"inLanguage\":\"es\",\"potentialAction\":[{\"@type\":\"ReadAction\",\"target\":[\"https:\\\/\\\/landioustravel.com\\\/es\\\/egipto\\\/deidades-egipcias\\\/diosa-tefnut\\\/\"]}]},{\"@type\":\"BreadcrumbList\",\"@id\":\"https:\\\/\\\/landioustravel.com\\\/es\\\/egipto\\\/deidades-egipcias\\\/diosa-tefnut\\\/#breadcrumb\",\"itemListElement\":[{\"@type\":\"ListItem\",\"position\":1,\"name\":\"Home\",\"item\":\"https:\\\/\\\/landioustravel.com\\\/es\\\/\"},{\"@type\":\"ListItem\",\"position\":2,\"name\":\"Egipto\",\"item\":\"https:\\\/\\\/landioustravel.com\\\/es\\\/egipto\\\/\"},{\"@type\":\"ListItem\",\"position\":3,\"name\":\"Deidades egipcias\",\"item\":\"https:\\\/\\\/landioustravel.com\\\/es\\\/egipto\\\/deidades-egipcias\\\/\"},{\"@type\":\"ListItem\",\"position\":4,\"name\":\"Diosa Tefnut\"}]},{\"@type\":\"WebSite\",\"@id\":\"https:\\\/\\\/landioustravel.com\\\/es\\\/#website\",\"url\":\"https:\\\/\\\/landioustravel.com\\\/es\\\/\",\"name\":\"Landious Travel\",\"description\":\"Tours and Excursions in Egypt\",\"publisher\":{\"@id\":\"https:\\\/\\\/landioustravel.com\\\/es\\\/#organization\"},\"potentialAction\":[{\"@type\":\"SearchAction\",\"target\":{\"@type\":\"EntryPoint\",\"urlTemplate\":\"https:\\\/\\\/landioustravel.com\\\/es\\\/?s={search_term_string}\"},\"query-input\":{\"@type\":\"PropertyValueSpecification\",\"valueRequired\":true,\"valueName\":\"search_term_string\"}}],\"inLanguage\":\"es\"},{\"@type\":[\"Organization\",\"Place\"],\"@id\":\"https:\\\/\\\/landioustravel.com\\\/es\\\/#organization\",\"name\":\"Landious Travel\",\"alternateName\":\"Landious Travel\",\"url\":\"https:\\\/\\\/landioustravel.com\\\/es\\\/\",\"logo\":{\"@id\":\"https:\\\/\\\/landioustravel.com\\\/es\\\/egipto\\\/deidades-egipcias\\\/diosa-tefnut\\\/#local-main-organization-logo\"},\"image\":{\"@id\":\"https:\\\/\\\/landioustravel.com\\\/es\\\/egipto\\\/deidades-egipcias\\\/diosa-tefnut\\\/#local-main-organization-logo\"},\"sameAs\":[\"https:\\\/\\\/web.facebook.com\\\/landiousEgypt\",\"https:\\\/\\\/x.com\\\/LandiousTours\",\"https:\\\/\\\/mastodon.social\\\/@landious\"],\"legalName\":\"Landious Travel\",\"telephone\":[],\"openingHoursSpecification\":[{\"@type\":\"OpeningHoursSpecification\",\"dayOfWeek\":[\"Monday\",\"Tuesday\",\"Wednesday\",\"Thursday\",\"Friday\",\"Saturday\",\"Sunday\"],\"opens\":\"09:00\",\"closes\":\"17:00\"}]},{\"@type\":\"ImageObject\",\"inLanguage\":\"es\",\"@id\":\"https:\\\/\\\/landioustravel.com\\\/es\\\/egipto\\\/deidades-egipcias\\\/diosa-tefnut\\\/#local-main-organization-logo\",\"url\":\"https:\\\/\\\/i0.wp.com\\\/landioustravel.com\\\/wp-content\\\/uploads\\\/2021\\\/06\\\/Landious-T.png?fit=500%2C500&ssl=1\",\"contentUrl\":\"https:\\\/\\\/i0.wp.com\\\/landioustravel.com\\\/wp-content\\\/uploads\\\/2021\\\/06\\\/Landious-T.png?fit=500%2C500&ssl=1\",\"width\":500,\"height\":500,\"caption\":\"Landious Travel\"}]}<\/script>\n<!-- \/ Yoast SEO Premium plugin. -->","yoast_head_json":{"title":"Diosa Tefnut","description":"Diosa Tefnut es una deidad egipcia de la religi\u00f3n del Antiguo Egipto del aire h\u00famedo, la humedad, las gotas de roc\u00edo y la lluvia. Ella era","robots":{"index":"index","follow":"follow","max-snippet":"max-snippet:-1","max-image-preview":"max-image-preview:large","max-video-preview":"max-video-preview:-1"},"canonical":"https:\/\/landioustravel.com\/es\/egipto\/deidades-egipcias\/diosa-tefnut\/","og_locale":"es_ES","og_type":"article","og_title":"Diosa Tefnut","og_description":"Diosa Tefnut es una deidad egipcia de la religi\u00f3n del Antiguo Egipto del aire h\u00famedo, la humedad, las gotas de roc\u00edo y la lluvia. Ella era","og_url":"https:\/\/landioustravel.com\/es\/egipto\/deidades-egipcias\/diosa-tefnut\/","og_site_name":"Landious Travel","article_publisher":"https:\/\/web.facebook.com\/landiousEgypt","article_modified_time":"2021-10-10T22:09:32+00:00","twitter_card":"summary_large_image","twitter_site":"@LandiousTours","twitter_misc":{"Tiempo de lectura":"5 minutos"},"schema":{"@context":"https:\/\/schema.org","@graph":[{"@type":"WebPage","@id":"https:\/\/landioustravel.com\/es\/egipto\/deidades-egipcias\/diosa-tefnut\/","url":"https:\/\/landioustravel.com\/es\/egipto\/deidades-egipcias\/diosa-tefnut\/","name":"Diosa Tefnut","isPartOf":{"@id":"https:\/\/landioustravel.com\/es\/#website"},"datePublished":"2021-10-10T13:04:48+00:00","dateModified":"2021-10-10T22:09:32+00:00","description":"Diosa Tefnut es una deidad egipcia de la religi\u00f3n del Antiguo Egipto del aire h\u00famedo, la humedad, las gotas de roc\u00edo y la lluvia. Ella era","breadcrumb":{"@id":"https:\/\/landioustravel.com\/es\/egipto\/deidades-egipcias\/diosa-tefnut\/#breadcrumb"},"inLanguage":"es","potentialAction":[{"@type":"ReadAction","target":["https:\/\/landioustravel.com\/es\/egipto\/deidades-egipcias\/diosa-tefnut\/"]}]},{"@type":"BreadcrumbList","@id":"https:\/\/landioustravel.com\/es\/egipto\/deidades-egipcias\/diosa-tefnut\/#breadcrumb","itemListElement":[{"@type":"ListItem","position":1,"name":"Home","item":"https:\/\/landioustravel.com\/es\/"},{"@type":"ListItem","position":2,"name":"Egipto","item":"https:\/\/landioustravel.com\/es\/egipto\/"},{"@type":"ListItem","position":3,"name":"Deidades egipcias","item":"https:\/\/landioustravel.com\/es\/egipto\/deidades-egipcias\/"},{"@type":"ListItem","position":4,"name":"Diosa Tefnut"}]},{"@type":"WebSite","@id":"https:\/\/landioustravel.com\/es\/#website","url":"https:\/\/landioustravel.com\/es\/","name":"Landious Travel","description":"Tours and Excursions in Egypt","publisher":{"@id":"https:\/\/landioustravel.com\/es\/#organization"},"potentialAction":[{"@type":"SearchAction","target":{"@type":"EntryPoint","urlTemplate":"https:\/\/landioustravel.com\/es\/?s={search_term_string}"},"query-input":{"@type":"PropertyValueSpecification","valueRequired":true,"valueName":"search_term_string"}}],"inLanguage":"es"},{"@type":["Organization","Place"],"@id":"https:\/\/landioustravel.com\/es\/#organization","name":"Landious Travel","alternateName":"Landious Travel","url":"https:\/\/landioustravel.com\/es\/","logo":{"@id":"https:\/\/landioustravel.com\/es\/egipto\/deidades-egipcias\/diosa-tefnut\/#local-main-organization-logo"},"image":{"@id":"https:\/\/landioustravel.com\/es\/egipto\/deidades-egipcias\/diosa-tefnut\/#local-main-organization-logo"},"sameAs":["https:\/\/web.facebook.com\/landiousEgypt","https:\/\/x.com\/LandiousTours","https:\/\/mastodon.social\/@landious"],"legalName":"Landious Travel","telephone":[],"openingHoursSpecification":[{"@type":"OpeningHoursSpecification","dayOfWeek":["Monday","Tuesday","Wednesday","Thursday","Friday","Saturday","Sunday"],"opens":"09:00","closes":"17:00"}]},{"@type":"ImageObject","inLanguage":"es","@id":"https:\/\/landioustravel.com\/es\/egipto\/deidades-egipcias\/diosa-tefnut\/#local-main-organization-logo","url":"https:\/\/i0.wp.com\/landioustravel.com\/wp-content\/uploads\/2021\/06\/Landious-T.png?fit=500%2C500&ssl=1","contentUrl":"https:\/\/i0.wp.com\/landioustravel.com\/wp-content\/uploads\/2021\/06\/Landious-T.png?fit=500%2C500&ssl=1","width":500,"height":500,"caption":"Landious Travel"}]}},"uagb_featured_image_src":{"full":false,"thumbnail":false,"medium":false,"medium_large":false,"large":false,"1536x1536":false,"2048x2048":false,"newspack-article-block-landscape-large":false,"newspack-article-block-portrait-large":false,"newspack-article-block-square-large":false,"newspack-article-block-landscape-medium":false,"newspack-article-block-portrait-medium":false,"newspack-article-block-square-medium":false,"newspack-article-block-landscape-intermediate":false,"newspack-article-block-portrait-intermediate":false,"newspack-article-block-square-intermediate":false,"newspack-article-block-landscape-small":false,"newspack-article-block-portrait-small":false,"newspack-article-block-square-small":false,"newspack-article-block-landscape-tiny":false,"newspack-article-block-portrait-tiny":false,"newspack-article-block-square-tiny":false,"newspack-article-block-uncropped":false,"woocommerce_thumbnail":false,"woocommerce_single":false,"woocommerce_gallery_thumbnail":false},"uagb_author_info":{"display_name":"Mofreh Landious","author_link":"https:\/\/landioustravel.com\/es\/author\/landious\/"},"uagb_comment_info":0,"uagb_excerpt":"Tefnut es una deidad egipcia de la religi\u00f3n del Antiguo Egipto del aire h\u00famedo, la humedad, las gotas de roc\u00edo y la lluvia. Ella era una de las diosas m\u00e1s prominentes de la fe antigua y estaba asociada con varias otras deidades importantes. Seg\u00fan los textos antiguos, la diosa Tefnut era hermana y consorte del&hellip;","jetpack_sharing_enabled":true,"jetpack_shortlink":"https:\/\/wp.me\/Par4r5-acd","jetpack_likes_enabled":true,"amp_enabled":true,"_links":{"self":[{"href":"https:\/\/landioustravel.com\/es\/wp-json\/wp\/v2\/pages\/39197","targetHints":{"allow":["GET"]}}],"collection":[{"href":"https:\/\/landioustravel.com\/es\/wp-json\/wp\/v2\/pages"}],"about":[{"href":"https:\/\/landioustravel.com\/es\/wp-json\/wp\/v2\/types\/page"}],"author":[{"embeddable":true,"href":"https:\/\/landioustravel.com\/es\/wp-json\/wp\/v2\/users\/1"}],"replies":[{"embeddable":true,"href":"https:\/\/landioustravel.com\/es\/wp-json\/wp\/v2\/comments?post=39197"}],"version-history":[{"count":0,"href":"https:\/\/landioustravel.com\/es\/wp-json\/wp\/v2\/pages\/39197\/revisions"}],"up":[{"embeddable":true,"href":"https:\/\/landioustravel.com\/es\/wp-json\/wp\/v2\/pages\/3629"}],"wp:attachment":[{"href":"https:\/\/landioustravel.com\/es\/wp-json\/wp\/v2\/media?parent=39197"}],"curies":[{"name":"wp","href":"https:\/\/api.w.org\/{rel}","templated":true}]}}