{"id":4591,"date":"2019-05-16T12:37:04","date_gmt":"2019-05-16T10:37:04","guid":{"rendered":"https:\/\/landioustravel.com\/?page_id=4591"},"modified":"2019-07-09T03:07:19","modified_gmt":"2019-07-09T01:07:19","slug":"islas-mar-egipcio","status":"publish","type":"page","link":"https:\/\/landioustravel.com\/es\/egipto\/islas-mar-egipcio\/","title":{"rendered":"Islas del mar egipcio"},"content":{"rendered":"\n<p><amp-fit-text layout=\"fixed-height\" min-font-size=\"14\" max-font-size=\"48\" height=\"50\"><a href=\"https:\/\/landioustravel.com\/es\/egipto\/\">Egipto<\/a> limita con el Mar Rojo al este y el Mar Mediterr\u00e1neo al norte. La costa del Mar Rojo se extiende 800 km desde Suez hasta la frontera con Sud\u00e1n. Mientras que la costa del Mar Mediterr\u00e1neo se extiende por aproximadamente 1,050 km desde el lado este de la pen\u00ednsula del Sina\u00ed en la frontera entre Egipto y Gaza hasta la aldea occidental de Sallum en la frontera de Egipto con Libia.<\/amp-fit-text><\/p>\n\n\n\n<p><amp-fit-text layout=\"fixed-height\" min-font-size=\"14\" max-font-size=\"48\" height=\"50\">Estas \u00e1reas marinas naturales tienen una serie de islas egipcias. Todas estas islas son las naturales que se esperan del artificial en el Golfo de Aqaba.<\/amp-fit-text><\/p>\n\n\n\n<amp-fit-text layout=\"fixed-height\" min-font-size=\"6\" max-font-size=\"72\" height=\"80\"><h2 class=\"wp-block-heading\">Lista de la isla del mar en Egipto<\/h2><\/amp-fit-text>\n\n\n\n<p><amp-fit-text layout=\"fixed-height\" min-font-size=\"14\" max-font-size=\"48\" height=\"50\">Aqu\u00ed, listaremos estas islas de acuerdo a su ubicaci\u00f3n:<\/amp-fit-text><\/p>\n\n\n\n<amp-fit-text layout=\"fixed-height\" min-font-size=\"14\" max-font-size=\"48\" height=\"50\"><h3 class=\"wp-block-heading\">Islas del mar rojo<\/h3><\/amp-fit-text>\n\n\n\n<ul class=\"wp-block-list\"><li><a href=\"https:\/\/landioustravel.com\/es\/egipto\/islas-mar-egipcio\/islas-giftun\/\">Islas Giftun<\/a><\/li><li>Abu Monkar<\/li><li>Islas Hamata<\/li><li>Islas El Ikhwa<\/li><li>Isla Verde<\/li><li>Isla Mukkawar<\/li><li>Isla del fara\u00f3n<\/li><li>Isla Sanafir<\/li><li>Isla Shadwan<\/li><li>Isla Tiran<\/li><li>Isla Zabargad<\/li><\/ul>\n\n\n\n<amp-fit-text layout=\"fixed-height\" min-font-size=\"6\" max-font-size=\"72\" height=\"80\"><h3 class=\"wp-block-heading\">Islas del mar mediterraneo<\/h3><\/amp-fit-text>\n\n\n\n<ul class=\"wp-block-list\"><li>Isla de Nelson<\/li><\/ul>\n","protected":false},"excerpt":{"rendered":"<p>Egipto limita con el Mar Rojo al este y el Mar Mediterr\u00e1neo al norte. La costa del Mar Rojo se extiende 800 km desde Suez hasta la frontera con Sud\u00e1n. Mientras que la costa del Mar Mediterr\u00e1neo se extiende por aproximadamente 1,050 km desde el lado este de la pen\u00ednsula del Sina\u00ed en la frontera [&hellip;]<\/p>\n","protected":false},"author":1,"featured_media":0,"parent":2175,"menu_order":0,"comment_status":"open","ping_status":"closed","template":"","meta":{"_coblocks_attr":"","_coblocks_dimensions":"","_coblocks_responsive_height":"","_coblocks_accordion_ie_support":"","_uag_custom_page_level_css":"","footnotes":""},"class_list":["post-4591","page","type-page","status-publish","hentry"],"yoast_head":"<!-- This site is optimized with the Yoast SEO Premium plugin v26.9 (Yoast SEO v27.5) - https:\/\/yoast.com\/product\/yoast-seo-premium-wordpress\/ -->\n<title>Islas del mar egipcio<\/title>\n<meta name=\"description\" content=\"Egipto limita con el Mar Rojo al este y el Mar Mediterr\u00e1neo al norte. La costa del Mar Rojo se extiende 800 km desde Suez hasta la frontera con Sud\u00e1n. Mientras que la costa del Mar Mediterr\u00e1neo se extiende por aproximadamente 1,050 km desde el lado este de la pen\u00ednsula del Sina\u00ed en la frontera entre Egipto y Gaza hasta la aldea occidental de Sallum en la frontera de Egipto con Libia\" \/>\n<meta name=\"robots\" content=\"index, follow, max-snippet:-1, max-image-preview:large, max-video-preview:-1\" \/>\n<link rel=\"canonical\" href=\"https:\/\/landioustravel.com\/es\/egipto\/islas-mar-egipcio\/\" \/>\n<meta property=\"og:locale\" content=\"es_ES\" \/>\n<meta property=\"og:type\" content=\"article\" \/>\n<meta property=\"og:title\" content=\"Islas del mar egipcio\" \/>\n<meta property=\"og:description\" content=\"Egipto limita con el Mar Rojo al este y el Mar Mediterr\u00e1neo al norte. La costa del Mar Rojo se extiende 800 km desde Suez hasta la frontera con Sud\u00e1n. Mientras que la costa del Mar Mediterr\u00e1neo se extiende por aproximadamente 1,050 km desde el lado este de la pen\u00ednsula del Sina\u00ed en la frontera entre Egipto y Gaza hasta la aldea occidental de Sallum en la frontera de Egipto con Libia\" \/>\n<meta property=\"og:url\" content=\"https:\/\/landioustravel.com\/es\/egipto\/islas-mar-egipcio\/\" \/>\n<meta property=\"og:site_name\" content=\"Landious Travel\" \/>\n<meta property=\"article:publisher\" content=\"https:\/\/web.facebook.com\/landiousEgypt\" \/>\n<meta property=\"article:modified_time\" content=\"2019-07-09T01:07:19+00:00\" \/>\n<meta name=\"twitter:card\" content=\"summary_large_image\" \/>\n<meta name=\"twitter:site\" content=\"@LandiousTours\" \/>\n<meta name=\"twitter:label1\" content=\"Tiempo de lectura\" \/>\n\t<meta name=\"twitter:data1\" content=\"1 minuto\" \/>\n<script type=\"application\/ld+json\" class=\"yoast-schema-graph\">{\"@context\":\"https:\\\/\\\/schema.org\",\"@graph\":[{\"@type\":\"WebPage\",\"@id\":\"https:\\\/\\\/landioustravel.com\\\/es\\\/egipto\\\/islas-mar-egipcio\\\/\",\"url\":\"https:\\\/\\\/landioustravel.com\\\/es\\\/egipto\\\/islas-mar-egipcio\\\/\",\"name\":\"Islas del mar egipcio\",\"isPartOf\":{\"@id\":\"https:\\\/\\\/landioustravel.com\\\/es\\\/#website\"},\"datePublished\":\"2019-05-16T10:37:04+00:00\",\"dateModified\":\"2019-07-09T01:07:19+00:00\",\"description\":\"Egipto limita con el Mar Rojo al este y el Mar Mediterr\u00e1neo al norte. La costa del Mar Rojo se extiende 800 km desde Suez hasta la frontera con Sud\u00e1n. Mientras que la costa del Mar Mediterr\u00e1neo se extiende por aproximadamente 1,050 km desde el lado este de la pen\u00ednsula del Sina\u00ed en la frontera entre Egipto y Gaza hasta la aldea occidental de Sallum en la frontera de Egipto con Libia\",\"breadcrumb\":{\"@id\":\"https:\\\/\\\/landioustravel.com\\\/es\\\/egipto\\\/islas-mar-egipcio\\\/#breadcrumb\"},\"inLanguage\":\"es\",\"potentialAction\":[{\"@type\":\"ReadAction\",\"target\":[\"https:\\\/\\\/landioustravel.com\\\/es\\\/egipto\\\/islas-mar-egipcio\\\/\"]}]},{\"@type\":\"BreadcrumbList\",\"@id\":\"https:\\\/\\\/landioustravel.com\\\/es\\\/egipto\\\/islas-mar-egipcio\\\/#breadcrumb\",\"itemListElement\":[{\"@type\":\"ListItem\",\"position\":1,\"name\":\"Home\",\"item\":\"https:\\\/\\\/landioustravel.com\\\/es\\\/\"},{\"@type\":\"ListItem\",\"position\":2,\"name\":\"Egipto\",\"item\":\"https:\\\/\\\/landioustravel.com\\\/es\\\/egipto\\\/\"},{\"@type\":\"ListItem\",\"position\":3,\"name\":\"Islas del mar egipcio\"}]},{\"@type\":\"WebSite\",\"@id\":\"https:\\\/\\\/landioustravel.com\\\/es\\\/#website\",\"url\":\"https:\\\/\\\/landioustravel.com\\\/es\\\/\",\"name\":\"Landious Travel\",\"description\":\"Tours and Excursions in Egypt\",\"publisher\":{\"@id\":\"https:\\\/\\\/landioustravel.com\\\/es\\\/#organization\"},\"potentialAction\":[{\"@type\":\"SearchAction\",\"target\":{\"@type\":\"EntryPoint\",\"urlTemplate\":\"https:\\\/\\\/landioustravel.com\\\/es\\\/?s={search_term_string}\"},\"query-input\":{\"@type\":\"PropertyValueSpecification\",\"valueRequired\":true,\"valueName\":\"search_term_string\"}}],\"inLanguage\":\"es\"},{\"@type\":[\"Organization\",\"Place\"],\"@id\":\"https:\\\/\\\/landioustravel.com\\\/es\\\/#organization\",\"name\":\"Landious Travel\",\"alternateName\":\"Landious Travel\",\"url\":\"https:\\\/\\\/landioustravel.com\\\/es\\\/\",\"logo\":{\"@id\":\"https:\\\/\\\/landioustravel.com\\\/es\\\/egipto\\\/islas-mar-egipcio\\\/#local-main-organization-logo\"},\"image\":{\"@id\":\"https:\\\/\\\/landioustravel.com\\\/es\\\/egipto\\\/islas-mar-egipcio\\\/#local-main-organization-logo\"},\"sameAs\":[\"https:\\\/\\\/web.facebook.com\\\/landiousEgypt\",\"https:\\\/\\\/x.com\\\/LandiousTours\",\"https:\\\/\\\/mastodon.social\\\/@landious\"],\"legalName\":\"Landious Travel\",\"telephone\":[],\"openingHoursSpecification\":[{\"@type\":\"OpeningHoursSpecification\",\"dayOfWeek\":[\"Monday\",\"Tuesday\",\"Wednesday\",\"Thursday\",\"Friday\",\"Saturday\",\"Sunday\"],\"opens\":\"09:00\",\"closes\":\"17:00\"}]},{\"@type\":\"ImageObject\",\"inLanguage\":\"es\",\"@id\":\"https:\\\/\\\/landioustravel.com\\\/es\\\/egipto\\\/islas-mar-egipcio\\\/#local-main-organization-logo\",\"url\":\"https:\\\/\\\/i0.wp.com\\\/landioustravel.com\\\/wp-content\\\/uploads\\\/2021\\\/06\\\/Landious-T.png?fit=500%2C500&ssl=1\",\"contentUrl\":\"https:\\\/\\\/i0.wp.com\\\/landioustravel.com\\\/wp-content\\\/uploads\\\/2021\\\/06\\\/Landious-T.png?fit=500%2C500&ssl=1\",\"width\":500,\"height\":500,\"caption\":\"Landious Travel\"}]}<\/script>\n<!-- \/ Yoast SEO Premium plugin. -->","yoast_head_json":{"title":"Islas del mar egipcio","description":"Egipto limita con el Mar Rojo al este y el Mar Mediterr\u00e1neo al norte. La costa del Mar Rojo se extiende 800 km desde Suez hasta la frontera con Sud\u00e1n. Mientras que la costa del Mar Mediterr\u00e1neo se extiende por aproximadamente 1,050 km desde el lado este de la pen\u00ednsula del Sina\u00ed en la frontera entre Egipto y Gaza hasta la aldea occidental de Sallum en la frontera de Egipto con Libia","robots":{"index":"index","follow":"follow","max-snippet":"max-snippet:-1","max-image-preview":"max-image-preview:large","max-video-preview":"max-video-preview:-1"},"canonical":"https:\/\/landioustravel.com\/es\/egipto\/islas-mar-egipcio\/","og_locale":"es_ES","og_type":"article","og_title":"Islas del mar egipcio","og_description":"Egipto limita con el Mar Rojo al este y el Mar Mediterr\u00e1neo al norte. La costa del Mar Rojo se extiende 800 km desde Suez hasta la frontera con Sud\u00e1n. Mientras que la costa del Mar Mediterr\u00e1neo se extiende por aproximadamente 1,050 km desde el lado este de la pen\u00ednsula del Sina\u00ed en la frontera entre Egipto y Gaza hasta la aldea occidental de Sallum en la frontera de Egipto con Libia","og_url":"https:\/\/landioustravel.com\/es\/egipto\/islas-mar-egipcio\/","og_site_name":"Landious Travel","article_publisher":"https:\/\/web.facebook.com\/landiousEgypt","article_modified_time":"2019-07-09T01:07:19+00:00","twitter_card":"summary_large_image","twitter_site":"@LandiousTours","twitter_misc":{"Tiempo de lectura":"1 minuto"},"schema":{"@context":"https:\/\/schema.org","@graph":[{"@type":"WebPage","@id":"https:\/\/landioustravel.com\/es\/egipto\/islas-mar-egipcio\/","url":"https:\/\/landioustravel.com\/es\/egipto\/islas-mar-egipcio\/","name":"Islas del mar egipcio","isPartOf":{"@id":"https:\/\/landioustravel.com\/es\/#website"},"datePublished":"2019-05-16T10:37:04+00:00","dateModified":"2019-07-09T01:07:19+00:00","description":"Egipto limita con el Mar Rojo al este y el Mar Mediterr\u00e1neo al norte. La costa del Mar Rojo se extiende 800 km desde Suez hasta la frontera con Sud\u00e1n. Mientras que la costa del Mar Mediterr\u00e1neo se extiende por aproximadamente 1,050 km desde el lado este de la pen\u00ednsula del Sina\u00ed en la frontera entre Egipto y Gaza hasta la aldea occidental de Sallum en la frontera de Egipto con Libia","breadcrumb":{"@id":"https:\/\/landioustravel.com\/es\/egipto\/islas-mar-egipcio\/#breadcrumb"},"inLanguage":"es","potentialAction":[{"@type":"ReadAction","target":["https:\/\/landioustravel.com\/es\/egipto\/islas-mar-egipcio\/"]}]},{"@type":"BreadcrumbList","@id":"https:\/\/landioustravel.com\/es\/egipto\/islas-mar-egipcio\/#breadcrumb","itemListElement":[{"@type":"ListItem","position":1,"name":"Home","item":"https:\/\/landioustravel.com\/es\/"},{"@type":"ListItem","position":2,"name":"Egipto","item":"https:\/\/landioustravel.com\/es\/egipto\/"},{"@type":"ListItem","position":3,"name":"Islas del mar egipcio"}]},{"@type":"WebSite","@id":"https:\/\/landioustravel.com\/es\/#website","url":"https:\/\/landioustravel.com\/es\/","name":"Landious Travel","description":"Tours and Excursions in Egypt","publisher":{"@id":"https:\/\/landioustravel.com\/es\/#organization"},"potentialAction":[{"@type":"SearchAction","target":{"@type":"EntryPoint","urlTemplate":"https:\/\/landioustravel.com\/es\/?s={search_term_string}"},"query-input":{"@type":"PropertyValueSpecification","valueRequired":true,"valueName":"search_term_string"}}],"inLanguage":"es"},{"@type":["Organization","Place"],"@id":"https:\/\/landioustravel.com\/es\/#organization","name":"Landious Travel","alternateName":"Landious Travel","url":"https:\/\/landioustravel.com\/es\/","logo":{"@id":"https:\/\/landioustravel.com\/es\/egipto\/islas-mar-egipcio\/#local-main-organization-logo"},"image":{"@id":"https:\/\/landioustravel.com\/es\/egipto\/islas-mar-egipcio\/#local-main-organization-logo"},"sameAs":["https:\/\/web.facebook.com\/landiousEgypt","https:\/\/x.com\/LandiousTours","https:\/\/mastodon.social\/@landious"],"legalName":"Landious Travel","telephone":[],"openingHoursSpecification":[{"@type":"OpeningHoursSpecification","dayOfWeek":["Monday","Tuesday","Wednesday","Thursday","Friday","Saturday","Sunday"],"opens":"09:00","closes":"17:00"}]},{"@type":"ImageObject","inLanguage":"es","@id":"https:\/\/landioustravel.com\/es\/egipto\/islas-mar-egipcio\/#local-main-organization-logo","url":"https:\/\/i0.wp.com\/landioustravel.com\/wp-content\/uploads\/2021\/06\/Landious-T.png?fit=500%2C500&ssl=1","contentUrl":"https:\/\/i0.wp.com\/landioustravel.com\/wp-content\/uploads\/2021\/06\/Landious-T.png?fit=500%2C500&ssl=1","width":500,"height":500,"caption":"Landious Travel"}]}},"uagb_featured_image_src":{"full":false,"thumbnail":false,"medium":false,"medium_large":false,"large":false,"1536x1536":false,"2048x2048":false,"newspack-article-block-landscape-large":false,"newspack-article-block-portrait-large":false,"newspack-article-block-square-large":false,"newspack-article-block-landscape-medium":false,"newspack-article-block-portrait-medium":false,"newspack-article-block-square-medium":false,"newspack-article-block-landscape-intermediate":false,"newspack-article-block-portrait-intermediate":false,"newspack-article-block-square-intermediate":false,"newspack-article-block-landscape-small":false,"newspack-article-block-portrait-small":false,"newspack-article-block-square-small":false,"newspack-article-block-landscape-tiny":false,"newspack-article-block-portrait-tiny":false,"newspack-article-block-square-tiny":false,"newspack-article-block-uncropped":false,"woocommerce_thumbnail":false,"woocommerce_single":false,"woocommerce_gallery_thumbnail":false},"uagb_author_info":{"display_name":"Mofreh Landious","author_link":"https:\/\/landioustravel.com\/es\/author\/landious\/"},"uagb_comment_info":0,"uagb_excerpt":"Egipto limita con el Mar Rojo al este y el Mar Mediterr\u00e1neo al norte. La costa del Mar Rojo se extiende 800 km desde Suez hasta la frontera con Sud\u00e1n. Mientras que la costa del Mar Mediterr\u00e1neo se extiende por aproximadamente 1,050 km desde el lado este de la pen\u00ednsula del Sina\u00ed en la frontera&hellip;","jetpack_sharing_enabled":true,"jetpack_shortlink":"https:\/\/wp.me\/Par4r5-1c3","jetpack_likes_enabled":true,"amp_enabled":true,"_links":{"self":[{"href":"https:\/\/landioustravel.com\/es\/wp-json\/wp\/v2\/pages\/4591","targetHints":{"allow":["GET"]}}],"collection":[{"href":"https:\/\/landioustravel.com\/es\/wp-json\/wp\/v2\/pages"}],"about":[{"href":"https:\/\/landioustravel.com\/es\/wp-json\/wp\/v2\/types\/page"}],"author":[{"embeddable":true,"href":"https:\/\/landioustravel.com\/es\/wp-json\/wp\/v2\/users\/1"}],"replies":[{"embeddable":true,"href":"https:\/\/landioustravel.com\/es\/wp-json\/wp\/v2\/comments?post=4591"}],"version-history":[{"count":0,"href":"https:\/\/landioustravel.com\/es\/wp-json\/wp\/v2\/pages\/4591\/revisions"}],"up":[{"embeddable":true,"href":"https:\/\/landioustravel.com\/es\/wp-json\/wp\/v2\/pages\/2175"}],"wp:attachment":[{"href":"https:\/\/landioustravel.com\/es\/wp-json\/wp\/v2\/media?parent=4591"}],"curies":[{"name":"wp","href":"https:\/\/api.w.org\/{rel}","templated":true}]}}