{"id":4608,"date":"2019-05-16T14:10:11","date_gmt":"2019-05-16T12:10:11","guid":{"rendered":"https:\/\/landioustravel.com\/?page_id=4608"},"modified":"2019-07-10T02:04:53","modified_gmt":"2019-07-10T00:04:53","slug":"islas-giftun","status":"publish","type":"page","link":"https:\/\/landioustravel.com\/es\/egipto\/islas-mar-egipcio\/islas-giftun\/","title":{"rendered":"Islas Giftun"},"content":{"rendered":"\n<p><amp-fit-text layout=\"fixed-height\" min-font-size=\"14\" max-font-size=\"48\" height=\"50\">Las islas Giftun est\u00e1n ubicadas en el Mar Rojo a lo largo de la costa de la <a href=\"https:\/\/landioustravel.com\/es\/ciudad-hurghada\/\">ciudad de Hurghada<\/a> en <a href=\"https:\/\/landioustravel.com\/es\/egipto\/pueblos-egipcios\/gobernacion-de-al-bahr-al-ahmar\/\">la gobernaci\u00f3n de Al-Barhr Al-Ahmar<\/a>, <a href=\"https:\/\/landioustravel.com\/es\/egipto\/\">Egipto<\/a>.<\/amp-fit-text><\/p>\n\n\n\n<amp-fit-text layout=\"fixed-height\" min-font-size=\"14\" max-font-size=\"48\" height=\"50\"><h2 class=\"wp-block-heading\">Geograf\u00eda<\/h2><\/amp-fit-text>\n\n\n\n<p><amp-fit-text layout=\"fixed-height\" min-font-size=\"14\" max-font-size=\"48\" height=\"50\">Las islas Giftun se encuentran entre <a href=\"https:\/\/landioustravel.com\/es\/egipto\/islas-mar-egipcio\/\">las islas del mar egipcio<\/a> ubicadas a lo largo de la costa del Mar Rojo. Estas islas se dividen en dos islas separadas: Grand Giftun y Small Giftun. La Isla Grand Giftun tiene la segunda \u00e1rea m\u00e1s grande despu\u00e9s de la Isla Shedwan. Las islas Giftun son parte de un archipi\u00e9lago m\u00e1s grande, incluidas tres islas. Estas islas son la isla de Abu Monqar, El Giftun El Kbeer (Gran Giftun) y El Giftun El Sagheer (Peque\u00f1o Giftun). Las islas Giftun se caracterizan por composiciones geol\u00f3gicas raras e intensidad de roca.<\/amp-fit-text><\/p>\n\n\n\n<p><amp-fit-text layout=\"fixed-height\" min-font-size=\"14\" max-font-size=\"48\" height=\"50\">&nbsp;Estas islas son conocidas por sus raros arrecifes de coral, peces coloridos y aves extraordinarias. Hamda, Banana Reef, Sha\u2019ab Sabrina, Erg Somaya y Sha\u2019ab Torfa se encuentran entre los famosos lugares de arrecife ubicados cerca de estas dos islas. La vida marina alrededor de las islas es una de las m\u00e1s ricas del Mar Rojo. Tiene m\u00e1s de 196 tipos de arrecifes de coral s\u00f3lidos que representan aproximadamente el 80% de la biodiversidad de los arrecifes de coral en el Mar Rojo. Adem\u00e1s, en estos arrecifes de coral viven m\u00e1s de 794 especies de peces.<\/amp-fit-text><\/p>\n\n\n\n<p><amp-fit-text layout=\"fixed-height\" min-font-size=\"14\" max-font-size=\"48\" height=\"50\">Este n\u00famero de peces representa alrededor del 65% de la biodiversidad de los peces. En la isla de Giftun se encuentran dos tipos de aves que enfrentan la amenaza de extinci\u00f3n y peligro. Estas aves son el Kittiwake y un tipo espec\u00edfico de \u00e1guilas. Una de las raras tortugas vive en las playas de la isla Giftun.<\/amp-fit-text><\/p>\n\n\n\n<amp-fit-text layout=\"fixed-height\" min-font-size=\"14\" max-font-size=\"48\" height=\"50\"><h2 class=\"wp-block-heading\">La importancia de las islas Giftun<\/h2><\/amp-fit-text>\n\n\n\n<p><amp-fit-text layout=\"fixed-height\" min-font-size=\"14\" max-font-size=\"48\" height=\"50\">Las islas Giftun ocupan una posici\u00f3n tur\u00edstica y econ\u00f3mica muy distinguida. La isla Grand Giftun es uno de los puntos de buceo m\u00e1s importantes cerca de la costa de Hurghada. La isla est\u00e1 rodeada por 14 de los mejores puntos de buceo, desde 44 puntos en toda Hurghada. La isla Grand Giftun atrae a un gran n\u00famero de turistas cada a\u00f1o.<\/amp-fit-text><\/p>\n\n\n\n<p><amp-fit-text layout=\"fixed-height\" min-font-size=\"14\" max-font-size=\"48\" height=\"50\">Por su importancia como destino tur\u00edstico, la isla est\u00e1 equipada con algunas instalaciones en tres \u00e1reas de playa. Estas playas se llaman \u00abIsla del Para\u00edso\u00bb, \u00abIsla de Mahmya\u00bb y \u00abIsla de Orange\u00bb. Los nombres de las playas facilitadas son, de alguna manera, enga\u00f1osas, que uno puede pensar que son nombres de islas.<\/amp-fit-text><\/p>\n","protected":false},"excerpt":{"rendered":"<p>Las islas Giftun est\u00e1n ubicadas en el Mar Rojo a lo largo de la costa de la ciudad de Hurghada en la gobernaci\u00f3n de Al-Barhr Al-Ahmar, Egipto. Geograf\u00eda Las islas Giftun se encuentran entre las islas del mar egipcio ubicadas a lo largo de la costa del Mar Rojo. Estas islas se dividen en dos [&hellip;]<\/p>\n","protected":false},"author":1,"featured_media":4032,"parent":4591,"menu_order":0,"comment_status":"open","ping_status":"closed","template":"","meta":{"_coblocks_attr":"","_coblocks_dimensions":"","_coblocks_responsive_height":"","_coblocks_accordion_ie_support":"","_uag_custom_page_level_css":"","jetpack_post_was_ever_published":false,"footnotes":""},"class_list":["post-4608","page","type-page","status-publish","has-post-thumbnail","hentry"],"yoast_head":"<!-- This site is optimized with the Yoast SEO Premium plugin v26.9 (Yoast SEO v27.3) - https:\/\/yoast.com\/product\/yoast-seo-premium-wordpress\/ -->\n<title>Islas Giftun - Useful Information about Giftun Islands - Landious Travel<\/title>\n<meta name=\"description\" content=\"Las islas Giftun se encuentran entre las islas del mar egipcio ubicadas a lo largo de la costa del Mar Rojo. Estas islas se dividen en dos islas separadas: Grand Giftun y Small Giftun. La Isla Grand Giftun tiene la segunda \u00e1rea m\u00e1s grande despu\u00e9s de la Isla Shedwan. Las islas Giftun son parte de un archipi\u00e9lago m\u00e1s grande, incluidas tres islas. Estas islas son la isla de Abu Monqar, El Giftun El Kbeer (Gran Giftun) y El Giftun El Sagheer (Peque\u00f1o Giftun). Las islas Giftun se caracterizan por composiciones geol\u00f3gicas raras e intensidad de roca\" \/>\n<meta name=\"robots\" content=\"index, follow, max-snippet:-1, max-image-preview:large, max-video-preview:-1\" \/>\n<link rel=\"canonical\" href=\"https:\/\/landioustravel.com\/es\/egipto\/islas-mar-egipcio\/islas-giftun\/\" \/>\n<meta property=\"og:locale\" content=\"es_ES\" \/>\n<meta property=\"og:type\" content=\"article\" \/>\n<meta property=\"og:title\" content=\"Islas Giftun\" \/>\n<meta property=\"og:description\" content=\"Las islas Giftun se encuentran entre las islas del mar egipcio ubicadas a lo largo de la costa del Mar Rojo. Estas islas se dividen en dos islas separadas: Grand Giftun y Small Giftun. La Isla Grand Giftun tiene la segunda \u00e1rea m\u00e1s grande despu\u00e9s de la Isla Shedwan. Las islas Giftun son parte de un archipi\u00e9lago m\u00e1s grande, incluidas tres islas. Estas islas son la isla de Abu Monqar, El Giftun El Kbeer (Gran Giftun) y El Giftun El Sagheer (Peque\u00f1o Giftun). Las islas Giftun se caracterizan por composiciones geol\u00f3gicas raras e intensidad de roca\" \/>\n<meta property=\"og:url\" content=\"https:\/\/landioustravel.com\/es\/egipto\/islas-mar-egipcio\/islas-giftun\/\" \/>\n<meta property=\"og:site_name\" content=\"Landious Travel\" \/>\n<meta property=\"article:publisher\" content=\"https:\/\/web.facebook.com\/landiousEgypt\" \/>\n<meta property=\"article:modified_time\" content=\"2019-07-10T00:04:53+00:00\" \/>\n<meta property=\"og:image\" content=\"https:\/\/i0.wp.com\/landioustravel.com\/wp-content\/uploads\/2019\/04\/mahmya_beach_island.jpg?fit=1200%2C675&ssl=1\" \/>\n\t<meta property=\"og:image:width\" content=\"1200\" \/>\n\t<meta property=\"og:image:height\" content=\"675\" \/>\n\t<meta property=\"og:image:type\" content=\"image\/jpeg\" \/>\n<meta name=\"twitter:card\" content=\"summary_large_image\" \/>\n<meta name=\"twitter:site\" content=\"@LandiousTours\" \/>\n<meta name=\"twitter:label1\" content=\"Tiempo de lectura\" \/>\n\t<meta name=\"twitter:data1\" content=\"2 minutos\" \/>\n<script type=\"application\/ld+json\" class=\"yoast-schema-graph\">{\"@context\":\"https:\\\/\\\/schema.org\",\"@graph\":[{\"@type\":\"WebPage\",\"@id\":\"https:\\\/\\\/landioustravel.com\\\/es\\\/egipto\\\/islas-mar-egipcio\\\/islas-giftun\\\/\",\"url\":\"https:\\\/\\\/landioustravel.com\\\/es\\\/egipto\\\/islas-mar-egipcio\\\/islas-giftun\\\/\",\"name\":\"Islas Giftun - Useful Information about Giftun Islands - Landious Travel\",\"isPartOf\":{\"@id\":\"https:\\\/\\\/landioustravel.com\\\/es\\\/#website\"},\"primaryImageOfPage\":{\"@id\":\"https:\\\/\\\/landioustravel.com\\\/es\\\/egipto\\\/islas-mar-egipcio\\\/islas-giftun\\\/#primaryimage\"},\"image\":{\"@id\":\"https:\\\/\\\/landioustravel.com\\\/es\\\/egipto\\\/islas-mar-egipcio\\\/islas-giftun\\\/#primaryimage\"},\"thumbnailUrl\":\"https:\\\/\\\/i0.wp.com\\\/landioustravel.com\\\/wp-content\\\/uploads\\\/2019\\\/04\\\/mahmya_beach_island.jpg?fit=1200%2C675&ssl=1\",\"datePublished\":\"2019-05-16T12:10:11+00:00\",\"dateModified\":\"2019-07-10T00:04:53+00:00\",\"description\":\"Las islas Giftun se encuentran entre las islas del mar egipcio ubicadas a lo largo de la costa del Mar Rojo. Estas islas se dividen en dos islas separadas: Grand Giftun y Small Giftun. La Isla Grand Giftun tiene la segunda \u00e1rea m\u00e1s grande despu\u00e9s de la Isla Shedwan. Las islas Giftun son parte de un archipi\u00e9lago m\u00e1s grande, incluidas tres islas. Estas islas son la isla de Abu Monqar, El Giftun El Kbeer (Gran Giftun) y El Giftun El Sagheer (Peque\u00f1o Giftun). Las islas Giftun se caracterizan por composiciones geol\u00f3gicas raras e intensidad de roca\",\"breadcrumb\":{\"@id\":\"https:\\\/\\\/landioustravel.com\\\/es\\\/egipto\\\/islas-mar-egipcio\\\/islas-giftun\\\/#breadcrumb\"},\"inLanguage\":\"es\",\"potentialAction\":[{\"@type\":\"ReadAction\",\"target\":[\"https:\\\/\\\/landioustravel.com\\\/es\\\/egipto\\\/islas-mar-egipcio\\\/islas-giftun\\\/\"]}]},{\"@type\":\"ImageObject\",\"inLanguage\":\"es\",\"@id\":\"https:\\\/\\\/landioustravel.com\\\/es\\\/egipto\\\/islas-mar-egipcio\\\/islas-giftun\\\/#primaryimage\",\"url\":\"https:\\\/\\\/i0.wp.com\\\/landioustravel.com\\\/wp-content\\\/uploads\\\/2019\\\/04\\\/mahmya_beach_island.jpg?fit=1200%2C675&ssl=1\",\"contentUrl\":\"https:\\\/\\\/i0.wp.com\\\/landioustravel.com\\\/wp-content\\\/uploads\\\/2019\\\/04\\\/mahmya_beach_island.jpg?fit=1200%2C675&ssl=1\",\"width\":1200,\"height\":675,\"caption\":\"Mahmya beach on Giftun island\"},{\"@type\":\"BreadcrumbList\",\"@id\":\"https:\\\/\\\/landioustravel.com\\\/es\\\/egipto\\\/islas-mar-egipcio\\\/islas-giftun\\\/#breadcrumb\",\"itemListElement\":[{\"@type\":\"ListItem\",\"position\":1,\"name\":\"Home\",\"item\":\"https:\\\/\\\/landioustravel.com\\\/es\\\/\"},{\"@type\":\"ListItem\",\"position\":2,\"name\":\"Egipto\",\"item\":\"https:\\\/\\\/landioustravel.com\\\/es\\\/egipto\\\/\"},{\"@type\":\"ListItem\",\"position\":3,\"name\":\"Islas del mar egipcio\",\"item\":\"https:\\\/\\\/landioustravel.com\\\/es\\\/egipto\\\/islas-mar-egipcio\\\/\"},{\"@type\":\"ListItem\",\"position\":4,\"name\":\"Islas Giftun\"}]},{\"@type\":\"WebSite\",\"@id\":\"https:\\\/\\\/landioustravel.com\\\/es\\\/#website\",\"url\":\"https:\\\/\\\/landioustravel.com\\\/es\\\/\",\"name\":\"Landious Travel\",\"description\":\"Tours and Excursions in Egypt\",\"publisher\":{\"@id\":\"https:\\\/\\\/landioustravel.com\\\/es\\\/#organization\"},\"potentialAction\":[{\"@type\":\"SearchAction\",\"target\":{\"@type\":\"EntryPoint\",\"urlTemplate\":\"https:\\\/\\\/landioustravel.com\\\/es\\\/?s={search_term_string}\"},\"query-input\":{\"@type\":\"PropertyValueSpecification\",\"valueRequired\":true,\"valueName\":\"search_term_string\"}}],\"inLanguage\":\"es\"},{\"@type\":[\"Organization\",\"Place\"],\"@id\":\"https:\\\/\\\/landioustravel.com\\\/es\\\/#organization\",\"name\":\"Landious Travel\",\"alternateName\":\"Landious Travel\",\"url\":\"https:\\\/\\\/landioustravel.com\\\/es\\\/\",\"logo\":{\"@id\":\"https:\\\/\\\/landioustravel.com\\\/es\\\/egipto\\\/islas-mar-egipcio\\\/islas-giftun\\\/#local-main-organization-logo\"},\"image\":{\"@id\":\"https:\\\/\\\/landioustravel.com\\\/es\\\/egipto\\\/islas-mar-egipcio\\\/islas-giftun\\\/#local-main-organization-logo\"},\"sameAs\":[\"https:\\\/\\\/web.facebook.com\\\/landiousEgypt\",\"https:\\\/\\\/x.com\\\/LandiousTours\",\"https:\\\/\\\/mastodon.social\\\/@landious\"],\"legalName\":\"Landious Travel\",\"telephone\":[],\"openingHoursSpecification\":[{\"@type\":\"OpeningHoursSpecification\",\"dayOfWeek\":[\"Monday\",\"Tuesday\",\"Wednesday\",\"Thursday\",\"Friday\",\"Saturday\",\"Sunday\"],\"opens\":\"09:00\",\"closes\":\"17:00\"}]},{\"@type\":\"ImageObject\",\"inLanguage\":\"es\",\"@id\":\"https:\\\/\\\/landioustravel.com\\\/es\\\/egipto\\\/islas-mar-egipcio\\\/islas-giftun\\\/#local-main-organization-logo\",\"url\":\"https:\\\/\\\/i0.wp.com\\\/landioustravel.com\\\/wp-content\\\/uploads\\\/2021\\\/06\\\/Landious-T.png?fit=500%2C500&ssl=1\",\"contentUrl\":\"https:\\\/\\\/i0.wp.com\\\/landioustravel.com\\\/wp-content\\\/uploads\\\/2021\\\/06\\\/Landious-T.png?fit=500%2C500&ssl=1\",\"width\":500,\"height\":500,\"caption\":\"Landious Travel\"}]}<\/script>\n<!-- \/ Yoast SEO Premium plugin. -->","yoast_head_json":{"title":"Islas Giftun - Useful Information about Giftun Islands - Landious Travel","description":"Las islas Giftun se encuentran entre las islas del mar egipcio ubicadas a lo largo de la costa del Mar Rojo. Estas islas se dividen en dos islas separadas: Grand Giftun y Small Giftun. La Isla Grand Giftun tiene la segunda \u00e1rea m\u00e1s grande despu\u00e9s de la Isla Shedwan. Las islas Giftun son parte de un archipi\u00e9lago m\u00e1s grande, incluidas tres islas. Estas islas son la isla de Abu Monqar, El Giftun El Kbeer (Gran Giftun) y El Giftun El Sagheer (Peque\u00f1o Giftun). Las islas Giftun se caracterizan por composiciones geol\u00f3gicas raras e intensidad de roca","robots":{"index":"index","follow":"follow","max-snippet":"max-snippet:-1","max-image-preview":"max-image-preview:large","max-video-preview":"max-video-preview:-1"},"canonical":"https:\/\/landioustravel.com\/es\/egipto\/islas-mar-egipcio\/islas-giftun\/","og_locale":"es_ES","og_type":"article","og_title":"Islas Giftun","og_description":"Las islas Giftun se encuentran entre las islas del mar egipcio ubicadas a lo largo de la costa del Mar Rojo. Estas islas se dividen en dos islas separadas: Grand Giftun y Small Giftun. La Isla Grand Giftun tiene la segunda \u00e1rea m\u00e1s grande despu\u00e9s de la Isla Shedwan. Las islas Giftun son parte de un archipi\u00e9lago m\u00e1s grande, incluidas tres islas. Estas islas son la isla de Abu Monqar, El Giftun El Kbeer (Gran Giftun) y El Giftun El Sagheer (Peque\u00f1o Giftun). Las islas Giftun se caracterizan por composiciones geol\u00f3gicas raras e intensidad de roca","og_url":"https:\/\/landioustravel.com\/es\/egipto\/islas-mar-egipcio\/islas-giftun\/","og_site_name":"Landious Travel","article_publisher":"https:\/\/web.facebook.com\/landiousEgypt","article_modified_time":"2019-07-10T00:04:53+00:00","og_image":[{"width":1200,"height":675,"url":"https:\/\/i0.wp.com\/landioustravel.com\/wp-content\/uploads\/2019\/04\/mahmya_beach_island.jpg?fit=1200%2C675&ssl=1","type":"image\/jpeg"}],"twitter_card":"summary_large_image","twitter_site":"@LandiousTours","twitter_misc":{"Tiempo de lectura":"2 minutos"},"schema":{"@context":"https:\/\/schema.org","@graph":[{"@type":"WebPage","@id":"https:\/\/landioustravel.com\/es\/egipto\/islas-mar-egipcio\/islas-giftun\/","url":"https:\/\/landioustravel.com\/es\/egipto\/islas-mar-egipcio\/islas-giftun\/","name":"Islas Giftun - Useful Information about Giftun Islands - Landious Travel","isPartOf":{"@id":"https:\/\/landioustravel.com\/es\/#website"},"primaryImageOfPage":{"@id":"https:\/\/landioustravel.com\/es\/egipto\/islas-mar-egipcio\/islas-giftun\/#primaryimage"},"image":{"@id":"https:\/\/landioustravel.com\/es\/egipto\/islas-mar-egipcio\/islas-giftun\/#primaryimage"},"thumbnailUrl":"https:\/\/i0.wp.com\/landioustravel.com\/wp-content\/uploads\/2019\/04\/mahmya_beach_island.jpg?fit=1200%2C675&ssl=1","datePublished":"2019-05-16T12:10:11+00:00","dateModified":"2019-07-10T00:04:53+00:00","description":"Las islas Giftun se encuentran entre las islas del mar egipcio ubicadas a lo largo de la costa del Mar Rojo. Estas islas se dividen en dos islas separadas: Grand Giftun y Small Giftun. La Isla Grand Giftun tiene la segunda \u00e1rea m\u00e1s grande despu\u00e9s de la Isla Shedwan. Las islas Giftun son parte de un archipi\u00e9lago m\u00e1s grande, incluidas tres islas. Estas islas son la isla de Abu Monqar, El Giftun El Kbeer (Gran Giftun) y El Giftun El Sagheer (Peque\u00f1o Giftun). Las islas Giftun se caracterizan por composiciones geol\u00f3gicas raras e intensidad de roca","breadcrumb":{"@id":"https:\/\/landioustravel.com\/es\/egipto\/islas-mar-egipcio\/islas-giftun\/#breadcrumb"},"inLanguage":"es","potentialAction":[{"@type":"ReadAction","target":["https:\/\/landioustravel.com\/es\/egipto\/islas-mar-egipcio\/islas-giftun\/"]}]},{"@type":"ImageObject","inLanguage":"es","@id":"https:\/\/landioustravel.com\/es\/egipto\/islas-mar-egipcio\/islas-giftun\/#primaryimage","url":"https:\/\/i0.wp.com\/landioustravel.com\/wp-content\/uploads\/2019\/04\/mahmya_beach_island.jpg?fit=1200%2C675&ssl=1","contentUrl":"https:\/\/i0.wp.com\/landioustravel.com\/wp-content\/uploads\/2019\/04\/mahmya_beach_island.jpg?fit=1200%2C675&ssl=1","width":1200,"height":675,"caption":"Mahmya beach on Giftun island"},{"@type":"BreadcrumbList","@id":"https:\/\/landioustravel.com\/es\/egipto\/islas-mar-egipcio\/islas-giftun\/#breadcrumb","itemListElement":[{"@type":"ListItem","position":1,"name":"Home","item":"https:\/\/landioustravel.com\/es\/"},{"@type":"ListItem","position":2,"name":"Egipto","item":"https:\/\/landioustravel.com\/es\/egipto\/"},{"@type":"ListItem","position":3,"name":"Islas del mar egipcio","item":"https:\/\/landioustravel.com\/es\/egipto\/islas-mar-egipcio\/"},{"@type":"ListItem","position":4,"name":"Islas Giftun"}]},{"@type":"WebSite","@id":"https:\/\/landioustravel.com\/es\/#website","url":"https:\/\/landioustravel.com\/es\/","name":"Landious Travel","description":"Tours and Excursions in Egypt","publisher":{"@id":"https:\/\/landioustravel.com\/es\/#organization"},"potentialAction":[{"@type":"SearchAction","target":{"@type":"EntryPoint","urlTemplate":"https:\/\/landioustravel.com\/es\/?s={search_term_string}"},"query-input":{"@type":"PropertyValueSpecification","valueRequired":true,"valueName":"search_term_string"}}],"inLanguage":"es"},{"@type":["Organization","Place"],"@id":"https:\/\/landioustravel.com\/es\/#organization","name":"Landious Travel","alternateName":"Landious Travel","url":"https:\/\/landioustravel.com\/es\/","logo":{"@id":"https:\/\/landioustravel.com\/es\/egipto\/islas-mar-egipcio\/islas-giftun\/#local-main-organization-logo"},"image":{"@id":"https:\/\/landioustravel.com\/es\/egipto\/islas-mar-egipcio\/islas-giftun\/#local-main-organization-logo"},"sameAs":["https:\/\/web.facebook.com\/landiousEgypt","https:\/\/x.com\/LandiousTours","https:\/\/mastodon.social\/@landious"],"legalName":"Landious Travel","telephone":[],"openingHoursSpecification":[{"@type":"OpeningHoursSpecification","dayOfWeek":["Monday","Tuesday","Wednesday","Thursday","Friday","Saturday","Sunday"],"opens":"09:00","closes":"17:00"}]},{"@type":"ImageObject","inLanguage":"es","@id":"https:\/\/landioustravel.com\/es\/egipto\/islas-mar-egipcio\/islas-giftun\/#local-main-organization-logo","url":"https:\/\/i0.wp.com\/landioustravel.com\/wp-content\/uploads\/2021\/06\/Landious-T.png?fit=500%2C500&ssl=1","contentUrl":"https:\/\/i0.wp.com\/landioustravel.com\/wp-content\/uploads\/2021\/06\/Landious-T.png?fit=500%2C500&ssl=1","width":500,"height":500,"caption":"Landious Travel"}]}},"uagb_featured_image_src":{"full":["https:\/\/i0.wp.com\/landioustravel.com\/wp-content\/uploads\/2019\/04\/mahmya_beach_island.jpg?fit=1200%2C675&ssl=1",1200,675,false],"thumbnail":["https:\/\/i0.wp.com\/landioustravel.com\/wp-content\/uploads\/2019\/04\/mahmya_beach_island.jpg?resize=150%2C150&ssl=1",150,150,true],"medium":["https:\/\/i0.wp.com\/landioustravel.com\/wp-content\/uploads\/2019\/04\/mahmya_beach_island.jpg?fit=300%2C169&ssl=1",300,169,true],"medium_large":["https:\/\/i0.wp.com\/landioustravel.com\/wp-content\/uploads\/2019\/04\/mahmya_beach_island.jpg?fit=768%2C432&ssl=1",768,432,true],"large":["https:\/\/i0.wp.com\/landioustravel.com\/wp-content\/uploads\/2019\/04\/mahmya_beach_island.jpg?fit=980%2C551&ssl=1",980,551,true],"1536x1536":["https:\/\/i0.wp.com\/landioustravel.com\/wp-content\/uploads\/2019\/04\/mahmya_beach_island.jpg?fit=1200%2C675&ssl=1",1200,675,true],"2048x2048":["https:\/\/i0.wp.com\/landioustravel.com\/wp-content\/uploads\/2019\/04\/mahmya_beach_island.jpg?fit=1200%2C675&ssl=1",1200,675,true],"newspack-article-block-landscape-large":["https:\/\/i0.wp.com\/landioustravel.com\/wp-content\/uploads\/2019\/04\/mahmya_beach_island.jpg?resize=1200%2C675&ssl=1",1200,675,true],"newspack-article-block-portrait-large":["https:\/\/i0.wp.com\/landioustravel.com\/wp-content\/uploads\/2019\/04\/mahmya_beach_island.jpg?resize=900%2C675&ssl=1",900,675,true],"newspack-article-block-square-large":["https:\/\/i0.wp.com\/landioustravel.com\/wp-content\/uploads\/2019\/04\/mahmya_beach_island.jpg?resize=1200%2C675&ssl=1",1200,675,true],"newspack-article-block-landscape-medium":["https:\/\/i0.wp.com\/landioustravel.com\/wp-content\/uploads\/2019\/04\/mahmya_beach_island.jpg?resize=800%2C600&ssl=1",800,600,true],"newspack-article-block-portrait-medium":["https:\/\/i0.wp.com\/landioustravel.com\/wp-content\/uploads\/2019\/04\/mahmya_beach_island.jpg?resize=600%2C675&ssl=1",600,675,true],"newspack-article-block-square-medium":["https:\/\/i0.wp.com\/landioustravel.com\/wp-content\/uploads\/2019\/04\/mahmya_beach_island.jpg?resize=800%2C675&ssl=1",800,675,true],"newspack-article-block-landscape-intermediate":["https:\/\/i0.wp.com\/landioustravel.com\/wp-content\/uploads\/2019\/04\/mahmya_beach_island.jpg?resize=600%2C450&ssl=1",600,450,true],"newspack-article-block-portrait-intermediate":["https:\/\/i0.wp.com\/landioustravel.com\/wp-content\/uploads\/2019\/04\/mahmya_beach_island.jpg?resize=450%2C600&ssl=1",450,600,true],"newspack-article-block-square-intermediate":["https:\/\/i0.wp.com\/landioustravel.com\/wp-content\/uploads\/2019\/04\/mahmya_beach_island.jpg?resize=600%2C600&ssl=1",600,600,true],"newspack-article-block-landscape-small":["https:\/\/i0.wp.com\/landioustravel.com\/wp-content\/uploads\/2019\/04\/mahmya_beach_island.jpg?resize=400%2C300&ssl=1",400,300,true],"newspack-article-block-portrait-small":["https:\/\/i0.wp.com\/landioustravel.com\/wp-content\/uploads\/2019\/04\/mahmya_beach_island.jpg?resize=300%2C400&ssl=1",300,400,true],"newspack-article-block-square-small":["https:\/\/i0.wp.com\/landioustravel.com\/wp-content\/uploads\/2019\/04\/mahmya_beach_island.jpg?resize=400%2C400&ssl=1",400,400,true],"newspack-article-block-landscape-tiny":["https:\/\/i0.wp.com\/landioustravel.com\/wp-content\/uploads\/2019\/04\/mahmya_beach_island.jpg?resize=200%2C150&ssl=1",200,150,true],"newspack-article-block-portrait-tiny":["https:\/\/i0.wp.com\/landioustravel.com\/wp-content\/uploads\/2019\/04\/mahmya_beach_island.jpg?resize=150%2C200&ssl=1",150,200,true],"newspack-article-block-square-tiny":["https:\/\/i0.wp.com\/landioustravel.com\/wp-content\/uploads\/2019\/04\/mahmya_beach_island.jpg?resize=200%2C200&ssl=1",200,200,true],"newspack-article-block-uncropped":["https:\/\/i0.wp.com\/landioustravel.com\/wp-content\/uploads\/2019\/04\/mahmya_beach_island.jpg?fit=1200%2C675&ssl=1",1200,675,true],"woocommerce_thumbnail":["https:\/\/i0.wp.com\/landioustravel.com\/wp-content\/uploads\/2019\/04\/mahmya_beach_island.jpg?resize=324%2C324&ssl=1",324,324,true],"woocommerce_single":["https:\/\/i0.wp.com\/landioustravel.com\/wp-content\/uploads\/2019\/04\/mahmya_beach_island.jpg?fit=416%2C234&ssl=1",416,234,true],"woocommerce_gallery_thumbnail":["https:\/\/i0.wp.com\/landioustravel.com\/wp-content\/uploads\/2019\/04\/mahmya_beach_island.jpg?resize=100%2C100&ssl=1",100,100,true]},"uagb_author_info":{"display_name":"Mofreh Landious","author_link":"https:\/\/landioustravel.com\/es\/author\/landious\/"},"uagb_comment_info":0,"uagb_excerpt":"Las islas Giftun est\u00e1n ubicadas en el Mar Rojo a lo largo de la costa de la ciudad de Hurghada en la gobernaci\u00f3n de Al-Barhr Al-Ahmar, Egipto. Geograf\u00eda Las islas Giftun se encuentran entre las islas del mar egipcio ubicadas a lo largo de la costa del Mar Rojo. Estas islas se dividen en dos&hellip;","jetpack_sharing_enabled":true,"jetpack_shortlink":"https:\/\/wp.me\/Par4r5-1ck","jetpack_likes_enabled":true,"amp_enabled":true,"_links":{"self":[{"href":"https:\/\/landioustravel.com\/es\/wp-json\/wp\/v2\/pages\/4608","targetHints":{"allow":["GET"]}}],"collection":[{"href":"https:\/\/landioustravel.com\/es\/wp-json\/wp\/v2\/pages"}],"about":[{"href":"https:\/\/landioustravel.com\/es\/wp-json\/wp\/v2\/types\/page"}],"author":[{"embeddable":true,"href":"https:\/\/landioustravel.com\/es\/wp-json\/wp\/v2\/users\/1"}],"replies":[{"embeddable":true,"href":"https:\/\/landioustravel.com\/es\/wp-json\/wp\/v2\/comments?post=4608"}],"version-history":[{"count":0,"href":"https:\/\/landioustravel.com\/es\/wp-json\/wp\/v2\/pages\/4608\/revisions"}],"up":[{"embeddable":true,"href":"https:\/\/landioustravel.com\/es\/wp-json\/wp\/v2\/pages\/4591"}],"wp:featuredmedia":[{"embeddable":true,"href":"https:\/\/landioustravel.com\/es\/wp-json\/wp\/v2\/media\/4032"}],"wp:attachment":[{"href":"https:\/\/landioustravel.com\/es\/wp-json\/wp\/v2\/media?parent=4608"}],"curies":[{"name":"wp","href":"https:\/\/api.w.org\/{rel}","templated":true}]}}