{"id":4666,"date":"2019-05-17T15:17:55","date_gmt":"2019-05-17T13:17:55","guid":{"rendered":"https:\/\/landioustravel.com\/?page_id=4666"},"modified":"2019-07-10T21:39:40","modified_gmt":"2019-07-10T19:39:40","slug":"gobernacion-luxor","status":"publish","type":"page","link":"https:\/\/landioustravel.com\/es\/egipto\/pueblos-egipcios\/gobernacion-luxor\/","title":{"rendered":"Gobernaci\u00f3n de Luxor"},"content":{"rendered":"\n<p><amp-fit-text layout=\"fixed-height\" min-font-size=\"14\" max-font-size=\"48\" height=\"50\">La gobernaci\u00f3n de Luxor se extiende por 110 km a lo largo del r\u00edo Nilo y est\u00e1 a 635 km de <a href=\"https:\/\/landioustravel.com\/es\/egipto\/pueblos-egipcios\/gobernacion-cairo\/\">El Cairo<\/a>. Limita con <a href=\"https:\/\/landioustravel.com\/es\/egipto\/pueblos-egipcios\/gobernacion-qena\/\">la gobernaci\u00f3n de Qena<\/a> en el norte, con <a href=\"https:\/\/landioustravel.com\/es\/egipto\/pueblos-egipcios\/gobernacion-aswan\/\">la gobernaci\u00f3n de Asu\u00e1n<\/a> en el sur, con <a href=\"https:\/\/landioustravel.com\/es\/egipto\/pueblos-egipcios\/gobernacion-de-al-bahr-al-ahmar\/\">la gobernaci\u00f3n de Al-Bahr Al-Ahmar<\/a> (Mar Rojo) en el este y con la gobernaci\u00f3n de New Valley en el oeste.<\/amp-fit-text><\/p>\n\n\n\n<amp-fit-text layout=\"fixed-height\" min-font-size=\"14\" max-font-size=\"48\" height=\"50\"><h2 class=\"wp-block-heading\">La historia de la gobernaci\u00f3n<\/h2><\/amp-fit-text>\n\n\n\n<p><amp-fit-text layout=\"fixed-height\" min-font-size=\"14\" max-font-size=\"48\" height=\"50\">La importancia de la ciudad comenz\u00f3 tan temprano como en la XI Dinast\u00eda, cuando Luxor se convirti\u00f3 en la capital de <a href=\"https:\/\/landioustravel.com\/es\/egipto\/\">Egipto<\/a> y en la gloriosa ciudad de <a href=\"https:\/\/landioustravel.com\/es\/egipto\/deidades-egipcias\/dios-amun\/\">dios Am\u00f3n<\/a>. A partir de Montuhotep II, que uni\u00f3 Egipto despu\u00e9s de los problemas del Primer Per\u00edodo Intermedio, la ciudad comenz\u00f3 a desempe\u00f1ar un importante papel pol\u00edtico y religioso en el pa\u00eds. La gloria de Luxor dur\u00f3 mucho tiempo durante los faraones del Nuevo Reino.<\/amp-fit-text><\/p>\n\n\n\n<p><amp-fit-text layout=\"fixed-height\" min-font-size=\"14\" max-font-size=\"48\" height=\"50\">Sin embargo, la importancia pol\u00edtica y militar de la ciudad se desvaneci\u00f3 durante el Per\u00edodo Tard\u00edo, con Tebas siendo reemplazada como capital pol\u00edtica por varias ciudades en el norte de Egipto, como Bubastis, Sais y finalmente Alejandr\u00eda. Mientras tanto, mantuvo su posici\u00f3n religiosa hasta el per\u00edodo griego.<\/amp-fit-text><\/p>\n\n\n\n<p><amp-fit-text layout=\"fixed-height\" min-font-size=\"14\" max-font-size=\"48\" height=\"50\">M\u00e1s tarde, Muhammad Ali, quien comenz\u00f3 a gobernar Egipto en 1805, dividi\u00f3 el pa\u00eds en direcciones. Una de estas direcciones se llamaba Girga, o Alto Egipto. En consecuencia, esta direcci\u00f3n ten\u00eda varias ciudades, incluyendo Mishta y Qena, en el norte; y Esna, en el sur. Para entonces, Luxor era solo una ciudad en esta direcci\u00f3n.<\/amp-fit-text><\/p>\n\n\n\n<p><amp-fit-text layout=\"fixed-height\" min-font-size=\"14\" max-font-size=\"48\" height=\"50\">Con la nueva divisi\u00f3n demostrativa de <a href=\"https:\/\/landioustravel.com\/es\/egipto\/pueblos-egipcios\/\">gobernaciones<\/a> en 1960, Girga perdi\u00f3 una gran parte de su \u00e1rea del sur, y otra gobernaci\u00f3n, que se llama Qena, se separ\u00f3 de ella. Para entonces, Luxor era solo una ciudad en esta gobernaci\u00f3n.<\/amp-fit-text><\/p>\n\n\n\n<p><amp-fit-text layout=\"fixed-height\" min-font-size=\"14\" max-font-size=\"48\" height=\"50\">En 2009, Luxor se separ\u00f3 de la gobernaci\u00f3n de Qena para formar una nueva con Luxor como su capital.<\/amp-fit-text><\/p>\n\n\n\n<amp-fit-text layout=\"fixed-height\" min-font-size=\"14\" max-font-size=\"48\" height=\"50\"><h2 class=\"wp-block-heading\">Divisi\u00f3n administrativa de la Gobernaci\u00f3n de Luxor<\/h2><\/amp-fit-text>\n\n\n\n<ul class=\"wp-block-list\"><li>Qurna<\/li><li>Luxor (la capital)<\/li><li>Armar<\/li><li>Esna<\/li><li>Tiba<\/li><\/ul>\n\n\n\n<p><amp-fit-text layout=\"fixed-height\" min-font-size=\"14\" max-font-size=\"48\" height=\"50\">Adem\u00e1s de estas ciudades centrales, Luxor tiene m\u00e1s divisiones en \u00e1reas rurales y pueblos.<\/amp-fit-text><\/p>\n","protected":false},"excerpt":{"rendered":"<p>La gobernaci\u00f3n de Luxor se extiende por 110 km a lo largo del r\u00edo Nilo y est\u00e1 a 635 km de El Cairo. Limita con la gobernaci\u00f3n de Qena en el norte, con la gobernaci\u00f3n de Asu\u00e1n en el sur, con la gobernaci\u00f3n de Al-Bahr Al-Ahmar (Mar Rojo) en el este y con la gobernaci\u00f3n [&hellip;]<\/p>\n","protected":false},"author":1,"featured_media":4016,"parent":3538,"menu_order":0,"comment_status":"open","ping_status":"open","template":"","meta":{"_coblocks_attr":"","_coblocks_dimensions":"","_coblocks_responsive_height":"","_coblocks_accordion_ie_support":"","_uag_custom_page_level_css":"","jetpack_post_was_ever_published":false,"footnotes":""},"class_list":["post-4666","page","type-page","status-publish","has-post-thumbnail","hentry"],"yoast_head":"<!-- This site is optimized with the Yoast SEO Premium plugin v26.9 (Yoast SEO v27.3) - https:\/\/yoast.com\/product\/yoast-seo-premium-wordpress\/ -->\n<title>Gobernaci\u00f3n de Luxor - City of Ancient Temples and Tombs - Landious Travel<\/title>\n<meta name=\"description\" content=\"La gobernaci\u00f3n de Luxor se extiende por 110 km a lo largo del r\u00edo Nilo y est\u00e1 a 635 km de El Cairo. Limita con la gobernaci\u00f3n de Qena en el norte, con la gobernaci\u00f3n de Asu\u00e1n en el sur, con la gobernaci\u00f3n de Al-Bahr Al-Ahmar (Mar Rojo) en el este y con la gobernaci\u00f3n de New Valley en el oeste\" \/>\n<meta name=\"robots\" content=\"index, follow, max-snippet:-1, max-image-preview:large, max-video-preview:-1\" \/>\n<link rel=\"canonical\" href=\"https:\/\/landioustravel.com\/es\/egipto\/pueblos-egipcios\/gobernacion-luxor\/\" \/>\n<meta property=\"og:locale\" content=\"es_ES\" \/>\n<meta property=\"og:type\" content=\"article\" \/>\n<meta property=\"og:title\" content=\"Gobernaci\u00f3n de Luxor\" \/>\n<meta property=\"og:description\" content=\"La gobernaci\u00f3n de Luxor se extiende por 110 km a lo largo del r\u00edo Nilo y est\u00e1 a 635 km de El Cairo. Limita con la gobernaci\u00f3n de Qena en el norte, con la gobernaci\u00f3n de Asu\u00e1n en el sur, con la gobernaci\u00f3n de Al-Bahr Al-Ahmar (Mar Rojo) en el este y con la gobernaci\u00f3n de New Valley en el oeste\" \/>\n<meta property=\"og:url\" content=\"https:\/\/landioustravel.com\/es\/egipto\/pueblos-egipcios\/gobernacion-luxor\/\" \/>\n<meta property=\"og:site_name\" content=\"Landious Travel\" \/>\n<meta property=\"article:publisher\" content=\"https:\/\/web.facebook.com\/landiousEgypt\" \/>\n<meta property=\"article:modified_time\" content=\"2019-07-10T19:39:40+00:00\" \/>\n<meta property=\"og:image\" content=\"https:\/\/i0.wp.com\/landioustravel.com\/wp-content\/uploads\/2019\/04\/luxor_governorate-e1617024822229.jpg?fit=1200%2C675&ssl=1\" \/>\n\t<meta property=\"og:image:width\" content=\"1200\" \/>\n\t<meta property=\"og:image:height\" content=\"675\" \/>\n\t<meta property=\"og:image:type\" content=\"image\/jpeg\" \/>\n<meta name=\"twitter:card\" content=\"summary_large_image\" \/>\n<meta name=\"twitter:site\" content=\"@LandiousTours\" \/>\n<meta name=\"twitter:label1\" content=\"Tiempo de lectura\" \/>\n\t<meta name=\"twitter:data1\" content=\"2 minutos\" \/>\n<script type=\"application\/ld+json\" class=\"yoast-schema-graph\">{\"@context\":\"https:\\\/\\\/schema.org\",\"@graph\":[{\"@type\":\"WebPage\",\"@id\":\"https:\\\/\\\/landioustravel.com\\\/es\\\/egipto\\\/pueblos-egipcios\\\/gobernacion-luxor\\\/\",\"url\":\"https:\\\/\\\/landioustravel.com\\\/es\\\/egipto\\\/pueblos-egipcios\\\/gobernacion-luxor\\\/\",\"name\":\"Gobernaci\u00f3n de Luxor - City of Ancient Temples and Tombs - Landious Travel\",\"isPartOf\":{\"@id\":\"https:\\\/\\\/landioustravel.com\\\/es\\\/#website\"},\"primaryImageOfPage\":{\"@id\":\"https:\\\/\\\/landioustravel.com\\\/es\\\/egipto\\\/pueblos-egipcios\\\/gobernacion-luxor\\\/#primaryimage\"},\"image\":{\"@id\":\"https:\\\/\\\/landioustravel.com\\\/es\\\/egipto\\\/pueblos-egipcios\\\/gobernacion-luxor\\\/#primaryimage\"},\"thumbnailUrl\":\"https:\\\/\\\/i0.wp.com\\\/landioustravel.com\\\/wp-content\\\/uploads\\\/2019\\\/04\\\/luxor_governorate-e1617024822229.jpg?fit=1200%2C675&ssl=1\",\"datePublished\":\"2019-05-17T13:17:55+00:00\",\"dateModified\":\"2019-07-10T19:39:40+00:00\",\"description\":\"La gobernaci\u00f3n de Luxor se extiende por 110 km a lo largo del r\u00edo Nilo y est\u00e1 a 635 km de El Cairo. Limita con la gobernaci\u00f3n de Qena en el norte, con la gobernaci\u00f3n de Asu\u00e1n en el sur, con la gobernaci\u00f3n de Al-Bahr Al-Ahmar (Mar Rojo) en el este y con la gobernaci\u00f3n de New Valley en el oeste\",\"breadcrumb\":{\"@id\":\"https:\\\/\\\/landioustravel.com\\\/es\\\/egipto\\\/pueblos-egipcios\\\/gobernacion-luxor\\\/#breadcrumb\"},\"inLanguage\":\"es\",\"potentialAction\":[{\"@type\":\"ReadAction\",\"target\":[\"https:\\\/\\\/landioustravel.com\\\/es\\\/egipto\\\/pueblos-egipcios\\\/gobernacion-luxor\\\/\"]}]},{\"@type\":\"ImageObject\",\"inLanguage\":\"es\",\"@id\":\"https:\\\/\\\/landioustravel.com\\\/es\\\/egipto\\\/pueblos-egipcios\\\/gobernacion-luxor\\\/#primaryimage\",\"url\":\"https:\\\/\\\/i0.wp.com\\\/landioustravel.com\\\/wp-content\\\/uploads\\\/2019\\\/04\\\/luxor_governorate-e1617024822229.jpg?fit=1200%2C675&ssl=1\",\"contentUrl\":\"https:\\\/\\\/i0.wp.com\\\/landioustravel.com\\\/wp-content\\\/uploads\\\/2019\\\/04\\\/luxor_governorate-e1617024822229.jpg?fit=1200%2C675&ssl=1\",\"width\":1200,\"height\":675,\"caption\":\"Luxor governorate in Egypt\"},{\"@type\":\"BreadcrumbList\",\"@id\":\"https:\\\/\\\/landioustravel.com\\\/es\\\/egipto\\\/pueblos-egipcios\\\/gobernacion-luxor\\\/#breadcrumb\",\"itemListElement\":[{\"@type\":\"ListItem\",\"position\":1,\"name\":\"Home\",\"item\":\"https:\\\/\\\/landioustravel.com\\\/es\\\/\"},{\"@type\":\"ListItem\",\"position\":2,\"name\":\"Egipto\",\"item\":\"https:\\\/\\\/landioustravel.com\\\/es\\\/egipto\\\/\"},{\"@type\":\"ListItem\",\"position\":3,\"name\":\"Pueblos Egipcios\",\"item\":\"https:\\\/\\\/landioustravel.com\\\/es\\\/egipto\\\/pueblos-egipcios\\\/\"},{\"@type\":\"ListItem\",\"position\":4,\"name\":\"Gobernaci\u00f3n de Luxor\"}]},{\"@type\":\"WebSite\",\"@id\":\"https:\\\/\\\/landioustravel.com\\\/es\\\/#website\",\"url\":\"https:\\\/\\\/landioustravel.com\\\/es\\\/\",\"name\":\"Landious Travel\",\"description\":\"Tours and Excursions in Egypt\",\"publisher\":{\"@id\":\"https:\\\/\\\/landioustravel.com\\\/es\\\/#organization\"},\"potentialAction\":[{\"@type\":\"SearchAction\",\"target\":{\"@type\":\"EntryPoint\",\"urlTemplate\":\"https:\\\/\\\/landioustravel.com\\\/es\\\/?s={search_term_string}\"},\"query-input\":{\"@type\":\"PropertyValueSpecification\",\"valueRequired\":true,\"valueName\":\"search_term_string\"}}],\"inLanguage\":\"es\"},{\"@type\":[\"Organization\",\"Place\"],\"@id\":\"https:\\\/\\\/landioustravel.com\\\/es\\\/#organization\",\"name\":\"Landious Travel\",\"alternateName\":\"Landious Travel\",\"url\":\"https:\\\/\\\/landioustravel.com\\\/es\\\/\",\"logo\":{\"@id\":\"https:\\\/\\\/landioustravel.com\\\/es\\\/egipto\\\/pueblos-egipcios\\\/gobernacion-luxor\\\/#local-main-organization-logo\"},\"image\":{\"@id\":\"https:\\\/\\\/landioustravel.com\\\/es\\\/egipto\\\/pueblos-egipcios\\\/gobernacion-luxor\\\/#local-main-organization-logo\"},\"sameAs\":[\"https:\\\/\\\/web.facebook.com\\\/landiousEgypt\",\"https:\\\/\\\/x.com\\\/LandiousTours\",\"https:\\\/\\\/mastodon.social\\\/@landious\"],\"legalName\":\"Landious Travel\",\"telephone\":[],\"openingHoursSpecification\":[{\"@type\":\"OpeningHoursSpecification\",\"dayOfWeek\":[\"Monday\",\"Tuesday\",\"Wednesday\",\"Thursday\",\"Friday\",\"Saturday\",\"Sunday\"],\"opens\":\"09:00\",\"closes\":\"17:00\"}]},{\"@type\":\"ImageObject\",\"inLanguage\":\"es\",\"@id\":\"https:\\\/\\\/landioustravel.com\\\/es\\\/egipto\\\/pueblos-egipcios\\\/gobernacion-luxor\\\/#local-main-organization-logo\",\"url\":\"https:\\\/\\\/i0.wp.com\\\/landioustravel.com\\\/wp-content\\\/uploads\\\/2021\\\/06\\\/Landious-T.png?fit=500%2C500&ssl=1\",\"contentUrl\":\"https:\\\/\\\/i0.wp.com\\\/landioustravel.com\\\/wp-content\\\/uploads\\\/2021\\\/06\\\/Landious-T.png?fit=500%2C500&ssl=1\",\"width\":500,\"height\":500,\"caption\":\"Landious Travel\"}]}<\/script>\n<!-- \/ Yoast SEO Premium plugin. -->","yoast_head_json":{"title":"Gobernaci\u00f3n de Luxor - City of Ancient Temples and Tombs - Landious Travel","description":"La gobernaci\u00f3n de Luxor se extiende por 110 km a lo largo del r\u00edo Nilo y est\u00e1 a 635 km de El Cairo. Limita con la gobernaci\u00f3n de Qena en el norte, con la gobernaci\u00f3n de Asu\u00e1n en el sur, con la gobernaci\u00f3n de Al-Bahr Al-Ahmar (Mar Rojo) en el este y con la gobernaci\u00f3n de New Valley en el oeste","robots":{"index":"index","follow":"follow","max-snippet":"max-snippet:-1","max-image-preview":"max-image-preview:large","max-video-preview":"max-video-preview:-1"},"canonical":"https:\/\/landioustravel.com\/es\/egipto\/pueblos-egipcios\/gobernacion-luxor\/","og_locale":"es_ES","og_type":"article","og_title":"Gobernaci\u00f3n de Luxor","og_description":"La gobernaci\u00f3n de Luxor se extiende por 110 km a lo largo del r\u00edo Nilo y est\u00e1 a 635 km de El Cairo. Limita con la gobernaci\u00f3n de Qena en el norte, con la gobernaci\u00f3n de Asu\u00e1n en el sur, con la gobernaci\u00f3n de Al-Bahr Al-Ahmar (Mar Rojo) en el este y con la gobernaci\u00f3n de New Valley en el oeste","og_url":"https:\/\/landioustravel.com\/es\/egipto\/pueblos-egipcios\/gobernacion-luxor\/","og_site_name":"Landious Travel","article_publisher":"https:\/\/web.facebook.com\/landiousEgypt","article_modified_time":"2019-07-10T19:39:40+00:00","og_image":[{"width":1200,"height":675,"url":"https:\/\/i0.wp.com\/landioustravel.com\/wp-content\/uploads\/2019\/04\/luxor_governorate-e1617024822229.jpg?fit=1200%2C675&ssl=1","type":"image\/jpeg"}],"twitter_card":"summary_large_image","twitter_site":"@LandiousTours","twitter_misc":{"Tiempo de lectura":"2 minutos"},"schema":{"@context":"https:\/\/schema.org","@graph":[{"@type":"WebPage","@id":"https:\/\/landioustravel.com\/es\/egipto\/pueblos-egipcios\/gobernacion-luxor\/","url":"https:\/\/landioustravel.com\/es\/egipto\/pueblos-egipcios\/gobernacion-luxor\/","name":"Gobernaci\u00f3n de Luxor - City of Ancient Temples and Tombs - Landious Travel","isPartOf":{"@id":"https:\/\/landioustravel.com\/es\/#website"},"primaryImageOfPage":{"@id":"https:\/\/landioustravel.com\/es\/egipto\/pueblos-egipcios\/gobernacion-luxor\/#primaryimage"},"image":{"@id":"https:\/\/landioustravel.com\/es\/egipto\/pueblos-egipcios\/gobernacion-luxor\/#primaryimage"},"thumbnailUrl":"https:\/\/i0.wp.com\/landioustravel.com\/wp-content\/uploads\/2019\/04\/luxor_governorate-e1617024822229.jpg?fit=1200%2C675&ssl=1","datePublished":"2019-05-17T13:17:55+00:00","dateModified":"2019-07-10T19:39:40+00:00","description":"La gobernaci\u00f3n de Luxor se extiende por 110 km a lo largo del r\u00edo Nilo y est\u00e1 a 635 km de El Cairo. Limita con la gobernaci\u00f3n de Qena en el norte, con la gobernaci\u00f3n de Asu\u00e1n en el sur, con la gobernaci\u00f3n de Al-Bahr Al-Ahmar (Mar Rojo) en el este y con la gobernaci\u00f3n de New Valley en el oeste","breadcrumb":{"@id":"https:\/\/landioustravel.com\/es\/egipto\/pueblos-egipcios\/gobernacion-luxor\/#breadcrumb"},"inLanguage":"es","potentialAction":[{"@type":"ReadAction","target":["https:\/\/landioustravel.com\/es\/egipto\/pueblos-egipcios\/gobernacion-luxor\/"]}]},{"@type":"ImageObject","inLanguage":"es","@id":"https:\/\/landioustravel.com\/es\/egipto\/pueblos-egipcios\/gobernacion-luxor\/#primaryimage","url":"https:\/\/i0.wp.com\/landioustravel.com\/wp-content\/uploads\/2019\/04\/luxor_governorate-e1617024822229.jpg?fit=1200%2C675&ssl=1","contentUrl":"https:\/\/i0.wp.com\/landioustravel.com\/wp-content\/uploads\/2019\/04\/luxor_governorate-e1617024822229.jpg?fit=1200%2C675&ssl=1","width":1200,"height":675,"caption":"Luxor governorate in Egypt"},{"@type":"BreadcrumbList","@id":"https:\/\/landioustravel.com\/es\/egipto\/pueblos-egipcios\/gobernacion-luxor\/#breadcrumb","itemListElement":[{"@type":"ListItem","position":1,"name":"Home","item":"https:\/\/landioustravel.com\/es\/"},{"@type":"ListItem","position":2,"name":"Egipto","item":"https:\/\/landioustravel.com\/es\/egipto\/"},{"@type":"ListItem","position":3,"name":"Pueblos Egipcios","item":"https:\/\/landioustravel.com\/es\/egipto\/pueblos-egipcios\/"},{"@type":"ListItem","position":4,"name":"Gobernaci\u00f3n de Luxor"}]},{"@type":"WebSite","@id":"https:\/\/landioustravel.com\/es\/#website","url":"https:\/\/landioustravel.com\/es\/","name":"Landious Travel","description":"Tours and Excursions in Egypt","publisher":{"@id":"https:\/\/landioustravel.com\/es\/#organization"},"potentialAction":[{"@type":"SearchAction","target":{"@type":"EntryPoint","urlTemplate":"https:\/\/landioustravel.com\/es\/?s={search_term_string}"},"query-input":{"@type":"PropertyValueSpecification","valueRequired":true,"valueName":"search_term_string"}}],"inLanguage":"es"},{"@type":["Organization","Place"],"@id":"https:\/\/landioustravel.com\/es\/#organization","name":"Landious Travel","alternateName":"Landious Travel","url":"https:\/\/landioustravel.com\/es\/","logo":{"@id":"https:\/\/landioustravel.com\/es\/egipto\/pueblos-egipcios\/gobernacion-luxor\/#local-main-organization-logo"},"image":{"@id":"https:\/\/landioustravel.com\/es\/egipto\/pueblos-egipcios\/gobernacion-luxor\/#local-main-organization-logo"},"sameAs":["https:\/\/web.facebook.com\/landiousEgypt","https:\/\/x.com\/LandiousTours","https:\/\/mastodon.social\/@landious"],"legalName":"Landious Travel","telephone":[],"openingHoursSpecification":[{"@type":"OpeningHoursSpecification","dayOfWeek":["Monday","Tuesday","Wednesday","Thursday","Friday","Saturday","Sunday"],"opens":"09:00","closes":"17:00"}]},{"@type":"ImageObject","inLanguage":"es","@id":"https:\/\/landioustravel.com\/es\/egipto\/pueblos-egipcios\/gobernacion-luxor\/#local-main-organization-logo","url":"https:\/\/i0.wp.com\/landioustravel.com\/wp-content\/uploads\/2021\/06\/Landious-T.png?fit=500%2C500&ssl=1","contentUrl":"https:\/\/i0.wp.com\/landioustravel.com\/wp-content\/uploads\/2021\/06\/Landious-T.png?fit=500%2C500&ssl=1","width":500,"height":500,"caption":"Landious Travel"}]}},"uagb_featured_image_src":{"full":["https:\/\/i0.wp.com\/landioustravel.com\/wp-content\/uploads\/2019\/04\/luxor_governorate-e1617024822229.jpg?fit=1200%2C675&ssl=1",1200,675,false],"thumbnail":["https:\/\/i0.wp.com\/landioustravel.com\/wp-content\/uploads\/2019\/04\/luxor_governorate-e1617024822229.jpg?resize=150%2C150&ssl=1",150,150,true],"medium":["https:\/\/i0.wp.com\/landioustravel.com\/wp-content\/uploads\/2019\/04\/luxor_governorate-e1617024822229.jpg?fit=300%2C169&ssl=1",300,169,true],"medium_large":["https:\/\/i0.wp.com\/landioustravel.com\/wp-content\/uploads\/2019\/04\/luxor_governorate-e1617024822229.jpg?fit=768%2C433&ssl=1",768,433,true],"large":["https:\/\/i0.wp.com\/landioustravel.com\/wp-content\/uploads\/2019\/04\/luxor_governorate-e1617024822229.jpg?fit=980%2C552&ssl=1",980,552,true],"1536x1536":["https:\/\/i0.wp.com\/landioustravel.com\/wp-content\/uploads\/2019\/04\/luxor_governorate-e1617024822229.jpg?fit=1536%2C865&ssl=1",1536,865,true],"2048x2048":["https:\/\/i0.wp.com\/landioustravel.com\/wp-content\/uploads\/2019\/04\/luxor_governorate-e1617024822229.jpg?fit=1200%2C675&ssl=1",1200,675,true],"newspack-article-block-landscape-large":["https:\/\/i0.wp.com\/landioustravel.com\/wp-content\/uploads\/2019\/04\/luxor_governorate-e1617024822229.jpg?resize=1200%2C675&ssl=1",1200,900,true],"newspack-article-block-portrait-large":["https:\/\/i0.wp.com\/landioustravel.com\/wp-content\/uploads\/2019\/04\/luxor_governorate-e1617024822229.jpg?resize=900%2C675&ssl=1",900,676,true],"newspack-article-block-square-large":["https:\/\/i0.wp.com\/landioustravel.com\/wp-content\/uploads\/2019\/04\/luxor_governorate-e1617024822229.jpg?resize=1200%2C675&ssl=1",1200,1144,true],"newspack-article-block-landscape-medium":["https:\/\/i0.wp.com\/landioustravel.com\/wp-content\/uploads\/2019\/04\/luxor_governorate-e1617024822229.jpg?resize=800%2C600&ssl=1",800,600,true],"newspack-article-block-portrait-medium":["https:\/\/i0.wp.com\/landioustravel.com\/wp-content\/uploads\/2019\/04\/luxor_governorate-e1617024822229.jpg?resize=600%2C675&ssl=1",600,676,true],"newspack-article-block-square-medium":["https:\/\/i0.wp.com\/landioustravel.com\/wp-content\/uploads\/2019\/04\/luxor_governorate-e1617024822229.jpg?resize=800%2C675&ssl=1",800,676,true],"newspack-article-block-landscape-intermediate":["https:\/\/i0.wp.com\/landioustravel.com\/wp-content\/uploads\/2019\/04\/luxor_governorate-e1617024822229.jpg?resize=600%2C450&ssl=1",600,450,true],"newspack-article-block-portrait-intermediate":["https:\/\/i0.wp.com\/landioustravel.com\/wp-content\/uploads\/2019\/04\/luxor_governorate-e1617024822229.jpg?resize=450%2C600&ssl=1",450,600,true],"newspack-article-block-square-intermediate":["https:\/\/i0.wp.com\/landioustravel.com\/wp-content\/uploads\/2019\/04\/luxor_governorate-e1617024822229.jpg?resize=600%2C600&ssl=1",600,600,true],"newspack-article-block-landscape-small":["https:\/\/i0.wp.com\/landioustravel.com\/wp-content\/uploads\/2019\/04\/luxor_governorate-e1617024822229.jpg?resize=400%2C300&ssl=1",400,300,true],"newspack-article-block-portrait-small":["https:\/\/i0.wp.com\/landioustravel.com\/wp-content\/uploads\/2019\/04\/luxor_governorate-e1617024822229.jpg?resize=300%2C400&ssl=1",300,400,true],"newspack-article-block-square-small":["https:\/\/i0.wp.com\/landioustravel.com\/wp-content\/uploads\/2019\/04\/luxor_governorate-e1617024822229.jpg?resize=400%2C400&ssl=1",400,400,true],"newspack-article-block-landscape-tiny":["https:\/\/i0.wp.com\/landioustravel.com\/wp-content\/uploads\/2019\/04\/luxor_governorate-e1617024822229.jpg?resize=200%2C150&ssl=1",200,150,true],"newspack-article-block-portrait-tiny":["https:\/\/i0.wp.com\/landioustravel.com\/wp-content\/uploads\/2019\/04\/luxor_governorate-e1617024822229.jpg?resize=150%2C200&ssl=1",150,200,true],"newspack-article-block-square-tiny":["https:\/\/i0.wp.com\/landioustravel.com\/wp-content\/uploads\/2019\/04\/luxor_governorate-e1617024822229.jpg?resize=200%2C200&ssl=1",200,200,true],"newspack-article-block-uncropped":["https:\/\/i0.wp.com\/landioustravel.com\/wp-content\/uploads\/2019\/04\/luxor_governorate-e1617024822229.jpg?fit=1200%2C676&ssl=1",1200,676,true],"woocommerce_thumbnail":["https:\/\/i0.wp.com\/landioustravel.com\/wp-content\/uploads\/2019\/04\/luxor_governorate-e1617024822229.jpg?resize=324%2C324&ssl=1",324,324,true],"woocommerce_single":["https:\/\/i0.wp.com\/landioustravel.com\/wp-content\/uploads\/2019\/04\/luxor_governorate-e1617024822229.jpg?fit=416%2C234&ssl=1",416,234,true],"woocommerce_gallery_thumbnail":["https:\/\/i0.wp.com\/landioustravel.com\/wp-content\/uploads\/2019\/04\/luxor_governorate-e1617024822229.jpg?resize=100%2C100&ssl=1",100,100,true]},"uagb_author_info":{"display_name":"Mofreh Landious","author_link":"https:\/\/landioustravel.com\/es\/author\/landious\/"},"uagb_comment_info":0,"uagb_excerpt":"La gobernaci\u00f3n de Luxor se extiende por 110 km a lo largo del r\u00edo Nilo y est\u00e1 a 635 km de El Cairo. Limita con la gobernaci\u00f3n de Qena en el norte, con la gobernaci\u00f3n de Asu\u00e1n en el sur, con la gobernaci\u00f3n de Al-Bahr Al-Ahmar (Mar Rojo) en el este y con la gobernaci\u00f3n&hellip;","jetpack_sharing_enabled":true,"jetpack_shortlink":"https:\/\/wp.me\/Par4r5-1dg","jetpack_likes_enabled":true,"amp_enabled":true,"_links":{"self":[{"href":"https:\/\/landioustravel.com\/es\/wp-json\/wp\/v2\/pages\/4666","targetHints":{"allow":["GET"]}}],"collection":[{"href":"https:\/\/landioustravel.com\/es\/wp-json\/wp\/v2\/pages"}],"about":[{"href":"https:\/\/landioustravel.com\/es\/wp-json\/wp\/v2\/types\/page"}],"author":[{"embeddable":true,"href":"https:\/\/landioustravel.com\/es\/wp-json\/wp\/v2\/users\/1"}],"replies":[{"embeddable":true,"href":"https:\/\/landioustravel.com\/es\/wp-json\/wp\/v2\/comments?post=4666"}],"version-history":[{"count":0,"href":"https:\/\/landioustravel.com\/es\/wp-json\/wp\/v2\/pages\/4666\/revisions"}],"up":[{"embeddable":true,"href":"https:\/\/landioustravel.com\/es\/wp-json\/wp\/v2\/pages\/3538"}],"wp:featuredmedia":[{"embeddable":true,"href":"https:\/\/landioustravel.com\/es\/wp-json\/wp\/v2\/media\/4016"}],"wp:attachment":[{"href":"https:\/\/landioustravel.com\/es\/wp-json\/wp\/v2\/media?parent=4666"}],"curies":[{"name":"wp","href":"https:\/\/api.w.org\/{rel}","templated":true}]}}