{"id":4873,"date":"2019-05-26T16:30:34","date_gmt":"2019-05-26T14:30:34","guid":{"rendered":"https:\/\/landioustravel.com\/?page_id=4873"},"modified":"2019-07-15T03:50:35","modified_gmt":"2019-07-15T01:50:35","slug":"templo-horus-edfu","status":"publish","type":"page","link":"https:\/\/landioustravel.com\/es\/egipto\/templos-egipcios\/templo-horus-edfu\/","title":{"rendered":"Templo de Horus en Edfu"},"content":{"rendered":"\n<p><amp-fit-text layout=\"fixed-height\" min-font-size=\"14\" max-font-size=\"48\" height=\"50\">El Templo de Horus es uno de los <a href=\"https:\/\/landioustravel.com\/es\/egipto\/templos-egipcios\/\">templos<\/a> m\u00e1s impresionantes y mejor conservados de <a href=\"https:\/\/landioustravel.com\/es\/egipto\/\">Egipto<\/a>. Este templo est\u00e1 ubicado en la orilla oeste del Nilo en la ciudad de Edfu, <a href=\"https:\/\/landioustravel.com\/es\/egipto\/pueblos-egipcios\/gobernacion-aswan\/\">Aswan Governorate<\/a>. El templo de Edfu es el templo m\u00e1s grande dedicado a <a href=\"https:\/\/landioustravel.com\/es\/egipto\/deidades-egipcias\/dios-horus\/\">Horus<\/a> y <a href=\"https:\/\/landioustravel.com\/es\/egipto\/deidades-egipcias\/diosa-hathor\/\">Hathor<\/a> de Dendera.<\/amp-fit-text><\/p>\n\n\n\n<amp-fit-text layout=\"fixed-height\" min-font-size=\"14\" max-font-size=\"48\" height=\"50\"><h2 class=\"wp-block-heading\">Historia del templo<\/h2><\/amp-fit-text>\n\n\n\n<p><amp-fit-text layout=\"fixed-height\" min-font-size=\"14\" max-font-size=\"48\" height=\"50\">Ptolomeo XII Neos Dionisos, el padre de Cleopatra VII, complet\u00f3 el templo de arenisca.<\/amp-fit-text><\/p>\n\n\n\n<p><amp-fit-text layout=\"fixed-height\" min-font-size=\"14\" max-font-size=\"48\" height=\"50\">La construcci\u00f3n del templo actual comenz\u00f3 el 23 de agosto de 237 aC durante el reinado de Ptolomeo III Euergetes y se complet\u00f3 en 57 aC bajo Ptolomeo XII Neos Dionysos, conocido como Auletes. Fue construido en el sitio de un templo anterior, m\u00e1s peque\u00f1o, tambi\u00e9n dedicado a Horus, aunque la estructura anterior estaba orientada de este a oeste en lugar de norte-sur como en el sitio actual. Este templo anterior fue construido durante el <a href=\"https:\/\/landioustravel.com\/es\/egipto\/historia-egipto\/historia-egipcia-antigua\/\">Nuevo Reino<\/a> por Rams\u00e9s I, Seti I y Rams\u00e9s II. Un pil\u00f3n en ruinas se encuentra justo al este del templo actual.<\/amp-fit-text><\/p>\n\n\n\n<p><amp-fit-text layout=\"fixed-height\" min-font-size=\"14\" max-font-size=\"48\" height=\"50\">La aparici\u00f3n del cristianismo en Egipto tuvo su influencia en el uso de este templo. El culto no cristiano fue prohibido dentro del Imperio Romano en el 391 dC. As\u00ed, el templo cay\u00f3 en desuso durante siglos.<\/amp-fit-text><\/p>\n\n\n\n<p><amp-fit-text layout=\"fixed-height\" min-font-size=\"14\" max-font-size=\"48\" height=\"50\">Hace doscientos a\u00f1os, el templo fue enterrado por arena, escombros y parte de la aldea de Edfu, que se hab\u00eda extendido sobre el techo. La excavaci\u00f3n fue iniciada por Auguste Mariette a mediados del siglo XIX.<\/amp-fit-text><\/p>\n","protected":false},"excerpt":{"rendered":"<p>El Templo de Horus es uno de los templos m\u00e1s impresionantes y mejor conservados de Egipto. Este templo est\u00e1 ubicado en la orilla oeste del Nilo en la ciudad de Edfu, Aswan Governorate. El templo de Edfu es el templo m\u00e1s grande dedicado a Horus y Hathor de Dendera. Historia del templo Ptolomeo XII Neos [&hellip;]<\/p>\n","protected":false},"author":1,"featured_media":0,"parent":3135,"menu_order":0,"comment_status":"open","ping_status":"closed","template":"","meta":{"_coblocks_attr":"","_coblocks_dimensions":"","_coblocks_responsive_height":"","_coblocks_accordion_ie_support":"","_uag_custom_page_level_css":"","footnotes":""},"class_list":["post-4873","page","type-page","status-publish","hentry"],"yoast_head":"<!-- This site is optimized with the Yoast SEO Premium plugin v26.9 (Yoast SEO v27.5) - https:\/\/yoast.com\/product\/yoast-seo-premium-wordpress\/ -->\n<title>Templo de Horus en Edfu<\/title>\n<meta name=\"description\" content=\"El Templo de Horus es uno de los templos m\u00e1s impresionantes y mejor conservados de Egipto. Este templo est\u00e1 ubicado en la orilla oeste del Nilo en la ciudad de Edfu, Aswan Governorate. El templo de Edfu es el templo m\u00e1s grande dedicado a Horus y Hathor de Dendera\" \/>\n<meta name=\"robots\" content=\"index, follow, max-snippet:-1, max-image-preview:large, max-video-preview:-1\" \/>\n<link rel=\"canonical\" href=\"https:\/\/landioustravel.com\/es\/egipto\/templos-egipcios\/templo-horus-edfu\/\" \/>\n<meta property=\"og:locale\" content=\"es_ES\" \/>\n<meta property=\"og:type\" content=\"article\" \/>\n<meta property=\"og:title\" content=\"Templo de Horus en Edfu\" \/>\n<meta property=\"og:description\" content=\"El Templo de Horus es uno de los templos m\u00e1s impresionantes y mejor conservados de Egipto. Este templo est\u00e1 ubicado en la orilla oeste del Nilo en la ciudad de Edfu, Aswan Governorate. El templo de Edfu es el templo m\u00e1s grande dedicado a Horus y Hathor de Dendera\" \/>\n<meta property=\"og:url\" content=\"https:\/\/landioustravel.com\/es\/egipto\/templos-egipcios\/templo-horus-edfu\/\" \/>\n<meta property=\"og:site_name\" content=\"Landious Travel\" \/>\n<meta property=\"article:publisher\" content=\"https:\/\/web.facebook.com\/landiousEgypt\" \/>\n<meta property=\"article:modified_time\" content=\"2019-07-15T01:50:35+00:00\" \/>\n<meta name=\"twitter:card\" content=\"summary_large_image\" \/>\n<meta name=\"twitter:site\" content=\"@LandiousTours\" \/>\n<meta name=\"twitter:label1\" content=\"Tiempo de lectura\" \/>\n\t<meta name=\"twitter:data1\" content=\"1 minuto\" \/>\n<script type=\"application\/ld+json\" class=\"yoast-schema-graph\">{\"@context\":\"https:\\\/\\\/schema.org\",\"@graph\":[{\"@type\":\"WebPage\",\"@id\":\"https:\\\/\\\/landioustravel.com\\\/es\\\/egipto\\\/templos-egipcios\\\/templo-horus-edfu\\\/\",\"url\":\"https:\\\/\\\/landioustravel.com\\\/es\\\/egipto\\\/templos-egipcios\\\/templo-horus-edfu\\\/\",\"name\":\"Templo de Horus en Edfu\",\"isPartOf\":{\"@id\":\"https:\\\/\\\/landioustravel.com\\\/es\\\/#website\"},\"datePublished\":\"2019-05-26T14:30:34+00:00\",\"dateModified\":\"2019-07-15T01:50:35+00:00\",\"description\":\"El Templo de Horus es uno de los templos m\u00e1s impresionantes y mejor conservados de Egipto. Este templo est\u00e1 ubicado en la orilla oeste del Nilo en la ciudad de Edfu, Aswan Governorate. El templo de Edfu es el templo m\u00e1s grande dedicado a Horus y Hathor de Dendera\",\"breadcrumb\":{\"@id\":\"https:\\\/\\\/landioustravel.com\\\/es\\\/egipto\\\/templos-egipcios\\\/templo-horus-edfu\\\/#breadcrumb\"},\"inLanguage\":\"es\",\"potentialAction\":[{\"@type\":\"ReadAction\",\"target\":[\"https:\\\/\\\/landioustravel.com\\\/es\\\/egipto\\\/templos-egipcios\\\/templo-horus-edfu\\\/\"]}]},{\"@type\":\"BreadcrumbList\",\"@id\":\"https:\\\/\\\/landioustravel.com\\\/es\\\/egipto\\\/templos-egipcios\\\/templo-horus-edfu\\\/#breadcrumb\",\"itemListElement\":[{\"@type\":\"ListItem\",\"position\":1,\"name\":\"Home\",\"item\":\"https:\\\/\\\/landioustravel.com\\\/es\\\/\"},{\"@type\":\"ListItem\",\"position\":2,\"name\":\"Egipto\",\"item\":\"https:\\\/\\\/landioustravel.com\\\/es\\\/egipto\\\/\"},{\"@type\":\"ListItem\",\"position\":3,\"name\":\"Templos egipcios\",\"item\":\"https:\\\/\\\/landioustravel.com\\\/es\\\/egipto\\\/templos-egipcios\\\/\"},{\"@type\":\"ListItem\",\"position\":4,\"name\":\"Templo de Horus en Edfu\"}]},{\"@type\":\"WebSite\",\"@id\":\"https:\\\/\\\/landioustravel.com\\\/es\\\/#website\",\"url\":\"https:\\\/\\\/landioustravel.com\\\/es\\\/\",\"name\":\"Landious Travel\",\"description\":\"Tours and Excursions in Egypt\",\"publisher\":{\"@id\":\"https:\\\/\\\/landioustravel.com\\\/es\\\/#organization\"},\"potentialAction\":[{\"@type\":\"SearchAction\",\"target\":{\"@type\":\"EntryPoint\",\"urlTemplate\":\"https:\\\/\\\/landioustravel.com\\\/es\\\/?s={search_term_string}\"},\"query-input\":{\"@type\":\"PropertyValueSpecification\",\"valueRequired\":true,\"valueName\":\"search_term_string\"}}],\"inLanguage\":\"es\"},{\"@type\":[\"Organization\",\"Place\"],\"@id\":\"https:\\\/\\\/landioustravel.com\\\/es\\\/#organization\",\"name\":\"Landious Travel\",\"alternateName\":\"Landious Travel\",\"url\":\"https:\\\/\\\/landioustravel.com\\\/es\\\/\",\"logo\":{\"@id\":\"https:\\\/\\\/landioustravel.com\\\/es\\\/egipto\\\/templos-egipcios\\\/templo-horus-edfu\\\/#local-main-organization-logo\"},\"image\":{\"@id\":\"https:\\\/\\\/landioustravel.com\\\/es\\\/egipto\\\/templos-egipcios\\\/templo-horus-edfu\\\/#local-main-organization-logo\"},\"sameAs\":[\"https:\\\/\\\/web.facebook.com\\\/landiousEgypt\",\"https:\\\/\\\/x.com\\\/LandiousTours\",\"https:\\\/\\\/mastodon.social\\\/@landious\"],\"legalName\":\"Landious Travel\",\"telephone\":[],\"openingHoursSpecification\":[{\"@type\":\"OpeningHoursSpecification\",\"dayOfWeek\":[\"Monday\",\"Tuesday\",\"Wednesday\",\"Thursday\",\"Friday\",\"Saturday\",\"Sunday\"],\"opens\":\"09:00\",\"closes\":\"17:00\"}]},{\"@type\":\"ImageObject\",\"inLanguage\":\"es\",\"@id\":\"https:\\\/\\\/landioustravel.com\\\/es\\\/egipto\\\/templos-egipcios\\\/templo-horus-edfu\\\/#local-main-organization-logo\",\"url\":\"https:\\\/\\\/i0.wp.com\\\/landioustravel.com\\\/wp-content\\\/uploads\\\/2021\\\/06\\\/Landious-T.png?fit=500%2C500&ssl=1\",\"contentUrl\":\"https:\\\/\\\/i0.wp.com\\\/landioustravel.com\\\/wp-content\\\/uploads\\\/2021\\\/06\\\/Landious-T.png?fit=500%2C500&ssl=1\",\"width\":500,\"height\":500,\"caption\":\"Landious Travel\"}]}<\/script>\n<!-- \/ Yoast SEO Premium plugin. -->","yoast_head_json":{"title":"Templo de Horus en Edfu","description":"El Templo de Horus es uno de los templos m\u00e1s impresionantes y mejor conservados de Egipto. Este templo est\u00e1 ubicado en la orilla oeste del Nilo en la ciudad de Edfu, Aswan Governorate. El templo de Edfu es el templo m\u00e1s grande dedicado a Horus y Hathor de Dendera","robots":{"index":"index","follow":"follow","max-snippet":"max-snippet:-1","max-image-preview":"max-image-preview:large","max-video-preview":"max-video-preview:-1"},"canonical":"https:\/\/landioustravel.com\/es\/egipto\/templos-egipcios\/templo-horus-edfu\/","og_locale":"es_ES","og_type":"article","og_title":"Templo de Horus en Edfu","og_description":"El Templo de Horus es uno de los templos m\u00e1s impresionantes y mejor conservados de Egipto. Este templo est\u00e1 ubicado en la orilla oeste del Nilo en la ciudad de Edfu, Aswan Governorate. El templo de Edfu es el templo m\u00e1s grande dedicado a Horus y Hathor de Dendera","og_url":"https:\/\/landioustravel.com\/es\/egipto\/templos-egipcios\/templo-horus-edfu\/","og_site_name":"Landious Travel","article_publisher":"https:\/\/web.facebook.com\/landiousEgypt","article_modified_time":"2019-07-15T01:50:35+00:00","twitter_card":"summary_large_image","twitter_site":"@LandiousTours","twitter_misc":{"Tiempo de lectura":"1 minuto"},"schema":{"@context":"https:\/\/schema.org","@graph":[{"@type":"WebPage","@id":"https:\/\/landioustravel.com\/es\/egipto\/templos-egipcios\/templo-horus-edfu\/","url":"https:\/\/landioustravel.com\/es\/egipto\/templos-egipcios\/templo-horus-edfu\/","name":"Templo de Horus en Edfu","isPartOf":{"@id":"https:\/\/landioustravel.com\/es\/#website"},"datePublished":"2019-05-26T14:30:34+00:00","dateModified":"2019-07-15T01:50:35+00:00","description":"El Templo de Horus es uno de los templos m\u00e1s impresionantes y mejor conservados de Egipto. Este templo est\u00e1 ubicado en la orilla oeste del Nilo en la ciudad de Edfu, Aswan Governorate. El templo de Edfu es el templo m\u00e1s grande dedicado a Horus y Hathor de Dendera","breadcrumb":{"@id":"https:\/\/landioustravel.com\/es\/egipto\/templos-egipcios\/templo-horus-edfu\/#breadcrumb"},"inLanguage":"es","potentialAction":[{"@type":"ReadAction","target":["https:\/\/landioustravel.com\/es\/egipto\/templos-egipcios\/templo-horus-edfu\/"]}]},{"@type":"BreadcrumbList","@id":"https:\/\/landioustravel.com\/es\/egipto\/templos-egipcios\/templo-horus-edfu\/#breadcrumb","itemListElement":[{"@type":"ListItem","position":1,"name":"Home","item":"https:\/\/landioustravel.com\/es\/"},{"@type":"ListItem","position":2,"name":"Egipto","item":"https:\/\/landioustravel.com\/es\/egipto\/"},{"@type":"ListItem","position":3,"name":"Templos egipcios","item":"https:\/\/landioustravel.com\/es\/egipto\/templos-egipcios\/"},{"@type":"ListItem","position":4,"name":"Templo de Horus en Edfu"}]},{"@type":"WebSite","@id":"https:\/\/landioustravel.com\/es\/#website","url":"https:\/\/landioustravel.com\/es\/","name":"Landious Travel","description":"Tours and Excursions in Egypt","publisher":{"@id":"https:\/\/landioustravel.com\/es\/#organization"},"potentialAction":[{"@type":"SearchAction","target":{"@type":"EntryPoint","urlTemplate":"https:\/\/landioustravel.com\/es\/?s={search_term_string}"},"query-input":{"@type":"PropertyValueSpecification","valueRequired":true,"valueName":"search_term_string"}}],"inLanguage":"es"},{"@type":["Organization","Place"],"@id":"https:\/\/landioustravel.com\/es\/#organization","name":"Landious Travel","alternateName":"Landious Travel","url":"https:\/\/landioustravel.com\/es\/","logo":{"@id":"https:\/\/landioustravel.com\/es\/egipto\/templos-egipcios\/templo-horus-edfu\/#local-main-organization-logo"},"image":{"@id":"https:\/\/landioustravel.com\/es\/egipto\/templos-egipcios\/templo-horus-edfu\/#local-main-organization-logo"},"sameAs":["https:\/\/web.facebook.com\/landiousEgypt","https:\/\/x.com\/LandiousTours","https:\/\/mastodon.social\/@landious"],"legalName":"Landious Travel","telephone":[],"openingHoursSpecification":[{"@type":"OpeningHoursSpecification","dayOfWeek":["Monday","Tuesday","Wednesday","Thursday","Friday","Saturday","Sunday"],"opens":"09:00","closes":"17:00"}]},{"@type":"ImageObject","inLanguage":"es","@id":"https:\/\/landioustravel.com\/es\/egipto\/templos-egipcios\/templo-horus-edfu\/#local-main-organization-logo","url":"https:\/\/i0.wp.com\/landioustravel.com\/wp-content\/uploads\/2021\/06\/Landious-T.png?fit=500%2C500&ssl=1","contentUrl":"https:\/\/i0.wp.com\/landioustravel.com\/wp-content\/uploads\/2021\/06\/Landious-T.png?fit=500%2C500&ssl=1","width":500,"height":500,"caption":"Landious Travel"}]}},"uagb_featured_image_src":{"full":false,"thumbnail":false,"medium":false,"medium_large":false,"large":false,"1536x1536":false,"2048x2048":false,"newspack-article-block-landscape-large":false,"newspack-article-block-portrait-large":false,"newspack-article-block-square-large":false,"newspack-article-block-landscape-medium":false,"newspack-article-block-portrait-medium":false,"newspack-article-block-square-medium":false,"newspack-article-block-landscape-intermediate":false,"newspack-article-block-portrait-intermediate":false,"newspack-article-block-square-intermediate":false,"newspack-article-block-landscape-small":false,"newspack-article-block-portrait-small":false,"newspack-article-block-square-small":false,"newspack-article-block-landscape-tiny":false,"newspack-article-block-portrait-tiny":false,"newspack-article-block-square-tiny":false,"newspack-article-block-uncropped":false,"woocommerce_thumbnail":false,"woocommerce_single":false,"woocommerce_gallery_thumbnail":false},"uagb_author_info":{"display_name":"Mofreh Landious","author_link":"https:\/\/landioustravel.com\/es\/author\/landious\/"},"uagb_comment_info":0,"uagb_excerpt":"El Templo de Horus es uno de los templos m\u00e1s impresionantes y mejor conservados de Egipto. Este templo est\u00e1 ubicado en la orilla oeste del Nilo en la ciudad de Edfu, Aswan Governorate. El templo de Edfu es el templo m\u00e1s grande dedicado a Horus y Hathor de Dendera. Historia del templo Ptolomeo XII Neos&hellip;","jetpack_sharing_enabled":true,"jetpack_shortlink":"https:\/\/wp.me\/Par4r5-1gB","jetpack_likes_enabled":true,"amp_enabled":true,"_links":{"self":[{"href":"https:\/\/landioustravel.com\/es\/wp-json\/wp\/v2\/pages\/4873","targetHints":{"allow":["GET"]}}],"collection":[{"href":"https:\/\/landioustravel.com\/es\/wp-json\/wp\/v2\/pages"}],"about":[{"href":"https:\/\/landioustravel.com\/es\/wp-json\/wp\/v2\/types\/page"}],"author":[{"embeddable":true,"href":"https:\/\/landioustravel.com\/es\/wp-json\/wp\/v2\/users\/1"}],"replies":[{"embeddable":true,"href":"https:\/\/landioustravel.com\/es\/wp-json\/wp\/v2\/comments?post=4873"}],"version-history":[{"count":0,"href":"https:\/\/landioustravel.com\/es\/wp-json\/wp\/v2\/pages\/4873\/revisions"}],"up":[{"embeddable":true,"href":"https:\/\/landioustravel.com\/es\/wp-json\/wp\/v2\/pages\/3135"}],"wp:attachment":[{"href":"https:\/\/landioustravel.com\/es\/wp-json\/wp\/v2\/media?parent=4873"}],"curies":[{"name":"wp","href":"https:\/\/api.w.org\/{rel}","templated":true}]}}