{"id":4905,"date":"2019-05-26T20:22:54","date_gmt":"2019-05-26T18:22:54","guid":{"rendered":"https:\/\/landioustravel.com\/?page_id=4905"},"modified":"2019-07-13T04:39:53","modified_gmt":"2019-07-13T02:39:53","slug":"templos-abu-simbel","status":"publish","type":"page","link":"https:\/\/landioustravel.com\/es\/egipto\/templos-egipcios\/templos-abu-simbel\/","title":{"rendered":"Templos de Abu Simbel"},"content":{"rendered":"\n<p><amp-fit-text layout=\"fixed-height\" min-font-size=\"14\" max-font-size=\"48\" height=\"50\">Los templos de Abu Simbel: <a href=\"https:\/\/landioustravel.com\/es\/egipto\/templos-egipcios\/\">los templos<\/a> tallados en la roca m\u00e1s famosos que se encuentran cerca del moderno pueblo de Abu Simbel, en la Catarata del Segundo Nilo, la frontera entre la Baja Nubia y la Alta Nubia. Hay dos templos, el Gran Templo, dedicado al propio Rams\u00e9s II, y el Peque\u00f1o Templo, dedicado a su esposa, la Reina Amun-her-khepeshef.<\/amp-fit-text><\/p>\n\n\n\n<amp-fit-text layout=\"fixed-height\" min-font-size=\"14\" max-font-size=\"48\" height=\"50\"><h2 class=\"wp-block-heading\">Ubicaci\u00f3n de los templos de abu simbel<\/h2><\/amp-fit-text>\n\n\n\n<p><amp-fit-text layout=\"fixed-height\" min-font-size=\"14\" max-font-size=\"48\" height=\"50\">Los templos de Abu Simbel son dos templos de roca maciza en la aldea nubia de Abu Simbel, <a href=\"https:\/\/landioustravel.com\/es\/egipto\/pueblos-egipcios\/gobernacion-aswan\/\">gobernaci\u00f3n de Asu\u00e1n<\/a>, <a href=\"https:\/\/landioustravel.com\/es\/egipto\/\">Egipto<\/a>. Est\u00e1n situados en la orilla occidental del lago Nasser, a unos 230 km al suroeste de Aswan.<\/amp-fit-text><\/p>\n\n\n\n<amp-fit-text layout=\"fixed-height\" min-font-size=\"14\" max-font-size=\"48\" height=\"50\"><h2 class=\"wp-block-heading\">Historia de los templos<\/h2><\/amp-fit-text>\n\n\n\n<p><amp-fit-text layout=\"fixed-height\" min-font-size=\"14\" max-font-size=\"48\" height=\"50\">Los templos gemelos fueron tallados originalmente en la ladera de la monta\u00f1a en el siglo XIII aC, durante el reinado de la dinast\u00eda 19 del fara\u00f3n Rams\u00e9s II. Durante su reinado, Rams\u00e9s II construy\u00f3 varios templos magn\u00edficos, en Nubia, para impresionar sobre el poder de los nubios en Egipto y para asegurar una fuente de oro y muchos otros bienes comerciales preciosos.<\/amp-fit-text><\/p>\n\n\n\n<p><amp-fit-text layout=\"fixed-height\" min-font-size=\"14\" max-font-size=\"48\" height=\"50\">La construcci\u00f3n del complejo del templo comenz\u00f3 aproximadamente en 1264 aC y dur\u00f3 aproximadamente 20 a\u00f1os, hasta 1244 aC. Fue conocido como el \u00abTemplo de Rams\u00e9s, amado por <a href=\"https:\/\/landioustravel.com\/es\/egipto\/deidades-egipcias\/dios-amun\/\">Am\u00f3n<\/a>\u00ab.<\/amp-fit-text><\/p>\n\n\n\n<amp-fit-text layout=\"fixed-height\" min-font-size=\"6\" max-font-size=\"72\" height=\"80\"><h3 class=\"wp-block-heading\">Templos de Abu Simbel despu\u00e9s del siglo V dC<\/h3><\/amp-fit-text>\n\n\n\n<p><amp-fit-text layout=\"fixed-height\" min-font-size=\"14\" max-font-size=\"48\" height=\"50\">Con la prohibici\u00f3n de adorar a las deidades antiguas en Egipto, los templos cayeron en desuso y, finalmente, se cubrieron de arena. En el siglo VI aC, la arena ya cubr\u00eda las rodillas de las estatuas del templo principal. El templo fue olvidado hasta 1813, cuando Jean-Louis Burckhardt encontr\u00f3 el friso superior del templo principal. Burckhardt habl\u00f3 sobre su descubrimiento con el explorador italiano Giovanni Belzoni, quien viaj\u00f3 al sitio, pero no pudo excavar una entrada al templo. Belzoni regres\u00f3 en 1817, esta vez con \u00e9xito en su intento de ingresar al complejo.<\/amp-fit-text><\/p>\n\n\n\n<p><amp-fit-text layout=\"fixed-height\" min-font-size=\"14\" max-font-size=\"48\" height=\"50\">Despu\u00e9s de la construcci\u00f3n de la Presa Alta de Asu\u00e1n en el r\u00edo Nilo, la reubicaci\u00f3n de los templos fue necesaria o se habr\u00edan sumergido durante la creaci\u00f3n del Lago Nasser, la enorme reserva de agua artificial que se form\u00f3 detr\u00e1s de la Presa.<\/amp-fit-text><\/p>\n\n\n\n<amp-fit-text layout=\"fixed-height\" min-font-size=\"14\" max-font-size=\"48\" height=\"50\"><h2 class=\"wp-block-heading\">Rescate de los templos en abu simbel<\/h2><\/amp-fit-text>\n\n\n\n<p><amp-fit-text layout=\"fixed-height\" min-font-size=\"14\" max-font-size=\"48\" height=\"50\">En 1959, comenz\u00f3 una campa\u00f1a internacional de donaciones para salvar los monumentos de Nubia: las reliquias m\u00e1s al sur de esta antigua civilizaci\u00f3n humana estaban amenazadas por las crecientes aguas del Nilo que estaban a punto de resultar de la construcci\u00f3n de la Presa Alta de Aswan.<\/amp-fit-text><\/p>\n\n\n\n<p><amp-fit-text layout=\"fixed-height\" min-font-size=\"14\" max-font-size=\"48\" height=\"50\">El rescate de los templos de Abu Simbel comenz\u00f3 en 1964 por un equipo multinacional de arque\u00f3logos, ingenieros y operadores de equipos pesados \u200b\u200bque trabajaron juntos bajo la bandera de la UNESCO; En ese momento costaba unos US $ 40 millones. Entre 1964 y 1968, todo el sitio se cort\u00f3 cuidadosamente en grandes bloques (hasta 30 toneladas, con un promedio de 20 toneladas), se desmantel\u00f3, se levant\u00f3 y se volvi\u00f3 a montar en una nueva ubicaci\u00f3n a 65 metros m\u00e1s arriba y 200 metros del r\u00edo, en una de las m\u00e1s grandes desaf\u00edos de la ingenier\u00eda arqueol\u00f3gica en la historia. Algunas estructuras incluso se salvaron de las aguas del lago Nasser.<\/amp-fit-text><\/p>\n\n\n\n<p><amp-fit-text layout=\"fixed-height\" min-font-size=\"14\" max-font-size=\"48\" height=\"50\">El complejo se reubic\u00f3 en su totalidad en 1968 bajo la supervisi\u00f3n de un arque\u00f3logo polaco, Kazimierz Micha\u0142owski, en una colina artificial hecha de una estructura abovedada, muy por encima del embalse de la Presa Alta de Aswan.<\/amp-fit-text><\/p>\n\n\n\n<p><amp-fit-text layout=\"fixed-height\" min-font-size=\"14\" max-font-size=\"48\" height=\"50\">El coloso derrumbado del Gran Templo supuestamente cay\u00f3 durante un terremoto poco despu\u00e9s de su construcci\u00f3n. Al mover el templo, se decidi\u00f3 dejarlo ya que falta la cara.<\/amp-fit-text><\/p>\n","protected":false},"excerpt":{"rendered":"<p>Los templos de Abu Simbel: los templos tallados en la roca m\u00e1s famosos que se encuentran cerca del moderno pueblo de Abu Simbel, en la Catarata del Segundo Nilo, la frontera entre la Baja Nubia y la Alta Nubia. Hay dos templos, el Gran Templo, dedicado al propio Rams\u00e9s II, y el Peque\u00f1o Templo, dedicado [&hellip;]<\/p>\n","protected":false},"author":1,"featured_media":0,"parent":3135,"menu_order":0,"comment_status":"open","ping_status":"closed","template":"","meta":{"_coblocks_attr":"","_coblocks_dimensions":"","_coblocks_responsive_height":"","_coblocks_accordion_ie_support":"","_uag_custom_page_level_css":"","footnotes":""},"class_list":["post-4905","page","type-page","status-publish","hentry"],"yoast_head":"<!-- This site is optimized with the Yoast SEO Premium plugin v26.9 (Yoast SEO v27.5) - https:\/\/yoast.com\/product\/yoast-seo-premium-wordpress\/ -->\n<title>Templos de Abu Simbel<\/title>\n<meta name=\"description\" content=\"Los templos de Abu Simbel son dos templos de roca maciza en la aldea nubia de Abu Simbel, gobernaci\u00f3n de Asu\u00e1n, Egipto. Est\u00e1n situados en la orilla occidental del lago Nasser, a unos 230 km al suroeste de Aswan\" \/>\n<meta name=\"robots\" content=\"index, follow, max-snippet:-1, max-image-preview:large, max-video-preview:-1\" \/>\n<link rel=\"canonical\" href=\"https:\/\/landioustravel.com\/es\/egipto\/templos-egipcios\/templos-abu-simbel\/\" \/>\n<meta property=\"og:locale\" content=\"es_ES\" \/>\n<meta property=\"og:type\" content=\"article\" \/>\n<meta property=\"og:title\" content=\"Templos de Abu Simbel\" \/>\n<meta property=\"og:description\" content=\"Los templos de Abu Simbel son dos templos de roca maciza en la aldea nubia de Abu Simbel, gobernaci\u00f3n de Asu\u00e1n, Egipto. Est\u00e1n situados en la orilla occidental del lago Nasser, a unos 230 km al suroeste de Aswan\" \/>\n<meta property=\"og:url\" content=\"https:\/\/landioustravel.com\/es\/egipto\/templos-egipcios\/templos-abu-simbel\/\" \/>\n<meta property=\"og:site_name\" content=\"Landious Travel\" \/>\n<meta property=\"article:publisher\" content=\"https:\/\/web.facebook.com\/landiousEgypt\" \/>\n<meta property=\"article:modified_time\" content=\"2019-07-13T02:39:53+00:00\" \/>\n<meta name=\"twitter:card\" content=\"summary_large_image\" \/>\n<meta name=\"twitter:site\" content=\"@LandiousTours\" \/>\n<meta name=\"twitter:label1\" content=\"Tiempo de lectura\" \/>\n\t<meta name=\"twitter:data1\" content=\"3 minutos\" \/>\n<script type=\"application\/ld+json\" class=\"yoast-schema-graph\">{\"@context\":\"https:\\\/\\\/schema.org\",\"@graph\":[{\"@type\":\"WebPage\",\"@id\":\"https:\\\/\\\/landioustravel.com\\\/es\\\/egipto\\\/templos-egipcios\\\/templos-abu-simbel\\\/\",\"url\":\"https:\\\/\\\/landioustravel.com\\\/es\\\/egipto\\\/templos-egipcios\\\/templos-abu-simbel\\\/\",\"name\":\"Templos de Abu Simbel\",\"isPartOf\":{\"@id\":\"https:\\\/\\\/landioustravel.com\\\/es\\\/#website\"},\"datePublished\":\"2019-05-26T18:22:54+00:00\",\"dateModified\":\"2019-07-13T02:39:53+00:00\",\"description\":\"Los templos de Abu Simbel son dos templos de roca maciza en la aldea nubia de Abu Simbel, gobernaci\u00f3n de Asu\u00e1n, Egipto. Est\u00e1n situados en la orilla occidental del lago Nasser, a unos 230 km al suroeste de Aswan\",\"breadcrumb\":{\"@id\":\"https:\\\/\\\/landioustravel.com\\\/es\\\/egipto\\\/templos-egipcios\\\/templos-abu-simbel\\\/#breadcrumb\"},\"inLanguage\":\"es\",\"potentialAction\":[{\"@type\":\"ReadAction\",\"target\":[\"https:\\\/\\\/landioustravel.com\\\/es\\\/egipto\\\/templos-egipcios\\\/templos-abu-simbel\\\/\"]}]},{\"@type\":\"BreadcrumbList\",\"@id\":\"https:\\\/\\\/landioustravel.com\\\/es\\\/egipto\\\/templos-egipcios\\\/templos-abu-simbel\\\/#breadcrumb\",\"itemListElement\":[{\"@type\":\"ListItem\",\"position\":1,\"name\":\"Home\",\"item\":\"https:\\\/\\\/landioustravel.com\\\/es\\\/\"},{\"@type\":\"ListItem\",\"position\":2,\"name\":\"Egipto\",\"item\":\"https:\\\/\\\/landioustravel.com\\\/es\\\/egipto\\\/\"},{\"@type\":\"ListItem\",\"position\":3,\"name\":\"Templos egipcios\",\"item\":\"https:\\\/\\\/landioustravel.com\\\/es\\\/egipto\\\/templos-egipcios\\\/\"},{\"@type\":\"ListItem\",\"position\":4,\"name\":\"Templos de Abu Simbel\"}]},{\"@type\":\"WebSite\",\"@id\":\"https:\\\/\\\/landioustravel.com\\\/es\\\/#website\",\"url\":\"https:\\\/\\\/landioustravel.com\\\/es\\\/\",\"name\":\"Landious Travel\",\"description\":\"Tours and Excursions in Egypt\",\"publisher\":{\"@id\":\"https:\\\/\\\/landioustravel.com\\\/es\\\/#organization\"},\"potentialAction\":[{\"@type\":\"SearchAction\",\"target\":{\"@type\":\"EntryPoint\",\"urlTemplate\":\"https:\\\/\\\/landioustravel.com\\\/es\\\/?s={search_term_string}\"},\"query-input\":{\"@type\":\"PropertyValueSpecification\",\"valueRequired\":true,\"valueName\":\"search_term_string\"}}],\"inLanguage\":\"es\"},{\"@type\":[\"Organization\",\"Place\"],\"@id\":\"https:\\\/\\\/landioustravel.com\\\/es\\\/#organization\",\"name\":\"Landious Travel\",\"alternateName\":\"Landious Travel\",\"url\":\"https:\\\/\\\/landioustravel.com\\\/es\\\/\",\"logo\":{\"@id\":\"https:\\\/\\\/landioustravel.com\\\/es\\\/egipto\\\/templos-egipcios\\\/templos-abu-simbel\\\/#local-main-organization-logo\"},\"image\":{\"@id\":\"https:\\\/\\\/landioustravel.com\\\/es\\\/egipto\\\/templos-egipcios\\\/templos-abu-simbel\\\/#local-main-organization-logo\"},\"sameAs\":[\"https:\\\/\\\/web.facebook.com\\\/landiousEgypt\",\"https:\\\/\\\/x.com\\\/LandiousTours\",\"https:\\\/\\\/mastodon.social\\\/@landious\"],\"legalName\":\"Landious Travel\",\"telephone\":[],\"openingHoursSpecification\":[{\"@type\":\"OpeningHoursSpecification\",\"dayOfWeek\":[\"Monday\",\"Tuesday\",\"Wednesday\",\"Thursday\",\"Friday\",\"Saturday\",\"Sunday\"],\"opens\":\"09:00\",\"closes\":\"17:00\"}]},{\"@type\":\"ImageObject\",\"inLanguage\":\"es\",\"@id\":\"https:\\\/\\\/landioustravel.com\\\/es\\\/egipto\\\/templos-egipcios\\\/templos-abu-simbel\\\/#local-main-organization-logo\",\"url\":\"https:\\\/\\\/i0.wp.com\\\/landioustravel.com\\\/wp-content\\\/uploads\\\/2021\\\/06\\\/Landious-T.png?fit=500%2C500&ssl=1\",\"contentUrl\":\"https:\\\/\\\/i0.wp.com\\\/landioustravel.com\\\/wp-content\\\/uploads\\\/2021\\\/06\\\/Landious-T.png?fit=500%2C500&ssl=1\",\"width\":500,\"height\":500,\"caption\":\"Landious Travel\"}]}<\/script>\n<!-- \/ Yoast SEO Premium plugin. -->","yoast_head_json":{"title":"Templos de Abu Simbel","description":"Los templos de Abu Simbel son dos templos de roca maciza en la aldea nubia de Abu Simbel, gobernaci\u00f3n de Asu\u00e1n, Egipto. Est\u00e1n situados en la orilla occidental del lago Nasser, a unos 230 km al suroeste de Aswan","robots":{"index":"index","follow":"follow","max-snippet":"max-snippet:-1","max-image-preview":"max-image-preview:large","max-video-preview":"max-video-preview:-1"},"canonical":"https:\/\/landioustravel.com\/es\/egipto\/templos-egipcios\/templos-abu-simbel\/","og_locale":"es_ES","og_type":"article","og_title":"Templos de Abu Simbel","og_description":"Los templos de Abu Simbel son dos templos de roca maciza en la aldea nubia de Abu Simbel, gobernaci\u00f3n de Asu\u00e1n, Egipto. Est\u00e1n situados en la orilla occidental del lago Nasser, a unos 230 km al suroeste de Aswan","og_url":"https:\/\/landioustravel.com\/es\/egipto\/templos-egipcios\/templos-abu-simbel\/","og_site_name":"Landious Travel","article_publisher":"https:\/\/web.facebook.com\/landiousEgypt","article_modified_time":"2019-07-13T02:39:53+00:00","twitter_card":"summary_large_image","twitter_site":"@LandiousTours","twitter_misc":{"Tiempo de lectura":"3 minutos"},"schema":{"@context":"https:\/\/schema.org","@graph":[{"@type":"WebPage","@id":"https:\/\/landioustravel.com\/es\/egipto\/templos-egipcios\/templos-abu-simbel\/","url":"https:\/\/landioustravel.com\/es\/egipto\/templos-egipcios\/templos-abu-simbel\/","name":"Templos de Abu Simbel","isPartOf":{"@id":"https:\/\/landioustravel.com\/es\/#website"},"datePublished":"2019-05-26T18:22:54+00:00","dateModified":"2019-07-13T02:39:53+00:00","description":"Los templos de Abu Simbel son dos templos de roca maciza en la aldea nubia de Abu Simbel, gobernaci\u00f3n de Asu\u00e1n, Egipto. Est\u00e1n situados en la orilla occidental del lago Nasser, a unos 230 km al suroeste de Aswan","breadcrumb":{"@id":"https:\/\/landioustravel.com\/es\/egipto\/templos-egipcios\/templos-abu-simbel\/#breadcrumb"},"inLanguage":"es","potentialAction":[{"@type":"ReadAction","target":["https:\/\/landioustravel.com\/es\/egipto\/templos-egipcios\/templos-abu-simbel\/"]}]},{"@type":"BreadcrumbList","@id":"https:\/\/landioustravel.com\/es\/egipto\/templos-egipcios\/templos-abu-simbel\/#breadcrumb","itemListElement":[{"@type":"ListItem","position":1,"name":"Home","item":"https:\/\/landioustravel.com\/es\/"},{"@type":"ListItem","position":2,"name":"Egipto","item":"https:\/\/landioustravel.com\/es\/egipto\/"},{"@type":"ListItem","position":3,"name":"Templos egipcios","item":"https:\/\/landioustravel.com\/es\/egipto\/templos-egipcios\/"},{"@type":"ListItem","position":4,"name":"Templos de Abu Simbel"}]},{"@type":"WebSite","@id":"https:\/\/landioustravel.com\/es\/#website","url":"https:\/\/landioustravel.com\/es\/","name":"Landious Travel","description":"Tours and Excursions in Egypt","publisher":{"@id":"https:\/\/landioustravel.com\/es\/#organization"},"potentialAction":[{"@type":"SearchAction","target":{"@type":"EntryPoint","urlTemplate":"https:\/\/landioustravel.com\/es\/?s={search_term_string}"},"query-input":{"@type":"PropertyValueSpecification","valueRequired":true,"valueName":"search_term_string"}}],"inLanguage":"es"},{"@type":["Organization","Place"],"@id":"https:\/\/landioustravel.com\/es\/#organization","name":"Landious Travel","alternateName":"Landious Travel","url":"https:\/\/landioustravel.com\/es\/","logo":{"@id":"https:\/\/landioustravel.com\/es\/egipto\/templos-egipcios\/templos-abu-simbel\/#local-main-organization-logo"},"image":{"@id":"https:\/\/landioustravel.com\/es\/egipto\/templos-egipcios\/templos-abu-simbel\/#local-main-organization-logo"},"sameAs":["https:\/\/web.facebook.com\/landiousEgypt","https:\/\/x.com\/LandiousTours","https:\/\/mastodon.social\/@landious"],"legalName":"Landious Travel","telephone":[],"openingHoursSpecification":[{"@type":"OpeningHoursSpecification","dayOfWeek":["Monday","Tuesday","Wednesday","Thursday","Friday","Saturday","Sunday"],"opens":"09:00","closes":"17:00"}]},{"@type":"ImageObject","inLanguage":"es","@id":"https:\/\/landioustravel.com\/es\/egipto\/templos-egipcios\/templos-abu-simbel\/#local-main-organization-logo","url":"https:\/\/i0.wp.com\/landioustravel.com\/wp-content\/uploads\/2021\/06\/Landious-T.png?fit=500%2C500&ssl=1","contentUrl":"https:\/\/i0.wp.com\/landioustravel.com\/wp-content\/uploads\/2021\/06\/Landious-T.png?fit=500%2C500&ssl=1","width":500,"height":500,"caption":"Landious Travel"}]}},"uagb_featured_image_src":{"full":false,"thumbnail":false,"medium":false,"medium_large":false,"large":false,"1536x1536":false,"2048x2048":false,"newspack-article-block-landscape-large":false,"newspack-article-block-portrait-large":false,"newspack-article-block-square-large":false,"newspack-article-block-landscape-medium":false,"newspack-article-block-portrait-medium":false,"newspack-article-block-square-medium":false,"newspack-article-block-landscape-intermediate":false,"newspack-article-block-portrait-intermediate":false,"newspack-article-block-square-intermediate":false,"newspack-article-block-landscape-small":false,"newspack-article-block-portrait-small":false,"newspack-article-block-square-small":false,"newspack-article-block-landscape-tiny":false,"newspack-article-block-portrait-tiny":false,"newspack-article-block-square-tiny":false,"newspack-article-block-uncropped":false,"woocommerce_thumbnail":false,"woocommerce_single":false,"woocommerce_gallery_thumbnail":false},"uagb_author_info":{"display_name":"Mofreh Landious","author_link":"https:\/\/landioustravel.com\/es\/author\/landious\/"},"uagb_comment_info":0,"uagb_excerpt":"Los templos de Abu Simbel: los templos tallados en la roca m\u00e1s famosos que se encuentran cerca del moderno pueblo de Abu Simbel, en la Catarata del Segundo Nilo, la frontera entre la Baja Nubia y la Alta Nubia. Hay dos templos, el Gran Templo, dedicado al propio Rams\u00e9s II, y el Peque\u00f1o Templo, dedicado&hellip;","jetpack_sharing_enabled":true,"jetpack_shortlink":"https:\/\/wp.me\/Par4r5-1h7","jetpack_likes_enabled":true,"amp_enabled":true,"_links":{"self":[{"href":"https:\/\/landioustravel.com\/es\/wp-json\/wp\/v2\/pages\/4905","targetHints":{"allow":["GET"]}}],"collection":[{"href":"https:\/\/landioustravel.com\/es\/wp-json\/wp\/v2\/pages"}],"about":[{"href":"https:\/\/landioustravel.com\/es\/wp-json\/wp\/v2\/types\/page"}],"author":[{"embeddable":true,"href":"https:\/\/landioustravel.com\/es\/wp-json\/wp\/v2\/users\/1"}],"replies":[{"embeddable":true,"href":"https:\/\/landioustravel.com\/es\/wp-json\/wp\/v2\/comments?post=4905"}],"version-history":[{"count":0,"href":"https:\/\/landioustravel.com\/es\/wp-json\/wp\/v2\/pages\/4905\/revisions"}],"up":[{"embeddable":true,"href":"https:\/\/landioustravel.com\/es\/wp-json\/wp\/v2\/pages\/3135"}],"wp:attachment":[{"href":"https:\/\/landioustravel.com\/es\/wp-json\/wp\/v2\/media?parent=4905"}],"curies":[{"name":"wp","href":"https:\/\/api.w.org\/{rel}","templated":true}]}}