{"id":5089,"date":"2019-05-27T14:51:52","date_gmt":"2019-05-27T12:51:52","guid":{"rendered":"https:\/\/landioustravel.com\/?page_id=5089"},"modified":"2019-05-27T14:51:54","modified_gmt":"2019-05-27T12:51:54","slug":"templos-philae","status":"publish","type":"page","link":"https:\/\/landioustravel.com\/es\/egipto\/templos-egipcios\/templos-philae\/","title":{"rendered":"Los templos de philae"},"content":{"rendered":"\n<amp-fit-text layout=\"fixed-height\" min-font-size=\"14\" max-font-size=\"48\" height=\"50\"><p>El antiguo nombre egipcio de Philae era Pilak, del cual se deriv\u00f3 el griego y el lat\u00edn Philae. Durante la era isl\u00e1mica, la gente local lo conoc\u00eda como El-Qasr, el \u00abCastillo\u00bb, o como Geziret Anas el-Wogud, despu\u00e9s del h\u00e9roe de uno de los cuentos en las \u00abNoches \u00e1rabes\u00bb, que rastre\u00f3 a su amada La isla, donde hab\u00eda estado encerrada por su padre.<\/p><\/amp-fit-text>\n\n\n\n<amp-fit-text layout=\"fixed-height\" min-font-size=\"14\" max-font-size=\"48\" height=\"50\"><p>Este incre\u00edble complejo de templos se encuentra en una de las islas del r\u00edo Nilo. Su lugar original estaba en la isla de Philae en Aswan. Despu\u00e9s de construir la presa alta en Asu\u00e1n, era necesario mover este complejo a la siguiente isla, Agilika. Con la ayuda de la UNESCO, se reconstruy\u00f3 en la isla Agilika, que se encuentra a 12 km al sur de la presa alta.<\/p><\/amp-fit-text>\n\n\n\n<amp-fit-text layout=\"fixed-height\" min-font-size=\"14\" max-font-size=\"48\" height=\"50\"><h2 class=\"wp-block-heading\">Historia de Philae Complex<\/h2><\/amp-fit-text>\n\n\n\n<amp-fit-text layout=\"fixed-height\" min-font-size=\"14\" max-font-size=\"48\" height=\"50\"><p>Durante una larga historia, desde los antiguos per\u00edodos egipcios hasta los per\u00edodos bizantinos, el complejo de Philae fue un centro para el culto de la diosa Isis, diosa de la curaci\u00f3n. Aunque Isis es la principal deidad adorada en este complejo, podemos observar que hay varios dioses que fueron venerados: Osiris, Neftis, Hathor y los dioses de las cataratas Khnum y Satet.<\/p><\/amp-fit-text>\n\n\n\n<amp-fit-text layout=\"fixed-height\" min-font-size=\"14\" max-font-size=\"48\" height=\"50\"><p>Los edificios del templo m\u00e1s antiguos que se conservan se remontan a la \u00e9poca de Nectanebo I (370 a. C.), mientras que el Gran Templo de Isis es el edificio m\u00e1s destacado de este complejo. Los imponentes edificios que se levantan hoy fueron erigidos por el Reino de Ptolemaic en los \u00faltimos dos siglos antes de Cristo y por los emperadores romanos en los primeros tres siglos AD.<\/p><\/amp-fit-text>\n\n\n\n<amp-fit-text layout=\"fixed-height\" min-font-size=\"14\" max-font-size=\"48\" height=\"50\"><p>Como los nubios fueron los \u00faltimos en convertirse al cristianismo, el templo permaneci\u00f3 al servicio de la diosa Isis hasta que Justiniano anunci\u00f3 el cristianismo como la religi\u00f3n oficial del pa\u00eds (AD 527-565). Despu\u00e9s de eso los cristianos lo usaron como iglesia.<\/p><\/amp-fit-text>\n\n\n\n<amp-fit-text layout=\"fixed-height\" min-font-size=\"14\" max-font-size=\"48\" height=\"50\"><p>La isla era uno de los lugares m\u00e1s hermosos de Egipto y atra\u00eda a un gran n\u00famero de visitantes cada a\u00f1o. Justo despu\u00e9s de la construcci\u00f3n de la presa de Asu\u00e1n en 1922, el agua la fusion\u00f3 durante la mayor parte del a\u00f1o. Por esta raz\u00f3n, los templos eran accesibles solo entre agosto y diciembre. Una vez m\u00e1s, otro evento fue amenazar este incre\u00edble complejo cuando Egipto comenz\u00f3 a construir la Presa Alta. Por lo tanto, la UNESCO ayud\u00f3 a mover este complejo a la siguiente isla segura en el per\u00edodo comprendido entre 1972 y 1980.<\/p><\/amp-fit-text>\n\n\n\n<amp-fit-text layout=\"fixed-height\" min-font-size=\"14\" max-font-size=\"48\" height=\"50\"><h2 class=\"wp-block-heading\">El templo de la diosa isis<\/h2><\/amp-fit-text>\n\n\n\n<amp-fit-text layout=\"fixed-height\" min-font-size=\"14\" max-font-size=\"48\" height=\"50\"><p>Aqu\u00ed, vamos a echar un vistazo de cerca a la estructura del templo de la diosa Isis. Este templo es la parte m\u00e1s antigua del complejo de Philae. Se construy\u00f3 en el reinado de Nectanebo I durante 380-362 a. C., que se acerc\u00f3 desde el r\u00edo a trav\u00e9s de una doble columnata.<\/p><\/amp-fit-text>\n\n\n\n<amp-fit-text layout=\"fixed-height\" min-font-size=\"14\" max-font-size=\"48\" height=\"50\"><h3 class=\"wp-block-heading\">Primer pil\u00f3n<\/h3><\/amp-fit-text>\n\n\n\n<amp-fit-text layout=\"fixed-height\" min-font-size=\"14\" max-font-size=\"48\" height=\"50\"><p>La Torre de los Primeros Pilones de 18 metros de altura, y recibe relieves de Nectanebo I. En la parte frontal de la torre este, podemos ver un gran alivio que representa a Ptolomeo XII, Neos Dionysos. El cuadro muestra que est\u00e1 agarrando a una banda de enemigos por el pelo y levantando su palo para golpearlos. Al mismo tiempo, podemos notar que el alivio muestra a tres dioses de pie con el rey: Isis, el Horus de Edfu con cabeza de halc\u00f3n y Hathor. Por encima de este relieve, hay otros dos relieves de Neos Dionysos que presentan las coronas del Alto y Bajo Egipto a Horus y Neftis, en el lado derecho, y que ofrecen incienso a Isis y Harp\u00f3crates en el lado izquierdo.<\/p><\/amp-fit-text>\n\n\n\n<amp-fit-text layout=\"fixed-height\" min-font-size=\"14\" max-font-size=\"48\" height=\"50\"><p>Es importante saber que, frente al primer pil\u00f3n, originalmente hab\u00eda dos leones de granito y dos obeliscos de granito erigidos por Euergetes II. En el descubrimiento, los obeliscos estaban intactos. M\u00e1s tarde, uno de ellos se rompi\u00f3 en la antig\u00fcedad. En el siglo XIX, William John Bankes tom\u00f3 los obeliscos de Philae en los que se grab\u00f3 esta petici\u00f3n a Inglaterra.<\/p><\/amp-fit-text>\n\n\n\n<amp-fit-text layout=\"fixed-height\" min-font-size=\"14\" max-font-size=\"48\" height=\"50\"><p>En el lado oeste de la puerta, podemos ver relieves de Philometor. Este elegante portal tiene relieves de Ptolomeo II Filadelfo en su dintel y el Emperador Tiberio en las jambas. La puerta de entrada, construida por Filadelfo, originalmente estaba en una pared de ladrillos. Conduce directamente a la Casa de Nacimiento, Mammisi.<\/p><\/amp-fit-text>\n\n\n\n<h3 class=\"wp-block-heading\">Primera corte<\/h3>\n\n\n\n<amp-fit-text layout=\"fixed-height\" min-font-size=\"14\" max-font-size=\"48\" height=\"50\"><p>La Casa de Nacimiento (mammisi) est\u00e1 ubicada en el lado occidental del First Court. El Mammisi est\u00e1 dedicado a Hathor-Isis en honor del nacimiento de su hijo Horus. Est\u00e1 rodeada por los cuatro lados de columnatas, las columnas en las que tienen capiteles de follaje superados por capiteles sistrum. Las paredes, columnas y pantallas entre las columnas est\u00e1n cubiertas con relieves e inscripciones, en su mayor\u00eda por Euergetes II, Neos Dionysos, Augustus y Tiberius. Mientras que las paredes de mamis est\u00e1n cubiertas de relieves que representan la infancia de Horus, incluido Horus como un halc\u00f3n en los pantanos del Delta e Isis amamantando a Horus en los pantanos.<\/p><\/amp-fit-text>\n","protected":false},"excerpt":{"rendered":"<p>El antiguo nombre egipcio de Philae era Pilak, del cual se deriv\u00f3 el griego y el lat\u00edn Philae. Durante la era isl\u00e1mica, la gente local lo conoc\u00eda como El-Qasr, el \u00abCastillo\u00bb, o como Geziret Anas el-Wogud, despu\u00e9s del h\u00e9roe de uno de los cuentos en las \u00abNoches \u00e1rabes\u00bb, que rastre\u00f3 a su amada La isla, [&hellip;]<\/p>\n","protected":false},"author":1,"featured_media":0,"parent":3135,"menu_order":2,"comment_status":"open","ping_status":"closed","template":"","meta":{"_coblocks_attr":"","_coblocks_dimensions":"","_coblocks_responsive_height":"","_coblocks_accordion_ie_support":"","_uag_custom_page_level_css":"","footnotes":""},"class_list":["post-5089","page","type-page","status-publish","hentry"],"yoast_head":"<!-- This site is optimized with the Yoast SEO Premium plugin v26.9 (Yoast SEO v27.5) - https:\/\/yoast.com\/product\/yoast-seo-premium-wordpress\/ -->\n<title>Los templos de philae<\/title>\n<meta name=\"description\" content=\"Este incre\u00edble complejo de templos se encuentra en una de las islas del r\u00edo Nilo. Su lugar original estaba en la isla de Philae en Aswan. Despu\u00e9s de construir la presa alta en Asu\u00e1n, era necesario mover este complejo a la siguiente isla, Agilika. Con la ayuda de la UNESCO, se reconstruy\u00f3 en la isla Agilika, que se encuentra a 12 km al sur de la presa alta\" \/>\n<meta name=\"robots\" content=\"index, follow, max-snippet:-1, max-image-preview:large, max-video-preview:-1\" \/>\n<link rel=\"canonical\" href=\"https:\/\/landioustravel.com\/es\/egipto\/templos-egipcios\/templos-philae\/\" \/>\n<meta property=\"og:locale\" content=\"es_ES\" \/>\n<meta property=\"og:type\" content=\"article\" \/>\n<meta property=\"og:title\" content=\"Los templos de philae\" \/>\n<meta property=\"og:description\" content=\"Este incre\u00edble complejo de templos se encuentra en una de las islas del r\u00edo Nilo. Su lugar original estaba en la isla de Philae en Aswan. Despu\u00e9s de construir la presa alta en Asu\u00e1n, era necesario mover este complejo a la siguiente isla, Agilika. Con la ayuda de la UNESCO, se reconstruy\u00f3 en la isla Agilika, que se encuentra a 12 km al sur de la presa alta\" \/>\n<meta property=\"og:url\" content=\"https:\/\/landioustravel.com\/es\/egipto\/templos-egipcios\/templos-philae\/\" \/>\n<meta property=\"og:site_name\" content=\"Landious Travel\" \/>\n<meta property=\"article:publisher\" content=\"https:\/\/web.facebook.com\/landiousEgypt\" \/>\n<meta property=\"article:modified_time\" content=\"2019-05-27T12:51:54+00:00\" \/>\n<meta name=\"twitter:card\" content=\"summary_large_image\" \/>\n<meta name=\"twitter:site\" content=\"@LandiousTours\" \/>\n<meta name=\"twitter:label1\" content=\"Tiempo de lectura\" \/>\n\t<meta name=\"twitter:data1\" content=\"4 minutos\" \/>\n<script type=\"application\/ld+json\" class=\"yoast-schema-graph\">{\"@context\":\"https:\\\/\\\/schema.org\",\"@graph\":[{\"@type\":\"WebPage\",\"@id\":\"https:\\\/\\\/landioustravel.com\\\/es\\\/egipto\\\/templos-egipcios\\\/templos-philae\\\/\",\"url\":\"https:\\\/\\\/landioustravel.com\\\/es\\\/egipto\\\/templos-egipcios\\\/templos-philae\\\/\",\"name\":\"Los templos de philae\",\"isPartOf\":{\"@id\":\"https:\\\/\\\/landioustravel.com\\\/es\\\/#website\"},\"datePublished\":\"2019-05-27T12:51:52+00:00\",\"dateModified\":\"2019-05-27T12:51:54+00:00\",\"description\":\"Este incre\u00edble complejo de templos se encuentra en una de las islas del r\u00edo Nilo. Su lugar original estaba en la isla de Philae en Aswan. Despu\u00e9s de construir la presa alta en Asu\u00e1n, era necesario mover este complejo a la siguiente isla, Agilika. Con la ayuda de la UNESCO, se reconstruy\u00f3 en la isla Agilika, que se encuentra a 12 km al sur de la presa alta\",\"breadcrumb\":{\"@id\":\"https:\\\/\\\/landioustravel.com\\\/es\\\/egipto\\\/templos-egipcios\\\/templos-philae\\\/#breadcrumb\"},\"inLanguage\":\"es\",\"potentialAction\":[{\"@type\":\"ReadAction\",\"target\":[\"https:\\\/\\\/landioustravel.com\\\/es\\\/egipto\\\/templos-egipcios\\\/templos-philae\\\/\"]}]},{\"@type\":\"BreadcrumbList\",\"@id\":\"https:\\\/\\\/landioustravel.com\\\/es\\\/egipto\\\/templos-egipcios\\\/templos-philae\\\/#breadcrumb\",\"itemListElement\":[{\"@type\":\"ListItem\",\"position\":1,\"name\":\"Home\",\"item\":\"https:\\\/\\\/landioustravel.com\\\/es\\\/\"},{\"@type\":\"ListItem\",\"position\":2,\"name\":\"Egipto\",\"item\":\"https:\\\/\\\/landioustravel.com\\\/es\\\/egipto\\\/\"},{\"@type\":\"ListItem\",\"position\":3,\"name\":\"Templos egipcios\",\"item\":\"https:\\\/\\\/landioustravel.com\\\/es\\\/egipto\\\/templos-egipcios\\\/\"},{\"@type\":\"ListItem\",\"position\":4,\"name\":\"Los templos de philae\"}]},{\"@type\":\"WebSite\",\"@id\":\"https:\\\/\\\/landioustravel.com\\\/es\\\/#website\",\"url\":\"https:\\\/\\\/landioustravel.com\\\/es\\\/\",\"name\":\"Landious Travel\",\"description\":\"Tours and Excursions in Egypt\",\"publisher\":{\"@id\":\"https:\\\/\\\/landioustravel.com\\\/es\\\/#organization\"},\"potentialAction\":[{\"@type\":\"SearchAction\",\"target\":{\"@type\":\"EntryPoint\",\"urlTemplate\":\"https:\\\/\\\/landioustravel.com\\\/es\\\/?s={search_term_string}\"},\"query-input\":{\"@type\":\"PropertyValueSpecification\",\"valueRequired\":true,\"valueName\":\"search_term_string\"}}],\"inLanguage\":\"es\"},{\"@type\":[\"Organization\",\"Place\"],\"@id\":\"https:\\\/\\\/landioustravel.com\\\/es\\\/#organization\",\"name\":\"Landious Travel\",\"alternateName\":\"Landious Travel\",\"url\":\"https:\\\/\\\/landioustravel.com\\\/es\\\/\",\"logo\":{\"@id\":\"https:\\\/\\\/landioustravel.com\\\/es\\\/egipto\\\/templos-egipcios\\\/templos-philae\\\/#local-main-organization-logo\"},\"image\":{\"@id\":\"https:\\\/\\\/landioustravel.com\\\/es\\\/egipto\\\/templos-egipcios\\\/templos-philae\\\/#local-main-organization-logo\"},\"sameAs\":[\"https:\\\/\\\/web.facebook.com\\\/landiousEgypt\",\"https:\\\/\\\/x.com\\\/LandiousTours\",\"https:\\\/\\\/mastodon.social\\\/@landious\"],\"legalName\":\"Landious Travel\",\"telephone\":[],\"openingHoursSpecification\":[{\"@type\":\"OpeningHoursSpecification\",\"dayOfWeek\":[\"Monday\",\"Tuesday\",\"Wednesday\",\"Thursday\",\"Friday\",\"Saturday\",\"Sunday\"],\"opens\":\"09:00\",\"closes\":\"17:00\"}]},{\"@type\":\"ImageObject\",\"inLanguage\":\"es\",\"@id\":\"https:\\\/\\\/landioustravel.com\\\/es\\\/egipto\\\/templos-egipcios\\\/templos-philae\\\/#local-main-organization-logo\",\"url\":\"https:\\\/\\\/i0.wp.com\\\/landioustravel.com\\\/wp-content\\\/uploads\\\/2021\\\/06\\\/Landious-T.png?fit=500%2C500&ssl=1\",\"contentUrl\":\"https:\\\/\\\/i0.wp.com\\\/landioustravel.com\\\/wp-content\\\/uploads\\\/2021\\\/06\\\/Landious-T.png?fit=500%2C500&ssl=1\",\"width\":500,\"height\":500,\"caption\":\"Landious Travel\"}]}<\/script>\n<!-- \/ Yoast SEO Premium plugin. -->","yoast_head_json":{"title":"Los templos de philae","description":"Este incre\u00edble complejo de templos se encuentra en una de las islas del r\u00edo Nilo. Su lugar original estaba en la isla de Philae en Aswan. Despu\u00e9s de construir la presa alta en Asu\u00e1n, era necesario mover este complejo a la siguiente isla, Agilika. Con la ayuda de la UNESCO, se reconstruy\u00f3 en la isla Agilika, que se encuentra a 12 km al sur de la presa alta","robots":{"index":"index","follow":"follow","max-snippet":"max-snippet:-1","max-image-preview":"max-image-preview:large","max-video-preview":"max-video-preview:-1"},"canonical":"https:\/\/landioustravel.com\/es\/egipto\/templos-egipcios\/templos-philae\/","og_locale":"es_ES","og_type":"article","og_title":"Los templos de philae","og_description":"Este incre\u00edble complejo de templos se encuentra en una de las islas del r\u00edo Nilo. Su lugar original estaba en la isla de Philae en Aswan. Despu\u00e9s de construir la presa alta en Asu\u00e1n, era necesario mover este complejo a la siguiente isla, Agilika. Con la ayuda de la UNESCO, se reconstruy\u00f3 en la isla Agilika, que se encuentra a 12 km al sur de la presa alta","og_url":"https:\/\/landioustravel.com\/es\/egipto\/templos-egipcios\/templos-philae\/","og_site_name":"Landious Travel","article_publisher":"https:\/\/web.facebook.com\/landiousEgypt","article_modified_time":"2019-05-27T12:51:54+00:00","twitter_card":"summary_large_image","twitter_site":"@LandiousTours","twitter_misc":{"Tiempo de lectura":"4 minutos"},"schema":{"@context":"https:\/\/schema.org","@graph":[{"@type":"WebPage","@id":"https:\/\/landioustravel.com\/es\/egipto\/templos-egipcios\/templos-philae\/","url":"https:\/\/landioustravel.com\/es\/egipto\/templos-egipcios\/templos-philae\/","name":"Los templos de philae","isPartOf":{"@id":"https:\/\/landioustravel.com\/es\/#website"},"datePublished":"2019-05-27T12:51:52+00:00","dateModified":"2019-05-27T12:51:54+00:00","description":"Este incre\u00edble complejo de templos se encuentra en una de las islas del r\u00edo Nilo. Su lugar original estaba en la isla de Philae en Aswan. Despu\u00e9s de construir la presa alta en Asu\u00e1n, era necesario mover este complejo a la siguiente isla, Agilika. Con la ayuda de la UNESCO, se reconstruy\u00f3 en la isla Agilika, que se encuentra a 12 km al sur de la presa alta","breadcrumb":{"@id":"https:\/\/landioustravel.com\/es\/egipto\/templos-egipcios\/templos-philae\/#breadcrumb"},"inLanguage":"es","potentialAction":[{"@type":"ReadAction","target":["https:\/\/landioustravel.com\/es\/egipto\/templos-egipcios\/templos-philae\/"]}]},{"@type":"BreadcrumbList","@id":"https:\/\/landioustravel.com\/es\/egipto\/templos-egipcios\/templos-philae\/#breadcrumb","itemListElement":[{"@type":"ListItem","position":1,"name":"Home","item":"https:\/\/landioustravel.com\/es\/"},{"@type":"ListItem","position":2,"name":"Egipto","item":"https:\/\/landioustravel.com\/es\/egipto\/"},{"@type":"ListItem","position":3,"name":"Templos egipcios","item":"https:\/\/landioustravel.com\/es\/egipto\/templos-egipcios\/"},{"@type":"ListItem","position":4,"name":"Los templos de philae"}]},{"@type":"WebSite","@id":"https:\/\/landioustravel.com\/es\/#website","url":"https:\/\/landioustravel.com\/es\/","name":"Landious Travel","description":"Tours and Excursions in Egypt","publisher":{"@id":"https:\/\/landioustravel.com\/es\/#organization"},"potentialAction":[{"@type":"SearchAction","target":{"@type":"EntryPoint","urlTemplate":"https:\/\/landioustravel.com\/es\/?s={search_term_string}"},"query-input":{"@type":"PropertyValueSpecification","valueRequired":true,"valueName":"search_term_string"}}],"inLanguage":"es"},{"@type":["Organization","Place"],"@id":"https:\/\/landioustravel.com\/es\/#organization","name":"Landious Travel","alternateName":"Landious Travel","url":"https:\/\/landioustravel.com\/es\/","logo":{"@id":"https:\/\/landioustravel.com\/es\/egipto\/templos-egipcios\/templos-philae\/#local-main-organization-logo"},"image":{"@id":"https:\/\/landioustravel.com\/es\/egipto\/templos-egipcios\/templos-philae\/#local-main-organization-logo"},"sameAs":["https:\/\/web.facebook.com\/landiousEgypt","https:\/\/x.com\/LandiousTours","https:\/\/mastodon.social\/@landious"],"legalName":"Landious Travel","telephone":[],"openingHoursSpecification":[{"@type":"OpeningHoursSpecification","dayOfWeek":["Monday","Tuesday","Wednesday","Thursday","Friday","Saturday","Sunday"],"opens":"09:00","closes":"17:00"}]},{"@type":"ImageObject","inLanguage":"es","@id":"https:\/\/landioustravel.com\/es\/egipto\/templos-egipcios\/templos-philae\/#local-main-organization-logo","url":"https:\/\/i0.wp.com\/landioustravel.com\/wp-content\/uploads\/2021\/06\/Landious-T.png?fit=500%2C500&ssl=1","contentUrl":"https:\/\/i0.wp.com\/landioustravel.com\/wp-content\/uploads\/2021\/06\/Landious-T.png?fit=500%2C500&ssl=1","width":500,"height":500,"caption":"Landious Travel"}]}},"uagb_featured_image_src":{"full":false,"thumbnail":false,"medium":false,"medium_large":false,"large":false,"1536x1536":false,"2048x2048":false,"newspack-article-block-landscape-large":false,"newspack-article-block-portrait-large":false,"newspack-article-block-square-large":false,"newspack-article-block-landscape-medium":false,"newspack-article-block-portrait-medium":false,"newspack-article-block-square-medium":false,"newspack-article-block-landscape-intermediate":false,"newspack-article-block-portrait-intermediate":false,"newspack-article-block-square-intermediate":false,"newspack-article-block-landscape-small":false,"newspack-article-block-portrait-small":false,"newspack-article-block-square-small":false,"newspack-article-block-landscape-tiny":false,"newspack-article-block-portrait-tiny":false,"newspack-article-block-square-tiny":false,"newspack-article-block-uncropped":false,"woocommerce_thumbnail":false,"woocommerce_single":false,"woocommerce_gallery_thumbnail":false},"uagb_author_info":{"display_name":"Mofreh Landious","author_link":"https:\/\/landioustravel.com\/es\/author\/landious\/"},"uagb_comment_info":0,"uagb_excerpt":"El antiguo nombre egipcio de Philae era Pilak, del cual se deriv\u00f3 el griego y el lat\u00edn Philae. Durante la era isl\u00e1mica, la gente local lo conoc\u00eda como El-Qasr, el \u00abCastillo\u00bb, o como Geziret Anas el-Wogud, despu\u00e9s del h\u00e9roe de uno de los cuentos en las \u00abNoches \u00e1rabes\u00bb, que rastre\u00f3 a su amada La isla,&hellip;","jetpack_sharing_enabled":true,"jetpack_shortlink":"https:\/\/wp.me\/Par4r5-1k5","jetpack_likes_enabled":true,"amp_enabled":true,"_links":{"self":[{"href":"https:\/\/landioustravel.com\/es\/wp-json\/wp\/v2\/pages\/5089","targetHints":{"allow":["GET"]}}],"collection":[{"href":"https:\/\/landioustravel.com\/es\/wp-json\/wp\/v2\/pages"}],"about":[{"href":"https:\/\/landioustravel.com\/es\/wp-json\/wp\/v2\/types\/page"}],"author":[{"embeddable":true,"href":"https:\/\/landioustravel.com\/es\/wp-json\/wp\/v2\/users\/1"}],"replies":[{"embeddable":true,"href":"https:\/\/landioustravel.com\/es\/wp-json\/wp\/v2\/comments?post=5089"}],"version-history":[{"count":0,"href":"https:\/\/landioustravel.com\/es\/wp-json\/wp\/v2\/pages\/5089\/revisions"}],"up":[{"embeddable":true,"href":"https:\/\/landioustravel.com\/es\/wp-json\/wp\/v2\/pages\/3135"}],"wp:attachment":[{"href":"https:\/\/landioustravel.com\/es\/wp-json\/wp\/v2\/media?parent=5089"}],"curies":[{"name":"wp","href":"https:\/\/api.w.org\/{rel}","templated":true}]}}